{"id":1468961,"date":"2025-11-11T16:16:27","date_gmt":"2025-11-11T16:16:27","guid":{"rendered":"https:\/\/talkpal.ai\/birmos-gramatika\/"},"modified":"2025-12-30T15:18:38","modified_gmt":"2025-12-30T15:18:38","slug":"birmos-gramatika","status":"publish","type":"page","link":"https:\/\/talkpal.ai\/lt\/birmos-gramatika\/","title":{"rendered":"Birmos gramatika"},"content":{"rendered":"\r\n\r\n\r\n<section class=\"languageChallengeSection\">\r\n    <div class=\"languageInfoWrapper\">\r\n        \r\n        <h1>Birmos gramatika<\/h1>\r\n        <p><a href=\"https:\/\/talkpal.ai\/learn-burmese\/\">Birmos<\/a> <a href=\"https:\/\/talkpal.ai\/sq\/gramatika\/\">gramatika<\/a> i\u0161 prad\u017ei\u0173 gali atrodyti sud\u0117tinga, ta\u010diau d\u0117l unikali\u0173 savybi\u0173 <a href=\"https:\/\/talkpal.ai\/lt\/kaip-ismokti-kalba-per-talkpal-chat\/\">kalbos mokymasis<\/a> yra naudinga patirtis. Tyrin\u0117dami jos ab\u0117c\u0117l\u0119, mutacijas ir gramatikos taisykles, susipa\u017einsite su turtinga lingvistine tradicija. Prad\u0117kite savo kelion\u0119 ir atraskite Birmos gro\u017e\u012f!<\/p>\r\n\r\n                            <a class=\"getStartedHidden\" href=\"https:\/\/app.talkpal.ai\/lt\/signup?lng=\">Prad\u0117k<\/a>\r\n        \r\n    <\/div>\r\n\r\n    <figure>\r\n    <img decoding=\"async\" width=\"768\" height=\"768\" src=\"https:\/\/talkpal.ai\/wp-content\/uploads\/2023\/06\/welsh-768x768.png\" class=\"languageImage no-lazy\" alt=\"Language learning for better cognitive abilities\" fetchpriority=\"high\" sizes=\"(max-width: 768px) 150px, 768px\" srcset=\"https:\/\/talkpal.ai\/wp-content\/uploads\/2023\/06\/welsh-768x768.png 768w, https:\/\/talkpal.ai\/wp-content\/uploads\/2023\/06\/welsh-300x300.png 300w\" \/>\r\n    \r\n\r\n    <\/figure>\r\n\r\n            <a class=\"getStartedVisible\" href=\"https:\/\/app.talkpal.ai\/lt\/signup?lng=\">Prad\u0117k<\/a>\r\n    \r\n<\/section><section class=\"promotionalBanner\">\r\n    <p class=\"promotionalText\">Efektyviausias b\u016bdas mokytis <a href=\"https:\/\/talkpal.ai\/what-language-is-spoken-on-the-international-space-station\/\">kalbos<\/a><\/p>\r\n    <a class=\"promotionalLink\" href=\"https:\/\/app.talkpal.ai\/lt\/signup?lng=\">I\u0161bandykite Talkpal &#8221; nemokamai<\/a>\r\n<\/section>\n<div class=\"wp-block-group pageContainerStyle\"><div class=\"wp-block-group__inner-container is-layout-constrained wp-block-group-is-layout-constrained\">\n<h2 class=\"wp-block-heading\" id=\"h-navigating-the-intricacies-of-burmese-grammar\">Nar\u0161ymas Birmos gramatikos subtilyb\u0117se<\/h2>\n\n\n\n<p><a href=\"https:\/\/talkpal.ai\/lt\/mokytis-birmieciu-kalbos\/\">Birmos<\/a>, tibeto-birman\u0173 kalba, turinti turting\u0105 istorij\u0105 ir kult\u016brin\u0119 reik\u0161m\u0119, si\u016blo \u012fdomi\u0105 kalbin\u0119 patirt\u012f tiems, kurie nori i\u0161tirti unikali\u0105 gramatikos sistem\u0105. Keliaudami \u012f Birmos karalyst\u0119 ne tik praturtinsite savo kalbin\u012f repertuar\u0105, bet ir leisit\u0117s \u012f \u012fsp\u016bding\u0105 kult\u016brin\u0119 kelion\u0119. Nors Birmos gramatika i\u0161 prad\u017ei\u0173 gali atrodyti nepa\u017e\u012fstama, suskaid\u017eius j\u0105 \u012f pagrindinius komponentus, kalbos mokymasis <a href=\"https:\/\/talkpal.ai\/locations\/language-courses-in-tampa\/\">tampa<\/a> prieinamesnis. \u0160iame straipsnyje i\u0161nagrin\u0117sime patraukl\u0173 Birmos gramatikos pasaul\u012f ir pateiksime patarim\u0173, kaip \u012fvaldyti jo sud\u0117tingum\u0105.<\/p>\n\n\n\n<h3 class=\"wp-block-heading\" id=\"h-1-welsh-alphabet-and-phonetics\">1. Val\u0173 ab\u0117c\u0117l\u0117 ir fonetika<\/h3>\n\n\n\n<p>Birmos ra\u0161to sistema yra abugida, kurioje naudojamos 33 priebalsi\u0173 raid\u0117s ir balsi\u0173 diakritiniai \u017eenklai, taip pat skiriamieji medialiniai, tokie kaip \u103b,\u103c,\u103d,\u103e. Tonas ir skiemen\u0173 tipas \u017eymimi tokiais \u017eenklais kaip \u1037, \u1038 ir \u103a. Norint i\u0161mokti <a href=\"https:\/\/talkpal.ai\/lt\/mokytis-birmieciu-kalbos\/\">birmie\u010di\u0173 kalbos<\/a> gramatikos, labai svarbu susipa\u017einti su \u0161iuo ra\u0161tu praktikuojant skaitym\u0105 ir ra\u0161ym\u0105 birmie\u010di\u0173 kalba ir atid\u017eiai atkreipiant d\u0117mes\u012f \u012f ton\u0105 ir ritm\u0105.<\/p>\n\n\n\n<h3 class=\"wp-block-heading\" id=\"h-2-particles-a-distinctive-burmese-feature\">2. Dalel\u0117s: i\u0161skirtinis Birmos bruo\u017eas<\/h3>\n\n\n\n<p>Vienas ry\u0161kiausi\u0173 birmie\u010di\u0173 gramatikos aspekt\u0173 yra platus daleli\u0173, \u017eymin\u010di\u0173 laik\u0105, aspekt\u0105, nuotaik\u0105, mandagum\u0105 ir atvej\u0173 santykius, naudojimas. \u012eprastos sakinio galutin\u0117s dalel\u0117s yra \u1010\u101a\u103a, \u1015\u102b, \u1019\u101a\u103a ir \u101b\u1032\u1037, o gramatin\u0117s dalel\u0117s, tokios kaip \u1000\u102d\u102f, \u1000, \u1019\u103e\u102c, \u1006\u102e, \u1014\u1032\u1037, nurodo tokius vaidmenis kaip objektas, agentas, vieta, tikslas ir instrumentas. Norint tiksliai bendrauti birmie\u010di\u0173 kalba, labai svarbu suprasti, kada ir kaip \u0161ios dalel\u0117s naudojamos.<\/p>\n\n\n\n<h3 class=\"wp-block-heading\" id=\"h-3-nouns-and-pronouns-gender-and-cases\">3. Daiktavard\u017eiai ir \u012fvard\u017eiai: lytis ir atvejai<\/h3>\n\n\n\n<p>Birmos daiktavard\u017eiai neturi gramatin\u0117s gimin\u0117s, o daugiskaita da\u017enai \u017eymima \u1010\u103d\u1031, <a href=\"https:\/\/talkpal.ai\/locations\/language-courses-in-kai\/\">kai<\/a> reikia. Atvejo ry\u0161iai i\u0161rei\u0161kiami postpozicin\u0117mis dalel\u0117mis, o ne linksniu, pvz., \u1000\u102d\u102f tiesioginiams objektams, \u1000 arba \u1019\u103e agentams ar \u0161altiniams, \u1019\u103e\u102c arba \u1010\u103d\u1004\u103a vietoms ir \u1006\u102e gav\u0117jams. \u012evard\u017eiai birmie\u010di\u0173 kalba skiriasi priklausomai nuo asmens, skai\u010diaus ir mandagumo lygio, \u012fskaitant tokias formas kaip \u1000\u103b\u103d\u1014\u103a\u1010\u1031\u102c\u103a arba \u1000\u103b\u103d\u1014\u103a\u1019 a\u0161, \u101e\u1004\u103a arba \u101b\u103e\u1004\u103a tau ir \u101e\u1030 jam ar jai. Susipa\u017ein\u0119 su \u0161iais \u012fvard\u017eiais, mandagiais j\u0173 variantais ir daleli\u0173 deriniais, \u017eymiai pagerinsite Birmos gramatikos supratim\u0105.<\/p>\n\n\n\n<h3 class=\"wp-block-heading\" id=\"h-4-verbs-structure-and-conjugation\">4. Veiksma\u017eod\u017eiai: strukt\u016bra ir konjugacija<\/h3>\n\n\n\n<p>Birmos veiksma\u017eod\u017eiai nekonjuguoja asmeniui ar skai\u010diui. Vietoj to, laikas, aspektas ir nuotaika i\u0161rei\u0161kiami dalel\u0117mis ir pagalbiniais elementais. Pagrindiniai modeliai apima ne praeities teiginius su \u1010\u101a\u103a, tobulinam\u0105j\u012f arba b\u016bsenos pasikeitim\u0105 su \u1015\u103c\u102e, ateit\u012f ar ketinim\u0105 su \u1019\u101a\u103a arba \u101c\u102d\u1019\u1037\u103a\u1019\u101a\u103a ir patirtin\u012f aspekt\u0105 su \u1016\u1030\u1038. <a href=\"https:\/\/talkpal.ai\/lt\/grammar\/vokieciu-kalbos-gramatikos-neigimas\/\">Neigimas<\/a> paprastai naudoja \u1019 + veiksma\u017eod\u012f + \u1018\u1030\u1038 arba \u1019 + veiksma\u017eod\u012f + \u101e\u1031\u1038, o imperatyvo ar pra\u0161ymo formose da\u017enai naudojamos tokios dalel\u0117s kaip \u1015\u102b arba \u1014\u1031\u102c\u103a. I\u0161mok\u0119 \u0161iuos dalel\u0117mis pagr\u012fstus modelius, pagerinsite savo geb\u0117jim\u0105 efektyviai bendrauti birmie\u010di\u0173 kalba.<\/p>\n\n\n\n<h3 class=\"wp-block-heading\" id=\"h-5-adjectives-agreement-and-placement\">5. B\u016bdvard\u017eiai: susitarimas ir vieta<\/h3>\n\n\n\n<p>Susitarimas ir i\u0161d\u0117stymas Birmos gramatikoje b\u016bdvard\u017eiai paprastai eina po daiktavard\u017eio paprastuose daiktavard\u017ei\u0173 ir b\u016bdvard\u017ei\u0173 junginiuose ir n\u0117ra susitarimo d\u0117l skai\u010diaus ar lyties. B\u016bdvardiniai sakiniai da\u017enai eina prie\u0161 daiktavard\u012f, naudojant tokius \u017eymenis kaip \u1010\u1032\u1037 \u0161nekamojoje birmie\u010di\u0173 kalboje arba \u1021&#8230; \u101e\u1031\u102c oficialiu stiliumi. Lyginamosios ir superlatyviosios reik\u0161m\u0117s paprastai formuojamos su \u1015\u102d\u102f ir \u1011\u1000\u103a palyginimams ir \u1021&#8230; \u1006\u102f\u1036\u1038 superlatyvai.<\/p>\n\n\n\n<p><strong>Pavyzd\u017eiai:<\/strong><\/p>\n\n\n\n<p><strong>\u2013 \u1021\u1001\u103b\u1005\u103a\u1000\u103c\u102e\u1038 (didel\u0117 meil\u0117)<\/strong><\/p>\n\n\n\n<p><strong>\u2013 \u1000\u101c\u1031\u1038\u1004\u101a\u103a\u1010\u103d\u1031 (ma\u017ei vaikai)<\/strong><\/p>\n\n\n\n<h3 class=\"wp-block-heading\" id=\"h-6-engaging-with-the-language\">6. \u012esitraukimas \u012f kalb\u0105<\/h3>\n\n\n\n<p>Veiksmingiausias b\u016bdas visi\u0161kai suprasti ir \u012fsisavinti birmie\u010di\u0173 gramatik\u0105 yra nuoseklus \u012fsitraukimas \u012f kalb\u0105. Skaitydami Birmos literat\u016br\u0105, \u017ei\u016br\u0117dami Birmos filmus ar televizijos serialus ir aktyviai bendraudami su gimtakalbiais, sustiprinsite savo supratim\u0105 apie gramatik\u0105 ir prapl\u0117site \u017eodyn\u0105.<\/p>\n\n\n\n<h3 class=\"wp-block-heading\" id=\"h-conclusion\">I\u0161vada<\/h3>\n\n\n\n<p>Nors Birmos gramatika gali atrodyti sud\u0117tinga, galite \u012fgyti \u0161ios gra\u017eios kalbos \u012fg\u016bd\u017eius su atsidavimu, praktika ir entuziazmu. Sutelkdami d\u0117mes\u012f \u012f pagrindines taisykles ir bendraudami su kalba \u012fvairiuose kontekstuose, greitai pagerinsite savo birmie\u010di\u0173 kalbos <a href=\"https:\/\/talkpal.ai\/lt\/gramatika\/\">gramatikos \u012fg\u016bd\u017eius<\/a>. \u1000\u1036\u1000\u1031\u102c\u1004\u103a\u1038\u1015\u102b\u1005\u1031 (s\u0117km\u0117s) savo kelion\u0117je birmie\u010di\u0173 kalba ir m\u0117gaukit\u0117s m\u012fslingu, bet \u017eavingu birmie\u010di\u0173 kalbos gramatikos pasauliu!<\/p>\n<\/div><\/div>\n\r\n<section class=\"learnNavigationSection\">\r\n            \r\n        <a href=\"https:\/\/talkpal.ai\/lt\/mokytis-birmieciu-kalbos\/\">\r\n            <div class=\"learnNavigationWrapper\">\r\n                <div class=\"learnNavigationContent\">\r\n                    <img decoding=\"async\" src=\"https:\/\/talkpal.ai\/wp-content\/uploads\/2025\/11\/Myanmar.png\" alt=\"Myanmar Flag\">\r\n                    <div>\r\n                        <h4>Apie Birmos mokym\u0105si<\/h4>\r\n                        <p>Su\u017einokite visk\u0105 apie Birmos gramatik\u0105.<\/p>\r\n                    <\/div>\r\n                <\/div>\r\n            <\/div>\r\n        <\/a>\r\n\r\n        \r\n        <a href=\"https:\/\/talkpal.ai\/lt\/birmos-gramatikos-pratimai\/\">\r\n            <div class=\"learnNavigationWrapper\">\r\n                <div class=\"learnNavigationContent\">\r\n                    <img decoding=\"async\" src=\"https:\/\/talkpal.ai\/wp-content\/uploads\/2025\/11\/Myanmar.png\" alt=\"Myanmar Flag\">\r\n                    <div>\r\n                        <h4>Birmos gramatikos pratimas<\/h4>\r\n                        <p>Praktikuokite birmie\u010di\u0173 gramatik\u0105.<\/p>\r\n                    <\/div>\r\n                <\/div>\r\n            <\/div>\r\n        <\/a>\r\n\r\n            <\/section>","protected":false},"excerpt":{"rendered":"<p>Nar\u0161ymas Birmos gramatikos subtilyb\u0117se Birmos, tibeto-birman\u0173 kalba, turinti turting\u0105 istorij\u0105 ir kult\u016brin\u0119 reik\u0161m\u0119, si\u016blo \u012fdomi\u0105 kalbin\u0119 patirt\u012f tiems, kurie nori i\u0161tirti unikali\u0105 gramatikos sistem\u0105. Keliaudami \u012f Birmos karalyst\u0119 ne tik praturtinsite savo kalbin\u012f repertuar\u0105, bet ir leisit\u0117s \u012f \u012fsp\u016bding\u0105 kult\u016brin\u0119 kelion\u0119. Nors Birmos gramatika i\u0161 prad\u017ei\u0173 gali atrodyti nepa\u017e\u012fstama, suskaid\u017eius j\u0105 \u012f pagrindinius komponentus, kalbos [&hellip;]<\/p>\n","protected":false},"author":20,"featured_media":0,"parent":0,"menu_order":0,"comment_status":"closed","ping_status":"closed","template":"LearningContentPage.php","meta":{"_acf_changed":false,"footnotes":""},"class_list":["post-1468961","page","type-page","status-publish","hentry"],"acf":[],"yoast_head":"<!-- This site is optimized with the Yoast SEO Premium plugin v27.2 (Yoast SEO v27.2) - https:\/\/yoast.com\/product\/yoast-seo-premium-wordpress\/ -->\n<title>Birmos gramatika - Talkpal<\/title>\n<meta name=\"description\" content=\"\u012evaldykite birmie\u010di\u0173 kalbos gramatikos taisykles ir sakini\u0173 strukt\u016bras, kad geriau i\u0161moktum\u0117te skland\u017eiai d\u0117styti m\u016bs\u0173 i\u0161sam\u0173 kalbos mokymosi vadov\u0105.\" \/>\n<meta name=\"robots\" content=\"index, follow, max-snippet:-1, max-image-preview:large, max-video-preview:-1\" \/>\n<link rel=\"canonical\" href=\"https:\/\/talkpal.ai\/lt\/birmos-gramatika\/\" \/>\n<meta property=\"og:locale\" content=\"lt_LT\" \/>\n<meta property=\"og:type\" content=\"article\" \/>\n<meta property=\"og:title\" content=\"Birmos gramatika\" \/>\n<meta property=\"og:description\" content=\"Nar\u0161ymas Birmos gramatikos subtilyb\u0117se Birmos, tibeto-birman\u0173 kalba, turinti turting\u0105 istorij\u0105 ir kult\u016brin\u0119 reik\u0161m\u0119, si\u016blo \u012fdomi\u0105 kalbin\u0119 patirt\u012f tiems,\" \/>\n<meta property=\"og:url\" content=\"https:\/\/talkpal.ai\/lt\/birmos-gramatika\/\" \/>\n<meta property=\"og:site_name\" content=\"Talkpal\" \/>\n<meta property=\"article:publisher\" content=\"https:\/\/www.facebook.com\/profile.php?id=100090733639311\" \/>\n<meta property=\"article:modified_time\" content=\"2025-12-30T15:18:38+00:00\" \/>\n<meta property=\"og:image\" content=\"https:\/\/talkpal.ai\/wp-content\/uploads\/2025\/02\/Progress-tab-16_9.png\" \/>\n\t<meta property=\"og:image:width\" content=\"2880\" \/>\n\t<meta property=\"og:image:height\" content=\"1620\" \/>\n\t<meta property=\"og:image:type\" content=\"image\/png\" \/>\n<meta name=\"twitter:card\" content=\"summary_large_image\" \/>\n<meta name=\"twitter:site\" content=\"@talkpalai\" \/>\n<meta name=\"twitter:label1\" content=\"Est. reading time\" \/>\n\t<meta name=\"twitter:data1\" content=\"3 minut\u0117s\" \/>\n<script type=\"application\/ld+json\" class=\"yoast-schema-graph\">{\"@context\":\"https:\/\/schema.org\",\"@graph\":[{\"@type\":\"WebPage\",\"@id\":\"https:\/\/talkpal.ai\/lt\/birmos-gramatika\/\",\"url\":\"https:\/\/talkpal.ai\/lt\/birmos-gramatika\/\",\"name\":\"Birmos gramatika - Talkpal\",\"isPartOf\":{\"@id\":\"https:\/\/talkpal.ai\/lt\/#website\"},\"datePublished\":\"2025-11-11T16:16:27+00:00\",\"dateModified\":\"2025-12-30T15:18:38+00:00\",\"description\":\"\u012evaldykite birmie\u010di\u0173 kalbos gramatikos taisykles ir sakini\u0173 strukt\u016bras, kad geriau i\u0161moktum\u0117te skland\u017eiai d\u0117styti m\u016bs\u0173 i\u0161sam\u0173 kalbos mokymosi vadov\u0105.\",\"breadcrumb\":{\"@id\":\"https:\/\/talkpal.ai\/lt\/birmos-gramatika\/#breadcrumb\"},\"inLanguage\":\"lt-LT\",\"potentialAction\":[{\"@type\":\"ReadAction\",\"target\":[\"https:\/\/talkpal.ai\/lt\/birmos-gramatika\/\"]}]},{\"@type\":\"BreadcrumbList\",\"@id\":\"https:\/\/talkpal.ai\/lt\/birmos-gramatika\/#breadcrumb\",\"itemListElement\":[{\"@type\":\"ListItem\",\"position\":1,\"name\":\"Homepage\",\"item\":\"https:\/\/talkpal.ai\/lt\/\"},{\"@type\":\"ListItem\",\"position\":2,\"name\":\"Birmos gramatika\"}]},{\"@type\":\"WebSite\",\"@id\":\"https:\/\/talkpal.ai\/lt\/#website\",\"url\":\"https:\/\/talkpal.ai\/lt\/\",\"name\":\"Talkpal\",\"description\":\"AI Language Learning\",\"publisher\":{\"@id\":\"https:\/\/talkpal.ai\/lt\/#organization\"},\"alternateName\":\"Talkpal AI\",\"potentialAction\":[{\"@type\":\"SearchAction\",\"target\":{\"@type\":\"EntryPoint\",\"urlTemplate\":\"https:\/\/talkpal.ai\/lt\/?s={search_term_string}\"},\"query-input\":{\"@type\":\"PropertyValueSpecification\",\"valueRequired\":true,\"valueName\":\"search_term_string\"}}],\"inLanguage\":\"lt-LT\"},{\"@type\":\"Organization\",\"@id\":\"https:\/\/talkpal.ai\/lt\/#organization\",\"name\":\"Talkpal, Inc.\",\"alternateName\":\"Talkpal AI\",\"url\":\"https:\/\/talkpal.ai\/lt\/\",\"logo\":{\"@type\":\"ImageObject\",\"inLanguage\":\"lt-LT\",\"@id\":\"https:\/\/talkpal.ai\/lt\/#\/schema\/logo\/image\/\",\"url\":\"https:\/\/talkpal.ai\/wp-content\/uploads\/2024\/03\/Talkpal-Logo-Icon.png\",\"contentUrl\":\"https:\/\/talkpal.ai\/wp-content\/uploads\/2024\/03\/Talkpal-Logo-Icon.png\",\"width\":2880,\"height\":2880,\"caption\":\"Talkpal, Inc.\"},\"image\":{\"@id\":\"https:\/\/talkpal.ai\/lt\/#\/schema\/logo\/image\/\"},\"sameAs\":[\"https:\/\/www.facebook.com\/profile.php?id=100090733639311\",\"https:\/\/x.com\/talkpalai\",\"https:\/\/www.linkedin.com\/company\/talkpal\/\",\"https:\/\/www.youtube.com\/@TalkPal\/\",\"https:\/\/www.tiktok.com\/@talkpal\",\"https:\/\/www.instagram.com\/talkpal_ai\/\",\"https:\/\/www.crunchbase.com\/organization\/talkpal-9cde\",\"https:\/\/www.g2.com\/products\/talkpal-for-business\/\",\"https:\/\/www.trustpilot.com\/review\/talkpal.ai\",\"https:\/\/www.capterra.com\/p\/10006800\/TalkPal\/\"],\"description\":\"Talkpal is a language learning web and mobile education app, powered by the latest AI technologies, that provides engaging experiences to its customers in many different languages to help them improve their language skills. Users can chat about unlimited amount of topics with the app and use other modes to practice their language learning.\",\"email\":\"support@talkpal.ai\",\"legalName\":\"Talkpal, Inc.\",\"foundingDate\":\"2023-04-03\",\"duns\":\"118989042\",\"numberOfEmployees\":{\"@type\":\"QuantitativeValue\",\"minValue\":\"11\",\"maxValue\":\"50\"},\"publishingPrinciples\":\"https:\/\/talkpal.ai\/publishing-principles\/\",\"actionableFeedbackPolicy\":\"https:\/\/talkpal.ai\/actionable-feedback-policy\/\",\"correctionsPolicy\":\"https:\/\/talkpal.ai\/corrections-policy\/\",\"ethicsPolicy\":\"https:\/\/talkpal.ai\/ethics-policy\/\",\"diversityPolicy\":\"https:\/\/talkpal.ai\/diversity-policy\/\",\"diversityStaffingReport\":\"https:\/\/talkpal.ai\/diversity-policy\/\"}]}<\/script>\n<!-- \/ Yoast SEO Premium plugin. -->","yoast_head_json":{"title":"Birmos gramatika - Talkpal","description":"\u012evaldykite birmie\u010di\u0173 kalbos gramatikos taisykles ir sakini\u0173 strukt\u016bras, kad geriau i\u0161moktum\u0117te skland\u017eiai d\u0117styti m\u016bs\u0173 i\u0161sam\u0173 kalbos mokymosi vadov\u0105.","robots":{"index":"index","follow":"follow","max-snippet":"max-snippet:-1","max-image-preview":"max-image-preview:large","max-video-preview":"max-video-preview:-1"},"canonical":"https:\/\/talkpal.ai\/lt\/birmos-gramatika\/","og_locale":"lt_LT","og_type":"article","og_title":"Birmos gramatika","og_description":"Nar\u0161ymas Birmos gramatikos subtilyb\u0117se Birmos, tibeto-birman\u0173 kalba, turinti turting\u0105 istorij\u0105 ir kult\u016brin\u0119 reik\u0161m\u0119, si\u016blo \u012fdomi\u0105 kalbin\u0119 patirt\u012f tiems,","og_url":"https:\/\/talkpal.ai\/lt\/birmos-gramatika\/","og_site_name":"Talkpal","article_publisher":"https:\/\/www.facebook.com\/profile.php?id=100090733639311","article_modified_time":"2025-12-30T15:18:38+00:00","og_image":[{"width":2880,"height":1620,"url":"https:\/\/talkpal.ai\/wp-content\/uploads\/2025\/02\/Progress-tab-16_9.png","type":"image\/png"}],"twitter_card":"summary_large_image","twitter_site":"@talkpalai","twitter_misc":{"Est. reading time":"3 minut\u0117s"},"schema":{"@context":"https:\/\/schema.org","@graph":[{"@type":"WebPage","@id":"https:\/\/talkpal.ai\/lt\/birmos-gramatika\/","url":"https:\/\/talkpal.ai\/lt\/birmos-gramatika\/","name":"Birmos gramatika - Talkpal","isPartOf":{"@id":"https:\/\/talkpal.ai\/lt\/#website"},"datePublished":"2025-11-11T16:16:27+00:00","dateModified":"2025-12-30T15:18:38+00:00","description":"\u012evaldykite birmie\u010di\u0173 kalbos gramatikos taisykles ir sakini\u0173 strukt\u016bras, kad geriau i\u0161moktum\u0117te skland\u017eiai d\u0117styti m\u016bs\u0173 i\u0161sam\u0173 kalbos mokymosi vadov\u0105.","breadcrumb":{"@id":"https:\/\/talkpal.ai\/lt\/birmos-gramatika\/#breadcrumb"},"inLanguage":"lt-LT","potentialAction":[{"@type":"ReadAction","target":["https:\/\/talkpal.ai\/lt\/birmos-gramatika\/"]}]},{"@type":"BreadcrumbList","@id":"https:\/\/talkpal.ai\/lt\/birmos-gramatika\/#breadcrumb","itemListElement":[{"@type":"ListItem","position":1,"name":"Homepage","item":"https:\/\/talkpal.ai\/lt\/"},{"@type":"ListItem","position":2,"name":"Birmos gramatika"}]},{"@type":"WebSite","@id":"https:\/\/talkpal.ai\/lt\/#website","url":"https:\/\/talkpal.ai\/lt\/","name":"Talkpal","description":"AI Language Learning","publisher":{"@id":"https:\/\/talkpal.ai\/lt\/#organization"},"alternateName":"Talkpal AI","potentialAction":[{"@type":"SearchAction","target":{"@type":"EntryPoint","urlTemplate":"https:\/\/talkpal.ai\/lt\/?s={search_term_string}"},"query-input":{"@type":"PropertyValueSpecification","valueRequired":true,"valueName":"search_term_string"}}],"inLanguage":"lt-LT"},{"@type":"Organization","@id":"https:\/\/talkpal.ai\/lt\/#organization","name":"Talkpal, Inc.","alternateName":"Talkpal AI","url":"https:\/\/talkpal.ai\/lt\/","logo":{"@type":"ImageObject","inLanguage":"lt-LT","@id":"https:\/\/talkpal.ai\/lt\/#\/schema\/logo\/image\/","url":"https:\/\/talkpal.ai\/wp-content\/uploads\/2024\/03\/Talkpal-Logo-Icon.png","contentUrl":"https:\/\/talkpal.ai\/wp-content\/uploads\/2024\/03\/Talkpal-Logo-Icon.png","width":2880,"height":2880,"caption":"Talkpal, Inc."},"image":{"@id":"https:\/\/talkpal.ai\/lt\/#\/schema\/logo\/image\/"},"sameAs":["https:\/\/www.facebook.com\/profile.php?id=100090733639311","https:\/\/x.com\/talkpalai","https:\/\/www.linkedin.com\/company\/talkpal\/","https:\/\/www.youtube.com\/@TalkPal\/","https:\/\/www.tiktok.com\/@talkpal","https:\/\/www.instagram.com\/talkpal_ai\/","https:\/\/www.crunchbase.com\/organization\/talkpal-9cde","https:\/\/www.g2.com\/products\/talkpal-for-business\/","https:\/\/www.trustpilot.com\/review\/talkpal.ai","https:\/\/www.capterra.com\/p\/10006800\/TalkPal\/"],"description":"Talkpal is a language learning web and mobile education app, powered by the latest AI technologies, that provides engaging experiences to its customers in many different languages to help them improve their language skills. Users can chat about unlimited amount of topics with the app and use other modes to practice their language learning.","email":"support@talkpal.ai","legalName":"Talkpal, Inc.","foundingDate":"2023-04-03","duns":"118989042","numberOfEmployees":{"@type":"QuantitativeValue","minValue":"11","maxValue":"50"},"publishingPrinciples":"https:\/\/talkpal.ai\/publishing-principles\/","actionableFeedbackPolicy":"https:\/\/talkpal.ai\/actionable-feedback-policy\/","correctionsPolicy":"https:\/\/talkpal.ai\/corrections-policy\/","ethicsPolicy":"https:\/\/talkpal.ai\/ethics-policy\/","diversityPolicy":"https:\/\/talkpal.ai\/diversity-policy\/","diversityStaffingReport":"https:\/\/talkpal.ai\/diversity-policy\/"}]}},"_links":{"self":[{"href":"https:\/\/talkpal.ai\/lt\/wp-json\/wp\/v2\/pages\/1468961","targetHints":{"allow":["GET"]}}],"collection":[{"href":"https:\/\/talkpal.ai\/lt\/wp-json\/wp\/v2\/pages"}],"about":[{"href":"https:\/\/talkpal.ai\/lt\/wp-json\/wp\/v2\/types\/page"}],"author":[{"embeddable":true,"href":"https:\/\/talkpal.ai\/lt\/wp-json\/wp\/v2\/users\/20"}],"replies":[{"embeddable":true,"href":"https:\/\/talkpal.ai\/lt\/wp-json\/wp\/v2\/comments?post=1468961"}],"version-history":[{"count":0,"href":"https:\/\/talkpal.ai\/lt\/wp-json\/wp\/v2\/pages\/1468961\/revisions"}],"wp:attachment":[{"href":"https:\/\/talkpal.ai\/lt\/wp-json\/wp\/v2\/media?parent=1468961"}],"curies":[{"name":"wp","href":"https:\/\/api.w.org\/{rel}","templated":true}]}}