{"id":1468876,"date":"2025-11-11T15:33:17","date_gmt":"2025-11-11T15:33:17","guid":{"rendered":"https:\/\/talkpal.ai\/basku-gramatika\/"},"modified":"2025-12-30T15:32:42","modified_gmt":"2025-12-30T15:32:42","slug":"basku-gramatika","status":"publish","type":"page","link":"https:\/\/talkpal.ai\/lt\/basku-gramatika\/","title":{"rendered":"Bask\u0173 gramatika"},"content":{"rendered":"\r\n\r\n\r\n<section class=\"languageChallengeSection\">\r\n    <div class=\"languageInfoWrapper\">\r\n        \r\n        <h1>Bask\u0173 gramatika<\/h1>\r\n        <p><a href=\"https:\/\/talkpal.ai\/lt\/mokytis-basku-kalbos\/\">Bask\u0173 kalbos<\/a> gramatika i\u0161 prad\u017ei\u0173 gali atrodyti sud\u0117tinga, ta\u010diau d\u0117l unikali\u0173 savybi\u0173 <a href=\"https:\/\/talkpal.ai\/lt\/kaip-ismokti-kalba-per-talkpal-chat\/\">kalbos mokymasis<\/a> yra naudinga. Tyrin\u0117dami jos ab\u0117c\u0117l\u0119, mutacijas ir gramatikos taisykles, susipa\u017einsite su turtinga lingvistine tradicija. Prad\u0117kite savo kelion\u0119 ir atraskite <a href=\"https:\/\/talkpal.ai\/learn-basque\/\">bask\u0173<\/a> gro\u017e\u012f!<\/p>\r\n\r\n                            <a class=\"getStartedHidden\" href=\"https:\/\/app.talkpal.ai\/lt\/signup?lng=\">Prad\u0117k<\/a>\r\n        \r\n    <\/div>\r\n\r\n    <figure>\r\n    <img decoding=\"async\" width=\"768\" height=\"768\" src=\"https:\/\/talkpal.ai\/wp-content\/uploads\/2023\/06\/welsh-768x768.png\" class=\"languageImage no-lazy\" alt=\"Language learning for better cognitive abilities\" fetchpriority=\"high\" sizes=\"(max-width: 768px) 150px, 768px\" srcset=\"https:\/\/talkpal.ai\/wp-content\/uploads\/2023\/06\/welsh-768x768.png 768w, https:\/\/talkpal.ai\/wp-content\/uploads\/2023\/06\/welsh-300x300.png 300w\" \/>\r\n    \r\n\r\n    <\/figure>\r\n\r\n            <a class=\"getStartedVisible\" href=\"https:\/\/app.talkpal.ai\/lt\/signup?lng=\">Prad\u0117k<\/a>\r\n    \r\n<\/section><section class=\"promotionalBanner\">\r\n    <p class=\"promotionalText\">Efektyviausias b\u016bdas mokytis <a href=\"https:\/\/talkpal.ai\/what-language-is-spoken-on-the-international-space-station\/\">kalbos<\/a><\/p>\r\n    <a class=\"promotionalLink\" href=\"https:\/\/app.talkpal.ai\/lt\/signup?lng=\">I\u0161bandykite Talkpal &#8221; nemokamai<\/a>\r\n<\/section>\n<div class=\"wp-block-group pageContainerStyle\"><div class=\"wp-block-group__inner-container is-layout-constrained wp-block-group-is-layout-constrained\">\n<h2 class=\"wp-block-heading\" id=\"h-navigating-the-intricacies-of-basque-grammar\">Nar\u0161ymas bask\u0173 kalbos gramatikos subtilyb\u0117se<\/h2>\n\n\n\n<p><a href=\"https:\/\/talkpal.ai\/lt\/mokytis-basku-kalbos\/\">Bask\u0173 kalba<\/a>, turting\u0105 istorij\u0105 ir kult\u016brin\u0119 reik\u0161m\u0119 turinti izoliuota kalba, si\u016blo \u012fdomi\u0105 kalbin\u0119 patirt\u012f tiems, kurie nori tyrin\u0117ti unikali\u0105 gramatikos sistem\u0105. Keliaudami \u012f bask\u0173 karalyst\u0119 ne tik praturtinsite savo kalbin\u012f repertuar\u0105, bet ir leisit\u0117s \u012f \u012fsp\u016bding\u0105 kult\u016brin\u0119 kelion\u0119. Nors <a href=\"https:\/\/talkpal.ai\/basque-grammar\/\">bask\u0173 kalbos gramatika<\/a> i\u0161 prad\u017ei\u0173 gali atrodyti sud\u0117tinga, suskaid\u017eius j\u0105 \u012f pagrindinius komponentus, kalbos mokymasis <a href=\"https:\/\/talkpal.ai\/locations\/language-courses-in-tampa\/\">tampa<\/a> prieinamesnis. \u0160iame straipsnyje i\u0161nagrin\u0117sime patraukl\u0173 bask\u0173 gramatikos pasaul\u012f ir pateiksime patarim\u0173, kaip \u012fvaldyti jo sud\u0117tingum\u0105.<\/p>\n\n\n\n<h3 class=\"wp-block-heading\" id=\"h-1-basque-alphabet-and-phonetics\">1. Bask\u0173 ab\u0117c\u0117l\u0117 ir fonetika<\/h3>\n\n\n\n<p>Bask\u0173 ab\u0117c\u0117l\u0119 standartin\u0117je bask\u0173 kalboje sudaro 27 raid\u0117s. Skiriamieji bruo\u017eai yra digrafai &#8222;tx&#8221;, &#8222;tz&#8221; ir &#8222;ts&#8221;, kurie rei\u0161kia unikalius garsus, raid\u0117 &#8222;x&#8221;, tariama kaip angli\u0161ka &#8222;sh&#8221;, ir kontrastas tarp vieno &#8222;r&#8221; ir dvigubo &#8222;rr&#8221;. <a href=\"https:\/\/talkpal.ai\/locations\/language-courses-in-kai\/\">Kai<\/a> kurios raid\u0117s, tokios kaip &#8222;c&#8221;, &#8222;q&#8221;, &#8222;v&#8221;, &#8222;w&#8221; ir &#8222;y&#8221;, da\u017eniausiai pasitaiko skoliniuose. Norint i\u0161mokti bask\u0173 kalbos gramatikos, labai svarbu susipa\u017einti su \u0161ia ra\u0161ymo sistema praktikuojant skaitym\u0105 ir ra\u0161ym\u0105 bask\u0173 kalba.<\/p>\n\n\n\n<h3 class=\"wp-block-heading\" id=\"h-2-case-suffixes-and-ergativity-a-core-basque-feature\">2. Did\u017ei\u0173j\u0173 ir ma\u017e\u0173j\u0173 raid\u017ei\u0173 priesagos ir ergatyvumas: pagrindinis bask\u0173 po\u017eymis<\/h3>\n\n\n\n<p>Vienas ry\u0161kiausi\u0173 bask\u0173 kalbos gramatikos aspekt\u0173 yra jos ergatyvinis-absoliutus derinimas ir turtinga did\u017ei\u0173j\u0173 ir ma\u017e\u0173j\u0173 raid\u017ei\u0173 priesag\u0173 sistema. Daiktavard\u017eiai ir pilnos daiktavard\u017ei\u0173 fraz\u0117s turi gal\u016bnes, \u017eymin\u010dias j\u0173 vaidmen\u012f sakinyje, pvz., absoliutus (da\u017enai nulis arba -a\/-ak su apibr\u0117\u017etuoju straipsniu), ergatyvas (-k arba -ek), datyvas (-ri arba -ei), genityvas (-ren), inessyvas (-n), aliatyvinis (-ra), abliacinis (-tik), instrumentinis (-z) ir komitatyvinis (-ekin). Norint tiksliai bendrauti bask\u0173 kalba, labai svarbu suprasti, kada ir kaip \u0161ios gal\u016bn\u0117s vartojamos, ir kad jos pridedamos prie paskutinio daiktavard\u017eio fraz\u0117s \u017eod\u017eio.<\/p>\n\n\n\n<h3 class=\"wp-block-heading\" id=\"h-3-nouns-and-pronouns-gender-and-cases\">3. Daiktavard\u017eiai ir \u012fvard\u017eiai: lytis ir atvejai<\/h3>\n\n\n\n<p>Bask\u0173 kalbos daiktavard\u017eiai neturi gramatin\u0117s lyties, o tai supaprastina susitarim\u0105, ta\u010diau jie s\u0105veikauja su pla\u010dia atvej\u0173 sistema ir apibr\u0117\u017etumu. Skai\u010dius ir apibr\u0117\u017etumas paprastai i\u0161rei\u0161kiami straipsnio priesagomis -a (apibr\u0117\u017eta vienaskaita) ir -ak (apibr\u0117\u017eta daugiskaita arba ergatyvin\u0117 vienaskaita). Bask\u0173 kalbos \u012fvard\u017eiai yra asmeniniai (ni, hi, zu, zuek, gu, bera, haiek), savininkiniai (nire, zure, bere, gure, zuen, haien), refleksyvieji (bere burua), demonstraciniai (hau, hori, hura) ir klausiamieji (nor, zer, zein) \u012fvard\u017eiai. Susipa\u017ein\u0119 su \u0161iais \u012fvard\u017eiais ir j\u0173 formomis \u012fvairiose bylose, \u017eymiai pagerinsite bask\u0173 kalbos gramatikos supratim\u0105.<\/p>\n\n\n\n<h3 class=\"wp-block-heading\" id=\"h-4-verbs-structure-and-conjugation\">4. Veiksma\u017eod\u017eiai: strukt\u016bra ir konjugacija<\/h3>\n\n\n\n<p>Bask\u0173 kalbos veiksma\u017eod\u017eiai labai remiasi pagalbiniais \u017eod\u017eiais ir rodo sutikim\u0105 su subjektu, da\u017enai su tiesioginiais ir netiesioginiais objektais. Daugelis laik\u0173 yra perifrastiniai, sudaryti i\u0161 dalyvi\u0173 ir pagalbini\u0173 izan ir edun, o ribotas veiksma\u017eod\u017ei\u0173 rinkinys taip pat turi sintetines formas. Esminiai laikai bask\u0173 kalboje yra dabartis, praeitis ir ateitis, su papildomais elementais, tokiais kaip s\u0105lygin\u0117s ir imperatyvios nuotaikos. Su\u017einoj\u0119, kaip veikia pagalbin\u0117 atranka, kartu su pagrindiniais konjugacijos modeliais, pagerinsite j\u016bs\u0173 geb\u0117jim\u0105 efektyviai bendrauti bask\u0173 kalba.<\/p>\n\n\n\n<h3 class=\"wp-block-heading\" id=\"h-5-adjectives-agreement-and-placement\">5. B\u016bdvard\u017eiai: susitarimas ir vieta<\/h3>\n\n\n\n<p>Bask\u0173 kalbos gramatikoje b\u016bdvard\u017eiai paprastai eina po daiktavard\u017eio, kur\u012f jie modifikuoja. Patys b\u016bdvard\u017eiai nesikei\u010dia pagal skai\u010di\u0173 ar lyt\u012f, ta\u010diau visos daiktavard\u017eio fraz\u0117s determinatorius ir atvejo priesaga atsiranda paskutiniame elemente, da\u017enai b\u016bdvardyje. Lyginamieji ir superlatyvai da\u017eniausiai formuojami su -ago ir -en arba -ena, kurie yra b\u016btini norint i\u0161mokti bendrauti nat\u016braliau.<\/p>\n\n\n\n<p><strong>Pavyzd\u017eiai:<\/strong><\/p>\n\n\n\n<p><strong>\u2013 Ume Txikiak (ma\u017ei vaikai)<\/strong><\/p>\n\n\n\n<p><strong>\u2013 Maitasun Handi (Did\u017eioji meil\u0117)<\/strong><\/p>\n\n\n\n<h3 class=\"wp-block-heading\" id=\"h-6-engaging-with-the-language\">6. \u012esitraukimas \u012f kalb\u0105<\/h3>\n\n\n\n<p>Veiksmingiausias b\u016bdas visi\u0161kai suprasti ir \u012fsisavinti bask\u0173 kalbos gramatik\u0105 yra nuoseklus bendravimas su kalba. Skaitydami bask\u0173 literat\u016br\u0105, \u017ei\u016br\u0117dami bask\u0173 filmus ar televizijos serialus, klausydamiesi bask\u0173 radijo ir aktyviai bendraudami su gimtakalbiais, sustiprinsite gramatikos supratim\u0105 ir prapl\u0117site \u017eodyn\u0105.<\/p>\n\n\n\n<h3 class=\"wp-block-heading\" id=\"h-conclusion\">I\u0161vada<\/h3>\n\n\n\n<p>Nors bask\u0173 gramatika gali atrodyti sud\u0117tinga, \u0161i\u0105 gra\u017ei\u0105 kalb\u0105 galite \u012fgyti su atsidavimu, praktika ir entuziazmu. Sutelkdami d\u0117mes\u012f \u012f pagrindines taisykles ir bendraudami su kalba \u012fvairiuose kontekstuose, greitai pagerinsite savo bask\u0173 kalbos <a href=\"https:\/\/talkpal.ai\/lt\/gramatika\/\">gramatikos \u012fg\u016bd\u017eius<\/a>. Zorte (s\u0117km\u0117s) savo bask\u0173 kalbos kelion\u0117je ir m\u0117gaukit\u0117s m\u012fslingu, bet \u017eavingu bask\u0173 gramatikos pasauliu!<\/p>\n<\/div><\/div>\n\r\n<section class=\"learnNavigationSection\">\r\n            \r\n        <a href=\"https:\/\/talkpal.ai\/lt\/mokytis-basku-kalbos\/\">\r\n            <div class=\"learnNavigationWrapper\">\r\n                <div class=\"learnNavigationContent\">\r\n                    <img decoding=\"async\" src=\"https:\/\/talkpal.ai\/wp-content\/uploads\/2025\/11\/Basque.png\" alt=\"Basque Flag\">\r\n                    <div>\r\n                        <h4>Apie bask\u0173 kalbos mokym\u0105si<\/h4>\r\n                        <p>Su\u017einokite visk\u0105 apie bask\u0173 kalbos gramatik\u0105.<\/p>\r\n                    <\/div>\r\n                <\/div>\r\n            <\/div>\r\n        <\/a>\r\n\r\n        \r\n        <a href=\"https:\/\/talkpal.ai\/lt\/basku-kalbos-gramatikos-pratimai\/\">\r\n            <div class=\"learnNavigationWrapper\">\r\n                <div class=\"learnNavigationContent\">\r\n                    <img decoding=\"async\" src=\"https:\/\/talkpal.ai\/wp-content\/uploads\/2025\/11\/Basque.png\" alt=\"Basque Flag\">\r\n                    <div>\r\n                        <h4>Bask\u0173 kalbos gramatikos pratimas<\/h4>\r\n                        <p>Praktikuokite bask\u0173 kalbos gramatik\u0105.<\/p>\r\n                    <\/div>\r\n                <\/div>\r\n            <\/div>\r\n        <\/a>\r\n\r\n            <\/section>\n<p><\/p>\n","protected":false},"excerpt":{"rendered":"<p>Nar\u0161ymas bask\u0173 kalbos gramatikos subtilyb\u0117se Bask\u0173 kalba, turting\u0105 istorij\u0105 ir kult\u016brin\u0119 reik\u0161m\u0119 turinti izoliuota kalba, si\u016blo \u012fdomi\u0105 kalbin\u0119 patirt\u012f tiems, kurie nori tyrin\u0117ti unikali\u0105 gramatikos sistem\u0105. Keliaudami \u012f bask\u0173 karalyst\u0119 ne tik praturtinsite savo kalbin\u012f repertuar\u0105, bet ir leisit\u0117s \u012f \u012fsp\u016bding\u0105 kult\u016brin\u0119 kelion\u0119. Nors bask\u0173 kalbos gramatika i\u0161 prad\u017ei\u0173 gali atrodyti sud\u0117tinga, suskaid\u017eius j\u0105 \u012f [&hellip;]<\/p>\n","protected":false},"author":20,"featured_media":0,"parent":0,"menu_order":0,"comment_status":"closed","ping_status":"closed","template":"LearningContentPage.php","meta":{"_acf_changed":false,"footnotes":""},"class_list":["post-1468876","page","type-page","status-publish","hentry"],"acf":[],"yoast_head":"<!-- This site is optimized with the Yoast SEO Premium plugin v27.2 (Yoast SEO v27.2) - https:\/\/yoast.com\/product\/yoast-seo-premium-wordpress\/ -->\n<title>Bask\u0173 gramatika - Talkpal<\/title>\n<meta name=\"description\" content=\"I\u0161mokite bask\u0173 kalbos gramatik\u0105 su \u0161iuo vadovu, kuriame apra\u0161oma ab\u0117c\u0117l\u0117, fonetika, gal\u016bn\u0117s ir veiksma\u017eod\u017ei\u0173 jungimo taisykl\u0117s.\" \/>\n<meta name=\"robots\" content=\"index, follow, max-snippet:-1, max-image-preview:large, max-video-preview:-1\" \/>\n<link rel=\"canonical\" href=\"https:\/\/talkpal.ai\/lt\/basku-gramatika\/\" \/>\n<meta property=\"og:locale\" content=\"lt_LT\" \/>\n<meta property=\"og:type\" content=\"article\" \/>\n<meta property=\"og:title\" content=\"Bask\u0173 gramatika\" \/>\n<meta property=\"og:description\" content=\"Nar\u0161ymas bask\u0173 kalbos gramatikos subtilyb\u0117se Bask\u0173 kalba, turting\u0105 istorij\u0105 ir kult\u016brin\u0119 reik\u0161m\u0119 turinti izoliuota kalba, si\u016blo \u012fdomi\u0105 kalbin\u0119 patirt\u012f\" \/>\n<meta property=\"og:url\" content=\"https:\/\/talkpal.ai\/lt\/basku-gramatika\/\" \/>\n<meta property=\"og:site_name\" content=\"Talkpal\" \/>\n<meta property=\"article:publisher\" content=\"https:\/\/www.facebook.com\/profile.php?id=100090733639311\" \/>\n<meta property=\"article:modified_time\" content=\"2025-12-30T15:32:42+00:00\" \/>\n<meta property=\"og:image\" content=\"https:\/\/talkpal.ai\/wp-content\/uploads\/2025\/02\/Progress-tab-16_9.png\" \/>\n\t<meta property=\"og:image:width\" content=\"2880\" \/>\n\t<meta property=\"og:image:height\" content=\"1620\" \/>\n\t<meta property=\"og:image:type\" content=\"image\/png\" \/>\n<meta name=\"twitter:card\" content=\"summary_large_image\" \/>\n<meta name=\"twitter:site\" content=\"@talkpalai\" \/>\n<meta name=\"twitter:label1\" content=\"Est. reading time\" \/>\n\t<meta name=\"twitter:data1\" content=\"3 minut\u0117s\" \/>\n<script type=\"application\/ld+json\" class=\"yoast-schema-graph\">{\"@context\":\"https:\/\/schema.org\",\"@graph\":[{\"@type\":\"WebPage\",\"@id\":\"https:\/\/talkpal.ai\/lt\/basku-gramatika\/\",\"url\":\"https:\/\/talkpal.ai\/lt\/basku-gramatika\/\",\"name\":\"Bask\u0173 gramatika - Talkpal\",\"isPartOf\":{\"@id\":\"https:\/\/talkpal.ai\/lt\/#website\"},\"datePublished\":\"2025-11-11T15:33:17+00:00\",\"dateModified\":\"2025-12-30T15:32:42+00:00\",\"description\":\"I\u0161mokite bask\u0173 kalbos gramatik\u0105 su \u0161iuo vadovu, kuriame apra\u0161oma ab\u0117c\u0117l\u0117, fonetika, gal\u016bn\u0117s ir veiksma\u017eod\u017ei\u0173 jungimo taisykl\u0117s.\",\"breadcrumb\":{\"@id\":\"https:\/\/talkpal.ai\/lt\/basku-gramatika\/#breadcrumb\"},\"inLanguage\":\"lt-LT\",\"potentialAction\":[{\"@type\":\"ReadAction\",\"target\":[\"https:\/\/talkpal.ai\/lt\/basku-gramatika\/\"]}]},{\"@type\":\"BreadcrumbList\",\"@id\":\"https:\/\/talkpal.ai\/lt\/basku-gramatika\/#breadcrumb\",\"itemListElement\":[{\"@type\":\"ListItem\",\"position\":1,\"name\":\"Homepage\",\"item\":\"https:\/\/talkpal.ai\/lt\/\"},{\"@type\":\"ListItem\",\"position\":2,\"name\":\"Bask\u0173 gramatika\"}]},{\"@type\":\"WebSite\",\"@id\":\"https:\/\/talkpal.ai\/lt\/#website\",\"url\":\"https:\/\/talkpal.ai\/lt\/\",\"name\":\"Talkpal\",\"description\":\"AI Language Learning\",\"publisher\":{\"@id\":\"https:\/\/talkpal.ai\/lt\/#organization\"},\"alternateName\":\"Talkpal AI\",\"potentialAction\":[{\"@type\":\"SearchAction\",\"target\":{\"@type\":\"EntryPoint\",\"urlTemplate\":\"https:\/\/talkpal.ai\/lt\/?s={search_term_string}\"},\"query-input\":{\"@type\":\"PropertyValueSpecification\",\"valueRequired\":true,\"valueName\":\"search_term_string\"}}],\"inLanguage\":\"lt-LT\"},{\"@type\":\"Organization\",\"@id\":\"https:\/\/talkpal.ai\/lt\/#organization\",\"name\":\"Talkpal, Inc.\",\"alternateName\":\"Talkpal AI\",\"url\":\"https:\/\/talkpal.ai\/lt\/\",\"logo\":{\"@type\":\"ImageObject\",\"inLanguage\":\"lt-LT\",\"@id\":\"https:\/\/talkpal.ai\/lt\/#\/schema\/logo\/image\/\",\"url\":\"https:\/\/talkpal.ai\/wp-content\/uploads\/2024\/03\/Talkpal-Logo-Icon.png\",\"contentUrl\":\"https:\/\/talkpal.ai\/wp-content\/uploads\/2024\/03\/Talkpal-Logo-Icon.png\",\"width\":2880,\"height\":2880,\"caption\":\"Talkpal, Inc.\"},\"image\":{\"@id\":\"https:\/\/talkpal.ai\/lt\/#\/schema\/logo\/image\/\"},\"sameAs\":[\"https:\/\/www.facebook.com\/profile.php?id=100090733639311\",\"https:\/\/x.com\/talkpalai\",\"https:\/\/www.linkedin.com\/company\/talkpal\/\",\"https:\/\/www.youtube.com\/@TalkPal\/\",\"https:\/\/www.tiktok.com\/@talkpal\",\"https:\/\/www.instagram.com\/talkpal_ai\/\",\"https:\/\/www.crunchbase.com\/organization\/talkpal-9cde\",\"https:\/\/www.g2.com\/products\/talkpal-for-business\/\",\"https:\/\/www.trustpilot.com\/review\/talkpal.ai\",\"https:\/\/www.capterra.com\/p\/10006800\/TalkPal\/\"],\"description\":\"Talkpal is a language learning web and mobile education app, powered by the latest AI technologies, that provides engaging experiences to its customers in many different languages to help them improve their language skills. Users can chat about unlimited amount of topics with the app and use other modes to practice their language learning.\",\"email\":\"support@talkpal.ai\",\"legalName\":\"Talkpal, Inc.\",\"foundingDate\":\"2023-04-03\",\"duns\":\"118989042\",\"numberOfEmployees\":{\"@type\":\"QuantitativeValue\",\"minValue\":\"11\",\"maxValue\":\"50\"},\"publishingPrinciples\":\"https:\/\/talkpal.ai\/publishing-principles\/\",\"actionableFeedbackPolicy\":\"https:\/\/talkpal.ai\/actionable-feedback-policy\/\",\"correctionsPolicy\":\"https:\/\/talkpal.ai\/corrections-policy\/\",\"ethicsPolicy\":\"https:\/\/talkpal.ai\/ethics-policy\/\",\"diversityPolicy\":\"https:\/\/talkpal.ai\/diversity-policy\/\",\"diversityStaffingReport\":\"https:\/\/talkpal.ai\/diversity-policy\/\"}]}<\/script>\n<!-- \/ Yoast SEO Premium plugin. -->","yoast_head_json":{"title":"Bask\u0173 gramatika - Talkpal","description":"I\u0161mokite bask\u0173 kalbos gramatik\u0105 su \u0161iuo vadovu, kuriame apra\u0161oma ab\u0117c\u0117l\u0117, fonetika, gal\u016bn\u0117s ir veiksma\u017eod\u017ei\u0173 jungimo taisykl\u0117s.","robots":{"index":"index","follow":"follow","max-snippet":"max-snippet:-1","max-image-preview":"max-image-preview:large","max-video-preview":"max-video-preview:-1"},"canonical":"https:\/\/talkpal.ai\/lt\/basku-gramatika\/","og_locale":"lt_LT","og_type":"article","og_title":"Bask\u0173 gramatika","og_description":"Nar\u0161ymas bask\u0173 kalbos gramatikos subtilyb\u0117se Bask\u0173 kalba, turting\u0105 istorij\u0105 ir kult\u016brin\u0119 reik\u0161m\u0119 turinti izoliuota kalba, si\u016blo \u012fdomi\u0105 kalbin\u0119 patirt\u012f","og_url":"https:\/\/talkpal.ai\/lt\/basku-gramatika\/","og_site_name":"Talkpal","article_publisher":"https:\/\/www.facebook.com\/profile.php?id=100090733639311","article_modified_time":"2025-12-30T15:32:42+00:00","og_image":[{"width":2880,"height":1620,"url":"https:\/\/talkpal.ai\/wp-content\/uploads\/2025\/02\/Progress-tab-16_9.png","type":"image\/png"}],"twitter_card":"summary_large_image","twitter_site":"@talkpalai","twitter_misc":{"Est. reading time":"3 minut\u0117s"},"schema":{"@context":"https:\/\/schema.org","@graph":[{"@type":"WebPage","@id":"https:\/\/talkpal.ai\/lt\/basku-gramatika\/","url":"https:\/\/talkpal.ai\/lt\/basku-gramatika\/","name":"Bask\u0173 gramatika - Talkpal","isPartOf":{"@id":"https:\/\/talkpal.ai\/lt\/#website"},"datePublished":"2025-11-11T15:33:17+00:00","dateModified":"2025-12-30T15:32:42+00:00","description":"I\u0161mokite bask\u0173 kalbos gramatik\u0105 su \u0161iuo vadovu, kuriame apra\u0161oma ab\u0117c\u0117l\u0117, fonetika, gal\u016bn\u0117s ir veiksma\u017eod\u017ei\u0173 jungimo taisykl\u0117s.","breadcrumb":{"@id":"https:\/\/talkpal.ai\/lt\/basku-gramatika\/#breadcrumb"},"inLanguage":"lt-LT","potentialAction":[{"@type":"ReadAction","target":["https:\/\/talkpal.ai\/lt\/basku-gramatika\/"]}]},{"@type":"BreadcrumbList","@id":"https:\/\/talkpal.ai\/lt\/basku-gramatika\/#breadcrumb","itemListElement":[{"@type":"ListItem","position":1,"name":"Homepage","item":"https:\/\/talkpal.ai\/lt\/"},{"@type":"ListItem","position":2,"name":"Bask\u0173 gramatika"}]},{"@type":"WebSite","@id":"https:\/\/talkpal.ai\/lt\/#website","url":"https:\/\/talkpal.ai\/lt\/","name":"Talkpal","description":"AI Language Learning","publisher":{"@id":"https:\/\/talkpal.ai\/lt\/#organization"},"alternateName":"Talkpal AI","potentialAction":[{"@type":"SearchAction","target":{"@type":"EntryPoint","urlTemplate":"https:\/\/talkpal.ai\/lt\/?s={search_term_string}"},"query-input":{"@type":"PropertyValueSpecification","valueRequired":true,"valueName":"search_term_string"}}],"inLanguage":"lt-LT"},{"@type":"Organization","@id":"https:\/\/talkpal.ai\/lt\/#organization","name":"Talkpal, Inc.","alternateName":"Talkpal AI","url":"https:\/\/talkpal.ai\/lt\/","logo":{"@type":"ImageObject","inLanguage":"lt-LT","@id":"https:\/\/talkpal.ai\/lt\/#\/schema\/logo\/image\/","url":"https:\/\/talkpal.ai\/wp-content\/uploads\/2024\/03\/Talkpal-Logo-Icon.png","contentUrl":"https:\/\/talkpal.ai\/wp-content\/uploads\/2024\/03\/Talkpal-Logo-Icon.png","width":2880,"height":2880,"caption":"Talkpal, Inc."},"image":{"@id":"https:\/\/talkpal.ai\/lt\/#\/schema\/logo\/image\/"},"sameAs":["https:\/\/www.facebook.com\/profile.php?id=100090733639311","https:\/\/x.com\/talkpalai","https:\/\/www.linkedin.com\/company\/talkpal\/","https:\/\/www.youtube.com\/@TalkPal\/","https:\/\/www.tiktok.com\/@talkpal","https:\/\/www.instagram.com\/talkpal_ai\/","https:\/\/www.crunchbase.com\/organization\/talkpal-9cde","https:\/\/www.g2.com\/products\/talkpal-for-business\/","https:\/\/www.trustpilot.com\/review\/talkpal.ai","https:\/\/www.capterra.com\/p\/10006800\/TalkPal\/"],"description":"Talkpal is a language learning web and mobile education app, powered by the latest AI technologies, that provides engaging experiences to its customers in many different languages to help them improve their language skills. Users can chat about unlimited amount of topics with the app and use other modes to practice their language learning.","email":"support@talkpal.ai","legalName":"Talkpal, Inc.","foundingDate":"2023-04-03","duns":"118989042","numberOfEmployees":{"@type":"QuantitativeValue","minValue":"11","maxValue":"50"},"publishingPrinciples":"https:\/\/talkpal.ai\/publishing-principles\/","actionableFeedbackPolicy":"https:\/\/talkpal.ai\/actionable-feedback-policy\/","correctionsPolicy":"https:\/\/talkpal.ai\/corrections-policy\/","ethicsPolicy":"https:\/\/talkpal.ai\/ethics-policy\/","diversityPolicy":"https:\/\/talkpal.ai\/diversity-policy\/","diversityStaffingReport":"https:\/\/talkpal.ai\/diversity-policy\/"}]}},"_links":{"self":[{"href":"https:\/\/talkpal.ai\/lt\/wp-json\/wp\/v2\/pages\/1468876","targetHints":{"allow":["GET"]}}],"collection":[{"href":"https:\/\/talkpal.ai\/lt\/wp-json\/wp\/v2\/pages"}],"about":[{"href":"https:\/\/talkpal.ai\/lt\/wp-json\/wp\/v2\/types\/page"}],"author":[{"embeddable":true,"href":"https:\/\/talkpal.ai\/lt\/wp-json\/wp\/v2\/users\/20"}],"replies":[{"embeddable":true,"href":"https:\/\/talkpal.ai\/lt\/wp-json\/wp\/v2\/comments?post=1468876"}],"version-history":[{"count":0,"href":"https:\/\/talkpal.ai\/lt\/wp-json\/wp\/v2\/pages\/1468876\/revisions"}],"wp:attachment":[{"href":"https:\/\/talkpal.ai\/lt\/wp-json\/wp\/v2\/media?parent=1468876"}],"curies":[{"name":"wp","href":"https:\/\/api.w.org\/{rel}","templated":true}]}}