{"id":1468682,"date":"2025-11-11T15:06:39","date_gmt":"2025-11-11T15:06:39","guid":{"rendered":"https:\/\/talkpal.ai\/asamo-gramatika\/"},"modified":"2025-12-30T15:41:54","modified_gmt":"2025-12-30T15:41:54","slug":"asamo-gramatika","status":"publish","type":"page","link":"https:\/\/talkpal.ai\/lt\/asamo-gramatika\/","title":{"rendered":"Asamo gramatika"},"content":{"rendered":"\r\n\r\n\r\n<section class=\"languageChallengeSection\">\r\n    <div class=\"languageInfoWrapper\">\r\n        \r\n        <h1>Asamo gramatika<\/h1>\r\n        <p>Asamo gramatika i\u0161 prad\u017ei\u0173 gali atrodyti sud\u0117tinga, ta\u010diau d\u0117l unikali\u0173 savybi\u0173 <a href=\"https:\/\/talkpal.ai\/lt\/kaip-ismokti-kalba-per-talkpal-chat\/\">kalbos mokymasis<\/a> yra naudinga. Tyrin\u0117dami jos ab\u0117c\u0117l\u0119, mutacijas ir gramatikos taisykles, susipa\u017einsite su turtinga lingvistine tradicija. Prad\u0117kite savo kelion\u0119 ir atraskite <a href=\"https:\/\/talkpal.ai\/lt\/mokytis-asamu-kalbos\/\">asam\u0173 kalbos<\/a> gro\u017e\u012f!<\/p>\r\n\r\n                            <a class=\"getStartedHidden\" href=\"https:\/\/app.talkpal.ai\/lt\/signup?lng=\">Prad\u0117k<\/a>\r\n        \r\n    <\/div>\r\n\r\n    <figure>\r\n    <img decoding=\"async\" width=\"768\" height=\"768\" src=\"https:\/\/talkpal.ai\/wp-content\/uploads\/2023\/06\/welsh-768x768.png\" class=\"languageImage no-lazy\" alt=\"Language learning for better cognitive abilities\" fetchpriority=\"high\" sizes=\"(max-width: 768px) 150px, 768px\" srcset=\"https:\/\/talkpal.ai\/wp-content\/uploads\/2023\/06\/welsh-768x768.png 768w, https:\/\/talkpal.ai\/wp-content\/uploads\/2023\/06\/welsh-300x300.png 300w\" \/>\r\n    \r\n\r\n    <\/figure>\r\n\r\n            <a class=\"getStartedVisible\" href=\"https:\/\/app.talkpal.ai\/lt\/signup?lng=\">Prad\u0117k<\/a>\r\n    \r\n<\/section><section class=\"promotionalBanner\">\r\n    <p class=\"promotionalText\">Efektyviausias b\u016bdas mokytis <a href=\"https:\/\/talkpal.ai\/what-language-is-spoken-on-the-international-space-station\/\">kalbos<\/a><\/p>\r\n    <a class=\"promotionalLink\" href=\"https:\/\/app.talkpal.ai\/lt\/signup?lng=\">I\u0161bandykite Talkpal &#8221; nemokamai<\/a>\r\n<\/section>\n<div class=\"wp-block-group pageContainerStyle\"><div class=\"wp-block-group__inner-container is-layout-constrained wp-block-group-is-layout-constrained\">\n<h2 class=\"wp-block-heading\" id=\"h-navigating-the-intricacies-of-assamese-grammar\">Nar\u0161ymas asam\u0173 kalbos gramatikos subtilyb\u0117se<\/h2>\n\n\n\n<p><a href=\"https:\/\/talkpal.ai\/lt\/mokytis-asamu-kalbos\/\">Asam\u0173 kalba<\/a>, turting\u0105 istorij\u0105 ir kult\u016brin\u0119 reik\u0161m\u0119 turinti indoarij\u0173 kalba, si\u016blo \u012fdomi\u0105 kalbin\u0119 patirt\u012f tiems, kurie nori tyrin\u0117ti unikali\u0105 gramatikos sistem\u0105. \u012e\u017eeng\u0119 \u012f <a href=\"https:\/\/talkpal.ai\/learn-assamese\/\">asam\u0173<\/a> kalbos karalyst\u0119, ne tik praturtinsite savo kalbin\u012f repertuar\u0105, bet ir leisit\u0117s \u012f \u012fsp\u016bding\u0105 kult\u016brin\u0119 kelion\u0119. Nors <a href=\"https:\/\/talkpal.ai\/assamese-grammar\/\">asam\u0173 kalbos gramatika<\/a> i\u0161 prad\u017ei\u0173 gali atrodyti sud\u0117tinga, suskaid\u017eius j\u0105 \u012f pagrindinius komponentus, kalbos mokymasis <a href=\"https:\/\/talkpal.ai\/locations\/language-courses-in-tampa\/\">tampa<\/a> prieinamesnis. \u0160iame straipsnyje i\u0161nagrin\u0117sime patraukl\u0173 <a href=\"https:\/\/talkpal.ai\/learn-assamese\/\">asam\u0173<\/a> kalbos gramatikos pasaul\u012f ir pateiksime patarim\u0173, kaip \u012fvaldyti jo sud\u0117tingum\u0105.<\/p>\n\n\n\n<h3 class=\"wp-block-heading\" id=\"h-1-assamese-alphabet-and-phonetics\">1. Asamo ab\u0117c\u0117l\u0117 ir fonetika<\/h3>\n\n\n\n<p>Asam\u0173 ra\u0161ymo sistema naudoja ryt\u0173 Nagari ra\u0161t\u0105 ir apima skiriamuosius simbolius ir garso reik\u0161mes, tokias kaip \u09f0 ra ir \u09f1 wa, taip pat priebalsi\u0173 grupes ir balsi\u0173 diakritinius \u017eenklus. Norint i\u0161mokti asam\u0173 kalbos gramatikos, labai svarbu susipa\u017einti su \u0161iuo ra\u0161tu ir jo fonetika, praktikuojant skaitym\u0105 ir ra\u0161ym\u0105 asam\u0173 kalba.<\/p>\n\n\n\n<h3 class=\"wp-block-heading\" id=\"h-2-sandhi-and-sound-changes-a-peculiar-assamese-feature\">2. Sandhi ir garso poky\u010diai: savoti\u0161kas asam\u0173 bruo\u017eas<\/h3>\n\n\n\n<p>Ry\u0161kus asam\u0173 kalbos aspektas yra sandhi ir fonologini\u0173 kaitaliojim\u0173 vaidmuo, atsirandantis sujungus \u017eod\u017eius arba pridedant priesagas. Susidursite su tokiais procesais kaip schwa i\u0161trynimas \u0161nekamojoje kalboje, slydimo \u012fterpimas tarp balsi\u0173 ir kintan\u010dios did\u017ei\u0173j\u0173 daleli\u0173 ir priesag\u0173 formos, pavyzd\u017eiui, -or arba -ar genityvui ir -ok arba -ak kaltinamajam ar datyvui. Norint tiksliai ir nat\u016braliai bendrauti asam\u0173 kalba, labai svarbu suprasti, kada ir kaip \u0161ie poky\u010diai.<\/p>\n\n\n\n<h3 class=\"wp-block-heading\" id=\"h-3-nouns-and-pronouns-number-classifiers-and-cases\">3. Daiktavard\u017eiai ir \u012fvard\u017eiai: skai\u010dius, klasifikatoriai ir atvejai<\/h3>\n\n\n\n<p>Asam\u0173 kalbos daiktavard\u017eiai neturi gramatin\u0117s gimin\u0117s, ta\u010diau skai\u010dius ir apibr\u0117\u017etumas i\u0161rei\u0161kiami daugiskaitos \u017eymenimis ir klasifikatoriais. \u012eprasti daugiskaitos \u017eymekliai yra -bor ir -bilak, o klasifikatoriai, tokie kaip -ta, -khon ir -zoni, yra da\u017eni daiktavard\u017ei\u0173 fraz\u0117se su skaitmenimis arba apibr\u0117\u017etumu. Asam\u0173 kalba naudoja postpozicijas ir atvejo \u017eymenis, \u012fskaitant genityv\u0105 -or arba -ar, kaltinam\u0105j\u012f arba datyv\u0105 -ok arba -ak, lokatyv\u0105 -at arba -ot, instrumentin\u012f arba agentin\u012f -e, abliatyvin\u012f -por\u0105 ir komitatyvin\u012f logot\u0105. \u012evard\u017eiai apima asmenines formas, tokias kaip moi I, toi arba tumi arba apuni you su \u012fvairiais pa\u017e\u012fstamumo ir mandagumo lygiais, ir se he arba ji, su daugiskaita, pvz., ami we ir teolok they. Savininki\u0161kos formos sudaromos su genityvu, pvz., mur my, tomar ur, apunar j\u016bs\u0173 mandagus, tar jo ar jos. Refleksyvus nij ir nijeke, demonstratyv\u016bs eita tai ir seita tai, ir klausiamieji kaip kune kas, ki k\u0105, kot kur ir ketiya, kai yra b\u016btina mokytis.<\/p>\n\n\n\n<h3 class=\"wp-block-heading\" id=\"h-4-verbs-structure-and-conjugation\">4. Veiksma\u017eod\u017eiai: strukt\u016bra ir konjugacija<\/h3>\n\n\n\n<p>Asam\u0173 kalbos veiksma\u017eod\u017eiai \u017eymimi laiku, aspektu, nuotaika ir poli\u0161kumu, da\u017enai su pagalbiniais \u017eod\u017eiais, ir rodo ribot\u0105 sutarim\u0105. Esminiai laikai yra dabartis, praeitis ir ateitis, kartu su tokiais aspektais kaip progresyvus ir tobulas. Neigimas paprastai naudoja na prie\u0161 veiksma\u017eod\u012f arba pagalbin\u012f, o neigiamas egzistencinis yra nai. Imperatyvai skiriasi priklausomai nuo mandagumo lygio, pavyzd\u017eiui, kor do, kora arba korun mandagus. I\u0161mok\u0119 pagrindinius konjugacijos modelius ir kaip pagalbiniai i\u0161rei\u0161kia aspekt\u0105, labai pagerinsite j\u016bs\u0173 geb\u0117jim\u0105 efektyviai bendrauti asam\u0173 kalba.<\/p>\n\n\n\n<h3 class=\"wp-block-heading\" id=\"h-5-adjectives-agreement-and-placement\">5. B\u016bdvard\u017eiai: susitarimas ir vieta<\/h3>\n\n\n\n<p>n Asamo gramatikoje b\u016bdvard\u017eiai paprastai eina prie\u0161 daiktavard\u012f, kur\u012f jie kei\u010dia, ir nesutampa su daiktavard\u017eiu pagal lyt\u012f ar skai\u010di\u0173. Palyginimo laipsniai da\u017eniausiai formuojami su prieveiksmiais ir perifrastin\u0117mis konstrukcijomis, pavyzd\u017eiui, naudojant besi daugiau ir labai \u017eymekli\u0173 pabr\u0117\u017eimui. Bendr\u0173 modeli\u0173 mokymasis pad\u0117s jums skamb\u0117ti nat\u016braliai kasdien\u0117je kalboje.  <\/p>\n\n\n\n<p><strong>Pavyzd\u017eiai:<\/strong><\/p>\n\n\n\n<p><strong>\u2013 Dangor Morom (Did\u017eioji meil\u0117)<\/strong><\/p>\n\n\n\n<p><strong>\u2013 xoru sishu-bilak (ma\u017ei vaikai)<\/strong><\/p>\n\n\n\n<h3 class=\"wp-block-heading\" id=\"h-6-engaging-with-the-language\">6. \u012esitraukimas \u012f kalb\u0105<\/h3>\n\n\n\n<p>Veiksmingiausias b\u016bdas visi\u0161kai suprasti ir \u012fsisavinti asam\u0173 kalbos gramatik\u0105 yra nuoseklus \u012fsitraukimas \u012f kalb\u0105. Skaitydami asam\u0173 literat\u016br\u0105, \u017ei\u016br\u0117dami asam\u0173 kalbos filmus ar televizijos serialus, klausydamiesi asam\u0173 kalbos naujien\u0173 ar radijo ir aktyviai bendraudami su gimtakalbiais, sustiprinsite gramatikos supratim\u0105 ir prapl\u0117site \u017eodyn\u0105.<\/p>\n\n\n\n<h3 class=\"wp-block-heading\" id=\"h-conclusion\">I\u0161vada<\/h3>\n\n\n\n<p>Nors asam\u0173 kalbos gramatika gali atrodyti sud\u0117tinga, galite \u012fgyti \u0161ios gra\u017eios kalbos \u012fg\u016bd\u017eius su atsidavimu, praktika ir entuziazmu. Sutelkdami d\u0117mes\u012f \u012f pagrindines taisykles ir bendraudami su kalba \u012fvairiuose kontekstuose, greitai pagerinsite savo asam\u0173 kalbos <a href=\"https:\/\/talkpal.ai\/lt\/gramatika\/\">gramatikos \u012fg\u016bd\u017eius<\/a>. Xubheccha (s\u0117km\u0117s) savo asam\u0173 kalbos kelion\u0117je ir m\u0117gaukit\u0117s i\u0161narpliodami turting\u0105 ir patraukl\u0173 asam\u0173 kalbos gramatikos pasaul\u012f!<\/p>\n<\/div><\/div>\n\r\n<section class=\"learnNavigationSection\">\r\n            \r\n        <a href=\"https:\/\/talkpal.ai\/lt\/mokytis-asamu-kalbos\/\">\r\n            <div class=\"learnNavigationWrapper\">\r\n                <div class=\"learnNavigationContent\">\r\n                    <img decoding=\"async\" src=\"https:\/\/talkpal.ai\/wp-content\/uploads\/2025\/11\/Assamese.png\" alt=\"Indian Simplified Flag\">\r\n                    <div>\r\n                        <h4>Apie asam\u0173 kalbos mokym\u0105si<\/h4>\r\n                        <p>Su\u017einokite visk\u0105 apie asam\u0173 kalbos gramatik\u0105.<\/p>\r\n                    <\/div>\r\n                <\/div>\r\n            <\/div>\r\n        <\/a>\r\n\r\n        \r\n        <a href=\"https:\/\/talkpal.ai\/lt\/asamu-gramatikos-pratimai\/\">\r\n            <div class=\"learnNavigationWrapper\">\r\n                <div class=\"learnNavigationContent\">\r\n                    <img decoding=\"async\" src=\"https:\/\/talkpal.ai\/wp-content\/uploads\/2025\/11\/Assamese.png\" alt=\"Indian Simplified Flag\">\r\n                    <div>\r\n                        <h4>Asamo gramatikos pratimas<\/h4>\r\n                        <p>Praktikuokite asam\u0173 kalbos gramatik\u0105.<\/p>\r\n                    <\/div>\r\n                <\/div>\r\n            <\/div>\r\n        <\/a>\r\n\r\n            <\/section>","protected":false},"excerpt":{"rendered":"<p>Nar\u0161ymas asam\u0173 kalbos gramatikos subtilyb\u0117se Asam\u0173 kalba, turting\u0105 istorij\u0105 ir kult\u016brin\u0119 reik\u0161m\u0119 turinti indoarij\u0173 kalba, si\u016blo \u012fdomi\u0105 kalbin\u0119 patirt\u012f tiems, kurie nori tyrin\u0117ti unikali\u0105 gramatikos sistem\u0105. \u012e\u017eeng\u0119 \u012f asam\u0173 kalbos karalyst\u0119, ne tik praturtinsite savo kalbin\u012f repertuar\u0105, bet ir leisit\u0117s \u012f \u012fsp\u016bding\u0105 kult\u016brin\u0119 kelion\u0119. Nors asam\u0173 kalbos gramatika i\u0161 prad\u017ei\u0173 gali atrodyti sud\u0117tinga, suskaid\u017eius j\u0105 [&hellip;]<\/p>\n","protected":false},"author":20,"featured_media":0,"parent":0,"menu_order":0,"comment_status":"closed","ping_status":"closed","template":"LearningContentPage.php","meta":{"_acf_changed":false,"footnotes":""},"class_list":["post-1468682","page","type-page","status-publish","hentry"],"acf":[],"yoast_head":"<!-- This site is optimized with the Yoast SEO Premium plugin v27.2 (Yoast SEO v27.2) - https:\/\/yoast.com\/product\/yoast-seo-premium-wordpress\/ -->\n<title>Asamo gramatika - Talkpal<\/title>\n<meta name=\"description\" content=\"\u012evaldykite asami\u0173 kalbos gramatikos subtilybes su &quot;Talkpal AI&quot;, kad padidintum\u0117te savo \u017einias ir kalb\u0117tum\u0117te visi\u0161kai u\u017etikrintai jau \u0161iandien.\" \/>\n<meta name=\"robots\" content=\"index, follow, max-snippet:-1, max-image-preview:large, max-video-preview:-1\" \/>\n<link rel=\"canonical\" href=\"https:\/\/talkpal.ai\/lt\/asamo-gramatika\/\" \/>\n<meta property=\"og:locale\" content=\"lt_LT\" \/>\n<meta property=\"og:type\" content=\"article\" \/>\n<meta property=\"og:title\" content=\"Asamo gramatika\" \/>\n<meta property=\"og:description\" content=\"Nar\u0161ymas asam\u0173 kalbos gramatikos subtilyb\u0117se Asam\u0173 kalba, turting\u0105 istorij\u0105 ir kult\u016brin\u0119 reik\u0161m\u0119 turinti indoarij\u0173 kalba, si\u016blo \u012fdomi\u0105 kalbin\u0119 patirt\u012f\" \/>\n<meta property=\"og:url\" content=\"https:\/\/talkpal.ai\/lt\/asamo-gramatika\/\" \/>\n<meta property=\"og:site_name\" content=\"Talkpal\" \/>\n<meta property=\"article:publisher\" content=\"https:\/\/www.facebook.com\/profile.php?id=100090733639311\" \/>\n<meta property=\"article:modified_time\" content=\"2025-12-30T15:41:54+00:00\" \/>\n<meta property=\"og:image\" content=\"https:\/\/talkpal.ai\/wp-content\/uploads\/2025\/02\/Progress-tab-16_9.png\" \/>\n\t<meta property=\"og:image:width\" content=\"2880\" \/>\n\t<meta property=\"og:image:height\" content=\"1620\" \/>\n\t<meta property=\"og:image:type\" content=\"image\/png\" \/>\n<meta name=\"twitter:card\" content=\"summary_large_image\" \/>\n<meta name=\"twitter:site\" content=\"@talkpalai\" \/>\n<meta name=\"twitter:label1\" content=\"Est. reading time\" \/>\n\t<meta name=\"twitter:data1\" content=\"3 minut\u0117s\" \/>\n<script type=\"application\/ld+json\" class=\"yoast-schema-graph\">{\"@context\":\"https:\/\/schema.org\",\"@graph\":[{\"@type\":\"WebPage\",\"@id\":\"https:\/\/talkpal.ai\/lt\/asamo-gramatika\/\",\"url\":\"https:\/\/talkpal.ai\/lt\/asamo-gramatika\/\",\"name\":\"Asamo gramatika - Talkpal\",\"isPartOf\":{\"@id\":\"https:\/\/talkpal.ai\/lt\/#website\"},\"datePublished\":\"2025-11-11T15:06:39+00:00\",\"dateModified\":\"2025-12-30T15:41:54+00:00\",\"description\":\"\u012evaldykite asami\u0173 kalbos gramatikos subtilybes su \\\"Talkpal AI\\\", kad padidintum\u0117te savo \u017einias ir kalb\u0117tum\u0117te visi\u0161kai u\u017etikrintai jau \u0161iandien.\",\"breadcrumb\":{\"@id\":\"https:\/\/talkpal.ai\/lt\/asamo-gramatika\/#breadcrumb\"},\"inLanguage\":\"lt-LT\",\"potentialAction\":[{\"@type\":\"ReadAction\",\"target\":[\"https:\/\/talkpal.ai\/lt\/asamo-gramatika\/\"]}]},{\"@type\":\"BreadcrumbList\",\"@id\":\"https:\/\/talkpal.ai\/lt\/asamo-gramatika\/#breadcrumb\",\"itemListElement\":[{\"@type\":\"ListItem\",\"position\":1,\"name\":\"Homepage\",\"item\":\"https:\/\/talkpal.ai\/lt\/\"},{\"@type\":\"ListItem\",\"position\":2,\"name\":\"Asamo gramatika\"}]},{\"@type\":\"WebSite\",\"@id\":\"https:\/\/talkpal.ai\/lt\/#website\",\"url\":\"https:\/\/talkpal.ai\/lt\/\",\"name\":\"Talkpal\",\"description\":\"AI Language Learning\",\"publisher\":{\"@id\":\"https:\/\/talkpal.ai\/lt\/#organization\"},\"alternateName\":\"Talkpal AI\",\"potentialAction\":[{\"@type\":\"SearchAction\",\"target\":{\"@type\":\"EntryPoint\",\"urlTemplate\":\"https:\/\/talkpal.ai\/lt\/?s={search_term_string}\"},\"query-input\":{\"@type\":\"PropertyValueSpecification\",\"valueRequired\":true,\"valueName\":\"search_term_string\"}}],\"inLanguage\":\"lt-LT\"},{\"@type\":\"Organization\",\"@id\":\"https:\/\/talkpal.ai\/lt\/#organization\",\"name\":\"Talkpal, Inc.\",\"alternateName\":\"Talkpal AI\",\"url\":\"https:\/\/talkpal.ai\/lt\/\",\"logo\":{\"@type\":\"ImageObject\",\"inLanguage\":\"lt-LT\",\"@id\":\"https:\/\/talkpal.ai\/lt\/#\/schema\/logo\/image\/\",\"url\":\"https:\/\/talkpal.ai\/wp-content\/uploads\/2024\/03\/Talkpal-Logo-Icon.png\",\"contentUrl\":\"https:\/\/talkpal.ai\/wp-content\/uploads\/2024\/03\/Talkpal-Logo-Icon.png\",\"width\":2880,\"height\":2880,\"caption\":\"Talkpal, Inc.\"},\"image\":{\"@id\":\"https:\/\/talkpal.ai\/lt\/#\/schema\/logo\/image\/\"},\"sameAs\":[\"https:\/\/www.facebook.com\/profile.php?id=100090733639311\",\"https:\/\/x.com\/talkpalai\",\"https:\/\/www.linkedin.com\/company\/talkpal\/\",\"https:\/\/www.youtube.com\/@TalkPal\/\",\"https:\/\/www.tiktok.com\/@talkpal\",\"https:\/\/www.instagram.com\/talkpal_ai\/\",\"https:\/\/www.crunchbase.com\/organization\/talkpal-9cde\",\"https:\/\/www.g2.com\/products\/talkpal-for-business\/\",\"https:\/\/www.trustpilot.com\/review\/talkpal.ai\",\"https:\/\/www.capterra.com\/p\/10006800\/TalkPal\/\"],\"description\":\"Talkpal is a language learning web and mobile education app, powered by the latest AI technologies, that provides engaging experiences to its customers in many different languages to help them improve their language skills. Users can chat about unlimited amount of topics with the app and use other modes to practice their language learning.\",\"email\":\"support@talkpal.ai\",\"legalName\":\"Talkpal, Inc.\",\"foundingDate\":\"2023-04-03\",\"duns\":\"118989042\",\"numberOfEmployees\":{\"@type\":\"QuantitativeValue\",\"minValue\":\"11\",\"maxValue\":\"50\"},\"publishingPrinciples\":\"https:\/\/talkpal.ai\/publishing-principles\/\",\"actionableFeedbackPolicy\":\"https:\/\/talkpal.ai\/actionable-feedback-policy\/\",\"correctionsPolicy\":\"https:\/\/talkpal.ai\/corrections-policy\/\",\"ethicsPolicy\":\"https:\/\/talkpal.ai\/ethics-policy\/\",\"diversityPolicy\":\"https:\/\/talkpal.ai\/diversity-policy\/\",\"diversityStaffingReport\":\"https:\/\/talkpal.ai\/diversity-policy\/\"}]}<\/script>\n<!-- \/ Yoast SEO Premium plugin. -->","yoast_head_json":{"title":"Asamo gramatika - Talkpal","description":"\u012evaldykite asami\u0173 kalbos gramatikos subtilybes su \"Talkpal AI\", kad padidintum\u0117te savo \u017einias ir kalb\u0117tum\u0117te visi\u0161kai u\u017etikrintai jau \u0161iandien.","robots":{"index":"index","follow":"follow","max-snippet":"max-snippet:-1","max-image-preview":"max-image-preview:large","max-video-preview":"max-video-preview:-1"},"canonical":"https:\/\/talkpal.ai\/lt\/asamo-gramatika\/","og_locale":"lt_LT","og_type":"article","og_title":"Asamo gramatika","og_description":"Nar\u0161ymas asam\u0173 kalbos gramatikos subtilyb\u0117se Asam\u0173 kalba, turting\u0105 istorij\u0105 ir kult\u016brin\u0119 reik\u0161m\u0119 turinti indoarij\u0173 kalba, si\u016blo \u012fdomi\u0105 kalbin\u0119 patirt\u012f","og_url":"https:\/\/talkpal.ai\/lt\/asamo-gramatika\/","og_site_name":"Talkpal","article_publisher":"https:\/\/www.facebook.com\/profile.php?id=100090733639311","article_modified_time":"2025-12-30T15:41:54+00:00","og_image":[{"width":2880,"height":1620,"url":"https:\/\/talkpal.ai\/wp-content\/uploads\/2025\/02\/Progress-tab-16_9.png","type":"image\/png"}],"twitter_card":"summary_large_image","twitter_site":"@talkpalai","twitter_misc":{"Est. reading time":"3 minut\u0117s"},"schema":{"@context":"https:\/\/schema.org","@graph":[{"@type":"WebPage","@id":"https:\/\/talkpal.ai\/lt\/asamo-gramatika\/","url":"https:\/\/talkpal.ai\/lt\/asamo-gramatika\/","name":"Asamo gramatika - Talkpal","isPartOf":{"@id":"https:\/\/talkpal.ai\/lt\/#website"},"datePublished":"2025-11-11T15:06:39+00:00","dateModified":"2025-12-30T15:41:54+00:00","description":"\u012evaldykite asami\u0173 kalbos gramatikos subtilybes su \"Talkpal AI\", kad padidintum\u0117te savo \u017einias ir kalb\u0117tum\u0117te visi\u0161kai u\u017etikrintai jau \u0161iandien.","breadcrumb":{"@id":"https:\/\/talkpal.ai\/lt\/asamo-gramatika\/#breadcrumb"},"inLanguage":"lt-LT","potentialAction":[{"@type":"ReadAction","target":["https:\/\/talkpal.ai\/lt\/asamo-gramatika\/"]}]},{"@type":"BreadcrumbList","@id":"https:\/\/talkpal.ai\/lt\/asamo-gramatika\/#breadcrumb","itemListElement":[{"@type":"ListItem","position":1,"name":"Homepage","item":"https:\/\/talkpal.ai\/lt\/"},{"@type":"ListItem","position":2,"name":"Asamo gramatika"}]},{"@type":"WebSite","@id":"https:\/\/talkpal.ai\/lt\/#website","url":"https:\/\/talkpal.ai\/lt\/","name":"Talkpal","description":"AI Language Learning","publisher":{"@id":"https:\/\/talkpal.ai\/lt\/#organization"},"alternateName":"Talkpal AI","potentialAction":[{"@type":"SearchAction","target":{"@type":"EntryPoint","urlTemplate":"https:\/\/talkpal.ai\/lt\/?s={search_term_string}"},"query-input":{"@type":"PropertyValueSpecification","valueRequired":true,"valueName":"search_term_string"}}],"inLanguage":"lt-LT"},{"@type":"Organization","@id":"https:\/\/talkpal.ai\/lt\/#organization","name":"Talkpal, Inc.","alternateName":"Talkpal AI","url":"https:\/\/talkpal.ai\/lt\/","logo":{"@type":"ImageObject","inLanguage":"lt-LT","@id":"https:\/\/talkpal.ai\/lt\/#\/schema\/logo\/image\/","url":"https:\/\/talkpal.ai\/wp-content\/uploads\/2024\/03\/Talkpal-Logo-Icon.png","contentUrl":"https:\/\/talkpal.ai\/wp-content\/uploads\/2024\/03\/Talkpal-Logo-Icon.png","width":2880,"height":2880,"caption":"Talkpal, Inc."},"image":{"@id":"https:\/\/talkpal.ai\/lt\/#\/schema\/logo\/image\/"},"sameAs":["https:\/\/www.facebook.com\/profile.php?id=100090733639311","https:\/\/x.com\/talkpalai","https:\/\/www.linkedin.com\/company\/talkpal\/","https:\/\/www.youtube.com\/@TalkPal\/","https:\/\/www.tiktok.com\/@talkpal","https:\/\/www.instagram.com\/talkpal_ai\/","https:\/\/www.crunchbase.com\/organization\/talkpal-9cde","https:\/\/www.g2.com\/products\/talkpal-for-business\/","https:\/\/www.trustpilot.com\/review\/talkpal.ai","https:\/\/www.capterra.com\/p\/10006800\/TalkPal\/"],"description":"Talkpal is a language learning web and mobile education app, powered by the latest AI technologies, that provides engaging experiences to its customers in many different languages to help them improve their language skills. Users can chat about unlimited amount of topics with the app and use other modes to practice their language learning.","email":"support@talkpal.ai","legalName":"Talkpal, Inc.","foundingDate":"2023-04-03","duns":"118989042","numberOfEmployees":{"@type":"QuantitativeValue","minValue":"11","maxValue":"50"},"publishingPrinciples":"https:\/\/talkpal.ai\/publishing-principles\/","actionableFeedbackPolicy":"https:\/\/talkpal.ai\/actionable-feedback-policy\/","correctionsPolicy":"https:\/\/talkpal.ai\/corrections-policy\/","ethicsPolicy":"https:\/\/talkpal.ai\/ethics-policy\/","diversityPolicy":"https:\/\/talkpal.ai\/diversity-policy\/","diversityStaffingReport":"https:\/\/talkpal.ai\/diversity-policy\/"}]}},"_links":{"self":[{"href":"https:\/\/talkpal.ai\/lt\/wp-json\/wp\/v2\/pages\/1468682","targetHints":{"allow":["GET"]}}],"collection":[{"href":"https:\/\/talkpal.ai\/lt\/wp-json\/wp\/v2\/pages"}],"about":[{"href":"https:\/\/talkpal.ai\/lt\/wp-json\/wp\/v2\/types\/page"}],"author":[{"embeddable":true,"href":"https:\/\/talkpal.ai\/lt\/wp-json\/wp\/v2\/users\/20"}],"replies":[{"embeddable":true,"href":"https:\/\/talkpal.ai\/lt\/wp-json\/wp\/v2\/comments?post=1468682"}],"version-history":[{"count":0,"href":"https:\/\/talkpal.ai\/lt\/wp-json\/wp\/v2\/pages\/1468682\/revisions"}],"wp:attachment":[{"href":"https:\/\/talkpal.ai\/lt\/wp-json\/wp\/v2\/media?parent=1468682"}],"curies":[{"name":"wp","href":"https:\/\/api.w.org\/{rel}","templated":true}]}}