{"id":1468661,"date":"2025-11-11T12:32:58","date_gmt":"2025-11-11T12:32:58","guid":{"rendered":"https:\/\/talkpal.ai\/albanu-kalbos-gramatikos-pratimai\/"},"modified":"2025-12-30T15:39:16","modified_gmt":"2025-12-30T15:39:16","slug":"albanu-kalbos-gramatikos-pratimai","status":"publish","type":"page","link":"https:\/\/talkpal.ai\/lt\/albanu-kalbos-gramatikos-pratimai\/","title":{"rendered":"Alban\u0173 kalbos gramatikos pratimai"},"content":{"rendered":"\r\n\r\n\r\n<section class=\"languageChallengeSection\">\r\n    <div class=\"languageInfoWrapper\">\r\n        \r\n        <h1>Alban\u0173 kalbos gramatikos pratimai<\/h1>\r\n        <p>Pasiruo\u0161\u0119 pasinerti \u012f <a href=\"https:\/\/talkpal.ai\/lt\/mokytis-albanu-kalbos\/\">alban\u0173 kalbos<\/a> gramatik\u0105? I\u0161mok\u0119 kelis pagrindinius dalykus, gal\u0117site patogiai \u012fvaldyti \u0161i\u0105 unikali\u0105 ir gra\u017ei\u0105 kalb\u0105. I\u0161bandykite \u0161iuos pratimus, kad sustiprintum\u0117te pasitik\u0117jim\u0105 savimi ir smagiai praleistum\u0117te laik\u0105!<\/p>\r\n\r\n                            <a class=\"getStartedHidden\" href=\"https:\/\/app.talkpal.ai\/lt\/signup?lng=\">Prad\u0117k<\/a>\r\n        \r\n    <\/div>\r\n\r\n    <figure>\r\n    <img decoding=\"async\" width=\"768\" height=\"768\" src=\"https:\/\/talkpal.ai\/wp-content\/uploads\/2023\/06\/welsh-768x768.png\" class=\"languageImage no-lazy\" alt=\"Language learning for better cognitive abilities\" fetchpriority=\"high\" sizes=\"(max-width: 768px) 150px, 768px\" srcset=\"https:\/\/talkpal.ai\/wp-content\/uploads\/2023\/06\/welsh-768x768.png 768w, https:\/\/talkpal.ai\/wp-content\/uploads\/2023\/06\/welsh-300x300.png 300w\" \/>\r\n    \r\n\r\n    <\/figure>\r\n\r\n            <a class=\"getStartedVisible\" href=\"https:\/\/app.talkpal.ai\/lt\/signup?lng=\">Prad\u0117k<\/a>\r\n    \r\n<\/section><section class=\"promotionalBanner\">\r\n    <p class=\"promotionalText\">Efektyviausias b\u016bdas mokytis <a href=\"https:\/\/talkpal.ai\/what-language-is-spoken-on-the-international-space-station\/\">kalbos<\/a><\/p>\r\n    <a class=\"promotionalLink\" href=\"https:\/\/app.talkpal.ai\/lt\/signup?lng=\">I\u0161bandykite Talkpal &#8221; nemokamai<\/a>\r\n<\/section>\n<div class=\"wp-block-group pageContainerStyle\"><div class=\"wp-block-group__inner-container is-layout-constrained wp-block-group-is-layout-constrained\">\n<h2 class=\"wp-block-heading\" id=\"h-albanian-grammar-topics\">Alban\u0173 kalbos gramatikos temos<\/h2>\n\n\n\n<p><a href=\"https:\/\/talkpal.ai\/lt\/didziausios-klaidos-kuriu-reikia-vengti-mokantis-naujos-kalbos\/\">Naujos kalbos mokymasis<\/a> gali b\u016bti sud\u0117tingas, bet naudingas darbas. <a href=\"https:\/\/talkpal.ai\/learn-albanian\/\">Alban\u0173<\/a> kalba, indoeuropie\u010di\u0173 kalba, kuria daugiausia kalbama Albanijoje, n\u0117ra i\u0161imtis. D\u0117l unikali\u0173 savybi\u0173 ir strukt\u016br\u0173 <a href=\"https:\/\/talkpal.ai\/lt\/talkpal-svietimui\/\">alban\u0173 kalbos mokymasis<\/a> reikalauja sistemingo po\u017ei\u016brio \u012f turtingos gramatikos supratim\u0105. \u0160iame vadove logi\u0161ka <a href=\"https:\/\/talkpal.ai\/lt\/ai-pokalbiu-robotas-kalbu-mokymuisi\/\">kalbos mokymosi<\/a> seka apib\u016bdinamos pagrindin\u0117s <a href=\"https:\/\/talkpal.ai\/lt\/albanu-kalbos-gramatika\/\">alban\u0173 kalbos gramatikos<\/a> sritys, pradedant nuo pagrind\u0173, toki\u0173 kaip daiktavard\u017eiai ir straipsniai, ir pereinant prie sud\u0117tingesni\u0173 sri\u010di\u0173, toki\u0173 kaip laikai ir sakini\u0173 konstrukcija.<\/p>\n\n\n\n<h3 class=\"wp-block-heading\" id=\"h-1-nouns\">1. Daiktavard\u017eiai:<\/h3>\n\n\n\n<p>Prad\u0117kite savo <a href=\"https:\/\/talkpal.ai\/lt\/mokytis-albanu-kalbos\/\">alban\u0173 kalbos<\/a> kelion\u0119 mokydamiesi daiktavard\u017ei\u0173. <a href=\"https:\/\/talkpal.ai\/learn-thai\/\">Tai<\/a> apima lyties ir skai\u010diaus, bendrini\u0173 ir tikrini\u0173 daiktavard\u017ei\u0173 bei j\u0173 daugiskaitos form\u0173 supratim\u0105. Alban\u0173 kalbos daiktavard\u017eiai taip pat linksniuojami ir turi neapibr\u0117\u017et\u0105 ir apibr\u0117\u017et\u0105 form\u0105, o apibr\u0117\u017etumas da\u017enai \u017eymimas priesaga prie daiktavard\u017eio.<\/p>\n\n\n\n<h3 class=\"wp-block-heading\" id=\"h-2-articles\">2. Straipsniai:<\/h3>\n\n\n\n<p>Straipsniai alban\u0173 kalba veikia kitaip nei <a href=\"https:\/\/talkpal.ai\/ai-english-speaking-practice\/\">angl\u0173<\/a>. Apibr\u0117\u017etasis straipsnis paprastai yra priesaga, pridedama prie daiktavard\u017eio, o neapibr\u0117\u017etasis straipsnis yra atskiras \u017eodis nj\u00eb vienaskaitoje. Alban\u0173 kalba taip pat naudoja nuorod\u0105 prie\u0161 b\u016bdvard\u017eius ir tam tikrose genityvin\u0117se konstrukcijose, kurios sutampa lytimi ir skai\u010diumi.<\/p>\n\n\n\n<h3 class=\"wp-block-heading\" id=\"h-3-adjectives\">3. B\u016bdvard\u017eiai:<\/h3>\n\n\n\n<p>B\u016bdvard\u017eiai alban\u0173 kalboje paprastai eina po daiktavard\u017ei\u0173. Susitarimas rodomas per susiejant\u012f straipsn\u012f, esant\u012f prie\u0161 b\u016bdvard\u012f, atspindint\u012f daiktavard\u017eio lyt\u012f, skai\u010di\u0173 ir atvej\u012f. Su\u017einokite, kaip formuoti lyginamuosius ir superlatyvus, paprastai su m\u00eb lyginamajam ir apibr\u0117\u017etajai superlatyvo formai.<\/p>\n\n\n\n<h3 class=\"wp-block-heading\" id=\"h-4-pronouns-determiners\">4. \u012evard\u017eiai\/determinantai:<\/h3>\n\n\n\n<p>\u012evard\u017eiai ir determinantai yra b\u016btini alban\u0173 kalboje; Jie pakei\u010dia daiktavard\u017eius ir pateikia informacij\u0105 apie asmen\u012f, tur\u0117jim\u0105, kiek\u012f ir kt. Ypating\u0105 d\u0117mes\u012f atkreipkite \u012f klito objekto \u012fvard\u017eius, kurie da\u017enai b\u016bna prie\u0161 veiksma\u017eod\u012f, ir savininkinius determinantus, kurie sutinka su daiktavard\u017eiu, kur\u012f jie modifikuoja.<\/p>\n\n\n\n<h3 class=\"wp-block-heading\" id=\"h-5-verbs\">5. Veiksma\u017eod\u017eiai:<\/h3>\n\n\n\n<p>Alban\u0173 kalbos veiksma\u017eod\u017eiai kei\u010dia asmens ir skai\u010diaus form\u0105 ir yra naudojami kelioms nuotaikoms, tokioms kaip indikatyvas, jungtinis, <a href=\"https:\/\/talkpal.ai\/lt\/grammar\/vokieciu-kalbos-gramatikos-imperatyvas\/\">imperatyvas<\/a>, s\u0105lyginis ir susi\u017eav\u0117jimas. Prad\u0117kite nuo esamojo laiko ir \u012fprast\u0173 praeities form\u0173, tada i\u0161pl\u0117skite \u012f kitas nuotaikas ir balsus, \u012fskaitant pasyvias formacijas.<\/p>\n\n\n\n<h3 class=\"wp-block-heading\" id=\"h-6-tenses\">6. Laikai:<\/h3>\n\n\n\n<p>\u012evald\u0119 veiksma\u017eod\u017eio formas, gilinkit\u0117s \u012f alban\u0173 laikus. Pagrindiniai laikai apima esam\u0105j\u0105, netobul\u0105, aorist\u0105, esam\u0105j\u012f tobul\u0105, pluperfect\u0105 ir b\u016bsimas formas. Su\u017einokite, kaip kiekvienas laikas naudojamas kontekste i\u0161rei\u0161kiant atliktus veiksmus, vykdomus praeities veiksmus ir b\u016bsimus \u012fvykius.<\/p>\n\n\n\n<h3 class=\"wp-block-heading\" id=\"h-7-tense-comparison\">7. \u012etemptas palyginimas:<\/h3>\n\n\n\n<p>Laiko palyginimas alban\u0173 kalba padeda suprasti \u012fvyki\u0173 sek\u0105 ir aspekt\u0105. Palyginkite aorist\u0105 su esamuoju tobulu, o netobul\u0105 su aoristu, kad pamatytum\u0117te, kaip alban\u0173 kalba skiria pavienius u\u017ebaigtus veiksmus, vykstan\u010dius praeities veiksmus ir dabarties aktualum\u0105.<\/p>\n\n\n\n<h3 class=\"wp-block-heading\" id=\"h-8-progressive\">8. Progresyvus:<\/h3>\n\n\n\n<p>Progresyvusis aspektas alban\u0173 kalboje paprastai i\u0161rei\u0161kiamas dalele po prie\u0161 baigtin\u012f veiksma\u017eod\u012f arba strukt\u016bra jam duke, po kurios eina \u017eodinis daiktavardis arba dalyvis. Naudokite juos nor\u0117dami i\u0161reik\u0161ti vykstan\u010dius veiksmus dabartyje ar praeityje.<\/p>\n\n\n\n<h3 class=\"wp-block-heading\" id=\"h-9-perfect-progressive\">9. Tobulas progresyvus:<\/h3>\n\n\n\n<p>\u0160is aspektas naudojamas iki tam tikro momento vykusiems veiksmams i\u0161reik\u0161ti. Alban\u0173 kalboje jis sudaromas su kam qen\u00eb duke, po kurio seka dalyvis, rei\u0161kiantis dabart\u012f tobul\u0105 progresyv\u0173, ir kisha qen\u00eb kunigaik\u0161tis praeityje tobulas progresyvus.<\/p>\n\n\n\n<h3 class=\"wp-block-heading\" id=\"h-10-conditionals\">10. S\u0105lygos:<\/h3>\n\n\n\n<p>S\u0105lygos i\u0161rei\u0161kia hipotetines situacijas ir galimas j\u0173 pasekmes. Alban\u0173 kalba vartoja formas su do t\u00eb ir atitinkama veiksma\u017eod\u017eio forma potencialioms ar nerealioms situacijoms ir if-sakinius, \u012fvestus n\u00ebse arba po t\u00eb. J\u0173 \u012fvaldymas suteiks niuans\u0173 j\u016bs\u0173 kalbos \u012fg\u016bd\u017eiams.<\/p>\n\n\n\n<h3 class=\"wp-block-heading\" id=\"h-11-adverbs\">11. Prieveiksmiai:<\/h3>\n\n\n\n<p>Alban\u0173 kalbos prieveiksmiai kei\u010dia veiksma\u017eod\u017eius, b\u016bdvard\u017eius ar kitus prieveiksmius. Jie pateikia informacij\u0105 apie b\u016bd\u0105, viet\u0105, laik\u0105, laipsn\u012f ir kt., da\u017enai naudodamiesi b\u016bdvard\u017eiams ar fiksuotiems prieveiksmiams tokiomis formomis kaip tani, dje, k\u00ebtu ir atje.<\/p>\n\n\n\n<h3 class=\"wp-block-heading\" id=\"h-12-prepositions\">12. Prielinksniai:<\/h3>\n\n\n\n<p>Prielinksniai susieja \u017eod\u017eius ir frazes. Jie i\u0161rei\u0161kia laiko, vietos, krypties ir kt. ry\u0161ius, naudodami \u012fprastus elementus, tokius kaip n\u00eb, te, tek, me, pa, p\u00ebr, nga, mbi, n\u00ebn, para ir pas. Su\u017einokite, kaip jie derinami su atvejais ir daiktavard\u017ei\u0173 fraz\u0117mis.<\/p>\n\n\n\n<h3 class=\"wp-block-heading\" id=\"h-13-sentences\">13. Sakiniai:<\/h3>\n\n\n\n<p>Galiausiai praktikuokite sakini\u0173 konstravim\u0105. Alban\u0173 kalba paprastai turi lanks\u010di\u0105 \u017eod\u017ei\u0173 tvark\u0105 su bendru SVO modeliu, prie\u0161 veiksma\u017eod\u012f naudoja klito \u012fvard\u017eius, neigia nuk ir formuoja klausimus intonacija arba a. Vis\u0173 anks\u010diau i\u0161mokt\u0173 gramatikos punkt\u0173 naudojimas kontekste u\u017etikrins visapusi\u0161k\u0105 alban\u0173 kalbos supratim\u0105.<\/p>\n<\/div><\/div>\n\r\n<section class=\"learnNavigationSection\">\r\n            \r\n        <a href=\"https:\/\/talkpal.ai\/lt\/mokytis-albanu-kalbos\/\">\r\n            <div class=\"learnNavigationWrapper\">\r\n                <div class=\"learnNavigationContent\">\r\n                    <img decoding=\"async\" src=\"https:\/\/talkpal.ai\/wp-content\/uploads\/2025\/11\/Albanian.png\" alt=\"Albanian Flag\">\r\n                    <div>\r\n                        <h4>Apie alban\u0173 kalbos mokym\u0105si<\/h4>\r\n                        <p>Su\u017einokite visk\u0105 apie alban\u0173 kalbos gramatik\u0105.<\/p>\r\n                    <\/div>\r\n                <\/div>\r\n            <\/div>\r\n        <\/a>\r\n\r\n        \r\n        <a href=\"https:\/\/talkpal.ai\/lt\/albanu-kalbos-gramatika\/\">\r\n            <div class=\"learnNavigationWrapper\">\r\n                <div class=\"learnNavigationContent\">\r\n                    <img decoding=\"async\" src=\"https:\/\/talkpal.ai\/wp-content\/uploads\/2025\/11\/Albanian.png\" alt=\"Albanian Flag\">\r\n                    <div>\r\n                        <h4>Alban\u0173 kalbos gramatikos pamokos<\/h4>\r\n                        <p>Praktikuokite alban\u0173 kalbos gramatik\u0105.<\/p>\r\n                    <\/div>\r\n                <\/div>\r\n            <\/div>\r\n        <\/a>\r\n\r\n            <\/section>","protected":false},"excerpt":{"rendered":"<p>Alban\u0173 kalbos gramatikos temos Naujos kalbos mokymasis gali b\u016bti sud\u0117tingas, bet naudingas darbas. Alban\u0173 kalba, indoeuropie\u010di\u0173 kalba, kuria daugiausia kalbama Albanijoje, n\u0117ra i\u0161imtis. D\u0117l unikali\u0173 savybi\u0173 ir strukt\u016br\u0173 alban\u0173 kalbos mokymasis reikalauja sistemingo po\u017ei\u016brio \u012f turtingos gramatikos supratim\u0105. \u0160iame vadove logi\u0161ka kalbos mokymosi seka apib\u016bdinamos pagrindin\u0117s alban\u0173 kalbos gramatikos sritys, pradedant nuo pagrind\u0173, toki\u0173 kaip [&hellip;]<\/p>\n","protected":false},"author":20,"featured_media":0,"parent":0,"menu_order":0,"comment_status":"closed","ping_status":"closed","template":"LearningContentPage.php","meta":{"_acf_changed":false,"footnotes":""},"class_list":["post-1468661","page","type-page","status-publish","hentry"],"acf":[],"yoast_head":"<!-- This site is optimized with the Yoast SEO Premium plugin v27.2 (Yoast SEO v27.2) - https:\/\/yoast.com\/product\/yoast-seo-premium-wordpress\/ -->\n<title>Alban\u0173 kalbos gramatikos pratimai - Talkpal<\/title>\n<meta name=\"description\" content=\"Patobulinkite savo alban\u0173 kalbos \u017einias naudodami &quot;Talkpal&quot; interaktyvias gramatikos u\u017eduotis, apiman\u010dias daiktavard\u017eius, veiksma\u017eod\u017eius, laikus ir sakini\u0173 strukt\u016bras.\" \/>\n<meta name=\"robots\" content=\"index, follow, max-snippet:-1, max-image-preview:large, max-video-preview:-1\" \/>\n<link rel=\"canonical\" href=\"https:\/\/talkpal.ai\/lt\/albanu-kalbos-gramatikos-pratimai\/\" \/>\n<meta property=\"og:locale\" content=\"lt_LT\" \/>\n<meta property=\"og:type\" content=\"article\" \/>\n<meta property=\"og:title\" content=\"Alban\u0173 kalbos gramatikos pratimai\" \/>\n<meta property=\"og:description\" content=\"Alban\u0173 kalbos gramatikos temos Naujos kalbos mokymasis gali b\u016bti sud\u0117tingas, bet naudingas darbas. Alban\u0173 kalba, indoeuropie\u010di\u0173 kalba, kuria daugiausia\" \/>\n<meta property=\"og:url\" content=\"https:\/\/talkpal.ai\/lt\/albanu-kalbos-gramatikos-pratimai\/\" \/>\n<meta property=\"og:site_name\" content=\"Talkpal\" \/>\n<meta property=\"article:publisher\" content=\"https:\/\/www.facebook.com\/profile.php?id=100090733639311\" \/>\n<meta property=\"article:modified_time\" content=\"2025-12-30T15:39:16+00:00\" \/>\n<meta property=\"og:image\" content=\"https:\/\/talkpal.ai\/wp-content\/uploads\/2025\/02\/Progress-tab-16_9.png\" \/>\n\t<meta property=\"og:image:width\" content=\"2880\" \/>\n\t<meta property=\"og:image:height\" content=\"1620\" \/>\n\t<meta property=\"og:image:type\" content=\"image\/png\" \/>\n<meta name=\"twitter:card\" content=\"summary_large_image\" \/>\n<meta name=\"twitter:site\" content=\"@talkpalai\" \/>\n<meta name=\"twitter:label1\" content=\"Est. reading time\" \/>\n\t<meta name=\"twitter:data1\" content=\"3 minut\u0117s\" \/>\n<script type=\"application\/ld+json\" class=\"yoast-schema-graph\">{\"@context\":\"https:\/\/schema.org\",\"@graph\":[{\"@type\":\"WebPage\",\"@id\":\"https:\/\/talkpal.ai\/lt\/albanu-kalbos-gramatikos-pratimai\/\",\"url\":\"https:\/\/talkpal.ai\/lt\/albanu-kalbos-gramatikos-pratimai\/\",\"name\":\"Alban\u0173 kalbos gramatikos pratimai - Talkpal\",\"isPartOf\":{\"@id\":\"https:\/\/talkpal.ai\/lt\/#website\"},\"datePublished\":\"2025-11-11T12:32:58+00:00\",\"dateModified\":\"2025-12-30T15:39:16+00:00\",\"description\":\"Patobulinkite savo alban\u0173 kalbos \u017einias naudodami \\\"Talkpal\\\" interaktyvias gramatikos u\u017eduotis, apiman\u010dias daiktavard\u017eius, veiksma\u017eod\u017eius, laikus ir sakini\u0173 strukt\u016bras.\",\"breadcrumb\":{\"@id\":\"https:\/\/talkpal.ai\/lt\/albanu-kalbos-gramatikos-pratimai\/#breadcrumb\"},\"inLanguage\":\"lt-LT\",\"potentialAction\":[{\"@type\":\"ReadAction\",\"target\":[\"https:\/\/talkpal.ai\/lt\/albanu-kalbos-gramatikos-pratimai\/\"]}]},{\"@type\":\"BreadcrumbList\",\"@id\":\"https:\/\/talkpal.ai\/lt\/albanu-kalbos-gramatikos-pratimai\/#breadcrumb\",\"itemListElement\":[{\"@type\":\"ListItem\",\"position\":1,\"name\":\"Homepage\",\"item\":\"https:\/\/talkpal.ai\/lt\/\"},{\"@type\":\"ListItem\",\"position\":2,\"name\":\"Alban\u0173 kalbos gramatikos pratimai\"}]},{\"@type\":\"WebSite\",\"@id\":\"https:\/\/talkpal.ai\/lt\/#website\",\"url\":\"https:\/\/talkpal.ai\/lt\/\",\"name\":\"Talkpal\",\"description\":\"AI Language Learning\",\"publisher\":{\"@id\":\"https:\/\/talkpal.ai\/lt\/#organization\"},\"alternateName\":\"Talkpal AI\",\"potentialAction\":[{\"@type\":\"SearchAction\",\"target\":{\"@type\":\"EntryPoint\",\"urlTemplate\":\"https:\/\/talkpal.ai\/lt\/?s={search_term_string}\"},\"query-input\":{\"@type\":\"PropertyValueSpecification\",\"valueRequired\":true,\"valueName\":\"search_term_string\"}}],\"inLanguage\":\"lt-LT\"},{\"@type\":\"Organization\",\"@id\":\"https:\/\/talkpal.ai\/lt\/#organization\",\"name\":\"Talkpal, Inc.\",\"alternateName\":\"Talkpal AI\",\"url\":\"https:\/\/talkpal.ai\/lt\/\",\"logo\":{\"@type\":\"ImageObject\",\"inLanguage\":\"lt-LT\",\"@id\":\"https:\/\/talkpal.ai\/lt\/#\/schema\/logo\/image\/\",\"url\":\"https:\/\/talkpal.ai\/wp-content\/uploads\/2024\/03\/Talkpal-Logo-Icon.png\",\"contentUrl\":\"https:\/\/talkpal.ai\/wp-content\/uploads\/2024\/03\/Talkpal-Logo-Icon.png\",\"width\":2880,\"height\":2880,\"caption\":\"Talkpal, Inc.\"},\"image\":{\"@id\":\"https:\/\/talkpal.ai\/lt\/#\/schema\/logo\/image\/\"},\"sameAs\":[\"https:\/\/www.facebook.com\/profile.php?id=100090733639311\",\"https:\/\/x.com\/talkpalai\",\"https:\/\/www.linkedin.com\/company\/talkpal\/\",\"https:\/\/www.youtube.com\/@TalkPal\/\",\"https:\/\/www.tiktok.com\/@talkpal\",\"https:\/\/www.instagram.com\/talkpal_ai\/\",\"https:\/\/www.crunchbase.com\/organization\/talkpal-9cde\",\"https:\/\/www.g2.com\/products\/talkpal-for-business\/\",\"https:\/\/www.trustpilot.com\/review\/talkpal.ai\",\"https:\/\/www.capterra.com\/p\/10006800\/TalkPal\/\"],\"description\":\"Talkpal is a language learning web and mobile education app, powered by the latest AI technologies, that provides engaging experiences to its customers in many different languages to help them improve their language skills. Users can chat about unlimited amount of topics with the app and use other modes to practice their language learning.\",\"email\":\"support@talkpal.ai\",\"legalName\":\"Talkpal, Inc.\",\"foundingDate\":\"2023-04-03\",\"duns\":\"118989042\",\"numberOfEmployees\":{\"@type\":\"QuantitativeValue\",\"minValue\":\"11\",\"maxValue\":\"50\"},\"publishingPrinciples\":\"https:\/\/talkpal.ai\/publishing-principles\/\",\"actionableFeedbackPolicy\":\"https:\/\/talkpal.ai\/actionable-feedback-policy\/\",\"correctionsPolicy\":\"https:\/\/talkpal.ai\/corrections-policy\/\",\"ethicsPolicy\":\"https:\/\/talkpal.ai\/ethics-policy\/\",\"diversityPolicy\":\"https:\/\/talkpal.ai\/diversity-policy\/\",\"diversityStaffingReport\":\"https:\/\/talkpal.ai\/diversity-policy\/\"}]}<\/script>\n<!-- \/ Yoast SEO Premium plugin. -->","yoast_head_json":{"title":"Alban\u0173 kalbos gramatikos pratimai - Talkpal","description":"Patobulinkite savo alban\u0173 kalbos \u017einias naudodami \"Talkpal\" interaktyvias gramatikos u\u017eduotis, apiman\u010dias daiktavard\u017eius, veiksma\u017eod\u017eius, laikus ir sakini\u0173 strukt\u016bras.","robots":{"index":"index","follow":"follow","max-snippet":"max-snippet:-1","max-image-preview":"max-image-preview:large","max-video-preview":"max-video-preview:-1"},"canonical":"https:\/\/talkpal.ai\/lt\/albanu-kalbos-gramatikos-pratimai\/","og_locale":"lt_LT","og_type":"article","og_title":"Alban\u0173 kalbos gramatikos pratimai","og_description":"Alban\u0173 kalbos gramatikos temos Naujos kalbos mokymasis gali b\u016bti sud\u0117tingas, bet naudingas darbas. Alban\u0173 kalba, indoeuropie\u010di\u0173 kalba, kuria daugiausia","og_url":"https:\/\/talkpal.ai\/lt\/albanu-kalbos-gramatikos-pratimai\/","og_site_name":"Talkpal","article_publisher":"https:\/\/www.facebook.com\/profile.php?id=100090733639311","article_modified_time":"2025-12-30T15:39:16+00:00","og_image":[{"width":2880,"height":1620,"url":"https:\/\/talkpal.ai\/wp-content\/uploads\/2025\/02\/Progress-tab-16_9.png","type":"image\/png"}],"twitter_card":"summary_large_image","twitter_site":"@talkpalai","twitter_misc":{"Est. reading time":"3 minut\u0117s"},"schema":{"@context":"https:\/\/schema.org","@graph":[{"@type":"WebPage","@id":"https:\/\/talkpal.ai\/lt\/albanu-kalbos-gramatikos-pratimai\/","url":"https:\/\/talkpal.ai\/lt\/albanu-kalbos-gramatikos-pratimai\/","name":"Alban\u0173 kalbos gramatikos pratimai - Talkpal","isPartOf":{"@id":"https:\/\/talkpal.ai\/lt\/#website"},"datePublished":"2025-11-11T12:32:58+00:00","dateModified":"2025-12-30T15:39:16+00:00","description":"Patobulinkite savo alban\u0173 kalbos \u017einias naudodami \"Talkpal\" interaktyvias gramatikos u\u017eduotis, apiman\u010dias daiktavard\u017eius, veiksma\u017eod\u017eius, laikus ir sakini\u0173 strukt\u016bras.","breadcrumb":{"@id":"https:\/\/talkpal.ai\/lt\/albanu-kalbos-gramatikos-pratimai\/#breadcrumb"},"inLanguage":"lt-LT","potentialAction":[{"@type":"ReadAction","target":["https:\/\/talkpal.ai\/lt\/albanu-kalbos-gramatikos-pratimai\/"]}]},{"@type":"BreadcrumbList","@id":"https:\/\/talkpal.ai\/lt\/albanu-kalbos-gramatikos-pratimai\/#breadcrumb","itemListElement":[{"@type":"ListItem","position":1,"name":"Homepage","item":"https:\/\/talkpal.ai\/lt\/"},{"@type":"ListItem","position":2,"name":"Alban\u0173 kalbos gramatikos pratimai"}]},{"@type":"WebSite","@id":"https:\/\/talkpal.ai\/lt\/#website","url":"https:\/\/talkpal.ai\/lt\/","name":"Talkpal","description":"AI Language Learning","publisher":{"@id":"https:\/\/talkpal.ai\/lt\/#organization"},"alternateName":"Talkpal AI","potentialAction":[{"@type":"SearchAction","target":{"@type":"EntryPoint","urlTemplate":"https:\/\/talkpal.ai\/lt\/?s={search_term_string}"},"query-input":{"@type":"PropertyValueSpecification","valueRequired":true,"valueName":"search_term_string"}}],"inLanguage":"lt-LT"},{"@type":"Organization","@id":"https:\/\/talkpal.ai\/lt\/#organization","name":"Talkpal, Inc.","alternateName":"Talkpal AI","url":"https:\/\/talkpal.ai\/lt\/","logo":{"@type":"ImageObject","inLanguage":"lt-LT","@id":"https:\/\/talkpal.ai\/lt\/#\/schema\/logo\/image\/","url":"https:\/\/talkpal.ai\/wp-content\/uploads\/2024\/03\/Talkpal-Logo-Icon.png","contentUrl":"https:\/\/talkpal.ai\/wp-content\/uploads\/2024\/03\/Talkpal-Logo-Icon.png","width":2880,"height":2880,"caption":"Talkpal, Inc."},"image":{"@id":"https:\/\/talkpal.ai\/lt\/#\/schema\/logo\/image\/"},"sameAs":["https:\/\/www.facebook.com\/profile.php?id=100090733639311","https:\/\/x.com\/talkpalai","https:\/\/www.linkedin.com\/company\/talkpal\/","https:\/\/www.youtube.com\/@TalkPal\/","https:\/\/www.tiktok.com\/@talkpal","https:\/\/www.instagram.com\/talkpal_ai\/","https:\/\/www.crunchbase.com\/organization\/talkpal-9cde","https:\/\/www.g2.com\/products\/talkpal-for-business\/","https:\/\/www.trustpilot.com\/review\/talkpal.ai","https:\/\/www.capterra.com\/p\/10006800\/TalkPal\/"],"description":"Talkpal is a language learning web and mobile education app, powered by the latest AI technologies, that provides engaging experiences to its customers in many different languages to help them improve their language skills. Users can chat about unlimited amount of topics with the app and use other modes to practice their language learning.","email":"support@talkpal.ai","legalName":"Talkpal, Inc.","foundingDate":"2023-04-03","duns":"118989042","numberOfEmployees":{"@type":"QuantitativeValue","minValue":"11","maxValue":"50"},"publishingPrinciples":"https:\/\/talkpal.ai\/publishing-principles\/","actionableFeedbackPolicy":"https:\/\/talkpal.ai\/actionable-feedback-policy\/","correctionsPolicy":"https:\/\/talkpal.ai\/corrections-policy\/","ethicsPolicy":"https:\/\/talkpal.ai\/ethics-policy\/","diversityPolicy":"https:\/\/talkpal.ai\/diversity-policy\/","diversityStaffingReport":"https:\/\/talkpal.ai\/diversity-policy\/"}]}},"_links":{"self":[{"href":"https:\/\/talkpal.ai\/lt\/wp-json\/wp\/v2\/pages\/1468661","targetHints":{"allow":["GET"]}}],"collection":[{"href":"https:\/\/talkpal.ai\/lt\/wp-json\/wp\/v2\/pages"}],"about":[{"href":"https:\/\/talkpal.ai\/lt\/wp-json\/wp\/v2\/types\/page"}],"author":[{"embeddable":true,"href":"https:\/\/talkpal.ai\/lt\/wp-json\/wp\/v2\/users\/20"}],"replies":[{"embeddable":true,"href":"https:\/\/talkpal.ai\/lt\/wp-json\/wp\/v2\/comments?post=1468661"}],"version-history":[{"count":0,"href":"https:\/\/talkpal.ai\/lt\/wp-json\/wp\/v2\/pages\/1468661\/revisions"}],"wp:attachment":[{"href":"https:\/\/talkpal.ai\/lt\/wp-json\/wp\/v2\/media?parent=1468661"}],"curies":[{"name":"wp","href":"https:\/\/api.w.org\/{rel}","templated":true}]}}