{"id":1468638,"date":"2025-11-12T17:11:45","date_gmt":"2025-11-12T17:11:45","guid":{"rendered":"https:\/\/talkpal.ai\/telugu-gramatika\/"},"modified":"2025-12-30T11:48:51","modified_gmt":"2025-12-30T11:48:51","slug":"telugu-gramatika","status":"publish","type":"page","link":"https:\/\/talkpal.ai\/lt\/telugu-gramatika\/","title":{"rendered":"Telug\u0173 gramatika"},"content":{"rendered":"\r\n\r\n\r\n<section class=\"languageChallengeSection\">\r\n    <div class=\"languageInfoWrapper\">\r\n        \r\n        <h1>Telug\u0173 gramatika<\/h1>\r\n        <p><a href=\"https:\/\/talkpal.ai\/lt\/mokytis-telugu-kalbos\/\">Telug\u0173 kalbos<\/a> gramatika i\u0161 prad\u017ei\u0173 gali atrodyti sud\u0117tinga, ta\u010diau d\u0117l unikali\u0173 savybi\u0173 <a href=\"https:\/\/talkpal.ai\/lt\/kaip-ismokti-kalba-per-talkpal-chat\/\">kalbos mokymasis<\/a> yra naudinga. Tyrin\u0117dami jos ab\u0117c\u0117l\u0119, mutacijas ir gramatikos taisykles, susipa\u017einsite su turtinga lingvistine tradicija. Prad\u0117kite savo kelion\u0119 ir atraskite <a href=\"https:\/\/talkpal.ai\/learn-telugu\/\">Telug\u0173<\/a> gro\u017e\u012f!<\/p>\r\n\r\n                            <a class=\"getStartedHidden\" href=\"https:\/\/app.talkpal.ai\/lt\/signup?lng=\">Prad\u0117k<\/a>\r\n        \r\n    <\/div>\r\n\r\n    <figure>\r\n    <img decoding=\"async\" width=\"768\" height=\"768\" src=\"https:\/\/talkpal.ai\/wp-content\/uploads\/2023\/06\/welsh-768x768.png\" class=\"languageImage no-lazy\" alt=\"Language learning for better cognitive abilities\" fetchpriority=\"high\" sizes=\"(max-width: 768px) 150px, 768px\" srcset=\"https:\/\/talkpal.ai\/wp-content\/uploads\/2023\/06\/welsh-768x768.png 768w, https:\/\/talkpal.ai\/wp-content\/uploads\/2023\/06\/welsh-300x300.png 300w\" \/>\r\n    \r\n\r\n    <\/figure>\r\n\r\n            <a class=\"getStartedVisible\" href=\"https:\/\/app.talkpal.ai\/lt\/signup?lng=\">Prad\u0117k<\/a>\r\n    \r\n<\/section><section class=\"promotionalBanner\">\r\n    <p class=\"promotionalText\">Efektyviausias b\u016bdas mokytis <a href=\"https:\/\/talkpal.ai\/what-language-is-spoken-on-the-international-space-station\/\">kalbos<\/a><\/p>\r\n    <a class=\"promotionalLink\" href=\"https:\/\/app.talkpal.ai\/lt\/signup?lng=\">I\u0161bandykite Talkpal &#8221; nemokamai<\/a>\r\n<\/section>\n<div class=\"wp-block-group pageContainerStyle\"><div class=\"wp-block-group__inner-container is-layout-constrained wp-block-group-is-layout-constrained\">\n<h2 class=\"wp-block-heading\" id=\"h-navigating-the-intricacies-of-telugu-grammar\">Telug\u0173 kalbos gramatikos subtilybi\u0173 nar\u0161ymas<\/h2>\n\n\n\n<p><a href=\"https:\/\/talkpal.ai\/lt\/mokytis-telugu-kalbos\/\">Telug\u0173 kalba<\/a>, dravid\u0173 kalba, turinti gyvybing\u0105 literat\u016brin\u0119 tradicij\u0105 ir kult\u016brin\u0119 reik\u0161m\u0119 Andhra Prade\u0161e ir Telanganoje, si\u016blo \u012fdomi\u0105 kalbin\u0119 patirt\u012f tiems, kurie nori tyrin\u0117ti unikali\u0105 gramatikos sistem\u0105. Leisdamiesi \u012f <a href=\"https:\/\/talkpal.ai\/learn-telugu\/\">telug\u0173<\/a> karalyst\u0119, ne tik praturtinsite savo kalbin\u012f repertuar\u0105, bet ir leisit\u0117s \u012f \u012fsp\u016bding\u0105 kult\u016brin\u0119 kelion\u0119. Nors <a href=\"https:\/\/talkpal.ai\/telugu-grammar\/\">telug\u0173 gramatika<\/a> i\u0161 prad\u017ei\u0173 gali atrodyti sud\u0117tinga, suskaid\u017eius j\u0105 \u012f pagrindinius komponentus, kalbos mokymasis <a href=\"https:\/\/talkpal.ai\/locations\/language-courses-in-tampa\/\">tampa<\/a> prieinamesnis. \u0160iame straipsnyje i\u0161nagrin\u0117sime patraukl\u0173 <a href=\"https:\/\/talkpal.ai\/lt\/mokytis-telugu-kalbos\/\">telug\u0173 kalbos<\/a> gramatikos pasaul\u012f ir pateiksime patarim\u0173, kaip \u012fvaldyti jo sud\u0117tingum\u0105.<\/p>\n\n\n\n<h3 class=\"wp-block-heading\" id=\"h-1-telugu-alphabet-and-phonetics\">1. Telug\u0173 ab\u0117c\u0117l\u0117 ir fonetika<\/h3>\n\n\n\n<p>Telug\u0173 ra\u0161te yra 16 balsi\u0173 ir 36 priebalsiai, taip pat tokie \u017eenklai kaip anusvara ir visarga. <a href=\"https:\/\/talkpal.ai\/learn-thai\/\">Tai<\/a> abugida, kur priebalsi\u0173 simboliai turi b\u016bding\u0105 bals\u012f, kur\u012f gali modifikuoti balsi\u0173 diakritiniai \u017eenklai, vadinami gunintalu. Telug\u0173 fonetika apima ai\u0161kius ilg\u0173j\u0173 ir trump\u0173j\u0173 balsi\u0173 kontrastus ir retrofleksini\u0173 priebalsi\u0173 rinkin\u012f. Norint i\u0161mokti telug\u0173 gramatikos, labai svarbu susipa\u017einti su \u0161ia i\u0161skirtine ra\u0161ymo sistema praktikuojant skaitym\u0105 ir ra\u0161ym\u0105 telug\u0173 kalba.<\/p>\n\n\n\n<h3 class=\"wp-block-heading\" id=\"h-2-sandhi-and-assimilation-a-notable-telugu-feature\">2. Sandhi ir asimiliacija: pastebimas telug\u0173 bruo\u017eas<\/h3>\n\n\n\n<p>Vienas ry\u0161kiausi\u0173 telug\u0173 kalbos gramatikos aspekt\u0173 yra sandhi ir fonologin\u0117s asimiliacijos naudojimas, d\u0117l kuri\u0173 garsai kei\u010diasi ties \u017eod\u017ei\u0173 ir morfem\u0173 ribomis. Balsiai gali susilieti arba pailg\u0117ti, o priebalsiai gali asimiliuotis arba geminuoti. Norint tiksliai bendrauti telug\u0173 kalba, labai svarbu suprasti, kada ir kaip \u0161ie poky\u010diai vyksta tiek kalboje, tiek ra\u0161yboje.<\/p>\n\n\n\n<h3 class=\"wp-block-heading\" id=\"h-3-nouns-and-pronouns-gender-and-cases\">3. Daiktavard\u017eiai ir \u012fvard\u017eiai: lytis ir atvejai<\/h3>\n\n\n\n<p>Telug\u0173 kalbos daiktavard\u017eiai n\u0117ra \u017eymimi gramatine gimine taip pat, kaip kai kurios indoeuropie\u010di\u0173 kalbos, ta\u010diau sutarimas atsispindi veiksma\u017eod\u017eiuose ir \u012fvard\u017eiuose, kurie i\u0161skiria vyri\u0161k\u0105j\u012f, moteri\u0161k\u0105j\u012f ir neutrin\u012f tre\u010diuoju asmeniu. Daugiskaita da\u017eniausiai formuojama su priesaga -lu, nors modeliai skiriasi priklausomai nuo daiktavard\u017ei\u0173 klas\u0117s. Telug\u0173 kalba naudoja did\u017ei\u0173j\u0173 ir ma\u017e\u0173j\u0173 raid\u017ei\u0173 priesagas ry\u0161iams \u017eym\u0117ti, pvz., kaltinam\u0105j\u012f -ni, datyv\u0105 -ki arba -ku, genityv\u0105 -di arba -yokka, instrumentin\u012f -to, lokatyvin\u012f -lo ir abliatyv\u0105 -nundi. \u012evard\u017eiai yra asmeniniai (nenu, nuvvu, meeru, atanu, ame, adi), savininkiniai (naa, nee, maa, me), refleksyv\u016bs (tanu atlieka \u012fvairias funkcijas), demonstraciniai (idi, adi, ivvi, avi) ir klausiamieji (emi, evaru, \u0113di). Susipa\u017ein\u0119 su \u0161iomis formomis \u017eymiai pagerinsite telug\u0173 kalbos gramatikos supratim\u0105.<\/p>\n\n\n\n<h3 class=\"wp-block-heading\" id=\"h-4-verbs-structure-and-conjugation\">4. Veiksma\u017eod\u017eiai: strukt\u016bra ir konjugacija<\/h3>\n\n\n\n<p>Telug\u0173 kalbos veiksma\u017eod\u017eiai yra aglutinaciniai ir konjuguojami asmeniui, skai\u010diui ir da\u017enai ly\u010diai, papildomai \u017eymint laik\u0105, aspekt\u0105, nuotaik\u0105 ir mandagum\u0105. Bendriniai laikai ir aspektai apima praeit\u012f, ateit\u012f ir pla\u010diai naudojam\u0105 dabart\u012f progresyvi\u0105 -tunn- formomis. Nuotaika i\u0161rei\u0161kiama imperatyviomis ir s\u0105lygin\u0117mis formomis, o mandagumo lygiai pa\u017eym\u0117ti pagarbiomis gal\u016bn\u0117mis, tokiomis kaip -andi. I\u0161mok\u0119 veiksma\u017eod\u017ei\u0173 kamienus ir konjugacijos modelius, pagerinsite j\u016bs\u0173 geb\u0117jim\u0105 efektyviai bendrauti telug\u0173 kalba.<\/p>\n\n\n\n<h3 class=\"wp-block-heading\" id=\"h-5-adjectives-agreement-and-placement\">5. B\u016bdvard\u017eiai: susitarimas ir vieta<\/h3>\n\n\n\n<p>Telug\u0173 gramatikoje b\u016bdvard\u017eiai paprastai eina prie\u0161 daiktavard\u012f, kur\u012f jie kei\u010dia, ir paprastai nekei\u010dia skai\u010diaus ar lyties formos. Dalyvaujamieji b\u016bdvard\u017eiai ir tam tikros skolintos formos gali parodyti papildom\u0105 morfologij\u0105, o palyginimas da\u017enai i\u0161rei\u0161kiamas analiti\u0161kai, naudojant tokius \u017eod\u017eius kaip inka daugiau ir atyantha arba ch\u0101la daugumai, su kanna \u017eym\u0117jimo palyginimu. \u0160ie modeliai yra b\u016btini norint i\u0161mokti bendrauti nat\u016braliau.<\/p>\n\n\n\n<p><strong>Pavyzd\u017eiai:<\/strong><\/p>\n\n\n\n<p><strong>\u2013 Pedda Prema (Did\u017eioji meil\u0117)<\/strong><\/p>\n\n\n\n<p><strong>\u2013 chinna pillalu (ma\u017ei vaikai)<\/strong><\/p>\n\n\n\n<h3 class=\"wp-block-heading\" id=\"h-6-engaging-with-the-language\">6. \u012esitraukimas \u012f kalb\u0105<\/h3>\n\n\n\n<p>Veiksmingiausias b\u016bdas visi\u0161kai suprasti ir \u012fsisavinti telug\u0173 kalbos gramatik\u0105 yra nuolat bendrauti su kalba. Skaitydami telug\u0173 literat\u016br\u0105, \u017ei\u016br\u0117dami telug\u0173 filmus ar televizijos serialus ir aktyviai bendraudami su gimtakalbiais, sustiprinsite gramatikos supratim\u0105 ir prapl\u0117site \u017eodyn\u0105.<\/p>\n\n\n\n<h3 class=\"wp-block-heading\" id=\"h-conclusion\">I\u0161vada<\/h3>\n\n\n\n<p>Nors telug\u0173 gramatika gali atrodyti sud\u0117tinga, galite \u012fgyti \u0161ios gra\u017eios kalbos \u012fg\u016bd\u017eius su atsidavimu, praktika ir entuziazmu. Sutelkdami d\u0117mes\u012f \u012f pagrindines taisykles ir bendraudami su kalba \u012fvairiuose kontekstuose, greitai pagerinsite savo telug\u0173 kalbos <a href=\"https:\/\/talkpal.ai\/lt\/gramatika\/\">gramatikos \u012fg\u016bd\u017eius<\/a>. Shubhakankshalu (geriausi link\u0117jimai) su savo telug\u0173 kalbos kelione, ir m\u0117gaukit\u0117s i\u0161narplioti turting\u0105 ir patraukl\u0173 pasaul\u012f telug\u0173 gramatikos!<\/p>\n<\/div><\/div>\n\r\n<section class=\"learnNavigationSection\">\r\n            \r\n        <a href=\"https:\/\/talkpal.ai\/lt\/mokytis-telugu-kalbos\/\">\r\n            <div class=\"learnNavigationWrapper\">\r\n                <div class=\"learnNavigationContent\">\r\n                    <img decoding=\"async\" src=\"https:\/\/talkpal.ai\/wp-content\/uploads\/2025\/11\/Telugu.png\" alt=\"Indian Simplified Flag\">\r\n                    <div>\r\n                        <h4>Apie telug\u0173 mokym\u0105si<\/h4>\r\n                        <p>Su\u017einokite visk\u0105 apie telug\u0173 gramatik\u0105.<\/p>\r\n                    <\/div>\r\n                <\/div>\r\n            <\/div>\r\n        <\/a>\r\n\r\n        \r\n        <a href=\"https:\/\/talkpal.ai\/lt\/telugu-gramatikos-pratimai\/\">\r\n            <div class=\"learnNavigationWrapper\">\r\n                <div class=\"learnNavigationContent\">\r\n                    <img decoding=\"async\" src=\"https:\/\/talkpal.ai\/wp-content\/uploads\/2025\/11\/Telugu.png\" alt=\"Indian Simplified Flag\">\r\n                    <div>\r\n                        <h4>Telug\u0173 gramatikos pratimas<\/h4>\r\n                        <p>Praktikuokite telug\u0173 gramatik\u0105.<\/p>\r\n                    <\/div>\r\n                <\/div>\r\n            <\/div>\r\n        <\/a>\r\n\r\n            <\/section>","protected":false},"excerpt":{"rendered":"<p>Telug\u0173 kalbos gramatikos subtilybi\u0173 nar\u0161ymas Telug\u0173 kalba, dravid\u0173 kalba, turinti gyvybing\u0105 literat\u016brin\u0119 tradicij\u0105 ir kult\u016brin\u0119 reik\u0161m\u0119 Andhra Prade\u0161e ir Telanganoje, si\u016blo \u012fdomi\u0105 kalbin\u0119 patirt\u012f tiems, kurie nori tyrin\u0117ti unikali\u0105 gramatikos sistem\u0105. Leisdamiesi \u012f telug\u0173 karalyst\u0119, ne tik praturtinsite savo kalbin\u012f repertuar\u0105, bet ir leisit\u0117s \u012f \u012fsp\u016bding\u0105 kult\u016brin\u0119 kelion\u0119. Nors telug\u0173 gramatika i\u0161 prad\u017ei\u0173 gali atrodyti [&hellip;]<\/p>\n","protected":false},"author":20,"featured_media":0,"parent":0,"menu_order":0,"comment_status":"closed","ping_status":"closed","template":"LearningContentPage.php","meta":{"_acf_changed":false,"footnotes":""},"class_list":["post-1468638","page","type-page","status-publish","hentry"],"acf":[],"yoast_head":"<!-- This site is optimized with the Yoast SEO Premium plugin v27.2 (Yoast SEO v27.2) - https:\/\/yoast.com\/product\/yoast-seo-premium-wordpress\/ -->\n<title>Telug\u0173 gramatika - Talkpal<\/title>\n<meta name=\"description\" content=\"\u012evaldykite telug\u0173 kalbos gramatikos taisykles, \u012fskaitant sandhi, atvejus ir veiksma\u017eod\u017ei\u0173 linksniavim\u0105, naudodamiesi i\u0161samiu vadovu ir interaktyviais pratimais.\" \/>\n<meta name=\"robots\" content=\"index, follow, max-snippet:-1, max-image-preview:large, max-video-preview:-1\" \/>\n<link rel=\"canonical\" href=\"https:\/\/talkpal.ai\/lt\/telugu-gramatika\/\" \/>\n<meta property=\"og:locale\" content=\"lt_LT\" \/>\n<meta property=\"og:type\" content=\"article\" \/>\n<meta property=\"og:title\" content=\"Telug\u0173 gramatika\" \/>\n<meta property=\"og:description\" content=\"Telug\u0173 kalbos gramatikos subtilybi\u0173 nar\u0161ymas Telug\u0173 kalba, dravid\u0173 kalba, turinti gyvybing\u0105 literat\u016brin\u0119 tradicij\u0105 ir kult\u016brin\u0119 reik\u0161m\u0119 Andhra Prade\u0161e ir\" \/>\n<meta property=\"og:url\" content=\"https:\/\/talkpal.ai\/lt\/telugu-gramatika\/\" \/>\n<meta property=\"og:site_name\" content=\"Talkpal\" \/>\n<meta property=\"article:publisher\" content=\"https:\/\/www.facebook.com\/profile.php?id=100090733639311\" \/>\n<meta property=\"article:modified_time\" content=\"2025-12-30T11:48:51+00:00\" \/>\n<meta property=\"og:image\" content=\"https:\/\/talkpal.ai\/wp-content\/uploads\/2025\/02\/Progress-tab-16_9.png\" \/>\n\t<meta property=\"og:image:width\" content=\"2880\" \/>\n\t<meta property=\"og:image:height\" content=\"1620\" \/>\n\t<meta property=\"og:image:type\" content=\"image\/png\" \/>\n<meta name=\"twitter:card\" content=\"summary_large_image\" \/>\n<meta name=\"twitter:site\" content=\"@talkpalai\" \/>\n<meta name=\"twitter:label1\" content=\"Est. reading time\" \/>\n\t<meta name=\"twitter:data1\" content=\"3 minut\u0117s\" \/>\n<script type=\"application\/ld+json\" class=\"yoast-schema-graph\">{\"@context\":\"https:\/\/schema.org\",\"@graph\":[{\"@type\":\"WebPage\",\"@id\":\"https:\/\/talkpal.ai\/lt\/telugu-gramatika\/\",\"url\":\"https:\/\/talkpal.ai\/lt\/telugu-gramatika\/\",\"name\":\"Telug\u0173 gramatika - Talkpal\",\"isPartOf\":{\"@id\":\"https:\/\/talkpal.ai\/lt\/#website\"},\"datePublished\":\"2025-11-12T17:11:45+00:00\",\"dateModified\":\"2025-12-30T11:48:51+00:00\",\"description\":\"\u012evaldykite telug\u0173 kalbos gramatikos taisykles, \u012fskaitant sandhi, atvejus ir veiksma\u017eod\u017ei\u0173 linksniavim\u0105, naudodamiesi i\u0161samiu vadovu ir interaktyviais pratimais.\",\"breadcrumb\":{\"@id\":\"https:\/\/talkpal.ai\/lt\/telugu-gramatika\/#breadcrumb\"},\"inLanguage\":\"lt-LT\",\"potentialAction\":[{\"@type\":\"ReadAction\",\"target\":[\"https:\/\/talkpal.ai\/lt\/telugu-gramatika\/\"]}]},{\"@type\":\"BreadcrumbList\",\"@id\":\"https:\/\/talkpal.ai\/lt\/telugu-gramatika\/#breadcrumb\",\"itemListElement\":[{\"@type\":\"ListItem\",\"position\":1,\"name\":\"Homepage\",\"item\":\"https:\/\/talkpal.ai\/lt\/\"},{\"@type\":\"ListItem\",\"position\":2,\"name\":\"Telug\u0173 gramatika\"}]},{\"@type\":\"WebSite\",\"@id\":\"https:\/\/talkpal.ai\/lt\/#website\",\"url\":\"https:\/\/talkpal.ai\/lt\/\",\"name\":\"Talkpal\",\"description\":\"AI Language Learning\",\"publisher\":{\"@id\":\"https:\/\/talkpal.ai\/lt\/#organization\"},\"alternateName\":\"Talkpal AI\",\"potentialAction\":[{\"@type\":\"SearchAction\",\"target\":{\"@type\":\"EntryPoint\",\"urlTemplate\":\"https:\/\/talkpal.ai\/lt\/?s={search_term_string}\"},\"query-input\":{\"@type\":\"PropertyValueSpecification\",\"valueRequired\":true,\"valueName\":\"search_term_string\"}}],\"inLanguage\":\"lt-LT\"},{\"@type\":\"Organization\",\"@id\":\"https:\/\/talkpal.ai\/lt\/#organization\",\"name\":\"Talkpal, Inc.\",\"alternateName\":\"Talkpal AI\",\"url\":\"https:\/\/talkpal.ai\/lt\/\",\"logo\":{\"@type\":\"ImageObject\",\"inLanguage\":\"lt-LT\",\"@id\":\"https:\/\/talkpal.ai\/lt\/#\/schema\/logo\/image\/\",\"url\":\"https:\/\/talkpal.ai\/wp-content\/uploads\/2024\/03\/Talkpal-Logo-Icon.png\",\"contentUrl\":\"https:\/\/talkpal.ai\/wp-content\/uploads\/2024\/03\/Talkpal-Logo-Icon.png\",\"width\":2880,\"height\":2880,\"caption\":\"Talkpal, Inc.\"},\"image\":{\"@id\":\"https:\/\/talkpal.ai\/lt\/#\/schema\/logo\/image\/\"},\"sameAs\":[\"https:\/\/www.facebook.com\/profile.php?id=100090733639311\",\"https:\/\/x.com\/talkpalai\",\"https:\/\/www.linkedin.com\/company\/talkpal\/\",\"https:\/\/www.youtube.com\/@TalkPal\/\",\"https:\/\/www.tiktok.com\/@talkpal\",\"https:\/\/www.instagram.com\/talkpal_ai\/\",\"https:\/\/www.crunchbase.com\/organization\/talkpal-9cde\",\"https:\/\/www.g2.com\/products\/talkpal-for-business\/\",\"https:\/\/www.trustpilot.com\/review\/talkpal.ai\",\"https:\/\/www.capterra.com\/p\/10006800\/TalkPal\/\"],\"description\":\"Talkpal is a language learning web and mobile education app, powered by the latest AI technologies, that provides engaging experiences to its customers in many different languages to help them improve their language skills. Users can chat about unlimited amount of topics with the app and use other modes to practice their language learning.\",\"email\":\"support@talkpal.ai\",\"legalName\":\"Talkpal, Inc.\",\"foundingDate\":\"2023-04-03\",\"duns\":\"118989042\",\"numberOfEmployees\":{\"@type\":\"QuantitativeValue\",\"minValue\":\"11\",\"maxValue\":\"50\"},\"publishingPrinciples\":\"https:\/\/talkpal.ai\/publishing-principles\/\",\"actionableFeedbackPolicy\":\"https:\/\/talkpal.ai\/actionable-feedback-policy\/\",\"correctionsPolicy\":\"https:\/\/talkpal.ai\/corrections-policy\/\",\"ethicsPolicy\":\"https:\/\/talkpal.ai\/ethics-policy\/\",\"diversityPolicy\":\"https:\/\/talkpal.ai\/diversity-policy\/\",\"diversityStaffingReport\":\"https:\/\/talkpal.ai\/diversity-policy\/\"}]}<\/script>\n<!-- \/ Yoast SEO Premium plugin. -->","yoast_head_json":{"title":"Telug\u0173 gramatika - Talkpal","description":"\u012evaldykite telug\u0173 kalbos gramatikos taisykles, \u012fskaitant sandhi, atvejus ir veiksma\u017eod\u017ei\u0173 linksniavim\u0105, naudodamiesi i\u0161samiu vadovu ir interaktyviais pratimais.","robots":{"index":"index","follow":"follow","max-snippet":"max-snippet:-1","max-image-preview":"max-image-preview:large","max-video-preview":"max-video-preview:-1"},"canonical":"https:\/\/talkpal.ai\/lt\/telugu-gramatika\/","og_locale":"lt_LT","og_type":"article","og_title":"Telug\u0173 gramatika","og_description":"Telug\u0173 kalbos gramatikos subtilybi\u0173 nar\u0161ymas Telug\u0173 kalba, dravid\u0173 kalba, turinti gyvybing\u0105 literat\u016brin\u0119 tradicij\u0105 ir kult\u016brin\u0119 reik\u0161m\u0119 Andhra Prade\u0161e ir","og_url":"https:\/\/talkpal.ai\/lt\/telugu-gramatika\/","og_site_name":"Talkpal","article_publisher":"https:\/\/www.facebook.com\/profile.php?id=100090733639311","article_modified_time":"2025-12-30T11:48:51+00:00","og_image":[{"width":2880,"height":1620,"url":"https:\/\/talkpal.ai\/wp-content\/uploads\/2025\/02\/Progress-tab-16_9.png","type":"image\/png"}],"twitter_card":"summary_large_image","twitter_site":"@talkpalai","twitter_misc":{"Est. reading time":"3 minut\u0117s"},"schema":{"@context":"https:\/\/schema.org","@graph":[{"@type":"WebPage","@id":"https:\/\/talkpal.ai\/lt\/telugu-gramatika\/","url":"https:\/\/talkpal.ai\/lt\/telugu-gramatika\/","name":"Telug\u0173 gramatika - Talkpal","isPartOf":{"@id":"https:\/\/talkpal.ai\/lt\/#website"},"datePublished":"2025-11-12T17:11:45+00:00","dateModified":"2025-12-30T11:48:51+00:00","description":"\u012evaldykite telug\u0173 kalbos gramatikos taisykles, \u012fskaitant sandhi, atvejus ir veiksma\u017eod\u017ei\u0173 linksniavim\u0105, naudodamiesi i\u0161samiu vadovu ir interaktyviais pratimais.","breadcrumb":{"@id":"https:\/\/talkpal.ai\/lt\/telugu-gramatika\/#breadcrumb"},"inLanguage":"lt-LT","potentialAction":[{"@type":"ReadAction","target":["https:\/\/talkpal.ai\/lt\/telugu-gramatika\/"]}]},{"@type":"BreadcrumbList","@id":"https:\/\/talkpal.ai\/lt\/telugu-gramatika\/#breadcrumb","itemListElement":[{"@type":"ListItem","position":1,"name":"Homepage","item":"https:\/\/talkpal.ai\/lt\/"},{"@type":"ListItem","position":2,"name":"Telug\u0173 gramatika"}]},{"@type":"WebSite","@id":"https:\/\/talkpal.ai\/lt\/#website","url":"https:\/\/talkpal.ai\/lt\/","name":"Talkpal","description":"AI Language Learning","publisher":{"@id":"https:\/\/talkpal.ai\/lt\/#organization"},"alternateName":"Talkpal AI","potentialAction":[{"@type":"SearchAction","target":{"@type":"EntryPoint","urlTemplate":"https:\/\/talkpal.ai\/lt\/?s={search_term_string}"},"query-input":{"@type":"PropertyValueSpecification","valueRequired":true,"valueName":"search_term_string"}}],"inLanguage":"lt-LT"},{"@type":"Organization","@id":"https:\/\/talkpal.ai\/lt\/#organization","name":"Talkpal, Inc.","alternateName":"Talkpal AI","url":"https:\/\/talkpal.ai\/lt\/","logo":{"@type":"ImageObject","inLanguage":"lt-LT","@id":"https:\/\/talkpal.ai\/lt\/#\/schema\/logo\/image\/","url":"https:\/\/talkpal.ai\/wp-content\/uploads\/2024\/03\/Talkpal-Logo-Icon.png","contentUrl":"https:\/\/talkpal.ai\/wp-content\/uploads\/2024\/03\/Talkpal-Logo-Icon.png","width":2880,"height":2880,"caption":"Talkpal, Inc."},"image":{"@id":"https:\/\/talkpal.ai\/lt\/#\/schema\/logo\/image\/"},"sameAs":["https:\/\/www.facebook.com\/profile.php?id=100090733639311","https:\/\/x.com\/talkpalai","https:\/\/www.linkedin.com\/company\/talkpal\/","https:\/\/www.youtube.com\/@TalkPal\/","https:\/\/www.tiktok.com\/@talkpal","https:\/\/www.instagram.com\/talkpal_ai\/","https:\/\/www.crunchbase.com\/organization\/talkpal-9cde","https:\/\/www.g2.com\/products\/talkpal-for-business\/","https:\/\/www.trustpilot.com\/review\/talkpal.ai","https:\/\/www.capterra.com\/p\/10006800\/TalkPal\/"],"description":"Talkpal is a language learning web and mobile education app, powered by the latest AI technologies, that provides engaging experiences to its customers in many different languages to help them improve their language skills. Users can chat about unlimited amount of topics with the app and use other modes to practice their language learning.","email":"support@talkpal.ai","legalName":"Talkpal, Inc.","foundingDate":"2023-04-03","duns":"118989042","numberOfEmployees":{"@type":"QuantitativeValue","minValue":"11","maxValue":"50"},"publishingPrinciples":"https:\/\/talkpal.ai\/publishing-principles\/","actionableFeedbackPolicy":"https:\/\/talkpal.ai\/actionable-feedback-policy\/","correctionsPolicy":"https:\/\/talkpal.ai\/corrections-policy\/","ethicsPolicy":"https:\/\/talkpal.ai\/ethics-policy\/","diversityPolicy":"https:\/\/talkpal.ai\/diversity-policy\/","diversityStaffingReport":"https:\/\/talkpal.ai\/diversity-policy\/"}]}},"_links":{"self":[{"href":"https:\/\/talkpal.ai\/lt\/wp-json\/wp\/v2\/pages\/1468638","targetHints":{"allow":["GET"]}}],"collection":[{"href":"https:\/\/talkpal.ai\/lt\/wp-json\/wp\/v2\/pages"}],"about":[{"href":"https:\/\/talkpal.ai\/lt\/wp-json\/wp\/v2\/types\/page"}],"author":[{"embeddable":true,"href":"https:\/\/talkpal.ai\/lt\/wp-json\/wp\/v2\/users\/20"}],"replies":[{"embeddable":true,"href":"https:\/\/talkpal.ai\/lt\/wp-json\/wp\/v2\/comments?post=1468638"}],"version-history":[{"count":0,"href":"https:\/\/talkpal.ai\/lt\/wp-json\/wp\/v2\/pages\/1468638\/revisions"}],"wp:attachment":[{"href":"https:\/\/talkpal.ai\/lt\/wp-json\/wp\/v2\/media?parent=1468638"}],"curies":[{"name":"wp","href":"https:\/\/api.w.org\/{rel}","templated":true}]}}