{"id":1468597,"date":"2025-11-12T17:00:53","date_gmt":"2025-11-12T17:00:53","guid":{"rendered":"https:\/\/talkpal.ai\/somalio-gramatikos-pratimai\/"},"modified":"2025-12-30T11:14:37","modified_gmt":"2025-12-30T11:14:37","slug":"somalio-gramatikos-pratimai","status":"publish","type":"page","link":"https:\/\/talkpal.ai\/lt\/somalio-gramatikos-pratimai\/","title":{"rendered":"Somalio gramatikos pratimai"},"content":{"rendered":"\r\n\r\n\r\n<section class=\"languageChallengeSection\">\r\n    <div class=\"languageInfoWrapper\">\r\n        \r\n        <h1>Somalio gramatikos pratimai<\/h1>\r\n        <p>Pasiruo\u0161\u0119 pasinerti \u012f Somalio gramatik\u0105? I\u0161mok\u0119 kelis pagrindinius dalykus, gal\u0117site patogiai \u012fvaldyti \u0161i\u0105 unikali\u0105 ir gra\u017ei\u0105 kalb\u0105. I\u0161bandykite \u0161iuos pratimus, kad sustiprintum\u0117te pasitik\u0117jim\u0105 savimi ir smagiai praleistum\u0117te laik\u0105!<\/p>\r\n\r\n                            <a class=\"getStartedHidden\" href=\"https:\/\/app.talkpal.ai\/lt\/signup?lng=\">Prad\u0117k<\/a>\r\n        \r\n    <\/div>\r\n\r\n    <figure>\r\n    <img decoding=\"async\" width=\"768\" height=\"768\" src=\"https:\/\/talkpal.ai\/wp-content\/uploads\/2023\/06\/welsh-768x768.png\" class=\"languageImage no-lazy\" alt=\"Language learning for better cognitive abilities\" fetchpriority=\"high\" sizes=\"(max-width: 768px) 150px, 768px\" srcset=\"https:\/\/talkpal.ai\/wp-content\/uploads\/2023\/06\/welsh-768x768.png 768w, https:\/\/talkpal.ai\/wp-content\/uploads\/2023\/06\/welsh-300x300.png 300w\" \/>\r\n    \r\n\r\n    <\/figure>\r\n\r\n            <a class=\"getStartedVisible\" href=\"https:\/\/app.talkpal.ai\/lt\/signup?lng=\">Prad\u0117k<\/a>\r\n    \r\n<\/section><section class=\"promotionalBanner\">\r\n    <p class=\"promotionalText\">Efektyviausias b\u016bdas mokytis <a href=\"https:\/\/talkpal.ai\/what-language-is-spoken-on-the-international-space-station\/\">kalbos<\/a><\/p>\r\n    <a class=\"promotionalLink\" href=\"https:\/\/app.talkpal.ai\/lt\/signup?lng=\">I\u0161bandykite Talkpal &#8221; nemokamai<\/a>\r\n<\/section>\n<div class=\"wp-block-group pageContainerStyle\"><div class=\"wp-block-group__inner-container is-layout-constrained wp-block-group-is-layout-constrained\">\n<h2 class=\"wp-block-heading\" id=\"h-somali-grammar-topics\">Somalio gramatikos temos<\/h2>\n\n\n\n<p><a href=\"https:\/\/talkpal.ai\/lt\/didziausios-klaidos-kuriu-reikia-vengti-mokantis-naujos-kalbos\/\">Naujos kalbos mokymasis<\/a> gali b\u016bti sud\u0117tingas, bet naudingas darbas. Somalis, ku\u0161it\u0173 kalba, kuria daugiausia kalbama Somalyje, Somalio pusiasalyje ir diasporoje, n\u0117ra i\u0161imtis. D\u0117l unikali\u0173 savybi\u0173 ir strukt\u016br\u0173 <a href=\"https:\/\/talkpal.ai\/lt\/talkpal-svietimui\/\">somalie\u010di\u0173 kalbos mokymasis<\/a> reikalauja sistemingo po\u017ei\u016brio \u012f gramatik\u0105. \u0160iame vadove logi\u0161ka <a href=\"https:\/\/talkpal.ai\/lt\/talkpal-svietimui\/\">kalbos mokymosi<\/a> seka apib\u016bdinamos pagrindin\u0117s<a href=\"https:\/\/talkpal.ai\/lt\/somalio-gramatika\/\"> somali\u0173 gramatikos<\/a> sritys, pradedant nuo pagrind\u0173, toki\u0173 kaip daiktavard\u017eiai ir straipsniai, ir pereinant prie sud\u0117tingesni\u0173 sri\u010di\u0173, toki\u0173 kaip laikai ir sakini\u0173 konstrukcija.<\/p>\n\n\n\n<h3 class=\"wp-block-heading\" id=\"h-1-nouns\">1. Daiktavard\u017eiai:<\/h3>\n\n\n\n<p>Prad\u0117kite savo <a href=\"https:\/\/talkpal.ai\/learn-somali\/\">somalie\u010di\u0173<\/a> kalbos kelion\u0119 mokydamiesi daiktavard\u017ei\u0173. <a href=\"https:\/\/talkpal.ai\/learn-thai\/\">Tai<\/a> apima skirting\u0173 daiktavard\u017ei\u0173 kategorij\u0173, toki\u0173 kaip bendriniai ir tikriniai daiktavard\u017eiai, j\u0173 gramatin\u0117 lytis ir daugiskaitos formos su bendromis priesagomis ir netaisyklingais ra\u0161tais, supratim\u0105.<\/p>\n\n\n\n<h3 class=\"wp-block-heading\" id=\"h-2-articles\">2. Straipsniai:<\/h3>\n\n\n\n<p>Straipsniai somalie\u010di\u0173 kalba vartojami kitaip nei <a href=\"https:\/\/talkpal.ai\/ai-english-speaking-practice\/\">angl\u0173<\/a>. Somali\u0173 kalba naudoja apibr\u0117\u017et\u0105j\u012f straipsn\u012f, paprastai -ka arba -ta ir -ga arba -da, kuris pridedamas prie paskutinio daiktavard\u017eio fraz\u0117s \u017eod\u017eio, o neapibr\u0117\u017etumas paprastai i\u0161rei\u0161kiamas pliku daiktavard\u017eiu arba tokiais \u017eod\u017eiais kaip mid arba hal.<\/p>\n\n\n\n<h3 class=\"wp-block-heading\" id=\"h-3-adjectives\">3. B\u016bdvard\u017eiai:<\/h3>\n\n\n\n<p>B\u016bdvard\u017eiai somalie\u010di\u0173 kalba seka daiktavard\u017eius, kurie skiriasi nuo <a href=\"https:\/\/talkpal.ai\/learn-english-with-ai\/\">angl\u0173<\/a> kalbos. Jie sutaria pagal lyt\u012f ir skai\u010di\u0173 ir da\u017enai turi apibr\u0117\u017et\u0105 priesag\u0105, <a href=\"https:\/\/talkpal.ai\/locations\/language-courses-in-kai\/\">kai<\/a> daiktavard\u017eio fraz\u0117 yra apibr\u0117\u017eta; Su\u017einokite, kaip formuoti lyginamuosius ir superlatyvus su ka &#8230; badanas ir ugu &#8230; badanas.<\/p>\n\n\n\n<h3 class=\"wp-block-heading\" id=\"h-4-pronouns-determiners\">4. \u012evard\u017eiai\/determinantai:<\/h3>\n\n\n\n<p>\u012evard\u017eiai ir determinantai yra b\u016btini Somalyje; Jie pakei\u010dia daiktavard\u017eius ir pateikia informacij\u0105 apie kiek\u012f, tur\u0117jim\u0105 ir kt. I\u0161mokite nepriklausomus \u012fvard\u017eius, demonstratyvus, tokius kaip kan, tan, kuwaas, kiekybinius rodiklius, tokius kaip qaar ir badan, ir savininki\u0161kas gal\u016bnes, tokias kaip -kayga ir -tayda, pridedamas prie apibr\u0117\u017et\u0173 daiktavard\u017ei\u0173.<\/p>\n\n\n\n<h3 class=\"wp-block-heading\" id=\"h-5-verbs\">5. Veiksma\u017eod\u017eiai:<\/h3>\n\n\n\n<p>Somalio veiksma\u017eod\u017eiai turi skirtingas formas, priklausomai nuo laiko, aspekto ir nuotaikos. Prad\u0117kite nuo dabarties form\u0173, toki\u0173 kaip \u012fprasta -aa ir progresyvi -ayaa, tada tyrin\u0117kite praeities formas ir b\u016bdus, kaip i\u0161reik\u0161ti ateit\u012f, kartu su \u012fprastais dalyk\u0173 \u017eymekliais ir neigimu su ma.<\/p>\n\n\n\n<h3 class=\"wp-block-heading\" id=\"h-6-tenses\">6. Laikai:<\/h3>\n\n\n\n<p>\u012evald\u0119 veiksma\u017eod\u017ei\u0173 formas, gilinkit\u0117s \u012f somalie\u010di\u0173 laikus ir aspektus. Tai apima dabarties \u012fprasto, dabarties progresyvaus, praeities paprasto, praeities progresyvaus supratim\u0105 ir b\u016bdus, kaip i\u0161reik\u0161ti ateities laik\u0105 doon ir laiko prieveiksmiais, taip pat daleli\u0173, toki\u0173 kaip waa, baa ir ayaa, vaidmenis.<\/p>\n\n\n\n<h3 class=\"wp-block-heading\" id=\"h-7-tense-comparison\">7. \u012etemptas palyginimas:<\/h3>\n\n\n\n<p>Laiko palyginimas Somalyje padeda suprasti \u012fvyki\u0173 sek\u0105. Palyginus t\u0105 pat\u012f veiksma\u017eod\u012f \u012fprastose, progresyviose, praeities ir ateities formose, bus galima geriau suprasti, kaip priesagos ir dalel\u0117s kei\u010dia reik\u0161m\u0119 kontekste.<\/p>\n\n\n\n<h3 class=\"wp-block-heading\" id=\"h-8-progressive\">8. Progresyvus:<\/h3>\n\n\n\n<p>Progresinis laikas Somalyje naudojamas vykstantiems veiksmams i\u0161reik\u0161ti. Jis sudarytas su veiksma\u017eod\u017eio kamienu plius -ayaa ir atitinkamais dalyko \u017eymekliais, pvz., waan akhriyayaa skaitau.<\/p>\n\n\n\n<h3 class=\"wp-block-heading\" id=\"h-9-perfect-progressive\">9. Tobulas progresyvus:<\/h3>\n\n\n\n<p>\u0160i \u012ftampa naudojama i\u0161reik\u0161ti veiksmus, kurie vyko iki tam tikro ta\u0161ko. Somalyje jis paprastai i\u0161rei\u0161kiamas praeities progresyviu -ayay kartu su laiko posakiais, tokiais kaip tan <a href=\"https:\/\/talkpal.ai\/locations\/language-courses-in-iyo\/\">iyo<\/a> ir ilaa, arba tokiomis konstrukcijomis kaip ku jiray ir \u017eodinis daiktavardis.<\/p>\n\n\n\n<h3 class=\"wp-block-heading\" id=\"h-10-conditionals\">10. S\u0105lygos:<\/h3>\n\n\n\n<p>S\u0105lygos i\u0161rei\u0161kia hipotetines situacijas ir galimas j\u0173 pasekmes. Jie da\u017eniausiai vartoja jungtuk\u0105 haddii su jungtuku veiksma\u017eod\u017eio forma, o <a href=\"https:\/\/talkpal.ai\/lt\/grammar\/vokieciu-kalbos-gramatikos-neigimas\/\">neigimas<\/a> atsiranda su tokiomis formomis kaip uusan arba aadan.<\/p>\n\n\n\n<h3 class=\"wp-block-heading\" id=\"h-11-adverbs\">11. Prieveiksmiai:<\/h3>\n\n\n\n<p>Prieveiksmiai somali\u0173 kalba kei\u010dia veiksma\u017eod\u017eius, b\u016bdvard\u017eius ar kitus prieveiksmius. Jie pateikia informacij\u0105 apie b\u016bd\u0105, viet\u0105, laik\u0105, laipsn\u012f ir kt., da\u017enai suformuoti su si b\u016bdu ir \u012fskaitant \u012fprastus daiktus, tokius kaip hadda, berri, halkaa ir aad.<\/p>\n\n\n\n<h3 class=\"wp-block-heading\" id=\"h-12-prepositions\">12. Prielinksniai:<\/h3>\n\n\n\n<p>Prielinksniai susieja \u017eod\u017eius ir frazes. Somalis naudoja tokius elementus kaip ku in arba at, ka from, u to or for, la with ir dhex between, kurie derinami su \u012fvardin\u0117mis priesagomis, tokiomis kaip igu, kaa ir ugu.<\/p>\n\n\n\n<h3 class=\"wp-block-heading\" id=\"h-13-sentences\">13. Sakiniai:<\/h3>\n\n\n\n<p>Galiausiai praktikuokite sakini\u0173 konstravim\u0105. Tai apims vis\u0173 anks\u010diau i\u0161mokt\u0173 gramatikos punkt\u0173 naudojim\u0105 kontekste, pa\u017eymint, kad somalie\u010di\u0173 kalba linkusi \u012f veiksma\u017eod\u017eio galutin\u0119 tvark\u0105 ir naudoja fokusavimo ir temos \u017eymenis, tokius kaip waa, baa ir ayaa, su neigimu, pa\u017eym\u0117tu ma.<\/p>\n<\/div><\/div>\n\r\n<section class=\"learnNavigationSection\">\r\n            \r\n        <a href=\"https:\/\/talkpal.ai\/lt\/mokytis-somalieciu-kalbos\/\">\r\n            <div class=\"learnNavigationWrapper\">\r\n                <div class=\"learnNavigationContent\">\r\n                    <img decoding=\"async\" src=\"https:\/\/talkpal.ai\/wp-content\/uploads\/2025\/11\/Somali.png\" alt=\"Somalian Flag\">\r\n                    <div>\r\n                        <h4>Apie Somalio mokym\u0105si<\/h4>\r\n                        <p>Su\u017einokite visk\u0105 apie Somalio gramatik\u0105.<\/p>\r\n                    <\/div>\r\n                <\/div>\r\n            <\/div>\r\n        <\/a>\r\n\r\n        \r\n        <a href=\"https:\/\/talkpal.ai\/lt\/somalio-gramatika\/\">\r\n            <div class=\"learnNavigationWrapper\">\r\n                <div class=\"learnNavigationContent\">\r\n                    <img decoding=\"async\" src=\"https:\/\/talkpal.ai\/wp-content\/uploads\/2025\/11\/Somali.png\" alt=\"Somalian Flag\">\r\n                    <div>\r\n                        <h4>Somalio gramatikos pamokos<\/h4>\r\n                        <p>Praktikuokite Somalio gramatik\u0105.<\/p>\r\n                    <\/div>\r\n                <\/div>\r\n            <\/div>\r\n        <\/a>\r\n\r\n            <\/section>","protected":false},"excerpt":{"rendered":"<p>Somalio gramatikos temos Naujos kalbos mokymasis gali b\u016bti sud\u0117tingas, bet naudingas darbas. Somalis, ku\u0161it\u0173 kalba, kuria daugiausia kalbama Somalyje, Somalio pusiasalyje ir diasporoje, n\u0117ra i\u0161imtis. D\u0117l unikali\u0173 savybi\u0173 ir strukt\u016br\u0173 somalie\u010di\u0173 kalbos mokymasis reikalauja sistemingo po\u017ei\u016brio \u012f gramatik\u0105. \u0160iame vadove logi\u0161ka kalbos mokymosi seka apib\u016bdinamos pagrindin\u0117s somali\u0173 gramatikos sritys, pradedant nuo pagrind\u0173, toki\u0173 kaip daiktavard\u017eiai [&hellip;]<\/p>\n","protected":false},"author":20,"featured_media":0,"parent":0,"menu_order":0,"comment_status":"closed","ping_status":"closed","template":"LearningContentPage.php","meta":{"_acf_changed":false,"footnotes":""},"class_list":["post-1468597","page","type-page","status-publish","hentry"],"acf":[],"yoast_head":"<!-- This site is optimized with the Yoast SEO Premium plugin v27.2 (Yoast SEO v27.2) - https:\/\/yoast.com\/product\/yoast-seo-premium-wordpress\/ -->\n<title>Somalio gramatikos pratimai - Talkpal<\/title>\n<meta name=\"description\" content=\"\u012evaldykite somalie\u010di\u0173 kalbos gramatik\u0105 su m\u016bs\u0173 i\u0161samiais pratimais, apiman\u010diais daiktavard\u017eius, veiksma\u017eod\u017eius ir laikus, kad gal\u0117tum\u0117te veiksmingai mokytis kalbos.\" \/>\n<meta name=\"robots\" content=\"index, follow, max-snippet:-1, max-image-preview:large, max-video-preview:-1\" \/>\n<link rel=\"canonical\" href=\"https:\/\/talkpal.ai\/lt\/somalio-gramatikos-pratimai\/\" \/>\n<meta property=\"og:locale\" content=\"lt_LT\" \/>\n<meta property=\"og:type\" content=\"article\" \/>\n<meta property=\"og:title\" content=\"Somalio gramatikos pratimai\" \/>\n<meta property=\"og:description\" content=\"Somalio gramatikos temos Naujos kalbos mokymasis gali b\u016bti sud\u0117tingas, bet naudingas darbas. Somalis, ku\u0161it\u0173 kalba, kuria daugiausia kalbama Somalyje,\" \/>\n<meta property=\"og:url\" content=\"https:\/\/talkpal.ai\/lt\/somalio-gramatikos-pratimai\/\" \/>\n<meta property=\"og:site_name\" content=\"Talkpal\" \/>\n<meta property=\"article:publisher\" content=\"https:\/\/www.facebook.com\/profile.php?id=100090733639311\" \/>\n<meta property=\"article:modified_time\" content=\"2025-12-30T11:14:37+00:00\" \/>\n<meta property=\"og:image\" content=\"https:\/\/talkpal.ai\/wp-content\/uploads\/2025\/02\/Progress-tab-16_9.png\" \/>\n\t<meta property=\"og:image:width\" content=\"2880\" \/>\n\t<meta property=\"og:image:height\" content=\"1620\" \/>\n\t<meta property=\"og:image:type\" content=\"image\/png\" \/>\n<meta name=\"twitter:card\" content=\"summary_large_image\" \/>\n<meta name=\"twitter:site\" content=\"@talkpalai\" \/>\n<meta name=\"twitter:label1\" content=\"Est. reading time\" \/>\n\t<meta name=\"twitter:data1\" content=\"3 minut\u0117s\" \/>\n<script type=\"application\/ld+json\" class=\"yoast-schema-graph\">{\"@context\":\"https:\/\/schema.org\",\"@graph\":[{\"@type\":\"WebPage\",\"@id\":\"https:\/\/talkpal.ai\/lt\/somalio-gramatikos-pratimai\/\",\"url\":\"https:\/\/talkpal.ai\/lt\/somalio-gramatikos-pratimai\/\",\"name\":\"Somalio gramatikos pratimai - Talkpal\",\"isPartOf\":{\"@id\":\"https:\/\/talkpal.ai\/lt\/#website\"},\"datePublished\":\"2025-11-12T17:00:53+00:00\",\"dateModified\":\"2025-12-30T11:14:37+00:00\",\"description\":\"\u012evaldykite somalie\u010di\u0173 kalbos gramatik\u0105 su m\u016bs\u0173 i\u0161samiais pratimais, apiman\u010diais daiktavard\u017eius, veiksma\u017eod\u017eius ir laikus, kad gal\u0117tum\u0117te veiksmingai mokytis kalbos.\",\"breadcrumb\":{\"@id\":\"https:\/\/talkpal.ai\/lt\/somalio-gramatikos-pratimai\/#breadcrumb\"},\"inLanguage\":\"lt-LT\",\"potentialAction\":[{\"@type\":\"ReadAction\",\"target\":[\"https:\/\/talkpal.ai\/lt\/somalio-gramatikos-pratimai\/\"]}]},{\"@type\":\"BreadcrumbList\",\"@id\":\"https:\/\/talkpal.ai\/lt\/somalio-gramatikos-pratimai\/#breadcrumb\",\"itemListElement\":[{\"@type\":\"ListItem\",\"position\":1,\"name\":\"Homepage\",\"item\":\"https:\/\/talkpal.ai\/lt\/\"},{\"@type\":\"ListItem\",\"position\":2,\"name\":\"Somalio gramatikos pratimai\"}]},{\"@type\":\"WebSite\",\"@id\":\"https:\/\/talkpal.ai\/lt\/#website\",\"url\":\"https:\/\/talkpal.ai\/lt\/\",\"name\":\"Talkpal\",\"description\":\"AI Language Learning\",\"publisher\":{\"@id\":\"https:\/\/talkpal.ai\/lt\/#organization\"},\"alternateName\":\"Talkpal AI\",\"potentialAction\":[{\"@type\":\"SearchAction\",\"target\":{\"@type\":\"EntryPoint\",\"urlTemplate\":\"https:\/\/talkpal.ai\/lt\/?s={search_term_string}\"},\"query-input\":{\"@type\":\"PropertyValueSpecification\",\"valueRequired\":true,\"valueName\":\"search_term_string\"}}],\"inLanguage\":\"lt-LT\"},{\"@type\":\"Organization\",\"@id\":\"https:\/\/talkpal.ai\/lt\/#organization\",\"name\":\"Talkpal, Inc.\",\"alternateName\":\"Talkpal AI\",\"url\":\"https:\/\/talkpal.ai\/lt\/\",\"logo\":{\"@type\":\"ImageObject\",\"inLanguage\":\"lt-LT\",\"@id\":\"https:\/\/talkpal.ai\/lt\/#\/schema\/logo\/image\/\",\"url\":\"https:\/\/talkpal.ai\/wp-content\/uploads\/2024\/03\/Talkpal-Logo-Icon.png\",\"contentUrl\":\"https:\/\/talkpal.ai\/wp-content\/uploads\/2024\/03\/Talkpal-Logo-Icon.png\",\"width\":2880,\"height\":2880,\"caption\":\"Talkpal, Inc.\"},\"image\":{\"@id\":\"https:\/\/talkpal.ai\/lt\/#\/schema\/logo\/image\/\"},\"sameAs\":[\"https:\/\/www.facebook.com\/profile.php?id=100090733639311\",\"https:\/\/x.com\/talkpalai\",\"https:\/\/www.linkedin.com\/company\/talkpal\/\",\"https:\/\/www.youtube.com\/@TalkPal\/\",\"https:\/\/www.tiktok.com\/@talkpal\",\"https:\/\/www.instagram.com\/talkpal_ai\/\",\"https:\/\/www.crunchbase.com\/organization\/talkpal-9cde\",\"https:\/\/www.g2.com\/products\/talkpal-for-business\/\",\"https:\/\/www.trustpilot.com\/review\/talkpal.ai\",\"https:\/\/www.capterra.com\/p\/10006800\/TalkPal\/\"],\"description\":\"Talkpal is a language learning web and mobile education app, powered by the latest AI technologies, that provides engaging experiences to its customers in many different languages to help them improve their language skills. Users can chat about unlimited amount of topics with the app and use other modes to practice their language learning.\",\"email\":\"support@talkpal.ai\",\"legalName\":\"Talkpal, Inc.\",\"foundingDate\":\"2023-04-03\",\"duns\":\"118989042\",\"numberOfEmployees\":{\"@type\":\"QuantitativeValue\",\"minValue\":\"11\",\"maxValue\":\"50\"},\"publishingPrinciples\":\"https:\/\/talkpal.ai\/publishing-principles\/\",\"actionableFeedbackPolicy\":\"https:\/\/talkpal.ai\/actionable-feedback-policy\/\",\"correctionsPolicy\":\"https:\/\/talkpal.ai\/corrections-policy\/\",\"ethicsPolicy\":\"https:\/\/talkpal.ai\/ethics-policy\/\",\"diversityPolicy\":\"https:\/\/talkpal.ai\/diversity-policy\/\",\"diversityStaffingReport\":\"https:\/\/talkpal.ai\/diversity-policy\/\"}]}<\/script>\n<!-- \/ Yoast SEO Premium plugin. -->","yoast_head_json":{"title":"Somalio gramatikos pratimai - Talkpal","description":"\u012evaldykite somalie\u010di\u0173 kalbos gramatik\u0105 su m\u016bs\u0173 i\u0161samiais pratimais, apiman\u010diais daiktavard\u017eius, veiksma\u017eod\u017eius ir laikus, kad gal\u0117tum\u0117te veiksmingai mokytis kalbos.","robots":{"index":"index","follow":"follow","max-snippet":"max-snippet:-1","max-image-preview":"max-image-preview:large","max-video-preview":"max-video-preview:-1"},"canonical":"https:\/\/talkpal.ai\/lt\/somalio-gramatikos-pratimai\/","og_locale":"lt_LT","og_type":"article","og_title":"Somalio gramatikos pratimai","og_description":"Somalio gramatikos temos Naujos kalbos mokymasis gali b\u016bti sud\u0117tingas, bet naudingas darbas. Somalis, ku\u0161it\u0173 kalba, kuria daugiausia kalbama Somalyje,","og_url":"https:\/\/talkpal.ai\/lt\/somalio-gramatikos-pratimai\/","og_site_name":"Talkpal","article_publisher":"https:\/\/www.facebook.com\/profile.php?id=100090733639311","article_modified_time":"2025-12-30T11:14:37+00:00","og_image":[{"width":2880,"height":1620,"url":"https:\/\/talkpal.ai\/wp-content\/uploads\/2025\/02\/Progress-tab-16_9.png","type":"image\/png"}],"twitter_card":"summary_large_image","twitter_site":"@talkpalai","twitter_misc":{"Est. reading time":"3 minut\u0117s"},"schema":{"@context":"https:\/\/schema.org","@graph":[{"@type":"WebPage","@id":"https:\/\/talkpal.ai\/lt\/somalio-gramatikos-pratimai\/","url":"https:\/\/talkpal.ai\/lt\/somalio-gramatikos-pratimai\/","name":"Somalio gramatikos pratimai - Talkpal","isPartOf":{"@id":"https:\/\/talkpal.ai\/lt\/#website"},"datePublished":"2025-11-12T17:00:53+00:00","dateModified":"2025-12-30T11:14:37+00:00","description":"\u012evaldykite somalie\u010di\u0173 kalbos gramatik\u0105 su m\u016bs\u0173 i\u0161samiais pratimais, apiman\u010diais daiktavard\u017eius, veiksma\u017eod\u017eius ir laikus, kad gal\u0117tum\u0117te veiksmingai mokytis kalbos.","breadcrumb":{"@id":"https:\/\/talkpal.ai\/lt\/somalio-gramatikos-pratimai\/#breadcrumb"},"inLanguage":"lt-LT","potentialAction":[{"@type":"ReadAction","target":["https:\/\/talkpal.ai\/lt\/somalio-gramatikos-pratimai\/"]}]},{"@type":"BreadcrumbList","@id":"https:\/\/talkpal.ai\/lt\/somalio-gramatikos-pratimai\/#breadcrumb","itemListElement":[{"@type":"ListItem","position":1,"name":"Homepage","item":"https:\/\/talkpal.ai\/lt\/"},{"@type":"ListItem","position":2,"name":"Somalio gramatikos pratimai"}]},{"@type":"WebSite","@id":"https:\/\/talkpal.ai\/lt\/#website","url":"https:\/\/talkpal.ai\/lt\/","name":"Talkpal","description":"AI Language Learning","publisher":{"@id":"https:\/\/talkpal.ai\/lt\/#organization"},"alternateName":"Talkpal AI","potentialAction":[{"@type":"SearchAction","target":{"@type":"EntryPoint","urlTemplate":"https:\/\/talkpal.ai\/lt\/?s={search_term_string}"},"query-input":{"@type":"PropertyValueSpecification","valueRequired":true,"valueName":"search_term_string"}}],"inLanguage":"lt-LT"},{"@type":"Organization","@id":"https:\/\/talkpal.ai\/lt\/#organization","name":"Talkpal, Inc.","alternateName":"Talkpal AI","url":"https:\/\/talkpal.ai\/lt\/","logo":{"@type":"ImageObject","inLanguage":"lt-LT","@id":"https:\/\/talkpal.ai\/lt\/#\/schema\/logo\/image\/","url":"https:\/\/talkpal.ai\/wp-content\/uploads\/2024\/03\/Talkpal-Logo-Icon.png","contentUrl":"https:\/\/talkpal.ai\/wp-content\/uploads\/2024\/03\/Talkpal-Logo-Icon.png","width":2880,"height":2880,"caption":"Talkpal, Inc."},"image":{"@id":"https:\/\/talkpal.ai\/lt\/#\/schema\/logo\/image\/"},"sameAs":["https:\/\/www.facebook.com\/profile.php?id=100090733639311","https:\/\/x.com\/talkpalai","https:\/\/www.linkedin.com\/company\/talkpal\/","https:\/\/www.youtube.com\/@TalkPal\/","https:\/\/www.tiktok.com\/@talkpal","https:\/\/www.instagram.com\/talkpal_ai\/","https:\/\/www.crunchbase.com\/organization\/talkpal-9cde","https:\/\/www.g2.com\/products\/talkpal-for-business\/","https:\/\/www.trustpilot.com\/review\/talkpal.ai","https:\/\/www.capterra.com\/p\/10006800\/TalkPal\/"],"description":"Talkpal is a language learning web and mobile education app, powered by the latest AI technologies, that provides engaging experiences to its customers in many different languages to help them improve their language skills. Users can chat about unlimited amount of topics with the app and use other modes to practice their language learning.","email":"support@talkpal.ai","legalName":"Talkpal, Inc.","foundingDate":"2023-04-03","duns":"118989042","numberOfEmployees":{"@type":"QuantitativeValue","minValue":"11","maxValue":"50"},"publishingPrinciples":"https:\/\/talkpal.ai\/publishing-principles\/","actionableFeedbackPolicy":"https:\/\/talkpal.ai\/actionable-feedback-policy\/","correctionsPolicy":"https:\/\/talkpal.ai\/corrections-policy\/","ethicsPolicy":"https:\/\/talkpal.ai\/ethics-policy\/","diversityPolicy":"https:\/\/talkpal.ai\/diversity-policy\/","diversityStaffingReport":"https:\/\/talkpal.ai\/diversity-policy\/"}]}},"_links":{"self":[{"href":"https:\/\/talkpal.ai\/lt\/wp-json\/wp\/v2\/pages\/1468597","targetHints":{"allow":["GET"]}}],"collection":[{"href":"https:\/\/talkpal.ai\/lt\/wp-json\/wp\/v2\/pages"}],"about":[{"href":"https:\/\/talkpal.ai\/lt\/wp-json\/wp\/v2\/types\/page"}],"author":[{"embeddable":true,"href":"https:\/\/talkpal.ai\/lt\/wp-json\/wp\/v2\/users\/20"}],"replies":[{"embeddable":true,"href":"https:\/\/talkpal.ai\/lt\/wp-json\/wp\/v2\/comments?post=1468597"}],"version-history":[{"count":0,"href":"https:\/\/talkpal.ai\/lt\/wp-json\/wp\/v2\/pages\/1468597\/revisions"}],"wp:attachment":[{"href":"https:\/\/talkpal.ai\/lt\/wp-json\/wp\/v2\/media?parent=1468597"}],"curies":[{"name":"wp","href":"https:\/\/api.w.org\/{rel}","templated":true}]}}