{"id":1468577,"date":"2025-11-12T16:58:05","date_gmt":"2025-11-12T16:58:05","guid":{"rendered":"https:\/\/talkpal.ai\/somalio-gramatika\/"},"modified":"2025-12-30T11:09:11","modified_gmt":"2025-12-30T11:09:11","slug":"somalio-gramatika","status":"publish","type":"page","link":"https:\/\/talkpal.ai\/lt\/somalio-gramatika\/","title":{"rendered":"Somalio gramatika"},"content":{"rendered":"\r\n\r\n\r\n<section class=\"languageChallengeSection\">\r\n    <div class=\"languageInfoWrapper\">\r\n        \r\n        <h1>Somalio gramatika<\/h1>\r\n        <p>Somalio <a href=\"https:\/\/talkpal.ai\/sq\/gramatika\/\">gramatika<\/a> i\u0161 prad\u017ei\u0173 gali atrodyti sud\u0117tinga, ta\u010diau d\u0117l unikali\u0173 savybi\u0173 <a href=\"https:\/\/talkpal.ai\/lt\/kaip-ismokti-kalba-per-talkpal-chat\/\">kalbos mokymasis<\/a> yra naudinga. Tyrin\u0117dami jos ab\u0117c\u0117l\u0119, mutacijas ir gramatikos taisykles, susipa\u017einsite su turtinga lingvistine tradicija. Prad\u0117kite savo kelion\u0119 ir atraskite Somalio gro\u017e\u012f!<\/p>\r\n\r\n                            <a class=\"getStartedHidden\" href=\"https:\/\/app.talkpal.ai\/lt\/signup?lng=\">Prad\u0117k<\/a>\r\n        \r\n    <\/div>\r\n\r\n    <figure>\r\n    <img decoding=\"async\" width=\"768\" height=\"768\" src=\"https:\/\/talkpal.ai\/wp-content\/uploads\/2023\/06\/welsh-768x768.png\" class=\"languageImage no-lazy\" alt=\"Language learning for better cognitive abilities\" fetchpriority=\"high\" sizes=\"(max-width: 768px) 150px, 768px\" srcset=\"https:\/\/talkpal.ai\/wp-content\/uploads\/2023\/06\/welsh-768x768.png 768w, https:\/\/talkpal.ai\/wp-content\/uploads\/2023\/06\/welsh-300x300.png 300w\" \/>\r\n    \r\n\r\n    <\/figure>\r\n\r\n            <a class=\"getStartedVisible\" href=\"https:\/\/app.talkpal.ai\/lt\/signup?lng=\">Prad\u0117k<\/a>\r\n    \r\n<\/section><section class=\"promotionalBanner\">\r\n    <p class=\"promotionalText\">Efektyviausias b\u016bdas mokytis <a href=\"https:\/\/talkpal.ai\/what-language-is-spoken-on-the-international-space-station\/\">kalbos<\/a><\/p>\r\n    <a class=\"promotionalLink\" href=\"https:\/\/app.talkpal.ai\/lt\/signup?lng=\">I\u0161bandykite Talkpal &#8221; nemokamai<\/a>\r\n<\/section>\n<div class=\"wp-block-group pageContainerStyle\"><div class=\"wp-block-group__inner-container is-layout-constrained wp-block-group-is-layout-constrained\">\n<h2 class=\"wp-block-heading\" id=\"h-navigating-the-intricacies-of-somali-grammar\">Nar\u0161ymas Somalio gramatikos subtilyb\u0117se<\/h2>\n\n\n\n<p><a href=\"https:\/\/talkpal.ai\/lt\/mokytis-somalieciu-kalbos\/\">Somalis<\/a>, afroazij\u0173 \u0161eimos ku\u0161it\u0173 kalba, turinti turting\u0105 istorij\u0105 ir kult\u016brin\u0119 reik\u0161m\u0119, si\u016blo \u012fdomi\u0105 kalbin\u0119 patirt\u012f tiems, kurie nori i\u0161tirti unikali\u0105 gramatikos sistem\u0105. Keliaudami \u012f Somalio karalyst\u0119 ne tik praturtinsite savo kalbin\u012f repertuar\u0105, bet ir leisit\u0117s \u012f \u012fsp\u016bding\u0105 kult\u016brin\u0119 kelion\u0119. Nors <a href=\"https:\/\/talkpal.ai\/learn-somali\/\">somalie\u010di\u0173<\/a> gramatika i\u0161 prad\u017ei\u0173 gali atrodyti sud\u0117tinga, suskaid\u017eius j\u0105 \u012f pagrindinius komponentus, kalbos mokymasis <a href=\"https:\/\/talkpal.ai\/locations\/language-courses-in-tampa\/\">tampa<\/a> prieinamesnis. \u0160iame straipsnyje i\u0161nagrin\u0117sime patraukl\u0173 Somalio gramatikos pasaul\u012f ir pateiksime patarim\u0173, kaip \u012fvaldyti jo sud\u0117tingum\u0105.<\/p>\n\n\n\n<h3 class=\"wp-block-heading\" id=\"h-1-somali-alphabet-and-phonetics\">1. Somalio ab\u0117c\u0117l\u0117 ir fonetika<\/h3>\n\n\n\n<p>Somalio ra\u0161to sistemoje naudojama lotyni\u0161ka ab\u0117c\u0117l\u0117 su penkiais balsiais ir priebalsi\u0173 rinkiniu, apiman\u010diu unikalius Somalio garsus, tokius kaip c, x ir q. Taip pat susidursite su digrafais, tokiais kaip dh, kh ir sh, taip pat kontrastingu balsiu ir priebalsi\u0173 ilgiu, kurie gali pakeisti prasm\u0119. Norint i\u0161mokti Somalio gramatikos, labai svarbu susipa\u017einti su \u0161ia i\u0161skirtine ra\u0161ymo sistema praktikuojant skaitym\u0105 ir ra\u0161ym\u0105 somalie\u010di\u0173 kalba.<\/p>\n\n\n\n<h3 class=\"wp-block-heading\" id=\"h-2-phonology-and-prosody-distinctive-somali-features\">2. Fonologija ir prozodija: skiriamieji Somalio bruo\u017eai<\/h3>\n\n\n\n<p>Vienas ry\u0161kiausi\u0173 somalie\u010di\u0173 kalbos aspekt\u0173 yra balsi\u0173 ilgio, priebalsi\u0173 ilgio ir auk\u0161\u010dio kir\u010dio svarba, kurie kartu i\u0161skiria pana\u0161i\u0173 \u017eod\u017ei\u0173 reik\u0161mes. Somalyje taip pat yra rykl\u0117s ir uvulini\u0173 priebalsi\u0173, kurie yra ne\u012fprasti daugelyje kalb\u0173. Norint tiksliai tarti ir bendrauti Somalio kalba, labai svarbu suprasti, kaip ilgis, akcentas ir \u0161ie priebalsiai veikia.<\/p>\n\n\n\n<h3 class=\"wp-block-heading\" id=\"h-3-nouns-and-pronouns-gender-and-cases\">3. Daiktavard\u017eiai ir \u012fvard\u017eiai: lytis ir atvejai<\/h3>\n\n\n\n<p>Somalio daiktavard\u017eiai turi gramatin\u0119 lyt\u012f (vyri\u0161k\u0105j\u0105 arba moteri\u0161k\u0105j\u0105), o daugiskaita formuojama keliais b\u016bdais, da\u017enai kei\u010diantis gal\u016bn\u0117ms, o kartais ir lyties poliari\u0161kumui tarp vienaskaitos ir daugiskaitos. Apibr\u0117\u017etumas \u017eymimas priesagomis, tokiomis kaip -ka, -ta, -ga ir -da, kurios skiriasi priklausomai nuo garso modeli\u0173 ir lyties. Somalis naudoja atvej\u0173 sistem\u0105, kad pa\u017eym\u0117t\u0173 tokius vaidmenis kaip subjektas ir genityviniai ry\u0161iai. Somalio \u012fvard\u017eiai apima asmenines, savininki\u0161kas, refleksines, demonstracines ir klausiam\u0105sias formas. Susipa\u017ein\u0119 su \u0161iais \u012fvard\u017eiais ir j\u0173 formomis, \u017eymiai pagerinsite Somalio gramatikos supratim\u0105.<\/p>\n\n\n\n<h3 class=\"wp-block-heading\" id=\"h-4-verbs-structure-and-conjugation\">4. Veiksma\u017eod\u017eiai: strukt\u016bra ir konjugacija<\/h3>\n\n\n\n<p>Somalio veiksma\u017eod\u017eiai atitinka modelius, atspindin\u010dius laik\u0105, aspekt\u0105, nuotaik\u0105 ir asmen\u012f. Da\u017eniausiai naudojami laikai ir aspektai apima dabart\u012f, praeit\u012f ir ateit\u012f, taip pat tokias nuotaikas kaip s\u0105lyginis, <a href=\"https:\/\/talkpal.ai\/lt\/grammar\/vokieciu-kalbos-gramatikos-imperatyvas\/\">imperatyvas<\/a> ir jungtinis. <a href=\"https:\/\/talkpal.ai\/lt\/grammar\/vokieciu-kalbos-gramatikos-neigimas\/\">Neigimas<\/a> paprastai formuojamas dalel\u0117mis, esan\u010diomis prie\u0161 veiksma\u017eod\u012f, o asmens susitarimas rodomas per afiksus ir daleles. I\u0161mok\u0119 veiksma\u017eod\u017ei\u0173 konjugacijos taisykles ir sakinio daleles, pagerinsite j\u016bs\u0173 geb\u0117jim\u0105 efektyviai bendrauti somalie\u010di\u0173 kalba.<\/p>\n\n\n\n<h3 class=\"wp-block-heading\" id=\"h-5-adjectives-agreement-and-placement\">5. B\u016bdvard\u017eiai: susitarimas ir vieta<\/h3>\n\n\n\n<p>Somalio gramatikoje b\u016bdvard\u017eiai paprastai eina po daiktavard\u017eio, kur\u012f jie kei\u010dia, ir, jei reikia, tur\u0117t\u0173 sutapti su daiktavard\u017eiu pagal lyt\u012f ir skai\u010di\u0173. Lyginamieji ir superlatyvai da\u017enai formuojami su tokiais \u017eymenimis kaip ka lyginamajam ir ugu superlatyvui, o <a href=\"https:\/\/talkpal.ai\/locations\/language-courses-in-kai\/\">kai<\/a> kurie b\u016bdvard\u017eiai turi netaisyklingus modelius, kurie yra b\u016btini norint i\u0161mokti bendrauti nat\u016braliau.<\/p>\n\n\n\n<p><strong>Pavyzd\u017eiai:<\/strong><\/p>\n\n\n\n<p><strong>\u2013 Jacayl Weyn (Did\u017eioji meil\u0117)<\/strong><\/p>\n\n\n\n<p><strong>\u2013 Caruur yar (ma\u017ei vaikai)<\/strong><\/p>\n\n\n\n<h3 class=\"wp-block-heading\" id=\"h-6-engaging-with-the-language\">6. \u012esitraukimas \u012f kalb\u0105<\/h3>\n\n\n\n<p>Veiksmingiausias b\u016bdas visi\u0161kai suprasti ir \u012fsisavinti somalie\u010di\u0173 gramatik\u0105 yra nuosekliai bendrauti su kalba. Skaitydami Somalio literat\u016br\u0105, klausydamiesi Somalio radijo, \u017ei\u016br\u0117dami Somalio filmus ar televizijos serialus ir aktyviai bendraudami su gimtakalbiais, sustiprinsite gramatikos supratim\u0105 ir prapl\u0117site \u017eodyn\u0105.<\/p>\n\n\n\n<h3 class=\"wp-block-heading\" id=\"h-conclusion\">I\u0161vada<\/h3>\n\n\n\n<p>Nors Somalio gramatika gali atrodyti sud\u0117tinga, galite \u012fgyti \u0161ios gra\u017eios kalbos \u012fg\u016bd\u017eius su atsidavimu, praktika ir entuziazmu. Sutelkdami d\u0117mes\u012f \u012f pagrindines taisykles ir bendraudami su kalba \u012fvairiuose kontekstuose, greitai pagerinsite savo Somalio <a href=\"https:\/\/talkpal.ai\/lt\/gramatika\/\">gramatikos \u012fg\u016bd\u017eius<\/a>. Nasiib wacan (s\u0117km\u0117s) savo Somalio kalbos kelion\u0117je ir m\u0117gaukit\u0117s m\u012fslingu, bet \u017eavingu Somalio gramatikos pasauliu!<\/p>\n<\/div><\/div>\n\r\n<section class=\"learnNavigationSection\">\r\n            \r\n        <a href=\"https:\/\/talkpal.ai\/lt\/mokytis-somalieciu-kalbos\/\">\r\n            <div class=\"learnNavigationWrapper\">\r\n                <div class=\"learnNavigationContent\">\r\n                    <img decoding=\"async\" src=\"https:\/\/talkpal.ai\/wp-content\/uploads\/2025\/11\/Somali.png\" alt=\"Somalian Flag\">\r\n                    <div>\r\n                        <h4>Apie Somalio mokym\u0105si<\/h4>\r\n                        <p>Su\u017einokite visk\u0105 apie Somalio gramatik\u0105.<\/p>\r\n                    <\/div>\r\n                <\/div>\r\n            <\/div>\r\n        <\/a>\r\n\r\n        \r\n        <a href=\"https:\/\/talkpal.ai\/lt\/somalio-gramatikos-pratimai\/\">\r\n            <div class=\"learnNavigationWrapper\">\r\n                <div class=\"learnNavigationContent\">\r\n                    <img decoding=\"async\" src=\"https:\/\/talkpal.ai\/wp-content\/uploads\/2025\/11\/Somali.png\" alt=\"Somalian Flag\">\r\n                    <div>\r\n                        <h4>Somalio gramatikos pratimas<\/h4>\r\n                        <p>Praktikuokite Somalio gramatik\u0105.<\/p>\r\n                    <\/div>\r\n                <\/div>\r\n            <\/div>\r\n        <\/a>\r\n\r\n            <\/section>","protected":false},"excerpt":{"rendered":"<p>Nar\u0161ymas Somalio gramatikos subtilyb\u0117se Somalis, afroazij\u0173 \u0161eimos ku\u0161it\u0173 kalba, turinti turting\u0105 istorij\u0105 ir kult\u016brin\u0119 reik\u0161m\u0119, si\u016blo \u012fdomi\u0105 kalbin\u0119 patirt\u012f tiems, kurie nori i\u0161tirti unikali\u0105 gramatikos sistem\u0105. Keliaudami \u012f Somalio karalyst\u0119 ne tik praturtinsite savo kalbin\u012f repertuar\u0105, bet ir leisit\u0117s \u012f \u012fsp\u016bding\u0105 kult\u016brin\u0119 kelion\u0119. Nors somalie\u010di\u0173 gramatika i\u0161 prad\u017ei\u0173 gali atrodyti sud\u0117tinga, suskaid\u017eius j\u0105 \u012f pagrindinius [&hellip;]<\/p>\n","protected":false},"author":20,"featured_media":0,"parent":0,"menu_order":0,"comment_status":"closed","ping_status":"closed","template":"LearningContentPage.php","meta":{"_acf_changed":false,"footnotes":""},"class_list":["post-1468577","page","type-page","status-publish","hentry"],"acf":[],"yoast_head":"<!-- This site is optimized with the Yoast SEO Premium plugin v27.2 (Yoast SEO v27.2) - https:\/\/yoast.com\/product\/yoast-seo-premium-wordpress\/ -->\n<title>Somalio gramatika - Talkpal<\/title>\n<meta name=\"description\" content=\"\u012evaldykite sud\u0117ting\u0105 somalie\u010di\u0173 kalbos gramatik\u0105 - nuo ab\u0117c\u0117l\u0117s iki veiksma\u017eod\u017ei\u0173 jungimo - naudodamiesi i\u0161samiu mokymosi vadovu.\" \/>\n<meta name=\"robots\" content=\"index, follow, max-snippet:-1, max-image-preview:large, max-video-preview:-1\" \/>\n<link rel=\"canonical\" href=\"https:\/\/talkpal.ai\/lt\/somalio-gramatika\/\" \/>\n<meta property=\"og:locale\" content=\"lt_LT\" \/>\n<meta property=\"og:type\" content=\"article\" \/>\n<meta property=\"og:title\" content=\"Somalio gramatika\" \/>\n<meta property=\"og:description\" content=\"Nar\u0161ymas Somalio gramatikos subtilyb\u0117se Somalis, afroazij\u0173 \u0161eimos ku\u0161it\u0173 kalba, turinti turting\u0105 istorij\u0105 ir kult\u016brin\u0119 reik\u0161m\u0119, si\u016blo \u012fdomi\u0105 kalbin\u0119\" \/>\n<meta property=\"og:url\" content=\"https:\/\/talkpal.ai\/lt\/somalio-gramatika\/\" \/>\n<meta property=\"og:site_name\" content=\"Talkpal\" \/>\n<meta property=\"article:publisher\" content=\"https:\/\/www.facebook.com\/profile.php?id=100090733639311\" \/>\n<meta property=\"article:modified_time\" content=\"2025-12-30T11:09:11+00:00\" \/>\n<meta property=\"og:image\" content=\"https:\/\/talkpal.ai\/wp-content\/uploads\/2025\/02\/Progress-tab-16_9.png\" \/>\n\t<meta property=\"og:image:width\" content=\"2880\" \/>\n\t<meta property=\"og:image:height\" content=\"1620\" \/>\n\t<meta property=\"og:image:type\" content=\"image\/png\" \/>\n<meta name=\"twitter:card\" content=\"summary_large_image\" \/>\n<meta name=\"twitter:site\" content=\"@talkpalai\" \/>\n<meta name=\"twitter:label1\" content=\"Est. reading time\" \/>\n\t<meta name=\"twitter:data1\" content=\"3 minut\u0117s\" \/>\n<script type=\"application\/ld+json\" class=\"yoast-schema-graph\">{\"@context\":\"https:\/\/schema.org\",\"@graph\":[{\"@type\":\"WebPage\",\"@id\":\"https:\/\/talkpal.ai\/lt\/somalio-gramatika\/\",\"url\":\"https:\/\/talkpal.ai\/lt\/somalio-gramatika\/\",\"name\":\"Somalio gramatika - Talkpal\",\"isPartOf\":{\"@id\":\"https:\/\/talkpal.ai\/lt\/#website\"},\"datePublished\":\"2025-11-12T16:58:05+00:00\",\"dateModified\":\"2025-12-30T11:09:11+00:00\",\"description\":\"\u012evaldykite sud\u0117ting\u0105 somalie\u010di\u0173 kalbos gramatik\u0105 - nuo ab\u0117c\u0117l\u0117s iki veiksma\u017eod\u017ei\u0173 jungimo - naudodamiesi i\u0161samiu mokymosi vadovu.\",\"breadcrumb\":{\"@id\":\"https:\/\/talkpal.ai\/lt\/somalio-gramatika\/#breadcrumb\"},\"inLanguage\":\"lt-LT\",\"potentialAction\":[{\"@type\":\"ReadAction\",\"target\":[\"https:\/\/talkpal.ai\/lt\/somalio-gramatika\/\"]}]},{\"@type\":\"BreadcrumbList\",\"@id\":\"https:\/\/talkpal.ai\/lt\/somalio-gramatika\/#breadcrumb\",\"itemListElement\":[{\"@type\":\"ListItem\",\"position\":1,\"name\":\"Homepage\",\"item\":\"https:\/\/talkpal.ai\/lt\/\"},{\"@type\":\"ListItem\",\"position\":2,\"name\":\"Somalio gramatika\"}]},{\"@type\":\"WebSite\",\"@id\":\"https:\/\/talkpal.ai\/lt\/#website\",\"url\":\"https:\/\/talkpal.ai\/lt\/\",\"name\":\"Talkpal\",\"description\":\"AI Language Learning\",\"publisher\":{\"@id\":\"https:\/\/talkpal.ai\/lt\/#organization\"},\"alternateName\":\"Talkpal AI\",\"potentialAction\":[{\"@type\":\"SearchAction\",\"target\":{\"@type\":\"EntryPoint\",\"urlTemplate\":\"https:\/\/talkpal.ai\/lt\/?s={search_term_string}\"},\"query-input\":{\"@type\":\"PropertyValueSpecification\",\"valueRequired\":true,\"valueName\":\"search_term_string\"}}],\"inLanguage\":\"lt-LT\"},{\"@type\":\"Organization\",\"@id\":\"https:\/\/talkpal.ai\/lt\/#organization\",\"name\":\"Talkpal, Inc.\",\"alternateName\":\"Talkpal AI\",\"url\":\"https:\/\/talkpal.ai\/lt\/\",\"logo\":{\"@type\":\"ImageObject\",\"inLanguage\":\"lt-LT\",\"@id\":\"https:\/\/talkpal.ai\/lt\/#\/schema\/logo\/image\/\",\"url\":\"https:\/\/talkpal.ai\/wp-content\/uploads\/2024\/03\/Talkpal-Logo-Icon.png\",\"contentUrl\":\"https:\/\/talkpal.ai\/wp-content\/uploads\/2024\/03\/Talkpal-Logo-Icon.png\",\"width\":2880,\"height\":2880,\"caption\":\"Talkpal, Inc.\"},\"image\":{\"@id\":\"https:\/\/talkpal.ai\/lt\/#\/schema\/logo\/image\/\"},\"sameAs\":[\"https:\/\/www.facebook.com\/profile.php?id=100090733639311\",\"https:\/\/x.com\/talkpalai\",\"https:\/\/www.linkedin.com\/company\/talkpal\/\",\"https:\/\/www.youtube.com\/@TalkPal\/\",\"https:\/\/www.tiktok.com\/@talkpal\",\"https:\/\/www.instagram.com\/talkpal_ai\/\",\"https:\/\/www.crunchbase.com\/organization\/talkpal-9cde\",\"https:\/\/www.g2.com\/products\/talkpal-for-business\/\",\"https:\/\/www.trustpilot.com\/review\/talkpal.ai\",\"https:\/\/www.capterra.com\/p\/10006800\/TalkPal\/\"],\"description\":\"Talkpal is a language learning web and mobile education app, powered by the latest AI technologies, that provides engaging experiences to its customers in many different languages to help them improve their language skills. Users can chat about unlimited amount of topics with the app and use other modes to practice their language learning.\",\"email\":\"support@talkpal.ai\",\"legalName\":\"Talkpal, Inc.\",\"foundingDate\":\"2023-04-03\",\"duns\":\"118989042\",\"numberOfEmployees\":{\"@type\":\"QuantitativeValue\",\"minValue\":\"11\",\"maxValue\":\"50\"},\"publishingPrinciples\":\"https:\/\/talkpal.ai\/publishing-principles\/\",\"actionableFeedbackPolicy\":\"https:\/\/talkpal.ai\/actionable-feedback-policy\/\",\"correctionsPolicy\":\"https:\/\/talkpal.ai\/corrections-policy\/\",\"ethicsPolicy\":\"https:\/\/talkpal.ai\/ethics-policy\/\",\"diversityPolicy\":\"https:\/\/talkpal.ai\/diversity-policy\/\",\"diversityStaffingReport\":\"https:\/\/talkpal.ai\/diversity-policy\/\"}]}<\/script>\n<!-- \/ Yoast SEO Premium plugin. -->","yoast_head_json":{"title":"Somalio gramatika - Talkpal","description":"\u012evaldykite sud\u0117ting\u0105 somalie\u010di\u0173 kalbos gramatik\u0105 - nuo ab\u0117c\u0117l\u0117s iki veiksma\u017eod\u017ei\u0173 jungimo - naudodamiesi i\u0161samiu mokymosi vadovu.","robots":{"index":"index","follow":"follow","max-snippet":"max-snippet:-1","max-image-preview":"max-image-preview:large","max-video-preview":"max-video-preview:-1"},"canonical":"https:\/\/talkpal.ai\/lt\/somalio-gramatika\/","og_locale":"lt_LT","og_type":"article","og_title":"Somalio gramatika","og_description":"Nar\u0161ymas Somalio gramatikos subtilyb\u0117se Somalis, afroazij\u0173 \u0161eimos ku\u0161it\u0173 kalba, turinti turting\u0105 istorij\u0105 ir kult\u016brin\u0119 reik\u0161m\u0119, si\u016blo \u012fdomi\u0105 kalbin\u0119","og_url":"https:\/\/talkpal.ai\/lt\/somalio-gramatika\/","og_site_name":"Talkpal","article_publisher":"https:\/\/www.facebook.com\/profile.php?id=100090733639311","article_modified_time":"2025-12-30T11:09:11+00:00","og_image":[{"width":2880,"height":1620,"url":"https:\/\/talkpal.ai\/wp-content\/uploads\/2025\/02\/Progress-tab-16_9.png","type":"image\/png"}],"twitter_card":"summary_large_image","twitter_site":"@talkpalai","twitter_misc":{"Est. reading time":"3 minut\u0117s"},"schema":{"@context":"https:\/\/schema.org","@graph":[{"@type":"WebPage","@id":"https:\/\/talkpal.ai\/lt\/somalio-gramatika\/","url":"https:\/\/talkpal.ai\/lt\/somalio-gramatika\/","name":"Somalio gramatika - Talkpal","isPartOf":{"@id":"https:\/\/talkpal.ai\/lt\/#website"},"datePublished":"2025-11-12T16:58:05+00:00","dateModified":"2025-12-30T11:09:11+00:00","description":"\u012evaldykite sud\u0117ting\u0105 somalie\u010di\u0173 kalbos gramatik\u0105 - nuo ab\u0117c\u0117l\u0117s iki veiksma\u017eod\u017ei\u0173 jungimo - naudodamiesi i\u0161samiu mokymosi vadovu.","breadcrumb":{"@id":"https:\/\/talkpal.ai\/lt\/somalio-gramatika\/#breadcrumb"},"inLanguage":"lt-LT","potentialAction":[{"@type":"ReadAction","target":["https:\/\/talkpal.ai\/lt\/somalio-gramatika\/"]}]},{"@type":"BreadcrumbList","@id":"https:\/\/talkpal.ai\/lt\/somalio-gramatika\/#breadcrumb","itemListElement":[{"@type":"ListItem","position":1,"name":"Homepage","item":"https:\/\/talkpal.ai\/lt\/"},{"@type":"ListItem","position":2,"name":"Somalio gramatika"}]},{"@type":"WebSite","@id":"https:\/\/talkpal.ai\/lt\/#website","url":"https:\/\/talkpal.ai\/lt\/","name":"Talkpal","description":"AI Language Learning","publisher":{"@id":"https:\/\/talkpal.ai\/lt\/#organization"},"alternateName":"Talkpal AI","potentialAction":[{"@type":"SearchAction","target":{"@type":"EntryPoint","urlTemplate":"https:\/\/talkpal.ai\/lt\/?s={search_term_string}"},"query-input":{"@type":"PropertyValueSpecification","valueRequired":true,"valueName":"search_term_string"}}],"inLanguage":"lt-LT"},{"@type":"Organization","@id":"https:\/\/talkpal.ai\/lt\/#organization","name":"Talkpal, Inc.","alternateName":"Talkpal AI","url":"https:\/\/talkpal.ai\/lt\/","logo":{"@type":"ImageObject","inLanguage":"lt-LT","@id":"https:\/\/talkpal.ai\/lt\/#\/schema\/logo\/image\/","url":"https:\/\/talkpal.ai\/wp-content\/uploads\/2024\/03\/Talkpal-Logo-Icon.png","contentUrl":"https:\/\/talkpal.ai\/wp-content\/uploads\/2024\/03\/Talkpal-Logo-Icon.png","width":2880,"height":2880,"caption":"Talkpal, Inc."},"image":{"@id":"https:\/\/talkpal.ai\/lt\/#\/schema\/logo\/image\/"},"sameAs":["https:\/\/www.facebook.com\/profile.php?id=100090733639311","https:\/\/x.com\/talkpalai","https:\/\/www.linkedin.com\/company\/talkpal\/","https:\/\/www.youtube.com\/@TalkPal\/","https:\/\/www.tiktok.com\/@talkpal","https:\/\/www.instagram.com\/talkpal_ai\/","https:\/\/www.crunchbase.com\/organization\/talkpal-9cde","https:\/\/www.g2.com\/products\/talkpal-for-business\/","https:\/\/www.trustpilot.com\/review\/talkpal.ai","https:\/\/www.capterra.com\/p\/10006800\/TalkPal\/"],"description":"Talkpal is a language learning web and mobile education app, powered by the latest AI technologies, that provides engaging experiences to its customers in many different languages to help them improve their language skills. Users can chat about unlimited amount of topics with the app and use other modes to practice their language learning.","email":"support@talkpal.ai","legalName":"Talkpal, Inc.","foundingDate":"2023-04-03","duns":"118989042","numberOfEmployees":{"@type":"QuantitativeValue","minValue":"11","maxValue":"50"},"publishingPrinciples":"https:\/\/talkpal.ai\/publishing-principles\/","actionableFeedbackPolicy":"https:\/\/talkpal.ai\/actionable-feedback-policy\/","correctionsPolicy":"https:\/\/talkpal.ai\/corrections-policy\/","ethicsPolicy":"https:\/\/talkpal.ai\/ethics-policy\/","diversityPolicy":"https:\/\/talkpal.ai\/diversity-policy\/","diversityStaffingReport":"https:\/\/talkpal.ai\/diversity-policy\/"}]}},"_links":{"self":[{"href":"https:\/\/talkpal.ai\/lt\/wp-json\/wp\/v2\/pages\/1468577","targetHints":{"allow":["GET"]}}],"collection":[{"href":"https:\/\/talkpal.ai\/lt\/wp-json\/wp\/v2\/pages"}],"about":[{"href":"https:\/\/talkpal.ai\/lt\/wp-json\/wp\/v2\/types\/page"}],"author":[{"embeddable":true,"href":"https:\/\/talkpal.ai\/lt\/wp-json\/wp\/v2\/users\/20"}],"replies":[{"embeddable":true,"href":"https:\/\/talkpal.ai\/lt\/wp-json\/wp\/v2\/comments?post=1468577"}],"version-history":[{"count":0,"href":"https:\/\/talkpal.ai\/lt\/wp-json\/wp\/v2\/pages\/1468577\/revisions"}],"wp:attachment":[{"href":"https:\/\/talkpal.ai\/lt\/wp-json\/wp\/v2\/media?parent=1468577"}],"curies":[{"name":"wp","href":"https:\/\/api.w.org\/{rel}","templated":true}]}}