{"id":1468411,"date":"2025-11-12T16:22:22","date_gmt":"2025-11-12T16:22:22","guid":{"rendered":"https:\/\/talkpal.ai\/pustunu-gramatikos-pratimai\/"},"modified":"2025-12-30T11:36:56","modified_gmt":"2025-12-30T11:36:56","slug":"pustunu-gramatikos-pratimai","status":"publish","type":"page","link":"https:\/\/talkpal.ai\/lt\/pustunu-gramatikos-pratimai\/","title":{"rendered":"Pu\u0161t\u016bn\u0173 gramatikos pratimai"},"content":{"rendered":"\r\n\r\n\r\n<section class=\"languageChallengeSection\">\r\n    <div class=\"languageInfoWrapper\">\r\n        \r\n        <h1>Pu\u0161t\u016bn\u0173 gramatikos pratimai<\/h1>\r\n        <p>Pasiruo\u0161\u0119 pasinerti \u012f <a href=\"https:\/\/talkpal.ai\/learn-pashto\/\">pu\u0161t\u016bn\u0173<\/a> gramatik\u0105? I\u0161mok\u0119 kelis pagrindinius dalykus, gal\u0117site patogiai \u012fvaldyti \u0161i\u0105 unikali\u0105 ir gra\u017ei\u0105 kalb\u0105. I\u0161bandykite \u0161iuos pratimus, kad sustiprintum\u0117te pasitik\u0117jim\u0105 savimi ir smagiai praleistum\u0117te laik\u0105!<\/p>\r\n\r\n                            <a class=\"getStartedHidden\" href=\"https:\/\/app.talkpal.ai\/lt\/signup?lng=\">Prad\u0117k<\/a>\r\n        \r\n    <\/div>\r\n\r\n    <figure>\r\n    <img decoding=\"async\" width=\"768\" height=\"768\" src=\"https:\/\/talkpal.ai\/wp-content\/uploads\/2023\/06\/welsh-768x768.png\" class=\"languageImage no-lazy\" alt=\"Language learning for better cognitive abilities\" fetchpriority=\"high\" sizes=\"(max-width: 768px) 150px, 768px\" srcset=\"https:\/\/talkpal.ai\/wp-content\/uploads\/2023\/06\/welsh-768x768.png 768w, https:\/\/talkpal.ai\/wp-content\/uploads\/2023\/06\/welsh-300x300.png 300w\" \/>\r\n    \r\n\r\n    <\/figure>\r\n\r\n            <a class=\"getStartedVisible\" href=\"https:\/\/app.talkpal.ai\/lt\/signup?lng=\">Prad\u0117k<\/a>\r\n    \r\n<\/section><section class=\"promotionalBanner\">\r\n    <p class=\"promotionalText\">Efektyviausias b\u016bdas mokytis <a href=\"https:\/\/talkpal.ai\/what-language-is-spoken-on-the-international-space-station\/\">kalbos<\/a><\/p>\r\n    <a class=\"promotionalLink\" href=\"https:\/\/app.talkpal.ai\/lt\/signup?lng=\">I\u0161bandykite Talkpal &#8221; nemokamai<\/a>\r\n<\/section>\n<div class=\"wp-block-group pageContainerStyle\"><div class=\"wp-block-group__inner-container is-layout-constrained wp-block-group-is-layout-constrained\">\n<h2 class=\"wp-block-heading\" id=\"h-pashto-grammar-topics\">Pu\u0161t\u016bn\u0173 gramatikos temos<\/h2>\n\n\n\n<p><a href=\"https:\/\/talkpal.ai\/lt\/didziausios-klaidos-kuriu-reikia-vengti-mokantis-naujos-kalbos\/\">Naujos kalbos mokymasis<\/a> gali b\u016bti sud\u0117tingas, bet naudingas darbas. Ne i\u0161imtis ir <a href=\"https:\/\/talkpal.ai\/learn-pashto\/\">pu\u0161t\u016bn\u0173<\/a> kalba, Ryt\u0173 Irano kalba, kuria daugiausia kalbama Afganistane ir Pakistane. D\u0117l unikali\u0173 savybi\u0173 ir strukt\u016br\u0173 <a href=\"https:\/\/talkpal.ai\/lt\/mokytis-pustunu-kalbos\/\">pu\u0161t\u016bn\u0173 kalbos<\/a> <a href=\"https:\/\/talkpal.ai\/lt\/talkpal-svietimui\/\">mokymasis<\/a> reikalauja sistemingo po\u017ei\u016brio \u012f gramatik\u0105. \u0160iame vadove logi\u0161ka <a href=\"https:\/\/talkpal.ai\/lt\/talkpal-svietimui\/\">kalbos mokymosi<\/a> seka apib\u016bdinamos pagrindin\u0117s <a href=\"https:\/\/talkpal.ai\/lt\/pustunu-gramatika\/\">pu\u0161t\u016bn\u0173 kalbos gramatikos<\/a> sritys, pradedant nuo pagrind\u0173, toki\u0173 kaip daiktavard\u017eiai ir straipsniai, ir pereinant prie sud\u0117tingesni\u0173 sri\u010di\u0173, toki\u0173 kaip laikai ir sakini\u0173 konstrukcija.<\/p>\n\n\n\n<h3 class=\"wp-block-heading\" id=\"h-1-nouns\">1. Daiktavard\u017eiai:<\/h3>\n\n\n\n<p>Prad\u0117kite savo pu\u0161t\u016bn\u0173 kalbos kelion\u0119 mokydamiesi daiktavard\u017ei\u0173. <a href=\"https:\/\/talkpal.ai\/learn-thai\/\">Tai<\/a> apima skirting\u0173 daiktavard\u017ei\u0173 kategorij\u0173, toki\u0173 kaip bendriniai ir tikriniai daiktavard\u017eiai, j\u0173 gramatin\u0117 lytis ir daugiskaitos formos, supratim\u0105.<\/p>\n\n\n\n<h3 class=\"wp-block-heading\" id=\"h-2-articles\">2. Straipsniai:<\/h3>\n\n\n\n<p>Straipsniai pu\u0161t\u016bn\u0173 kalba veikia kitaip nei <a href=\"https:\/\/talkpal.ai\/ai-english-speaking-practice\/\">angl\u0173<\/a>. Pu\u0161t\u016bn\u0173 kalba neturi apibr\u0117\u017eto straipsnio, o neapibr\u0117\u017etumas da\u017enai nepa\u017eym\u0117tas arba rodomas skai\u010diumi &#8222;yaw&#8221;, rei\u0161kian\u010diu &#8222;a&#8221;. Su\u017einokite, kaip apibr\u0117\u017etumas i\u0161rei\u0161kiamas per kontekst\u0105, demonstratyvus ir \u017eod\u017ei\u0173 tvark\u0105.<\/p>\n\n\n\n<h3 class=\"wp-block-heading\" id=\"h-3-adjectives\">3. B\u016bdvard\u017eiai:<\/h3>\n\n\n\n<p>B\u016bdvard\u017eiai pu\u0161t\u016bn\u0173 kalba paprastai eina prie\u0161 daiktavard\u017eius. Taip pat tur\u0117site su\u017einoti apie jungiam\u0105j\u012f gars\u0105 &#8222;-e&#8221;, naudojam\u0105 tarp daiktavard\u017ei\u0173 ir modifikatori\u0173 daugelyje kontekst\u0173, ir kaip sudaryti lyginamuosius ir superlatyvus, da\u017eniausiai su &#8222;tar&#8221; ir &#8222;tar tulo&#8221;.<\/p>\n\n\n\n<h3 class=\"wp-block-heading\" id=\"h-4-pronouns-determiners\">4. \u012evard\u017eiai\/determinantai:<\/h3>\n\n\n\n<p>\u012evard\u017eiai ir determinantai pu\u0161t\u016bn\u0173 kalboje yra b\u016btini; Jie pakei\u010dia daiktavard\u017eius ir pateikia informacij\u0105 apie asmen\u012f, skai\u010di\u0173, lyt\u012f, tur\u0117jim\u0105 ir kiek\u012f. Pu\u0161t\u016bn\u0173 \u012fvard\u017eiai turi tiesiogines ir \u012fstri\u017eas formas, o tur\u0117jimas da\u017enai \u017eymimas dalele &#8222;da&#8221; arba \u012fvardine klitika.<\/p>\n\n\n\n<h3 class=\"wp-block-heading\" id=\"h-5-verbs\">5. Veiksma\u017eod\u017eiai:<\/h3>\n\n\n\n<p>Pu\u0161t\u016bn\u0173 veiksma\u017eod\u017eiai turi skirtingas formas, priklausomai nuo laiko, aspekto, nuotaikos, balso, asmens ir skai\u010diaus. Daugelis veiksma\u017eod\u017ei\u0173 yra sud\u0117tiniai, da\u017enai naudojant &#8222;kol&#8221; do arba &#8222;kedal&#8221; b\u016bti padaryta. Prad\u0117kite nuo esamojo laiko ir imperatyvo ir palaipsniui tyrin\u0117kite praeit\u012f ir ateit\u012f.<\/p>\n\n\n\n<h3 class=\"wp-block-heading\" id=\"h-6-tenses\">6. Laikai:<\/h3>\n\n\n\n<p>\u012evald\u0119 veiksma\u017eod\u017eio formas, gilinkit\u0117s \u012f pu\u0161t\u016bn\u0173 laik\u0105 ir aspekt\u0173 sistem\u0105. Tai apima dabarties, praeities ir ateities supratim\u0105, taip pat kontrast\u0105 tarp netobul\u0173 ir tobulinam\u0173j\u0173 aspekt\u0173 ir kaip jie naudojami skirtinguose kontekstuose.<\/p>\n\n\n\n<h3 class=\"wp-block-heading\" id=\"h-7-tense-comparison\">7. \u012etemptas palyginimas:<\/h3>\n\n\n\n<p>Laik\u0173 palyginimas pu\u0161t\u016bn\u0173 kalba padeda suprasti aspekt\u0105 ir \u012fvyki\u0173 sek\u0105. Palyginus t\u0105 pat\u012f veiksma\u017eod\u012f \u012fvairiais laikais, ypa\u010d tobulinam\u0105ja ir netobul\u0105ja praeitimi, bus galima geriau suprasti pu\u0161t\u016bn\u0173 kalb\u0105.<\/p>\n\n\n\n<h3 class=\"wp-block-heading\" id=\"h-8-progressive\">8. Progresyvus:<\/h3>\n\n\n\n<p>Progresyvus aspektas pu\u0161t\u016bn\u0173 kalba da\u017enai i\u0161rei\u0161kiamas paprasta dabartimi, ypa\u010d su sud\u0117tiniais veiksma\u017eod\u017eiais, tokiais kaip &#8222;kar kol&#8221; darbas. Jis taip pat gali b\u016bti ai\u0161kiai i\u0161reik\u0161tas naudojant dalyvaujamuosius b\u016bdvard\u017eius, tokius kaip &#8222;rawan&#8221;, einant\u012f kartu su veiksma\u017eod\u017eiu &#8222;b\u016bti&#8221;.<\/p>\n\n\n\n<h3 class=\"wp-block-heading\" id=\"h-9-perfect-progressive\">9. Tobulas progresyvus:<\/h3>\n\n\n\n<p>\u0160i reik\u0161m\u0117 paprastai i\u0161rei\u0161kiama laiko i\u0161rai\u0161komis ir aspektin\u0117mis konstrukcijomis, pavyzd\u017eiui, &#8222;keghegi &#8230; che + dabartis&#8221; atsitiko, kad &#8230;, arba derinant dalyvaujam\u0105sias formas su praeities formomis &#8222;b\u016bti&#8221;, priklausomai nuo veiksma\u017eod\u017eio ir konteksto.<\/p>\n\n\n\n<h3 class=\"wp-block-heading\" id=\"h-10-conditionals\">10. S\u0105lygos:<\/h3>\n\n\n\n<p>S\u0105lygos i\u0161rei\u0161kia hipotetines situacijas ir galimas j\u0173 pasekmes. Pu\u0161t\u016bn\u0173 kalba naudokite &#8222;ka&#8221; jeigu. Realios s\u0105lygos da\u017enai naudoja esamas arba b\u016bsimas formas, o hipotetin\u0117s ar kontrafaktin\u0117s s\u0105lygos naudoja praeities formas ir gali apimti dalel\u0119 &#8222;ba&#8221;.<\/p>\n\n\n\n<h3 class=\"wp-block-heading\" id=\"h-11-adverbs\">11. Prieveiksmiai:<\/h3>\n\n\n\n<p>Prieveiksmiai pu\u0161t\u016bn\u0173 kalba kei\u010dia veiksma\u017eod\u017eius, b\u016bdvard\u017eius ar kitus prieveiksmius. Jie pateikia informacij\u0105 apie b\u016bd\u0105, viet\u0105, laik\u0105, laipsn\u012f ir kt., da\u017enai formuojami i\u0161 b\u016bdvard\u017ei\u0173 arba i\u0161rei\u0161kiami prielinksniais \u017eod\u017eiais.<\/p>\n\n\n\n<h3 class=\"wp-block-heading\" id=\"h-12-prepositions\">12. Prielinksniai:<\/h3>\n\n\n\n<p>Prielinksniai susieja \u017eod\u017eius ir frazes. Pu\u0161t\u016bn\u0173 kalboje \u012fprasti prielinksniai yra &#8222;pa&#8221;, &#8222;la&#8221;, &#8222;tar&#8221;, &#8222;par&#8221; ir &#8222;da&#8221;. Jie i\u0161rei\u0161kia laiko, vietos, krypties, \u0161altinio, tur\u0117jimo ir kt. ry\u0161ius, tod\u0117l gali prireikti \u012fstri\u017e\u0173 \u012fvard\u017ei\u0173 form\u0173.<\/p>\n\n\n\n<h3 class=\"wp-block-heading\" id=\"h-13-sentences\">13. Sakiniai:<\/h3>\n\n\n\n<p>Galiausiai praktikuokite sakini\u0173 konstravim\u0105. Pu\u0161t\u016bn\u0173 kalba paprastai laikosi subjekto objekto veiksma\u017eod\u017eio tvarkos, o veiksma\u017eodis da\u017enai b\u016bna pabaigoje. Tai apims vis\u0173 anks\u010diau i\u0161mokt\u0173 gramatikos ta\u0161k\u0173 naudojim\u0105 kontekste, taip u\u017etikrinant visapusi\u0161k\u0105 pu\u0161t\u016bn\u0173 kalbos supratim\u0105.<\/p>\n<\/div><\/div>\n\r\n<section class=\"learnNavigationSection\">\r\n            \r\n        <a href=\"https:\/\/talkpal.ai\/lt\/mokytis-pustunu-kalbos\/\">\r\n            <div class=\"learnNavigationWrapper\">\r\n                <div class=\"learnNavigationContent\">\r\n                    <img decoding=\"async\" src=\"https:\/\/talkpal.ai\/wp-content\/uploads\/2025\/11\/Pashto.png\" alt=\"Afghan Flag\">\r\n                    <div>\r\n                        <h4>Apie pu\u0161t\u016bn\u0173 mokym\u0105si<\/h4>\r\n                        <p>Su\u017einokite visk\u0105 apie pu\u0161t\u016bn\u0173 gramatik\u0105.<\/p>\r\n                    <\/div>\r\n                <\/div>\r\n            <\/div>\r\n        <\/a>\r\n\r\n        \r\n        <a href=\"https:\/\/talkpal.ai\/lt\/pustunu-gramatika\/\">\r\n            <div class=\"learnNavigationWrapper\">\r\n                <div class=\"learnNavigationContent\">\r\n                    <img decoding=\"async\" src=\"https:\/\/talkpal.ai\/wp-content\/uploads\/2025\/11\/Pashto.png\" alt=\"Afghan Flag\">\r\n                    <div>\r\n                        <h4>Pu\u0161t\u016bn\u0173 kalbos gramatikos pamokos<\/h4>\r\n                        <p>Praktikuokite pu\u0161t\u016bn\u0173 gramatik\u0105.<\/p>\r\n                    <\/div>\r\n                <\/div>\r\n            <\/div>\r\n        <\/a>\r\n\r\n            <\/section>","protected":false},"excerpt":{"rendered":"<p>Pu\u0161t\u016bn\u0173 gramatikos temos Naujos kalbos mokymasis gali b\u016bti sud\u0117tingas, bet naudingas darbas. Ne i\u0161imtis ir pu\u0161t\u016bn\u0173 kalba, Ryt\u0173 Irano kalba, kuria daugiausia kalbama Afganistane ir Pakistane. D\u0117l unikali\u0173 savybi\u0173 ir strukt\u016br\u0173 pu\u0161t\u016bn\u0173 kalbos mokymasis reikalauja sistemingo po\u017ei\u016brio \u012f gramatik\u0105. \u0160iame vadove logi\u0161ka kalbos mokymosi seka apib\u016bdinamos pagrindin\u0117s pu\u0161t\u016bn\u0173 kalbos gramatikos sritys, pradedant nuo pagrind\u0173, toki\u0173 [&hellip;]<\/p>\n","protected":false},"author":20,"featured_media":0,"parent":0,"menu_order":0,"comment_status":"closed","ping_status":"closed","template":"LearningContentPage.php","meta":{"_acf_changed":false,"footnotes":""},"class_list":["post-1468411","page","type-page","status-publish","hentry"],"acf":[],"yoast_head":"<!-- This site is optimized with the Yoast SEO Premium plugin v27.2 (Yoast SEO v27.2) - https:\/\/yoast.com\/product\/yoast-seo-premium-wordpress\/ -->\n<title>Pu\u0161t\u016bn\u0173 gramatikos pratimai - Talkpal<\/title>\n<meta name=\"description\" content=\"\u012evaldykite pu\u0161t\u016bn\u0173 kalbos gramatik\u0105 su i\u0161samiais pratimais, apiman\u010diais daiktavard\u017eius, veiksma\u017eod\u017eius, laikus ir sakinio strukt\u016br\u0105, kad veiksmingai mokytum\u0117t\u0117s kalbos.\" \/>\n<meta name=\"robots\" content=\"index, follow, max-snippet:-1, max-image-preview:large, max-video-preview:-1\" \/>\n<link rel=\"canonical\" href=\"https:\/\/talkpal.ai\/lt\/pustunu-gramatikos-pratimai\/\" \/>\n<meta property=\"og:locale\" content=\"lt_LT\" \/>\n<meta property=\"og:type\" content=\"article\" \/>\n<meta property=\"og:title\" content=\"Pu\u0161t\u016bn\u0173 gramatikos pratimai\" \/>\n<meta property=\"og:description\" content=\"Pu\u0161t\u016bn\u0173 gramatikos temos Naujos kalbos mokymasis gali b\u016bti sud\u0117tingas, bet naudingas darbas. Ne i\u0161imtis ir pu\u0161t\u016bn\u0173 kalba, Ryt\u0173 Irano kalba, kuria\" \/>\n<meta property=\"og:url\" content=\"https:\/\/talkpal.ai\/lt\/pustunu-gramatikos-pratimai\/\" \/>\n<meta property=\"og:site_name\" content=\"Talkpal\" \/>\n<meta property=\"article:publisher\" content=\"https:\/\/www.facebook.com\/profile.php?id=100090733639311\" \/>\n<meta property=\"article:modified_time\" content=\"2025-12-30T11:36:56+00:00\" \/>\n<meta property=\"og:image\" content=\"https:\/\/talkpal.ai\/wp-content\/uploads\/2025\/02\/Progress-tab-16_9.png\" \/>\n\t<meta property=\"og:image:width\" content=\"2880\" \/>\n\t<meta property=\"og:image:height\" content=\"1620\" \/>\n\t<meta property=\"og:image:type\" content=\"image\/png\" \/>\n<meta name=\"twitter:card\" content=\"summary_large_image\" \/>\n<meta name=\"twitter:site\" content=\"@talkpalai\" \/>\n<meta name=\"twitter:label1\" content=\"Est. reading time\" \/>\n\t<meta name=\"twitter:data1\" content=\"3 minut\u0117s\" \/>\n<script type=\"application\/ld+json\" class=\"yoast-schema-graph\">{\"@context\":\"https:\/\/schema.org\",\"@graph\":[{\"@type\":\"WebPage\",\"@id\":\"https:\/\/talkpal.ai\/lt\/pustunu-gramatikos-pratimai\/\",\"url\":\"https:\/\/talkpal.ai\/lt\/pustunu-gramatikos-pratimai\/\",\"name\":\"Pu\u0161t\u016bn\u0173 gramatikos pratimai - Talkpal\",\"isPartOf\":{\"@id\":\"https:\/\/talkpal.ai\/lt\/#website\"},\"datePublished\":\"2025-11-12T16:22:22+00:00\",\"dateModified\":\"2025-12-30T11:36:56+00:00\",\"description\":\"\u012evaldykite pu\u0161t\u016bn\u0173 kalbos gramatik\u0105 su i\u0161samiais pratimais, apiman\u010diais daiktavard\u017eius, veiksma\u017eod\u017eius, laikus ir sakinio strukt\u016br\u0105, kad veiksmingai mokytum\u0117t\u0117s kalbos.\",\"breadcrumb\":{\"@id\":\"https:\/\/talkpal.ai\/lt\/pustunu-gramatikos-pratimai\/#breadcrumb\"},\"inLanguage\":\"lt-LT\",\"potentialAction\":[{\"@type\":\"ReadAction\",\"target\":[\"https:\/\/talkpal.ai\/lt\/pustunu-gramatikos-pratimai\/\"]}]},{\"@type\":\"BreadcrumbList\",\"@id\":\"https:\/\/talkpal.ai\/lt\/pustunu-gramatikos-pratimai\/#breadcrumb\",\"itemListElement\":[{\"@type\":\"ListItem\",\"position\":1,\"name\":\"Homepage\",\"item\":\"https:\/\/talkpal.ai\/lt\/\"},{\"@type\":\"ListItem\",\"position\":2,\"name\":\"Pu\u0161t\u016bn\u0173 gramatikos pratimai\"}]},{\"@type\":\"WebSite\",\"@id\":\"https:\/\/talkpal.ai\/lt\/#website\",\"url\":\"https:\/\/talkpal.ai\/lt\/\",\"name\":\"Talkpal\",\"description\":\"AI Language Learning\",\"publisher\":{\"@id\":\"https:\/\/talkpal.ai\/lt\/#organization\"},\"alternateName\":\"Talkpal AI\",\"potentialAction\":[{\"@type\":\"SearchAction\",\"target\":{\"@type\":\"EntryPoint\",\"urlTemplate\":\"https:\/\/talkpal.ai\/lt\/?s={search_term_string}\"},\"query-input\":{\"@type\":\"PropertyValueSpecification\",\"valueRequired\":true,\"valueName\":\"search_term_string\"}}],\"inLanguage\":\"lt-LT\"},{\"@type\":\"Organization\",\"@id\":\"https:\/\/talkpal.ai\/lt\/#organization\",\"name\":\"Talkpal, Inc.\",\"alternateName\":\"Talkpal AI\",\"url\":\"https:\/\/talkpal.ai\/lt\/\",\"logo\":{\"@type\":\"ImageObject\",\"inLanguage\":\"lt-LT\",\"@id\":\"https:\/\/talkpal.ai\/lt\/#\/schema\/logo\/image\/\",\"url\":\"https:\/\/talkpal.ai\/wp-content\/uploads\/2024\/03\/Talkpal-Logo-Icon.png\",\"contentUrl\":\"https:\/\/talkpal.ai\/wp-content\/uploads\/2024\/03\/Talkpal-Logo-Icon.png\",\"width\":2880,\"height\":2880,\"caption\":\"Talkpal, Inc.\"},\"image\":{\"@id\":\"https:\/\/talkpal.ai\/lt\/#\/schema\/logo\/image\/\"},\"sameAs\":[\"https:\/\/www.facebook.com\/profile.php?id=100090733639311\",\"https:\/\/x.com\/talkpalai\",\"https:\/\/www.linkedin.com\/company\/talkpal\/\",\"https:\/\/www.youtube.com\/@TalkPal\/\",\"https:\/\/www.tiktok.com\/@talkpal\",\"https:\/\/www.instagram.com\/talkpal_ai\/\",\"https:\/\/www.crunchbase.com\/organization\/talkpal-9cde\",\"https:\/\/www.g2.com\/products\/talkpal-for-business\/\",\"https:\/\/www.trustpilot.com\/review\/talkpal.ai\",\"https:\/\/www.capterra.com\/p\/10006800\/TalkPal\/\"],\"description\":\"Talkpal is a language learning web and mobile education app, powered by the latest AI technologies, that provides engaging experiences to its customers in many different languages to help them improve their language skills. Users can chat about unlimited amount of topics with the app and use other modes to practice their language learning.\",\"email\":\"support@talkpal.ai\",\"legalName\":\"Talkpal, Inc.\",\"foundingDate\":\"2023-04-03\",\"duns\":\"118989042\",\"numberOfEmployees\":{\"@type\":\"QuantitativeValue\",\"minValue\":\"11\",\"maxValue\":\"50\"},\"publishingPrinciples\":\"https:\/\/talkpal.ai\/publishing-principles\/\",\"actionableFeedbackPolicy\":\"https:\/\/talkpal.ai\/actionable-feedback-policy\/\",\"correctionsPolicy\":\"https:\/\/talkpal.ai\/corrections-policy\/\",\"ethicsPolicy\":\"https:\/\/talkpal.ai\/ethics-policy\/\",\"diversityPolicy\":\"https:\/\/talkpal.ai\/diversity-policy\/\",\"diversityStaffingReport\":\"https:\/\/talkpal.ai\/diversity-policy\/\"}]}<\/script>\n<!-- \/ Yoast SEO Premium plugin. -->","yoast_head_json":{"title":"Pu\u0161t\u016bn\u0173 gramatikos pratimai - Talkpal","description":"\u012evaldykite pu\u0161t\u016bn\u0173 kalbos gramatik\u0105 su i\u0161samiais pratimais, apiman\u010diais daiktavard\u017eius, veiksma\u017eod\u017eius, laikus ir sakinio strukt\u016br\u0105, kad veiksmingai mokytum\u0117t\u0117s kalbos.","robots":{"index":"index","follow":"follow","max-snippet":"max-snippet:-1","max-image-preview":"max-image-preview:large","max-video-preview":"max-video-preview:-1"},"canonical":"https:\/\/talkpal.ai\/lt\/pustunu-gramatikos-pratimai\/","og_locale":"lt_LT","og_type":"article","og_title":"Pu\u0161t\u016bn\u0173 gramatikos pratimai","og_description":"Pu\u0161t\u016bn\u0173 gramatikos temos Naujos kalbos mokymasis gali b\u016bti sud\u0117tingas, bet naudingas darbas. Ne i\u0161imtis ir pu\u0161t\u016bn\u0173 kalba, Ryt\u0173 Irano kalba, kuria","og_url":"https:\/\/talkpal.ai\/lt\/pustunu-gramatikos-pratimai\/","og_site_name":"Talkpal","article_publisher":"https:\/\/www.facebook.com\/profile.php?id=100090733639311","article_modified_time":"2025-12-30T11:36:56+00:00","og_image":[{"width":2880,"height":1620,"url":"https:\/\/talkpal.ai\/wp-content\/uploads\/2025\/02\/Progress-tab-16_9.png","type":"image\/png"}],"twitter_card":"summary_large_image","twitter_site":"@talkpalai","twitter_misc":{"Est. reading time":"3 minut\u0117s"},"schema":{"@context":"https:\/\/schema.org","@graph":[{"@type":"WebPage","@id":"https:\/\/talkpal.ai\/lt\/pustunu-gramatikos-pratimai\/","url":"https:\/\/talkpal.ai\/lt\/pustunu-gramatikos-pratimai\/","name":"Pu\u0161t\u016bn\u0173 gramatikos pratimai - Talkpal","isPartOf":{"@id":"https:\/\/talkpal.ai\/lt\/#website"},"datePublished":"2025-11-12T16:22:22+00:00","dateModified":"2025-12-30T11:36:56+00:00","description":"\u012evaldykite pu\u0161t\u016bn\u0173 kalbos gramatik\u0105 su i\u0161samiais pratimais, apiman\u010diais daiktavard\u017eius, veiksma\u017eod\u017eius, laikus ir sakinio strukt\u016br\u0105, kad veiksmingai mokytum\u0117t\u0117s kalbos.","breadcrumb":{"@id":"https:\/\/talkpal.ai\/lt\/pustunu-gramatikos-pratimai\/#breadcrumb"},"inLanguage":"lt-LT","potentialAction":[{"@type":"ReadAction","target":["https:\/\/talkpal.ai\/lt\/pustunu-gramatikos-pratimai\/"]}]},{"@type":"BreadcrumbList","@id":"https:\/\/talkpal.ai\/lt\/pustunu-gramatikos-pratimai\/#breadcrumb","itemListElement":[{"@type":"ListItem","position":1,"name":"Homepage","item":"https:\/\/talkpal.ai\/lt\/"},{"@type":"ListItem","position":2,"name":"Pu\u0161t\u016bn\u0173 gramatikos pratimai"}]},{"@type":"WebSite","@id":"https:\/\/talkpal.ai\/lt\/#website","url":"https:\/\/talkpal.ai\/lt\/","name":"Talkpal","description":"AI Language Learning","publisher":{"@id":"https:\/\/talkpal.ai\/lt\/#organization"},"alternateName":"Talkpal AI","potentialAction":[{"@type":"SearchAction","target":{"@type":"EntryPoint","urlTemplate":"https:\/\/talkpal.ai\/lt\/?s={search_term_string}"},"query-input":{"@type":"PropertyValueSpecification","valueRequired":true,"valueName":"search_term_string"}}],"inLanguage":"lt-LT"},{"@type":"Organization","@id":"https:\/\/talkpal.ai\/lt\/#organization","name":"Talkpal, Inc.","alternateName":"Talkpal AI","url":"https:\/\/talkpal.ai\/lt\/","logo":{"@type":"ImageObject","inLanguage":"lt-LT","@id":"https:\/\/talkpal.ai\/lt\/#\/schema\/logo\/image\/","url":"https:\/\/talkpal.ai\/wp-content\/uploads\/2024\/03\/Talkpal-Logo-Icon.png","contentUrl":"https:\/\/talkpal.ai\/wp-content\/uploads\/2024\/03\/Talkpal-Logo-Icon.png","width":2880,"height":2880,"caption":"Talkpal, Inc."},"image":{"@id":"https:\/\/talkpal.ai\/lt\/#\/schema\/logo\/image\/"},"sameAs":["https:\/\/www.facebook.com\/profile.php?id=100090733639311","https:\/\/x.com\/talkpalai","https:\/\/www.linkedin.com\/company\/talkpal\/","https:\/\/www.youtube.com\/@TalkPal\/","https:\/\/www.tiktok.com\/@talkpal","https:\/\/www.instagram.com\/talkpal_ai\/","https:\/\/www.crunchbase.com\/organization\/talkpal-9cde","https:\/\/www.g2.com\/products\/talkpal-for-business\/","https:\/\/www.trustpilot.com\/review\/talkpal.ai","https:\/\/www.capterra.com\/p\/10006800\/TalkPal\/"],"description":"Talkpal is a language learning web and mobile education app, powered by the latest AI technologies, that provides engaging experiences to its customers in many different languages to help them improve their language skills. Users can chat about unlimited amount of topics with the app and use other modes to practice their language learning.","email":"support@talkpal.ai","legalName":"Talkpal, Inc.","foundingDate":"2023-04-03","duns":"118989042","numberOfEmployees":{"@type":"QuantitativeValue","minValue":"11","maxValue":"50"},"publishingPrinciples":"https:\/\/talkpal.ai\/publishing-principles\/","actionableFeedbackPolicy":"https:\/\/talkpal.ai\/actionable-feedback-policy\/","correctionsPolicy":"https:\/\/talkpal.ai\/corrections-policy\/","ethicsPolicy":"https:\/\/talkpal.ai\/ethics-policy\/","diversityPolicy":"https:\/\/talkpal.ai\/diversity-policy\/","diversityStaffingReport":"https:\/\/talkpal.ai\/diversity-policy\/"}]}},"_links":{"self":[{"href":"https:\/\/talkpal.ai\/lt\/wp-json\/wp\/v2\/pages\/1468411","targetHints":{"allow":["GET"]}}],"collection":[{"href":"https:\/\/talkpal.ai\/lt\/wp-json\/wp\/v2\/pages"}],"about":[{"href":"https:\/\/talkpal.ai\/lt\/wp-json\/wp\/v2\/types\/page"}],"author":[{"embeddable":true,"href":"https:\/\/talkpal.ai\/lt\/wp-json\/wp\/v2\/users\/20"}],"replies":[{"embeddable":true,"href":"https:\/\/talkpal.ai\/lt\/wp-json\/wp\/v2\/comments?post=1468411"}],"version-history":[{"count":0,"href":"https:\/\/talkpal.ai\/lt\/wp-json\/wp\/v2\/pages\/1468411\/revisions"}],"wp:attachment":[{"href":"https:\/\/talkpal.ai\/lt\/wp-json\/wp\/v2\/media?parent=1468411"}],"curies":[{"name":"wp","href":"https:\/\/api.w.org\/{rel}","templated":true}]}}