{"id":1468335,"date":"2025-11-12T16:07:26","date_gmt":"2025-11-12T16:07:26","guid":{"rendered":"https:\/\/talkpal.ai\/oriya-gramatika\/"},"modified":"2025-12-30T12:45:00","modified_gmt":"2025-12-30T12:45:00","slug":"oriya-gramatika","status":"publish","type":"page","link":"https:\/\/talkpal.ai\/lt\/oriya-gramatika\/","title":{"rendered":"Odia gramatika"},"content":{"rendered":"\r\n\r\n\r\n<section class=\"languageChallengeSection\">\r\n    <div class=\"languageInfoWrapper\">\r\n        \r\n        <h1>Odia gramatika<\/h1>\r\n        <p><a href=\"https:\/\/talkpal.ai\/learn-odia\/\">Odia<\/a> <a href=\"https:\/\/talkpal.ai\/sq\/gramatika\/\">gramatika<\/a> i\u0161 prad\u017ei\u0173 gali atrodyti sud\u0117tinga, ta\u010diau d\u0117l unikali\u0173 savybi\u0173 <a href=\"https:\/\/talkpal.ai\/lt\/kaip-ismokti-kalba-per-talkpal-chat\/\">kalbos mokymasis<\/a> yra naudinga. Tyrin\u0117dami jos ab\u0117c\u0117l\u0119, mutacijas ir gramatikos taisykles, susipa\u017einsite su turtinga lingvistine tradicija. Prad\u0117kite savo kelion\u0119 ir atraskite Odijos gro\u017e\u012f!<\/p>\r\n\r\n                            <a class=\"getStartedHidden\" href=\"https:\/\/app.talkpal.ai\/lt\/signup?lng=\">Prad\u0117k<\/a>\r\n        \r\n    <\/div>\r\n\r\n    <figure>\r\n    <img decoding=\"async\" width=\"768\" height=\"768\" src=\"https:\/\/talkpal.ai\/wp-content\/uploads\/2023\/06\/welsh-768x768.png\" class=\"languageImage no-lazy\" alt=\"Language learning for better cognitive abilities\" fetchpriority=\"high\" sizes=\"(max-width: 768px) 150px, 768px\" srcset=\"https:\/\/talkpal.ai\/wp-content\/uploads\/2023\/06\/welsh-768x768.png 768w, https:\/\/talkpal.ai\/wp-content\/uploads\/2023\/06\/welsh-300x300.png 300w\" \/>\r\n    \r\n\r\n    <\/figure>\r\n\r\n            <a class=\"getStartedVisible\" href=\"https:\/\/app.talkpal.ai\/lt\/signup?lng=\">Prad\u0117k<\/a>\r\n    \r\n<\/section><section class=\"promotionalBanner\">\r\n    <p class=\"promotionalText\">Efektyviausias b\u016bdas mokytis kalbos<\/p>\r\n    <a class=\"promotionalLink\" href=\"https:\/\/app.talkpal.ai\/lt\/signup?lng=\">I\u0161bandykite Talkpal &#8221; nemokamai<\/a>\r\n<\/section>\n<div class=\"wp-block-group pageContainerStyle\"><div class=\"wp-block-group__inner-container is-layout-constrained wp-block-group-is-layout-constrained\">\n<h2 class=\"wp-block-heading\" id=\"h-navigating-the-intricacies-of-odia-grammar\">Nar\u0161ymas Odia gramatikos subtilyb\u0117se<\/h2>\n\n\n\n<p><a href=\"https:\/\/talkpal.ai\/learn-oriya\/\">Odia<\/a>, taip pat \u017einoma kaip Odia, yra indoarij\u0173 kalba, turinti turtingas literat\u016brines tradicijas ir gilias kult\u016brines \u0161aknis Ryt\u0173 Indijoje. <a href=\"https:\/\/talkpal.ai\/learn-thai\/\">Tai<\/a> si\u016blo \u012fdomi\u0105 kalbin\u0119 patirt\u012f besimokantiesiems, norintiems i\u0161tirti i\u0161skirtin\u0119 gramatikos sistem\u0105. \u012e\u017eeng\u0119 \u012f Odijos karalyst\u0119 ne tik praturtinsite savo kalbin\u012f repertuar\u0105, bet ir leisit\u0117s \u012f \u012fsp\u016bding\u0105 kult\u016brin\u0119 kelion\u0119. Nors Odia gramatika i\u0161 prad\u017ei\u0173 gali atrodyti sud\u0117tinga, suskaid\u017eius j\u0105 \u012f pagrindinius komponentus, kalbos mokymasis <a href=\"https:\/\/talkpal.ai\/locations\/language-courses-in-tampa\/\">tampa<\/a> prieinamesnis. \u0160iame straipsnyje i\u0161nagrin\u0117sime patraukl\u0173 <a href=\"https:\/\/talkpal.ai\/lt\/oriya-gramatikos-pratimai\/\">Odia gramatikos<\/a> pasaul\u012f ir pateiksime patarim\u0173, kaip \u012fvaldyti jos sud\u0117tingum\u0105.<\/p>\n\n\n\n<h3 class=\"wp-block-heading\" id=\"h-1-odia-alphabet-and-phonetics\">1. Odia ab\u0117c\u0117l\u0117 ir fonetika<\/h3>\n\n\n\n<p>Odia ra\u0161tas yra abugida su 11 balsi\u0173 ir apie 35 priebalsiais, kartu su diakritiniais \u017eenklais ir jungiamaisiais priebalsiais. Tai apima retrofleksinius ir aspiruojamus garsus, b\u016bdingus indoarij\u0173 kalboms. Norint \u012fvaldyti tarim\u0105 ir skaitym\u0105, labai svarbu i\u0161manyti ra\u0161t\u0105, balsi\u0173 \u017eenklus ir jungiam\u0105sias grupes. Praktikuokite skaitydami ir ra\u0161ydami Odia, kad \u012fsisavintum\u0117te garso ir simbolio atitikim\u0105.<\/p>\n\n\n\n<h3 class=\"wp-block-heading\" id=\"h-2-case-markers-and-postpositions-a-distinctive-odia-feature\">2. Bylos \u017eymekliai ir postpozicijos: skiriamasis Odia bruo\u017eas<\/h3>\n\n\n\n<p>Ry\u0161kus Odia gramatikos aspektas yra atvejo \u017eymekli\u0173 ir postpozicij\u0173 naudojimas, o ne prielinksniai. \u012eprasti \u017eymenys yra ku \u2013 kaltinamieji ir dativiniai vaidmenys, ra \u2013 genityvas, re \u2013 lokatyvas, ru \u2013 abliatyvas, saha \u2013 komitacinis, dwara \u2013 instrumentinis ar agentinis ir skausmas \u2013 tikslas. Norint tiksliai bendrauti Odia, labai svarbu suprasti, kaip \u0161ie \u017eymekliai prisitvirtina prie daiktavard\u017ei\u0173 ir \u012fvard\u017ei\u0173.<\/p>\n\n\n\n<h3 class=\"wp-block-heading\" id=\"h-3-nouns-and-pronouns-gender-and-cases\">3. Daiktavard\u017eiai ir \u012fvard\u017eiai: lytis ir atvejai<\/h3>\n\n\n\n<p>Odia daiktavard\u017eiai neturi gramatin\u0117s lyties, o daugiskaita skiriasi priklausomai nuo daiktavard\u017eio tipo ir konteksto. \u017dmogi\u0161kieji ir gyvieji daiktavard\u017eiai da\u017enai vartoja daugiskaitos priesag\u0105 -mane, o negyvieji daiktavard\u017eiai gali naudoti -gudika arba likti nepa\u017eym\u0117ti, <a href=\"https:\/\/talkpal.ai\/locations\/language-courses-in-kai\/\">kai<\/a> daugiskaita yra ai\u0161ki i\u0161 konteksto. \u012evard\u017eiai apima asmeninius, savininki\u0161kus, refleksyvius, demonstratyvius ir klausiamuosius rinkinius, su garb\u0117s skirtumais: mu I, tume tu neformalus, apana tu mandagus, se jis ar ji, semane jie. Savininkai apima mora my, tora ur, apanangkara j\u016bs\u0173 mandagus, tara jo ar ji. Susipa\u017ein\u0119 su \u0161iomis formomis ir j\u0173 raid\u0117mis pa\u017eym\u0117tais variantais, \u017eymiai pagerinsite Odia gramatikos supratim\u0105.<\/p>\n\n\n\n<h3 class=\"wp-block-heading\" id=\"h-4-verbs-structure-and-conjugation\">4. Veiksma\u017eod\u017eiai: strukt\u016bra ir konjugacija<\/h3>\n\n\n\n<p>Odia veiksma\u017eod\u017eiai linksniuoja laik\u0105, aspekt\u0105, nuotaik\u0105 ir susitarim\u0105, o garb\u0117s lygiai daro \u012ftak\u0105 veiksma\u017eod\u017ei\u0173 formoms. Pagrindiniai laiko aspekto dariniai apima esam\u0105j\u012f progresyv\u0173j\u012f -uchi, paprast\u0105 praeit\u012f -ila ir ateit\u012f -iba, kartu su sud\u0117tin\u0117mis konstrukcijomis ir pagalbin\u0117mis konstrukcijomis. Aktyviai naudojamos s\u0105lygin\u0117s ir imperatyvios nuotaikos. I\u0161mok\u0119 konjugacijos modelius ir kaip jie s\u0105veikauja su asmeniu bei mandagumu, pagerinsite j\u016bs\u0173 geb\u0117jim\u0105 efektyviai bendrauti Odia.<\/p>\n\n\n\n<h3 class=\"wp-block-heading\" id=\"h-5-adjectives-agreement-and-placement\">5. B\u016bdvard\u017eiai: susitarimas ir vieta<\/h3>\n\n\n\n<p>Odia gramatikoje b\u016bdvard\u017eiai paprastai eina prie\u0161 daiktavard\u012f, kur\u012f jie kei\u010dia, ir paprastai nesikei\u010dia pagal skai\u010di\u0173 ar lyt\u012f. Lyginamieji ir superlatyvai da\u017eniausiai formuojami su prieveiksmiais, tokiais kaip adhika more ir sabutharu most, nors tatsama formose taip pat gali b\u016bti naudojamos priesagos oficialiuose registruose. \u0160i\u0173 modeli\u0173 \u012fvaldymas padeda kalbai skamb\u0117ti nat\u016braliai ir idiomati\u0161kai.<\/p>\n\n\n\n<p><strong>Pavyzd\u017eiai:<\/strong><\/p>\n\n\n\n<p><strong>\u2013 Bada Prema (Did\u017eioji meil\u0117)  <\/strong><\/p>\n\n\n\n<p><strong>\u2013 chhota pilamane (ma\u017ei vaikai)<\/strong><\/p>\n\n\n\n<h3 class=\"wp-block-heading\" id=\"h-6-engaging-with-the-language\">6. \u012esitraukimas \u012f kalb\u0105<\/h3>\n\n\n\n<p>Veiksmingiausias b\u016bdas visi\u0161kai suprasti ir \u012fsisavinti Odia gramatik\u0105 yra nuosekliai bendrauti su kalba. Skaitydami Odia literat\u016br\u0105, \u017ei\u016br\u0117dami Odia filmus ar televizijos serialus, sekdami Odia naujienas ir aktyviai bendraudami su gimtakalbiais, sustiprinsite savo supratim\u0105 apie gramatik\u0105 ir prapl\u0117site \u017eodyn\u0105.<\/p>\n\n\n\n<h3 class=\"wp-block-heading\" id=\"h-conclusion\">I\u0161vada<\/h3>\n\n\n\n<p>Nors Odia gramatika gali atrodyti sud\u0117tinga, galite \u012fgyti \u0161ios gra\u017eios kalbos \u012fg\u016bd\u017eius su atsidavimu, praktika ir entuziazmu. Sutelkdami d\u0117mes\u012f \u012f pagrindines taisykles ir bendraudami su kalba \u012fvairiuose kontekstuose, greitai pagerinsite savo Odia <a href=\"https:\/\/talkpal.ai\/lt\/gramatika\/\">gramatikos \u012fg\u016bd\u017eius<\/a>. Subha kamana (s\u0117km\u0117s) savo Odia kalbos kelion\u0117je ir m\u0117gaukit\u0117s eleganti\u0161ku, bet patraukliu Odia gramatikos pasauliu!<\/p>\n<\/div><\/div>\n\r\n<section class=\"learnNavigationSection\">\r\n            \r\n        <a href=\"https:\/\/talkpal.ai\/lt\/mokytis-oriya\/\">\r\n            <div class=\"learnNavigationWrapper\">\r\n                <div class=\"learnNavigationContent\">\r\n                    <img decoding=\"async\" src=\"https:\/\/talkpal.ai\/wp-content\/uploads\/2025\/11\/Oriya.png\" alt=\"Indian Simplified Flag\">\r\n                    <div>\r\n                        <h4>Apie &quot;Odia Learning&quot;<\/h4>\r\n                        <p>Su\u017einokite visk\u0105 apie Odia gramatik\u0105.<\/p>\r\n                    <\/div>\r\n                <\/div>\r\n            <\/div>\r\n        <\/a>\r\n\r\n        \r\n        <a href=\"https:\/\/talkpal.ai\/lt\/oriya-gramatikos-pratimai\/\">\r\n            <div class=\"learnNavigationWrapper\">\r\n                <div class=\"learnNavigationContent\">\r\n                    <img decoding=\"async\" src=\"https:\/\/talkpal.ai\/wp-content\/uploads\/2025\/11\/Oriya.png\" alt=\"Indian Simplified Flag\">\r\n                    <div>\r\n                        <h4>Odia gramatikos pratimas<\/h4>\r\n                        <p>Praktikuokite Odia gramatik\u0105.<\/p>\r\n                    <\/div>\r\n                <\/div>\r\n            <\/div>\r\n        <\/a>\r\n\r\n            <\/section>","protected":false},"excerpt":{"rendered":"<p>Nar\u0161ymas Odia gramatikos subtilyb\u0117se Odia, taip pat \u017einoma kaip Odia, yra indoarij\u0173 kalba, turinti turtingas literat\u016brines tradicijas ir gilias kult\u016brines \u0161aknis Ryt\u0173 Indijoje. Tai si\u016blo \u012fdomi\u0105 kalbin\u0119 patirt\u012f besimokantiesiems, norintiems i\u0161tirti i\u0161skirtin\u0119 gramatikos sistem\u0105. \u012e\u017eeng\u0119 \u012f Odijos karalyst\u0119 ne tik praturtinsite savo kalbin\u012f repertuar\u0105, bet ir leisit\u0117s \u012f \u012fsp\u016bding\u0105 kult\u016brin\u0119 kelion\u0119. Nors Odia gramatika i\u0161 [&hellip;]<\/p>\n","protected":false},"author":20,"featured_media":0,"parent":0,"menu_order":0,"comment_status":"closed","ping_status":"closed","template":"LearningContentPage.php","meta":{"_acf_changed":false,"footnotes":""},"class_list":["post-1468335","page","type-page","status-publish","hentry"],"acf":[],"yoast_head":"<!-- This site is optimized with the Yoast SEO Premium plugin v27.2 (Yoast SEO v27.2) - https:\/\/yoast.com\/product\/yoast-seo-premium-wordpress\/ -->\n<title>Odia gramatika - Talkpal<\/title>\n<meta name=\"description\" content=\"\u012evaldykite odi\u0173 kalbos gramatikos pagrindus, \u012fskaitant ab\u0117c\u0117l\u0119, bylos \u017eymenis ir veiksma\u017eod\u017eius, naudodamiesi m\u016bs\u0173 i\u0161samiu kalbos mokymosi vadovu.\" \/>\n<meta name=\"robots\" content=\"index, follow, max-snippet:-1, max-image-preview:large, max-video-preview:-1\" \/>\n<link rel=\"canonical\" href=\"https:\/\/talkpal.ai\/lt\/oriya-gramatika\/\" \/>\n<meta property=\"og:locale\" content=\"lt_LT\" \/>\n<meta property=\"og:type\" content=\"article\" \/>\n<meta property=\"og:title\" content=\"Odia gramatika\" \/>\n<meta property=\"og:description\" content=\"Nar\u0161ymas Odia gramatikos subtilyb\u0117se Odia, taip pat \u017einoma kaip Odia, yra indoarij\u0173 kalba, turinti turtingas literat\u016brines tradicijas ir gilias kult\u016brines\" \/>\n<meta property=\"og:url\" content=\"https:\/\/talkpal.ai\/lt\/oriya-gramatika\/\" \/>\n<meta property=\"og:site_name\" content=\"Talkpal\" \/>\n<meta property=\"article:publisher\" content=\"https:\/\/www.facebook.com\/profile.php?id=100090733639311\" \/>\n<meta property=\"article:modified_time\" content=\"2025-12-30T12:45:00+00:00\" \/>\n<meta property=\"og:image\" content=\"https:\/\/talkpal.ai\/wp-content\/uploads\/2025\/02\/Progress-tab-16_9.png\" \/>\n\t<meta property=\"og:image:width\" content=\"2880\" \/>\n\t<meta property=\"og:image:height\" content=\"1620\" \/>\n\t<meta property=\"og:image:type\" content=\"image\/png\" \/>\n<meta name=\"twitter:card\" content=\"summary_large_image\" \/>\n<meta name=\"twitter:site\" content=\"@talkpalai\" \/>\n<meta name=\"twitter:label1\" content=\"Est. reading time\" \/>\n\t<meta name=\"twitter:data1\" content=\"3 minut\u0117s\" \/>\n<script type=\"application\/ld+json\" class=\"yoast-schema-graph\">{\"@context\":\"https:\/\/schema.org\",\"@graph\":[{\"@type\":\"WebPage\",\"@id\":\"https:\/\/talkpal.ai\/lt\/oriya-gramatika\/\",\"url\":\"https:\/\/talkpal.ai\/lt\/oriya-gramatika\/\",\"name\":\"Odia gramatika - Talkpal\",\"isPartOf\":{\"@id\":\"https:\/\/talkpal.ai\/lt\/#website\"},\"datePublished\":\"2025-11-12T16:07:26+00:00\",\"dateModified\":\"2025-12-30T12:45:00+00:00\",\"description\":\"\u012evaldykite odi\u0173 kalbos gramatikos pagrindus, \u012fskaitant ab\u0117c\u0117l\u0119, bylos \u017eymenis ir veiksma\u017eod\u017eius, naudodamiesi m\u016bs\u0173 i\u0161samiu kalbos mokymosi vadovu.\",\"breadcrumb\":{\"@id\":\"https:\/\/talkpal.ai\/lt\/oriya-gramatika\/#breadcrumb\"},\"inLanguage\":\"lt-LT\",\"potentialAction\":[{\"@type\":\"ReadAction\",\"target\":[\"https:\/\/talkpal.ai\/lt\/oriya-gramatika\/\"]}]},{\"@type\":\"BreadcrumbList\",\"@id\":\"https:\/\/talkpal.ai\/lt\/oriya-gramatika\/#breadcrumb\",\"itemListElement\":[{\"@type\":\"ListItem\",\"position\":1,\"name\":\"Homepage\",\"item\":\"https:\/\/talkpal.ai\/lt\/\"},{\"@type\":\"ListItem\",\"position\":2,\"name\":\"Odia gramatika\"}]},{\"@type\":\"WebSite\",\"@id\":\"https:\/\/talkpal.ai\/lt\/#website\",\"url\":\"https:\/\/talkpal.ai\/lt\/\",\"name\":\"Talkpal\",\"description\":\"AI Language Learning\",\"publisher\":{\"@id\":\"https:\/\/talkpal.ai\/lt\/#organization\"},\"alternateName\":\"Talkpal AI\",\"potentialAction\":[{\"@type\":\"SearchAction\",\"target\":{\"@type\":\"EntryPoint\",\"urlTemplate\":\"https:\/\/talkpal.ai\/lt\/?s={search_term_string}\"},\"query-input\":{\"@type\":\"PropertyValueSpecification\",\"valueRequired\":true,\"valueName\":\"search_term_string\"}}],\"inLanguage\":\"lt-LT\"},{\"@type\":\"Organization\",\"@id\":\"https:\/\/talkpal.ai\/lt\/#organization\",\"name\":\"Talkpal, Inc.\",\"alternateName\":\"Talkpal AI\",\"url\":\"https:\/\/talkpal.ai\/lt\/\",\"logo\":{\"@type\":\"ImageObject\",\"inLanguage\":\"lt-LT\",\"@id\":\"https:\/\/talkpal.ai\/lt\/#\/schema\/logo\/image\/\",\"url\":\"https:\/\/talkpal.ai\/wp-content\/uploads\/2024\/03\/Talkpal-Logo-Icon.png\",\"contentUrl\":\"https:\/\/talkpal.ai\/wp-content\/uploads\/2024\/03\/Talkpal-Logo-Icon.png\",\"width\":2880,\"height\":2880,\"caption\":\"Talkpal, Inc.\"},\"image\":{\"@id\":\"https:\/\/talkpal.ai\/lt\/#\/schema\/logo\/image\/\"},\"sameAs\":[\"https:\/\/www.facebook.com\/profile.php?id=100090733639311\",\"https:\/\/x.com\/talkpalai\",\"https:\/\/www.linkedin.com\/company\/talkpal\/\",\"https:\/\/www.youtube.com\/@TalkPal\/\",\"https:\/\/www.tiktok.com\/@talkpal\",\"https:\/\/www.instagram.com\/talkpal_ai\/\",\"https:\/\/www.crunchbase.com\/organization\/talkpal-9cde\",\"https:\/\/www.g2.com\/products\/talkpal-for-business\/\",\"https:\/\/www.trustpilot.com\/review\/talkpal.ai\",\"https:\/\/www.capterra.com\/p\/10006800\/TalkPal\/\"],\"description\":\"Talkpal is a language learning web and mobile education app, powered by the latest AI technologies, that provides engaging experiences to its customers in many different languages to help them improve their language skills. Users can chat about unlimited amount of topics with the app and use other modes to practice their language learning.\",\"email\":\"support@talkpal.ai\",\"legalName\":\"Talkpal, Inc.\",\"foundingDate\":\"2023-04-03\",\"duns\":\"118989042\",\"numberOfEmployees\":{\"@type\":\"QuantitativeValue\",\"minValue\":\"11\",\"maxValue\":\"50\"},\"publishingPrinciples\":\"https:\/\/talkpal.ai\/publishing-principles\/\",\"actionableFeedbackPolicy\":\"https:\/\/talkpal.ai\/actionable-feedback-policy\/\",\"correctionsPolicy\":\"https:\/\/talkpal.ai\/corrections-policy\/\",\"ethicsPolicy\":\"https:\/\/talkpal.ai\/ethics-policy\/\",\"diversityPolicy\":\"https:\/\/talkpal.ai\/diversity-policy\/\",\"diversityStaffingReport\":\"https:\/\/talkpal.ai\/diversity-policy\/\"}]}<\/script>\n<!-- \/ Yoast SEO Premium plugin. -->","yoast_head_json":{"title":"Odia gramatika - Talkpal","description":"\u012evaldykite odi\u0173 kalbos gramatikos pagrindus, \u012fskaitant ab\u0117c\u0117l\u0119, bylos \u017eymenis ir veiksma\u017eod\u017eius, naudodamiesi m\u016bs\u0173 i\u0161samiu kalbos mokymosi vadovu.","robots":{"index":"index","follow":"follow","max-snippet":"max-snippet:-1","max-image-preview":"max-image-preview:large","max-video-preview":"max-video-preview:-1"},"canonical":"https:\/\/talkpal.ai\/lt\/oriya-gramatika\/","og_locale":"lt_LT","og_type":"article","og_title":"Odia gramatika","og_description":"Nar\u0161ymas Odia gramatikos subtilyb\u0117se Odia, taip pat \u017einoma kaip Odia, yra indoarij\u0173 kalba, turinti turtingas literat\u016brines tradicijas ir gilias kult\u016brines","og_url":"https:\/\/talkpal.ai\/lt\/oriya-gramatika\/","og_site_name":"Talkpal","article_publisher":"https:\/\/www.facebook.com\/profile.php?id=100090733639311","article_modified_time":"2025-12-30T12:45:00+00:00","og_image":[{"width":2880,"height":1620,"url":"https:\/\/talkpal.ai\/wp-content\/uploads\/2025\/02\/Progress-tab-16_9.png","type":"image\/png"}],"twitter_card":"summary_large_image","twitter_site":"@talkpalai","twitter_misc":{"Est. reading time":"3 minut\u0117s"},"schema":{"@context":"https:\/\/schema.org","@graph":[{"@type":"WebPage","@id":"https:\/\/talkpal.ai\/lt\/oriya-gramatika\/","url":"https:\/\/talkpal.ai\/lt\/oriya-gramatika\/","name":"Odia gramatika - Talkpal","isPartOf":{"@id":"https:\/\/talkpal.ai\/lt\/#website"},"datePublished":"2025-11-12T16:07:26+00:00","dateModified":"2025-12-30T12:45:00+00:00","description":"\u012evaldykite odi\u0173 kalbos gramatikos pagrindus, \u012fskaitant ab\u0117c\u0117l\u0119, bylos \u017eymenis ir veiksma\u017eod\u017eius, naudodamiesi m\u016bs\u0173 i\u0161samiu kalbos mokymosi vadovu.","breadcrumb":{"@id":"https:\/\/talkpal.ai\/lt\/oriya-gramatika\/#breadcrumb"},"inLanguage":"lt-LT","potentialAction":[{"@type":"ReadAction","target":["https:\/\/talkpal.ai\/lt\/oriya-gramatika\/"]}]},{"@type":"BreadcrumbList","@id":"https:\/\/talkpal.ai\/lt\/oriya-gramatika\/#breadcrumb","itemListElement":[{"@type":"ListItem","position":1,"name":"Homepage","item":"https:\/\/talkpal.ai\/lt\/"},{"@type":"ListItem","position":2,"name":"Odia gramatika"}]},{"@type":"WebSite","@id":"https:\/\/talkpal.ai\/lt\/#website","url":"https:\/\/talkpal.ai\/lt\/","name":"Talkpal","description":"AI Language Learning","publisher":{"@id":"https:\/\/talkpal.ai\/lt\/#organization"},"alternateName":"Talkpal AI","potentialAction":[{"@type":"SearchAction","target":{"@type":"EntryPoint","urlTemplate":"https:\/\/talkpal.ai\/lt\/?s={search_term_string}"},"query-input":{"@type":"PropertyValueSpecification","valueRequired":true,"valueName":"search_term_string"}}],"inLanguage":"lt-LT"},{"@type":"Organization","@id":"https:\/\/talkpal.ai\/lt\/#organization","name":"Talkpal, Inc.","alternateName":"Talkpal AI","url":"https:\/\/talkpal.ai\/lt\/","logo":{"@type":"ImageObject","inLanguage":"lt-LT","@id":"https:\/\/talkpal.ai\/lt\/#\/schema\/logo\/image\/","url":"https:\/\/talkpal.ai\/wp-content\/uploads\/2024\/03\/Talkpal-Logo-Icon.png","contentUrl":"https:\/\/talkpal.ai\/wp-content\/uploads\/2024\/03\/Talkpal-Logo-Icon.png","width":2880,"height":2880,"caption":"Talkpal, Inc."},"image":{"@id":"https:\/\/talkpal.ai\/lt\/#\/schema\/logo\/image\/"},"sameAs":["https:\/\/www.facebook.com\/profile.php?id=100090733639311","https:\/\/x.com\/talkpalai","https:\/\/www.linkedin.com\/company\/talkpal\/","https:\/\/www.youtube.com\/@TalkPal\/","https:\/\/www.tiktok.com\/@talkpal","https:\/\/www.instagram.com\/talkpal_ai\/","https:\/\/www.crunchbase.com\/organization\/talkpal-9cde","https:\/\/www.g2.com\/products\/talkpal-for-business\/","https:\/\/www.trustpilot.com\/review\/talkpal.ai","https:\/\/www.capterra.com\/p\/10006800\/TalkPal\/"],"description":"Talkpal is a language learning web and mobile education app, powered by the latest AI technologies, that provides engaging experiences to its customers in many different languages to help them improve their language skills. Users can chat about unlimited amount of topics with the app and use other modes to practice their language learning.","email":"support@talkpal.ai","legalName":"Talkpal, Inc.","foundingDate":"2023-04-03","duns":"118989042","numberOfEmployees":{"@type":"QuantitativeValue","minValue":"11","maxValue":"50"},"publishingPrinciples":"https:\/\/talkpal.ai\/publishing-principles\/","actionableFeedbackPolicy":"https:\/\/talkpal.ai\/actionable-feedback-policy\/","correctionsPolicy":"https:\/\/talkpal.ai\/corrections-policy\/","ethicsPolicy":"https:\/\/talkpal.ai\/ethics-policy\/","diversityPolicy":"https:\/\/talkpal.ai\/diversity-policy\/","diversityStaffingReport":"https:\/\/talkpal.ai\/diversity-policy\/"}]}},"_links":{"self":[{"href":"https:\/\/talkpal.ai\/lt\/wp-json\/wp\/v2\/pages\/1468335","targetHints":{"allow":["GET"]}}],"collection":[{"href":"https:\/\/talkpal.ai\/lt\/wp-json\/wp\/v2\/pages"}],"about":[{"href":"https:\/\/talkpal.ai\/lt\/wp-json\/wp\/v2\/types\/page"}],"author":[{"embeddable":true,"href":"https:\/\/talkpal.ai\/lt\/wp-json\/wp\/v2\/users\/20"}],"replies":[{"embeddable":true,"href":"https:\/\/talkpal.ai\/lt\/wp-json\/wp\/v2\/comments?post=1468335"}],"version-history":[{"count":0,"href":"https:\/\/talkpal.ai\/lt\/wp-json\/wp\/v2\/pages\/1468335\/revisions"}],"wp:attachment":[{"href":"https:\/\/talkpal.ai\/lt\/wp-json\/wp\/v2\/media?parent=1468335"}],"curies":[{"name":"wp","href":"https:\/\/api.w.org\/{rel}","templated":true}]}}