{"id":1468302,"date":"2025-11-12T15:57:33","date_gmt":"2025-11-12T15:57:33","guid":{"rendered":"https:\/\/talkpal.ai\/mongolu-gramatikos-pratimai\/"},"modified":"2025-12-30T12:40:37","modified_gmt":"2025-12-30T12:40:37","slug":"mongolu-gramatikos-pratimai","status":"publish","type":"page","link":"https:\/\/talkpal.ai\/lt\/mongolu-gramatikos-pratimai\/","title":{"rendered":"Mongol\u0173 gramatikos pratimai"},"content":{"rendered":"\r\n\r\n\r\n<section class=\"languageChallengeSection\">\r\n    <div class=\"languageInfoWrapper\">\r\n        \r\n        <h1>Mongol\u0173 gramatikos pratimai<\/h1>\r\n        <p>Pasiruo\u0161\u0119 pasinerti \u012f <a href=\"https:\/\/talkpal.ai\/learn-mongolian\/\">mongol\u0173<\/a> <a href=\"https:\/\/talkpal.ai\/what-language-is-spoken-on-the-international-space-station\/\">kalbos<\/a> gramatik\u0105? I\u0161mok\u0119 kelis pagrindinius dalykus, gal\u0117site patogiai \u012fvaldyti \u0161i\u0105 unikali\u0105 ir gra\u017ei\u0105 kalb\u0105. I\u0161bandykite \u0161iuos pratimus, kad sustiprintum\u0117te pasitik\u0117jim\u0105 savimi ir smagiai praleistum\u0117te laik\u0105!<\/p>\r\n\r\n                            <a class=\"getStartedHidden\" href=\"https:\/\/app.talkpal.ai\/lt\/signup?lng=\">Prad\u0117k<\/a>\r\n        \r\n    <\/div>\r\n\r\n    <figure>\r\n    <img decoding=\"async\" width=\"768\" height=\"768\" src=\"https:\/\/talkpal.ai\/wp-content\/uploads\/2023\/06\/welsh-768x768.png\" class=\"languageImage no-lazy\" alt=\"Language learning for better cognitive abilities\" fetchpriority=\"high\" sizes=\"(max-width: 768px) 150px, 768px\" srcset=\"https:\/\/talkpal.ai\/wp-content\/uploads\/2023\/06\/welsh-768x768.png 768w, https:\/\/talkpal.ai\/wp-content\/uploads\/2023\/06\/welsh-300x300.png 300w\" \/>\r\n    \r\n\r\n    <\/figure>\r\n\r\n            <a class=\"getStartedVisible\" href=\"https:\/\/app.talkpal.ai\/lt\/signup?lng=\">Prad\u0117k<\/a>\r\n    \r\n<\/section><section class=\"promotionalBanner\">\r\n    <p class=\"promotionalText\">Efektyviausias b\u016bdas mokytis kalbos<\/p>\r\n    <a class=\"promotionalLink\" href=\"https:\/\/app.talkpal.ai\/lt\/signup?lng=\">I\u0161bandykite Talkpal &#8221; nemokamai<\/a>\r\n<\/section>\n<div class=\"wp-block-group pageContainerStyle\"><div class=\"wp-block-group__inner-container is-layout-constrained wp-block-group-is-layout-constrained\">\n<h2 class=\"wp-block-heading\" id=\"h-mongolian-grammar-topics\">Mongol\u0173 gramatikos temos<\/h2>\n\n\n\n<p><a href=\"https:\/\/talkpal.ai\/lt\/didziausios-klaidos-kuriu-reikia-vengti-mokantis-naujos-kalbos\/\">Naujos kalbos mokymasis<\/a> gali b\u016bti sud\u0117tingas, bet naudingas darbas. Mongol\u0173 kalba, kuria daugiausia kalbama Mongolijoje ir <a href=\"https:\/\/talkpal.ai\/locations\/language-courses-in-kai\/\">kai<\/a> kuriose \u0161iaur\u0117s Kinijos dalyse, n\u0117ra i\u0161imtis. D\u0117l unikali\u0173 savybi\u0173 ir strukt\u016br\u0173, toki\u0173 kaip balsi\u0173 harmonija, agliutinacin\u0117 morfologija, turtingas atvej\u0173 \u017eym\u0117jimas ir postpozicijos, <a href=\"https:\/\/talkpal.ai\/lt\/talkpal-svietimui\/\">mongol\u0173 kalbos mokymasis<\/a> reikalauja sistemingo po\u017ei\u016brio \u012f gramatikos supratim\u0105. \u0160iame vadove logi\u0161ka <a href=\"https:\/\/talkpal.ai\/lt\/talkpal-svietimui\/\">kalbos mokymosi<\/a> seka apib\u016bdinamos pagrindin\u0117s <a href=\"https:\/\/talkpal.ai\/lt\/mongolu-gramatika\/\">mongol\u0173 kalbos gramatikos<\/a> sritys, pradedant nuo pagrind\u0173, toki\u0173 kaip daiktavard\u017eiai ir straipsniai, ir pereinant prie sud\u0117tingesni\u0173 sri\u010di\u0173, toki\u0173 kaip laikai ir sakini\u0173 konstrukcija.<\/p>\n\n\n\n<h3 class=\"wp-block-heading\" id=\"h-1-nouns\">1. Daiktavard\u017eiai:<\/h3>\n\n\n\n<p>Prad\u0117kite savo <a href=\"https:\/\/talkpal.ai\/lt\/mokytis-mongolu-kalbos\/\">mongol\u0173 kalbos<\/a> kelion\u0119 mokydamiesi daiktavard\u017ei\u0173. <a href=\"https:\/\/talkpal.ai\/learn-thai\/\">Tai<\/a> apima \u012fvairi\u0173 daiktavard\u017ei\u0173 kategorij\u0173, toki\u0173 kaip bendri ir tikriniai daiktavard\u017eiai, taip pat j\u0173 daugiskaitos form\u0173 supratim\u0105. Taip pat susidursite su atvej\u0173 gal\u016bn\u0117mis, \u017eymin\u010diomis gramatinius vaidmenis, tokius kaip subjektas, objektas, vieta ir kryptis.<\/p>\n\n\n\n<h3 class=\"wp-block-heading\" id=\"h-2-articles\">2. Straipsniai:<\/h3>\n\n\n\n<p>Straipsniai mongol\u0173 kalba n\u0117ra naudojami taip, kaip <a href=\"https:\/\/talkpal.ai\/ai-english-speaking-practice\/\">jie yra angl\u0173 kalba<\/a>. Mongol\u0173 kalba neturi apibr\u0117\u017et\u0173 ar neapibr\u0117\u017et\u0173 straipsni\u0173. Vietoj to, apibr\u0117\u017etumas i\u0161rei\u0161kiamas per kontekst\u0105, \u017eod\u017ei\u0173 tvark\u0105, demonstratyvus, tokius kaip \u0161is ir anas, o kartais ir atvejo \u017eym\u0117jimu, pavyzd\u017eiui, akustatyvu apibr\u0117\u017etiems tiesioginiams objektams.<\/p>\n\n\n\n<h3 class=\"wp-block-heading\" id=\"h-3-adjectives\">3. B\u016bdvard\u017eiai:<\/h3>\n\n\n\n<p>B\u016bdvard\u017eiai mongol\u0173 kalba paprastai eina prie\u0161 daiktavard\u017eius, o <a href=\"https:\/\/talkpal.ai\/learn-thai\/\">tai<\/a> kai kuriems besimokantiesiems skiriasi nuo <a href=\"https:\/\/talkpal.ai\/learn-english-with-ai\/\">angl\u0173<\/a> kalbos. Jie nesutaria d\u0117l lyties ar skai\u010diaus. Taip pat tur\u0117site i\u0161mokti formuoti lyginamuosius ir superlatyvai, da\u017enai su \u017eod\u017eiais, pavyzd\u017eiui, daugiau ir dauguma arba su lyginamosiomis konstrukcijomis, naudojant nei.<\/p>\n\n\n\n<h3 class=\"wp-block-heading\" id=\"h-4-pronouns-determiners\">4. \u012evard\u017eiai\/determinantai:<\/h3>\n\n\n\n<p>\u012evard\u017eiai ir determinantai yra b\u016btini mongol\u0173 kalboje; Jie pakei\u010dia daiktavard\u017eius ir pateikia informacij\u0105 apie kiek\u012f, tur\u0117jim\u0105 ir kt. Nuosavyb\u0117 paprastai rodoma genityvin\u0117mis formomis ir savininki\u0161kais \u012fvard\u017eiais, o subjekto \u012fvard\u017eiai gali b\u016bti atmesti, kai suprantami i\u0161 konteksto. Tokie demonstratyv\u016bs dalykai, skai\u010diai ir kiekybiniai rodikliai yra pagrindiniai veiksniai, kuriuos reikia \u012fsisavinti.<\/p>\n\n\n\n<h3 class=\"wp-block-heading\" id=\"h-5-verbs\">5. Veiksma\u017eod\u017eiai:<\/h3>\n\n\n\n<p><a href=\"https:\/\/talkpal.ai\/lt\/mokytis-mongolu-kalbos\/\">Mongol\u0173 kalbos<\/a> veiksma\u017eod\u017eiai turi skirtingas formas, priklausomai nuo laiko, aspekto ir nuotaikos, da\u017enai sudaromi su priesagomis ir pagalbiniais \u017eod\u017eiais. Asmens sutikimas yra ribotas, o temos da\u017enai praleid\u017eiamos, jei jos ai\u0161kios. Prad\u0117kite nuo pagrindini\u0173 nepraeities ir praeities form\u0173, tada tyrin\u0117kite \u012fprast\u0105, ateities ir modalin\u012f naudojim\u0105.<\/p>\n\n\n\n<h3 class=\"wp-block-heading\" id=\"h-6-tenses\">6. Laikai:<\/h3>\n\n\n\n<p>\u012evald\u0119 veiksma\u017eod\u017ei\u0173 kamienus ir pagrindines formas, gilinkit\u0117s \u012f mongol\u0173 laik\u0105 ir aspekt\u0105. Tai apima skirtum\u0173 tarp \u012fprastos dabarties, progresyvios dabarties, paprastos praeities, praeities tobulinimo ir nepraeities ar ateities skaitym\u0173 supratim\u0105 ir kaip jie naudojami skirtinguose kontekstuose.<\/p>\n\n\n\n<h3 class=\"wp-block-heading\" id=\"h-7-tense-comparison\">7. \u012etemptas palyginimas:<\/h3>\n\n\n\n<p>Laik\u0173 palyginimas mongol\u0173 kalba padeda suprasti veiksm\u0173 sek\u0105 ir niuansus. Palyginus t\u0105 pat\u012f veiksma\u017eod\u012f \u012fprastomis, progresuojan\u010diomis, praeities ir nepraeities formomis, bus galima geriau suprasti reik\u0161mi\u0173 skirtumus ir vartojim\u0105.<\/p>\n\n\n\n<h3 class=\"wp-block-heading\" id=\"h-8-progressive\">8. Progresyvus:<\/h3>\n\n\n\n<p>Progresyvus mongol\u0173 kalba naudojamas vykstantiems veiksmams i\u0161reik\u0161ti. Jis formuojamas naudojant veiksma\u017eod\u017eio kamien\u0105 su priesaga priesaga ir pagalbiniu b\u016bti, paprastai i\u0161rei\u0161kiamu forma, lygiaverte daryti.<\/p>\n\n\n\n<h3 class=\"wp-block-heading\" id=\"h-9-perfect-progressive\">9. Tobulas progresyvus:<\/h3>\n\n\n\n<p>\u0160i reik\u0161m\u0117 naudojama veiksmams, kurie vyko iki tam tikro momento, i\u0161reik\u0161ti. Mongol\u0173 kalboje jis i\u0161rei\u0161kiamas prieveiksmiu plius pagalbiniais \u017eod\u017eiais, tokiais kaip at\u0117jo arba buvo, kurie perteikia t\u0119sin\u012f iki \u0161iol arba iki praeities atskaitos ta\u0161ko.<\/p>\n\n\n\n<h3 class=\"wp-block-heading\" id=\"h-10-conditionals\">10. S\u0105lygos:<\/h3>\n\n\n\n<p>S\u0105lygos i\u0161rei\u0161kia hipotetines situacijas ir galimas j\u0173 pasekmes. Jie yra svarbi mongol\u0173 kalbos gramatikos dalis ir paprastai sudaromi su s\u0105lygin\u0117mis priesagomis, atitinkan\u010diomis if, kartu su konstrukcijomis, i\u0161rei\u0161kian\u010diomis realias, potencialias ar kontrafaktines situacijas.<\/p>\n\n\n\n<h3 class=\"wp-block-heading\" id=\"h-11-adverbs\">11. Prieveiksmiai:<\/h3>\n\n\n\n<p>Prieveiksmiai mongol\u0173 kalba kei\u010dia veiksma\u017eod\u017eius, b\u016bdvard\u017eius ar kitus prieveiksmius. Jie teikia informacij\u0105 apie b\u016bd\u0105, viet\u0105, laik\u0105, laipsn\u012f ir kt. Daugelis b\u016bdo prieveiksmi\u0173 yra kil\u0119 i\u0161 b\u016bdvard\u017ei\u0173 su prieveiksmi\u0173 priesagomis, ir yra daug bendr\u0173 laiko ir da\u017enio prieveiksmi\u0173.<\/p>\n\n\n\n<h3 class=\"wp-block-heading\" id=\"h-12-prepositions\">12. Prielinksniai:<\/h3>\n\n\n\n<p>Prielinksniai mongol\u0173 kalba pirmiausia realizuojami kaip postpozicijos ir atvej\u0173 pabaigos. Jie susieja \u017eod\u017eius ir frazes ir i\u0161rei\u0161kia laiko, vietos, krypties, tikslo, prie\u017easties ir kt. ry\u0161ius. Labai svarbu i\u0161mokti bendr\u0173 pozicij\u0173 ir atvej\u0173 sistemos funkcij\u0173.<\/p>\n\n\n\n<h3 class=\"wp-block-heading\" id=\"h-13-sentences\">13. Sakiniai:<\/h3>\n\n\n\n<p>Galiausiai praktikuokite sakini\u0173 konstravim\u0105. Mongol\u0173 kalba paprastai laikosi subjekto objekto veiksma\u017eod\u017eio \u017eod\u017ei\u0173 tvarkos, naudoja temos pary\u0161kinim\u0105 dalel\u0117mis ir formuoja klausimus su klausiamosiomis dalel\u0117mis ir intonacija. Tai apims vis\u0173 anks\u010diau i\u0161mokt\u0173 gramatikos ta\u0161k\u0173 naudojim\u0105 kontekste, taip u\u017etikrinant visapusi\u0161k\u0105 mongol\u0173 kalbos supratim\u0105.<\/p>\n<\/div><\/div>\n\r\n<section class=\"learnNavigationSection\">\r\n            \r\n        <a href=\"https:\/\/talkpal.ai\/lt\/mokytis-mongolu-kalbos\/\">\r\n            <div class=\"learnNavigationWrapper\">\r\n                <div class=\"learnNavigationContent\">\r\n                    <img decoding=\"async\" src=\"https:\/\/talkpal.ai\/wp-content\/uploads\/2025\/11\/Mongolian.png\" alt=\"Mongolian Flag\">\r\n                    <div>\r\n                        <h4>Apie mongol\u0173 mokym\u0105si<\/h4>\r\n                        <p>Su\u017einokite visk\u0105 apie mongol\u0173 gramatik\u0105.<\/p>\r\n                    <\/div>\r\n                <\/div>\r\n            <\/div>\r\n        <\/a>\r\n\r\n        \r\n        <a href=\"https:\/\/talkpal.ai\/lt\/mongolu-gramatika\/\">\r\n            <div class=\"learnNavigationWrapper\">\r\n                <div class=\"learnNavigationContent\">\r\n                    <img decoding=\"async\" src=\"https:\/\/talkpal.ai\/wp-content\/uploads\/2025\/11\/Mongolian.png\" alt=\"Mongolian Flag\">\r\n                    <div>\r\n                        <h4>Mongol\u0173 kalbos gramatikos pamokos<\/h4>\r\n                        <p>Praktikuokite mongol\u0173 gramatik\u0105.<\/p>\r\n                    <\/div>\r\n                <\/div>\r\n            <\/div>\r\n        <\/a>\r\n\r\n            <\/section>","protected":false},"excerpt":{"rendered":"<p>Mongol\u0173 gramatikos temos Naujos kalbos mokymasis gali b\u016bti sud\u0117tingas, bet naudingas darbas. Mongol\u0173 kalba, kuria daugiausia kalbama Mongolijoje ir kai kuriose \u0161iaur\u0117s Kinijos dalyse, n\u0117ra i\u0161imtis. D\u0117l unikali\u0173 savybi\u0173 ir strukt\u016br\u0173, toki\u0173 kaip balsi\u0173 harmonija, agliutinacin\u0117 morfologija, turtingas atvej\u0173 \u017eym\u0117jimas ir postpozicijos, mongol\u0173 kalbos mokymasis reikalauja sistemingo po\u017ei\u016brio \u012f gramatikos supratim\u0105. \u0160iame vadove logi\u0161ka kalbos [&hellip;]<\/p>\n","protected":false},"author":20,"featured_media":0,"parent":0,"menu_order":0,"comment_status":"closed","ping_status":"closed","template":"LearningContentPage.php","meta":{"_acf_changed":false,"footnotes":""},"class_list":["post-1468302","page","type-page","status-publish","hentry"],"acf":[],"yoast_head":"<!-- This site is optimized with the Yoast SEO Premium plugin v27.2 (Yoast SEO v27.2) - https:\/\/yoast.com\/product\/yoast-seo-premium-wordpress\/ -->\n<title>Mongol\u0173 gramatikos pratimai - Talkpal<\/title>\n<meta name=\"description\" content=\"\u012evaldykite mongol\u0173 kalbos gramatik\u0105 naudodami interaktyvius pratimus ir dirbtinio intelekto valdomas pamokas, skirtas skland\u017eiam kalb\u0173 mokymuisi ir kalbos supratimui gerinti.\" \/>\n<meta name=\"robots\" content=\"index, follow, max-snippet:-1, max-image-preview:large, max-video-preview:-1\" \/>\n<link rel=\"canonical\" href=\"https:\/\/talkpal.ai\/lt\/mongolu-gramatikos-pratimai\/\" \/>\n<meta property=\"og:locale\" content=\"lt_LT\" \/>\n<meta property=\"og:type\" content=\"article\" \/>\n<meta property=\"og:title\" content=\"Mongol\u0173 gramatikos pratimai\" \/>\n<meta property=\"og:description\" content=\"Mongol\u0173 gramatikos temos Naujos kalbos mokymasis gali b\u016bti sud\u0117tingas, bet naudingas darbas. Mongol\u0173 kalba, kuria daugiausia kalbama Mongolijoje ir kai\" \/>\n<meta property=\"og:url\" content=\"https:\/\/talkpal.ai\/lt\/mongolu-gramatikos-pratimai\/\" \/>\n<meta property=\"og:site_name\" content=\"Talkpal\" \/>\n<meta property=\"article:publisher\" content=\"https:\/\/www.facebook.com\/profile.php?id=100090733639311\" \/>\n<meta property=\"article:modified_time\" content=\"2025-12-30T12:40:37+00:00\" \/>\n<meta property=\"og:image\" content=\"https:\/\/talkpal.ai\/wp-content\/uploads\/2025\/02\/Progress-tab-16_9.png\" \/>\n\t<meta property=\"og:image:width\" content=\"2880\" \/>\n\t<meta property=\"og:image:height\" content=\"1620\" \/>\n\t<meta property=\"og:image:type\" content=\"image\/png\" \/>\n<meta name=\"twitter:card\" content=\"summary_large_image\" \/>\n<meta name=\"twitter:site\" content=\"@talkpalai\" \/>\n<meta name=\"twitter:label1\" content=\"Est. reading time\" \/>\n\t<meta name=\"twitter:data1\" content=\"4 minut\u0117s\" \/>\n<script type=\"application\/ld+json\" class=\"yoast-schema-graph\">{\"@context\":\"https:\/\/schema.org\",\"@graph\":[{\"@type\":\"WebPage\",\"@id\":\"https:\/\/talkpal.ai\/lt\/mongolu-gramatikos-pratimai\/\",\"url\":\"https:\/\/talkpal.ai\/lt\/mongolu-gramatikos-pratimai\/\",\"name\":\"Mongol\u0173 gramatikos pratimai - Talkpal\",\"isPartOf\":{\"@id\":\"https:\/\/talkpal.ai\/lt\/#website\"},\"datePublished\":\"2025-11-12T15:57:33+00:00\",\"dateModified\":\"2025-12-30T12:40:37+00:00\",\"description\":\"\u012evaldykite mongol\u0173 kalbos gramatik\u0105 naudodami interaktyvius pratimus ir dirbtinio intelekto valdomas pamokas, skirtas skland\u017eiam kalb\u0173 mokymuisi ir kalbos supratimui gerinti.\",\"breadcrumb\":{\"@id\":\"https:\/\/talkpal.ai\/lt\/mongolu-gramatikos-pratimai\/#breadcrumb\"},\"inLanguage\":\"lt-LT\",\"potentialAction\":[{\"@type\":\"ReadAction\",\"target\":[\"https:\/\/talkpal.ai\/lt\/mongolu-gramatikos-pratimai\/\"]}]},{\"@type\":\"BreadcrumbList\",\"@id\":\"https:\/\/talkpal.ai\/lt\/mongolu-gramatikos-pratimai\/#breadcrumb\",\"itemListElement\":[{\"@type\":\"ListItem\",\"position\":1,\"name\":\"Homepage\",\"item\":\"https:\/\/talkpal.ai\/lt\/\"},{\"@type\":\"ListItem\",\"position\":2,\"name\":\"Mongol\u0173 gramatikos pratimai\"}]},{\"@type\":\"WebSite\",\"@id\":\"https:\/\/talkpal.ai\/lt\/#website\",\"url\":\"https:\/\/talkpal.ai\/lt\/\",\"name\":\"Talkpal\",\"description\":\"AI Language Learning\",\"publisher\":{\"@id\":\"https:\/\/talkpal.ai\/lt\/#organization\"},\"alternateName\":\"Talkpal AI\",\"potentialAction\":[{\"@type\":\"SearchAction\",\"target\":{\"@type\":\"EntryPoint\",\"urlTemplate\":\"https:\/\/talkpal.ai\/lt\/?s={search_term_string}\"},\"query-input\":{\"@type\":\"PropertyValueSpecification\",\"valueRequired\":true,\"valueName\":\"search_term_string\"}}],\"inLanguage\":\"lt-LT\"},{\"@type\":\"Organization\",\"@id\":\"https:\/\/talkpal.ai\/lt\/#organization\",\"name\":\"Talkpal, Inc.\",\"alternateName\":\"Talkpal AI\",\"url\":\"https:\/\/talkpal.ai\/lt\/\",\"logo\":{\"@type\":\"ImageObject\",\"inLanguage\":\"lt-LT\",\"@id\":\"https:\/\/talkpal.ai\/lt\/#\/schema\/logo\/image\/\",\"url\":\"https:\/\/talkpal.ai\/wp-content\/uploads\/2024\/03\/Talkpal-Logo-Icon.png\",\"contentUrl\":\"https:\/\/talkpal.ai\/wp-content\/uploads\/2024\/03\/Talkpal-Logo-Icon.png\",\"width\":2880,\"height\":2880,\"caption\":\"Talkpal, Inc.\"},\"image\":{\"@id\":\"https:\/\/talkpal.ai\/lt\/#\/schema\/logo\/image\/\"},\"sameAs\":[\"https:\/\/www.facebook.com\/profile.php?id=100090733639311\",\"https:\/\/x.com\/talkpalai\",\"https:\/\/www.linkedin.com\/company\/talkpal\/\",\"https:\/\/www.youtube.com\/@TalkPal\/\",\"https:\/\/www.tiktok.com\/@talkpal\",\"https:\/\/www.instagram.com\/talkpal_ai\/\",\"https:\/\/www.crunchbase.com\/organization\/talkpal-9cde\",\"https:\/\/www.g2.com\/products\/talkpal-for-business\/\",\"https:\/\/www.trustpilot.com\/review\/talkpal.ai\",\"https:\/\/www.capterra.com\/p\/10006800\/TalkPal\/\"],\"description\":\"Talkpal is a language learning web and mobile education app, powered by the latest AI technologies, that provides engaging experiences to its customers in many different languages to help them improve their language skills. Users can chat about unlimited amount of topics with the app and use other modes to practice their language learning.\",\"email\":\"support@talkpal.ai\",\"legalName\":\"Talkpal, Inc.\",\"foundingDate\":\"2023-04-03\",\"duns\":\"118989042\",\"numberOfEmployees\":{\"@type\":\"QuantitativeValue\",\"minValue\":\"11\",\"maxValue\":\"50\"},\"publishingPrinciples\":\"https:\/\/talkpal.ai\/publishing-principles\/\",\"actionableFeedbackPolicy\":\"https:\/\/talkpal.ai\/actionable-feedback-policy\/\",\"correctionsPolicy\":\"https:\/\/talkpal.ai\/corrections-policy\/\",\"ethicsPolicy\":\"https:\/\/talkpal.ai\/ethics-policy\/\",\"diversityPolicy\":\"https:\/\/talkpal.ai\/diversity-policy\/\",\"diversityStaffingReport\":\"https:\/\/talkpal.ai\/diversity-policy\/\"}]}<\/script>\n<!-- \/ Yoast SEO Premium plugin. -->","yoast_head_json":{"title":"Mongol\u0173 gramatikos pratimai - Talkpal","description":"\u012evaldykite mongol\u0173 kalbos gramatik\u0105 naudodami interaktyvius pratimus ir dirbtinio intelekto valdomas pamokas, skirtas skland\u017eiam kalb\u0173 mokymuisi ir kalbos supratimui gerinti.","robots":{"index":"index","follow":"follow","max-snippet":"max-snippet:-1","max-image-preview":"max-image-preview:large","max-video-preview":"max-video-preview:-1"},"canonical":"https:\/\/talkpal.ai\/lt\/mongolu-gramatikos-pratimai\/","og_locale":"lt_LT","og_type":"article","og_title":"Mongol\u0173 gramatikos pratimai","og_description":"Mongol\u0173 gramatikos temos Naujos kalbos mokymasis gali b\u016bti sud\u0117tingas, bet naudingas darbas. Mongol\u0173 kalba, kuria daugiausia kalbama Mongolijoje ir kai","og_url":"https:\/\/talkpal.ai\/lt\/mongolu-gramatikos-pratimai\/","og_site_name":"Talkpal","article_publisher":"https:\/\/www.facebook.com\/profile.php?id=100090733639311","article_modified_time":"2025-12-30T12:40:37+00:00","og_image":[{"width":2880,"height":1620,"url":"https:\/\/talkpal.ai\/wp-content\/uploads\/2025\/02\/Progress-tab-16_9.png","type":"image\/png"}],"twitter_card":"summary_large_image","twitter_site":"@talkpalai","twitter_misc":{"Est. reading time":"4 minut\u0117s"},"schema":{"@context":"https:\/\/schema.org","@graph":[{"@type":"WebPage","@id":"https:\/\/talkpal.ai\/lt\/mongolu-gramatikos-pratimai\/","url":"https:\/\/talkpal.ai\/lt\/mongolu-gramatikos-pratimai\/","name":"Mongol\u0173 gramatikos pratimai - Talkpal","isPartOf":{"@id":"https:\/\/talkpal.ai\/lt\/#website"},"datePublished":"2025-11-12T15:57:33+00:00","dateModified":"2025-12-30T12:40:37+00:00","description":"\u012evaldykite mongol\u0173 kalbos gramatik\u0105 naudodami interaktyvius pratimus ir dirbtinio intelekto valdomas pamokas, skirtas skland\u017eiam kalb\u0173 mokymuisi ir kalbos supratimui gerinti.","breadcrumb":{"@id":"https:\/\/talkpal.ai\/lt\/mongolu-gramatikos-pratimai\/#breadcrumb"},"inLanguage":"lt-LT","potentialAction":[{"@type":"ReadAction","target":["https:\/\/talkpal.ai\/lt\/mongolu-gramatikos-pratimai\/"]}]},{"@type":"BreadcrumbList","@id":"https:\/\/talkpal.ai\/lt\/mongolu-gramatikos-pratimai\/#breadcrumb","itemListElement":[{"@type":"ListItem","position":1,"name":"Homepage","item":"https:\/\/talkpal.ai\/lt\/"},{"@type":"ListItem","position":2,"name":"Mongol\u0173 gramatikos pratimai"}]},{"@type":"WebSite","@id":"https:\/\/talkpal.ai\/lt\/#website","url":"https:\/\/talkpal.ai\/lt\/","name":"Talkpal","description":"AI Language Learning","publisher":{"@id":"https:\/\/talkpal.ai\/lt\/#organization"},"alternateName":"Talkpal AI","potentialAction":[{"@type":"SearchAction","target":{"@type":"EntryPoint","urlTemplate":"https:\/\/talkpal.ai\/lt\/?s={search_term_string}"},"query-input":{"@type":"PropertyValueSpecification","valueRequired":true,"valueName":"search_term_string"}}],"inLanguage":"lt-LT"},{"@type":"Organization","@id":"https:\/\/talkpal.ai\/lt\/#organization","name":"Talkpal, Inc.","alternateName":"Talkpal AI","url":"https:\/\/talkpal.ai\/lt\/","logo":{"@type":"ImageObject","inLanguage":"lt-LT","@id":"https:\/\/talkpal.ai\/lt\/#\/schema\/logo\/image\/","url":"https:\/\/talkpal.ai\/wp-content\/uploads\/2024\/03\/Talkpal-Logo-Icon.png","contentUrl":"https:\/\/talkpal.ai\/wp-content\/uploads\/2024\/03\/Talkpal-Logo-Icon.png","width":2880,"height":2880,"caption":"Talkpal, Inc."},"image":{"@id":"https:\/\/talkpal.ai\/lt\/#\/schema\/logo\/image\/"},"sameAs":["https:\/\/www.facebook.com\/profile.php?id=100090733639311","https:\/\/x.com\/talkpalai","https:\/\/www.linkedin.com\/company\/talkpal\/","https:\/\/www.youtube.com\/@TalkPal\/","https:\/\/www.tiktok.com\/@talkpal","https:\/\/www.instagram.com\/talkpal_ai\/","https:\/\/www.crunchbase.com\/organization\/talkpal-9cde","https:\/\/www.g2.com\/products\/talkpal-for-business\/","https:\/\/www.trustpilot.com\/review\/talkpal.ai","https:\/\/www.capterra.com\/p\/10006800\/TalkPal\/"],"description":"Talkpal is a language learning web and mobile education app, powered by the latest AI technologies, that provides engaging experiences to its customers in many different languages to help them improve their language skills. Users can chat about unlimited amount of topics with the app and use other modes to practice their language learning.","email":"support@talkpal.ai","legalName":"Talkpal, Inc.","foundingDate":"2023-04-03","duns":"118989042","numberOfEmployees":{"@type":"QuantitativeValue","minValue":"11","maxValue":"50"},"publishingPrinciples":"https:\/\/talkpal.ai\/publishing-principles\/","actionableFeedbackPolicy":"https:\/\/talkpal.ai\/actionable-feedback-policy\/","correctionsPolicy":"https:\/\/talkpal.ai\/corrections-policy\/","ethicsPolicy":"https:\/\/talkpal.ai\/ethics-policy\/","diversityPolicy":"https:\/\/talkpal.ai\/diversity-policy\/","diversityStaffingReport":"https:\/\/talkpal.ai\/diversity-policy\/"}]}},"_links":{"self":[{"href":"https:\/\/talkpal.ai\/lt\/wp-json\/wp\/v2\/pages\/1468302","targetHints":{"allow":["GET"]}}],"collection":[{"href":"https:\/\/talkpal.ai\/lt\/wp-json\/wp\/v2\/pages"}],"about":[{"href":"https:\/\/talkpal.ai\/lt\/wp-json\/wp\/v2\/types\/page"}],"author":[{"embeddable":true,"href":"https:\/\/talkpal.ai\/lt\/wp-json\/wp\/v2\/users\/20"}],"replies":[{"embeddable":true,"href":"https:\/\/talkpal.ai\/lt\/wp-json\/wp\/v2\/comments?post=1468302"}],"version-history":[{"count":0,"href":"https:\/\/talkpal.ai\/lt\/wp-json\/wp\/v2\/pages\/1468302\/revisions"}],"wp:attachment":[{"href":"https:\/\/talkpal.ai\/lt\/wp-json\/wp\/v2\/media?parent=1468302"}],"curies":[{"name":"wp","href":"https:\/\/api.w.org\/{rel}","templated":true}]}}