{"id":1468179,"date":"2025-11-12T11:25:18","date_gmt":"2025-11-12T11:25:18","guid":{"rendered":"https:\/\/talkpal.ai\/khmeru-gramatikos-pratimai\/"},"modified":"2025-12-30T14:43:41","modified_gmt":"2025-12-30T14:43:41","slug":"khmeru-gramatikos-pratimai","status":"publish","type":"page","link":"https:\/\/talkpal.ai\/lt\/khmeru-gramatikos-pratimai\/","title":{"rendered":"Khmer\u0173 gramatikos pratimai"},"content":{"rendered":"\r\n\r\n\r\n<section class=\"languageChallengeSection\">\r\n    <div class=\"languageInfoWrapper\">\r\n        \r\n        <h1>Khmer\u0173 gramatikos pratimai<\/h1>\r\n        <p>Pasiruo\u0161\u0119 pasinerti \u012f <a href=\"https:\/\/talkpal.ai\/learn-khmer\/\">khmer\u0173<\/a> gramatik\u0105? I\u0161mok\u0119 kelis pagrindinius dalykus, gal\u0117site patogiai \u012fvaldyti \u0161i\u0105 unikali\u0105 ir gra\u017ei\u0105 kalb\u0105. I\u0161bandykite \u0161iuos pratimus, kad sustiprintum\u0117te pasitik\u0117jim\u0105 savimi ir smagiai praleistum\u0117te laik\u0105!<\/p>\r\n\r\n                            <a class=\"getStartedHidden\" href=\"https:\/\/app.talkpal.ai\/lt\/signup?lng=\">Prad\u0117k<\/a>\r\n        \r\n    <\/div>\r\n\r\n    <figure>\r\n    <img decoding=\"async\" width=\"768\" height=\"768\" src=\"https:\/\/talkpal.ai\/wp-content\/uploads\/2023\/06\/welsh-768x768.png\" class=\"languageImage no-lazy\" alt=\"Language learning for better cognitive abilities\" fetchpriority=\"high\" sizes=\"(max-width: 768px) 150px, 768px\" srcset=\"https:\/\/talkpal.ai\/wp-content\/uploads\/2023\/06\/welsh-768x768.png 768w, https:\/\/talkpal.ai\/wp-content\/uploads\/2023\/06\/welsh-300x300.png 300w\" \/>\r\n    \r\n\r\n    <\/figure>\r\n\r\n            <a class=\"getStartedVisible\" href=\"https:\/\/app.talkpal.ai\/lt\/signup?lng=\">Prad\u0117k<\/a>\r\n    \r\n<\/section><section class=\"promotionalBanner\">\r\n    <p class=\"promotionalText\">Efektyviausias b\u016bdas mokytis <a href=\"https:\/\/talkpal.ai\/what-language-is-spoken-on-the-international-space-station\/\">kalbos<\/a><\/p>\r\n    <a class=\"promotionalLink\" href=\"https:\/\/app.talkpal.ai\/lt\/signup?lng=\">I\u0161bandykite Talkpal &#8221; nemokamai<\/a>\r\n<\/section>\n<div class=\"wp-block-group pageContainerStyle\"><div class=\"wp-block-group__inner-container is-layout-constrained wp-block-group-is-layout-constrained\">\n<h2 class=\"wp-block-heading\" id=\"h-khmer-grammar-topics\">Khmer\u0173 gramatikos temos<\/h2>\n\n\n\n<p><a href=\"https:\/\/talkpal.ai\/lt\/didziausios-klaidos-kuriu-reikia-vengti-mokantis-naujos-kalbos\/\">Naujos kalbos mokymasis<\/a> gali b\u016bti sud\u0117tingas, bet naudingas darbas. Khmer\u0173 kalba, kuria daugiausia kalbama Kambod\u017eoje, n\u0117ra i\u0161imtis. D\u0117l savo analitin\u0117s strukt\u016bros ir i\u0161skirtini\u0173 daleli\u0173 khmer\u0173 kalbos <a href=\"https:\/\/talkpal.ai\/lt\/talkpal-svietimui\/\">mokymasis<\/a> reikalauja sistemingo po\u017ei\u016brio, kad suprastum\u0117te, kaip prasm\u0117 kuriama be linksniavimo. \u0160iame vadove logi\u0161ka <a href=\"https:\/\/talkpal.ai\/lt\/ai-pokalbiu-robotas-kalbu-mokymuisi\/\">kalbos mokymosi<\/a> seka apib\u016bdinamos pagrindin\u0117s <a href=\"https:\/\/talkpal.ai\/lt\/khmeru-gramatika\/\">khmer\u0173 gramatikos<\/a> sritys, pradedant nuo pagrind\u0173, toki\u0173 kaip daiktavard\u017eiai ir straipsniai, ir pereinant prie sud\u0117tingesni\u0173 sri\u010di\u0173, toki\u0173 kaip laikai ir sakini\u0173 konstrukcija.<\/p>\n\n\n\n<h3 class=\"wp-block-heading\" id=\"h-1-nouns\">1. Daiktavard\u017eiai:<\/h3>\n\n\n\n<p>Prad\u0117kite savo khmer\u0173 kalbos kelion\u0119 mokydamiesi daiktavard\u017ei\u0173. <a href=\"https:\/\/talkpal.ai\/learn-thai\/\">Tai<\/a> apima bendrini\u0173 ir tikrini\u0173 daiktavard\u017ei\u0173 supratim\u0105, kaip daugiskaita da\u017enai rodoma naudojant kiekybinius rodiklius, klasifikatorius ar reddubliavim\u0105, o ne linksniavim\u0105, ir gramatin\u0117s lyties ar atvejo nebuvim\u0105.<\/p>\n\n\n\n<h3 class=\"wp-block-heading\" id=\"h-2-articles\">2. Straipsniai:<\/h3>\n\n\n\n<p>Khmer\u0173 kalba nenaudoja apibr\u0117\u017et\u0173 ar neapibr\u0117\u017et\u0173 straipsni\u0173, kaip <a href=\"https:\/\/talkpal.ai\/ai-english-speaking-practice\/\">angl\u0173 kalba<\/a>. Apibr\u0117\u017etumas i\u0161rei\u0161kiamas per kontekst\u0105 arba demonstratyvus, tokius kaip \u1793\u17c1\u17c7 <a href=\"https:\/\/talkpal.ai\/learn-thai\/\">tai<\/a> ir \u1793\u17c4\u17c7, o neapibr\u0117\u017etumas gali b\u016bti rodomas skai\u010diumi \u1798\u17bd\u1799 vienas arba \u017eod\u017eiais, tokiais kaip \u1798\u17bd\u1799\u1785\u17c6\u1793\u17bd\u1793 <a href=\"https:\/\/talkpal.ai\/locations\/language-courses-in-kai\/\">kai<\/a> kurie.<\/p>\n\n\n\n<h3 class=\"wp-block-heading\" id=\"h-3-adjectives\">3. B\u016bdvard\u017eiai:<\/h3>\n\n\n\n<p>B\u016bdvard\u017eiai khmer\u0173 kalboje paprastai seka daiktavard\u017eius ir gali veikti kaip <a href=\"https:\/\/talkpal.ai\/lt\/grammar\/statyviniai-veiksmazodziai-anglu-kalbos-gramatikoje\/\">statyviniai veiksma\u017eod\u017eiai<\/a> predikatuose. I\u0161mokite laipsni\u0173 \u017eymeklius ir palyginim\u0105, pvz., \u178e\u17b6\u179f\u17cb labai, \u1787\u17b6\u1784 lyginamajam ir \u1787\u17b6\u1784\u1782\u17c1 superlatyvui, taip pat pakartotin\u012f dubliavim\u0105 pabr\u0117\u017eimui.<\/p>\n\n\n\n<h3 class=\"wp-block-heading\" id=\"h-4-pronouns-determiners\">4. \u012evard\u017eiai\/determinantai:<\/h3>\n\n\n\n<p>\u012evard\u017eiai ir determinantai yra b\u016btini khmer\u0173 kalboje ir atspindi formalumo ir socialini\u0173 santyki\u0173 lyg\u012f. \u012evaldykite asmeninius \u012fvard\u017eius, demonstratyvus, kiekybinius rodiklius, skaitmenis su klasifikatoriais ir tur\u0117jim\u0105 naudodami \u179a\u1794\u179f\u17cb arba daiktavard\u017ei\u0173 sekas, kad gal\u0117tum\u0117te ai\u0161kiai ir tinkamai bendrauti.<\/p>\n\n\n\n<h3 class=\"wp-block-heading\" id=\"h-5-verbs\">5. Veiksma\u017eod\u017eiai:<\/h3>\n\n\n\n<p>Khmer\u0173 veiksma\u017eod\u017eiai nekonjuguoja asmeniui ar laikui. Aspektas, laikas ir nuotaika rodomi dalel\u0117mis ir prieveiksmiais, tokiais kaip \u1780\u17c6\u1796\u17bb\u1784 progresyvus, \u1794\u17b6\u1793 u\u017ebaigtas arba praeitis, \u1793\u17b9\u1784 ateitis arba ketinimas, \u1791\u17be\u1794 tiesiog ir \u178f\u17c2\u1784 \u012fprastas, kartu su serijin\u0117mis veiksma\u017eod\u017ei\u0173 konstrukcijomis ir ribotu kopul\u0173, toki\u0173 kaip \u1787\u17b6 klasifikacijai ir \u1793\u17c5 vietai, naudojimu.<\/p>\n\n\n\n<h3 class=\"wp-block-heading\" id=\"h-6-tenses\">6. Laikai:<\/h3>\n\n\n\n<p>\u012evald\u0119 veiksma\u017eod\u017eio vartojim\u0105, i\u0161tirkite, kaip khmer\u0173 kalba i\u0161rei\u0161kia laik\u0105 be linksniuojam\u0173j\u0173 laik\u0173. Dabartis da\u017enai yra nepa\u017eym\u0117ta, praeitis paprastai nurodoma \u1794\u17b6\u1793 arba laiko i\u0161rai\u0161ka, o ateitis arba ketinimas rodomas \u1793\u17b9\u1784 arba kontekstu, o i\u0161samus niuansas da\u017enai jau pa\u017eym\u0117tas \u17a0\u17be\u1799.<\/p>\n\n\n\n<h3 class=\"wp-block-heading\" id=\"h-7-tense-comparison\">7. \u012etemptas palyginimas:<\/h3>\n\n\n\n<p>Lyginant laik\u0105 ir aspekt\u0105 khmer\u0173 kalba, daugiausia d\u0117mesio skiriama dalel\u0117ms ir prieveiksmiams, o ne veiksma\u017eod\u017ei\u0173 poky\u010diams. Naudojant t\u0105 pat\u012f veiksma\u017eod\u012f su tokiomis dalel\u0117mis kaip \u1794\u17b6\u1793, \u1793\u17b9\u1784 ir \u1780\u17c6\u1796\u17bb\u1784 \u012fvairiuose kontekstuose, bus paai\u0161kinta, kaip i\u0161rei\u0161kiamos \u012fvyki\u0173 sekos.<\/p>\n\n\n\n<h3 class=\"wp-block-heading\" id=\"h-8-progressive\">8. Progresyvus:<\/h3>\n\n\n\n<p>Progresyvus khmer\u0173 kalba naudojamas vykstantiems veiksmams i\u0161reik\u0161ti. Jis formuojamas prie\u0161 pagrindin\u012f veiksma\u017eod\u012f dedant \u1780\u17c6\u1796\u17bb\u1784, pabr\u0117\u017eiant pasirenkam\u0105 \u178f\u17c2, ir ai\u0161kumo d\u0117lei gali b\u016bti derinamas su laiko i\u0161rai\u0161komis.<\/p>\n\n\n\n<h3 class=\"wp-block-heading\" id=\"h-9-perfect-progressive\">9. Tobulas progresyvus:<\/h3>\n\n\n\n<p>Tai naudojama iki tam tikro momento vykstantiems veiksmams i\u0161reik\u0161ti. Khmer\u0173 kalboje t\u0119stinumas iki \u0161iol gali b\u016bti rodomas naudojant \u1780\u17c6\u1796\u17bb\u1784 &#8230; \u1798\u1780 arba \u1794\u17b6\u1793 + veiksma\u017eodis + \u1798\u1780 kartu su trukm\u0117s fraz\u0117mis, priklausomai nuo konteksto ir pabr\u0117\u017eimo.<\/p>\n\n\n\n<h3 class=\"wp-block-heading\" id=\"h-10-conditionals\">10. S\u0105lygos:<\/h3>\n\n\n\n<p>S\u0105lygos i\u0161rei\u0161kia hipotetines situacijas ir rezultatus. Khmer\u0173 kalba paprastai vartoja \u1794\u17be arba \u1794\u17d2\u179a\u179f\u17b7\u1793\u1794\u17be jei s\u0105lygos s\u0105lygoje, o rezultatas da\u017enai pa\u017eymimas dalel\u0117mis, tokiomis kaip \u1793\u17c4\u17c7 arba atitinkamais niuans\u0173 modalais.<\/p>\n\n\n\n<h3 class=\"wp-block-heading\" id=\"h-11-adverbs\">11. Prieveiksmiai:<\/h3>\n\n\n\n<p>Prieveiksmiai khmer\u0173 kalba kei\u010dia veiksma\u017eod\u017eius, b\u016bdvard\u017eius ar kitus prieveiksmius ir apima b\u016bd\u0105, viet\u0105, laik\u0105 ir laipsn\u012f. Pad\u0117tis yra lanksti, laiko prieveiksmiai da\u017enai b\u016bna prad\u017eioje, b\u016bdas da\u017enai po veiksma\u017eod\u017eio, o laipsnio \u017eod\u017eiai, tokie kaip \u178e\u17b6\u179f\u17cb ir \u1794\u1793\u17d2\u178f\u17b7\u1785, formuoja intensyvum\u0105.<\/p>\n\n\n\n<h3 class=\"wp-block-heading\" id=\"h-12-prepositions\">12. Prielinksniai:<\/h3>\n\n\n\n<p>Prielinksniai susieja \u017eod\u017eius ir frazes, kad parodyt\u0173 laiko, vietos ir krypties ry\u0161ius. Khmer\u0173 kalba naudoja tokius elementus kaip \u1793\u17c5 at arba in, \u1791\u17c5 to, \u1796\u17b8 from ir reliacines formas, tokias kaip \u1781\u17b6\u1784\u1780\u17d2\u179a\u17c4\u1799 behind ir \u179b\u17be on, da\u017enai kartu su vietos daiktavard\u017eiais.<\/p>\n\n\n\n<h3 class=\"wp-block-heading\" id=\"h-13-sentences\">13. Sakiniai:<\/h3>\n\n\n\n<p>Galiausiai praktikuokite sakini\u0173 konstravim\u0105. Khmerai link\u0119 \u012f SVO tvark\u0105 su da\u017enomis tem\u0173 komentar\u0173 strukt\u016bromis. Meistras <a href=\"https:\/\/talkpal.ai\/lt\/grammar\/vokieciu-kalbos-gramatikos-neigimas\/\">neigimas<\/a> su \u1798\u17b7\u1793 &#8230; \u1791\u17c1 standartin\u0117je vartosenoje ir \u012fprastose \u0161nekamosios kalbos formose, imperatyvai su tokiomis dalel\u0117mis kaip \u179f\u17bc\u1798 ir vis\u0173 anks\u010diau i\u0161mokt\u0173 gramatikos ta\u0161k\u0173 integravimas \u012f kontekst\u0105.<\/p>\n<\/div><\/div>\n\r\n<section class=\"learnNavigationSection\">\r\n            \r\n        <a href=\"https:\/\/talkpal.ai\/lt\/ismok-valu-kalba\/\">\r\n            <div class=\"learnNavigationWrapper\">\r\n                <div class=\"learnNavigationContent\">\r\n                    <img decoding=\"async\" src=\"https:\/\/talkpal.ai\/wp-content\/uploads\/2025\/11\/Khmer.png\" alt=\"Cambodian Flag\">\r\n                    <div>\r\n                        <h4>Apie khmer\u0173 mokym\u0105si<\/h4>\r\n                        <p>Su\u017einokite visk\u0105 apie khmer\u0173 gramatik\u0105.<\/p>\r\n                    <\/div>\r\n                <\/div>\r\n            <\/div>\r\n        <\/a>\r\n\r\n        \r\n        <a href=\"https:\/\/talkpal.ai\/lt\/khmeru-gramatika\/\">\r\n            <div class=\"learnNavigationWrapper\">\r\n                <div class=\"learnNavigationContent\">\r\n                    <img decoding=\"async\" src=\"https:\/\/talkpal.ai\/wp-content\/uploads\/2025\/11\/Khmer.png\" alt=\"Cambodian Flag\">\r\n                    <div>\r\n                        <h4>Khmer\u0173 gramatikos pamokos<\/h4>\r\n                        <p>Praktikuokite khmer\u0173 gramatik\u0105.<\/p>\r\n                    <\/div>\r\n                <\/div>\r\n            <\/div>\r\n        <\/a>\r\n\r\n            <\/section>","protected":false},"excerpt":{"rendered":"<p>Khmer\u0173 gramatikos temos Naujos kalbos mokymasis gali b\u016bti sud\u0117tingas, bet naudingas darbas. Khmer\u0173 kalba, kuria daugiausia kalbama Kambod\u017eoje, n\u0117ra i\u0161imtis. D\u0117l savo analitin\u0117s strukt\u016bros ir i\u0161skirtini\u0173 daleli\u0173 khmer\u0173 kalbos mokymasis reikalauja sistemingo po\u017ei\u016brio, kad suprastum\u0117te, kaip prasm\u0117 kuriama be linksniavimo. \u0160iame vadove logi\u0161ka kalbos mokymosi seka apib\u016bdinamos pagrindin\u0117s khmer\u0173 gramatikos sritys, pradedant nuo pagrind\u0173, toki\u0173 [&hellip;]<\/p>\n","protected":false},"author":20,"featured_media":0,"parent":0,"menu_order":0,"comment_status":"closed","ping_status":"closed","template":"LearningContentPage.php","meta":{"_acf_changed":false,"footnotes":""},"class_list":["post-1468179","page","type-page","status-publish","hentry"],"acf":[],"yoast_head":"<!-- This site is optimized with the Yoast SEO Premium plugin v27.2 (Yoast SEO v27.2) - https:\/\/yoast.com\/product\/yoast-seo-premium-wordpress\/ -->\n<title>Khmer\u0173 gramatikos pratimai - Talkpal<\/title>\n<meta name=\"description\" content=\"Pagerinkite savo \u017einias naudodami interaktyvius khmer\u0173 kalbos gramatikos pratimus, kurie pad\u0117s jums u\u017etikrintai kalb\u0117ti ir ra\u0161yti.\" \/>\n<meta name=\"robots\" content=\"index, follow, max-snippet:-1, max-image-preview:large, max-video-preview:-1\" \/>\n<link rel=\"canonical\" href=\"https:\/\/talkpal.ai\/lt\/khmeru-gramatikos-pratimai\/\" \/>\n<meta property=\"og:locale\" content=\"lt_LT\" \/>\n<meta property=\"og:type\" content=\"article\" \/>\n<meta property=\"og:title\" content=\"Khmer\u0173 gramatikos pratimai\" \/>\n<meta property=\"og:description\" content=\"Khmer\u0173 gramatikos temos Naujos kalbos mokymasis gali b\u016bti sud\u0117tingas, bet naudingas darbas. Khmer\u0173 kalba, kuria daugiausia kalbama Kambod\u017eoje, n\u0117ra\" \/>\n<meta property=\"og:url\" content=\"https:\/\/talkpal.ai\/lt\/khmeru-gramatikos-pratimai\/\" \/>\n<meta property=\"og:site_name\" content=\"Talkpal\" \/>\n<meta property=\"article:publisher\" content=\"https:\/\/www.facebook.com\/profile.php?id=100090733639311\" \/>\n<meta property=\"article:modified_time\" content=\"2025-12-30T14:43:41+00:00\" \/>\n<meta property=\"og:image\" content=\"https:\/\/talkpal.ai\/wp-content\/uploads\/2025\/02\/Progress-tab-16_9.png\" \/>\n\t<meta property=\"og:image:width\" content=\"2880\" \/>\n\t<meta property=\"og:image:height\" content=\"1620\" \/>\n\t<meta property=\"og:image:type\" content=\"image\/png\" \/>\n<meta name=\"twitter:card\" content=\"summary_large_image\" \/>\n<meta name=\"twitter:site\" content=\"@talkpalai\" \/>\n<meta name=\"twitter:label1\" content=\"Est. reading time\" \/>\n\t<meta name=\"twitter:data1\" content=\"3 minut\u0117s\" \/>\n<script type=\"application\/ld+json\" class=\"yoast-schema-graph\">{\"@context\":\"https:\/\/schema.org\",\"@graph\":[{\"@type\":\"WebPage\",\"@id\":\"https:\/\/talkpal.ai\/lt\/khmeru-gramatikos-pratimai\/\",\"url\":\"https:\/\/talkpal.ai\/lt\/khmeru-gramatikos-pratimai\/\",\"name\":\"Khmer\u0173 gramatikos pratimai - Talkpal\",\"isPartOf\":{\"@id\":\"https:\/\/talkpal.ai\/lt\/#website\"},\"datePublished\":\"2025-11-12T11:25:18+00:00\",\"dateModified\":\"2025-12-30T14:43:41+00:00\",\"description\":\"Pagerinkite savo \u017einias naudodami interaktyvius khmer\u0173 kalbos gramatikos pratimus, kurie pad\u0117s jums u\u017etikrintai kalb\u0117ti ir ra\u0161yti.\",\"breadcrumb\":{\"@id\":\"https:\/\/talkpal.ai\/lt\/khmeru-gramatikos-pratimai\/#breadcrumb\"},\"inLanguage\":\"lt-LT\",\"potentialAction\":[{\"@type\":\"ReadAction\",\"target\":[\"https:\/\/talkpal.ai\/lt\/khmeru-gramatikos-pratimai\/\"]}]},{\"@type\":\"BreadcrumbList\",\"@id\":\"https:\/\/talkpal.ai\/lt\/khmeru-gramatikos-pratimai\/#breadcrumb\",\"itemListElement\":[{\"@type\":\"ListItem\",\"position\":1,\"name\":\"Homepage\",\"item\":\"https:\/\/talkpal.ai\/lt\/\"},{\"@type\":\"ListItem\",\"position\":2,\"name\":\"Khmer\u0173 gramatikos pratimai\"}]},{\"@type\":\"WebSite\",\"@id\":\"https:\/\/talkpal.ai\/lt\/#website\",\"url\":\"https:\/\/talkpal.ai\/lt\/\",\"name\":\"Talkpal\",\"description\":\"AI Language Learning\",\"publisher\":{\"@id\":\"https:\/\/talkpal.ai\/lt\/#organization\"},\"alternateName\":\"Talkpal AI\",\"potentialAction\":[{\"@type\":\"SearchAction\",\"target\":{\"@type\":\"EntryPoint\",\"urlTemplate\":\"https:\/\/talkpal.ai\/lt\/?s={search_term_string}\"},\"query-input\":{\"@type\":\"PropertyValueSpecification\",\"valueRequired\":true,\"valueName\":\"search_term_string\"}}],\"inLanguage\":\"lt-LT\"},{\"@type\":\"Organization\",\"@id\":\"https:\/\/talkpal.ai\/lt\/#organization\",\"name\":\"Talkpal, Inc.\",\"alternateName\":\"Talkpal AI\",\"url\":\"https:\/\/talkpal.ai\/lt\/\",\"logo\":{\"@type\":\"ImageObject\",\"inLanguage\":\"lt-LT\",\"@id\":\"https:\/\/talkpal.ai\/lt\/#\/schema\/logo\/image\/\",\"url\":\"https:\/\/talkpal.ai\/wp-content\/uploads\/2024\/03\/Talkpal-Logo-Icon.png\",\"contentUrl\":\"https:\/\/talkpal.ai\/wp-content\/uploads\/2024\/03\/Talkpal-Logo-Icon.png\",\"width\":2880,\"height\":2880,\"caption\":\"Talkpal, Inc.\"},\"image\":{\"@id\":\"https:\/\/talkpal.ai\/lt\/#\/schema\/logo\/image\/\"},\"sameAs\":[\"https:\/\/www.facebook.com\/profile.php?id=100090733639311\",\"https:\/\/x.com\/talkpalai\",\"https:\/\/www.linkedin.com\/company\/talkpal\/\",\"https:\/\/www.youtube.com\/@TalkPal\/\",\"https:\/\/www.tiktok.com\/@talkpal\",\"https:\/\/www.instagram.com\/talkpal_ai\/\",\"https:\/\/www.crunchbase.com\/organization\/talkpal-9cde\",\"https:\/\/www.g2.com\/products\/talkpal-for-business\/\",\"https:\/\/www.trustpilot.com\/review\/talkpal.ai\",\"https:\/\/www.capterra.com\/p\/10006800\/TalkPal\/\"],\"description\":\"Talkpal is a language learning web and mobile education app, powered by the latest AI technologies, that provides engaging experiences to its customers in many different languages to help them improve their language skills. Users can chat about unlimited amount of topics with the app and use other modes to practice their language learning.\",\"email\":\"support@talkpal.ai\",\"legalName\":\"Talkpal, Inc.\",\"foundingDate\":\"2023-04-03\",\"duns\":\"118989042\",\"numberOfEmployees\":{\"@type\":\"QuantitativeValue\",\"minValue\":\"11\",\"maxValue\":\"50\"},\"publishingPrinciples\":\"https:\/\/talkpal.ai\/publishing-principles\/\",\"actionableFeedbackPolicy\":\"https:\/\/talkpal.ai\/actionable-feedback-policy\/\",\"correctionsPolicy\":\"https:\/\/talkpal.ai\/corrections-policy\/\",\"ethicsPolicy\":\"https:\/\/talkpal.ai\/ethics-policy\/\",\"diversityPolicy\":\"https:\/\/talkpal.ai\/diversity-policy\/\",\"diversityStaffingReport\":\"https:\/\/talkpal.ai\/diversity-policy\/\"}]}<\/script>\n<!-- \/ Yoast SEO Premium plugin. -->","yoast_head_json":{"title":"Khmer\u0173 gramatikos pratimai - Talkpal","description":"Pagerinkite savo \u017einias naudodami interaktyvius khmer\u0173 kalbos gramatikos pratimus, kurie pad\u0117s jums u\u017etikrintai kalb\u0117ti ir ra\u0161yti.","robots":{"index":"index","follow":"follow","max-snippet":"max-snippet:-1","max-image-preview":"max-image-preview:large","max-video-preview":"max-video-preview:-1"},"canonical":"https:\/\/talkpal.ai\/lt\/khmeru-gramatikos-pratimai\/","og_locale":"lt_LT","og_type":"article","og_title":"Khmer\u0173 gramatikos pratimai","og_description":"Khmer\u0173 gramatikos temos Naujos kalbos mokymasis gali b\u016bti sud\u0117tingas, bet naudingas darbas. Khmer\u0173 kalba, kuria daugiausia kalbama Kambod\u017eoje, n\u0117ra","og_url":"https:\/\/talkpal.ai\/lt\/khmeru-gramatikos-pratimai\/","og_site_name":"Talkpal","article_publisher":"https:\/\/www.facebook.com\/profile.php?id=100090733639311","article_modified_time":"2025-12-30T14:43:41+00:00","og_image":[{"width":2880,"height":1620,"url":"https:\/\/talkpal.ai\/wp-content\/uploads\/2025\/02\/Progress-tab-16_9.png","type":"image\/png"}],"twitter_card":"summary_large_image","twitter_site":"@talkpalai","twitter_misc":{"Est. reading time":"3 minut\u0117s"},"schema":{"@context":"https:\/\/schema.org","@graph":[{"@type":"WebPage","@id":"https:\/\/talkpal.ai\/lt\/khmeru-gramatikos-pratimai\/","url":"https:\/\/talkpal.ai\/lt\/khmeru-gramatikos-pratimai\/","name":"Khmer\u0173 gramatikos pratimai - Talkpal","isPartOf":{"@id":"https:\/\/talkpal.ai\/lt\/#website"},"datePublished":"2025-11-12T11:25:18+00:00","dateModified":"2025-12-30T14:43:41+00:00","description":"Pagerinkite savo \u017einias naudodami interaktyvius khmer\u0173 kalbos gramatikos pratimus, kurie pad\u0117s jums u\u017etikrintai kalb\u0117ti ir ra\u0161yti.","breadcrumb":{"@id":"https:\/\/talkpal.ai\/lt\/khmeru-gramatikos-pratimai\/#breadcrumb"},"inLanguage":"lt-LT","potentialAction":[{"@type":"ReadAction","target":["https:\/\/talkpal.ai\/lt\/khmeru-gramatikos-pratimai\/"]}]},{"@type":"BreadcrumbList","@id":"https:\/\/talkpal.ai\/lt\/khmeru-gramatikos-pratimai\/#breadcrumb","itemListElement":[{"@type":"ListItem","position":1,"name":"Homepage","item":"https:\/\/talkpal.ai\/lt\/"},{"@type":"ListItem","position":2,"name":"Khmer\u0173 gramatikos pratimai"}]},{"@type":"WebSite","@id":"https:\/\/talkpal.ai\/lt\/#website","url":"https:\/\/talkpal.ai\/lt\/","name":"Talkpal","description":"AI Language Learning","publisher":{"@id":"https:\/\/talkpal.ai\/lt\/#organization"},"alternateName":"Talkpal AI","potentialAction":[{"@type":"SearchAction","target":{"@type":"EntryPoint","urlTemplate":"https:\/\/talkpal.ai\/lt\/?s={search_term_string}"},"query-input":{"@type":"PropertyValueSpecification","valueRequired":true,"valueName":"search_term_string"}}],"inLanguage":"lt-LT"},{"@type":"Organization","@id":"https:\/\/talkpal.ai\/lt\/#organization","name":"Talkpal, Inc.","alternateName":"Talkpal AI","url":"https:\/\/talkpal.ai\/lt\/","logo":{"@type":"ImageObject","inLanguage":"lt-LT","@id":"https:\/\/talkpal.ai\/lt\/#\/schema\/logo\/image\/","url":"https:\/\/talkpal.ai\/wp-content\/uploads\/2024\/03\/Talkpal-Logo-Icon.png","contentUrl":"https:\/\/talkpal.ai\/wp-content\/uploads\/2024\/03\/Talkpal-Logo-Icon.png","width":2880,"height":2880,"caption":"Talkpal, Inc."},"image":{"@id":"https:\/\/talkpal.ai\/lt\/#\/schema\/logo\/image\/"},"sameAs":["https:\/\/www.facebook.com\/profile.php?id=100090733639311","https:\/\/x.com\/talkpalai","https:\/\/www.linkedin.com\/company\/talkpal\/","https:\/\/www.youtube.com\/@TalkPal\/","https:\/\/www.tiktok.com\/@talkpal","https:\/\/www.instagram.com\/talkpal_ai\/","https:\/\/www.crunchbase.com\/organization\/talkpal-9cde","https:\/\/www.g2.com\/products\/talkpal-for-business\/","https:\/\/www.trustpilot.com\/review\/talkpal.ai","https:\/\/www.capterra.com\/p\/10006800\/TalkPal\/"],"description":"Talkpal is a language learning web and mobile education app, powered by the latest AI technologies, that provides engaging experiences to its customers in many different languages to help them improve their language skills. Users can chat about unlimited amount of topics with the app and use other modes to practice their language learning.","email":"support@talkpal.ai","legalName":"Talkpal, Inc.","foundingDate":"2023-04-03","duns":"118989042","numberOfEmployees":{"@type":"QuantitativeValue","minValue":"11","maxValue":"50"},"publishingPrinciples":"https:\/\/talkpal.ai\/publishing-principles\/","actionableFeedbackPolicy":"https:\/\/talkpal.ai\/actionable-feedback-policy\/","correctionsPolicy":"https:\/\/talkpal.ai\/corrections-policy\/","ethicsPolicy":"https:\/\/talkpal.ai\/ethics-policy\/","diversityPolicy":"https:\/\/talkpal.ai\/diversity-policy\/","diversityStaffingReport":"https:\/\/talkpal.ai\/diversity-policy\/"}]}},"_links":{"self":[{"href":"https:\/\/talkpal.ai\/lt\/wp-json\/wp\/v2\/pages\/1468179","targetHints":{"allow":["GET"]}}],"collection":[{"href":"https:\/\/talkpal.ai\/lt\/wp-json\/wp\/v2\/pages"}],"about":[{"href":"https:\/\/talkpal.ai\/lt\/wp-json\/wp\/v2\/types\/page"}],"author":[{"embeddable":true,"href":"https:\/\/talkpal.ai\/lt\/wp-json\/wp\/v2\/users\/20"}],"replies":[{"embeddable":true,"href":"https:\/\/talkpal.ai\/lt\/wp-json\/wp\/v2\/comments?post=1468179"}],"version-history":[{"count":0,"href":"https:\/\/talkpal.ai\/lt\/wp-json\/wp\/v2\/pages\/1468179\/revisions"}],"wp:attachment":[{"href":"https:\/\/talkpal.ai\/lt\/wp-json\/wp\/v2\/media?parent=1468179"}],"curies":[{"name":"wp","href":"https:\/\/api.w.org\/{rel}","templated":true}]}}