{"id":1468107,"date":"2025-11-12T12:26:29","date_gmt":"2025-11-12T12:26:29","guid":{"rendered":"https:\/\/talkpal.ai\/malajalamu-gramatika\/"},"modified":"2025-12-30T13:55:22","modified_gmt":"2025-12-30T13:55:22","slug":"malajalamu-gramatika","status":"publish","type":"page","link":"https:\/\/talkpal.ai\/lt\/malajalamu-gramatika\/","title":{"rendered":"Malajalam\u0173 gramatika"},"content":{"rendered":"\r\n\r\n\r\n<section class=\"languageChallengeSection\">\r\n    <div class=\"languageInfoWrapper\">\r\n        \r\n        <h1>Malajalam\u0173 gramatika<\/h1>\r\n        <p>Malajalam\u0173 <a href=\"https:\/\/talkpal.ai\/sq\/gramatika\/\">gramatika<\/a> i\u0161 prad\u017ei\u0173 gali atrodyti sud\u0117tinga, ta\u010diau d\u0117l unikali\u0173 savybi\u0173 <a href=\"https:\/\/talkpal.ai\/lt\/kaip-ismokti-kalba-per-talkpal-chat\/\">kalbos mokymasis<\/a> yra naudinga. Tyrin\u0117dami jos ab\u0117c\u0117l\u0119, mutacijas ir gramatikos taisykles, susipa\u017einsite su turtinga lingvistine tradicija. Prad\u0117kite savo kelion\u0119 ir atraskite malajalam\u0173 gro\u017e\u012f!<\/p>\r\n\r\n                            <a class=\"getStartedHidden\" href=\"https:\/\/app.talkpal.ai\/lt\/signup?lng=\">Prad\u0117k<\/a>\r\n        \r\n    <\/div>\r\n\r\n    <figure>\r\n    <img decoding=\"async\" width=\"768\" height=\"768\" src=\"https:\/\/talkpal.ai\/wp-content\/uploads\/2023\/06\/welsh-768x768.png\" class=\"languageImage no-lazy\" alt=\"Language learning for better cognitive abilities\" fetchpriority=\"high\" sizes=\"(max-width: 768px) 150px, 768px\" srcset=\"https:\/\/talkpal.ai\/wp-content\/uploads\/2023\/06\/welsh-768x768.png 768w, https:\/\/talkpal.ai\/wp-content\/uploads\/2023\/06\/welsh-300x300.png 300w\" \/>\r\n    \r\n\r\n    <\/figure>\r\n\r\n            <a class=\"getStartedVisible\" href=\"https:\/\/app.talkpal.ai\/lt\/signup?lng=\">Prad\u0117k<\/a>\r\n    \r\n<\/section><section class=\"promotionalBanner\">\r\n    <p class=\"promotionalText\">Efektyviausias b\u016bdas mokytis <a href=\"https:\/\/talkpal.ai\/what-language-is-spoken-on-the-international-space-station\/\">kalbos<\/a><\/p>\r\n    <a class=\"promotionalLink\" href=\"https:\/\/app.talkpal.ai\/lt\/signup?lng=\">I\u0161bandykite Talkpal &#8221; nemokamai<\/a>\r\n<\/section>\n<div class=\"wp-block-group pageContainerStyle\"><div class=\"wp-block-group__inner-container is-layout-constrained wp-block-group-is-layout-constrained\">\n<h2 class=\"wp-block-heading\" id=\"h-navigating-the-intricacies-of-malayalam-grammar\">Nar\u0161ymas malajalam\u0173 gramatikos subtilyb\u0117se<\/h2>\n\n\n\n<p><a href=\"https:\/\/talkpal.ai\/lt\/mokytis-malajalamu-kalbos\/\">Malajalam,<\/a> dravid\u0173 kalba, turinti turting\u0105 istorij\u0105 ir gilias kult\u016brines \u0161aknis Keraloje ir diasporoje, si\u016blo \u012fdomi\u0105 kalbin\u0119 patirt\u012f tiems, kurie nori tyrin\u0117ti unikali\u0105 gramatikos sistem\u0105. Leisdamiesi \u012f <a href=\"https:\/\/talkpal.ai\/learn-malayalam\/\">malajali\u0173<\/a> karalyst\u0119, ne tik praturtinsite savo kalbin\u012f repertuar\u0105, bet ir leisit\u0117s \u012f \u012fsp\u016bding\u0105 kult\u016brin\u0119 kelion\u0119. Nors malajalam\u0173 gramatika i\u0161 prad\u017ei\u0173 gali atrodyti sud\u0117tinga, suskaid\u017eius j\u0105 \u012f pagrindinius komponentus, kalbos mokymasis <a href=\"https:\/\/talkpal.ai\/locations\/language-courses-in-tampa\/\">tampa<\/a> prieinamesnis. \u0160iame straipsnyje i\u0161nagrin\u0117sime patraukl\u0173 malajalam\u0173 gramatikos pasaul\u012f ir pateiksime patarim\u0173, kaip \u012fvaldyti jos sud\u0117tingum\u0105.<\/p>\n\n\n\n<h3 class=\"wp-block-heading\" id=\"h-1-malayalam-alphabet-and-phonetics\">1. Malajalam\u0173 ab\u0117c\u0117l\u0117 ir fonetika<\/h3>\n\n\n\n<p>Malajalam\u0173 ra\u0161tas yra abugida, turintis nepriklausomus balsius, priebalsius su b\u016bdingais balsiais ir priklausomus balsi\u0173 \u017eenklus. Besimokantieji tur\u0117t\u0173 susipa\u017einti su jo balsiais ir priebalsiais, \u012fskaitant i\u0161skirtinius garsus, tokius kaip retrofleksiniai priebalsiai ir \u017eymus &#8222;zh&#8221; garsas. Pagrindin\u0117s ra\u0161ymo s\u0105vokos yra b\u016bdingas balsis a, viramos \u017eenklas, vadinamas chandrakkala, slopinantis balsius, jungiamuosius priebalsius ir specialias chillu raides. Norint i\u0161mokti malajalam\u0173 gramatikos, labai svarbu praktikuoti skaitym\u0105 ir ra\u0161ym\u0105 malajalam\u0173 kalba.<\/p>\n\n\n\n<h3 class=\"wp-block-heading\" id=\"h-2-sandhi-and-assimilation-a-peculiar-malayalam-feature\">2. Sandhi ir asimiliacija: savoti\u0161kas malajalam\u0173 bruo\u017eas<\/h3>\n\n\n\n<p>Vienas ry\u0161kiausi\u0173 malajalam\u0173 fonologijos aspekt\u0173 yra sandhi, asimiliacijos ir priebalsi\u0173 geminacijos paplitimas morfemos ir \u017eod\u017ei\u0173 ribose. Garsai gali keistis, <a href=\"https:\/\/talkpal.ai\/locations\/language-courses-in-kai\/\">kai<\/a> pridedamos priesagos arba kai \u017eod\u017eiai susijungia \u012f junginius, o nosys da\u017enai prilyginamos sekantiems priebalsiams. Suprasti, kada ir kaip \u0161ie poky\u010diai vyksta, yra gyvybi\u0161kai svarbu nat\u016braliam tarimui ir tiksliam bendravimui malajalam\u0173 kalba.<\/p>\n\n\n\n<h3 class=\"wp-block-heading\" id=\"h-3-nouns-and-pronouns-gender-and-cases\">3. Daiktavard\u017eiai ir \u012fvard\u017eiai: lytis ir atvejai<\/h3>\n\n\n\n<p><a href=\"https:\/\/talkpal.ai\/lt\/mokytis-malajalamu-kalbos\/\">Malajalam\u0173 kalbos<\/a> daiktavard\u017eiai paprastai ne\u017eymi gramatin\u0117s gimin\u0117s, o daugiskaitos formavimas da\u017enai naudoja priesag\u0105 -kal, su tam tikrais nelygumais ir alternatyvomis. Atvejo ry\u0161iai i\u0161rei\u0161kiami priesagomis ir postpozicijomis, tokiomis kaip kaltinamasis -e, datyvas -kku arba -inu, genityvas -ude, instrumentinis -al, lokatyvinis -il, abliatyvas -il ninnu, sociatyvus -ote ir vokatyvas -e. \u012evard\u017eiai malajalam\u0173 kalba apima asmeninius \u012fvard\u017eius, tokius kaip njan, ni, ningal, nammal, avan, aval ir garb\u0117s avar, taip pat savininki\u0161kas formas per genityv\u0105, refleksyv\u0173 tan arba tanne, demonstratyvus, tokius kaip i ir aa, ir klausiamuosius \u017eod\u017eius, tokius kaip aar, entu, evide ir eppol. Susipa\u017ein\u0119 su \u0161iais \u012fvard\u017eiais ir j\u0173 formomis, \u017eymiai pagerinsite malajalam\u0173 gramatikos supratim\u0105.<\/p>\n\n\n\n<h3 class=\"wp-block-heading\" id=\"h-4-verbs-structure-and-conjugation\">4. Veiksma\u017eod\u017eiai: strukt\u016bra ir konjugacija<\/h3>\n\n\n\n<p>Malajalam\u0173 kalbos veiksma\u017eod\u017eiai pirmiausia linksniuojami laikui, aspektui, nuotaikai ir poliari\u0161kumui, o ne asmeniui ar skai\u010diui. Pagrindin\u0117s laiko aspekto formos apima esam\u0105j\u012f progresyv\u0173j\u012f -unnu, praeit\u012f -i arba -u ir ateit\u012f -um. <a href=\"https:\/\/talkpal.ai\/lt\/grammar\/vokieciu-kalbos-gramatikos-neigimas\/\">Neigimas<\/a> da\u017eniausiai formuojamas su -illa, o svarbios nuotaikos apima imperatyv\u0105 ir s\u0105lygin\u012f, da\u017enai pastatyt\u0105 su jungtimis, tokiomis kaip -enkil arba -al. Pagalbiniai veiksma\u017eod\u017eiai ir dalyviai yra pagrindiniai kalbos elementai, o tokios formos kaip -unna, -iya ir -aya naudojamos santykiniams sakiniams ir perifrastin\u0117ms konstrukcijoms kurti. \u0160i\u0173 modeli\u0173 mokymasis pagerins j\u016bs\u0173 geb\u0117jim\u0105 efektyviai bendrauti malajalam\u0173 kalba.<\/p>\n\n\n\n<h3 class=\"wp-block-heading\" id=\"h-5-adjectives-agreement-and-placement\">5. B\u016bdvard\u017eiai: susitarimas ir vieta<\/h3>\n\n\n\n<p>Malajalam\u0173 gramatikoje b\u016bdvard\u017eiai paprastai eina prie\u0161 daiktavard\u012f, kur\u012f jie kei\u010dia, ir nesutampa su daiktavard\u017eiu pagal lyt\u012f ar skai\u010di\u0173. Daugelis apra\u0161om\u0173j\u0173 reik\u0161mi\u0173 i\u0161rei\u0161kiamos dalyvaujamosiomis arba genityvin\u0117mis konstrukcijomis, o lyginamieji ir superlatyvai da\u017enai formuojami analiti\u0161kai, pavyzd\u017eiui, kooduthal lyginamajam ir etavum superlatyvui. Norint nat\u016braliau bendrauti, b\u016btina suprasti \u0161iuos modelius.<\/p>\n\n\n\n<p><strong>Pavyzd\u017eiai:<\/strong><\/p>\n\n\n\n<p><strong>\u2013 Valiya Sneham (Did\u017eioji meil\u0117)<\/strong><\/p>\n\n\n\n<p><strong>\u2013 Cheriya Kuttikal (ma\u017ei vaikai)<\/strong><\/p>\n\n\n\n<h3 class=\"wp-block-heading\" id=\"h-6-engaging-with-the-language\">6. \u012esitraukimas \u012f kalb\u0105<\/h3>\n\n\n\n<p>Veiksmingiausias b\u016bdas visi\u0161kai suprasti ir \u012fsisavinti malajalam\u0173 gramatik\u0105 yra nuoseklus \u012fsitraukimas \u012f kalb\u0105. Skaitydami malajali\u0173 literat\u016br\u0105 ir laikra\u0161\u010dius, \u017ei\u016br\u0117dami malajalam\u0173 filmus ar televizijos serialus, klausydamiesi dain\u0173 ir radijo bei aktyviai bendraudami su gimtakalbiais, sustiprinsite savo supratim\u0105 apie gramatik\u0105 ir prapl\u0117site \u017eodyn\u0105.<\/p>\n\n\n\n<h3 class=\"wp-block-heading\" id=\"h-conclusion\">I\u0161vada<\/h3>\n\n\n\n<p>Nors malajalam\u0173 gramatika gali atrodyti sud\u0117tinga, galite \u012fgyti \u0161ios gra\u017eios kalbos \u012fg\u016bd\u017eius su atsidavimu, praktika ir entuziazmu. Sutelkdami d\u0117mes\u012f \u012f pagrindines taisykles ir bendraudami su kalba \u012fvairiuose kontekstuose, greitai pagerinsite savo malajalam\u0173 kalbos <a href=\"https:\/\/talkpal.ai\/lt\/gramatika\/\">gramatikos \u012fg\u016bd\u017eius<\/a>. Ashamsakal (s\u0117km\u0117s) savo malajalam\u0173 kalbos kelion\u0117je ir m\u0117gaukit\u0117s m\u012fslingu, bet \u017eavingu malajalam\u0173 gramatikos pasauliu!<\/p>\n<\/div><\/div>\n\r\n<section class=\"learnNavigationSection\">\r\n            \r\n        <a href=\"https:\/\/talkpal.ai\/lt\/mokytis-malajalamu-kalbos\/\">\r\n            <div class=\"learnNavigationWrapper\">\r\n                <div class=\"learnNavigationContent\">\r\n                    <img decoding=\"async\" src=\"https:\/\/talkpal.ai\/wp-content\/uploads\/2025\/11\/Malayalam.png\" alt=\"Indian Simplified Flag\">\r\n                    <div>\r\n                        <h4>Apie malajalam\u0173 mokym\u0105si<\/h4>\r\n                        <p>Su\u017einokite visk\u0105 apie malajalam\u0173 gramatik\u0105.<\/p>\r\n                    <\/div>\r\n                <\/div>\r\n            <\/div>\r\n        <\/a>\r\n\r\n        \r\n        <a href=\"https:\/\/talkpal.ai\/lt\/malajalamu-gramatikos-pratimai\/\">\r\n            <div class=\"learnNavigationWrapper\">\r\n                <div class=\"learnNavigationContent\">\r\n                    <img decoding=\"async\" src=\"https:\/\/talkpal.ai\/wp-content\/uploads\/2025\/11\/Malayalam.png\" alt=\"Indian Simplified Flag\">\r\n                    <div>\r\n                        <h4>Malajalam\u0173 gramatikos pratimas<\/h4>\r\n                        <p>Praktikuokite malajalam\u0173 gramatik\u0105.<\/p>\r\n                    <\/div>\r\n                <\/div>\r\n            <\/div>\r\n        <\/a>\r\n\r\n            <\/section>","protected":false},"excerpt":{"rendered":"<p>Nar\u0161ymas malajalam\u0173 gramatikos subtilyb\u0117se Malajalam, dravid\u0173 kalba, turinti turting\u0105 istorij\u0105 ir gilias kult\u016brines \u0161aknis Keraloje ir diasporoje, si\u016blo \u012fdomi\u0105 kalbin\u0119 patirt\u012f tiems, kurie nori tyrin\u0117ti unikali\u0105 gramatikos sistem\u0105. Leisdamiesi \u012f malajali\u0173 karalyst\u0119, ne tik praturtinsite savo kalbin\u012f repertuar\u0105, bet ir leisit\u0117s \u012f \u012fsp\u016bding\u0105 kult\u016brin\u0119 kelion\u0119. Nors malajalam\u0173 gramatika i\u0161 prad\u017ei\u0173 gali atrodyti sud\u0117tinga, suskaid\u017eius j\u0105 [&hellip;]<\/p>\n","protected":false},"author":20,"featured_media":0,"parent":0,"menu_order":0,"comment_status":"closed","ping_status":"closed","template":"LearningContentPage.php","meta":{"_acf_changed":false,"footnotes":""},"class_list":["post-1468107","page","type-page","status-publish","hentry"],"acf":[],"yoast_head":"<!-- This site is optimized with the Yoast SEO Premium plugin v27.2 (Yoast SEO v27.2) - https:\/\/yoast.com\/product\/yoast-seo-premium-wordpress\/ -->\n<title>Malajalam\u0173 gramatika - Talkpal<\/title>\n<meta name=\"description\" content=\"\u012evaldykite malaj\u0173 kalbos gramatikos taisykles, \u012fskaitant ab\u0117c\u0117l\u0119, daiktavard\u017eius ir veiksma\u017eod\u017eius, naudodami m\u016bs\u0173 i\u0161sam\u0173 AI kalbos mokymosi vadov\u0105.\" \/>\n<meta name=\"robots\" content=\"index, follow, max-snippet:-1, max-image-preview:large, max-video-preview:-1\" \/>\n<link rel=\"canonical\" href=\"https:\/\/talkpal.ai\/lt\/malajalamu-gramatika\/\" \/>\n<meta property=\"og:locale\" content=\"lt_LT\" \/>\n<meta property=\"og:type\" content=\"article\" \/>\n<meta property=\"og:title\" content=\"Malajalam\u0173 gramatika\" \/>\n<meta property=\"og:description\" content=\"Nar\u0161ymas malajalam\u0173 gramatikos subtilyb\u0117se Malajalam, dravid\u0173 kalba, turinti turting\u0105 istorij\u0105 ir gilias kult\u016brines \u0161aknis Keraloje ir diasporoje, si\u016blo\" \/>\n<meta property=\"og:url\" content=\"https:\/\/talkpal.ai\/lt\/malajalamu-gramatika\/\" \/>\n<meta property=\"og:site_name\" content=\"Talkpal\" \/>\n<meta property=\"article:publisher\" content=\"https:\/\/www.facebook.com\/profile.php?id=100090733639311\" \/>\n<meta property=\"article:modified_time\" content=\"2025-12-30T13:55:22+00:00\" \/>\n<meta property=\"og:image\" content=\"https:\/\/talkpal.ai\/wp-content\/uploads\/2025\/02\/Progress-tab-16_9.png\" \/>\n\t<meta property=\"og:image:width\" content=\"2880\" \/>\n\t<meta property=\"og:image:height\" content=\"1620\" \/>\n\t<meta property=\"og:image:type\" content=\"image\/png\" \/>\n<meta name=\"twitter:card\" content=\"summary_large_image\" \/>\n<meta name=\"twitter:site\" content=\"@talkpalai\" \/>\n<meta name=\"twitter:label1\" content=\"Est. reading time\" \/>\n\t<meta name=\"twitter:data1\" content=\"3 minut\u0117s\" \/>\n<script type=\"application\/ld+json\" class=\"yoast-schema-graph\">{\"@context\":\"https:\/\/schema.org\",\"@graph\":[{\"@type\":\"WebPage\",\"@id\":\"https:\/\/talkpal.ai\/lt\/malajalamu-gramatika\/\",\"url\":\"https:\/\/talkpal.ai\/lt\/malajalamu-gramatika\/\",\"name\":\"Malajalam\u0173 gramatika - Talkpal\",\"isPartOf\":{\"@id\":\"https:\/\/talkpal.ai\/lt\/#website\"},\"datePublished\":\"2025-11-12T12:26:29+00:00\",\"dateModified\":\"2025-12-30T13:55:22+00:00\",\"description\":\"\u012evaldykite malaj\u0173 kalbos gramatikos taisykles, \u012fskaitant ab\u0117c\u0117l\u0119, daiktavard\u017eius ir veiksma\u017eod\u017eius, naudodami m\u016bs\u0173 i\u0161sam\u0173 AI kalbos mokymosi vadov\u0105.\",\"breadcrumb\":{\"@id\":\"https:\/\/talkpal.ai\/lt\/malajalamu-gramatika\/#breadcrumb\"},\"inLanguage\":\"lt-LT\",\"potentialAction\":[{\"@type\":\"ReadAction\",\"target\":[\"https:\/\/talkpal.ai\/lt\/malajalamu-gramatika\/\"]}]},{\"@type\":\"BreadcrumbList\",\"@id\":\"https:\/\/talkpal.ai\/lt\/malajalamu-gramatika\/#breadcrumb\",\"itemListElement\":[{\"@type\":\"ListItem\",\"position\":1,\"name\":\"Homepage\",\"item\":\"https:\/\/talkpal.ai\/lt\/\"},{\"@type\":\"ListItem\",\"position\":2,\"name\":\"Malajalam\u0173 gramatika\"}]},{\"@type\":\"WebSite\",\"@id\":\"https:\/\/talkpal.ai\/lt\/#website\",\"url\":\"https:\/\/talkpal.ai\/lt\/\",\"name\":\"Talkpal\",\"description\":\"AI Language Learning\",\"publisher\":{\"@id\":\"https:\/\/talkpal.ai\/lt\/#organization\"},\"alternateName\":\"Talkpal AI\",\"potentialAction\":[{\"@type\":\"SearchAction\",\"target\":{\"@type\":\"EntryPoint\",\"urlTemplate\":\"https:\/\/talkpal.ai\/lt\/?s={search_term_string}\"},\"query-input\":{\"@type\":\"PropertyValueSpecification\",\"valueRequired\":true,\"valueName\":\"search_term_string\"}}],\"inLanguage\":\"lt-LT\"},{\"@type\":\"Organization\",\"@id\":\"https:\/\/talkpal.ai\/lt\/#organization\",\"name\":\"Talkpal, Inc.\",\"alternateName\":\"Talkpal AI\",\"url\":\"https:\/\/talkpal.ai\/lt\/\",\"logo\":{\"@type\":\"ImageObject\",\"inLanguage\":\"lt-LT\",\"@id\":\"https:\/\/talkpal.ai\/lt\/#\/schema\/logo\/image\/\",\"url\":\"https:\/\/talkpal.ai\/wp-content\/uploads\/2024\/03\/Talkpal-Logo-Icon.png\",\"contentUrl\":\"https:\/\/talkpal.ai\/wp-content\/uploads\/2024\/03\/Talkpal-Logo-Icon.png\",\"width\":2880,\"height\":2880,\"caption\":\"Talkpal, Inc.\"},\"image\":{\"@id\":\"https:\/\/talkpal.ai\/lt\/#\/schema\/logo\/image\/\"},\"sameAs\":[\"https:\/\/www.facebook.com\/profile.php?id=100090733639311\",\"https:\/\/x.com\/talkpalai\",\"https:\/\/www.linkedin.com\/company\/talkpal\/\",\"https:\/\/www.youtube.com\/@TalkPal\/\",\"https:\/\/www.tiktok.com\/@talkpal\",\"https:\/\/www.instagram.com\/talkpal_ai\/\",\"https:\/\/www.crunchbase.com\/organization\/talkpal-9cde\",\"https:\/\/www.g2.com\/products\/talkpal-for-business\/\",\"https:\/\/www.trustpilot.com\/review\/talkpal.ai\",\"https:\/\/www.capterra.com\/p\/10006800\/TalkPal\/\"],\"description\":\"Talkpal is a language learning web and mobile education app, powered by the latest AI technologies, that provides engaging experiences to its customers in many different languages to help them improve their language skills. Users can chat about unlimited amount of topics with the app and use other modes to practice their language learning.\",\"email\":\"support@talkpal.ai\",\"legalName\":\"Talkpal, Inc.\",\"foundingDate\":\"2023-04-03\",\"duns\":\"118989042\",\"numberOfEmployees\":{\"@type\":\"QuantitativeValue\",\"minValue\":\"11\",\"maxValue\":\"50\"},\"publishingPrinciples\":\"https:\/\/talkpal.ai\/publishing-principles\/\",\"actionableFeedbackPolicy\":\"https:\/\/talkpal.ai\/actionable-feedback-policy\/\",\"correctionsPolicy\":\"https:\/\/talkpal.ai\/corrections-policy\/\",\"ethicsPolicy\":\"https:\/\/talkpal.ai\/ethics-policy\/\",\"diversityPolicy\":\"https:\/\/talkpal.ai\/diversity-policy\/\",\"diversityStaffingReport\":\"https:\/\/talkpal.ai\/diversity-policy\/\"}]}<\/script>\n<!-- \/ Yoast SEO Premium plugin. -->","yoast_head_json":{"title":"Malajalam\u0173 gramatika - Talkpal","description":"\u012evaldykite malaj\u0173 kalbos gramatikos taisykles, \u012fskaitant ab\u0117c\u0117l\u0119, daiktavard\u017eius ir veiksma\u017eod\u017eius, naudodami m\u016bs\u0173 i\u0161sam\u0173 AI kalbos mokymosi vadov\u0105.","robots":{"index":"index","follow":"follow","max-snippet":"max-snippet:-1","max-image-preview":"max-image-preview:large","max-video-preview":"max-video-preview:-1"},"canonical":"https:\/\/talkpal.ai\/lt\/malajalamu-gramatika\/","og_locale":"lt_LT","og_type":"article","og_title":"Malajalam\u0173 gramatika","og_description":"Nar\u0161ymas malajalam\u0173 gramatikos subtilyb\u0117se Malajalam, dravid\u0173 kalba, turinti turting\u0105 istorij\u0105 ir gilias kult\u016brines \u0161aknis Keraloje ir diasporoje, si\u016blo","og_url":"https:\/\/talkpal.ai\/lt\/malajalamu-gramatika\/","og_site_name":"Talkpal","article_publisher":"https:\/\/www.facebook.com\/profile.php?id=100090733639311","article_modified_time":"2025-12-30T13:55:22+00:00","og_image":[{"width":2880,"height":1620,"url":"https:\/\/talkpal.ai\/wp-content\/uploads\/2025\/02\/Progress-tab-16_9.png","type":"image\/png"}],"twitter_card":"summary_large_image","twitter_site":"@talkpalai","twitter_misc":{"Est. reading time":"3 minut\u0117s"},"schema":{"@context":"https:\/\/schema.org","@graph":[{"@type":"WebPage","@id":"https:\/\/talkpal.ai\/lt\/malajalamu-gramatika\/","url":"https:\/\/talkpal.ai\/lt\/malajalamu-gramatika\/","name":"Malajalam\u0173 gramatika - Talkpal","isPartOf":{"@id":"https:\/\/talkpal.ai\/lt\/#website"},"datePublished":"2025-11-12T12:26:29+00:00","dateModified":"2025-12-30T13:55:22+00:00","description":"\u012evaldykite malaj\u0173 kalbos gramatikos taisykles, \u012fskaitant ab\u0117c\u0117l\u0119, daiktavard\u017eius ir veiksma\u017eod\u017eius, naudodami m\u016bs\u0173 i\u0161sam\u0173 AI kalbos mokymosi vadov\u0105.","breadcrumb":{"@id":"https:\/\/talkpal.ai\/lt\/malajalamu-gramatika\/#breadcrumb"},"inLanguage":"lt-LT","potentialAction":[{"@type":"ReadAction","target":["https:\/\/talkpal.ai\/lt\/malajalamu-gramatika\/"]}]},{"@type":"BreadcrumbList","@id":"https:\/\/talkpal.ai\/lt\/malajalamu-gramatika\/#breadcrumb","itemListElement":[{"@type":"ListItem","position":1,"name":"Homepage","item":"https:\/\/talkpal.ai\/lt\/"},{"@type":"ListItem","position":2,"name":"Malajalam\u0173 gramatika"}]},{"@type":"WebSite","@id":"https:\/\/talkpal.ai\/lt\/#website","url":"https:\/\/talkpal.ai\/lt\/","name":"Talkpal","description":"AI Language Learning","publisher":{"@id":"https:\/\/talkpal.ai\/lt\/#organization"},"alternateName":"Talkpal AI","potentialAction":[{"@type":"SearchAction","target":{"@type":"EntryPoint","urlTemplate":"https:\/\/talkpal.ai\/lt\/?s={search_term_string}"},"query-input":{"@type":"PropertyValueSpecification","valueRequired":true,"valueName":"search_term_string"}}],"inLanguage":"lt-LT"},{"@type":"Organization","@id":"https:\/\/talkpal.ai\/lt\/#organization","name":"Talkpal, Inc.","alternateName":"Talkpal AI","url":"https:\/\/talkpal.ai\/lt\/","logo":{"@type":"ImageObject","inLanguage":"lt-LT","@id":"https:\/\/talkpal.ai\/lt\/#\/schema\/logo\/image\/","url":"https:\/\/talkpal.ai\/wp-content\/uploads\/2024\/03\/Talkpal-Logo-Icon.png","contentUrl":"https:\/\/talkpal.ai\/wp-content\/uploads\/2024\/03\/Talkpal-Logo-Icon.png","width":2880,"height":2880,"caption":"Talkpal, Inc."},"image":{"@id":"https:\/\/talkpal.ai\/lt\/#\/schema\/logo\/image\/"},"sameAs":["https:\/\/www.facebook.com\/profile.php?id=100090733639311","https:\/\/x.com\/talkpalai","https:\/\/www.linkedin.com\/company\/talkpal\/","https:\/\/www.youtube.com\/@TalkPal\/","https:\/\/www.tiktok.com\/@talkpal","https:\/\/www.instagram.com\/talkpal_ai\/","https:\/\/www.crunchbase.com\/organization\/talkpal-9cde","https:\/\/www.g2.com\/products\/talkpal-for-business\/","https:\/\/www.trustpilot.com\/review\/talkpal.ai","https:\/\/www.capterra.com\/p\/10006800\/TalkPal\/"],"description":"Talkpal is a language learning web and mobile education app, powered by the latest AI technologies, that provides engaging experiences to its customers in many different languages to help them improve their language skills. Users can chat about unlimited amount of topics with the app and use other modes to practice their language learning.","email":"support@talkpal.ai","legalName":"Talkpal, Inc.","foundingDate":"2023-04-03","duns":"118989042","numberOfEmployees":{"@type":"QuantitativeValue","minValue":"11","maxValue":"50"},"publishingPrinciples":"https:\/\/talkpal.ai\/publishing-principles\/","actionableFeedbackPolicy":"https:\/\/talkpal.ai\/actionable-feedback-policy\/","correctionsPolicy":"https:\/\/talkpal.ai\/corrections-policy\/","ethicsPolicy":"https:\/\/talkpal.ai\/ethics-policy\/","diversityPolicy":"https:\/\/talkpal.ai\/diversity-policy\/","diversityStaffingReport":"https:\/\/talkpal.ai\/diversity-policy\/"}]}},"_links":{"self":[{"href":"https:\/\/talkpal.ai\/lt\/wp-json\/wp\/v2\/pages\/1468107","targetHints":{"allow":["GET"]}}],"collection":[{"href":"https:\/\/talkpal.ai\/lt\/wp-json\/wp\/v2\/pages"}],"about":[{"href":"https:\/\/talkpal.ai\/lt\/wp-json\/wp\/v2\/types\/page"}],"author":[{"embeddable":true,"href":"https:\/\/talkpal.ai\/lt\/wp-json\/wp\/v2\/users\/20"}],"replies":[{"embeddable":true,"href":"https:\/\/talkpal.ai\/lt\/wp-json\/wp\/v2\/comments?post=1468107"}],"version-history":[{"count":0,"href":"https:\/\/talkpal.ai\/lt\/wp-json\/wp\/v2\/pages\/1468107\/revisions"}],"wp:attachment":[{"href":"https:\/\/talkpal.ai\/lt\/wp-json\/wp\/v2\/media?parent=1468107"}],"curies":[{"name":"wp","href":"https:\/\/api.w.org\/{rel}","templated":true}]}}