{"id":1468032,"date":"2025-11-12T15:57:04","date_gmt":"2025-11-12T15:57:04","guid":{"rendered":"https:\/\/talkpal.ai\/mongolu-gramatika\/"},"modified":"2025-12-30T13:41:52","modified_gmt":"2025-12-30T13:41:52","slug":"mongolu-gramatika","status":"publish","type":"page","link":"https:\/\/talkpal.ai\/lt\/mongolu-gramatika\/","title":{"rendered":"Mongol\u0173 gramatika"},"content":{"rendered":"\r\n\r\n\r\n<section class=\"languageChallengeSection\">\r\n    <div class=\"languageInfoWrapper\">\r\n        \r\n        <h1>Mongol\u0173 gramatika<\/h1>\r\n        <p><a href=\"https:\/\/talkpal.ai\/learn-mongolian\/\">Mongol\u0173<\/a> <a href=\"https:\/\/talkpal.ai\/what-language-is-spoken-on-the-international-space-station\/\">kalbos<\/a> <a href=\"https:\/\/talkpal.ai\/sq\/gramatika\/\">gramatika<\/a> i\u0161 prad\u017ei\u0173 gali atrodyti sud\u0117tinga, ta\u010diau d\u0117l unikali\u0173 savybi\u0173 <a href=\"https:\/\/talkpal.ai\/lt\/kaip-ismokti-kalba-per-talkpal-chat\/\">kalbos mokymasis<\/a> yra naudinga. Tyrin\u0117dami jos ab\u0117c\u0117l\u0119, mutacijas ir gramatikos taisykles, susipa\u017einsite su turtinga lingvistine tradicija. Prad\u0117kite savo kelion\u0119 ir atraskite Mongolijos gro\u017e\u012f!<\/p>\r\n\r\n                            <a class=\"getStartedHidden\" href=\"https:\/\/app.talkpal.ai\/lt\/signup?lng=\">Prad\u0117k<\/a>\r\n        \r\n    <\/div>\r\n\r\n    <figure>\r\n    <img decoding=\"async\" width=\"768\" height=\"768\" src=\"https:\/\/talkpal.ai\/wp-content\/uploads\/2023\/06\/welsh-768x768.png\" class=\"languageImage no-lazy\" alt=\"Language learning for better cognitive abilities\" fetchpriority=\"high\" sizes=\"(max-width: 768px) 150px, 768px\" srcset=\"https:\/\/talkpal.ai\/wp-content\/uploads\/2023\/06\/welsh-768x768.png 768w, https:\/\/talkpal.ai\/wp-content\/uploads\/2023\/06\/welsh-300x300.png 300w\" \/>\r\n    \r\n\r\n    <\/figure>\r\n\r\n            <a class=\"getStartedVisible\" href=\"https:\/\/app.talkpal.ai\/lt\/signup?lng=\">Prad\u0117k<\/a>\r\n    \r\n<\/section><section class=\"promotionalBanner\">\r\n    <p class=\"promotionalText\">Efektyviausias b\u016bdas mokytis kalbos<\/p>\r\n    <a class=\"promotionalLink\" href=\"https:\/\/app.talkpal.ai\/lt\/signup?lng=\">I\u0161bandykite Talkpal &#8221; nemokamai<\/a>\r\n<\/section>\n<div class=\"wp-block-group pageContainerStyle\"><div class=\"wp-block-group__inner-container is-layout-constrained wp-block-group-is-layout-constrained\">\n<h2 class=\"wp-block-heading\" id=\"h-navigating-the-intricacies-of-mongolian-grammar\">Nar\u0161ymas mongol\u0173 gramatikos subtilyb\u0117se<\/h2>\n\n\n\n<p><a href=\"https:\/\/talkpal.ai\/lt\/mokytis-mongolu-kalbos\/\">Mongol\u0173 kalba<\/a>, turinti turting\u0105 istorij\u0105 ir kult\u016brin\u0119 reik\u0161m\u0119, si\u016blo \u012fdomi\u0105 kalbin\u0119 patirt\u012f tiems, kurie nori tyrin\u0117ti unikali\u0105 gramatikos sistem\u0105. Leisdamiesi \u012f mongol\u0173 karalyst\u0119, ne tik praturtinsite savo kalbin\u012f repertuar\u0105, bet ir leisit\u0117s \u012f \u012fsp\u016bding\u0105 kult\u016brin\u0119 kelion\u0119. Nors mongol\u0173 gramatika i\u0161 prad\u017ei\u0173 gali atrodyti sud\u0117tinga, suskaid\u017eius j\u0105 \u012f pagrindinius komponentus, kalbos mokymasis <a href=\"https:\/\/talkpal.ai\/locations\/language-courses-in-tampa\/\">tampa<\/a> prieinamesnis. \u0160iame straipsnyje i\u0161nagrin\u0117sime patraukl\u0173 <a href=\"https:\/\/talkpal.ai\/lt\/mongolu-gramatikos-pratimai\/\">mongol\u0173 gramatikos<\/a> pasaul\u012f ir pateiksime patarim\u0173, kaip \u012fvaldyti jo sud\u0117tingum\u0105.<\/p>\n\n\n\n<h3 class=\"wp-block-heading\" id=\"h-1-mongolian-alphabet-and-phonetics\">1. Mongol\u0173 ab\u0117c\u0117l\u0117 ir fonetika<\/h3>\n\n\n\n<p>\u0160iuolaikin\u0117je Mongolijoje naudojama mongol\u0173 ab\u0117c\u0117l\u0117 yra kirilica ir susideda i\u0161 35 raid\u017ei\u0173, \u012fskaitant unikalius kalbos simbolius, tokius kaip \u04e8 \u04e9 ir \u04ae \u04af. Taip pat yra <a href=\"https:\/\/talkpal.ai\/will-ai-kill-traditional-language-learning\/\">tradicinis<\/a> vertikalus mongol\u0173 ra\u0161tas, naudojamas Vidin\u0117je Mongolijoje. Norint i\u0161mokti <a href=\"https:\/\/talkpal.ai\/lt\/mokytis-mongolu-kalbos\/\">mongol\u0173 kalbos<\/a> gramatikos, labai svarbu susipa\u017einti su \u0161iomis ra\u0161ymo sistemomis praktikuojant skaitym\u0105 ir ra\u0161ym\u0105 mongol\u0173 kalba.<\/p>\n\n\n\n<h3 class=\"wp-block-heading\" id=\"h-2-vowel-harmony-a-peculiar-mongolian-feature\">2. Balsi\u0173 harmonija: savoti\u0161kas mongol\u0173 bruo\u017eas<\/h3>\n\n\n\n<p>Vienas ry\u0161kiausi\u0173 mongol\u0173 kalbos gramatikos aspekt\u0173 yra balsi\u0173 harmonija, kuri reguliuoja, kaip priesagos kei\u010diasi, kad atitikt\u0173 \u0161aknies balsius. Priesagos paprastai b\u016bna priekini\u0173 ir galini\u0173 balsi\u0173 variantuose, o tam tikri priebalsiai ar balsiai priesagose kei\u010diasi atsi\u017evelgiant \u012f fonologin\u012f kontekst\u0105. Suprasti, kada ir kaip vyksta \u0161ios harmonijos ir kaitaliojimai, yra gyvybi\u0161kai svarbu tiksliam bendravimui mongol\u0173 kalba.<\/p>\n\n\n\n<h3 class=\"wp-block-heading\" id=\"h-3-nouns-and-pronouns-gender-and-cases\">3. Daiktavard\u017eiai ir \u012fvard\u017eiai: lytis ir atvejai<\/h3>\n\n\n\n<p>Mongol\u0173 kalbos daiktavard\u017eiai neturi gramatin\u0117s lyties, ta\u010diau jie naudoja gaus\u0173 atvej\u0173 gal\u016bni\u0173 rinkin\u012f, kad pa\u017eym\u0117t\u0173 tokius santykius kaip tur\u0117jimas, kryptis, vieta ir instrumentas. Daugiskaitos formavimas skiriasi, da\u017eniausiai vartojant -\u0443\u0443\u0434 arba -\u04af\u04af\u0434 pagal balsi\u0173 harmonij\u0105, o -\u043d\u0430\u0440 da\u017enai vartojamas \u017emon\u0117ms. Mongol\u0173 kalbos \u012fvard\u017eiai apima asmeninius, savininkinius, refleksyvius, demonstratyvius ir klausiamuosius \u012fvard\u017eius. Susipa\u017ein\u0119 su \u0161iais \u012fvard\u017eiais ir j\u0173 formomis \u017eymiai pagerinsite mongol\u0173 kalbos gramatikos supratim\u0105.<\/p>\n\n\n\n<h3 class=\"wp-block-heading\" id=\"h-4-verbs-structure-and-conjugation\">4. Veiksma\u017eod\u017eiai: strukt\u016bra ir konjugacija<\/h3>\n\n\n\n<p>Mongol\u0173 veiksma\u017eod\u017eiai kuria laik\u0105, aspekt\u0105, nuotaik\u0105 ir \u012frodomum\u0105 per priesagas, o ne plat\u0173 asmens susitarim\u0105. Esmin\u0117s baigtin\u0117s formos yra -\u043d\u0430 nepraei\u010diai, -\u0441\u0430\u043d arba -\u0441\u044d\u043d praei\u010diai ir -\u0434\u0430\u0433 arba -\u0434\u044d\u0433 \u012fprastai, su progresyviu aspektu, paprastai i\u0161reik\u0161tu \u0431\u0430\u0439\u043d\u0430 konstrukcijomis. Kalba taip pat naudoja s\u0105lygines, imperatyvines ir hortatyvines formas. I\u0161mok\u0119 veiksma\u017eod\u017ei\u0173 formavimo taisykles ir pagalbinius modelius, pagerinsite j\u016bs\u0173 geb\u0117jim\u0105 efektyviai bendrauti mongol\u0173 kalba.<\/p>\n\n\n\n<h3 class=\"wp-block-heading\" id=\"h-5-adjectives-agreement-and-placement\">5. B\u016bdvard\u017eiai: susitarimas ir vieta<\/h3>\n\n\n\n<p>Mongol\u0173 gramatikoje b\u016bdvard\u017eiai paprastai eina prie\u0161 daiktavard\u012f, kur\u012f jie kei\u010dia, ir nesutampa su daiktavard\u017eiu skai\u010diumi ar lytimi. Palyginimas da\u017enai i\u0161rei\u0161kiamas analiti\u0161kai, naudojant \u0438\u043b\u04af\u04af lyginamajam ir \u0445\u0430\u043c\u0433\u0438\u0439\u043d superlatyvui, kurie yra b\u016btini norint i\u0161mokti bendrauti nat\u016braliau.<\/p>\n\n\n\n<p><strong>Pavyzd\u017eiai:<\/strong><\/p>\n\n\n\n<p><strong>\u2013 \u0438\u0445 \u0445\u0430\u0439\u0440 (didel\u0117 meil\u0117)  <\/strong><\/p>\n\n\n\n<p><strong>\u2013 \u0436\u0438\u0436\u0438\u0433 \u0445\u04af\u04af\u0445\u0434\u04af\u0434 (ma\u017ei vaikai)<\/strong><\/p>\n\n\n\n<h3 class=\"wp-block-heading\" id=\"h-6-engaging-with-the-language\">6. \u012esitraukimas \u012f kalb\u0105<\/h3>\n\n\n\n<p>Veiksmingiausias b\u016bdas visi\u0161kai suprasti ir \u012fsisavinti mongol\u0173 gramatik\u0105 yra nuosekliai \u012fsitraukti \u012f kalb\u0105. Skaitydami mongol\u0173 literat\u016br\u0105, \u017ei\u016br\u0117dami mongol\u0173 filmus ar televizijos serialus ir aktyviai bendraudami su gimtakalbiais, sustiprinsite gramatikos supratim\u0105 ir prapl\u0117site \u017eodyn\u0105.<\/p>\n\n\n\n<h3 class=\"wp-block-heading\" id=\"h-conclusion\">I\u0161vada<\/h3>\n\n\n\n<p>Nors mongol\u0173 gramatika gali atrodyti sud\u0117tinga, galite \u012fgyti \u0161ios gra\u017eios kalbos \u012fg\u016bd\u017eius su atsidavimu, praktika ir entuziazmu. Sutelkdami d\u0117mes\u012f \u012f pagrindines taisykles ir \u012fsitraukdami \u012f kalb\u0105 \u012fvairiuose kontekstuose, greitai pagerinsite savo mongol\u0173 kalbos <a href=\"https:\/\/talkpal.ai\/lt\/gramatika\/\">gramatikos \u012fg\u016bd\u017eius<\/a>. \u0410\u043c\u0436\u0438\u043b\u0442 \u0445\u04af\u0441\u044c\u0435 (s\u0117km\u0117s) savo kelion\u0117je mongol\u0173 kalba ir m\u0117gaukit\u0117s m\u012fslingu, bet \u017eavingu mongol\u0173 gramatikos pasauliu!<\/p>\n<\/div><\/div>\n\r\n<section class=\"learnNavigationSection\">\r\n            \r\n        <a href=\"https:\/\/talkpal.ai\/lt\/mokytis-mongolu-kalbos\/\">\r\n            <div class=\"learnNavigationWrapper\">\r\n                <div class=\"learnNavigationContent\">\r\n                    <img decoding=\"async\" src=\"https:\/\/talkpal.ai\/wp-content\/uploads\/2025\/11\/Mongolian.png\" alt=\"Mongolian Flag\">\r\n                    <div>\r\n                        <h4>Apie mongol\u0173 mokym\u0105si<\/h4>\r\n                        <p>Su\u017einokite visk\u0105 apie mongol\u0173 gramatik\u0105.<\/p>\r\n                    <\/div>\r\n                <\/div>\r\n            <\/div>\r\n        <\/a>\r\n\r\n        \r\n        <a href=\"https:\/\/talkpal.ai\/lt\/mongolu-gramatikos-pratimai\/\">\r\n            <div class=\"learnNavigationWrapper\">\r\n                <div class=\"learnNavigationContent\">\r\n                    <img decoding=\"async\" src=\"https:\/\/talkpal.ai\/wp-content\/uploads\/2025\/11\/Mongolian.png\" alt=\"Mongolian Flag\">\r\n                    <div>\r\n                        <h4>Mongol\u0173 gramatikos pratimas<\/h4>\r\n                        <p>Praktikuokite mongol\u0173 gramatik\u0105.<\/p>\r\n                    <\/div>\r\n                <\/div>\r\n            <\/div>\r\n        <\/a>\r\n\r\n            <\/section>","protected":false},"excerpt":{"rendered":"<p>Nar\u0161ymas mongol\u0173 gramatikos subtilyb\u0117se Mongol\u0173 kalba, turinti turting\u0105 istorij\u0105 ir kult\u016brin\u0119 reik\u0161m\u0119, si\u016blo \u012fdomi\u0105 kalbin\u0119 patirt\u012f tiems, kurie nori tyrin\u0117ti unikali\u0105 gramatikos sistem\u0105. Leisdamiesi \u012f mongol\u0173 karalyst\u0119, ne tik praturtinsite savo kalbin\u012f repertuar\u0105, bet ir leisit\u0117s \u012f \u012fsp\u016bding\u0105 kult\u016brin\u0119 kelion\u0119. Nors mongol\u0173 gramatika i\u0161 prad\u017ei\u0173 gali atrodyti sud\u0117tinga, suskaid\u017eius j\u0105 \u012f pagrindinius komponentus, kalbos mokymasis [&hellip;]<\/p>\n","protected":false},"author":20,"featured_media":0,"parent":0,"menu_order":0,"comment_status":"closed","ping_status":"closed","template":"LearningContentPage.php","meta":{"_acf_changed":false,"footnotes":""},"class_list":["post-1468032","page","type-page","status-publish","hentry"],"acf":[],"yoast_head":"<!-- This site is optimized with the Yoast SEO Premium plugin v27.2 (Yoast SEO v27.2) - https:\/\/yoast.com\/product\/yoast-seo-premium-wordpress\/ -->\n<title>Mongol\u0173 gramatika - Talkpal<\/title>\n<meta name=\"description\" content=\"\u012evaldykite mongol\u0173 kalbos gramatikos taisykles, \u012fskaitant balsi\u0173 derm\u0119 ir veiksma\u017eod\u017ei\u0173 linksniavim\u0105, naudodamiesi &quot;Talkpal AI&quot; i\u0161samiu kalbos mokymosi vadovu.\" \/>\n<meta name=\"robots\" content=\"index, follow, max-snippet:-1, max-image-preview:large, max-video-preview:-1\" \/>\n<link rel=\"canonical\" href=\"https:\/\/talkpal.ai\/lt\/mongolu-gramatika\/\" \/>\n<meta property=\"og:locale\" content=\"lt_LT\" \/>\n<meta property=\"og:type\" content=\"article\" \/>\n<meta property=\"og:title\" content=\"Mongol\u0173 gramatika\" \/>\n<meta property=\"og:description\" content=\"Nar\u0161ymas mongol\u0173 gramatikos subtilyb\u0117se Mongol\u0173 kalba, turinti turting\u0105 istorij\u0105 ir kult\u016brin\u0119 reik\u0161m\u0119, si\u016blo \u012fdomi\u0105 kalbin\u0119 patirt\u012f tiems, kurie nori\" \/>\n<meta property=\"og:url\" content=\"https:\/\/talkpal.ai\/lt\/mongolu-gramatika\/\" \/>\n<meta property=\"og:site_name\" content=\"Talkpal\" \/>\n<meta property=\"article:publisher\" content=\"https:\/\/www.facebook.com\/profile.php?id=100090733639311\" \/>\n<meta property=\"article:modified_time\" content=\"2025-12-30T13:41:52+00:00\" \/>\n<meta property=\"og:image\" content=\"https:\/\/talkpal.ai\/wp-content\/uploads\/2025\/02\/Progress-tab-16_9.png\" \/>\n\t<meta property=\"og:image:width\" content=\"2880\" \/>\n\t<meta property=\"og:image:height\" content=\"1620\" \/>\n\t<meta property=\"og:image:type\" content=\"image\/png\" \/>\n<meta name=\"twitter:card\" content=\"summary_large_image\" \/>\n<meta name=\"twitter:site\" content=\"@talkpalai\" \/>\n<meta name=\"twitter:label1\" content=\"Est. reading time\" \/>\n\t<meta name=\"twitter:data1\" content=\"3 minut\u0117s\" \/>\n<script type=\"application\/ld+json\" class=\"yoast-schema-graph\">{\"@context\":\"https:\/\/schema.org\",\"@graph\":[{\"@type\":\"WebPage\",\"@id\":\"https:\/\/talkpal.ai\/lt\/mongolu-gramatika\/\",\"url\":\"https:\/\/talkpal.ai\/lt\/mongolu-gramatika\/\",\"name\":\"Mongol\u0173 gramatika - Talkpal\",\"isPartOf\":{\"@id\":\"https:\/\/talkpal.ai\/lt\/#website\"},\"datePublished\":\"2025-11-12T15:57:04+00:00\",\"dateModified\":\"2025-12-30T13:41:52+00:00\",\"description\":\"\u012evaldykite mongol\u0173 kalbos gramatikos taisykles, \u012fskaitant balsi\u0173 derm\u0119 ir veiksma\u017eod\u017ei\u0173 linksniavim\u0105, naudodamiesi \\\"Talkpal AI\\\" i\u0161samiu kalbos mokymosi vadovu.\",\"breadcrumb\":{\"@id\":\"https:\/\/talkpal.ai\/lt\/mongolu-gramatika\/#breadcrumb\"},\"inLanguage\":\"lt-LT\",\"potentialAction\":[{\"@type\":\"ReadAction\",\"target\":[\"https:\/\/talkpal.ai\/lt\/mongolu-gramatika\/\"]}]},{\"@type\":\"BreadcrumbList\",\"@id\":\"https:\/\/talkpal.ai\/lt\/mongolu-gramatika\/#breadcrumb\",\"itemListElement\":[{\"@type\":\"ListItem\",\"position\":1,\"name\":\"Homepage\",\"item\":\"https:\/\/talkpal.ai\/lt\/\"},{\"@type\":\"ListItem\",\"position\":2,\"name\":\"Mongol\u0173 gramatika\"}]},{\"@type\":\"WebSite\",\"@id\":\"https:\/\/talkpal.ai\/lt\/#website\",\"url\":\"https:\/\/talkpal.ai\/lt\/\",\"name\":\"Talkpal\",\"description\":\"AI Language Learning\",\"publisher\":{\"@id\":\"https:\/\/talkpal.ai\/lt\/#organization\"},\"alternateName\":\"Talkpal AI\",\"potentialAction\":[{\"@type\":\"SearchAction\",\"target\":{\"@type\":\"EntryPoint\",\"urlTemplate\":\"https:\/\/talkpal.ai\/lt\/?s={search_term_string}\"},\"query-input\":{\"@type\":\"PropertyValueSpecification\",\"valueRequired\":true,\"valueName\":\"search_term_string\"}}],\"inLanguage\":\"lt-LT\"},{\"@type\":\"Organization\",\"@id\":\"https:\/\/talkpal.ai\/lt\/#organization\",\"name\":\"Talkpal, Inc.\",\"alternateName\":\"Talkpal AI\",\"url\":\"https:\/\/talkpal.ai\/lt\/\",\"logo\":{\"@type\":\"ImageObject\",\"inLanguage\":\"lt-LT\",\"@id\":\"https:\/\/talkpal.ai\/lt\/#\/schema\/logo\/image\/\",\"url\":\"https:\/\/talkpal.ai\/wp-content\/uploads\/2024\/03\/Talkpal-Logo-Icon.png\",\"contentUrl\":\"https:\/\/talkpal.ai\/wp-content\/uploads\/2024\/03\/Talkpal-Logo-Icon.png\",\"width\":2880,\"height\":2880,\"caption\":\"Talkpal, Inc.\"},\"image\":{\"@id\":\"https:\/\/talkpal.ai\/lt\/#\/schema\/logo\/image\/\"},\"sameAs\":[\"https:\/\/www.facebook.com\/profile.php?id=100090733639311\",\"https:\/\/x.com\/talkpalai\",\"https:\/\/www.linkedin.com\/company\/talkpal\/\",\"https:\/\/www.youtube.com\/@TalkPal\/\",\"https:\/\/www.tiktok.com\/@talkpal\",\"https:\/\/www.instagram.com\/talkpal_ai\/\",\"https:\/\/www.crunchbase.com\/organization\/talkpal-9cde\",\"https:\/\/www.g2.com\/products\/talkpal-for-business\/\",\"https:\/\/www.trustpilot.com\/review\/talkpal.ai\",\"https:\/\/www.capterra.com\/p\/10006800\/TalkPal\/\"],\"description\":\"Talkpal is a language learning web and mobile education app, powered by the latest AI technologies, that provides engaging experiences to its customers in many different languages to help them improve their language skills. Users can chat about unlimited amount of topics with the app and use other modes to practice their language learning.\",\"email\":\"support@talkpal.ai\",\"legalName\":\"Talkpal, Inc.\",\"foundingDate\":\"2023-04-03\",\"duns\":\"118989042\",\"numberOfEmployees\":{\"@type\":\"QuantitativeValue\",\"minValue\":\"11\",\"maxValue\":\"50\"},\"publishingPrinciples\":\"https:\/\/talkpal.ai\/publishing-principles\/\",\"actionableFeedbackPolicy\":\"https:\/\/talkpal.ai\/actionable-feedback-policy\/\",\"correctionsPolicy\":\"https:\/\/talkpal.ai\/corrections-policy\/\",\"ethicsPolicy\":\"https:\/\/talkpal.ai\/ethics-policy\/\",\"diversityPolicy\":\"https:\/\/talkpal.ai\/diversity-policy\/\",\"diversityStaffingReport\":\"https:\/\/talkpal.ai\/diversity-policy\/\"}]}<\/script>\n<!-- \/ Yoast SEO Premium plugin. -->","yoast_head_json":{"title":"Mongol\u0173 gramatika - Talkpal","description":"\u012evaldykite mongol\u0173 kalbos gramatikos taisykles, \u012fskaitant balsi\u0173 derm\u0119 ir veiksma\u017eod\u017ei\u0173 linksniavim\u0105, naudodamiesi \"Talkpal AI\" i\u0161samiu kalbos mokymosi vadovu.","robots":{"index":"index","follow":"follow","max-snippet":"max-snippet:-1","max-image-preview":"max-image-preview:large","max-video-preview":"max-video-preview:-1"},"canonical":"https:\/\/talkpal.ai\/lt\/mongolu-gramatika\/","og_locale":"lt_LT","og_type":"article","og_title":"Mongol\u0173 gramatika","og_description":"Nar\u0161ymas mongol\u0173 gramatikos subtilyb\u0117se Mongol\u0173 kalba, turinti turting\u0105 istorij\u0105 ir kult\u016brin\u0119 reik\u0161m\u0119, si\u016blo \u012fdomi\u0105 kalbin\u0119 patirt\u012f tiems, kurie nori","og_url":"https:\/\/talkpal.ai\/lt\/mongolu-gramatika\/","og_site_name":"Talkpal","article_publisher":"https:\/\/www.facebook.com\/profile.php?id=100090733639311","article_modified_time":"2025-12-30T13:41:52+00:00","og_image":[{"width":2880,"height":1620,"url":"https:\/\/talkpal.ai\/wp-content\/uploads\/2025\/02\/Progress-tab-16_9.png","type":"image\/png"}],"twitter_card":"summary_large_image","twitter_site":"@talkpalai","twitter_misc":{"Est. reading time":"3 minut\u0117s"},"schema":{"@context":"https:\/\/schema.org","@graph":[{"@type":"WebPage","@id":"https:\/\/talkpal.ai\/lt\/mongolu-gramatika\/","url":"https:\/\/talkpal.ai\/lt\/mongolu-gramatika\/","name":"Mongol\u0173 gramatika - Talkpal","isPartOf":{"@id":"https:\/\/talkpal.ai\/lt\/#website"},"datePublished":"2025-11-12T15:57:04+00:00","dateModified":"2025-12-30T13:41:52+00:00","description":"\u012evaldykite mongol\u0173 kalbos gramatikos taisykles, \u012fskaitant balsi\u0173 derm\u0119 ir veiksma\u017eod\u017ei\u0173 linksniavim\u0105, naudodamiesi \"Talkpal AI\" i\u0161samiu kalbos mokymosi vadovu.","breadcrumb":{"@id":"https:\/\/talkpal.ai\/lt\/mongolu-gramatika\/#breadcrumb"},"inLanguage":"lt-LT","potentialAction":[{"@type":"ReadAction","target":["https:\/\/talkpal.ai\/lt\/mongolu-gramatika\/"]}]},{"@type":"BreadcrumbList","@id":"https:\/\/talkpal.ai\/lt\/mongolu-gramatika\/#breadcrumb","itemListElement":[{"@type":"ListItem","position":1,"name":"Homepage","item":"https:\/\/talkpal.ai\/lt\/"},{"@type":"ListItem","position":2,"name":"Mongol\u0173 gramatika"}]},{"@type":"WebSite","@id":"https:\/\/talkpal.ai\/lt\/#website","url":"https:\/\/talkpal.ai\/lt\/","name":"Talkpal","description":"AI Language Learning","publisher":{"@id":"https:\/\/talkpal.ai\/lt\/#organization"},"alternateName":"Talkpal AI","potentialAction":[{"@type":"SearchAction","target":{"@type":"EntryPoint","urlTemplate":"https:\/\/talkpal.ai\/lt\/?s={search_term_string}"},"query-input":{"@type":"PropertyValueSpecification","valueRequired":true,"valueName":"search_term_string"}}],"inLanguage":"lt-LT"},{"@type":"Organization","@id":"https:\/\/talkpal.ai\/lt\/#organization","name":"Talkpal, Inc.","alternateName":"Talkpal AI","url":"https:\/\/talkpal.ai\/lt\/","logo":{"@type":"ImageObject","inLanguage":"lt-LT","@id":"https:\/\/talkpal.ai\/lt\/#\/schema\/logo\/image\/","url":"https:\/\/talkpal.ai\/wp-content\/uploads\/2024\/03\/Talkpal-Logo-Icon.png","contentUrl":"https:\/\/talkpal.ai\/wp-content\/uploads\/2024\/03\/Talkpal-Logo-Icon.png","width":2880,"height":2880,"caption":"Talkpal, Inc."},"image":{"@id":"https:\/\/talkpal.ai\/lt\/#\/schema\/logo\/image\/"},"sameAs":["https:\/\/www.facebook.com\/profile.php?id=100090733639311","https:\/\/x.com\/talkpalai","https:\/\/www.linkedin.com\/company\/talkpal\/","https:\/\/www.youtube.com\/@TalkPal\/","https:\/\/www.tiktok.com\/@talkpal","https:\/\/www.instagram.com\/talkpal_ai\/","https:\/\/www.crunchbase.com\/organization\/talkpal-9cde","https:\/\/www.g2.com\/products\/talkpal-for-business\/","https:\/\/www.trustpilot.com\/review\/talkpal.ai","https:\/\/www.capterra.com\/p\/10006800\/TalkPal\/"],"description":"Talkpal is a language learning web and mobile education app, powered by the latest AI technologies, that provides engaging experiences to its customers in many different languages to help them improve their language skills. Users can chat about unlimited amount of topics with the app and use other modes to practice their language learning.","email":"support@talkpal.ai","legalName":"Talkpal, Inc.","foundingDate":"2023-04-03","duns":"118989042","numberOfEmployees":{"@type":"QuantitativeValue","minValue":"11","maxValue":"50"},"publishingPrinciples":"https:\/\/talkpal.ai\/publishing-principles\/","actionableFeedbackPolicy":"https:\/\/talkpal.ai\/actionable-feedback-policy\/","correctionsPolicy":"https:\/\/talkpal.ai\/corrections-policy\/","ethicsPolicy":"https:\/\/talkpal.ai\/ethics-policy\/","diversityPolicy":"https:\/\/talkpal.ai\/diversity-policy\/","diversityStaffingReport":"https:\/\/talkpal.ai\/diversity-policy\/"}]}},"_links":{"self":[{"href":"https:\/\/talkpal.ai\/lt\/wp-json\/wp\/v2\/pages\/1468032","targetHints":{"allow":["GET"]}}],"collection":[{"href":"https:\/\/talkpal.ai\/lt\/wp-json\/wp\/v2\/pages"}],"about":[{"href":"https:\/\/talkpal.ai\/lt\/wp-json\/wp\/v2\/types\/page"}],"author":[{"embeddable":true,"href":"https:\/\/talkpal.ai\/lt\/wp-json\/wp\/v2\/users\/20"}],"replies":[{"embeddable":true,"href":"https:\/\/talkpal.ai\/lt\/wp-json\/wp\/v2\/comments?post=1468032"}],"version-history":[{"count":0,"href":"https:\/\/talkpal.ai\/lt\/wp-json\/wp\/v2\/pages\/1468032\/revisions"}],"wp:attachment":[{"href":"https:\/\/talkpal.ai\/lt\/wp-json\/wp\/v2\/media?parent=1468032"}],"curies":[{"name":"wp","href":"https:\/\/api.w.org\/{rel}","templated":true}]}}