{"id":146643,"date":"2023-05-14T14:11:00","date_gmt":"2023-05-14T14:11:00","guid":{"rendered":"http:\/\/talkpal.ai\/kazachstano-gramatika\/"},"modified":"2025-12-17T16:58:58","modified_gmt":"2025-12-17T16:58:58","slug":"kazachstano-gramatika","status":"publish","type":"page","link":"https:\/\/talkpal.ai\/lt\/kazachstano-gramatika\/","title":{"rendered":"Kazachstano gramatika"},"content":{"rendered":"\r\n\r\n\r\n<section class=\"languageChallengeSection\">\r\n    <div class=\"languageInfoWrapper\">\r\n        \r\n        <h1>Kazachstano gramatika<\/h1>\r\n        <p>Mokymasis kazach\u0173 <a href=\"https:\/\/talkpal.ai\/what-language-is-spoken-on-the-international-space-station\/\">kalbos<\/a> atveria duris \u012f turting\u0105 istorij\u0105 ir kult\u016br\u0105 turin\u010di\u0105 kalb\u0105, o jos pagrindas &#8211; \u012fsp\u016bdinga gramatikos sistema. Nors kazach\u0173 kalbos <a href=\"https:\/\/talkpal.ai\/sq\/gramatika\/\">gramatika<\/a> i\u0161 prad\u017ei\u0173 gali atrodyti sud\u0117tinga, ta\u010diau, suprasdami pagrindines jos ypatybes &#8211; balsi\u0173 derm\u0119, daiktavard\u017ei\u0173 atvejus ir veiksma\u017eod\u017ei\u0173 laikus, &#8211; galite \u012fvaldyti \u0161i\u0105 kalb\u0105 ir j\u0105 i\u0161mokti. Pasinerkite ir su\u017einokite, kuo kazach\u0173 kalba unikali!<\/p>\r\n\r\n                            <a class=\"getStartedHidden\" href=\"https:\/\/app.talkpal.ai\/lt\/signup?lng=\">Prad\u0117k<\/a>\r\n        \r\n    <\/div>\r\n\r\n    <figure>\r\n    <img decoding=\"async\" width=\"768\" height=\"768\" src=\"https:\/\/talkpal.ai\/wp-content\/uploads\/2023\/06\/Khazak-768x768.png\" class=\"languageImage no-lazy\" alt=\"Language learning for increased negotiation skills\" fetchpriority=\"high\" sizes=\"(max-width: 768px) 150px, 768px\" srcset=\"https:\/\/talkpal.ai\/wp-content\/uploads\/2023\/06\/Khazak-768x768.png 768w, https:\/\/talkpal.ai\/wp-content\/uploads\/2023\/06\/Khazak-300x300.png 300w\" \/>\r\n    \r\n\r\n    <\/figure>\r\n\r\n            <a class=\"getStartedVisible\" href=\"https:\/\/app.talkpal.ai\/lt\/signup?lng=\">Prad\u0117k<\/a>\r\n    \r\n<\/section>\r\n<section class=\"promotionalBanner\">\r\n    <p class=\"promotionalText\">Efektyviausias b\u016bdas mokytis kalbos<\/p>\r\n    <a class=\"promotionalLink\" href=\"https:\/\/app.talkpal.ai\/lt\/signup?lng=\">I\u0161bandykite Talkpal &#8221; nemokamai<\/a>\r\n<\/section>\n<div class=\"wp-block-group pageContainerStyle\"><div class=\"wp-block-group__inner-container is-layout-constrained wp-block-group-is-layout-constrained\">\n<h2 class=\"wp-block-heading\" id=\"h-kazakh-grammar-unlocking-the-secrets-of-the-kazakh-language\">Kazachstano gramatika: Kazachstano kalbos paslap\u010di\u0173 atrakinimas<\/h2>\n\n\n\n<p>Kalbant apie Kazachstano kalbos mokym\u0105si, Kazachstano gramatikos pagrind\u0173 supratimas yra b\u016btinas norint atrakinti jo paslaptis. Nors i\u0161 prad\u017ei\u0173 <a href=\"https:\/\/talkpal.ai\/learn-thai\/\">tai<\/a> gali atrodyti bauginanti, gramatikos sistema gali pasigirti unikaliomis savyb\u0117mis, d\u0117l kuri\u0173 kalba \u017eavi. \u0160iame straipsnyje siekiama atskleisti pagrindinius kazach\u0173 kalbos gramatikos aspektus, pokalbi\u0173 ir neformaliu b\u016bdu supa\u017eindinant su turtinga \u0161ios kalbos strukt\u016bra.<\/p>\n\n\n\n<h3 class=\"wp-block-heading\" id=\"h-1-nouns-harmony-in-cases-and-declensions\">1. Daiktavard\u017eiai \u2013 harmonija bylose ir nuoskaudose<\/h3>\n\n\n\n<p>Vienas pirm\u0173j\u0173 dalyk\u0173, \u012f kuriuos reikia atsi\u017evelgti kazach\u0173 kalbos gramatikoje, yra daiktavard\u017eio strukt\u016bra. Kalboje naudojama balsi\u0173 harmonijos sistema, kur balsiai yra priekyje arba gale, o pirmenyb\u0117 teikiama harmoningiems deriniams. \u0160i sistema siejasi su daiktavard\u017ei\u0173 daugiskaita, kurios formuojamos per \u012fvairias priesagas, atitinkan\u010dias pradinio daiktavard\u017eio harmonin\u0119 grup\u0119.<\/p>\n\n\n\n<p>Kazach\u0173 daiktavard\u017eiai laikosi septyni\u0173 atvej\u0173: nominacinis, genityvus, dative, akustinis, lokacinis, abliatyvus ir instrumentinis. Nors i\u0161 prad\u017ei\u0173 baugina, \u0161i\u0173 atvej\u0173 meistri\u0161kumas yra labai svarbus formuojant tikslias sakini\u0173 strukt\u016bras. Atvejai nustato ry\u0161ius tarp \u017eod\u017ei\u0173, leid\u017eiant lanks\u010diai elgtis \u017eod\u017ei\u0173 tvarka neprarandant prasm\u0117s.<\/p>\n\n\n\n<h3 class=\"wp-block-heading\" id=\"h-2-adjectives-agreement-and-comparison\">2. B\u016bdvard\u017eiai \u2013 susitarimas ir palyginimas<\/h3>\n\n\n\n<p>Kazachstano b\u016bdvard\u017eiai naudojami apib\u016bdinti ir suteikti daugiau informacijos apie daiktavard\u017eius. Jie turi sutikti su daiktavard\u017eiu, kur\u012f jie kei\u010dia pagal atvej\u012f ir skai\u010di\u0173. Be to, b\u016bdvard\u017eiai gali b\u016bti lyginami naudojant lyginamuosius ir vir\u0161utinius laipsnius, pasiekiamus pridedant atitinkamas priesagas, kad b\u016bt\u0173 galima perteikti skirtingus pabr\u0117\u017eimo lygius.<\/p>\n\n\n\n<p>Pavyzd\u017eiui, \u017eodis &#8222;gra\u017eus&#8221; kazach\u0173 kalboje yra &#8222;\u0441\u044b\u04a3\u0448\u044b&#8221;. Apib\u016bdinant gra\u017e\u0173 sod\u0105 (\u0431\u0430\u049b), fraz\u0117 b\u016bt\u0173 tokia: &#8222;\u0441\u044b\u04a3\u0448\u044b \u0431\u0430\u049b&#8221;. Norint pasakyti &#8222;gra\u017eesnis&#8221;, reik\u0117t\u0173 vartoti &#8222;\u0441\u044b\u04a3\u0448\u044b\u0440\u0430\u049b&#8221;, o &#8222;gra\u017eiausias&#8221; &#8211; &#8222;\u0441\u044b\u04a3\u0448\u044b&#8221;. Jei norite pasakyti &#8222;gra\u017eiausias sodas&#8221;, vartokite &#8222;\u0441\u044b\u04a3\u0448\u044b \u0431\u0430\u049b&#8221;.<\/p>\n\n\n\n<h3 class=\"wp-block-heading\" id=\"h-3-verbs-tense-mood-and-aspect\">3. Veiksma\u017eod\u017eiai \u2013 \u012ftampa, nuotaika ir aspektas<\/h3>\n\n\n\n<p>Veiksma\u017eod\u017eiai kazach\u0173 kalba vaizduoja \u012ftamp\u0105, nuotaik\u0105 ir aspekt\u0105. Kalboje yra trys pagrindiniai laikai: praeitis, dabartis ir ateitis. Kiekviena \u012ftampa turi skirtingas formas, pagr\u012fstas subjekto \u012fvard\u017eiu, nuotaika (pvz., Imperatyvus ar s\u0105lyginis) ir aspektu (ar veiksmas yra tobulas, atspindintis u\u017ebaigt\u0105 veiksm\u0105, ar netobulas, nurodantis vykstant\u012f ar \u012fprast\u0105 veiksm\u0105).<\/p>\n\n\n\n<h3 class=\"wp-block-heading\" id=\"h-4-pronouns-personal-and-demonstrative\">4. \u012evard\u017eiai \u2013 asmeniniai ir parodomieji<\/h3>\n\n\n\n<p>Kazachstano gramatikos \u012fvard\u017eiai apima asmenines, turiningas, demonstratyvias, klausiam\u0105sias ir santykines veisles. Jie turi susitarti d\u0117l atvejo ir numerio su daiktavard\u017eiu, kur\u012f jie nurodo arba pakei\u010dia. Pavyzd\u017eiui, parodomieji \u012fvard\u017eiai turi tris formas: proksimalin\u012f (\u0431\u04b1\u043b), medialin\u012f (\u043e\u0441\u044b) ir distalin\u012f (\u0430\u043d\u0430\u0443), priklausomai nuo atstumo iki kalb\u0117tojo.<\/p>\n\n\n\n<h3 class=\"wp-block-heading\" id=\"h-5-embracing-the-uniqueness-of-kazakh-grammar\">5. Kazachstano gramatikos unikalumo suvokimas<\/h3>\n\n\n\n<p>Prad\u0117dami kelion\u0119 kazach\u0173 kalba, nepamir\u0161kite, kad neb\u016btina \u012fvaldyti visus niuansus i\u0161 karto. Malonu atrasti unikali\u0105 gramatikos sistem\u0105, kuri i\u0161skiria <a href=\"https:\/\/talkpal.ai\/lt\/suzinokite-kazachu-kalba\/\">kazach\u0173 kalb\u0105<\/a> ir skiria laiko j\u0105 suprasti, nesijausdama priblok\u0161ta.<\/p>\n\n\n\n<p>Vertindami ir tyrin\u0117dami kazach\u0173 kalbos gramatikos ypatumus, galite i\u0161 ties\u0173 atskleisti \u0161ios kalbos gro\u017e\u012f ir geriau pa\u017einti turting\u0105 kult\u016brin\u012f paveld\u0105. \u0421\u04d9\u0442\u0442\u0456 \u043e\u049b\u0443 \u2013 Laimingo mokymosi!<\/p>\n<\/div><\/div>\n\r\n<section class=\"learnNavigationSection\">\r\n            \r\n        <a href=\"https:\/\/talkpal.ai\/lt\/suzinokite-kazachu-kalba\/\">\r\n            <div class=\"learnNavigationWrapper\">\r\n                <div class=\"learnNavigationContent\">\r\n                    <img decoding=\"async\" src=\"https:\/\/talkpal.ai\/wp-content\/uploads\/2024\/08\/Kazakh.jpg\" alt=\"Kazakh Flag\">\r\n                    <div>\r\n                        <h4>Apie mokym\u0105si kazach\u0173 kalba<\/h4>\r\n                        <p>Su\u017einokite visk\u0105 apie Kazachstano gramatik\u0105.<\/p>\r\n                    <\/div>\r\n                <\/div>\r\n            <\/div>\r\n        <\/a>\r\n\r\n        \r\n        <a href=\"https:\/\/talkpal.ai\/lt\/kazachstano-gramatikos-pratimai\/\">\r\n            <div class=\"learnNavigationWrapper\">\r\n                <div class=\"learnNavigationContent\">\r\n                    <img decoding=\"async\" src=\"https:\/\/talkpal.ai\/wp-content\/uploads\/2024\/08\/Kazakh.jpg\" alt=\"Kazakh Flag\">\r\n                    <div>\r\n                        <h4>Kazach\u0173 kalbos gramatikos pratybos<\/h4>\r\n                        <p>Praktikuokite Kazachstano gramatik\u0105.<\/p>\r\n                    <\/div>\r\n                <\/div>\r\n            <\/div>\r\n        <\/a>\r\n\r\n        \r\n        <a href=\"https:\/\/talkpal.ai\/vocabulary_language\/kazakh\/\">\r\n            <div class=\"learnNavigationWrapper\">\r\n                <div class=\"learnNavigationContent\">\r\n                    <img decoding=\"async\" src=\"https:\/\/talkpal.ai\/wp-content\/uploads\/2024\/08\/Kazakh.jpg\" alt=\"Kazakh Flag\">\r\n                    <div>\r\n                        <h4>Kazach\u0173 kalbos \u017eodynas<\/h4>\r\n                        <p>Prapl\u0117skite savo kazach\u0173 kalbos \u017eodyn\u0105.<\/p>\r\n                    <\/div>\r\n                <\/div>\r\n            <\/div>\r\n        <\/a>\r\n\r\n            <\/section>","protected":false},"excerpt":{"rendered":"<p>Kazachstano gramatika: Kazachstano kalbos paslap\u010di\u0173 atrakinimas Kalbant apie Kazachstano kalbos mokym\u0105si, Kazachstano gramatikos pagrind\u0173 supratimas yra b\u016btinas norint atrakinti jo paslaptis. Nors i\u0161 prad\u017ei\u0173 tai gali atrodyti bauginanti, gramatikos sistema gali pasigirti unikaliomis savyb\u0117mis, d\u0117l kuri\u0173 kalba \u017eavi. \u0160iame straipsnyje siekiama atskleisti pagrindinius kazach\u0173 kalbos gramatikos aspektus, pokalbi\u0173 ir neformaliu b\u016bdu supa\u017eindinant su turtinga \u0161ios [&hellip;]<\/p>\n","protected":false},"author":1,"featured_media":114248,"parent":0,"menu_order":0,"comment_status":"closed","ping_status":"closed","template":"LearningContentPage.php","meta":{"_acf_changed":false,"footnotes":""},"class_list":["post-146643","page","type-page","status-publish","has-post-thumbnail","hentry"],"acf":[],"yoast_head":"<!-- This site is optimized with the Yoast SEO Premium plugin v27.2 (Yoast SEO v27.2) - https:\/\/yoast.com\/product\/yoast-seo-premium-wordpress\/ -->\n<title>Kazachstano gramatika - Talkpal<\/title>\n<meta name=\"description\" content=\"\u012evaldykite kazach\u0173 kalbos gramatik\u0105 be vargo - i\u0161mokite esmini\u0173 taisykli\u0173, praktikuokite sakinio strukt\u016br\u0105 ir greitai patobulinkite sklandum\u0105\" \/>\n<meta name=\"robots\" content=\"index, follow, max-snippet:-1, max-image-preview:large, max-video-preview:-1\" \/>\n<link rel=\"canonical\" href=\"https:\/\/talkpal.ai\/lt\/kazachstano-gramatika\/\" \/>\n<meta property=\"og:locale\" content=\"lt_LT\" \/>\n<meta property=\"og:type\" content=\"article\" \/>\n<meta property=\"og:title\" content=\"Kazachstano gramatika\" \/>\n<meta property=\"og:description\" content=\"Kazachstano gramatika: Kazachstano kalbos paslap\u010di\u0173 atrakinimas Kalbant apie Kazachstano kalbos mokym\u0105si, Kazachstano gramatikos pagrind\u0173 supratimas yra\" \/>\n<meta property=\"og:url\" content=\"https:\/\/talkpal.ai\/lt\/kazachstano-gramatika\/\" \/>\n<meta property=\"og:site_name\" content=\"Talkpal\" \/>\n<meta property=\"article:publisher\" content=\"https:\/\/www.facebook.com\/profile.php?id=100090733639311\" \/>\n<meta property=\"article:modified_time\" content=\"2025-12-17T16:58:58+00:00\" \/>\n<meta property=\"og:image\" content=\"https:\/\/talkpal.ai\/wp-content\/uploads\/2023\/05\/kazakhstan.png\" \/>\n\t<meta property=\"og:image:width\" content=\"512\" \/>\n\t<meta property=\"og:image:height\" content=\"512\" \/>\n\t<meta property=\"og:image:type\" content=\"image\/png\" \/>\n<meta name=\"twitter:card\" content=\"summary_large_image\" \/>\n<meta name=\"twitter:site\" content=\"@talkpalai\" \/>\n<meta name=\"twitter:label1\" content=\"Est. reading time\" \/>\n\t<meta name=\"twitter:data1\" content=\"2 minut\u0117s\" \/>\n<script type=\"application\/ld+json\" class=\"yoast-schema-graph\">{\"@context\":\"https:\/\/schema.org\",\"@graph\":[{\"@type\":\"WebPage\",\"@id\":\"https:\/\/talkpal.ai\/lt\/kazachstano-gramatika\/\",\"url\":\"https:\/\/talkpal.ai\/lt\/kazachstano-gramatika\/\",\"name\":\"Kazachstano gramatika - Talkpal\",\"isPartOf\":{\"@id\":\"https:\/\/talkpal.ai\/lt\/#website\"},\"primaryImageOfPage\":{\"@id\":\"https:\/\/talkpal.ai\/lt\/kazachstano-gramatika\/#primaryimage\"},\"image\":{\"@id\":\"https:\/\/talkpal.ai\/lt\/kazachstano-gramatika\/#primaryimage\"},\"thumbnailUrl\":\"https:\/\/talkpal.ai\/wp-content\/uploads\/2023\/05\/kazakhstan.png\",\"datePublished\":\"2023-05-14T14:11:00+00:00\",\"dateModified\":\"2025-12-17T16:58:58+00:00\",\"description\":\"\u012evaldykite kazach\u0173 kalbos gramatik\u0105 be vargo - i\u0161mokite esmini\u0173 taisykli\u0173, praktikuokite sakinio strukt\u016br\u0105 ir greitai patobulinkite sklandum\u0105\",\"breadcrumb\":{\"@id\":\"https:\/\/talkpal.ai\/lt\/kazachstano-gramatika\/#breadcrumb\"},\"inLanguage\":\"lt-LT\",\"potentialAction\":[{\"@type\":\"ReadAction\",\"target\":[\"https:\/\/talkpal.ai\/lt\/kazachstano-gramatika\/\"]}]},{\"@type\":\"ImageObject\",\"inLanguage\":\"lt-LT\",\"@id\":\"https:\/\/talkpal.ai\/lt\/kazachstano-gramatika\/#primaryimage\",\"url\":\"https:\/\/talkpal.ai\/wp-content\/uploads\/2023\/05\/kazakhstan.png\",\"contentUrl\":\"https:\/\/talkpal.ai\/wp-content\/uploads\/2023\/05\/kazakhstan.png\",\"width\":512,\"height\":512},{\"@type\":\"BreadcrumbList\",\"@id\":\"https:\/\/talkpal.ai\/lt\/kazachstano-gramatika\/#breadcrumb\",\"itemListElement\":[{\"@type\":\"ListItem\",\"position\":1,\"name\":\"Homepage\",\"item\":\"https:\/\/talkpal.ai\/lt\/\"},{\"@type\":\"ListItem\",\"position\":2,\"name\":\"Kazachstano gramatika\"}]},{\"@type\":\"WebSite\",\"@id\":\"https:\/\/talkpal.ai\/lt\/#website\",\"url\":\"https:\/\/talkpal.ai\/lt\/\",\"name\":\"Talkpal\",\"description\":\"AI Language Learning\",\"publisher\":{\"@id\":\"https:\/\/talkpal.ai\/lt\/#organization\"},\"alternateName\":\"Talkpal AI\",\"potentialAction\":[{\"@type\":\"SearchAction\",\"target\":{\"@type\":\"EntryPoint\",\"urlTemplate\":\"https:\/\/talkpal.ai\/lt\/?s={search_term_string}\"},\"query-input\":{\"@type\":\"PropertyValueSpecification\",\"valueRequired\":true,\"valueName\":\"search_term_string\"}}],\"inLanguage\":\"lt-LT\"},{\"@type\":\"Organization\",\"@id\":\"https:\/\/talkpal.ai\/lt\/#organization\",\"name\":\"Talkpal, Inc.\",\"alternateName\":\"Talkpal AI\",\"url\":\"https:\/\/talkpal.ai\/lt\/\",\"logo\":{\"@type\":\"ImageObject\",\"inLanguage\":\"lt-LT\",\"@id\":\"https:\/\/talkpal.ai\/lt\/#\/schema\/logo\/image\/\",\"url\":\"https:\/\/talkpal.ai\/wp-content\/uploads\/2024\/03\/Talkpal-Logo-Icon.png\",\"contentUrl\":\"https:\/\/talkpal.ai\/wp-content\/uploads\/2024\/03\/Talkpal-Logo-Icon.png\",\"width\":2880,\"height\":2880,\"caption\":\"Talkpal, Inc.\"},\"image\":{\"@id\":\"https:\/\/talkpal.ai\/lt\/#\/schema\/logo\/image\/\"},\"sameAs\":[\"https:\/\/www.facebook.com\/profile.php?id=100090733639311\",\"https:\/\/x.com\/talkpalai\",\"https:\/\/www.linkedin.com\/company\/talkpal\/\",\"https:\/\/www.youtube.com\/@TalkPal\/\",\"https:\/\/www.tiktok.com\/@talkpal\",\"https:\/\/www.instagram.com\/talkpal_ai\/\",\"https:\/\/www.crunchbase.com\/organization\/talkpal-9cde\",\"https:\/\/www.g2.com\/products\/talkpal-for-business\/\",\"https:\/\/www.trustpilot.com\/review\/talkpal.ai\",\"https:\/\/www.capterra.com\/p\/10006800\/TalkPal\/\"],\"description\":\"Talkpal is a language learning web and mobile education app, powered by the latest AI technologies, that provides engaging experiences to its customers in many different languages to help them improve their language skills. Users can chat about unlimited amount of topics with the app and use other modes to practice their language learning.\",\"email\":\"support@talkpal.ai\",\"legalName\":\"Talkpal, Inc.\",\"foundingDate\":\"2023-04-03\",\"duns\":\"118989042\",\"numberOfEmployees\":{\"@type\":\"QuantitativeValue\",\"minValue\":\"11\",\"maxValue\":\"50\"},\"publishingPrinciples\":\"https:\/\/talkpal.ai\/publishing-principles\/\",\"actionableFeedbackPolicy\":\"https:\/\/talkpal.ai\/actionable-feedback-policy\/\",\"correctionsPolicy\":\"https:\/\/talkpal.ai\/corrections-policy\/\",\"ethicsPolicy\":\"https:\/\/talkpal.ai\/ethics-policy\/\",\"diversityPolicy\":\"https:\/\/talkpal.ai\/diversity-policy\/\",\"diversityStaffingReport\":\"https:\/\/talkpal.ai\/diversity-policy\/\"}]}<\/script>\n<!-- \/ Yoast SEO Premium plugin. -->","yoast_head_json":{"title":"Kazachstano gramatika - Talkpal","description":"\u012evaldykite kazach\u0173 kalbos gramatik\u0105 be vargo - i\u0161mokite esmini\u0173 taisykli\u0173, praktikuokite sakinio strukt\u016br\u0105 ir greitai patobulinkite sklandum\u0105","robots":{"index":"index","follow":"follow","max-snippet":"max-snippet:-1","max-image-preview":"max-image-preview:large","max-video-preview":"max-video-preview:-1"},"canonical":"https:\/\/talkpal.ai\/lt\/kazachstano-gramatika\/","og_locale":"lt_LT","og_type":"article","og_title":"Kazachstano gramatika","og_description":"Kazachstano gramatika: Kazachstano kalbos paslap\u010di\u0173 atrakinimas Kalbant apie Kazachstano kalbos mokym\u0105si, Kazachstano gramatikos pagrind\u0173 supratimas yra","og_url":"https:\/\/talkpal.ai\/lt\/kazachstano-gramatika\/","og_site_name":"Talkpal","article_publisher":"https:\/\/www.facebook.com\/profile.php?id=100090733639311","article_modified_time":"2025-12-17T16:58:58+00:00","og_image":[{"width":512,"height":512,"url":"https:\/\/talkpal.ai\/wp-content\/uploads\/2023\/05\/kazakhstan.png","type":"image\/png"}],"twitter_card":"summary_large_image","twitter_site":"@talkpalai","twitter_misc":{"Est. reading time":"2 minut\u0117s"},"schema":{"@context":"https:\/\/schema.org","@graph":[{"@type":"WebPage","@id":"https:\/\/talkpal.ai\/lt\/kazachstano-gramatika\/","url":"https:\/\/talkpal.ai\/lt\/kazachstano-gramatika\/","name":"Kazachstano gramatika - Talkpal","isPartOf":{"@id":"https:\/\/talkpal.ai\/lt\/#website"},"primaryImageOfPage":{"@id":"https:\/\/talkpal.ai\/lt\/kazachstano-gramatika\/#primaryimage"},"image":{"@id":"https:\/\/talkpal.ai\/lt\/kazachstano-gramatika\/#primaryimage"},"thumbnailUrl":"https:\/\/talkpal.ai\/wp-content\/uploads\/2023\/05\/kazakhstan.png","datePublished":"2023-05-14T14:11:00+00:00","dateModified":"2025-12-17T16:58:58+00:00","description":"\u012evaldykite kazach\u0173 kalbos gramatik\u0105 be vargo - i\u0161mokite esmini\u0173 taisykli\u0173, praktikuokite sakinio strukt\u016br\u0105 ir greitai patobulinkite sklandum\u0105","breadcrumb":{"@id":"https:\/\/talkpal.ai\/lt\/kazachstano-gramatika\/#breadcrumb"},"inLanguage":"lt-LT","potentialAction":[{"@type":"ReadAction","target":["https:\/\/talkpal.ai\/lt\/kazachstano-gramatika\/"]}]},{"@type":"ImageObject","inLanguage":"lt-LT","@id":"https:\/\/talkpal.ai\/lt\/kazachstano-gramatika\/#primaryimage","url":"https:\/\/talkpal.ai\/wp-content\/uploads\/2023\/05\/kazakhstan.png","contentUrl":"https:\/\/talkpal.ai\/wp-content\/uploads\/2023\/05\/kazakhstan.png","width":512,"height":512},{"@type":"BreadcrumbList","@id":"https:\/\/talkpal.ai\/lt\/kazachstano-gramatika\/#breadcrumb","itemListElement":[{"@type":"ListItem","position":1,"name":"Homepage","item":"https:\/\/talkpal.ai\/lt\/"},{"@type":"ListItem","position":2,"name":"Kazachstano gramatika"}]},{"@type":"WebSite","@id":"https:\/\/talkpal.ai\/lt\/#website","url":"https:\/\/talkpal.ai\/lt\/","name":"Talkpal","description":"AI Language Learning","publisher":{"@id":"https:\/\/talkpal.ai\/lt\/#organization"},"alternateName":"Talkpal AI","potentialAction":[{"@type":"SearchAction","target":{"@type":"EntryPoint","urlTemplate":"https:\/\/talkpal.ai\/lt\/?s={search_term_string}"},"query-input":{"@type":"PropertyValueSpecification","valueRequired":true,"valueName":"search_term_string"}}],"inLanguage":"lt-LT"},{"@type":"Organization","@id":"https:\/\/talkpal.ai\/lt\/#organization","name":"Talkpal, Inc.","alternateName":"Talkpal AI","url":"https:\/\/talkpal.ai\/lt\/","logo":{"@type":"ImageObject","inLanguage":"lt-LT","@id":"https:\/\/talkpal.ai\/lt\/#\/schema\/logo\/image\/","url":"https:\/\/talkpal.ai\/wp-content\/uploads\/2024\/03\/Talkpal-Logo-Icon.png","contentUrl":"https:\/\/talkpal.ai\/wp-content\/uploads\/2024\/03\/Talkpal-Logo-Icon.png","width":2880,"height":2880,"caption":"Talkpal, Inc."},"image":{"@id":"https:\/\/talkpal.ai\/lt\/#\/schema\/logo\/image\/"},"sameAs":["https:\/\/www.facebook.com\/profile.php?id=100090733639311","https:\/\/x.com\/talkpalai","https:\/\/www.linkedin.com\/company\/talkpal\/","https:\/\/www.youtube.com\/@TalkPal\/","https:\/\/www.tiktok.com\/@talkpal","https:\/\/www.instagram.com\/talkpal_ai\/","https:\/\/www.crunchbase.com\/organization\/talkpal-9cde","https:\/\/www.g2.com\/products\/talkpal-for-business\/","https:\/\/www.trustpilot.com\/review\/talkpal.ai","https:\/\/www.capterra.com\/p\/10006800\/TalkPal\/"],"description":"Talkpal is a language learning web and mobile education app, powered by the latest AI technologies, that provides engaging experiences to its customers in many different languages to help them improve their language skills. Users can chat about unlimited amount of topics with the app and use other modes to practice their language learning.","email":"support@talkpal.ai","legalName":"Talkpal, Inc.","foundingDate":"2023-04-03","duns":"118989042","numberOfEmployees":{"@type":"QuantitativeValue","minValue":"11","maxValue":"50"},"publishingPrinciples":"https:\/\/talkpal.ai\/publishing-principles\/","actionableFeedbackPolicy":"https:\/\/talkpal.ai\/actionable-feedback-policy\/","correctionsPolicy":"https:\/\/talkpal.ai\/corrections-policy\/","ethicsPolicy":"https:\/\/talkpal.ai\/ethics-policy\/","diversityPolicy":"https:\/\/talkpal.ai\/diversity-policy\/","diversityStaffingReport":"https:\/\/talkpal.ai\/diversity-policy\/"}]}},"_links":{"self":[{"href":"https:\/\/talkpal.ai\/lt\/wp-json\/wp\/v2\/pages\/146643","targetHints":{"allow":["GET"]}}],"collection":[{"href":"https:\/\/talkpal.ai\/lt\/wp-json\/wp\/v2\/pages"}],"about":[{"href":"https:\/\/talkpal.ai\/lt\/wp-json\/wp\/v2\/types\/page"}],"author":[{"embeddable":true,"href":"https:\/\/talkpal.ai\/lt\/wp-json\/wp\/v2\/users\/1"}],"replies":[{"embeddable":true,"href":"https:\/\/talkpal.ai\/lt\/wp-json\/wp\/v2\/comments?post=146643"}],"version-history":[{"count":0,"href":"https:\/\/talkpal.ai\/lt\/wp-json\/wp\/v2\/pages\/146643\/revisions"}],"wp:featuredmedia":[{"embeddable":true,"href":"https:\/\/talkpal.ai\/lt\/wp-json\/wp\/v2\/media\/114248"}],"wp:attachment":[{"href":"https:\/\/talkpal.ai\/lt\/wp-json\/wp\/v2\/media?parent=146643"}],"curies":[{"name":"wp","href":"https:\/\/api.w.org\/{rel}","templated":true}]}}