{"id":1462172,"date":"2025-10-22T12:21:47","date_gmt":"2025-10-22T12:21:47","guid":{"rendered":"https:\/\/talkpal.ai\/talkpal-nuolaida-studentams\/"},"modified":"2026-01-22T14:57:08","modified_gmt":"2026-01-22T14:57:08","slug":"talkpal-nuolaida-studentams","status":"publish","type":"page","link":"https:\/\/talkpal.ai\/lt\/talkpal-nuolaida-studentams\/","title":{"rendered":"&#8222;Talkpal&#8221; nuolaida studentams"},"content":{"rendered":"<section class=\"languageChallengeSection\">\r\n    <div class=\"languageInfoWrapper\">\r\n        \r\n        <h1>&quot;Talkpal&quot; nuolaida studentams<\/h1>\r\n        <p>Ar esate studentas, norintis patobulinti savo kalbos \u012fg\u016bd\u017eius? &quot;Talkpal&quot; si\u016blo i\u0161skirtin\u0119 79% student\u0173 nuolaid\u0105, kad pad\u0117t\u0173 mokytis grei\u010diau ir protingiau. Pasiekite visas auk\u0161\u010diausios kokyb\u0117s funkcijas, praktikuokite tikrus pokalbius su dirbtiniu intelektu ir skland\u017eiai dirbkite u\u017e pus\u0119 kainos.<\/p>\r\n\r\n                    <a class=\"getStartedHidden\" href=\"https:\/\/app.talkpal.ai\/signup?discount=50\">\r\n                Gaukite nuolaid\u0105            <\/a>\r\n            <\/div>\r\n\r\n            <figure>\r\n            <img decoding=\"async\" class=\"no-lazy\" src=\"https:\/\/talkpal.ai\/wp-content\/uploads\/2026\/01\/group-with-phone-in-circle.webp\" alt=\"\" fetchpriority=\"high\" \/>\r\n        <\/figure>\r\n        \r\n                    <a class=\"getStartedVisible\" href=\"https:\/\/app.talkpal.ai\/signup?discount=50\">\r\n                Gaukite nuolaid\u0105            <\/a>\r\n        <\/section><section class=\"featureSection\">\r\n    <div class=\"featureIntroduce\">\r\n        <a class=\"introduceLink\" href=\"https:\/\/app.talkpal.ai\/lt\/signup?lng=\">\r\n            <img decoding=\"async\" src=\"https:\/\/talkpal.ai\/wp-content\/themes\/talkpal\/assets\/img\/Sparkle.svg\" alt=\"\" \/>pa\u017eangiausias\n  Dirbtinis intelektas<\/a>\r\n        <h3 class=\"featureTitle\">Pokalbi\u0173 skirtumas<\/h3>\r\n    <\/div>\r\n            <div class=\"introduceWrapper\">\r\n                            <a class=\"introducCard\" href=\"https:\/\/app.talkpal.ai\/lt\/signup?lng=\">\r\n\r\n                    \r\n                                                <img decoding=\"async\" src=\"https:\/\/talkpal.ai\/wp-content\/uploads\/2025\/05\/Immersive_conversations.png\" alt=\"Immersive Conversation Screenshot\" \/>\r\n                        <h4 class=\"introduceTitle\">Personalizuotas \u0161vietimas<\/h4>\r\n                        <p class=\"cardText\">Kiekvienas mokinys mokosi skirtingai, taip pat ir j\u0173 kelion\u0117 \u012f naujos kalbos \u012fsisavinim\u0105. &quot;Talkpal&quot; naudojame pa\u017eangi\u0105 dirbtinio intelekto technologij\u0105, kad suprastume, kaip milijonai mokini\u0173 kasdien mokosi kalb\u0173. Tai padeda mums sukurti personalizuot\u0105, efektyvi\u0105 ir patraukli\u0105 mokymosi patirt\u012f, sukurt\u0105 specialiai tokiems studentams kaip j\u016bs.<\/p>\r\n                    \r\n                <\/a>\r\n                            <a class=\"introducCard\" href=\"https:\/\/app.talkpal.ai\/lt\/signup?lng=\">\r\n\r\n                    \r\n                                                <img decoding=\"async\" src=\"https:\/\/talkpal.ai\/wp-content\/uploads\/2025\/05\/Realtime_feedback.png\" alt=\"Feedback Screenshot\" \/>\r\n                        <h4 class=\"introduceTitle\">Pa\u017eangiausios technologijos<\/h4>\r\n                        <p class=\"cardText\">M\u016bs\u0173 misija \u2013 padaryti personalizuot\u0105 kalb\u0173 mokym\u0105si prieinam\u0105 visiems mokiniams, derinant naujausias dirbtinio intelekto naujoves su patikrintais mokymo metodais. Naudodami &quot;Talkpal&quot; ne tik lankote pamokas, bet ir patiriate pritaikyt\u0105 kelion\u0119, kuri prisitaiko prie j\u016bs\u0173 tempo, stiliaus ir tiksl\u0173.<\/p>\r\n                    \r\n                <\/a>\r\n                            <a class=\"introducCard\" href=\"https:\/\/app.talkpal.ai\/lt\/signup?lng=\">\r\n\r\n                    \r\n                                                <img decoding=\"async\" src=\"https:\/\/talkpal.ai\/wp-content\/uploads\/2025\/05\/Personalization.png\" alt=\"Personalization Screenshot\" \/>\r\n                        <h4 class=\"introduceTitle\">Mokymasis tampa \u012fdomus<\/h4>\r\n                        <p class=\"cardText\">Manome, kad mokytis kalbos tur\u0117t\u0173 b\u016bti smagu ir motyvuojanti. \u0160tai kod\u0117l &quot;Talkpal&quot; sukurta taip, kad studentai b\u016bt\u0173 \u012fsitrauk\u0119 ir \u012fkv\u0117pti, kad mokymasis b\u016bt\u0173 ma\u017eiau pana\u0161us \u012f studijas, o labiau kaip \u012fdom\u0173 nuotyk\u012f. Prisijunkite prie t\u016bkstan\u010di\u0173 student\u0173 visame pasaulyje ir prad\u0117kite mokytis kitos kalbos naudodami &quot;Talkpal&quot;!<\/p>\r\n                    \r\n                <\/a>\r\n                            <\/div>\r\n                     <a class=\"featureSectionLink\" href=\"https:\/\/app.talkpal.ai\/signup?discount=50\">\r\n                Gaukite nuolaid\u0105            <\/a>\r\n                \r\n<\/section>\r\n\r\n\r\n<section class=\"smartFunSection\">\r\n            \r\n            <div class=\"smartFunCard\">\r\n                <div class=\"smartFunWrapper\"><img decoding=\"async\" src=\"https:\/\/talkpal.ai\/wp-content\/uploads\/2025\/05\/1.png\" alt=\"Learning Stats Screenshot\"><\/div>\r\n                <h3>Pritaikyta jums<\/h3>\r\n                <p>&#8222;Talkpal&#8221; naudoja dirbtinio intelekto technologijas, kad teikt\u0173 individualizuotas kalb\u0173 mokymosi sesijas, pritaikytas kiekvieno mokinio lygiui ir tempui. Kiekviena pamoka sukurta taip, kad atitikt\u0173 j\u016bs\u0173 individualius mokymosi poreikius ir pad\u0117t\u0173 jums nuolat tobul\u0117ti.<\/p>\r\n            <\/div>\r\n\r\n        \r\n            <div class=\"smartFunCard\">\r\n                <div class=\"smartFunWrapper\"><img decoding=\"async\" src=\"https:\/\/talkpal.ai\/wp-content\/uploads\/2025\/05\/2.png\" alt=\"Pronunciation Score Screenshot\"><\/div>\r\n                <h3>Efektyvus ir veiksmingas<\/h3>\r\n                <p>Efektyviai tobulinkite savo skaitymo, klausymo ir kalb\u0117jimo \u012fg\u016bd\u017eius naudodami &#8222;Talkpal&#8221;. M\u016bs\u0173 novatori\u0161kos mokymosi priemon\u0117s sukurtos taip, kad kalb\u0173 mokymasis b\u016bt\u0173 efektyvus ir malonus bet kokio i\u0161silavinimo studentams.<\/p>\r\n            <\/div>\r\n\r\n        \r\n            <div class=\"smartFunCard\">\r\n                <div class=\"smartFunWrapper\"><img decoding=\"async\" src=\"https:\/\/talkpal.ai\/wp-content\/uploads\/2025\/05\/3.png\" alt=\"Chat Topics Screenshot\"><\/div>\r\n                <h3>I\u0161laikykite \u012fsitraukim\u0105<\/h3>\r\n                <p>Platforma sujungia \u017eaidybinius elementus, \u012ftraukian\u010dius i\u0161\u0161\u016bkius ir susim\u0105styti ver\u010dian\u010dius klausimus, kad mokiniai b\u016bt\u0173 motyvuoti ir nuosekl\u016bs. Naudojant &#8222;Talkpal&#8221;, kalb\u0173 mokymasis tampa smagiu kasdieniu \u012fpro\u010diu, o ne u\u017eduotimi.<\/p>\r\n            <\/div>\r\n\r\n        \r\n            <div class=\"smartFunCard\">\r\n                <div class=\"smartFunWrapper\"><img decoding=\"async\" src=\"https:\/\/talkpal.ai\/wp-content\/uploads\/2025\/05\/4.png\" alt=\"Dashboard Screenshot\"><\/div>\r\n                <h3>M\u0117gaukit\u0117s mokymusi<\/h3>\r\n                <p>Naujos kalbos \u012fvaldymas neturi b\u016bti varginantis. &#8222;Talkpal&#8221; si\u016blo interaktyvius pratimus, gyvus persona\u017eus ir net humoristinius dirbtinio intelekto pokalbius, kad mokymasis b\u016bt\u0173 maloni ir \u012fkvepianti kiekvieno mokinio dienos dalis.<\/p>\r\n            <\/div>\r\n\r\n            \r\n<\/section>\r\n\r\n<section class=\"promotionalBanner\">\r\n    <p class=\"promotionalText\">&quot;Talkpal&quot; studentams \u2013 prad\u0117kite mokytis su nuolaida<\/p>\r\n                <a class=\"promotionalLink\" href=\"https:\/\/app.talkpal.ai\/signup?discount=50\">\r\n                Gaukite nuolaid\u0105            <\/a>\r\n            \r\n<\/section>","protected":false},"excerpt":{"rendered":"","protected":false},"author":10,"featured_media":0,"parent":0,"menu_order":0,"comment_status":"closed","ping_status":"closed","template":"LearningContentPage.php","meta":{"_acf_changed":false,"footnotes":""},"class_list":["post-1462172","page","type-page","status-publish","hentry"],"acf":[],"yoast_head":"<!-- This site is optimized with the Yoast SEO Premium plugin v27.2 (Yoast SEO v27.2) - https:\/\/yoast.com\/product\/yoast-seo-premium-wordpress\/ -->\n<title>&quot;Talkpal&quot; nuolaida studentams - Talkpal<\/title>\n<meta name=\"description\" content=\"Gaukite i\u0161skirtin\u0119 79% student\u0173 nuolaid\u0105 &quot;Talkpal&quot;, kad grei\u010diau i\u0161moktum\u0117te kalb\u0173 naudodami personalizuot\u0105 AI pokalbi\u0173 praktik\u0105.\" \/>\n<meta name=\"robots\" content=\"index, follow, max-snippet:-1, max-image-preview:large, max-video-preview:-1\" \/>\n<link rel=\"canonical\" href=\"https:\/\/talkpal.ai\/lt\/talkpal-nuolaida-studentams\/\" \/>\n<meta property=\"og:locale\" content=\"lt_LT\" \/>\n<meta property=\"og:type\" content=\"article\" \/>\n<meta property=\"og:title\" content=\"&quot;Talkpal&quot; nuolaida studentams\" \/>\n<meta property=\"og:url\" content=\"https:\/\/talkpal.ai\/lt\/talkpal-nuolaida-studentams\/\" \/>\n<meta property=\"og:site_name\" content=\"Talkpal\" \/>\n<meta property=\"article:publisher\" content=\"https:\/\/www.facebook.com\/profile.php?id=100090733639311\" \/>\n<meta property=\"article:modified_time\" content=\"2026-01-22T14:57:08+00:00\" \/>\n<meta property=\"og:image\" content=\"https:\/\/talkpal.ai\/wp-content\/uploads\/2025\/02\/Progress-tab-16_9.png\" \/>\n\t<meta property=\"og:image:width\" content=\"2880\" \/>\n\t<meta property=\"og:image:height\" content=\"1620\" \/>\n\t<meta property=\"og:image:type\" content=\"image\/png\" \/>\n<meta name=\"twitter:card\" content=\"summary_large_image\" \/>\n<meta name=\"twitter:site\" content=\"@talkpalai\" \/>\n<script type=\"application\/ld+json\" class=\"yoast-schema-graph\">{\"@context\":\"https:\/\/schema.org\",\"@graph\":[{\"@type\":\"WebPage\",\"@id\":\"https:\/\/talkpal.ai\/lt\/talkpal-nuolaida-studentams\/\",\"url\":\"https:\/\/talkpal.ai\/lt\/talkpal-nuolaida-studentams\/\",\"name\":\"\\\"Talkpal\\\" nuolaida studentams - Talkpal\",\"isPartOf\":{\"@id\":\"https:\/\/talkpal.ai\/lt\/#website\"},\"datePublished\":\"2025-10-22T12:21:47+00:00\",\"dateModified\":\"2026-01-22T14:57:08+00:00\",\"description\":\"Gaukite i\u0161skirtin\u0119 79% student\u0173 nuolaid\u0105 \\\"Talkpal\\\", kad grei\u010diau i\u0161moktum\u0117te kalb\u0173 naudodami personalizuot\u0105 AI pokalbi\u0173 praktik\u0105.\",\"breadcrumb\":{\"@id\":\"https:\/\/talkpal.ai\/lt\/talkpal-nuolaida-studentams\/#breadcrumb\"},\"inLanguage\":\"lt-LT\",\"potentialAction\":[{\"@type\":\"ReadAction\",\"target\":[\"https:\/\/talkpal.ai\/lt\/talkpal-nuolaida-studentams\/\"]}]},{\"@type\":\"BreadcrumbList\",\"@id\":\"https:\/\/talkpal.ai\/lt\/talkpal-nuolaida-studentams\/#breadcrumb\",\"itemListElement\":[{\"@type\":\"ListItem\",\"position\":1,\"name\":\"Homepage\",\"item\":\"https:\/\/talkpal.ai\/lt\/\"},{\"@type\":\"ListItem\",\"position\":2,\"name\":\"&#8220;Talkpal&#8221; nuolaida studentams\"}]},{\"@type\":\"WebSite\",\"@id\":\"https:\/\/talkpal.ai\/lt\/#website\",\"url\":\"https:\/\/talkpal.ai\/lt\/\",\"name\":\"Talkpal\",\"description\":\"AI Language Learning\",\"publisher\":{\"@id\":\"https:\/\/talkpal.ai\/lt\/#organization\"},\"alternateName\":\"Talkpal AI\",\"potentialAction\":[{\"@type\":\"SearchAction\",\"target\":{\"@type\":\"EntryPoint\",\"urlTemplate\":\"https:\/\/talkpal.ai\/lt\/?s={search_term_string}\"},\"query-input\":{\"@type\":\"PropertyValueSpecification\",\"valueRequired\":true,\"valueName\":\"search_term_string\"}}],\"inLanguage\":\"lt-LT\"},{\"@type\":\"Organization\",\"@id\":\"https:\/\/talkpal.ai\/lt\/#organization\",\"name\":\"Talkpal, Inc.\",\"alternateName\":\"Talkpal AI\",\"url\":\"https:\/\/talkpal.ai\/lt\/\",\"logo\":{\"@type\":\"ImageObject\",\"inLanguage\":\"lt-LT\",\"@id\":\"https:\/\/talkpal.ai\/lt\/#\/schema\/logo\/image\/\",\"url\":\"https:\/\/talkpal.ai\/wp-content\/uploads\/2024\/03\/Talkpal-Logo-Icon.png\",\"contentUrl\":\"https:\/\/talkpal.ai\/wp-content\/uploads\/2024\/03\/Talkpal-Logo-Icon.png\",\"width\":2880,\"height\":2880,\"caption\":\"Talkpal, Inc.\"},\"image\":{\"@id\":\"https:\/\/talkpal.ai\/lt\/#\/schema\/logo\/image\/\"},\"sameAs\":[\"https:\/\/www.facebook.com\/profile.php?id=100090733639311\",\"https:\/\/x.com\/talkpalai\",\"https:\/\/www.linkedin.com\/company\/talkpal\/\",\"https:\/\/www.youtube.com\/@TalkPal\/\",\"https:\/\/www.tiktok.com\/@talkpal\",\"https:\/\/www.instagram.com\/talkpal_ai\/\",\"https:\/\/www.crunchbase.com\/organization\/talkpal-9cde\",\"https:\/\/www.g2.com\/products\/talkpal-for-business\/\",\"https:\/\/www.trustpilot.com\/review\/talkpal.ai\",\"https:\/\/www.capterra.com\/p\/10006800\/TalkPal\/\"],\"description\":\"Talkpal is a language learning web and mobile education app, powered by the latest AI technologies, that provides engaging experiences to its customers in many different languages to help them improve their language skills. Users can chat about unlimited amount of topics with the app and use other modes to practice their language learning.\",\"email\":\"support@talkpal.ai\",\"legalName\":\"Talkpal, Inc.\",\"foundingDate\":\"2023-04-03\",\"duns\":\"118989042\",\"numberOfEmployees\":{\"@type\":\"QuantitativeValue\",\"minValue\":\"11\",\"maxValue\":\"50\"},\"publishingPrinciples\":\"https:\/\/talkpal.ai\/publishing-principles\/\",\"actionableFeedbackPolicy\":\"https:\/\/talkpal.ai\/actionable-feedback-policy\/\",\"correctionsPolicy\":\"https:\/\/talkpal.ai\/corrections-policy\/\",\"ethicsPolicy\":\"https:\/\/talkpal.ai\/ethics-policy\/\",\"diversityPolicy\":\"https:\/\/talkpal.ai\/diversity-policy\/\",\"diversityStaffingReport\":\"https:\/\/talkpal.ai\/diversity-policy\/\"}]}<\/script>\n<!-- \/ Yoast SEO Premium plugin. -->","yoast_head_json":{"title":"\"Talkpal\" nuolaida studentams - Talkpal","description":"Gaukite i\u0161skirtin\u0119 79% student\u0173 nuolaid\u0105 \"Talkpal\", kad grei\u010diau i\u0161moktum\u0117te kalb\u0173 naudodami personalizuot\u0105 AI pokalbi\u0173 praktik\u0105.","robots":{"index":"index","follow":"follow","max-snippet":"max-snippet:-1","max-image-preview":"max-image-preview:large","max-video-preview":"max-video-preview:-1"},"canonical":"https:\/\/talkpal.ai\/lt\/talkpal-nuolaida-studentams\/","og_locale":"lt_LT","og_type":"article","og_title":"\"Talkpal\" nuolaida studentams","og_url":"https:\/\/talkpal.ai\/lt\/talkpal-nuolaida-studentams\/","og_site_name":"Talkpal","article_publisher":"https:\/\/www.facebook.com\/profile.php?id=100090733639311","article_modified_time":"2026-01-22T14:57:08+00:00","og_image":[{"width":2880,"height":1620,"url":"https:\/\/talkpal.ai\/wp-content\/uploads\/2025\/02\/Progress-tab-16_9.png","type":"image\/png"}],"twitter_card":"summary_large_image","twitter_site":"@talkpalai","schema":{"@context":"https:\/\/schema.org","@graph":[{"@type":"WebPage","@id":"https:\/\/talkpal.ai\/lt\/talkpal-nuolaida-studentams\/","url":"https:\/\/talkpal.ai\/lt\/talkpal-nuolaida-studentams\/","name":"\"Talkpal\" nuolaida studentams - Talkpal","isPartOf":{"@id":"https:\/\/talkpal.ai\/lt\/#website"},"datePublished":"2025-10-22T12:21:47+00:00","dateModified":"2026-01-22T14:57:08+00:00","description":"Gaukite i\u0161skirtin\u0119 79% student\u0173 nuolaid\u0105 \"Talkpal\", kad grei\u010diau i\u0161moktum\u0117te kalb\u0173 naudodami personalizuot\u0105 AI pokalbi\u0173 praktik\u0105.","breadcrumb":{"@id":"https:\/\/talkpal.ai\/lt\/talkpal-nuolaida-studentams\/#breadcrumb"},"inLanguage":"lt-LT","potentialAction":[{"@type":"ReadAction","target":["https:\/\/talkpal.ai\/lt\/talkpal-nuolaida-studentams\/"]}]},{"@type":"BreadcrumbList","@id":"https:\/\/talkpal.ai\/lt\/talkpal-nuolaida-studentams\/#breadcrumb","itemListElement":[{"@type":"ListItem","position":1,"name":"Homepage","item":"https:\/\/talkpal.ai\/lt\/"},{"@type":"ListItem","position":2,"name":"&#8220;Talkpal&#8221; nuolaida studentams"}]},{"@type":"WebSite","@id":"https:\/\/talkpal.ai\/lt\/#website","url":"https:\/\/talkpal.ai\/lt\/","name":"Talkpal","description":"AI Language Learning","publisher":{"@id":"https:\/\/talkpal.ai\/lt\/#organization"},"alternateName":"Talkpal AI","potentialAction":[{"@type":"SearchAction","target":{"@type":"EntryPoint","urlTemplate":"https:\/\/talkpal.ai\/lt\/?s={search_term_string}"},"query-input":{"@type":"PropertyValueSpecification","valueRequired":true,"valueName":"search_term_string"}}],"inLanguage":"lt-LT"},{"@type":"Organization","@id":"https:\/\/talkpal.ai\/lt\/#organization","name":"Talkpal, Inc.","alternateName":"Talkpal AI","url":"https:\/\/talkpal.ai\/lt\/","logo":{"@type":"ImageObject","inLanguage":"lt-LT","@id":"https:\/\/talkpal.ai\/lt\/#\/schema\/logo\/image\/","url":"https:\/\/talkpal.ai\/wp-content\/uploads\/2024\/03\/Talkpal-Logo-Icon.png","contentUrl":"https:\/\/talkpal.ai\/wp-content\/uploads\/2024\/03\/Talkpal-Logo-Icon.png","width":2880,"height":2880,"caption":"Talkpal, Inc."},"image":{"@id":"https:\/\/talkpal.ai\/lt\/#\/schema\/logo\/image\/"},"sameAs":["https:\/\/www.facebook.com\/profile.php?id=100090733639311","https:\/\/x.com\/talkpalai","https:\/\/www.linkedin.com\/company\/talkpal\/","https:\/\/www.youtube.com\/@TalkPal\/","https:\/\/www.tiktok.com\/@talkpal","https:\/\/www.instagram.com\/talkpal_ai\/","https:\/\/www.crunchbase.com\/organization\/talkpal-9cde","https:\/\/www.g2.com\/products\/talkpal-for-business\/","https:\/\/www.trustpilot.com\/review\/talkpal.ai","https:\/\/www.capterra.com\/p\/10006800\/TalkPal\/"],"description":"Talkpal is a language learning web and mobile education app, powered by the latest AI technologies, that provides engaging experiences to its customers in many different languages to help them improve their language skills. Users can chat about unlimited amount of topics with the app and use other modes to practice their language learning.","email":"support@talkpal.ai","legalName":"Talkpal, Inc.","foundingDate":"2023-04-03","duns":"118989042","numberOfEmployees":{"@type":"QuantitativeValue","minValue":"11","maxValue":"50"},"publishingPrinciples":"https:\/\/talkpal.ai\/publishing-principles\/","actionableFeedbackPolicy":"https:\/\/talkpal.ai\/actionable-feedback-policy\/","correctionsPolicy":"https:\/\/talkpal.ai\/corrections-policy\/","ethicsPolicy":"https:\/\/talkpal.ai\/ethics-policy\/","diversityPolicy":"https:\/\/talkpal.ai\/diversity-policy\/","diversityStaffingReport":"https:\/\/talkpal.ai\/diversity-policy\/"}]}},"_links":{"self":[{"href":"https:\/\/talkpal.ai\/lt\/wp-json\/wp\/v2\/pages\/1462172","targetHints":{"allow":["GET"]}}],"collection":[{"href":"https:\/\/talkpal.ai\/lt\/wp-json\/wp\/v2\/pages"}],"about":[{"href":"https:\/\/talkpal.ai\/lt\/wp-json\/wp\/v2\/types\/page"}],"author":[{"embeddable":true,"href":"https:\/\/talkpal.ai\/lt\/wp-json\/wp\/v2\/users\/10"}],"replies":[{"embeddable":true,"href":"https:\/\/talkpal.ai\/lt\/wp-json\/wp\/v2\/comments?post=1462172"}],"version-history":[{"count":0,"href":"https:\/\/talkpal.ai\/lt\/wp-json\/wp\/v2\/pages\/1462172\/revisions"}],"wp:attachment":[{"href":"https:\/\/talkpal.ai\/lt\/wp-json\/wp\/v2\/media?parent=1462172"}],"curies":[{"name":"wp","href":"https:\/\/api.w.org\/{rel}","templated":true}]}}