{"id":145737,"date":"2023-05-14T14:10:24","date_gmt":"2023-05-14T14:10:24","guid":{"rendered":"http:\/\/talkpal.ai\/latviu-kalbos-gramatika\/"},"modified":"2025-12-17T17:12:01","modified_gmt":"2025-12-17T17:12:01","slug":"latviu-kalbos-gramatika","status":"publish","type":"page","link":"https:\/\/talkpal.ai\/lt\/latviu-kalbos-gramatika\/","title":{"rendered":"Latvi\u0173 kalbos gramatika"},"content":{"rendered":"\r\n\r\n\r\n<section class=\"languageChallengeSection\">\r\n    <div class=\"languageInfoWrapper\">\r\n        \r\n        <h1>Latvi\u0173 kalbos gramatika<\/h1>\r\n        <p>Pa\u017einkite unikal\u0173 <a href=\"https:\/\/talkpal.ai\/learn-latvian\/\">latvi\u0173<\/a> <a href=\"https:\/\/talkpal.ai\/what-language-is-spoken-on-the-international-space-station\/\">kalbos<\/a> gramatikos pasaul\u012f ir atskleiskite vienos gyvybingiausi\u0173 Baltijos regiono kalb\u0173 gro\u017e\u012f. Suprasdami jos strukt\u016br\u0105 ir taisykles, sustiprinsite pasitik\u0117jim\u0105 savimi ir bendravimo \u012fg\u016bd\u017eius. Prad\u0117kite mokytis latvi\u0173 kalbos gramatikos \u0161iandien ir \u017eenkite pirm\u0105j\u012f \u017eingsn\u012f \u012f laisv\u0105 kalb\u0117jim\u0105!\n\n<\/p>\r\n\r\n                            <a class=\"getStartedHidden\" href=\"https:\/\/app.talkpal.ai\/lt\/signup?lng=\">Prad\u0117k<\/a>\r\n        \r\n    <\/div>\r\n\r\n    <figure>\r\n    <img decoding=\"async\" width=\"768\" height=\"768\" src=\"https:\/\/talkpal.ai\/wp-content\/uploads\/2023\/06\/latvian-768x768.png\" class=\"languageImage no-lazy\" alt=\"Language learning to access more cultures\" fetchpriority=\"high\" sizes=\"(max-width: 768px) 150px, 768px\" srcset=\"https:\/\/talkpal.ai\/wp-content\/uploads\/2023\/06\/latvian-768x768.png 768w, https:\/\/talkpal.ai\/wp-content\/uploads\/2023\/06\/latvian-300x300.png 300w\" \/>\r\n    \r\n\r\n    <\/figure>\r\n\r\n            <a class=\"getStartedVisible\" href=\"https:\/\/app.talkpal.ai\/lt\/signup?lng=\">Prad\u0117k<\/a>\r\n    \r\n<\/section>\r\n<section class=\"promotionalBanner\">\r\n    <p class=\"promotionalText\">Efektyviausias b\u016bdas mokytis kalbos<\/p>\r\n    <a class=\"promotionalLink\" href=\"https:\/\/app.talkpal.ai\/lt\/signup?lng=\">I\u0161bandykite Talkpal &#8221; nemokamai<\/a>\r\n<\/section>\n<div class=\"wp-block-group pageContainerStyle\"><div class=\"wp-block-group__inner-container is-layout-constrained wp-block-group-is-layout-constrained\">\n<h2 class=\"wp-block-heading\" id=\"h-the-ultimate-guide-to-latvian-grammar-navigating-the-intricacies-of-a-unique-language\">Galutinis latvi\u0173 kalbos gramatikos vadovas: unikalios kalbos subtilybi\u0173 nar\u0161ymas<\/h2>\n\n\n\n<p><a href=\"https:\/\/talkpal.ai\/latvian-grammar\/\">Latvi\u0173 kalbos gramatika<\/a>, kaip ir pati kalba, pateikia turting\u0105 ir \u012fsp\u016bding\u0105 kalbini\u0173 element\u0173 gobelen\u0105. Kaip balt\u0173 kalba, latvi\u0173 kalba \u017eavi besimokan\u010diuosius savo \u012fvairiomis savyb\u0117mis ir i\u0161\u0161\u016bkiais net ir labiausiai \u012fgudusiems kalb\u0117tojams. \u0160iame vadove mes i\u0161nagrin\u0117sime pagrindinius latvi\u0173 kalbos gramatikos principus, atskleisime jos sud\u0117tingum\u0105 ir pad\u0117sime jums laisvai kalb\u0117ti \u0161ia patrauklia kalba. Prad\u0117kime!<\/p>\n\n\n\n<h3 class=\"wp-block-heading\" id=\"h-the-nuts-and-bolts-latvian-sentence-structure\">Ver\u017el\u0117s ir var\u017etai: latvi\u0173 sakinio strukt\u016bra<\/h3>\n\n\n\n<p>I\u0161 esm\u0117s <a href=\"https:\/\/talkpal.ai\/latvian-grammar\/\">latvi\u0173 kalbos gramatika<\/a> yra gana paprasta. Kalba paprastai atitinka dalyko-veiksma\u017eod\u017eio-objekto (SVO) sakinio strukt\u016br\u0105, pana\u0161i\u0105 \u012f <a href=\"https:\/\/talkpal.ai\/learn-english-with-ai\/\">angl\u0173<\/a> ir daugel\u012f kit\u0173 kalb\u0173. Pavyzd\u017eiui, sakinys &#8222;A\u0161 valgau obuol\u012f&#8221; ver\u010diamas taip: &#8222;Es \u0113du \u0101bolu&#8221; (Es \u0113du \u0101bolu). Paprasta, tiesa? Vis d\u0117lto, <a href=\"https:\/\/talkpal.ai\/locations\/language-courses-in-kai\/\">kai<\/a> gilinsim\u0117s, susidursite su keletu intriguojan\u010di\u0173 ir i\u0161skirtini\u0173 latvi\u0173 kalbos gramatikos bruo\u017e\u0173.<\/p>\n\n\n\n<h3 class=\"wp-block-heading\" id=\"h-meet-the-family-latvian-nouns-and-their-cases\">Susipa\u017einkite su \u0161eima: latvi\u0173 kalbos daiktavard\u017eiai ir j\u0173 atvejai<\/h3>\n\n\n\n<p>Viena i\u0161 labiausiai gluminan\u010di\u0173 latvi\u0173 kalbos gramatikos savybi\u0173 anglakalbiams yra gramatini\u0173 atvej\u0173 s\u0105voka. Latvi\u0173 kalboje yra septyni atvejai: nominacinis, kilminis, dative, akustinis, lokacinis, instrumentinis ir garsinis. Kiekvienas atvejis turi savo funkcij\u0105 ir daro \u012ftak\u0105 daiktavard\u017ei\u0173, b\u016bdvard\u017ei\u0173, \u012fvard\u017ei\u0173 ir kartais net veiksma\u017eod\u017ei\u0173 formai.<\/p>\n\n\n\n<p>Pavyzd\u017eiui, paimkime \u017eod\u012f &#8222;\u0101bols&#8221; (\u0101bols), kuris rei\u0161kia &#8222;obuolys&#8221;:<\/p>\n\n\n\n<p><strong>&#8211; Vardininkas (vartojamas subjektams): \u0101bols .<\/strong><\/p>\n\n\n\n<p><strong>&#8211; Giminin\u0117 forma (vartojama kalbant apie nuosavyb\u0119): \u0101bola .<\/strong><\/p>\n\n\n\n<p><strong>&#8211; Dativas (vartojamas netiesioginiams objektams): \u0101bolam<\/strong><\/p>\n\n\n\n<p><strong>&#8211; \u012evard\u017eiuotinis d\u0117muo (vartojamas tiesioginiams objektams): \u0101bolu<\/strong><\/p>\n\n\n\n<p><strong>&#8211; Vietininkas (vartojamas vietai \u017eym\u0117ti): \u0101bol\u0101 .<\/strong><\/p>\n\n\n\n<p><strong>&#8211; Instrumentalin\u0117 forma (vartojama veiksmo atlikimo priemonei apib\u016bdinti): \u0101bolu\/-iem<\/strong><\/p>\n\n\n\n<p><strong>&#8211; Vocative case (vartojamas kreipiantis \u012f k\u0105 nors ar k\u0105 nors): \u0101bol .<\/strong><\/p>\n\n\n\n<p>Svarbu susipa\u017einti su \u0161iais atvejais, nes jie gali i\u0161 esm\u0117s pakeisti sakini\u0173 prasm\u0119.<\/p>\n\n\n\n<h3 class=\"wp-block-heading\" id=\"h-playing-with-numbers-latvian-plurals-and-genders\">\u017daidimas su skai\u010diais: latvi\u0173 daugiskaita ir lytys<\/h3>\n\n\n\n<p>Sudarant daugiskait\u0105 latvi\u0173 kalboje b\u016btina atsi\u017evelgti \u012f daiktavard\u017eio lyt\u012f. Latvi\u0173 kalboje daiktavard\u017eiai turi dvi lytis \u2013 vyri\u0161k\u0105j\u0105 ir moteri\u0161k\u0105j\u0105. Lytis turi \u012ftakos daiktavard\u017ei\u0173, b\u016bdvard\u017ei\u0173, skaitmen\u0173 ir tam tikr\u0173 veiksma\u017eod\u017ei\u0173 form\u0173 gal\u016bn\u0117ms.<\/p>\n\n\n\n<p>Apskritai vyri\u0161ki daiktavard\u017eiai daugiskaitos vardininko atveju baigiasi -i, o moteri\u0161ki daiktavard\u017eiai baigiasi -as. Pavyzd\u017eiui, &#8222;zirgs&#8221; (zirgs, vyri\u0161kosios gimin\u0117s daiktavardis, rei\u0161kiantis &#8222;arklys&#8221;) <a href=\"https:\/\/talkpal.ai\/locations\/language-courses-in-tampa\/\">tampa<\/a> &#8222;zirgi&#8221; (zirgi, arkliai), o &#8222;sieviete&#8221; (sieviete, moteri\u0161kosios gimin\u0117s daiktavardis, rei\u0161kiantis &#8222;moteris&#8221;) tampa &#8222;moterys&#8221; (moterys, moterys).<\/p>\n\n\n\n<p>\u017dinoma, esama ir i\u0161im\u010di\u0173, tod\u0117l labai svarbu i\u0161mokti daiktavard\u017eius ir j\u0173 gimines bei \u017einoti apie netaisykling\u0105 daugiskait\u0105.<\/p>\n\n\n\n<h3 class=\"wp-block-heading\" id=\"h-the-art-of-conjugation-latvian-verbs\">Konjugacijos menas: latvi\u0173 veiksma\u017eod\u017eiai<\/h3>\n\n\n\n<p>Latvi\u0173 veiksma\u017eod\u017eiai i\u0161 prad\u017ei\u0173 gali pasirodyti bauginantys d\u0117l daugyb\u0117s laik\u0173, nuotaik\u0173 ir konjugacij\u0173. Ta\u010diau raktas \u012f j\u0173 supratim\u0105 yra atpa\u017einti bendrus modelius ir reguliariai praktikuoti.<\/p>\n\n\n\n<p>Latvi\u0173 kalboje veiksma\u017eod\u017eiai skirstomi \u012f tris grupes pagal j\u0173 begalines gal\u016bnes, -t, -kaklarai\u0161\u010dius ir -kaklarai\u0161\u010dius\/-t. Kiekviena grup\u0117 turi konkre\u010dias konjugacijos taisykles. Kaip pavyzd\u012f paimkime veiksma\u017eod\u012f &#8222;las\u012bt&#8221; (las\u012bt, &#8222;skaityti&#8221;):<\/p>\n\n\n\n<p><strong>Esamasis laikas: Es lasu (Es lasu, &#8222;a\u0161 skaitau&#8221;)<\/strong><\/p>\n\n\n\n<p><strong>Praeities laikas: Es las\u012bju (Es las\u012bju, &#8222;A\u0161 skai\u010diau&#8221;)<\/strong><\/p>\n\n\n\n<p><strong>B\u016bsimasis laikas: Es las\u012b\u0161u (Es las\u012b\u0161u, &#8222;A\u0161 skaitysiu&#8221;)<\/strong><\/p>\n\n\n\n<p>Kaip matote, gal\u016bn\u0117s kei\u010diasi pagal \u012ftamp\u0105. Ir tai dar net ne visos latvi\u0173 kalbos veiksma\u017eod\u017ei\u0173 linksniavimo ypatyb\u0117s! Ta\u010diau neleiskite, kad tai jus atbaidyt\u0173. Pasitelk\u0119 praktik\u0105 ir kantryb\u0119, prad\u0117site atpa\u017einti d\u0117sningumus ir \u012fveiksite \u0161\u012f i\u0161\u0161\u016bk\u012f.<\/p>\n\n\n\n<h3 class=\"wp-block-heading\" id=\"h-the-finishing-touches-latvian-adjectives-adverbs-and-more\">Baigiamieji akcentai: latvi\u0161ki b\u016bdvard\u017eiai, prieveiksmiai ir kt.<\/h3>\n\n\n\n<p>Kalbant apie latvi\u0173 b\u016bdvard\u017eius ir prieveiksmius, jie vaidina svarb\u0173 vaidmen\u012f didinant j\u016bs\u0173 kalbos gyl\u012f ir sud\u0117tingum\u0105. B\u016bdvard\u017eiai turi sutikti su daiktavard\u017eiais, kuriuos jie kei\u010dia pagal lyt\u012f ir atvej\u012f, su gal\u016bn\u0117mis, kurios atitinkamai skiriasi.<\/p>\n\n\n\n<p>Pavyzd\u017eiui, &#8222;gar\u0161\u012bgs&#8221; (gar\u0161\u012bgs) rei\u0161kia &#8222;skanus&#8221;, tod\u0117l j\u012f galite matyti kaip &#8222;gar\u0161\u012bgs \u0101bols&#8221; (gar\u0161\u012bgs \u0101bols, &#8222;skanus obuolys&#8221;) arba &#8222;gar\u0161\u012bga zupa&#8221; (gar\u0161\u012bga zupa, &#8222;skani sriuba&#8221;) su skirtingomis vyri\u0161kosios ir moteri\u0161kosios gimin\u0117s daiktavard\u017ei\u0173 gal\u016bn\u0117mis.<\/p>\n\n\n\n<p>Adverbai paprastai laikosi pana\u0161i\u0173 modeli\u0173, da\u017enai kilusi\u0173 i\u0161 b\u016bdvard\u017ei\u0173. Latvi\u0173 kalboje dauguma prieveiksmi\u0173 baigiasi -i, o tai yra ta pati forma, kaip ir vyri\u0161kas vienaskaitos b\u016bdvard\u017ei\u0173 akustinis \u017eodis.<\/p>\n\n\n\n<p>Apibendrinant galima teigti, kad latvi\u0173 kalbos gramatikos sud\u0117tingumas ir ypatumai, nors ir sud\u0117tingi, suteikia kalbai \u017eavingo gro\u017eio ir charakterio. Atkaklumo, smalsumo ir praktinio pritaikymo d\u0117ka netrukus lengvai ir u\u017etikrintai i\u0161moksite latvi\u0173 kalbos gramatik\u0105. Smagaus mokymosi!<\/p>\n<\/div><\/div>\n\r\n<section class=\"learnNavigationSection\">\r\n            \r\n        <a href=\"https:\/\/talkpal.ai\/lt\/ismok-latviu-kalba\/\">\r\n            <div class=\"learnNavigationWrapper\">\r\n                <div class=\"learnNavigationContent\">\r\n                    <img decoding=\"async\" src=\"https:\/\/talkpal.ai\/wp-content\/uploads\/2024\/08\/Latvian.jpg\" alt=\"Latvian Flag\">\r\n                    <div>\r\n                        <h4>Apie mokym\u0105si latvi\u0173 kalba<\/h4>\r\n                        <p>Su\u017einokite visk\u0105 apie latvi\u0173 kalbos gramatik\u0105.<\/p>\r\n                    <\/div>\r\n                <\/div>\r\n            <\/div>\r\n        <\/a>\r\n\r\n        \r\n        <a href=\"https:\/\/talkpal.ai\/lt\/latviu-kalbos-gramatikos-pratimai\/\">\r\n            <div class=\"learnNavigationWrapper\">\r\n                <div class=\"learnNavigationContent\">\r\n                    <img decoding=\"async\" src=\"https:\/\/talkpal.ai\/wp-content\/uploads\/2024\/08\/Latvian.jpg\" alt=\"Latvian Flag\">\r\n                    <div>\r\n                        <h4>Latvi\u0173 kalbos gramatikos pratybos<\/h4>\r\n                        <p>Praktikuokite latvi\u0173 kalbos gramatik\u0105.<\/p>\r\n                    <\/div>\r\n                <\/div>\r\n            <\/div>\r\n        <\/a>\r\n\r\n        \r\n        <a href=\"https:\/\/talkpal.ai\/vocabulary_language\/latvian\/\">\r\n            <div class=\"learnNavigationWrapper\">\r\n                <div class=\"learnNavigationContent\">\r\n                    <img decoding=\"async\" src=\"https:\/\/talkpal.ai\/wp-content\/uploads\/2024\/08\/Latvian.jpg\" alt=\"Latvian Flag\">\r\n                    <div>\r\n                        <h4>Latvi\u0173 kalbos \u017eodynas<\/h4>\r\n                        <p>Prapl\u0117skite savo latvi\u0173 kalbos \u017eodyn\u0105.<\/p>\r\n                    <\/div>\r\n                <\/div>\r\n            <\/div>\r\n        <\/a>\r\n\r\n            <\/section>","protected":false},"excerpt":{"rendered":"<p>Galutinis latvi\u0173 kalbos gramatikos vadovas: unikalios kalbos subtilybi\u0173 nar\u0161ymas Latvi\u0173 kalbos gramatika, kaip ir pati kalba, pateikia turting\u0105 ir \u012fsp\u016bding\u0105 kalbini\u0173 element\u0173 gobelen\u0105. Kaip balt\u0173 kalba, latvi\u0173 kalba \u017eavi besimokan\u010diuosius savo \u012fvairiomis savyb\u0117mis ir i\u0161\u0161\u016bkiais net ir labiausiai \u012fgudusiems kalb\u0117tojams. \u0160iame vadove mes i\u0161nagrin\u0117sime pagrindinius latvi\u0173 kalbos gramatikos principus, atskleisime jos sud\u0117tingum\u0105 ir pad\u0117sime jums [&hellip;]<\/p>\n","protected":false},"author":1,"featured_media":114585,"parent":0,"menu_order":0,"comment_status":"closed","ping_status":"closed","template":"LearningContentPage.php","meta":{"_acf_changed":false,"footnotes":""},"class_list":["post-145737","page","type-page","status-publish","has-post-thumbnail","hentry"],"acf":[],"yoast_head":"<!-- This site is optimized with the Yoast SEO Premium plugin v27.2 (Yoast SEO v27.2) - https:\/\/yoast.com\/product\/yoast-seo-premium-wordpress\/ -->\n<title>Latvi\u0173 kalbos gramatika - Talkpal<\/title>\n<meta name=\"description\" content=\"\u012evaldykite latvi\u0173 kalbos gramatik\u0105 dr\u0105siai - mokykit\u0117s taisykli\u0173, praktikuokite vartosen\u0105 ir lengvai padidinkite kalbos tikslum\u0105 su Talkpalasmenines dirbtinio intelekto rekomendacijas.\" \/>\n<meta name=\"robots\" content=\"index, follow, max-snippet:-1, max-image-preview:large, max-video-preview:-1\" \/>\n<link rel=\"canonical\" href=\"https:\/\/talkpal.ai\/lt\/latviu-kalbos-gramatika\/\" \/>\n<meta property=\"og:locale\" content=\"lt_LT\" \/>\n<meta property=\"og:type\" content=\"article\" \/>\n<meta property=\"og:title\" content=\"Latvi\u0173 kalbos gramatika\" \/>\n<meta property=\"og:description\" content=\"Galutinis latvi\u0173 kalbos gramatikos vadovas: unikalios kalbos subtilybi\u0173 nar\u0161ymas Latvi\u0173 kalbos gramatika, kaip ir pati kalba, pateikia turting\u0105 ir\" \/>\n<meta property=\"og:url\" content=\"https:\/\/talkpal.ai\/lt\/latviu-kalbos-gramatika\/\" \/>\n<meta property=\"og:site_name\" content=\"Talkpal\" \/>\n<meta property=\"article:publisher\" content=\"https:\/\/www.facebook.com\/profile.php?id=100090733639311\" \/>\n<meta property=\"article:modified_time\" content=\"2025-12-17T17:12:01+00:00\" \/>\n<meta property=\"og:image\" content=\"https:\/\/talkpal.ai\/wp-content\/uploads\/2023\/05\/latvia.png\" \/>\n\t<meta property=\"og:image:width\" content=\"512\" \/>\n\t<meta property=\"og:image:height\" content=\"512\" \/>\n\t<meta property=\"og:image:type\" content=\"image\/png\" \/>\n<meta name=\"twitter:card\" content=\"summary_large_image\" \/>\n<meta name=\"twitter:site\" content=\"@talkpalai\" \/>\n<meta name=\"twitter:label1\" content=\"Est. reading time\" \/>\n\t<meta name=\"twitter:data1\" content=\"4 minut\u0117s\" \/>\n<script type=\"application\/ld+json\" class=\"yoast-schema-graph\">{\"@context\":\"https:\/\/schema.org\",\"@graph\":[{\"@type\":\"WebPage\",\"@id\":\"https:\/\/talkpal.ai\/lt\/latviu-kalbos-gramatika\/\",\"url\":\"https:\/\/talkpal.ai\/lt\/latviu-kalbos-gramatika\/\",\"name\":\"Latvi\u0173 kalbos gramatika - Talkpal\",\"isPartOf\":{\"@id\":\"https:\/\/talkpal.ai\/lt\/#website\"},\"primaryImageOfPage\":{\"@id\":\"https:\/\/talkpal.ai\/lt\/latviu-kalbos-gramatika\/#primaryimage\"},\"image\":{\"@id\":\"https:\/\/talkpal.ai\/lt\/latviu-kalbos-gramatika\/#primaryimage\"},\"thumbnailUrl\":\"https:\/\/talkpal.ai\/wp-content\/uploads\/2023\/05\/latvia.png\",\"datePublished\":\"2023-05-14T14:10:24+00:00\",\"dateModified\":\"2025-12-17T17:12:01+00:00\",\"description\":\"\u012evaldykite latvi\u0173 kalbos gramatik\u0105 dr\u0105siai - mokykit\u0117s taisykli\u0173, praktikuokite vartosen\u0105 ir lengvai padidinkite kalbos tikslum\u0105 su Talkpalasmenines dirbtinio intelekto rekomendacijas.\",\"breadcrumb\":{\"@id\":\"https:\/\/talkpal.ai\/lt\/latviu-kalbos-gramatika\/#breadcrumb\"},\"inLanguage\":\"lt-LT\",\"potentialAction\":[{\"@type\":\"ReadAction\",\"target\":[\"https:\/\/talkpal.ai\/lt\/latviu-kalbos-gramatika\/\"]}]},{\"@type\":\"ImageObject\",\"inLanguage\":\"lt-LT\",\"@id\":\"https:\/\/talkpal.ai\/lt\/latviu-kalbos-gramatika\/#primaryimage\",\"url\":\"https:\/\/talkpal.ai\/wp-content\/uploads\/2023\/05\/latvia.png\",\"contentUrl\":\"https:\/\/talkpal.ai\/wp-content\/uploads\/2023\/05\/latvia.png\",\"width\":512,\"height\":512},{\"@type\":\"BreadcrumbList\",\"@id\":\"https:\/\/talkpal.ai\/lt\/latviu-kalbos-gramatika\/#breadcrumb\",\"itemListElement\":[{\"@type\":\"ListItem\",\"position\":1,\"name\":\"Homepage\",\"item\":\"https:\/\/talkpal.ai\/lt\/\"},{\"@type\":\"ListItem\",\"position\":2,\"name\":\"Latvi\u0173 kalbos gramatika\"}]},{\"@type\":\"WebSite\",\"@id\":\"https:\/\/talkpal.ai\/lt\/#website\",\"url\":\"https:\/\/talkpal.ai\/lt\/\",\"name\":\"Talkpal\",\"description\":\"AI Language Learning\",\"publisher\":{\"@id\":\"https:\/\/talkpal.ai\/lt\/#organization\"},\"alternateName\":\"Talkpal AI\",\"potentialAction\":[{\"@type\":\"SearchAction\",\"target\":{\"@type\":\"EntryPoint\",\"urlTemplate\":\"https:\/\/talkpal.ai\/lt\/?s={search_term_string}\"},\"query-input\":{\"@type\":\"PropertyValueSpecification\",\"valueRequired\":true,\"valueName\":\"search_term_string\"}}],\"inLanguage\":\"lt-LT\"},{\"@type\":\"Organization\",\"@id\":\"https:\/\/talkpal.ai\/lt\/#organization\",\"name\":\"Talkpal, Inc.\",\"alternateName\":\"Talkpal AI\",\"url\":\"https:\/\/talkpal.ai\/lt\/\",\"logo\":{\"@type\":\"ImageObject\",\"inLanguage\":\"lt-LT\",\"@id\":\"https:\/\/talkpal.ai\/lt\/#\/schema\/logo\/image\/\",\"url\":\"https:\/\/talkpal.ai\/wp-content\/uploads\/2024\/03\/Talkpal-Logo-Icon.png\",\"contentUrl\":\"https:\/\/talkpal.ai\/wp-content\/uploads\/2024\/03\/Talkpal-Logo-Icon.png\",\"width\":2880,\"height\":2880,\"caption\":\"Talkpal, Inc.\"},\"image\":{\"@id\":\"https:\/\/talkpal.ai\/lt\/#\/schema\/logo\/image\/\"},\"sameAs\":[\"https:\/\/www.facebook.com\/profile.php?id=100090733639311\",\"https:\/\/x.com\/talkpalai\",\"https:\/\/www.linkedin.com\/company\/talkpal\/\",\"https:\/\/www.youtube.com\/@TalkPal\/\",\"https:\/\/www.tiktok.com\/@talkpal\",\"https:\/\/www.instagram.com\/talkpal_ai\/\",\"https:\/\/www.crunchbase.com\/organization\/talkpal-9cde\",\"https:\/\/www.g2.com\/products\/talkpal-for-business\/\",\"https:\/\/www.trustpilot.com\/review\/talkpal.ai\",\"https:\/\/www.capterra.com\/p\/10006800\/TalkPal\/\"],\"description\":\"Talkpal is a language learning web and mobile education app, powered by the latest AI technologies, that provides engaging experiences to its customers in many different languages to help them improve their language skills. Users can chat about unlimited amount of topics with the app and use other modes to practice their language learning.\",\"email\":\"support@talkpal.ai\",\"legalName\":\"Talkpal, Inc.\",\"foundingDate\":\"2023-04-03\",\"duns\":\"118989042\",\"numberOfEmployees\":{\"@type\":\"QuantitativeValue\",\"minValue\":\"11\",\"maxValue\":\"50\"},\"publishingPrinciples\":\"https:\/\/talkpal.ai\/publishing-principles\/\",\"actionableFeedbackPolicy\":\"https:\/\/talkpal.ai\/actionable-feedback-policy\/\",\"correctionsPolicy\":\"https:\/\/talkpal.ai\/corrections-policy\/\",\"ethicsPolicy\":\"https:\/\/talkpal.ai\/ethics-policy\/\",\"diversityPolicy\":\"https:\/\/talkpal.ai\/diversity-policy\/\",\"diversityStaffingReport\":\"https:\/\/talkpal.ai\/diversity-policy\/\"}]}<\/script>\n<!-- \/ Yoast SEO Premium plugin. -->","yoast_head_json":{"title":"Latvi\u0173 kalbos gramatika - Talkpal","description":"\u012evaldykite latvi\u0173 kalbos gramatik\u0105 dr\u0105siai - mokykit\u0117s taisykli\u0173, praktikuokite vartosen\u0105 ir lengvai padidinkite kalbos tikslum\u0105 su Talkpalasmenines dirbtinio intelekto rekomendacijas.","robots":{"index":"index","follow":"follow","max-snippet":"max-snippet:-1","max-image-preview":"max-image-preview:large","max-video-preview":"max-video-preview:-1"},"canonical":"https:\/\/talkpal.ai\/lt\/latviu-kalbos-gramatika\/","og_locale":"lt_LT","og_type":"article","og_title":"Latvi\u0173 kalbos gramatika","og_description":"Galutinis latvi\u0173 kalbos gramatikos vadovas: unikalios kalbos subtilybi\u0173 nar\u0161ymas Latvi\u0173 kalbos gramatika, kaip ir pati kalba, pateikia turting\u0105 ir","og_url":"https:\/\/talkpal.ai\/lt\/latviu-kalbos-gramatika\/","og_site_name":"Talkpal","article_publisher":"https:\/\/www.facebook.com\/profile.php?id=100090733639311","article_modified_time":"2025-12-17T17:12:01+00:00","og_image":[{"width":512,"height":512,"url":"https:\/\/talkpal.ai\/wp-content\/uploads\/2023\/05\/latvia.png","type":"image\/png"}],"twitter_card":"summary_large_image","twitter_site":"@talkpalai","twitter_misc":{"Est. reading time":"4 minut\u0117s"},"schema":{"@context":"https:\/\/schema.org","@graph":[{"@type":"WebPage","@id":"https:\/\/talkpal.ai\/lt\/latviu-kalbos-gramatika\/","url":"https:\/\/talkpal.ai\/lt\/latviu-kalbos-gramatika\/","name":"Latvi\u0173 kalbos gramatika - Talkpal","isPartOf":{"@id":"https:\/\/talkpal.ai\/lt\/#website"},"primaryImageOfPage":{"@id":"https:\/\/talkpal.ai\/lt\/latviu-kalbos-gramatika\/#primaryimage"},"image":{"@id":"https:\/\/talkpal.ai\/lt\/latviu-kalbos-gramatika\/#primaryimage"},"thumbnailUrl":"https:\/\/talkpal.ai\/wp-content\/uploads\/2023\/05\/latvia.png","datePublished":"2023-05-14T14:10:24+00:00","dateModified":"2025-12-17T17:12:01+00:00","description":"\u012evaldykite latvi\u0173 kalbos gramatik\u0105 dr\u0105siai - mokykit\u0117s taisykli\u0173, praktikuokite vartosen\u0105 ir lengvai padidinkite kalbos tikslum\u0105 su Talkpalasmenines dirbtinio intelekto rekomendacijas.","breadcrumb":{"@id":"https:\/\/talkpal.ai\/lt\/latviu-kalbos-gramatika\/#breadcrumb"},"inLanguage":"lt-LT","potentialAction":[{"@type":"ReadAction","target":["https:\/\/talkpal.ai\/lt\/latviu-kalbos-gramatika\/"]}]},{"@type":"ImageObject","inLanguage":"lt-LT","@id":"https:\/\/talkpal.ai\/lt\/latviu-kalbos-gramatika\/#primaryimage","url":"https:\/\/talkpal.ai\/wp-content\/uploads\/2023\/05\/latvia.png","contentUrl":"https:\/\/talkpal.ai\/wp-content\/uploads\/2023\/05\/latvia.png","width":512,"height":512},{"@type":"BreadcrumbList","@id":"https:\/\/talkpal.ai\/lt\/latviu-kalbos-gramatika\/#breadcrumb","itemListElement":[{"@type":"ListItem","position":1,"name":"Homepage","item":"https:\/\/talkpal.ai\/lt\/"},{"@type":"ListItem","position":2,"name":"Latvi\u0173 kalbos gramatika"}]},{"@type":"WebSite","@id":"https:\/\/talkpal.ai\/lt\/#website","url":"https:\/\/talkpal.ai\/lt\/","name":"Talkpal","description":"AI Language Learning","publisher":{"@id":"https:\/\/talkpal.ai\/lt\/#organization"},"alternateName":"Talkpal AI","potentialAction":[{"@type":"SearchAction","target":{"@type":"EntryPoint","urlTemplate":"https:\/\/talkpal.ai\/lt\/?s={search_term_string}"},"query-input":{"@type":"PropertyValueSpecification","valueRequired":true,"valueName":"search_term_string"}}],"inLanguage":"lt-LT"},{"@type":"Organization","@id":"https:\/\/talkpal.ai\/lt\/#organization","name":"Talkpal, Inc.","alternateName":"Talkpal AI","url":"https:\/\/talkpal.ai\/lt\/","logo":{"@type":"ImageObject","inLanguage":"lt-LT","@id":"https:\/\/talkpal.ai\/lt\/#\/schema\/logo\/image\/","url":"https:\/\/talkpal.ai\/wp-content\/uploads\/2024\/03\/Talkpal-Logo-Icon.png","contentUrl":"https:\/\/talkpal.ai\/wp-content\/uploads\/2024\/03\/Talkpal-Logo-Icon.png","width":2880,"height":2880,"caption":"Talkpal, Inc."},"image":{"@id":"https:\/\/talkpal.ai\/lt\/#\/schema\/logo\/image\/"},"sameAs":["https:\/\/www.facebook.com\/profile.php?id=100090733639311","https:\/\/x.com\/talkpalai","https:\/\/www.linkedin.com\/company\/talkpal\/","https:\/\/www.youtube.com\/@TalkPal\/","https:\/\/www.tiktok.com\/@talkpal","https:\/\/www.instagram.com\/talkpal_ai\/","https:\/\/www.crunchbase.com\/organization\/talkpal-9cde","https:\/\/www.g2.com\/products\/talkpal-for-business\/","https:\/\/www.trustpilot.com\/review\/talkpal.ai","https:\/\/www.capterra.com\/p\/10006800\/TalkPal\/"],"description":"Talkpal is a language learning web and mobile education app, powered by the latest AI technologies, that provides engaging experiences to its customers in many different languages to help them improve their language skills. Users can chat about unlimited amount of topics with the app and use other modes to practice their language learning.","email":"support@talkpal.ai","legalName":"Talkpal, Inc.","foundingDate":"2023-04-03","duns":"118989042","numberOfEmployees":{"@type":"QuantitativeValue","minValue":"11","maxValue":"50"},"publishingPrinciples":"https:\/\/talkpal.ai\/publishing-principles\/","actionableFeedbackPolicy":"https:\/\/talkpal.ai\/actionable-feedback-policy\/","correctionsPolicy":"https:\/\/talkpal.ai\/corrections-policy\/","ethicsPolicy":"https:\/\/talkpal.ai\/ethics-policy\/","diversityPolicy":"https:\/\/talkpal.ai\/diversity-policy\/","diversityStaffingReport":"https:\/\/talkpal.ai\/diversity-policy\/"}]}},"_links":{"self":[{"href":"https:\/\/talkpal.ai\/lt\/wp-json\/wp\/v2\/pages\/145737","targetHints":{"allow":["GET"]}}],"collection":[{"href":"https:\/\/talkpal.ai\/lt\/wp-json\/wp\/v2\/pages"}],"about":[{"href":"https:\/\/talkpal.ai\/lt\/wp-json\/wp\/v2\/types\/page"}],"author":[{"embeddable":true,"href":"https:\/\/talkpal.ai\/lt\/wp-json\/wp\/v2\/users\/1"}],"replies":[{"embeddable":true,"href":"https:\/\/talkpal.ai\/lt\/wp-json\/wp\/v2\/comments?post=145737"}],"version-history":[{"count":0,"href":"https:\/\/talkpal.ai\/lt\/wp-json\/wp\/v2\/pages\/145737\/revisions"}],"wp:featuredmedia":[{"embeddable":true,"href":"https:\/\/talkpal.ai\/lt\/wp-json\/wp\/v2\/media\/114585"}],"wp:attachment":[{"href":"https:\/\/talkpal.ai\/lt\/wp-json\/wp\/v2\/media?parent=145737"}],"curies":[{"name":"wp","href":"https:\/\/api.w.org\/{rel}","templated":true}]}}