{"id":145645,"date":"2023-05-14T14:09:47","date_gmt":"2023-05-14T14:09:47","guid":{"rendered":"http:\/\/talkpal.ai\/kanadu-gramatika\/"},"modified":"2025-12-11T16:22:37","modified_gmt":"2025-12-11T16:22:37","slug":"kanadu-gramatika","status":"publish","type":"page","link":"https:\/\/talkpal.ai\/lt\/kanadu-gramatika\/","title":{"rendered":"Kanad\u0173 gramatika"},"content":{"rendered":"\r\n\r\n\r\n<section class=\"languageChallengeSection\">\r\n    <div class=\"languageInfoWrapper\">\r\n        \r\n        <h1>Kanad\u0173 gramatika<\/h1>\r\n        <p>Nekantraujate susipa\u017einti su kanadie\u010di\u0173 kalba? Pasinerkite \u012f kanadie\u010di\u0173 <a href=\"https:\/\/talkpal.ai\/what-language-is-spoken-on-the-international-space-station\/\">kalbos<\/a> gramatik\u0105, kurioje gausu veiksma\u017eod\u017ei\u0173 jungini\u0173, daiktavard\u017ei\u0173 ly\u010di\u0173 ir logi\u0161ka atvej\u0173 sistema, kuri atgaivina kalb\u0105. Prad\u0117kite mokytis jau \u0161iandien &#8211; \u012fvald\u0119 kanadie\u010di\u0173 kalbos gramatik\u0105 gal\u0117site giliai susipa\u017einti su gyvybinga Karnatakos kult\u016bra ir u\u017etikrintai bendrauti viena i\u0161 i\u0161rai\u0161kingiausi\u0173 Piet\u0173 Indijos kalb\u0173!<\/p>\r\n\r\n                            <a class=\"getStartedHidden\" href=\"https:\/\/app.talkpal.ai\/lt\/signup?lng=\">Prad\u0117k<\/a>\r\n        \r\n    <\/div>\r\n\r\n    <figure>\r\n    <img decoding=\"async\" width=\"768\" height=\"768\" src=\"https:\/\/talkpal.ai\/wp-content\/uploads\/2023\/06\/Kannada-768x768.png\" class=\"languageImage no-lazy\" alt=\"Language learning for increased mental flexibility\" fetchpriority=\"high\" sizes=\"(max-width: 768px) 150px, 768px\" srcset=\"https:\/\/talkpal.ai\/wp-content\/uploads\/2023\/06\/Kannada-768x768.png 768w, https:\/\/talkpal.ai\/wp-content\/uploads\/2023\/06\/Kannada-300x300.png 300w\" \/>\r\n    \r\n\r\n    <\/figure>\r\n\r\n            <a class=\"getStartedVisible\" href=\"https:\/\/app.talkpal.ai\/lt\/signup?lng=\">Prad\u0117k<\/a>\r\n    \r\n<\/section>\r\n<section class=\"promotionalBanner\">\r\n    <p class=\"promotionalText\">Efektyviausias b\u016bdas mokytis kalbos<\/p>\r\n    <a class=\"promotionalLink\" href=\"https:\/\/app.talkpal.ai\/lt\/signup?lng=\">I\u0161bandykite Talkpal &#8221; nemokamai<\/a>\r\n<\/section>\n<div class=\"wp-block-group pageContainerStyle\"><div class=\"wp-block-group__inner-container is-layout-constrained wp-block-group-is-layout-constrained\">\n<h2 class=\"wp-block-heading\" id=\"h-kannada-grammar-an-insight-into-the-richness-of-the-dravidian-language\">Kanad\u0173 gramatika: \u012f\u017evalga apie dravid\u0173 kalbos turtingum\u0105<\/h2>\n\n\n\n<p>Ar kada susim\u0105st\u0117te apie Indijos kalb\u0173 \u012fvairov\u0119? Kaip kalbos entuziastui ar smalsiam besimokan\u010diajam, jums gali b\u016bti \u012fdomu atid\u017eiau pa\u017evelgti \u012f vien\u0105 i\u0161 klasikini\u0173 Indijos kalb\u0173 &#8211; <a href=\"https:\/\/talkpal.ai\/learn-kannada\/\">kanad\u0173<\/a>. <a href=\"https:\/\/talkpal.ai\/learn-kannada\/\">Kanad\u0173<\/a> kalba yra dravid\u0173 kalba, kuria daugiausia kalbama pietin\u0117je Karnatakos valstijoje. <a href=\"https:\/\/talkpal.ai\/learn-thai\/\">Tai<\/a> yra ma\u017edaug 44 milijon\u0173 \u017emoni\u0173 gimtoji kalba, tod\u0117l ji yra viena i\u0161 pagrindini\u0173 Indijos kalb\u0173. Pasinerkime \u012f \u012fdom\u0173 kannad\u0173 kalbos gramatikos pasaul\u012f ir su\u017einokime daugiau apie \u0161i\u0105 gra\u017ei\u0105 kalb\u0105.<\/p>\n\n\n\n<h3 class=\"wp-block-heading\" id=\"h-the-linguistic-alphabet-kannada-script\">Lingvistin\u0117 ab\u0117c\u0117l\u0117: kanad\u0173 scenarijus<\/h3>\n\n\n\n<p>Kannados ra\u0161tas, dar vadinamas &#8222;\u0c95\u0ca8\u0ccd\u0ca8\u0ca1 \u0cb2\u0cbf\u0caa\u0cbf&#8221; (Kannada Lipi), yra abugida &#8211; ra\u0161to sistema su skiemenimis. Kiekviena raid\u0117 rei\u0161kia skirting\u0105 priebalsi\u0173 ir balsi\u0173 derin\u012f. Scenarij\u0173 sudaro 49 simboliai, \u012fskaitant 34 priebalsius ir 13 balsi\u0173. Kannados ra\u0161tas, pasi\u017eymintis vizualiai i\u0161rai\u0161kinga i\u0161vaizda, yra nuostabus ir unikalus b\u016bdas perteikti kalbos garsus ir reik\u0161mes.<\/p>\n\n\n\n<h3 class=\"wp-block-heading\" id=\"h-nouns-pronouns-and-cases-more-than-meets-the-eye\">Daiktavard\u017eiai, \u012fvard\u017eiai ir atvejai \u2013 daugiau, nei atrodo i\u0161 pirmo \u017evilgsnio<\/h3>\n\n\n\n<p>Kanad\u0173 daiktavard\u017eiai yra unikal\u016bs d\u0117l savo deklaravimo sistemos \u2013 jie vadovaujasi atvej\u0173 sistema, pana\u0161iai kaip ir kitos dravid\u0173 kalbos. Kanadoje yra a\u0161tuoni atvejai, kurie padeda apibr\u0117\u017eti daiktavard\u017eio ir kit\u0173 sakinio \u017eod\u017ei\u0173 santyk\u012f: nominacinis, akustinis, instrumentinis, dative, ablative, genitive, locative ir vocative. Daiktavard\u017eiai kanad\u0173 kalboje taip pat klasifikuojami pagal lyt\u012f (vyri\u0161kas, moteri\u0161kas ir neuterinis) ir skai\u010di\u0173 (vienaskaita, daugiskaita ir dvilypumas \u2013 retas bruo\u017eas tarp ind\u0173 kalb\u0173).<\/p>\n\n\n\n<p>\u012evard\u017eiai Kanadoje taip pat \u017eavi. Jie turi skirtumus kiekvienam asmeniui (pirmas, antras ir tre\u010dias), skai\u010dius (vienaskaita, daugiskaita ir dvigubas) ir lytis (vyri\u0161kas, moteri\u0161kas ir neuter). Be to, kanadie\u010di\u0173 kalboje yra keletas garb\u0117s kreipimosi form\u0173, kurios rodo \u0161ios kalbos kult\u016brinius pagarbos ir mandagumo aspektus.<\/p>\n\n\n\n<h3 class=\"wp-block-heading\" id=\"h-venturing-into-verbs-tenses-aspects-and-moods\">\u012esigilinimas \u012f veiksma\u017eod\u017eius: laikai, aspektai ir nuotaikos<\/h3>\n\n\n\n<p>Kanad\u0173 veiksma\u017eod\u017eiai pasi\u017eymi turtinga konjugacijos sistema. Veiksma\u017eod\u017eiai konjuguojami pagal \u012ftamp\u0105 (praeitis, dabartis ir ateitis), aspekt\u0105 (tobulas ar netobulas) ir nuotaik\u0105 (orientacinis, imperatyvus ir s\u0105lyginis). Dar daugiau sud\u0117tingumo prideda prie\u017eastiniai veiksma\u017eod\u017eiai ir pasyv\u016bs bei aktyv\u016bs balsai. Konjugacija priklauso nuo asmens, skai\u010diaus ir lyties, tod\u0117l kanadie\u010di\u0173 veiksma\u017eod\u017ei\u0173 formos yra labai infleksuotos ir sud\u0117tingos.<\/p>\n\n\n\n<h3 class=\"wp-block-heading\" id=\"h-adjectives-adverbs-and-more\">B\u016bdvard\u017eiai, prieveiksmiai ir kt.<\/h3>\n\n\n\n<p>Kanad\u0173 b\u016bdvard\u017eiai ir skaitvard\u017eiai sutinka su daiktavard\u017eiais, kuriuos jie kei\u010dia pagal lyt\u012f, skai\u010di\u0173 ir atvej\u012f. B\u016bdvard\u017eiai gali b\u016bti pasirenkami taip pat, kaip ir daiktavard\u017eiai, ir netgi gali b\u016bti sujungti, kad sudaryt\u0173 prieveiksmius. Kalba taip pat naudoja \u012fvairius jungtukus, daleles ir prielinksnius, kad sujungt\u0173 sakinius ir j\u0173 komponentus \u012f darni\u0105 ir i\u0161rai\u0161king\u0105 visum\u0105.<\/p>\n\n\n\n<h3 class=\"wp-block-heading\" id=\"h-embracing-the-beauty-of-kannada-grammar\">Kanad\u0173 gramatikos gro\u017eio suvokimas<\/h3>\n\n\n\n<p>Kanad\u0173 gramatikos pasaulis yra toks pat \u017eavus, kaip ir sud\u0117tingas. Sud\u0117tinga atvej\u0173 sistema, unikalus scenarijus ir labai pasirinktos veiksma\u017eod\u017ei\u0173 formos suteikia Kannada \u017eavesio ir turtingumo. \u012esigilin\u0119 \u012f \u0161ios i\u0161skirtin\u0117s kalbos sferas, j\u016bs giliau suprantate Indijos kalbin\u0119 ir kult\u016brin\u0119 \u012fvairov\u0119.<\/p>\n\n\n\n<p>Taigi, kod\u0117l gi nei\u0161tyrus Kannados gro\u017eio toliau? Su aistra ir smalsumu netrukus galite m\u0117gautis nuostabia literat\u016bra, kinu ir muzika \u0161ia didinga kalba. Smagaus mokymosi!<\/p>\n<\/div><\/div>\n\r\n<section class=\"learnNavigationSection\">\r\n            \r\n        <a href=\"https:\/\/talkpal.ai\/lt\/suzinokite-kanadieciu-kalba\/\">\r\n            <div class=\"learnNavigationWrapper\">\r\n                <div class=\"learnNavigationContent\">\r\n                    <img decoding=\"async\" src=\"https:\/\/talkpal.ai\/wp-content\/uploads\/2024\/08\/Kannada.jpg\" alt=\"Indian Simplified Flag\">\r\n                    <div>\r\n                        <h4>Apie kanadie\u010di\u0173 kalbos mokym\u0105si<\/h4>\r\n                        <p>Su\u017einokite visk\u0105 apie kanadie\u010di\u0173 gramatik\u0105.<\/p>\r\n                    <\/div>\r\n                <\/div>\r\n            <\/div>\r\n        <\/a>\r\n\r\n        \r\n        <a href=\"https:\/\/talkpal.ai\/lt\/kanadu-gramatikos-pratimai\/\">\r\n            <div class=\"learnNavigationWrapper\">\r\n                <div class=\"learnNavigationContent\">\r\n                    <img decoding=\"async\" src=\"https:\/\/talkpal.ai\/wp-content\/uploads\/2024\/08\/Kannada.jpg\" alt=\"Indian Simplified Flag\">\r\n                    <div>\r\n                        <h4>Kanados gramatikos pratybos<\/h4>\r\n                        <p>Praktikuokite kanadie\u010di\u0173 gramatik\u0105.<\/p>\r\n                    <\/div>\r\n                <\/div>\r\n            <\/div>\r\n        <\/a>\r\n\r\n        \r\n        <a href=\"https:\/\/talkpal.ai\/vocabulary_language\/kannada\/\">\r\n            <div class=\"learnNavigationWrapper\">\r\n                <div class=\"learnNavigationContent\">\r\n                    <img decoding=\"async\" src=\"https:\/\/talkpal.ai\/wp-content\/uploads\/2024\/08\/Kannada.jpg\" alt=\"Indian Simplified Flag\">\r\n                    <div>\r\n                        <h4>Kanados \u017eodynas<\/h4>\r\n                        <p>Prapl\u0117skite savo kanadie\u010di\u0173 kalbos \u017eodyn\u0105.<\/p>\r\n                    <\/div>\r\n                <\/div>\r\n            <\/div>\r\n        <\/a>\r\n\r\n            <\/section>","protected":false},"excerpt":{"rendered":"<p>Kanad\u0173 gramatika: \u012f\u017evalga apie dravid\u0173 kalbos turtingum\u0105 Ar kada susim\u0105st\u0117te apie Indijos kalb\u0173 \u012fvairov\u0119? Kaip kalbos entuziastui ar smalsiam besimokan\u010diajam, jums gali b\u016bti \u012fdomu atid\u017eiau pa\u017evelgti \u012f vien\u0105 i\u0161 klasikini\u0173 Indijos kalb\u0173 &#8211; kanad\u0173. Kanad\u0173 kalba yra dravid\u0173 kalba, kuria daugiausia kalbama pietin\u0117je Karnatakos valstijoje. Tai yra ma\u017edaug 44 milijon\u0173 \u017emoni\u0173 gimtoji kalba, tod\u0117l ji [&hellip;]<\/p>\n","protected":false},"author":1,"featured_media":113668,"parent":0,"menu_order":0,"comment_status":"closed","ping_status":"closed","template":"LearningContentPage.php","meta":{"_acf_changed":false,"footnotes":""},"class_list":["post-145645","page","type-page","status-publish","has-post-thumbnail","hentry"],"acf":[],"yoast_head":"<!-- This site is optimized with the Yoast SEO Premium plugin v27.2 (Yoast SEO v27.2) - https:\/\/yoast.com\/product\/yoast-seo-premium-wordpress\/ -->\n<title>Kanad\u0173 gramatika - Talkpal<\/title>\n<meta name=\"description\" content=\"Su\u017einokite kanadie\u010di\u0173 kalbos gramatikos - supraskite pagrindines taisykles, patobulinkite sakinio konstrukcij\u0105 ir padidinkite sklandum\u0105\" \/>\n<meta name=\"robots\" content=\"index, follow, max-snippet:-1, max-image-preview:large, max-video-preview:-1\" \/>\n<link rel=\"canonical\" href=\"https:\/\/talkpal.ai\/lt\/kanadu-gramatika\/\" \/>\n<meta property=\"og:locale\" content=\"lt_LT\" \/>\n<meta property=\"og:type\" content=\"article\" \/>\n<meta property=\"og:title\" content=\"Kanad\u0173 gramatika\" \/>\n<meta property=\"og:description\" content=\"Kanad\u0173 gramatika: \u012f\u017evalga apie dravid\u0173 kalbos turtingum\u0105 Ar kada susim\u0105st\u0117te apie Indijos kalb\u0173 \u012fvairov\u0119? Kaip kalbos entuziastui ar smalsiam\" \/>\n<meta property=\"og:url\" content=\"https:\/\/talkpal.ai\/lt\/kanadu-gramatika\/\" \/>\n<meta property=\"og:site_name\" content=\"Talkpal\" \/>\n<meta property=\"article:publisher\" content=\"https:\/\/www.facebook.com\/profile.php?id=100090733639311\" \/>\n<meta property=\"article:modified_time\" content=\"2025-12-11T16:22:37+00:00\" \/>\n<meta property=\"og:image\" content=\"https:\/\/talkpal.ai\/wp-content\/uploads\/2023\/05\/Kannada-india.png\" \/>\n\t<meta property=\"og:image:width\" content=\"512\" \/>\n\t<meta property=\"og:image:height\" content=\"512\" \/>\n\t<meta property=\"og:image:type\" content=\"image\/png\" \/>\n<meta name=\"twitter:card\" content=\"summary_large_image\" \/>\n<meta name=\"twitter:site\" content=\"@talkpalai\" \/>\n<meta name=\"twitter:label1\" content=\"Est. reading time\" \/>\n\t<meta name=\"twitter:data1\" content=\"3 minut\u0117s\" \/>\n<script type=\"application\/ld+json\" class=\"yoast-schema-graph\">{\"@context\":\"https:\/\/schema.org\",\"@graph\":[{\"@type\":\"WebPage\",\"@id\":\"https:\/\/talkpal.ai\/lt\/kanadu-gramatika\/\",\"url\":\"https:\/\/talkpal.ai\/lt\/kanadu-gramatika\/\",\"name\":\"Kanad\u0173 gramatika - Talkpal\",\"isPartOf\":{\"@id\":\"https:\/\/talkpal.ai\/lt\/#website\"},\"primaryImageOfPage\":{\"@id\":\"https:\/\/talkpal.ai\/lt\/kanadu-gramatika\/#primaryimage\"},\"image\":{\"@id\":\"https:\/\/talkpal.ai\/lt\/kanadu-gramatika\/#primaryimage\"},\"thumbnailUrl\":\"https:\/\/talkpal.ai\/wp-content\/uploads\/2023\/05\/Kannada-india.png\",\"datePublished\":\"2023-05-14T14:09:47+00:00\",\"dateModified\":\"2025-12-11T16:22:37+00:00\",\"description\":\"Su\u017einokite kanadie\u010di\u0173 kalbos gramatikos - supraskite pagrindines taisykles, patobulinkite sakinio konstrukcij\u0105 ir padidinkite sklandum\u0105\",\"breadcrumb\":{\"@id\":\"https:\/\/talkpal.ai\/lt\/kanadu-gramatika\/#breadcrumb\"},\"inLanguage\":\"lt-LT\",\"potentialAction\":[{\"@type\":\"ReadAction\",\"target\":[\"https:\/\/talkpal.ai\/lt\/kanadu-gramatika\/\"]}]},{\"@type\":\"ImageObject\",\"inLanguage\":\"lt-LT\",\"@id\":\"https:\/\/talkpal.ai\/lt\/kanadu-gramatika\/#primaryimage\",\"url\":\"https:\/\/talkpal.ai\/wp-content\/uploads\/2023\/05\/Kannada-india.png\",\"contentUrl\":\"https:\/\/talkpal.ai\/wp-content\/uploads\/2023\/05\/Kannada-india.png\",\"width\":512,\"height\":512},{\"@type\":\"BreadcrumbList\",\"@id\":\"https:\/\/talkpal.ai\/lt\/kanadu-gramatika\/#breadcrumb\",\"itemListElement\":[{\"@type\":\"ListItem\",\"position\":1,\"name\":\"Homepage\",\"item\":\"https:\/\/talkpal.ai\/lt\/\"},{\"@type\":\"ListItem\",\"position\":2,\"name\":\"Kanad\u0173 gramatika\"}]},{\"@type\":\"WebSite\",\"@id\":\"https:\/\/talkpal.ai\/lt\/#website\",\"url\":\"https:\/\/talkpal.ai\/lt\/\",\"name\":\"Talkpal\",\"description\":\"AI Language Learning\",\"publisher\":{\"@id\":\"https:\/\/talkpal.ai\/lt\/#organization\"},\"alternateName\":\"Talkpal AI\",\"potentialAction\":[{\"@type\":\"SearchAction\",\"target\":{\"@type\":\"EntryPoint\",\"urlTemplate\":\"https:\/\/talkpal.ai\/lt\/?s={search_term_string}\"},\"query-input\":{\"@type\":\"PropertyValueSpecification\",\"valueRequired\":true,\"valueName\":\"search_term_string\"}}],\"inLanguage\":\"lt-LT\"},{\"@type\":\"Organization\",\"@id\":\"https:\/\/talkpal.ai\/lt\/#organization\",\"name\":\"Talkpal, Inc.\",\"alternateName\":\"Talkpal AI\",\"url\":\"https:\/\/talkpal.ai\/lt\/\",\"logo\":{\"@type\":\"ImageObject\",\"inLanguage\":\"lt-LT\",\"@id\":\"https:\/\/talkpal.ai\/lt\/#\/schema\/logo\/image\/\",\"url\":\"https:\/\/talkpal.ai\/wp-content\/uploads\/2024\/03\/Talkpal-Logo-Icon.png\",\"contentUrl\":\"https:\/\/talkpal.ai\/wp-content\/uploads\/2024\/03\/Talkpal-Logo-Icon.png\",\"width\":2880,\"height\":2880,\"caption\":\"Talkpal, Inc.\"},\"image\":{\"@id\":\"https:\/\/talkpal.ai\/lt\/#\/schema\/logo\/image\/\"},\"sameAs\":[\"https:\/\/www.facebook.com\/profile.php?id=100090733639311\",\"https:\/\/x.com\/talkpalai\",\"https:\/\/www.linkedin.com\/company\/talkpal\/\",\"https:\/\/www.youtube.com\/@TalkPal\/\",\"https:\/\/www.tiktok.com\/@talkpal\",\"https:\/\/www.instagram.com\/talkpal_ai\/\",\"https:\/\/www.crunchbase.com\/organization\/talkpal-9cde\",\"https:\/\/www.g2.com\/products\/talkpal-for-business\/\",\"https:\/\/www.trustpilot.com\/review\/talkpal.ai\",\"https:\/\/www.capterra.com\/p\/10006800\/TalkPal\/\"],\"description\":\"Talkpal is a language learning web and mobile education app, powered by the latest AI technologies, that provides engaging experiences to its customers in many different languages to help them improve their language skills. Users can chat about unlimited amount of topics with the app and use other modes to practice their language learning.\",\"email\":\"support@talkpal.ai\",\"legalName\":\"Talkpal, Inc.\",\"foundingDate\":\"2023-04-03\",\"duns\":\"118989042\",\"numberOfEmployees\":{\"@type\":\"QuantitativeValue\",\"minValue\":\"11\",\"maxValue\":\"50\"},\"publishingPrinciples\":\"https:\/\/talkpal.ai\/publishing-principles\/\",\"actionableFeedbackPolicy\":\"https:\/\/talkpal.ai\/actionable-feedback-policy\/\",\"correctionsPolicy\":\"https:\/\/talkpal.ai\/corrections-policy\/\",\"ethicsPolicy\":\"https:\/\/talkpal.ai\/ethics-policy\/\",\"diversityPolicy\":\"https:\/\/talkpal.ai\/diversity-policy\/\",\"diversityStaffingReport\":\"https:\/\/talkpal.ai\/diversity-policy\/\"}]}<\/script>\n<!-- \/ Yoast SEO Premium plugin. -->","yoast_head_json":{"title":"Kanad\u0173 gramatika - Talkpal","description":"Su\u017einokite kanadie\u010di\u0173 kalbos gramatikos - supraskite pagrindines taisykles, patobulinkite sakinio konstrukcij\u0105 ir padidinkite sklandum\u0105","robots":{"index":"index","follow":"follow","max-snippet":"max-snippet:-1","max-image-preview":"max-image-preview:large","max-video-preview":"max-video-preview:-1"},"canonical":"https:\/\/talkpal.ai\/lt\/kanadu-gramatika\/","og_locale":"lt_LT","og_type":"article","og_title":"Kanad\u0173 gramatika","og_description":"Kanad\u0173 gramatika: \u012f\u017evalga apie dravid\u0173 kalbos turtingum\u0105 Ar kada susim\u0105st\u0117te apie Indijos kalb\u0173 \u012fvairov\u0119? Kaip kalbos entuziastui ar smalsiam","og_url":"https:\/\/talkpal.ai\/lt\/kanadu-gramatika\/","og_site_name":"Talkpal","article_publisher":"https:\/\/www.facebook.com\/profile.php?id=100090733639311","article_modified_time":"2025-12-11T16:22:37+00:00","og_image":[{"width":512,"height":512,"url":"https:\/\/talkpal.ai\/wp-content\/uploads\/2023\/05\/Kannada-india.png","type":"image\/png"}],"twitter_card":"summary_large_image","twitter_site":"@talkpalai","twitter_misc":{"Est. reading time":"3 minut\u0117s"},"schema":{"@context":"https:\/\/schema.org","@graph":[{"@type":"WebPage","@id":"https:\/\/talkpal.ai\/lt\/kanadu-gramatika\/","url":"https:\/\/talkpal.ai\/lt\/kanadu-gramatika\/","name":"Kanad\u0173 gramatika - Talkpal","isPartOf":{"@id":"https:\/\/talkpal.ai\/lt\/#website"},"primaryImageOfPage":{"@id":"https:\/\/talkpal.ai\/lt\/kanadu-gramatika\/#primaryimage"},"image":{"@id":"https:\/\/talkpal.ai\/lt\/kanadu-gramatika\/#primaryimage"},"thumbnailUrl":"https:\/\/talkpal.ai\/wp-content\/uploads\/2023\/05\/Kannada-india.png","datePublished":"2023-05-14T14:09:47+00:00","dateModified":"2025-12-11T16:22:37+00:00","description":"Su\u017einokite kanadie\u010di\u0173 kalbos gramatikos - supraskite pagrindines taisykles, patobulinkite sakinio konstrukcij\u0105 ir padidinkite sklandum\u0105","breadcrumb":{"@id":"https:\/\/talkpal.ai\/lt\/kanadu-gramatika\/#breadcrumb"},"inLanguage":"lt-LT","potentialAction":[{"@type":"ReadAction","target":["https:\/\/talkpal.ai\/lt\/kanadu-gramatika\/"]}]},{"@type":"ImageObject","inLanguage":"lt-LT","@id":"https:\/\/talkpal.ai\/lt\/kanadu-gramatika\/#primaryimage","url":"https:\/\/talkpal.ai\/wp-content\/uploads\/2023\/05\/Kannada-india.png","contentUrl":"https:\/\/talkpal.ai\/wp-content\/uploads\/2023\/05\/Kannada-india.png","width":512,"height":512},{"@type":"BreadcrumbList","@id":"https:\/\/talkpal.ai\/lt\/kanadu-gramatika\/#breadcrumb","itemListElement":[{"@type":"ListItem","position":1,"name":"Homepage","item":"https:\/\/talkpal.ai\/lt\/"},{"@type":"ListItem","position":2,"name":"Kanad\u0173 gramatika"}]},{"@type":"WebSite","@id":"https:\/\/talkpal.ai\/lt\/#website","url":"https:\/\/talkpal.ai\/lt\/","name":"Talkpal","description":"AI Language Learning","publisher":{"@id":"https:\/\/talkpal.ai\/lt\/#organization"},"alternateName":"Talkpal AI","potentialAction":[{"@type":"SearchAction","target":{"@type":"EntryPoint","urlTemplate":"https:\/\/talkpal.ai\/lt\/?s={search_term_string}"},"query-input":{"@type":"PropertyValueSpecification","valueRequired":true,"valueName":"search_term_string"}}],"inLanguage":"lt-LT"},{"@type":"Organization","@id":"https:\/\/talkpal.ai\/lt\/#organization","name":"Talkpal, Inc.","alternateName":"Talkpal AI","url":"https:\/\/talkpal.ai\/lt\/","logo":{"@type":"ImageObject","inLanguage":"lt-LT","@id":"https:\/\/talkpal.ai\/lt\/#\/schema\/logo\/image\/","url":"https:\/\/talkpal.ai\/wp-content\/uploads\/2024\/03\/Talkpal-Logo-Icon.png","contentUrl":"https:\/\/talkpal.ai\/wp-content\/uploads\/2024\/03\/Talkpal-Logo-Icon.png","width":2880,"height":2880,"caption":"Talkpal, Inc."},"image":{"@id":"https:\/\/talkpal.ai\/lt\/#\/schema\/logo\/image\/"},"sameAs":["https:\/\/www.facebook.com\/profile.php?id=100090733639311","https:\/\/x.com\/talkpalai","https:\/\/www.linkedin.com\/company\/talkpal\/","https:\/\/www.youtube.com\/@TalkPal\/","https:\/\/www.tiktok.com\/@talkpal","https:\/\/www.instagram.com\/talkpal_ai\/","https:\/\/www.crunchbase.com\/organization\/talkpal-9cde","https:\/\/www.g2.com\/products\/talkpal-for-business\/","https:\/\/www.trustpilot.com\/review\/talkpal.ai","https:\/\/www.capterra.com\/p\/10006800\/TalkPal\/"],"description":"Talkpal is a language learning web and mobile education app, powered by the latest AI technologies, that provides engaging experiences to its customers in many different languages to help them improve their language skills. Users can chat about unlimited amount of topics with the app and use other modes to practice their language learning.","email":"support@talkpal.ai","legalName":"Talkpal, Inc.","foundingDate":"2023-04-03","duns":"118989042","numberOfEmployees":{"@type":"QuantitativeValue","minValue":"11","maxValue":"50"},"publishingPrinciples":"https:\/\/talkpal.ai\/publishing-principles\/","actionableFeedbackPolicy":"https:\/\/talkpal.ai\/actionable-feedback-policy\/","correctionsPolicy":"https:\/\/talkpal.ai\/corrections-policy\/","ethicsPolicy":"https:\/\/talkpal.ai\/ethics-policy\/","diversityPolicy":"https:\/\/talkpal.ai\/diversity-policy\/","diversityStaffingReport":"https:\/\/talkpal.ai\/diversity-policy\/"}]}},"_links":{"self":[{"href":"https:\/\/talkpal.ai\/lt\/wp-json\/wp\/v2\/pages\/145645","targetHints":{"allow":["GET"]}}],"collection":[{"href":"https:\/\/talkpal.ai\/lt\/wp-json\/wp\/v2\/pages"}],"about":[{"href":"https:\/\/talkpal.ai\/lt\/wp-json\/wp\/v2\/types\/page"}],"author":[{"embeddable":true,"href":"https:\/\/talkpal.ai\/lt\/wp-json\/wp\/v2\/users\/1"}],"replies":[{"embeddable":true,"href":"https:\/\/talkpal.ai\/lt\/wp-json\/wp\/v2\/comments?post=145645"}],"version-history":[{"count":0,"href":"https:\/\/talkpal.ai\/lt\/wp-json\/wp\/v2\/pages\/145645\/revisions"}],"wp:featuredmedia":[{"embeddable":true,"href":"https:\/\/talkpal.ai\/lt\/wp-json\/wp\/v2\/media\/113668"}],"wp:attachment":[{"href":"https:\/\/talkpal.ai\/lt\/wp-json\/wp\/v2\/media?parent=145645"}],"curies":[{"name":"wp","href":"https:\/\/api.w.org\/{rel}","templated":true}]}}