{"id":145224,"date":"2023-05-14T14:09:29","date_gmt":"2023-05-14T14:09:29","guid":{"rendered":"http:\/\/talkpal.ai\/indonezieciu-kalbos-gramatika\/"},"modified":"2025-12-13T15:42:34","modified_gmt":"2025-12-13T15:42:34","slug":"indonezieciu-kalbos-gramatika","status":"publish","type":"page","link":"https:\/\/talkpal.ai\/lt\/indonezieciu-kalbos-gramatika\/","title":{"rendered":"Indonezie\u010di\u0173 kalbos gramatika"},"content":{"rendered":"\r\n\r\n\r\n<section class=\"languageChallengeSection\">\r\n    <div class=\"languageInfoWrapper\">\r\n        \r\n        <h1>Indonezie\u010di\u0173 kalbos gramatika<\/h1>\r\n        <p>Norite i\u0161mokti <a href=\"https:\/\/talkpal.ai\/lt\/ismok-indonezieciu-kalba\/\">indonezie\u010di\u0173 kalb\u0105<\/a>? D\u0117l paprastos gramatikos &#8211; be veiksma\u017eod\u017ei\u0173 jungini\u0173, daiktavard\u017ei\u0173 ly\u010di\u0173 ir paprastos sakinio strukt\u016bros &#8211; indonezie\u010di\u0173 kalba yra viena patogiausi\u0173 mokytis. Prad\u0117kite kelion\u0119 \u0161iandien ir su\u017einokite, kaip indonezie\u010di\u0173 <a href=\"https:\/\/talkpal.ai\/what-language-is-spoken-on-the-international-space-station\/\">kalbos<\/a> gramatikos supratimas gali greitai atverti bendravimo ir gyvybingos kult\u016brin\u0117s patirties pasaul\u012f!<\/p>\r\n\r\n                            <a class=\"getStartedHidden\" href=\"https:\/\/app.talkpal.ai\/lt\/signup?lng=\">Prad\u0117k<\/a>\r\n        \r\n    <\/div>\r\n\r\n    <figure>\r\n    <img decoding=\"async\" width=\"768\" height=\"768\" src=\"https:\/\/talkpal.ai\/wp-content\/uploads\/2023\/06\/indonesia-768x768.png\" class=\"languageImage no-lazy\" alt=\"Language learning for personal achievement\" fetchpriority=\"high\" sizes=\"(max-width: 768px) 150px, 768px\" srcset=\"https:\/\/talkpal.ai\/wp-content\/uploads\/2023\/06\/indonesia-768x768.png 768w, https:\/\/talkpal.ai\/wp-content\/uploads\/2023\/06\/indonesia-300x300.png 300w\" \/>\r\n    \r\n\r\n    <\/figure>\r\n\r\n            <a class=\"getStartedVisible\" href=\"https:\/\/app.talkpal.ai\/lt\/signup?lng=\">Prad\u0117k<\/a>\r\n    \r\n<\/section>\r\n<section class=\"promotionalBanner\">\r\n    <p class=\"promotionalText\"><\/p>\r\n    <a class=\"promotionalLink\" href=\"https:\/\/app.talkpal.ai\/lt\/signup?lng=\"><\/a>\r\n<\/section>\n<div class=\"wp-block-group pageContainerStyle\"><div class=\"wp-block-group__inner-container is-layout-constrained wp-block-group-is-layout-constrained\">\n<h2 class=\"wp-block-heading\" id=\"h-the-wonders-of-indonesian-grammar-a-guide-for-language-learners\">Indonezijos gramatikos stebuklai: vadovas besimokantiems kalb\u0173<\/h2>\n\n\n\n<p><a href=\"https:\/\/talkpal.ai\/indonesian-grammar\/\">Indonezie\u010di\u0173 kalbos gramatika<\/a> &#8211; paprasta, bet eleganti\u0161ka, maloni, bet \u012fdomi, prieinama, bet \u012ftraukianti. Leisdamiesi \u012f kelion\u0119 <a href=\"https:\/\/talkpal.ai\/learn-indonesian\/\">mokytis indonezie\u010di\u0173 kalbos<\/a>, b\u016bkite tikri, kad jos gramatikos \u012fsisavinimas bus maloni patirtis. \u0160iuo straipsniu siekiame suteikti jums supratim\u0105 apie pagrindinius Indonezijos gramatikos aspektus ir pad\u0117ti jums priimti \u0161ios Pietry\u010di\u0173 Azijos kalbos gro\u017e\u012f.<\/p>\n\n\n\n<p>Pasinerkime \u012f pagrindinius indonezie\u010di\u0173 kalbos gramatikos elementus su paai\u0161kinimais ir pavyzd\u017eiais, kurie puikiai paai\u0161kina taisykles ir s\u0105vokas. Taigi, atsis\u0117skite, atsipalaiduokite ir leiskite mums atskleisti jums \u012fdomias Indonezijos gramatikos paslaptis.<\/p>\n\n\n\n<h3 class=\"wp-block-heading\" id=\"h-1-nouns-no-genders-no-plurals-no-stress\">1. Daiktavard\u017eiai: N\u0117ra ly\u010di\u0173, n\u0117ra daugiskaitos, n\u0117ra streso!<\/h3>\n\n\n\n<p>Vienas i\u0161 gaiviausi\u0173 Indonezijos gramatikos aspekt\u0173 yra jos daiktavard\u017ei\u0173 sistemos paprastumas. Indonezijos daiktavard\u017eiai neturi lyties ar daugiskaitos form\u0173. <a href=\"https:\/\/talkpal.ai\/learn-thai\/\">Tai<\/a> rei\u0161kia, kad &#8222;anjing&#8221; (\u0161uo) sakoma tiek kalbant apie vien\u0105 \u0161uniuk\u0105, tiek apie suaugusi\u0173 \u0161un\u0173 grup\u0119.<\/p>\n\n\n\n<p>Nor\u0117dami nurodyti daugiskaitos form\u0105, galite pakartoti daiktavard\u012f (pvz., &#8222;anak-anak&#8221; &#8211; &#8222;vaikai&#8221;) arba vartoti kiekyb\u0117s termin\u0105, pvz., &#8222;banyak&#8221; (daug) arba &#8222;beberapa&#8221; (keletas). \u0160tai ir viskas! Argi <a href=\"https:\/\/talkpal.ai\/learn-thai\/\">tai<\/a> ne gaivaus oro gurk\u0161nis, palyginti su kitomis kalbomis?<\/p>\n\n\n\n<h3 class=\"wp-block-heading\" id=\"h-2-pronouns-staying-humble-and-respectful\">2. \u012evard\u017eiai: i\u0161likti nuolankiam ir pagarbiam<\/h3>\n\n\n\n<p>Indonezie\u010di\u0173 kalbos gramatikoje naudojami skirtingi \u012fvard\u017eiai, pagr\u012fsti skirtingais formalumo lygiais. Tinkamo \u012fvard\u017eio naudojimas kreipiantis \u012f k\u0105 nors yra b\u016btinas norint parodyti pagarb\u0105 ir nuolankum\u0105. Pavyzd\u017eiui, &#8222;aku&#8221; (a\u0161) yra \u012fprastas ir intymus, &#8222;saya&#8221; &#8211; mandagus ir neutralus, o &#8222;saya&#8221; &#8211; oficialus ir nuolankus. Pana\u0161iai &#8222;kamu&#8221; (j\u016bs) yra neformalus, &#8222;Anda&#8221; &#8211; mandagus, o &#8222;Bapak\/Ibu&#8221; (ponas\/ ponia) &#8211; labai oficialus.<\/p>\n\n\n\n<p>Atminkite, kad naujose ar neai\u0161kiose situacijose visada verta b\u016bti mandagesniems.<\/p>\n\n\n\n<h3 class=\"wp-block-heading\" id=\"h-3-verbs-no-conjugations-but-prefixes-and-suffixes-galore\">3. Veiksma\u017eod\u017eiai: Joki\u0173 konjugacij\u0173, bet prie\u0161d\u0117li\u0173 ir priesag\u0173 galyb\u0117!<\/h3>\n\n\n\n<p>Indonezie\u010di\u0173 veiksma\u017eod\u017eiai i\u0161lieka nepakit\u0119, nepriklausomai nuo \u012ftampos, nuotaikos ar temos, tod\u0117l jie yra daug paprastesni nei veiksma\u017eod\u017eiai daugelyje kit\u0173 kalb\u0173. Ta\u010diau tur\u0117site i\u0161mokti vartoti prie\u0161d\u0117lius ir priesagas veiksma\u017eod\u017eio reik\u0161mei pakeisti.<\/p>\n\n\n\n<p>Da\u017eniausiai pasitaikantys prie\u0161d\u0117liai yra &#8222;me-&#8221; (veikiamieji veiksma\u017eod\u017eiai), &#8222;di-&#8221; (pasyv\u016bs veiksma\u017eod\u017eiai) ir &#8222;ber-&#8221; (statiniai veiksma\u017eod\u017eiai). Da\u017eniausiai vartojamos priesagos -kan (prie\u017eastiniai veiksma\u017eod\u017eiai) ir -i (tranzityviniai veiksma\u017eod\u017eiai). Pavyzd\u017eiui, &#8222;makan&#8221; rei\u0161kia &#8222;valgyti&#8221;, &#8222;memakan&#8221; &#8211; &#8222;vartoti&#8221;, o &#8222;dimakan&#8221; &#8211; &#8222;b\u016bti suvalgytam&#8221;.<\/p>\n\n\n\n<h3 class=\"wp-block-heading\" id=\"h-4-word-order-subject-verb-object-simplicity\">4. \u017dod\u017ei\u0173 tvarka: dalyko-veiksma\u017eod\u017eio-objekto paprastumas!<\/h3>\n\n\n\n<p>Indonezie\u010di\u0173 kalbos gramatika atitinka paprast\u0105 dalyko-veiksma\u017eod\u017eio-objekto (SVO) \u017eod\u017ei\u0173 tvark\u0105, pana\u0161i\u0105 \u012f <a href=\"https:\/\/talkpal.ai\/learn-english-with-ai\/\">angl\u0173<\/a> kalb\u0105. Tai palengvina sakini\u0173 k\u016brim\u0105 ir supratim\u0105 anglakalbiams. Pavyzd\u017eiui, &#8222;Saya memakan pisang&#8221; tiesiogiai ver\u010diama taip: &#8222;A\u0161 (subjektas) valgau (veiksma\u017eodis) banan\u0105 (objektas)&#8221;.<\/p>\n\n\n\n<h3 class=\"wp-block-heading\" id=\"h-5-immerse-yourself-in-indonesian-practice-makes-perfect\">5. Pasinerkite \u012f indonezie\u010di\u0173 kalb\u0105: praktika daro tobul\u0105<\/h3>\n\n\n\n<p>Indonezijos gramatikos gro\u017eis slypi jos paprastume ir prieinamume. Reguliari praktika skaitant, ra\u0161ant, klausant ir kalbant pad\u0117s \u012fvaldyti kalb\u0105 ir jos gramatik\u0105. Priimkite i\u0161\u0161\u016bkius, \u012fveikite sud\u0117tingum\u0105 ir atrakinkite tikr\u0105j\u012f indonezie\u010di\u0173 kalbos \u017eaves\u012f.<\/p>\n\n\n\n<p>Taigi, ar esate pasireng\u0119s pasinerti \u012f Indonezijos gramatikos stebuklus? Kreipkit\u0117s \u012f j\u012f su pasitik\u0117jimu ir smalsumu, o su atsidavimu ir jauduliu netrukus galite tapti i\u0161kalbingu Indonezijos kalb\u0117toju. Selamat belajar! (Laimingos studijos!)<\/p>\n<\/div><\/div>\n\r\n<section class=\"learnNavigationSection\">\r\n            \r\n        <a href=\"https:\/\/talkpal.ai\/lt\/ismok-indonezieciu-kalba\/\">\r\n            <div class=\"learnNavigationWrapper\">\r\n                <div class=\"learnNavigationContent\">\r\n                    <img decoding=\"async\" src=\"https:\/\/talkpal.ai\/wp-content\/uploads\/2024\/08\/Indonesian.jpg\" alt=\"Indonesian Flag\">\r\n                    <div>\r\n                        <h4>Apie indonezie\u010di\u0173 kalbos mokym\u0105si<\/h4>\r\n                        <p>Su\u017einokite visk\u0105 apie indonezie\u010di\u0173 kalbos gramatik\u0105.<\/p>\r\n                    <\/div>\r\n                <\/div>\r\n            <\/div>\r\n        <\/a>\r\n\r\n        \r\n        <a href=\"https:\/\/talkpal.ai\/lt\/indonezijos-gramatikos-pratimai\/\">\r\n            <div class=\"learnNavigationWrapper\">\r\n                <div class=\"learnNavigationContent\">\r\n                    <img decoding=\"async\" src=\"https:\/\/talkpal.ai\/wp-content\/uploads\/2024\/08\/Indonesian.jpg\" alt=\"Indonesian Flag\">\r\n                    <div>\r\n                        <h4>Indonezie\u010di\u0173 kalbos gramatikos pratimai<\/h4>\r\n                        <p>Praktikuokite indonezie\u010di\u0173 kalbos gramatik\u0105.<\/p>\r\n                    <\/div>\r\n                <\/div>\r\n            <\/div>\r\n        <\/a>\r\n\r\n        \r\n        <a href=\"https:\/\/talkpal.ai\/vocabulary_language\/indonesian\/\">\r\n            <div class=\"learnNavigationWrapper\">\r\n                <div class=\"learnNavigationContent\">\r\n                    <img decoding=\"async\" src=\"https:\/\/talkpal.ai\/wp-content\/uploads\/2024\/08\/Indonesian.jpg\" alt=\"Indonesian Flag\">\r\n                    <div>\r\n                        <h4>Indonezie\u010di\u0173 kalbos \u017eodynas<\/h4>\r\n                        <p>Prapl\u0117skite savo indonezie\u010di\u0173 kalbos \u017eodyn\u0105.<\/p>\r\n                    <\/div>\r\n                <\/div>\r\n            <\/div>\r\n        <\/a>\r\n\r\n            <\/section>","protected":false},"excerpt":{"rendered":"<p>Indonezijos gramatikos stebuklai: vadovas besimokantiems kalb\u0173 Indonezie\u010di\u0173 kalbos gramatika &#8211; paprasta, bet eleganti\u0161ka, maloni, bet \u012fdomi, prieinama, bet \u012ftraukianti. Leisdamiesi \u012f kelion\u0119 mokytis indonezie\u010di\u0173 kalbos, b\u016bkite tikri, kad jos gramatikos \u012fsisavinimas bus maloni patirtis. \u0160iuo straipsniu siekiame suteikti jums supratim\u0105 apie pagrindinius Indonezijos gramatikos aspektus ir pad\u0117ti jums priimti \u0161ios Pietry\u010di\u0173 Azijos kalbos gro\u017e\u012f. Pasinerkime [&hellip;]<\/p>\n","protected":false},"author":1,"featured_media":113884,"parent":0,"menu_order":0,"comment_status":"closed","ping_status":"closed","template":"LearningContentPage.php","meta":{"_acf_changed":false,"footnotes":""},"class_list":["post-145224","page","type-page","status-publish","has-post-thumbnail","hentry"],"acf":[],"yoast_head":"<!-- This site is optimized with the Yoast SEO Premium plugin v27.2 (Yoast SEO v27.2) - https:\/\/yoast.com\/product\/yoast-seo-premium-wordpress\/ -->\n<title>Indonezie\u010di\u0173 kalbos gramatika - Talkpal<\/title>\n<meta name=\"description\" content=\"Be vargo i\u0161mokite indonezie\u010di\u0173 kalbos gramatik\u0105 naudodami Talkpal&#039;s AI kalbos mokymosi program\u0117l\u0119. u\u017etikrintai bendraukite naudodami Talkpaldirbtinio intelekto pagalba sukurtomis rekomendacijomis.\" \/>\n<meta name=\"robots\" content=\"index, follow, max-snippet:-1, max-image-preview:large, max-video-preview:-1\" \/>\n<link rel=\"canonical\" href=\"https:\/\/talkpal.ai\/lt\/indonezieciu-kalbos-gramatika\/\" \/>\n<meta property=\"og:locale\" content=\"lt_LT\" \/>\n<meta property=\"og:type\" content=\"article\" \/>\n<meta property=\"og:title\" content=\"Indonezie\u010di\u0173 kalbos gramatika\" \/>\n<meta property=\"og:description\" content=\"Indonezijos gramatikos stebuklai: vadovas besimokantiems kalb\u0173 Indonezie\u010di\u0173 kalbos gramatika - paprasta, bet eleganti\u0161ka, maloni, bet \u012fdomi, prieinama,\" \/>\n<meta property=\"og:url\" content=\"https:\/\/talkpal.ai\/lt\/indonezieciu-kalbos-gramatika\/\" \/>\n<meta property=\"og:site_name\" content=\"Talkpal\" \/>\n<meta property=\"article:publisher\" content=\"https:\/\/www.facebook.com\/profile.php?id=100090733639311\" \/>\n<meta property=\"article:modified_time\" content=\"2025-12-13T15:42:34+00:00\" \/>\n<meta property=\"og:image\" content=\"https:\/\/talkpal.ai\/wp-content\/uploads\/2023\/05\/indonesia.png\" \/>\n\t<meta property=\"og:image:width\" content=\"512\" \/>\n\t<meta property=\"og:image:height\" content=\"512\" \/>\n\t<meta property=\"og:image:type\" content=\"image\/png\" \/>\n<meta name=\"twitter:card\" content=\"summary_large_image\" \/>\n<meta name=\"twitter:site\" content=\"@talkpalai\" \/>\n<meta name=\"twitter:label1\" content=\"Est. reading time\" \/>\n\t<meta name=\"twitter:data1\" content=\"3 minut\u0117s\" \/>\n<script type=\"application\/ld+json\" class=\"yoast-schema-graph\">{\"@context\":\"https:\/\/schema.org\",\"@graph\":[{\"@type\":\"WebPage\",\"@id\":\"https:\/\/talkpal.ai\/lt\/indonezieciu-kalbos-gramatika\/\",\"url\":\"https:\/\/talkpal.ai\/lt\/indonezieciu-kalbos-gramatika\/\",\"name\":\"Indonezie\u010di\u0173 kalbos gramatika - Talkpal\",\"isPartOf\":{\"@id\":\"https:\/\/talkpal.ai\/lt\/#website\"},\"primaryImageOfPage\":{\"@id\":\"https:\/\/talkpal.ai\/lt\/indonezieciu-kalbos-gramatika\/#primaryimage\"},\"image\":{\"@id\":\"https:\/\/talkpal.ai\/lt\/indonezieciu-kalbos-gramatika\/#primaryimage\"},\"thumbnailUrl\":\"https:\/\/talkpal.ai\/wp-content\/uploads\/2023\/05\/indonesia.png\",\"datePublished\":\"2023-05-14T14:09:29+00:00\",\"dateModified\":\"2025-12-13T15:42:34+00:00\",\"description\":\"Be vargo i\u0161mokite indonezie\u010di\u0173 kalbos gramatik\u0105 naudodami Talkpal's AI kalbos mokymosi program\u0117l\u0119. u\u017etikrintai bendraukite naudodami Talkpaldirbtinio intelekto pagalba sukurtomis rekomendacijomis.\",\"breadcrumb\":{\"@id\":\"https:\/\/talkpal.ai\/lt\/indonezieciu-kalbos-gramatika\/#breadcrumb\"},\"inLanguage\":\"lt-LT\",\"potentialAction\":[{\"@type\":\"ReadAction\",\"target\":[\"https:\/\/talkpal.ai\/lt\/indonezieciu-kalbos-gramatika\/\"]}]},{\"@type\":\"ImageObject\",\"inLanguage\":\"lt-LT\",\"@id\":\"https:\/\/talkpal.ai\/lt\/indonezieciu-kalbos-gramatika\/#primaryimage\",\"url\":\"https:\/\/talkpal.ai\/wp-content\/uploads\/2023\/05\/indonesia.png\",\"contentUrl\":\"https:\/\/talkpal.ai\/wp-content\/uploads\/2023\/05\/indonesia.png\",\"width\":512,\"height\":512},{\"@type\":\"BreadcrumbList\",\"@id\":\"https:\/\/talkpal.ai\/lt\/indonezieciu-kalbos-gramatika\/#breadcrumb\",\"itemListElement\":[{\"@type\":\"ListItem\",\"position\":1,\"name\":\"Homepage\",\"item\":\"https:\/\/talkpal.ai\/lt\/\"},{\"@type\":\"ListItem\",\"position\":2,\"name\":\"Indonezie\u010di\u0173 kalbos gramatika\"}]},{\"@type\":\"WebSite\",\"@id\":\"https:\/\/talkpal.ai\/lt\/#website\",\"url\":\"https:\/\/talkpal.ai\/lt\/\",\"name\":\"Talkpal\",\"description\":\"AI Language Learning\",\"publisher\":{\"@id\":\"https:\/\/talkpal.ai\/lt\/#organization\"},\"alternateName\":\"Talkpal AI\",\"potentialAction\":[{\"@type\":\"SearchAction\",\"target\":{\"@type\":\"EntryPoint\",\"urlTemplate\":\"https:\/\/talkpal.ai\/lt\/?s={search_term_string}\"},\"query-input\":{\"@type\":\"PropertyValueSpecification\",\"valueRequired\":true,\"valueName\":\"search_term_string\"}}],\"inLanguage\":\"lt-LT\"},{\"@type\":\"Organization\",\"@id\":\"https:\/\/talkpal.ai\/lt\/#organization\",\"name\":\"Talkpal, Inc.\",\"alternateName\":\"Talkpal AI\",\"url\":\"https:\/\/talkpal.ai\/lt\/\",\"logo\":{\"@type\":\"ImageObject\",\"inLanguage\":\"lt-LT\",\"@id\":\"https:\/\/talkpal.ai\/lt\/#\/schema\/logo\/image\/\",\"url\":\"https:\/\/talkpal.ai\/wp-content\/uploads\/2024\/03\/Talkpal-Logo-Icon.png\",\"contentUrl\":\"https:\/\/talkpal.ai\/wp-content\/uploads\/2024\/03\/Talkpal-Logo-Icon.png\",\"width\":2880,\"height\":2880,\"caption\":\"Talkpal, Inc.\"},\"image\":{\"@id\":\"https:\/\/talkpal.ai\/lt\/#\/schema\/logo\/image\/\"},\"sameAs\":[\"https:\/\/www.facebook.com\/profile.php?id=100090733639311\",\"https:\/\/x.com\/talkpalai\",\"https:\/\/www.linkedin.com\/company\/talkpal\/\",\"https:\/\/www.youtube.com\/@TalkPal\/\",\"https:\/\/www.tiktok.com\/@talkpal\",\"https:\/\/www.instagram.com\/talkpal_ai\/\",\"https:\/\/www.crunchbase.com\/organization\/talkpal-9cde\",\"https:\/\/www.g2.com\/products\/talkpal-for-business\/\",\"https:\/\/www.trustpilot.com\/review\/talkpal.ai\",\"https:\/\/www.capterra.com\/p\/10006800\/TalkPal\/\"],\"description\":\"Talkpal is a language learning web and mobile education app, powered by the latest AI technologies, that provides engaging experiences to its customers in many different languages to help them improve their language skills. Users can chat about unlimited amount of topics with the app and use other modes to practice their language learning.\",\"email\":\"support@talkpal.ai\",\"legalName\":\"Talkpal, Inc.\",\"foundingDate\":\"2023-04-03\",\"duns\":\"118989042\",\"numberOfEmployees\":{\"@type\":\"QuantitativeValue\",\"minValue\":\"11\",\"maxValue\":\"50\"},\"publishingPrinciples\":\"https:\/\/talkpal.ai\/publishing-principles\/\",\"actionableFeedbackPolicy\":\"https:\/\/talkpal.ai\/actionable-feedback-policy\/\",\"correctionsPolicy\":\"https:\/\/talkpal.ai\/corrections-policy\/\",\"ethicsPolicy\":\"https:\/\/talkpal.ai\/ethics-policy\/\",\"diversityPolicy\":\"https:\/\/talkpal.ai\/diversity-policy\/\",\"diversityStaffingReport\":\"https:\/\/talkpal.ai\/diversity-policy\/\"}]}<\/script>\n<!-- \/ Yoast SEO Premium plugin. -->","yoast_head_json":{"title":"Indonezie\u010di\u0173 kalbos gramatika - Talkpal","description":"Be vargo i\u0161mokite indonezie\u010di\u0173 kalbos gramatik\u0105 naudodami Talkpal's AI kalbos mokymosi program\u0117l\u0119. u\u017etikrintai bendraukite naudodami Talkpaldirbtinio intelekto pagalba sukurtomis rekomendacijomis.","robots":{"index":"index","follow":"follow","max-snippet":"max-snippet:-1","max-image-preview":"max-image-preview:large","max-video-preview":"max-video-preview:-1"},"canonical":"https:\/\/talkpal.ai\/lt\/indonezieciu-kalbos-gramatika\/","og_locale":"lt_LT","og_type":"article","og_title":"Indonezie\u010di\u0173 kalbos gramatika","og_description":"Indonezijos gramatikos stebuklai: vadovas besimokantiems kalb\u0173 Indonezie\u010di\u0173 kalbos gramatika - paprasta, bet eleganti\u0161ka, maloni, bet \u012fdomi, prieinama,","og_url":"https:\/\/talkpal.ai\/lt\/indonezieciu-kalbos-gramatika\/","og_site_name":"Talkpal","article_publisher":"https:\/\/www.facebook.com\/profile.php?id=100090733639311","article_modified_time":"2025-12-13T15:42:34+00:00","og_image":[{"width":512,"height":512,"url":"https:\/\/talkpal.ai\/wp-content\/uploads\/2023\/05\/indonesia.png","type":"image\/png"}],"twitter_card":"summary_large_image","twitter_site":"@talkpalai","twitter_misc":{"Est. reading time":"3 minut\u0117s"},"schema":{"@context":"https:\/\/schema.org","@graph":[{"@type":"WebPage","@id":"https:\/\/talkpal.ai\/lt\/indonezieciu-kalbos-gramatika\/","url":"https:\/\/talkpal.ai\/lt\/indonezieciu-kalbos-gramatika\/","name":"Indonezie\u010di\u0173 kalbos gramatika - Talkpal","isPartOf":{"@id":"https:\/\/talkpal.ai\/lt\/#website"},"primaryImageOfPage":{"@id":"https:\/\/talkpal.ai\/lt\/indonezieciu-kalbos-gramatika\/#primaryimage"},"image":{"@id":"https:\/\/talkpal.ai\/lt\/indonezieciu-kalbos-gramatika\/#primaryimage"},"thumbnailUrl":"https:\/\/talkpal.ai\/wp-content\/uploads\/2023\/05\/indonesia.png","datePublished":"2023-05-14T14:09:29+00:00","dateModified":"2025-12-13T15:42:34+00:00","description":"Be vargo i\u0161mokite indonezie\u010di\u0173 kalbos gramatik\u0105 naudodami Talkpal's AI kalbos mokymosi program\u0117l\u0119. u\u017etikrintai bendraukite naudodami Talkpaldirbtinio intelekto pagalba sukurtomis rekomendacijomis.","breadcrumb":{"@id":"https:\/\/talkpal.ai\/lt\/indonezieciu-kalbos-gramatika\/#breadcrumb"},"inLanguage":"lt-LT","potentialAction":[{"@type":"ReadAction","target":["https:\/\/talkpal.ai\/lt\/indonezieciu-kalbos-gramatika\/"]}]},{"@type":"ImageObject","inLanguage":"lt-LT","@id":"https:\/\/talkpal.ai\/lt\/indonezieciu-kalbos-gramatika\/#primaryimage","url":"https:\/\/talkpal.ai\/wp-content\/uploads\/2023\/05\/indonesia.png","contentUrl":"https:\/\/talkpal.ai\/wp-content\/uploads\/2023\/05\/indonesia.png","width":512,"height":512},{"@type":"BreadcrumbList","@id":"https:\/\/talkpal.ai\/lt\/indonezieciu-kalbos-gramatika\/#breadcrumb","itemListElement":[{"@type":"ListItem","position":1,"name":"Homepage","item":"https:\/\/talkpal.ai\/lt\/"},{"@type":"ListItem","position":2,"name":"Indonezie\u010di\u0173 kalbos gramatika"}]},{"@type":"WebSite","@id":"https:\/\/talkpal.ai\/lt\/#website","url":"https:\/\/talkpal.ai\/lt\/","name":"Talkpal","description":"AI Language Learning","publisher":{"@id":"https:\/\/talkpal.ai\/lt\/#organization"},"alternateName":"Talkpal AI","potentialAction":[{"@type":"SearchAction","target":{"@type":"EntryPoint","urlTemplate":"https:\/\/talkpal.ai\/lt\/?s={search_term_string}"},"query-input":{"@type":"PropertyValueSpecification","valueRequired":true,"valueName":"search_term_string"}}],"inLanguage":"lt-LT"},{"@type":"Organization","@id":"https:\/\/talkpal.ai\/lt\/#organization","name":"Talkpal, Inc.","alternateName":"Talkpal AI","url":"https:\/\/talkpal.ai\/lt\/","logo":{"@type":"ImageObject","inLanguage":"lt-LT","@id":"https:\/\/talkpal.ai\/lt\/#\/schema\/logo\/image\/","url":"https:\/\/talkpal.ai\/wp-content\/uploads\/2024\/03\/Talkpal-Logo-Icon.png","contentUrl":"https:\/\/talkpal.ai\/wp-content\/uploads\/2024\/03\/Talkpal-Logo-Icon.png","width":2880,"height":2880,"caption":"Talkpal, Inc."},"image":{"@id":"https:\/\/talkpal.ai\/lt\/#\/schema\/logo\/image\/"},"sameAs":["https:\/\/www.facebook.com\/profile.php?id=100090733639311","https:\/\/x.com\/talkpalai","https:\/\/www.linkedin.com\/company\/talkpal\/","https:\/\/www.youtube.com\/@TalkPal\/","https:\/\/www.tiktok.com\/@talkpal","https:\/\/www.instagram.com\/talkpal_ai\/","https:\/\/www.crunchbase.com\/organization\/talkpal-9cde","https:\/\/www.g2.com\/products\/talkpal-for-business\/","https:\/\/www.trustpilot.com\/review\/talkpal.ai","https:\/\/www.capterra.com\/p\/10006800\/TalkPal\/"],"description":"Talkpal is a language learning web and mobile education app, powered by the latest AI technologies, that provides engaging experiences to its customers in many different languages to help them improve their language skills. Users can chat about unlimited amount of topics with the app and use other modes to practice their language learning.","email":"support@talkpal.ai","legalName":"Talkpal, Inc.","foundingDate":"2023-04-03","duns":"118989042","numberOfEmployees":{"@type":"QuantitativeValue","minValue":"11","maxValue":"50"},"publishingPrinciples":"https:\/\/talkpal.ai\/publishing-principles\/","actionableFeedbackPolicy":"https:\/\/talkpal.ai\/actionable-feedback-policy\/","correctionsPolicy":"https:\/\/talkpal.ai\/corrections-policy\/","ethicsPolicy":"https:\/\/talkpal.ai\/ethics-policy\/","diversityPolicy":"https:\/\/talkpal.ai\/diversity-policy\/","diversityStaffingReport":"https:\/\/talkpal.ai\/diversity-policy\/"}]}},"_links":{"self":[{"href":"https:\/\/talkpal.ai\/lt\/wp-json\/wp\/v2\/pages\/145224","targetHints":{"allow":["GET"]}}],"collection":[{"href":"https:\/\/talkpal.ai\/lt\/wp-json\/wp\/v2\/pages"}],"about":[{"href":"https:\/\/talkpal.ai\/lt\/wp-json\/wp\/v2\/types\/page"}],"author":[{"embeddable":true,"href":"https:\/\/talkpal.ai\/lt\/wp-json\/wp\/v2\/users\/1"}],"replies":[{"embeddable":true,"href":"https:\/\/talkpal.ai\/lt\/wp-json\/wp\/v2\/comments?post=145224"}],"version-history":[{"count":0,"href":"https:\/\/talkpal.ai\/lt\/wp-json\/wp\/v2\/pages\/145224\/revisions"}],"wp:featuredmedia":[{"embeddable":true,"href":"https:\/\/talkpal.ai\/lt\/wp-json\/wp\/v2\/media\/113884"}],"wp:attachment":[{"href":"https:\/\/talkpal.ai\/lt\/wp-json\/wp\/v2\/media?parent=145224"}],"curies":[{"name":"wp","href":"https:\/\/api.w.org\/{rel}","templated":true}]}}