{"id":144915,"date":"2023-05-14T14:09:11","date_gmt":"2023-05-14T14:09:11","guid":{"rendered":"http:\/\/talkpal.ai\/islandu-kalbos-gramatika\/"},"modified":"2025-12-12T10:50:55","modified_gmt":"2025-12-12T10:50:55","slug":"islandu-kalbos-gramatika","status":"publish","type":"page","link":"https:\/\/talkpal.ai\/lt\/islandu-kalbos-gramatika\/","title":{"rendered":"Island\u0173 kalbos gramatika"},"content":{"rendered":"\r\n\r\n\r\n<section class=\"languageChallengeSection\">\r\n    <div class=\"languageInfoWrapper\">\r\n        \r\n        <h1>Island\u0173 kalbos gramatika<\/h1>\r\n        <p>Susipa\u017einkite su \u012fdomia <a href=\"https:\/\/talkpal.ai\/learn-icelandic\/\">island\u0173<\/a> <a href=\"https:\/\/talkpal.ai\/what-language-is-spoken-on-the-international-space-station\/\">kalbos<\/a> strukt\u016bra mokydamiesi pagrindini\u0173 gramatikos taisykli\u0173. I\u0161mok\u0119 island\u0173 kalbos gramatik\u0105 gal\u0117site efektyviai bendrauti ir giliau pa\u017einti unikali\u0105 Islandijos kult\u016br\u0105 ir istorij\u0105. Prad\u0117kite mokytis island\u0173 kalbos gramatikos \u0161iandien ir \u017eenkite pirm\u0105j\u012f \u017eingsn\u012f \u012f skland\u0173 kalb\u0117jim\u0105!<\/p>\r\n\r\n                            <a class=\"getStartedHidden\" href=\"https:\/\/app.talkpal.ai\/lt\/signup?lng=\">Prad\u0117k<\/a>\r\n        \r\n    <\/div>\r\n\r\n    <figure>\r\n    <img decoding=\"async\" width=\"768\" height=\"768\" src=\"https:\/\/talkpal.ai\/wp-content\/uploads\/2023\/06\/Icelandic-768x768.png\" class=\"languageImage no-lazy\" alt=\"Language learning for better job opportunities\" fetchpriority=\"high\" sizes=\"(max-width: 768px) 150px, 768px\" srcset=\"https:\/\/talkpal.ai\/wp-content\/uploads\/2023\/06\/Icelandic-768x768.png 768w, https:\/\/talkpal.ai\/wp-content\/uploads\/2023\/06\/Icelandic-300x300.png 300w\" \/>\r\n    \r\n\r\n    <\/figure>\r\n\r\n            <a class=\"getStartedVisible\" href=\"https:\/\/app.talkpal.ai\/lt\/signup?lng=\">Prad\u0117k<\/a>\r\n    \r\n<\/section>\r\n<section class=\"promotionalBanner\">\r\n    <p class=\"promotionalText\">Efektyviausias b\u016bdas mokytis kalbos<\/p>\r\n    <a class=\"promotionalLink\" href=\"https:\/\/app.talkpal.ai\/lt\/signup?lng=\">I\u0161bandykite Talkpal &#8221; nemokamai<\/a>\r\n<\/section>\n<div class=\"wp-block-group pageContainerStyle\"><div class=\"wp-block-group__inner-container is-layout-constrained wp-block-group-is-layout-constrained\">\n<h2 class=\"wp-block-heading\" id=\"h-the-magic-of-icelandic-grammar-unlocking-the-secrets-of-the-viking-tongue\">Island\u0173 kalbos gramatikos magija: viking\u0173 lie\u017euvio paslap\u010di\u0173 atrakinimas<\/h2>\n\n\n\n<h3 class=\"wp-block-heading\" id=\"h-introduction-icelandic-the-land-of-fire-and-ice\">\u012evadas: Island\u0173 kalba, Ugnies ir ledo \u017eem\u0117<\/h3>\n\n\n\n<p>Island\u0173 kalba, kuria kalba nuostabios Islandijos sal\u0173 tautos \u017emon\u0117s, gars\u0117ja turtinga istorija, \u017eavinga poetine tradicija ir i\u0161skirtiniu geb\u0117jimu prisitaikyti ir vystytis su laiku. Kil\u0119s i\u0161 senosios <a href=\"https:\/\/talkpal.ai\/learn-norwegian\/\">norveg\u0173<\/a> kalbos, island\u0173 kalba turi ypating\u0105 \u017eaves\u012f, kuris \u017eavi kalbos myl\u0117tojus ir trok\u0161tan\u010dius poliglotus. Taigi, prisisekite saugos dir\u017eus, \u017emon\u0117s! Netrukus pasinersime \u012f nuostab\u0173 ir sud\u0117ting\u0105 island\u0173 gramatikos pasaul\u012f, atskleisime jo paslaptis ir atrasime pasl\u0117ptus lobius.<\/p>\n\n\n\n<h3 class=\"wp-block-heading\" id=\"h-1-runic-scripts-to-latin-alphabet-a-story-of-transformation\">1. Run\u0173 ra\u0161menys lotyni\u0161kai ab\u0117c\u0117lei: transformacijos istorija<\/h3>\n\n\n\n<p>Island\u0173 ab\u0117c\u0117l\u0117 savaime yra nuotykis, susidedantis i\u0161 32 simboli\u0173, kilusi\u0173 i\u0161 \u012fvairi\u0173 istorini\u0173 \u0161akn\u0173. Nors ab\u0117c\u0117l\u0117 i\u0161 esm\u0117s pagr\u012fsta lotyni\u0161kais ra\u0161menimis, joje i\u0161lik\u0119 <a href=\"https:\/\/talkpal.ai\/locations\/language-courses-in-kai\/\">kai<\/a> kurie saviti senov\u0117s norveg\u0173 pirmtak\u0173 run\u0173 ra\u0161to \u017eenklai. \u0160i\u0173 \u017eenkl\u0173 \u012fvaldymas yra pirmoji kalbos mokymosi kli\u016btis, ta\u010diau praktikuodamiesi greitai tapsite meistrais!<\/p>\n\n\n\n<h3 class=\"wp-block-heading\" id=\"h-2-noun-mastery-getting-to-the-roots-of-icelandic-grammar\">2. Daiktavard\u017ei\u0173 meistri\u0161kumas: patekimas \u012f island\u0173 kalbos gramatikos \u0161aknis<\/h3>\n\n\n\n<p>Vienas i\u0161 pagrindini\u0173 island\u0173 kalbos gramatikos bruo\u017e\u0173 yra daiktavard\u017ei\u0173 vingis pagal lyt\u012f, skai\u010di\u0173 ir atvej\u012f. Island\u0173 daiktavard\u017eiai gali b\u016bti moteri\u0161ki, vyri\u0161ki arba neuteriniai, ir kiekviena lytis turi savo unikal\u0173 taisykli\u0173 rinkin\u012f. Nors <a href=\"https:\/\/talkpal.ai\/learn-thai\/\">tai<\/a> gali atrodyti kaip kalbinis pasiva\u017ein\u0117jimas kalneliais, norint suvokti kalb\u0105 kaip visum\u0105, b\u016btina suprasti \u0161ias subtilybes. \u012egytos \u017einios atvers daugyb\u0119 galimybi\u0173 i\u0161reik\u0161ti \u012fvairias subtilias ir sud\u0117tingas reik\u0161mes &#8211; tikrasis island\u0173 kalbos gramatikos gro\u017eis!<\/p>\n\n\n\n<h3 class=\"wp-block-heading\" id=\"h-3-the-mighty-verb-icelandic-s-unsung-hero\">3. Galingasis veiksma\u017eodis: island\u0173 kalbos neskelbiamas herojus<\/h3>\n\n\n\n<p>Island\u0173 kalbos veiksma\u017eod\u017eiai, kaip ir daiktavard\u017eiai, yra transformuojami priklausomai nuo laiko, nuotaikos, subjekto asmens ir skai\u010diaus. \u0160i sud\u0117tinga sistema i\u0161 prad\u017ei\u0173 gali b\u016bti bauginanti, bet b\u016bkite su manimi! <a href=\"https:\/\/talkpal.ai\/locations\/language-courses-in-kai\/\">Kai<\/a> i\u0161moksite taisykling\u0173 ir netaisykling\u0173 veiksma\u017eod\u017ei\u0173 d\u0117sningum\u0173, pamatysite, koks eleganti\u0161kas ir universalus gali b\u016bti island\u0173 kalbos veiksma\u017eod\u017ei\u0173 linksniavimas. Islandijos veiksma\u017eod\u017ei\u0173 u\u017ekariavimas atrakins gali\u0105 tiksliai ir k\u016brybi\u0161kai i\u0161reik\u0161ti mintis, jausmus ir veiksmus.<\/p>\n\n\n\n<h3 class=\"wp-block-heading\" id=\"h-4-word-order-icelandic-s-flexible-backbone\">4. \u017dod\u017ei\u0173 tvarka: Lankstus island\u0173 kalbos pagrindas<\/h3>\n\n\n\n<p>Prie\u0161ingai nei kai kuri\u0173 island\u0173 kalbos gramatikos element\u0173 nelankstumas, kalba suteikia lankstumo \u017eod\u017ei\u0173 tvarkai. <a href=\"https:\/\/talkpal.ai\/learn-thai\/\">Tai<\/a> rei\u0161kia, kad subjekt\u0105, veiksma\u017eod\u012f ir objekt\u0105 galite d\u0117lioti \u012fvairiai, jei tik i\u0161laikysite gimin\u0117s, skai\u010diaus, gal\u016bni\u0173 ir kt. suderinamum\u0105 &#8211; i\u0161laisvinsite savyje meninink\u0105! Sakini\u0173 pritaikymas tokiu \u017eaismingu b\u016bdu gali pad\u0117ti sukurti akcent\u0105, niuans\u0105 ir pokalbio ton\u0105, tod\u0117l j\u016bs\u0173 kalba tampa patrauklesn\u0117 ir malonesn\u0117.<\/p>\n\n\n\n<h3 class=\"wp-block-heading\" id=\"h-5-embrace-the-culture-discover-the-pulse-of-the-icelandic-language\">5. Priimkite kult\u016br\u0105: atraskite island\u0173 kalbos puls\u0105<\/h3>\n\n\n\n<p>Island\u0173 kalbos negalima atskirti nuo jos kult\u016brini\u0173 \u0161akn\u0173, nes ji yra glaud\u017eiai susijusi su sagomis, edomis ir unikalia tautos istorija bei pasaul\u0117\u017ei\u016bra. Nor\u0117dami i\u0161 tikr\u0173j\u0173 pasinerti \u012f kalb\u0105, nuo\u0161ird\u017eiai priimkite jos kontekst\u0105. Pasinerkite \u012f jos folklor\u0105, prarykite jos literat\u016bros lobius ir bendraukite su gimt\u0105ja kalba. \u0160is po\u017ei\u016bris yra labai svarbus siekiant kalb\u0173 mok\u0117jimo ir gilesnio ry\u0161io su Islandijos \u017emon\u0117mis ir j\u0173 turtingu kult\u016bros paveldu.<\/p>\n\n\n\n<h3 class=\"wp-block-heading\" id=\"h-conclusion-an-icelandic-grammar-journey-worth-taking\">I\u0161vada: island\u0173 kalbos gramatikos kelion\u0117, kuri\u0105 verta leistis<\/h3>\n\n\n\n<p>Nors island\u0173 kalbos gramatika gali atrodyti kaip did\u017eiulis i\u0161\u0161\u016bkis, apdovanojimai yra gaus\u016bs tiems, kurie \u017eengia \u017eingsn\u012f. Jei b\u016bsite atkakl\u016bs, dom\u0117sit\u0117s kult\u016bra ir tur\u0117site nema\u017eai smalsumo, jus su\u017eav\u0117s island\u0173 kalbos subtilyb\u0117s. Taigi, prisijunkite prie m\u016bs\u0173 \u0161iame nuotykyje ir atskleiskite island\u0173 kalbos gramatikos magij\u0105, po vien\u0105 jaudinant\u012f \u017eingsn\u012f.<\/p>\n<\/div><\/div>\n\r\n<section class=\"learnNavigationSection\">\r\n            \r\n        <a href=\"https:\/\/talkpal.ai\/lt\/ismok-islandu-kalba\/\">\r\n            <div class=\"learnNavigationWrapper\">\r\n                <div class=\"learnNavigationContent\">\r\n                    <img decoding=\"async\" src=\"https:\/\/talkpal.ai\/wp-content\/uploads\/2024\/08\/Icelandic.jpg\" alt=\"Iceland Flag\">\r\n                    <div>\r\n                        <h4>Apie island\u0173 kalbos mokym\u0105si<\/h4>\r\n                        <p>Su\u017einokite visk\u0105 apie island\u0173 kalbos gramatik\u0105.<\/p>\r\n                    <\/div>\r\n                <\/div>\r\n            <\/div>\r\n        <\/a>\r\n\r\n        \r\n        <a href=\"https:\/\/talkpal.ai\/lt\/islandu-kalbos-gramatikos-pratimai\/\">\r\n            <div class=\"learnNavigationWrapper\">\r\n                <div class=\"learnNavigationContent\">\r\n                    <img decoding=\"async\" src=\"https:\/\/talkpal.ai\/wp-content\/uploads\/2024\/08\/Icelandic.jpg\" alt=\"Iceland Flag\">\r\n                    <div>\r\n                        <h4>Island\u0173 kalbos gramatikos pratybos<\/h4>\r\n                        <p>Praktikuokite island\u0173 kalbos gramatik\u0105.<\/p>\r\n                    <\/div>\r\n                <\/div>\r\n            <\/div>\r\n        <\/a>\r\n\r\n        \r\n        <a href=\"https:\/\/talkpal.ai\/vocabulary_language\/icelandic\/\">\r\n            <div class=\"learnNavigationWrapper\">\r\n                <div class=\"learnNavigationContent\">\r\n                    <img decoding=\"async\" src=\"https:\/\/talkpal.ai\/wp-content\/uploads\/2024\/08\/Icelandic.jpg\" alt=\"Iceland Flag\">\r\n                    <div>\r\n                        <h4>Island\u0173 kalbos \u017eodynas<\/h4>\r\n                        <p>Prapl\u0117skite savo island\u0173 kalbos \u017eodyn\u0105.<\/p>\r\n                    <\/div>\r\n                <\/div>\r\n            <\/div>\r\n        <\/a>\r\n\r\n            <\/section>","protected":false},"excerpt":{"rendered":"<p>Island\u0173 kalbos gramatikos magija: viking\u0173 lie\u017euvio paslap\u010di\u0173 atrakinimas \u012evadas: Island\u0173 kalba, Ugnies ir ledo \u017eem\u0117 Island\u0173 kalba, kuria kalba nuostabios Islandijos sal\u0173 tautos \u017emon\u0117s, gars\u0117ja turtinga istorija, \u017eavinga poetine tradicija ir i\u0161skirtiniu geb\u0117jimu prisitaikyti ir vystytis su laiku. Kil\u0119s i\u0161 senosios norveg\u0173 kalbos, island\u0173 kalba turi ypating\u0105 \u017eaves\u012f, kuris \u017eavi kalbos myl\u0117tojus ir trok\u0161tan\u010dius poliglotus. [&hellip;]<\/p>\n","protected":false},"author":1,"featured_media":113362,"parent":0,"menu_order":0,"comment_status":"closed","ping_status":"closed","template":"LearningContentPage.php","meta":{"_acf_changed":false,"footnotes":""},"class_list":["post-144915","page","type-page","status-publish","has-post-thumbnail","hentry"],"acf":[],"yoast_head":"<!-- This site is optimized with the Yoast SEO Premium plugin v27.2 (Yoast SEO v27.2) - https:\/\/yoast.com\/product\/yoast-seo-premium-wordpress\/ -->\n<title>Island\u0173 kalbos gramatika - Talkpal<\/title>\n<meta name=\"description\" content=\"Ai\u0161kiai i\u0161mokite island\u0173 kalbos gramatikos - supraskite pagrindines gramatikos taisykles, formuokite taisyklingus sakinius ir greitai padidinkite pasitik\u0117jim\u0105 savimi naudodami Talkpaldirbtinio intelekto pamokas.\" \/>\n<meta name=\"robots\" content=\"index, follow, max-snippet:-1, max-image-preview:large, max-video-preview:-1\" \/>\n<link rel=\"canonical\" href=\"https:\/\/talkpal.ai\/lt\/islandu-kalbos-gramatika\/\" \/>\n<meta property=\"og:locale\" content=\"lt_LT\" \/>\n<meta property=\"og:type\" content=\"article\" \/>\n<meta property=\"og:title\" content=\"Island\u0173 kalbos gramatika\" \/>\n<meta property=\"og:description\" content=\"Island\u0173 kalbos gramatikos magija: viking\u0173 lie\u017euvio paslap\u010di\u0173 atrakinimas \u012evadas: Island\u0173 kalba, Ugnies ir ledo \u017eem\u0117 Island\u0173 kalba, kuria kalba nuostabios\" \/>\n<meta property=\"og:url\" content=\"https:\/\/talkpal.ai\/lt\/islandu-kalbos-gramatika\/\" \/>\n<meta property=\"og:site_name\" content=\"Talkpal\" \/>\n<meta property=\"article:publisher\" content=\"https:\/\/www.facebook.com\/profile.php?id=100090733639311\" \/>\n<meta property=\"article:modified_time\" content=\"2025-12-12T10:50:55+00:00\" \/>\n<meta property=\"og:image\" content=\"https:\/\/talkpal.ai\/wp-content\/uploads\/2023\/05\/iceland.png\" \/>\n\t<meta property=\"og:image:width\" content=\"512\" \/>\n\t<meta property=\"og:image:height\" content=\"512\" \/>\n\t<meta property=\"og:image:type\" content=\"image\/png\" \/>\n<meta name=\"twitter:card\" content=\"summary_large_image\" \/>\n<meta name=\"twitter:site\" content=\"@talkpalai\" \/>\n<meta name=\"twitter:label1\" content=\"Est. reading time\" \/>\n\t<meta name=\"twitter:data1\" content=\"3 minut\u0117s\" \/>\n<script type=\"application\/ld+json\" class=\"yoast-schema-graph\">{\"@context\":\"https:\/\/schema.org\",\"@graph\":[{\"@type\":\"WebPage\",\"@id\":\"https:\/\/talkpal.ai\/lt\/islandu-kalbos-gramatika\/\",\"url\":\"https:\/\/talkpal.ai\/lt\/islandu-kalbos-gramatika\/\",\"name\":\"Island\u0173 kalbos gramatika - Talkpal\",\"isPartOf\":{\"@id\":\"https:\/\/talkpal.ai\/lt\/#website\"},\"primaryImageOfPage\":{\"@id\":\"https:\/\/talkpal.ai\/lt\/islandu-kalbos-gramatika\/#primaryimage\"},\"image\":{\"@id\":\"https:\/\/talkpal.ai\/lt\/islandu-kalbos-gramatika\/#primaryimage\"},\"thumbnailUrl\":\"https:\/\/talkpal.ai\/wp-content\/uploads\/2023\/05\/iceland.png\",\"datePublished\":\"2023-05-14T14:09:11+00:00\",\"dateModified\":\"2025-12-12T10:50:55+00:00\",\"description\":\"Ai\u0161kiai i\u0161mokite island\u0173 kalbos gramatikos - supraskite pagrindines gramatikos taisykles, formuokite taisyklingus sakinius ir greitai padidinkite pasitik\u0117jim\u0105 savimi naudodami Talkpaldirbtinio intelekto pamokas.\",\"breadcrumb\":{\"@id\":\"https:\/\/talkpal.ai\/lt\/islandu-kalbos-gramatika\/#breadcrumb\"},\"inLanguage\":\"lt-LT\",\"potentialAction\":[{\"@type\":\"ReadAction\",\"target\":[\"https:\/\/talkpal.ai\/lt\/islandu-kalbos-gramatika\/\"]}]},{\"@type\":\"ImageObject\",\"inLanguage\":\"lt-LT\",\"@id\":\"https:\/\/talkpal.ai\/lt\/islandu-kalbos-gramatika\/#primaryimage\",\"url\":\"https:\/\/talkpal.ai\/wp-content\/uploads\/2023\/05\/iceland.png\",\"contentUrl\":\"https:\/\/talkpal.ai\/wp-content\/uploads\/2023\/05\/iceland.png\",\"width\":512,\"height\":512},{\"@type\":\"BreadcrumbList\",\"@id\":\"https:\/\/talkpal.ai\/lt\/islandu-kalbos-gramatika\/#breadcrumb\",\"itemListElement\":[{\"@type\":\"ListItem\",\"position\":1,\"name\":\"Homepage\",\"item\":\"https:\/\/talkpal.ai\/lt\/\"},{\"@type\":\"ListItem\",\"position\":2,\"name\":\"Island\u0173 kalbos gramatika\"}]},{\"@type\":\"WebSite\",\"@id\":\"https:\/\/talkpal.ai\/lt\/#website\",\"url\":\"https:\/\/talkpal.ai\/lt\/\",\"name\":\"Talkpal\",\"description\":\"AI Language Learning\",\"publisher\":{\"@id\":\"https:\/\/talkpal.ai\/lt\/#organization\"},\"alternateName\":\"Talkpal AI\",\"potentialAction\":[{\"@type\":\"SearchAction\",\"target\":{\"@type\":\"EntryPoint\",\"urlTemplate\":\"https:\/\/talkpal.ai\/lt\/?s={search_term_string}\"},\"query-input\":{\"@type\":\"PropertyValueSpecification\",\"valueRequired\":true,\"valueName\":\"search_term_string\"}}],\"inLanguage\":\"lt-LT\"},{\"@type\":\"Organization\",\"@id\":\"https:\/\/talkpal.ai\/lt\/#organization\",\"name\":\"Talkpal, Inc.\",\"alternateName\":\"Talkpal AI\",\"url\":\"https:\/\/talkpal.ai\/lt\/\",\"logo\":{\"@type\":\"ImageObject\",\"inLanguage\":\"lt-LT\",\"@id\":\"https:\/\/talkpal.ai\/lt\/#\/schema\/logo\/image\/\",\"url\":\"https:\/\/talkpal.ai\/wp-content\/uploads\/2024\/03\/Talkpal-Logo-Icon.png\",\"contentUrl\":\"https:\/\/talkpal.ai\/wp-content\/uploads\/2024\/03\/Talkpal-Logo-Icon.png\",\"width\":2880,\"height\":2880,\"caption\":\"Talkpal, Inc.\"},\"image\":{\"@id\":\"https:\/\/talkpal.ai\/lt\/#\/schema\/logo\/image\/\"},\"sameAs\":[\"https:\/\/www.facebook.com\/profile.php?id=100090733639311\",\"https:\/\/x.com\/talkpalai\",\"https:\/\/www.linkedin.com\/company\/talkpal\/\",\"https:\/\/www.youtube.com\/@TalkPal\/\",\"https:\/\/www.tiktok.com\/@talkpal\",\"https:\/\/www.instagram.com\/talkpal_ai\/\",\"https:\/\/www.crunchbase.com\/organization\/talkpal-9cde\",\"https:\/\/www.g2.com\/products\/talkpal-for-business\/\",\"https:\/\/www.trustpilot.com\/review\/talkpal.ai\",\"https:\/\/www.capterra.com\/p\/10006800\/TalkPal\/\"],\"description\":\"Talkpal is a language learning web and mobile education app, powered by the latest AI technologies, that provides engaging experiences to its customers in many different languages to help them improve their language skills. Users can chat about unlimited amount of topics with the app and use other modes to practice their language learning.\",\"email\":\"support@talkpal.ai\",\"legalName\":\"Talkpal, Inc.\",\"foundingDate\":\"2023-04-03\",\"duns\":\"118989042\",\"numberOfEmployees\":{\"@type\":\"QuantitativeValue\",\"minValue\":\"11\",\"maxValue\":\"50\"},\"publishingPrinciples\":\"https:\/\/talkpal.ai\/publishing-principles\/\",\"actionableFeedbackPolicy\":\"https:\/\/talkpal.ai\/actionable-feedback-policy\/\",\"correctionsPolicy\":\"https:\/\/talkpal.ai\/corrections-policy\/\",\"ethicsPolicy\":\"https:\/\/talkpal.ai\/ethics-policy\/\",\"diversityPolicy\":\"https:\/\/talkpal.ai\/diversity-policy\/\",\"diversityStaffingReport\":\"https:\/\/talkpal.ai\/diversity-policy\/\"}]}<\/script>\n<!-- \/ Yoast SEO Premium plugin. -->","yoast_head_json":{"title":"Island\u0173 kalbos gramatika - Talkpal","description":"Ai\u0161kiai i\u0161mokite island\u0173 kalbos gramatikos - supraskite pagrindines gramatikos taisykles, formuokite taisyklingus sakinius ir greitai padidinkite pasitik\u0117jim\u0105 savimi naudodami Talkpaldirbtinio intelekto pamokas.","robots":{"index":"index","follow":"follow","max-snippet":"max-snippet:-1","max-image-preview":"max-image-preview:large","max-video-preview":"max-video-preview:-1"},"canonical":"https:\/\/talkpal.ai\/lt\/islandu-kalbos-gramatika\/","og_locale":"lt_LT","og_type":"article","og_title":"Island\u0173 kalbos gramatika","og_description":"Island\u0173 kalbos gramatikos magija: viking\u0173 lie\u017euvio paslap\u010di\u0173 atrakinimas \u012evadas: Island\u0173 kalba, Ugnies ir ledo \u017eem\u0117 Island\u0173 kalba, kuria kalba nuostabios","og_url":"https:\/\/talkpal.ai\/lt\/islandu-kalbos-gramatika\/","og_site_name":"Talkpal","article_publisher":"https:\/\/www.facebook.com\/profile.php?id=100090733639311","article_modified_time":"2025-12-12T10:50:55+00:00","og_image":[{"width":512,"height":512,"url":"https:\/\/talkpal.ai\/wp-content\/uploads\/2023\/05\/iceland.png","type":"image\/png"}],"twitter_card":"summary_large_image","twitter_site":"@talkpalai","twitter_misc":{"Est. reading time":"3 minut\u0117s"},"schema":{"@context":"https:\/\/schema.org","@graph":[{"@type":"WebPage","@id":"https:\/\/talkpal.ai\/lt\/islandu-kalbos-gramatika\/","url":"https:\/\/talkpal.ai\/lt\/islandu-kalbos-gramatika\/","name":"Island\u0173 kalbos gramatika - Talkpal","isPartOf":{"@id":"https:\/\/talkpal.ai\/lt\/#website"},"primaryImageOfPage":{"@id":"https:\/\/talkpal.ai\/lt\/islandu-kalbos-gramatika\/#primaryimage"},"image":{"@id":"https:\/\/talkpal.ai\/lt\/islandu-kalbos-gramatika\/#primaryimage"},"thumbnailUrl":"https:\/\/talkpal.ai\/wp-content\/uploads\/2023\/05\/iceland.png","datePublished":"2023-05-14T14:09:11+00:00","dateModified":"2025-12-12T10:50:55+00:00","description":"Ai\u0161kiai i\u0161mokite island\u0173 kalbos gramatikos - supraskite pagrindines gramatikos taisykles, formuokite taisyklingus sakinius ir greitai padidinkite pasitik\u0117jim\u0105 savimi naudodami Talkpaldirbtinio intelekto pamokas.","breadcrumb":{"@id":"https:\/\/talkpal.ai\/lt\/islandu-kalbos-gramatika\/#breadcrumb"},"inLanguage":"lt-LT","potentialAction":[{"@type":"ReadAction","target":["https:\/\/talkpal.ai\/lt\/islandu-kalbos-gramatika\/"]}]},{"@type":"ImageObject","inLanguage":"lt-LT","@id":"https:\/\/talkpal.ai\/lt\/islandu-kalbos-gramatika\/#primaryimage","url":"https:\/\/talkpal.ai\/wp-content\/uploads\/2023\/05\/iceland.png","contentUrl":"https:\/\/talkpal.ai\/wp-content\/uploads\/2023\/05\/iceland.png","width":512,"height":512},{"@type":"BreadcrumbList","@id":"https:\/\/talkpal.ai\/lt\/islandu-kalbos-gramatika\/#breadcrumb","itemListElement":[{"@type":"ListItem","position":1,"name":"Homepage","item":"https:\/\/talkpal.ai\/lt\/"},{"@type":"ListItem","position":2,"name":"Island\u0173 kalbos gramatika"}]},{"@type":"WebSite","@id":"https:\/\/talkpal.ai\/lt\/#website","url":"https:\/\/talkpal.ai\/lt\/","name":"Talkpal","description":"AI Language Learning","publisher":{"@id":"https:\/\/talkpal.ai\/lt\/#organization"},"alternateName":"Talkpal AI","potentialAction":[{"@type":"SearchAction","target":{"@type":"EntryPoint","urlTemplate":"https:\/\/talkpal.ai\/lt\/?s={search_term_string}"},"query-input":{"@type":"PropertyValueSpecification","valueRequired":true,"valueName":"search_term_string"}}],"inLanguage":"lt-LT"},{"@type":"Organization","@id":"https:\/\/talkpal.ai\/lt\/#organization","name":"Talkpal, Inc.","alternateName":"Talkpal AI","url":"https:\/\/talkpal.ai\/lt\/","logo":{"@type":"ImageObject","inLanguage":"lt-LT","@id":"https:\/\/talkpal.ai\/lt\/#\/schema\/logo\/image\/","url":"https:\/\/talkpal.ai\/wp-content\/uploads\/2024\/03\/Talkpal-Logo-Icon.png","contentUrl":"https:\/\/talkpal.ai\/wp-content\/uploads\/2024\/03\/Talkpal-Logo-Icon.png","width":2880,"height":2880,"caption":"Talkpal, Inc."},"image":{"@id":"https:\/\/talkpal.ai\/lt\/#\/schema\/logo\/image\/"},"sameAs":["https:\/\/www.facebook.com\/profile.php?id=100090733639311","https:\/\/x.com\/talkpalai","https:\/\/www.linkedin.com\/company\/talkpal\/","https:\/\/www.youtube.com\/@TalkPal\/","https:\/\/www.tiktok.com\/@talkpal","https:\/\/www.instagram.com\/talkpal_ai\/","https:\/\/www.crunchbase.com\/organization\/talkpal-9cde","https:\/\/www.g2.com\/products\/talkpal-for-business\/","https:\/\/www.trustpilot.com\/review\/talkpal.ai","https:\/\/www.capterra.com\/p\/10006800\/TalkPal\/"],"description":"Talkpal is a language learning web and mobile education app, powered by the latest AI technologies, that provides engaging experiences to its customers in many different languages to help them improve their language skills. Users can chat about unlimited amount of topics with the app and use other modes to practice their language learning.","email":"support@talkpal.ai","legalName":"Talkpal, Inc.","foundingDate":"2023-04-03","duns":"118989042","numberOfEmployees":{"@type":"QuantitativeValue","minValue":"11","maxValue":"50"},"publishingPrinciples":"https:\/\/talkpal.ai\/publishing-principles\/","actionableFeedbackPolicy":"https:\/\/talkpal.ai\/actionable-feedback-policy\/","correctionsPolicy":"https:\/\/talkpal.ai\/corrections-policy\/","ethicsPolicy":"https:\/\/talkpal.ai\/ethics-policy\/","diversityPolicy":"https:\/\/talkpal.ai\/diversity-policy\/","diversityStaffingReport":"https:\/\/talkpal.ai\/diversity-policy\/"}]}},"_links":{"self":[{"href":"https:\/\/talkpal.ai\/lt\/wp-json\/wp\/v2\/pages\/144915","targetHints":{"allow":["GET"]}}],"collection":[{"href":"https:\/\/talkpal.ai\/lt\/wp-json\/wp\/v2\/pages"}],"about":[{"href":"https:\/\/talkpal.ai\/lt\/wp-json\/wp\/v2\/types\/page"}],"author":[{"embeddable":true,"href":"https:\/\/talkpal.ai\/lt\/wp-json\/wp\/v2\/users\/1"}],"replies":[{"embeddable":true,"href":"https:\/\/talkpal.ai\/lt\/wp-json\/wp\/v2\/comments?post=144915"}],"version-history":[{"count":0,"href":"https:\/\/talkpal.ai\/lt\/wp-json\/wp\/v2\/pages\/144915\/revisions"}],"wp:featuredmedia":[{"embeddable":true,"href":"https:\/\/talkpal.ai\/lt\/wp-json\/wp\/v2\/media\/113362"}],"wp:attachment":[{"href":"https:\/\/talkpal.ai\/lt\/wp-json\/wp\/v2\/media?parent=144915"}],"curies":[{"name":"wp","href":"https:\/\/api.w.org\/{rel}","templated":true}]}}