{"id":144581,"date":"2023-05-14T14:08:53","date_gmt":"2023-05-14T14:08:53","guid":{"rendered":"http:\/\/talkpal.ai\/vengru-kalbos-gramatika\/"},"modified":"2025-12-12T10:47:03","modified_gmt":"2025-12-12T10:47:03","slug":"vengru-kalbos-gramatika","status":"publish","type":"page","link":"https:\/\/talkpal.ai\/lt\/vengru-kalbos-gramatika\/","title":{"rendered":"Vengr\u0173 kalbos gramatika"},"content":{"rendered":"\r\n\r\n\r\n<section class=\"languageChallengeSection\">\r\n    <div class=\"languageInfoWrapper\">\r\n        \r\n        <h1>Vengr\u0173 kalbos gramatika<\/h1>\r\n        <p>Ar esate pasireng\u0119 priimti tikrai unikal\u0173 <a href=\"https:\/\/talkpal.ai\/what-language-is-spoken-on-the-international-space-station\/\">kalbos<\/a> i\u0161\u0161\u016bk\u012f? Pasinerkite \u012f <a href=\"https:\/\/talkpal.ai\/learn-hungarian\/\">vengr\u0173<\/a> kalbos gramatik\u0105 ir atraskite jos nepaprastas savybes. Prad\u0117kite mokytis \u0161iandien ir su\u017einokite, kaip vengr\u0173 kalbos gramatikos \u012fvaldymas atveria duris \u012f prasmingus pokalbius ir gil\u0173 turtingo Vengrijos kalbinio paveldo pa\u017einim\u0105!<\/p>\r\n\r\n                            <a class=\"getStartedHidden\" href=\"https:\/\/app.talkpal.ai\/lt\/signup?lng=\">Prad\u0117k<\/a>\r\n        \r\n    <\/div>\r\n\r\n    <figure>\r\n    <img decoding=\"async\" width=\"768\" height=\"768\" src=\"https:\/\/talkpal.ai\/wp-content\/uploads\/2023\/06\/hungarian-768x768.png\" class=\"languageImage no-lazy\" alt=\"Language learning strategies for advanced learners\" fetchpriority=\"high\" sizes=\"(max-width: 768px) 150px, 768px\" srcset=\"https:\/\/talkpal.ai\/wp-content\/uploads\/2023\/06\/hungarian-768x768.png 768w, https:\/\/talkpal.ai\/wp-content\/uploads\/2023\/06\/hungarian-300x300.png 300w\" \/>\r\n    \r\n\r\n    <\/figure>\r\n\r\n            <a class=\"getStartedVisible\" href=\"https:\/\/app.talkpal.ai\/lt\/signup?lng=\">Prad\u0117k<\/a>\r\n    \r\n<\/section>\r\n<section class=\"promotionalBanner\">\r\n    <p class=\"promotionalText\">Efektyviausias b\u016bdas mokytis kalbos<\/p>\r\n    <a class=\"promotionalLink\" href=\"https:\/\/app.talkpal.ai\/lt\/signup?lng=\">I\u0161bandykite Talkpal &#8221; nemokamai<\/a>\r\n<\/section>\n<div class=\"wp-block-group pageContainerStyle\"><div class=\"wp-block-group__inner-container is-layout-constrained wp-block-group-is-layout-constrained\">\n<h2 class=\"wp-block-heading\" id=\"h-title-unlocking-the-secrets-of-hungarian-grammar\">Pavadinimas: Vengr\u0173 kalbos gramatikos paslap\u010di\u0173 atrakinimas<\/h2>\n\n\n\n<p>Vengr\u0173 kalba, finougr\u0173 kalba, i\u0161siskiria savo unikalia gramatikos sistema, tod\u0117l <a href=\"https:\/\/talkpal.ai\/learn-thai\/\">tai<\/a> yra u\u017eburiantis i\u0161\u0161\u016bkis kalbos entuziastams. Vengr\u0173 <a href=\"https:\/\/talkpal.ai\/lt\/kaip-ismokti-kalba-per-talkpal-chat\/\">kalbos mokymasis<\/a> ne tik praple\u010dia j\u016bs\u0173 kalbines \u017einias, bet ir leid\u017eia \u012fsigilinti \u012f \u017eavi\u0105 Vengrijos kult\u016br\u0105 ir istorij\u0105. Nors <a href=\"https:\/\/talkpal.ai\/hungarian-grammar\/\">vengr\u0173 kalbos gramatika<\/a> i\u0161 prad\u017ei\u0173 gali atrodyti bauginanti, suskaid\u017eius j\u0105 \u012f valdomus komponentus, mokymosi procesas <a href=\"https:\/\/talkpal.ai\/locations\/language-courses-in-tampa\/\">tampa<\/a> prieinamesnis. \u0160iame straipsnyje supa\u017eindinsime jus su intriguojan\u010diu vengr\u0173 kalbos gramatikos pasauliu ir pateiksime patarim\u0173, kaip \u012fvaldyti jos sud\u0117tingum\u0105.<\/p>\n\n\n\n<h3 class=\"wp-block-heading\" id=\"h-1-word-order-a-flexible-feature\">1. \u017dod\u017ei\u0173 tvarka: lanksti funkcija<\/h3>\n\n\n\n<p>Skirtingai nuo daugelio kit\u0173 kalb\u0173, vengr\u0173 kalba turi gana lanks\u010di\u0105 \u017eod\u017ei\u0173 tvark\u0105. Nors tipi\u0161kas vengr\u0173 sakinys atitinka dalyko-veiksma\u017eod\u017eio-objekto (SVO) model\u012f, kitos \u017eod\u017ei\u0173 eil\u0117s taip pat yra \u012fprastos ir naudojamos skirtingoms sakinio dalims pabr\u0117\u017eti. Susipa\u017ein\u0119 su \u0161iais variantais, gal\u0117site efektyviau suprasti ir konstruoti vengri\u0161kus sakinius.<\/p>\n\n\n\n<h3 class=\"wp-block-heading\" id=\"h-2-nouns-and-cases-the-role-of-suffixes\">2. Daiktavard\u017eiai ir atvejai: priesag\u0173 vaidmuo<\/h3>\n\n\n\n<p>Vengr\u0173 daiktavard\u017eiai neturi gramatin\u0117s lyties, supaprastindami sakini\u0173 konstrukcij\u0105. Ta\u010diau daiktavard\u017eiai ir kitos kalbos dalys vengr\u0173 kalbos gramatikoje naudoja daugyb\u0119 priesag\u0173, nurodan\u010di\u0173 atvejus, tur\u0117jim\u0105 ir daugiskait\u0105. I\u0161mok\u0119 \u0161ias priesagas ir j\u0173 naudojim\u0105, labai pagerinsite savo geb\u0117jim\u0105 bendrauti vengr\u0173 kalba.<\/p>\n\n\n\n<p>Pavyzd\u017eiai:<\/p>\n\n\n\n<p><strong>&#8211; h\u00e1z (namas) &#8211; h\u00e1zak (namai)<\/strong><\/p>\n\n\n\n<p><strong>&#8211; h\u00e1zban (namuose) &#8211; h\u00e1zakban (namuose)<\/strong><\/p>\n\n\n\n<h3 class=\"wp-block-heading\" id=\"h-3-verbs-conjugation-and-tense\">3. Veiksma\u017eod\u017eiai: konjugacija ir \u012ftampa<\/h3>\n\n\n\n<p>Vengr\u0173 veiksma\u017eod\u017eiai konjuguojami pagal \u012ftamp\u0105, nuotaik\u0105, tem\u0105 ir apibr\u0117\u017etum\u0105. Nors vengr\u0173 kalboje yra keletas laik\u0173, geras pradinis ta\u0161kas yra trij\u0173 pagrindini\u0173 laik\u0173 &#8211; esamojo, b\u016btojo ir b\u016bsimojo &#8211; <a href=\"https:\/\/talkpal.ai\/lt\/mokymasis\/\">mokymasis<\/a>. Susipa\u017einkite su \u012fprastais veiksma\u017eod\u017ei\u0173 konjugacijos modeliais ir i\u0161mokite \u012fprast\u0173 netaisykling\u0173 veiksma\u017eod\u017ei\u0173, kad pagerintum\u0117te savo \u017eodinio bendravimo \u012fg\u016bd\u017eius.<\/p>\n\n\n\n<h3 class=\"wp-block-heading\" id=\"h-4-adjectives-agreement-and-placement\">4. B\u016bdvard\u017eiai: susitarimas ir vieta<\/h3>\n\n\n\n<p>Vengr\u0173 kalbos gramatikoje b\u016bdvard\u017eiai turi sutikti su daiktavard\u017eiu, kur\u012f jie kei\u010dia pagal skai\u010di\u0173 (vienaskaita arba daugiskaita). Ta\u010diau b\u016bdvard\u017eiai neturi atitikti gramatinio atvejo daiktavard\u017eio. B\u016bdvard\u017eiai paprastai eina prie\u0161 daiktavard\u012f, pateikdami apra\u0161om\u0105j\u012f sakinio kontekst\u0105.<\/p>\n\n\n\n<p>Pavyzd\u017eiai:<\/p>\n\n\n\n<p><strong>&#8211; piros alma (raudonasis obuolys)<\/strong><\/p>\n\n\n\n<p><strong>&#8211; sz\u00e9p vir\u00e1gok (gra\u017eios g\u0117l\u0117s)<\/strong><\/p>\n\n\n\n<h3 class=\"wp-block-heading\" id=\"h-5-vowel-harmony-a-unique-feature\">5. Balsi\u0173 harmonija: unikali savyb\u0117<\/h3>\n\n\n\n<p>Skiriamasis vengr\u0173 kalbos gramatikos aspektas yra balsi\u0173 harmonija, kuri apima balsi\u0173 susitarim\u0105 \u017eod\u017eiuose. Balsi\u0173 harmonija turi \u012ftakos priesag\u0173 formavimui ir prisiri\u0161imui prie \u017eod\u017ei\u0173. Suprasdami ir praktikuodami balsi\u0173 harmonij\u0105, j\u016bs\u0173 para\u0161yta ir \u0161nekamoji vengr\u0173 kalba taps tikslesn\u0117 ir nat\u016bralesn\u0117.<\/p>\n\n\n\n<h3 class=\"wp-block-heading\" id=\"h-6-engaging-with-the-language\">6. \u012esitraukimas \u012f kalb\u0105<\/h3>\n\n\n\n<p>Veiksmingiausias b\u016bdas visi\u0161kai suvokti ir internalizuoti vengr\u0173 kalbos gramatik\u0105 yra nuosekliai bendrauti su kalba. Skaitydami vengr\u0173 literat\u016br\u0105, \u017ei\u016br\u0117dami vietinius filmus ar aktyviai bendraudami su gimt\u0105ja kalba, sustiprinsite gramatikos supratim\u0105 ir kartu i\u0161pl\u0117site savo \u017eodyn\u0105.<\/p>\n\n\n\n<h3 class=\"wp-block-heading\" id=\"h-conclusion\">I\u0161vada<\/h3>\n\n\n\n<p>Nors vengr\u0173 kalbos gramatika gali atrodyti sud\u0117tinga, \u017eingsnis po \u017eingsnio art\u0117dami prie jos ir nuosekliai praktikuodami pad\u0117site i\u0161mokti \u0161i\u0105 patraukli\u0105 kalb\u0105. Priimkite i\u0161\u0161\u016bk\u012f, kai prad\u0117site savo kelion\u0119 vengr\u0173 kalba, ir netrukus gal\u0117site dr\u0105siai \u012fveikti jos gramatikos subtilybes. Laimingai studijuokite ir m\u0117gaukit\u0117s tyrin\u0117dami vengr\u0173 kalbos gramatikos stebuklus!<\/p>\n<\/div><\/div>\n\r\n<section class=\"learnNavigationSection\">\r\n            \r\n        <a href=\"https:\/\/talkpal.ai\/lt\/ismok-vengru-kalba\/\">\r\n            <div class=\"learnNavigationWrapper\">\r\n                <div class=\"learnNavigationContent\">\r\n                    <img decoding=\"async\" src=\"https:\/\/talkpal.ai\/wp-content\/uploads\/2024\/08\/Hungarian.jpg\" alt=\"Hungarian Flag\">\r\n                    <div>\r\n                        <h4>Apie vengr\u0173 mokym\u0105si<\/h4>\r\n                        <p>Su\u017einokite visk\u0105 apie vengr\u0173 kalbos gramatik\u0105.<\/p>\r\n                    <\/div>\r\n                <\/div>\r\n            <\/div>\r\n        <\/a>\r\n\r\n        \r\n        <a href=\"https:\/\/talkpal.ai\/lt\/vengru-kalbos-gramatikos-pratimai\/\">\r\n            <div class=\"learnNavigationWrapper\">\r\n                <div class=\"learnNavigationContent\">\r\n                    <img decoding=\"async\" src=\"https:\/\/talkpal.ai\/wp-content\/uploads\/2024\/08\/Hungarian.jpg\" alt=\"Hungarian Flag\">\r\n                    <div>\r\n                        <h4>Vengr\u0173 kalbos gramatikos pratimai<\/h4>\r\n                        <p>Praktikuokite vengr\u0173 kalbos gramatik\u0105.<\/p>\r\n                    <\/div>\r\n                <\/div>\r\n            <\/div>\r\n        <\/a>\r\n\r\n        \r\n        <a href=\"https:\/\/talkpal.ai\/vocabulary_language\/hungarian\/\">\r\n            <div class=\"learnNavigationWrapper\">\r\n                <div class=\"learnNavigationContent\">\r\n                    <img decoding=\"async\" src=\"https:\/\/talkpal.ai\/wp-content\/uploads\/2024\/08\/Hungarian.jpg\" alt=\"Hungarian Flag\">\r\n                    <div>\r\n                        <h4>Vengr\u0173 kalbos \u017eodynas<\/h4>\r\n                        <p>Prapl\u0117skite savo vengr\u0173 kalbos \u017eodyn\u0105.<\/p>\r\n                    <\/div>\r\n                <\/div>\r\n            <\/div>\r\n        <\/a>\r\n\r\n            <\/section>","protected":false},"excerpt":{"rendered":"<p>Pavadinimas: Vengr\u0173 kalbos gramatikos paslap\u010di\u0173 atrakinimas Vengr\u0173 kalba, finougr\u0173 kalba, i\u0161siskiria savo unikalia gramatikos sistema, tod\u0117l tai yra u\u017eburiantis i\u0161\u0161\u016bkis kalbos entuziastams. Vengr\u0173 kalbos mokymasis ne tik praple\u010dia j\u016bs\u0173 kalbines \u017einias, bet ir leid\u017eia \u012fsigilinti \u012f \u017eavi\u0105 Vengrijos kult\u016br\u0105 ir istorij\u0105. Nors vengr\u0173 kalbos gramatika i\u0161 prad\u017ei\u0173 gali atrodyti bauginanti, suskaid\u017eius j\u0105 \u012f valdomus komponentus, [&hellip;]<\/p>\n","protected":false},"author":1,"featured_media":113131,"parent":0,"menu_order":0,"comment_status":"closed","ping_status":"closed","template":"LearningContentPage.php","meta":{"_acf_changed":false,"footnotes":""},"class_list":["post-144581","page","type-page","status-publish","has-post-thumbnail","hentry"],"acf":[],"yoast_head":"<!-- This site is optimized with the Yoast SEO Premium plugin v27.2 (Yoast SEO v27.2) - https:\/\/yoast.com\/product\/yoast-seo-premium-wordpress\/ -->\n<title>Vengr\u0173 kalbos gramatika - Talkpal<\/title>\n<meta name=\"description\" content=\"\u012evaldykite vengr\u0173 kalbos gramatik\u0105 - mokykit\u0117s gramatikos taisykli\u0173 ir prakti\u0161kai formuokite sakinius. Gaukite nauding\u0173 patarim\u0173 i\u0161 Talkpal AI.\" \/>\n<meta name=\"robots\" content=\"index, follow, max-snippet:-1, max-image-preview:large, max-video-preview:-1\" \/>\n<link rel=\"canonical\" href=\"https:\/\/talkpal.ai\/lt\/vengru-kalbos-gramatika\/\" \/>\n<meta property=\"og:locale\" content=\"lt_LT\" \/>\n<meta property=\"og:type\" content=\"article\" \/>\n<meta property=\"og:title\" content=\"Vengr\u0173 kalbos gramatika\" \/>\n<meta property=\"og:description\" content=\"Pavadinimas: Vengr\u0173 kalbos gramatikos paslap\u010di\u0173 atrakinimas Vengr\u0173 kalba, finougr\u0173 kalba, i\u0161siskiria savo unikalia gramatikos sistema, tod\u0117l tai yra\" \/>\n<meta property=\"og:url\" content=\"https:\/\/talkpal.ai\/lt\/vengru-kalbos-gramatika\/\" \/>\n<meta property=\"og:site_name\" content=\"Talkpal\" \/>\n<meta property=\"article:publisher\" content=\"https:\/\/www.facebook.com\/profile.php?id=100090733639311\" \/>\n<meta property=\"article:modified_time\" content=\"2025-12-12T10:47:03+00:00\" \/>\n<meta property=\"og:image\" content=\"https:\/\/talkpal.ai\/wp-content\/uploads\/2023\/05\/Hungarian.png\" \/>\n\t<meta property=\"og:image:width\" content=\"512\" \/>\n\t<meta property=\"og:image:height\" content=\"512\" \/>\n\t<meta property=\"og:image:type\" content=\"image\/png\" \/>\n<meta name=\"twitter:card\" content=\"summary_large_image\" \/>\n<meta name=\"twitter:site\" content=\"@talkpalai\" \/>\n<meta name=\"twitter:label1\" content=\"Est. reading time\" \/>\n\t<meta name=\"twitter:data1\" content=\"3 minut\u0117s\" \/>\n<script type=\"application\/ld+json\" class=\"yoast-schema-graph\">{\"@context\":\"https:\/\/schema.org\",\"@graph\":[{\"@type\":\"WebPage\",\"@id\":\"https:\/\/talkpal.ai\/lt\/vengru-kalbos-gramatika\/\",\"url\":\"https:\/\/talkpal.ai\/lt\/vengru-kalbos-gramatika\/\",\"name\":\"Vengr\u0173 kalbos gramatika - Talkpal\",\"isPartOf\":{\"@id\":\"https:\/\/talkpal.ai\/lt\/#website\"},\"primaryImageOfPage\":{\"@id\":\"https:\/\/talkpal.ai\/lt\/vengru-kalbos-gramatika\/#primaryimage\"},\"image\":{\"@id\":\"https:\/\/talkpal.ai\/lt\/vengru-kalbos-gramatika\/#primaryimage\"},\"thumbnailUrl\":\"https:\/\/talkpal.ai\/wp-content\/uploads\/2023\/05\/Hungarian.png\",\"datePublished\":\"2023-05-14T14:08:53+00:00\",\"dateModified\":\"2025-12-12T10:47:03+00:00\",\"description\":\"\u012evaldykite vengr\u0173 kalbos gramatik\u0105 - mokykit\u0117s gramatikos taisykli\u0173 ir prakti\u0161kai formuokite sakinius. Gaukite nauding\u0173 patarim\u0173 i\u0161 Talkpal AI.\",\"breadcrumb\":{\"@id\":\"https:\/\/talkpal.ai\/lt\/vengru-kalbos-gramatika\/#breadcrumb\"},\"inLanguage\":\"lt-LT\",\"potentialAction\":[{\"@type\":\"ReadAction\",\"target\":[\"https:\/\/talkpal.ai\/lt\/vengru-kalbos-gramatika\/\"]}]},{\"@type\":\"ImageObject\",\"inLanguage\":\"lt-LT\",\"@id\":\"https:\/\/talkpal.ai\/lt\/vengru-kalbos-gramatika\/#primaryimage\",\"url\":\"https:\/\/talkpal.ai\/wp-content\/uploads\/2023\/05\/Hungarian.png\",\"contentUrl\":\"https:\/\/talkpal.ai\/wp-content\/uploads\/2023\/05\/Hungarian.png\",\"width\":512,\"height\":512},{\"@type\":\"BreadcrumbList\",\"@id\":\"https:\/\/talkpal.ai\/lt\/vengru-kalbos-gramatika\/#breadcrumb\",\"itemListElement\":[{\"@type\":\"ListItem\",\"position\":1,\"name\":\"Homepage\",\"item\":\"https:\/\/talkpal.ai\/lt\/\"},{\"@type\":\"ListItem\",\"position\":2,\"name\":\"Vengr\u0173 kalbos gramatika\"}]},{\"@type\":\"WebSite\",\"@id\":\"https:\/\/talkpal.ai\/lt\/#website\",\"url\":\"https:\/\/talkpal.ai\/lt\/\",\"name\":\"Talkpal\",\"description\":\"AI Language Learning\",\"publisher\":{\"@id\":\"https:\/\/talkpal.ai\/lt\/#organization\"},\"alternateName\":\"Talkpal AI\",\"potentialAction\":[{\"@type\":\"SearchAction\",\"target\":{\"@type\":\"EntryPoint\",\"urlTemplate\":\"https:\/\/talkpal.ai\/lt\/?s={search_term_string}\"},\"query-input\":{\"@type\":\"PropertyValueSpecification\",\"valueRequired\":true,\"valueName\":\"search_term_string\"}}],\"inLanguage\":\"lt-LT\"},{\"@type\":\"Organization\",\"@id\":\"https:\/\/talkpal.ai\/lt\/#organization\",\"name\":\"Talkpal, Inc.\",\"alternateName\":\"Talkpal AI\",\"url\":\"https:\/\/talkpal.ai\/lt\/\",\"logo\":{\"@type\":\"ImageObject\",\"inLanguage\":\"lt-LT\",\"@id\":\"https:\/\/talkpal.ai\/lt\/#\/schema\/logo\/image\/\",\"url\":\"https:\/\/talkpal.ai\/wp-content\/uploads\/2024\/03\/Talkpal-Logo-Icon.png\",\"contentUrl\":\"https:\/\/talkpal.ai\/wp-content\/uploads\/2024\/03\/Talkpal-Logo-Icon.png\",\"width\":2880,\"height\":2880,\"caption\":\"Talkpal, Inc.\"},\"image\":{\"@id\":\"https:\/\/talkpal.ai\/lt\/#\/schema\/logo\/image\/\"},\"sameAs\":[\"https:\/\/www.facebook.com\/profile.php?id=100090733639311\",\"https:\/\/x.com\/talkpalai\",\"https:\/\/www.linkedin.com\/company\/talkpal\/\",\"https:\/\/www.youtube.com\/@TalkPal\/\",\"https:\/\/www.tiktok.com\/@talkpal\",\"https:\/\/www.instagram.com\/talkpal_ai\/\",\"https:\/\/www.crunchbase.com\/organization\/talkpal-9cde\",\"https:\/\/www.g2.com\/products\/talkpal-for-business\/\",\"https:\/\/www.trustpilot.com\/review\/talkpal.ai\",\"https:\/\/www.capterra.com\/p\/10006800\/TalkPal\/\"],\"description\":\"Talkpal is a language learning web and mobile education app, powered by the latest AI technologies, that provides engaging experiences to its customers in many different languages to help them improve their language skills. Users can chat about unlimited amount of topics with the app and use other modes to practice their language learning.\",\"email\":\"support@talkpal.ai\",\"legalName\":\"Talkpal, Inc.\",\"foundingDate\":\"2023-04-03\",\"duns\":\"118989042\",\"numberOfEmployees\":{\"@type\":\"QuantitativeValue\",\"minValue\":\"11\",\"maxValue\":\"50\"},\"publishingPrinciples\":\"https:\/\/talkpal.ai\/publishing-principles\/\",\"actionableFeedbackPolicy\":\"https:\/\/talkpal.ai\/actionable-feedback-policy\/\",\"correctionsPolicy\":\"https:\/\/talkpal.ai\/corrections-policy\/\",\"ethicsPolicy\":\"https:\/\/talkpal.ai\/ethics-policy\/\",\"diversityPolicy\":\"https:\/\/talkpal.ai\/diversity-policy\/\",\"diversityStaffingReport\":\"https:\/\/talkpal.ai\/diversity-policy\/\"}]}<\/script>\n<!-- \/ Yoast SEO Premium plugin. -->","yoast_head_json":{"title":"Vengr\u0173 kalbos gramatika - Talkpal","description":"\u012evaldykite vengr\u0173 kalbos gramatik\u0105 - mokykit\u0117s gramatikos taisykli\u0173 ir prakti\u0161kai formuokite sakinius. Gaukite nauding\u0173 patarim\u0173 i\u0161 Talkpal AI.","robots":{"index":"index","follow":"follow","max-snippet":"max-snippet:-1","max-image-preview":"max-image-preview:large","max-video-preview":"max-video-preview:-1"},"canonical":"https:\/\/talkpal.ai\/lt\/vengru-kalbos-gramatika\/","og_locale":"lt_LT","og_type":"article","og_title":"Vengr\u0173 kalbos gramatika","og_description":"Pavadinimas: Vengr\u0173 kalbos gramatikos paslap\u010di\u0173 atrakinimas Vengr\u0173 kalba, finougr\u0173 kalba, i\u0161siskiria savo unikalia gramatikos sistema, tod\u0117l tai yra","og_url":"https:\/\/talkpal.ai\/lt\/vengru-kalbos-gramatika\/","og_site_name":"Talkpal","article_publisher":"https:\/\/www.facebook.com\/profile.php?id=100090733639311","article_modified_time":"2025-12-12T10:47:03+00:00","og_image":[{"width":512,"height":512,"url":"https:\/\/talkpal.ai\/wp-content\/uploads\/2023\/05\/Hungarian.png","type":"image\/png"}],"twitter_card":"summary_large_image","twitter_site":"@talkpalai","twitter_misc":{"Est. reading time":"3 minut\u0117s"},"schema":{"@context":"https:\/\/schema.org","@graph":[{"@type":"WebPage","@id":"https:\/\/talkpal.ai\/lt\/vengru-kalbos-gramatika\/","url":"https:\/\/talkpal.ai\/lt\/vengru-kalbos-gramatika\/","name":"Vengr\u0173 kalbos gramatika - Talkpal","isPartOf":{"@id":"https:\/\/talkpal.ai\/lt\/#website"},"primaryImageOfPage":{"@id":"https:\/\/talkpal.ai\/lt\/vengru-kalbos-gramatika\/#primaryimage"},"image":{"@id":"https:\/\/talkpal.ai\/lt\/vengru-kalbos-gramatika\/#primaryimage"},"thumbnailUrl":"https:\/\/talkpal.ai\/wp-content\/uploads\/2023\/05\/Hungarian.png","datePublished":"2023-05-14T14:08:53+00:00","dateModified":"2025-12-12T10:47:03+00:00","description":"\u012evaldykite vengr\u0173 kalbos gramatik\u0105 - mokykit\u0117s gramatikos taisykli\u0173 ir prakti\u0161kai formuokite sakinius. Gaukite nauding\u0173 patarim\u0173 i\u0161 Talkpal AI.","breadcrumb":{"@id":"https:\/\/talkpal.ai\/lt\/vengru-kalbos-gramatika\/#breadcrumb"},"inLanguage":"lt-LT","potentialAction":[{"@type":"ReadAction","target":["https:\/\/talkpal.ai\/lt\/vengru-kalbos-gramatika\/"]}]},{"@type":"ImageObject","inLanguage":"lt-LT","@id":"https:\/\/talkpal.ai\/lt\/vengru-kalbos-gramatika\/#primaryimage","url":"https:\/\/talkpal.ai\/wp-content\/uploads\/2023\/05\/Hungarian.png","contentUrl":"https:\/\/talkpal.ai\/wp-content\/uploads\/2023\/05\/Hungarian.png","width":512,"height":512},{"@type":"BreadcrumbList","@id":"https:\/\/talkpal.ai\/lt\/vengru-kalbos-gramatika\/#breadcrumb","itemListElement":[{"@type":"ListItem","position":1,"name":"Homepage","item":"https:\/\/talkpal.ai\/lt\/"},{"@type":"ListItem","position":2,"name":"Vengr\u0173 kalbos gramatika"}]},{"@type":"WebSite","@id":"https:\/\/talkpal.ai\/lt\/#website","url":"https:\/\/talkpal.ai\/lt\/","name":"Talkpal","description":"AI Language Learning","publisher":{"@id":"https:\/\/talkpal.ai\/lt\/#organization"},"alternateName":"Talkpal AI","potentialAction":[{"@type":"SearchAction","target":{"@type":"EntryPoint","urlTemplate":"https:\/\/talkpal.ai\/lt\/?s={search_term_string}"},"query-input":{"@type":"PropertyValueSpecification","valueRequired":true,"valueName":"search_term_string"}}],"inLanguage":"lt-LT"},{"@type":"Organization","@id":"https:\/\/talkpal.ai\/lt\/#organization","name":"Talkpal, Inc.","alternateName":"Talkpal AI","url":"https:\/\/talkpal.ai\/lt\/","logo":{"@type":"ImageObject","inLanguage":"lt-LT","@id":"https:\/\/talkpal.ai\/lt\/#\/schema\/logo\/image\/","url":"https:\/\/talkpal.ai\/wp-content\/uploads\/2024\/03\/Talkpal-Logo-Icon.png","contentUrl":"https:\/\/talkpal.ai\/wp-content\/uploads\/2024\/03\/Talkpal-Logo-Icon.png","width":2880,"height":2880,"caption":"Talkpal, Inc."},"image":{"@id":"https:\/\/talkpal.ai\/lt\/#\/schema\/logo\/image\/"},"sameAs":["https:\/\/www.facebook.com\/profile.php?id=100090733639311","https:\/\/x.com\/talkpalai","https:\/\/www.linkedin.com\/company\/talkpal\/","https:\/\/www.youtube.com\/@TalkPal\/","https:\/\/www.tiktok.com\/@talkpal","https:\/\/www.instagram.com\/talkpal_ai\/","https:\/\/www.crunchbase.com\/organization\/talkpal-9cde","https:\/\/www.g2.com\/products\/talkpal-for-business\/","https:\/\/www.trustpilot.com\/review\/talkpal.ai","https:\/\/www.capterra.com\/p\/10006800\/TalkPal\/"],"description":"Talkpal is a language learning web and mobile education app, powered by the latest AI technologies, that provides engaging experiences to its customers in many different languages to help them improve their language skills. Users can chat about unlimited amount of topics with the app and use other modes to practice their language learning.","email":"support@talkpal.ai","legalName":"Talkpal, Inc.","foundingDate":"2023-04-03","duns":"118989042","numberOfEmployees":{"@type":"QuantitativeValue","minValue":"11","maxValue":"50"},"publishingPrinciples":"https:\/\/talkpal.ai\/publishing-principles\/","actionableFeedbackPolicy":"https:\/\/talkpal.ai\/actionable-feedback-policy\/","correctionsPolicy":"https:\/\/talkpal.ai\/corrections-policy\/","ethicsPolicy":"https:\/\/talkpal.ai\/ethics-policy\/","diversityPolicy":"https:\/\/talkpal.ai\/diversity-policy\/","diversityStaffingReport":"https:\/\/talkpal.ai\/diversity-policy\/"}]}},"_links":{"self":[{"href":"https:\/\/talkpal.ai\/lt\/wp-json\/wp\/v2\/pages\/144581","targetHints":{"allow":["GET"]}}],"collection":[{"href":"https:\/\/talkpal.ai\/lt\/wp-json\/wp\/v2\/pages"}],"about":[{"href":"https:\/\/talkpal.ai\/lt\/wp-json\/wp\/v2\/types\/page"}],"author":[{"embeddable":true,"href":"https:\/\/talkpal.ai\/lt\/wp-json\/wp\/v2\/users\/1"}],"replies":[{"embeddable":true,"href":"https:\/\/talkpal.ai\/lt\/wp-json\/wp\/v2\/comments?post=144581"}],"version-history":[{"count":0,"href":"https:\/\/talkpal.ai\/lt\/wp-json\/wp\/v2\/pages\/144581\/revisions"}],"wp:featuredmedia":[{"embeddable":true,"href":"https:\/\/talkpal.ai\/lt\/wp-json\/wp\/v2\/media\/113131"}],"wp:attachment":[{"href":"https:\/\/talkpal.ai\/lt\/wp-json\/wp\/v2\/media?parent=144581"}],"curies":[{"name":"wp","href":"https:\/\/api.w.org\/{rel}","templated":true}]}}