{"id":144319,"date":"2023-05-14T14:04:48","date_gmt":"2023-05-14T14:04:48","guid":{"rendered":"http:\/\/talkpal.ai\/hebraju-kalbos-gramatika\/"},"modified":"2025-12-13T15:38:28","modified_gmt":"2025-12-13T15:38:28","slug":"hebraju-kalbos-gramatika","status":"publish","type":"page","link":"https:\/\/talkpal.ai\/lt\/hebraju-kalbos-gramatika\/","title":{"rendered":"Hebraj\u0173 kalbos gramatika"},"content":{"rendered":"\r\n\r\n\r\n<section class=\"languageChallengeSection\">\r\n    <div class=\"languageInfoWrapper\">\r\n        \r\n        <h1>Hebraj\u0173 kalbos gramatika<\/h1>\r\n        <p>I\u0161mokite hebraj\u0173 <a href=\"https:\/\/talkpal.ai\/what-language-is-spoken-on-the-international-space-station\/\">kalbos<\/a> gramatikos ir atskleiskite kalbos, turin\u010dios gilias istorines \u0161aknis ir \u0161iuolaikin\u0119 reik\u0161m\u0119, paslaptis. Priimkite i\u0161\u0161\u016bk\u012f ir susipa\u017einkite su gyvybinga kult\u016bra per hebraj\u0173 kalbos gramatikos gro\u017e\u012f!<\/p>\r\n\r\n                            <a class=\"getStartedHidden\" href=\"https:\/\/app.talkpal.ai\/lt\/signup?lng=\">Prad\u0117k<\/a>\r\n        \r\n    <\/div>\r\n\r\n    <figure>\r\n    <img decoding=\"async\" width=\"768\" height=\"768\" src=\"https:\/\/talkpal.ai\/wp-content\/uploads\/2023\/06\/hebrew-768x768.png\" class=\"languageImage no-lazy\" alt=\"Language learning for proficient communication\" fetchpriority=\"high\" sizes=\"(max-width: 768px) 150px, 768px\" srcset=\"https:\/\/talkpal.ai\/wp-content\/uploads\/2023\/06\/hebrew-768x768.png 768w, https:\/\/talkpal.ai\/wp-content\/uploads\/2023\/06\/hebrew-300x300.png 300w\" \/>\r\n    \r\n\r\n    <\/figure>\r\n\r\n            <a class=\"getStartedVisible\" href=\"https:\/\/app.talkpal.ai\/lt\/signup?lng=\">Prad\u0117k<\/a>\r\n    \r\n<\/section>\r\n<section class=\"promotionalBanner\">\r\n    <p class=\"promotionalText\">Efektyviausias b\u016bdas mokytis kalbos<\/p>\r\n    <a class=\"promotionalLink\" href=\"https:\/\/app.talkpal.ai\/lt\/signup?lng=\">I\u0161bandykite Talkpal &#8221; nemokamai<\/a>\r\n<\/section>\n<div class=\"wp-block-group pageContainerStyle\"><div class=\"wp-block-group__inner-container is-layout-constrained wp-block-group-is-layout-constrained\">\n<h2 class=\"wp-block-heading\" id=\"h-mastering-hebrew-grammar-your-ultimate-guide\">Hebraj\u0173 kalbos gramatikos \u012fvaldymas: j\u016bs\u0173 galutinis vadovas<\/h2>\n\n\n\n<p>Shalom, <a href=\"https:\/\/talkpal.ai\/talkpal-discount-for-language-enthusiasts\/\">kalbos entuziastai<\/a>! Ar esate pasireng\u0119s pasinerti \u012f \u012fsp\u016bding\u0105 hebraj\u0173 gramatikos pasaul\u012f? Atvykote \u012f tinkam\u0105 viet\u0105. \u0160is straipsnis, u\u017epildytas lengvai suprantama informacija ir pokalbio tonu, pad\u0117s jums per u\u017eburian\u010di\u0105 hebraj\u0173 gramatikos srit\u012f. Netrukus gal\u0117site kurti sakinius ir prasmingai bendrauti su gimtakalbiais. Taigi, prad\u0117kime savo kelion\u0119 hebraj\u0173 kalbos gramatikos \u012fvaldymo link!<\/p>\n\n\n\n<p><strong>Bet pirmiausia, kod\u0117l hebraj\u0173 gramatika?<\/strong><\/p>\n\n\n\n<p>Jei mokot\u0117s hebraj\u0173 kalbos, norint skland\u017eiai kalb\u0117ti, skaityti ir ra\u0161yti, labai svarbu tur\u0117ti tvirtus gramatikos pagrindus. Nors hebraj\u0173 kalbos <a href=\"https:\/\/talkpal.ai\/sq\/gramatika\/\">gramatika<\/a> i\u0161 prad\u017ei\u0173 gali atrodyti sud\u0117tinga, ji <a href=\"https:\/\/talkpal.ai\/locations\/language-courses-in-tampa\/\">tampa<\/a> prieinamesn\u0117, <a href=\"https:\/\/talkpal.ai\/locations\/language-courses-in-kai\/\">kai<\/a> suskaidoma \u012f ma\u017eesnes, lengviau valdomas dalis. Taigi leiskit\u0117s \u012f \u0161i\u0105 jaudinan\u010di\u0105 kelion\u0119!<\/p>\n\n\n\n<h3 class=\"wp-block-heading\" id=\"h-1-nouns-gender-and-number\">1. Daiktavard\u017eiai, lytis ir skai\u010dius<\/h3>\n\n\n\n<p>Hebraj\u0173 daiktavard\u017eiai turi dvi lytis \u2013 vyri\u0161k\u0105j\u0105 ir moteri\u0161k\u0105j\u0105 \u2013 ir gali b\u016bti vienaskaitos arba daugiskaitos. Daiktavard\u017eio gimin\u0117s nustatymas yra tinkamos sakinio konstrukcijos pagrindas, nes jis turi \u012ftakos kitoms kalbos dalims, pavyzd\u017eiui, veiksma\u017eod\u017eiams ir b\u016bdvard\u017eiams.  <\/p>\n\n\n\n<p>Bendra taisykl\u0117: jei daiktavardis baigiasi &#8222;\u05d4&#8221; (hey) arba &#8222;\u05ea&#8221; (tav), jis paprastai yra moteri\u0161kos gimin\u0117s. Ta\u010diau yra i\u0161im\u010di\u0173, tod\u0117l labai svarbu \u012fsiminti daiktavard\u017ei\u0173 lytis mokantis \u017eodyno.<\/p>\n\n\n\n<p>Be to, hebraj\u0173 daiktavard\u017eiai yra skirting\u0173 form\u0173, priklausomai nuo skai\u010diaus. Daugiskaitiniai vyri\u0161kosios gimin\u0117s daiktavard\u017eiai paprastai baigiasi &#8222;\u05d9\u05dd&#8221; (yim), o daugiskaitiniai moteri\u0161kosios gimin\u0117s daiktavard\u017eiai &#8211; &#8222;\u05d5\u05ea&#8221; (ot).<\/p>\n\n\n\n<h3 class=\"wp-block-heading\" id=\"h-2-adjectives-agreement-and-definite-articles\">2. B\u016bdvard\u017eiai, susitarimas ir konkret\u016bs straipsniai<\/h3>\n\n\n\n<p>B\u016bdvard\u017eiai <a href=\"https:\/\/talkpal.ai\/learn-hebrew\/\">hebraj\u0173 kalba<\/a> turi sutapti lytimi ir skai\u010diumi su daiktavard\u017eiu, kur\u012f jie modifikuoja. Jei norite b\u016bdvard\u012f paversti moteri\u0161kos gimin\u0117s, pabaigoje prid\u0117kite &#8222;\u05d4&#8221; (hey), jei jo dar n\u0117ra. Nor\u0117dami b\u016bdvard\u012f paversti daugiskaita, vadovaukit\u0117s tuo pa\u010diu principu kaip ir daiktavard\u017eius: prid\u0117kite &#8222;\u05d9\u05dd&#8221;, jei norite, kad jis b\u016bt\u0173 vyri\u0161kosios gimin\u0117s, ir &#8222;\u05d5\u05ea&#8221;, jei norite, kad jis b\u016bt\u0173 moteri\u0161kosios gimin\u0117s.<\/p>\n\n\n\n<p>Hebraj\u0173 kalboje apibr\u0117\u017etasis straipsnis &#8222;the&#8221; yra &#8222;\u05d4&#8221; (hey) ir pridedamas kaip prie\u0161d\u0117lis prie daiktavard\u017eio ar b\u016bdvard\u017eio. Pavyzd\u017eiui, &#8222;\u05d4\u05e1\u05e4\u05e8&#8221; (haSefer &#8211; knyga) arba &#8222;\u05d4\u05db\u05d3\u05d5\u05e8 \u05d4\u05d2\u05d3\u05d5\u05dc&#8221; (hakadur hagadol &#8211; didelis kamuolys).<\/p>\n\n\n\n<h3 class=\"wp-block-heading\" id=\"h-3-verbs-tense-and-conjugation\">3. Veiksma\u017eod\u017eiai, laikas ir linksniavimas<\/h3>\n\n\n\n<p>Hebraj\u0173 kalbos veiksma\u017eod\u017eiai atlieka labai svarb\u0173 vaidmen\u012f gramatikoje ir yra suskirstyti \u012f septynias linksniavimo grupes, vadinamas &#8222;binyanim&#8221;. Kiekvienas veiksma\u017eodis turi \u012ftakos veiksma\u017eod\u017eio reik\u0161mei ir vaidmeniui sakinyje.<\/p>\n\n\n\n<p>Trumpai ap\u017evelkime taisykling\u0173j\u0173 veiksma\u017eod\u017ei\u0173 esamojo laiko ypatybes:<\/p>\n\n\n\n<p><strong>&#8211; \u05d0\u05e0\u05d9 \u05e7\u05d5\u05e8\u05d0\/\u05ea (ani kore\/et &#8211; skaitau, masc.\/fem.)<\/strong><\/p>\n\n\n\n<p><strong>&#8211; \u05d0\u05ea\/\u05d4 \u05e7\u05d5\u05e8\u05d0\/\u05ea (ata\/at kore\/et &#8211; j\u016bs skaitote, masc.\/fem.)<\/strong><\/p>\n\n\n\n<p><strong>&#8211; \u05d4\u05d5\u05d0\/\u05d4\u05d9\u05d0 \u05e7\u05d5\u05e8\u05d0\/\u05ea (hu\/hi kore\/et &#8211; jis\/ji skaito)<\/strong><\/p>\n\n\n\n<p>Atminkite, kad <a href=\"https:\/\/talkpal.ai\/learn-thai\/\">tai<\/a> tik prad\u017eia! Progresuojant atsiras daug kit\u0173 laik\u0173, netaisykling\u0173 veiksma\u017eod\u017ei\u0173 ir binjano sud\u0117tingumo.<\/p>\n\n\n\n<h3 class=\"wp-block-heading\" id=\"h-4-pronouns-prepositions-and-more\">4. \u012evard\u017eiai, prielinksniai ir dar daugiau!<\/h3>\n\n\n\n<p><a href=\"https:\/\/talkpal.ai\/hebrew-grammar\/\">Hebraj\u0173 kalbos gramatika<\/a> apima ir kitus komponentus, pavyzd\u017eiui, \u012fvard\u017eius (\u05d0\u05e0\u05d9, \u05d0\u05ea\u05d4, \u05d4\u05d5\u05d0, \u05d4\u05d9\u05d0 ir t. t.), prieveiksmius (\u05d1, \u05dc, \u05de, \u05e2\u05dc ir t. t.) ir idiomatinius posakius. Kiekvieno elemento \u012fvaldymas yra labai svarbus norint pasiekti visapusi\u0161k\u0105 hebraj\u0173 kalbos sklandum\u0105, tod\u0117l imkit\u0117s jo po truput\u012f.<\/p>\n\n\n\n<p>Apibendrinant galima pasakyti, kad hebraj\u0173 kalbos gramatikos i\u0161mokti ne\u012fmanoma. Tai reikalauja atkaklumo, praktikos ir kantryb\u0117s. Ta\u010diau, perprat\u0119 jos subtilybes, gal\u0117site m\u0117gautis pokalbi\u0173 hebraj\u0173 kalba niuansais, tyrin\u0117ti turting\u0105 kult\u016br\u0105 ir istorij\u0105 bei giliau vertinti \u0161i\u0105 kalb\u0105. \u05d1\u05d4\u05e6\u05dc\u05d7\u05d4 (behatzlacha &#8211; s\u0117km\u0117s)!<\/p>\n<\/div><\/div>\n\r\n<section class=\"learnNavigationSection\">\r\n            \r\n        <a href=\"https:\/\/talkpal.ai\/lt\/mokykites-hebraju-kalbos\/\">\r\n            <div class=\"learnNavigationWrapper\">\r\n                <div class=\"learnNavigationContent\">\r\n                    <img decoding=\"async\" src=\"https:\/\/talkpal.ai\/wp-content\/uploads\/2024\/08\/Hebrew.jpg\" alt=\"Israel Flag\">\r\n                    <div>\r\n                        <h4>Apie hebraj\u0173 kalbos mokym\u0105si<\/h4>\r\n                        <p>Su\u017einokite visk\u0105 apie hebraj\u0173 kalbos gramatik\u0105.<\/p>\r\n                    <\/div>\r\n                <\/div>\r\n            <\/div>\r\n        <\/a>\r\n\r\n        \r\n        <a href=\"https:\/\/talkpal.ai\/lt\/hebraju-kalbos-gramatikos-pratimai\/\">\r\n            <div class=\"learnNavigationWrapper\">\r\n                <div class=\"learnNavigationContent\">\r\n                    <img decoding=\"async\" src=\"https:\/\/talkpal.ai\/wp-content\/uploads\/2024\/08\/Hebrew.jpg\" alt=\"Israel Flag\">\r\n                    <div>\r\n                        <h4>Hebraj\u0173 kalbos gramatikos pratimai<\/h4>\r\n                        <p>Praktikuokite hebraj\u0173 kalbos gramatik\u0105.<\/p>\r\n                    <\/div>\r\n                <\/div>\r\n            <\/div>\r\n        <\/a>\r\n\r\n        \r\n        <a href=\"https:\/\/talkpal.ai\/vocabulary_language\/hebrew\/\">\r\n            <div class=\"learnNavigationWrapper\">\r\n                <div class=\"learnNavigationContent\">\r\n                    <img decoding=\"async\" src=\"https:\/\/talkpal.ai\/wp-content\/uploads\/2024\/08\/Hebrew.jpg\" alt=\"Israel Flag\">\r\n                    <div>\r\n                        <h4>Hebraj\u0173 kalbos \u017eodynas<\/h4>\r\n                        <p>Prapl\u0117skite savo hebraj\u0173 kalbos \u017eodyn\u0105.<\/p>\r\n                    <\/div>\r\n                <\/div>\r\n            <\/div>\r\n        <\/a>\r\n\r\n            <\/section>","protected":false},"excerpt":{"rendered":"<p>Hebraj\u0173 kalbos gramatikos \u012fvaldymas: j\u016bs\u0173 galutinis vadovas Shalom, kalbos entuziastai! Ar esate pasireng\u0119s pasinerti \u012f \u012fsp\u016bding\u0105 hebraj\u0173 gramatikos pasaul\u012f? Atvykote \u012f tinkam\u0105 viet\u0105. \u0160is straipsnis, u\u017epildytas lengvai suprantama informacija ir pokalbio tonu, pad\u0117s jums per u\u017eburian\u010di\u0105 hebraj\u0173 gramatikos srit\u012f. Netrukus gal\u0117site kurti sakinius ir prasmingai bendrauti su gimtakalbiais. Taigi, prad\u0117kime savo kelion\u0119 hebraj\u0173 kalbos gramatikos [&hellip;]<\/p>\n","protected":false},"author":1,"featured_media":112892,"parent":0,"menu_order":0,"comment_status":"closed","ping_status":"closed","template":"LearningContentPage.php","meta":{"_acf_changed":false,"footnotes":""},"class_list":["post-144319","page","type-page","status-publish","has-post-thumbnail","hentry"],"acf":[],"yoast_head":"<!-- This site is optimized with the Yoast SEO Premium plugin v27.2 (Yoast SEO v27.2) - https:\/\/yoast.com\/product\/yoast-seo-premium-wordpress\/ -->\n<title>Hebraj\u0173 kalbos gramatika - Talkpal<\/title>\n<meta name=\"description\" content=\"Patobulinkite hebraj\u0173 kalbos gramatik\u0105 - i\u0161mokite pagrindini\u0173 taisykli\u0173, taisyklingai formuokite sakinius ir ai\u0161kiai bendraukite su Talkpallengvas AI pamokas.\" \/>\n<meta name=\"robots\" content=\"index, follow, max-snippet:-1, max-image-preview:large, max-video-preview:-1\" \/>\n<link rel=\"canonical\" href=\"https:\/\/talkpal.ai\/lt\/hebraju-kalbos-gramatika\/\" \/>\n<meta property=\"og:locale\" content=\"lt_LT\" \/>\n<meta property=\"og:type\" content=\"article\" \/>\n<meta property=\"og:title\" content=\"Hebraj\u0173 kalbos gramatika\" \/>\n<meta property=\"og:description\" content=\"Hebraj\u0173 kalbos gramatikos \u012fvaldymas: j\u016bs\u0173 galutinis vadovas Shalom, kalbos entuziastai! Ar esate pasireng\u0119s pasinerti \u012f \u012fsp\u016bding\u0105 hebraj\u0173 gramatikos\" \/>\n<meta property=\"og:url\" content=\"https:\/\/talkpal.ai\/lt\/hebraju-kalbos-gramatika\/\" \/>\n<meta property=\"og:site_name\" content=\"Talkpal\" \/>\n<meta property=\"article:publisher\" content=\"https:\/\/www.facebook.com\/profile.php?id=100090733639311\" \/>\n<meta property=\"article:modified_time\" content=\"2025-12-13T15:38:28+00:00\" \/>\n<meta property=\"og:image\" content=\"https:\/\/talkpal.ai\/wp-content\/uploads\/2023\/05\/israel.png\" \/>\n\t<meta property=\"og:image:width\" content=\"512\" \/>\n\t<meta property=\"og:image:height\" content=\"512\" \/>\n\t<meta property=\"og:image:type\" content=\"image\/png\" \/>\n<meta name=\"twitter:card\" content=\"summary_large_image\" \/>\n<meta name=\"twitter:site\" content=\"@talkpalai\" \/>\n<meta name=\"twitter:label1\" content=\"Est. reading time\" \/>\n\t<meta name=\"twitter:data1\" content=\"3 minut\u0117s\" \/>\n<script type=\"application\/ld+json\" class=\"yoast-schema-graph\">{\"@context\":\"https:\/\/schema.org\",\"@graph\":[{\"@type\":\"WebPage\",\"@id\":\"https:\/\/talkpal.ai\/lt\/hebraju-kalbos-gramatika\/\",\"url\":\"https:\/\/talkpal.ai\/lt\/hebraju-kalbos-gramatika\/\",\"name\":\"Hebraj\u0173 kalbos gramatika - Talkpal\",\"isPartOf\":{\"@id\":\"https:\/\/talkpal.ai\/lt\/#website\"},\"primaryImageOfPage\":{\"@id\":\"https:\/\/talkpal.ai\/lt\/hebraju-kalbos-gramatika\/#primaryimage\"},\"image\":{\"@id\":\"https:\/\/talkpal.ai\/lt\/hebraju-kalbos-gramatika\/#primaryimage\"},\"thumbnailUrl\":\"https:\/\/talkpal.ai\/wp-content\/uploads\/2023\/05\/israel.png\",\"datePublished\":\"2023-05-14T14:04:48+00:00\",\"dateModified\":\"2025-12-13T15:38:28+00:00\",\"description\":\"Patobulinkite hebraj\u0173 kalbos gramatik\u0105 - i\u0161mokite pagrindini\u0173 taisykli\u0173, taisyklingai formuokite sakinius ir ai\u0161kiai bendraukite su Talkpallengvas AI pamokas.\",\"breadcrumb\":{\"@id\":\"https:\/\/talkpal.ai\/lt\/hebraju-kalbos-gramatika\/#breadcrumb\"},\"inLanguage\":\"lt-LT\",\"potentialAction\":[{\"@type\":\"ReadAction\",\"target\":[\"https:\/\/talkpal.ai\/lt\/hebraju-kalbos-gramatika\/\"]}]},{\"@type\":\"ImageObject\",\"inLanguage\":\"lt-LT\",\"@id\":\"https:\/\/talkpal.ai\/lt\/hebraju-kalbos-gramatika\/#primaryimage\",\"url\":\"https:\/\/talkpal.ai\/wp-content\/uploads\/2023\/05\/israel.png\",\"contentUrl\":\"https:\/\/talkpal.ai\/wp-content\/uploads\/2023\/05\/israel.png\",\"width\":512,\"height\":512},{\"@type\":\"BreadcrumbList\",\"@id\":\"https:\/\/talkpal.ai\/lt\/hebraju-kalbos-gramatika\/#breadcrumb\",\"itemListElement\":[{\"@type\":\"ListItem\",\"position\":1,\"name\":\"Homepage\",\"item\":\"https:\/\/talkpal.ai\/lt\/\"},{\"@type\":\"ListItem\",\"position\":2,\"name\":\"Hebraj\u0173 kalbos gramatika\"}]},{\"@type\":\"WebSite\",\"@id\":\"https:\/\/talkpal.ai\/lt\/#website\",\"url\":\"https:\/\/talkpal.ai\/lt\/\",\"name\":\"Talkpal\",\"description\":\"AI Language Learning\",\"publisher\":{\"@id\":\"https:\/\/talkpal.ai\/lt\/#organization\"},\"alternateName\":\"Talkpal AI\",\"potentialAction\":[{\"@type\":\"SearchAction\",\"target\":{\"@type\":\"EntryPoint\",\"urlTemplate\":\"https:\/\/talkpal.ai\/lt\/?s={search_term_string}\"},\"query-input\":{\"@type\":\"PropertyValueSpecification\",\"valueRequired\":true,\"valueName\":\"search_term_string\"}}],\"inLanguage\":\"lt-LT\"},{\"@type\":\"Organization\",\"@id\":\"https:\/\/talkpal.ai\/lt\/#organization\",\"name\":\"Talkpal, Inc.\",\"alternateName\":\"Talkpal AI\",\"url\":\"https:\/\/talkpal.ai\/lt\/\",\"logo\":{\"@type\":\"ImageObject\",\"inLanguage\":\"lt-LT\",\"@id\":\"https:\/\/talkpal.ai\/lt\/#\/schema\/logo\/image\/\",\"url\":\"https:\/\/talkpal.ai\/wp-content\/uploads\/2024\/03\/Talkpal-Logo-Icon.png\",\"contentUrl\":\"https:\/\/talkpal.ai\/wp-content\/uploads\/2024\/03\/Talkpal-Logo-Icon.png\",\"width\":2880,\"height\":2880,\"caption\":\"Talkpal, Inc.\"},\"image\":{\"@id\":\"https:\/\/talkpal.ai\/lt\/#\/schema\/logo\/image\/\"},\"sameAs\":[\"https:\/\/www.facebook.com\/profile.php?id=100090733639311\",\"https:\/\/x.com\/talkpalai\",\"https:\/\/www.linkedin.com\/company\/talkpal\/\",\"https:\/\/www.youtube.com\/@TalkPal\/\",\"https:\/\/www.tiktok.com\/@talkpal\",\"https:\/\/www.instagram.com\/talkpal_ai\/\",\"https:\/\/www.crunchbase.com\/organization\/talkpal-9cde\",\"https:\/\/www.g2.com\/products\/talkpal-for-business\/\",\"https:\/\/www.trustpilot.com\/review\/talkpal.ai\",\"https:\/\/www.capterra.com\/p\/10006800\/TalkPal\/\"],\"description\":\"Talkpal is a language learning web and mobile education app, powered by the latest AI technologies, that provides engaging experiences to its customers in many different languages to help them improve their language skills. Users can chat about unlimited amount of topics with the app and use other modes to practice their language learning.\",\"email\":\"support@talkpal.ai\",\"legalName\":\"Talkpal, Inc.\",\"foundingDate\":\"2023-04-03\",\"duns\":\"118989042\",\"numberOfEmployees\":{\"@type\":\"QuantitativeValue\",\"minValue\":\"11\",\"maxValue\":\"50\"},\"publishingPrinciples\":\"https:\/\/talkpal.ai\/publishing-principles\/\",\"actionableFeedbackPolicy\":\"https:\/\/talkpal.ai\/actionable-feedback-policy\/\",\"correctionsPolicy\":\"https:\/\/talkpal.ai\/corrections-policy\/\",\"ethicsPolicy\":\"https:\/\/talkpal.ai\/ethics-policy\/\",\"diversityPolicy\":\"https:\/\/talkpal.ai\/diversity-policy\/\",\"diversityStaffingReport\":\"https:\/\/talkpal.ai\/diversity-policy\/\"}]}<\/script>\n<!-- \/ Yoast SEO Premium plugin. -->","yoast_head_json":{"title":"Hebraj\u0173 kalbos gramatika - Talkpal","description":"Patobulinkite hebraj\u0173 kalbos gramatik\u0105 - i\u0161mokite pagrindini\u0173 taisykli\u0173, taisyklingai formuokite sakinius ir ai\u0161kiai bendraukite su Talkpallengvas AI pamokas.","robots":{"index":"index","follow":"follow","max-snippet":"max-snippet:-1","max-image-preview":"max-image-preview:large","max-video-preview":"max-video-preview:-1"},"canonical":"https:\/\/talkpal.ai\/lt\/hebraju-kalbos-gramatika\/","og_locale":"lt_LT","og_type":"article","og_title":"Hebraj\u0173 kalbos gramatika","og_description":"Hebraj\u0173 kalbos gramatikos \u012fvaldymas: j\u016bs\u0173 galutinis vadovas Shalom, kalbos entuziastai! Ar esate pasireng\u0119s pasinerti \u012f \u012fsp\u016bding\u0105 hebraj\u0173 gramatikos","og_url":"https:\/\/talkpal.ai\/lt\/hebraju-kalbos-gramatika\/","og_site_name":"Talkpal","article_publisher":"https:\/\/www.facebook.com\/profile.php?id=100090733639311","article_modified_time":"2025-12-13T15:38:28+00:00","og_image":[{"width":512,"height":512,"url":"https:\/\/talkpal.ai\/wp-content\/uploads\/2023\/05\/israel.png","type":"image\/png"}],"twitter_card":"summary_large_image","twitter_site":"@talkpalai","twitter_misc":{"Est. reading time":"3 minut\u0117s"},"schema":{"@context":"https:\/\/schema.org","@graph":[{"@type":"WebPage","@id":"https:\/\/talkpal.ai\/lt\/hebraju-kalbos-gramatika\/","url":"https:\/\/talkpal.ai\/lt\/hebraju-kalbos-gramatika\/","name":"Hebraj\u0173 kalbos gramatika - Talkpal","isPartOf":{"@id":"https:\/\/talkpal.ai\/lt\/#website"},"primaryImageOfPage":{"@id":"https:\/\/talkpal.ai\/lt\/hebraju-kalbos-gramatika\/#primaryimage"},"image":{"@id":"https:\/\/talkpal.ai\/lt\/hebraju-kalbos-gramatika\/#primaryimage"},"thumbnailUrl":"https:\/\/talkpal.ai\/wp-content\/uploads\/2023\/05\/israel.png","datePublished":"2023-05-14T14:04:48+00:00","dateModified":"2025-12-13T15:38:28+00:00","description":"Patobulinkite hebraj\u0173 kalbos gramatik\u0105 - i\u0161mokite pagrindini\u0173 taisykli\u0173, taisyklingai formuokite sakinius ir ai\u0161kiai bendraukite su Talkpallengvas AI pamokas.","breadcrumb":{"@id":"https:\/\/talkpal.ai\/lt\/hebraju-kalbos-gramatika\/#breadcrumb"},"inLanguage":"lt-LT","potentialAction":[{"@type":"ReadAction","target":["https:\/\/talkpal.ai\/lt\/hebraju-kalbos-gramatika\/"]}]},{"@type":"ImageObject","inLanguage":"lt-LT","@id":"https:\/\/talkpal.ai\/lt\/hebraju-kalbos-gramatika\/#primaryimage","url":"https:\/\/talkpal.ai\/wp-content\/uploads\/2023\/05\/israel.png","contentUrl":"https:\/\/talkpal.ai\/wp-content\/uploads\/2023\/05\/israel.png","width":512,"height":512},{"@type":"BreadcrumbList","@id":"https:\/\/talkpal.ai\/lt\/hebraju-kalbos-gramatika\/#breadcrumb","itemListElement":[{"@type":"ListItem","position":1,"name":"Homepage","item":"https:\/\/talkpal.ai\/lt\/"},{"@type":"ListItem","position":2,"name":"Hebraj\u0173 kalbos gramatika"}]},{"@type":"WebSite","@id":"https:\/\/talkpal.ai\/lt\/#website","url":"https:\/\/talkpal.ai\/lt\/","name":"Talkpal","description":"AI Language Learning","publisher":{"@id":"https:\/\/talkpal.ai\/lt\/#organization"},"alternateName":"Talkpal AI","potentialAction":[{"@type":"SearchAction","target":{"@type":"EntryPoint","urlTemplate":"https:\/\/talkpal.ai\/lt\/?s={search_term_string}"},"query-input":{"@type":"PropertyValueSpecification","valueRequired":true,"valueName":"search_term_string"}}],"inLanguage":"lt-LT"},{"@type":"Organization","@id":"https:\/\/talkpal.ai\/lt\/#organization","name":"Talkpal, Inc.","alternateName":"Talkpal AI","url":"https:\/\/talkpal.ai\/lt\/","logo":{"@type":"ImageObject","inLanguage":"lt-LT","@id":"https:\/\/talkpal.ai\/lt\/#\/schema\/logo\/image\/","url":"https:\/\/talkpal.ai\/wp-content\/uploads\/2024\/03\/Talkpal-Logo-Icon.png","contentUrl":"https:\/\/talkpal.ai\/wp-content\/uploads\/2024\/03\/Talkpal-Logo-Icon.png","width":2880,"height":2880,"caption":"Talkpal, Inc."},"image":{"@id":"https:\/\/talkpal.ai\/lt\/#\/schema\/logo\/image\/"},"sameAs":["https:\/\/www.facebook.com\/profile.php?id=100090733639311","https:\/\/x.com\/talkpalai","https:\/\/www.linkedin.com\/company\/talkpal\/","https:\/\/www.youtube.com\/@TalkPal\/","https:\/\/www.tiktok.com\/@talkpal","https:\/\/www.instagram.com\/talkpal_ai\/","https:\/\/www.crunchbase.com\/organization\/talkpal-9cde","https:\/\/www.g2.com\/products\/talkpal-for-business\/","https:\/\/www.trustpilot.com\/review\/talkpal.ai","https:\/\/www.capterra.com\/p\/10006800\/TalkPal\/"],"description":"Talkpal is a language learning web and mobile education app, powered by the latest AI technologies, that provides engaging experiences to its customers in many different languages to help them improve their language skills. Users can chat about unlimited amount of topics with the app and use other modes to practice their language learning.","email":"support@talkpal.ai","legalName":"Talkpal, Inc.","foundingDate":"2023-04-03","duns":"118989042","numberOfEmployees":{"@type":"QuantitativeValue","minValue":"11","maxValue":"50"},"publishingPrinciples":"https:\/\/talkpal.ai\/publishing-principles\/","actionableFeedbackPolicy":"https:\/\/talkpal.ai\/actionable-feedback-policy\/","correctionsPolicy":"https:\/\/talkpal.ai\/corrections-policy\/","ethicsPolicy":"https:\/\/talkpal.ai\/ethics-policy\/","diversityPolicy":"https:\/\/talkpal.ai\/diversity-policy\/","diversityStaffingReport":"https:\/\/talkpal.ai\/diversity-policy\/"}]}},"_links":{"self":[{"href":"https:\/\/talkpal.ai\/lt\/wp-json\/wp\/v2\/pages\/144319","targetHints":{"allow":["GET"]}}],"collection":[{"href":"https:\/\/talkpal.ai\/lt\/wp-json\/wp\/v2\/pages"}],"about":[{"href":"https:\/\/talkpal.ai\/lt\/wp-json\/wp\/v2\/types\/page"}],"author":[{"embeddable":true,"href":"https:\/\/talkpal.ai\/lt\/wp-json\/wp\/v2\/users\/1"}],"replies":[{"embeddable":true,"href":"https:\/\/talkpal.ai\/lt\/wp-json\/wp\/v2\/comments?post=144319"}],"version-history":[{"count":0,"href":"https:\/\/talkpal.ai\/lt\/wp-json\/wp\/v2\/pages\/144319\/revisions"}],"wp:featuredmedia":[{"embeddable":true,"href":"https:\/\/talkpal.ai\/lt\/wp-json\/wp\/v2\/media\/112892"}],"wp:attachment":[{"href":"https:\/\/talkpal.ai\/lt\/wp-json\/wp\/v2\/media?parent=144319"}],"curies":[{"name":"wp","href":"https:\/\/api.w.org\/{rel}","templated":true}]}}