{"id":144023,"date":"2023-05-14T14:03:43","date_gmt":"2023-05-14T14:03:43","guid":{"rendered":"http:\/\/talkpal.ai\/galisijos-gramatika\/"},"modified":"2025-12-13T15:30:39","modified_gmt":"2025-12-13T15:30:39","slug":"galisijos-gramatika","status":"publish","type":"page","link":"https:\/\/talkpal.ai\/lt\/galisijos-gramatika\/","title":{"rendered":"Galisijos gramatika"},"content":{"rendered":"\r\n\r\n\r\n<section class=\"languageChallengeSection\">\r\n    <div class=\"languageInfoWrapper\">\r\n        \r\n        <h1>Galisijos gramatika<\/h1>\r\n        <p>Atraskite <a href=\"https:\/\/talkpal.ai\/learn-galician\/\">galis\u0173<\/a> <a href=\"https:\/\/talkpal.ai\/what-language-is-spoken-on-the-international-space-station\/\">kalbos<\/a> \u017eaves\u012f \u012fvald\u0119 pagrindines jos gramatikos taisykles. Galisie\u010di\u0173 kalbos gramatikos supratimas atvers duris \u012f prasming\u0105 bendravim\u0105 ir pad\u0117s geriau pa\u017einti gyvybing\u0105 Galisijos kult\u016br\u0105. Prad\u0117kite mokytis <a href=\"https:\/\/talkpal.ai\/learn-galician\/\">galis\u0173<\/a> kalbos gramatikos \u0161iandien ir \u017eenkite pirm\u0105j\u012f \u017eingsn\u012f \u012f laisv\u0105 kalb\u0117jim\u0105!<\/p>\r\n\r\n                            <a class=\"getStartedHidden\" href=\"https:\/\/app.talkpal.ai\/lt\/signup?lng=\">Prad\u0117k<\/a>\r\n        \r\n    <\/div>\r\n\r\n    <figure>\r\n    <img decoding=\"async\" width=\"768\" height=\"768\" src=\"https:\/\/talkpal.ai\/wp-content\/uploads\/2023\/06\/galician-768x768.png\" class=\"languageImage no-lazy\" alt=\"Language immersion powerful learning method\" fetchpriority=\"high\" sizes=\"(max-width: 768px) 150px, 768px\" srcset=\"https:\/\/talkpal.ai\/wp-content\/uploads\/2023\/06\/galician-768x768.png 768w, https:\/\/talkpal.ai\/wp-content\/uploads\/2023\/06\/galician-300x300.png 300w\" \/>\r\n    \r\n\r\n    <\/figure>\r\n\r\n            <a class=\"getStartedVisible\" href=\"https:\/\/app.talkpal.ai\/lt\/signup?lng=\">Prad\u0117k<\/a>\r\n    \r\n<\/section>\r\n<section class=\"promotionalBanner\">\r\n    <p class=\"promotionalText\">Efektyviausias b\u016bdas mokytis kalbos<\/p>\r\n    <a class=\"promotionalLink\" href=\"https:\/\/app.talkpal.ai\/lt\/signup?lng=\">I\u0161bandykite Talkpal &#8221; nemokamai<\/a>\r\n<\/section>\n<div class=\"wp-block-group pageContainerStyle\"><div class=\"wp-block-group__inner-container is-layout-constrained wp-block-group-is-layout-constrained\">\n<h2 class=\"wp-block-heading\" id=\"h-galician-grammar-unlocking-the-beauty-of-a-romance-language\">Galisijos gramatika: roman\u0173 kalbos gro\u017eio atrakinimas<\/h2>\n\n\n\n<p>Galis\u0173 kalba, roman\u0173 kalba, kuria kalba daugiau nei du milijonai \u017emoni\u0173 \u0161iaur\u0117s vakar\u0173 Ispanijoje, yra unikalus ir \u017eavus dialektas, turintis pana\u0161um\u0173 su <a href=\"https:\/\/talkpal.ai\/learn-portuguese\/\">portugal\u0173<\/a> kalba. Jis turi savit\u0105 fonologij\u0105, \u012fsp\u016bding\u0105 istorij\u0105 ir ry\u0161ki\u0105 poetin\u0119 tradicij\u0105. Norint \u012fvaldyti \u0161i\u0105 kerin\u010di\u0105 kalb\u0105, labai svarbu suprasti jos gramatik\u0105. \u0160iame straipsnyje aptarsime esminius galis\u0173 kalbos gramatikos aspektus ir pateiksime patarim\u0173, kurie pad\u0117s jums tobul\u0117ti \u0161ioje kalbin\u0117je kelion\u0117je.<\/p>\n\n\n\n<h3 class=\"wp-block-heading\" id=\"h-key-components-of-galician-grammar\">Pagrindiniai Galisijos gramatikos komponentai:<\/h3>\n\n\n\n<p>Galisijos <a href=\"https:\/\/talkpal.ai\/sq\/gramatika\/\">gramatika<\/a>, kaip ir kitos roman\u0173 kalbos, susideda i\u0161 \u012fvairi\u0173 taisykli\u0173 ir strukt\u016br\u0173, apibr\u0117\u017eian\u010di\u0173 tinkam\u0105 jo naudojim\u0105. \u0160tai keletas pagrindini\u0173 Galisijos gramatikos aspekt\u0173, kuriuos tur\u0117tum\u0117te \u017einoti:<\/p>\n\n\n\n<p><strong>1. Daiktavard\u017eiai:<\/strong> Galisijos daiktavard\u017eiai turi dvi gramatines lytis (vyri\u0161k\u0105 ir moteri\u0161k\u0105) ir yra pasirenkami skai\u010diui (vienaskaita ir daugiskaita). Daiktavard\u017eio lytis turi \u012ftakos straipsni\u0173, b\u016bdvard\u017ei\u0173 ir \u012fvard\u017ei\u0173, kurie j\u012f lydi, formai.<\/p>\n\n\n\n<p><strong>2. Straipsniai:<\/strong> Galisija turi apibr\u0117\u017etus straipsnius (o, os, a, as) ir neapibr\u0117\u017etus straipsnius (un, uns, unha, unhas). Tam tikri straipsniai naudojami nurodant konkre\u010dius objektus ar \u017emones, o neapibr\u0117\u017eti straipsniai naudojami bendroms ar nekonkre\u010dioms nuorodoms.<\/p>\n\n\n\n<p>3. B\u016bdvard\u017eiai ir <strong>prieveiksmiai: B\u016bdvard\u017eiai<\/strong> galis\u0173 kalba paprastai sutampa lytimi ir skai\u010diumi su daiktavard\u017eiais, kuriuos jie kei\u010dia. Kita vertus, prieveiksmiai yra nekintami ir nesikei\u010dia priklausomai nuo daiktavard\u017eio gimin\u0117s ar skai\u010diaus.<\/p>\n\n\n\n<p>4. Veiksma\u017eod\u017eiai: Galisijos <strong>veiksma\u017eod\u017eiai<\/strong> konjuguojami trimis taisyklingais modeliais (ar, er, ir) ir \u012fvairiais netaisyklingais ra\u0161tais. Veiksma\u017eod\u017eiai pasirenkami pagal \u012ftamp\u0105 (dabartis, praeitis, ateitis ir kt.), Nuotaik\u0105 (orientacinis, subjunkcinis, imperatyvus), aspekt\u0105 (tobulas, netobulas) ir bals\u0105 (aktyvus, pasyvus). \u012evard\u017eiai da\u017enai praleid\u017eiami veiksma\u017eod\u017eio konjugacijoje, nes veiksma\u017eod\u017eio forma paprastai nurodo dalyk\u0105.<\/p>\n\n\n\n<p><strong>5. Sakinio strukt\u016bra:<\/strong> Galisija paprastai naudoja subjekto-veiksma\u017eod\u017eio-objekto (SVO) arba veiksma\u017eod\u017eio-subjekto-objekto (VSO) \u017eod\u017ei\u0173 tvark\u0105, priklausomai nuo akcento ir konteksto. Ta\u010diau \u0161i \u017eod\u017ei\u0173 tvarka yra lanksti.<\/p>\n\n\n\n<h3 class=\"wp-block-heading\" id=\"h-tips-for-learning-galician-grammar\">Patarimai, kaip i\u0161mokti Galisijos gramatikos:<\/h3>\n\n\n\n<p>Nor\u0117dami tobul\u0117ti Galisijos gramatikos mokymosi kelion\u0117je, apsvarstykite \u0161ias naudingas strategijas:<\/p>\n\n\n\n<p><strong>1. Reguliari praktika:<\/strong> Svarbiausia \u2013 nuoseklumas. Kiekvien\u0105 dien\u0105 ar savait\u0119 skirkite konkret\u0173 laik\u0105 gramatikos pratimams, skaitymui ir ra\u0161ymui galis\u0173 kalba.<\/p>\n\n\n\n<p><strong>2. Naudokite vietinius i\u0161teklius:<\/strong> Pasinerkite \u012f autenti\u0161k\u0105 Galisijos med\u017eiag\u0105, toki\u0105 kaip literat\u016bra, naujien\u0173 straipsniai ir filmai. <a href=\"https:\/\/talkpal.ai\/learn-thai\/\">Tai<\/a> ne tik padeda pamatyti Galisijos gramatik\u0105 kontekste, bet ir pagerina skaitymo bei klausymo \u012fg\u016bd\u017eius.<\/p>\n\n\n\n<p><strong>3. Su\u017einokite daiktavard\u017ei\u0173 lytis ir straipsnius: Susipa\u017einkite su galis\u0173 daiktavard\u017ei\u0173 lytimis ir<\/strong> tinkamu straipsni\u0173 naudojimu. Tai labai svarbu formuojant tikslius ir nuoseklius sakinius.<\/p>\n\n\n\n<p>4. Susisiekite su gimt\u0105ja kalba: bendraukite <strong>su gimt\u0105ja<\/strong> galis\u0173 kalba per kalb\u0173 main\u0173 programas, socialin\u0119 \u017einiasklaid\u0105 ar internetinius forumus. Tai suteikia galimybi\u0173 <a href=\"https:\/\/talkpal.ai\/grammar\/\">praktikuoti gramatik\u0105<\/a> pokalbiuose realiame gyvenime ir gauti verting\u0173 atsiliepim\u0173.<\/p>\n\n\n\n<p><strong>5. Kantryb\u0117 ir atkaklumas:<\/strong> Naujos kalbos mokymasis reikalauja laiko, ry\u017eto ir kantryb\u0117s. Priimkite i\u0161\u0161\u016bkius ir \u0161v\u0119skite savo pa\u017eang\u0105 kelyje.<\/p>\n\n\n\n<h2 class=\"wp-block-heading\" id=\"h-conclusion\">I\u0161vada:<\/h2>\n\n\n\n<p>Galisijos gramatika, pasi\u017eyminti unikaliomis savyb\u0117mis ir ry\u0161iu su roman\u0173 kalb\u0173 \u0161eima, turi rakt\u0105 \u012f \u0161ios patrauklios tarm\u0117s \u012fsisavinim\u0105. Suprasdami pagrindines kalbos sudedam\u0105sias dalis ir vadovaudamiesi m\u016bs\u0173 mokymosi strategijomis, b\u016bsite pakeliui \u012f kalb\u0173 mok\u0117jim\u0105. Taigi, leiskit\u0117s \u012f \u0161i\u0105 jaudinan\u010di\u0105 kelion\u0119 ir atrakinkite galis\u0173 kalbos stebuklus!<\/p>\n<\/div><\/div>\n\r\n<section class=\"learnNavigationSection\">\r\n            \r\n        <a href=\"https:\/\/talkpal.ai\/lt\/ismokite-galisu-kalba\/\">\r\n            <div class=\"learnNavigationWrapper\">\r\n                <div class=\"learnNavigationContent\">\r\n                    <img decoding=\"async\" src=\"https:\/\/talkpal.ai\/wp-content\/uploads\/2024\/08\/Galician.jpg\" alt=\"Galicia Flag\">\r\n                    <div>\r\n                        <h4>Apie galis\u0173 kalbos mokym\u0105si<\/h4>\r\n                        <p>Su\u017einokite visk\u0105 apie Galisijos gramatik\u0105.<\/p>\r\n                    <\/div>\r\n                <\/div>\r\n            <\/div>\r\n        <\/a>\r\n\r\n        \r\n        <a href=\"https:\/\/talkpal.ai\/lt\/galisijos-gramatikos-pratimai\/\">\r\n            <div class=\"learnNavigationWrapper\">\r\n                <div class=\"learnNavigationContent\">\r\n                    <img decoding=\"async\" src=\"https:\/\/talkpal.ai\/wp-content\/uploads\/2024\/08\/Galician.jpg\" alt=\"Galicia Flag\">\r\n                    <div>\r\n                        <h4>Galisijos gramatikos pratybos<\/h4>\r\n                        <p>Praktikuokite Galisijos gramatik\u0105.<\/p>\r\n                    <\/div>\r\n                <\/div>\r\n            <\/div>\r\n        <\/a>\r\n\r\n        \r\n        <a href=\"https:\/\/talkpal.ai\/vocabulary_language\/galician\/\">\r\n            <div class=\"learnNavigationWrapper\">\r\n                <div class=\"learnNavigationContent\">\r\n                    <img decoding=\"async\" src=\"https:\/\/talkpal.ai\/wp-content\/uploads\/2024\/08\/Galician.jpg\" alt=\"Galicia Flag\">\r\n                    <div>\r\n                        <h4>Galis\u0173 kalbos \u017eodynas<\/h4>\r\n                        <p>Prapl\u0117skite savo galis\u0173 kalbos \u017eodyn\u0105.<\/p>\r\n                    <\/div>\r\n                <\/div>\r\n            <\/div>\r\n        <\/a>\r\n\r\n            <\/section>","protected":false},"excerpt":{"rendered":"<p>Galisijos gramatika: roman\u0173 kalbos gro\u017eio atrakinimas Galis\u0173 kalba, roman\u0173 kalba, kuria kalba daugiau nei du milijonai \u017emoni\u0173 \u0161iaur\u0117s vakar\u0173 Ispanijoje, yra unikalus ir \u017eavus dialektas, turintis pana\u0161um\u0173 su portugal\u0173 kalba. Jis turi savit\u0105 fonologij\u0105, \u012fsp\u016bding\u0105 istorij\u0105 ir ry\u0161ki\u0105 poetin\u0119 tradicij\u0105. Norint \u012fvaldyti \u0161i\u0105 kerin\u010di\u0105 kalb\u0105, labai svarbu suprasti jos gramatik\u0105. \u0160iame straipsnyje aptarsime esminius galis\u0173 [&hellip;]<\/p>\n","protected":false},"author":1,"featured_media":111915,"parent":0,"menu_order":0,"comment_status":"closed","ping_status":"closed","template":"LearningContentPage.php","meta":{"_acf_changed":false,"footnotes":""},"class_list":["post-144023","page","type-page","status-publish","has-post-thumbnail","hentry"],"acf":[],"yoast_head":"<!-- This site is optimized with the Yoast SEO Premium plugin v27.2 (Yoast SEO v27.2) - https:\/\/yoast.com\/product\/yoast-seo-premium-wordpress\/ -->\n<title>Galisijos gramatika - Talkpal<\/title>\n<meta name=\"description\" content=\"Lengvai i\u0161mokite galis\u0173 kalbos gramatik\u0105 - su\u017einokite taisykles, kurkite taisyklingus sakinius ir ai\u0161kiai bendraukite\" \/>\n<meta name=\"robots\" content=\"index, follow, max-snippet:-1, max-image-preview:large, max-video-preview:-1\" \/>\n<link rel=\"canonical\" href=\"https:\/\/talkpal.ai\/lt\/galisijos-gramatika\/\" \/>\n<meta property=\"og:locale\" content=\"lt_LT\" \/>\n<meta property=\"og:type\" content=\"article\" \/>\n<meta property=\"og:title\" content=\"Galisijos gramatika\" \/>\n<meta property=\"og:description\" content=\"Galisijos gramatika: roman\u0173 kalbos gro\u017eio atrakinimas Galis\u0173 kalba, roman\u0173 kalba, kuria kalba daugiau nei du milijonai \u017emoni\u0173 \u0161iaur\u0117s vakar\u0173 Ispanijoje,\" \/>\n<meta property=\"og:url\" content=\"https:\/\/talkpal.ai\/lt\/galisijos-gramatika\/\" \/>\n<meta property=\"og:site_name\" content=\"Talkpal\" \/>\n<meta property=\"article:publisher\" content=\"https:\/\/www.facebook.com\/profile.php?id=100090733639311\" \/>\n<meta property=\"article:modified_time\" content=\"2025-12-13T15:30:39+00:00\" \/>\n<meta property=\"og:image\" content=\"https:\/\/talkpal.ai\/wp-content\/uploads\/2023\/05\/Galician-spain.png\" \/>\n\t<meta property=\"og:image:width\" content=\"512\" \/>\n\t<meta property=\"og:image:height\" content=\"512\" \/>\n\t<meta property=\"og:image:type\" content=\"image\/png\" \/>\n<meta name=\"twitter:card\" content=\"summary_large_image\" \/>\n<meta name=\"twitter:site\" content=\"@talkpalai\" \/>\n<meta name=\"twitter:label1\" content=\"Est. reading time\" \/>\n\t<meta name=\"twitter:data1\" content=\"3 minut\u0117s\" \/>\n<script type=\"application\/ld+json\" class=\"yoast-schema-graph\">{\"@context\":\"https:\/\/schema.org\",\"@graph\":[{\"@type\":\"WebPage\",\"@id\":\"https:\/\/talkpal.ai\/lt\/galisijos-gramatika\/\",\"url\":\"https:\/\/talkpal.ai\/lt\/galisijos-gramatika\/\",\"name\":\"Galisijos gramatika - Talkpal\",\"isPartOf\":{\"@id\":\"https:\/\/talkpal.ai\/lt\/#website\"},\"primaryImageOfPage\":{\"@id\":\"https:\/\/talkpal.ai\/lt\/galisijos-gramatika\/#primaryimage\"},\"image\":{\"@id\":\"https:\/\/talkpal.ai\/lt\/galisijos-gramatika\/#primaryimage\"},\"thumbnailUrl\":\"https:\/\/talkpal.ai\/wp-content\/uploads\/2023\/05\/Galician-spain.png\",\"datePublished\":\"2023-05-14T14:03:43+00:00\",\"dateModified\":\"2025-12-13T15:30:39+00:00\",\"description\":\"Lengvai i\u0161mokite galis\u0173 kalbos gramatik\u0105 - su\u017einokite taisykles, kurkite taisyklingus sakinius ir ai\u0161kiai bendraukite\",\"breadcrumb\":{\"@id\":\"https:\/\/talkpal.ai\/lt\/galisijos-gramatika\/#breadcrumb\"},\"inLanguage\":\"lt-LT\",\"potentialAction\":[{\"@type\":\"ReadAction\",\"target\":[\"https:\/\/talkpal.ai\/lt\/galisijos-gramatika\/\"]}]},{\"@type\":\"ImageObject\",\"inLanguage\":\"lt-LT\",\"@id\":\"https:\/\/talkpal.ai\/lt\/galisijos-gramatika\/#primaryimage\",\"url\":\"https:\/\/talkpal.ai\/wp-content\/uploads\/2023\/05\/Galician-spain.png\",\"contentUrl\":\"https:\/\/talkpal.ai\/wp-content\/uploads\/2023\/05\/Galician-spain.png\",\"width\":512,\"height\":512},{\"@type\":\"BreadcrumbList\",\"@id\":\"https:\/\/talkpal.ai\/lt\/galisijos-gramatika\/#breadcrumb\",\"itemListElement\":[{\"@type\":\"ListItem\",\"position\":1,\"name\":\"Homepage\",\"item\":\"https:\/\/talkpal.ai\/lt\/\"},{\"@type\":\"ListItem\",\"position\":2,\"name\":\"Galisijos gramatika\"}]},{\"@type\":\"WebSite\",\"@id\":\"https:\/\/talkpal.ai\/lt\/#website\",\"url\":\"https:\/\/talkpal.ai\/lt\/\",\"name\":\"Talkpal\",\"description\":\"AI Language Learning\",\"publisher\":{\"@id\":\"https:\/\/talkpal.ai\/lt\/#organization\"},\"alternateName\":\"Talkpal AI\",\"potentialAction\":[{\"@type\":\"SearchAction\",\"target\":{\"@type\":\"EntryPoint\",\"urlTemplate\":\"https:\/\/talkpal.ai\/lt\/?s={search_term_string}\"},\"query-input\":{\"@type\":\"PropertyValueSpecification\",\"valueRequired\":true,\"valueName\":\"search_term_string\"}}],\"inLanguage\":\"lt-LT\"},{\"@type\":\"Organization\",\"@id\":\"https:\/\/talkpal.ai\/lt\/#organization\",\"name\":\"Talkpal, Inc.\",\"alternateName\":\"Talkpal AI\",\"url\":\"https:\/\/talkpal.ai\/lt\/\",\"logo\":{\"@type\":\"ImageObject\",\"inLanguage\":\"lt-LT\",\"@id\":\"https:\/\/talkpal.ai\/lt\/#\/schema\/logo\/image\/\",\"url\":\"https:\/\/talkpal.ai\/wp-content\/uploads\/2024\/03\/Talkpal-Logo-Icon.png\",\"contentUrl\":\"https:\/\/talkpal.ai\/wp-content\/uploads\/2024\/03\/Talkpal-Logo-Icon.png\",\"width\":2880,\"height\":2880,\"caption\":\"Talkpal, Inc.\"},\"image\":{\"@id\":\"https:\/\/talkpal.ai\/lt\/#\/schema\/logo\/image\/\"},\"sameAs\":[\"https:\/\/www.facebook.com\/profile.php?id=100090733639311\",\"https:\/\/x.com\/talkpalai\",\"https:\/\/www.linkedin.com\/company\/talkpal\/\",\"https:\/\/www.youtube.com\/@TalkPal\/\",\"https:\/\/www.tiktok.com\/@talkpal\",\"https:\/\/www.instagram.com\/talkpal_ai\/\",\"https:\/\/www.crunchbase.com\/organization\/talkpal-9cde\",\"https:\/\/www.g2.com\/products\/talkpal-for-business\/\",\"https:\/\/www.trustpilot.com\/review\/talkpal.ai\",\"https:\/\/www.capterra.com\/p\/10006800\/TalkPal\/\"],\"description\":\"Talkpal is a language learning web and mobile education app, powered by the latest AI technologies, that provides engaging experiences to its customers in many different languages to help them improve their language skills. Users can chat about unlimited amount of topics with the app and use other modes to practice their language learning.\",\"email\":\"support@talkpal.ai\",\"legalName\":\"Talkpal, Inc.\",\"foundingDate\":\"2023-04-03\",\"duns\":\"118989042\",\"numberOfEmployees\":{\"@type\":\"QuantitativeValue\",\"minValue\":\"11\",\"maxValue\":\"50\"},\"publishingPrinciples\":\"https:\/\/talkpal.ai\/publishing-principles\/\",\"actionableFeedbackPolicy\":\"https:\/\/talkpal.ai\/actionable-feedback-policy\/\",\"correctionsPolicy\":\"https:\/\/talkpal.ai\/corrections-policy\/\",\"ethicsPolicy\":\"https:\/\/talkpal.ai\/ethics-policy\/\",\"diversityPolicy\":\"https:\/\/talkpal.ai\/diversity-policy\/\",\"diversityStaffingReport\":\"https:\/\/talkpal.ai\/diversity-policy\/\"}]}<\/script>\n<!-- \/ Yoast SEO Premium plugin. -->","yoast_head_json":{"title":"Galisijos gramatika - Talkpal","description":"Lengvai i\u0161mokite galis\u0173 kalbos gramatik\u0105 - su\u017einokite taisykles, kurkite taisyklingus sakinius ir ai\u0161kiai bendraukite","robots":{"index":"index","follow":"follow","max-snippet":"max-snippet:-1","max-image-preview":"max-image-preview:large","max-video-preview":"max-video-preview:-1"},"canonical":"https:\/\/talkpal.ai\/lt\/galisijos-gramatika\/","og_locale":"lt_LT","og_type":"article","og_title":"Galisijos gramatika","og_description":"Galisijos gramatika: roman\u0173 kalbos gro\u017eio atrakinimas Galis\u0173 kalba, roman\u0173 kalba, kuria kalba daugiau nei du milijonai \u017emoni\u0173 \u0161iaur\u0117s vakar\u0173 Ispanijoje,","og_url":"https:\/\/talkpal.ai\/lt\/galisijos-gramatika\/","og_site_name":"Talkpal","article_publisher":"https:\/\/www.facebook.com\/profile.php?id=100090733639311","article_modified_time":"2025-12-13T15:30:39+00:00","og_image":[{"width":512,"height":512,"url":"https:\/\/talkpal.ai\/wp-content\/uploads\/2023\/05\/Galician-spain.png","type":"image\/png"}],"twitter_card":"summary_large_image","twitter_site":"@talkpalai","twitter_misc":{"Est. reading time":"3 minut\u0117s"},"schema":{"@context":"https:\/\/schema.org","@graph":[{"@type":"WebPage","@id":"https:\/\/talkpal.ai\/lt\/galisijos-gramatika\/","url":"https:\/\/talkpal.ai\/lt\/galisijos-gramatika\/","name":"Galisijos gramatika - Talkpal","isPartOf":{"@id":"https:\/\/talkpal.ai\/lt\/#website"},"primaryImageOfPage":{"@id":"https:\/\/talkpal.ai\/lt\/galisijos-gramatika\/#primaryimage"},"image":{"@id":"https:\/\/talkpal.ai\/lt\/galisijos-gramatika\/#primaryimage"},"thumbnailUrl":"https:\/\/talkpal.ai\/wp-content\/uploads\/2023\/05\/Galician-spain.png","datePublished":"2023-05-14T14:03:43+00:00","dateModified":"2025-12-13T15:30:39+00:00","description":"Lengvai i\u0161mokite galis\u0173 kalbos gramatik\u0105 - su\u017einokite taisykles, kurkite taisyklingus sakinius ir ai\u0161kiai bendraukite","breadcrumb":{"@id":"https:\/\/talkpal.ai\/lt\/galisijos-gramatika\/#breadcrumb"},"inLanguage":"lt-LT","potentialAction":[{"@type":"ReadAction","target":["https:\/\/talkpal.ai\/lt\/galisijos-gramatika\/"]}]},{"@type":"ImageObject","inLanguage":"lt-LT","@id":"https:\/\/talkpal.ai\/lt\/galisijos-gramatika\/#primaryimage","url":"https:\/\/talkpal.ai\/wp-content\/uploads\/2023\/05\/Galician-spain.png","contentUrl":"https:\/\/talkpal.ai\/wp-content\/uploads\/2023\/05\/Galician-spain.png","width":512,"height":512},{"@type":"BreadcrumbList","@id":"https:\/\/talkpal.ai\/lt\/galisijos-gramatika\/#breadcrumb","itemListElement":[{"@type":"ListItem","position":1,"name":"Homepage","item":"https:\/\/talkpal.ai\/lt\/"},{"@type":"ListItem","position":2,"name":"Galisijos gramatika"}]},{"@type":"WebSite","@id":"https:\/\/talkpal.ai\/lt\/#website","url":"https:\/\/talkpal.ai\/lt\/","name":"Talkpal","description":"AI Language Learning","publisher":{"@id":"https:\/\/talkpal.ai\/lt\/#organization"},"alternateName":"Talkpal AI","potentialAction":[{"@type":"SearchAction","target":{"@type":"EntryPoint","urlTemplate":"https:\/\/talkpal.ai\/lt\/?s={search_term_string}"},"query-input":{"@type":"PropertyValueSpecification","valueRequired":true,"valueName":"search_term_string"}}],"inLanguage":"lt-LT"},{"@type":"Organization","@id":"https:\/\/talkpal.ai\/lt\/#organization","name":"Talkpal, Inc.","alternateName":"Talkpal AI","url":"https:\/\/talkpal.ai\/lt\/","logo":{"@type":"ImageObject","inLanguage":"lt-LT","@id":"https:\/\/talkpal.ai\/lt\/#\/schema\/logo\/image\/","url":"https:\/\/talkpal.ai\/wp-content\/uploads\/2024\/03\/Talkpal-Logo-Icon.png","contentUrl":"https:\/\/talkpal.ai\/wp-content\/uploads\/2024\/03\/Talkpal-Logo-Icon.png","width":2880,"height":2880,"caption":"Talkpal, Inc."},"image":{"@id":"https:\/\/talkpal.ai\/lt\/#\/schema\/logo\/image\/"},"sameAs":["https:\/\/www.facebook.com\/profile.php?id=100090733639311","https:\/\/x.com\/talkpalai","https:\/\/www.linkedin.com\/company\/talkpal\/","https:\/\/www.youtube.com\/@TalkPal\/","https:\/\/www.tiktok.com\/@talkpal","https:\/\/www.instagram.com\/talkpal_ai\/","https:\/\/www.crunchbase.com\/organization\/talkpal-9cde","https:\/\/www.g2.com\/products\/talkpal-for-business\/","https:\/\/www.trustpilot.com\/review\/talkpal.ai","https:\/\/www.capterra.com\/p\/10006800\/TalkPal\/"],"description":"Talkpal is a language learning web and mobile education app, powered by the latest AI technologies, that provides engaging experiences to its customers in many different languages to help them improve their language skills. Users can chat about unlimited amount of topics with the app and use other modes to practice their language learning.","email":"support@talkpal.ai","legalName":"Talkpal, Inc.","foundingDate":"2023-04-03","duns":"118989042","numberOfEmployees":{"@type":"QuantitativeValue","minValue":"11","maxValue":"50"},"publishingPrinciples":"https:\/\/talkpal.ai\/publishing-principles\/","actionableFeedbackPolicy":"https:\/\/talkpal.ai\/actionable-feedback-policy\/","correctionsPolicy":"https:\/\/talkpal.ai\/corrections-policy\/","ethicsPolicy":"https:\/\/talkpal.ai\/ethics-policy\/","diversityPolicy":"https:\/\/talkpal.ai\/diversity-policy\/","diversityStaffingReport":"https:\/\/talkpal.ai\/diversity-policy\/"}]}},"_links":{"self":[{"href":"https:\/\/talkpal.ai\/lt\/wp-json\/wp\/v2\/pages\/144023","targetHints":{"allow":["GET"]}}],"collection":[{"href":"https:\/\/talkpal.ai\/lt\/wp-json\/wp\/v2\/pages"}],"about":[{"href":"https:\/\/talkpal.ai\/lt\/wp-json\/wp\/v2\/types\/page"}],"author":[{"embeddable":true,"href":"https:\/\/talkpal.ai\/lt\/wp-json\/wp\/v2\/users\/1"}],"replies":[{"embeddable":true,"href":"https:\/\/talkpal.ai\/lt\/wp-json\/wp\/v2\/comments?post=144023"}],"version-history":[{"count":0,"href":"https:\/\/talkpal.ai\/lt\/wp-json\/wp\/v2\/pages\/144023\/revisions"}],"wp:featuredmedia":[{"embeddable":true,"href":"https:\/\/talkpal.ai\/lt\/wp-json\/wp\/v2\/media\/111915"}],"wp:attachment":[{"href":"https:\/\/talkpal.ai\/lt\/wp-json\/wp\/v2\/media?parent=144023"}],"curies":[{"name":"wp","href":"https:\/\/api.w.org\/{rel}","templated":true}]}}