{"id":143870,"date":"2023-05-14T14:03:23","date_gmt":"2023-05-14T14:03:23","guid":{"rendered":"http:\/\/talkpal.ai\/danu-kalbos-gramatika\/"},"modified":"2025-12-13T15:26:42","modified_gmt":"2025-12-13T15:26:42","slug":"danu-kalbos-gramatika","status":"publish","type":"page","link":"https:\/\/talkpal.ai\/lt\/danu-kalbos-gramatika\/","title":{"rendered":"Dan\u0173 kalbos gramatika"},"content":{"rendered":"\r\n\r\n\r\n<section class=\"languageChallengeSection\">\r\n    <div class=\"languageInfoWrapper\">\r\n        \r\n        <h1>Dan\u0173 kalbos gramatika<\/h1>\r\n        <p>Atskleiskite <a href=\"https:\/\/talkpal.ai\/learn-danish\/\">dan\u0173<\/a> <a href=\"https:\/\/talkpal.ai\/what-language-is-spoken-on-the-international-space-station\/\">kalbos<\/a> gramatikos pagrindus ir prad\u0117kite u\u017etikrintai bendrauti \u0161ia \u017eavinga skandinav\u0173 kalba. I\u0161mok\u0119 pagrindines taisykles ir strukt\u016bras, \u012fgysite \u012fg\u016bd\u017ei\u0173, reikaling\u0173 bendrauti su dani\u0161kai kalban\u010diais \u017emon\u0117mis ir i\u0161 arti pa\u017einti j\u0173 turting\u0105 kult\u016br\u0105. Prad\u0117kite mokytis dan\u0173 kalbos gramatikos \u0161iandien ir \u017eenkite pirm\u0105j\u012f \u017eingsn\u012f \u012f skland\u0173 kalb\u0117jim\u0105!\n\n<\/p>\r\n\r\n                            <a class=\"getStartedHidden\" href=\"https:\/\/app.talkpal.ai\/lt\/signup?lng=\">Prad\u0117k<\/a>\r\n        \r\n    <\/div>\r\n\r\n    <figure>\r\n    <img decoding=\"async\" width=\"768\" height=\"768\" src=\"https:\/\/talkpal.ai\/wp-content\/uploads\/2023\/06\/danish-768x768.png\" class=\"languageImage no-lazy\" alt=\"Language learning for career enhancement\" fetchpriority=\"high\" sizes=\"(max-width: 768px) 150px, 768px\" srcset=\"https:\/\/talkpal.ai\/wp-content\/uploads\/2023\/06\/danish-768x768.png 768w, https:\/\/talkpal.ai\/wp-content\/uploads\/2023\/06\/danish-300x300.png 300w\" \/>\r\n    \r\n\r\n    <\/figure>\r\n\r\n            <a class=\"getStartedVisible\" href=\"https:\/\/app.talkpal.ai\/lt\/signup?lng=\">Prad\u0117k<\/a>\r\n    \r\n<\/section>\r\n<section class=\"promotionalBanner\">\r\n    <p class=\"promotionalText\">Efektyviausias b\u016bdas mokytis kalbos<\/p>\r\n    <a class=\"promotionalLink\" href=\"https:\/\/app.talkpal.ai\/lt\/signup?lng=\">I\u0161bandykite Talkpal &#8221; nemokamai<\/a>\r\n<\/section>\n<div class=\"wp-block-group pageContainerStyle\"><div class=\"wp-block-group__inner-container is-layout-constrained wp-block-group-is-layout-constrained\">\n<h2 class=\"wp-block-heading\" id=\"h-delving-into-the-depths-of-danish-grammar-unraveling-its-idiosyncrasies-and-charm\">Gilinimasis \u012f dan\u0173 kalbos gramatikos gelmes: jos savitumo ir \u017eavesio atskleidimas<\/h2>\n\n\n\n<p>Pamenate laik\u0105, <a href=\"https:\/\/talkpal.ai\/locations\/language-courses-in-kai\/\">kai<\/a> <a href=\"https:\/\/talkpal.ai\/learn-english-with-ai\/\">angl\u0173<\/a> kalbos gramatikos <a href=\"https:\/\/talkpal.ai\/lt\/mokymasis\/\">mokymasis<\/a> atrod\u0117 kaip kova su daugybe taisykli\u0173, i\u0161im\u010di\u0173 ir sud\u0117tinga terminologija? Jei norite i\u0161mokti dan\u0173 kalb\u0105, pasiruo\u0161kite dar vienai jaudinan\u010diai kelionei po sud\u0117ting\u0105 ir \u012fdomi\u0105 dan\u0173 kalbos gramatik\u0105.<\/p>\n\n\n\n<p>Dan\u0173 kalba, \u0161iaur\u0117s german\u0173 kalba, turi pana\u0161um\u0173 su tokiomis kalbomis kaip <a href=\"https:\/\/talkpal.ai\/learn-norwegian\/\">norveg\u0173<\/a> ir <a href=\"https:\/\/talkpal.ai\/learn-swedish\/\">\u0161ved\u0173<\/a>. Ta\u010diau jis turi savo unikali\u0173 savybi\u0173, d\u0117l kuri\u0173 j\u012f verta nuodugniai i\u0161tirti. Prad\u0117kime nuo dan\u0173 gramatikos stebukl\u0173 atskleidimo po vien\u0105 taisykl\u0119.<\/p>\n\n\n\n<p><strong>Ry\u0161kus dan\u0173 kalbos gramatikos bruo\u017eas<\/strong> yra jos paprastumas, kai kalbama apie \u017eod\u017ei\u0173 tvark\u0105. Dan\u0173 kalba atitinka dalyko-veiksma\u017eod\u017eio-objekto (SVO) strukt\u016br\u0105, kaip ir angl\u0173 kalba, tod\u0117l anglakalbiams j\u0105 gana lengva suprasti. Ta\u010diau \u010dia yra vienas pos\u016bkis &#8211; pagrindiniuose sakiniuose vartojama V2 \u017eod\u017ei\u0173 tvarka, o tai rei\u0161kia, kad veiksma\u017eodis visada turi b\u016bti antrasis elementas. \u0160i taisykl\u0117 dan\u0173 kalbai suteikia unikalumo.<\/p>\n\n\n\n<p>Kitas mielas dan\u0173 kalbos gramatikos aspektas yra <strong>dviej\u0173 ly\u010di\u0173 sistema<\/strong>. Nors kai kurios kalbos, pavyzd\u017eiui, pranc\u016bz\u0173 ar ispan\u0173, susideda i\u0161 atskir\u0173 vyri\u0161k\u0173 ir moteri\u0161k\u0173 ly\u010di\u0173, dan\u0173 kalba tai supaprastina naudodama dvi pagrindines lytis: bendr\u0105 ir neuterin\u0119. Dan\u0173 kalboje dauguma daiktavard\u017ei\u0173 priskiriami &#8222;bendr\u0173j\u0173&#8221; kategorijai, tod\u0117l lyties suderinimas su b\u016bdvard\u017eiais ir artikeliuose yra gana paprastas.<\/p>\n\n\n\n<p>Pasinerkite \u012f <strong>veiksma\u017eod\u017ei\u0173 konjugacijos<\/strong> srit\u012f ir pamatysite, kad dan\u0173 kalba paprastumu lenkia kitas kalbas. Dan\u0173 veiksma\u017eod\u017eiai nesikei\u010dia pagal tem\u0105, tod\u0117l lengva \u012fsiminti ir suprasti skirtingas formas. \u012eprasti veiksma\u017eod\u017eiai atitinka nusp\u0117jamus modelius, ir net netaisyklingi veiksma\u017eod\u017eiai kelia ma\u017eai i\u0161\u0161\u016bki\u0173, nes j\u0173 nelygumai yra labai subtil\u016bs.<\/p>\n\n\n\n<p>Dan\u0173 kalbos gramatika si\u016blo unikali\u0105 funkcij\u0105 <strong>, nes joje naudojami neapibr\u0117\u017eti dalykai, straipsniai ir demonstraciniai dalykai<\/strong>. Neapibr\u0117\u017etasis pa\u017eyminys angl\u0173 kalboje atitinka &#8222;a&#8221; arba &#8222;an&#8221;, o dan\u0173 kalboje jis gali b\u016bti &#8222;en&#8221; bendrosios gimin\u0117s daiktavard\u017eiams arba &#8222;et&#8221; viduriniosios gimin\u0117s daiktavard\u017eiams. Baigiamasis pa\u017eyminys, pana\u0161us \u012f angli\u0161k\u0105j\u012f &#8222;the&#8221;, pridedamas prie daiktavard\u017eio galo ir sujungiamas \u012f vien\u0105 \u017eod\u012f. Parodomieji, nurodantys konkre\u010dius daiktavard\u017eius, taip pat kei\u010diasi pagal daiktavard\u017eio lyt\u012f, pridedant specifi\u0161kumo ir \u017eavesio lyg\u012f.<\/p>\n\n\n\n<p>Nepamir\u0161kime ir <strong>dan\u0173 kalbos tarimo<\/strong> gro\u017eio, kuris reikalauja i\u0161manyti savitus balsi\u0173 garsus ir mink\u0161tus s\u0105skambius. St\u00f8d (glotnios stotel\u0117s) vartojimas dar labiau i\u0161skiria j\u012f i\u0161 kit\u0173 german\u0173 kalb\u0173, suteikdamas dan\u0173 kalbai unikal\u0173 skambes\u012f ir patrauklum\u0105.<\/p>\n\n\n\n<p>Gilindamiesi \u012f dan\u0173 kalbos gramatik\u0105 ne tik i\u0161moksite nauj\u0105 kalb\u0105, bet ir praturtinsite savo kult\u016brines \u017einias bei supratim\u0105 apie Danij\u0105 ir jos \u017emones. Nors kartais ir sud\u0117tinga, dan\u0173 kalbos gramatika si\u016blo unikali\u0105 mokymosi patirt\u012f, kuri atveria duris nesuskai\u010diuojamai daugybei \u017eavesio ir savitum\u0173, d\u0117l kuri\u0173 ji tampa nenugalima kalba, kuri\u0105 reikia tyrin\u0117ti. Taigi, griebkite savo kalb\u0173 knygas ir leiskit\u0117s \u012f dan\u0173 kalbos gramatikos nuotyk\u012f, kuris \u017eada jus su\u017eav\u0117ti ir \u012fkv\u0117pti kiekviename \u017eingsnyje!<\/p>\n<\/div><\/div>\n\r\n<section class=\"learnNavigationSection\">\r\n            \r\n        <a href=\"https:\/\/talkpal.ai\/lt\/ismok-danu-kalba\/\">\r\n            <div class=\"learnNavigationWrapper\">\r\n                <div class=\"learnNavigationContent\">\r\n                    <img decoding=\"async\" src=\"https:\/\/talkpal.ai\/wp-content\/uploads\/2024\/08\/Danish.jpg\" alt=\"Danish Flag\">\r\n                    <div>\r\n                        <h4>Apie Danijos mokym\u0105si<\/h4>\r\n                        <p>Su\u017einokite visk\u0105 apie dan\u0173 kalbos gramatik\u0105.<\/p>\r\n                    <\/div>\r\n                <\/div>\r\n            <\/div>\r\n        <\/a>\r\n\r\n        \r\n        <a href=\"https:\/\/talkpal.ai\/lt\/danu-kalbos-gramatikos-pratimai\/\">\r\n            <div class=\"learnNavigationWrapper\">\r\n                <div class=\"learnNavigationContent\">\r\n                    <img decoding=\"async\" src=\"https:\/\/talkpal.ai\/wp-content\/uploads\/2024\/08\/Danish.jpg\" alt=\"Danish Flag\">\r\n                    <div>\r\n                        <h4>Dan\u0173 kalbos gramatikos pratybos<\/h4>\r\n                        <p>Praktikuokite dan\u0173 kalbos gramatik\u0105.<\/p>\r\n                    <\/div>\r\n                <\/div>\r\n            <\/div>\r\n        <\/a>\r\n\r\n        \r\n        <a href=\"https:\/\/talkpal.ai\/vocabulary_language\/danish\/\">\r\n            <div class=\"learnNavigationWrapper\">\r\n                <div class=\"learnNavigationContent\">\r\n                    <img decoding=\"async\" src=\"https:\/\/talkpal.ai\/wp-content\/uploads\/2024\/08\/Danish.jpg\" alt=\"Danish Flag\">\r\n                    <div>\r\n                        <h4>Dan\u0173 kalbos \u017eodynas<\/h4>\r\n                        <p>Prapl\u0117skite savo dan\u0173 kalbos \u017eodyn\u0105.<\/p>\r\n                    <\/div>\r\n                <\/div>\r\n            <\/div>\r\n        <\/a>\r\n\r\n            <\/section>","protected":false},"excerpt":{"rendered":"<p>Gilinimasis \u012f dan\u0173 kalbos gramatikos gelmes: jos savitumo ir \u017eavesio atskleidimas Pamenate laik\u0105, kai angl\u0173 kalbos gramatikos mokymasis atrod\u0117 kaip kova su daugybe taisykli\u0173, i\u0161im\u010di\u0173 ir sud\u0117tinga terminologija? Jei norite i\u0161mokti dan\u0173 kalb\u0105, pasiruo\u0161kite dar vienai jaudinan\u010diai kelionei po sud\u0117ting\u0105 ir \u012fdomi\u0105 dan\u0173 kalbos gramatik\u0105. Dan\u0173 kalba, \u0161iaur\u0117s german\u0173 kalba, turi pana\u0161um\u0173 su tokiomis kalbomis [&hellip;]<\/p>\n","protected":false},"author":1,"featured_media":110890,"parent":0,"menu_order":0,"comment_status":"closed","ping_status":"closed","template":"LearningContentPage.php","meta":{"_acf_changed":false,"footnotes":""},"class_list":["post-143870","page","type-page","status-publish","has-post-thumbnail","hentry"],"acf":[],"yoast_head":"<!-- This site is optimized with the Yoast SEO Premium plugin v27.2 (Yoast SEO v27.2) - https:\/\/yoast.com\/product\/yoast-seo-premium-wordpress\/ -->\n<title>Dan\u0173 kalbos gramatika - Talkpal<\/title>\n<meta name=\"description\" content=\"I\u0161tirkite dan\u0173 kalbos gramatikos subtilybes ir su\u017einokite unikalias taisykles bei ypatybes. I\u0161mokite lengvai nar\u0161yti kalb\u0105.\" \/>\n<meta name=\"robots\" content=\"index, follow, max-snippet:-1, max-image-preview:large, max-video-preview:-1\" \/>\n<link rel=\"canonical\" href=\"https:\/\/talkpal.ai\/lt\/danu-kalbos-gramatika\/\" \/>\n<meta property=\"og:locale\" content=\"lt_LT\" \/>\n<meta property=\"og:type\" content=\"article\" \/>\n<meta property=\"og:title\" content=\"Dan\u0173 kalbos gramatika\" \/>\n<meta property=\"og:description\" content=\"Gilinimasis \u012f dan\u0173 kalbos gramatikos gelmes: jos savitumo ir \u017eavesio atskleidimas Pamenate laik\u0105, kai angl\u0173 kalbos gramatikos mokymasis atrod\u0117 kaip kova\" \/>\n<meta property=\"og:url\" content=\"https:\/\/talkpal.ai\/lt\/danu-kalbos-gramatika\/\" \/>\n<meta property=\"og:site_name\" content=\"Talkpal\" \/>\n<meta property=\"article:publisher\" content=\"https:\/\/www.facebook.com\/profile.php?id=100090733639311\" \/>\n<meta property=\"article:modified_time\" content=\"2025-12-13T15:26:42+00:00\" \/>\n<meta property=\"og:image\" content=\"https:\/\/talkpal.ai\/wp-content\/uploads\/2023\/05\/denmark.png\" \/>\n\t<meta property=\"og:image:width\" content=\"512\" \/>\n\t<meta property=\"og:image:height\" content=\"512\" \/>\n\t<meta property=\"og:image:type\" content=\"image\/png\" \/>\n<meta name=\"twitter:card\" content=\"summary_large_image\" \/>\n<meta name=\"twitter:site\" content=\"@talkpalai\" \/>\n<meta name=\"twitter:label1\" content=\"Est. reading time\" \/>\n\t<meta name=\"twitter:data1\" content=\"2 minut\u0117s\" \/>\n<script type=\"application\/ld+json\" class=\"yoast-schema-graph\">{\"@context\":\"https:\/\/schema.org\",\"@graph\":[{\"@type\":\"WebPage\",\"@id\":\"https:\/\/talkpal.ai\/lt\/danu-kalbos-gramatika\/\",\"url\":\"https:\/\/talkpal.ai\/lt\/danu-kalbos-gramatika\/\",\"name\":\"Dan\u0173 kalbos gramatika - Talkpal\",\"isPartOf\":{\"@id\":\"https:\/\/talkpal.ai\/lt\/#website\"},\"primaryImageOfPage\":{\"@id\":\"https:\/\/talkpal.ai\/lt\/danu-kalbos-gramatika\/#primaryimage\"},\"image\":{\"@id\":\"https:\/\/talkpal.ai\/lt\/danu-kalbos-gramatika\/#primaryimage\"},\"thumbnailUrl\":\"https:\/\/talkpal.ai\/wp-content\/uploads\/2023\/05\/denmark.png\",\"datePublished\":\"2023-05-14T14:03:23+00:00\",\"dateModified\":\"2025-12-13T15:26:42+00:00\",\"description\":\"I\u0161tirkite dan\u0173 kalbos gramatikos subtilybes ir su\u017einokite unikalias taisykles bei ypatybes. I\u0161mokite lengvai nar\u0161yti kalb\u0105.\",\"breadcrumb\":{\"@id\":\"https:\/\/talkpal.ai\/lt\/danu-kalbos-gramatika\/#breadcrumb\"},\"inLanguage\":\"lt-LT\",\"potentialAction\":[{\"@type\":\"ReadAction\",\"target\":[\"https:\/\/talkpal.ai\/lt\/danu-kalbos-gramatika\/\"]}]},{\"@type\":\"ImageObject\",\"inLanguage\":\"lt-LT\",\"@id\":\"https:\/\/talkpal.ai\/lt\/danu-kalbos-gramatika\/#primaryimage\",\"url\":\"https:\/\/talkpal.ai\/wp-content\/uploads\/2023\/05\/denmark.png\",\"contentUrl\":\"https:\/\/talkpal.ai\/wp-content\/uploads\/2023\/05\/denmark.png\",\"width\":512,\"height\":512},{\"@type\":\"BreadcrumbList\",\"@id\":\"https:\/\/talkpal.ai\/lt\/danu-kalbos-gramatika\/#breadcrumb\",\"itemListElement\":[{\"@type\":\"ListItem\",\"position\":1,\"name\":\"Homepage\",\"item\":\"https:\/\/talkpal.ai\/lt\/\"},{\"@type\":\"ListItem\",\"position\":2,\"name\":\"Dan\u0173 kalbos gramatika\"}]},{\"@type\":\"WebSite\",\"@id\":\"https:\/\/talkpal.ai\/lt\/#website\",\"url\":\"https:\/\/talkpal.ai\/lt\/\",\"name\":\"Talkpal\",\"description\":\"AI Language Learning\",\"publisher\":{\"@id\":\"https:\/\/talkpal.ai\/lt\/#organization\"},\"alternateName\":\"Talkpal AI\",\"potentialAction\":[{\"@type\":\"SearchAction\",\"target\":{\"@type\":\"EntryPoint\",\"urlTemplate\":\"https:\/\/talkpal.ai\/lt\/?s={search_term_string}\"},\"query-input\":{\"@type\":\"PropertyValueSpecification\",\"valueRequired\":true,\"valueName\":\"search_term_string\"}}],\"inLanguage\":\"lt-LT\"},{\"@type\":\"Organization\",\"@id\":\"https:\/\/talkpal.ai\/lt\/#organization\",\"name\":\"Talkpal, Inc.\",\"alternateName\":\"Talkpal AI\",\"url\":\"https:\/\/talkpal.ai\/lt\/\",\"logo\":{\"@type\":\"ImageObject\",\"inLanguage\":\"lt-LT\",\"@id\":\"https:\/\/talkpal.ai\/lt\/#\/schema\/logo\/image\/\",\"url\":\"https:\/\/talkpal.ai\/wp-content\/uploads\/2024\/03\/Talkpal-Logo-Icon.png\",\"contentUrl\":\"https:\/\/talkpal.ai\/wp-content\/uploads\/2024\/03\/Talkpal-Logo-Icon.png\",\"width\":2880,\"height\":2880,\"caption\":\"Talkpal, Inc.\"},\"image\":{\"@id\":\"https:\/\/talkpal.ai\/lt\/#\/schema\/logo\/image\/\"},\"sameAs\":[\"https:\/\/www.facebook.com\/profile.php?id=100090733639311\",\"https:\/\/x.com\/talkpalai\",\"https:\/\/www.linkedin.com\/company\/talkpal\/\",\"https:\/\/www.youtube.com\/@TalkPal\/\",\"https:\/\/www.tiktok.com\/@talkpal\",\"https:\/\/www.instagram.com\/talkpal_ai\/\",\"https:\/\/www.crunchbase.com\/organization\/talkpal-9cde\",\"https:\/\/www.g2.com\/products\/talkpal-for-business\/\",\"https:\/\/www.trustpilot.com\/review\/talkpal.ai\",\"https:\/\/www.capterra.com\/p\/10006800\/TalkPal\/\"],\"description\":\"Talkpal is a language learning web and mobile education app, powered by the latest AI technologies, that provides engaging experiences to its customers in many different languages to help them improve their language skills. Users can chat about unlimited amount of topics with the app and use other modes to practice their language learning.\",\"email\":\"support@talkpal.ai\",\"legalName\":\"Talkpal, Inc.\",\"foundingDate\":\"2023-04-03\",\"duns\":\"118989042\",\"numberOfEmployees\":{\"@type\":\"QuantitativeValue\",\"minValue\":\"11\",\"maxValue\":\"50\"},\"publishingPrinciples\":\"https:\/\/talkpal.ai\/publishing-principles\/\",\"actionableFeedbackPolicy\":\"https:\/\/talkpal.ai\/actionable-feedback-policy\/\",\"correctionsPolicy\":\"https:\/\/talkpal.ai\/corrections-policy\/\",\"ethicsPolicy\":\"https:\/\/talkpal.ai\/ethics-policy\/\",\"diversityPolicy\":\"https:\/\/talkpal.ai\/diversity-policy\/\",\"diversityStaffingReport\":\"https:\/\/talkpal.ai\/diversity-policy\/\"}]}<\/script>\n<!-- \/ Yoast SEO Premium plugin. -->","yoast_head_json":{"title":"Dan\u0173 kalbos gramatika - Talkpal","description":"I\u0161tirkite dan\u0173 kalbos gramatikos subtilybes ir su\u017einokite unikalias taisykles bei ypatybes. I\u0161mokite lengvai nar\u0161yti kalb\u0105.","robots":{"index":"index","follow":"follow","max-snippet":"max-snippet:-1","max-image-preview":"max-image-preview:large","max-video-preview":"max-video-preview:-1"},"canonical":"https:\/\/talkpal.ai\/lt\/danu-kalbos-gramatika\/","og_locale":"lt_LT","og_type":"article","og_title":"Dan\u0173 kalbos gramatika","og_description":"Gilinimasis \u012f dan\u0173 kalbos gramatikos gelmes: jos savitumo ir \u017eavesio atskleidimas Pamenate laik\u0105, kai angl\u0173 kalbos gramatikos mokymasis atrod\u0117 kaip kova","og_url":"https:\/\/talkpal.ai\/lt\/danu-kalbos-gramatika\/","og_site_name":"Talkpal","article_publisher":"https:\/\/www.facebook.com\/profile.php?id=100090733639311","article_modified_time":"2025-12-13T15:26:42+00:00","og_image":[{"width":512,"height":512,"url":"https:\/\/talkpal.ai\/wp-content\/uploads\/2023\/05\/denmark.png","type":"image\/png"}],"twitter_card":"summary_large_image","twitter_site":"@talkpalai","twitter_misc":{"Est. reading time":"2 minut\u0117s"},"schema":{"@context":"https:\/\/schema.org","@graph":[{"@type":"WebPage","@id":"https:\/\/talkpal.ai\/lt\/danu-kalbos-gramatika\/","url":"https:\/\/talkpal.ai\/lt\/danu-kalbos-gramatika\/","name":"Dan\u0173 kalbos gramatika - Talkpal","isPartOf":{"@id":"https:\/\/talkpal.ai\/lt\/#website"},"primaryImageOfPage":{"@id":"https:\/\/talkpal.ai\/lt\/danu-kalbos-gramatika\/#primaryimage"},"image":{"@id":"https:\/\/talkpal.ai\/lt\/danu-kalbos-gramatika\/#primaryimage"},"thumbnailUrl":"https:\/\/talkpal.ai\/wp-content\/uploads\/2023\/05\/denmark.png","datePublished":"2023-05-14T14:03:23+00:00","dateModified":"2025-12-13T15:26:42+00:00","description":"I\u0161tirkite dan\u0173 kalbos gramatikos subtilybes ir su\u017einokite unikalias taisykles bei ypatybes. I\u0161mokite lengvai nar\u0161yti kalb\u0105.","breadcrumb":{"@id":"https:\/\/talkpal.ai\/lt\/danu-kalbos-gramatika\/#breadcrumb"},"inLanguage":"lt-LT","potentialAction":[{"@type":"ReadAction","target":["https:\/\/talkpal.ai\/lt\/danu-kalbos-gramatika\/"]}]},{"@type":"ImageObject","inLanguage":"lt-LT","@id":"https:\/\/talkpal.ai\/lt\/danu-kalbos-gramatika\/#primaryimage","url":"https:\/\/talkpal.ai\/wp-content\/uploads\/2023\/05\/denmark.png","contentUrl":"https:\/\/talkpal.ai\/wp-content\/uploads\/2023\/05\/denmark.png","width":512,"height":512},{"@type":"BreadcrumbList","@id":"https:\/\/talkpal.ai\/lt\/danu-kalbos-gramatika\/#breadcrumb","itemListElement":[{"@type":"ListItem","position":1,"name":"Homepage","item":"https:\/\/talkpal.ai\/lt\/"},{"@type":"ListItem","position":2,"name":"Dan\u0173 kalbos gramatika"}]},{"@type":"WebSite","@id":"https:\/\/talkpal.ai\/lt\/#website","url":"https:\/\/talkpal.ai\/lt\/","name":"Talkpal","description":"AI Language Learning","publisher":{"@id":"https:\/\/talkpal.ai\/lt\/#organization"},"alternateName":"Talkpal AI","potentialAction":[{"@type":"SearchAction","target":{"@type":"EntryPoint","urlTemplate":"https:\/\/talkpal.ai\/lt\/?s={search_term_string}"},"query-input":{"@type":"PropertyValueSpecification","valueRequired":true,"valueName":"search_term_string"}}],"inLanguage":"lt-LT"},{"@type":"Organization","@id":"https:\/\/talkpal.ai\/lt\/#organization","name":"Talkpal, Inc.","alternateName":"Talkpal AI","url":"https:\/\/talkpal.ai\/lt\/","logo":{"@type":"ImageObject","inLanguage":"lt-LT","@id":"https:\/\/talkpal.ai\/lt\/#\/schema\/logo\/image\/","url":"https:\/\/talkpal.ai\/wp-content\/uploads\/2024\/03\/Talkpal-Logo-Icon.png","contentUrl":"https:\/\/talkpal.ai\/wp-content\/uploads\/2024\/03\/Talkpal-Logo-Icon.png","width":2880,"height":2880,"caption":"Talkpal, Inc."},"image":{"@id":"https:\/\/talkpal.ai\/lt\/#\/schema\/logo\/image\/"},"sameAs":["https:\/\/www.facebook.com\/profile.php?id=100090733639311","https:\/\/x.com\/talkpalai","https:\/\/www.linkedin.com\/company\/talkpal\/","https:\/\/www.youtube.com\/@TalkPal\/","https:\/\/www.tiktok.com\/@talkpal","https:\/\/www.instagram.com\/talkpal_ai\/","https:\/\/www.crunchbase.com\/organization\/talkpal-9cde","https:\/\/www.g2.com\/products\/talkpal-for-business\/","https:\/\/www.trustpilot.com\/review\/talkpal.ai","https:\/\/www.capterra.com\/p\/10006800\/TalkPal\/"],"description":"Talkpal is a language learning web and mobile education app, powered by the latest AI technologies, that provides engaging experiences to its customers in many different languages to help them improve their language skills. Users can chat about unlimited amount of topics with the app and use other modes to practice their language learning.","email":"support@talkpal.ai","legalName":"Talkpal, Inc.","foundingDate":"2023-04-03","duns":"118989042","numberOfEmployees":{"@type":"QuantitativeValue","minValue":"11","maxValue":"50"},"publishingPrinciples":"https:\/\/talkpal.ai\/publishing-principles\/","actionableFeedbackPolicy":"https:\/\/talkpal.ai\/actionable-feedback-policy\/","correctionsPolicy":"https:\/\/talkpal.ai\/corrections-policy\/","ethicsPolicy":"https:\/\/talkpal.ai\/ethics-policy\/","diversityPolicy":"https:\/\/talkpal.ai\/diversity-policy\/","diversityStaffingReport":"https:\/\/talkpal.ai\/diversity-policy\/"}]}},"_links":{"self":[{"href":"https:\/\/talkpal.ai\/lt\/wp-json\/wp\/v2\/pages\/143870","targetHints":{"allow":["GET"]}}],"collection":[{"href":"https:\/\/talkpal.ai\/lt\/wp-json\/wp\/v2\/pages"}],"about":[{"href":"https:\/\/talkpal.ai\/lt\/wp-json\/wp\/v2\/types\/page"}],"author":[{"embeddable":true,"href":"https:\/\/talkpal.ai\/lt\/wp-json\/wp\/v2\/users\/1"}],"replies":[{"embeddable":true,"href":"https:\/\/talkpal.ai\/lt\/wp-json\/wp\/v2\/comments?post=143870"}],"version-history":[{"count":0,"href":"https:\/\/talkpal.ai\/lt\/wp-json\/wp\/v2\/pages\/143870\/revisions"}],"wp:featuredmedia":[{"embeddable":true,"href":"https:\/\/talkpal.ai\/lt\/wp-json\/wp\/v2\/media\/110890"}],"wp:attachment":[{"href":"https:\/\/talkpal.ai\/lt\/wp-json\/wp\/v2\/media?parent=143870"}],"curies":[{"name":"wp","href":"https:\/\/api.w.org\/{rel}","templated":true}]}}