{"id":143339,"date":"2023-05-14T14:03:07","date_gmt":"2023-05-14T14:03:07","guid":{"rendered":"http:\/\/talkpal.ai\/ceku-kalbos-gramatika\/"},"modified":"2025-12-13T15:22:54","modified_gmt":"2025-12-13T15:22:54","slug":"ceku-kalbos-gramatika","status":"publish","type":"page","link":"https:\/\/talkpal.ai\/lt\/ceku-kalbos-gramatika\/","title":{"rendered":"\u010cek\u0173 kalbos gramatika"},"content":{"rendered":"\r\n\r\n\r\n<section class=\"languageChallengeSection\">\r\n    <div class=\"languageInfoWrapper\">\r\n        \r\n        <h1>\u010cek\u0173 kalbos gramatika<\/h1>\r\n        <p>Susipa\u017einkite su <a href=\"https:\/\/talkpal.ai\/lt\/mokykites-ceku-kalbos\/\">\u010dek\u0173 kalbos<\/a> gramatikos subtilyb\u0117mis ir atverkite duris \u012f \u0161ios Vidurio Europos <a href=\"https:\/\/talkpal.ai\/what-language-is-spoken-on-the-international-space-station\/\">kalbos<\/a> supratim\u0105. \u012evald\u0119 pagrindines taisykles ir modelius, gal\u0117site veiksmingiau bendrauti ir geriau pa\u017einti <a href=\"https:\/\/talkpal.ai\/learn-czech\/\">\u010dek\u0173<\/a> kult\u016br\u0105. Prad\u0117kite <a href=\"https:\/\/talkpal.ai\/learn-czech\/\">mokytis \u010dek\u0173 kalbos<\/a> gramatikos \u0161iandien ir \u017eenkite pirm\u0105j\u012f \u017eingsn\u012f \u012f laisv\u0105 kalb\u0117jim\u0105!<\/p>\r\n\r\n                            <a class=\"getStartedHidden\" href=\"https:\/\/app.talkpal.ai\/lt\/signup?lng=\">Prad\u0117k<\/a>\r\n        \r\n    <\/div>\r\n\r\n    <figure>\r\n    <img decoding=\"async\" width=\"768\" height=\"768\" src=\"https:\/\/talkpal.ai\/wp-content\/uploads\/2023\/06\/Czech-768x768.png\" class=\"languageImage no-lazy\" alt=\"Language learning for intellectual development\" fetchpriority=\"high\" sizes=\"(max-width: 768px) 150px, 768px\" srcset=\"https:\/\/talkpal.ai\/wp-content\/uploads\/2023\/06\/Czech-768x768.png 768w, https:\/\/talkpal.ai\/wp-content\/uploads\/2023\/06\/Czech-300x300.png 300w\" \/>\r\n    \r\n\r\n    <\/figure>\r\n\r\n            <a class=\"getStartedVisible\" href=\"https:\/\/app.talkpal.ai\/lt\/signup?lng=\">Prad\u0117k<\/a>\r\n    \r\n<\/section>\r\n<section class=\"promotionalBanner\">\r\n    <p class=\"promotionalText\">Efektyviausias b\u016bdas mokytis kalbos<\/p>\r\n    <a class=\"promotionalLink\" href=\"https:\/\/app.talkpal.ai\/lt\/signup?lng=\">I\u0161bandykite Talkpal &#8221; nemokamai<\/a>\r\n<\/section>\n<div class=\"wp-block-group pageContainerStyle\"><div class=\"wp-block-group__inner-container is-layout-constrained wp-block-group-is-layout-constrained\">\n<h2 class=\"wp-block-heading\" id=\"h-czech-grammar-making-sense-of-the-czech-language-s-unique-structure\">\u010cek\u0173 kalbos gramatika: unikalios \u010dek\u0173 kalbos strukt\u016bros supratimas<\/h2>\n\n\n\n<p>Jei kada nors band\u0117te mokytis \u010dek\u0173 kalbos ar net perskait\u0117te \u010dek\u0173 kalbos straipsn\u012f ar knyg\u0105, tikriausiai pasteb\u0117jote, kad jos <a href=\"https:\/\/talkpal.ai\/sq\/gramatika\/\">gramatika<\/a> gali b\u016bti gana sud\u0117tinga. Pla\u010diai laikoma viena sud\u0117tingiausi\u0173 kalb\u0173 sistem\u0173, <a href=\"https:\/\/talkpal.ai\/czech-grammar\/\">\u010dek\u0173 kalbos gramatika<\/a> suglumino daugel\u012f u\u017esienio student\u0173. Ta\u010diau neleiskite, kad <a href=\"https:\/\/talkpal.ai\/learn-thai\/\">tai<\/a> jus \u012fbaugint\u0173! \u010cek\u0173 kalbos gramatikos ypatumai yra tai, kas daro j\u012f patraukliu ir unikaliu. \u0160iame straipsnyje pokalbi\u0173 forma paai\u0161kinsime kelis pagrindinius \u010dek\u0173 kalbos gramatikos elementus ir pad\u0117sime jums geriau suprasti \u0161i\u0105 gra\u017ei\u0105 kalb\u0105.<\/p>\n\n\n\n<h3 class=\"wp-block-heading\" id=\"h-1-nouns-declensions-and-cases-galore\">1. Daiktavard\u017eiai \u2013 deklaratyvai ir atvejai!<\/h3>\n\n\n\n<p>Vienas pirm\u0173j\u0173 dalyk\u0173, kuriuos pasteb\u0117site \u010dek\u0173 kalbos gramatikoje, yra daiktavard\u017ei\u0173 daryba. Declension yra daiktavard\u017ei\u0173 grup\u0117, turinti pana\u0161ias gramatines savybes, o \u010dek\u0173 kalba turi iki 14 skirting\u0173 declensij\u0173. Kaip jums tokia \u012fvairov\u0117? Kiekvienas declension turi tam tikr\u0105 model\u012f, skirt\u0105 vienaskaitos ir daugiskaitos daiktavard\u017ei\u0173 formoms atstovauti.<\/p>\n\n\n\n<p>\u010cek\u0173 daiktavard\u017eiai taip pat turi septynis skirtingus atvejus: nominacinis, kilminis, dative, akustinis, \u0161aukinys, lokacinis ir instrumentinis. Nors toks skai\u010dius gali atrodyti bauginantis, b\u016btina su\u017einoti apie \u0161iuos atvejus, nes jie labai svarb\u016bs perteikiant prasm\u0119. Pavyzd\u017eiui, \u010dek\u0173 kalboje \u017eod\u017ei\u0173 tvarka n\u0117ra tokia svarbi, kaip angl\u0173 kalboje, &#8211; \u017eod\u017ei\u0173 tarpusavio ry\u0161ius nurodo d\u0117menys.<\/p>\n\n\n\n<h3 class=\"wp-block-heading\" id=\"h-2-adjectives-agreeing-with-nouns\">2. B\u016bdvard\u017eiai \u2013 Sutinka su daiktavard\u017eiais<\/h3>\n\n\n\n<p>\u010cek\u0173 b\u016bdvard\u017eiai turi ypating\u0105 pareig\u0105: jie turi sutikti su daiktavard\u017eiais, kuriuos jie kei\u010dia lytimi, skai\u010diumi ir atveju. Pagalvokite apie tai kaip apie dinami\u0161k\u0105 duet\u0105, gramatikos tango, kur viena pus\u0117 grak\u0161\u010diai prisitaiko, kad papildyt\u0173 kit\u0105. \u0160is susitarimas padeda sukurti sakini\u0173 harmonij\u0105 ir padidina ai\u0161kum\u0105.<\/p>\n\n\n\n<p>Pavyzd\u017eiui, \u010dek\u0173 kalboje \u017eodis &#8222;gra\u017eus&#8221; yra &#8222;kr\u00e1sn\u00fd&#8221;. Jei apib\u016bdinate gra\u017e\u0173 nam\u0105 (d\u016fm), kuris yra vyri\u0161kosios gimin\u0117s, pavartosite &#8222;kr\u00e1sn\u00fd d\u016fm&#8221;. Gra\u017ei mergina (d\u00edvka), kuri yra moteri\u0161kos gimin\u0117s, yra &#8222;gra\u017ei mergina&#8221;. O gra\u017ei\u0105 dien\u0105 (den), kuri yra bevard\u0117, pasakysite &#8222;kr\u00e1sn\u00fd den&#8221;. Pa\u017ei\u016br\u0117kite, kaip b\u016bdvardis \u0161oka kartu su daiktavard\u017eiu?<\/p>\n\n\n\n<h3 class=\"wp-block-heading\" id=\"h-3-verbs-the-art-of-conjugation\">3. Veiksma\u017eod\u017eiai \u2013 konjugacijos menas<\/h3>\n\n\n\n<p>\u010cek\u0173 kalboje konjugacijos menas \u2013 t. y. veiksma\u017eod\u017ei\u0173 form\u0173 keitimas pagal \u012ftamp\u0105, nuotaik\u0105 ir asmen\u012f \u2013 \u012fgauna savo gyvenim\u0105. \u010cek\u0173 veiksma\u017eod\u017eiai skirstomi \u012f dvi kategorijas: tobulas ir netobulas. Tobuli veiksma\u017eod\u017eiai rodo, kad veiksmas buvo baigtas, o netobuli veiksma\u017eod\u017eiai rodo vykstan\u010dius ar \u012fprastus veiksmus.  <\/p>\n\n\n\n<p><a href=\"https:\/\/talkpal.ai\/czech-grammar\/\">\u010cek\u0173 kalbos gramatika<\/a> turi kelet\u0105 \u012fdomi\u0173 keistenybi\u0173, kai kalbama apie veiksma\u017eod\u017eius. Pavyzd\u017eiui, b\u016bsimoji \u012ftampa formuojama tik reguliariai netobuliems veiksma\u017eod\u017eiams. D\u0117l tobul\u0173 veiksma\u017eod\u017ei\u0173 jis susilieja su dabartine \u012ftampa! Be to, u\u017euot tur\u0117j\u0119s konkret\u0173 pasyv\u0173 bals\u0105, \u010dek\u0173 kalba apima pasyvias konstrukcijas, naudojant pagalbinius veiksma\u017eod\u017eius. Nepamir\u0161kime \u010dek\u0173 kalbos gr\u012f\u017etam\u0173j\u0173 veiksma\u017eod\u017ei\u0173, kai veiksmas gr\u012f\u017eta atgal \u012f subjekt\u0105, o tai suteikia \u0161iai intriguojan\u010diai kalbai dar daugiau niuans\u0173.<\/p>\n\n\n\n<h3 class=\"wp-block-heading\" id=\"h-4-pronouns-the-mirror-of-linguistic-diversity\">4. \u012evard\u017eiai: kalb\u0173 \u012fvairov\u0117s veidrodis<\/h3>\n\n\n\n<p>\u012evard\u017eiai \u010dek\u0173 kalbos gramatikoje &#8211; kalbame apie asmeninius, turtinius, parodomuosius, klausiamuosius ir santykinius \u012fvard\u017eius &#8211; pasi\u017eymi tokia pa\u010dia \u012fvairove kaip ir kitos kalbos dalys. Jie taip pat turi susitarti d\u0117l lyties, skai\u010diaus ir atvejo su daiktavard\u017eiais, kuriuos jie pakei\u010dia ar nurodo.<\/p>\n\n\n\n<p>Pavyzd\u017eiui, jei kalbate apie jums patinkan\u010di\u0105 knyg\u0105, sakykite &#8222;M\u00e1m r\u00e1d tu knihu&#8221; (Man patinka ta knyga). \u010cia &#8222;tu&#8221; yra moteri\u0161kosios gimin\u0117s \u012fvard\u017eio &#8222;tas&#8221; forma, kuri sutampa su &#8222;knyga&#8221;, kuri taip pat yra moteri\u0161kosios gimin\u0117s.<\/p>\n\n\n\n<h3 class=\"wp-block-heading\" id=\"h-5-embracing-the-challenge\">5. I\u0161\u0161\u016bkio pri\u0117mimas<\/h3>\n\n\n\n<p>\u010cek\u0173 kalbos gramatika gali b\u016bti paini ir bauginanti, ta\u010diau ji taip pat yra tai, kuo \u0161i \u017eavi kalba i\u0161siskiria. Nevenkite i\u0161\u0161\u016bkio! Atminkite, kad svarbiausia ne visk\u0105 i\u0161mokti i\u0161 karto, o \u017eingsnis po \u017eingsnio daryti pa\u017eang\u0105. Skirkite laiko suprasti unikali\u0105 \u010dek\u0173 kalbos gramatikos sistem\u0105 ir b\u016bsite pakeliui \u012f \u0161ios gra\u017eios ir sud\u0117tingos kalbos \u012fvaldym\u0105. Ir, \u012fsisavindami nuostabius \u010dek\u0173 kalbos gramatikos niuansus, neabejotinai naujai suprasite jos subtilybes. Smagaus mokymosi!<\/p>\n<\/div><\/div>\n\r\n<section class=\"learnNavigationSection\">\r\n            \r\n        <a href=\"https:\/\/talkpal.ai\/lt\/mokykites-ceku-kalbos\/\">\r\n            <div class=\"learnNavigationWrapper\">\r\n                <div class=\"learnNavigationContent\">\r\n                    <img decoding=\"async\" src=\"https:\/\/talkpal.ai\/wp-content\/uploads\/2024\/08\/Czech.jpg\" alt=\"Czech Flag\">\r\n                    <div>\r\n                        <h4>Apie \u010dek\u0173 kalbos mokym\u0105si<\/h4>\r\n                        <p>Su\u017einokite visk\u0105 apie \u010dek\u0173 kalbos gramatik\u0105.<\/p>\r\n                    <\/div>\r\n                <\/div>\r\n            <\/div>\r\n        <\/a>\r\n\r\n        \r\n        <a href=\"https:\/\/talkpal.ai\/lt\/ceku-kalbos-gramatikos-pratimai\/\">\r\n            <div class=\"learnNavigationWrapper\">\r\n                <div class=\"learnNavigationContent\">\r\n                    <img decoding=\"async\" src=\"https:\/\/talkpal.ai\/wp-content\/uploads\/2024\/08\/Czech.jpg\" alt=\"Czech Flag\">\r\n                    <div>\r\n                        <h4>\u010cek\u0173 kalbos gramatikos pratybos<\/h4>\r\n                        <p>Praktikuokite \u010dek\u0173 kalbos gramatik\u0105.<\/p>\r\n                    <\/div>\r\n                <\/div>\r\n            <\/div>\r\n        <\/a>\r\n\r\n        \r\n        <a href=\"https:\/\/talkpal.ai\/vocabulary_language\/czech\/\">\r\n            <div class=\"learnNavigationWrapper\">\r\n                <div class=\"learnNavigationContent\">\r\n                    <img decoding=\"async\" src=\"https:\/\/talkpal.ai\/wp-content\/uploads\/2024\/08\/Czech.jpg\" alt=\"Czech Flag\">\r\n                    <div>\r\n                        <h4>\u010cek\u0173 kalbos \u017eodynas<\/h4>\r\n                        <p>Prapl\u0117skite savo \u010dek\u0173 kalbos \u017eodyn\u0105.<\/p>\r\n                    <\/div>\r\n                <\/div>\r\n            <\/div>\r\n        <\/a>\r\n\r\n            <\/section>","protected":false},"excerpt":{"rendered":"<p>\u010cek\u0173 kalbos gramatika: unikalios \u010dek\u0173 kalbos strukt\u016bros supratimas Jei kada nors band\u0117te mokytis \u010dek\u0173 kalbos ar net perskait\u0117te \u010dek\u0173 kalbos straipsn\u012f ar knyg\u0105, tikriausiai pasteb\u0117jote, kad jos gramatika gali b\u016bti gana sud\u0117tinga. Pla\u010diai laikoma viena sud\u0117tingiausi\u0173 kalb\u0173 sistem\u0173, \u010dek\u0173 kalbos gramatika suglumino daugel\u012f u\u017esienio student\u0173. Ta\u010diau neleiskite, kad tai jus \u012fbaugint\u0173! \u010cek\u0173 kalbos gramatikos ypatumai [&hellip;]<\/p>\n","protected":false},"author":1,"featured_media":111670,"parent":0,"menu_order":0,"comment_status":"closed","ping_status":"closed","template":"LearningContentPage.php","meta":{"_acf_changed":false,"footnotes":""},"class_list":["post-143339","page","type-page","status-publish","has-post-thumbnail","hentry"],"acf":[],"yoast_head":"<!-- This site is optimized with the Yoast SEO Premium plugin v27.2 (Yoast SEO v27.2) - https:\/\/yoast.com\/product\/yoast-seo-premium-wordpress\/ -->\n<title>\u010cek\u0173 kalbos gramatika - Talkpal<\/title>\n<meta name=\"description\" content=\"Atskleiskite \u010dek\u0173 kalbos gramatikos paslaptis. Su\u017einokite apie unikal\u0173 jo sud\u0117tingum\u0105 ir su\u017einokite, kaip veiksmingai \u012fvaldyti daiktavard\u017ei\u0173 linksniavim\u0105.\" \/>\n<meta name=\"robots\" content=\"index, follow, max-snippet:-1, max-image-preview:large, max-video-preview:-1\" \/>\n<link rel=\"canonical\" href=\"https:\/\/talkpal.ai\/lt\/ceku-kalbos-gramatika\/\" \/>\n<meta property=\"og:locale\" content=\"lt_LT\" \/>\n<meta property=\"og:type\" content=\"article\" \/>\n<meta property=\"og:title\" content=\"\u010cek\u0173 kalbos gramatika\" \/>\n<meta property=\"og:description\" content=\"\u010cek\u0173 kalbos gramatika: unikalios \u010dek\u0173 kalbos strukt\u016bros supratimas Jei kada nors band\u0117te mokytis \u010dek\u0173 kalbos ar net perskait\u0117te \u010dek\u0173 kalbos straipsn\u012f ar\" \/>\n<meta property=\"og:url\" content=\"https:\/\/talkpal.ai\/lt\/ceku-kalbos-gramatika\/\" \/>\n<meta property=\"og:site_name\" content=\"Talkpal\" \/>\n<meta property=\"article:publisher\" content=\"https:\/\/www.facebook.com\/profile.php?id=100090733639311\" \/>\n<meta property=\"article:modified_time\" content=\"2025-12-13T15:22:54+00:00\" \/>\n<meta property=\"og:image\" content=\"https:\/\/talkpal.ai\/wp-content\/uploads\/2023\/05\/czech-republic.png\" \/>\n\t<meta property=\"og:image:width\" content=\"512\" \/>\n\t<meta property=\"og:image:height\" content=\"512\" \/>\n\t<meta property=\"og:image:type\" content=\"image\/png\" \/>\n<meta name=\"twitter:card\" content=\"summary_large_image\" \/>\n<meta name=\"twitter:site\" content=\"@talkpalai\" \/>\n<meta name=\"twitter:label1\" content=\"Est. reading time\" \/>\n\t<meta name=\"twitter:data1\" content=\"3 minut\u0117s\" \/>\n<script type=\"application\/ld+json\" class=\"yoast-schema-graph\">{\"@context\":\"https:\/\/schema.org\",\"@graph\":[{\"@type\":\"WebPage\",\"@id\":\"https:\/\/talkpal.ai\/lt\/ceku-kalbos-gramatika\/\",\"url\":\"https:\/\/talkpal.ai\/lt\/ceku-kalbos-gramatika\/\",\"name\":\"\u010cek\u0173 kalbos gramatika - Talkpal\",\"isPartOf\":{\"@id\":\"https:\/\/talkpal.ai\/lt\/#website\"},\"primaryImageOfPage\":{\"@id\":\"https:\/\/talkpal.ai\/lt\/ceku-kalbos-gramatika\/#primaryimage\"},\"image\":{\"@id\":\"https:\/\/talkpal.ai\/lt\/ceku-kalbos-gramatika\/#primaryimage\"},\"thumbnailUrl\":\"https:\/\/talkpal.ai\/wp-content\/uploads\/2023\/05\/czech-republic.png\",\"datePublished\":\"2023-05-14T14:03:07+00:00\",\"dateModified\":\"2025-12-13T15:22:54+00:00\",\"description\":\"Atskleiskite \u010dek\u0173 kalbos gramatikos paslaptis. Su\u017einokite apie unikal\u0173 jo sud\u0117tingum\u0105 ir su\u017einokite, kaip veiksmingai \u012fvaldyti daiktavard\u017ei\u0173 linksniavim\u0105.\",\"breadcrumb\":{\"@id\":\"https:\/\/talkpal.ai\/lt\/ceku-kalbos-gramatika\/#breadcrumb\"},\"inLanguage\":\"lt-LT\",\"potentialAction\":[{\"@type\":\"ReadAction\",\"target\":[\"https:\/\/talkpal.ai\/lt\/ceku-kalbos-gramatika\/\"]}]},{\"@type\":\"ImageObject\",\"inLanguage\":\"lt-LT\",\"@id\":\"https:\/\/talkpal.ai\/lt\/ceku-kalbos-gramatika\/#primaryimage\",\"url\":\"https:\/\/talkpal.ai\/wp-content\/uploads\/2023\/05\/czech-republic.png\",\"contentUrl\":\"https:\/\/talkpal.ai\/wp-content\/uploads\/2023\/05\/czech-republic.png\",\"width\":512,\"height\":512},{\"@type\":\"BreadcrumbList\",\"@id\":\"https:\/\/talkpal.ai\/lt\/ceku-kalbos-gramatika\/#breadcrumb\",\"itemListElement\":[{\"@type\":\"ListItem\",\"position\":1,\"name\":\"Homepage\",\"item\":\"https:\/\/talkpal.ai\/lt\/\"},{\"@type\":\"ListItem\",\"position\":2,\"name\":\"\u010cek\u0173 kalbos gramatika\"}]},{\"@type\":\"WebSite\",\"@id\":\"https:\/\/talkpal.ai\/lt\/#website\",\"url\":\"https:\/\/talkpal.ai\/lt\/\",\"name\":\"Talkpal\",\"description\":\"AI Language Learning\",\"publisher\":{\"@id\":\"https:\/\/talkpal.ai\/lt\/#organization\"},\"alternateName\":\"Talkpal AI\",\"potentialAction\":[{\"@type\":\"SearchAction\",\"target\":{\"@type\":\"EntryPoint\",\"urlTemplate\":\"https:\/\/talkpal.ai\/lt\/?s={search_term_string}\"},\"query-input\":{\"@type\":\"PropertyValueSpecification\",\"valueRequired\":true,\"valueName\":\"search_term_string\"}}],\"inLanguage\":\"lt-LT\"},{\"@type\":\"Organization\",\"@id\":\"https:\/\/talkpal.ai\/lt\/#organization\",\"name\":\"Talkpal, Inc.\",\"alternateName\":\"Talkpal AI\",\"url\":\"https:\/\/talkpal.ai\/lt\/\",\"logo\":{\"@type\":\"ImageObject\",\"inLanguage\":\"lt-LT\",\"@id\":\"https:\/\/talkpal.ai\/lt\/#\/schema\/logo\/image\/\",\"url\":\"https:\/\/talkpal.ai\/wp-content\/uploads\/2024\/03\/Talkpal-Logo-Icon.png\",\"contentUrl\":\"https:\/\/talkpal.ai\/wp-content\/uploads\/2024\/03\/Talkpal-Logo-Icon.png\",\"width\":2880,\"height\":2880,\"caption\":\"Talkpal, Inc.\"},\"image\":{\"@id\":\"https:\/\/talkpal.ai\/lt\/#\/schema\/logo\/image\/\"},\"sameAs\":[\"https:\/\/www.facebook.com\/profile.php?id=100090733639311\",\"https:\/\/x.com\/talkpalai\",\"https:\/\/www.linkedin.com\/company\/talkpal\/\",\"https:\/\/www.youtube.com\/@TalkPal\/\",\"https:\/\/www.tiktok.com\/@talkpal\",\"https:\/\/www.instagram.com\/talkpal_ai\/\",\"https:\/\/www.crunchbase.com\/organization\/talkpal-9cde\",\"https:\/\/www.g2.com\/products\/talkpal-for-business\/\",\"https:\/\/www.trustpilot.com\/review\/talkpal.ai\",\"https:\/\/www.capterra.com\/p\/10006800\/TalkPal\/\"],\"description\":\"Talkpal is a language learning web and mobile education app, powered by the latest AI technologies, that provides engaging experiences to its customers in many different languages to help them improve their language skills. Users can chat about unlimited amount of topics with the app and use other modes to practice their language learning.\",\"email\":\"support@talkpal.ai\",\"legalName\":\"Talkpal, Inc.\",\"foundingDate\":\"2023-04-03\",\"duns\":\"118989042\",\"numberOfEmployees\":{\"@type\":\"QuantitativeValue\",\"minValue\":\"11\",\"maxValue\":\"50\"},\"publishingPrinciples\":\"https:\/\/talkpal.ai\/publishing-principles\/\",\"actionableFeedbackPolicy\":\"https:\/\/talkpal.ai\/actionable-feedback-policy\/\",\"correctionsPolicy\":\"https:\/\/talkpal.ai\/corrections-policy\/\",\"ethicsPolicy\":\"https:\/\/talkpal.ai\/ethics-policy\/\",\"diversityPolicy\":\"https:\/\/talkpal.ai\/diversity-policy\/\",\"diversityStaffingReport\":\"https:\/\/talkpal.ai\/diversity-policy\/\"}]}<\/script>\n<!-- \/ Yoast SEO Premium plugin. -->","yoast_head_json":{"title":"\u010cek\u0173 kalbos gramatika - Talkpal","description":"Atskleiskite \u010dek\u0173 kalbos gramatikos paslaptis. Su\u017einokite apie unikal\u0173 jo sud\u0117tingum\u0105 ir su\u017einokite, kaip veiksmingai \u012fvaldyti daiktavard\u017ei\u0173 linksniavim\u0105.","robots":{"index":"index","follow":"follow","max-snippet":"max-snippet:-1","max-image-preview":"max-image-preview:large","max-video-preview":"max-video-preview:-1"},"canonical":"https:\/\/talkpal.ai\/lt\/ceku-kalbos-gramatika\/","og_locale":"lt_LT","og_type":"article","og_title":"\u010cek\u0173 kalbos gramatika","og_description":"\u010cek\u0173 kalbos gramatika: unikalios \u010dek\u0173 kalbos strukt\u016bros supratimas Jei kada nors band\u0117te mokytis \u010dek\u0173 kalbos ar net perskait\u0117te \u010dek\u0173 kalbos straipsn\u012f ar","og_url":"https:\/\/talkpal.ai\/lt\/ceku-kalbos-gramatika\/","og_site_name":"Talkpal","article_publisher":"https:\/\/www.facebook.com\/profile.php?id=100090733639311","article_modified_time":"2025-12-13T15:22:54+00:00","og_image":[{"width":512,"height":512,"url":"https:\/\/talkpal.ai\/wp-content\/uploads\/2023\/05\/czech-republic.png","type":"image\/png"}],"twitter_card":"summary_large_image","twitter_site":"@talkpalai","twitter_misc":{"Est. reading time":"3 minut\u0117s"},"schema":{"@context":"https:\/\/schema.org","@graph":[{"@type":"WebPage","@id":"https:\/\/talkpal.ai\/lt\/ceku-kalbos-gramatika\/","url":"https:\/\/talkpal.ai\/lt\/ceku-kalbos-gramatika\/","name":"\u010cek\u0173 kalbos gramatika - Talkpal","isPartOf":{"@id":"https:\/\/talkpal.ai\/lt\/#website"},"primaryImageOfPage":{"@id":"https:\/\/talkpal.ai\/lt\/ceku-kalbos-gramatika\/#primaryimage"},"image":{"@id":"https:\/\/talkpal.ai\/lt\/ceku-kalbos-gramatika\/#primaryimage"},"thumbnailUrl":"https:\/\/talkpal.ai\/wp-content\/uploads\/2023\/05\/czech-republic.png","datePublished":"2023-05-14T14:03:07+00:00","dateModified":"2025-12-13T15:22:54+00:00","description":"Atskleiskite \u010dek\u0173 kalbos gramatikos paslaptis. Su\u017einokite apie unikal\u0173 jo sud\u0117tingum\u0105 ir su\u017einokite, kaip veiksmingai \u012fvaldyti daiktavard\u017ei\u0173 linksniavim\u0105.","breadcrumb":{"@id":"https:\/\/talkpal.ai\/lt\/ceku-kalbos-gramatika\/#breadcrumb"},"inLanguage":"lt-LT","potentialAction":[{"@type":"ReadAction","target":["https:\/\/talkpal.ai\/lt\/ceku-kalbos-gramatika\/"]}]},{"@type":"ImageObject","inLanguage":"lt-LT","@id":"https:\/\/talkpal.ai\/lt\/ceku-kalbos-gramatika\/#primaryimage","url":"https:\/\/talkpal.ai\/wp-content\/uploads\/2023\/05\/czech-republic.png","contentUrl":"https:\/\/talkpal.ai\/wp-content\/uploads\/2023\/05\/czech-republic.png","width":512,"height":512},{"@type":"BreadcrumbList","@id":"https:\/\/talkpal.ai\/lt\/ceku-kalbos-gramatika\/#breadcrumb","itemListElement":[{"@type":"ListItem","position":1,"name":"Homepage","item":"https:\/\/talkpal.ai\/lt\/"},{"@type":"ListItem","position":2,"name":"\u010cek\u0173 kalbos gramatika"}]},{"@type":"WebSite","@id":"https:\/\/talkpal.ai\/lt\/#website","url":"https:\/\/talkpal.ai\/lt\/","name":"Talkpal","description":"AI Language Learning","publisher":{"@id":"https:\/\/talkpal.ai\/lt\/#organization"},"alternateName":"Talkpal AI","potentialAction":[{"@type":"SearchAction","target":{"@type":"EntryPoint","urlTemplate":"https:\/\/talkpal.ai\/lt\/?s={search_term_string}"},"query-input":{"@type":"PropertyValueSpecification","valueRequired":true,"valueName":"search_term_string"}}],"inLanguage":"lt-LT"},{"@type":"Organization","@id":"https:\/\/talkpal.ai\/lt\/#organization","name":"Talkpal, Inc.","alternateName":"Talkpal AI","url":"https:\/\/talkpal.ai\/lt\/","logo":{"@type":"ImageObject","inLanguage":"lt-LT","@id":"https:\/\/talkpal.ai\/lt\/#\/schema\/logo\/image\/","url":"https:\/\/talkpal.ai\/wp-content\/uploads\/2024\/03\/Talkpal-Logo-Icon.png","contentUrl":"https:\/\/talkpal.ai\/wp-content\/uploads\/2024\/03\/Talkpal-Logo-Icon.png","width":2880,"height":2880,"caption":"Talkpal, Inc."},"image":{"@id":"https:\/\/talkpal.ai\/lt\/#\/schema\/logo\/image\/"},"sameAs":["https:\/\/www.facebook.com\/profile.php?id=100090733639311","https:\/\/x.com\/talkpalai","https:\/\/www.linkedin.com\/company\/talkpal\/","https:\/\/www.youtube.com\/@TalkPal\/","https:\/\/www.tiktok.com\/@talkpal","https:\/\/www.instagram.com\/talkpal_ai\/","https:\/\/www.crunchbase.com\/organization\/talkpal-9cde","https:\/\/www.g2.com\/products\/talkpal-for-business\/","https:\/\/www.trustpilot.com\/review\/talkpal.ai","https:\/\/www.capterra.com\/p\/10006800\/TalkPal\/"],"description":"Talkpal is a language learning web and mobile education app, powered by the latest AI technologies, that provides engaging experiences to its customers in many different languages to help them improve their language skills. Users can chat about unlimited amount of topics with the app and use other modes to practice their language learning.","email":"support@talkpal.ai","legalName":"Talkpal, Inc.","foundingDate":"2023-04-03","duns":"118989042","numberOfEmployees":{"@type":"QuantitativeValue","minValue":"11","maxValue":"50"},"publishingPrinciples":"https:\/\/talkpal.ai\/publishing-principles\/","actionableFeedbackPolicy":"https:\/\/talkpal.ai\/actionable-feedback-policy\/","correctionsPolicy":"https:\/\/talkpal.ai\/corrections-policy\/","ethicsPolicy":"https:\/\/talkpal.ai\/ethics-policy\/","diversityPolicy":"https:\/\/talkpal.ai\/diversity-policy\/","diversityStaffingReport":"https:\/\/talkpal.ai\/diversity-policy\/"}]}},"_links":{"self":[{"href":"https:\/\/talkpal.ai\/lt\/wp-json\/wp\/v2\/pages\/143339","targetHints":{"allow":["GET"]}}],"collection":[{"href":"https:\/\/talkpal.ai\/lt\/wp-json\/wp\/v2\/pages"}],"about":[{"href":"https:\/\/talkpal.ai\/lt\/wp-json\/wp\/v2\/types\/page"}],"author":[{"embeddable":true,"href":"https:\/\/talkpal.ai\/lt\/wp-json\/wp\/v2\/users\/1"}],"replies":[{"embeddable":true,"href":"https:\/\/talkpal.ai\/lt\/wp-json\/wp\/v2\/comments?post=143339"}],"version-history":[{"count":0,"href":"https:\/\/talkpal.ai\/lt\/wp-json\/wp\/v2\/pages\/143339\/revisions"}],"wp:featuredmedia":[{"embeddable":true,"href":"https:\/\/talkpal.ai\/lt\/wp-json\/wp\/v2\/media\/111670"}],"wp:attachment":[{"href":"https:\/\/talkpal.ai\/lt\/wp-json\/wp\/v2\/media?parent=143339"}],"curies":[{"name":"wp","href":"https:\/\/api.w.org\/{rel}","templated":true}]}}