{"id":143069,"date":"2023-05-14T14:02:30","date_gmt":"2023-05-14T14:02:30","guid":{"rendered":"http:\/\/talkpal.ai\/graiku-kalbos-gramatika\/"},"modified":"2025-12-13T15:33:54","modified_gmt":"2025-12-13T15:33:54","slug":"graiku-kalbos-gramatika","status":"publish","type":"page","link":"https:\/\/talkpal.ai\/lt\/graiku-kalbos-gramatika\/","title":{"rendered":"Graik\u0173 kalbos gramatika"},"content":{"rendered":"\r\n\r\n\r\n<section class=\"languageChallengeSection\">\r\n    <div class=\"languageInfoWrapper\">\r\n        \r\n        <h1>Graik\u0173 kalbos gramatika<\/h1>\r\n        <p>Mokykit\u0117s <a href=\"https:\/\/talkpal.ai\/learn-greek\/\">graik\u0173<\/a> <a href=\"https:\/\/talkpal.ai\/what-language-is-spoken-on-the-international-space-station\/\">kalbos<\/a> gramatikos ir \u012f\u017eengkite \u012f vienos seniausi\u0173 ir \u012ftakingiausi\u0173 \u017emonijos kalb\u0173 pasaul\u012f. Graik\u0173 kalba supa\u017eindina su unikalia ab\u0117c\u0117le, i\u0161rai\u0161kingomis veiksma\u017eod\u017ei\u0173 jungtimis ir reik\u0161m\u0119 formuojan\u010dia daiktavard\u017ei\u0173 atvej\u0173 sistema. Tyrin\u0117dami su\u017einosite daugelio angli\u0161k\u0173 \u017eod\u017ei\u0173 \u0161aknis ir susipa\u017einsite su turtingu kult\u016briniu paveldu. Pasinerkite ir m\u0117gaukit\u0117s naudingu <a href=\"https:\/\/talkpal.ai\/lt\/mokykites-graiku-kalbos\/\">graik\u0173 kalbos<\/a> gramatikos mokymosi i\u0161\u0161\u016bkiu!<\/p>\r\n\r\n                            <a class=\"getStartedHidden\" href=\"https:\/\/app.talkpal.ai\/lt\/signup?lng=\">Prad\u0117k<\/a>\r\n        \r\n    <\/div>\r\n\r\n    <figure>\r\n    <img decoding=\"async\" width=\"768\" height=\"768\" src=\"https:\/\/talkpal.ai\/wp-content\/uploads\/2023\/06\/greek-768x768.png\" class=\"languageImage no-lazy\" alt=\"Language learning to boost personal capability\" fetchpriority=\"high\" sizes=\"(max-width: 768px) 150px, 768px\" srcset=\"https:\/\/talkpal.ai\/wp-content\/uploads\/2023\/06\/greek-768x768.png 768w, https:\/\/talkpal.ai\/wp-content\/uploads\/2023\/06\/greek-300x300.png 300w\" \/>\r\n    \r\n\r\n    <\/figure>\r\n\r\n            <a class=\"getStartedVisible\" href=\"https:\/\/app.talkpal.ai\/lt\/signup?lng=\">Prad\u0117k<\/a>\r\n    \r\n<\/section>\r\n<section class=\"promotionalBanner\">\r\n    <p class=\"promotionalText\">Efektyviausias b\u016bdas mokytis kalbos<\/p>\r\n    <a class=\"promotionalLink\" href=\"https:\/\/app.talkpal.ai\/lt\/signup?lng=\">I\u0161bandykite Talkpal &#8221; nemokamai<\/a>\r\n<\/section>\n<div class=\"wp-block-group pageContainerStyle\"><div class=\"wp-block-group__inner-container is-layout-constrained wp-block-group-is-layout-constrained\">\n<h2 class=\"wp-block-heading\" id=\"h-demystifying-greek-grammar-a-comprehensive-guide\">Demistifikuojanti graik\u0173 kalbos gramatika: i\u0161samus vadovas<\/h2>\n\n\n\n<p>Graik\u0173 kalba, eleganti\u0161ka ir senovin\u0117 kalba, u\u017eima ypating\u0105 viet\u0105 kalbos istorijoje ir i\u0161lieka \u012ftakinga \u0161iandien. Tur\u0117dami tvirt\u0105 graik\u0173 kalbos gramatikos pagrind\u0105, gausite prieig\u0105 prie daugyb\u0117s kult\u016brini\u0173 ir istorini\u0173 \u0161altini\u0173, tuo pa\u010diu atrakindami kit\u0105 prasm\u0117s sluoksn\u012f <a href=\"https:\/\/talkpal.ai\/learn-english-with-ai\/\">angl\u0173<\/a> kalbos \u017eodyne. Prie\u0161ingai populiariems \u012fsitikinimams, <a href=\"https:\/\/talkpal.ai\/greek-grammar\/\">graik\u0173 kalbos gramatika<\/a> n\u0117ra tokia bauginanti, kaip i\u0161 prad\u017ei\u0173 gali atrodyti. \u0160iame straipsnyje pad\u0117sime jums susipa\u017einti su pagrindiniais graik\u0173 kalbos gramatikos komponentais, kad gal\u0117tum\u0117te dr\u0105siai ir su entuziazmu mokytis \u0161ios kalbos.<\/p>\n\n\n\n<h3 class=\"wp-block-heading\" id=\"h-1-understanding-greek-nouns-cases-and-articles\">1. Graik\u0173 kalbos daiktavard\u017ei\u0173, atvej\u0173 ir straipsni\u0173 supratimas<\/h3>\n\n\n\n<p>Graik\u0173 kalbos daiktavard\u017eiai skirstomi \u012f tris lytis: vyri\u0161k\u0105, moteri\u0161k\u0105 ir neuterin\u0119. Kiekvienas daiktavardis priklauso vienai i\u0161 trij\u0173 gal\u016bni\u0173, kurios lemia daiktavard\u017eio gal\u016bn\u0119 pagal jo gimin\u0119, skai\u010di\u0173 (vienaskaita ar daugiskaita) ir gal\u016bn\u0119. Graik\u0173 kalba yra penki atvejai: nominacinis, genitive, dative, akustinis ir \u0161auktinis.<\/p>\n\n\n\n<p>Esminis graik\u0173 kalbos gramatikos aspektas sukasi apie straipsn\u012f. Pana\u0161iai kaip angli\u0161kasis &#8222;the&#8221;, graiki\u0161kasis baigiamasis d\u0117muo yra labai svarbus norint suprasti graiki\u0161kus tekstus. Graik\u0173 kalba turi sutikti su daiktavard\u017eiu lytimi, skai\u010diumi ir atveju. Graik\u0173 kalboje taip pat yra neapibr\u0117\u017etasis artikelio d\u0117muo, kuris veikia kaip angli\u0161kasis &#8222;a&#8221; arba &#8222;an&#8221;.<\/p>\n\n\n\n<h3 class=\"wp-block-heading\" id=\"h-2-tackling-greek-verbs-conjugation-and-moods\">2. Graik\u0173 kalbos veiksma\u017eod\u017ei\u0173 sprendimas: konjugacija ir nuotaikos<\/h3>\n\n\n\n<p>Graik\u0173 veiksma\u017eod\u017eiai pasi\u017eymi j\u0173 \u012ftampa, balsu, nuotaika, asmeniu ir skai\u010diumi. Veiksma\u017eod\u017eiai graik\u0173 kalba yra konjuguoti pagal j\u0173 \u012ftamp\u0105, kuri rodo, kada vyksta veiksmas. Yra septynios pagrindin\u0117s graik\u0173 kalbos veiksma\u017eod\u017eio dalys, kuri\u0173 kiekviena atitinka \u012ftamp\u0105:<\/p>\n\n\n\n<p><strong>&#8211; Dabartis<\/strong><\/p>\n\n\n\n<p><strong>&#8211; Ateitis<\/strong><\/p>\n\n\n\n<p><strong>&#8211; Aoristas (paprastasis praeities laikas)<\/strong><\/p>\n\n\n\n<p><strong>&#8211; Puikiai<\/strong><\/p>\n\n\n\n<p><strong>&#8211; B\u016bsimoji tobuloji forma<\/strong><\/p>\n\n\n\n<p><strong>&#8211; Pluperfektas<\/strong><\/p>\n\n\n\n<p><strong>&#8211; Aoristas pasyvus<\/strong><\/p>\n\n\n\n<p>Be to, graik\u0173 kalbos veiksma\u017eod\u017eiai turi \u012fvairias nuotaikas, kurios i\u0161rei\u0161kia kalb\u0117tojo po\u017ei\u016br\u012f \u012f veiksm\u0105. \u0160ios nuotaikos yra imperatyvios, orientacin\u0117s ir subjunkcin\u0117s.<\/p>\n\n\n\n<h3 class=\"wp-block-heading\" id=\"h-3-crafting-expressive-sentences-with-greek-adjectives-and-adverbs\">3. I\u0161rai\u0161king\u0173 sakini\u0173 su graik\u0173 b\u016bdvard\u017eiais ir prieveiksmiais k\u016brimas<\/h3>\n\n\n\n<p>Graik\u0173 b\u016bdvard\u017eiai j\u016bs\u0173 sakiniams suteikia spalv\u0173 ir apra\u0161ymo. Pana\u0161iai kaip ir daiktavard\u017eiai, b\u016bdvard\u017eiai graik\u0173 kalba turi susitarti d\u0117l lyties, skai\u010diaus ir atvejo su daiktavard\u017eiu, kur\u012f jie apib\u016bdina. Be to, b\u016bdvard\u017eiai priklauso vienam i\u0161 trij\u0173 declensij\u0173, kurios lemia j\u0173 galus.<\/p>\n\n\n\n<p>Graik\u0173 kalbos prieveiksmiai modifikuoja veiksma\u017eod\u017eius, b\u016bdvard\u017eius ar kitus prieveiksmius. Jie i\u0161rei\u0161kia, kaip, kada, kur ir kokiu mastu atliekamas veiksmas. Skirtingai nuo b\u016bdvard\u017ei\u0173, prieveiksmiai neturi sutikti su daiktavard\u017eiais lytimi, skai\u010diumi ar atveju. Daugeliu atvej\u0173 prieveiksmiai formuojami pridedant konkre\u010dias b\u016bdvard\u017ei\u0173 \u0161aknis.<\/p>\n\n\n\n<h3 class=\"wp-block-heading\" id=\"h-4-exploring-greek-pronouns-and-greek-sentence-structure\">4. Graik\u0173 kalbos \u012fvard\u017ei\u0173 ir graik\u0173 sakini\u0173 strukt\u016bros tyrin\u0117jimas<\/h3>\n\n\n\n<p>\u012evard\u017eiai vaidina svarb\u0173 vaidmen\u012f graik\u0173 kalbos gramatikoje, nes jie pakei\u010dia daiktavard\u017eius ir turi sutikti su daiktavard\u017eiu, kur\u012f jie atstovauja lytimi, skai\u010diumi ir atveju. Graik\u0173 kalboje yra asmenini\u0173, refleksyvi\u0173, demonstratyvi\u0173, santykini\u0173, klausiam\u0173j\u0173 ir neapibr\u0117\u017et\u0173 \u012fvard\u017ei\u0173.<\/p>\n\n\n\n<p>Graik\u0173 sakinio strukt\u016bra pirmiausia atitinka dalyko-veiksma\u017eod\u017eio-objekto (SVO) tvark\u0105. Ta\u010diau d\u0117l savo labai infleksi\u0161kos prigimties graik\u0173 kalba si\u016blo daugiau lankstumo \u017eod\u017ei\u0173 tvarka, o <a href=\"https:\/\/talkpal.ai\/learn-thai\/\">tai<\/a> leid\u017eia pabr\u0117\u017eti ir poeti\u0161kai reik\u0161tis. I\u0161 prad\u017ei\u0173 \u0161is lankstumas gali atrodyti sud\u0117tingas, ta\u010diau, kai susipa\u017einsite su kalbos niuansais, jis taps lengviau pasiekiamas.<\/p>\n\n\n\n<h3 class=\"wp-block-heading\" id=\"h-conclusion\">I\u0161vada<\/h3>\n\n\n\n<p>Leisdamiesi \u012f kelion\u0119, kad \u012fvaldytum\u0117te graik\u0173 kalbos gramatik\u0105, atminkite, kad praktika ir atkaklumas yra labai svarb\u016bs s\u0117kmei. Neskub\u0117kite atskleisti graik\u0173 kalbos daiktavard\u017ei\u0173, veiksma\u017eod\u017ei\u0173, b\u016bdvard\u017ei\u0173, prieveiksmi\u0173 ir sakini\u0173 strukt\u016bros sud\u0117tingumo. Gilindamiesi \u012f \u0161i\u0105 patraukli\u0105 kalb\u0105, pasteb\u0117site, kad graik\u0173 kalbos gramatika tampa labiau pa\u017e\u012fstama ir ma\u017eiau bauginanti. S\u0117km\u0117s ir \u03ba\u03b1\u03bb\u03ae \u03b5\u03c0\u03b9\u03c4\u03c5\u03c7\u03af\u03b1!<\/p>\n<\/div><\/div>\n\r\n<section class=\"learnNavigationSection\">\r\n            \r\n        <a href=\"https:\/\/talkpal.ai\/lt\/mokykites-graiku-kalbos\/\">\r\n            <div class=\"learnNavigationWrapper\">\r\n                <div class=\"learnNavigationContent\">\r\n                    <img decoding=\"async\" src=\"https:\/\/talkpal.ai\/wp-content\/uploads\/2024\/08\/Greek.jpg\" alt=\"Greek Flag\">\r\n                    <div>\r\n                        <h4>Apie graik\u0173 kalbos mokym\u0105si<\/h4>\r\n                        <p>Su\u017einokite visk\u0105 apie graik\u0173 kalbos gramatik\u0105.<\/p>\r\n                    <\/div>\r\n                <\/div>\r\n            <\/div>\r\n        <\/a>\r\n\r\n        \r\n        <a href=\"https:\/\/talkpal.ai\/lt\/graiku-kalbos-gramatikos-pratimai\/\">\r\n            <div class=\"learnNavigationWrapper\">\r\n                <div class=\"learnNavigationContent\">\r\n                    <img decoding=\"async\" src=\"https:\/\/talkpal.ai\/wp-content\/uploads\/2024\/08\/Greek.jpg\" alt=\"Greek Flag\">\r\n                    <div>\r\n                        <h4>Graik\u0173 kalbos gramatikos pratybos<\/h4>\r\n                        <p>Praktikuokite graik\u0173 kalbos gramatik\u0105.<\/p>\r\n                    <\/div>\r\n                <\/div>\r\n            <\/div>\r\n        <\/a>\r\n\r\n        \r\n        <a href=\"https:\/\/talkpal.ai\/vocabulary_language\/greek\/\">\r\n            <div class=\"learnNavigationWrapper\">\r\n                <div class=\"learnNavigationContent\">\r\n                    <img decoding=\"async\" src=\"https:\/\/talkpal.ai\/wp-content\/uploads\/2024\/08\/Greek.jpg\" alt=\"Greek Flag\">\r\n                    <div>\r\n                        <h4>Graik\u0173 kalbos \u017eodynas<\/h4>\r\n                        <p>Prapl\u0117skite savo graik\u0173 kalbos \u017eodyn\u0105.<\/p>\r\n                    <\/div>\r\n                <\/div>\r\n            <\/div>\r\n        <\/a>\r\n\r\n            <\/section>","protected":false},"excerpt":{"rendered":"<p>Demistifikuojanti graik\u0173 kalbos gramatika: i\u0161samus vadovas Graik\u0173 kalba, eleganti\u0161ka ir senovin\u0117 kalba, u\u017eima ypating\u0105 viet\u0105 kalbos istorijoje ir i\u0161lieka \u012ftakinga \u0161iandien. Tur\u0117dami tvirt\u0105 graik\u0173 kalbos gramatikos pagrind\u0105, gausite prieig\u0105 prie daugyb\u0117s kult\u016brini\u0173 ir istorini\u0173 \u0161altini\u0173, tuo pa\u010diu atrakindami kit\u0105 prasm\u0117s sluoksn\u012f angl\u0173 kalbos \u017eodyne. Prie\u0161ingai populiariems \u012fsitikinimams, graik\u0173 kalbos gramatika n\u0117ra tokia bauginanti, kaip i\u0161 [&hellip;]<\/p>\n","protected":false},"author":1,"featured_media":112649,"parent":0,"menu_order":0,"comment_status":"closed","ping_status":"closed","template":"LearningContentPage.php","meta":{"_acf_changed":false,"footnotes":""},"class_list":["post-143069","page","type-page","status-publish","has-post-thumbnail","hentry"],"acf":[],"yoast_head":"<!-- This site is optimized with the Yoast SEO Premium plugin v27.2 (Yoast SEO v27.2) - https:\/\/yoast.com\/product\/yoast-seo-premium-wordpress\/ -->\n<title>Graik\u0173 kalbos gramatika - Talkpal<\/title>\n<meta name=\"description\" content=\"\u012evaldykite graik\u0173 kalbos gramatik\u0105 u\u017etikrintai - i\u0161mokite svarbi\u0173 taisykli\u0173, praktikuokit\u0117s sudaryti sakinius ir greitai sustiprinkite savo \u012fg\u016bd\u017eius su Talkpal AI.\" \/>\n<meta name=\"robots\" content=\"index, follow, max-snippet:-1, max-image-preview:large, max-video-preview:-1\" \/>\n<link rel=\"canonical\" href=\"https:\/\/talkpal.ai\/lt\/graiku-kalbos-gramatika\/\" \/>\n<meta property=\"og:locale\" content=\"lt_LT\" \/>\n<meta property=\"og:type\" content=\"article\" \/>\n<meta property=\"og:title\" content=\"Graik\u0173 kalbos gramatika\" \/>\n<meta property=\"og:description\" content=\"Demistifikuojanti graik\u0173 kalbos gramatika: i\u0161samus vadovas Graik\u0173 kalba, eleganti\u0161ka ir senovin\u0117 kalba, u\u017eima ypating\u0105 viet\u0105 kalbos istorijoje ir i\u0161lieka\" \/>\n<meta property=\"og:url\" content=\"https:\/\/talkpal.ai\/lt\/graiku-kalbos-gramatika\/\" \/>\n<meta property=\"og:site_name\" content=\"Talkpal\" \/>\n<meta property=\"article:publisher\" content=\"https:\/\/www.facebook.com\/profile.php?id=100090733639311\" \/>\n<meta property=\"article:modified_time\" content=\"2025-12-13T15:33:54+00:00\" \/>\n<meta property=\"og:image\" content=\"https:\/\/talkpal.ai\/wp-content\/uploads\/2023\/05\/greece.png\" \/>\n\t<meta property=\"og:image:width\" content=\"512\" \/>\n\t<meta property=\"og:image:height\" content=\"512\" \/>\n\t<meta property=\"og:image:type\" content=\"image\/png\" \/>\n<meta name=\"twitter:card\" content=\"summary_large_image\" \/>\n<meta name=\"twitter:site\" content=\"@talkpalai\" \/>\n<meta name=\"twitter:label1\" content=\"Est. reading time\" \/>\n\t<meta name=\"twitter:data1\" content=\"3 minut\u0117s\" \/>\n<script type=\"application\/ld+json\" class=\"yoast-schema-graph\">{\"@context\":\"https:\/\/schema.org\",\"@graph\":[{\"@type\":\"WebPage\",\"@id\":\"https:\/\/talkpal.ai\/lt\/graiku-kalbos-gramatika\/\",\"url\":\"https:\/\/talkpal.ai\/lt\/graiku-kalbos-gramatika\/\",\"name\":\"Graik\u0173 kalbos gramatika - Talkpal\",\"isPartOf\":{\"@id\":\"https:\/\/talkpal.ai\/lt\/#website\"},\"primaryImageOfPage\":{\"@id\":\"https:\/\/talkpal.ai\/lt\/graiku-kalbos-gramatika\/#primaryimage\"},\"image\":{\"@id\":\"https:\/\/talkpal.ai\/lt\/graiku-kalbos-gramatika\/#primaryimage\"},\"thumbnailUrl\":\"https:\/\/talkpal.ai\/wp-content\/uploads\/2023\/05\/greece.png\",\"datePublished\":\"2023-05-14T14:02:30+00:00\",\"dateModified\":\"2025-12-13T15:33:54+00:00\",\"description\":\"\u012evaldykite graik\u0173 kalbos gramatik\u0105 u\u017etikrintai - i\u0161mokite svarbi\u0173 taisykli\u0173, praktikuokit\u0117s sudaryti sakinius ir greitai sustiprinkite savo \u012fg\u016bd\u017eius su Talkpal AI.\",\"breadcrumb\":{\"@id\":\"https:\/\/talkpal.ai\/lt\/graiku-kalbos-gramatika\/#breadcrumb\"},\"inLanguage\":\"lt-LT\",\"potentialAction\":[{\"@type\":\"ReadAction\",\"target\":[\"https:\/\/talkpal.ai\/lt\/graiku-kalbos-gramatika\/\"]}]},{\"@type\":\"ImageObject\",\"inLanguage\":\"lt-LT\",\"@id\":\"https:\/\/talkpal.ai\/lt\/graiku-kalbos-gramatika\/#primaryimage\",\"url\":\"https:\/\/talkpal.ai\/wp-content\/uploads\/2023\/05\/greece.png\",\"contentUrl\":\"https:\/\/talkpal.ai\/wp-content\/uploads\/2023\/05\/greece.png\",\"width\":512,\"height\":512},{\"@type\":\"BreadcrumbList\",\"@id\":\"https:\/\/talkpal.ai\/lt\/graiku-kalbos-gramatika\/#breadcrumb\",\"itemListElement\":[{\"@type\":\"ListItem\",\"position\":1,\"name\":\"Homepage\",\"item\":\"https:\/\/talkpal.ai\/lt\/\"},{\"@type\":\"ListItem\",\"position\":2,\"name\":\"Graik\u0173 kalbos gramatika\"}]},{\"@type\":\"WebSite\",\"@id\":\"https:\/\/talkpal.ai\/lt\/#website\",\"url\":\"https:\/\/talkpal.ai\/lt\/\",\"name\":\"Talkpal\",\"description\":\"AI Language Learning\",\"publisher\":{\"@id\":\"https:\/\/talkpal.ai\/lt\/#organization\"},\"alternateName\":\"Talkpal AI\",\"potentialAction\":[{\"@type\":\"SearchAction\",\"target\":{\"@type\":\"EntryPoint\",\"urlTemplate\":\"https:\/\/talkpal.ai\/lt\/?s={search_term_string}\"},\"query-input\":{\"@type\":\"PropertyValueSpecification\",\"valueRequired\":true,\"valueName\":\"search_term_string\"}}],\"inLanguage\":\"lt-LT\"},{\"@type\":\"Organization\",\"@id\":\"https:\/\/talkpal.ai\/lt\/#organization\",\"name\":\"Talkpal, Inc.\",\"alternateName\":\"Talkpal AI\",\"url\":\"https:\/\/talkpal.ai\/lt\/\",\"logo\":{\"@type\":\"ImageObject\",\"inLanguage\":\"lt-LT\",\"@id\":\"https:\/\/talkpal.ai\/lt\/#\/schema\/logo\/image\/\",\"url\":\"https:\/\/talkpal.ai\/wp-content\/uploads\/2024\/03\/Talkpal-Logo-Icon.png\",\"contentUrl\":\"https:\/\/talkpal.ai\/wp-content\/uploads\/2024\/03\/Talkpal-Logo-Icon.png\",\"width\":2880,\"height\":2880,\"caption\":\"Talkpal, Inc.\"},\"image\":{\"@id\":\"https:\/\/talkpal.ai\/lt\/#\/schema\/logo\/image\/\"},\"sameAs\":[\"https:\/\/www.facebook.com\/profile.php?id=100090733639311\",\"https:\/\/x.com\/talkpalai\",\"https:\/\/www.linkedin.com\/company\/talkpal\/\",\"https:\/\/www.youtube.com\/@TalkPal\/\",\"https:\/\/www.tiktok.com\/@talkpal\",\"https:\/\/www.instagram.com\/talkpal_ai\/\",\"https:\/\/www.crunchbase.com\/organization\/talkpal-9cde\",\"https:\/\/www.g2.com\/products\/talkpal-for-business\/\",\"https:\/\/www.trustpilot.com\/review\/talkpal.ai\",\"https:\/\/www.capterra.com\/p\/10006800\/TalkPal\/\"],\"description\":\"Talkpal is a language learning web and mobile education app, powered by the latest AI technologies, that provides engaging experiences to its customers in many different languages to help them improve their language skills. Users can chat about unlimited amount of topics with the app and use other modes to practice their language learning.\",\"email\":\"support@talkpal.ai\",\"legalName\":\"Talkpal, Inc.\",\"foundingDate\":\"2023-04-03\",\"duns\":\"118989042\",\"numberOfEmployees\":{\"@type\":\"QuantitativeValue\",\"minValue\":\"11\",\"maxValue\":\"50\"},\"publishingPrinciples\":\"https:\/\/talkpal.ai\/publishing-principles\/\",\"actionableFeedbackPolicy\":\"https:\/\/talkpal.ai\/actionable-feedback-policy\/\",\"correctionsPolicy\":\"https:\/\/talkpal.ai\/corrections-policy\/\",\"ethicsPolicy\":\"https:\/\/talkpal.ai\/ethics-policy\/\",\"diversityPolicy\":\"https:\/\/talkpal.ai\/diversity-policy\/\",\"diversityStaffingReport\":\"https:\/\/talkpal.ai\/diversity-policy\/\"}]}<\/script>\n<!-- \/ Yoast SEO Premium plugin. -->","yoast_head_json":{"title":"Graik\u0173 kalbos gramatika - Talkpal","description":"\u012evaldykite graik\u0173 kalbos gramatik\u0105 u\u017etikrintai - i\u0161mokite svarbi\u0173 taisykli\u0173, praktikuokit\u0117s sudaryti sakinius ir greitai sustiprinkite savo \u012fg\u016bd\u017eius su Talkpal AI.","robots":{"index":"index","follow":"follow","max-snippet":"max-snippet:-1","max-image-preview":"max-image-preview:large","max-video-preview":"max-video-preview:-1"},"canonical":"https:\/\/talkpal.ai\/lt\/graiku-kalbos-gramatika\/","og_locale":"lt_LT","og_type":"article","og_title":"Graik\u0173 kalbos gramatika","og_description":"Demistifikuojanti graik\u0173 kalbos gramatika: i\u0161samus vadovas Graik\u0173 kalba, eleganti\u0161ka ir senovin\u0117 kalba, u\u017eima ypating\u0105 viet\u0105 kalbos istorijoje ir i\u0161lieka","og_url":"https:\/\/talkpal.ai\/lt\/graiku-kalbos-gramatika\/","og_site_name":"Talkpal","article_publisher":"https:\/\/www.facebook.com\/profile.php?id=100090733639311","article_modified_time":"2025-12-13T15:33:54+00:00","og_image":[{"width":512,"height":512,"url":"https:\/\/talkpal.ai\/wp-content\/uploads\/2023\/05\/greece.png","type":"image\/png"}],"twitter_card":"summary_large_image","twitter_site":"@talkpalai","twitter_misc":{"Est. reading time":"3 minut\u0117s"},"schema":{"@context":"https:\/\/schema.org","@graph":[{"@type":"WebPage","@id":"https:\/\/talkpal.ai\/lt\/graiku-kalbos-gramatika\/","url":"https:\/\/talkpal.ai\/lt\/graiku-kalbos-gramatika\/","name":"Graik\u0173 kalbos gramatika - Talkpal","isPartOf":{"@id":"https:\/\/talkpal.ai\/lt\/#website"},"primaryImageOfPage":{"@id":"https:\/\/talkpal.ai\/lt\/graiku-kalbos-gramatika\/#primaryimage"},"image":{"@id":"https:\/\/talkpal.ai\/lt\/graiku-kalbos-gramatika\/#primaryimage"},"thumbnailUrl":"https:\/\/talkpal.ai\/wp-content\/uploads\/2023\/05\/greece.png","datePublished":"2023-05-14T14:02:30+00:00","dateModified":"2025-12-13T15:33:54+00:00","description":"\u012evaldykite graik\u0173 kalbos gramatik\u0105 u\u017etikrintai - i\u0161mokite svarbi\u0173 taisykli\u0173, praktikuokit\u0117s sudaryti sakinius ir greitai sustiprinkite savo \u012fg\u016bd\u017eius su Talkpal AI.","breadcrumb":{"@id":"https:\/\/talkpal.ai\/lt\/graiku-kalbos-gramatika\/#breadcrumb"},"inLanguage":"lt-LT","potentialAction":[{"@type":"ReadAction","target":["https:\/\/talkpal.ai\/lt\/graiku-kalbos-gramatika\/"]}]},{"@type":"ImageObject","inLanguage":"lt-LT","@id":"https:\/\/talkpal.ai\/lt\/graiku-kalbos-gramatika\/#primaryimage","url":"https:\/\/talkpal.ai\/wp-content\/uploads\/2023\/05\/greece.png","contentUrl":"https:\/\/talkpal.ai\/wp-content\/uploads\/2023\/05\/greece.png","width":512,"height":512},{"@type":"BreadcrumbList","@id":"https:\/\/talkpal.ai\/lt\/graiku-kalbos-gramatika\/#breadcrumb","itemListElement":[{"@type":"ListItem","position":1,"name":"Homepage","item":"https:\/\/talkpal.ai\/lt\/"},{"@type":"ListItem","position":2,"name":"Graik\u0173 kalbos gramatika"}]},{"@type":"WebSite","@id":"https:\/\/talkpal.ai\/lt\/#website","url":"https:\/\/talkpal.ai\/lt\/","name":"Talkpal","description":"AI Language Learning","publisher":{"@id":"https:\/\/talkpal.ai\/lt\/#organization"},"alternateName":"Talkpal AI","potentialAction":[{"@type":"SearchAction","target":{"@type":"EntryPoint","urlTemplate":"https:\/\/talkpal.ai\/lt\/?s={search_term_string}"},"query-input":{"@type":"PropertyValueSpecification","valueRequired":true,"valueName":"search_term_string"}}],"inLanguage":"lt-LT"},{"@type":"Organization","@id":"https:\/\/talkpal.ai\/lt\/#organization","name":"Talkpal, Inc.","alternateName":"Talkpal AI","url":"https:\/\/talkpal.ai\/lt\/","logo":{"@type":"ImageObject","inLanguage":"lt-LT","@id":"https:\/\/talkpal.ai\/lt\/#\/schema\/logo\/image\/","url":"https:\/\/talkpal.ai\/wp-content\/uploads\/2024\/03\/Talkpal-Logo-Icon.png","contentUrl":"https:\/\/talkpal.ai\/wp-content\/uploads\/2024\/03\/Talkpal-Logo-Icon.png","width":2880,"height":2880,"caption":"Talkpal, Inc."},"image":{"@id":"https:\/\/talkpal.ai\/lt\/#\/schema\/logo\/image\/"},"sameAs":["https:\/\/www.facebook.com\/profile.php?id=100090733639311","https:\/\/x.com\/talkpalai","https:\/\/www.linkedin.com\/company\/talkpal\/","https:\/\/www.youtube.com\/@TalkPal\/","https:\/\/www.tiktok.com\/@talkpal","https:\/\/www.instagram.com\/talkpal_ai\/","https:\/\/www.crunchbase.com\/organization\/talkpal-9cde","https:\/\/www.g2.com\/products\/talkpal-for-business\/","https:\/\/www.trustpilot.com\/review\/talkpal.ai","https:\/\/www.capterra.com\/p\/10006800\/TalkPal\/"],"description":"Talkpal is a language learning web and mobile education app, powered by the latest AI technologies, that provides engaging experiences to its customers in many different languages to help them improve their language skills. Users can chat about unlimited amount of topics with the app and use other modes to practice their language learning.","email":"support@talkpal.ai","legalName":"Talkpal, Inc.","foundingDate":"2023-04-03","duns":"118989042","numberOfEmployees":{"@type":"QuantitativeValue","minValue":"11","maxValue":"50"},"publishingPrinciples":"https:\/\/talkpal.ai\/publishing-principles\/","actionableFeedbackPolicy":"https:\/\/talkpal.ai\/actionable-feedback-policy\/","correctionsPolicy":"https:\/\/talkpal.ai\/corrections-policy\/","ethicsPolicy":"https:\/\/talkpal.ai\/ethics-policy\/","diversityPolicy":"https:\/\/talkpal.ai\/diversity-policy\/","diversityStaffingReport":"https:\/\/talkpal.ai\/diversity-policy\/"}]}},"_links":{"self":[{"href":"https:\/\/talkpal.ai\/lt\/wp-json\/wp\/v2\/pages\/143069","targetHints":{"allow":["GET"]}}],"collection":[{"href":"https:\/\/talkpal.ai\/lt\/wp-json\/wp\/v2\/pages"}],"about":[{"href":"https:\/\/talkpal.ai\/lt\/wp-json\/wp\/v2\/types\/page"}],"author":[{"embeddable":true,"href":"https:\/\/talkpal.ai\/lt\/wp-json\/wp\/v2\/users\/1"}],"replies":[{"embeddable":true,"href":"https:\/\/talkpal.ai\/lt\/wp-json\/wp\/v2\/comments?post=143069"}],"version-history":[{"count":0,"href":"https:\/\/talkpal.ai\/lt\/wp-json\/wp\/v2\/pages\/143069\/revisions"}],"wp:featuredmedia":[{"embeddable":true,"href":"https:\/\/talkpal.ai\/lt\/wp-json\/wp\/v2\/media\/112649"}],"wp:attachment":[{"href":"https:\/\/talkpal.ai\/lt\/wp-json\/wp\/v2\/media?parent=143069"}],"curies":[{"name":"wp","href":"https:\/\/api.w.org\/{rel}","templated":true}]}}