{"id":142725,"date":"2023-05-14T14:01:53","date_gmt":"2023-05-14T14:01:53","guid":{"rendered":"http:\/\/talkpal.ai\/estu-kalbos-gramatika\/"},"modified":"2025-12-13T15:20:29","modified_gmt":"2025-12-13T15:20:29","slug":"estu-kalbos-gramatika","status":"publish","type":"page","link":"https:\/\/talkpal.ai\/lt\/estu-kalbos-gramatika\/","title":{"rendered":"Est\u0173 kalbos gramatika"},"content":{"rendered":"\r\n\r\n\r\n<section class=\"languageChallengeSection\">\r\n    <div class=\"languageInfoWrapper\">\r\n        \r\n        <h1>Est\u0173 kalbos gramatika<\/h1>\r\n        <p>Galvojate apie <a href=\"https:\/\/talkpal.ai\/learn-estonian\/\">est\u0173<\/a> <a href=\"https:\/\/talkpal.ai\/what-language-is-spoken-on-the-international-space-station\/\">kalbos<\/a> mokym\u0105si? \u017denkite \u012f <a href=\"https:\/\/talkpal.ai\/learn-estonian\/\">est\u0173<\/a> kalbos gramatikos pasaul\u012f, kuriame aglutinacija, balsi\u0173 derm\u0117 ir daugyb\u0117 daiktavard\u017ei\u0173 atvej\u0173 sukuria i\u0161ties savit\u0105 kalbos patirt\u012f. Prad\u0117kite tyrin\u0117ti jau \u0161iandien &#8211; i\u0161mok\u0119 est\u0173 kalbos gramatik\u0105 ne tik geriau kalb\u0117site, bet ir susipa\u017einsite su turtinga Estijos kult\u016bra ir istorija!<\/p>\r\n\r\n                            <a class=\"getStartedHidden\" href=\"https:\/\/app.talkpal.ai\/lt\/signup?lng=\">Prad\u0117k<\/a>\r\n        \r\n    <\/div>\r\n\r\n    <figure>\r\n    <img decoding=\"async\" width=\"768\" height=\"768\" src=\"https:\/\/talkpal.ai\/wp-content\/uploads\/2023\/06\/Estonian-768x768.png\" class=\"languageImage no-lazy\" alt=\"Secret tricks of language learning\" fetchpriority=\"high\" sizes=\"(max-width: 768px) 150px, 768px\" srcset=\"https:\/\/talkpal.ai\/wp-content\/uploads\/2023\/06\/Estonian-768x768.png 768w, https:\/\/talkpal.ai\/wp-content\/uploads\/2023\/06\/Estonian-300x300.png 300w\" \/>\r\n    \r\n\r\n    <\/figure>\r\n\r\n            <a class=\"getStartedVisible\" href=\"https:\/\/app.talkpal.ai\/lt\/signup?lng=\">Prad\u0117k<\/a>\r\n    \r\n<\/section>\r\n<section class=\"promotionalBanner\">\r\n    <p class=\"promotionalText\">Efektyviausias b\u016bdas mokytis kalbos<\/p>\r\n    <a class=\"promotionalLink\" href=\"https:\/\/app.talkpal.ai\/lt\/signup?lng=\">I\u0161bandykite Talkpal &#8221; nemokamai<\/a>\r\n<\/section>\n<div class=\"wp-block-group pageContainerStyle\"><div class=\"wp-block-group__inner-container is-layout-constrained wp-block-group-is-layout-constrained\">\n<h2 class=\"wp-block-heading\" id=\"h-estonian-grammar-the-gateway-to-a-unique-language-journey\">Est\u0173 kalbos gramatika: vartai \u012f unikali\u0105 kalbin\u0119 kelion\u0119<\/h2>\n\n\n\n<p>Sveiki atvyk\u0119 \u012f \u012fsp\u016bding\u0105 est\u0173 pasaul\u012f! Est\u0173 kalba, kuriai daugiau nei milijonas \u017emoni\u0173 yra gimtoji, suteikia jums unikali\u0105 galimyb\u0119 prapl\u0117sti savo kalbin\u012f akirat\u012f ir atrasti gyvybing\u0105 kult\u016br\u0105. Nors i\u0161 pirmo \u017evilgsnio est\u0173 kalbos gramatikos subtilyb\u0117s gali atrodyti bauginan\u010dios, \u0161is draugi\u0161kas pradedan\u010di\u0173j\u0173 vadovas pad\u0117s paprastai ir patraukliai perprasti est\u0173 kalbos gramatikos pagrindus.<\/p>\n\n\n\n<h3 class=\"wp-block-heading\" id=\"h-1-embracing-the-estonian-alphabet\">1. Est\u0173 ab\u0117c\u0117l\u0117s \u012fsisavinimas<\/h3>\n\n\n\n<p>Kelion\u0117 \u012f est\u0173 kalbos \u012fsisavinim\u0105 prasideda nuo jos ab\u0117c\u0117l\u0117s. Est\u0173 kalboje naudojami lotyni\u0161ki ra\u0161menys, papildyti devyniais specialiaisiais simboliais: \u00c4, \u00d6, \u00dc, \u00d5, \u0160, \u017d ir j\u0173 ma\u017eosiomis raid\u0117mis. Susipa\u017einimas su \u0161iais persona\u017eais sukurs tvirt\u0105 pagrind\u0105 j\u016bs\u0173 est\u0173 kalbos mokymosi patir\u010diai.<\/p>\n\n\n\n<h3 class=\"wp-block-heading\" id=\"h-2-getting-a-grip-on-estonian-nouns\">2. Est\u0173 kalbos daiktavard\u017ei\u0173 gaudymas<\/h3>\n\n\n\n<p>Skirtingai nuo daugelio Europos kalb\u0173, est\u0173 kalba neskiria vyri\u0161kos ir moteri\u0161kos lyties. Vietoj to daiktavard\u017eiai klasifikuojami kaip vienaskaita arba daugiskaita, o kiekvienas daiktavardis turi 14 atvej\u0173. Nors <a href=\"https:\/\/talkpal.ai\/learn-thai\/\">tai<\/a> gali atrodyti priblo\u0161kiantis dalykas, b\u016btina suprasti, kad daiktavard\u017ei\u0173 morfologin\u0117 strukt\u016bra yra gana taisyklinga, tod\u0117l j\u0105 lengviau i\u0161mokti. Nor\u0117dami <a href=\"https:\/\/talkpal.ai\/ko\/ai-%ec%96%b8%ec%96%b4-%ea%b5%90%ec%82%ac\/\">prad\u0117ti<\/a>, sutelkite d\u0117mes\u012f \u012f da\u017eniausiai pasitaikan\u010di\u0173 atvej\u0173 \u012fsisavinim\u0105: nominacin\u012f, genityv\u0173 ir dalin\u012f.<\/p>\n\n\n\n<h3 class=\"wp-block-heading\" id=\"h-3-conquering-estonian-verb-conjugation\">3. Est\u0173 veiksma\u017eod\u017ei\u0173 konjugacijos u\u017ekariavimas<\/h3>\n\n\n\n<p>Est\u0173 veiksma\u017eod\u017eiai konjuguojami pagal \u012ftamp\u0105, asmen\u012f ir skai\u010di\u0173. Yra tik trys laikai: dabartis, praeitis (u\u017ekoduota praeities dalyvio) ir ateitis (i\u0161reik\u0161ta dabartine \u012ftempta veiksma\u017eod\u017eio forma, kartu su b\u016bsima pagalbine).<\/p>\n\n\n\n<p>Pavyzd\u017eiui, \u010dia pateikiamos veiksma\u017eod\u017eio &#8222;lugema&#8221; (skaityti) gal\u016bn\u0117s:<\/p>\n\n\n\n<p><strong>&#8211; Dalyvauja: Ma loen (skaitau)<\/strong><\/p>\n\n\n\n<p><strong>&#8211; Praeitis: Ma lugesin (A\u0161 skaitau\/esu skait\u0119s)<\/strong><\/p>\n\n\n\n<p><strong>&#8211; Ateitis: Ma loen raamatuid (A\u0161 skaitysiu knygas)<\/strong><\/p>\n\n\n\n<h3 class=\"wp-block-heading\" id=\"h-4-unraveling-the-mystery-of-estonian-pronouns\">4. Est\u0173 \u012fvard\u017ei\u0173 paslapties atskleidimas<\/h3>\n\n\n\n<p>\u012evard\u017eiai est\u0173 kalba pakei\u010dia daiktavard\u017eius ir daro kalb\u0105 sklandesn\u0119 ir dinami\u0161kesn\u0119. Sutelkite d\u0117mes\u012f \u012f asmenini\u0173 ir savininki\u0161k\u0173 \u012fvard\u017ei\u0173 mokym\u0105si:<\/p>\n\n\n\n<p><strong>&#8211; Asmeniniai \u012fvard\u017eiai: mina (a\u0161), sina (tu, neoficialiai), tema (jis\/ji), meie (mes), teie (j\u016bs, daugiskaita\/formaliai), nemad (jie)<\/strong><\/p>\n\n\n\n<p><strong>&#8211; Nuosavyb\u0117s \u012fvard\u017eiai: minu (mano), sinu (tavo, neoficialus), tema (jo\/jos), meie (m\u016bs\u0173), teie (j\u016bs\u0173, daugiskaita\/formalus), nende (j\u0173)<\/strong><\/p>\n\n\n\n<h3 class=\"wp-block-heading\" id=\"h-5-no-articles-no-problem\">5. Joki\u0173 straipsni\u0173, joki\u0173 problem\u0173!<\/h3>\n\n\n\n<p>Est\u0173 kalba nenaudoja apibr\u0117\u017et\u0173 ar neapibr\u0117\u017et\u0173 straipsni\u0173, leid\u017eian\u010di\u0173 lengviau atsikv\u0117pti. Pavyzd\u017eiui:<\/p>\n\n\n\n<p><strong>&#8211; Koer &#8211; &#8222;\u0161uo&#8221; arba &#8222;\u0161uo&#8221;<\/strong><\/p>\n\n\n\n<p><strong>&#8211; Maja &#8211; &#8222;namas&#8221; arba &#8222;namas&#8221;<\/strong><\/p>\n\n\n\n<p>Est\u0173 kalbos gramatikos \u012fvaldymas yra \u012fdomus ir praturtinantis procesas, atveriantis duris \u012f turting\u0105 kult\u016brin\u0119 patirt\u012f. Atminkite, kad praktika yra labai svarbi, tod\u0117l pasinerkite \u012f est\u0173 kalbos gramatik\u0105, bendraukite su gimt\u0105ja kalba ir sukurkite tvirt\u0105 pagrind\u0105 savo kalbos kelionei. Edu! (S\u0117km\u0117s!)<\/p>\n<\/div><\/div>\n\r\n<section class=\"learnNavigationSection\">\r\n            \r\n        <a href=\"https:\/\/talkpal.ai\/lt\/ismok-estu-kalba\/\">\r\n            <div class=\"learnNavigationWrapper\">\r\n                <div class=\"learnNavigationContent\">\r\n                    <img decoding=\"async\" src=\"https:\/\/talkpal.ai\/wp-content\/uploads\/2024\/08\/Estonian.jpg\" alt=\"Estonian Flag\">\r\n                    <div>\r\n                        <h4>Apie est\u0173 kalbos mokym\u0105si<\/h4>\r\n                        <p>Su\u017einokite visk\u0105 apie est\u0173 kalbos gramatik\u0105.<\/p>\r\n                    <\/div>\r\n                <\/div>\r\n            <\/div>\r\n        <\/a>\r\n\r\n        \r\n        <a href=\"https:\/\/talkpal.ai\/lt\/estu-kalbos-gramatikos-pratimai\/\">\r\n            <div class=\"learnNavigationWrapper\">\r\n                <div class=\"learnNavigationContent\">\r\n                    <img decoding=\"async\" src=\"https:\/\/talkpal.ai\/wp-content\/uploads\/2024\/08\/Estonian.jpg\" alt=\"Estonian Flag\">\r\n                    <div>\r\n                        <h4>Est\u0173 kalbos gramatikos pratimai<\/h4>\r\n                        <p>Praktikuokite est\u0173 kalbos gramatik\u0105.<\/p>\r\n                    <\/div>\r\n                <\/div>\r\n            <\/div>\r\n        <\/a>\r\n\r\n        \r\n        <a href=\"https:\/\/talkpal.ai\/vocabulary_language\/estonian\/\">\r\n            <div class=\"learnNavigationWrapper\">\r\n                <div class=\"learnNavigationContent\">\r\n                    <img decoding=\"async\" src=\"https:\/\/talkpal.ai\/wp-content\/uploads\/2024\/08\/Estonian.jpg\" alt=\"Estonian Flag\">\r\n                    <div>\r\n                        <h4>Est\u0173 kalbos \u017eodynas<\/h4>\r\n                        <p>Prapl\u0117skite savo est\u0173 kalbos \u017eodyn\u0105.<\/p>\r\n                    <\/div>\r\n                <\/div>\r\n            <\/div>\r\n        <\/a>\r\n\r\n            <\/section>","protected":false},"excerpt":{"rendered":"<p>Est\u0173 kalbos gramatika: vartai \u012f unikali\u0105 kalbin\u0119 kelion\u0119 Sveiki atvyk\u0119 \u012f \u012fsp\u016bding\u0105 est\u0173 pasaul\u012f! Est\u0173 kalba, kuriai daugiau nei milijonas \u017emoni\u0173 yra gimtoji, suteikia jums unikali\u0105 galimyb\u0119 prapl\u0117sti savo kalbin\u012f akirat\u012f ir atrasti gyvybing\u0105 kult\u016br\u0105. Nors i\u0161 pirmo \u017evilgsnio est\u0173 kalbos gramatikos subtilyb\u0117s gali atrodyti bauginan\u010dios, \u0161is draugi\u0161kas pradedan\u010di\u0173j\u0173 vadovas pad\u0117s paprastai ir patraukliai perprasti [&hellip;]<\/p>\n","protected":false},"author":1,"featured_media":112409,"parent":0,"menu_order":0,"comment_status":"closed","ping_status":"closed","template":"LearningContentPage.php","meta":{"_acf_changed":false,"footnotes":""},"class_list":["post-142725","page","type-page","status-publish","has-post-thumbnail","hentry"],"acf":[],"yoast_head":"<!-- This site is optimized with the Yoast SEO Premium plugin v27.2 (Yoast SEO v27.2) - https:\/\/yoast.com\/product\/yoast-seo-premium-wordpress\/ -->\n<title>Est\u0173 kalbos gramatika - Talkpal<\/title>\n<meta name=\"description\" content=\"Susipa\u017einkite su pagrindin\u0117mis est\u0173 kalbos gramatikos s\u0105vokomis, \u012fskaitant atvejus, veiksma\u017eod\u017eius, sakinio strukt\u016br\u0105, tarim\u0105 ir patarimus.\" \/>\n<meta name=\"robots\" content=\"index, follow, max-snippet:-1, max-image-preview:large, max-video-preview:-1\" \/>\n<link rel=\"canonical\" href=\"https:\/\/talkpal.ai\/lt\/estu-kalbos-gramatika\/\" \/>\n<meta property=\"og:locale\" content=\"lt_LT\" \/>\n<meta property=\"og:type\" content=\"article\" \/>\n<meta property=\"og:title\" content=\"Est\u0173 kalbos gramatika\" \/>\n<meta property=\"og:description\" content=\"Est\u0173 kalbos gramatika: vartai \u012f unikali\u0105 kalbin\u0119 kelion\u0119 Sveiki atvyk\u0119 \u012f \u012fsp\u016bding\u0105 est\u0173 pasaul\u012f! Est\u0173 kalba, kuriai daugiau nei milijonas \u017emoni\u0173 yra\" \/>\n<meta property=\"og:url\" content=\"https:\/\/talkpal.ai\/lt\/estu-kalbos-gramatika\/\" \/>\n<meta property=\"og:site_name\" content=\"Talkpal\" \/>\n<meta property=\"article:publisher\" content=\"https:\/\/www.facebook.com\/profile.php?id=100090733639311\" \/>\n<meta property=\"article:modified_time\" content=\"2025-12-13T15:20:29+00:00\" \/>\n<meta property=\"og:image\" content=\"https:\/\/talkpal.ai\/wp-content\/uploads\/2023\/05\/estonia.png\" \/>\n\t<meta property=\"og:image:width\" content=\"512\" \/>\n\t<meta property=\"og:image:height\" content=\"512\" \/>\n\t<meta property=\"og:image:type\" content=\"image\/png\" \/>\n<meta name=\"twitter:card\" content=\"summary_large_image\" \/>\n<meta name=\"twitter:site\" content=\"@talkpalai\" \/>\n<meta name=\"twitter:label1\" content=\"Est. reading time\" \/>\n\t<meta name=\"twitter:data1\" content=\"2 minut\u0117s\" \/>\n<script type=\"application\/ld+json\" class=\"yoast-schema-graph\">{\"@context\":\"https:\/\/schema.org\",\"@graph\":[{\"@type\":\"WebPage\",\"@id\":\"https:\/\/talkpal.ai\/lt\/estu-kalbos-gramatika\/\",\"url\":\"https:\/\/talkpal.ai\/lt\/estu-kalbos-gramatika\/\",\"name\":\"Est\u0173 kalbos gramatika - Talkpal\",\"isPartOf\":{\"@id\":\"https:\/\/talkpal.ai\/lt\/#website\"},\"primaryImageOfPage\":{\"@id\":\"https:\/\/talkpal.ai\/lt\/estu-kalbos-gramatika\/#primaryimage\"},\"image\":{\"@id\":\"https:\/\/talkpal.ai\/lt\/estu-kalbos-gramatika\/#primaryimage\"},\"thumbnailUrl\":\"https:\/\/talkpal.ai\/wp-content\/uploads\/2023\/05\/estonia.png\",\"datePublished\":\"2023-05-14T14:01:53+00:00\",\"dateModified\":\"2025-12-13T15:20:29+00:00\",\"description\":\"Susipa\u017einkite su pagrindin\u0117mis est\u0173 kalbos gramatikos s\u0105vokomis, \u012fskaitant atvejus, veiksma\u017eod\u017eius, sakinio strukt\u016br\u0105, tarim\u0105 ir patarimus.\",\"breadcrumb\":{\"@id\":\"https:\/\/talkpal.ai\/lt\/estu-kalbos-gramatika\/#breadcrumb\"},\"inLanguage\":\"lt-LT\",\"potentialAction\":[{\"@type\":\"ReadAction\",\"target\":[\"https:\/\/talkpal.ai\/lt\/estu-kalbos-gramatika\/\"]}]},{\"@type\":\"ImageObject\",\"inLanguage\":\"lt-LT\",\"@id\":\"https:\/\/talkpal.ai\/lt\/estu-kalbos-gramatika\/#primaryimage\",\"url\":\"https:\/\/talkpal.ai\/wp-content\/uploads\/2023\/05\/estonia.png\",\"contentUrl\":\"https:\/\/talkpal.ai\/wp-content\/uploads\/2023\/05\/estonia.png\",\"width\":512,\"height\":512},{\"@type\":\"BreadcrumbList\",\"@id\":\"https:\/\/talkpal.ai\/lt\/estu-kalbos-gramatika\/#breadcrumb\",\"itemListElement\":[{\"@type\":\"ListItem\",\"position\":1,\"name\":\"Homepage\",\"item\":\"https:\/\/talkpal.ai\/lt\/\"},{\"@type\":\"ListItem\",\"position\":2,\"name\":\"Est\u0173 kalbos gramatika\"}]},{\"@type\":\"WebSite\",\"@id\":\"https:\/\/talkpal.ai\/lt\/#website\",\"url\":\"https:\/\/talkpal.ai\/lt\/\",\"name\":\"Talkpal\",\"description\":\"AI Language Learning\",\"publisher\":{\"@id\":\"https:\/\/talkpal.ai\/lt\/#organization\"},\"alternateName\":\"Talkpal AI\",\"potentialAction\":[{\"@type\":\"SearchAction\",\"target\":{\"@type\":\"EntryPoint\",\"urlTemplate\":\"https:\/\/talkpal.ai\/lt\/?s={search_term_string}\"},\"query-input\":{\"@type\":\"PropertyValueSpecification\",\"valueRequired\":true,\"valueName\":\"search_term_string\"}}],\"inLanguage\":\"lt-LT\"},{\"@type\":\"Organization\",\"@id\":\"https:\/\/talkpal.ai\/lt\/#organization\",\"name\":\"Talkpal, Inc.\",\"alternateName\":\"Talkpal AI\",\"url\":\"https:\/\/talkpal.ai\/lt\/\",\"logo\":{\"@type\":\"ImageObject\",\"inLanguage\":\"lt-LT\",\"@id\":\"https:\/\/talkpal.ai\/lt\/#\/schema\/logo\/image\/\",\"url\":\"https:\/\/talkpal.ai\/wp-content\/uploads\/2024\/03\/Talkpal-Logo-Icon.png\",\"contentUrl\":\"https:\/\/talkpal.ai\/wp-content\/uploads\/2024\/03\/Talkpal-Logo-Icon.png\",\"width\":2880,\"height\":2880,\"caption\":\"Talkpal, Inc.\"},\"image\":{\"@id\":\"https:\/\/talkpal.ai\/lt\/#\/schema\/logo\/image\/\"},\"sameAs\":[\"https:\/\/www.facebook.com\/profile.php?id=100090733639311\",\"https:\/\/x.com\/talkpalai\",\"https:\/\/www.linkedin.com\/company\/talkpal\/\",\"https:\/\/www.youtube.com\/@TalkPal\/\",\"https:\/\/www.tiktok.com\/@talkpal\",\"https:\/\/www.instagram.com\/talkpal_ai\/\",\"https:\/\/www.crunchbase.com\/organization\/talkpal-9cde\",\"https:\/\/www.g2.com\/products\/talkpal-for-business\/\",\"https:\/\/www.trustpilot.com\/review\/talkpal.ai\",\"https:\/\/www.capterra.com\/p\/10006800\/TalkPal\/\"],\"description\":\"Talkpal is a language learning web and mobile education app, powered by the latest AI technologies, that provides engaging experiences to its customers in many different languages to help them improve their language skills. Users can chat about unlimited amount of topics with the app and use other modes to practice their language learning.\",\"email\":\"support@talkpal.ai\",\"legalName\":\"Talkpal, Inc.\",\"foundingDate\":\"2023-04-03\",\"duns\":\"118989042\",\"numberOfEmployees\":{\"@type\":\"QuantitativeValue\",\"minValue\":\"11\",\"maxValue\":\"50\"},\"publishingPrinciples\":\"https:\/\/talkpal.ai\/publishing-principles\/\",\"actionableFeedbackPolicy\":\"https:\/\/talkpal.ai\/actionable-feedback-policy\/\",\"correctionsPolicy\":\"https:\/\/talkpal.ai\/corrections-policy\/\",\"ethicsPolicy\":\"https:\/\/talkpal.ai\/ethics-policy\/\",\"diversityPolicy\":\"https:\/\/talkpal.ai\/diversity-policy\/\",\"diversityStaffingReport\":\"https:\/\/talkpal.ai\/diversity-policy\/\"}]}<\/script>\n<!-- \/ Yoast SEO Premium plugin. -->","yoast_head_json":{"title":"Est\u0173 kalbos gramatika - Talkpal","description":"Susipa\u017einkite su pagrindin\u0117mis est\u0173 kalbos gramatikos s\u0105vokomis, \u012fskaitant atvejus, veiksma\u017eod\u017eius, sakinio strukt\u016br\u0105, tarim\u0105 ir patarimus.","robots":{"index":"index","follow":"follow","max-snippet":"max-snippet:-1","max-image-preview":"max-image-preview:large","max-video-preview":"max-video-preview:-1"},"canonical":"https:\/\/talkpal.ai\/lt\/estu-kalbos-gramatika\/","og_locale":"lt_LT","og_type":"article","og_title":"Est\u0173 kalbos gramatika","og_description":"Est\u0173 kalbos gramatika: vartai \u012f unikali\u0105 kalbin\u0119 kelion\u0119 Sveiki atvyk\u0119 \u012f \u012fsp\u016bding\u0105 est\u0173 pasaul\u012f! Est\u0173 kalba, kuriai daugiau nei milijonas \u017emoni\u0173 yra","og_url":"https:\/\/talkpal.ai\/lt\/estu-kalbos-gramatika\/","og_site_name":"Talkpal","article_publisher":"https:\/\/www.facebook.com\/profile.php?id=100090733639311","article_modified_time":"2025-12-13T15:20:29+00:00","og_image":[{"width":512,"height":512,"url":"https:\/\/talkpal.ai\/wp-content\/uploads\/2023\/05\/estonia.png","type":"image\/png"}],"twitter_card":"summary_large_image","twitter_site":"@talkpalai","twitter_misc":{"Est. reading time":"2 minut\u0117s"},"schema":{"@context":"https:\/\/schema.org","@graph":[{"@type":"WebPage","@id":"https:\/\/talkpal.ai\/lt\/estu-kalbos-gramatika\/","url":"https:\/\/talkpal.ai\/lt\/estu-kalbos-gramatika\/","name":"Est\u0173 kalbos gramatika - Talkpal","isPartOf":{"@id":"https:\/\/talkpal.ai\/lt\/#website"},"primaryImageOfPage":{"@id":"https:\/\/talkpal.ai\/lt\/estu-kalbos-gramatika\/#primaryimage"},"image":{"@id":"https:\/\/talkpal.ai\/lt\/estu-kalbos-gramatika\/#primaryimage"},"thumbnailUrl":"https:\/\/talkpal.ai\/wp-content\/uploads\/2023\/05\/estonia.png","datePublished":"2023-05-14T14:01:53+00:00","dateModified":"2025-12-13T15:20:29+00:00","description":"Susipa\u017einkite su pagrindin\u0117mis est\u0173 kalbos gramatikos s\u0105vokomis, \u012fskaitant atvejus, veiksma\u017eod\u017eius, sakinio strukt\u016br\u0105, tarim\u0105 ir patarimus.","breadcrumb":{"@id":"https:\/\/talkpal.ai\/lt\/estu-kalbos-gramatika\/#breadcrumb"},"inLanguage":"lt-LT","potentialAction":[{"@type":"ReadAction","target":["https:\/\/talkpal.ai\/lt\/estu-kalbos-gramatika\/"]}]},{"@type":"ImageObject","inLanguage":"lt-LT","@id":"https:\/\/talkpal.ai\/lt\/estu-kalbos-gramatika\/#primaryimage","url":"https:\/\/talkpal.ai\/wp-content\/uploads\/2023\/05\/estonia.png","contentUrl":"https:\/\/talkpal.ai\/wp-content\/uploads\/2023\/05\/estonia.png","width":512,"height":512},{"@type":"BreadcrumbList","@id":"https:\/\/talkpal.ai\/lt\/estu-kalbos-gramatika\/#breadcrumb","itemListElement":[{"@type":"ListItem","position":1,"name":"Homepage","item":"https:\/\/talkpal.ai\/lt\/"},{"@type":"ListItem","position":2,"name":"Est\u0173 kalbos gramatika"}]},{"@type":"WebSite","@id":"https:\/\/talkpal.ai\/lt\/#website","url":"https:\/\/talkpal.ai\/lt\/","name":"Talkpal","description":"AI Language Learning","publisher":{"@id":"https:\/\/talkpal.ai\/lt\/#organization"},"alternateName":"Talkpal AI","potentialAction":[{"@type":"SearchAction","target":{"@type":"EntryPoint","urlTemplate":"https:\/\/talkpal.ai\/lt\/?s={search_term_string}"},"query-input":{"@type":"PropertyValueSpecification","valueRequired":true,"valueName":"search_term_string"}}],"inLanguage":"lt-LT"},{"@type":"Organization","@id":"https:\/\/talkpal.ai\/lt\/#organization","name":"Talkpal, Inc.","alternateName":"Talkpal AI","url":"https:\/\/talkpal.ai\/lt\/","logo":{"@type":"ImageObject","inLanguage":"lt-LT","@id":"https:\/\/talkpal.ai\/lt\/#\/schema\/logo\/image\/","url":"https:\/\/talkpal.ai\/wp-content\/uploads\/2024\/03\/Talkpal-Logo-Icon.png","contentUrl":"https:\/\/talkpal.ai\/wp-content\/uploads\/2024\/03\/Talkpal-Logo-Icon.png","width":2880,"height":2880,"caption":"Talkpal, Inc."},"image":{"@id":"https:\/\/talkpal.ai\/lt\/#\/schema\/logo\/image\/"},"sameAs":["https:\/\/www.facebook.com\/profile.php?id=100090733639311","https:\/\/x.com\/talkpalai","https:\/\/www.linkedin.com\/company\/talkpal\/","https:\/\/www.youtube.com\/@TalkPal\/","https:\/\/www.tiktok.com\/@talkpal","https:\/\/www.instagram.com\/talkpal_ai\/","https:\/\/www.crunchbase.com\/organization\/talkpal-9cde","https:\/\/www.g2.com\/products\/talkpal-for-business\/","https:\/\/www.trustpilot.com\/review\/talkpal.ai","https:\/\/www.capterra.com\/p\/10006800\/TalkPal\/"],"description":"Talkpal is a language learning web and mobile education app, powered by the latest AI technologies, that provides engaging experiences to its customers in many different languages to help them improve their language skills. Users can chat about unlimited amount of topics with the app and use other modes to practice their language learning.","email":"support@talkpal.ai","legalName":"Talkpal, Inc.","foundingDate":"2023-04-03","duns":"118989042","numberOfEmployees":{"@type":"QuantitativeValue","minValue":"11","maxValue":"50"},"publishingPrinciples":"https:\/\/talkpal.ai\/publishing-principles\/","actionableFeedbackPolicy":"https:\/\/talkpal.ai\/actionable-feedback-policy\/","correctionsPolicy":"https:\/\/talkpal.ai\/corrections-policy\/","ethicsPolicy":"https:\/\/talkpal.ai\/ethics-policy\/","diversityPolicy":"https:\/\/talkpal.ai\/diversity-policy\/","diversityStaffingReport":"https:\/\/talkpal.ai\/diversity-policy\/"}]}},"_links":{"self":[{"href":"https:\/\/talkpal.ai\/lt\/wp-json\/wp\/v2\/pages\/142725","targetHints":{"allow":["GET"]}}],"collection":[{"href":"https:\/\/talkpal.ai\/lt\/wp-json\/wp\/v2\/pages"}],"about":[{"href":"https:\/\/talkpal.ai\/lt\/wp-json\/wp\/v2\/types\/page"}],"author":[{"embeddable":true,"href":"https:\/\/talkpal.ai\/lt\/wp-json\/wp\/v2\/users\/1"}],"replies":[{"embeddable":true,"href":"https:\/\/talkpal.ai\/lt\/wp-json\/wp\/v2\/comments?post=142725"}],"version-history":[{"count":0,"href":"https:\/\/talkpal.ai\/lt\/wp-json\/wp\/v2\/pages\/142725\/revisions"}],"wp:featuredmedia":[{"embeddable":true,"href":"https:\/\/talkpal.ai\/lt\/wp-json\/wp\/v2\/media\/112409"}],"wp:attachment":[{"href":"https:\/\/talkpal.ai\/lt\/wp-json\/wp\/v2\/media?parent=142725"}],"curies":[{"name":"wp","href":"https:\/\/api.w.org\/{rel}","templated":true}]}}