{"id":142397,"date":"2023-05-14T14:01:16","date_gmt":"2023-05-14T14:01:16","guid":{"rendered":"http:\/\/talkpal.ai\/kroatu-kalbos-gramatika\/"},"modified":"2025-12-11T16:40:37","modified_gmt":"2025-12-11T16:40:37","slug":"kroatu-kalbos-gramatika","status":"publish","type":"page","link":"https:\/\/talkpal.ai\/lt\/kroatu-kalbos-gramatika\/","title":{"rendered":"Kroat\u0173 kalbos gramatika"},"content":{"rendered":"\r\n\r\n\r\n<section class=\"languageChallengeSection\">\r\n    <div class=\"languageInfoWrapper\">\r\n        \r\n        <h1>Kroat\u0173 kalbos gramatika<\/h1>\r\n        <p>Su\u017einokite \u012fdomi\u0105 <a href=\"https:\/\/talkpal.ai\/learn-croatian\/\">kroat\u0173<\/a> <a href=\"https:\/\/talkpal.ai\/what-language-is-spoken-on-the-international-space-station\/\">kalbos<\/a> strukt\u016br\u0105 mokydamiesi pagrindini\u0173 gramatikos taisykli\u0173. I\u0161mok\u0119 kroat\u0173 kalbos gramatik\u0105, tur\u0117site nauj\u0173 bendravimo galimybi\u0173 ir gal\u0117site geriau pa\u017einti \u0161alies kult\u016br\u0105 bei paveld\u0105. Prad\u0117kite mokytis kroat\u0173 kalbos gramatikos \u0161iandien ir \u017eenkite pirm\u0105j\u012f \u017eingsn\u012f \u012f laisv\u0105 kalb\u0117jim\u0105!<\/p>\r\n\r\n                            <a class=\"getStartedHidden\" href=\"https:\/\/app.talkpal.ai\/lt\/signup?lng=\">Prad\u0117k<\/a>\r\n        \r\n    <\/div>\r\n\r\n    <figure>\r\n    <img decoding=\"async\" width=\"768\" height=\"768\" src=\"https:\/\/talkpal.ai\/wp-content\/uploads\/2023\/06\/croatian-768x768.png\" class=\"languageImage no-lazy\" alt=\"Language learning for successful interaction\" fetchpriority=\"high\" sizes=\"(max-width: 768px) 150px, 768px\" srcset=\"https:\/\/talkpal.ai\/wp-content\/uploads\/2023\/06\/croatian-768x768.png 768w, https:\/\/talkpal.ai\/wp-content\/uploads\/2023\/06\/croatian-300x300.png 300w\" \/>\r\n    \r\n\r\n    <\/figure>\r\n\r\n            <a class=\"getStartedVisible\" href=\"https:\/\/app.talkpal.ai\/lt\/signup?lng=\">Prad\u0117k<\/a>\r\n    \r\n<\/section>\r\n<section class=\"promotionalBanner\">\r\n    <p class=\"promotionalText\">Efektyviausias b\u016bdas mokytis kalbos<\/p>\r\n    <a class=\"promotionalLink\" href=\"https:\/\/app.talkpal.ai\/lt\/signup?lng=\">I\u0161bandykite Talkpal &#8221; nemokamai<\/a>\r\n<\/section>\n<div class=\"wp-block-group pageContainerStyle\"><div class=\"wp-block-group__inner-container is-layout-constrained wp-block-group-is-layout-constrained\">\n<h2 class=\"wp-block-heading\" id=\"h-a-journey-through-croatian-grammar-unraveling-the-complexities-made-easy\">Kelion\u0117 per kroat\u0173 kalbos gramatik\u0105: lengva atskleisti sud\u0117tingum\u0105<\/h2>\n\n\n\n<p><a href=\"https:\/\/talkpal.ai\/croatian-grammar\/\">Kroat\u0173 kalbos gramatika<\/a>: viliojanti ir bauginanti, paprasta ir sud\u0117tinga, paslaptinga ir \u017eavinga. Leisdamiesi \u012f kroat\u0173 kalbos mokymosi kelion\u0119, galite jaustis priblok\u0161ti minties suvokti jos gramatines subtilybes. Bet nebijokite, \u012f\u017e\u016blus kalbininkas, nes mes esame \u010dia, kad pad\u0117tume jums kiekviename \u017eingsnyje!<\/p>\n\n\n\n<p>\u0160iame straipsnyje mes pateiksime pagrindin\u012f kroat\u0173 gramatikos s\u0105vok\u0173 supratim\u0105 ir pateiksime patarim\u0173 bei gudrybi\u0173, kaip \u012fvaldyti \u0161i\u0105 gra\u017ei\u0105 slav\u0173 kalb\u0105. Tiesiog atsis\u0117skite, atsipalaiduokite ir supaprastinkime \u0161\u012f, atrodyt\u0173, sud\u0117ting\u0105 reikal\u0105!<\/p>\n\n\n\n<h3 class=\"wp-block-heading\" id=\"h-1-heavenly-nouns-declining-in-style\">1. Dangi\u0161kieji daiktavard\u017eiai: ma\u017e\u0117jantis stilius<\/h3>\n\n\n\n<p>Jei esate susipa\u017ein\u0119 su tokiomis kalbomis kaip lotyn\u0173 ar vokie\u010di\u0173, daiktavard\u017ei\u0173 darybos s\u0105voka jums nebus naujiena. Kroat\u0173 kalbos <a href=\"https:\/\/talkpal.ai\/sq\/gramatika\/\">gramatika<\/a> yra pastatyta ant nuosmukio pagrindo, i\u0161 viso septyni atvejai. Taip, j\u016bs gird\u0117jote teisingai! Kiekvienas daiktavardis kroat\u0173 kalba gali tur\u0117ti iki septyni\u0173 skirting\u0173 form\u0173, priklausomai nuo jo vaidmens sakinyje. Bet kod\u0117l \u0161urmulys, j\u016bs klausiate? Na, <a href=\"https:\/\/talkpal.ai\/learn-thai\/\">tai<\/a> suma\u017eina prielinksni\u0173 poreik\u012f, tod\u0117l kalba <a href=\"https:\/\/talkpal.ai\/locations\/language-courses-in-tampa\/\">tampa<\/a> tikslesn\u0117.  <\/p>\n\n\n\n<p>\u010cia yra trumpas atvej\u0173 apra\u0161ymas:<\/p>\n\n\n\n<p><strong>&#8211; Nominatyvas:<\/strong> Sakinio subjektas<\/p>\n\n\n\n<p><strong>&#8211; Gimin\u0117:<\/strong> Nurodo nuosavyb\u0119 arba kilm\u0119<\/p>\n\n\n\n<p><strong>&#8211; Dativas:<\/strong> Netiesioginis objektas arba paskirties vieta<\/p>\n\n\n\n<p><strong>&#8211; Kaltinamoji forma:<\/strong> Tiesioginis objektas arba tikslas<\/p>\n\n\n\n<p><strong>&#8211; Vocative:<\/strong> Vartojamas kreipiantis \u012f k\u0105 nors arba kvie\u010diant k\u0105 nors<\/p>\n\n\n\n<p><strong>&#8211; Vietov\u0117:<\/strong> Nurodo viet\u0105<\/p>\n\n\n\n<p><strong>&#8211; Instrumentinis:<\/strong> Apib\u016bdina priemones, b\u016bd\u0105 ar akompaniment\u0105<\/p>\n\n\n\n<p>Dabar, prie\u0161 prad\u0117dami panikuoti, atminkite, kad praktika daro tobul\u0105. Reguliarus kalbos eksponavimas ir vartojimas pad\u0117s palaipsniui \u012fsisavinti \u0161ias deklaracijas ir tapti kroat\u0173 kalbos gramatikos \u0161vilpuku!<\/p>\n\n\n\n<h3 class=\"wp-block-heading\" id=\"h-2-adorable-adjectives-agreements-galore\">2. \u017davingi b\u016bdvard\u017eiai: susitarimai galore<\/h3>\n\n\n\n<p>Kroat\u0173 gramatikos pasaulyje b\u016bdvard\u017eiai m\u0117gsta b\u016bti malon\u016bs. Jie kei\u010diasi pagal modifikuojamo daiktavard\u017eio lyt\u012f, skai\u010di\u0173 ir atvej\u012f. <a href=\"https:\/\/talkpal.ai\/learn-thai\/\">Tai<\/a> rei\u0161kia, kad b\u016bdvard\u017eio form\u0105 reikia keisti atsi\u017evelgiant \u012f tai, ar daiktavardis yra vyri\u0161kosios, moteri\u0161kosios, ar gimini\u0161kosios gimin\u0117s, taip pat \u012f tai, ar jis yra vienaskaitos, ar daugiskaitos.<\/p>\n\n\n\n<p>Sunku susitarti? \u0160tai nedidelis patarimas: sutelkite d\u0117mes\u012f \u012f b\u016bdvard\u017eio \u0161aknies mokym\u0105si, o visa kita bus savaime suprantama. Pavyzd\u017eiui, \u0161akninis b\u016bdvardis &#8222;gra\u017eus&#8221; yra &#8222;lijep-&#8222;, o naudojant \u012fvairias gal\u016bnes galima sudaryti tokias formas kaip &#8222;lijepa&#8221; (moteri\u0161kosios gimin\u0117s, vardininkas) arba &#8222;lijepim&#8221; (vyri\u0161kosios ir (arba) giminin\u0117s gimin\u0117s, instrumentalas).<\/p>\n\n\n\n<h3 class=\"wp-block-heading\" id=\"h-3-vibrant-verbs-conjugating-to-perfection\">3. Energingi veiksma\u017eod\u017eiai: konjugacija \u012f tobulum\u0105<\/h3>\n\n\n\n<p>Ar \u010dia pradedate \u012f\u017evelgti model\u012f? Kaip ir daiktavard\u017eiai ir b\u016bdvard\u017eiai, kroat\u0173 veiksma\u017eod\u017eiai taip pat yra pilni variant\u0173. \u0160ioje kalboje veiksma\u017eod\u017eiai konjuguojami pagal \u012ftamp\u0105, nuotaik\u0105, aspekt\u0105, asmen\u012f ir skai\u010di\u0173.<\/p>\n\n\n\n<p>Kroat\u0173 kalboje yra trys pagrindiniai laikai: praeitis, dabartis ir ateitis. Nors dabartin\u0117 \u012ftampa gali atrodyti gana lengvai suvokiama, praeities ir ateities laikai gali b\u016bti sud\u0117tingi. Bet nesijaudinkite! Praktika ir kalbos poveikis pad\u0117s greitai \u012fveikti \u0161ias kli\u016btis.<\/p>\n\n\n\n<h3 class=\"wp-block-heading\" id=\"h-4-prepositions-cases-dynamic-duo\">4. Prielinksniai + atvejai = dinaminis duetas!<\/h3>\n\n\n\n<p>Kroat\u0173 prielinksniai gali b\u016bti \u0161iek tiek sud\u0117tingi, nes jie yra glaud\u017eiai susij\u0119 su daiktavard\u017ei\u0173 atvejais. Pavyzd\u017eiui, prieveiksmis &#8222;u&#8221; (\u012f, \u012f) vartojamas su kilmininku, jei jis rei\u0161kia jud\u0117jim\u0105 ar krypt\u012f, bet jei jis rodo viet\u0105, vartojamas su vietininku.<\/p>\n\n\n\n<p>Kad i\u0161vengtum\u0117te painiavos, susiekite prielinksn\u012f su jam reikalingu atveju. Pavyzd\u017eiui, prisiminkite &#8222;u + vietininkas = in&#8221; ir &#8222;u + akuzatyvas = \u012f&#8221;.<\/p>\n\n\n\n<h3 class=\"wp-block-heading\" id=\"h-5-tame-the-complexities-practice-makes-perfect\">5. Sutramdykite sud\u0117tingum\u0105: praktika daro tobul\u0105<\/h3>\n\n\n\n<p>I\u0161 pirmo \u017evilgsnio kroat\u0173 kalbos gramatika gali atrodyti kaip labirintas, ta\u010diau atminkite, kad praktika yra slaptas s\u0117km\u0117s ingredientas. Pasinerkite \u012f kalb\u0105 skaitydami, ra\u0161ydami, klausydamiesi ir bendraudami. Paverskite i\u0161\u0161\u016bkius triumfais, leisdami savo smegenims \u012fsisavinti ir prisitaikyti prie naujos kalbin\u0117s aplinkos.<\/p>\n\n\n\n<p>Taigi, dabar, kai \u012fmerk\u0117te pir\u0161tus \u012f kerin\u010dius Kroatijos gramatikos vandenis, ar esate pasiruo\u0161\u0119 pasinerti giliau? Priimkite sud\u0117tingum\u0105, m\u0117gaukit\u0117s niuansais ir atminkite, kad atkakliai ir aistringai galite atrakinti tikr\u0105j\u012f kroat\u0173 kalbos gro\u017e\u012f. Sretno! (S\u0117km\u0117s!)<\/p>\n<\/div><\/div>\n\r\n<section class=\"learnNavigationSection\">\r\n            \r\n        <a href=\"https:\/\/talkpal.ai\/lt\/ismok-kroatu-kalba\/\">\r\n            <div class=\"learnNavigationWrapper\">\r\n                <div class=\"learnNavigationContent\">\r\n                    <img decoding=\"async\" src=\"https:\/\/talkpal.ai\/wp-content\/uploads\/2024\/08\/Croatian.jpg\" alt=\"Croatian Flag\">\r\n                    <div>\r\n                        <h4>Apie kroat\u0173 kalbos mokym\u0105si<\/h4>\r\n                        <p>Su\u017einokite visk\u0105 apie kroat\u0173 kalbos gramatik\u0105.<\/p>\r\n                    <\/div>\r\n                <\/div>\r\n            <\/div>\r\n        <\/a>\r\n\r\n        \r\n        <a href=\"https:\/\/talkpal.ai\/lt\/kroatu-kalbos-gramatikos-pratimai\/\">\r\n            <div class=\"learnNavigationWrapper\">\r\n                <div class=\"learnNavigationContent\">\r\n                    <img decoding=\"async\" src=\"https:\/\/talkpal.ai\/wp-content\/uploads\/2024\/08\/Croatian.jpg\" alt=\"Croatian Flag\">\r\n                    <div>\r\n                        <h4>Kroat\u0173 kalbos gramatikos pratimai<\/h4>\r\n                        <p>Praktikuokite kroat\u0173 kalbos gramatik\u0105.<\/p>\r\n                    <\/div>\r\n                <\/div>\r\n            <\/div>\r\n        <\/a>\r\n\r\n        \r\n        <a href=\"https:\/\/talkpal.ai\/vocabulary_language\/croatian\/\">\r\n            <div class=\"learnNavigationWrapper\">\r\n                <div class=\"learnNavigationContent\">\r\n                    <img decoding=\"async\" src=\"https:\/\/talkpal.ai\/wp-content\/uploads\/2024\/08\/Croatian.jpg\" alt=\"Croatian Flag\">\r\n                    <div>\r\n                        <h4>Kroat\u0173 kalbos \u017eodynas<\/h4>\r\n                        <p>Prapl\u0117skite savo kroat\u0173 kalbos \u017eodyn\u0105.<\/p>\r\n                    <\/div>\r\n                <\/div>\r\n            <\/div>\r\n        <\/a>\r\n\r\n            <\/section>","protected":false},"excerpt":{"rendered":"<p>Kelion\u0117 per kroat\u0173 kalbos gramatik\u0105: lengva atskleisti sud\u0117tingum\u0105 Kroat\u0173 kalbos gramatika: viliojanti ir bauginanti, paprasta ir sud\u0117tinga, paslaptinga ir \u017eavinga. Leisdamiesi \u012f kroat\u0173 kalbos mokymosi kelion\u0119, galite jaustis priblok\u0161ti minties suvokti jos gramatines subtilybes. Bet nebijokite, \u012f\u017e\u016blus kalbininkas, nes mes esame \u010dia, kad pad\u0117tume jums kiekviename \u017eingsnyje! \u0160iame straipsnyje mes pateiksime pagrindin\u012f kroat\u0173 gramatikos s\u0105vok\u0173 [&hellip;]<\/p>\n","protected":false},"author":1,"featured_media":110082,"parent":0,"menu_order":0,"comment_status":"closed","ping_status":"closed","template":"LearningContentPage.php","meta":{"_acf_changed":false,"footnotes":""},"class_list":["post-142397","page","type-page","status-publish","has-post-thumbnail","hentry"],"acf":[],"yoast_head":"<!-- This site is optimized with the Yoast SEO Premium plugin v27.2 (Yoast SEO v27.2) - https:\/\/yoast.com\/product\/yoast-seo-premium-wordpress\/ -->\n<title>Kroat\u0173 kalbos gramatika - Talkpal<\/title>\n<meta name=\"description\" content=\"Susipa\u017einkite su kroat\u0173 kalbos gramatika ir geriau supraskite kalb\u0105 naudodamiesi svarbiausiais patarimais ir i\u0161tekliais.\" \/>\n<meta name=\"robots\" content=\"index, follow, max-snippet:-1, max-image-preview:large, max-video-preview:-1\" \/>\n<link rel=\"canonical\" href=\"https:\/\/talkpal.ai\/lt\/kroatu-kalbos-gramatika\/\" \/>\n<meta property=\"og:locale\" content=\"lt_LT\" \/>\n<meta property=\"og:type\" content=\"article\" \/>\n<meta property=\"og:title\" content=\"Kroat\u0173 kalbos gramatika\" \/>\n<meta property=\"og:description\" content=\"Kelion\u0117 per kroat\u0173 kalbos gramatik\u0105: lengva atskleisti sud\u0117tingum\u0105 Kroat\u0173 kalbos gramatika: viliojanti ir bauginanti, paprasta ir sud\u0117tinga, paslaptinga\" \/>\n<meta property=\"og:url\" content=\"https:\/\/talkpal.ai\/lt\/kroatu-kalbos-gramatika\/\" \/>\n<meta property=\"og:site_name\" content=\"Talkpal\" \/>\n<meta property=\"article:publisher\" content=\"https:\/\/www.facebook.com\/profile.php?id=100090733639311\" \/>\n<meta property=\"article:modified_time\" content=\"2025-12-11T16:40:37+00:00\" \/>\n<meta property=\"og:image\" content=\"https:\/\/talkpal.ai\/wp-content\/uploads\/2023\/05\/croatia.png\" \/>\n\t<meta property=\"og:image:width\" content=\"512\" \/>\n\t<meta property=\"og:image:height\" content=\"512\" \/>\n\t<meta property=\"og:image:type\" content=\"image\/png\" \/>\n<meta name=\"twitter:card\" content=\"summary_large_image\" \/>\n<meta name=\"twitter:site\" content=\"@talkpalai\" \/>\n<meta name=\"twitter:label1\" content=\"Est. reading time\" \/>\n\t<meta name=\"twitter:data1\" content=\"3 minut\u0117s\" \/>\n<script type=\"application\/ld+json\" class=\"yoast-schema-graph\">{\"@context\":\"https:\/\/schema.org\",\"@graph\":[{\"@type\":\"WebPage\",\"@id\":\"https:\/\/talkpal.ai\/lt\/kroatu-kalbos-gramatika\/\",\"url\":\"https:\/\/talkpal.ai\/lt\/kroatu-kalbos-gramatika\/\",\"name\":\"Kroat\u0173 kalbos gramatika - Talkpal\",\"isPartOf\":{\"@id\":\"https:\/\/talkpal.ai\/lt\/#website\"},\"primaryImageOfPage\":{\"@id\":\"https:\/\/talkpal.ai\/lt\/kroatu-kalbos-gramatika\/#primaryimage\"},\"image\":{\"@id\":\"https:\/\/talkpal.ai\/lt\/kroatu-kalbos-gramatika\/#primaryimage\"},\"thumbnailUrl\":\"https:\/\/talkpal.ai\/wp-content\/uploads\/2023\/05\/croatia.png\",\"datePublished\":\"2023-05-14T14:01:16+00:00\",\"dateModified\":\"2025-12-11T16:40:37+00:00\",\"description\":\"Susipa\u017einkite su kroat\u0173 kalbos gramatika ir geriau supraskite kalb\u0105 naudodamiesi svarbiausiais patarimais ir i\u0161tekliais.\",\"breadcrumb\":{\"@id\":\"https:\/\/talkpal.ai\/lt\/kroatu-kalbos-gramatika\/#breadcrumb\"},\"inLanguage\":\"lt-LT\",\"potentialAction\":[{\"@type\":\"ReadAction\",\"target\":[\"https:\/\/talkpal.ai\/lt\/kroatu-kalbos-gramatika\/\"]}]},{\"@type\":\"ImageObject\",\"inLanguage\":\"lt-LT\",\"@id\":\"https:\/\/talkpal.ai\/lt\/kroatu-kalbos-gramatika\/#primaryimage\",\"url\":\"https:\/\/talkpal.ai\/wp-content\/uploads\/2023\/05\/croatia.png\",\"contentUrl\":\"https:\/\/talkpal.ai\/wp-content\/uploads\/2023\/05\/croatia.png\",\"width\":512,\"height\":512},{\"@type\":\"BreadcrumbList\",\"@id\":\"https:\/\/talkpal.ai\/lt\/kroatu-kalbos-gramatika\/#breadcrumb\",\"itemListElement\":[{\"@type\":\"ListItem\",\"position\":1,\"name\":\"Homepage\",\"item\":\"https:\/\/talkpal.ai\/lt\/\"},{\"@type\":\"ListItem\",\"position\":2,\"name\":\"Kroat\u0173 kalbos gramatika\"}]},{\"@type\":\"WebSite\",\"@id\":\"https:\/\/talkpal.ai\/lt\/#website\",\"url\":\"https:\/\/talkpal.ai\/lt\/\",\"name\":\"Talkpal\",\"description\":\"AI Language Learning\",\"publisher\":{\"@id\":\"https:\/\/talkpal.ai\/lt\/#organization\"},\"alternateName\":\"Talkpal AI\",\"potentialAction\":[{\"@type\":\"SearchAction\",\"target\":{\"@type\":\"EntryPoint\",\"urlTemplate\":\"https:\/\/talkpal.ai\/lt\/?s={search_term_string}\"},\"query-input\":{\"@type\":\"PropertyValueSpecification\",\"valueRequired\":true,\"valueName\":\"search_term_string\"}}],\"inLanguage\":\"lt-LT\"},{\"@type\":\"Organization\",\"@id\":\"https:\/\/talkpal.ai\/lt\/#organization\",\"name\":\"Talkpal, Inc.\",\"alternateName\":\"Talkpal AI\",\"url\":\"https:\/\/talkpal.ai\/lt\/\",\"logo\":{\"@type\":\"ImageObject\",\"inLanguage\":\"lt-LT\",\"@id\":\"https:\/\/talkpal.ai\/lt\/#\/schema\/logo\/image\/\",\"url\":\"https:\/\/talkpal.ai\/wp-content\/uploads\/2024\/03\/Talkpal-Logo-Icon.png\",\"contentUrl\":\"https:\/\/talkpal.ai\/wp-content\/uploads\/2024\/03\/Talkpal-Logo-Icon.png\",\"width\":2880,\"height\":2880,\"caption\":\"Talkpal, Inc.\"},\"image\":{\"@id\":\"https:\/\/talkpal.ai\/lt\/#\/schema\/logo\/image\/\"},\"sameAs\":[\"https:\/\/www.facebook.com\/profile.php?id=100090733639311\",\"https:\/\/x.com\/talkpalai\",\"https:\/\/www.linkedin.com\/company\/talkpal\/\",\"https:\/\/www.youtube.com\/@TalkPal\/\",\"https:\/\/www.tiktok.com\/@talkpal\",\"https:\/\/www.instagram.com\/talkpal_ai\/\",\"https:\/\/www.crunchbase.com\/organization\/talkpal-9cde\",\"https:\/\/www.g2.com\/products\/talkpal-for-business\/\",\"https:\/\/www.trustpilot.com\/review\/talkpal.ai\",\"https:\/\/www.capterra.com\/p\/10006800\/TalkPal\/\"],\"description\":\"Talkpal is a language learning web and mobile education app, powered by the latest AI technologies, that provides engaging experiences to its customers in many different languages to help them improve their language skills. Users can chat about unlimited amount of topics with the app and use other modes to practice their language learning.\",\"email\":\"support@talkpal.ai\",\"legalName\":\"Talkpal, Inc.\",\"foundingDate\":\"2023-04-03\",\"duns\":\"118989042\",\"numberOfEmployees\":{\"@type\":\"QuantitativeValue\",\"minValue\":\"11\",\"maxValue\":\"50\"},\"publishingPrinciples\":\"https:\/\/talkpal.ai\/publishing-principles\/\",\"actionableFeedbackPolicy\":\"https:\/\/talkpal.ai\/actionable-feedback-policy\/\",\"correctionsPolicy\":\"https:\/\/talkpal.ai\/corrections-policy\/\",\"ethicsPolicy\":\"https:\/\/talkpal.ai\/ethics-policy\/\",\"diversityPolicy\":\"https:\/\/talkpal.ai\/diversity-policy\/\",\"diversityStaffingReport\":\"https:\/\/talkpal.ai\/diversity-policy\/\"}]}<\/script>\n<!-- \/ Yoast SEO Premium plugin. -->","yoast_head_json":{"title":"Kroat\u0173 kalbos gramatika - Talkpal","description":"Susipa\u017einkite su kroat\u0173 kalbos gramatika ir geriau supraskite kalb\u0105 naudodamiesi svarbiausiais patarimais ir i\u0161tekliais.","robots":{"index":"index","follow":"follow","max-snippet":"max-snippet:-1","max-image-preview":"max-image-preview:large","max-video-preview":"max-video-preview:-1"},"canonical":"https:\/\/talkpal.ai\/lt\/kroatu-kalbos-gramatika\/","og_locale":"lt_LT","og_type":"article","og_title":"Kroat\u0173 kalbos gramatika","og_description":"Kelion\u0117 per kroat\u0173 kalbos gramatik\u0105: lengva atskleisti sud\u0117tingum\u0105 Kroat\u0173 kalbos gramatika: viliojanti ir bauginanti, paprasta ir sud\u0117tinga, paslaptinga","og_url":"https:\/\/talkpal.ai\/lt\/kroatu-kalbos-gramatika\/","og_site_name":"Talkpal","article_publisher":"https:\/\/www.facebook.com\/profile.php?id=100090733639311","article_modified_time":"2025-12-11T16:40:37+00:00","og_image":[{"width":512,"height":512,"url":"https:\/\/talkpal.ai\/wp-content\/uploads\/2023\/05\/croatia.png","type":"image\/png"}],"twitter_card":"summary_large_image","twitter_site":"@talkpalai","twitter_misc":{"Est. reading time":"3 minut\u0117s"},"schema":{"@context":"https:\/\/schema.org","@graph":[{"@type":"WebPage","@id":"https:\/\/talkpal.ai\/lt\/kroatu-kalbos-gramatika\/","url":"https:\/\/talkpal.ai\/lt\/kroatu-kalbos-gramatika\/","name":"Kroat\u0173 kalbos gramatika - Talkpal","isPartOf":{"@id":"https:\/\/talkpal.ai\/lt\/#website"},"primaryImageOfPage":{"@id":"https:\/\/talkpal.ai\/lt\/kroatu-kalbos-gramatika\/#primaryimage"},"image":{"@id":"https:\/\/talkpal.ai\/lt\/kroatu-kalbos-gramatika\/#primaryimage"},"thumbnailUrl":"https:\/\/talkpal.ai\/wp-content\/uploads\/2023\/05\/croatia.png","datePublished":"2023-05-14T14:01:16+00:00","dateModified":"2025-12-11T16:40:37+00:00","description":"Susipa\u017einkite su kroat\u0173 kalbos gramatika ir geriau supraskite kalb\u0105 naudodamiesi svarbiausiais patarimais ir i\u0161tekliais.","breadcrumb":{"@id":"https:\/\/talkpal.ai\/lt\/kroatu-kalbos-gramatika\/#breadcrumb"},"inLanguage":"lt-LT","potentialAction":[{"@type":"ReadAction","target":["https:\/\/talkpal.ai\/lt\/kroatu-kalbos-gramatika\/"]}]},{"@type":"ImageObject","inLanguage":"lt-LT","@id":"https:\/\/talkpal.ai\/lt\/kroatu-kalbos-gramatika\/#primaryimage","url":"https:\/\/talkpal.ai\/wp-content\/uploads\/2023\/05\/croatia.png","contentUrl":"https:\/\/talkpal.ai\/wp-content\/uploads\/2023\/05\/croatia.png","width":512,"height":512},{"@type":"BreadcrumbList","@id":"https:\/\/talkpal.ai\/lt\/kroatu-kalbos-gramatika\/#breadcrumb","itemListElement":[{"@type":"ListItem","position":1,"name":"Homepage","item":"https:\/\/talkpal.ai\/lt\/"},{"@type":"ListItem","position":2,"name":"Kroat\u0173 kalbos gramatika"}]},{"@type":"WebSite","@id":"https:\/\/talkpal.ai\/lt\/#website","url":"https:\/\/talkpal.ai\/lt\/","name":"Talkpal","description":"AI Language Learning","publisher":{"@id":"https:\/\/talkpal.ai\/lt\/#organization"},"alternateName":"Talkpal AI","potentialAction":[{"@type":"SearchAction","target":{"@type":"EntryPoint","urlTemplate":"https:\/\/talkpal.ai\/lt\/?s={search_term_string}"},"query-input":{"@type":"PropertyValueSpecification","valueRequired":true,"valueName":"search_term_string"}}],"inLanguage":"lt-LT"},{"@type":"Organization","@id":"https:\/\/talkpal.ai\/lt\/#organization","name":"Talkpal, Inc.","alternateName":"Talkpal AI","url":"https:\/\/talkpal.ai\/lt\/","logo":{"@type":"ImageObject","inLanguage":"lt-LT","@id":"https:\/\/talkpal.ai\/lt\/#\/schema\/logo\/image\/","url":"https:\/\/talkpal.ai\/wp-content\/uploads\/2024\/03\/Talkpal-Logo-Icon.png","contentUrl":"https:\/\/talkpal.ai\/wp-content\/uploads\/2024\/03\/Talkpal-Logo-Icon.png","width":2880,"height":2880,"caption":"Talkpal, Inc."},"image":{"@id":"https:\/\/talkpal.ai\/lt\/#\/schema\/logo\/image\/"},"sameAs":["https:\/\/www.facebook.com\/profile.php?id=100090733639311","https:\/\/x.com\/talkpalai","https:\/\/www.linkedin.com\/company\/talkpal\/","https:\/\/www.youtube.com\/@TalkPal\/","https:\/\/www.tiktok.com\/@talkpal","https:\/\/www.instagram.com\/talkpal_ai\/","https:\/\/www.crunchbase.com\/organization\/talkpal-9cde","https:\/\/www.g2.com\/products\/talkpal-for-business\/","https:\/\/www.trustpilot.com\/review\/talkpal.ai","https:\/\/www.capterra.com\/p\/10006800\/TalkPal\/"],"description":"Talkpal is a language learning web and mobile education app, powered by the latest AI technologies, that provides engaging experiences to its customers in many different languages to help them improve their language skills. Users can chat about unlimited amount of topics with the app and use other modes to practice their language learning.","email":"support@talkpal.ai","legalName":"Talkpal, Inc.","foundingDate":"2023-04-03","duns":"118989042","numberOfEmployees":{"@type":"QuantitativeValue","minValue":"11","maxValue":"50"},"publishingPrinciples":"https:\/\/talkpal.ai\/publishing-principles\/","actionableFeedbackPolicy":"https:\/\/talkpal.ai\/actionable-feedback-policy\/","correctionsPolicy":"https:\/\/talkpal.ai\/corrections-policy\/","ethicsPolicy":"https:\/\/talkpal.ai\/ethics-policy\/","diversityPolicy":"https:\/\/talkpal.ai\/diversity-policy\/","diversityStaffingReport":"https:\/\/talkpal.ai\/diversity-policy\/"}]}},"_links":{"self":[{"href":"https:\/\/talkpal.ai\/lt\/wp-json\/wp\/v2\/pages\/142397","targetHints":{"allow":["GET"]}}],"collection":[{"href":"https:\/\/talkpal.ai\/lt\/wp-json\/wp\/v2\/pages"}],"about":[{"href":"https:\/\/talkpal.ai\/lt\/wp-json\/wp\/v2\/types\/page"}],"author":[{"embeddable":true,"href":"https:\/\/talkpal.ai\/lt\/wp-json\/wp\/v2\/users\/1"}],"replies":[{"embeddable":true,"href":"https:\/\/talkpal.ai\/lt\/wp-json\/wp\/v2\/comments?post=142397"}],"version-history":[{"count":0,"href":"https:\/\/talkpal.ai\/lt\/wp-json\/wp\/v2\/pages\/142397\/revisions"}],"wp:featuredmedia":[{"embeddable":true,"href":"https:\/\/talkpal.ai\/lt\/wp-json\/wp\/v2\/media\/110082"}],"wp:attachment":[{"href":"https:\/\/talkpal.ai\/lt\/wp-json\/wp\/v2\/media?parent=142397"}],"curies":[{"name":"wp","href":"https:\/\/api.w.org\/{rel}","templated":true}]}}