{"id":142176,"date":"2023-05-14T14:00:56","date_gmt":"2023-05-14T14:00:56","guid":{"rendered":"http:\/\/talkpal.ai\/katalonu-kalbos-gramatika\/"},"modified":"2025-05-22T18:35:55","modified_gmt":"2025-05-22T18:35:55","slug":"katalonu-kalbos-gramatika","status":"publish","type":"page","link":"https:\/\/talkpal.ai\/lt\/katalonu-kalbos-gramatika\/","title":{"rendered":"Katalon\u0173 kalbos gramatika"},"content":{"rendered":"\r\n\r\n\r\n<section class=\"languageChallengeSection\">\r\n    <div class=\"languageInfoWrapper\">\r\n        \r\n        <h1>Katalon\u0173 kalbos gramatika<\/h1>\r\n        <p>Pasinerkite \u012f katalon\u0173 <a href=\"https:\/\/talkpal.ai\/what-language-is-spoken-on-the-international-space-station\/\">kalbos<\/a> gramatikos pasaul\u012f ir atraskite unikali\u0105 \u0161ios gyvybingos roman\u0173 kalbos strukt\u016br\u0105. \u012evald\u0119 pagrindus gal\u0117site veiksmingiau bendrauti ir giliau pa\u017einti katalon\u0173 kult\u016br\u0105. Prad\u0117kite <a href=\"https:\/\/talkpal.ai\/learn-catalan\/\">mokytis katalon\u0173 kalbos<\/a> gramatikos \u0161iandien ir \u017eenkite pirm\u0105j\u012f \u017eingsn\u012f \u012f skland\u0173 kalb\u0117jim\u0105!\n\n<\/p>\r\n\r\n                            <a class=\"getStartedHidden\" href=\"https:\/\/app.talkpal.ai\/lt\/signup?lng=\">Prad\u0117k<\/a>\r\n        \r\n    <\/div>\r\n\r\n    <figure>\r\n    <img decoding=\"async\" width=\"768\" height=\"768\" src=\"https:\/\/talkpal.ai\/wp-content\/uploads\/2023\/06\/catalan-768x768.png\" class=\"languageImage no-lazy\" alt=\"Language learning techniques for fast learning\" fetchpriority=\"high\" sizes=\"(max-width: 768px) 150px, 768px\" srcset=\"https:\/\/talkpal.ai\/wp-content\/uploads\/2023\/06\/catalan-768x768.png 768w, https:\/\/talkpal.ai\/wp-content\/uploads\/2023\/06\/catalan-300x300.png 300w\" \/>\r\n    \r\n\r\n    <\/figure>\r\n\r\n            <a class=\"getStartedVisible\" href=\"https:\/\/app.talkpal.ai\/lt\/signup?lng=\">Prad\u0117k<\/a>\r\n    \r\n<\/section>\r\n<section class=\"promotionalBanner\">\r\n    <p class=\"promotionalText\">Efektyviausias b\u016bdas mokytis kalbos<\/p>\r\n    <a class=\"promotionalLink\" href=\"https:\/\/app.talkpal.ai\/lt\/signup?lng=\">I\u0161bandykite Talkpal &#8221; nemokamai<\/a>\r\n<\/section>\n<div class=\"wp-block-group pageContainerStyle\"><div class=\"wp-block-group__inner-container is-layout-constrained wp-block-group-is-layout-constrained\">\n<h2 class=\"wp-block-heading\" id=\"h-catalan-grammar-a-quick-guide-for-language-enthusiasts\">Katalon\u0173 kalbos gramatika: trumpas vadovas kalb\u0173 entuziastams<\/h2>\n\n\n\n<p>Ar planuojate mokytis katalon\u0173 kalbos ar tiesiog domit\u0117s \u0161ia gra\u017eia roman\u0173 kalba? Neie\u0161kokite daugiau! Mes esame \u010dia, kad gal\u0117tume jus greitai supa\u017eindinti su <a href=\"https:\/\/talkpal.ai\/catalan-grammar\/\">katalon\u0173 kalbos gramatika<\/a> ir suteikti jums pagrindus. Pasinerkime \u012f \u0161i\u0105 \u017eaving\u0105 kalb\u0105 ir panagrin\u0117kime, kaip ji veikia gramatiniu lygmeniu.<\/p>\n\n\n\n<p>Katalon\u0173 kalba, kuria kalba apie 10 milijon\u0173 \u017emoni\u0173, daugiausia Katalonijoje, Valensijoje ir Balear\u0173 salose, turi unikal\u0173 lotyn\u0173, <a href=\"https:\/\/talkpal.ai\/learn-spanish\/\">ispan\u0173<\/a> ir pranc\u016bz\u0173 kalb\u0173 \u012ftakos mi\u0161in\u012f. Kaip ir j\u016bs ir a\u0161, kalbos dar labiau praturtina save, laikui b\u0117gant skolindamosi skirtingus niuansus viena i\u0161 kitos. Kaip \u012fdomu!<\/p>\n\n\n\n<p><strong>Dabar su\u017einokime kelet\u0105 pagrindini\u0173 katalon\u0173 kalbos gramatikos aspekt\u0173:<\/strong><\/p>\n\n\n\n<h3 class=\"wp-block-heading\" id=\"h-1-nouns-and-gender\">1. Daiktavard\u017eiai ir lytis:<\/h3>\n\n\n\n<p>Dainuokite kartu su manimi: &#8222;Kiekvienas daiktavardis turi gali\u0105! Kaip ir kitose roman\u0173 kalbose, katalon\u0173 kalbos daiktavard\u017eiai yra vyri\u0161kosios arba moteri\u0161kosios gimin\u0117s, ir \u0161i &#8222;lytis&#8221; turi \u012ftakos j\u0173 vartojimui su artikeliais ir b\u016bdvard\u017eiais. Ta\u010diau nesijaudinkite! Da\u017eniausiai daiktavard\u017eiai, kurie baigiasi gal\u016bne -a, yra moteri\u0161kosios gimin\u0117s, o daiktavard\u017eiai, kurie baigiasi gal\u016bne -o (arba kitais s\u0105skambiais), yra vyri\u0161kosios gimin\u0117s. Ta\u010diau atkreipkite d\u0117mes\u012f \u012f i\u0161imtis \u2013 jie m\u0117gsta ant j\u016bs\u0173 u\u017ekli\u016bti!<\/p>\n\n\n\n<h3 class=\"wp-block-heading\" id=\"h-2-articles\">2. Straipsniai:<\/h3>\n\n\n\n<p>Gyvenimas be straipsni\u0173 b\u016bt\u0173 nuobodus, ar ne? Katalon\u0173 kalboje turime apibr\u0117\u017etuosius artikelius, kuriais nurodomi konkret\u016bs daiktai ar \u017emon\u0117s (pvz., \u201e\u0161uo\u201c ar \u201eknyga\u201c), ir neapibr\u0117\u017etuosius artikelius, kuriais nurodomi bendri dalykai (pvz., \u201e\u0161uo\u201c ar \u201eknyga\u201c).  <\/p>\n\n\n\n<p>Katalon\u0173 kalboje apibr\u0117\u017eiamieji daiktavard\u017eiai yra &#8222;el&#8221; &#8211; vyri\u0161kosios gimin\u0117s vienaskaitos daiktavard\u017eiams, &#8222;la&#8221; &#8211; moteri\u0161kosios gimin\u0117s vienaskaitos daiktavard\u017eiams, &#8222;els&#8221; &#8211; vyri\u0161kosios gimin\u0117s daugiskaitos daiktavard\u017eiams ir &#8222;les&#8221; &#8211; moteri\u0161kosios gimin\u0117s daugiskaitos daiktavard\u017eiams. Kita vertus, neapibr\u0117\u017etieji daiktavard\u017eiai yra &#8222;un&#8221; vyri\u0161kosios gimin\u0117s vienaskaitos daiktavard\u017eiams ir &#8222;una&#8221; moteri\u0161kosios gimin\u0117s vienaskaitos daiktavard\u017eiams. Daugiskaitos formoje n\u0117ra konkre\u010di\u0173 neapibr\u0117\u017et\u0173 straipsni\u0173. Lengvab\u016bdi\u0161ka, tiesa?<\/p>\n\n\n\n<h3 class=\"wp-block-heading\" id=\"h-3-adjectives\">3. B\u016bdvard\u017eiai:<\/h3>\n\n\n\n<p>B\u016bdvard\u017eiai suteikia j\u016bs\u0173 sakiniams skonio apib\u016bdindami daiktavard\u017eius, o katalon\u0173 kalba jie sutinka lyt\u012f ir skai\u010di\u0173 su daiktavard\u017eiais, kuriuos jie kei\u010dia. Daugeliu atvej\u0173 b\u016bdvard\u017eiai, kurie baigiasi raide &#8222;-o&#8221;, yra vyri\u0161kosios gimin\u0117s, o tie, kurie baigiasi raide &#8222;-a&#8221;, yra moteri\u0161kosios gimin\u0117s. Nor\u0117dami sudaryti daugiskait\u0105, pakeiskite &#8222;-o&#8221; \u012f &#8222;-os&#8221; (vyri\u0161kosios gimin\u0117s) ir &#8222;-a&#8221; \u012f &#8222;-es&#8221; (moteri\u0161kosios gimin\u0117s). Atminkite, kad <a href=\"https:\/\/talkpal.ai\/locations\/language-courses-in-kai\/\">kai<\/a> kurie b\u016bdvard\u017eiai turi unikali\u0105 form\u0105 abiem lytims ir kei\u010diasi tik daugiskaitos \u017eymeklis. Skamba smagiai, tiesa?<\/p>\n\n\n\n<h3 class=\"wp-block-heading\" id=\"h-4-verbs-and-conjugation\">4. Veiksma\u017eod\u017eiai ir konjugacija:<\/h3>\n\n\n\n<p>Kiekvienos kalbos \u0161irdis! Katalon\u0173 kalbos veiksma\u017eod\u017eiai skirstomi \u012f tris grupes pagal j\u0173 infinityvo gal\u016bnes: &#8222;-ar&#8221;, &#8222;-er&#8221; ir &#8222;-ir&#8221;. Kiekviena grup\u0117 turi savo skirting\u0105 konjugacijos model\u012f skirtingiems laikams, nuotaikoms ir \u012fvard\u017eiams &#8211; kaip ir \u0161okiai pagal skirtingus ritmus. Katalon\u0173 kalboje taip pat yra pagalbini\u0173 veiksma\u017eod\u017ei\u0173 (pvz., &#8222;tur\u0117ti&#8221; ir &#8222;b\u016bti&#8221;), kurie kartu su kitais veiksma\u017eod\u017eiais sudaro sud\u0117tin\u012f laik\u0105 ir pasyv\u0173j\u012f bals\u012f. Taigi, apsiaukite \u0161oki\u0173 batus ir prad\u0117kite tyrin\u0117ti gyv\u0105 katalon\u0173 veiksma\u017eod\u017ei\u0173 pasaul\u012f.<\/p>\n\n\n\n<h3 class=\"wp-block-heading\" id=\"h-5-word-order\">5. \u017dod\u017ei\u0173 tvarka:<\/h3>\n\n\n\n<p>Sud\u0117liokime \u0161iuos \u017eod\u017eius tinkama seka! Katalon\u0173 kalba paprastai laikosi temos-veiksma\u017eod\u017eio-objekto (SVO) \u017eod\u017ei\u0173 tvarkos, kaip ir <a href=\"https:\/\/talkpal.ai\/learn-english-with-ai\/\">angl\u0173<\/a> kalba. Ta\u010diau \u017eod\u017ei\u0173 tvarkos lankstumas leid\u017eiamas pabr\u0117\u017eimo ar stilistiniais tikslais. B\u016bdvard\u017eiai paprastai b\u016bna po daiktavard\u017eio, kur\u012f jie apib\u016bdina, ta\u010diau galite juos pamatyti prie\u0161 daiktavard\u012f, kad pabr\u0117\u017etum\u0117te j\u0173 svarb\u0105. Atminkite, kad praktika puikiai tinka, kai reikia \u012fvaldyti \u017eod\u017ei\u0173 tvark\u0105 katalon\u0173 kalba.<\/p>\n\n\n\n<h3 class=\"wp-block-heading\" id=\"h-6-pronouns-and-prepositions\">6. \u012evard\u017eiai ir prielinksniai:<\/h3>\n\n\n\n<p>Paskutinis, bet ne ma\u017eiau svarbus! Katalon\u0173 kalba turi dalykinius \u012fvard\u017eius (a\u0161, tu, jis, ji ir kt.) ir objekt\u0173 \u012fvard\u017eius (a\u0161, tu, jis, ji ir kt.), Kurie gali b\u016bti kei\u010diami skirtingai, priklausomai nuo j\u0173 funkcijos sakinyje. Be to, katalon\u0173 kalbos prieveiksmiai (pvz., &#8222;a&#8221;, &#8222;de&#8221;, &#8222;en&#8221;, &#8222;amb&#8221;) padeda sujungti \u017eod\u017eius ir frazes bei parodyti j\u0173 tarpusavio ry\u0161ius.<\/p>\n\n\n\n<p>Fiu! Dabar jau turite katalon\u0173 kalbos gramatikos pagrindus. Toliau tyrin\u0117kite, u\u017eduokite klausimus ir praktikuokite \u0161i\u0105 miel\u0105 kalb\u0105. Atminkite, kad naujos <a href=\"https:\/\/talkpal.ai\/lt\/kaip-ismokti-kalba-per-talkpal-chat\/\">kalbos mokymasis<\/a> yra tarsi leidimas \u012f \u012fdomi\u0105 kelion\u0119. Jums teks patirti pakilim\u0173 ir nuosmuki\u0173, ta\u010diau atlygis vertas pastang\u0173. Bon viatge!<\/p>\n<\/div><\/div>\n\r\n<section class=\"learnNavigationSection\">\r\n            \r\n        <a href=\"https:\/\/talkpal.ai\/lt\/ismok-katalonu-kalba\/\">\r\n            <div class=\"learnNavigationWrapper\">\r\n                <div class=\"learnNavigationContent\">\r\n                    <img decoding=\"async\" src=\"https:\/\/talkpal.ai\/wp-content\/uploads\/2024\/08\/Catalan.jpg\" alt=\"Catalan Flag\">\r\n                    <div>\r\n                        <h4>Apie katalon\u0173 kalbos mokym\u0105si<\/h4>\r\n                        <p>Su\u017einokite visk\u0105 apie katalon\u0173 kalbos gramatik\u0105.<\/p>\r\n                    <\/div>\r\n                <\/div>\r\n            <\/div>\r\n        <\/a>\r\n\r\n        \r\n        <a href=\"https:\/\/talkpal.ai\/lt\/katalonu-kalbos-gramatikos-pratimai\/\">\r\n            <div class=\"learnNavigationWrapper\">\r\n                <div class=\"learnNavigationContent\">\r\n                    <img decoding=\"async\" src=\"https:\/\/talkpal.ai\/wp-content\/uploads\/2024\/08\/Catalan.jpg\" alt=\"Catalan Flag\">\r\n                    <div>\r\n                        <h4>Katalon\u0173 kalbos gramatikos pratybos<\/h4>\r\n                        <p>Praktikuokite katalon\u0173 kalbos gramatik\u0105.<\/p>\r\n                    <\/div>\r\n                <\/div>\r\n            <\/div>\r\n        <\/a>\r\n\r\n        \r\n        <a href=\"https:\/\/talkpal.ai\/vocabulary_language\/catalan\/\">\r\n            <div class=\"learnNavigationWrapper\">\r\n                <div class=\"learnNavigationContent\">\r\n                    <img decoding=\"async\" src=\"https:\/\/talkpal.ai\/wp-content\/uploads\/2024\/08\/Catalan.jpg\" alt=\"Catalan Flag\">\r\n                    <div>\r\n                        <h4>Katalon\u0173 kalbos \u017eodynas<\/h4>\r\n                        <p>I\u0161pl\u0117skite savo katalon\u0173 kalbos \u017eodyn\u0105.<\/p>\r\n                    <\/div>\r\n                <\/div>\r\n            <\/div>\r\n        <\/a>\r\n\r\n            <\/section>","protected":false},"excerpt":{"rendered":"<p>Katalon\u0173 kalbos gramatika: trumpas vadovas kalb\u0173 entuziastams Ar planuojate mokytis katalon\u0173 kalbos ar tiesiog domit\u0117s \u0161ia gra\u017eia roman\u0173 kalba? Neie\u0161kokite daugiau! Mes esame \u010dia, kad gal\u0117tume jus greitai supa\u017eindinti su katalon\u0173 kalbos gramatika ir suteikti jums pagrindus. Pasinerkime \u012f \u0161i\u0105 \u017eaving\u0105 kalb\u0105 ir panagrin\u0117kime, kaip ji veikia gramatiniu lygmeniu. Katalon\u0173 kalba, kuria kalba apie 10 [&hellip;]<\/p>\n","protected":false},"author":1,"featured_media":142185,"parent":0,"menu_order":0,"comment_status":"closed","ping_status":"closed","template":"LearningContentPage.php","meta":{"_acf_changed":false,"footnotes":""},"class_list":["post-142176","page","type-page","status-publish","has-post-thumbnail","hentry"],"acf":[],"yoast_head":"<!-- This site is optimized with the Yoast SEO Premium plugin v27.2 (Yoast SEO v27.2) - https:\/\/yoast.com\/product\/yoast-seo-premium-wordpress\/ -->\n<title>Katalon\u0173 kalbos gramatika - Talkpal<\/title>\n<meta name=\"description\" content=\"Atraskite katalon\u0173 kalbos gramatikos pagrindus ir prad\u0117kite kelion\u0119 \u012f \u0161i\u0105 gra\u017ei\u0105 roman\u0173 kalb\u0105 \u0161iandien!\" \/>\n<meta name=\"robots\" content=\"index, follow, max-snippet:-1, max-image-preview:large, max-video-preview:-1\" \/>\n<link rel=\"canonical\" href=\"https:\/\/talkpal.ai\/lt\/katalonu-kalbos-gramatika\/\" \/>\n<meta property=\"og:locale\" content=\"lt_LT\" \/>\n<meta property=\"og:type\" content=\"article\" \/>\n<meta property=\"og:title\" content=\"Katalon\u0173 kalbos gramatika\" \/>\n<meta property=\"og:description\" content=\"Katalon\u0173 kalbos gramatika: trumpas vadovas kalb\u0173 entuziastams Ar planuojate mokytis katalon\u0173 kalbos ar tiesiog domit\u0117s \u0161ia gra\u017eia roman\u0173 kalba?\" \/>\n<meta property=\"og:url\" content=\"https:\/\/talkpal.ai\/lt\/katalonu-kalbos-gramatika\/\" \/>\n<meta property=\"og:site_name\" content=\"Talkpal\" \/>\n<meta property=\"article:publisher\" content=\"https:\/\/www.facebook.com\/profile.php?id=100090733639311\" \/>\n<meta property=\"article:modified_time\" content=\"2025-05-22T18:35:55+00:00\" \/>\n<meta property=\"og:image\" content=\"https:\/\/talkpal.ai\/wp-content\/uploads\/2023\/08\/Catalan.png\" \/>\n\t<meta property=\"og:image:width\" content=\"479\" \/>\n\t<meta property=\"og:image:height\" content=\"479\" \/>\n\t<meta property=\"og:image:type\" content=\"image\/png\" \/>\n<meta name=\"twitter:card\" content=\"summary_large_image\" \/>\n<meta name=\"twitter:site\" content=\"@talkpalai\" \/>\n<meta name=\"twitter:label1\" content=\"Est. reading time\" \/>\n\t<meta name=\"twitter:data1\" content=\"3 minut\u0117s\" \/>\n<script type=\"application\/ld+json\" class=\"yoast-schema-graph\">{\"@context\":\"https:\/\/schema.org\",\"@graph\":[{\"@type\":\"WebPage\",\"@id\":\"https:\/\/talkpal.ai\/lt\/katalonu-kalbos-gramatika\/\",\"url\":\"https:\/\/talkpal.ai\/lt\/katalonu-kalbos-gramatika\/\",\"name\":\"Katalon\u0173 kalbos gramatika - Talkpal\",\"isPartOf\":{\"@id\":\"https:\/\/talkpal.ai\/lt\/#website\"},\"primaryImageOfPage\":{\"@id\":\"https:\/\/talkpal.ai\/lt\/katalonu-kalbos-gramatika\/#primaryimage\"},\"image\":{\"@id\":\"https:\/\/talkpal.ai\/lt\/katalonu-kalbos-gramatika\/#primaryimage\"},\"thumbnailUrl\":\"https:\/\/talkpal.ai\/wp-content\/uploads\/2023\/08\/Catalan.png\",\"datePublished\":\"2023-05-14T14:00:56+00:00\",\"dateModified\":\"2025-05-22T18:35:55+00:00\",\"description\":\"Atraskite katalon\u0173 kalbos gramatikos pagrindus ir prad\u0117kite kelion\u0119 \u012f \u0161i\u0105 gra\u017ei\u0105 roman\u0173 kalb\u0105 \u0161iandien!\",\"breadcrumb\":{\"@id\":\"https:\/\/talkpal.ai\/lt\/katalonu-kalbos-gramatika\/#breadcrumb\"},\"inLanguage\":\"lt-LT\",\"potentialAction\":[{\"@type\":\"ReadAction\",\"target\":[\"https:\/\/talkpal.ai\/lt\/katalonu-kalbos-gramatika\/\"]}]},{\"@type\":\"ImageObject\",\"inLanguage\":\"lt-LT\",\"@id\":\"https:\/\/talkpal.ai\/lt\/katalonu-kalbos-gramatika\/#primaryimage\",\"url\":\"https:\/\/talkpal.ai\/wp-content\/uploads\/2023\/08\/Catalan.png\",\"contentUrl\":\"https:\/\/talkpal.ai\/wp-content\/uploads\/2023\/08\/Catalan.png\",\"width\":479,\"height\":479},{\"@type\":\"BreadcrumbList\",\"@id\":\"https:\/\/talkpal.ai\/lt\/katalonu-kalbos-gramatika\/#breadcrumb\",\"itemListElement\":[{\"@type\":\"ListItem\",\"position\":1,\"name\":\"Homepage\",\"item\":\"https:\/\/talkpal.ai\/lt\/\"},{\"@type\":\"ListItem\",\"position\":2,\"name\":\"Katalon\u0173 kalbos gramatika\"}]},{\"@type\":\"WebSite\",\"@id\":\"https:\/\/talkpal.ai\/lt\/#website\",\"url\":\"https:\/\/talkpal.ai\/lt\/\",\"name\":\"Talkpal\",\"description\":\"AI Language Learning\",\"publisher\":{\"@id\":\"https:\/\/talkpal.ai\/lt\/#organization\"},\"alternateName\":\"Talkpal AI\",\"potentialAction\":[{\"@type\":\"SearchAction\",\"target\":{\"@type\":\"EntryPoint\",\"urlTemplate\":\"https:\/\/talkpal.ai\/lt\/?s={search_term_string}\"},\"query-input\":{\"@type\":\"PropertyValueSpecification\",\"valueRequired\":true,\"valueName\":\"search_term_string\"}}],\"inLanguage\":\"lt-LT\"},{\"@type\":\"Organization\",\"@id\":\"https:\/\/talkpal.ai\/lt\/#organization\",\"name\":\"Talkpal, Inc.\",\"alternateName\":\"Talkpal AI\",\"url\":\"https:\/\/talkpal.ai\/lt\/\",\"logo\":{\"@type\":\"ImageObject\",\"inLanguage\":\"lt-LT\",\"@id\":\"https:\/\/talkpal.ai\/lt\/#\/schema\/logo\/image\/\",\"url\":\"https:\/\/talkpal.ai\/wp-content\/uploads\/2024\/03\/Talkpal-Logo-Icon.png\",\"contentUrl\":\"https:\/\/talkpal.ai\/wp-content\/uploads\/2024\/03\/Talkpal-Logo-Icon.png\",\"width\":2880,\"height\":2880,\"caption\":\"Talkpal, Inc.\"},\"image\":{\"@id\":\"https:\/\/talkpal.ai\/lt\/#\/schema\/logo\/image\/\"},\"sameAs\":[\"https:\/\/www.facebook.com\/profile.php?id=100090733639311\",\"https:\/\/x.com\/talkpalai\",\"https:\/\/www.linkedin.com\/company\/talkpal\/\",\"https:\/\/www.youtube.com\/@TalkPal\/\",\"https:\/\/www.tiktok.com\/@talkpal\",\"https:\/\/www.instagram.com\/talkpal_ai\/\",\"https:\/\/www.crunchbase.com\/organization\/talkpal-9cde\",\"https:\/\/www.g2.com\/products\/talkpal-for-business\/\",\"https:\/\/www.trustpilot.com\/review\/talkpal.ai\",\"https:\/\/www.capterra.com\/p\/10006800\/TalkPal\/\"],\"description\":\"Talkpal is a language learning web and mobile education app, powered by the latest AI technologies, that provides engaging experiences to its customers in many different languages to help them improve their language skills. Users can chat about unlimited amount of topics with the app and use other modes to practice their language learning.\",\"email\":\"support@talkpal.ai\",\"legalName\":\"Talkpal, Inc.\",\"foundingDate\":\"2023-04-03\",\"duns\":\"118989042\",\"numberOfEmployees\":{\"@type\":\"QuantitativeValue\",\"minValue\":\"11\",\"maxValue\":\"50\"},\"publishingPrinciples\":\"https:\/\/talkpal.ai\/publishing-principles\/\",\"actionableFeedbackPolicy\":\"https:\/\/talkpal.ai\/actionable-feedback-policy\/\",\"correctionsPolicy\":\"https:\/\/talkpal.ai\/corrections-policy\/\",\"ethicsPolicy\":\"https:\/\/talkpal.ai\/ethics-policy\/\",\"diversityPolicy\":\"https:\/\/talkpal.ai\/diversity-policy\/\",\"diversityStaffingReport\":\"https:\/\/talkpal.ai\/diversity-policy\/\"}]}<\/script>\n<!-- \/ Yoast SEO Premium plugin. -->","yoast_head_json":{"title":"Katalon\u0173 kalbos gramatika - Talkpal","description":"Atraskite katalon\u0173 kalbos gramatikos pagrindus ir prad\u0117kite kelion\u0119 \u012f \u0161i\u0105 gra\u017ei\u0105 roman\u0173 kalb\u0105 \u0161iandien!","robots":{"index":"index","follow":"follow","max-snippet":"max-snippet:-1","max-image-preview":"max-image-preview:large","max-video-preview":"max-video-preview:-1"},"canonical":"https:\/\/talkpal.ai\/lt\/katalonu-kalbos-gramatika\/","og_locale":"lt_LT","og_type":"article","og_title":"Katalon\u0173 kalbos gramatika","og_description":"Katalon\u0173 kalbos gramatika: trumpas vadovas kalb\u0173 entuziastams Ar planuojate mokytis katalon\u0173 kalbos ar tiesiog domit\u0117s \u0161ia gra\u017eia roman\u0173 kalba?","og_url":"https:\/\/talkpal.ai\/lt\/katalonu-kalbos-gramatika\/","og_site_name":"Talkpal","article_publisher":"https:\/\/www.facebook.com\/profile.php?id=100090733639311","article_modified_time":"2025-05-22T18:35:55+00:00","og_image":[{"width":479,"height":479,"url":"https:\/\/talkpal.ai\/wp-content\/uploads\/2023\/08\/Catalan.png","type":"image\/png"}],"twitter_card":"summary_large_image","twitter_site":"@talkpalai","twitter_misc":{"Est. reading time":"3 minut\u0117s"},"schema":{"@context":"https:\/\/schema.org","@graph":[{"@type":"WebPage","@id":"https:\/\/talkpal.ai\/lt\/katalonu-kalbos-gramatika\/","url":"https:\/\/talkpal.ai\/lt\/katalonu-kalbos-gramatika\/","name":"Katalon\u0173 kalbos gramatika - Talkpal","isPartOf":{"@id":"https:\/\/talkpal.ai\/lt\/#website"},"primaryImageOfPage":{"@id":"https:\/\/talkpal.ai\/lt\/katalonu-kalbos-gramatika\/#primaryimage"},"image":{"@id":"https:\/\/talkpal.ai\/lt\/katalonu-kalbos-gramatika\/#primaryimage"},"thumbnailUrl":"https:\/\/talkpal.ai\/wp-content\/uploads\/2023\/08\/Catalan.png","datePublished":"2023-05-14T14:00:56+00:00","dateModified":"2025-05-22T18:35:55+00:00","description":"Atraskite katalon\u0173 kalbos gramatikos pagrindus ir prad\u0117kite kelion\u0119 \u012f \u0161i\u0105 gra\u017ei\u0105 roman\u0173 kalb\u0105 \u0161iandien!","breadcrumb":{"@id":"https:\/\/talkpal.ai\/lt\/katalonu-kalbos-gramatika\/#breadcrumb"},"inLanguage":"lt-LT","potentialAction":[{"@type":"ReadAction","target":["https:\/\/talkpal.ai\/lt\/katalonu-kalbos-gramatika\/"]}]},{"@type":"ImageObject","inLanguage":"lt-LT","@id":"https:\/\/talkpal.ai\/lt\/katalonu-kalbos-gramatika\/#primaryimage","url":"https:\/\/talkpal.ai\/wp-content\/uploads\/2023\/08\/Catalan.png","contentUrl":"https:\/\/talkpal.ai\/wp-content\/uploads\/2023\/08\/Catalan.png","width":479,"height":479},{"@type":"BreadcrumbList","@id":"https:\/\/talkpal.ai\/lt\/katalonu-kalbos-gramatika\/#breadcrumb","itemListElement":[{"@type":"ListItem","position":1,"name":"Homepage","item":"https:\/\/talkpal.ai\/lt\/"},{"@type":"ListItem","position":2,"name":"Katalon\u0173 kalbos gramatika"}]},{"@type":"WebSite","@id":"https:\/\/talkpal.ai\/lt\/#website","url":"https:\/\/talkpal.ai\/lt\/","name":"Talkpal","description":"AI Language Learning","publisher":{"@id":"https:\/\/talkpal.ai\/lt\/#organization"},"alternateName":"Talkpal AI","potentialAction":[{"@type":"SearchAction","target":{"@type":"EntryPoint","urlTemplate":"https:\/\/talkpal.ai\/lt\/?s={search_term_string}"},"query-input":{"@type":"PropertyValueSpecification","valueRequired":true,"valueName":"search_term_string"}}],"inLanguage":"lt-LT"},{"@type":"Organization","@id":"https:\/\/talkpal.ai\/lt\/#organization","name":"Talkpal, Inc.","alternateName":"Talkpal AI","url":"https:\/\/talkpal.ai\/lt\/","logo":{"@type":"ImageObject","inLanguage":"lt-LT","@id":"https:\/\/talkpal.ai\/lt\/#\/schema\/logo\/image\/","url":"https:\/\/talkpal.ai\/wp-content\/uploads\/2024\/03\/Talkpal-Logo-Icon.png","contentUrl":"https:\/\/talkpal.ai\/wp-content\/uploads\/2024\/03\/Talkpal-Logo-Icon.png","width":2880,"height":2880,"caption":"Talkpal, Inc."},"image":{"@id":"https:\/\/talkpal.ai\/lt\/#\/schema\/logo\/image\/"},"sameAs":["https:\/\/www.facebook.com\/profile.php?id=100090733639311","https:\/\/x.com\/talkpalai","https:\/\/www.linkedin.com\/company\/talkpal\/","https:\/\/www.youtube.com\/@TalkPal\/","https:\/\/www.tiktok.com\/@talkpal","https:\/\/www.instagram.com\/talkpal_ai\/","https:\/\/www.crunchbase.com\/organization\/talkpal-9cde","https:\/\/www.g2.com\/products\/talkpal-for-business\/","https:\/\/www.trustpilot.com\/review\/talkpal.ai","https:\/\/www.capterra.com\/p\/10006800\/TalkPal\/"],"description":"Talkpal is a language learning web and mobile education app, powered by the latest AI technologies, that provides engaging experiences to its customers in many different languages to help them improve their language skills. Users can chat about unlimited amount of topics with the app and use other modes to practice their language learning.","email":"support@talkpal.ai","legalName":"Talkpal, Inc.","foundingDate":"2023-04-03","duns":"118989042","numberOfEmployees":{"@type":"QuantitativeValue","minValue":"11","maxValue":"50"},"publishingPrinciples":"https:\/\/talkpal.ai\/publishing-principles\/","actionableFeedbackPolicy":"https:\/\/talkpal.ai\/actionable-feedback-policy\/","correctionsPolicy":"https:\/\/talkpal.ai\/corrections-policy\/","ethicsPolicy":"https:\/\/talkpal.ai\/ethics-policy\/","diversityPolicy":"https:\/\/talkpal.ai\/diversity-policy\/","diversityStaffingReport":"https:\/\/talkpal.ai\/diversity-policy\/"}]}},"_links":{"self":[{"href":"https:\/\/talkpal.ai\/lt\/wp-json\/wp\/v2\/pages\/142176","targetHints":{"allow":["GET"]}}],"collection":[{"href":"https:\/\/talkpal.ai\/lt\/wp-json\/wp\/v2\/pages"}],"about":[{"href":"https:\/\/talkpal.ai\/lt\/wp-json\/wp\/v2\/types\/page"}],"author":[{"embeddable":true,"href":"https:\/\/talkpal.ai\/lt\/wp-json\/wp\/v2\/users\/1"}],"replies":[{"embeddable":true,"href":"https:\/\/talkpal.ai\/lt\/wp-json\/wp\/v2\/comments?post=142176"}],"version-history":[{"count":0,"href":"https:\/\/talkpal.ai\/lt\/wp-json\/wp\/v2\/pages\/142176\/revisions"}],"wp:featuredmedia":[{"embeddable":true,"href":"https:\/\/talkpal.ai\/lt\/wp-json\/wp\/v2\/media\/142185"}],"wp:attachment":[{"href":"https:\/\/talkpal.ai\/lt\/wp-json\/wp\/v2\/media?parent=142176"}],"curies":[{"name":"wp","href":"https:\/\/api.w.org\/{rel}","templated":true}]}}