{"id":141738,"date":"2023-05-14T14:00:39","date_gmt":"2023-05-14T14:00:39","guid":{"rendered":"http:\/\/talkpal.ai\/bulgaru-kalbos-gramatika\/"},"modified":"2025-05-22T14:35:59","modified_gmt":"2025-05-22T14:35:59","slug":"bulgaru-kalbos-gramatika","status":"publish","type":"page","link":"https:\/\/talkpal.ai\/lt\/bulgaru-kalbos-gramatika\/","title":{"rendered":"Bulgar\u0173 kalbos gramatika"},"content":{"rendered":"\r\n\r\n\r\n<section class=\"languageChallengeSection\">\r\n    <div class=\"languageInfoWrapper\">\r\n        \r\n        <h1>Bulgar\u0173 kalbos gramatika<\/h1>\r\n        <p>Susipa\u017einkite su unikaliomis <a href=\"https:\/\/talkpal.ai\/learn-bulgarian\/\">bulgar\u0173<\/a> <a href=\"https:\/\/talkpal.ai\/what-language-is-spoken-on-the-international-space-station\/\">kalbos<\/a> gramatikos ypatyb\u0117mis ir \u012fgykite \u012franki\u0173, kad gal\u0117tum\u0117te u\u017etikrintai bendrauti \u0161ia gyvybinga slav\u0173 kalba. Suprasdami pagrindines taisykles, gal\u0117site geriau bendrauti su gimtakalbiais ir geriau pa\u017einti turting\u0105 Bulgarijos paveld\u0105. Prad\u0117kite savo kelion\u0119 po bulgar\u0173 kalbos gramatik\u0105 \u0161iandien ir \u017eenkite pirm\u0105j\u012f \u017eingsn\u012f \u012f kalbos \u012fsisavinim\u0105!<\/p>\r\n\r\n                            <a class=\"getStartedHidden\" href=\"https:\/\/app.talkpal.ai\/lt\/signup?lng=\">Prad\u0117k<\/a>\r\n        \r\n    <\/div>\r\n\r\n    <figure>\r\n    <img decoding=\"async\" width=\"768\" height=\"768\" src=\"https:\/\/talkpal.ai\/wp-content\/uploads\/2023\/06\/bulgarian-768x768.png\" class=\"languageImage no-lazy\" alt=\"Language learning for deeper cultural understanding\" fetchpriority=\"high\" sizes=\"(max-width: 768px) 150px, 768px\" srcset=\"https:\/\/talkpal.ai\/wp-content\/uploads\/2023\/06\/bulgarian-768x768.png 768w, https:\/\/talkpal.ai\/wp-content\/uploads\/2023\/06\/bulgarian-300x300.png 300w\" \/>\r\n    \r\n\r\n    <\/figure>\r\n\r\n            <a class=\"getStartedVisible\" href=\"https:\/\/app.talkpal.ai\/lt\/signup?lng=\">Prad\u0117k<\/a>\r\n    \r\n<\/section>\r\n<section class=\"promotionalBanner\">\r\n    <p class=\"promotionalText\">Efektyviausias b\u016bdas mokytis kalbos<\/p>\r\n    <a class=\"promotionalLink\" href=\"https:\/\/app.talkpal.ai\/lt\/signup?lng=\">I\u0161bandykite Talkpal &#8221; nemokamai<\/a>\r\n<\/section>\n<div class=\"wp-block-group pageContainerStyle\"><div class=\"wp-block-group__inner-container is-layout-constrained wp-block-group-is-layout-constrained\">\n<h2 class=\"wp-block-heading\" id=\"h-the-ultimate-guide-to-bulgarian-grammar-navigating-the-intricacies-of-a-rich-language\">Galutinis bulgar\u0173 kalbos gramatikos vadovas: turtingos kalbos subtilybi\u0173 nar\u0161ymas<\/h2>\n\n\n\n<p><a href=\"https:\/\/talkpal.ai\/bulgarian-grammar\/\">Bulgar\u0173 kalbos gramatika<\/a>, kaip ir pati kalba, yra \u012fsp\u016bdingas paprastumo, sud\u0117tingumo ir turtingos kult\u016bros istorijos mi\u0161inys. Kaip viena seniausi\u0173 slav\u0173 kalb\u0173, bulgar\u0173 kalba besimokantiesiems kelia kalbin\u012f jaudul\u012f ir kelia i\u0161\u0161\u016bki\u0173 net labiausiai \u012fgudusiems kalb\u0117tojams. \u0160iame vadove i\u0161nagrin\u0117sime pagrindinius bulgar\u0173 kalbos gramatikos principus, atskleisime jos sud\u0117tingum\u0105 ir pad\u0117sime jums i\u0161mokti \u0161i\u0105 gra\u017ei\u0105 kalb\u0105. Pasinerkime!<\/p>\n\n\n\n<h2 class=\"wp-block-heading\" id=\"h-the-nuts-and-bolts-bulgarian-sentence-structure\">Ver\u017el\u0117s ir var\u017etai: Bulgarijos sakini\u0173 strukt\u016bra<\/h2>\n\n\n\n<p>I\u0161 esm\u0117s <a href=\"https:\/\/talkpal.ai\/bulgarian-grammar\/\">bulgar\u0173 kalbos gramatika<\/a> yra gana paprasta. Kalba atitinka dalyko-veiksma\u017eod\u017eio-objekto (SVO) sakinio strukt\u016br\u0105, pana\u0161i\u0105 \u012f <a href=\"https:\/\/talkpal.ai\/learn-english-with-ai\/\">angl\u0173<\/a> ir daugel\u012f kit\u0173 kalb\u0173. Pavyzd\u017eiui, sakinys &#8222;A\u0161 valgau obuol\u012f&#8221; ver\u010diamas taip: &#8222;\u0410\u0437 \u044f\u043c \u044f\u0431\u044a\u043b\u043a\u0430&#8221; (Az yam yabalka). Paprasta, tiesa? Ta\u010diau, <a href=\"https:\/\/talkpal.ai\/locations\/language-courses-in-kai\/\">kai<\/a> gilinsim\u0117s, su\u017einosite, kad bulgar\u0173 kalbos <a href=\"https:\/\/talkpal.ai\/sq\/gramatika\/\">gramatika<\/a> kupina netik\u0117tum\u0173 ir unikali\u0173 ypatybi\u0173.<\/p>\n\n\n\n<h3 class=\"wp-block-heading\" id=\"h-meet-the-family-bulgarian-nouns-and-their-genders\">Susipa\u017einkite su \u0161eima: bulgar\u0173 kalbos daiktavard\u017eiai ir j\u0173 lytis<\/h3>\n\n\n\n<p>Vienas i\u0161 labiausiai gluminan\u010di\u0173 bulgar\u0173 kalbos gramatikos aspekt\u0173 anglakalbiams yra gramatin\u0117s lyties s\u0105voka. Bulgar\u0173 kalboje kiekvienas daiktavardis priskiriamas vienai i\u0161 trij\u0173 ly\u010di\u0173 &#8211; vyri\u0161kajai, moteri\u0161kajai ir gimtajai. Labai svarbu atpa\u017einti daiktavard\u017eio lyt\u012f, nes ji turi \u012ftakos b\u016bdvard\u017ei\u0173 ir \u012fvard\u017ei\u0173 formai bei veiksma\u017eod\u017ei\u0173 linksniavimui.<\/p>\n\n\n\n<p>Taigi, kaip nustatyti daiktavard\u017eio lyt\u012f? Apskritai viskas priklauso nuo pabaigos:<\/p>\n\n\n\n<p><strong>&#8211; Vyri\u0161kosios gimin\u0117s daiktavard\u017eiai paprastai baigiasi bendratimi.<\/strong><\/p>\n\n\n\n<p><strong>&#8211; Moteri\u0161kosios gimin\u0117s daiktavard\u017eiai paprastai baigiasi gal\u016bn\u0117mis -\u0430 (-a) arba -\u044f (-ya).<\/strong><\/p>\n\n\n\n<p><strong>&#8211; Gimininiai daiktavard\u017eiai da\u017enai baigiasi gal\u016bn\u0117mis -\u043e (-o) arba -\u0435 (-\u0435).<\/strong><\/p>\n\n\n\n<p>Pavyzd\u017eiui, &#8222;\u043c\u044a\u0436&#8221; (mazh) rei\u0161kia &#8222;vyras&#8221; ir yra vyri\u0161kosios gimin\u0117s, &#8222;\u0436\u0435\u043d\u0430&#8221; (zhena) rei\u0161kia &#8222;moteris&#8221; ir yra moteri\u0161kosios gimin\u0117s, o &#8222;\u0434\u0435\u0442\u0435&#8221; (dete) rei\u0161kia &#8222;vaikas&#8221; ir yra gimin\u0117s.<\/p>\n\n\n\n<p>\u017dinoma, b\u016bna i\u0161im\u010di\u0173, tod\u0117l labai svarbu i\u0161mokti daiktavard\u017eius vartoti kartu su j\u0173 lytimis.<\/p>\n\n\n\n<h3 class=\"wp-block-heading\" id=\"h-playing-with-numbers-bulgarian-plurals\">\u017daidimas su skai\u010diais: bulgar\u0173 daugiskaita<\/h3>\n\n\n\n<p>\u012evald\u0119 bulgar\u0173 kalbos daiktavard\u017ei\u0173 gimin\u0119, metas spr\u0119sti j\u0173 daugiskaitos klausimus. Apskritai daugiskait\u0105 sudarome prid\u0117dami tam tikras gal\u016bnes, atitinkan\u010dias daiktavard\u017eio lyt\u012f:<\/p>\n\n\n\n<p><strong>&#8211; Vyri\u0161kosios gimin\u0117s daiktavard\u017eiai paskutin\u012f s\u0105skamb\u012f kei\u010dia \u012f -\u0438 (-i) arba prideda -\u043e\u0432\u0435 (-ove).<\/strong><\/p>\n\n\n\n<p><strong>&#8211; Moteri\u0161kosios gimin\u0117s daiktavard\u017eiai vietoj -\u0430 arba -\u044f ra\u0161omi su -\u0438 arba -\u0435.<\/strong><\/p>\n\n\n\n<p><strong>&#8211; Gimini\u0161k\u0173 daiktavard\u017ei\u0173 vietoje -\u043e arba -\u0435 ra\u0161oma -\u0430.<\/strong><\/p>\n\n\n\n<p>Pavyzd\u017eiui, &#8222;\u0443\u0447\u0435\u043d\u0438\u043a&#8221; (uchenik, vyri\u0161koji gimin\u0117) <a href=\"https:\/\/talkpal.ai\/locations\/language-courses-in-tampa\/\">tampa<\/a> &#8222;\u0443\u0447\u0435\u043d\u0438\u0446\u0438&#8221; (uchenici, studentai), o &#8222;\u043a\u043d\u0438\u0433\u0430&#8221; (kniga, moteri\u0161koji gimin\u0117) &#8211; &#8222;\u043a\u043d\u0438\u0433\u0438&#8221; (knigi, knygos).<\/p>\n\n\n\n<p>\u0160i taisykl\u0117 turi i\u0161im\u010di\u0173, tod\u0117l steb\u0117kite netaisykling\u0105 daugiskait\u0105 ir atitinkamai i\u0161pl\u0117skite savo \u017eodyn\u0105.<\/p>\n\n\n\n<h3 class=\"wp-block-heading\" id=\"h-the-art-of-conjugation-bulgarian-verbs\">Konjugacijos menas: bulgar\u0173 veiksma\u017eod\u017eiai<\/h3>\n\n\n\n<p>Bulgar\u0173 veiksma\u017eod\u017eiai gali b\u016bti bauginantys d\u0117l daugyb\u0117s laik\u0173, nuotaik\u0173 ir konjugacij\u0173. Ta\u010diau raktas \u012f j\u0173 nulau\u017eim\u0105 yra modeli\u0173 atpa\u017einimas ir reguliarus praktikavimas.<\/p>\n\n\n\n<p>Bulgar\u0173 kalba veiksma\u017eod\u017eiai skirstomi \u012f tris grupes pagal j\u0173 begalin\u0119 pabaig\u0105, -\u0430 (-a), -\u0435 (-\u0435) arba -\u0438 (-i). Kiekviena grup\u0117 turi savo specifines konjugacijos taisykles. Pavyzd\u017eiui, paimkime veiksma\u017eod\u012f &#8222;\u043f\u0438\u0448\u0430&#8221; (pisha, &#8222;ra\u0161yti&#8221;):<\/p>\n\n\n\n<p><strong>Esamasis laikas: A\u0161 \u043f\u0438\u0448\u0430 (Az pisha, &#8222;a\u0161 ra\u0161au&#8221;)<\/strong><\/p>\n\n\n\n<p><strong>Praeities laikas: A\u0161 \u043f\u0438\u0441\u0430\u0445 (Az pisah, &#8222;A\u0161 para\u0161iau&#8221;)<\/strong><\/p>\n\n\n\n<p><strong>B\u016bsimasis laikas: \u0410\u0437 \u0449\u0435 \u043f\u0438\u0448\u0430 (Az shte pisha, &#8222;A\u0161 para\u0161ysiu&#8221;)<\/strong><\/p>\n\n\n\n<p>Kaip matote, gal\u016bn\u0117s kei\u010diasi pagal \u012ftamp\u0105. Ir tai dar net ne visos bulgar\u0173 kalbos veiksma\u017eod\u017ei\u0173 linksniavimo ypatyb\u0117s! Ta\u010diau neleiskite, kad tai jus u\u017evaldyt\u0173. Pasitelk\u0119 praktik\u0105 ir kantryb\u0119, prad\u0117site atpa\u017einti d\u0117sningumus ir \u012fveiksite \u0161\u012f i\u0161\u0161\u016bk\u012f.<\/p>\n\n\n\n<h3 class=\"wp-block-heading\" id=\"h-the-finishing-touches-bulgarian-adjectives-adverbs-and-more\">Baigiamieji akcentai: bulgar\u0173 kalbos b\u016bdvard\u017eiai, prieveiksmiai ir kt<\/h3>\n\n\n\n<p>Kalbant apie bulgar\u0173 b\u016bdvard\u017eius ir prieveiksmius, jie atlieka svarb\u0173 vaidmen\u012f didinant j\u016bs\u0173 kalbos gyl\u012f ir sud\u0117tingum\u0105. B\u016bdvard\u017eiai turi atitikti daiktavard\u017ei\u0173, kuriuos jie kei\u010dia, lyt\u012f, tod\u0117l paprastai b\u016bna 3 formos &#8211; vyri\u0161kosios, moteri\u0161kosios ir gimin\u0117s.<\/p>\n\n\n\n<p>Pavyzd\u017eiui, &#8222;\u0434\u043e\u0431\u044a\u0440&#8221; (dobur) rei\u0161kia &#8222;geras&#8221; ir skamba kaip &#8222;\u0434\u043e\u0431\u044a\u0440 \u043c\u044a\u0436&#8221; (dobur mazh, &#8222;geras vyras&#8221;), &#8222;\u0434\u043e\u0431\u0440\u0430 \u0436\u0435\u043d\u0430&#8221; (dobra zhena, &#8222;gera moteris&#8221;) ir &#8222;\u0434\u043e\u0431\u0440\u043e \u0434\u0435\u0442\u0435&#8221; (dobro dete, &#8222;geras vaikas&#8221;). Prieveiksmiai seka pana\u0161iais modeliais, da\u017enai kilusiais i\u0161 b\u016bdvard\u017ei\u0173.<\/p>\n\n\n\n<p>Apibendrinant galima teigti, kad bulgar\u0173 kalbos gramatikos subtilyb\u0117s ir keistenyb\u0117s, nors ir sud\u0117tingos, suteikia kalbai \u017eavingo gro\u017eio ir charakterio. Atkakliai, smalsiai ir prakti\u0161kai taikydami \u0161\u012f metod\u0105 netrukus lengvai ir u\u017etikrintai i\u0161moksite bulgar\u0173 kalbos gramatik\u0105. Smagaus mokymosi!<\/p>\n<\/div><\/div>\n\r\n<section class=\"learnNavigationSection\">\r\n            \r\n        <a href=\"https:\/\/talkpal.ai\/lt\/ismok-bulgaru-kalba\/\">\r\n            <div class=\"learnNavigationWrapper\">\r\n                <div class=\"learnNavigationContent\">\r\n                    <img decoding=\"async\" src=\"https:\/\/talkpal.ai\/wp-content\/uploads\/2024\/08\/Bulgarian.jpg\" alt=\"Bulgarian Flag\">\r\n                    <div>\r\n                        <h4>Apie bulgar\u0173 kalbos mokym\u0105si<\/h4>\r\n                        <p>Su\u017einokite visk\u0105 apie bulgar\u0173 kalbos gramatik\u0105.<\/p>\r\n                    <\/div>\r\n                <\/div>\r\n            <\/div>\r\n        <\/a>\r\n\r\n        \r\n        <a href=\"https:\/\/talkpal.ai\/lt\/bulgaru-kalbos-gramatikos-pratimai\/\">\r\n            <div class=\"learnNavigationWrapper\">\r\n                <div class=\"learnNavigationContent\">\r\n                    <img decoding=\"async\" src=\"https:\/\/talkpal.ai\/wp-content\/uploads\/2024\/08\/Bulgarian.jpg\" alt=\"Bulgarian Flag\">\r\n                    <div>\r\n                        <h4>Bulgar\u0173 kalbos gramatikos pratybos<\/h4>\r\n                        <p>Praktikuokite bulgar\u0173 kalbos gramatik\u0105.<\/p>\r\n                    <\/div>\r\n                <\/div>\r\n            <\/div>\r\n        <\/a>\r\n\r\n        \r\n        <a href=\"https:\/\/talkpal.ai\/vocabulary_language\/bulgarian\/\">\r\n            <div class=\"learnNavigationWrapper\">\r\n                <div class=\"learnNavigationContent\">\r\n                    <img decoding=\"async\" src=\"https:\/\/talkpal.ai\/wp-content\/uploads\/2024\/08\/Bulgarian.jpg\" alt=\"Bulgarian Flag\">\r\n                    <div>\r\n                        <h4>Bulgar\u0173 kalbos \u017eodynas<\/h4>\r\n                        <p>Prapl\u0117skite savo bulgar\u0173 kalbos \u017eodyn\u0105.<\/p>\r\n                    <\/div>\r\n                <\/div>\r\n            <\/div>\r\n        <\/a>\r\n\r\n            <\/section>","protected":false},"excerpt":{"rendered":"<p>Galutinis bulgar\u0173 kalbos gramatikos vadovas: turtingos kalbos subtilybi\u0173 nar\u0161ymas Bulgar\u0173 kalbos gramatika, kaip ir pati kalba, yra \u012fsp\u016bdingas paprastumo, sud\u0117tingumo ir turtingos kult\u016bros istorijos mi\u0161inys. Kaip viena seniausi\u0173 slav\u0173 kalb\u0173, bulgar\u0173 kalba besimokantiesiems kelia kalbin\u012f jaudul\u012f ir kelia i\u0161\u0161\u016bki\u0173 net labiausiai \u012fgudusiems kalb\u0117tojams. \u0160iame vadove i\u0161nagrin\u0117sime pagrindinius bulgar\u0173 kalbos gramatikos principus, atskleisime jos sud\u0117tingum\u0105 ir [&hellip;]<\/p>\n","protected":false},"author":1,"featured_media":111152,"parent":0,"menu_order":0,"comment_status":"closed","ping_status":"closed","template":"LearningContentPage.php","meta":{"_acf_changed":false,"footnotes":""},"class_list":["post-141738","page","type-page","status-publish","has-post-thumbnail","hentry"],"acf":[],"yoast_head":"<!-- This site is optimized with the Yoast SEO Premium plugin v27.2 (Yoast SEO v27.2) - https:\/\/yoast.com\/product\/yoast-seo-premium-wordpress\/ -->\n<title>Bulgar\u0173 kalbos gramatika - Talkpal<\/title>\n<meta name=\"description\" content=\"Susipa\u017einkite su bulgar\u0173 kalbos gramatikos pagrindais, kad geriau suprastum\u0117te kalb\u0105 ir \u012fgytum\u0117te bendravimo \u012fg\u016bd\u017ei\u0173.\" \/>\n<meta name=\"robots\" content=\"index, follow, max-snippet:-1, max-image-preview:large, max-video-preview:-1\" \/>\n<link rel=\"canonical\" href=\"https:\/\/talkpal.ai\/lt\/bulgaru-kalbos-gramatika\/\" \/>\n<meta property=\"og:locale\" content=\"lt_LT\" \/>\n<meta property=\"og:type\" content=\"article\" \/>\n<meta property=\"og:title\" content=\"Bulgar\u0173 kalbos gramatika\" \/>\n<meta property=\"og:description\" content=\"Galutinis bulgar\u0173 kalbos gramatikos vadovas: turtingos kalbos subtilybi\u0173 nar\u0161ymas Bulgar\u0173 kalbos gramatika, kaip ir pati kalba, yra \u012fsp\u016bdingas paprastumo,\" \/>\n<meta property=\"og:url\" content=\"https:\/\/talkpal.ai\/lt\/bulgaru-kalbos-gramatika\/\" \/>\n<meta property=\"og:site_name\" content=\"Talkpal\" \/>\n<meta property=\"article:publisher\" content=\"https:\/\/www.facebook.com\/profile.php?id=100090733639311\" \/>\n<meta property=\"article:modified_time\" content=\"2025-05-22T14:35:59+00:00\" \/>\n<meta property=\"og:image\" content=\"https:\/\/talkpal.ai\/wp-content\/uploads\/2023\/05\/bulgaria.png\" \/>\n\t<meta property=\"og:image:width\" content=\"512\" \/>\n\t<meta property=\"og:image:height\" content=\"512\" \/>\n\t<meta property=\"og:image:type\" content=\"image\/png\" \/>\n<meta name=\"twitter:card\" content=\"summary_large_image\" \/>\n<meta name=\"twitter:site\" content=\"@talkpalai\" \/>\n<meta name=\"twitter:label1\" content=\"Est. reading time\" \/>\n\t<meta name=\"twitter:data1\" content=\"3 minut\u0117s\" \/>\n<script type=\"application\/ld+json\" class=\"yoast-schema-graph\">{\"@context\":\"https:\/\/schema.org\",\"@graph\":[{\"@type\":\"WebPage\",\"@id\":\"https:\/\/talkpal.ai\/lt\/bulgaru-kalbos-gramatika\/\",\"url\":\"https:\/\/talkpal.ai\/lt\/bulgaru-kalbos-gramatika\/\",\"name\":\"Bulgar\u0173 kalbos gramatika - Talkpal\",\"isPartOf\":{\"@id\":\"https:\/\/talkpal.ai\/lt\/#website\"},\"primaryImageOfPage\":{\"@id\":\"https:\/\/talkpal.ai\/lt\/bulgaru-kalbos-gramatika\/#primaryimage\"},\"image\":{\"@id\":\"https:\/\/talkpal.ai\/lt\/bulgaru-kalbos-gramatika\/#primaryimage\"},\"thumbnailUrl\":\"https:\/\/talkpal.ai\/wp-content\/uploads\/2023\/05\/bulgaria.png\",\"datePublished\":\"2023-05-14T14:00:39+00:00\",\"dateModified\":\"2025-05-22T14:35:59+00:00\",\"description\":\"Susipa\u017einkite su bulgar\u0173 kalbos gramatikos pagrindais, kad geriau suprastum\u0117te kalb\u0105 ir \u012fgytum\u0117te bendravimo \u012fg\u016bd\u017ei\u0173.\",\"breadcrumb\":{\"@id\":\"https:\/\/talkpal.ai\/lt\/bulgaru-kalbos-gramatika\/#breadcrumb\"},\"inLanguage\":\"lt-LT\",\"potentialAction\":[{\"@type\":\"ReadAction\",\"target\":[\"https:\/\/talkpal.ai\/lt\/bulgaru-kalbos-gramatika\/\"]}]},{\"@type\":\"ImageObject\",\"inLanguage\":\"lt-LT\",\"@id\":\"https:\/\/talkpal.ai\/lt\/bulgaru-kalbos-gramatika\/#primaryimage\",\"url\":\"https:\/\/talkpal.ai\/wp-content\/uploads\/2023\/05\/bulgaria.png\",\"contentUrl\":\"https:\/\/talkpal.ai\/wp-content\/uploads\/2023\/05\/bulgaria.png\",\"width\":512,\"height\":512},{\"@type\":\"BreadcrumbList\",\"@id\":\"https:\/\/talkpal.ai\/lt\/bulgaru-kalbos-gramatika\/#breadcrumb\",\"itemListElement\":[{\"@type\":\"ListItem\",\"position\":1,\"name\":\"Homepage\",\"item\":\"https:\/\/talkpal.ai\/lt\/\"},{\"@type\":\"ListItem\",\"position\":2,\"name\":\"Bulgar\u0173 kalbos gramatika\"}]},{\"@type\":\"WebSite\",\"@id\":\"https:\/\/talkpal.ai\/lt\/#website\",\"url\":\"https:\/\/talkpal.ai\/lt\/\",\"name\":\"Talkpal\",\"description\":\"AI Language Learning\",\"publisher\":{\"@id\":\"https:\/\/talkpal.ai\/lt\/#organization\"},\"alternateName\":\"Talkpal AI\",\"potentialAction\":[{\"@type\":\"SearchAction\",\"target\":{\"@type\":\"EntryPoint\",\"urlTemplate\":\"https:\/\/talkpal.ai\/lt\/?s={search_term_string}\"},\"query-input\":{\"@type\":\"PropertyValueSpecification\",\"valueRequired\":true,\"valueName\":\"search_term_string\"}}],\"inLanguage\":\"lt-LT\"},{\"@type\":\"Organization\",\"@id\":\"https:\/\/talkpal.ai\/lt\/#organization\",\"name\":\"Talkpal, Inc.\",\"alternateName\":\"Talkpal AI\",\"url\":\"https:\/\/talkpal.ai\/lt\/\",\"logo\":{\"@type\":\"ImageObject\",\"inLanguage\":\"lt-LT\",\"@id\":\"https:\/\/talkpal.ai\/lt\/#\/schema\/logo\/image\/\",\"url\":\"https:\/\/talkpal.ai\/wp-content\/uploads\/2024\/03\/Talkpal-Logo-Icon.png\",\"contentUrl\":\"https:\/\/talkpal.ai\/wp-content\/uploads\/2024\/03\/Talkpal-Logo-Icon.png\",\"width\":2880,\"height\":2880,\"caption\":\"Talkpal, Inc.\"},\"image\":{\"@id\":\"https:\/\/talkpal.ai\/lt\/#\/schema\/logo\/image\/\"},\"sameAs\":[\"https:\/\/www.facebook.com\/profile.php?id=100090733639311\",\"https:\/\/x.com\/talkpalai\",\"https:\/\/www.linkedin.com\/company\/talkpal\/\",\"https:\/\/www.youtube.com\/@TalkPal\/\",\"https:\/\/www.tiktok.com\/@talkpal\",\"https:\/\/www.instagram.com\/talkpal_ai\/\",\"https:\/\/www.crunchbase.com\/organization\/talkpal-9cde\",\"https:\/\/www.g2.com\/products\/talkpal-for-business\/\",\"https:\/\/www.trustpilot.com\/review\/talkpal.ai\",\"https:\/\/www.capterra.com\/p\/10006800\/TalkPal\/\"],\"description\":\"Talkpal is a language learning web and mobile education app, powered by the latest AI technologies, that provides engaging experiences to its customers in many different languages to help them improve their language skills. Users can chat about unlimited amount of topics with the app and use other modes to practice their language learning.\",\"email\":\"support@talkpal.ai\",\"legalName\":\"Talkpal, Inc.\",\"foundingDate\":\"2023-04-03\",\"duns\":\"118989042\",\"numberOfEmployees\":{\"@type\":\"QuantitativeValue\",\"minValue\":\"11\",\"maxValue\":\"50\"},\"publishingPrinciples\":\"https:\/\/talkpal.ai\/publishing-principles\/\",\"actionableFeedbackPolicy\":\"https:\/\/talkpal.ai\/actionable-feedback-policy\/\",\"correctionsPolicy\":\"https:\/\/talkpal.ai\/corrections-policy\/\",\"ethicsPolicy\":\"https:\/\/talkpal.ai\/ethics-policy\/\",\"diversityPolicy\":\"https:\/\/talkpal.ai\/diversity-policy\/\",\"diversityStaffingReport\":\"https:\/\/talkpal.ai\/diversity-policy\/\"}]}<\/script>\n<!-- \/ Yoast SEO Premium plugin. -->","yoast_head_json":{"title":"Bulgar\u0173 kalbos gramatika - Talkpal","description":"Susipa\u017einkite su bulgar\u0173 kalbos gramatikos pagrindais, kad geriau suprastum\u0117te kalb\u0105 ir \u012fgytum\u0117te bendravimo \u012fg\u016bd\u017ei\u0173.","robots":{"index":"index","follow":"follow","max-snippet":"max-snippet:-1","max-image-preview":"max-image-preview:large","max-video-preview":"max-video-preview:-1"},"canonical":"https:\/\/talkpal.ai\/lt\/bulgaru-kalbos-gramatika\/","og_locale":"lt_LT","og_type":"article","og_title":"Bulgar\u0173 kalbos gramatika","og_description":"Galutinis bulgar\u0173 kalbos gramatikos vadovas: turtingos kalbos subtilybi\u0173 nar\u0161ymas Bulgar\u0173 kalbos gramatika, kaip ir pati kalba, yra \u012fsp\u016bdingas paprastumo,","og_url":"https:\/\/talkpal.ai\/lt\/bulgaru-kalbos-gramatika\/","og_site_name":"Talkpal","article_publisher":"https:\/\/www.facebook.com\/profile.php?id=100090733639311","article_modified_time":"2025-05-22T14:35:59+00:00","og_image":[{"width":512,"height":512,"url":"https:\/\/talkpal.ai\/wp-content\/uploads\/2023\/05\/bulgaria.png","type":"image\/png"}],"twitter_card":"summary_large_image","twitter_site":"@talkpalai","twitter_misc":{"Est. reading time":"3 minut\u0117s"},"schema":{"@context":"https:\/\/schema.org","@graph":[{"@type":"WebPage","@id":"https:\/\/talkpal.ai\/lt\/bulgaru-kalbos-gramatika\/","url":"https:\/\/talkpal.ai\/lt\/bulgaru-kalbos-gramatika\/","name":"Bulgar\u0173 kalbos gramatika - Talkpal","isPartOf":{"@id":"https:\/\/talkpal.ai\/lt\/#website"},"primaryImageOfPage":{"@id":"https:\/\/talkpal.ai\/lt\/bulgaru-kalbos-gramatika\/#primaryimage"},"image":{"@id":"https:\/\/talkpal.ai\/lt\/bulgaru-kalbos-gramatika\/#primaryimage"},"thumbnailUrl":"https:\/\/talkpal.ai\/wp-content\/uploads\/2023\/05\/bulgaria.png","datePublished":"2023-05-14T14:00:39+00:00","dateModified":"2025-05-22T14:35:59+00:00","description":"Susipa\u017einkite su bulgar\u0173 kalbos gramatikos pagrindais, kad geriau suprastum\u0117te kalb\u0105 ir \u012fgytum\u0117te bendravimo \u012fg\u016bd\u017ei\u0173.","breadcrumb":{"@id":"https:\/\/talkpal.ai\/lt\/bulgaru-kalbos-gramatika\/#breadcrumb"},"inLanguage":"lt-LT","potentialAction":[{"@type":"ReadAction","target":["https:\/\/talkpal.ai\/lt\/bulgaru-kalbos-gramatika\/"]}]},{"@type":"ImageObject","inLanguage":"lt-LT","@id":"https:\/\/talkpal.ai\/lt\/bulgaru-kalbos-gramatika\/#primaryimage","url":"https:\/\/talkpal.ai\/wp-content\/uploads\/2023\/05\/bulgaria.png","contentUrl":"https:\/\/talkpal.ai\/wp-content\/uploads\/2023\/05\/bulgaria.png","width":512,"height":512},{"@type":"BreadcrumbList","@id":"https:\/\/talkpal.ai\/lt\/bulgaru-kalbos-gramatika\/#breadcrumb","itemListElement":[{"@type":"ListItem","position":1,"name":"Homepage","item":"https:\/\/talkpal.ai\/lt\/"},{"@type":"ListItem","position":2,"name":"Bulgar\u0173 kalbos gramatika"}]},{"@type":"WebSite","@id":"https:\/\/talkpal.ai\/lt\/#website","url":"https:\/\/talkpal.ai\/lt\/","name":"Talkpal","description":"AI Language Learning","publisher":{"@id":"https:\/\/talkpal.ai\/lt\/#organization"},"alternateName":"Talkpal AI","potentialAction":[{"@type":"SearchAction","target":{"@type":"EntryPoint","urlTemplate":"https:\/\/talkpal.ai\/lt\/?s={search_term_string}"},"query-input":{"@type":"PropertyValueSpecification","valueRequired":true,"valueName":"search_term_string"}}],"inLanguage":"lt-LT"},{"@type":"Organization","@id":"https:\/\/talkpal.ai\/lt\/#organization","name":"Talkpal, Inc.","alternateName":"Talkpal AI","url":"https:\/\/talkpal.ai\/lt\/","logo":{"@type":"ImageObject","inLanguage":"lt-LT","@id":"https:\/\/talkpal.ai\/lt\/#\/schema\/logo\/image\/","url":"https:\/\/talkpal.ai\/wp-content\/uploads\/2024\/03\/Talkpal-Logo-Icon.png","contentUrl":"https:\/\/talkpal.ai\/wp-content\/uploads\/2024\/03\/Talkpal-Logo-Icon.png","width":2880,"height":2880,"caption":"Talkpal, Inc."},"image":{"@id":"https:\/\/talkpal.ai\/lt\/#\/schema\/logo\/image\/"},"sameAs":["https:\/\/www.facebook.com\/profile.php?id=100090733639311","https:\/\/x.com\/talkpalai","https:\/\/www.linkedin.com\/company\/talkpal\/","https:\/\/www.youtube.com\/@TalkPal\/","https:\/\/www.tiktok.com\/@talkpal","https:\/\/www.instagram.com\/talkpal_ai\/","https:\/\/www.crunchbase.com\/organization\/talkpal-9cde","https:\/\/www.g2.com\/products\/talkpal-for-business\/","https:\/\/www.trustpilot.com\/review\/talkpal.ai","https:\/\/www.capterra.com\/p\/10006800\/TalkPal\/"],"description":"Talkpal is a language learning web and mobile education app, powered by the latest AI technologies, that provides engaging experiences to its customers in many different languages to help them improve their language skills. Users can chat about unlimited amount of topics with the app and use other modes to practice their language learning.","email":"support@talkpal.ai","legalName":"Talkpal, Inc.","foundingDate":"2023-04-03","duns":"118989042","numberOfEmployees":{"@type":"QuantitativeValue","minValue":"11","maxValue":"50"},"publishingPrinciples":"https:\/\/talkpal.ai\/publishing-principles\/","actionableFeedbackPolicy":"https:\/\/talkpal.ai\/actionable-feedback-policy\/","correctionsPolicy":"https:\/\/talkpal.ai\/corrections-policy\/","ethicsPolicy":"https:\/\/talkpal.ai\/ethics-policy\/","diversityPolicy":"https:\/\/talkpal.ai\/diversity-policy\/","diversityStaffingReport":"https:\/\/talkpal.ai\/diversity-policy\/"}]}},"_links":{"self":[{"href":"https:\/\/talkpal.ai\/lt\/wp-json\/wp\/v2\/pages\/141738","targetHints":{"allow":["GET"]}}],"collection":[{"href":"https:\/\/talkpal.ai\/lt\/wp-json\/wp\/v2\/pages"}],"about":[{"href":"https:\/\/talkpal.ai\/lt\/wp-json\/wp\/v2\/types\/page"}],"author":[{"embeddable":true,"href":"https:\/\/talkpal.ai\/lt\/wp-json\/wp\/v2\/users\/1"}],"replies":[{"embeddable":true,"href":"https:\/\/talkpal.ai\/lt\/wp-json\/wp\/v2\/comments?post=141738"}],"version-history":[{"count":0,"href":"https:\/\/talkpal.ai\/lt\/wp-json\/wp\/v2\/pages\/141738\/revisions"}],"wp:featuredmedia":[{"embeddable":true,"href":"https:\/\/talkpal.ai\/lt\/wp-json\/wp\/v2\/media\/111152"}],"wp:attachment":[{"href":"https:\/\/talkpal.ai\/lt\/wp-json\/wp\/v2\/media?parent=141738"}],"curies":[{"name":"wp","href":"https:\/\/api.w.org\/{rel}","templated":true}]}}