{"id":141416,"date":"2023-05-14T14:00:03","date_gmt":"2023-05-14T14:00:03","guid":{"rendered":"http:\/\/talkpal.ai\/bosnijos-gramatika\/"},"modified":"2025-05-22T14:40:46","modified_gmt":"2025-05-22T14:40:46","slug":"bosnijos-gramatika","status":"publish","type":"page","link":"https:\/\/talkpal.ai\/lt\/bosnijos-gramatika\/","title":{"rendered":"Bosnijos gramatika"},"content":{"rendered":"\r\n\r\n\r\n<section class=\"languageChallengeSection\">\r\n    <div class=\"languageInfoWrapper\">\r\n        \r\n        <h1>Bosnijos gramatika<\/h1>\r\n        <p>\u012esisavindami bosni\u0173 <a href=\"https:\/\/talkpal.ai\/what-language-is-spoken-on-the-international-space-station\/\">kalbos<\/a> gramatikos pagrindus atskleiskite turting\u0105 ir i\u0161rai\u0161king\u0105 bosni\u0173 kalbos pasaul\u012f. Tvirtos bosni\u0173 kalbos gramatikos \u017einios pad\u0117s u\u017etikrintai bendrauti ir geriau pa\u017einti \u0161i\u0105 kult\u016br\u0105. Prad\u0117kite mokytis bosni\u0173 kalbos gramatikos \u0161iandien ir \u017eenkite pirm\u0105j\u012f \u017eingsn\u012f \u012f laisv\u0105 kalb\u0117jim\u0105!<\/p>\r\n\r\n                            <a class=\"getStartedHidden\" href=\"https:\/\/app.talkpal.ai\/lt\/signup?lng=\">Prad\u0117k<\/a>\r\n        \r\n    <\/div>\r\n\r\n    <figure>\r\n    <img decoding=\"async\" width=\"768\" height=\"768\" src=\"https:\/\/talkpal.ai\/wp-content\/uploads\/2023\/06\/bosinian-768x768.png\" class=\"languageImage no-lazy\" alt=\"Language learning for increasing employability\" fetchpriority=\"high\" sizes=\"(max-width: 768px) 150px, 768px\" srcset=\"https:\/\/talkpal.ai\/wp-content\/uploads\/2023\/06\/bosinian-768x768.png 768w, https:\/\/talkpal.ai\/wp-content\/uploads\/2023\/06\/bosinian-300x300.png 300w\" \/>\r\n    \r\n\r\n    <\/figure>\r\n\r\n            <a class=\"getStartedVisible\" href=\"https:\/\/app.talkpal.ai\/lt\/signup?lng=\">Prad\u0117k<\/a>\r\n    \r\n<\/section>\r\n<section class=\"promotionalBanner\">\r\n    <p class=\"promotionalText\">Efektyviausias b\u016bdas mokytis kalbos<\/p>\r\n    <a class=\"promotionalLink\" href=\"https:\/\/app.talkpal.ai\/lt\/signup?lng=\">I\u0161bandykite Talkpal &#8221; nemokamai<\/a>\r\n<\/section>\n<div class=\"wp-block-group pageContainerStyle\"><div class=\"wp-block-group__inner-container is-layout-constrained wp-block-group-is-layout-constrained\">\n<h2 class=\"wp-block-heading\" id=\"h-bosnian-grammar-a-guide-to-understanding-its-unique-features\">Bosnijos gramatika: vadovas, kaip suprasti jos unikalias savybes<\/h2>\n\n\n\n<p>Ar mokot\u0117s bosni\u0173 kalbos ir nesuprantate, kokia yra \u0161ios kalbos <a href=\"https:\/\/talkpal.ai\/sq\/gramatika\/\">gramatika<\/a>? Nebijokite! \u0160iame straipsnyje pasinersime \u012f bosni\u0173 kalbos gramatikos paslaptis ir pad\u0117sime jums suprasti jos unikalias savybes, ta\u010diau viskas bus paprasta ir \u012fdomu. Pasiruo\u0161\u0119 leistis \u012f \u0161i\u0105 \u012fdomi\u0105 kalbin\u0119 kelion\u0119? Prad\u0117kime!<\/p>\n\n\n\n<h3 class=\"wp-block-heading\" id=\"h-the-fundamentals-nouns-and-pronouns\">Pagrindai: daiktavard\u017eiai ir \u012fvard\u017eiai<\/h3>\n\n\n\n<p>Pirmiausia b\u016btina \u017einoti, kad bosni\u0173 kalba, kaip ir kitos slav\u0173 kalbos, turi tris gramatines lytis: vyri\u0161k\u0105j\u0105, moteri\u0161k\u0105j\u0105 ir gimin\u0119. Kaip galite pasakyti, kuriai ly\u010diai priklauso daiktavardis? <a href=\"https:\/\/talkpal.ai\/learn-thai\/\">Tai<\/a> paprasta! Viskas priklauso nuo pabaigos. \u0160tai trumpas vadovas:<\/p>\n\n\n\n<p><strong>&#8211; Vyri\u0161kosios gimin\u0117s daiktavard\u017eiai paprastai baigiasi bendratimi,<\/strong><\/p>\n\n\n\n<p><strong>&#8211; Moteri\u0161kosios gimin\u0117s daiktavard\u017eiai paprastai baigiasi gal\u016bne -a,<\/strong><\/p>\n\n\n\n<p><strong>&#8211; Gimininiai daiktavard\u017eiai da\u017eniausiai baigiasi gal\u016bn\u0117mis -o arba -e.<\/strong><\/p>\n\n\n\n<p>Atminkite, kad <a href=\"https:\/\/talkpal.ai\/learn-thai\/\">tai<\/a> yra bendrosios taisykl\u0117s ir gali b\u016bti i\u0161im\u010di\u0173. Dabar pakalb\u0117kime apie \u012fvard\u017eius. <a href=\"https:\/\/talkpal.ai\/culture\/what-are-the-personal-pronouns-in-lithuanian\/\">Asmeniniai \u012fvard\u017eiai<\/a> bosni\u0173 kalboje kei\u010diasi priklausomai nuo daiktavard\u017eio gimin\u0117s, skai\u010diaus (vienaskaita arba daugiskaita) ir gimin\u0117s (apie atvejus kalb\u0117sime v\u0117liau). Bosni\u0173 kalboje yra septyni <a href=\"https:\/\/talkpal.ai\/culture\/what-are-the-personal-pronouns-in-lithuanian\/\">asmeniniai \u012fvard\u017eiai<\/a>: ja (I), ti (tu, vienaskaita\/neformalus), on (jis), ona (ji), <a href=\"https:\/\/talkpal.ai\/locations\/language-courses-in-ono\/\">ono<\/a> (it), mi (mes) ir vi (tu, daugiskaita\/formalus). Atminkite, kad bosni\u0173 kalba turi ir neformal\u0173, ir oficial\u0173 b\u016bd\u0105 kreiptis \u012f \u017emones, tod\u0117l kalb\u0117dami su kuo nors \u012fsitikinkite, kad naudojate tinkam\u0105 \u012fvard\u012f!<\/p>\n\n\n\n<h3 class=\"wp-block-heading\" id=\"h-next-up-verb-conjugation\">Kitas: veiksma\u017eod\u017ei\u0173 konjugacija<\/h3>\n\n\n\n<p>Veiksma\u017eod\u017eiai yra bet kurios kalbos pagrindas, o bosni\u0173 kalba nesiskiria. <a href=\"https:\/\/talkpal.ai\/learn-bosnian\/\">Bosnijos<\/a> veiksma\u017eod\u017eiai turi du pagrindinius konjugacijos modelius: vien\u0105 veiksma\u017eod\u017eiui, kuris baigiasi -ti (pirmoji konjugacija), o kit\u0105 &#8211; tiems, kurie baigiasi -\u0107i (antroji konjugacija). Abiem atvejais veiksma\u017eod\u017ei\u0173 gal\u016bn\u0117s kei\u010diasi priklausomai nuo subjekto gimin\u0117s, skai\u010diaus ir laiko.<\/p>\n\n\n\n<p>Kalbant apie laikus, bosni\u0173 kalba turi tris paprastus laikus: dabart\u012f, praeit\u012f ir ateit\u012f. Dabartin\u0117 \u012ftampa formuojama pridedant konkre\u010dias gal\u016bnes prie veiksma\u017eod\u017eio kamieno. Kita vertus, b\u016btasis laikas sudaromas naudojant pagalbin\u012f veiksma\u017eod\u012f &#8222;biti&#8221; (b\u016bti), turint\u012f infinityvo form\u0105 &#8222;bio&#8221; ir praeities dalyv\u012f. Galiausiai b\u016bsimasis laikas kuriamas sujungiant pagalbin\u012f veiksma\u017eod\u012f &#8222;htjeti&#8221; (bus) ir pagrindinio veiksma\u017eod\u017eio infinityvin\u0119 form\u0105.<\/p>\n\n\n\n<h3 class=\"wp-block-heading\" id=\"h-the-magic-of-cases\">Byl\u0173 magija<\/h3>\n\n\n\n<p>Bosnijos gramatikoje naudojama atvej\u0173 sistema, o tai rei\u0161kia, kad daiktavard\u017eiai, \u012fvard\u017eiai, b\u016bdvard\u017eiai ir kartais net veiksma\u017eod\u017eiai kei\u010dia savo formas pagal savo funkcij\u0105 sakinyje. Bosni\u0173 kalboje yra septyni atvejai: nominacinis, kilminis, dative, akustinis, garsinis, instrumentinis ir lokacinis.<\/p>\n\n\n\n<p>Neleiskite, kad \u0161ie terminai jus \u012fbaugint\u0173! Tai tik praktikos klausimas. Kiekvienas atvejis turi tam tikr\u0105 tiksl\u0105 ir atsako \u012f konkre\u010dius klausimus:<\/p>\n\n\n\n<p><strong>1. Nominacinis:<\/strong> Sakinio objektas. Kas ar k\u0105 daro veiksm\u0105?<\/p>\n\n\n\n<p><strong>2. Genialus:<\/strong> nurodo tur\u0117jim\u0105, kilm\u0119 ar ka\u017eko dal\u012f. Kieno ar i\u0161 ko?<\/p>\n\n\n\n<p><strong>3. Dative:<\/strong> Netiesioginis objektas \u2013 kam ir kam ka\u017ekas duota ar padaryta?<\/p>\n\n\n\n<p><strong>4. Akustinis:<\/strong> tiesioginis objektas \u2013 kas ar kas gauna veiksm\u0105?<\/p>\n\n\n\n<p><strong>5. \u0160aukimas:<\/strong> naudojamas kreiptis \u012f k\u0105 nors ar k\u0105 nors tiesiogiai &#8211; Ei, tu!<\/p>\n\n\n\n<p><strong>6. Instrumentinis:<\/strong> Atstovauja veiksmo priemones ar metod\u0105 \u2013 su kuo ar kas?<\/p>\n\n\n\n<p><strong>7. Lokacija:<\/strong> parodo ka\u017eko viet\u0105 ar pad\u0117t\u012f \u2013 kur ar kuo?<\/p>\n\n\n\n<h3 class=\"wp-block-heading\" id=\"h-loving-the-adjectives\">Myl\u0117jimas b\u016bdvard\u017ei\u0173<\/h3>\n\n\n\n<p>B\u016bdvard\u017eiai bosni\u0173 kalba sutinka su daiktavard\u017eiu, kur\u012f jie kei\u010dia pagal lyt\u012f, skai\u010di\u0173 ir atvej\u012f. Tai rei\u0161kia, kad b\u016bdvard\u017eiai, kaip ir daiktavard\u017eiai bei \u012fvard\u017eiai, turi skirtingas formas, priklausomai nuo j\u0173 apib\u016bdinamo daiktavard\u017eio.<\/p>\n\n\n\n<p>Pavyzd\u017eiui, jei bosni\u0173 kalba norite pasakyti &#8222;didelis namas&#8221; (tai moteri\u0161kos gimin\u0117s daiktavardis), sakytum\u0117te &#8222;velika ku\u0107a&#8221;. Ta\u010diau jei kalbate apie &#8222;didel\u012f automobil\u012f&#8221; (vyri\u0161kosios gimin\u0117s daiktavard\u012f), sakytum\u0117te &#8222;veliki auto&#8221;.<\/p>\n\n\n\n<h3 class=\"wp-block-heading\" id=\"h-final-thoughts\">Baigiamosios mintys<\/h3>\n\n\n\n<p>Bosnijos gramatika su savo lytimi, atvejais ir veiksma\u017eod\u017ei\u0173 konjugacija i\u0161 prad\u017ei\u0173 gali atrodyti sud\u0117tinga, ta\u010diau atminkite: praktika daro tobul\u0105! Svarbiausia suprasti sistem\u0105 ir naudoti j\u0105 realiose situacijose. B\u016bkite kantr\u016bs, nuolat praktikuokit\u0117s, ir netrukus i\u0161moksite gra\u017ei\u0105j\u0105 Bosnijos kalb\u0105. Sretno! (S\u0117km\u0117s!)<\/p>\n<\/div><\/div>\n\r\n<section class=\"learnNavigationSection\">\r\n            \r\n        <a href=\"https:\/\/talkpal.ai\/lt\/ismok-bosniu-kalba\/\">\r\n            <div class=\"learnNavigationWrapper\">\r\n                <div class=\"learnNavigationContent\">\r\n                    <img decoding=\"async\" src=\"https:\/\/talkpal.ai\/wp-content\/uploads\/2024\/08\/Bosnian.jpg\" alt=\"Bosnian Flag\">\r\n                    <div>\r\n                        <h4>Apie bosni\u0173 mokym\u0105si<\/h4>\r\n                        <p>Su\u017einokite visk\u0105 apie bosni\u0173 kalbos gramatik\u0105.<\/p>\r\n                    <\/div>\r\n                <\/div>\r\n            <\/div>\r\n        <\/a>\r\n\r\n        \r\n        <a href=\"https:\/\/talkpal.ai\/lt\/bosnijos-gramatikos-pratimai\/\">\r\n            <div class=\"learnNavigationWrapper\">\r\n                <div class=\"learnNavigationContent\">\r\n                    <img decoding=\"async\" src=\"https:\/\/talkpal.ai\/wp-content\/uploads\/2024\/08\/Bosnian.jpg\" alt=\"Bosnian Flag\">\r\n                    <div>\r\n                        <h4>Bosni\u0173 kalbos gramatikos pratybos<\/h4>\r\n                        <p>Praktikuokite bosni\u0173 kalbos gramatik\u0105.<\/p>\r\n                    <\/div>\r\n                <\/div>\r\n            <\/div>\r\n        <\/a>\r\n\r\n        \r\n        <a href=\"https:\/\/talkpal.ai\/vocabulary_language\/bosnian\/\">\r\n            <div class=\"learnNavigationWrapper\">\r\n                <div class=\"learnNavigationContent\">\r\n                    <img decoding=\"async\" src=\"https:\/\/talkpal.ai\/wp-content\/uploads\/2024\/08\/Bosnian.jpg\" alt=\"Bosnian Flag\">\r\n                    <div>\r\n                        <h4>Bosni\u0173 kalbos \u017eodynas<\/h4>\r\n                        <p>Prapl\u0117skite savo bosni\u0173 kalbos \u017eodyn\u0105.<\/p>\r\n                    <\/div>\r\n                <\/div>\r\n            <\/div>\r\n        <\/a>\r\n\r\n            <\/section>","protected":false},"excerpt":{"rendered":"<p>Bosnijos gramatika: vadovas, kaip suprasti jos unikalias savybes Ar mokot\u0117s bosni\u0173 kalbos ir nesuprantate, kokia yra \u0161ios kalbos gramatika? Nebijokite! \u0160iame straipsnyje pasinersime \u012f bosni\u0173 kalbos gramatikos paslaptis ir pad\u0117sime jums suprasti jos unikalias savybes, ta\u010diau viskas bus paprasta ir \u012fdomu. Pasiruo\u0161\u0119 leistis \u012f \u0161i\u0105 \u012fdomi\u0105 kalbin\u0119 kelion\u0119? Prad\u0117kime! Pagrindai: daiktavard\u017eiai ir \u012fvard\u017eiai Pirmiausia b\u016btina [&hellip;]<\/p>\n","protected":false},"author":1,"featured_media":111356,"parent":0,"menu_order":0,"comment_status":"closed","ping_status":"closed","template":"LearningContentPage.php","meta":{"_acf_changed":false,"footnotes":""},"class_list":["post-141416","page","type-page","status-publish","has-post-thumbnail","hentry"],"acf":[],"yoast_head":"<!-- This site is optimized with the Yoast SEO Premium plugin v27.2 (Yoast SEO v27.2) - https:\/\/yoast.com\/product\/yoast-seo-premium-wordpress\/ -->\n<title>Bosnijos gramatika - Talkpal<\/title>\n<meta name=\"description\" content=\"\u012evaldykite bosni\u0173 kalbos gramatik\u0105 be vargo su Talkpal, dirbtinio intelekto valdomu kalbos korepetitoriumi. Atraskite paprastus paai\u0161kinimus, praktinius patarimus ir interaktyvius pratimus!\" \/>\n<meta name=\"robots\" content=\"index, follow, max-snippet:-1, max-image-preview:large, max-video-preview:-1\" \/>\n<link rel=\"canonical\" href=\"https:\/\/talkpal.ai\/lt\/bosnijos-gramatika\/\" \/>\n<meta property=\"og:locale\" content=\"lt_LT\" \/>\n<meta property=\"og:type\" content=\"article\" \/>\n<meta property=\"og:title\" content=\"Bosnijos gramatika\" \/>\n<meta property=\"og:description\" content=\"Bosnijos gramatika: vadovas, kaip suprasti jos unikalias savybes Ar mokot\u0117s bosni\u0173 kalbos ir nesuprantate, kokia yra \u0161ios kalbos gramatika? Nebijokite!\" \/>\n<meta property=\"og:url\" content=\"https:\/\/talkpal.ai\/lt\/bosnijos-gramatika\/\" \/>\n<meta property=\"og:site_name\" content=\"Talkpal\" \/>\n<meta property=\"article:publisher\" content=\"https:\/\/www.facebook.com\/profile.php?id=100090733639311\" \/>\n<meta property=\"article:modified_time\" content=\"2025-05-22T14:40:46+00:00\" \/>\n<meta property=\"og:image\" content=\"https:\/\/talkpal.ai\/wp-content\/uploads\/2023\/05\/bosnia-and-herzegovina.png\" \/>\n\t<meta property=\"og:image:width\" content=\"512\" \/>\n\t<meta property=\"og:image:height\" content=\"512\" \/>\n\t<meta property=\"og:image:type\" content=\"image\/png\" \/>\n<meta name=\"twitter:card\" content=\"summary_large_image\" \/>\n<meta name=\"twitter:site\" content=\"@talkpalai\" \/>\n<meta name=\"twitter:label1\" content=\"Est. reading time\" \/>\n\t<meta name=\"twitter:data1\" content=\"3 minut\u0117s\" \/>\n<script type=\"application\/ld+json\" class=\"yoast-schema-graph\">{\"@context\":\"https:\/\/schema.org\",\"@graph\":[{\"@type\":\"WebPage\",\"@id\":\"https:\/\/talkpal.ai\/lt\/bosnijos-gramatika\/\",\"url\":\"https:\/\/talkpal.ai\/lt\/bosnijos-gramatika\/\",\"name\":\"Bosnijos gramatika - Talkpal\",\"isPartOf\":{\"@id\":\"https:\/\/talkpal.ai\/lt\/#website\"},\"primaryImageOfPage\":{\"@id\":\"https:\/\/talkpal.ai\/lt\/bosnijos-gramatika\/#primaryimage\"},\"image\":{\"@id\":\"https:\/\/talkpal.ai\/lt\/bosnijos-gramatika\/#primaryimage\"},\"thumbnailUrl\":\"https:\/\/talkpal.ai\/wp-content\/uploads\/2023\/05\/bosnia-and-herzegovina.png\",\"datePublished\":\"2023-05-14T14:00:03+00:00\",\"dateModified\":\"2025-05-22T14:40:46+00:00\",\"description\":\"\u012evaldykite bosni\u0173 kalbos gramatik\u0105 be vargo su Talkpal, dirbtinio intelekto valdomu kalbos korepetitoriumi. Atraskite paprastus paai\u0161kinimus, praktinius patarimus ir interaktyvius pratimus!\",\"breadcrumb\":{\"@id\":\"https:\/\/talkpal.ai\/lt\/bosnijos-gramatika\/#breadcrumb\"},\"inLanguage\":\"lt-LT\",\"potentialAction\":[{\"@type\":\"ReadAction\",\"target\":[\"https:\/\/talkpal.ai\/lt\/bosnijos-gramatika\/\"]}]},{\"@type\":\"ImageObject\",\"inLanguage\":\"lt-LT\",\"@id\":\"https:\/\/talkpal.ai\/lt\/bosnijos-gramatika\/#primaryimage\",\"url\":\"https:\/\/talkpal.ai\/wp-content\/uploads\/2023\/05\/bosnia-and-herzegovina.png\",\"contentUrl\":\"https:\/\/talkpal.ai\/wp-content\/uploads\/2023\/05\/bosnia-and-herzegovina.png\",\"width\":512,\"height\":512},{\"@type\":\"BreadcrumbList\",\"@id\":\"https:\/\/talkpal.ai\/lt\/bosnijos-gramatika\/#breadcrumb\",\"itemListElement\":[{\"@type\":\"ListItem\",\"position\":1,\"name\":\"Homepage\",\"item\":\"https:\/\/talkpal.ai\/lt\/\"},{\"@type\":\"ListItem\",\"position\":2,\"name\":\"Bosnijos gramatika\"}]},{\"@type\":\"WebSite\",\"@id\":\"https:\/\/talkpal.ai\/lt\/#website\",\"url\":\"https:\/\/talkpal.ai\/lt\/\",\"name\":\"Talkpal\",\"description\":\"AI Language Learning\",\"publisher\":{\"@id\":\"https:\/\/talkpal.ai\/lt\/#organization\"},\"alternateName\":\"Talkpal AI\",\"potentialAction\":[{\"@type\":\"SearchAction\",\"target\":{\"@type\":\"EntryPoint\",\"urlTemplate\":\"https:\/\/talkpal.ai\/lt\/?s={search_term_string}\"},\"query-input\":{\"@type\":\"PropertyValueSpecification\",\"valueRequired\":true,\"valueName\":\"search_term_string\"}}],\"inLanguage\":\"lt-LT\"},{\"@type\":\"Organization\",\"@id\":\"https:\/\/talkpal.ai\/lt\/#organization\",\"name\":\"Talkpal, Inc.\",\"alternateName\":\"Talkpal AI\",\"url\":\"https:\/\/talkpal.ai\/lt\/\",\"logo\":{\"@type\":\"ImageObject\",\"inLanguage\":\"lt-LT\",\"@id\":\"https:\/\/talkpal.ai\/lt\/#\/schema\/logo\/image\/\",\"url\":\"https:\/\/talkpal.ai\/wp-content\/uploads\/2024\/03\/Talkpal-Logo-Icon.png\",\"contentUrl\":\"https:\/\/talkpal.ai\/wp-content\/uploads\/2024\/03\/Talkpal-Logo-Icon.png\",\"width\":2880,\"height\":2880,\"caption\":\"Talkpal, Inc.\"},\"image\":{\"@id\":\"https:\/\/talkpal.ai\/lt\/#\/schema\/logo\/image\/\"},\"sameAs\":[\"https:\/\/www.facebook.com\/profile.php?id=100090733639311\",\"https:\/\/x.com\/talkpalai\",\"https:\/\/www.linkedin.com\/company\/talkpal\/\",\"https:\/\/www.youtube.com\/@TalkPal\/\",\"https:\/\/www.tiktok.com\/@talkpal\",\"https:\/\/www.instagram.com\/talkpal_ai\/\",\"https:\/\/www.crunchbase.com\/organization\/talkpal-9cde\",\"https:\/\/www.g2.com\/products\/talkpal-for-business\/\",\"https:\/\/www.trustpilot.com\/review\/talkpal.ai\",\"https:\/\/www.capterra.com\/p\/10006800\/TalkPal\/\"],\"description\":\"Talkpal is a language learning web and mobile education app, powered by the latest AI technologies, that provides engaging experiences to its customers in many different languages to help them improve their language skills. Users can chat about unlimited amount of topics with the app and use other modes to practice their language learning.\",\"email\":\"support@talkpal.ai\",\"legalName\":\"Talkpal, Inc.\",\"foundingDate\":\"2023-04-03\",\"duns\":\"118989042\",\"numberOfEmployees\":{\"@type\":\"QuantitativeValue\",\"minValue\":\"11\",\"maxValue\":\"50\"},\"publishingPrinciples\":\"https:\/\/talkpal.ai\/publishing-principles\/\",\"actionableFeedbackPolicy\":\"https:\/\/talkpal.ai\/actionable-feedback-policy\/\",\"correctionsPolicy\":\"https:\/\/talkpal.ai\/corrections-policy\/\",\"ethicsPolicy\":\"https:\/\/talkpal.ai\/ethics-policy\/\",\"diversityPolicy\":\"https:\/\/talkpal.ai\/diversity-policy\/\",\"diversityStaffingReport\":\"https:\/\/talkpal.ai\/diversity-policy\/\"}]}<\/script>\n<!-- \/ Yoast SEO Premium plugin. -->","yoast_head_json":{"title":"Bosnijos gramatika - Talkpal","description":"\u012evaldykite bosni\u0173 kalbos gramatik\u0105 be vargo su Talkpal, dirbtinio intelekto valdomu kalbos korepetitoriumi. Atraskite paprastus paai\u0161kinimus, praktinius patarimus ir interaktyvius pratimus!","robots":{"index":"index","follow":"follow","max-snippet":"max-snippet:-1","max-image-preview":"max-image-preview:large","max-video-preview":"max-video-preview:-1"},"canonical":"https:\/\/talkpal.ai\/lt\/bosnijos-gramatika\/","og_locale":"lt_LT","og_type":"article","og_title":"Bosnijos gramatika","og_description":"Bosnijos gramatika: vadovas, kaip suprasti jos unikalias savybes Ar mokot\u0117s bosni\u0173 kalbos ir nesuprantate, kokia yra \u0161ios kalbos gramatika? Nebijokite!","og_url":"https:\/\/talkpal.ai\/lt\/bosnijos-gramatika\/","og_site_name":"Talkpal","article_publisher":"https:\/\/www.facebook.com\/profile.php?id=100090733639311","article_modified_time":"2025-05-22T14:40:46+00:00","og_image":[{"width":512,"height":512,"url":"https:\/\/talkpal.ai\/wp-content\/uploads\/2023\/05\/bosnia-and-herzegovina.png","type":"image\/png"}],"twitter_card":"summary_large_image","twitter_site":"@talkpalai","twitter_misc":{"Est. reading time":"3 minut\u0117s"},"schema":{"@context":"https:\/\/schema.org","@graph":[{"@type":"WebPage","@id":"https:\/\/talkpal.ai\/lt\/bosnijos-gramatika\/","url":"https:\/\/talkpal.ai\/lt\/bosnijos-gramatika\/","name":"Bosnijos gramatika - Talkpal","isPartOf":{"@id":"https:\/\/talkpal.ai\/lt\/#website"},"primaryImageOfPage":{"@id":"https:\/\/talkpal.ai\/lt\/bosnijos-gramatika\/#primaryimage"},"image":{"@id":"https:\/\/talkpal.ai\/lt\/bosnijos-gramatika\/#primaryimage"},"thumbnailUrl":"https:\/\/talkpal.ai\/wp-content\/uploads\/2023\/05\/bosnia-and-herzegovina.png","datePublished":"2023-05-14T14:00:03+00:00","dateModified":"2025-05-22T14:40:46+00:00","description":"\u012evaldykite bosni\u0173 kalbos gramatik\u0105 be vargo su Talkpal, dirbtinio intelekto valdomu kalbos korepetitoriumi. Atraskite paprastus paai\u0161kinimus, praktinius patarimus ir interaktyvius pratimus!","breadcrumb":{"@id":"https:\/\/talkpal.ai\/lt\/bosnijos-gramatika\/#breadcrumb"},"inLanguage":"lt-LT","potentialAction":[{"@type":"ReadAction","target":["https:\/\/talkpal.ai\/lt\/bosnijos-gramatika\/"]}]},{"@type":"ImageObject","inLanguage":"lt-LT","@id":"https:\/\/talkpal.ai\/lt\/bosnijos-gramatika\/#primaryimage","url":"https:\/\/talkpal.ai\/wp-content\/uploads\/2023\/05\/bosnia-and-herzegovina.png","contentUrl":"https:\/\/talkpal.ai\/wp-content\/uploads\/2023\/05\/bosnia-and-herzegovina.png","width":512,"height":512},{"@type":"BreadcrumbList","@id":"https:\/\/talkpal.ai\/lt\/bosnijos-gramatika\/#breadcrumb","itemListElement":[{"@type":"ListItem","position":1,"name":"Homepage","item":"https:\/\/talkpal.ai\/lt\/"},{"@type":"ListItem","position":2,"name":"Bosnijos gramatika"}]},{"@type":"WebSite","@id":"https:\/\/talkpal.ai\/lt\/#website","url":"https:\/\/talkpal.ai\/lt\/","name":"Talkpal","description":"AI Language Learning","publisher":{"@id":"https:\/\/talkpal.ai\/lt\/#organization"},"alternateName":"Talkpal AI","potentialAction":[{"@type":"SearchAction","target":{"@type":"EntryPoint","urlTemplate":"https:\/\/talkpal.ai\/lt\/?s={search_term_string}"},"query-input":{"@type":"PropertyValueSpecification","valueRequired":true,"valueName":"search_term_string"}}],"inLanguage":"lt-LT"},{"@type":"Organization","@id":"https:\/\/talkpal.ai\/lt\/#organization","name":"Talkpal, Inc.","alternateName":"Talkpal AI","url":"https:\/\/talkpal.ai\/lt\/","logo":{"@type":"ImageObject","inLanguage":"lt-LT","@id":"https:\/\/talkpal.ai\/lt\/#\/schema\/logo\/image\/","url":"https:\/\/talkpal.ai\/wp-content\/uploads\/2024\/03\/Talkpal-Logo-Icon.png","contentUrl":"https:\/\/talkpal.ai\/wp-content\/uploads\/2024\/03\/Talkpal-Logo-Icon.png","width":2880,"height":2880,"caption":"Talkpal, Inc."},"image":{"@id":"https:\/\/talkpal.ai\/lt\/#\/schema\/logo\/image\/"},"sameAs":["https:\/\/www.facebook.com\/profile.php?id=100090733639311","https:\/\/x.com\/talkpalai","https:\/\/www.linkedin.com\/company\/talkpal\/","https:\/\/www.youtube.com\/@TalkPal\/","https:\/\/www.tiktok.com\/@talkpal","https:\/\/www.instagram.com\/talkpal_ai\/","https:\/\/www.crunchbase.com\/organization\/talkpal-9cde","https:\/\/www.g2.com\/products\/talkpal-for-business\/","https:\/\/www.trustpilot.com\/review\/talkpal.ai","https:\/\/www.capterra.com\/p\/10006800\/TalkPal\/"],"description":"Talkpal is a language learning web and mobile education app, powered by the latest AI technologies, that provides engaging experiences to its customers in many different languages to help them improve their language skills. Users can chat about unlimited amount of topics with the app and use other modes to practice their language learning.","email":"support@talkpal.ai","legalName":"Talkpal, Inc.","foundingDate":"2023-04-03","duns":"118989042","numberOfEmployees":{"@type":"QuantitativeValue","minValue":"11","maxValue":"50"},"publishingPrinciples":"https:\/\/talkpal.ai\/publishing-principles\/","actionableFeedbackPolicy":"https:\/\/talkpal.ai\/actionable-feedback-policy\/","correctionsPolicy":"https:\/\/talkpal.ai\/corrections-policy\/","ethicsPolicy":"https:\/\/talkpal.ai\/ethics-policy\/","diversityPolicy":"https:\/\/talkpal.ai\/diversity-policy\/","diversityStaffingReport":"https:\/\/talkpal.ai\/diversity-policy\/"}]}},"_links":{"self":[{"href":"https:\/\/talkpal.ai\/lt\/wp-json\/wp\/v2\/pages\/141416","targetHints":{"allow":["GET"]}}],"collection":[{"href":"https:\/\/talkpal.ai\/lt\/wp-json\/wp\/v2\/pages"}],"about":[{"href":"https:\/\/talkpal.ai\/lt\/wp-json\/wp\/v2\/types\/page"}],"author":[{"embeddable":true,"href":"https:\/\/talkpal.ai\/lt\/wp-json\/wp\/v2\/users\/1"}],"replies":[{"embeddable":true,"href":"https:\/\/talkpal.ai\/lt\/wp-json\/wp\/v2\/comments?post=141416"}],"version-history":[{"count":0,"href":"https:\/\/talkpal.ai\/lt\/wp-json\/wp\/v2\/pages\/141416\/revisions"}],"wp:featuredmedia":[{"embeddable":true,"href":"https:\/\/talkpal.ai\/lt\/wp-json\/wp\/v2\/media\/111356"}],"wp:attachment":[{"href":"https:\/\/talkpal.ai\/lt\/wp-json\/wp\/v2\/media?parent=141416"}],"curies":[{"name":"wp","href":"https:\/\/api.w.org\/{rel}","templated":true}]}}