{"id":141180,"date":"2023-05-14T13:59:42","date_gmt":"2023-05-14T13:59:42","guid":{"rendered":"http:\/\/talkpal.ai\/baltarusiu-kalbos-gramatika\/"},"modified":"2025-05-22T13:49:16","modified_gmt":"2025-05-22T13:49:16","slug":"baltarusiu-kalbos-gramatika","status":"publish","type":"page","link":"https:\/\/talkpal.ai\/lt\/baltarusiu-kalbos-gramatika\/","title":{"rendered":"Baltarusi\u0173 kalbos gramatika"},"content":{"rendered":"\r\n\r\n\r\n<section class=\"languageChallengeSection\">\r\n    <div class=\"languageInfoWrapper\">\r\n        \r\n        <h1>Baltarusi\u0173 kalbos gramatika<\/h1>\r\n        <p>Atraskite baltarusi\u0173 <a href=\"https:\/\/talkpal.ai\/what-language-is-spoken-on-the-international-space-station\/\">kalbos<\/a> gro\u017e\u012f ir turtingum\u0105 mokydamiesi pagrindini\u0173 jos gramatikos taisykli\u0173. Geras baltarusi\u0173 kalbos gramatikos supratimas pad\u0117s u\u017etikrintai bendrauti ir u\u017emegzti ry\u0161\u012f su baltarusi\u0173 kult\u016bra. Pasinerkite dabar ir jau \u0161iandien prad\u0117kite savo kelion\u0119 \u012f baltarusi\u0173 kalbos mokym\u0105si!<\/p>\r\n\r\n                            <a class=\"getStartedHidden\" href=\"https:\/\/app.talkpal.ai\/lt\/signup?lng=\">Prad\u0117k<\/a>\r\n        \r\n    <\/div>\r\n\r\n    <figure>\r\n    <img decoding=\"async\" width=\"768\" height=\"768\" src=\"https:\/\/talkpal.ai\/wp-content\/uploads\/2023\/06\/belarusian-768x768.png\" class=\"languageImage no-lazy\" alt=\"Language learning for academic excellence\" fetchpriority=\"high\" sizes=\"(max-width: 768px) 150px, 768px\" srcset=\"https:\/\/talkpal.ai\/wp-content\/uploads\/2023\/06\/belarusian-768x768.png 768w, https:\/\/talkpal.ai\/wp-content\/uploads\/2023\/06\/belarusian-300x300.png 300w\" \/>\r\n    \r\n\r\n    <\/figure>\r\n\r\n            <a class=\"getStartedVisible\" href=\"https:\/\/app.talkpal.ai\/lt\/signup?lng=\">Prad\u0117k<\/a>\r\n    \r\n<\/section>\r\n<section class=\"promotionalBanner\">\r\n    <p class=\"promotionalText\">Efektyviausias b\u016bdas mokytis kalbos<\/p>\r\n    <a class=\"promotionalLink\" href=\"https:\/\/app.talkpal.ai\/lt\/signup?lng=\">I\u0161bandykite Talkpal &#8221; nemokamai<\/a>\r\n<\/section>\n<div class=\"wp-block-group pageContainerStyle\"><div class=\"wp-block-group__inner-container is-layout-constrained wp-block-group-is-layout-constrained\">\n<h2 class=\"wp-block-heading\" id=\"h-belarusian-grammar-a-closer-look-at-the-slavic-language-s-intricacies\">Baltarusi\u0173 kalbos gramatika: i\u0161samesnis \u017evilgsnis \u012f slav\u0173 kalbos subtilybes<\/h2>\n\n\n\n<p>Ar esate siekiantis poliglotas, susi\u017eav\u0117j\u0119s slav\u0173 kalbomis? O gal jums tiesiog smalsu su\u017einoti \u0161io \u012fdomaus regiono kalb\u0173 gramatikos subtilybes? Jei taip, prisisekite! \u0160iame straipsnyje susipa\u017einsime su nuostabiu baltarusi\u0173 kalbos gramatikos pasauliu &#8211; ma\u017eiau \u017einomu, ta\u010diau \u012fdomiu slav\u0173 kalb\u0173 \u0161eimos nariu.<\/p>\n\n\n\n<p>Gal pasinerkime, ar ne?<\/p>\n\n\n\n<h3 class=\"wp-block-heading\" id=\"h-first-things-first-what-is-belarusian\">Pirmiausia: kas yra baltarusija?<\/h3>\n\n\n\n<p>Baltarusi\u0173 kalba yra oficiali <a href=\"https:\/\/talkpal.ai\/learn-belarusian\/\">Baltarusijos<\/a>, \u017eemynin\u0117s \u0161alies, esan\u010dios Ryt\u0173 Europoje tarp Rusijos, Ukrainos, Lenkijos, Lietuvos ir Latvijos, kalba. Ma\u017edaug 7,9 milijono kalb\u0117toj\u0173 turinti baltarusi\u0173 kalba \u017eavi tiek kalbininkus, tiek kalbos entuziastus. Kaip slav\u0173 kalba, baltarusi\u0173 kalba turi daug pana\u0161um\u0173 su <a href=\"https:\/\/talkpal.ai\/learn-russian\/\">rus\u0173<\/a>, <a href=\"https:\/\/talkpal.ai\/learn-ukrainian\/\">ukrainie\u010di\u0173<\/a> ir <a href=\"https:\/\/talkpal.ai\/learn-polish\/\">lenk\u0173<\/a> kalbomis; ta\u010diau jis taip pat apima savo unikalias savybes, kurios i\u0161skiria j\u012f i\u0161 broli\u0173 ir seser\u0173.<\/p>\n\n\n\n<h3 class=\"wp-block-heading\" id=\"h-the-building-blocks-nouns-pronouns-and-cases\">K\u016brimo blokai: daiktavard\u017eiai, \u012fvard\u017eiai ir atvejai<\/h3>\n\n\n\n<p>Kaip ir kitos slav\u0173 kalbos, baltarusi\u0173 kalbos <a href=\"https:\/\/talkpal.ai\/sq\/gramatika\/\">gramatika<\/a> sukasi apie \u017eod\u017ei\u0173 ving\u012f. <a href=\"https:\/\/talkpal.ai\/learn-thai\/\">Tai<\/a> rei\u0161kia, kad \u017eod\u017ei\u0173 gal\u016bn\u0117s kei\u010diasi pagal j\u0173 gramatin\u0119 funkcij\u0105 sakinyje. Tai labiausiai pastebima daiktavard\u017ei\u0173, \u012fvard\u017ei\u0173 ir b\u016bdvard\u017ei\u0173 atveju, kai jie vartojami skirtingais atvejais. Baltarusija turi \u0161e\u0161is atvejus, kurie yra tokie:<\/p>\n\n\n\n<p><strong>1. Nominatyvas &#8211; nurodo sakinio subjekt\u0105<\/strong><\/p>\n\n\n\n<p><strong>2. Genityvas &#8211; rodo tur\u0117jim\u0105 arba neigimo objekt\u0105<\/strong><\/p>\n\n\n\n<p><strong>3. Daiktavardis &#8211; \u017eymi netiesiogin\u012f sakinio objekt\u0105<\/strong><\/p>\n\n\n\n<p><strong>4. Akuzatyvas &#8211; rei\u0161kia tiesiogin\u012f sakinio objekt\u0105<\/strong><\/p>\n\n\n\n<p><strong>5. Instrumentalinis &#8211; i\u0161rei\u0161kia priemon\u0119 arba b\u016bd\u0105, kuriuo atliekamas veiksmas.<\/strong><\/p>\n\n\n\n<p><strong>6. Prielinksninis arba vietininkas &#8211; nurodo viet\u0105 arba prieveiksmi\u0173 objekt\u0105<\/strong><\/p>\n\n\n\n<p>Be atvej\u0173, baltarusi\u0173 daiktavard\u017eiai taip pat turi tris lytis (vyri\u0161k\u0105, moteri\u0161k\u0105 ir neuter\u012f) ir du skai\u010dius (vienaskaita ir daugiskaita). Kiekvienas lyties ir skai\u010di\u0173 derinys kiekvienu atveju turi konkre\u010dias gal\u016bnes, tod\u0117l labai svarbu jas \u012fsiminti, kad b\u016bt\u0173 galima sukurti gramati\u0161kai teisingus sakinius.<\/p>\n\n\n\n<h3 class=\"wp-block-heading\" id=\"h-let-s-talk-verbs-tenses-aspects-and-moods\">Pasikalb\u0117kime apie veiksma\u017eod\u017eius: Kalb\u0117kime apie veiksma\u017eod\u017eius: laikai, aspektai ir b\u016bsenos<\/h3>\n\n\n\n<p>Baltarusi\u0173 veiksma\u017eod\u017eiai yra nuostabiai sud\u0117tingi, pilni niuans\u0173 ir sud\u0117tingumo. Jie turi tris laikus (praeit\u012f, dabart\u012f ir ateit\u012f), du aspektus (tobulus ir netobulus), taip pat tris nuotaikas (orientacin\u0119, imperatyvi\u0105 ir s\u0105lygin\u0119). Baltarusijos veiksma\u017eod\u017eiai i\u0161siskiria i\u0161 kit\u0173 slav\u0173 kalb\u0173 yra j\u0173 platus aspekto naudojimas.<\/p>\n\n\n\n<p>Aspektas rei\u0161kia, ar veiksmas laikomas u\u017ebaigtu (tobulu), ar vykstan\u010diu (netobulu). Daugelis veiksma\u017eod\u017ei\u0173 pateikiami poromis, kurios nurodo skirtingus aspektus, da\u017enai naudojant unikal\u0173 prie\u0161d\u0117l\u012f arba priesag\u0105. Aspekto \u012fvaldymas yra b\u016btinas norint suvokti baltarusi\u0173 kalbos subtilybes.<\/p>\n\n\n\n<h3 class=\"wp-block-heading\" id=\"h-adjectives-adverbs-and-other-delights\">B\u016bdvard\u017eiai, prieveiksmiai ir kiti malonumai<\/h3>\n\n\n\n<p>Baltarusi\u0161ki b\u016bdvard\u017eiai sutinka su daiktavard\u017eiais, kuriuos jie kei\u010dia pagal lyt\u012f, skai\u010di\u0173 ir atvej\u012f. Jie taip pat turi lyginam\u0105sias ir puikias formas, kad i\u0161reik\u0161t\u0173 \u012fvairaus laipsnio savybes. Be to, daugelis prieveiksmi\u0173 yra kil\u0119 i\u0161 b\u016bdvard\u017ei\u0173 tiesiog pridedant priesag\u0105 &#8222;-\u0430&#8221;, rei\u0161kian\u010di\u0105 vyri\u0161k\u0105j\u0105 gimin\u0119, ir &#8222;-\u044b&#8221;, rei\u0161kian\u010di\u0105 moteri\u0161k\u0105j\u0105 gimin\u0119.<\/p>\n\n\n\n<p>Baltarusi\u0173 kalboje taip pat yra \u012fsp\u016bdingas jungtuk\u0173, prielinksni\u0173, skaitmen\u0173 ir daleli\u0173 masyvas, padedantis sukurti \u012fmantrius ir i\u0161rai\u0161kingus sakinius. Pasipraktikav\u0119 netrukus sugeb\u0117site pinti \u017eod\u017eius kaip tikras baltarusi\u0173 \u017eod\u017ei\u0173 meistras.<\/p>\n\n\n\n<h3 class=\"wp-block-heading\" id=\"h-in-closing-the-magic-of-belarusian-grammar\">Pabaigai: baltarusi\u0173 kalbos gramatikos magija<\/h3>\n\n\n\n<p>I\u0161 pirmo \u017evilgsnio baltarusi\u0173 kalbos gramatika gali atrodyti bauginanti. Ta\u010diau kai gilinsit\u0117s \u012f turting\u0105 jos atvej\u0173, aspekt\u0173 ir kit\u0173 kalbos ypatybi\u0173 gobelen\u0105, atrasite kalb\u0105, kupin\u0105 gilumo, niuans\u0173 ir i\u0161rai\u0161kingumo. Pri\u0117m\u0119 baltarusi\u0173 kalbos gramatikos i\u0161\u0161\u016bk\u012f, ne tik geriau suprasite slav\u0173 \u0161eim\u0105 apskritai, bet ir gal\u0117site susipa\u017einti su gra\u017eia ir gyvybinga kult\u016bra, kuri laukia j\u016bs\u0173 tyrin\u0117jim\u0173.<\/p>\n\n\n\n<p>Dabar, apsiginklavus naujai atrastu baltarusi\u0173 kalbos gramatikos supratimu, kod\u0117l gi nepasinerus giliau \u012f \u0161i\u0105 patraukli\u0105 kalb\u0105? Kas \u017eino &#8211; galb\u016bt vien\u0105 dien\u0105 vaik\u0161tin\u0117site Minsko gatv\u0117mis ir lengvai bendrausite su vietiniais gyventojais j\u0173 gimt\u0105ja kalba. Smagaus mokymosi!<\/p>\n<\/div><\/div>\n\r\n<section class=\"learnNavigationSection\">\r\n            \r\n        <a href=\"https:\/\/talkpal.ai\/lt\/ismok-baltarusiu-kalba\/\">\r\n            <div class=\"learnNavigationWrapper\">\r\n                <div class=\"learnNavigationContent\">\r\n                    <img decoding=\"async\" src=\"https:\/\/talkpal.ai\/wp-content\/uploads\/2024\/08\/Belarusian.jpg\" alt=\"Belarusian Flag\">\r\n                    <div>\r\n                        <h4>Apie mokym\u0105si baltarusi\u0173 kalba<\/h4>\r\n                        <p>Su\u017einokite visk\u0105 apie baltarusi\u0173 kalbos gramatik\u0105.<\/p>\r\n                    <\/div>\r\n                <\/div>\r\n            <\/div>\r\n        <\/a>\r\n\r\n        \r\n        <a href=\"https:\/\/talkpal.ai\/lt\/baltarusiu-kalbos-gramatikos-pratimai\/\">\r\n            <div class=\"learnNavigationWrapper\">\r\n                <div class=\"learnNavigationContent\">\r\n                    <img decoding=\"async\" src=\"https:\/\/talkpal.ai\/wp-content\/uploads\/2024\/08\/Belarusian.jpg\" alt=\"Belarusian Flag\">\r\n                    <div>\r\n                        <h4>Baltarusi\u0173 kalbos gramatikos pratybos<\/h4>\r\n                        <p>Praktikuokite baltarusi\u0173 kalbos gramatik\u0105.<\/p>\r\n                    <\/div>\r\n                <\/div>\r\n            <\/div>\r\n        <\/a>\r\n\r\n        \r\n        <a href=\"https:\/\/talkpal.ai\/vocabulary_language\/belarusian\/\">\r\n            <div class=\"learnNavigationWrapper\">\r\n                <div class=\"learnNavigationContent\">\r\n                    <img decoding=\"async\" src=\"https:\/\/talkpal.ai\/wp-content\/uploads\/2024\/08\/Belarusian.jpg\" alt=\"Belarusian Flag\">\r\n                    <div>\r\n                        <h4>Baltarusi\u0173 kalbos \u017eodynas<\/h4>\r\n                        <p>Prapl\u0117skite savo baltarusi\u0173 kalbos \u017eodyn\u0105.<\/p>\r\n                    <\/div>\r\n                <\/div>\r\n            <\/div>\r\n        <\/a>\r\n\r\n            <\/section>","protected":false},"excerpt":{"rendered":"<p>Baltarusi\u0173 kalbos gramatika: i\u0161samesnis \u017evilgsnis \u012f slav\u0173 kalbos subtilybes Ar esate siekiantis poliglotas, susi\u017eav\u0117j\u0119s slav\u0173 kalbomis? O gal jums tiesiog smalsu su\u017einoti \u0161io \u012fdomaus regiono kalb\u0173 gramatikos subtilybes? Jei taip, prisisekite! \u0160iame straipsnyje susipa\u017einsime su nuostabiu baltarusi\u0173 kalbos gramatikos pasauliu &#8211; ma\u017eiau \u017einomu, ta\u010diau \u012fdomiu slav\u0173 kalb\u0173 \u0161eimos nariu. Gal pasinerkime, ar ne? Pirmiausia: kas [&hellip;]<\/p>\n","protected":false},"author":1,"featured_media":110609,"parent":0,"menu_order":0,"comment_status":"closed","ping_status":"closed","template":"LearningContentPage.php","meta":{"_acf_changed":false,"footnotes":""},"class_list":["post-141180","page","type-page","status-publish","has-post-thumbnail","hentry"],"acf":[],"yoast_head":"<!-- This site is optimized with the Yoast SEO Premium plugin v27.2 (Yoast SEO v27.2) - https:\/\/yoast.com\/product\/yoast-seo-premium-wordpress\/ -->\n<title>Baltarusi\u0173 kalbos gramatika - Talkpal<\/title>\n<meta name=\"description\" content=\"\u012esisavinkite baltarusi\u0173 kalbos gramatik\u0105 be vargo su Talkpal, savo dirbtinio intelekto valdomu kalbos korepetitoriumi. Gaukite ai\u0161ki\u0173 paai\u0161kinim\u0173, nauding\u0173 patarim\u0173 ir interaktyvi\u0173 pratim\u0173!\" \/>\n<meta name=\"robots\" content=\"index, follow, max-snippet:-1, max-image-preview:large, max-video-preview:-1\" \/>\n<link rel=\"canonical\" href=\"https:\/\/talkpal.ai\/lt\/baltarusiu-kalbos-gramatika\/\" \/>\n<meta property=\"og:locale\" content=\"lt_LT\" \/>\n<meta property=\"og:type\" content=\"article\" \/>\n<meta property=\"og:title\" content=\"Baltarusi\u0173 kalbos gramatika\" \/>\n<meta property=\"og:description\" content=\"Baltarusi\u0173 kalbos gramatika: i\u0161samesnis \u017evilgsnis \u012f slav\u0173 kalbos subtilybes Ar esate siekiantis poliglotas, susi\u017eav\u0117j\u0119s slav\u0173 kalbomis? O gal jums tiesiog\" \/>\n<meta property=\"og:url\" content=\"https:\/\/talkpal.ai\/lt\/baltarusiu-kalbos-gramatika\/\" \/>\n<meta property=\"og:site_name\" content=\"Talkpal\" \/>\n<meta property=\"article:publisher\" content=\"https:\/\/www.facebook.com\/profile.php?id=100090733639311\" \/>\n<meta property=\"article:modified_time\" content=\"2025-05-22T13:49:16+00:00\" \/>\n<meta property=\"og:image\" content=\"https:\/\/talkpal.ai\/wp-content\/uploads\/2023\/05\/belarus.png\" \/>\n\t<meta property=\"og:image:width\" content=\"512\" \/>\n\t<meta property=\"og:image:height\" content=\"512\" \/>\n\t<meta property=\"og:image:type\" content=\"image\/png\" \/>\n<meta name=\"twitter:card\" content=\"summary_large_image\" \/>\n<meta name=\"twitter:site\" content=\"@talkpalai\" \/>\n<meta name=\"twitter:label1\" content=\"Est. reading time\" \/>\n\t<meta name=\"twitter:data1\" content=\"3 minut\u0117s\" \/>\n<script type=\"application\/ld+json\" class=\"yoast-schema-graph\">{\"@context\":\"https:\/\/schema.org\",\"@graph\":[{\"@type\":\"WebPage\",\"@id\":\"https:\/\/talkpal.ai\/lt\/baltarusiu-kalbos-gramatika\/\",\"url\":\"https:\/\/talkpal.ai\/lt\/baltarusiu-kalbos-gramatika\/\",\"name\":\"Baltarusi\u0173 kalbos gramatika - Talkpal\",\"isPartOf\":{\"@id\":\"https:\/\/talkpal.ai\/lt\/#website\"},\"primaryImageOfPage\":{\"@id\":\"https:\/\/talkpal.ai\/lt\/baltarusiu-kalbos-gramatika\/#primaryimage\"},\"image\":{\"@id\":\"https:\/\/talkpal.ai\/lt\/baltarusiu-kalbos-gramatika\/#primaryimage\"},\"thumbnailUrl\":\"https:\/\/talkpal.ai\/wp-content\/uploads\/2023\/05\/belarus.png\",\"datePublished\":\"2023-05-14T13:59:42+00:00\",\"dateModified\":\"2025-05-22T13:49:16+00:00\",\"description\":\"\u012esisavinkite baltarusi\u0173 kalbos gramatik\u0105 be vargo su Talkpal, savo dirbtinio intelekto valdomu kalbos korepetitoriumi. Gaukite ai\u0161ki\u0173 paai\u0161kinim\u0173, nauding\u0173 patarim\u0173 ir interaktyvi\u0173 pratim\u0173!\",\"breadcrumb\":{\"@id\":\"https:\/\/talkpal.ai\/lt\/baltarusiu-kalbos-gramatika\/#breadcrumb\"},\"inLanguage\":\"lt-LT\",\"potentialAction\":[{\"@type\":\"ReadAction\",\"target\":[\"https:\/\/talkpal.ai\/lt\/baltarusiu-kalbos-gramatika\/\"]}]},{\"@type\":\"ImageObject\",\"inLanguage\":\"lt-LT\",\"@id\":\"https:\/\/talkpal.ai\/lt\/baltarusiu-kalbos-gramatika\/#primaryimage\",\"url\":\"https:\/\/talkpal.ai\/wp-content\/uploads\/2023\/05\/belarus.png\",\"contentUrl\":\"https:\/\/talkpal.ai\/wp-content\/uploads\/2023\/05\/belarus.png\",\"width\":512,\"height\":512},{\"@type\":\"BreadcrumbList\",\"@id\":\"https:\/\/talkpal.ai\/lt\/baltarusiu-kalbos-gramatika\/#breadcrumb\",\"itemListElement\":[{\"@type\":\"ListItem\",\"position\":1,\"name\":\"Homepage\",\"item\":\"https:\/\/talkpal.ai\/lt\/\"},{\"@type\":\"ListItem\",\"position\":2,\"name\":\"Baltarusi\u0173 kalbos gramatika\"}]},{\"@type\":\"WebSite\",\"@id\":\"https:\/\/talkpal.ai\/lt\/#website\",\"url\":\"https:\/\/talkpal.ai\/lt\/\",\"name\":\"Talkpal\",\"description\":\"AI Language Learning\",\"publisher\":{\"@id\":\"https:\/\/talkpal.ai\/lt\/#organization\"},\"alternateName\":\"Talkpal AI\",\"potentialAction\":[{\"@type\":\"SearchAction\",\"target\":{\"@type\":\"EntryPoint\",\"urlTemplate\":\"https:\/\/talkpal.ai\/lt\/?s={search_term_string}\"},\"query-input\":{\"@type\":\"PropertyValueSpecification\",\"valueRequired\":true,\"valueName\":\"search_term_string\"}}],\"inLanguage\":\"lt-LT\"},{\"@type\":\"Organization\",\"@id\":\"https:\/\/talkpal.ai\/lt\/#organization\",\"name\":\"Talkpal, Inc.\",\"alternateName\":\"Talkpal AI\",\"url\":\"https:\/\/talkpal.ai\/lt\/\",\"logo\":{\"@type\":\"ImageObject\",\"inLanguage\":\"lt-LT\",\"@id\":\"https:\/\/talkpal.ai\/lt\/#\/schema\/logo\/image\/\",\"url\":\"https:\/\/talkpal.ai\/wp-content\/uploads\/2024\/03\/Talkpal-Logo-Icon.png\",\"contentUrl\":\"https:\/\/talkpal.ai\/wp-content\/uploads\/2024\/03\/Talkpal-Logo-Icon.png\",\"width\":2880,\"height\":2880,\"caption\":\"Talkpal, Inc.\"},\"image\":{\"@id\":\"https:\/\/talkpal.ai\/lt\/#\/schema\/logo\/image\/\"},\"sameAs\":[\"https:\/\/www.facebook.com\/profile.php?id=100090733639311\",\"https:\/\/x.com\/talkpalai\",\"https:\/\/www.linkedin.com\/company\/talkpal\/\",\"https:\/\/www.youtube.com\/@TalkPal\/\",\"https:\/\/www.tiktok.com\/@talkpal\",\"https:\/\/www.instagram.com\/talkpal_ai\/\",\"https:\/\/www.crunchbase.com\/organization\/talkpal-9cde\",\"https:\/\/www.g2.com\/products\/talkpal-for-business\/\",\"https:\/\/www.trustpilot.com\/review\/talkpal.ai\",\"https:\/\/www.capterra.com\/p\/10006800\/TalkPal\/\"],\"description\":\"Talkpal is a language learning web and mobile education app, powered by the latest AI technologies, that provides engaging experiences to its customers in many different languages to help them improve their language skills. Users can chat about unlimited amount of topics with the app and use other modes to practice their language learning.\",\"email\":\"support@talkpal.ai\",\"legalName\":\"Talkpal, Inc.\",\"foundingDate\":\"2023-04-03\",\"duns\":\"118989042\",\"numberOfEmployees\":{\"@type\":\"QuantitativeValue\",\"minValue\":\"11\",\"maxValue\":\"50\"},\"publishingPrinciples\":\"https:\/\/talkpal.ai\/publishing-principles\/\",\"actionableFeedbackPolicy\":\"https:\/\/talkpal.ai\/actionable-feedback-policy\/\",\"correctionsPolicy\":\"https:\/\/talkpal.ai\/corrections-policy\/\",\"ethicsPolicy\":\"https:\/\/talkpal.ai\/ethics-policy\/\",\"diversityPolicy\":\"https:\/\/talkpal.ai\/diversity-policy\/\",\"diversityStaffingReport\":\"https:\/\/talkpal.ai\/diversity-policy\/\"}]}<\/script>\n<!-- \/ Yoast SEO Premium plugin. -->","yoast_head_json":{"title":"Baltarusi\u0173 kalbos gramatika - Talkpal","description":"\u012esisavinkite baltarusi\u0173 kalbos gramatik\u0105 be vargo su Talkpal, savo dirbtinio intelekto valdomu kalbos korepetitoriumi. Gaukite ai\u0161ki\u0173 paai\u0161kinim\u0173, nauding\u0173 patarim\u0173 ir interaktyvi\u0173 pratim\u0173!","robots":{"index":"index","follow":"follow","max-snippet":"max-snippet:-1","max-image-preview":"max-image-preview:large","max-video-preview":"max-video-preview:-1"},"canonical":"https:\/\/talkpal.ai\/lt\/baltarusiu-kalbos-gramatika\/","og_locale":"lt_LT","og_type":"article","og_title":"Baltarusi\u0173 kalbos gramatika","og_description":"Baltarusi\u0173 kalbos gramatika: i\u0161samesnis \u017evilgsnis \u012f slav\u0173 kalbos subtilybes Ar esate siekiantis poliglotas, susi\u017eav\u0117j\u0119s slav\u0173 kalbomis? O gal jums tiesiog","og_url":"https:\/\/talkpal.ai\/lt\/baltarusiu-kalbos-gramatika\/","og_site_name":"Talkpal","article_publisher":"https:\/\/www.facebook.com\/profile.php?id=100090733639311","article_modified_time":"2025-05-22T13:49:16+00:00","og_image":[{"width":512,"height":512,"url":"https:\/\/talkpal.ai\/wp-content\/uploads\/2023\/05\/belarus.png","type":"image\/png"}],"twitter_card":"summary_large_image","twitter_site":"@talkpalai","twitter_misc":{"Est. reading time":"3 minut\u0117s"},"schema":{"@context":"https:\/\/schema.org","@graph":[{"@type":"WebPage","@id":"https:\/\/talkpal.ai\/lt\/baltarusiu-kalbos-gramatika\/","url":"https:\/\/talkpal.ai\/lt\/baltarusiu-kalbos-gramatika\/","name":"Baltarusi\u0173 kalbos gramatika - Talkpal","isPartOf":{"@id":"https:\/\/talkpal.ai\/lt\/#website"},"primaryImageOfPage":{"@id":"https:\/\/talkpal.ai\/lt\/baltarusiu-kalbos-gramatika\/#primaryimage"},"image":{"@id":"https:\/\/talkpal.ai\/lt\/baltarusiu-kalbos-gramatika\/#primaryimage"},"thumbnailUrl":"https:\/\/talkpal.ai\/wp-content\/uploads\/2023\/05\/belarus.png","datePublished":"2023-05-14T13:59:42+00:00","dateModified":"2025-05-22T13:49:16+00:00","description":"\u012esisavinkite baltarusi\u0173 kalbos gramatik\u0105 be vargo su Talkpal, savo dirbtinio intelekto valdomu kalbos korepetitoriumi. Gaukite ai\u0161ki\u0173 paai\u0161kinim\u0173, nauding\u0173 patarim\u0173 ir interaktyvi\u0173 pratim\u0173!","breadcrumb":{"@id":"https:\/\/talkpal.ai\/lt\/baltarusiu-kalbos-gramatika\/#breadcrumb"},"inLanguage":"lt-LT","potentialAction":[{"@type":"ReadAction","target":["https:\/\/talkpal.ai\/lt\/baltarusiu-kalbos-gramatika\/"]}]},{"@type":"ImageObject","inLanguage":"lt-LT","@id":"https:\/\/talkpal.ai\/lt\/baltarusiu-kalbos-gramatika\/#primaryimage","url":"https:\/\/talkpal.ai\/wp-content\/uploads\/2023\/05\/belarus.png","contentUrl":"https:\/\/talkpal.ai\/wp-content\/uploads\/2023\/05\/belarus.png","width":512,"height":512},{"@type":"BreadcrumbList","@id":"https:\/\/talkpal.ai\/lt\/baltarusiu-kalbos-gramatika\/#breadcrumb","itemListElement":[{"@type":"ListItem","position":1,"name":"Homepage","item":"https:\/\/talkpal.ai\/lt\/"},{"@type":"ListItem","position":2,"name":"Baltarusi\u0173 kalbos gramatika"}]},{"@type":"WebSite","@id":"https:\/\/talkpal.ai\/lt\/#website","url":"https:\/\/talkpal.ai\/lt\/","name":"Talkpal","description":"AI Language Learning","publisher":{"@id":"https:\/\/talkpal.ai\/lt\/#organization"},"alternateName":"Talkpal AI","potentialAction":[{"@type":"SearchAction","target":{"@type":"EntryPoint","urlTemplate":"https:\/\/talkpal.ai\/lt\/?s={search_term_string}"},"query-input":{"@type":"PropertyValueSpecification","valueRequired":true,"valueName":"search_term_string"}}],"inLanguage":"lt-LT"},{"@type":"Organization","@id":"https:\/\/talkpal.ai\/lt\/#organization","name":"Talkpal, Inc.","alternateName":"Talkpal AI","url":"https:\/\/talkpal.ai\/lt\/","logo":{"@type":"ImageObject","inLanguage":"lt-LT","@id":"https:\/\/talkpal.ai\/lt\/#\/schema\/logo\/image\/","url":"https:\/\/talkpal.ai\/wp-content\/uploads\/2024\/03\/Talkpal-Logo-Icon.png","contentUrl":"https:\/\/talkpal.ai\/wp-content\/uploads\/2024\/03\/Talkpal-Logo-Icon.png","width":2880,"height":2880,"caption":"Talkpal, Inc."},"image":{"@id":"https:\/\/talkpal.ai\/lt\/#\/schema\/logo\/image\/"},"sameAs":["https:\/\/www.facebook.com\/profile.php?id=100090733639311","https:\/\/x.com\/talkpalai","https:\/\/www.linkedin.com\/company\/talkpal\/","https:\/\/www.youtube.com\/@TalkPal\/","https:\/\/www.tiktok.com\/@talkpal","https:\/\/www.instagram.com\/talkpal_ai\/","https:\/\/www.crunchbase.com\/organization\/talkpal-9cde","https:\/\/www.g2.com\/products\/talkpal-for-business\/","https:\/\/www.trustpilot.com\/review\/talkpal.ai","https:\/\/www.capterra.com\/p\/10006800\/TalkPal\/"],"description":"Talkpal is a language learning web and mobile education app, powered by the latest AI technologies, that provides engaging experiences to its customers in many different languages to help them improve their language skills. Users can chat about unlimited amount of topics with the app and use other modes to practice their language learning.","email":"support@talkpal.ai","legalName":"Talkpal, Inc.","foundingDate":"2023-04-03","duns":"118989042","numberOfEmployees":{"@type":"QuantitativeValue","minValue":"11","maxValue":"50"},"publishingPrinciples":"https:\/\/talkpal.ai\/publishing-principles\/","actionableFeedbackPolicy":"https:\/\/talkpal.ai\/actionable-feedback-policy\/","correctionsPolicy":"https:\/\/talkpal.ai\/corrections-policy\/","ethicsPolicy":"https:\/\/talkpal.ai\/ethics-policy\/","diversityPolicy":"https:\/\/talkpal.ai\/diversity-policy\/","diversityStaffingReport":"https:\/\/talkpal.ai\/diversity-policy\/"}]}},"_links":{"self":[{"href":"https:\/\/talkpal.ai\/lt\/wp-json\/wp\/v2\/pages\/141180","targetHints":{"allow":["GET"]}}],"collection":[{"href":"https:\/\/talkpal.ai\/lt\/wp-json\/wp\/v2\/pages"}],"about":[{"href":"https:\/\/talkpal.ai\/lt\/wp-json\/wp\/v2\/types\/page"}],"author":[{"embeddable":true,"href":"https:\/\/talkpal.ai\/lt\/wp-json\/wp\/v2\/users\/1"}],"replies":[{"embeddable":true,"href":"https:\/\/talkpal.ai\/lt\/wp-json\/wp\/v2\/comments?post=141180"}],"version-history":[{"count":0,"href":"https:\/\/talkpal.ai\/lt\/wp-json\/wp\/v2\/pages\/141180\/revisions"}],"wp:featuredmedia":[{"embeddable":true,"href":"https:\/\/talkpal.ai\/lt\/wp-json\/wp\/v2\/media\/110609"}],"wp:attachment":[{"href":"https:\/\/talkpal.ai\/lt\/wp-json\/wp\/v2\/media?parent=141180"}],"curies":[{"name":"wp","href":"https:\/\/api.w.org\/{rel}","templated":true}]}}