{"id":140883,"date":"2023-05-14T13:59:24","date_gmt":"2023-05-14T13:59:24","guid":{"rendered":"http:\/\/talkpal.ai\/afrikanu-kalbos-gramatika\/"},"modified":"2025-05-22T19:04:15","modified_gmt":"2025-05-22T19:04:15","slug":"afrikanu-kalbos-gramatika","status":"publish","type":"page","link":"https:\/\/talkpal.ai\/lt\/afrikanu-kalbos-gramatika\/","title":{"rendered":"Afrikan\u0173 kalbos gramatika"},"content":{"rendered":"\r\n\r\n\r\n<section class=\"languageChallengeSection\">\r\n    <div class=\"languageInfoWrapper\">\r\n        \r\n        <h1>Afrikan\u0173 kalbos gramatika<\/h1>\r\n        <p>Atraskite paprast\u0105 afrikan\u0173 <a href=\"https:\/\/talkpal.ai\/what-language-is-spoken-on-the-international-space-station\/\">kalbos<\/a> gro\u017e\u012f mokydamiesi jos pagrindini\u0173 gramatikos taisykli\u0173. I\u0161mok\u0119 afrikanso gramatik\u0105 gal\u0117site veiksmingai bendrauti ir m\u0117gautis turtinga afrikie\u010di\u0173 kult\u016bra. Prad\u0117kite savo kelion\u0119 po afrikan\u0173 kalbos gramatik\u0105 \u0161iandien ir \u017eenkite pirm\u0105j\u012f \u017eingsn\u012f \u012f skland\u0173 kalb\u0117jim\u0105!<\/p>\r\n\r\n                            <a class=\"getStartedHidden\" href=\"https:\/\/app.talkpal.ai\/lt\/signup?lng=\">Prad\u0117k<\/a>\r\n        \r\n    <\/div>\r\n\r\n    <figure>\r\n    <img decoding=\"async\" width=\"768\" height=\"768\" src=\"https:\/\/talkpal.ai\/wp-content\/uploads\/2023\/06\/TalkPal-Afrikaans-768x768.png\" class=\"languageImage no-lazy\" alt=\"Language learning for global awareness\" fetchpriority=\"high\" sizes=\"(max-width: 768px) 150px, 768px\" srcset=\"https:\/\/talkpal.ai\/wp-content\/uploads\/2023\/06\/TalkPal-Afrikaans-768x768.png 768w, https:\/\/talkpal.ai\/wp-content\/uploads\/2023\/06\/TalkPal-Afrikaans-300x300.png 300w\" \/>\r\n    \r\n\r\n    <\/figure>\r\n\r\n            <a class=\"getStartedVisible\" href=\"https:\/\/app.talkpal.ai\/lt\/signup?lng=\">Prad\u0117k<\/a>\r\n    \r\n<\/section>\r\n<section class=\"promotionalBanner\">\r\n    <p class=\"promotionalText\">Efektyviausias b\u016bdas mokytis kalbos<\/p>\r\n    <a class=\"promotionalLink\" href=\"https:\/\/app.talkpal.ai\/lt\/signup?lng=\">I\u0161bandykite Talkpal &#8221; nemokamai<\/a>\r\n<\/section>\n<div class=\"wp-block-group pageContainerStyle\"><div class=\"wp-block-group__inner-container is-layout-constrained wp-block-group-is-layout-constrained\">\n<h2 class=\"wp-block-heading\" id=\"h-mastering-afrikaans-grammar-your-ultimate-guide\">Afrikan\u0173 kalbos gramatikos \u012fvaldymas: j\u016bs\u0173 galutinis vadovas<\/h2>\n\n\n\n<p><strong>Goeie dag<\/strong>, <a href=\"https:\/\/talkpal.ai\/talkpal-discount-for-language-enthusiasts\/\">kalbos entuziastai<\/a>! Ar esate pasireng\u0119s leistis \u012f kelion\u0119 \u012f afrikan\u0173 kalbos gramatikos pasaul\u012f? Atvykote \u012f tinkam\u0105 viet\u0105. \u0160is straipsnis, u\u017epildytas lengvai suprantama informacija ir pokalbio tonu, pad\u0117s jums per patraukli\u0105 afrikan\u0173 gramatikos srit\u012f. Netrukus gal\u0117site kurti sakinius ir prasmingai kalb\u0117tis su gimtakalbiais. Taigi, prad\u0117kime!<\/p>\n\n\n\n<p><strong>Bet pirmiausia, kod\u0117l afrikan\u0173 gramatika?<\/strong><\/p>\n\n\n\n<p>Jei mokot\u0117s afrikan\u0173 kalbos, norint skland\u017eiai kalb\u0117ti, skaityti ir ra\u0161yti, labai svarbu tur\u0117ti tvirtus gramatikos pagrindus. Nors afrikie\u010di\u0173 kalbos <a href=\"https:\/\/talkpal.ai\/sq\/gramatika\/\">gramatika<\/a> i\u0161 prad\u017ei\u0173 gali pasirodyti sud\u0117tinga, j\u0105 suskaid\u017eius \u012f smulkesnes, lengviau \u012fveikiamas dalis, ji yra gana paprasta. Taigi, prad\u0117kime savo kelion\u0119 afrikie\u010di\u0173 kalbos gramatikos \u012fsisavinimo link!<\/p>\n\n\n\n<h3 class=\"wp-block-heading\" id=\"h-1-nouns-gender-and-articles\">1. Daiktavard\u017eiai, lytis ir straipsniai<\/h3>\n\n\n\n<p>Skirtingai nuo daugelio kit\u0173 kalb\u0173, afrikan\u0173 daiktavard\u017eiai neturi lyties, tod\u0117l juos lengviau i\u0161mokti. Baigiamasis daiktavardis &#8222;die&#8221; (the) vartojamas visiems daiktavard\u017eiams, o neapibr\u0117\u017etieji daiktavard\u017eiai &#8222;&#8216;n&#8221; arba &#8222;een&#8221; (a\/an) taip pat yra neutralios lyties.  <\/p>\n\n\n\n<p>Pavyzd\u017eiui:<\/p>\n\n\n\n<p>&#8211; die hond (\u0161uo)<\/p>\n\n\n\n<p>&#8211; &#8216;n hond (\u0161uo)<\/p>\n\n\n\n<h3 class=\"wp-block-heading\" id=\"h-2-adjectives\">2. B\u016bdvard\u017eiai<\/h3>\n\n\n\n<p>Afrikan\u0173 kalboje b\u016bdvard\u017eiai paprastai eina prie\u0161 daiktavard\u012f, kur\u012f jie modifikuoja, ir sutinka su daiktavard\u017eiu skai\u010diumi. B\u016bdvard\u017eiai neturi lyties susitarimo. Pavyzd\u017eiui:<\/p>\n\n\n\n<p>&#8211; &#8216;n groot huis (didelis namas)<\/p>\n\n\n\n<p>&#8211; twee groot huise (du dideli namai)<\/p>\n\n\n\n<p><a href=\"https:\/\/talkpal.ai\/locations\/language-courses-in-kai\/\">Kai<\/a> kuriems b\u016bdvard\u017eiams, apib\u016bdinantiems daugiskaitinius daiktavard\u017eius, reikalinga papildoma gal\u016bn\u0117 &#8222;-e&#8221;:<\/p>\n\n\n\n<p>&#8211; &#8216;n ou man (senas vyras)<\/p>\n\n\n\n<p>&#8211; twee ou manne (du seni vyrai)<\/p>\n\n\n\n<h3 class=\"wp-block-heading\" id=\"h-3-verbs-and-tense\">3. Veiksma\u017eod\u017eiai ir \u012ftampa<\/h3>\n\n\n\n<p>Afrikan\u0173 veiksma\u017eod\u017eiai yra gana lengva i\u0161mokti, nes jie n\u0117ra konjuguoti pagal sakinio tem\u0105. Be to, afrikan\u0173 kalba turi ma\u017eiau laik\u0173 nei daugelis kit\u0173 kalb\u0173. Kad susipa\u017eintum\u0117te su afrikan\u0173 kalbos veiksma\u017eod\u017eiais, aptarsime taisyklinguosius esamojo laiko veiksma\u017eod\u017eius:<\/p>\n\n\n\n<p>&#8211; Ek <a href=\"https:\/\/talkpal.ai\/locations\/language-courses-in-leer\/\">leer<\/a> (A\u0161 mokausi)<\/p>\n\n\n\n<p>&#8211; Jy\/u leer (j\u016bs mokot\u0117s, neoficialiai\/formaliai)<\/p>\n\n\n\n<p>&#8211; Hy\/sy\/dit leer (jis\/ji mokosi)<\/p>\n\n\n\n<p>&#8211; Ons\/julle leer (mes\/j\u016bs visi mokom\u0117s)<\/p>\n\n\n\n<p>&#8211; Hulle leer (jie mokosi)<\/p>\n\n\n\n<p>Atminkite, kad <a href=\"https:\/\/talkpal.ai\/learn-thai\/\">tai<\/a> tik ledkalnio vir\u0161\u016bn\u0117! Studij\u0173 eigoje susidursite su \u012fvairiais kitais laikais ir <a href=\"https:\/\/talkpal.ai\/locations\/language-courses-in-kai\/\">kai<\/a> kuriais netaisyklingais veiksma\u017eod\u017eiais.<\/p>\n\n\n\n<h3 class=\"wp-block-heading\" id=\"h-4-pronouns-prepositions-and-more\">4. \u012evard\u017eiai, prielinksniai ir dar daugiau!<\/h3>\n\n\n\n<p>Afrikan\u0173 kalbos gramatika apima kitus komponentus, tokius kaip \u012fvard\u017eiai (ek, jy, hy, sy ir kt.), Prielinksniai (in, op, met ir kt.) ir idiomatin\u0117s i\u0161rai\u0161kos. Mokydamiesi kalbos tur\u0117site \u012fvaldyti kiekvien\u0105 i\u0161 \u0161i\u0173 element\u0173, kad gal\u0117tum\u0117te skland\u017eiai kalb\u0117ti.<\/p>\n\n\n\n<p>Apibendrinant galima pasakyti, kad afrikan\u0173 kalbos gramatikos \u012fsisavinimas reikalauja atkaklumo, praktikos ir kantryb\u0117s. Ta\u010diau, kai tik perprasite kalbos subtilybes, gal\u0117site susikalb\u0117ti su gimtakalbiais, susipa\u017einti su turtinga afrikie\u010di\u0173 kalba kalban\u010dio pasaulio kult\u016bra ir istorija bei dar labiau pamilti \u0161i\u0105 kalb\u0105. Sterkte (s\u0117km\u0117s)!<\/p>\n<\/div><\/div>\n\r\n<section class=\"learnNavigationSection\">\r\n            \r\n        <a href=\"https:\/\/talkpal.ai\/lt\/pazink-afrikanu-kalba\/\">\r\n            <div class=\"learnNavigationWrapper\">\r\n                <div class=\"learnNavigationContent\">\r\n                    <img decoding=\"async\" src=\"https:\/\/talkpal.ai\/wp-content\/uploads\/2024\/08\/Afrikaans.jpg\" alt=\"South Africa Flag\">\r\n                    <div>\r\n                        <h4>Apie afrikie\u010di\u0173 kalbos mokym\u0105si<\/h4>\r\n                        <p>Su\u017einokite visk\u0105 apie afrikan\u0173 kalbos gramatik\u0105.<\/p>\r\n                    <\/div>\r\n                <\/div>\r\n            <\/div>\r\n        <\/a>\r\n\r\n        \r\n        <a href=\"https:\/\/talkpal.ai\/lt\/afrikanu-kalbos-gramatikos-pratimai\/\">\r\n            <div class=\"learnNavigationWrapper\">\r\n                <div class=\"learnNavigationContent\">\r\n                    <img decoding=\"async\" src=\"https:\/\/talkpal.ai\/wp-content\/uploads\/2024\/08\/Afrikaans.jpg\" alt=\"South Africa Flag\">\r\n                    <div>\r\n                        <h4>Afrikan\u0173 kalbos gramatikos pratybos<\/h4>\r\n                        <p>Praktikuokite afrikan\u0173 kalbos gramatik\u0105.<\/p>\r\n                    <\/div>\r\n                <\/div>\r\n            <\/div>\r\n        <\/a>\r\n\r\n        \r\n        <a href=\"https:\/\/talkpal.ai\/vocabulary_language\/afrikaans\/\">\r\n            <div class=\"learnNavigationWrapper\">\r\n                <div class=\"learnNavigationContent\">\r\n                    <img decoding=\"async\" src=\"https:\/\/talkpal.ai\/wp-content\/uploads\/2024\/08\/Afrikaans.jpg\" alt=\"South Africa Flag\">\r\n                    <div>\r\n                        <h4>Afrikan\u0173 kalbos \u017eodynas<\/h4>\r\n                        <p>Prapl\u0117skite savo afrikie\u010di\u0173 kalbos \u017eodyn\u0105.<\/p>\r\n                    <\/div>\r\n                <\/div>\r\n            <\/div>\r\n        <\/a>\r\n\r\n            <\/section>","protected":false},"excerpt":{"rendered":"<p>Afrikan\u0173 kalbos gramatikos \u012fvaldymas: j\u016bs\u0173 galutinis vadovas Goeie dag, kalbos entuziastai! Ar esate pasireng\u0119s leistis \u012f kelion\u0119 \u012f afrikan\u0173 kalbos gramatikos pasaul\u012f? Atvykote \u012f tinkam\u0105 viet\u0105. \u0160is straipsnis, u\u017epildytas lengvai suprantama informacija ir pokalbio tonu, pad\u0117s jums per patraukli\u0105 afrikan\u0173 gramatikos srit\u012f. Netrukus gal\u0117site kurti sakinius ir prasmingai kalb\u0117tis su gimtakalbiais. Taigi, prad\u0117kime! Bet pirmiausia, [&hellip;]<\/p>\n","protected":false},"author":1,"featured_media":108871,"parent":0,"menu_order":0,"comment_status":"closed","ping_status":"closed","template":"LearningContentPage.php","meta":{"_acf_changed":false,"footnotes":""},"class_list":["post-140883","page","type-page","status-publish","has-post-thumbnail","hentry"],"acf":[],"yoast_head":"<!-- This site is optimized with the Yoast SEO Premium plugin v27.2 (Yoast SEO v27.2) - https:\/\/yoast.com\/product\/yoast-seo-premium-wordpress\/ -->\n<title>Afrikan\u0173 kalbos gramatika - Talkpal<\/title>\n<meta name=\"description\" content=\"Susipa\u017einkite su afrikie\u010di\u0173 kalbos gramatika naudodamiesi m\u016bs\u0173 pradedan\u010di\u0173j\u0173 vadovu. \u012evaldykite sakini\u0173 konstrukcij\u0105 ir patobulinkite pokalbio \u012fg\u016bd\u017eius.\" \/>\n<meta name=\"robots\" content=\"index, follow, max-snippet:-1, max-image-preview:large, max-video-preview:-1\" \/>\n<link rel=\"canonical\" href=\"https:\/\/talkpal.ai\/lt\/afrikanu-kalbos-gramatika\/\" \/>\n<meta property=\"og:locale\" content=\"lt_LT\" \/>\n<meta property=\"og:type\" content=\"article\" \/>\n<meta property=\"og:title\" content=\"Afrikan\u0173 kalbos gramatika\" \/>\n<meta property=\"og:description\" content=\"Afrikan\u0173 kalbos gramatikos \u012fvaldymas: j\u016bs\u0173 galutinis vadovas Goeie dag, kalbos entuziastai! Ar esate pasireng\u0119s leistis \u012f kelion\u0119 \u012f afrikan\u0173 kalbos\" \/>\n<meta property=\"og:url\" content=\"https:\/\/talkpal.ai\/lt\/afrikanu-kalbos-gramatika\/\" \/>\n<meta property=\"og:site_name\" content=\"Talkpal\" \/>\n<meta property=\"article:publisher\" content=\"https:\/\/www.facebook.com\/profile.php?id=100090733639311\" \/>\n<meta property=\"article:modified_time\" content=\"2025-05-22T19:04:15+00:00\" \/>\n<meta property=\"og:image\" content=\"https:\/\/talkpal.ai\/wp-content\/uploads\/2023\/05\/south-africa.png\" \/>\n\t<meta property=\"og:image:width\" content=\"512\" \/>\n\t<meta property=\"og:image:height\" content=\"512\" \/>\n\t<meta property=\"og:image:type\" content=\"image\/png\" \/>\n<meta name=\"twitter:card\" content=\"summary_large_image\" \/>\n<meta name=\"twitter:site\" content=\"@talkpalai\" \/>\n<meta name=\"twitter:label1\" content=\"Est. reading time\" \/>\n\t<meta name=\"twitter:data1\" content=\"2 minut\u0117s\" \/>\n<script type=\"application\/ld+json\" class=\"yoast-schema-graph\">{\"@context\":\"https:\/\/schema.org\",\"@graph\":[{\"@type\":\"WebPage\",\"@id\":\"https:\/\/talkpal.ai\/lt\/afrikanu-kalbos-gramatika\/\",\"url\":\"https:\/\/talkpal.ai\/lt\/afrikanu-kalbos-gramatika\/\",\"name\":\"Afrikan\u0173 kalbos gramatika - Talkpal\",\"isPartOf\":{\"@id\":\"https:\/\/talkpal.ai\/lt\/#website\"},\"primaryImageOfPage\":{\"@id\":\"https:\/\/talkpal.ai\/lt\/afrikanu-kalbos-gramatika\/#primaryimage\"},\"image\":{\"@id\":\"https:\/\/talkpal.ai\/lt\/afrikanu-kalbos-gramatika\/#primaryimage\"},\"thumbnailUrl\":\"https:\/\/talkpal.ai\/wp-content\/uploads\/2023\/05\/south-africa.png\",\"datePublished\":\"2023-05-14T13:59:24+00:00\",\"dateModified\":\"2025-05-22T19:04:15+00:00\",\"description\":\"Susipa\u017einkite su afrikie\u010di\u0173 kalbos gramatika naudodamiesi m\u016bs\u0173 pradedan\u010di\u0173j\u0173 vadovu. \u012evaldykite sakini\u0173 konstrukcij\u0105 ir patobulinkite pokalbio \u012fg\u016bd\u017eius.\",\"breadcrumb\":{\"@id\":\"https:\/\/talkpal.ai\/lt\/afrikanu-kalbos-gramatika\/#breadcrumb\"},\"inLanguage\":\"lt-LT\",\"potentialAction\":[{\"@type\":\"ReadAction\",\"target\":[\"https:\/\/talkpal.ai\/lt\/afrikanu-kalbos-gramatika\/\"]}]},{\"@type\":\"ImageObject\",\"inLanguage\":\"lt-LT\",\"@id\":\"https:\/\/talkpal.ai\/lt\/afrikanu-kalbos-gramatika\/#primaryimage\",\"url\":\"https:\/\/talkpal.ai\/wp-content\/uploads\/2023\/05\/south-africa.png\",\"contentUrl\":\"https:\/\/talkpal.ai\/wp-content\/uploads\/2023\/05\/south-africa.png\",\"width\":512,\"height\":512},{\"@type\":\"BreadcrumbList\",\"@id\":\"https:\/\/talkpal.ai\/lt\/afrikanu-kalbos-gramatika\/#breadcrumb\",\"itemListElement\":[{\"@type\":\"ListItem\",\"position\":1,\"name\":\"Homepage\",\"item\":\"https:\/\/talkpal.ai\/lt\/\"},{\"@type\":\"ListItem\",\"position\":2,\"name\":\"Afrikan\u0173 kalbos gramatika\"}]},{\"@type\":\"WebSite\",\"@id\":\"https:\/\/talkpal.ai\/lt\/#website\",\"url\":\"https:\/\/talkpal.ai\/lt\/\",\"name\":\"Talkpal\",\"description\":\"AI Language Learning\",\"publisher\":{\"@id\":\"https:\/\/talkpal.ai\/lt\/#organization\"},\"alternateName\":\"Talkpal AI\",\"potentialAction\":[{\"@type\":\"SearchAction\",\"target\":{\"@type\":\"EntryPoint\",\"urlTemplate\":\"https:\/\/talkpal.ai\/lt\/?s={search_term_string}\"},\"query-input\":{\"@type\":\"PropertyValueSpecification\",\"valueRequired\":true,\"valueName\":\"search_term_string\"}}],\"inLanguage\":\"lt-LT\"},{\"@type\":\"Organization\",\"@id\":\"https:\/\/talkpal.ai\/lt\/#organization\",\"name\":\"Talkpal, Inc.\",\"alternateName\":\"Talkpal AI\",\"url\":\"https:\/\/talkpal.ai\/lt\/\",\"logo\":{\"@type\":\"ImageObject\",\"inLanguage\":\"lt-LT\",\"@id\":\"https:\/\/talkpal.ai\/lt\/#\/schema\/logo\/image\/\",\"url\":\"https:\/\/talkpal.ai\/wp-content\/uploads\/2024\/03\/Talkpal-Logo-Icon.png\",\"contentUrl\":\"https:\/\/talkpal.ai\/wp-content\/uploads\/2024\/03\/Talkpal-Logo-Icon.png\",\"width\":2880,\"height\":2880,\"caption\":\"Talkpal, Inc.\"},\"image\":{\"@id\":\"https:\/\/talkpal.ai\/lt\/#\/schema\/logo\/image\/\"},\"sameAs\":[\"https:\/\/www.facebook.com\/profile.php?id=100090733639311\",\"https:\/\/x.com\/talkpalai\",\"https:\/\/www.linkedin.com\/company\/talkpal\/\",\"https:\/\/www.youtube.com\/@TalkPal\/\",\"https:\/\/www.tiktok.com\/@talkpal\",\"https:\/\/www.instagram.com\/talkpal_ai\/\",\"https:\/\/www.crunchbase.com\/organization\/talkpal-9cde\",\"https:\/\/www.g2.com\/products\/talkpal-for-business\/\",\"https:\/\/www.trustpilot.com\/review\/talkpal.ai\",\"https:\/\/www.capterra.com\/p\/10006800\/TalkPal\/\"],\"description\":\"Talkpal is a language learning web and mobile education app, powered by the latest AI technologies, that provides engaging experiences to its customers in many different languages to help them improve their language skills. Users can chat about unlimited amount of topics with the app and use other modes to practice their language learning.\",\"email\":\"support@talkpal.ai\",\"legalName\":\"Talkpal, Inc.\",\"foundingDate\":\"2023-04-03\",\"duns\":\"118989042\",\"numberOfEmployees\":{\"@type\":\"QuantitativeValue\",\"minValue\":\"11\",\"maxValue\":\"50\"},\"publishingPrinciples\":\"https:\/\/talkpal.ai\/publishing-principles\/\",\"actionableFeedbackPolicy\":\"https:\/\/talkpal.ai\/actionable-feedback-policy\/\",\"correctionsPolicy\":\"https:\/\/talkpal.ai\/corrections-policy\/\",\"ethicsPolicy\":\"https:\/\/talkpal.ai\/ethics-policy\/\",\"diversityPolicy\":\"https:\/\/talkpal.ai\/diversity-policy\/\",\"diversityStaffingReport\":\"https:\/\/talkpal.ai\/diversity-policy\/\"}]}<\/script>\n<!-- \/ Yoast SEO Premium plugin. -->","yoast_head_json":{"title":"Afrikan\u0173 kalbos gramatika - Talkpal","description":"Susipa\u017einkite su afrikie\u010di\u0173 kalbos gramatika naudodamiesi m\u016bs\u0173 pradedan\u010di\u0173j\u0173 vadovu. \u012evaldykite sakini\u0173 konstrukcij\u0105 ir patobulinkite pokalbio \u012fg\u016bd\u017eius.","robots":{"index":"index","follow":"follow","max-snippet":"max-snippet:-1","max-image-preview":"max-image-preview:large","max-video-preview":"max-video-preview:-1"},"canonical":"https:\/\/talkpal.ai\/lt\/afrikanu-kalbos-gramatika\/","og_locale":"lt_LT","og_type":"article","og_title":"Afrikan\u0173 kalbos gramatika","og_description":"Afrikan\u0173 kalbos gramatikos \u012fvaldymas: j\u016bs\u0173 galutinis vadovas Goeie dag, kalbos entuziastai! Ar esate pasireng\u0119s leistis \u012f kelion\u0119 \u012f afrikan\u0173 kalbos","og_url":"https:\/\/talkpal.ai\/lt\/afrikanu-kalbos-gramatika\/","og_site_name":"Talkpal","article_publisher":"https:\/\/www.facebook.com\/profile.php?id=100090733639311","article_modified_time":"2025-05-22T19:04:15+00:00","og_image":[{"width":512,"height":512,"url":"https:\/\/talkpal.ai\/wp-content\/uploads\/2023\/05\/south-africa.png","type":"image\/png"}],"twitter_card":"summary_large_image","twitter_site":"@talkpalai","twitter_misc":{"Est. reading time":"2 minut\u0117s"},"schema":{"@context":"https:\/\/schema.org","@graph":[{"@type":"WebPage","@id":"https:\/\/talkpal.ai\/lt\/afrikanu-kalbos-gramatika\/","url":"https:\/\/talkpal.ai\/lt\/afrikanu-kalbos-gramatika\/","name":"Afrikan\u0173 kalbos gramatika - Talkpal","isPartOf":{"@id":"https:\/\/talkpal.ai\/lt\/#website"},"primaryImageOfPage":{"@id":"https:\/\/talkpal.ai\/lt\/afrikanu-kalbos-gramatika\/#primaryimage"},"image":{"@id":"https:\/\/talkpal.ai\/lt\/afrikanu-kalbos-gramatika\/#primaryimage"},"thumbnailUrl":"https:\/\/talkpal.ai\/wp-content\/uploads\/2023\/05\/south-africa.png","datePublished":"2023-05-14T13:59:24+00:00","dateModified":"2025-05-22T19:04:15+00:00","description":"Susipa\u017einkite su afrikie\u010di\u0173 kalbos gramatika naudodamiesi m\u016bs\u0173 pradedan\u010di\u0173j\u0173 vadovu. \u012evaldykite sakini\u0173 konstrukcij\u0105 ir patobulinkite pokalbio \u012fg\u016bd\u017eius.","breadcrumb":{"@id":"https:\/\/talkpal.ai\/lt\/afrikanu-kalbos-gramatika\/#breadcrumb"},"inLanguage":"lt-LT","potentialAction":[{"@type":"ReadAction","target":["https:\/\/talkpal.ai\/lt\/afrikanu-kalbos-gramatika\/"]}]},{"@type":"ImageObject","inLanguage":"lt-LT","@id":"https:\/\/talkpal.ai\/lt\/afrikanu-kalbos-gramatika\/#primaryimage","url":"https:\/\/talkpal.ai\/wp-content\/uploads\/2023\/05\/south-africa.png","contentUrl":"https:\/\/talkpal.ai\/wp-content\/uploads\/2023\/05\/south-africa.png","width":512,"height":512},{"@type":"BreadcrumbList","@id":"https:\/\/talkpal.ai\/lt\/afrikanu-kalbos-gramatika\/#breadcrumb","itemListElement":[{"@type":"ListItem","position":1,"name":"Homepage","item":"https:\/\/talkpal.ai\/lt\/"},{"@type":"ListItem","position":2,"name":"Afrikan\u0173 kalbos gramatika"}]},{"@type":"WebSite","@id":"https:\/\/talkpal.ai\/lt\/#website","url":"https:\/\/talkpal.ai\/lt\/","name":"Talkpal","description":"AI Language Learning","publisher":{"@id":"https:\/\/talkpal.ai\/lt\/#organization"},"alternateName":"Talkpal AI","potentialAction":[{"@type":"SearchAction","target":{"@type":"EntryPoint","urlTemplate":"https:\/\/talkpal.ai\/lt\/?s={search_term_string}"},"query-input":{"@type":"PropertyValueSpecification","valueRequired":true,"valueName":"search_term_string"}}],"inLanguage":"lt-LT"},{"@type":"Organization","@id":"https:\/\/talkpal.ai\/lt\/#organization","name":"Talkpal, Inc.","alternateName":"Talkpal AI","url":"https:\/\/talkpal.ai\/lt\/","logo":{"@type":"ImageObject","inLanguage":"lt-LT","@id":"https:\/\/talkpal.ai\/lt\/#\/schema\/logo\/image\/","url":"https:\/\/talkpal.ai\/wp-content\/uploads\/2024\/03\/Talkpal-Logo-Icon.png","contentUrl":"https:\/\/talkpal.ai\/wp-content\/uploads\/2024\/03\/Talkpal-Logo-Icon.png","width":2880,"height":2880,"caption":"Talkpal, Inc."},"image":{"@id":"https:\/\/talkpal.ai\/lt\/#\/schema\/logo\/image\/"},"sameAs":["https:\/\/www.facebook.com\/profile.php?id=100090733639311","https:\/\/x.com\/talkpalai","https:\/\/www.linkedin.com\/company\/talkpal\/","https:\/\/www.youtube.com\/@TalkPal\/","https:\/\/www.tiktok.com\/@talkpal","https:\/\/www.instagram.com\/talkpal_ai\/","https:\/\/www.crunchbase.com\/organization\/talkpal-9cde","https:\/\/www.g2.com\/products\/talkpal-for-business\/","https:\/\/www.trustpilot.com\/review\/talkpal.ai","https:\/\/www.capterra.com\/p\/10006800\/TalkPal\/"],"description":"Talkpal is a language learning web and mobile education app, powered by the latest AI technologies, that provides engaging experiences to its customers in many different languages to help them improve their language skills. Users can chat about unlimited amount of topics with the app and use other modes to practice their language learning.","email":"support@talkpal.ai","legalName":"Talkpal, Inc.","foundingDate":"2023-04-03","duns":"118989042","numberOfEmployees":{"@type":"QuantitativeValue","minValue":"11","maxValue":"50"},"publishingPrinciples":"https:\/\/talkpal.ai\/publishing-principles\/","actionableFeedbackPolicy":"https:\/\/talkpal.ai\/actionable-feedback-policy\/","correctionsPolicy":"https:\/\/talkpal.ai\/corrections-policy\/","ethicsPolicy":"https:\/\/talkpal.ai\/ethics-policy\/","diversityPolicy":"https:\/\/talkpal.ai\/diversity-policy\/","diversityStaffingReport":"https:\/\/talkpal.ai\/diversity-policy\/"}]}},"_links":{"self":[{"href":"https:\/\/talkpal.ai\/lt\/wp-json\/wp\/v2\/pages\/140883","targetHints":{"allow":["GET"]}}],"collection":[{"href":"https:\/\/talkpal.ai\/lt\/wp-json\/wp\/v2\/pages"}],"about":[{"href":"https:\/\/talkpal.ai\/lt\/wp-json\/wp\/v2\/types\/page"}],"author":[{"embeddable":true,"href":"https:\/\/talkpal.ai\/lt\/wp-json\/wp\/v2\/users\/1"}],"replies":[{"embeddable":true,"href":"https:\/\/talkpal.ai\/lt\/wp-json\/wp\/v2\/comments?post=140883"}],"version-history":[{"count":0,"href":"https:\/\/talkpal.ai\/lt\/wp-json\/wp\/v2\/pages\/140883\/revisions"}],"wp:featuredmedia":[{"embeddable":true,"href":"https:\/\/talkpal.ai\/lt\/wp-json\/wp\/v2\/media\/108871"}],"wp:attachment":[{"href":"https:\/\/talkpal.ai\/lt\/wp-json\/wp\/v2\/media?parent=140883"}],"curies":[{"name":"wp","href":"https:\/\/api.w.org\/{rel}","templated":true}]}}