{"id":140483,"date":"2023-05-14T13:54:14","date_gmt":"2023-05-14T13:54:14","guid":{"rendered":"http:\/\/talkpal.ai\/armenu-gramatika\/"},"modified":"2025-05-21T10:55:02","modified_gmt":"2025-05-21T10:55:02","slug":"armenu-gramatika","status":"publish","type":"page","link":"https:\/\/talkpal.ai\/lt\/armenu-gramatika\/","title":{"rendered":"Arm\u0117n\u0173 gramatika"},"content":{"rendered":"\r\n\r\n\r\n<section class=\"languageChallengeSection\">\r\n    <div class=\"languageInfoWrapper\">\r\n        \r\n        <h1>Arm\u0117n\u0173 gramatika<\/h1>\r\n        <p>Ar esate pasireng\u0119 tyrin\u0117ti nauj\u0105 kalb\u0105? <a href=\"https:\/\/talkpal.ai\/learn-armenian\/\">Arm\u0117n\u0173<\/a> <a href=\"https:\/\/talkpal.ai\/what-language-is-spoken-on-the-international-space-station\/\">kalbos<\/a> gramatika &#8211; tai j\u016bs\u0173 vartai \u012f \u012fdomi\u0173 ra\u0161t\u0173 ir unikali\u0173 tradicij\u0173 pasaul\u012f! Mokydamiesi <a href=\"https:\/\/talkpal.ai\/learn-armenian\/\">arm\u0117n\u0173<\/a> kalbos gramatikos ne tik i\u0161moksite kalb\u0105, bet ir susipa\u017einsite su giliu Arm\u0117nijos kult\u016bros paveldu. Pasinerkime kartu ir m\u0117gaukim\u0117s kelione \u012f arm\u0117n\u0173 kalb\u0105!<\/p>\r\n\r\n                            <a class=\"getStartedHidden\" href=\"https:\/\/app.talkpal.ai\/lt\/signup?lng=\">Prad\u0117k<\/a>\r\n        \r\n    <\/div>\r\n\r\n    <figure>\r\n    <img decoding=\"async\" width=\"768\" height=\"768\" src=\"https:\/\/talkpal.ai\/wp-content\/uploads\/2023\/06\/armenian-768x768.png\" class=\"languageImage no-lazy\" alt=\"Language learning for higher cognition\" fetchpriority=\"high\" sizes=\"(max-width: 768px) 150px, 768px\" srcset=\"https:\/\/talkpal.ai\/wp-content\/uploads\/2023\/06\/armenian-768x768.png 768w, https:\/\/talkpal.ai\/wp-content\/uploads\/2023\/06\/armenian-300x300.png 300w\" \/>\r\n    \r\n\r\n    <\/figure>\r\n\r\n            <a class=\"getStartedVisible\" href=\"https:\/\/app.talkpal.ai\/lt\/signup?lng=\">Prad\u0117k<\/a>\r\n    \r\n<\/section>\r\n<section class=\"promotionalBanner\">\r\n    <p class=\"promotionalText\">Efektyviausias b\u016bdas mokytis kalbos<\/p>\r\n    <a class=\"promotionalLink\" href=\"https:\/\/app.talkpal.ai\/lt\/signup?lng=\">I\u0161bandykite Talkpal &#8221; nemokamai<\/a>\r\n<\/section>\n<div class=\"wp-block-group pageContainerStyle\"><div class=\"wp-block-group__inner-container is-layout-constrained wp-block-group-is-layout-constrained\">\n<h2 class=\"wp-block-heading\" id=\"h-discovering-the-richness-of-armenian-grammar\">Atraskite arm\u0117n\u0173 gramatikos turtingum\u0105<\/h2>\n\n\n\n<p>Arm\u0117n\u0173 kalba, unikali ir patraukli kalba, turi i\u0161skirtin\u0119 viet\u0105 indoeuropie\u010di\u0173 \u0161eimoje. Arm\u0117n\u0173 <a href=\"https:\/\/talkpal.ai\/lt\/kaip-ismokti-kalba-per-talkpal-chat\/\">kalbos mokymasis<\/a> ne tik praturtina j\u016bs\u0173 kalbin\u012f repertuar\u0105, bet ir leid\u017eia pasinerti \u012f turting\u0105 Arm\u0117nijos istorij\u0105 ir kult\u016br\u0105. Nors <a href=\"https:\/\/talkpal.ai\/armenian-grammar\/\">arm\u0117n\u0173 kalbos gramatika<\/a> i\u0161 pirmo \u017evilgsnio gali atrodyti bauginanti, jos suskaidymas \u012f esminius komponentus supaprastina proces\u0105. \u0160iame straipsnyje supa\u017eindinsime jus su patraukliu arm\u0117n\u0173 kalbos gramatikos pasauliu ir pateiksime patarim\u0173, kaip \u012fvaldyti jos subtilybes.<\/p>\n\n\n\n<h3 class=\"wp-block-heading\" id=\"h-1-the-armenian-alphabet\">1. Arm\u0117n\u0173 ab\u0117c\u0117l\u0117<\/h3>\n\n\n\n<p>Arm\u0117n\u0173 kalba turi savo atskir\u0105 ab\u0117c\u0117l\u0119, susidedan\u010di\u0105 i\u0161 39 raid\u017ei\u0173, kuri\u0173 kiekviena rei\u0161kia tam tikr\u0105 fonem\u0105 ar fonem\u0173 derin\u012f. Norint i\u0161mokti arm\u0117n\u0173 kalbos gramatikos, labai svarbu susipa\u017einti su \u0161ia unikalia ra\u0161to sistema, praktikuojant skaityti ir ra\u0161yti arm\u0117ni\u0161kus tekstus.<\/p>\n\n\n\n<h3 class=\"wp-block-heading\" id=\"h-2-nouns-gender-and-cases\">2. Daiktavard\u017eiai: lytis ir atvejai<\/h3>\n\n\n\n<p>Arm\u0117n\u0173 daiktavard\u017eiai neturi gramatin\u0117s lyties, kaip ir daugelis kit\u0173 kalb\u0173. Ta\u010diau jie turi kelet\u0105 atvej\u0173, \u012fskaitant nominacin\u012f, akustin\u012f, dative, genitive, instrumentin\u012f, abliatyv\u0173 ir lokacin\u012f. \u0160i\u0173 atvej\u0173 formavimo taisykli\u0173 <a href=\"https:\/\/talkpal.ai\/lt\/mokymasis\/\">mokymasis<\/a> leis jums geriau suprasti ir strukt\u016brizuoti arm\u0117n\u0173 sakinius.<\/p>\n\n\n\n<h3 class=\"wp-block-heading\" id=\"h-3-verbs-conjugation-and-tense\">3. Veiksma\u017eod\u017eiai: konjugacija ir \u012ftampa<\/h3>\n\n\n\n<p>Arm\u0117n\u0173 veiksma\u017eod\u017eiai konjuguojami pagal j\u0173 \u012ftamp\u0105, nuotaik\u0105 ir aspekt\u0105. Arm\u0117n\u0173 kalboje yra septyni pagrindiniai laikai, \u012fskaitant dabartin\u012f, netobul\u0105, tobul\u0105, aorist\u0105, ateit\u012f, pluperfekt\u0105 ir ateities tobulum\u0105. \u012eprasti veiksma\u017eod\u017eiai atitinka konkre\u010dius konjugacijos modelius, tod\u0117l juos gana lengva i\u0161mokti, <a href=\"https:\/\/talkpal.ai\/locations\/language-courses-in-kai\/\">kai<\/a> suvokiate taisykles.<\/p>\n\n\n\n<h3 class=\"wp-block-heading\" id=\"h-4-adjectives-agreement-and-placement\">4. B\u016bdvard\u017eiai: susitarimas ir vieta<\/h3>\n\n\n\n<p>Arm\u0117n\u0173 kalbos gramatikoje b\u016bdvard\u017eiai paprastai b\u016bna prie\u0161 daiktavard\u012f, kur\u012f jie kei\u010dia, ir jie neturi sutikti su daiktavard\u017eiu. Ta\u010diau b\u016bdvard\u017eiai gali b\u016bti atmesti, jei jie vartojami i\u0161 esm\u0117s (kaip daiktavardis) arba prie\u0161 juos yra tam tikri parodomieji ir nuosavyb\u0117s \u012fvard\u017eiai.<\/p>\n\n\n\n<p><strong>Pavyzd\u017eiai:<\/strong><\/p>\n\n\n\n<p>&#8211; \u057d\u0578\u0582\u0580\u0562 \u057f\u0561\u0573\u0561\u0580 (surb tachar) &#8211; \u0161ventoji \u0161ventykla<\/p>\n\n\n\n<p>&#8211; \u0561\u0575\u057d \u0574\u0565\u056e \u057f\u0578\u0582\u0576 (ays <a href=\"https:\/\/talkpal.ai\/locations\/language-courses-in-metz\/\">metz<\/a> tun) &#8211; \u0161is didelis namas<\/p>\n\n\n\n<h3 class=\"wp-block-heading\" id=\"h-5-evidentiality-in-verbs\">5. Veiksma\u017eod\u017ei\u0173 \u012frodomumas<\/h3>\n\n\n\n<p>Vienas unikalus arm\u0117n\u0173 kalbos gramatikos aspektas yra \u012frodom\u0173j\u0173 veiksma\u017eod\u017ei\u0173 naudojimas. \u0160is po\u017eymis parodo kalb\u0117tojo \u017eini\u0173 \u0161altin\u012f (asmenin\u0117 patirtis, gandai ar i\u0161vada) apie sakinyje nurodyt\u0105 veiksm\u0105. Atkreipdami d\u0117mes\u012f \u012f \u0161iuos niuansus, pokalbyje galite suteikti konteksto ir ai\u0161kumo.<\/p>\n\n\n\n<h3 class=\"wp-block-heading\" id=\"h-6-engaging-with-the-language\">6. \u012esitraukimas \u012f kalb\u0105<\/h3>\n\n\n\n<p>Efektyviausias b\u016bdas suprasti ir internalizuoti arm\u0117n\u0173 gramatik\u0105 yra reguliariai bendrauti su kalba. Skaitydami arm\u0117n\u0173 literat\u016br\u0105, \u017ei\u016br\u0117dami filmus ar televizijos serialus ir aktyviai bendraudami su gimt\u0105ja kalba, sustiprinsite savo supratim\u0105 apie gramatik\u0105 ir tuo pa\u010diu i\u0161pl\u0117site savo \u017eodyn\u0105.<\/p>\n\n\n\n<h3 class=\"wp-block-heading\" id=\"h-conclusion\">I\u0161vada<\/h3>\n\n\n\n<p>Nors arm\u0117n\u0173 kalbos gramatika gali atrodyti sud\u0117tinga, \u017eingsnis po \u017eingsnio art\u0117dami prie jos ir nuosekliai praktikuodamiesi, gal\u0117site i\u0161mokti \u0161i\u0105 gra\u017ei\u0105 kalb\u0105. Priimkite i\u0161\u0161\u016bk\u012f, kai prad\u0117site arm\u0117n\u0173 kalbos nuotyk\u012f, ir netrukus vis dr\u0105siau \u012fvaldysite jos gramatikos niuansus. Laiming\u0173 studij\u0173 ir m\u0117gaukit\u0117s tyrin\u0117dami arm\u0117n\u0173 gramatikos turtingum\u0105!<\/p>\n<\/div><\/div>\n\r\n<section class=\"learnNavigationSection\">\r\n            \r\n        <a href=\"https:\/\/talkpal.ai\/lt\/suzinokite-armenu-kalba\/\">\r\n            <div class=\"learnNavigationWrapper\">\r\n                <div class=\"learnNavigationContent\">\r\n                    <img decoding=\"async\" src=\"https:\/\/talkpal.ai\/wp-content\/uploads\/2024\/08\/Armenian.jpg\" alt=\"Armenian Flag\">\r\n                    <div>\r\n                        <h4>Apie arm\u0117n\u0173 kalbos mokym\u0105si<\/h4>\r\n                        <p>Su\u017einokite visk\u0105 apie arm\u0117n\u0173 kalbos gramatik\u0105.<\/p>\r\n                    <\/div>\r\n                <\/div>\r\n            <\/div>\r\n        <\/a>\r\n\r\n        \r\n        <a href=\"https:\/\/talkpal.ai\/lt\/armenu-gramatikos-pratimai\/\">\r\n            <div class=\"learnNavigationWrapper\">\r\n                <div class=\"learnNavigationContent\">\r\n                    <img decoding=\"async\" src=\"https:\/\/talkpal.ai\/wp-content\/uploads\/2024\/08\/Armenian.jpg\" alt=\"Armenian Flag\">\r\n                    <div>\r\n                        <h4>Arm\u0117n\u0173 kalbos gramatikos pratybos<\/h4>\r\n                        <p>Praktikuokite arm\u0117n\u0173 gramatik\u0105.<\/p>\r\n                    <\/div>\r\n                <\/div>\r\n            <\/div>\r\n        <\/a>\r\n\r\n        \r\n        <a href=\"https:\/\/talkpal.ai\/vocabulary_language\/armenian\/\">\r\n            <div class=\"learnNavigationWrapper\">\r\n                <div class=\"learnNavigationContent\">\r\n                    <img decoding=\"async\" src=\"https:\/\/talkpal.ai\/wp-content\/uploads\/2024\/08\/Armenian.jpg\" alt=\"Armenian Flag\">\r\n                    <div>\r\n                        <h4>Arm\u0117n\u0173 kalbos \u017eodynas<\/h4>\r\n                        <p>Prapl\u0117skite savo arm\u0117n\u0173 kalbos \u017eodyn\u0105.<\/p>\r\n                    <\/div>\r\n                <\/div>\r\n            <\/div>\r\n        <\/a>\r\n\r\n            <\/section>","protected":false},"excerpt":{"rendered":"<p>Atraskite arm\u0117n\u0173 gramatikos turtingum\u0105 Arm\u0117n\u0173 kalba, unikali ir patraukli kalba, turi i\u0161skirtin\u0119 viet\u0105 indoeuropie\u010di\u0173 \u0161eimoje. Arm\u0117n\u0173 kalbos mokymasis ne tik praturtina j\u016bs\u0173 kalbin\u012f repertuar\u0105, bet ir leid\u017eia pasinerti \u012f turting\u0105 Arm\u0117nijos istorij\u0105 ir kult\u016br\u0105. Nors arm\u0117n\u0173 kalbos gramatika i\u0161 pirmo \u017evilgsnio gali atrodyti bauginanti, jos suskaidymas \u012f esminius komponentus supaprastina proces\u0105. \u0160iame straipsnyje supa\u017eindinsime jus [&hellip;]<\/p>\n","protected":false},"author":1,"featured_media":109089,"parent":0,"menu_order":0,"comment_status":"closed","ping_status":"closed","template":"LearningContentPage.php","meta":{"_acf_changed":false,"footnotes":""},"class_list":["post-140483","page","type-page","status-publish","has-post-thumbnail","hentry"],"acf":[],"yoast_head":"<!-- This site is optimized with the Yoast SEO Premium plugin v27.2 (Yoast SEO v27.2) - https:\/\/yoast.com\/product\/yoast-seo-premium-wordpress\/ -->\n<title>Arm\u0117n\u0173 gramatika - Talkpal<\/title>\n<meta name=\"description\" content=\"Atskleiskite arm\u0117n\u0173 kalbos gramatikos paslaptis ir pa\u017einkite turting\u0105 Arm\u0117nijos kult\u016br\u0105 i\u0161mokdami \u0161i\u0105 \u012fdomi\u0105 kalb\u0105.\" \/>\n<meta name=\"robots\" content=\"index, follow, max-snippet:-1, max-image-preview:large, max-video-preview:-1\" \/>\n<link rel=\"canonical\" href=\"https:\/\/talkpal.ai\/lt\/armenu-gramatika\/\" \/>\n<meta property=\"og:locale\" content=\"lt_LT\" \/>\n<meta property=\"og:type\" content=\"article\" \/>\n<meta property=\"og:title\" content=\"Arm\u0117n\u0173 gramatika\" \/>\n<meta property=\"og:description\" content=\"Atraskite arm\u0117n\u0173 gramatikos turtingum\u0105 Arm\u0117n\u0173 kalba, unikali ir patraukli kalba, turi i\u0161skirtin\u0119 viet\u0105 indoeuropie\u010di\u0173 \u0161eimoje. Arm\u0117n\u0173 kalbos mokymasis ne\" \/>\n<meta property=\"og:url\" content=\"https:\/\/talkpal.ai\/lt\/armenu-gramatika\/\" \/>\n<meta property=\"og:site_name\" content=\"Talkpal\" \/>\n<meta property=\"article:publisher\" content=\"https:\/\/www.facebook.com\/profile.php?id=100090733639311\" \/>\n<meta property=\"article:modified_time\" content=\"2025-05-21T10:55:02+00:00\" \/>\n<meta property=\"og:image\" content=\"https:\/\/talkpal.ai\/wp-content\/uploads\/2023\/05\/armenia.png\" \/>\n\t<meta property=\"og:image:width\" content=\"512\" \/>\n\t<meta property=\"og:image:height\" content=\"512\" \/>\n\t<meta property=\"og:image:type\" content=\"image\/png\" \/>\n<meta name=\"twitter:card\" content=\"summary_large_image\" \/>\n<meta name=\"twitter:site\" content=\"@talkpalai\" \/>\n<meta name=\"twitter:label1\" content=\"Est. reading time\" \/>\n\t<meta name=\"twitter:data1\" content=\"2 minut\u0117s\" \/>\n<script type=\"application\/ld+json\" class=\"yoast-schema-graph\">{\"@context\":\"https:\/\/schema.org\",\"@graph\":[{\"@type\":\"WebPage\",\"@id\":\"https:\/\/talkpal.ai\/lt\/armenu-gramatika\/\",\"url\":\"https:\/\/talkpal.ai\/lt\/armenu-gramatika\/\",\"name\":\"Arm\u0117n\u0173 gramatika - Talkpal\",\"isPartOf\":{\"@id\":\"https:\/\/talkpal.ai\/lt\/#website\"},\"primaryImageOfPage\":{\"@id\":\"https:\/\/talkpal.ai\/lt\/armenu-gramatika\/#primaryimage\"},\"image\":{\"@id\":\"https:\/\/talkpal.ai\/lt\/armenu-gramatika\/#primaryimage\"},\"thumbnailUrl\":\"https:\/\/talkpal.ai\/wp-content\/uploads\/2023\/05\/armenia.png\",\"datePublished\":\"2023-05-14T13:54:14+00:00\",\"dateModified\":\"2025-05-21T10:55:02+00:00\",\"description\":\"Atskleiskite arm\u0117n\u0173 kalbos gramatikos paslaptis ir pa\u017einkite turting\u0105 Arm\u0117nijos kult\u016br\u0105 i\u0161mokdami \u0161i\u0105 \u012fdomi\u0105 kalb\u0105.\",\"breadcrumb\":{\"@id\":\"https:\/\/talkpal.ai\/lt\/armenu-gramatika\/#breadcrumb\"},\"inLanguage\":\"lt-LT\",\"potentialAction\":[{\"@type\":\"ReadAction\",\"target\":[\"https:\/\/talkpal.ai\/lt\/armenu-gramatika\/\"]}]},{\"@type\":\"ImageObject\",\"inLanguage\":\"lt-LT\",\"@id\":\"https:\/\/talkpal.ai\/lt\/armenu-gramatika\/#primaryimage\",\"url\":\"https:\/\/talkpal.ai\/wp-content\/uploads\/2023\/05\/armenia.png\",\"contentUrl\":\"https:\/\/talkpal.ai\/wp-content\/uploads\/2023\/05\/armenia.png\",\"width\":512,\"height\":512},{\"@type\":\"BreadcrumbList\",\"@id\":\"https:\/\/talkpal.ai\/lt\/armenu-gramatika\/#breadcrumb\",\"itemListElement\":[{\"@type\":\"ListItem\",\"position\":1,\"name\":\"Homepage\",\"item\":\"https:\/\/talkpal.ai\/lt\/\"},{\"@type\":\"ListItem\",\"position\":2,\"name\":\"Arm\u0117n\u0173 gramatika\"}]},{\"@type\":\"WebSite\",\"@id\":\"https:\/\/talkpal.ai\/lt\/#website\",\"url\":\"https:\/\/talkpal.ai\/lt\/\",\"name\":\"Talkpal\",\"description\":\"AI Language Learning\",\"publisher\":{\"@id\":\"https:\/\/talkpal.ai\/lt\/#organization\"},\"alternateName\":\"Talkpal AI\",\"potentialAction\":[{\"@type\":\"SearchAction\",\"target\":{\"@type\":\"EntryPoint\",\"urlTemplate\":\"https:\/\/talkpal.ai\/lt\/?s={search_term_string}\"},\"query-input\":{\"@type\":\"PropertyValueSpecification\",\"valueRequired\":true,\"valueName\":\"search_term_string\"}}],\"inLanguage\":\"lt-LT\"},{\"@type\":\"Organization\",\"@id\":\"https:\/\/talkpal.ai\/lt\/#organization\",\"name\":\"Talkpal, Inc.\",\"alternateName\":\"Talkpal AI\",\"url\":\"https:\/\/talkpal.ai\/lt\/\",\"logo\":{\"@type\":\"ImageObject\",\"inLanguage\":\"lt-LT\",\"@id\":\"https:\/\/talkpal.ai\/lt\/#\/schema\/logo\/image\/\",\"url\":\"https:\/\/talkpal.ai\/wp-content\/uploads\/2024\/03\/Talkpal-Logo-Icon.png\",\"contentUrl\":\"https:\/\/talkpal.ai\/wp-content\/uploads\/2024\/03\/Talkpal-Logo-Icon.png\",\"width\":2880,\"height\":2880,\"caption\":\"Talkpal, Inc.\"},\"image\":{\"@id\":\"https:\/\/talkpal.ai\/lt\/#\/schema\/logo\/image\/\"},\"sameAs\":[\"https:\/\/www.facebook.com\/profile.php?id=100090733639311\",\"https:\/\/x.com\/talkpalai\",\"https:\/\/www.linkedin.com\/company\/talkpal\/\",\"https:\/\/www.youtube.com\/@TalkPal\/\",\"https:\/\/www.tiktok.com\/@talkpal\",\"https:\/\/www.instagram.com\/talkpal_ai\/\",\"https:\/\/www.crunchbase.com\/organization\/talkpal-9cde\",\"https:\/\/www.g2.com\/products\/talkpal-for-business\/\",\"https:\/\/www.trustpilot.com\/review\/talkpal.ai\",\"https:\/\/www.capterra.com\/p\/10006800\/TalkPal\/\"],\"description\":\"Talkpal is a language learning web and mobile education app, powered by the latest AI technologies, that provides engaging experiences to its customers in many different languages to help them improve their language skills. Users can chat about unlimited amount of topics with the app and use other modes to practice their language learning.\",\"email\":\"support@talkpal.ai\",\"legalName\":\"Talkpal, Inc.\",\"foundingDate\":\"2023-04-03\",\"duns\":\"118989042\",\"numberOfEmployees\":{\"@type\":\"QuantitativeValue\",\"minValue\":\"11\",\"maxValue\":\"50\"},\"publishingPrinciples\":\"https:\/\/talkpal.ai\/publishing-principles\/\",\"actionableFeedbackPolicy\":\"https:\/\/talkpal.ai\/actionable-feedback-policy\/\",\"correctionsPolicy\":\"https:\/\/talkpal.ai\/corrections-policy\/\",\"ethicsPolicy\":\"https:\/\/talkpal.ai\/ethics-policy\/\",\"diversityPolicy\":\"https:\/\/talkpal.ai\/diversity-policy\/\",\"diversityStaffingReport\":\"https:\/\/talkpal.ai\/diversity-policy\/\"}]}<\/script>\n<!-- \/ Yoast SEO Premium plugin. -->","yoast_head_json":{"title":"Arm\u0117n\u0173 gramatika - Talkpal","description":"Atskleiskite arm\u0117n\u0173 kalbos gramatikos paslaptis ir pa\u017einkite turting\u0105 Arm\u0117nijos kult\u016br\u0105 i\u0161mokdami \u0161i\u0105 \u012fdomi\u0105 kalb\u0105.","robots":{"index":"index","follow":"follow","max-snippet":"max-snippet:-1","max-image-preview":"max-image-preview:large","max-video-preview":"max-video-preview:-1"},"canonical":"https:\/\/talkpal.ai\/lt\/armenu-gramatika\/","og_locale":"lt_LT","og_type":"article","og_title":"Arm\u0117n\u0173 gramatika","og_description":"Atraskite arm\u0117n\u0173 gramatikos turtingum\u0105 Arm\u0117n\u0173 kalba, unikali ir patraukli kalba, turi i\u0161skirtin\u0119 viet\u0105 indoeuropie\u010di\u0173 \u0161eimoje. Arm\u0117n\u0173 kalbos mokymasis ne","og_url":"https:\/\/talkpal.ai\/lt\/armenu-gramatika\/","og_site_name":"Talkpal","article_publisher":"https:\/\/www.facebook.com\/profile.php?id=100090733639311","article_modified_time":"2025-05-21T10:55:02+00:00","og_image":[{"width":512,"height":512,"url":"https:\/\/talkpal.ai\/wp-content\/uploads\/2023\/05\/armenia.png","type":"image\/png"}],"twitter_card":"summary_large_image","twitter_site":"@talkpalai","twitter_misc":{"Est. reading time":"2 minut\u0117s"},"schema":{"@context":"https:\/\/schema.org","@graph":[{"@type":"WebPage","@id":"https:\/\/talkpal.ai\/lt\/armenu-gramatika\/","url":"https:\/\/talkpal.ai\/lt\/armenu-gramatika\/","name":"Arm\u0117n\u0173 gramatika - Talkpal","isPartOf":{"@id":"https:\/\/talkpal.ai\/lt\/#website"},"primaryImageOfPage":{"@id":"https:\/\/talkpal.ai\/lt\/armenu-gramatika\/#primaryimage"},"image":{"@id":"https:\/\/talkpal.ai\/lt\/armenu-gramatika\/#primaryimage"},"thumbnailUrl":"https:\/\/talkpal.ai\/wp-content\/uploads\/2023\/05\/armenia.png","datePublished":"2023-05-14T13:54:14+00:00","dateModified":"2025-05-21T10:55:02+00:00","description":"Atskleiskite arm\u0117n\u0173 kalbos gramatikos paslaptis ir pa\u017einkite turting\u0105 Arm\u0117nijos kult\u016br\u0105 i\u0161mokdami \u0161i\u0105 \u012fdomi\u0105 kalb\u0105.","breadcrumb":{"@id":"https:\/\/talkpal.ai\/lt\/armenu-gramatika\/#breadcrumb"},"inLanguage":"lt-LT","potentialAction":[{"@type":"ReadAction","target":["https:\/\/talkpal.ai\/lt\/armenu-gramatika\/"]}]},{"@type":"ImageObject","inLanguage":"lt-LT","@id":"https:\/\/talkpal.ai\/lt\/armenu-gramatika\/#primaryimage","url":"https:\/\/talkpal.ai\/wp-content\/uploads\/2023\/05\/armenia.png","contentUrl":"https:\/\/talkpal.ai\/wp-content\/uploads\/2023\/05\/armenia.png","width":512,"height":512},{"@type":"BreadcrumbList","@id":"https:\/\/talkpal.ai\/lt\/armenu-gramatika\/#breadcrumb","itemListElement":[{"@type":"ListItem","position":1,"name":"Homepage","item":"https:\/\/talkpal.ai\/lt\/"},{"@type":"ListItem","position":2,"name":"Arm\u0117n\u0173 gramatika"}]},{"@type":"WebSite","@id":"https:\/\/talkpal.ai\/lt\/#website","url":"https:\/\/talkpal.ai\/lt\/","name":"Talkpal","description":"AI Language Learning","publisher":{"@id":"https:\/\/talkpal.ai\/lt\/#organization"},"alternateName":"Talkpal AI","potentialAction":[{"@type":"SearchAction","target":{"@type":"EntryPoint","urlTemplate":"https:\/\/talkpal.ai\/lt\/?s={search_term_string}"},"query-input":{"@type":"PropertyValueSpecification","valueRequired":true,"valueName":"search_term_string"}}],"inLanguage":"lt-LT"},{"@type":"Organization","@id":"https:\/\/talkpal.ai\/lt\/#organization","name":"Talkpal, Inc.","alternateName":"Talkpal AI","url":"https:\/\/talkpal.ai\/lt\/","logo":{"@type":"ImageObject","inLanguage":"lt-LT","@id":"https:\/\/talkpal.ai\/lt\/#\/schema\/logo\/image\/","url":"https:\/\/talkpal.ai\/wp-content\/uploads\/2024\/03\/Talkpal-Logo-Icon.png","contentUrl":"https:\/\/talkpal.ai\/wp-content\/uploads\/2024\/03\/Talkpal-Logo-Icon.png","width":2880,"height":2880,"caption":"Talkpal, Inc."},"image":{"@id":"https:\/\/talkpal.ai\/lt\/#\/schema\/logo\/image\/"},"sameAs":["https:\/\/www.facebook.com\/profile.php?id=100090733639311","https:\/\/x.com\/talkpalai","https:\/\/www.linkedin.com\/company\/talkpal\/","https:\/\/www.youtube.com\/@TalkPal\/","https:\/\/www.tiktok.com\/@talkpal","https:\/\/www.instagram.com\/talkpal_ai\/","https:\/\/www.crunchbase.com\/organization\/talkpal-9cde","https:\/\/www.g2.com\/products\/talkpal-for-business\/","https:\/\/www.trustpilot.com\/review\/talkpal.ai","https:\/\/www.capterra.com\/p\/10006800\/TalkPal\/"],"description":"Talkpal is a language learning web and mobile education app, powered by the latest AI technologies, that provides engaging experiences to its customers in many different languages to help them improve their language skills. Users can chat about unlimited amount of topics with the app and use other modes to practice their language learning.","email":"support@talkpal.ai","legalName":"Talkpal, Inc.","foundingDate":"2023-04-03","duns":"118989042","numberOfEmployees":{"@type":"QuantitativeValue","minValue":"11","maxValue":"50"},"publishingPrinciples":"https:\/\/talkpal.ai\/publishing-principles\/","actionableFeedbackPolicy":"https:\/\/talkpal.ai\/actionable-feedback-policy\/","correctionsPolicy":"https:\/\/talkpal.ai\/corrections-policy\/","ethicsPolicy":"https:\/\/talkpal.ai\/ethics-policy\/","diversityPolicy":"https:\/\/talkpal.ai\/diversity-policy\/","diversityStaffingReport":"https:\/\/talkpal.ai\/diversity-policy\/"}]}},"_links":{"self":[{"href":"https:\/\/talkpal.ai\/lt\/wp-json\/wp\/v2\/pages\/140483","targetHints":{"allow":["GET"]}}],"collection":[{"href":"https:\/\/talkpal.ai\/lt\/wp-json\/wp\/v2\/pages"}],"about":[{"href":"https:\/\/talkpal.ai\/lt\/wp-json\/wp\/v2\/types\/page"}],"author":[{"embeddable":true,"href":"https:\/\/talkpal.ai\/lt\/wp-json\/wp\/v2\/users\/1"}],"replies":[{"embeddable":true,"href":"https:\/\/talkpal.ai\/lt\/wp-json\/wp\/v2\/comments?post=140483"}],"version-history":[{"count":0,"href":"https:\/\/talkpal.ai\/lt\/wp-json\/wp\/v2\/pages\/140483\/revisions"}],"wp:featuredmedia":[{"embeddable":true,"href":"https:\/\/talkpal.ai\/lt\/wp-json\/wp\/v2\/media\/109089"}],"wp:attachment":[{"href":"https:\/\/talkpal.ai\/lt\/wp-json\/wp\/v2\/media?parent=140483"}],"curies":[{"name":"wp","href":"https:\/\/api.w.org\/{rel}","templated":true}]}}