{"id":140204,"date":"2023-05-14T13:53:48","date_gmt":"2023-05-14T13:53:48","guid":{"rendered":"http:\/\/talkpal.ai\/azerbaidzano-gramatika\/"},"modified":"2025-05-22T08:23:57","modified_gmt":"2025-05-22T08:23:57","slug":"azerbaidzano-gramatika","status":"publish","type":"page","link":"https:\/\/talkpal.ai\/lt\/azerbaidzano-gramatika\/","title":{"rendered":"Azerbaid\u017eano gramatika"},"content":{"rendered":"\r\n\r\n\r\n<section class=\"languageChallengeSection\">\r\n    <div class=\"languageInfoWrapper\">\r\n        \r\n        <h1>Azerbaid\u017eano gramatika<\/h1>\r\n        <p>Ar esate pasireng\u0119 atskleisti <a href=\"https:\/\/talkpal.ai\/learn-azerbaijani\/\">azerbaid\u017eanie\u010di\u0173<\/a> <a href=\"https:\/\/talkpal.ai\/what-language-is-spoken-on-the-international-space-station\/\">kalbos<\/a> gro\u017e\u012f? Pasinerkite \u012f azerbaid\u017eanie\u010di\u0173 kalbos gramatik\u0105 ir atraskite jos unikali\u0105 strukt\u016br\u0105 &#8211; nuo balsi\u0173 darnos iki i\u0161rai\u0161king\u0173 veiksma\u017eod\u017ei\u0173 form\u0173. Prad\u0117kite mokytis \u0161iandien ir patirkite, kaip gramatikos i\u0161manymas i\u0161 ties\u0173 atveria keli\u0105 \u012f skland\u0173 pokalb\u012f ir gilesn\u012f azerbaid\u017eanie\u010di\u0173 kult\u016bros supratim\u0105!<\/p>\r\n\r\n                            <a class=\"getStartedHidden\" href=\"https:\/\/app.talkpal.ai\/lt\/signup?lng=\">Prad\u0117k<\/a>\r\n        \r\n    <\/div>\r\n\r\n    <figure>\r\n    <img decoding=\"async\" width=\"768\" height=\"768\" src=\"https:\/\/talkpal.ai\/wp-content\/uploads\/2023\/06\/azerbaijani-768x768.png\" class=\"languageImage no-lazy\" alt=\"Language learning for enhanced cognitive skills\" fetchpriority=\"high\" sizes=\"(max-width: 768px) 150px, 768px\" srcset=\"https:\/\/talkpal.ai\/wp-content\/uploads\/2023\/06\/azerbaijani-768x768.png 768w, https:\/\/talkpal.ai\/wp-content\/uploads\/2023\/06\/azerbaijani-300x300.png 300w\" \/>\r\n    \r\n\r\n    <\/figure>\r\n\r\n            <a class=\"getStartedVisible\" href=\"https:\/\/app.talkpal.ai\/lt\/signup?lng=\">Prad\u0117k<\/a>\r\n    \r\n<\/section>\r\n<section class=\"promotionalBanner\">\r\n    <p class=\"promotionalText\">Efektyviausias b\u016bdas mokytis kalbos<\/p>\r\n    <a class=\"promotionalLink\" href=\"https:\/\/app.talkpal.ai\/lt\/signup?lng=\">I\u0161bandykite Talkpal &#8221; nemokamai<\/a>\r\n<\/section>\n<div class=\"wp-block-group pageContainerStyle\"><div class=\"wp-block-group__inner-container is-layout-constrained wp-block-group-is-layout-constrained\">\n<h2 class=\"wp-block-heading\" id=\"h-a-comprehensive-guide-to-azerbaijani-grammar\">I\u0161samus Azerbaid\u017eano gramatikos vadovas<\/h2>\n\n\n\n<p>Ar kada nors galvojote apie azerbaid\u017eanie\u010di\u0173 kalbos mokym\u0105si? Kaip oficiali Azerbaid\u017eano kalba, kuria kalba milijonai Kaukazo regiono \u017emoni\u0173, azerbaid\u017eanie\u010di\u0173 kalba yra unikali ir patraukli kalba. Tur\u0117dama turting\u0105 istorij\u0105, \u012fvairi\u0105 kult\u016br\u0105 ir <a href=\"https:\/\/talkpal.ai\/learn-turkish\/\">turk\u0173<\/a>, <a href=\"https:\/\/talkpal.ai\/learn-russian\/\">rus\u0173<\/a> bei <a href=\"https:\/\/talkpal.ai\/learn-persian\/\">pers\u0173<\/a> kalb\u0173 \u012ftak\u0173 mi\u0161in\u012f, azerbaid\u017eanie\u010di\u0173 kalba suteikia unikali\u0105 kalbin\u0119 patirt\u012f. Bet nebijok, mano drauge! \u0160iame straipsnyje mes atskleisime Azerbaid\u017eano gramatikos stebuklus, padarydami j\u0105 prieinam\u0105 ir, dr\u012fstu sakyti, maloni\u0105 tokiems kalbos entuziastams kaip j\u016bs.<\/p>\n\n\n\n<p><strong>Prad\u0117kime, gerai?<\/strong><\/p>\n\n\n\n<h3 class=\"wp-block-heading\" id=\"h-1-the-azerbaijani-alphabet-a-fusion-of-beauty-and-simplicity\">1. Azerbaid\u017eano ab\u0117c\u0117l\u0117: gro\u017eio ir paprastumo sintez\u0117<\/h3>\n\n\n\n<p>Azerbaid\u017eano ab\u0117c\u0117l\u0117 yra pagr\u012fsta lotyni\u0161ku ra\u0161meniu, kur\u012f sudaro 32 raid\u0117s. Nesijaudinkite, jums nereik\u0117s i\u0161\u0161ifruoti m\u012fsling\u0173 simboli\u0173, nes jie labai pana\u0161\u016bs \u012f <a href=\"https:\/\/talkpal.ai\/learn-english-with-ai\/\">angl\u0173<\/a> kalbos ab\u0117c\u0117l\u0119. Ta\u010diau <a href=\"https:\/\/talkpal.ai\/locations\/language-courses-in-kai\/\">kai<\/a> kurios raid\u0117s turi unikalius akcentus ir diakritinius \u017eenklus, vaizduojan\u010dius konkre\u010dius azerbaid\u017eanieti\u0161kus garsus. Koki\u0105 svarbiausi\u0105 i\u0161vad\u0105 galite padaryti? Ab\u0117c\u0117l\u0117s \u012fvaldymas yra pirmas ma\u017eas, bet esminis \u017eingsnis mokantis kalbos.<\/p>\n\n\n\n<h3 class=\"wp-block-heading\" id=\"h-2-word-order-simple-as-s-o-v\">2. \u017dod\u017ei\u0173 tvarka: paprasta kaip S-O-V!<\/h3>\n\n\n\n<p>Skirtingai nuo angl\u0173 kalbos, kuri seka dalyko-veiksma\u017eod\u017eio-objekto (SVO) \u017eod\u017ei\u0173 tvark\u0105, azerbaid\u017eanie\u010di\u0173 kalba yra SOV kalba. Tai rei\u0161kia, kad paprastai tem\u0105 rasite sakinio prad\u017eioje, po to &#8211; objekt\u0105 ir baigsite veiksma\u017eod\u017eiu. I\u0161 prad\u017ei\u0173 tai gali atrodyti \u0161iek tiek keista, bet patik\u0117kite manimi, j\u016bs greitai tai suprasite! Pavyzd\u017eiui, angli\u0161kai sakome &#8222;I love Azerbaijan&#8221;. Azerbaid\u017eanieti\u0161kai sakinys b\u016bt\u0173 toks: &#8222;M\u0259n Az\u0259rbaycan\u0131 sevir\u0259m&#8221; (pa\u017eod\u017eiui: &#8222;A\u0161 Azerbaid\u017ean\u0105 myliu&#8221;). Torto gabalas, tiesa?<\/p>\n\n\n\n<h3 class=\"wp-block-heading\" id=\"h-3-noun-cases-a-colorful-display-of-linguistic-variety\">3. Daiktavard\u017ei\u0173 atvejai: spalvingas kalbin\u0117s \u012fvairov\u0117s rodymas<\/h3>\n\n\n\n<p>Vienas i\u0161 ry\u0161kiausi\u0173 Azerbaid\u017eano gramatikos bruo\u017e\u0173 yra jo daiktavard\u017ei\u0173 atvejai. Kalba pasi\u017eymi \u0161e\u0161iais skirtingais atvejais, kuri\u0173 kiekvienas atlieka tam tikr\u0105 funkcij\u0105. Tai yra: nominacinis, genitive, dative, akustinis, lokacinis ir abliatyvus. Dabar tai gali skamb\u0117ti bauginan\u010diai, bet nebijokite! Kaip ir paveikslo tapymas skirtingomis spalvomis, \u0161ie atvejai j\u016bs\u0173 sakiniams suteikia gylio ir prasm\u0117s. Pavyzd\u017eiui, \u017eodis &#8222;kitab&#8221; (knyga) gali virsti \u017eod\u017eiu &#8222;kitab\u0131n&#8221; (knygos), kad b\u016bt\u0173 i\u0161reik\u0161ta nuosavyb\u0117. Kai palaipsniui susipa\u017einsite su \u0161iais atvejais, prad\u0117site vertinti j\u0173 reik\u0161m\u0119 kalboje.<\/p>\n\n\n\n<h3 class=\"wp-block-heading\" id=\"h-4-verb-conjugation-express-yourself-with-ease\">4. Veiksma\u017eod\u017ei\u0173 konjugacija: lengvai i\u0161reik\u0161kite save<\/h3>\n\n\n\n<p>Azerbaid\u017eano veiksma\u017eod\u017eiai yra turtingi ir i\u0161rai\u0161kingi, leid\u017eiantys perteikti \u012fvairius veiksmus, emocijas, ketinimus ir dar daugiau. Azerbaid\u017eano veiksma\u017eod\u017ei\u0173 konjugacijos \u012fsisavinimo raktas yra begalin\u0117s formos (pagrindin\u0117s, nekonjuguotos veiksma\u017eod\u017eio formos) ir \u012fvairi\u0173 priesag\u0173, rodan\u010di\u0173 \u012ftamp\u0105, asmen\u012f ir skai\u010di\u0173, supratimas. Pavyzd\u017eiui, infinityvas &#8222;g\u00f6rm\u0259k&#8221; (matyti) gali tapti &#8222;g\u00f6r\u00fcr\u0259m&#8221; (matau) arba &#8222;g\u00f6rd\u00fcm&#8221; (pama\u010diau). Praktika daro meistri\u0161kum\u0105, tod\u0117l laikykit\u0117s jos ir greitai tapsite veiksma\u017eod\u017ei\u0173 linksniavimo specialistu!<\/p>\n\n\n\n<h3 class=\"wp-block-heading\" id=\"h-5-it-s-all-about-the-context-dig-deep-into-the-azerbaijani-mindset\">5. Viskas priklauso nuo konteksto: Gilinkit\u0117s \u012f azerbaid\u017eanie\u010di\u0173 m\u0105stysen\u0105!<\/h3>\n\n\n\n<p>Kai prad\u0117site d\u0117lioti sakinius ir pasinerti \u012f azerbaid\u017eanie\u010di\u0173 kalb\u0105, visada tur\u0117kite omenyje, kad kontekstas yra labai svarbus. Azerbaid\u017eano kult\u016bra, istorija ir pasaul\u0117\u017ei\u016bra vaidina svarb\u0173 vaidmen\u012f formuojant kalb\u0105. Tod\u0117l, kaip sakoma, &#8222;kai esi Romoje, daryk taip, kaip daro rom\u0117nai&#8221;. Pasinerkite \u012f Azerbaid\u017eano m\u0105stysen\u0105, kad \u012fgytum\u0117te tikr\u0105 kalbos jausm\u0105. Bendraukite su gimt\u0105ja kalba, tyrin\u0117kite vietin\u0119 literat\u016br\u0105 ir priimkite kalbos ypatumus. Patik\u0117kite manimi, ne tik pagerinsite savo kalbos \u017einias, bet ir \u012fgysite nepamir\u0161tamos patirties bei prisiminim\u0173.<\/p>\n\n\n\n<p>Apibendrinant, azerbaid\u017eanie\u010di\u0173 kalbos gramatika i\u0161 prad\u017ei\u0173 gali atrodyti sud\u0117tinga, ta\u010diau pasi\u0161vent\u0119, praktikuodamiesi ir dom\u0117damiesi kult\u016bra, greitai tapsite profesionalu! Taigi, kam laukti? Pasinerkite ir leiskit\u0117s \u012f \u0161\u012f jaudinant\u012f kalbin\u012f nuotyk\u012f, kuris paliks jus baim\u0117je d\u0117l azerbaid\u017eanie\u010di\u0173 kalbos gro\u017eio ir gylio.<\/p>\n<\/div><\/div>\n\r\n<section class=\"learnNavigationSection\">\r\n            \r\n        <a href=\"https:\/\/talkpal.ai\/lt\/suzinokite-azerbaidzanieciu-kalba\/\">\r\n            <div class=\"learnNavigationWrapper\">\r\n                <div class=\"learnNavigationContent\">\r\n                    <img decoding=\"async\" src=\"https:\/\/talkpal.ai\/wp-content\/uploads\/2024\/08\/Azerbaijani.jpg\" alt=\"Azerbaijani Flag\">\r\n                    <div>\r\n                        <h4>Apie azerbaid\u017eanie\u010di\u0173 mokym\u0105si<\/h4>\r\n                        <p>Su\u017einokite visk\u0105 apie Azerbaid\u017eano gramatik\u0105.<\/p>\r\n                    <\/div>\r\n                <\/div>\r\n            <\/div>\r\n        <\/a>\r\n\r\n        \r\n        <a href=\"https:\/\/talkpal.ai\/lt\/azerbaidzano-gramatikos-pratimai\/\">\r\n            <div class=\"learnNavigationWrapper\">\r\n                <div class=\"learnNavigationContent\">\r\n                    <img decoding=\"async\" src=\"https:\/\/talkpal.ai\/wp-content\/uploads\/2024\/08\/Azerbaijani.jpg\" alt=\"Azerbaijani Flag\">\r\n                    <div>\r\n                        <h4>Azerbaid\u017eanie\u010di\u0173 kalbos gramatikos pratybos<\/h4>\r\n                        <p>Praktikuokite Azerbaid\u017eano gramatik\u0105.<\/p>\r\n                    <\/div>\r\n                <\/div>\r\n            <\/div>\r\n        <\/a>\r\n\r\n        \r\n        <a href=\"https:\/\/talkpal.ai\/vocabulary_language\/azerbaijani\/\">\r\n            <div class=\"learnNavigationWrapper\">\r\n                <div class=\"learnNavigationContent\">\r\n                    <img decoding=\"async\" src=\"https:\/\/talkpal.ai\/wp-content\/uploads\/2024\/08\/Azerbaijani.jpg\" alt=\"Azerbaijani Flag\">\r\n                    <div>\r\n                        <h4>Azerbaid\u017eanie\u010di\u0173 kalbos \u017eodynas<\/h4>\r\n                        <p>Prapl\u0117skite savo azerbaid\u017eanieti\u0161k\u0105 \u017eodyn\u0105.<\/p>\r\n                    <\/div>\r\n                <\/div>\r\n            <\/div>\r\n        <\/a>\r\n\r\n            <\/section>","protected":false},"excerpt":{"rendered":"<p>I\u0161samus Azerbaid\u017eano gramatikos vadovas Ar kada nors galvojote apie azerbaid\u017eanie\u010di\u0173 kalbos mokym\u0105si? Kaip oficiali Azerbaid\u017eano kalba, kuria kalba milijonai Kaukazo regiono \u017emoni\u0173, azerbaid\u017eanie\u010di\u0173 kalba yra unikali ir patraukli kalba. Tur\u0117dama turting\u0105 istorij\u0105, \u012fvairi\u0105 kult\u016br\u0105 ir turk\u0173, rus\u0173 bei pers\u0173 kalb\u0173 \u012ftak\u0173 mi\u0161in\u012f, azerbaid\u017eanie\u010di\u0173 kalba suteikia unikali\u0105 kalbin\u0119 patirt\u012f. Bet nebijok, mano drauge! \u0160iame straipsnyje mes [&hellip;]<\/p>\n","protected":false},"author":1,"featured_media":109364,"parent":0,"menu_order":0,"comment_status":"closed","ping_status":"closed","template":"LearningContentPage.php","meta":{"_acf_changed":false,"footnotes":""},"class_list":["post-140204","page","type-page","status-publish","has-post-thumbnail","hentry"],"acf":[],"yoast_head":"<!-- This site is optimized with the Yoast SEO Premium plugin v27.2 (Yoast SEO v27.2) - https:\/\/yoast.com\/product\/yoast-seo-premium-wordpress\/ -->\n<title>Azerbaid\u017eano gramatika - Talkpal<\/title>\n<meta name=\"description\" content=\"\u012evaldykite azerbaid\u017eanie\u010di\u0173 kalbos gramatik\u0105 be vargo su Talkpal, dirbtinio intelekto valdomu korepetitoriumi. Atraskite paprastus paai\u0161kinimus, interaktyvius pratimus ir praktinius patarimus\" \/>\n<meta name=\"robots\" content=\"index, follow, max-snippet:-1, max-image-preview:large, max-video-preview:-1\" \/>\n<link rel=\"canonical\" href=\"https:\/\/talkpal.ai\/lt\/azerbaidzano-gramatika\/\" \/>\n<meta property=\"og:locale\" content=\"lt_LT\" \/>\n<meta property=\"og:type\" content=\"article\" \/>\n<meta property=\"og:title\" content=\"Azerbaid\u017eano gramatika\" \/>\n<meta property=\"og:description\" content=\"I\u0161samus Azerbaid\u017eano gramatikos vadovas Ar kada nors galvojote apie azerbaid\u017eanie\u010di\u0173 kalbos mokym\u0105si? Kaip oficiali Azerbaid\u017eano kalba, kuria kalba\" \/>\n<meta property=\"og:url\" content=\"https:\/\/talkpal.ai\/lt\/azerbaidzano-gramatika\/\" \/>\n<meta property=\"og:site_name\" content=\"Talkpal\" \/>\n<meta property=\"article:publisher\" content=\"https:\/\/www.facebook.com\/profile.php?id=100090733639311\" \/>\n<meta property=\"article:modified_time\" content=\"2025-05-22T08:23:57+00:00\" \/>\n<meta property=\"og:image\" content=\"https:\/\/talkpal.ai\/wp-content\/uploads\/2023\/05\/azerbaijan.png\" \/>\n\t<meta property=\"og:image:width\" content=\"512\" \/>\n\t<meta property=\"og:image:height\" content=\"512\" \/>\n\t<meta property=\"og:image:type\" content=\"image\/png\" \/>\n<meta name=\"twitter:card\" content=\"summary_large_image\" \/>\n<meta name=\"twitter:site\" content=\"@talkpalai\" \/>\n<meta name=\"twitter:label1\" content=\"Est. reading time\" \/>\n\t<meta name=\"twitter:data1\" content=\"3 minut\u0117s\" \/>\n<script type=\"application\/ld+json\" class=\"yoast-schema-graph\">{\"@context\":\"https:\/\/schema.org\",\"@graph\":[{\"@type\":\"WebPage\",\"@id\":\"https:\/\/talkpal.ai\/lt\/azerbaidzano-gramatika\/\",\"url\":\"https:\/\/talkpal.ai\/lt\/azerbaidzano-gramatika\/\",\"name\":\"Azerbaid\u017eano gramatika - Talkpal\",\"isPartOf\":{\"@id\":\"https:\/\/talkpal.ai\/lt\/#website\"},\"primaryImageOfPage\":{\"@id\":\"https:\/\/talkpal.ai\/lt\/azerbaidzano-gramatika\/#primaryimage\"},\"image\":{\"@id\":\"https:\/\/talkpal.ai\/lt\/azerbaidzano-gramatika\/#primaryimage\"},\"thumbnailUrl\":\"https:\/\/talkpal.ai\/wp-content\/uploads\/2023\/05\/azerbaijan.png\",\"datePublished\":\"2023-05-14T13:53:48+00:00\",\"dateModified\":\"2025-05-22T08:23:57+00:00\",\"description\":\"\u012evaldykite azerbaid\u017eanie\u010di\u0173 kalbos gramatik\u0105 be vargo su Talkpal, dirbtinio intelekto valdomu korepetitoriumi. Atraskite paprastus paai\u0161kinimus, interaktyvius pratimus ir praktinius patarimus\",\"breadcrumb\":{\"@id\":\"https:\/\/talkpal.ai\/lt\/azerbaidzano-gramatika\/#breadcrumb\"},\"inLanguage\":\"lt-LT\",\"potentialAction\":[{\"@type\":\"ReadAction\",\"target\":[\"https:\/\/talkpal.ai\/lt\/azerbaidzano-gramatika\/\"]}]},{\"@type\":\"ImageObject\",\"inLanguage\":\"lt-LT\",\"@id\":\"https:\/\/talkpal.ai\/lt\/azerbaidzano-gramatika\/#primaryimage\",\"url\":\"https:\/\/talkpal.ai\/wp-content\/uploads\/2023\/05\/azerbaijan.png\",\"contentUrl\":\"https:\/\/talkpal.ai\/wp-content\/uploads\/2023\/05\/azerbaijan.png\",\"width\":512,\"height\":512},{\"@type\":\"BreadcrumbList\",\"@id\":\"https:\/\/talkpal.ai\/lt\/azerbaidzano-gramatika\/#breadcrumb\",\"itemListElement\":[{\"@type\":\"ListItem\",\"position\":1,\"name\":\"Homepage\",\"item\":\"https:\/\/talkpal.ai\/lt\/\"},{\"@type\":\"ListItem\",\"position\":2,\"name\":\"Azerbaid\u017eano gramatika\"}]},{\"@type\":\"WebSite\",\"@id\":\"https:\/\/talkpal.ai\/lt\/#website\",\"url\":\"https:\/\/talkpal.ai\/lt\/\",\"name\":\"Talkpal\",\"description\":\"AI Language Learning\",\"publisher\":{\"@id\":\"https:\/\/talkpal.ai\/lt\/#organization\"},\"alternateName\":\"Talkpal AI\",\"potentialAction\":[{\"@type\":\"SearchAction\",\"target\":{\"@type\":\"EntryPoint\",\"urlTemplate\":\"https:\/\/talkpal.ai\/lt\/?s={search_term_string}\"},\"query-input\":{\"@type\":\"PropertyValueSpecification\",\"valueRequired\":true,\"valueName\":\"search_term_string\"}}],\"inLanguage\":\"lt-LT\"},{\"@type\":\"Organization\",\"@id\":\"https:\/\/talkpal.ai\/lt\/#organization\",\"name\":\"Talkpal, Inc.\",\"alternateName\":\"Talkpal AI\",\"url\":\"https:\/\/talkpal.ai\/lt\/\",\"logo\":{\"@type\":\"ImageObject\",\"inLanguage\":\"lt-LT\",\"@id\":\"https:\/\/talkpal.ai\/lt\/#\/schema\/logo\/image\/\",\"url\":\"https:\/\/talkpal.ai\/wp-content\/uploads\/2024\/03\/Talkpal-Logo-Icon.png\",\"contentUrl\":\"https:\/\/talkpal.ai\/wp-content\/uploads\/2024\/03\/Talkpal-Logo-Icon.png\",\"width\":2880,\"height\":2880,\"caption\":\"Talkpal, Inc.\"},\"image\":{\"@id\":\"https:\/\/talkpal.ai\/lt\/#\/schema\/logo\/image\/\"},\"sameAs\":[\"https:\/\/www.facebook.com\/profile.php?id=100090733639311\",\"https:\/\/x.com\/talkpalai\",\"https:\/\/www.linkedin.com\/company\/talkpal\/\",\"https:\/\/www.youtube.com\/@TalkPal\/\",\"https:\/\/www.tiktok.com\/@talkpal\",\"https:\/\/www.instagram.com\/talkpal_ai\/\",\"https:\/\/www.crunchbase.com\/organization\/talkpal-9cde\",\"https:\/\/www.g2.com\/products\/talkpal-for-business\/\",\"https:\/\/www.trustpilot.com\/review\/talkpal.ai\",\"https:\/\/www.capterra.com\/p\/10006800\/TalkPal\/\"],\"description\":\"Talkpal is a language learning web and mobile education app, powered by the latest AI technologies, that provides engaging experiences to its customers in many different languages to help them improve their language skills. Users can chat about unlimited amount of topics with the app and use other modes to practice their language learning.\",\"email\":\"support@talkpal.ai\",\"legalName\":\"Talkpal, Inc.\",\"foundingDate\":\"2023-04-03\",\"duns\":\"118989042\",\"numberOfEmployees\":{\"@type\":\"QuantitativeValue\",\"minValue\":\"11\",\"maxValue\":\"50\"},\"publishingPrinciples\":\"https:\/\/talkpal.ai\/publishing-principles\/\",\"actionableFeedbackPolicy\":\"https:\/\/talkpal.ai\/actionable-feedback-policy\/\",\"correctionsPolicy\":\"https:\/\/talkpal.ai\/corrections-policy\/\",\"ethicsPolicy\":\"https:\/\/talkpal.ai\/ethics-policy\/\",\"diversityPolicy\":\"https:\/\/talkpal.ai\/diversity-policy\/\",\"diversityStaffingReport\":\"https:\/\/talkpal.ai\/diversity-policy\/\"}]}<\/script>\n<!-- \/ Yoast SEO Premium plugin. -->","yoast_head_json":{"title":"Azerbaid\u017eano gramatika - Talkpal","description":"\u012evaldykite azerbaid\u017eanie\u010di\u0173 kalbos gramatik\u0105 be vargo su Talkpal, dirbtinio intelekto valdomu korepetitoriumi. Atraskite paprastus paai\u0161kinimus, interaktyvius pratimus ir praktinius patarimus","robots":{"index":"index","follow":"follow","max-snippet":"max-snippet:-1","max-image-preview":"max-image-preview:large","max-video-preview":"max-video-preview:-1"},"canonical":"https:\/\/talkpal.ai\/lt\/azerbaidzano-gramatika\/","og_locale":"lt_LT","og_type":"article","og_title":"Azerbaid\u017eano gramatika","og_description":"I\u0161samus Azerbaid\u017eano gramatikos vadovas Ar kada nors galvojote apie azerbaid\u017eanie\u010di\u0173 kalbos mokym\u0105si? Kaip oficiali Azerbaid\u017eano kalba, kuria kalba","og_url":"https:\/\/talkpal.ai\/lt\/azerbaidzano-gramatika\/","og_site_name":"Talkpal","article_publisher":"https:\/\/www.facebook.com\/profile.php?id=100090733639311","article_modified_time":"2025-05-22T08:23:57+00:00","og_image":[{"width":512,"height":512,"url":"https:\/\/talkpal.ai\/wp-content\/uploads\/2023\/05\/azerbaijan.png","type":"image\/png"}],"twitter_card":"summary_large_image","twitter_site":"@talkpalai","twitter_misc":{"Est. reading time":"3 minut\u0117s"},"schema":{"@context":"https:\/\/schema.org","@graph":[{"@type":"WebPage","@id":"https:\/\/talkpal.ai\/lt\/azerbaidzano-gramatika\/","url":"https:\/\/talkpal.ai\/lt\/azerbaidzano-gramatika\/","name":"Azerbaid\u017eano gramatika - Talkpal","isPartOf":{"@id":"https:\/\/talkpal.ai\/lt\/#website"},"primaryImageOfPage":{"@id":"https:\/\/talkpal.ai\/lt\/azerbaidzano-gramatika\/#primaryimage"},"image":{"@id":"https:\/\/talkpal.ai\/lt\/azerbaidzano-gramatika\/#primaryimage"},"thumbnailUrl":"https:\/\/talkpal.ai\/wp-content\/uploads\/2023\/05\/azerbaijan.png","datePublished":"2023-05-14T13:53:48+00:00","dateModified":"2025-05-22T08:23:57+00:00","description":"\u012evaldykite azerbaid\u017eanie\u010di\u0173 kalbos gramatik\u0105 be vargo su Talkpal, dirbtinio intelekto valdomu korepetitoriumi. Atraskite paprastus paai\u0161kinimus, interaktyvius pratimus ir praktinius patarimus","breadcrumb":{"@id":"https:\/\/talkpal.ai\/lt\/azerbaidzano-gramatika\/#breadcrumb"},"inLanguage":"lt-LT","potentialAction":[{"@type":"ReadAction","target":["https:\/\/talkpal.ai\/lt\/azerbaidzano-gramatika\/"]}]},{"@type":"ImageObject","inLanguage":"lt-LT","@id":"https:\/\/talkpal.ai\/lt\/azerbaidzano-gramatika\/#primaryimage","url":"https:\/\/talkpal.ai\/wp-content\/uploads\/2023\/05\/azerbaijan.png","contentUrl":"https:\/\/talkpal.ai\/wp-content\/uploads\/2023\/05\/azerbaijan.png","width":512,"height":512},{"@type":"BreadcrumbList","@id":"https:\/\/talkpal.ai\/lt\/azerbaidzano-gramatika\/#breadcrumb","itemListElement":[{"@type":"ListItem","position":1,"name":"Homepage","item":"https:\/\/talkpal.ai\/lt\/"},{"@type":"ListItem","position":2,"name":"Azerbaid\u017eano gramatika"}]},{"@type":"WebSite","@id":"https:\/\/talkpal.ai\/lt\/#website","url":"https:\/\/talkpal.ai\/lt\/","name":"Talkpal","description":"AI Language Learning","publisher":{"@id":"https:\/\/talkpal.ai\/lt\/#organization"},"alternateName":"Talkpal AI","potentialAction":[{"@type":"SearchAction","target":{"@type":"EntryPoint","urlTemplate":"https:\/\/talkpal.ai\/lt\/?s={search_term_string}"},"query-input":{"@type":"PropertyValueSpecification","valueRequired":true,"valueName":"search_term_string"}}],"inLanguage":"lt-LT"},{"@type":"Organization","@id":"https:\/\/talkpal.ai\/lt\/#organization","name":"Talkpal, Inc.","alternateName":"Talkpal AI","url":"https:\/\/talkpal.ai\/lt\/","logo":{"@type":"ImageObject","inLanguage":"lt-LT","@id":"https:\/\/talkpal.ai\/lt\/#\/schema\/logo\/image\/","url":"https:\/\/talkpal.ai\/wp-content\/uploads\/2024\/03\/Talkpal-Logo-Icon.png","contentUrl":"https:\/\/talkpal.ai\/wp-content\/uploads\/2024\/03\/Talkpal-Logo-Icon.png","width":2880,"height":2880,"caption":"Talkpal, Inc."},"image":{"@id":"https:\/\/talkpal.ai\/lt\/#\/schema\/logo\/image\/"},"sameAs":["https:\/\/www.facebook.com\/profile.php?id=100090733639311","https:\/\/x.com\/talkpalai","https:\/\/www.linkedin.com\/company\/talkpal\/","https:\/\/www.youtube.com\/@TalkPal\/","https:\/\/www.tiktok.com\/@talkpal","https:\/\/www.instagram.com\/talkpal_ai\/","https:\/\/www.crunchbase.com\/organization\/talkpal-9cde","https:\/\/www.g2.com\/products\/talkpal-for-business\/","https:\/\/www.trustpilot.com\/review\/talkpal.ai","https:\/\/www.capterra.com\/p\/10006800\/TalkPal\/"],"description":"Talkpal is a language learning web and mobile education app, powered by the latest AI technologies, that provides engaging experiences to its customers in many different languages to help them improve their language skills. Users can chat about unlimited amount of topics with the app and use other modes to practice their language learning.","email":"support@talkpal.ai","legalName":"Talkpal, Inc.","foundingDate":"2023-04-03","duns":"118989042","numberOfEmployees":{"@type":"QuantitativeValue","minValue":"11","maxValue":"50"},"publishingPrinciples":"https:\/\/talkpal.ai\/publishing-principles\/","actionableFeedbackPolicy":"https:\/\/talkpal.ai\/actionable-feedback-policy\/","correctionsPolicy":"https:\/\/talkpal.ai\/corrections-policy\/","ethicsPolicy":"https:\/\/talkpal.ai\/ethics-policy\/","diversityPolicy":"https:\/\/talkpal.ai\/diversity-policy\/","diversityStaffingReport":"https:\/\/talkpal.ai\/diversity-policy\/"}]}},"_links":{"self":[{"href":"https:\/\/talkpal.ai\/lt\/wp-json\/wp\/v2\/pages\/140204","targetHints":{"allow":["GET"]}}],"collection":[{"href":"https:\/\/talkpal.ai\/lt\/wp-json\/wp\/v2\/pages"}],"about":[{"href":"https:\/\/talkpal.ai\/lt\/wp-json\/wp\/v2\/types\/page"}],"author":[{"embeddable":true,"href":"https:\/\/talkpal.ai\/lt\/wp-json\/wp\/v2\/users\/1"}],"replies":[{"embeddable":true,"href":"https:\/\/talkpal.ai\/lt\/wp-json\/wp\/v2\/comments?post=140204"}],"version-history":[{"count":0,"href":"https:\/\/talkpal.ai\/lt\/wp-json\/wp\/v2\/pages\/140204\/revisions"}],"wp:featuredmedia":[{"embeddable":true,"href":"https:\/\/talkpal.ai\/lt\/wp-json\/wp\/v2\/media\/109364"}],"wp:attachment":[{"href":"https:\/\/talkpal.ai\/lt\/wp-json\/wp\/v2\/media?parent=140204"}],"curies":[{"name":"wp","href":"https:\/\/api.w.org\/{rel}","templated":true}]}}