{"id":139934,"date":"2023-05-14T13:52:49","date_gmt":"2023-05-14T13:52:49","guid":{"rendered":"http:\/\/talkpal.ai\/rusu-kalbos-gramatika\/"},"modified":"2025-12-13T15:16:44","modified_gmt":"2025-12-13T15:16:44","slug":"rusu-kalbos-gramatika","status":"publish","type":"page","link":"https:\/\/talkpal.ai\/lt\/rusu-kalbos-gramatika\/","title":{"rendered":"Rus\u0173 kalbos gramatika"},"content":{"rendered":"\r\n\r\n\r\n<section class=\"languageChallengeSection\">\r\n    <div class=\"languageInfoWrapper\">\r\n        \r\n        <h1>Rus\u0173 kalbos gramatika<\/h1>\r\n        <p>Prad\u0117kite savo nuotyk\u012f su <a href=\"https:\/\/talkpal.ai\/learn-russian\/\">rus\u0173<\/a> kalba ir atverkite duris \u012f turting\u0105 kult\u016br\u0105 ir istorij\u0105. I\u0161mok\u0119 <a href=\"https:\/\/talkpal.ai\/lt\/mokykites-rusu-kalbos\/\">rus\u0173 kalbos<\/a> gramatik\u0105 ir \u017eodyn\u0105, gal\u0117site geriau keliauti, siekti karjeros ir bendrauti. Prad\u0117kite mokytis <a href=\"https:\/\/talkpal.ai\/learn-russian\/\">rus\u0173<\/a> <a href=\"https:\/\/talkpal.ai\/what-language-is-spoken-on-the-international-space-station\/\">kalbos<\/a> \u0161iandien ir \u017eenkite pirm\u0105 \u017eingsn\u012f \u012f laisv\u0105 kalb\u0117jim\u0105!\n\n<\/p>\r\n\r\n                            <a class=\"getStartedHidden\" href=\"https:\/\/app.talkpal.ai\/lt\/signup?lng=\">Prad\u0117k<\/a>\r\n        \r\n    <\/div>\r\n\r\n    <figure>\r\n    <img decoding=\"async\" width=\"768\" height=\"768\" src=\"https:\/\/talkpal.ai\/wp-content\/uploads\/2023\/06\/russian-768x768.png\" class=\"languageImage no-lazy\" alt=\"Language learning for multicultural understanding\" fetchpriority=\"high\" sizes=\"(max-width: 768px) 150px, 768px\" srcset=\"https:\/\/talkpal.ai\/wp-content\/uploads\/2023\/06\/russian-768x768.png 768w, https:\/\/talkpal.ai\/wp-content\/uploads\/2023\/06\/russian-300x300.png 300w\" \/>\r\n    \r\n\r\n    <\/figure>\r\n\r\n            <a class=\"getStartedVisible\" href=\"https:\/\/app.talkpal.ai\/lt\/signup?lng=\">Prad\u0117k<\/a>\r\n    \r\n<\/section>\r\n<section class=\"promotionalBanner\">\r\n    <p class=\"promotionalText\">Efektyviausias b\u016bdas mokytis kalbos<\/p>\r\n    <a class=\"promotionalLink\" href=\"https:\/\/app.talkpal.ai\/lt\/signup?lng=\">I\u0161bandykite Talkpal &#8221; nemokamai<\/a>\r\n<\/section>\n<div class=\"wp-block-group pageContainerStyle\"><div class=\"wp-block-group__inner-container is-layout-constrained wp-block-group-is-layout-constrained\">\n<h1 class=\"wp-block-heading\" id=\"h-russian-grammar-unlock-the-secrets-to-mastering-russian\">Rus\u0173 kalbos gramatika: atrakinkite rus\u0173 kalbos \u012fsisavinimo paslaptis<\/h1>\n\n\n\n<p>Sveikiname \u017eengus dr\u0105s\u0173 \u017eingsn\u012f rus\u0173 kalbos mokymosi link! Rus\u0173 kalba, kurioje visame pasaulyje kalba daugiau nei 258 milijonai \u017emoni\u0173, yra \u017eavi ir naudinga kalba, si\u016blanti \u012f\u017evalg\u0173 apie turting\u0105 kult\u016br\u0105 ir istorij\u0105. Kalbant apie rus\u0173 kalbos gramatik\u0105, <a href=\"https:\/\/talkpal.ai\/learn-thai\/\">tai<\/a> gali atrodyti bauginanti, bet nebijokite! \u0160iame draugi\u0161kame vadov\u0117lyje pradedantiesiems paprastai ir \u012fdomiai i\u0161d\u0117styti pagrindiniai rus\u0173 kalbos gramatikos dalykai.<\/p>\n\n\n\n<h3 class=\"wp-block-heading\" id=\"h-1-the-russian-alphabet-your-starting-point\">1. Rus\u0173 ab\u0117c\u0117l\u0117: j\u016bs\u0173 atspirties ta\u0161kas<\/h3>\n\n\n\n<p>Raktas \u012f rus\u0173 gramatikos nar\u0161ym\u0105 yra \u012fvaldyti kirilic\u0173 ab\u0117c\u0117l\u0119. Su 33 raid\u0117mis, 10 balsi\u0173 ir 21 priebalsiu jis sudaro kalbos skaitymo, ra\u0161ymo ir supratimo pagrind\u0105. Susipa\u017ein\u0119 su ab\u0117c\u0117le sukursite tvirt\u0105 pagrind\u0105 savo rus\u0173 kalbos gramatikos \u012fg\u016bd\u017eiams ugdyti.<\/p>\n\n\n\n<h3 class=\"wp-block-heading\" id=\"h-2-nouns-and-cases-the-core-of-russian-grammar\">2. Daiktavard\u017eiai ir atvejai: rus\u0173 kalbos gramatikos pagrindas<\/h3>\n\n\n\n<p><a href=\"https:\/\/talkpal.ai\/russian-grammar\/\">Rus\u0173 kalbos gramatika<\/a> pabr\u0117\u017eia atvej\u0173 naudojim\u0105 prasmei ir kontekstui perteikti. \u0160e\u0161iais atvejais &#8211; nominacinis, genityvus, dative, akustinis, instrumentinis ir prielinksninis &#8211; rus\u0173 daiktavard\u017eiai kei\u010dia savo gal\u016bnes, kad parodyt\u0173 savo funkcij\u0105 sakinyje. Taigi \u017eod\u017ei\u0173 tvarka <a href=\"https:\/\/talkpal.ai\/locations\/language-courses-in-tampa\/\">tampa<\/a> ma\u017eiau kriti\u0161ka nei angl\u0173 kalba. Pavyzd\u017eiui:<\/p>\n\n\n\n<p>Angl\u0173 kalba: A\u0161 duodu knyg\u0105 draugui.<\/p>\n\n\n\n<p>Rus\u0173 kalba: \u042f \u0434\u0430\u044e \u0434\u0440\u0443\u0433\u0443 \u043a\u043d\u0438\u0433\u0443 (Ya dayu drugu knigu)<\/p>\n\n\n\n<p>\u010cia &#8222;\u0434\u0440\u0443\u0433\u0443&#8221; (draugui) ir &#8222;\u043a\u043d\u0438\u0433\u0430&#8221; (knyga) yra atitinkamai dative ir akuzatyve.<\/p>\n\n\n\n<h3 class=\"wp-block-heading\" id=\"h-3-mastering-gender-and-plurals\">3. Lyties ir daugiskaitos \u012fsisavinimas<\/h3>\n\n\n\n<p>Rus\u0173 gramatikoje daiktavard\u017eiams priskiriama viena i\u0161 trij\u0173 ly\u010di\u0173: vyri\u0161ka, moteri\u0161ka arba neuter. Daiktavard\u017eio gal\u016bn\u0117 paprastai nurodo jo lyt\u012f:<\/p>\n\n\n\n<p>&#8211; Vyri\u0161koji gimin\u0117: baigiasi s\u0105skambiu arba &#8222;-\u0439&#8221;<\/p>\n\n\n\n<p>&#8211; Moteri\u0161kosios gimin\u0117s: baigiasi su &#8222;-\u0430&#8221; arba &#8222;-\u044f&#8221;<\/p>\n\n\n\n<p>&#8211; Neuter: baigiasi su &#8222;-\u043e&#8221; arba &#8222;-\u0435&#8221;<\/p>\n\n\n\n<p>Nor\u0117dami sudaryti daugiskait\u0105, daiktavard\u017ei\u0173 gal\u016bn\u0117s kei\u010diasi atsi\u017evelgiant \u012f j\u0173 lyt\u012f ir atvej\u012f, kai jie yra.<\/p>\n\n\n\n<h3 class=\"wp-block-heading\" id=\"h-4-conquer-verb-conjugation\">4. U\u017ekariauti veiksma\u017eod\u017ei\u0173 konjugacij\u0105<\/h3>\n\n\n\n<p>Kaip ir daugelis kalb\u0173, rus\u0173 veiksma\u017eod\u017eiai kei\u010dia form\u0105 (konjugacij\u0105) pagal \u012ftamp\u0105, asmen\u012f ir skai\u010di\u0173. Rus\u0173 veiksma\u017eod\u017eiai taip pat b\u016bna dviej\u0173 aspekt\u0173: tobuli ir netobuli. Tobulumo aspektas signalizuoja apie u\u017ebaigt\u0105 veiksm\u0105, o netobulas aspektas rei\u0161kia vykstan\u010dius ar \u012fprastus veiksmus.<\/p>\n\n\n\n<p>Nor\u0117dami prad\u0117ti, sutelkite d\u0117mes\u012f \u012f dabartin\u0117s \u012ftampos konjugacijos supratim\u0105 netobuliems veiksma\u017eod\u017eiui ir praeities \u012ftamp\u0105 abiem aspektams. Pavyzd\u017eiui:<\/p>\n\n\n\n<p>Esamasis laikas (Imperfective): \u042f \u0447\u0438\u0442\u0430\u044e (Ya chitayu) &#8211; &#8222;a\u0161 skaitau&#8221; arba &#8222;a\u0161 skaitau&#8221;.<\/p>\n\n\n\n<p>Praeities laikas (Imperfective): \u042f \u0447\u0438\u0442\u0430\u043b (Ya chital) &#8211; &#8222;A\u0161 skai\u010diau&#8221;.<\/p>\n\n\n\n<p>Praeities laikas (perfektas): A\u0161 perskai\u010diau (ir baigiau)&#8221; arba &#8222;A\u0161 perskai\u010diau (ir baigiau)&#8221;.<\/p>\n\n\n\n<h3 class=\"wp-block-heading\" id=\"h-5-embrace-russian-pronouns\">5. Priimkite rus\u0173 \u012fvard\u017eius<\/h3>\n\n\n\n<p>\u012evard\u017eiai rus\u0173 kalbos gramatikoje pakei\u010dia daiktavard\u017eius ir yra labai svarb\u016bs skland\u017eiai kalbai. Pasinerkite \u012f asmenini\u0173 ir savininki\u0161k\u0173 \u012fvard\u017ei\u0173 mokym\u0105si, pavyzd\u017eiui:<\/p>\n\n\n\n<p>Asmeniniai \u012fvard\u017eiai: \u044f (I), \u0442\u044b (tu, neformalus), \u043e\u043d\/\u043e\u043d\u0430\/\u043e\u043d\u043e (jis\/ji), \u0432\u044b (tu, formalus ar daugiskaita), \u043c\u044b (mes), \u043e\u043d\u0438 (jie)<\/p>\n\n\n\n<p>Turimi \u012fvard\u017eiai: \u043c\u043e\u0439\/\u043c\u043e\u044f\/\u043c\u043e\u0451 (mano), \u0442\u0432\u043e\u0439\/\u0442\u0432\u043e\u044f\/\u0442\u0432\u043e\u0451 (j\u016bs\u0173, neformalus), \u0435\u0433\u043e\/\u0435\u0451\/\u0438\u0445 (jo\/jos), \u0432\u0430\u0448\/\u0432\u0430\u0448\u0430\/\u0432\u0430\u0448\u0435 (j\u016bs\u0173, formalus arba daugiskaita), \u043d\u0430\u0448\/\u043d\u0430\u0448\u0430\/\u043d\u0430\u0448\u0435 (m\u016bs\u0173)<\/p>\n\n\n\n<p>Nepamir\u0161kite, kad rus\u0173 kalbos \u012fvard\u017eiai turi atitikti daiktavard\u017eio, kur\u012f jie pakei\u010dia, lyt\u012f ir gal\u016bn\u0119.<\/p>\n\n\n\n<p>Sveikinu! J\u016bs \u017eeng\u0117te pirmuosius \u017eingsnius, kad \u012fvaldytum\u0117te rus\u0173 kalbos gramatikos subtilybes. Atminkite, kad praktika yra labai svarbi, tod\u0117l \u012fsigilinkite \u012f kalb\u0105, bendraukite su gimt\u0105ja kalba ir sustiprinkite savo mokymosi pagrind\u0105. \u0423\u0434\u0430\u0447\u0438! (S\u0117km\u0117s!)<\/p>\n<\/div><\/div>\n\r\n<section class=\"learnNavigationSection\">\r\n            \r\n        <a href=\"https:\/\/talkpal.ai\/lt\/mokykites-rusu-kalbos\/\">\r\n            <div class=\"learnNavigationWrapper\">\r\n                <div class=\"learnNavigationContent\">\r\n                    <img decoding=\"async\" src=\"https:\/\/talkpal.ai\/wp-content\/uploads\/2024\/08\/Russian.jpg\" alt=\"Russian Flag\">\r\n                    <div>\r\n                        <h4>Apie rus\u0173 kalbos mokym\u0105si<\/h4>\r\n                        <p>Su\u017einokite visk\u0105 apie rus\u0173 kalbos gramatik\u0105.<\/p>\r\n                    <\/div>\r\n                <\/div>\r\n            <\/div>\r\n        <\/a>\r\n\r\n        \r\n        <a href=\"https:\/\/talkpal.ai\/lt\/rusu-kalbos-gramatikos-pratimai\/\">\r\n            <div class=\"learnNavigationWrapper\">\r\n                <div class=\"learnNavigationContent\">\r\n                    <img decoding=\"async\" src=\"https:\/\/talkpal.ai\/wp-content\/uploads\/2024\/08\/Russian.jpg\" alt=\"Russian Flag\">\r\n                    <div>\r\n                        <h4>Rus\u0173 kalbos gramatikos pratimai<\/h4>\r\n                        <p>Praktikuokite rus\u0173 kalbos gramatik\u0105.<\/p>\r\n                    <\/div>\r\n                <\/div>\r\n            <\/div>\r\n        <\/a>\r\n\r\n        \r\n        <a href=\"https:\/\/talkpal.ai\/vocabulary_language\/russian\/\">\r\n            <div class=\"learnNavigationWrapper\">\r\n                <div class=\"learnNavigationContent\">\r\n                    <img decoding=\"async\" src=\"https:\/\/talkpal.ai\/wp-content\/uploads\/2024\/08\/Russian.jpg\" alt=\"Russian Flag\">\r\n                    <div>\r\n                        <h4>Rus\u0173 kalbos \u017eodynas<\/h4>\r\n                        <p>Prapl\u0117skite savo rus\u0173 kalbos \u017eodyn\u0105.<\/p>\r\n                    <\/div>\r\n                <\/div>\r\n            <\/div>\r\n        <\/a>\r\n\r\n            <\/section>","protected":false},"excerpt":{"rendered":"<p>Rus\u0173 kalbos gramatika: atrakinkite rus\u0173 kalbos \u012fsisavinimo paslaptis Sveikiname \u017eengus dr\u0105s\u0173 \u017eingsn\u012f rus\u0173 kalbos mokymosi link! Rus\u0173 kalba, kurioje visame pasaulyje kalba daugiau nei 258 milijonai \u017emoni\u0173, yra \u017eavi ir naudinga kalba, si\u016blanti \u012f\u017evalg\u0173 apie turting\u0105 kult\u016br\u0105 ir istorij\u0105. Kalbant apie rus\u0173 kalbos gramatik\u0105, tai gali atrodyti bauginanti, bet nebijokite! \u0160iame draugi\u0161kame vadov\u0117lyje pradedantiesiems paprastai [&hellip;]<\/p>\n","protected":false},"author":1,"featured_media":108004,"parent":0,"menu_order":0,"comment_status":"closed","ping_status":"closed","template":"LearningContentPage.php","meta":{"_acf_changed":false,"footnotes":""},"class_list":["post-139934","page","type-page","status-publish","has-post-thumbnail","hentry"],"acf":[],"yoast_head":"<!-- This site is optimized with the Yoast SEO Premium plugin v27.2 (Yoast SEO v27.2) - https:\/\/yoast.com\/product\/yoast-seo-premium-wordpress\/ -->\n<title>Rus\u0173 kalbos gramatika - Talkpal<\/title>\n<meta name=\"description\" content=\"Atskleiskite rus\u0173 kalbos gramatikos pasaul\u012f su m\u016bs\u0173 pradedan\u010di\u0173j\u0173 vadovu. \u012evaldykite kirilicos ab\u0117c\u0117l\u0119 ir lavinkite kalbos \u012fg\u016bd\u017eius.\" \/>\n<meta name=\"robots\" content=\"index, follow, max-snippet:-1, max-image-preview:large, max-video-preview:-1\" \/>\n<link rel=\"canonical\" href=\"https:\/\/talkpal.ai\/lt\/rusu-kalbos-gramatika\/\" \/>\n<meta property=\"og:locale\" content=\"lt_LT\" \/>\n<meta property=\"og:type\" content=\"article\" \/>\n<meta property=\"og:title\" content=\"Rus\u0173 kalbos gramatika\" \/>\n<meta property=\"og:description\" content=\"Rus\u0173 kalbos gramatika: atrakinkite rus\u0173 kalbos \u012fsisavinimo paslaptis Sveikiname \u017eengus dr\u0105s\u0173 \u017eingsn\u012f rus\u0173 kalbos mokymosi link! Rus\u0173 kalba, kurioje visame\" \/>\n<meta property=\"og:url\" content=\"https:\/\/talkpal.ai\/lt\/rusu-kalbos-gramatika\/\" \/>\n<meta property=\"og:site_name\" content=\"Talkpal\" \/>\n<meta property=\"article:publisher\" content=\"https:\/\/www.facebook.com\/profile.php?id=100090733639311\" \/>\n<meta property=\"article:modified_time\" content=\"2025-12-13T15:16:44+00:00\" \/>\n<meta property=\"og:image\" content=\"https:\/\/talkpal.ai\/wp-content\/uploads\/2023\/04\/rusia.png\" \/>\n\t<meta property=\"og:image:width\" content=\"512\" \/>\n\t<meta property=\"og:image:height\" content=\"512\" \/>\n\t<meta property=\"og:image:type\" content=\"image\/png\" \/>\n<meta name=\"twitter:card\" content=\"summary_large_image\" \/>\n<meta name=\"twitter:site\" content=\"@talkpalai\" \/>\n<meta name=\"twitter:label1\" content=\"Est. reading time\" \/>\n\t<meta name=\"twitter:data1\" content=\"3 minut\u0117s\" \/>\n<script type=\"application\/ld+json\" class=\"yoast-schema-graph\">{\"@context\":\"https:\/\/schema.org\",\"@graph\":[{\"@type\":\"WebPage\",\"@id\":\"https:\/\/talkpal.ai\/lt\/rusu-kalbos-gramatika\/\",\"url\":\"https:\/\/talkpal.ai\/lt\/rusu-kalbos-gramatika\/\",\"name\":\"Rus\u0173 kalbos gramatika - Talkpal\",\"isPartOf\":{\"@id\":\"https:\/\/talkpal.ai\/lt\/#website\"},\"primaryImageOfPage\":{\"@id\":\"https:\/\/talkpal.ai\/lt\/rusu-kalbos-gramatika\/#primaryimage\"},\"image\":{\"@id\":\"https:\/\/talkpal.ai\/lt\/rusu-kalbos-gramatika\/#primaryimage\"},\"thumbnailUrl\":\"https:\/\/talkpal.ai\/wp-content\/uploads\/2023\/04\/rusia.png\",\"datePublished\":\"2023-05-14T13:52:49+00:00\",\"dateModified\":\"2025-12-13T15:16:44+00:00\",\"description\":\"Atskleiskite rus\u0173 kalbos gramatikos pasaul\u012f su m\u016bs\u0173 pradedan\u010di\u0173j\u0173 vadovu. \u012evaldykite kirilicos ab\u0117c\u0117l\u0119 ir lavinkite kalbos \u012fg\u016bd\u017eius.\",\"breadcrumb\":{\"@id\":\"https:\/\/talkpal.ai\/lt\/rusu-kalbos-gramatika\/#breadcrumb\"},\"inLanguage\":\"lt-LT\",\"potentialAction\":[{\"@type\":\"ReadAction\",\"target\":[\"https:\/\/talkpal.ai\/lt\/rusu-kalbos-gramatika\/\"]}]},{\"@type\":\"ImageObject\",\"inLanguage\":\"lt-LT\",\"@id\":\"https:\/\/talkpal.ai\/lt\/rusu-kalbos-gramatika\/#primaryimage\",\"url\":\"https:\/\/talkpal.ai\/wp-content\/uploads\/2023\/04\/rusia.png\",\"contentUrl\":\"https:\/\/talkpal.ai\/wp-content\/uploads\/2023\/04\/rusia.png\",\"width\":512,\"height\":512},{\"@type\":\"BreadcrumbList\",\"@id\":\"https:\/\/talkpal.ai\/lt\/rusu-kalbos-gramatika\/#breadcrumb\",\"itemListElement\":[{\"@type\":\"ListItem\",\"position\":1,\"name\":\"Homepage\",\"item\":\"https:\/\/talkpal.ai\/lt\/\"},{\"@type\":\"ListItem\",\"position\":2,\"name\":\"Rus\u0173 kalbos gramatika\"}]},{\"@type\":\"WebSite\",\"@id\":\"https:\/\/talkpal.ai\/lt\/#website\",\"url\":\"https:\/\/talkpal.ai\/lt\/\",\"name\":\"Talkpal\",\"description\":\"AI Language Learning\",\"publisher\":{\"@id\":\"https:\/\/talkpal.ai\/lt\/#organization\"},\"alternateName\":\"Talkpal AI\",\"potentialAction\":[{\"@type\":\"SearchAction\",\"target\":{\"@type\":\"EntryPoint\",\"urlTemplate\":\"https:\/\/talkpal.ai\/lt\/?s={search_term_string}\"},\"query-input\":{\"@type\":\"PropertyValueSpecification\",\"valueRequired\":true,\"valueName\":\"search_term_string\"}}],\"inLanguage\":\"lt-LT\"},{\"@type\":\"Organization\",\"@id\":\"https:\/\/talkpal.ai\/lt\/#organization\",\"name\":\"Talkpal, Inc.\",\"alternateName\":\"Talkpal AI\",\"url\":\"https:\/\/talkpal.ai\/lt\/\",\"logo\":{\"@type\":\"ImageObject\",\"inLanguage\":\"lt-LT\",\"@id\":\"https:\/\/talkpal.ai\/lt\/#\/schema\/logo\/image\/\",\"url\":\"https:\/\/talkpal.ai\/wp-content\/uploads\/2024\/03\/Talkpal-Logo-Icon.png\",\"contentUrl\":\"https:\/\/talkpal.ai\/wp-content\/uploads\/2024\/03\/Talkpal-Logo-Icon.png\",\"width\":2880,\"height\":2880,\"caption\":\"Talkpal, Inc.\"},\"image\":{\"@id\":\"https:\/\/talkpal.ai\/lt\/#\/schema\/logo\/image\/\"},\"sameAs\":[\"https:\/\/www.facebook.com\/profile.php?id=100090733639311\",\"https:\/\/x.com\/talkpalai\",\"https:\/\/www.linkedin.com\/company\/talkpal\/\",\"https:\/\/www.youtube.com\/@TalkPal\/\",\"https:\/\/www.tiktok.com\/@talkpal\",\"https:\/\/www.instagram.com\/talkpal_ai\/\",\"https:\/\/www.crunchbase.com\/organization\/talkpal-9cde\",\"https:\/\/www.g2.com\/products\/talkpal-for-business\/\",\"https:\/\/www.trustpilot.com\/review\/talkpal.ai\",\"https:\/\/www.capterra.com\/p\/10006800\/TalkPal\/\"],\"description\":\"Talkpal is a language learning web and mobile education app, powered by the latest AI technologies, that provides engaging experiences to its customers in many different languages to help them improve their language skills. Users can chat about unlimited amount of topics with the app and use other modes to practice their language learning.\",\"email\":\"support@talkpal.ai\",\"legalName\":\"Talkpal, Inc.\",\"foundingDate\":\"2023-04-03\",\"duns\":\"118989042\",\"numberOfEmployees\":{\"@type\":\"QuantitativeValue\",\"minValue\":\"11\",\"maxValue\":\"50\"},\"publishingPrinciples\":\"https:\/\/talkpal.ai\/publishing-principles\/\",\"actionableFeedbackPolicy\":\"https:\/\/talkpal.ai\/actionable-feedback-policy\/\",\"correctionsPolicy\":\"https:\/\/talkpal.ai\/corrections-policy\/\",\"ethicsPolicy\":\"https:\/\/talkpal.ai\/ethics-policy\/\",\"diversityPolicy\":\"https:\/\/talkpal.ai\/diversity-policy\/\",\"diversityStaffingReport\":\"https:\/\/talkpal.ai\/diversity-policy\/\"}]}<\/script>\n<!-- \/ Yoast SEO Premium plugin. -->","yoast_head_json":{"title":"Rus\u0173 kalbos gramatika - Talkpal","description":"Atskleiskite rus\u0173 kalbos gramatikos pasaul\u012f su m\u016bs\u0173 pradedan\u010di\u0173j\u0173 vadovu. \u012evaldykite kirilicos ab\u0117c\u0117l\u0119 ir lavinkite kalbos \u012fg\u016bd\u017eius.","robots":{"index":"index","follow":"follow","max-snippet":"max-snippet:-1","max-image-preview":"max-image-preview:large","max-video-preview":"max-video-preview:-1"},"canonical":"https:\/\/talkpal.ai\/lt\/rusu-kalbos-gramatika\/","og_locale":"lt_LT","og_type":"article","og_title":"Rus\u0173 kalbos gramatika","og_description":"Rus\u0173 kalbos gramatika: atrakinkite rus\u0173 kalbos \u012fsisavinimo paslaptis Sveikiname \u017eengus dr\u0105s\u0173 \u017eingsn\u012f rus\u0173 kalbos mokymosi link! Rus\u0173 kalba, kurioje visame","og_url":"https:\/\/talkpal.ai\/lt\/rusu-kalbos-gramatika\/","og_site_name":"Talkpal","article_publisher":"https:\/\/www.facebook.com\/profile.php?id=100090733639311","article_modified_time":"2025-12-13T15:16:44+00:00","og_image":[{"width":512,"height":512,"url":"https:\/\/talkpal.ai\/wp-content\/uploads\/2023\/04\/rusia.png","type":"image\/png"}],"twitter_card":"summary_large_image","twitter_site":"@talkpalai","twitter_misc":{"Est. reading time":"3 minut\u0117s"},"schema":{"@context":"https:\/\/schema.org","@graph":[{"@type":"WebPage","@id":"https:\/\/talkpal.ai\/lt\/rusu-kalbos-gramatika\/","url":"https:\/\/talkpal.ai\/lt\/rusu-kalbos-gramatika\/","name":"Rus\u0173 kalbos gramatika - Talkpal","isPartOf":{"@id":"https:\/\/talkpal.ai\/lt\/#website"},"primaryImageOfPage":{"@id":"https:\/\/talkpal.ai\/lt\/rusu-kalbos-gramatika\/#primaryimage"},"image":{"@id":"https:\/\/talkpal.ai\/lt\/rusu-kalbos-gramatika\/#primaryimage"},"thumbnailUrl":"https:\/\/talkpal.ai\/wp-content\/uploads\/2023\/04\/rusia.png","datePublished":"2023-05-14T13:52:49+00:00","dateModified":"2025-12-13T15:16:44+00:00","description":"Atskleiskite rus\u0173 kalbos gramatikos pasaul\u012f su m\u016bs\u0173 pradedan\u010di\u0173j\u0173 vadovu. \u012evaldykite kirilicos ab\u0117c\u0117l\u0119 ir lavinkite kalbos \u012fg\u016bd\u017eius.","breadcrumb":{"@id":"https:\/\/talkpal.ai\/lt\/rusu-kalbos-gramatika\/#breadcrumb"},"inLanguage":"lt-LT","potentialAction":[{"@type":"ReadAction","target":["https:\/\/talkpal.ai\/lt\/rusu-kalbos-gramatika\/"]}]},{"@type":"ImageObject","inLanguage":"lt-LT","@id":"https:\/\/talkpal.ai\/lt\/rusu-kalbos-gramatika\/#primaryimage","url":"https:\/\/talkpal.ai\/wp-content\/uploads\/2023\/04\/rusia.png","contentUrl":"https:\/\/talkpal.ai\/wp-content\/uploads\/2023\/04\/rusia.png","width":512,"height":512},{"@type":"BreadcrumbList","@id":"https:\/\/talkpal.ai\/lt\/rusu-kalbos-gramatika\/#breadcrumb","itemListElement":[{"@type":"ListItem","position":1,"name":"Homepage","item":"https:\/\/talkpal.ai\/lt\/"},{"@type":"ListItem","position":2,"name":"Rus\u0173 kalbos gramatika"}]},{"@type":"WebSite","@id":"https:\/\/talkpal.ai\/lt\/#website","url":"https:\/\/talkpal.ai\/lt\/","name":"Talkpal","description":"AI Language Learning","publisher":{"@id":"https:\/\/talkpal.ai\/lt\/#organization"},"alternateName":"Talkpal AI","potentialAction":[{"@type":"SearchAction","target":{"@type":"EntryPoint","urlTemplate":"https:\/\/talkpal.ai\/lt\/?s={search_term_string}"},"query-input":{"@type":"PropertyValueSpecification","valueRequired":true,"valueName":"search_term_string"}}],"inLanguage":"lt-LT"},{"@type":"Organization","@id":"https:\/\/talkpal.ai\/lt\/#organization","name":"Talkpal, Inc.","alternateName":"Talkpal AI","url":"https:\/\/talkpal.ai\/lt\/","logo":{"@type":"ImageObject","inLanguage":"lt-LT","@id":"https:\/\/talkpal.ai\/lt\/#\/schema\/logo\/image\/","url":"https:\/\/talkpal.ai\/wp-content\/uploads\/2024\/03\/Talkpal-Logo-Icon.png","contentUrl":"https:\/\/talkpal.ai\/wp-content\/uploads\/2024\/03\/Talkpal-Logo-Icon.png","width":2880,"height":2880,"caption":"Talkpal, Inc."},"image":{"@id":"https:\/\/talkpal.ai\/lt\/#\/schema\/logo\/image\/"},"sameAs":["https:\/\/www.facebook.com\/profile.php?id=100090733639311","https:\/\/x.com\/talkpalai","https:\/\/www.linkedin.com\/company\/talkpal\/","https:\/\/www.youtube.com\/@TalkPal\/","https:\/\/www.tiktok.com\/@talkpal","https:\/\/www.instagram.com\/talkpal_ai\/","https:\/\/www.crunchbase.com\/organization\/talkpal-9cde","https:\/\/www.g2.com\/products\/talkpal-for-business\/","https:\/\/www.trustpilot.com\/review\/talkpal.ai","https:\/\/www.capterra.com\/p\/10006800\/TalkPal\/"],"description":"Talkpal is a language learning web and mobile education app, powered by the latest AI technologies, that provides engaging experiences to its customers in many different languages to help them improve their language skills. Users can chat about unlimited amount of topics with the app and use other modes to practice their language learning.","email":"support@talkpal.ai","legalName":"Talkpal, Inc.","foundingDate":"2023-04-03","duns":"118989042","numberOfEmployees":{"@type":"QuantitativeValue","minValue":"11","maxValue":"50"},"publishingPrinciples":"https:\/\/talkpal.ai\/publishing-principles\/","actionableFeedbackPolicy":"https:\/\/talkpal.ai\/actionable-feedback-policy\/","correctionsPolicy":"https:\/\/talkpal.ai\/corrections-policy\/","ethicsPolicy":"https:\/\/talkpal.ai\/ethics-policy\/","diversityPolicy":"https:\/\/talkpal.ai\/diversity-policy\/","diversityStaffingReport":"https:\/\/talkpal.ai\/diversity-policy\/"}]}},"_links":{"self":[{"href":"https:\/\/talkpal.ai\/lt\/wp-json\/wp\/v2\/pages\/139934","targetHints":{"allow":["GET"]}}],"collection":[{"href":"https:\/\/talkpal.ai\/lt\/wp-json\/wp\/v2\/pages"}],"about":[{"href":"https:\/\/talkpal.ai\/lt\/wp-json\/wp\/v2\/types\/page"}],"author":[{"embeddable":true,"href":"https:\/\/talkpal.ai\/lt\/wp-json\/wp\/v2\/users\/1"}],"replies":[{"embeddable":true,"href":"https:\/\/talkpal.ai\/lt\/wp-json\/wp\/v2\/comments?post=139934"}],"version-history":[{"count":0,"href":"https:\/\/talkpal.ai\/lt\/wp-json\/wp\/v2\/pages\/139934\/revisions"}],"wp:featuredmedia":[{"embeddable":true,"href":"https:\/\/talkpal.ai\/lt\/wp-json\/wp\/v2\/media\/108004"}],"wp:attachment":[{"href":"https:\/\/talkpal.ai\/lt\/wp-json\/wp\/v2\/media?parent=139934"}],"curies":[{"name":"wp","href":"https:\/\/api.w.org\/{rel}","templated":true}]}}