{"id":135962,"date":"2023-06-16T10:51:16","date_gmt":"2023-06-16T10:51:16","guid":{"rendered":"http:\/\/talkpal.ai\/ukrainieciu-kalbos-gramatikos-pratimai\/"},"modified":"2025-12-17T16:21:40","modified_gmt":"2025-12-17T16:21:40","slug":"ukrainieciu-kalbos-gramatikos-pratimai","status":"publish","type":"page","link":"https:\/\/talkpal.ai\/lt\/ukrainieciu-kalbos-gramatikos-pratimai\/","title":{"rendered":"Ukrainie\u010di\u0173 kalbos gramatikos pratimai"},"content":{"rendered":"\r\n\r\n\r\n<section class=\"languageChallengeSection\">\r\n    <div class=\"languageInfoWrapper\">\r\n        \r\n        <h1>Ukrainie\u010di\u0173 kalbos gramatikos pratimai<\/h1>\r\n        <p>Norite patobulinti savo <a href=\"https:\/\/talkpal.ai\/lt\/suzinokite-ukrainieciu-kalba\/\">ukrainie\u010di\u0173 kalbos<\/a> \u012fg\u016bd\u017eius? Gramatikos pratimai yra pagrindinis b\u016bdas \u012fsisavinti sakinio strukt\u016br\u0105, veiksma\u017eod\u017ei\u0173 formas ir unikalius <a href=\"https:\/\/talkpal.ai\/learn-ukrainian\/\">ukrainie\u010di\u0173<\/a> <a href=\"https:\/\/talkpal.ai\/what-language-is-spoken-on-the-international-space-station\/\">kalbos<\/a> modelius. Prad\u0117kite mokytis <a href=\"https:\/\/talkpal.ai\/learn-ukrainian\/\">ukrainie\u010di\u0173<\/a> kalbos gramatikos \u0161iandien ir steb\u0117kite, kaip su kiekvienu pratimu auga j\u016bs\u0173 pasitik\u0117jimas savimi ir skland\u017eiai kalbate!<\/p>\r\n\r\n                            <a class=\"getStartedHidden\" href=\"https:\/\/app.talkpal.ai\/lt\/signup?lng=\">Prad\u0117k<\/a>\r\n        \r\n    <\/div>\r\n\r\n    <figure>\r\n    <img decoding=\"async\" width=\"768\" height=\"768\" src=\"https:\/\/talkpal.ai\/wp-content\/uploads\/2023\/06\/Ukrainian-768x768.png\" class=\"languageImage no-lazy\" alt=\"Language learning - Your doorway to the world\" fetchpriority=\"high\" sizes=\"(max-width: 768px) 150px, 768px\" srcset=\"https:\/\/talkpal.ai\/wp-content\/uploads\/2023\/06\/Ukrainian-768x768.png 768w, https:\/\/talkpal.ai\/wp-content\/uploads\/2023\/06\/Ukrainian-300x300.png 300w\" \/>\r\n    \r\n\r\n    <\/figure>\r\n\r\n            <a class=\"getStartedVisible\" href=\"https:\/\/app.talkpal.ai\/lt\/signup?lng=\">Prad\u0117k<\/a>\r\n    \r\n<\/section>\r\n\r\n\r\n<!-- <section class=\"grammarSection\">\r\n    <div class=\"grammarLinks\">\r\n            <\/div>\r\n<\/section> -->\r\n\r\n\r\n\r\n\r\n<section class=\"promotionalBanner\">\r\n    <p class=\"promotionalText\">Efektyviausias b\u016bdas mokytis kalbos<\/p>\r\n    <a class=\"promotionalLink\" href=\"https:\/\/app.talkpal.ai\/lt\/signup?lng=\">I\u0161bandykite Talkpal &#8221; nemokamai<\/a>\r\n<\/section>\n<div class=\"wp-block-group pageContainerStyle\"><div class=\"wp-block-group__inner-container is-layout-constrained wp-block-group-is-layout-constrained\">\n<h2 class=\"wp-block-heading\" id=\"h-ukrainian-grammar-topics\">Ukrainie\u010di\u0173 kalbos gramatikos temos<\/h2>\n\n\n\n<p>Naujos <a href=\"https:\/\/talkpal.ai\/lt\/kaip-ismokti-kalba-per-talkpal-chat\/\">kalbos mokymasis<\/a> gali b\u016bti \u012fdomios, ta\u010diau sud\u0117tingos pastangos, o ukrainie\u010di\u0173 kalba n\u0117ra i\u0161imtis. Ukrainie\u010di\u0173, ryt\u0173 slav\u0173 kalba, yra oficiali Ukrainos kalba ir gali pasigirti turtinga istorija ir \u012fvairia gramatine strukt\u016bra. <a href=\"https:\/\/talkpal.ai\/locations\/language-courses-in-kai\/\">Kai<\/a> prad\u0117site savo kelion\u0119, kad i\u0161moktum\u0117te ukrainie\u010di\u0173 kalb\u0105, yra keletas pagrindini\u0173 gramatikos tem\u0173, kurias tur\u0117site \u012fvaldyti, \u012fskaitant laikus, veiksma\u017eod\u017eius, daiktavard\u017eius, straipsnius, \u012fvard\u017eius, b\u016bdvard\u017eius, prieveiksmius, prielinksnius ir sakini\u0173 strukt\u016br\u0105. \u0160i\u0173 gramatikos taisykli\u0173 supratimas ir teisingas <a href=\"https:\/\/talkpal.ai\/es\/descargar-la-aplicacion-talkpal-para-android-e-ios\/\">taikymas<\/a> \u017eymiai pagerins j\u016bs\u0173 kalbos sklandum\u0105. Taigi, pasinerkime \u012f kiekvien\u0105 tem\u0105 ir i\u0161nagrin\u0117kime, kokia seka tur\u0117tum\u0117te j\u0173 mokytis.<\/p>\n\n\n\n<h3 class=\"wp-block-heading\" id=\"h-1-nouns\">1. Daiktavard\u017eiai:<\/h3>\n\n\n\n<p>Prad\u0117kite mokytis ukrainie\u010di\u0173 daiktavard\u017ei\u0173, nes jie yra kalbos pagrindas. Susipa\u017einkite su j\u0173 lytimi (vyri\u0161ka, moteri\u0161ka ir neuter) ir j\u0173 daugiskaitos formomis. Daiktavard\u017ei\u0173 (atvej\u0173) supratimas yra labai svarbus tinkamam sakinio formavimui.<\/p>\n\n\n\n<h3 class=\"wp-block-heading\" id=\"h-2-pronouns\">2. \u012evard\u017eiai:<\/h3>\n\n\n\n<p>Toliau mokykit\u0117s \u012fvard\u017ei\u0173 \u2013 \u017eod\u017ei\u0173, kurie sakinyje pakei\u010dia daiktavard\u017eius. Jie taip pat turi gimin\u0117s ir did\u017eiosios raid\u0117s skirtumus, tod\u0117l labai svarbu i\u0161mokti, kokias formas reikia vartoti priklausomai nuo daiktavard\u017eio, kur\u012f jie pakei\u010dia.<\/p>\n\n\n\n<h3 class=\"wp-block-heading\" id=\"h-3-verbs\">3. Veiksma\u017eod\u017eiai:<\/h3>\n\n\n\n<p>Veiksma\u017eod\u017eiai yra veiksmo \u017eod\u017eiai sakinyje. Ukrainie\u010di\u0173 kalba veiksma\u017eod\u017eiai turi skirtingas formas, pagr\u012fstas \u012ftampa, nuotaika ir aspektu. Prad\u0117kite mokydamiesi dabartini\u0173 \u012ftempt\u0173 orientacini\u0173 veiksma\u017eod\u017ei\u0173 form\u0173, kurios pad\u0117s suprasti pagrindin\u0119 sakinio strukt\u016br\u0105.<\/p>\n\n\n\n<h3 class=\"wp-block-heading\" id=\"h-4-tenses-indicative\">4. Laikai orientaciniai:<\/h3>\n\n\n\n<p>I\u0161mok\u0119 veiksma\u017eod\u017ei\u0173 esamajame laike, pereikite prie praeities ir b\u016bsimojo laiko veiksma\u017eod\u017ei\u0173 mokymosi nurodomuoju b\u016bdu. <a href=\"https:\/\/talkpal.ai\/learn-thai\/\">Tai<\/a> leis jums bendrauti apie \u012fvykius, kurie jau \u012fvyko arba \u012fvyks ateityje.<\/p>\n\n\n\n<h3 class=\"wp-block-heading\" id=\"h-5-tenses-subjunctive\">5. Laik\u0173 subjunkcija:<\/h3>\n\n\n\n<p>\u012evald\u0119 orientacin\u0119 nuotaik\u0105, i\u0161tirkite subjunkcin\u0119 nuotaik\u0105, kuri i\u0161rei\u0161kia hipotetines situacijas, norus ar pasi\u016blymus. Subjunkcin\u0117 nuotaika da\u017eniausiai b\u016bna praeities ir ateities laikais ukrainie\u010di\u0173 kalba.<\/p>\n\n\n\n<h3 class=\"wp-block-heading\" id=\"h-6-tense-comparison\">6. \u012etemptas palyginimas:<\/h3>\n\n\n\n<p>Su\u017einokite, kaip palyginti laikus ukrainie\u010di\u0173 kalba, kad i\u0161reik\u0161tum\u0117te skirting\u0105 tikrumo ar galimyb\u0117s laipsn\u012f. Tai pad\u0117s suprasti ir sukurti sud\u0117tingesnius sakinius.<\/p>\n\n\n\n<h3 class=\"wp-block-heading\" id=\"h-7-adjectives\">7. B\u016bdvard\u017eiai:<\/h3>\n\n\n\n<p>B\u016bdvard\u017eiai apib\u016bdina daiktavard\u017ei\u0173 savybes. Jie sutinka lytimi, skai\u010diumi ir atveju su daiktavard\u017eiu, kur\u012f jie kei\u010dia. B\u016bdvard\u017ei\u0173 mokymasis pad\u0117s jums prid\u0117ti daugiau informacijos apie savo sakinius.<\/p>\n\n\n\n<h3 class=\"wp-block-heading\" id=\"h-8-adverbs\">8. Prieveiksmiai:<\/h3>\n\n\n\n<p>Prieveiksmiai apib\u016bdina veiksmo b\u016bd\u0105, viet\u0105 ar laik\u0105. Jie nesikartoja kaip b\u016bdvard\u017eiai, ta\u010diau atlieka labai svarb\u0173 vaidmen\u012f, kad sakiniai b\u016bt\u0173 informatyvesni ir \u012fdomesni.<\/p>\n\n\n\n<h3 class=\"wp-block-heading\" id=\"h-9-prepositions\">9. Prielinksniai:<\/h3>\n\n\n\n<p>Prielinksniai rodo ry\u0161\u012f tarp \u017eod\u017ei\u0173 sakinyje (pvz., vieta, kryptis ar laikas). Su\u017einokite, kaip teisingai naudoti prielinksnius, kad i\u0161vengtum\u0117te painiavos ir perteiktum\u0117te numatyt\u0105 prasm\u0119.<\/p>\n\n\n\n<h3 class=\"wp-block-heading\" id=\"h-10-sentence-structure\">10. Sakinio strukt\u016bra:<\/h3>\n\n\n\n<p>Galiausiai susipa\u017einkite su Ukrainos sakini\u0173 strukt\u016bra. Tai apima dalyko, veiksma\u017eod\u017eio ir objekto (SVO) \u017eod\u017ei\u0173 tvarkos supratim\u0105 ir tai, kaip naudoti atvejus ir kitus gramatinius elementus, kad b\u016bt\u0173 sudaryti ai\u0161k\u016bs, nuosekl\u016bs sakiniai.<\/p>\n\n\n\n<h3 class=\"wp-block-heading\" id=\"h-11-articles\">11. Straipsniai:<\/h3>\n\n\n\n<p>Ukrainie\u010di\u0173 kalboje n\u0117ra toki\u0173 artikeli\u0173 kaip angli\u0161kieji &#8222;the&#8221; ar &#8222;a&#8221;, ta\u010diau labai svarbu suprasti, kaip kalboje perteikiamas apibr\u0117\u017etumas ir neapibr\u0117\u017etumas, da\u017eniausiai vartojant parodomuosius \u012fvard\u017eius arba kontekst\u0105.<\/p>\n\n\n\n<p>Mokydamiesi \u0161i\u0173 gramatikos tem\u0173 si\u016bloma seka, palaipsniui sukursite tvirt\u0105 pagrind\u0105 ukrainie\u010di\u0173 kalba ir pereisite prie kalbos sklandumo.<\/p>\n<\/div><\/div>\n\r\n<section class=\"learnNavigationSection\">\r\n            \r\n        <a href=\"https:\/\/talkpal.ai\/lt\/suzinokite-ukrainieciu-kalba\/\">\r\n            <div class=\"learnNavigationWrapper\">\r\n                <div class=\"learnNavigationContent\">\r\n                    <img decoding=\"async\" src=\"https:\/\/talkpal.ai\/wp-content\/uploads\/2024\/08\/Ukrainian.jpg\" alt=\"Ukrainian Flag\">\r\n                    <div>\r\n                        <h4>Apie ukrainie\u010di\u0173 mokym\u0105si<\/h4>\r\n                        <p>Su\u017einokite visk\u0105 apie ukrainie\u010di\u0173 kalbos gramatik\u0105.<\/p>\r\n                    <\/div>\r\n                <\/div>\r\n            <\/div>\r\n        <\/a>\r\n\r\n        \r\n        <a href=\"https:\/\/talkpal.ai\/lt\/ukrainieciu-kalbos-gramatika\/\">\r\n            <div class=\"learnNavigationWrapper\">\r\n                <div class=\"learnNavigationContent\">\r\n                    <img decoding=\"async\" src=\"https:\/\/talkpal.ai\/wp-content\/uploads\/2024\/08\/Ukrainian.jpg\" alt=\"Ukrainian Flag\">\r\n                    <div>\r\n                        <h4>Ukrainos gramatikos pamokos<\/h4>\r\n                        <p>Praktikuokite ukrainie\u010di\u0173 kalbos gramatik\u0105.<\/p>\r\n                    <\/div>\r\n                <\/div>\r\n            <\/div>\r\n        <\/a>\r\n\r\n        \r\n        <a href=\"https:\/\/talkpal.ai\/vocabulary_language\/ukrainian\/\">\r\n            <div class=\"learnNavigationWrapper\">\r\n                <div class=\"learnNavigationContent\">\r\n                    <img decoding=\"async\" src=\"https:\/\/talkpal.ai\/wp-content\/uploads\/2024\/08\/Ukrainian.jpg\" alt=\"Ukrainian Flag\">\r\n                    <div>\r\n                        <h4>Ukrainie\u010di\u0173 kalbos \u017eodynas<\/h4>\r\n                        <p>Prapl\u0117skite savo ukrainie\u010di\u0173 kalbos \u017eodyn\u0105.<\/p>\r\n                    <\/div>\r\n                <\/div>\r\n            <\/div>\r\n        <\/a>\r\n\r\n            <\/section>","protected":false},"excerpt":{"rendered":"<p>Ukrainie\u010di\u0173 kalbos gramatikos temos Naujos kalbos mokymasis gali b\u016bti \u012fdomios, ta\u010diau sud\u0117tingos pastangos, o ukrainie\u010di\u0173 kalba n\u0117ra i\u0161imtis. Ukrainie\u010di\u0173, ryt\u0173 slav\u0173 kalba, yra oficiali Ukrainos kalba ir gali pasigirti turtinga istorija ir \u012fvairia gramatine strukt\u016bra. Kai prad\u0117site savo kelion\u0119, kad i\u0161moktum\u0117te ukrainie\u010di\u0173 kalb\u0105, yra keletas pagrindini\u0173 gramatikos tem\u0173, kurias tur\u0117site \u012fvaldyti, \u012fskaitant laikus, veiksma\u017eod\u017eius, daiktavard\u017eius, [&hellip;]<\/p>\n","protected":false},"author":6,"featured_media":108553,"parent":0,"menu_order":0,"comment_status":"closed","ping_status":"closed","template":"LearningContentPage.php","meta":{"_acf_changed":false,"footnotes":""},"class_list":["post-135962","page","type-page","status-publish","has-post-thumbnail","hentry"],"acf":[],"yoast_head":"<!-- This site is optimized with the Yoast SEO Premium plugin v27.2 (Yoast SEO v27.2) - https:\/\/yoast.com\/product\/yoast-seo-premium-wordpress\/ -->\n<title>Ukrainie\u010di\u0173 kalbos gramatikos pratimai - Talkpal<\/title>\n<meta name=\"description\" content=\"Patobulinkite savo ukrainie\u010di\u0173 kalbos \u012fg\u016bd\u017eius naudodami \u012fdomius ukrainie\u010di\u0173 kalbos gramatikos pratimus, kuriuose aptariamos esmin\u0117s gramatikos temos, reikalingos skland\u017eiam kalb\u0117jimui.\" \/>\n<meta name=\"robots\" content=\"index, follow, max-snippet:-1, max-image-preview:large, max-video-preview:-1\" \/>\n<link rel=\"canonical\" href=\"https:\/\/talkpal.ai\/lt\/ukrainieciu-kalbos-gramatikos-pratimai\/\" \/>\n<meta property=\"og:locale\" content=\"lt_LT\" \/>\n<meta property=\"og:type\" content=\"article\" \/>\n<meta property=\"og:title\" content=\"Ukrainie\u010di\u0173 kalbos gramatikos pratimai\" \/>\n<meta property=\"og:description\" content=\"Ukrainie\u010di\u0173 kalbos gramatikos temos Naujos kalbos mokymasis gali b\u016bti \u012fdomios, ta\u010diau sud\u0117tingos pastangos, o ukrainie\u010di\u0173 kalba n\u0117ra i\u0161imtis. Ukrainie\u010di\u0173,\" \/>\n<meta property=\"og:url\" content=\"https:\/\/talkpal.ai\/lt\/ukrainieciu-kalbos-gramatikos-pratimai\/\" \/>\n<meta property=\"og:site_name\" content=\"Talkpal\" \/>\n<meta property=\"article:publisher\" content=\"https:\/\/www.facebook.com\/profile.php?id=100090733639311\" \/>\n<meta property=\"article:modified_time\" content=\"2025-12-17T16:21:40+00:00\" \/>\n<meta property=\"og:image\" content=\"https:\/\/talkpal.ai\/wp-content\/uploads\/2023\/04\/ukraine.png\" \/>\n\t<meta property=\"og:image:width\" content=\"512\" \/>\n\t<meta property=\"og:image:height\" content=\"512\" \/>\n\t<meta property=\"og:image:type\" content=\"image\/png\" \/>\n<meta name=\"twitter:card\" content=\"summary_large_image\" \/>\n<meta name=\"twitter:site\" content=\"@talkpalai\" \/>\n<meta name=\"twitter:label1\" content=\"Est. reading time\" \/>\n\t<meta name=\"twitter:data1\" content=\"3 minut\u0117s\" \/>\n<script type=\"application\/ld+json\" class=\"yoast-schema-graph\">{\"@context\":\"https:\/\/schema.org\",\"@graph\":[{\"@type\":\"WebPage\",\"@id\":\"https:\/\/talkpal.ai\/lt\/ukrainieciu-kalbos-gramatikos-pratimai\/\",\"url\":\"https:\/\/talkpal.ai\/lt\/ukrainieciu-kalbos-gramatikos-pratimai\/\",\"name\":\"Ukrainie\u010di\u0173 kalbos gramatikos pratimai - Talkpal\",\"isPartOf\":{\"@id\":\"https:\/\/talkpal.ai\/lt\/#website\"},\"primaryImageOfPage\":{\"@id\":\"https:\/\/talkpal.ai\/lt\/ukrainieciu-kalbos-gramatikos-pratimai\/#primaryimage\"},\"image\":{\"@id\":\"https:\/\/talkpal.ai\/lt\/ukrainieciu-kalbos-gramatikos-pratimai\/#primaryimage\"},\"thumbnailUrl\":\"https:\/\/talkpal.ai\/wp-content\/uploads\/2023\/04\/ukraine.png\",\"datePublished\":\"2023-06-16T10:51:16+00:00\",\"dateModified\":\"2025-12-17T16:21:40+00:00\",\"description\":\"Patobulinkite savo ukrainie\u010di\u0173 kalbos \u012fg\u016bd\u017eius naudodami \u012fdomius ukrainie\u010di\u0173 kalbos gramatikos pratimus, kuriuose aptariamos esmin\u0117s gramatikos temos, reikalingos skland\u017eiam kalb\u0117jimui.\",\"breadcrumb\":{\"@id\":\"https:\/\/talkpal.ai\/lt\/ukrainieciu-kalbos-gramatikos-pratimai\/#breadcrumb\"},\"inLanguage\":\"lt-LT\",\"potentialAction\":[{\"@type\":\"ReadAction\",\"target\":[\"https:\/\/talkpal.ai\/lt\/ukrainieciu-kalbos-gramatikos-pratimai\/\"]}]},{\"@type\":\"ImageObject\",\"inLanguage\":\"lt-LT\",\"@id\":\"https:\/\/talkpal.ai\/lt\/ukrainieciu-kalbos-gramatikos-pratimai\/#primaryimage\",\"url\":\"https:\/\/talkpal.ai\/wp-content\/uploads\/2023\/04\/ukraine.png\",\"contentUrl\":\"https:\/\/talkpal.ai\/wp-content\/uploads\/2023\/04\/ukraine.png\",\"width\":512,\"height\":512,\"caption\":\"TalkPal Ukrainian Flag\"},{\"@type\":\"BreadcrumbList\",\"@id\":\"https:\/\/talkpal.ai\/lt\/ukrainieciu-kalbos-gramatikos-pratimai\/#breadcrumb\",\"itemListElement\":[{\"@type\":\"ListItem\",\"position\":1,\"name\":\"Homepage\",\"item\":\"https:\/\/talkpal.ai\/lt\/\"},{\"@type\":\"ListItem\",\"position\":2,\"name\":\"Ukrainie\u010di\u0173 kalbos gramatikos pratimai\"}]},{\"@type\":\"WebSite\",\"@id\":\"https:\/\/talkpal.ai\/lt\/#website\",\"url\":\"https:\/\/talkpal.ai\/lt\/\",\"name\":\"Talkpal\",\"description\":\"AI Language Learning\",\"publisher\":{\"@id\":\"https:\/\/talkpal.ai\/lt\/#organization\"},\"alternateName\":\"Talkpal AI\",\"potentialAction\":[{\"@type\":\"SearchAction\",\"target\":{\"@type\":\"EntryPoint\",\"urlTemplate\":\"https:\/\/talkpal.ai\/lt\/?s={search_term_string}\"},\"query-input\":{\"@type\":\"PropertyValueSpecification\",\"valueRequired\":true,\"valueName\":\"search_term_string\"}}],\"inLanguage\":\"lt-LT\"},{\"@type\":\"Organization\",\"@id\":\"https:\/\/talkpal.ai\/lt\/#organization\",\"name\":\"Talkpal, Inc.\",\"alternateName\":\"Talkpal AI\",\"url\":\"https:\/\/talkpal.ai\/lt\/\",\"logo\":{\"@type\":\"ImageObject\",\"inLanguage\":\"lt-LT\",\"@id\":\"https:\/\/talkpal.ai\/lt\/#\/schema\/logo\/image\/\",\"url\":\"https:\/\/talkpal.ai\/wp-content\/uploads\/2024\/03\/Talkpal-Logo-Icon.png\",\"contentUrl\":\"https:\/\/talkpal.ai\/wp-content\/uploads\/2024\/03\/Talkpal-Logo-Icon.png\",\"width\":2880,\"height\":2880,\"caption\":\"Talkpal, Inc.\"},\"image\":{\"@id\":\"https:\/\/talkpal.ai\/lt\/#\/schema\/logo\/image\/\"},\"sameAs\":[\"https:\/\/www.facebook.com\/profile.php?id=100090733639311\",\"https:\/\/x.com\/talkpalai\",\"https:\/\/www.linkedin.com\/company\/talkpal\/\",\"https:\/\/www.youtube.com\/@TalkPal\/\",\"https:\/\/www.tiktok.com\/@talkpal\",\"https:\/\/www.instagram.com\/talkpal_ai\/\",\"https:\/\/www.crunchbase.com\/organization\/talkpal-9cde\",\"https:\/\/www.g2.com\/products\/talkpal-for-business\/\",\"https:\/\/www.trustpilot.com\/review\/talkpal.ai\",\"https:\/\/www.capterra.com\/p\/10006800\/TalkPal\/\"],\"description\":\"Talkpal is a language learning web and mobile education app, powered by the latest AI technologies, that provides engaging experiences to its customers in many different languages to help them improve their language skills. Users can chat about unlimited amount of topics with the app and use other modes to practice their language learning.\",\"email\":\"support@talkpal.ai\",\"legalName\":\"Talkpal, Inc.\",\"foundingDate\":\"2023-04-03\",\"duns\":\"118989042\",\"numberOfEmployees\":{\"@type\":\"QuantitativeValue\",\"minValue\":\"11\",\"maxValue\":\"50\"},\"publishingPrinciples\":\"https:\/\/talkpal.ai\/publishing-principles\/\",\"actionableFeedbackPolicy\":\"https:\/\/talkpal.ai\/actionable-feedback-policy\/\",\"correctionsPolicy\":\"https:\/\/talkpal.ai\/corrections-policy\/\",\"ethicsPolicy\":\"https:\/\/talkpal.ai\/ethics-policy\/\",\"diversityPolicy\":\"https:\/\/talkpal.ai\/diversity-policy\/\",\"diversityStaffingReport\":\"https:\/\/talkpal.ai\/diversity-policy\/\"}]}<\/script>\n<!-- \/ Yoast SEO Premium plugin. -->","yoast_head_json":{"title":"Ukrainie\u010di\u0173 kalbos gramatikos pratimai - Talkpal","description":"Patobulinkite savo ukrainie\u010di\u0173 kalbos \u012fg\u016bd\u017eius naudodami \u012fdomius ukrainie\u010di\u0173 kalbos gramatikos pratimus, kuriuose aptariamos esmin\u0117s gramatikos temos, reikalingos skland\u017eiam kalb\u0117jimui.","robots":{"index":"index","follow":"follow","max-snippet":"max-snippet:-1","max-image-preview":"max-image-preview:large","max-video-preview":"max-video-preview:-1"},"canonical":"https:\/\/talkpal.ai\/lt\/ukrainieciu-kalbos-gramatikos-pratimai\/","og_locale":"lt_LT","og_type":"article","og_title":"Ukrainie\u010di\u0173 kalbos gramatikos pratimai","og_description":"Ukrainie\u010di\u0173 kalbos gramatikos temos Naujos kalbos mokymasis gali b\u016bti \u012fdomios, ta\u010diau sud\u0117tingos pastangos, o ukrainie\u010di\u0173 kalba n\u0117ra i\u0161imtis. Ukrainie\u010di\u0173,","og_url":"https:\/\/talkpal.ai\/lt\/ukrainieciu-kalbos-gramatikos-pratimai\/","og_site_name":"Talkpal","article_publisher":"https:\/\/www.facebook.com\/profile.php?id=100090733639311","article_modified_time":"2025-12-17T16:21:40+00:00","og_image":[{"width":512,"height":512,"url":"https:\/\/talkpal.ai\/wp-content\/uploads\/2023\/04\/ukraine.png","type":"image\/png"}],"twitter_card":"summary_large_image","twitter_site":"@talkpalai","twitter_misc":{"Est. reading time":"3 minut\u0117s"},"schema":{"@context":"https:\/\/schema.org","@graph":[{"@type":"WebPage","@id":"https:\/\/talkpal.ai\/lt\/ukrainieciu-kalbos-gramatikos-pratimai\/","url":"https:\/\/talkpal.ai\/lt\/ukrainieciu-kalbos-gramatikos-pratimai\/","name":"Ukrainie\u010di\u0173 kalbos gramatikos pratimai - Talkpal","isPartOf":{"@id":"https:\/\/talkpal.ai\/lt\/#website"},"primaryImageOfPage":{"@id":"https:\/\/talkpal.ai\/lt\/ukrainieciu-kalbos-gramatikos-pratimai\/#primaryimage"},"image":{"@id":"https:\/\/talkpal.ai\/lt\/ukrainieciu-kalbos-gramatikos-pratimai\/#primaryimage"},"thumbnailUrl":"https:\/\/talkpal.ai\/wp-content\/uploads\/2023\/04\/ukraine.png","datePublished":"2023-06-16T10:51:16+00:00","dateModified":"2025-12-17T16:21:40+00:00","description":"Patobulinkite savo ukrainie\u010di\u0173 kalbos \u012fg\u016bd\u017eius naudodami \u012fdomius ukrainie\u010di\u0173 kalbos gramatikos pratimus, kuriuose aptariamos esmin\u0117s gramatikos temos, reikalingos skland\u017eiam kalb\u0117jimui.","breadcrumb":{"@id":"https:\/\/talkpal.ai\/lt\/ukrainieciu-kalbos-gramatikos-pratimai\/#breadcrumb"},"inLanguage":"lt-LT","potentialAction":[{"@type":"ReadAction","target":["https:\/\/talkpal.ai\/lt\/ukrainieciu-kalbos-gramatikos-pratimai\/"]}]},{"@type":"ImageObject","inLanguage":"lt-LT","@id":"https:\/\/talkpal.ai\/lt\/ukrainieciu-kalbos-gramatikos-pratimai\/#primaryimage","url":"https:\/\/talkpal.ai\/wp-content\/uploads\/2023\/04\/ukraine.png","contentUrl":"https:\/\/talkpal.ai\/wp-content\/uploads\/2023\/04\/ukraine.png","width":512,"height":512,"caption":"TalkPal Ukrainian Flag"},{"@type":"BreadcrumbList","@id":"https:\/\/talkpal.ai\/lt\/ukrainieciu-kalbos-gramatikos-pratimai\/#breadcrumb","itemListElement":[{"@type":"ListItem","position":1,"name":"Homepage","item":"https:\/\/talkpal.ai\/lt\/"},{"@type":"ListItem","position":2,"name":"Ukrainie\u010di\u0173 kalbos gramatikos pratimai"}]},{"@type":"WebSite","@id":"https:\/\/talkpal.ai\/lt\/#website","url":"https:\/\/talkpal.ai\/lt\/","name":"Talkpal","description":"AI Language Learning","publisher":{"@id":"https:\/\/talkpal.ai\/lt\/#organization"},"alternateName":"Talkpal AI","potentialAction":[{"@type":"SearchAction","target":{"@type":"EntryPoint","urlTemplate":"https:\/\/talkpal.ai\/lt\/?s={search_term_string}"},"query-input":{"@type":"PropertyValueSpecification","valueRequired":true,"valueName":"search_term_string"}}],"inLanguage":"lt-LT"},{"@type":"Organization","@id":"https:\/\/talkpal.ai\/lt\/#organization","name":"Talkpal, Inc.","alternateName":"Talkpal AI","url":"https:\/\/talkpal.ai\/lt\/","logo":{"@type":"ImageObject","inLanguage":"lt-LT","@id":"https:\/\/talkpal.ai\/lt\/#\/schema\/logo\/image\/","url":"https:\/\/talkpal.ai\/wp-content\/uploads\/2024\/03\/Talkpal-Logo-Icon.png","contentUrl":"https:\/\/talkpal.ai\/wp-content\/uploads\/2024\/03\/Talkpal-Logo-Icon.png","width":2880,"height":2880,"caption":"Talkpal, Inc."},"image":{"@id":"https:\/\/talkpal.ai\/lt\/#\/schema\/logo\/image\/"},"sameAs":["https:\/\/www.facebook.com\/profile.php?id=100090733639311","https:\/\/x.com\/talkpalai","https:\/\/www.linkedin.com\/company\/talkpal\/","https:\/\/www.youtube.com\/@TalkPal\/","https:\/\/www.tiktok.com\/@talkpal","https:\/\/www.instagram.com\/talkpal_ai\/","https:\/\/www.crunchbase.com\/organization\/talkpal-9cde","https:\/\/www.g2.com\/products\/talkpal-for-business\/","https:\/\/www.trustpilot.com\/review\/talkpal.ai","https:\/\/www.capterra.com\/p\/10006800\/TalkPal\/"],"description":"Talkpal is a language learning web and mobile education app, powered by the latest AI technologies, that provides engaging experiences to its customers in many different languages to help them improve their language skills. Users can chat about unlimited amount of topics with the app and use other modes to practice their language learning.","email":"support@talkpal.ai","legalName":"Talkpal, Inc.","foundingDate":"2023-04-03","duns":"118989042","numberOfEmployees":{"@type":"QuantitativeValue","minValue":"11","maxValue":"50"},"publishingPrinciples":"https:\/\/talkpal.ai\/publishing-principles\/","actionableFeedbackPolicy":"https:\/\/talkpal.ai\/actionable-feedback-policy\/","correctionsPolicy":"https:\/\/talkpal.ai\/corrections-policy\/","ethicsPolicy":"https:\/\/talkpal.ai\/ethics-policy\/","diversityPolicy":"https:\/\/talkpal.ai\/diversity-policy\/","diversityStaffingReport":"https:\/\/talkpal.ai\/diversity-policy\/"}]}},"_links":{"self":[{"href":"https:\/\/talkpal.ai\/lt\/wp-json\/wp\/v2\/pages\/135962","targetHints":{"allow":["GET"]}}],"collection":[{"href":"https:\/\/talkpal.ai\/lt\/wp-json\/wp\/v2\/pages"}],"about":[{"href":"https:\/\/talkpal.ai\/lt\/wp-json\/wp\/v2\/types\/page"}],"author":[{"embeddable":true,"href":"https:\/\/talkpal.ai\/lt\/wp-json\/wp\/v2\/users\/6"}],"replies":[{"embeddable":true,"href":"https:\/\/talkpal.ai\/lt\/wp-json\/wp\/v2\/comments?post=135962"}],"version-history":[{"count":0,"href":"https:\/\/talkpal.ai\/lt\/wp-json\/wp\/v2\/pages\/135962\/revisions"}],"wp:featuredmedia":[{"embeddable":true,"href":"https:\/\/talkpal.ai\/lt\/wp-json\/wp\/v2\/media\/108553"}],"wp:attachment":[{"href":"https:\/\/talkpal.ai\/lt\/wp-json\/wp\/v2\/media?parent=135962"}],"curies":[{"name":"wp","href":"https:\/\/api.w.org\/{rel}","templated":true}]}}