{"id":135590,"date":"2023-06-16T10:42:00","date_gmt":"2023-06-16T10:42:00","guid":{"rendered":"http:\/\/talkpal.ai\/portugalu-kalbos-gramatikos-pratimai\/"},"modified":"2025-12-17T16:16:50","modified_gmt":"2025-12-17T16:16:50","slug":"portugalu-kalbos-gramatikos-pratimai","status":"publish","type":"page","link":"https:\/\/talkpal.ai\/lt\/portugalu-kalbos-gramatikos-pratimai\/","title":{"rendered":"Portugal\u0173 kalbos gramatikos pratimai"},"content":{"rendered":"\r\n\r\n\r\n<section class=\"languageChallengeSection\">\r\n    <div class=\"languageInfoWrapper\">\r\n        \r\n        <h1>Portugal\u0173 kalbos gramatikos pratimai<\/h1>\r\n        <p>Norite sustiprinti <a href=\"https:\/\/talkpal.ai\/lt\/ismok-portugalu-kalba\/\">portugal\u0173 kalbos<\/a> \u012fg\u016bd\u017eius? Per\u0161okite prie gramatikos pratyb\u0173, kad \u012fsisavintum\u0117te sakinio strukt\u016br\u0105, veiksma\u017eod\u017ei\u0173 junginius ir unikalius <a href=\"https:\/\/talkpal.ai\/learn-portuguese\/\">portugal\u0173<\/a> <a href=\"https:\/\/talkpal.ai\/what-language-is-spoken-on-the-international-space-station\/\">kalbos<\/a> modelius. Prad\u0117kite praktikuoti <a href=\"https:\/\/talkpal.ai\/lt\/ismok-portugalu-kalba\/\">portugal\u0173 kalbos<\/a> gramatik\u0105 dabar ir pamatysite, kaip su kiekvienu pratimu auga j\u016bs\u0173 pasitik\u0117jimas savimi ir skland\u017eiai kalbate!<\/p>\r\n\r\n                            <a class=\"getStartedHidden\" href=\"https:\/\/app.talkpal.ai\/lt\/signup?lng=\">Prad\u0117k<\/a>\r\n        \r\n    <\/div>\r\n\r\n    <figure>\r\n    <img decoding=\"async\" width=\"768\" height=\"768\" src=\"https:\/\/talkpal.ai\/wp-content\/uploads\/2023\/06\/portuguese-768x768.png\" class=\"languageImage no-lazy\" alt=\"Language learning for broader world view\" fetchpriority=\"high\" sizes=\"(max-width: 768px) 150px, 768px\" srcset=\"https:\/\/talkpal.ai\/wp-content\/uploads\/2023\/06\/portuguese-768x768.png 768w, https:\/\/talkpal.ai\/wp-content\/uploads\/2023\/06\/portuguese-300x300.png 300w\" \/>\r\n    \r\n\r\n    <\/figure>\r\n\r\n            <a class=\"getStartedVisible\" href=\"https:\/\/app.talkpal.ai\/lt\/signup?lng=\">Prad\u0117k<\/a>\r\n    \r\n<\/section>\r\n\r\n\r\n<!-- <section class=\"grammarSection\">\r\n    <div class=\"grammarLinks\">\r\n            <\/div>\r\n<\/section> -->\r\n\r\n\r\n\r\n\r\n<section class=\"promotionalBanner\">\r\n    <p class=\"promotionalText\">Efektyviausias b\u016bdas mokytis kalbos<\/p>\r\n    <a class=\"promotionalLink\" href=\"https:\/\/app.talkpal.ai\/lt\/signup?lng=\">I\u0161bandykite Talkpal &#8221; nemokamai<\/a>\r\n<\/section>\n<div class=\"wp-block-group pageContainerStyle\"><div class=\"wp-block-group__inner-container is-layout-constrained wp-block-group-is-layout-constrained\">\n<h2 class=\"wp-block-heading\" id=\"h-portuguese-grammar-topics\">Portugal\u0173 kalbos gramatikos temos<\/h2>\n\n\n\n<p>Naujos <a href=\"https:\/\/talkpal.ai\/lt\/kaip-ismokti-kalba-per-talkpal-chat\/\">kalbos mokymasis<\/a> gali b\u016bti \u012fdomi ir naudinga patirtis, o portugal\u0173 kalba n\u0117ra i\u0161imtis. Kaip \u0161e\u0161ta labiausiai kalbama kalba pasaulyje, ji si\u016blo daugyb\u0119 asmeninio ir profesinio augimo galimybi\u0173. Jos kalbini\u0173 subtilybi\u0173 ir gramatikos supratimas ir \u012fsisavinimas gali atverti duris \u012f turting\u0105 kult\u016brin\u0119 patirt\u012f tokiose \u0161alyse kaip Portugalija, Brazilija ir \u012fvairios Afrikos tautos. Nor\u0117dami palengvinti savo kelion\u0119 \u012f portugal\u0173 kalbos pasaul\u012f, \u0161iame vadove apra\u0161oma gramatikos tem\u0173, kuri\u0173 tur\u0117tum\u0117te laikytis, seka, u\u017etikrinanti, kad sukursite tvirt\u0105 pagrind\u0105 ir progresuosite patogiu tempu.<\/p>\n\n\n\n<h3 class=\"wp-block-heading\" id=\"h-1-articles\">1. Straipsniai:<\/h3>\n\n\n\n<p>Prad\u0117kite mokytis konkre\u010di\u0173 ir neapibr\u0117\u017et\u0173 straipsni\u0173, kurie yra esminiai kalbos elementai. <a href=\"https:\/\/talkpal.ai\/learn-thai\/\">Tai<\/a> suteikia pagrind\u0105 suprasti lyt\u012f ir daiktavard\u017ei\u0173 skai\u010di\u0173 sakiniuose.<\/p>\n\n\n\n<h3 class=\"wp-block-heading\" id=\"h-2-nouns\">2. Daiktavard\u017eiai:<\/h3>\n\n\n\n<p>Susipa\u017einkite su portugal\u0173 kalbos daiktavard\u017eiais, \u012fskaitant j\u0173 lyt\u012f (vyri\u0161k\u0105 ar moteri\u0161k\u0105) ir skai\u010di\u0173 (vienaskaitos ar daugiskaitos). \u0160ios \u017einios bus labai svarbios formuojant nuoseklius sakinius ir susitarimus su kitais elementais, pavyzd\u017eiui, b\u016bdvard\u017eiais.<\/p>\n\n\n\n<h3 class=\"wp-block-heading\" id=\"h-3-adjectives\">3. B\u016bdvard\u017eiai:<\/h3>\n\n\n\n<p>Su\u017einokite, kaip apib\u016bdinti daiktavard\u017eius naudojant b\u016bdvard\u017eius, kurie turi sutikti su daiktavard\u017eiu lytimi ir skai\u010diumi. Tai sustiprins j\u016bs\u0173 geb\u0117jim\u0105 i\u0161reik\u0161ti id\u0117jas ir apib\u016bdinti objektus ar \u017emones portugal\u0173 kalba.<\/p>\n\n\n\n<h3 class=\"wp-block-heading\" id=\"h-4-pronouns\">4. \u012evard\u017eiai:<\/h3>\n\n\n\n<p>Pasinerkite \u012f \u012fvard\u017ei\u0173 pasaul\u012f, \u012fskaitant asmeninius, savininki\u0161kus, demonstracinius ir santykinius \u012fvard\u017eius. Jie pakei\u010dia daiktavard\u017eius sakiniuose ir padeda i\u0161vengti nereikalingo pasikartojimo.<\/p>\n\n\n\n<h3 class=\"wp-block-heading\" id=\"h-5-verbs\">5. Veiksma\u017eod\u017eiai:<\/h3>\n\n\n\n<p>Suprasti skirtingas veiksma\u017eod\u017ei\u0173 konjugacijas portugal\u0173 kalba, kurios yra b\u016btinos veiksmams, \u012fvykiams ir b\u016bsenoms i\u0161reik\u0161ti. Prad\u0117kite nuo \u012fprast\u0173 veiksma\u017eod\u017ei\u0173, tada pereikite prie netaisykling\u0173 veiksma\u017eod\u017ei\u0173 ir j\u0173 \u012fvairi\u0173 konjugacij\u0173.<\/p>\n\n\n\n<h3 class=\"wp-block-heading\" id=\"h-6-tenses-indicative\">6. Laikai orientaciniai:<\/h3>\n\n\n\n<p>Su\u017einokite orientacin\u0119 nuotaik\u0105, kuri naudojama faktams ar tikrumui i\u0161reik\u0161ti. Tai apima skirting\u0173 laik\u0173, toki\u0173 kaip dabartis, praeitis ir ateitis, supratim\u0105, taip pat j\u0173 konjugacijas skirting\u0173 tip\u0173 veiksma\u017eod\u017eiui.<\/p>\n\n\n\n<h3 class=\"wp-block-heading\" id=\"h-7-tenses-subjunctive\">7. Laik\u0173 subjunkcija:<\/h3>\n\n\n\n<p>Pasinerkite \u012f subjunkcin\u0119 nuotaik\u0105, kuri perteikia abejones, galimybes ar netikrum\u0105. Tai apima dabarties, praeities ir ateities subjunkcini\u0173 laik\u0173 ir j\u0173 atitinkam\u0173 konjugacij\u0173 mokym\u0105si.<\/p>\n\n\n\n<h3 class=\"wp-block-heading\" id=\"h-8-tense-comparison\">8. \u012etemptas palyginimas:<\/h3>\n\n\n\n<p>I\u0161tirkite, kaip palyginti ir sugretinti skirtingus laikus tiek orientacin\u0117se, tiek subjunkcin\u0117se nuotaikose. Tai pad\u0117s jums pasirinkti tinkam\u0105 \u012ftamp\u0105 \u012fvairiems kontekstams ir situacijoms.<\/p>\n\n\n\n<h3 class=\"wp-block-heading\" id=\"h-9-adverbs\">9. Prieveiksmiai:<\/h3>\n\n\n\n<p>Su\u017einokite apie prieveiksmius, kurie kei\u010dia veiksma\u017eod\u017eius, b\u016bdvard\u017eius ar kitus prieveiksmius ir suteikia papildomos informacijos apie veiksmo b\u016bd\u0105, viet\u0105 ar laik\u0105.<\/p>\n\n\n\n<h3 class=\"wp-block-heading\" id=\"h-10-prepositions\">10. Prielinksniai:<\/h3>\n\n\n\n<p>Susipa\u017einkite su prielinksni\u0173 vartojimu, kurie nustato ry\u0161ius tarp sakinio \u017eod\u017ei\u0173, toki\u0173 kaip vieta, kryptis, laikas ar tikslas.<\/p>\n\n\n\n<h3 class=\"wp-block-heading\" id=\"h-11-sentence-structure\">11. Sakinio strukt\u016bra:<\/h3>\n\n\n\n<p>Galiausiai supraskite pagrindin\u0119 sakini\u0173 strukt\u016br\u0105 portugal\u0173 kalba, \u012fskaitant \u017eod\u017ei\u0173 tvark\u0105, neigim\u0105 ir klausim\u0173 formavim\u0105. Tai leis jums sukurti prasmingus ir gramati\u0161kai teisingus sakinius, leid\u017eian\u010dius efektyviai bendrauti portugal\u0173 kalba.<\/p>\n<\/div><\/div>\n\r\n<section class=\"learnNavigationSection\">\r\n            \r\n        <a href=\"https:\/\/talkpal.ai\/lt\/ismok-portugalu-kalba\/\">\r\n            <div class=\"learnNavigationWrapper\">\r\n                <div class=\"learnNavigationContent\">\r\n                    <img decoding=\"async\" src=\"https:\/\/talkpal.ai\/wp-content\/uploads\/2024\/08\/Portuguese.jpg\" alt=\"Portuguese Flag\">\r\n                    <div>\r\n                        <h4>Apie Portugalijos mokym\u0105si<\/h4>\r\n                        <p>Su\u017einokite visk\u0105 apie Portugalijos gramatik\u0105.<\/p>\r\n                    <\/div>\r\n                <\/div>\r\n            <\/div>\r\n        <\/a>\r\n\r\n        \r\n        <a href=\"https:\/\/talkpal.ai\/lt\/portugalu-kalbos-gramatika\/\">\r\n            <div class=\"learnNavigationWrapper\">\r\n                <div class=\"learnNavigationContent\">\r\n                    <img decoding=\"async\" src=\"https:\/\/talkpal.ai\/wp-content\/uploads\/2024\/08\/Portuguese.jpg\" alt=\"Portuguese Flag\">\r\n                    <div>\r\n                        <h4>Portugal\u0173 kalbos gramatikos pamokos<\/h4>\r\n                        <p>Praktikuokite portugal\u0173 kalbos gramatik\u0105.<\/p>\r\n                    <\/div>\r\n                <\/div>\r\n            <\/div>\r\n        <\/a>\r\n\r\n        \r\n        <a href=\"https:\/\/talkpal.ai\/vocabulary_language\/portuguese\/\">\r\n            <div class=\"learnNavigationWrapper\">\r\n                <div class=\"learnNavigationContent\">\r\n                    <img decoding=\"async\" src=\"https:\/\/talkpal.ai\/wp-content\/uploads\/2024\/08\/Portuguese.jpg\" alt=\"Portuguese Flag\">\r\n                    <div>\r\n                        <h4>Portugal\u0173 kalbos \u017eodynas<\/h4>\r\n                        <p>Prapl\u0117skite savo portugal\u0173 kalbos \u017eodyn\u0105.<\/p>\r\n                    <\/div>\r\n                <\/div>\r\n            <\/div>\r\n        <\/a>\r\n\r\n            <\/section>","protected":false},"excerpt":{"rendered":"<p>Portugal\u0173 kalbos gramatikos temos Naujos kalbos mokymasis gali b\u016bti \u012fdomi ir naudinga patirtis, o portugal\u0173 kalba n\u0117ra i\u0161imtis. Kaip \u0161e\u0161ta labiausiai kalbama kalba pasaulyje, ji si\u016blo daugyb\u0119 asmeninio ir profesinio augimo galimybi\u0173. Jos kalbini\u0173 subtilybi\u0173 ir gramatikos supratimas ir \u012fsisavinimas gali atverti duris \u012f turting\u0105 kult\u016brin\u0119 patirt\u012f tokiose \u0161alyse kaip Portugalija, Brazilija ir \u012fvairios Afrikos [&hellip;]<\/p>\n","protected":false},"author":6,"featured_media":107756,"parent":0,"menu_order":0,"comment_status":"closed","ping_status":"closed","template":"LearningContentPage.php","meta":{"_acf_changed":false,"footnotes":""},"class_list":["post-135590","page","type-page","status-publish","has-post-thumbnail","hentry"],"acf":[],"yoast_head":"<!-- This site is optimized with the Yoast SEO Premium plugin v27.2 (Yoast SEO v27.2) - https:\/\/yoast.com\/product\/yoast-seo-premium-wordpress\/ -->\n<title>Portugal\u0173 kalbos gramatikos pratimai - Talkpal<\/title>\n<meta name=\"description\" content=\"Stiprinkite portugal\u0173 kalbos gramatikos \u012fg\u016bd\u017eius naudodami interaktyvius pratimus, skirtus visiems kalbos lygiams.\" \/>\n<meta name=\"robots\" content=\"index, follow, max-snippet:-1, max-image-preview:large, max-video-preview:-1\" \/>\n<link rel=\"canonical\" href=\"https:\/\/talkpal.ai\/lt\/portugalu-kalbos-gramatikos-pratimai\/\" \/>\n<meta property=\"og:locale\" content=\"lt_LT\" \/>\n<meta property=\"og:type\" content=\"article\" \/>\n<meta property=\"og:title\" content=\"Portugal\u0173 kalbos gramatikos pratimai\" \/>\n<meta property=\"og:description\" content=\"Portugal\u0173 kalbos gramatikos temos Naujos kalbos mokymasis gali b\u016bti \u012fdomi ir naudinga patirtis, o portugal\u0173 kalba n\u0117ra i\u0161imtis. Kaip \u0161e\u0161ta labiausiai\" \/>\n<meta property=\"og:url\" content=\"https:\/\/talkpal.ai\/lt\/portugalu-kalbos-gramatikos-pratimai\/\" \/>\n<meta property=\"og:site_name\" content=\"Talkpal\" \/>\n<meta property=\"article:publisher\" content=\"https:\/\/www.facebook.com\/profile.php?id=100090733639311\" \/>\n<meta property=\"article:modified_time\" content=\"2025-12-17T16:16:50+00:00\" \/>\n<meta property=\"og:image\" content=\"https:\/\/talkpal.ai\/wp-content\/uploads\/2023\/04\/portugal.png\" \/>\n\t<meta property=\"og:image:width\" content=\"512\" \/>\n\t<meta property=\"og:image:height\" content=\"512\" \/>\n\t<meta property=\"og:image:type\" content=\"image\/png\" \/>\n<meta name=\"twitter:card\" content=\"summary_large_image\" \/>\n<meta name=\"twitter:site\" content=\"@talkpalai\" \/>\n<meta name=\"twitter:label1\" content=\"Est. reading time\" \/>\n\t<meta name=\"twitter:data1\" content=\"2 minut\u0117s\" \/>\n<script type=\"application\/ld+json\" class=\"yoast-schema-graph\">{\"@context\":\"https:\/\/schema.org\",\"@graph\":[{\"@type\":\"WebPage\",\"@id\":\"https:\/\/talkpal.ai\/lt\/portugalu-kalbos-gramatikos-pratimai\/\",\"url\":\"https:\/\/talkpal.ai\/lt\/portugalu-kalbos-gramatikos-pratimai\/\",\"name\":\"Portugal\u0173 kalbos gramatikos pratimai - Talkpal\",\"isPartOf\":{\"@id\":\"https:\/\/talkpal.ai\/lt\/#website\"},\"primaryImageOfPage\":{\"@id\":\"https:\/\/talkpal.ai\/lt\/portugalu-kalbos-gramatikos-pratimai\/#primaryimage\"},\"image\":{\"@id\":\"https:\/\/talkpal.ai\/lt\/portugalu-kalbos-gramatikos-pratimai\/#primaryimage\"},\"thumbnailUrl\":\"https:\/\/talkpal.ai\/wp-content\/uploads\/2023\/04\/portugal.png\",\"datePublished\":\"2023-06-16T10:42:00+00:00\",\"dateModified\":\"2025-12-17T16:16:50+00:00\",\"description\":\"Stiprinkite portugal\u0173 kalbos gramatikos \u012fg\u016bd\u017eius naudodami interaktyvius pratimus, skirtus visiems kalbos lygiams.\",\"breadcrumb\":{\"@id\":\"https:\/\/talkpal.ai\/lt\/portugalu-kalbos-gramatikos-pratimai\/#breadcrumb\"},\"inLanguage\":\"lt-LT\",\"potentialAction\":[{\"@type\":\"ReadAction\",\"target\":[\"https:\/\/talkpal.ai\/lt\/portugalu-kalbos-gramatikos-pratimai\/\"]}]},{\"@type\":\"ImageObject\",\"inLanguage\":\"lt-LT\",\"@id\":\"https:\/\/talkpal.ai\/lt\/portugalu-kalbos-gramatikos-pratimai\/#primaryimage\",\"url\":\"https:\/\/talkpal.ai\/wp-content\/uploads\/2023\/04\/portugal.png\",\"contentUrl\":\"https:\/\/talkpal.ai\/wp-content\/uploads\/2023\/04\/portugal.png\",\"width\":512,\"height\":512},{\"@type\":\"BreadcrumbList\",\"@id\":\"https:\/\/talkpal.ai\/lt\/portugalu-kalbos-gramatikos-pratimai\/#breadcrumb\",\"itemListElement\":[{\"@type\":\"ListItem\",\"position\":1,\"name\":\"Homepage\",\"item\":\"https:\/\/talkpal.ai\/lt\/\"},{\"@type\":\"ListItem\",\"position\":2,\"name\":\"Portugal\u0173 kalbos gramatikos pratimai\"}]},{\"@type\":\"WebSite\",\"@id\":\"https:\/\/talkpal.ai\/lt\/#website\",\"url\":\"https:\/\/talkpal.ai\/lt\/\",\"name\":\"Talkpal\",\"description\":\"AI Language Learning\",\"publisher\":{\"@id\":\"https:\/\/talkpal.ai\/lt\/#organization\"},\"alternateName\":\"Talkpal AI\",\"potentialAction\":[{\"@type\":\"SearchAction\",\"target\":{\"@type\":\"EntryPoint\",\"urlTemplate\":\"https:\/\/talkpal.ai\/lt\/?s={search_term_string}\"},\"query-input\":{\"@type\":\"PropertyValueSpecification\",\"valueRequired\":true,\"valueName\":\"search_term_string\"}}],\"inLanguage\":\"lt-LT\"},{\"@type\":\"Organization\",\"@id\":\"https:\/\/talkpal.ai\/lt\/#organization\",\"name\":\"Talkpal, Inc.\",\"alternateName\":\"Talkpal AI\",\"url\":\"https:\/\/talkpal.ai\/lt\/\",\"logo\":{\"@type\":\"ImageObject\",\"inLanguage\":\"lt-LT\",\"@id\":\"https:\/\/talkpal.ai\/lt\/#\/schema\/logo\/image\/\",\"url\":\"https:\/\/talkpal.ai\/wp-content\/uploads\/2024\/03\/Talkpal-Logo-Icon.png\",\"contentUrl\":\"https:\/\/talkpal.ai\/wp-content\/uploads\/2024\/03\/Talkpal-Logo-Icon.png\",\"width\":2880,\"height\":2880,\"caption\":\"Talkpal, Inc.\"},\"image\":{\"@id\":\"https:\/\/talkpal.ai\/lt\/#\/schema\/logo\/image\/\"},\"sameAs\":[\"https:\/\/www.facebook.com\/profile.php?id=100090733639311\",\"https:\/\/x.com\/talkpalai\",\"https:\/\/www.linkedin.com\/company\/talkpal\/\",\"https:\/\/www.youtube.com\/@TalkPal\/\",\"https:\/\/www.tiktok.com\/@talkpal\",\"https:\/\/www.instagram.com\/talkpal_ai\/\",\"https:\/\/www.crunchbase.com\/organization\/talkpal-9cde\",\"https:\/\/www.g2.com\/products\/talkpal-for-business\/\",\"https:\/\/www.trustpilot.com\/review\/talkpal.ai\",\"https:\/\/www.capterra.com\/p\/10006800\/TalkPal\/\"],\"description\":\"Talkpal is a language learning web and mobile education app, powered by the latest AI technologies, that provides engaging experiences to its customers in many different languages to help them improve their language skills. Users can chat about unlimited amount of topics with the app and use other modes to practice their language learning.\",\"email\":\"support@talkpal.ai\",\"legalName\":\"Talkpal, Inc.\",\"foundingDate\":\"2023-04-03\",\"duns\":\"118989042\",\"numberOfEmployees\":{\"@type\":\"QuantitativeValue\",\"minValue\":\"11\",\"maxValue\":\"50\"},\"publishingPrinciples\":\"https:\/\/talkpal.ai\/publishing-principles\/\",\"actionableFeedbackPolicy\":\"https:\/\/talkpal.ai\/actionable-feedback-policy\/\",\"correctionsPolicy\":\"https:\/\/talkpal.ai\/corrections-policy\/\",\"ethicsPolicy\":\"https:\/\/talkpal.ai\/ethics-policy\/\",\"diversityPolicy\":\"https:\/\/talkpal.ai\/diversity-policy\/\",\"diversityStaffingReport\":\"https:\/\/talkpal.ai\/diversity-policy\/\"}]}<\/script>\n<!-- \/ Yoast SEO Premium plugin. -->","yoast_head_json":{"title":"Portugal\u0173 kalbos gramatikos pratimai - Talkpal","description":"Stiprinkite portugal\u0173 kalbos gramatikos \u012fg\u016bd\u017eius naudodami interaktyvius pratimus, skirtus visiems kalbos lygiams.","robots":{"index":"index","follow":"follow","max-snippet":"max-snippet:-1","max-image-preview":"max-image-preview:large","max-video-preview":"max-video-preview:-1"},"canonical":"https:\/\/talkpal.ai\/lt\/portugalu-kalbos-gramatikos-pratimai\/","og_locale":"lt_LT","og_type":"article","og_title":"Portugal\u0173 kalbos gramatikos pratimai","og_description":"Portugal\u0173 kalbos gramatikos temos Naujos kalbos mokymasis gali b\u016bti \u012fdomi ir naudinga patirtis, o portugal\u0173 kalba n\u0117ra i\u0161imtis. Kaip \u0161e\u0161ta labiausiai","og_url":"https:\/\/talkpal.ai\/lt\/portugalu-kalbos-gramatikos-pratimai\/","og_site_name":"Talkpal","article_publisher":"https:\/\/www.facebook.com\/profile.php?id=100090733639311","article_modified_time":"2025-12-17T16:16:50+00:00","og_image":[{"width":512,"height":512,"url":"https:\/\/talkpal.ai\/wp-content\/uploads\/2023\/04\/portugal.png","type":"image\/png"}],"twitter_card":"summary_large_image","twitter_site":"@talkpalai","twitter_misc":{"Est. reading time":"2 minut\u0117s"},"schema":{"@context":"https:\/\/schema.org","@graph":[{"@type":"WebPage","@id":"https:\/\/talkpal.ai\/lt\/portugalu-kalbos-gramatikos-pratimai\/","url":"https:\/\/talkpal.ai\/lt\/portugalu-kalbos-gramatikos-pratimai\/","name":"Portugal\u0173 kalbos gramatikos pratimai - Talkpal","isPartOf":{"@id":"https:\/\/talkpal.ai\/lt\/#website"},"primaryImageOfPage":{"@id":"https:\/\/talkpal.ai\/lt\/portugalu-kalbos-gramatikos-pratimai\/#primaryimage"},"image":{"@id":"https:\/\/talkpal.ai\/lt\/portugalu-kalbos-gramatikos-pratimai\/#primaryimage"},"thumbnailUrl":"https:\/\/talkpal.ai\/wp-content\/uploads\/2023\/04\/portugal.png","datePublished":"2023-06-16T10:42:00+00:00","dateModified":"2025-12-17T16:16:50+00:00","description":"Stiprinkite portugal\u0173 kalbos gramatikos \u012fg\u016bd\u017eius naudodami interaktyvius pratimus, skirtus visiems kalbos lygiams.","breadcrumb":{"@id":"https:\/\/talkpal.ai\/lt\/portugalu-kalbos-gramatikos-pratimai\/#breadcrumb"},"inLanguage":"lt-LT","potentialAction":[{"@type":"ReadAction","target":["https:\/\/talkpal.ai\/lt\/portugalu-kalbos-gramatikos-pratimai\/"]}]},{"@type":"ImageObject","inLanguage":"lt-LT","@id":"https:\/\/talkpal.ai\/lt\/portugalu-kalbos-gramatikos-pratimai\/#primaryimage","url":"https:\/\/talkpal.ai\/wp-content\/uploads\/2023\/04\/portugal.png","contentUrl":"https:\/\/talkpal.ai\/wp-content\/uploads\/2023\/04\/portugal.png","width":512,"height":512},{"@type":"BreadcrumbList","@id":"https:\/\/talkpal.ai\/lt\/portugalu-kalbos-gramatikos-pratimai\/#breadcrumb","itemListElement":[{"@type":"ListItem","position":1,"name":"Homepage","item":"https:\/\/talkpal.ai\/lt\/"},{"@type":"ListItem","position":2,"name":"Portugal\u0173 kalbos gramatikos pratimai"}]},{"@type":"WebSite","@id":"https:\/\/talkpal.ai\/lt\/#website","url":"https:\/\/talkpal.ai\/lt\/","name":"Talkpal","description":"AI Language Learning","publisher":{"@id":"https:\/\/talkpal.ai\/lt\/#organization"},"alternateName":"Talkpal AI","potentialAction":[{"@type":"SearchAction","target":{"@type":"EntryPoint","urlTemplate":"https:\/\/talkpal.ai\/lt\/?s={search_term_string}"},"query-input":{"@type":"PropertyValueSpecification","valueRequired":true,"valueName":"search_term_string"}}],"inLanguage":"lt-LT"},{"@type":"Organization","@id":"https:\/\/talkpal.ai\/lt\/#organization","name":"Talkpal, Inc.","alternateName":"Talkpal AI","url":"https:\/\/talkpal.ai\/lt\/","logo":{"@type":"ImageObject","inLanguage":"lt-LT","@id":"https:\/\/talkpal.ai\/lt\/#\/schema\/logo\/image\/","url":"https:\/\/talkpal.ai\/wp-content\/uploads\/2024\/03\/Talkpal-Logo-Icon.png","contentUrl":"https:\/\/talkpal.ai\/wp-content\/uploads\/2024\/03\/Talkpal-Logo-Icon.png","width":2880,"height":2880,"caption":"Talkpal, Inc."},"image":{"@id":"https:\/\/talkpal.ai\/lt\/#\/schema\/logo\/image\/"},"sameAs":["https:\/\/www.facebook.com\/profile.php?id=100090733639311","https:\/\/x.com\/talkpalai","https:\/\/www.linkedin.com\/company\/talkpal\/","https:\/\/www.youtube.com\/@TalkPal\/","https:\/\/www.tiktok.com\/@talkpal","https:\/\/www.instagram.com\/talkpal_ai\/","https:\/\/www.crunchbase.com\/organization\/talkpal-9cde","https:\/\/www.g2.com\/products\/talkpal-for-business\/","https:\/\/www.trustpilot.com\/review\/talkpal.ai","https:\/\/www.capterra.com\/p\/10006800\/TalkPal\/"],"description":"Talkpal is a language learning web and mobile education app, powered by the latest AI technologies, that provides engaging experiences to its customers in many different languages to help them improve their language skills. Users can chat about unlimited amount of topics with the app and use other modes to practice their language learning.","email":"support@talkpal.ai","legalName":"Talkpal, Inc.","foundingDate":"2023-04-03","duns":"118989042","numberOfEmployees":{"@type":"QuantitativeValue","minValue":"11","maxValue":"50"},"publishingPrinciples":"https:\/\/talkpal.ai\/publishing-principles\/","actionableFeedbackPolicy":"https:\/\/talkpal.ai\/actionable-feedback-policy\/","correctionsPolicy":"https:\/\/talkpal.ai\/corrections-policy\/","ethicsPolicy":"https:\/\/talkpal.ai\/ethics-policy\/","diversityPolicy":"https:\/\/talkpal.ai\/diversity-policy\/","diversityStaffingReport":"https:\/\/talkpal.ai\/diversity-policy\/"}]}},"_links":{"self":[{"href":"https:\/\/talkpal.ai\/lt\/wp-json\/wp\/v2\/pages\/135590","targetHints":{"allow":["GET"]}}],"collection":[{"href":"https:\/\/talkpal.ai\/lt\/wp-json\/wp\/v2\/pages"}],"about":[{"href":"https:\/\/talkpal.ai\/lt\/wp-json\/wp\/v2\/types\/page"}],"author":[{"embeddable":true,"href":"https:\/\/talkpal.ai\/lt\/wp-json\/wp\/v2\/users\/6"}],"replies":[{"embeddable":true,"href":"https:\/\/talkpal.ai\/lt\/wp-json\/wp\/v2\/comments?post=135590"}],"version-history":[{"count":0,"href":"https:\/\/talkpal.ai\/lt\/wp-json\/wp\/v2\/pages\/135590\/revisions"}],"wp:featuredmedia":[{"embeddable":true,"href":"https:\/\/talkpal.ai\/lt\/wp-json\/wp\/v2\/media\/107756"}],"wp:attachment":[{"href":"https:\/\/talkpal.ai\/lt\/wp-json\/wp\/v2\/media?parent=135590"}],"curies":[{"name":"wp","href":"https:\/\/api.w.org\/{rel}","templated":true}]}}