{"id":135277,"date":"2023-06-16T10:27:33","date_gmt":"2023-06-16T10:27:33","guid":{"rendered":"http:\/\/talkpal.ai\/korejieciu-kalbos-gramatikos-pratimai\/"},"modified":"2025-12-17T16:57:37","modified_gmt":"2025-12-17T16:57:37","slug":"korejieciu-kalbos-gramatikos-pratimai","status":"publish","type":"page","link":"https:\/\/talkpal.ai\/lt\/korejieciu-kalbos-gramatikos-pratimai\/","title":{"rendered":"Kor\u0117jie\u010di\u0173 kalbos gramatikos pratimai"},"content":{"rendered":"\r\n\r\n\r\n<section class=\"languageChallengeSection\">\r\n    <div class=\"languageInfoWrapper\">\r\n        \r\n        <h1>Kor\u0117jie\u010di\u0173 kalbos gramatikos pratimai<\/h1>\r\n        <p>Norite sustiprinti savo <a href=\"https:\/\/talkpal.ai\/lt\/suzinokite-korejieciu-kalba\/\">kor\u0117jie\u010di\u0173 kalbos<\/a> \u012fg\u016bd\u017eius? Gramatikos pratimai &#8211; puikus b\u016bdas \u012fsisavinti sakinio strukt\u016br\u0105, veiksma\u017eod\u017ei\u0173 gal\u016bnes ir kasdienes frazes. Gilinkit\u0117s \u012f <a href=\"https:\/\/talkpal.ai\/learn-korean\/\">kor\u0117jie\u010di\u0173<\/a> <a href=\"https:\/\/talkpal.ai\/what-language-is-spoken-on-the-international-space-station\/\">kalbos<\/a> gramatik\u0105 ir reguliariai j\u0105 praktikuokite &#8211; kiekvienas pratimas priartina jus prie nat\u016bralaus ir u\u017etikrinto bendravimo. Prad\u0117kite jau \u0161iandien ir steb\u0117kite, kaip \u017eingsnis po \u017eingsnio auga j\u016bs\u0173 kor\u0117jie\u010di\u0173 kalbos \u012fg\u016bd\u017eiai!<\/p>\r\n\r\n                            <a class=\"getStartedHidden\" href=\"https:\/\/app.talkpal.ai\/lt\/signup?lng=\">Prad\u0117k<\/a>\r\n        \r\n    <\/div>\r\n\r\n    <figure>\r\n    <img decoding=\"async\" width=\"768\" height=\"768\" src=\"https:\/\/talkpal.ai\/wp-content\/uploads\/2023\/06\/korean-768x768.png\" class=\"languageImage no-lazy\" alt=\"Line-by-line learning for language acquisition\" fetchpriority=\"high\" sizes=\"(max-width: 768px) 150px, 768px\" srcset=\"https:\/\/talkpal.ai\/wp-content\/uploads\/2023\/06\/korean-768x768.png 768w, https:\/\/talkpal.ai\/wp-content\/uploads\/2023\/06\/korean-300x300.png 300w\" \/>\r\n    \r\n\r\n    <\/figure>\r\n\r\n            <a class=\"getStartedVisible\" href=\"https:\/\/app.talkpal.ai\/lt\/signup?lng=\">Prad\u0117k<\/a>\r\n    \r\n<\/section>\r\n\r\n\r\n<!-- <section class=\"grammarSection\">\r\n    <div class=\"grammarLinks\">\r\n            <\/div>\r\n<\/section> -->\r\n\r\n\r\n\r\n\r\n<section class=\"promotionalBanner\">\r\n    <p class=\"promotionalText\">Efektyviausias b\u016bdas mokytis kalbos<\/p>\r\n    <a class=\"promotionalLink\" href=\"https:\/\/app.talkpal.ai\/lt\/signup?lng=\">I\u0161bandykite Talkpal &#8221; nemokamai<\/a>\r\n<\/section>\n<div class=\"wp-block-group pageContainerStyle\"><div class=\"wp-block-group__inner-container is-layout-constrained wp-block-group-is-layout-constrained\">\n<h2 class=\"wp-block-heading\" id=\"h-korean-grammar-topics\">Kor\u0117jie\u010di\u0173 kalbos gramatikos temos<\/h2>\n\n\n\n<p>Kor\u0117jie\u010di\u0173 kalbos <a href=\"https:\/\/talkpal.ai\/lt\/mokymasis\/\">mokymasis<\/a> gali b\u016bti \u012fdomi ir naudinga patirtis, nes <a href=\"https:\/\/talkpal.ai\/learn-thai\/\">tai<\/a> atveria naujas kult\u016brines ir profesines galimybes. Kor\u0117jie\u010di\u0173 kalba turi turting\u0105 istorij\u0105 ir ja kalba milijonai \u017emoni\u0173 visame pasaulyje. Vienas i\u0161 pagrindini\u0173 bet kurios kalbos mokymosi aspekt\u0173 yra jo gramatikos supratimas. Kor\u0117jie\u010di\u0173 kalbos atveju <a href=\"https:\/\/talkpal.ai\/sq\/gramatika\/\">gramatika<\/a> gana skiriasi nuo daugelio Vakar\u0173 kalb\u0173, ta\u010diau tinkamu b\u016bdu j\u0105 galima suvokti sistemingai. \u0160iame straipsnyje mes i\u0161nagrin\u0117sime \u012fvairias kor\u0117jie\u010di\u0173 kalbos gramatikos temas, \u012fskaitant laikus, veiksma\u017eod\u017eius, daiktavard\u017eius, straipsnius, \u012fvard\u017eius, b\u016bdvard\u017eius, prieveiksmius, prielinksnius ir sakini\u0173 strukt\u016br\u0105. Suprasdami ir \u012fvaldydami \u0161ias s\u0105vokas, jums bus gerai i\u0161mokti kor\u0117jie\u010di\u0173 kalb\u0105.<\/p>\n\n\n\n<h3 class=\"wp-block-heading\" id=\"h-1-nouns\">1. Daiktavard\u017eiai:<\/h3>\n\n\n\n<p>Kor\u0117jie\u010di\u0173 kalboje daiktavard\u017eiai yra esminiai sakini\u0173 elementai. Jie reprezentuoja \u017emones, vietas, daiktus ar id\u0117jas. Kor\u0117jie\u010di\u0173 daiktavard\u017eiai neturi lyties ar skai\u010diaus skirtum\u0173, tod\u0117l juos gana paprasta i\u0161mokti. Susipa\u017einimas su \u012fprastais kor\u0117jie\u010di\u0173 kalbos daiktavard\u017eiais pad\u0117s jums sukurti tvirt\u0105 \u017eodyno pagrind\u0105.<\/p>\n\n\n\n<h3 class=\"wp-block-heading\" id=\"h-2-verbs\">2. Veiksma\u017eod\u017eiai:<\/h3>\n\n\n\n<p>Kor\u0117jie\u010di\u0173 veiksma\u017eod\u017eiai yra labai svarb\u016bs perteikiant veiksmus ir b\u016bties b\u016bsenas. Paprastai jie ateina sakinio pabaigoje ir turi \u012fvairias formas, priklausomai nuo \u012ftampos ir mandagumo lygio. Norint veiksmingai bendrauti kor\u0117jie\u010di\u0173 kalba, b\u016btina suprasti skirting\u0173 veiksma\u017eod\u017ei\u0173 form\u0173 konjugacijos taisykles.<\/p>\n\n\n\n<h3 class=\"wp-block-heading\" id=\"h-3-adjectives\">3. B\u016bdvard\u017eiai:<\/h3>\n\n\n\n<p>Kor\u0117jie\u010di\u0173 kalba b\u016bdvard\u017eiai naudojami daiktavard\u017eiams apib\u016bdinti ir turi pana\u0161ias konjugacijos taisykles su veiksma\u017eod\u017eiais. Jie gali b\u016bti naudojami prie\u0161 arba po daiktavard\u017eio, o j\u0173 forma gali keistis priklausomai nuo \u012ftampos ir mandagumo lygio. \u012eprast\u0173 b\u016bdvard\u017ei\u0173 mokymasis ir j\u0173 vartojimas pagerins j\u016bs\u0173 apra\u0161omuosius geb\u0117jimus kor\u0117jie\u010di\u0173 kalba.<\/p>\n\n\n\n<h3 class=\"wp-block-heading\" id=\"h-4-adverbs\">4. Prieveiksmiai:<\/h3>\n\n\n\n<p>Prieveiksmiai kor\u0117jie\u010di\u0173 kalba suteikia papildomos informacijos apie veiksma\u017eod\u017eius, b\u016bdvard\u017eius ar kitus prieveiksmius. Paprastai jie ateina prie\u0161 \u017eod\u012f, kur\u012f jie modifikuoja, ir neturi konkre\u010di\u0173 konjugacijos taisykli\u0173. Prieveiksmi\u0173 \u012ftraukimas \u012f kor\u0117jieti\u0161kus sakinius gali suteikti j\u016bs\u0173 i\u0161rai\u0161kai gylio ir niuans\u0173.<\/p>\n\n\n\n<h3 class=\"wp-block-heading\" id=\"h-5-pronouns\">5. \u012evard\u017eiai:<\/h3>\n\n\n\n<p>Kor\u0117jie\u010di\u0173 \u012fvard\u017eiai padeda i\u0161vengti atleidimo ir padaryti sakinius glaustesnius. Jie pakei\u010dia daiktavard\u017eius, kurie jau buvo pamin\u0117ti arba suprantami kontekste. Kor\u0117jie\u010di\u0173 \u012fvard\u017eiai turi skirtingas formas, priklausan\u010dias nuo subjekto socialin\u0117s pad\u0117ties ir lyties, tod\u0117l jie yra svarbus kalbos aspektas, kur\u012f reikia i\u0161mokti.<\/p>\n\n\n\n<h3 class=\"wp-block-heading\" id=\"h-6-prepositions\">6. Prielinksniai:<\/h3>\n\n\n\n<p>Kor\u0117jie\u010di\u0173 kalba prielinksniai naudojami i\u0161reik\u0161ti santykius tarp daiktavard\u017ei\u0173 sakinyje, pvz., Viet\u0105, krypt\u012f ar tur\u0117jim\u0105. Skirtingai nuo angl\u0173 kalbos, kor\u0117jie\u010di\u0173 prielinksniai paprastai b\u016bna po daiktavard\u017eio, kur\u012f jie modifikuoja, sudarydami vien\u0105 vienet\u0105, vadinam\u0105 postpozicijos fraze. Norint sukurti nuoseklius kor\u0117jieti\u0161kus sakinius, labai svarbu suprasti teising\u0105 \u0161i\u0173 daleli\u0173 naudojim\u0105.<\/p>\n\n\n\n<h3 class=\"wp-block-heading\" id=\"h-7-sentence-structure\">7. Sakinio strukt\u016bra:<\/h3>\n\n\n\n<p>Pagrindin\u0117 kor\u0117jie\u010di\u0173 sakinio strukt\u016bra yra subjektas-objektas-veiksma\u017eodis (SOV). Tai rei\u0161kia, kad veiksma\u017eodis paprastai b\u016bna paskutinis sakinyje, o tai gali b\u016bti reik\u0161mingas pokytis anglakalbiams. I\u0161mok\u0119 tinkam\u0105 \u017eod\u017ei\u0173 tvark\u0105 ir sakini\u0173 strukt\u016br\u0105, gal\u0117site efektyviau bendrauti kor\u0117jie\u010di\u0173 kalba.<\/p>\n\n\n\n<h3 class=\"wp-block-heading\" id=\"h-8-tenses-indicative-and-subjunctive\">8. Laikai Orientacinis ir subjunkcinis:<\/h3>\n\n\n\n<p>Kor\u0117jie\u010di\u0173 kalba turi skirtingas veiksma\u017eod\u017ei\u0173 formas, skirtas i\u0161reik\u0161ti praeities, dabarties ir ateities veiksmus ar valstybes. Orientacin\u0117 nuotaika naudojama fakt\u0173 parei\u0161kimams, o subjunkcin\u0117 nuotaika perteikia netikrum\u0105, galimyb\u0119 ar hipotetines situacijas. Norint ai\u0161kiai bendrauti kor\u0117jie\u010di\u0173 kalba, b\u016btina teisingai atpa\u017einti ir naudoti \u0161ias veiksma\u017eod\u017ei\u0173 formas.<\/p>\n\n\n\n<h3 class=\"wp-block-heading\" id=\"h-9-tense-comparison\">9. \u012etemptas palyginimas:<\/h3>\n\n\n\n<p>Norint palyginti \u012fvykius skirtingais laikotarpiais, reikia suprasti kor\u0117jie\u010di\u0173 veiksma\u017eod\u017ei\u0173 konjugacijos niuansus. I\u0161mok\u0119 palyginti praeities, dabarties ir ateities \u012fvykius naudodami tinkamas veiksma\u017eod\u017ei\u0173 formas, galite perteikti sud\u0117tingas id\u0117jas ir santykius kor\u0117jie\u010di\u0173 kalba.<\/p>\n\n\n\n<h3 class=\"wp-block-heading\" id=\"h-10-articles\">10. Straipsniai:<\/h3>\n\n\n\n<p>Skirtingai nuo angl\u0173 kalbos, kor\u0117jie\u010di\u0173 kalba neturi apibr\u0117\u017et\u0173 ar neapibr\u0117\u017et\u0173 straipsni\u0173. Vietoj to, kalba remiasi kontekstu ir konkre\u010di\u0173 daleli\u0173 naudojimu, kad perteikt\u0173 daiktavard\u017eio apibr\u0117\u017etum\u0105 ar neapibr\u0117\u017etum\u0105. \u012evald\u0119 \u0161ias daleles gal\u0117site tiksliau i\u0161reik\u0161ti save kor\u0117jie\u010di\u0173 kalba.<\/p>\n<\/div><\/div>\n\r\n<section class=\"learnNavigationSection\">\r\n            \r\n        <a href=\"https:\/\/talkpal.ai\/lt\/suzinokite-korejieciu-kalba\/\">\r\n            <div class=\"learnNavigationWrapper\">\r\n                <div class=\"learnNavigationContent\">\r\n                    <img decoding=\"async\" src=\"https:\/\/talkpal.ai\/wp-content\/uploads\/2024\/08\/Korean.jpg\" alt=\"Korean Flag\">\r\n                    <div>\r\n                        <h4>Apie kor\u0117jie\u010di\u0173 kalbos mokym\u0105si<\/h4>\r\n                        <p>Su\u017einokite visk\u0105 apie kor\u0117jie\u010di\u0173 kalbos gramatik\u0105.<\/p>\r\n                    <\/div>\r\n                <\/div>\r\n            <\/div>\r\n        <\/a>\r\n\r\n        \r\n        <a href=\"https:\/\/talkpal.ai\/lt\/korejieciu-kalbos-gramatika\/\">\r\n            <div class=\"learnNavigationWrapper\">\r\n                <div class=\"learnNavigationContent\">\r\n                    <img decoding=\"async\" src=\"https:\/\/talkpal.ai\/wp-content\/uploads\/2024\/08\/Korean.jpg\" alt=\"Korean Flag\">\r\n                    <div>\r\n                        <h4>Kor\u0117jie\u010di\u0173 kalbos gramatikos pamokos<\/h4>\r\n                        <p>Praktikuokite kor\u0117jie\u010di\u0173 kalbos gramatik\u0105.<\/p>\r\n                    <\/div>\r\n                <\/div>\r\n            <\/div>\r\n        <\/a>\r\n\r\n        \r\n        <a href=\"https:\/\/talkpal.ai\/vocabulary_language\/korean\/\">\r\n            <div class=\"learnNavigationWrapper\">\r\n                <div class=\"learnNavigationContent\">\r\n                    <img decoding=\"async\" src=\"https:\/\/talkpal.ai\/wp-content\/uploads\/2024\/08\/Korean.jpg\" alt=\"Korean Flag\">\r\n                    <div>\r\n                        <h4>Kor\u0117jie\u010di\u0173 kalbos \u017eodynas<\/h4>\r\n                        <p>Prapl\u0117skite savo kor\u0117jie\u010di\u0173 kalbos \u017eodyn\u0105.<\/p>\r\n                    <\/div>\r\n                <\/div>\r\n            <\/div>\r\n        <\/a>\r\n\r\n            <\/section>","protected":false},"excerpt":{"rendered":"<p>Kor\u0117jie\u010di\u0173 kalbos gramatikos temos Kor\u0117jie\u010di\u0173 kalbos mokymasis gali b\u016bti \u012fdomi ir naudinga patirtis, nes tai atveria naujas kult\u016brines ir profesines galimybes. Kor\u0117jie\u010di\u0173 kalba turi turting\u0105 istorij\u0105 ir ja kalba milijonai \u017emoni\u0173 visame pasaulyje. Vienas i\u0161 pagrindini\u0173 bet kurios kalbos mokymosi aspekt\u0173 yra jo gramatikos supratimas. Kor\u0117jie\u010di\u0173 kalbos atveju gramatika gana skiriasi nuo daugelio Vakar\u0173 kalb\u0173, [&hellip;]<\/p>\n","protected":false},"author":6,"featured_media":107536,"parent":0,"menu_order":0,"comment_status":"closed","ping_status":"closed","template":"LearningContentPage.php","meta":{"_acf_changed":false,"footnotes":""},"class_list":["post-135277","page","type-page","status-publish","has-post-thumbnail","hentry"],"acf":[],"yoast_head":"<!-- This site is optimized with the Yoast SEO Premium plugin v27.2 (Yoast SEO v27.2) - https:\/\/yoast.com\/product\/yoast-seo-premium-wordpress\/ -->\n<title>Kor\u0117jie\u010di\u0173 kalbos gramatikos pratimai - Talkpal<\/title>\n<meta name=\"description\" content=\"Lengvai patobulinkite savo kor\u0117jie\u010di\u0173 kalbos gramatik\u0105 - treniruokit\u0117s atlikdami interaktyvius pratimus, \u012fvaldykite kalbos modelius ir ugdykite pasitik\u0117jim\u0105 savimi\" \/>\n<meta name=\"robots\" content=\"index, follow, max-snippet:-1, max-image-preview:large, max-video-preview:-1\" \/>\n<link rel=\"canonical\" href=\"https:\/\/talkpal.ai\/lt\/korejieciu-kalbos-gramatikos-pratimai\/\" \/>\n<meta property=\"og:locale\" content=\"lt_LT\" \/>\n<meta property=\"og:type\" content=\"article\" \/>\n<meta property=\"og:title\" content=\"Kor\u0117jie\u010di\u0173 kalbos gramatikos pratimai\" \/>\n<meta property=\"og:description\" content=\"Kor\u0117jie\u010di\u0173 kalbos gramatikos temos Kor\u0117jie\u010di\u0173 kalbos mokymasis gali b\u016bti \u012fdomi ir naudinga patirtis, nes tai atveria naujas kult\u016brines ir profesines\" \/>\n<meta property=\"og:url\" content=\"https:\/\/talkpal.ai\/lt\/korejieciu-kalbos-gramatikos-pratimai\/\" \/>\n<meta property=\"og:site_name\" content=\"Talkpal\" \/>\n<meta property=\"article:publisher\" content=\"https:\/\/www.facebook.com\/profile.php?id=100090733639311\" \/>\n<meta property=\"article:modified_time\" content=\"2025-12-17T16:57:37+00:00\" \/>\n<meta property=\"og:image\" content=\"https:\/\/talkpal.ai\/wp-content\/uploads\/2023\/04\/south-korea.png\" \/>\n\t<meta property=\"og:image:width\" content=\"512\" \/>\n\t<meta property=\"og:image:height\" content=\"512\" \/>\n\t<meta property=\"og:image:type\" content=\"image\/png\" \/>\n<meta name=\"twitter:card\" content=\"summary_large_image\" \/>\n<meta name=\"twitter:site\" content=\"@talkpalai\" \/>\n<meta name=\"twitter:label1\" content=\"Est. reading time\" \/>\n\t<meta name=\"twitter:data1\" content=\"3 minut\u0117s\" \/>\n<script type=\"application\/ld+json\" class=\"yoast-schema-graph\">{\"@context\":\"https:\/\/schema.org\",\"@graph\":[{\"@type\":\"WebPage\",\"@id\":\"https:\/\/talkpal.ai\/lt\/korejieciu-kalbos-gramatikos-pratimai\/\",\"url\":\"https:\/\/talkpal.ai\/lt\/korejieciu-kalbos-gramatikos-pratimai\/\",\"name\":\"Kor\u0117jie\u010di\u0173 kalbos gramatikos pratimai - Talkpal\",\"isPartOf\":{\"@id\":\"https:\/\/talkpal.ai\/lt\/#website\"},\"primaryImageOfPage\":{\"@id\":\"https:\/\/talkpal.ai\/lt\/korejieciu-kalbos-gramatikos-pratimai\/#primaryimage\"},\"image\":{\"@id\":\"https:\/\/talkpal.ai\/lt\/korejieciu-kalbos-gramatikos-pratimai\/#primaryimage\"},\"thumbnailUrl\":\"https:\/\/talkpal.ai\/wp-content\/uploads\/2023\/04\/south-korea.png\",\"datePublished\":\"2023-06-16T10:27:33+00:00\",\"dateModified\":\"2025-12-17T16:57:37+00:00\",\"description\":\"Lengvai patobulinkite savo kor\u0117jie\u010di\u0173 kalbos gramatik\u0105 - treniruokit\u0117s atlikdami interaktyvius pratimus, \u012fvaldykite kalbos modelius ir ugdykite pasitik\u0117jim\u0105 savimi\",\"breadcrumb\":{\"@id\":\"https:\/\/talkpal.ai\/lt\/korejieciu-kalbos-gramatikos-pratimai\/#breadcrumb\"},\"inLanguage\":\"lt-LT\",\"potentialAction\":[{\"@type\":\"ReadAction\",\"target\":[\"https:\/\/talkpal.ai\/lt\/korejieciu-kalbos-gramatikos-pratimai\/\"]}]},{\"@type\":\"ImageObject\",\"inLanguage\":\"lt-LT\",\"@id\":\"https:\/\/talkpal.ai\/lt\/korejieciu-kalbos-gramatikos-pratimai\/#primaryimage\",\"url\":\"https:\/\/talkpal.ai\/wp-content\/uploads\/2023\/04\/south-korea.png\",\"contentUrl\":\"https:\/\/talkpal.ai\/wp-content\/uploads\/2023\/04\/south-korea.png\",\"width\":512,\"height\":512},{\"@type\":\"BreadcrumbList\",\"@id\":\"https:\/\/talkpal.ai\/lt\/korejieciu-kalbos-gramatikos-pratimai\/#breadcrumb\",\"itemListElement\":[{\"@type\":\"ListItem\",\"position\":1,\"name\":\"Homepage\",\"item\":\"https:\/\/talkpal.ai\/lt\/\"},{\"@type\":\"ListItem\",\"position\":2,\"name\":\"Kor\u0117jie\u010di\u0173 kalbos gramatikos pratimai\"}]},{\"@type\":\"WebSite\",\"@id\":\"https:\/\/talkpal.ai\/lt\/#website\",\"url\":\"https:\/\/talkpal.ai\/lt\/\",\"name\":\"Talkpal\",\"description\":\"AI Language Learning\",\"publisher\":{\"@id\":\"https:\/\/talkpal.ai\/lt\/#organization\"},\"alternateName\":\"Talkpal AI\",\"potentialAction\":[{\"@type\":\"SearchAction\",\"target\":{\"@type\":\"EntryPoint\",\"urlTemplate\":\"https:\/\/talkpal.ai\/lt\/?s={search_term_string}\"},\"query-input\":{\"@type\":\"PropertyValueSpecification\",\"valueRequired\":true,\"valueName\":\"search_term_string\"}}],\"inLanguage\":\"lt-LT\"},{\"@type\":\"Organization\",\"@id\":\"https:\/\/talkpal.ai\/lt\/#organization\",\"name\":\"Talkpal, Inc.\",\"alternateName\":\"Talkpal AI\",\"url\":\"https:\/\/talkpal.ai\/lt\/\",\"logo\":{\"@type\":\"ImageObject\",\"inLanguage\":\"lt-LT\",\"@id\":\"https:\/\/talkpal.ai\/lt\/#\/schema\/logo\/image\/\",\"url\":\"https:\/\/talkpal.ai\/wp-content\/uploads\/2024\/03\/Talkpal-Logo-Icon.png\",\"contentUrl\":\"https:\/\/talkpal.ai\/wp-content\/uploads\/2024\/03\/Talkpal-Logo-Icon.png\",\"width\":2880,\"height\":2880,\"caption\":\"Talkpal, Inc.\"},\"image\":{\"@id\":\"https:\/\/talkpal.ai\/lt\/#\/schema\/logo\/image\/\"},\"sameAs\":[\"https:\/\/www.facebook.com\/profile.php?id=100090733639311\",\"https:\/\/x.com\/talkpalai\",\"https:\/\/www.linkedin.com\/company\/talkpal\/\",\"https:\/\/www.youtube.com\/@TalkPal\/\",\"https:\/\/www.tiktok.com\/@talkpal\",\"https:\/\/www.instagram.com\/talkpal_ai\/\",\"https:\/\/www.crunchbase.com\/organization\/talkpal-9cde\",\"https:\/\/www.g2.com\/products\/talkpal-for-business\/\",\"https:\/\/www.trustpilot.com\/review\/talkpal.ai\",\"https:\/\/www.capterra.com\/p\/10006800\/TalkPal\/\"],\"description\":\"Talkpal is a language learning web and mobile education app, powered by the latest AI technologies, that provides engaging experiences to its customers in many different languages to help them improve their language skills. Users can chat about unlimited amount of topics with the app and use other modes to practice their language learning.\",\"email\":\"support@talkpal.ai\",\"legalName\":\"Talkpal, Inc.\",\"foundingDate\":\"2023-04-03\",\"duns\":\"118989042\",\"numberOfEmployees\":{\"@type\":\"QuantitativeValue\",\"minValue\":\"11\",\"maxValue\":\"50\"},\"publishingPrinciples\":\"https:\/\/talkpal.ai\/publishing-principles\/\",\"actionableFeedbackPolicy\":\"https:\/\/talkpal.ai\/actionable-feedback-policy\/\",\"correctionsPolicy\":\"https:\/\/talkpal.ai\/corrections-policy\/\",\"ethicsPolicy\":\"https:\/\/talkpal.ai\/ethics-policy\/\",\"diversityPolicy\":\"https:\/\/talkpal.ai\/diversity-policy\/\",\"diversityStaffingReport\":\"https:\/\/talkpal.ai\/diversity-policy\/\"}]}<\/script>\n<!-- \/ Yoast SEO Premium plugin. -->","yoast_head_json":{"title":"Kor\u0117jie\u010di\u0173 kalbos gramatikos pratimai - Talkpal","description":"Lengvai patobulinkite savo kor\u0117jie\u010di\u0173 kalbos gramatik\u0105 - treniruokit\u0117s atlikdami interaktyvius pratimus, \u012fvaldykite kalbos modelius ir ugdykite pasitik\u0117jim\u0105 savimi","robots":{"index":"index","follow":"follow","max-snippet":"max-snippet:-1","max-image-preview":"max-image-preview:large","max-video-preview":"max-video-preview:-1"},"canonical":"https:\/\/talkpal.ai\/lt\/korejieciu-kalbos-gramatikos-pratimai\/","og_locale":"lt_LT","og_type":"article","og_title":"Kor\u0117jie\u010di\u0173 kalbos gramatikos pratimai","og_description":"Kor\u0117jie\u010di\u0173 kalbos gramatikos temos Kor\u0117jie\u010di\u0173 kalbos mokymasis gali b\u016bti \u012fdomi ir naudinga patirtis, nes tai atveria naujas kult\u016brines ir profesines","og_url":"https:\/\/talkpal.ai\/lt\/korejieciu-kalbos-gramatikos-pratimai\/","og_site_name":"Talkpal","article_publisher":"https:\/\/www.facebook.com\/profile.php?id=100090733639311","article_modified_time":"2025-12-17T16:57:37+00:00","og_image":[{"width":512,"height":512,"url":"https:\/\/talkpal.ai\/wp-content\/uploads\/2023\/04\/south-korea.png","type":"image\/png"}],"twitter_card":"summary_large_image","twitter_site":"@talkpalai","twitter_misc":{"Est. reading time":"3 minut\u0117s"},"schema":{"@context":"https:\/\/schema.org","@graph":[{"@type":"WebPage","@id":"https:\/\/talkpal.ai\/lt\/korejieciu-kalbos-gramatikos-pratimai\/","url":"https:\/\/talkpal.ai\/lt\/korejieciu-kalbos-gramatikos-pratimai\/","name":"Kor\u0117jie\u010di\u0173 kalbos gramatikos pratimai - Talkpal","isPartOf":{"@id":"https:\/\/talkpal.ai\/lt\/#website"},"primaryImageOfPage":{"@id":"https:\/\/talkpal.ai\/lt\/korejieciu-kalbos-gramatikos-pratimai\/#primaryimage"},"image":{"@id":"https:\/\/talkpal.ai\/lt\/korejieciu-kalbos-gramatikos-pratimai\/#primaryimage"},"thumbnailUrl":"https:\/\/talkpal.ai\/wp-content\/uploads\/2023\/04\/south-korea.png","datePublished":"2023-06-16T10:27:33+00:00","dateModified":"2025-12-17T16:57:37+00:00","description":"Lengvai patobulinkite savo kor\u0117jie\u010di\u0173 kalbos gramatik\u0105 - treniruokit\u0117s atlikdami interaktyvius pratimus, \u012fvaldykite kalbos modelius ir ugdykite pasitik\u0117jim\u0105 savimi","breadcrumb":{"@id":"https:\/\/talkpal.ai\/lt\/korejieciu-kalbos-gramatikos-pratimai\/#breadcrumb"},"inLanguage":"lt-LT","potentialAction":[{"@type":"ReadAction","target":["https:\/\/talkpal.ai\/lt\/korejieciu-kalbos-gramatikos-pratimai\/"]}]},{"@type":"ImageObject","inLanguage":"lt-LT","@id":"https:\/\/talkpal.ai\/lt\/korejieciu-kalbos-gramatikos-pratimai\/#primaryimage","url":"https:\/\/talkpal.ai\/wp-content\/uploads\/2023\/04\/south-korea.png","contentUrl":"https:\/\/talkpal.ai\/wp-content\/uploads\/2023\/04\/south-korea.png","width":512,"height":512},{"@type":"BreadcrumbList","@id":"https:\/\/talkpal.ai\/lt\/korejieciu-kalbos-gramatikos-pratimai\/#breadcrumb","itemListElement":[{"@type":"ListItem","position":1,"name":"Homepage","item":"https:\/\/talkpal.ai\/lt\/"},{"@type":"ListItem","position":2,"name":"Kor\u0117jie\u010di\u0173 kalbos gramatikos pratimai"}]},{"@type":"WebSite","@id":"https:\/\/talkpal.ai\/lt\/#website","url":"https:\/\/talkpal.ai\/lt\/","name":"Talkpal","description":"AI Language Learning","publisher":{"@id":"https:\/\/talkpal.ai\/lt\/#organization"},"alternateName":"Talkpal AI","potentialAction":[{"@type":"SearchAction","target":{"@type":"EntryPoint","urlTemplate":"https:\/\/talkpal.ai\/lt\/?s={search_term_string}"},"query-input":{"@type":"PropertyValueSpecification","valueRequired":true,"valueName":"search_term_string"}}],"inLanguage":"lt-LT"},{"@type":"Organization","@id":"https:\/\/talkpal.ai\/lt\/#organization","name":"Talkpal, Inc.","alternateName":"Talkpal AI","url":"https:\/\/talkpal.ai\/lt\/","logo":{"@type":"ImageObject","inLanguage":"lt-LT","@id":"https:\/\/talkpal.ai\/lt\/#\/schema\/logo\/image\/","url":"https:\/\/talkpal.ai\/wp-content\/uploads\/2024\/03\/Talkpal-Logo-Icon.png","contentUrl":"https:\/\/talkpal.ai\/wp-content\/uploads\/2024\/03\/Talkpal-Logo-Icon.png","width":2880,"height":2880,"caption":"Talkpal, Inc."},"image":{"@id":"https:\/\/talkpal.ai\/lt\/#\/schema\/logo\/image\/"},"sameAs":["https:\/\/www.facebook.com\/profile.php?id=100090733639311","https:\/\/x.com\/talkpalai","https:\/\/www.linkedin.com\/company\/talkpal\/","https:\/\/www.youtube.com\/@TalkPal\/","https:\/\/www.tiktok.com\/@talkpal","https:\/\/www.instagram.com\/talkpal_ai\/","https:\/\/www.crunchbase.com\/organization\/talkpal-9cde","https:\/\/www.g2.com\/products\/talkpal-for-business\/","https:\/\/www.trustpilot.com\/review\/talkpal.ai","https:\/\/www.capterra.com\/p\/10006800\/TalkPal\/"],"description":"Talkpal is a language learning web and mobile education app, powered by the latest AI technologies, that provides engaging experiences to its customers in many different languages to help them improve their language skills. Users can chat about unlimited amount of topics with the app and use other modes to practice their language learning.","email":"support@talkpal.ai","legalName":"Talkpal, Inc.","foundingDate":"2023-04-03","duns":"118989042","numberOfEmployees":{"@type":"QuantitativeValue","minValue":"11","maxValue":"50"},"publishingPrinciples":"https:\/\/talkpal.ai\/publishing-principles\/","actionableFeedbackPolicy":"https:\/\/talkpal.ai\/actionable-feedback-policy\/","correctionsPolicy":"https:\/\/talkpal.ai\/corrections-policy\/","ethicsPolicy":"https:\/\/talkpal.ai\/ethics-policy\/","diversityPolicy":"https:\/\/talkpal.ai\/diversity-policy\/","diversityStaffingReport":"https:\/\/talkpal.ai\/diversity-policy\/"}]}},"_links":{"self":[{"href":"https:\/\/talkpal.ai\/lt\/wp-json\/wp\/v2\/pages\/135277","targetHints":{"allow":["GET"]}}],"collection":[{"href":"https:\/\/talkpal.ai\/lt\/wp-json\/wp\/v2\/pages"}],"about":[{"href":"https:\/\/talkpal.ai\/lt\/wp-json\/wp\/v2\/types\/page"}],"author":[{"embeddable":true,"href":"https:\/\/talkpal.ai\/lt\/wp-json\/wp\/v2\/users\/6"}],"replies":[{"embeddable":true,"href":"https:\/\/talkpal.ai\/lt\/wp-json\/wp\/v2\/comments?post=135277"}],"version-history":[{"count":0,"href":"https:\/\/talkpal.ai\/lt\/wp-json\/wp\/v2\/pages\/135277\/revisions"}],"wp:featuredmedia":[{"embeddable":true,"href":"https:\/\/talkpal.ai\/lt\/wp-json\/wp\/v2\/media\/107536"}],"wp:attachment":[{"href":"https:\/\/talkpal.ai\/lt\/wp-json\/wp\/v2\/media?parent=135277"}],"curies":[{"name":"wp","href":"https:\/\/api.w.org\/{rel}","templated":true}]}}