{"id":134787,"date":"2023-06-16T10:21:59","date_gmt":"2023-06-16T10:21:59","guid":{"rendered":"http:\/\/talkpal.ai\/japonu-kalbos-gramatikos-pratimai\/"},"modified":"2025-12-17T16:56:17","modified_gmt":"2025-12-17T16:56:17","slug":"japonu-kalbos-gramatikos-pratimai","status":"publish","type":"page","link":"https:\/\/talkpal.ai\/lt\/japonu-kalbos-gramatikos-pratimai\/","title":{"rendered":"Japon\u0173 kalbos gramatikos pratimai"},"content":{"rendered":"\r\n\r\n\r\n<section class=\"languageChallengeSection\">\r\n    <div class=\"languageInfoWrapper\">\r\n        \r\n        <h1>Japon\u0173 kalbos gramatikos pratimai<\/h1>\r\n        <p>Ar esate pasireng\u0119 pakelti savo <a href=\"https:\/\/talkpal.ai\/lt\/ismok-japonu-kalba\/\">japon\u0173 kalbos<\/a> lyg\u012f? Gramatikos pratimai yra puikus b\u016bdas suprasti sakini\u0173 schemas, taisyklingai vartoti dalelytes ir geriau i\u0161mokti kalb\u0105. \u012esijunkite, i\u0161bandykite naujus gramatikos punktus ir pamatykite, kaip kiekvienas pratimas priartina jus prie sklandaus kalb\u0117jimo &#8211; prad\u0117kite praktikuoti <a href=\"https:\/\/talkpal.ai\/learn-japanese\/\">japon\u0173<\/a> gramatik\u0105 \u0161iandien!<\/p>\r\n\r\n                            <a class=\"getStartedHidden\" href=\"https:\/\/app.talkpal.ai\/lt\/signup?lng=\">Prad\u0117k<\/a>\r\n        \r\n    <\/div>\r\n\r\n    <figure>\r\n    <img decoding=\"async\" width=\"768\" height=\"768\" src=\"https:\/\/talkpal.ai\/wp-content\/uploads\/2023\/06\/japanese-768x768.png\" class=\"languageImage no-lazy\" alt=\"Language learning for world travelers\" fetchpriority=\"high\" sizes=\"(max-width: 768px) 150px, 768px\" srcset=\"https:\/\/talkpal.ai\/wp-content\/uploads\/2023\/06\/japanese-768x768.png 768w, https:\/\/talkpal.ai\/wp-content\/uploads\/2023\/06\/japanese-300x300.png 300w\" \/>\r\n    \r\n\r\n    <\/figure>\r\n\r\n            <a class=\"getStartedVisible\" href=\"https:\/\/app.talkpal.ai\/lt\/signup?lng=\">Prad\u0117k<\/a>\r\n    \r\n<\/section>\r\n\r\n\r\n<!-- <section class=\"grammarSection\">\r\n    <div class=\"grammarLinks\">\r\n            <\/div>\r\n<\/section> -->\r\n\r\n\r\n\r\n\r\n<section class=\"promotionalBanner\">\r\n    <p class=\"promotionalText\">Efektyviausias b\u016bdas mokytis kalbos<\/p>\r\n    <a class=\"promotionalLink\" href=\"https:\/\/app.talkpal.ai\/lt\/signup?lng=\">I\u0161bandykite Talkpal &#8221; nemokamai<\/a>\r\n<\/section>\n<div class=\"wp-block-group pageContainerStyle\"><div class=\"wp-block-group__inner-container is-layout-constrained wp-block-group-is-layout-constrained\">\n<h2 class=\"wp-block-heading\" id=\"h-japanese-grammar-topics\">Japon\u0173 kalbos gramatikos temos<\/h2>\n\n\n\n<p><a href=\"https:\/\/talkpal.ai\/learn-japanese\/\">Japon\u0173<\/a> kalbos <a href=\"https:\/\/talkpal.ai\/lt\/mokymasis\/\">mokymasis<\/a> gali b\u016bti \u012fdomi ir naudinga patirtis, nes <a href=\"https:\/\/talkpal.ai\/learn-thai\/\">tai<\/a> atveria visi\u0161kai nauj\u0105 kult\u016bros, bendravimo ir asmeninio augimo pasaul\u012f. Japon\u0173 kalba turi unikali\u0105 strukt\u016br\u0105 ir gramatikos sistem\u0105, kuri i\u0161 prad\u017ei\u0173 gali atrodyti bauginanti, ta\u010diau j\u0105 galima \u012fvaldyti nuosekliai praktikuojant ir gerai organizuojant mokymosi plan\u0105. Nor\u0117dami palengvinti j\u016bs\u0173 kelion\u0119 \u012f japon\u0173 pasaul\u012f, pagrindines gramatikos temas sugrupavome \u012f sek\u0105, kuri pad\u0117s jums sukurti tvirt\u0105 pagrind\u0105 ir skland\u017eiai progresuoti. Sutelkdami d\u0117mes\u012f \u012f \u0161iuos gramatikos elementus, jums puikiai seksis mok\u0117ti japon\u0173 kalb\u0105.<\/p>\n\n\n\n<h3 class=\"wp-block-heading\" id=\"h-1-particles\">1. Dalel\u0117s:<\/h3>\n\n\n\n<p>Dalel\u0117s yra b\u016btinos japon\u0173 kalba, nes jos nurodo ry\u0161\u012f tarp \u017eod\u017ei\u0173 sakinyje. Jie veikia kaip prielinksniai ir postpozicijos kitomis kalbomis. Mokymosi dalel\u0117s, tokios kaip \u306f (wa), \u304c (ga), \u3092 (wo), \u306b (ni), \u3067 (de) ir \u3068 (to), pad\u0117s jums suformuoti pagrindinius sakinius ir suprasti kiekvieno \u017eod\u017eio funkcij\u0105.<\/p>\n\n\n\n<h3 class=\"wp-block-heading\" id=\"h-2-nouns\">2. Daiktavard\u017eiai:<\/h3>\n\n\n\n<p>Susipa\u017ein\u0119 su bendrais daiktavard\u017eiais, gal\u0117site <a href=\"https:\/\/talkpal.ai\/ko\/ai-%ec%96%b8%ec%96%b4-%ea%b5%90%ec%82%ac\/\">prad\u0117ti<\/a> kurti savo \u017eodyn\u0105. Japon\u0173 daiktavard\u017eiai neturi lyties, skai\u010diaus ar straipsni\u0173, o tai supaprastina mokymosi proces\u0105.<\/p>\n\n\n\n<h3 class=\"wp-block-heading\" id=\"h-3-pronouns\">3. \u012evard\u017eiai:<\/h3>\n\n\n\n<p>Japon\u0173 \u012fvard\u017eiai naudojami kalbant apie \u017emones ir daiktus. <a href=\"https:\/\/talkpal.ai\/locations\/language-courses-in-kai\/\">Kai<\/a> kurie \u012fprasti \u012fvard\u017eiai: \u79c1 (watashi &#8211; a\u0161), \u3042\u306a\u305f (anata &#8211; tu), \u5f7c (kare &#8211; jis), \u5f7c\u5973 (kanojo &#8211; ji) ir \u305d\u308c (sore &#8211; tai).<\/p>\n\n\n\n<h3 class=\"wp-block-heading\" id=\"h-4-verb-conjugation\">4. Veiksma\u017eod\u017eio konjugacija:<\/h3>\n\n\n\n<p>Japon\u0173 veiksma\u017eod\u017eiai turi skirtingas konjugacijas, pagr\u012fstas \u012ftempimu, mandagumu ir kitais veiksniais. Pagrindini\u0173 veiksma\u017eod\u017ei\u0173 form\u0173, toki\u0173 kaip \u017eodyno forma, -masu forma ir -te forma, mokymasis pad\u0117s i\u0161reik\u0161ti \u012fvairius veiksmus ir b\u016bsenas.<\/p>\n\n\n\n<h3 class=\"wp-block-heading\" id=\"h-5-tenses\">5. Laikai:<\/h3>\n\n\n\n<p>Japon\u0173 kalba turi praeities ir ne praeities laikus, o pastarieji naudojami dabartiniams ir b\u016bsimiems veiksmams. Supratimas, kaip konjuguoti veiksma\u017eod\u017eius \u0161iais laikais, pad\u0117s tiksliai i\u0161reik\u0161ti laik\u0105.<\/p>\n\n\n\n<h3 class=\"wp-block-heading\" id=\"h-6-adjectives\">6. B\u016bdvard\u017eiai:<\/h3>\n\n\n\n<p>Japon\u0173 b\u016bdvard\u017eiai skirstomi \u012f dvi grupes: i-b\u016bdvard\u017eius ir na-b\u016bdvard\u017eius. I\u0161mok\u0119 j\u0173 konjugacijos taisykles ir kaip jas naudoti sakiniuose, gal\u0117site apib\u016bdinti objektus, \u017emones ir situacijas.<\/p>\n\n\n\n<h3 class=\"wp-block-heading\" id=\"h-7-adverbs\">7. Prieveiksmiai:<\/h3>\n\n\n\n<p>Prieveiksmiai modifikuoja veiksma\u017eod\u017eius, b\u016bdvard\u017eius ir kitus prieveiksmius, prid\u0117dami sakiniams niuans\u0173. Da\u017eniausiai pasitaikantys japoni\u0161ki prieveiksmiai: \u901f\u304f (hayaku &#8211; greitai), \u3086\u3063\u304f\u308a (yukkuri &#8211; l\u0117tai) ir \u3068\u3066\u3082 (totemo &#8211; labai).<\/p>\n\n\n\n<h3 class=\"wp-block-heading\" id=\"h-8-prepositions\">8. Prielinksniai:<\/h3>\n\n\n\n<p>Nors japon\u0173 kalboje n\u0117ra toki\u0173 pat prieveiksmi\u0173 kaip angl\u0173 kalboje, kai kurios dalelyt\u0117s veikia pana\u0161iai. \u0160i\u0173 daleli\u0173 ir j\u0173 panaudojimo mokymasis pad\u0117s i\u0161reik\u0161ti erdvinius ir laiko santykius.<\/p>\n\n\n\n<h3 class=\"wp-block-heading\" id=\"h-9-conjunctions\">9. Jungtukai:<\/h3>\n\n\n\n<p>Jungtukai naudojami \u017eod\u017eiams, fraz\u0117ms ir sakiniams sujungti. Da\u017eniausiai pasitaikantys japoni\u0161ki jungtukai yra \u305d\u3057\u3066 (soshite &#8211; ir), \u3057\u304b\u3057 (shikashi &#8211; ta\u010diau) ir \u3060\u304b\u3089 (dakara &#8211; tod\u0117l).<\/p>\n\n\n\n<h3 class=\"wp-block-heading\" id=\"h-10-sentence-structure\">10. Sakinio strukt\u016bra:<\/h3>\n\n\n\n<p>Japon\u0173 kalba seka subjekto-objekto-veiksma\u017eod\u017eio (SOV) sakinio strukt\u016br\u0105. Suprasdami \u0161i\u0105 strukt\u016br\u0105 ir kitus sakini\u0173 modelius, gal\u0117site sukurti tikslius ir sud\u0117tingus sakinius.<\/p>\n\n\n\n<h3 class=\"wp-block-heading\" id=\"h-11-honorifics\">11. Garb\u0117tro\u0161kos:<\/h3>\n\n\n\n<p>Japonai turi sud\u0117ting\u0105 garb\u0117s sistem\u0105, i\u0161rei\u0161kian\u010di\u0105 mandagum\u0105 ir pagarb\u0105. Garbingos kalbos pagrind\u0173 mokymasis, pvz., \u3067\u3059 (desu) ir \u307e\u3059 (masu), pad\u0117s jums nar\u0161yti socialin\u0117se situacijose.<\/p>\n\n\n\n<h3 class=\"wp-block-heading\" id=\"h-12-expressions\">12. Posakiai:<\/h3>\n\n\n\n<p>Susipa\u017einimas su \u012fprastomis japon\u0173 i\u0161rai\u0161komis ir idiomomis pad\u0117s jums skamb\u0117ti nat\u016braliau ir skland\u017eiau kalb\u0117tis.<\/p>\n\n\n\n<h3 class=\"wp-block-heading\" id=\"h-13-numbers\">13. Skai\u010diai:<\/h3>\n\n\n\n<p>Japon\u0173 kalba turi unikali\u0105 skai\u010di\u0173 sistem\u0105 su skirtingais skaitikliais \u012fvairiems objektams. I\u0161mokti skai\u010diuoti ir naudoti skai\u010dius kontekste yra b\u016btina kasdieniam bendravimui.<\/p>\n\n\n\n<h3 class=\"wp-block-heading\" id=\"h-14-verbs\">14. Veiksma\u017eod\u017eiai:<\/h3>\n\n\n\n<p>Galiausiai, ple\u010diant veiksma\u017eod\u017ei\u0173 \u017eodyn\u0105, gal\u0117site i\u0161reik\u0161ti plat\u0173 veiksm\u0173 ir b\u016bsen\u0173 spektr\u0105, leid\u017eiant\u012f efektyviau bendrauti japon\u0173 kalba.<\/p>\n<\/div><\/div>\n\r\n<section class=\"learnNavigationSection\">\r\n            \r\n        <a href=\"https:\/\/talkpal.ai\/lt\/ismok-japonu-kalba\/\">\r\n            <div class=\"learnNavigationWrapper\">\r\n                <div class=\"learnNavigationContent\">\r\n                    <img decoding=\"async\" src=\"https:\/\/talkpal.ai\/wp-content\/uploads\/2024\/08\/Japanese.jpg\" alt=\"Japanese Flag\">\r\n                    <div>\r\n                        <h4>Apie japon\u0173 kalbos mokym\u0105si<\/h4>\r\n                        <p>Su\u017einokite visk\u0105 apie japon\u0173 kalbos gramatik\u0105.<\/p>\r\n                    <\/div>\r\n                <\/div>\r\n            <\/div>\r\n        <\/a>\r\n\r\n        \r\n        <a href=\"https:\/\/talkpal.ai\/lt\/japonu-kalbos-gramatika\/\">\r\n            <div class=\"learnNavigationWrapper\">\r\n                <div class=\"learnNavigationContent\">\r\n                    <img decoding=\"async\" src=\"https:\/\/talkpal.ai\/wp-content\/uploads\/2024\/08\/Japanese.jpg\" alt=\"Japanese Flag\">\r\n                    <div>\r\n                        <h4>Japon\u0173 kalbos gramatikos pamokos<\/h4>\r\n                        <p>Praktikuokite japon\u0173 kalbos gramatik\u0105.<\/p>\r\n                    <\/div>\r\n                <\/div>\r\n            <\/div>\r\n        <\/a>\r\n\r\n        \r\n        <a href=\"https:\/\/talkpal.ai\/vocabulary_language\/japanese\/\">\r\n            <div class=\"learnNavigationWrapper\">\r\n                <div class=\"learnNavigationContent\">\r\n                    <img decoding=\"async\" src=\"https:\/\/talkpal.ai\/wp-content\/uploads\/2024\/08\/Japanese.jpg\" alt=\"Japanese Flag\">\r\n                    <div>\r\n                        <h4>Japon\u0173 kalbos \u017eodynas<\/h4>\r\n                        <p>Prapl\u0117skite savo japon\u0173 kalbos \u017eodyn\u0105.<\/p>\r\n                    <\/div>\r\n                <\/div>\r\n            <\/div>\r\n        <\/a>\r\n\r\n            <\/section>","protected":false},"excerpt":{"rendered":"<p>Japon\u0173 kalbos gramatikos temos Japon\u0173 kalbos mokymasis gali b\u016bti \u012fdomi ir naudinga patirtis, nes tai atveria visi\u0161kai nauj\u0105 kult\u016bros, bendravimo ir asmeninio augimo pasaul\u012f. Japon\u0173 kalba turi unikali\u0105 strukt\u016br\u0105 ir gramatikos sistem\u0105, kuri i\u0161 prad\u017ei\u0173 gali atrodyti bauginanti, ta\u010diau j\u0105 galima \u012fvaldyti nuosekliai praktikuojant ir gerai organizuojant mokymosi plan\u0105. Nor\u0117dami palengvinti j\u016bs\u0173 kelion\u0119 \u012f japon\u0173 [&hellip;]<\/p>\n","protected":false},"author":6,"featured_media":107223,"parent":0,"menu_order":0,"comment_status":"closed","ping_status":"closed","template":"LearningContentPage.php","meta":{"_acf_changed":false,"footnotes":""},"class_list":["post-134787","page","type-page","status-publish","has-post-thumbnail","hentry"],"acf":[],"yoast_head":"<!-- This site is optimized with the Yoast SEO Premium plugin v27.2 (Yoast SEO v27.2) - https:\/\/yoast.com\/product\/yoast-seo-premium-wordpress\/ -->\n<title>Japon\u0173 kalbos gramatikos pratimai - Talkpal<\/title>\n<meta name=\"description\" content=\"Patobulinkite japon\u0173 kalbos gramatikos \u012fg\u016bd\u017eius - \u012fsisavinkite sakini\u0173 strukt\u016bras, praktikuokite interaktyvi\u0105 veikl\u0105 ir pagerinkite sklandum\u0105.\" \/>\n<meta name=\"robots\" content=\"index, follow, max-snippet:-1, max-image-preview:large, max-video-preview:-1\" \/>\n<link rel=\"canonical\" href=\"https:\/\/talkpal.ai\/lt\/japonu-kalbos-gramatikos-pratimai\/\" \/>\n<meta property=\"og:locale\" content=\"lt_LT\" \/>\n<meta property=\"og:type\" content=\"article\" \/>\n<meta property=\"og:title\" content=\"Japon\u0173 kalbos gramatikos pratimai\" \/>\n<meta property=\"og:description\" content=\"Japon\u0173 kalbos gramatikos temos Japon\u0173 kalbos mokymasis gali b\u016bti \u012fdomi ir naudinga patirtis, nes tai atveria visi\u0161kai nauj\u0105 kult\u016bros, bendravimo ir\" \/>\n<meta property=\"og:url\" content=\"https:\/\/talkpal.ai\/lt\/japonu-kalbos-gramatikos-pratimai\/\" \/>\n<meta property=\"og:site_name\" content=\"Talkpal\" \/>\n<meta property=\"article:publisher\" content=\"https:\/\/www.facebook.com\/profile.php?id=100090733639311\" \/>\n<meta property=\"article:modified_time\" content=\"2025-12-17T16:56:17+00:00\" \/>\n<meta property=\"og:image\" content=\"https:\/\/talkpal.ai\/wp-content\/uploads\/2023\/04\/japan.png\" \/>\n\t<meta property=\"og:image:width\" content=\"512\" \/>\n\t<meta property=\"og:image:height\" content=\"512\" \/>\n\t<meta property=\"og:image:type\" content=\"image\/png\" \/>\n<meta name=\"twitter:card\" content=\"summary_large_image\" \/>\n<meta name=\"twitter:site\" content=\"@talkpalai\" \/>\n<meta name=\"twitter:label1\" content=\"Est. reading time\" \/>\n\t<meta name=\"twitter:data1\" content=\"3 minut\u0117s\" \/>\n<script type=\"application\/ld+json\" class=\"yoast-schema-graph\">{\"@context\":\"https:\/\/schema.org\",\"@graph\":[{\"@type\":\"WebPage\",\"@id\":\"https:\/\/talkpal.ai\/lt\/japonu-kalbos-gramatikos-pratimai\/\",\"url\":\"https:\/\/talkpal.ai\/lt\/japonu-kalbos-gramatikos-pratimai\/\",\"name\":\"Japon\u0173 kalbos gramatikos pratimai - Talkpal\",\"isPartOf\":{\"@id\":\"https:\/\/talkpal.ai\/lt\/#website\"},\"primaryImageOfPage\":{\"@id\":\"https:\/\/talkpal.ai\/lt\/japonu-kalbos-gramatikos-pratimai\/#primaryimage\"},\"image\":{\"@id\":\"https:\/\/talkpal.ai\/lt\/japonu-kalbos-gramatikos-pratimai\/#primaryimage\"},\"thumbnailUrl\":\"https:\/\/talkpal.ai\/wp-content\/uploads\/2023\/04\/japan.png\",\"datePublished\":\"2023-06-16T10:21:59+00:00\",\"dateModified\":\"2025-12-17T16:56:17+00:00\",\"description\":\"Patobulinkite japon\u0173 kalbos gramatikos \u012fg\u016bd\u017eius - \u012fsisavinkite sakini\u0173 strukt\u016bras, praktikuokite interaktyvi\u0105 veikl\u0105 ir pagerinkite sklandum\u0105.\",\"breadcrumb\":{\"@id\":\"https:\/\/talkpal.ai\/lt\/japonu-kalbos-gramatikos-pratimai\/#breadcrumb\"},\"inLanguage\":\"lt-LT\",\"potentialAction\":[{\"@type\":\"ReadAction\",\"target\":[\"https:\/\/talkpal.ai\/lt\/japonu-kalbos-gramatikos-pratimai\/\"]}]},{\"@type\":\"ImageObject\",\"inLanguage\":\"lt-LT\",\"@id\":\"https:\/\/talkpal.ai\/lt\/japonu-kalbos-gramatikos-pratimai\/#primaryimage\",\"url\":\"https:\/\/talkpal.ai\/wp-content\/uploads\/2023\/04\/japan.png\",\"contentUrl\":\"https:\/\/talkpal.ai\/wp-content\/uploads\/2023\/04\/japan.png\",\"width\":512,\"height\":512},{\"@type\":\"BreadcrumbList\",\"@id\":\"https:\/\/talkpal.ai\/lt\/japonu-kalbos-gramatikos-pratimai\/#breadcrumb\",\"itemListElement\":[{\"@type\":\"ListItem\",\"position\":1,\"name\":\"Homepage\",\"item\":\"https:\/\/talkpal.ai\/lt\/\"},{\"@type\":\"ListItem\",\"position\":2,\"name\":\"Japon\u0173 kalbos gramatikos pratimai\"}]},{\"@type\":\"WebSite\",\"@id\":\"https:\/\/talkpal.ai\/lt\/#website\",\"url\":\"https:\/\/talkpal.ai\/lt\/\",\"name\":\"Talkpal\",\"description\":\"AI Language Learning\",\"publisher\":{\"@id\":\"https:\/\/talkpal.ai\/lt\/#organization\"},\"alternateName\":\"Talkpal AI\",\"potentialAction\":[{\"@type\":\"SearchAction\",\"target\":{\"@type\":\"EntryPoint\",\"urlTemplate\":\"https:\/\/talkpal.ai\/lt\/?s={search_term_string}\"},\"query-input\":{\"@type\":\"PropertyValueSpecification\",\"valueRequired\":true,\"valueName\":\"search_term_string\"}}],\"inLanguage\":\"lt-LT\"},{\"@type\":\"Organization\",\"@id\":\"https:\/\/talkpal.ai\/lt\/#organization\",\"name\":\"Talkpal, Inc.\",\"alternateName\":\"Talkpal AI\",\"url\":\"https:\/\/talkpal.ai\/lt\/\",\"logo\":{\"@type\":\"ImageObject\",\"inLanguage\":\"lt-LT\",\"@id\":\"https:\/\/talkpal.ai\/lt\/#\/schema\/logo\/image\/\",\"url\":\"https:\/\/talkpal.ai\/wp-content\/uploads\/2024\/03\/Talkpal-Logo-Icon.png\",\"contentUrl\":\"https:\/\/talkpal.ai\/wp-content\/uploads\/2024\/03\/Talkpal-Logo-Icon.png\",\"width\":2880,\"height\":2880,\"caption\":\"Talkpal, Inc.\"},\"image\":{\"@id\":\"https:\/\/talkpal.ai\/lt\/#\/schema\/logo\/image\/\"},\"sameAs\":[\"https:\/\/www.facebook.com\/profile.php?id=100090733639311\",\"https:\/\/x.com\/talkpalai\",\"https:\/\/www.linkedin.com\/company\/talkpal\/\",\"https:\/\/www.youtube.com\/@TalkPal\/\",\"https:\/\/www.tiktok.com\/@talkpal\",\"https:\/\/www.instagram.com\/talkpal_ai\/\",\"https:\/\/www.crunchbase.com\/organization\/talkpal-9cde\",\"https:\/\/www.g2.com\/products\/talkpal-for-business\/\",\"https:\/\/www.trustpilot.com\/review\/talkpal.ai\",\"https:\/\/www.capterra.com\/p\/10006800\/TalkPal\/\"],\"description\":\"Talkpal is a language learning web and mobile education app, powered by the latest AI technologies, that provides engaging experiences to its customers in many different languages to help them improve their language skills. Users can chat about unlimited amount of topics with the app and use other modes to practice their language learning.\",\"email\":\"support@talkpal.ai\",\"legalName\":\"Talkpal, Inc.\",\"foundingDate\":\"2023-04-03\",\"duns\":\"118989042\",\"numberOfEmployees\":{\"@type\":\"QuantitativeValue\",\"minValue\":\"11\",\"maxValue\":\"50\"},\"publishingPrinciples\":\"https:\/\/talkpal.ai\/publishing-principles\/\",\"actionableFeedbackPolicy\":\"https:\/\/talkpal.ai\/actionable-feedback-policy\/\",\"correctionsPolicy\":\"https:\/\/talkpal.ai\/corrections-policy\/\",\"ethicsPolicy\":\"https:\/\/talkpal.ai\/ethics-policy\/\",\"diversityPolicy\":\"https:\/\/talkpal.ai\/diversity-policy\/\",\"diversityStaffingReport\":\"https:\/\/talkpal.ai\/diversity-policy\/\"}]}<\/script>\n<!-- \/ Yoast SEO Premium plugin. -->","yoast_head_json":{"title":"Japon\u0173 kalbos gramatikos pratimai - Talkpal","description":"Patobulinkite japon\u0173 kalbos gramatikos \u012fg\u016bd\u017eius - \u012fsisavinkite sakini\u0173 strukt\u016bras, praktikuokite interaktyvi\u0105 veikl\u0105 ir pagerinkite sklandum\u0105.","robots":{"index":"index","follow":"follow","max-snippet":"max-snippet:-1","max-image-preview":"max-image-preview:large","max-video-preview":"max-video-preview:-1"},"canonical":"https:\/\/talkpal.ai\/lt\/japonu-kalbos-gramatikos-pratimai\/","og_locale":"lt_LT","og_type":"article","og_title":"Japon\u0173 kalbos gramatikos pratimai","og_description":"Japon\u0173 kalbos gramatikos temos Japon\u0173 kalbos mokymasis gali b\u016bti \u012fdomi ir naudinga patirtis, nes tai atveria visi\u0161kai nauj\u0105 kult\u016bros, bendravimo ir","og_url":"https:\/\/talkpal.ai\/lt\/japonu-kalbos-gramatikos-pratimai\/","og_site_name":"Talkpal","article_publisher":"https:\/\/www.facebook.com\/profile.php?id=100090733639311","article_modified_time":"2025-12-17T16:56:17+00:00","og_image":[{"width":512,"height":512,"url":"https:\/\/talkpal.ai\/wp-content\/uploads\/2023\/04\/japan.png","type":"image\/png"}],"twitter_card":"summary_large_image","twitter_site":"@talkpalai","twitter_misc":{"Est. reading time":"3 minut\u0117s"},"schema":{"@context":"https:\/\/schema.org","@graph":[{"@type":"WebPage","@id":"https:\/\/talkpal.ai\/lt\/japonu-kalbos-gramatikos-pratimai\/","url":"https:\/\/talkpal.ai\/lt\/japonu-kalbos-gramatikos-pratimai\/","name":"Japon\u0173 kalbos gramatikos pratimai - Talkpal","isPartOf":{"@id":"https:\/\/talkpal.ai\/lt\/#website"},"primaryImageOfPage":{"@id":"https:\/\/talkpal.ai\/lt\/japonu-kalbos-gramatikos-pratimai\/#primaryimage"},"image":{"@id":"https:\/\/talkpal.ai\/lt\/japonu-kalbos-gramatikos-pratimai\/#primaryimage"},"thumbnailUrl":"https:\/\/talkpal.ai\/wp-content\/uploads\/2023\/04\/japan.png","datePublished":"2023-06-16T10:21:59+00:00","dateModified":"2025-12-17T16:56:17+00:00","description":"Patobulinkite japon\u0173 kalbos gramatikos \u012fg\u016bd\u017eius - \u012fsisavinkite sakini\u0173 strukt\u016bras, praktikuokite interaktyvi\u0105 veikl\u0105 ir pagerinkite sklandum\u0105.","breadcrumb":{"@id":"https:\/\/talkpal.ai\/lt\/japonu-kalbos-gramatikos-pratimai\/#breadcrumb"},"inLanguage":"lt-LT","potentialAction":[{"@type":"ReadAction","target":["https:\/\/talkpal.ai\/lt\/japonu-kalbos-gramatikos-pratimai\/"]}]},{"@type":"ImageObject","inLanguage":"lt-LT","@id":"https:\/\/talkpal.ai\/lt\/japonu-kalbos-gramatikos-pratimai\/#primaryimage","url":"https:\/\/talkpal.ai\/wp-content\/uploads\/2023\/04\/japan.png","contentUrl":"https:\/\/talkpal.ai\/wp-content\/uploads\/2023\/04\/japan.png","width":512,"height":512},{"@type":"BreadcrumbList","@id":"https:\/\/talkpal.ai\/lt\/japonu-kalbos-gramatikos-pratimai\/#breadcrumb","itemListElement":[{"@type":"ListItem","position":1,"name":"Homepage","item":"https:\/\/talkpal.ai\/lt\/"},{"@type":"ListItem","position":2,"name":"Japon\u0173 kalbos gramatikos pratimai"}]},{"@type":"WebSite","@id":"https:\/\/talkpal.ai\/lt\/#website","url":"https:\/\/talkpal.ai\/lt\/","name":"Talkpal","description":"AI Language Learning","publisher":{"@id":"https:\/\/talkpal.ai\/lt\/#organization"},"alternateName":"Talkpal AI","potentialAction":[{"@type":"SearchAction","target":{"@type":"EntryPoint","urlTemplate":"https:\/\/talkpal.ai\/lt\/?s={search_term_string}"},"query-input":{"@type":"PropertyValueSpecification","valueRequired":true,"valueName":"search_term_string"}}],"inLanguage":"lt-LT"},{"@type":"Organization","@id":"https:\/\/talkpal.ai\/lt\/#organization","name":"Talkpal, Inc.","alternateName":"Talkpal AI","url":"https:\/\/talkpal.ai\/lt\/","logo":{"@type":"ImageObject","inLanguage":"lt-LT","@id":"https:\/\/talkpal.ai\/lt\/#\/schema\/logo\/image\/","url":"https:\/\/talkpal.ai\/wp-content\/uploads\/2024\/03\/Talkpal-Logo-Icon.png","contentUrl":"https:\/\/talkpal.ai\/wp-content\/uploads\/2024\/03\/Talkpal-Logo-Icon.png","width":2880,"height":2880,"caption":"Talkpal, Inc."},"image":{"@id":"https:\/\/talkpal.ai\/lt\/#\/schema\/logo\/image\/"},"sameAs":["https:\/\/www.facebook.com\/profile.php?id=100090733639311","https:\/\/x.com\/talkpalai","https:\/\/www.linkedin.com\/company\/talkpal\/","https:\/\/www.youtube.com\/@TalkPal\/","https:\/\/www.tiktok.com\/@talkpal","https:\/\/www.instagram.com\/talkpal_ai\/","https:\/\/www.crunchbase.com\/organization\/talkpal-9cde","https:\/\/www.g2.com\/products\/talkpal-for-business\/","https:\/\/www.trustpilot.com\/review\/talkpal.ai","https:\/\/www.capterra.com\/p\/10006800\/TalkPal\/"],"description":"Talkpal is a language learning web and mobile education app, powered by the latest AI technologies, that provides engaging experiences to its customers in many different languages to help them improve their language skills. Users can chat about unlimited amount of topics with the app and use other modes to practice their language learning.","email":"support@talkpal.ai","legalName":"Talkpal, Inc.","foundingDate":"2023-04-03","duns":"118989042","numberOfEmployees":{"@type":"QuantitativeValue","minValue":"11","maxValue":"50"},"publishingPrinciples":"https:\/\/talkpal.ai\/publishing-principles\/","actionableFeedbackPolicy":"https:\/\/talkpal.ai\/actionable-feedback-policy\/","correctionsPolicy":"https:\/\/talkpal.ai\/corrections-policy\/","ethicsPolicy":"https:\/\/talkpal.ai\/ethics-policy\/","diversityPolicy":"https:\/\/talkpal.ai\/diversity-policy\/","diversityStaffingReport":"https:\/\/talkpal.ai\/diversity-policy\/"}]}},"_links":{"self":[{"href":"https:\/\/talkpal.ai\/lt\/wp-json\/wp\/v2\/pages\/134787","targetHints":{"allow":["GET"]}}],"collection":[{"href":"https:\/\/talkpal.ai\/lt\/wp-json\/wp\/v2\/pages"}],"about":[{"href":"https:\/\/talkpal.ai\/lt\/wp-json\/wp\/v2\/types\/page"}],"author":[{"embeddable":true,"href":"https:\/\/talkpal.ai\/lt\/wp-json\/wp\/v2\/users\/6"}],"replies":[{"embeddable":true,"href":"https:\/\/talkpal.ai\/lt\/wp-json\/wp\/v2\/comments?post=134787"}],"version-history":[{"count":0,"href":"https:\/\/talkpal.ai\/lt\/wp-json\/wp\/v2\/pages\/134787\/revisions"}],"wp:featuredmedia":[{"embeddable":true,"href":"https:\/\/talkpal.ai\/lt\/wp-json\/wp\/v2\/media\/107223"}],"wp:attachment":[{"href":"https:\/\/talkpal.ai\/lt\/wp-json\/wp\/v2\/media?parent=134787"}],"curies":[{"name":"wp","href":"https:\/\/api.w.org\/{rel}","templated":true}]}}