{"id":134439,"date":"2023-06-16T10:15:21","date_gmt":"2023-06-16T10:15:21","guid":{"rendered":"http:\/\/talkpal.ai\/hindi-gramatikos-pratimai\/"},"modified":"2025-12-17T16:17:57","modified_gmt":"2025-12-17T16:17:57","slug":"hindi-gramatikos-pratimai","status":"publish","type":"page","link":"https:\/\/talkpal.ai\/lt\/hindi-gramatikos-pratimai\/","title":{"rendered":"Hindi gramatikos pratimai"},"content":{"rendered":"\r\n\r\n\r\n<section class=\"languageChallengeSection\">\r\n    <div class=\"languageInfoWrapper\">\r\n        \r\n        <h1>Hindi gramatikos pratimai<\/h1>\r\n        <p>Norite geriau pasitik\u0117ti <a href=\"https:\/\/talkpal.ai\/learn-hindi\/\">hindi<\/a> kalba? Gramatikos pratimai yra puikus b\u016bdas \u012fsisavinti sakinio strukt\u016br\u0105, veiksma\u017eod\u017ei\u0173 formas ir unikalius <a href=\"https:\/\/talkpal.ai\/lt\/ismokite-hindi-kalba\/\">hindi kalbos<\/a> modelius. Prad\u0117kite mokytis hindi <a href=\"https:\/\/talkpal.ai\/what-language-is-spoken-on-the-international-space-station\/\">kalbos<\/a> gramatikos \u0161iandien ir pamatysite, kaip su kiekvienu pratimu auga j\u016bs\u0173 supratimas ir sklandumas!\n\n<\/p>\r\n\r\n                            <a class=\"getStartedHidden\" href=\"https:\/\/app.talkpal.ai\/lt\/signup?lng=\">Prad\u0117k<\/a>\r\n        \r\n    <\/div>\r\n\r\n    <figure>\r\n    <img decoding=\"async\" width=\"768\" height=\"768\" src=\"https:\/\/talkpal.ai\/wp-content\/uploads\/2023\/06\/hindi-768x768.png\" class=\"languageImage no-lazy\" alt=\"Language learning for mental agility\" fetchpriority=\"high\" sizes=\"(max-width: 768px) 150px, 768px\" srcset=\"https:\/\/talkpal.ai\/wp-content\/uploads\/2023\/06\/hindi-768x768.png 768w, https:\/\/talkpal.ai\/wp-content\/uploads\/2023\/06\/hindi-300x300.png 300w\" \/>\r\n    \r\n\r\n    <\/figure>\r\n\r\n            <a class=\"getStartedVisible\" href=\"https:\/\/app.talkpal.ai\/lt\/signup?lng=\">Prad\u0117k<\/a>\r\n    \r\n<\/section>\r\n\r\n\r\n<!-- <section class=\"grammarSection\">\r\n    <div class=\"grammarLinks\">\r\n            <\/div>\r\n<\/section> -->\r\n\r\n\r\n\r\n\r\n<section class=\"promotionalBanner\">\r\n    <p class=\"promotionalText\">Efektyviausias b\u016bdas mokytis kalbos<\/p>\r\n    <a class=\"promotionalLink\" href=\"https:\/\/app.talkpal.ai\/lt\/signup?lng=\">I\u0161bandykite Talkpal &#8221; nemokamai<\/a>\r\n<\/section>\n<div class=\"wp-block-group pageContainerStyle\"><div class=\"wp-block-group__inner-container is-layout-constrained wp-block-group-is-layout-constrained\">\n<h2 class=\"wp-block-heading\" id=\"h-hindi-grammar-topics\">Hindi gramatikos temos<\/h2>\n\n\n\n<p>Naujos <a href=\"https:\/\/talkpal.ai\/lt\/kaip-ismokti-kalba-per-talkpal-chat\/\">kalbos mokymasis<\/a> gali b\u016bti jaudinanti, ta\u010diau sud\u0117tinga patirtis, ypa\u010d <a href=\"https:\/\/talkpal.ai\/locations\/language-courses-in-kai\/\">kai<\/a> reikia suprasti ir \u012fvaldyti jos gramatik\u0105. Hindi, b\u016bdama viena i\u0161 pla\u010diausiai vartojam\u0173 kalb\u0173 pasaulyje, si\u016blo unikali\u0105 ir turting\u0105 kalbin\u0119 patirt\u012f. <a href=\"https:\/\/talkpal.ai\/locations\/language-courses-in-kai\/\">Kai<\/a> pradedate savo kelion\u0119 mokytis <a href=\"https:\/\/talkpal.ai\/lt\/ismokite-hindi-kalba\/\">hindi kalbos<\/a>, b\u016btina suvokti pagrindines gramatikos temas, kurios pad\u0117s tvirt\u0105 pagrind\u0105 j\u016bs\u0173 kalbos \u012fg\u016bd\u017eiams. \u0160is vadovas supa\u017eindins jus su pagrindin\u0117mis hindi gramatikos temomis, sugrupuotomis \u012f sek\u0105, kuri palengvins j\u016bs\u0173 mokymosi proces\u0105.<\/p>\n\n\n\n<h3 class=\"wp-block-heading\" id=\"h-1-nouns\">1. Daiktavard\u017eiai:<\/h3>\n\n\n\n<p>Prad\u0117kite savo hindi mokymosi kelion\u0119 daiktavard\u017eiais, nes jie yra bet kurios kalbos statybiniai blokai. Hindi kalba daiktavard\u017eiai skirstomi \u012f dvi lytis (vyri\u0161k\u0105 ir moteri\u0161k\u0105) ir gali b\u016bti vienaskaita arba daugiskaita. Hindi daiktavard\u017ei\u0173 pagrind\u0173 supratimas pad\u0117s formuoti paprastus sakinius ir frazes.<\/p>\n\n\n\n<h3 class=\"wp-block-heading\" id=\"h-2-pronouns\">2. \u012evard\u017eiai:<\/h3>\n\n\n\n<p>\u012evard\u017eiai pakei\u010dia daiktavard\u017eius sakinyje ir padeda i\u0161vengti pasikartojimo. Hindi kalbos \u012fvard\u017eiai skirstomi \u012f tris kategorijas \u2013 asmenin\u0119, demonstratyvi\u0105j\u0105 ir klausiam\u0105j\u0105. Susipa\u017einkite su \u012fvairiomis \u012fvard\u017ei\u0173 formomis, kad pagerintum\u0117te savo bendravimo \u012fg\u016bd\u017eius.<\/p>\n\n\n\n<h3 class=\"wp-block-heading\" id=\"h-3-adjectives\">3. B\u016bdvard\u017eiai:<\/h3>\n\n\n\n<p>B\u016bdvard\u017eiai apib\u016bdina daiktavard\u017ei\u0173 ir \u012fvard\u017ei\u0173 savybes. Hindi kalba b\u016bdvard\u017eiai sutinka su daiktavard\u017eiu, kur\u012f jie apib\u016bdina lytimi ir skai\u010diumi. B\u016bdvard\u017ei\u0173 <a href=\"https:\/\/talkpal.ai\/lt\/mokymasis\/\">mokymasis<\/a> leis jums ry\u0161kiau i\u0161reik\u0161ti savo mintis ir nuomones.<\/p>\n\n\n\n<h3 class=\"wp-block-heading\" id=\"h-4-verbs\">4. Veiksma\u017eod\u017eiai:<\/h3>\n\n\n\n<p>Veiksma\u017eod\u017eiai \u017eymi veiksmus ar b\u016bties b\u016bsenas. Hindi veiksma\u017eod\u017eiai turi tris pagrindinius laikus \u2013 praeit\u012f, dabart\u012f ir ateit\u012f \u2013 ir gali b\u016bti orientaciniai arba subjunkciniai. \u012egij\u0119 tvirt\u0105 supratim\u0105 apie hindi veiksma\u017eod\u017eius ir j\u0173 konjugacijas, gal\u0117site tiksliai i\u0161reik\u0161ti veiksmus ir \u012fvykius.<\/p>\n\n\n\n<h3 class=\"wp-block-heading\" id=\"h-5-tenses-indicative\">5. Laikai orientaciniai:<\/h3>\n\n\n\n<p>Indikaciniai laikai hindi kalba i\u0161rei\u0161kia faktus ar tikrum\u0105 ir yra naudojami kasdieniuose pokalbiuose. Su\u017einokite praeities, dabarties ir ateities orientacini\u0173 laik\u0173 taisykles ir konjugacijas, kad gal\u0117tum\u0117te ai\u0161kiai ir efektyviai bendrauti.<\/p>\n\n\n\n<h3 class=\"wp-block-heading\" id=\"h-6-tenses-subjunctive\">6. Laik\u0173 subjunkcija:<\/h3>\n\n\n\n<p>Subjunkciniai laikai hindi kalba rei\u0161kia veiksmus ar \u012fvykius, kurie yra neai\u0161k\u016bs, hipotetiniai ar prie\u0161taraujantys faktams. Subjunkcin\u0117s nuotaikos \u012fvaldymas leis jums i\u0161reik\u0161ti abejones, galimybes ir norus.<\/p>\n\n\n\n<h3 class=\"wp-block-heading\" id=\"h-7-tense-comparison\">7. \u012etemptas palyginimas:<\/h3>\n\n\n\n<p>Skirting\u0173 laik\u0173 palyginimas hindi kalba padeda suprasti ry\u0161ius tarp veiksm\u0173 ir \u012fvyki\u0173 laiku. Praktikuokite sakini\u0173 formavim\u0105, naudodami \u012fvairius laikus, kad sukurtum\u0117te i\u0161sam\u0173 laikin\u0173 santyki\u0173 supratim\u0105.<\/p>\n\n\n\n<h3 class=\"wp-block-heading\" id=\"h-8-adverbs\">8. Prieveiksmiai:<\/h3>\n\n\n\n<p>Prieveiksmiai modifikuoja veiksma\u017eod\u017eius, b\u016bdvard\u017eius ar kitus prieveiksmius ir suteikia papildomos informacijos apie veiksmus ar savybes. Su\u017einokite \u012fprastus hindi kalbos prieveiksmius ir j\u0173 i\u0161d\u0117stym\u0105 sakiniuose, kad pagerintum\u0117te savo apra\u0161omuosius geb\u0117jimus.<\/p>\n\n\n\n<h3 class=\"wp-block-heading\" id=\"h-9-prepositions\">9. Prielinksniai:<\/h3>\n\n\n\n<p>Prielinksniai hindi kalba jungia daiktavard\u017eius, \u012fvard\u017eius ar frazes su kitais sakinio \u017eod\u017eiais. Jie nurodo tokius ry\u0161ius kaip vieta, laikas ir kryptis. Susipa\u017einkite su hindi prielinksniais ir j\u0173 vartojimu, kad sukurtum\u0117te sud\u0117tingesnius sakinius.<\/p>\n\n\n\n<h3 class=\"wp-block-heading\" id=\"h-10-articles\">10. Straipsniai:<\/h3>\n\n\n\n<p>Hindi kalba neturi toki\u0173 straipsni\u0173 kaip angl\u0173 kalba (the, a, an), ta\u010diau ji naudoja postpozicijas, kad perteikt\u0173 pana\u0161ias reik\u0161mes. Suprasdami postpozicij\u0173 vartojim\u0105 hindi kalba, gal\u0117site teisingai perteikti savo sakini\u0173 apibr\u0117\u017etum\u0105 ir neapibr\u0117\u017etum\u0105.<\/p>\n\n\n\n<h3 class=\"wp-block-heading\" id=\"h-11-sentence-structure\">11. Sakinio strukt\u016bra:<\/h3>\n\n\n\n<p>Galiausiai i\u0161mokite pagrindin\u0119 sakinio strukt\u016br\u0105 hindi kalba, kuri atitinka dalyko-objekto-veiksma\u017eod\u017eio (SOV) model\u012f. Hindi sakini\u0173 strukt\u016bros supratimas leis jums efektyviai ir ai\u0161kiai bendrauti.<\/p>\n\n\n\n<p>Laikydamiesi \u0161ios hindi gramatikos tem\u0173 sekos, b\u016bsite gerai pasireng\u0119 suprasti, kalb\u0117ti ir ra\u0161yti hindi kalba, leisdami visi\u0161kai pasinerti \u012f turting\u0105 hindi kalban\u010di\u0173 region\u0173 kult\u016br\u0105 ir tradicijas.<\/p>\n<\/div><\/div>\n\r\n<section class=\"learnNavigationSection\">\r\n            \r\n        <a href=\"https:\/\/talkpal.ai\/lt\/ismokite-hindi-kalba\/\">\r\n            <div class=\"learnNavigationWrapper\">\r\n                <div class=\"learnNavigationContent\">\r\n                    <img decoding=\"async\" src=\"https:\/\/talkpal.ai\/wp-content\/uploads\/2024\/08\/Hindi.jpg\" alt=\"Indian Flag\">\r\n                    <div>\r\n                        <h4>Apie hindi kalbos mokym\u0105si<\/h4>\r\n                        <p>Su\u017einokite visk\u0105 apie hindi gramatik\u0105.<\/p>\r\n                    <\/div>\r\n                <\/div>\r\n            <\/div>\r\n        <\/a>\r\n\r\n        \r\n        <a href=\"https:\/\/talkpal.ai\/lt\/hindi-gramatika\/\">\r\n            <div class=\"learnNavigationWrapper\">\r\n                <div class=\"learnNavigationContent\">\r\n                    <img decoding=\"async\" src=\"https:\/\/talkpal.ai\/wp-content\/uploads\/2024\/08\/Hindi.jpg\" alt=\"Indian Flag\">\r\n                    <div>\r\n                        <h4>Hindi kalbos gramatikos pamokos<\/h4>\r\n                        <p>Praktikuokite hindi gramatik\u0105.<\/p>\r\n                    <\/div>\r\n                <\/div>\r\n            <\/div>\r\n        <\/a>\r\n\r\n        \r\n        <a href=\"https:\/\/talkpal.ai\/vocabulary_language\/hindi\/\">\r\n            <div class=\"learnNavigationWrapper\">\r\n                <div class=\"learnNavigationContent\">\r\n                    <img decoding=\"async\" src=\"https:\/\/talkpal.ai\/wp-content\/uploads\/2024\/08\/Hindi.jpg\" alt=\"Indian Flag\">\r\n                    <div>\r\n                        <h4>Hindi kalbos \u017eodynas<\/h4>\r\n                        <p>Prapl\u0117skite savo hindi kalbos \u017eodyn\u0105.<\/p>\r\n                    <\/div>\r\n                <\/div>\r\n            <\/div>\r\n        <\/a>\r\n\r\n            <\/section>","protected":false},"excerpt":{"rendered":"<p>Hindi gramatikos temos Naujos kalbos mokymasis gali b\u016bti jaudinanti, ta\u010diau sud\u0117tinga patirtis, ypa\u010d kai reikia suprasti ir \u012fvaldyti jos gramatik\u0105. Hindi, b\u016bdama viena i\u0161 pla\u010diausiai vartojam\u0173 kalb\u0173 pasaulyje, si\u016blo unikali\u0105 ir turting\u0105 kalbin\u0119 patirt\u012f. Kai pradedate savo kelion\u0119 mokytis hindi kalbos, b\u016btina suvokti pagrindines gramatikos temas, kurios pad\u0117s tvirt\u0105 pagrind\u0105 j\u016bs\u0173 kalbos \u012fg\u016bd\u017eiams. \u0160is vadovas [&hellip;]<\/p>\n","protected":false},"author":6,"featured_media":188218,"parent":0,"menu_order":0,"comment_status":"closed","ping_status":"closed","template":"LearningContentPage.php","meta":{"_acf_changed":false,"footnotes":""},"class_list":["post-134439","page","type-page","status-publish","has-post-thumbnail","hentry"],"acf":[],"yoast_head":"<!-- This site is optimized with the Yoast SEO Premium plugin v27.2 (Yoast SEO v27.2) - https:\/\/yoast.com\/product\/yoast-seo-premium-wordpress\/ -->\n<title>Hindi gramatikos pratimai - Talkpal<\/title>\n<meta name=\"description\" content=\"Lengvai praktikuokite hindi gramatik\u0105 - i\u0161bandykite interaktyvius pratimus, kad patobulintum\u0117te savo \u012fg\u016bd\u017eius ir mokytum\u0117t\u0117s grei\u010diau. Talkpal AI.\" \/>\n<meta name=\"robots\" content=\"index, follow, max-snippet:-1, max-image-preview:large, max-video-preview:-1\" \/>\n<link rel=\"canonical\" href=\"https:\/\/talkpal.ai\/lt\/hindi-gramatikos-pratimai\/\" \/>\n<meta property=\"og:locale\" content=\"lt_LT\" \/>\n<meta property=\"og:type\" content=\"article\" \/>\n<meta property=\"og:title\" content=\"Hindi gramatikos pratimai\" \/>\n<meta property=\"og:description\" content=\"Hindi gramatikos temos Naujos kalbos mokymasis gali b\u016bti jaudinanti, ta\u010diau sud\u0117tinga patirtis, ypa\u010d kai reikia suprasti ir \u012fvaldyti jos gramatik\u0105. Hindi,\" \/>\n<meta property=\"og:url\" content=\"https:\/\/talkpal.ai\/lt\/hindi-gramatikos-pratimai\/\" \/>\n<meta property=\"og:site_name\" content=\"Talkpal\" \/>\n<meta property=\"article:publisher\" content=\"https:\/\/www.facebook.com\/profile.php?id=100090733639311\" \/>\n<meta property=\"article:modified_time\" content=\"2025-12-17T16:17:57+00:00\" \/>\n<meta property=\"og:image\" content=\"https:\/\/talkpal.ai\/wp-content\/uploads\/2024\/02\/india.png\" \/>\n\t<meta property=\"og:image:width\" content=\"517\" \/>\n\t<meta property=\"og:image:height\" content=\"517\" \/>\n\t<meta property=\"og:image:type\" content=\"image\/png\" \/>\n<meta name=\"twitter:card\" content=\"summary_large_image\" \/>\n<meta name=\"twitter:site\" content=\"@talkpalai\" \/>\n<meta name=\"twitter:label1\" content=\"Est. reading time\" \/>\n\t<meta name=\"twitter:data1\" content=\"3 minut\u0117s\" \/>\n<script type=\"application\/ld+json\" class=\"yoast-schema-graph\">{\"@context\":\"https:\/\/schema.org\",\"@graph\":[{\"@type\":\"WebPage\",\"@id\":\"https:\/\/talkpal.ai\/lt\/hindi-gramatikos-pratimai\/\",\"url\":\"https:\/\/talkpal.ai\/lt\/hindi-gramatikos-pratimai\/\",\"name\":\"Hindi gramatikos pratimai - Talkpal\",\"isPartOf\":{\"@id\":\"https:\/\/talkpal.ai\/lt\/#website\"},\"primaryImageOfPage\":{\"@id\":\"https:\/\/talkpal.ai\/lt\/hindi-gramatikos-pratimai\/#primaryimage\"},\"image\":{\"@id\":\"https:\/\/talkpal.ai\/lt\/hindi-gramatikos-pratimai\/#primaryimage\"},\"thumbnailUrl\":\"https:\/\/talkpal.ai\/wp-content\/uploads\/2024\/02\/india.png\",\"datePublished\":\"2023-06-16T10:15:21+00:00\",\"dateModified\":\"2025-12-17T16:17:57+00:00\",\"description\":\"Lengvai praktikuokite hindi gramatik\u0105 - i\u0161bandykite interaktyvius pratimus, kad patobulintum\u0117te savo \u012fg\u016bd\u017eius ir mokytum\u0117t\u0117s grei\u010diau. Talkpal AI.\",\"breadcrumb\":{\"@id\":\"https:\/\/talkpal.ai\/lt\/hindi-gramatikos-pratimai\/#breadcrumb\"},\"inLanguage\":\"lt-LT\",\"potentialAction\":[{\"@type\":\"ReadAction\",\"target\":[\"https:\/\/talkpal.ai\/lt\/hindi-gramatikos-pratimai\/\"]}]},{\"@type\":\"ImageObject\",\"inLanguage\":\"lt-LT\",\"@id\":\"https:\/\/talkpal.ai\/lt\/hindi-gramatikos-pratimai\/#primaryimage\",\"url\":\"https:\/\/talkpal.ai\/wp-content\/uploads\/2024\/02\/india.png\",\"contentUrl\":\"https:\/\/talkpal.ai\/wp-content\/uploads\/2024\/02\/india.png\",\"width\":517,\"height\":517,\"caption\":\"TalkPal Indian Flag\"},{\"@type\":\"BreadcrumbList\",\"@id\":\"https:\/\/talkpal.ai\/lt\/hindi-gramatikos-pratimai\/#breadcrumb\",\"itemListElement\":[{\"@type\":\"ListItem\",\"position\":1,\"name\":\"Homepage\",\"item\":\"https:\/\/talkpal.ai\/lt\/\"},{\"@type\":\"ListItem\",\"position\":2,\"name\":\"Hindi gramatikos pratimai\"}]},{\"@type\":\"WebSite\",\"@id\":\"https:\/\/talkpal.ai\/lt\/#website\",\"url\":\"https:\/\/talkpal.ai\/lt\/\",\"name\":\"Talkpal\",\"description\":\"AI Language Learning\",\"publisher\":{\"@id\":\"https:\/\/talkpal.ai\/lt\/#organization\"},\"alternateName\":\"Talkpal AI\",\"potentialAction\":[{\"@type\":\"SearchAction\",\"target\":{\"@type\":\"EntryPoint\",\"urlTemplate\":\"https:\/\/talkpal.ai\/lt\/?s={search_term_string}\"},\"query-input\":{\"@type\":\"PropertyValueSpecification\",\"valueRequired\":true,\"valueName\":\"search_term_string\"}}],\"inLanguage\":\"lt-LT\"},{\"@type\":\"Organization\",\"@id\":\"https:\/\/talkpal.ai\/lt\/#organization\",\"name\":\"Talkpal, Inc.\",\"alternateName\":\"Talkpal AI\",\"url\":\"https:\/\/talkpal.ai\/lt\/\",\"logo\":{\"@type\":\"ImageObject\",\"inLanguage\":\"lt-LT\",\"@id\":\"https:\/\/talkpal.ai\/lt\/#\/schema\/logo\/image\/\",\"url\":\"https:\/\/talkpal.ai\/wp-content\/uploads\/2024\/03\/Talkpal-Logo-Icon.png\",\"contentUrl\":\"https:\/\/talkpal.ai\/wp-content\/uploads\/2024\/03\/Talkpal-Logo-Icon.png\",\"width\":2880,\"height\":2880,\"caption\":\"Talkpal, Inc.\"},\"image\":{\"@id\":\"https:\/\/talkpal.ai\/lt\/#\/schema\/logo\/image\/\"},\"sameAs\":[\"https:\/\/www.facebook.com\/profile.php?id=100090733639311\",\"https:\/\/x.com\/talkpalai\",\"https:\/\/www.linkedin.com\/company\/talkpal\/\",\"https:\/\/www.youtube.com\/@TalkPal\/\",\"https:\/\/www.tiktok.com\/@talkpal\",\"https:\/\/www.instagram.com\/talkpal_ai\/\",\"https:\/\/www.crunchbase.com\/organization\/talkpal-9cde\",\"https:\/\/www.g2.com\/products\/talkpal-for-business\/\",\"https:\/\/www.trustpilot.com\/review\/talkpal.ai\",\"https:\/\/www.capterra.com\/p\/10006800\/TalkPal\/\"],\"description\":\"Talkpal is a language learning web and mobile education app, powered by the latest AI technologies, that provides engaging experiences to its customers in many different languages to help them improve their language skills. Users can chat about unlimited amount of topics with the app and use other modes to practice their language learning.\",\"email\":\"support@talkpal.ai\",\"legalName\":\"Talkpal, Inc.\",\"foundingDate\":\"2023-04-03\",\"duns\":\"118989042\",\"numberOfEmployees\":{\"@type\":\"QuantitativeValue\",\"minValue\":\"11\",\"maxValue\":\"50\"},\"publishingPrinciples\":\"https:\/\/talkpal.ai\/publishing-principles\/\",\"actionableFeedbackPolicy\":\"https:\/\/talkpal.ai\/actionable-feedback-policy\/\",\"correctionsPolicy\":\"https:\/\/talkpal.ai\/corrections-policy\/\",\"ethicsPolicy\":\"https:\/\/talkpal.ai\/ethics-policy\/\",\"diversityPolicy\":\"https:\/\/talkpal.ai\/diversity-policy\/\",\"diversityStaffingReport\":\"https:\/\/talkpal.ai\/diversity-policy\/\"}]}<\/script>\n<!-- \/ Yoast SEO Premium plugin. -->","yoast_head_json":{"title":"Hindi gramatikos pratimai - Talkpal","description":"Lengvai praktikuokite hindi gramatik\u0105 - i\u0161bandykite interaktyvius pratimus, kad patobulintum\u0117te savo \u012fg\u016bd\u017eius ir mokytum\u0117t\u0117s grei\u010diau. Talkpal AI.","robots":{"index":"index","follow":"follow","max-snippet":"max-snippet:-1","max-image-preview":"max-image-preview:large","max-video-preview":"max-video-preview:-1"},"canonical":"https:\/\/talkpal.ai\/lt\/hindi-gramatikos-pratimai\/","og_locale":"lt_LT","og_type":"article","og_title":"Hindi gramatikos pratimai","og_description":"Hindi gramatikos temos Naujos kalbos mokymasis gali b\u016bti jaudinanti, ta\u010diau sud\u0117tinga patirtis, ypa\u010d kai reikia suprasti ir \u012fvaldyti jos gramatik\u0105. Hindi,","og_url":"https:\/\/talkpal.ai\/lt\/hindi-gramatikos-pratimai\/","og_site_name":"Talkpal","article_publisher":"https:\/\/www.facebook.com\/profile.php?id=100090733639311","article_modified_time":"2025-12-17T16:17:57+00:00","og_image":[{"width":517,"height":517,"url":"https:\/\/talkpal.ai\/wp-content\/uploads\/2024\/02\/india.png","type":"image\/png"}],"twitter_card":"summary_large_image","twitter_site":"@talkpalai","twitter_misc":{"Est. reading time":"3 minut\u0117s"},"schema":{"@context":"https:\/\/schema.org","@graph":[{"@type":"WebPage","@id":"https:\/\/talkpal.ai\/lt\/hindi-gramatikos-pratimai\/","url":"https:\/\/talkpal.ai\/lt\/hindi-gramatikos-pratimai\/","name":"Hindi gramatikos pratimai - Talkpal","isPartOf":{"@id":"https:\/\/talkpal.ai\/lt\/#website"},"primaryImageOfPage":{"@id":"https:\/\/talkpal.ai\/lt\/hindi-gramatikos-pratimai\/#primaryimage"},"image":{"@id":"https:\/\/talkpal.ai\/lt\/hindi-gramatikos-pratimai\/#primaryimage"},"thumbnailUrl":"https:\/\/talkpal.ai\/wp-content\/uploads\/2024\/02\/india.png","datePublished":"2023-06-16T10:15:21+00:00","dateModified":"2025-12-17T16:17:57+00:00","description":"Lengvai praktikuokite hindi gramatik\u0105 - i\u0161bandykite interaktyvius pratimus, kad patobulintum\u0117te savo \u012fg\u016bd\u017eius ir mokytum\u0117t\u0117s grei\u010diau. Talkpal AI.","breadcrumb":{"@id":"https:\/\/talkpal.ai\/lt\/hindi-gramatikos-pratimai\/#breadcrumb"},"inLanguage":"lt-LT","potentialAction":[{"@type":"ReadAction","target":["https:\/\/talkpal.ai\/lt\/hindi-gramatikos-pratimai\/"]}]},{"@type":"ImageObject","inLanguage":"lt-LT","@id":"https:\/\/talkpal.ai\/lt\/hindi-gramatikos-pratimai\/#primaryimage","url":"https:\/\/talkpal.ai\/wp-content\/uploads\/2024\/02\/india.png","contentUrl":"https:\/\/talkpal.ai\/wp-content\/uploads\/2024\/02\/india.png","width":517,"height":517,"caption":"TalkPal Indian Flag"},{"@type":"BreadcrumbList","@id":"https:\/\/talkpal.ai\/lt\/hindi-gramatikos-pratimai\/#breadcrumb","itemListElement":[{"@type":"ListItem","position":1,"name":"Homepage","item":"https:\/\/talkpal.ai\/lt\/"},{"@type":"ListItem","position":2,"name":"Hindi gramatikos pratimai"}]},{"@type":"WebSite","@id":"https:\/\/talkpal.ai\/lt\/#website","url":"https:\/\/talkpal.ai\/lt\/","name":"Talkpal","description":"AI Language Learning","publisher":{"@id":"https:\/\/talkpal.ai\/lt\/#organization"},"alternateName":"Talkpal AI","potentialAction":[{"@type":"SearchAction","target":{"@type":"EntryPoint","urlTemplate":"https:\/\/talkpal.ai\/lt\/?s={search_term_string}"},"query-input":{"@type":"PropertyValueSpecification","valueRequired":true,"valueName":"search_term_string"}}],"inLanguage":"lt-LT"},{"@type":"Organization","@id":"https:\/\/talkpal.ai\/lt\/#organization","name":"Talkpal, Inc.","alternateName":"Talkpal AI","url":"https:\/\/talkpal.ai\/lt\/","logo":{"@type":"ImageObject","inLanguage":"lt-LT","@id":"https:\/\/talkpal.ai\/lt\/#\/schema\/logo\/image\/","url":"https:\/\/talkpal.ai\/wp-content\/uploads\/2024\/03\/Talkpal-Logo-Icon.png","contentUrl":"https:\/\/talkpal.ai\/wp-content\/uploads\/2024\/03\/Talkpal-Logo-Icon.png","width":2880,"height":2880,"caption":"Talkpal, Inc."},"image":{"@id":"https:\/\/talkpal.ai\/lt\/#\/schema\/logo\/image\/"},"sameAs":["https:\/\/www.facebook.com\/profile.php?id=100090733639311","https:\/\/x.com\/talkpalai","https:\/\/www.linkedin.com\/company\/talkpal\/","https:\/\/www.youtube.com\/@TalkPal\/","https:\/\/www.tiktok.com\/@talkpal","https:\/\/www.instagram.com\/talkpal_ai\/","https:\/\/www.crunchbase.com\/organization\/talkpal-9cde","https:\/\/www.g2.com\/products\/talkpal-for-business\/","https:\/\/www.trustpilot.com\/review\/talkpal.ai","https:\/\/www.capterra.com\/p\/10006800\/TalkPal\/"],"description":"Talkpal is a language learning web and mobile education app, powered by the latest AI technologies, that provides engaging experiences to its customers in many different languages to help them improve their language skills. Users can chat about unlimited amount of topics with the app and use other modes to practice their language learning.","email":"support@talkpal.ai","legalName":"Talkpal, Inc.","foundingDate":"2023-04-03","duns":"118989042","numberOfEmployees":{"@type":"QuantitativeValue","minValue":"11","maxValue":"50"},"publishingPrinciples":"https:\/\/talkpal.ai\/publishing-principles\/","actionableFeedbackPolicy":"https:\/\/talkpal.ai\/actionable-feedback-policy\/","correctionsPolicy":"https:\/\/talkpal.ai\/corrections-policy\/","ethicsPolicy":"https:\/\/talkpal.ai\/ethics-policy\/","diversityPolicy":"https:\/\/talkpal.ai\/diversity-policy\/","diversityStaffingReport":"https:\/\/talkpal.ai\/diversity-policy\/"}]}},"_links":{"self":[{"href":"https:\/\/talkpal.ai\/lt\/wp-json\/wp\/v2\/pages\/134439","targetHints":{"allow":["GET"]}}],"collection":[{"href":"https:\/\/talkpal.ai\/lt\/wp-json\/wp\/v2\/pages"}],"about":[{"href":"https:\/\/talkpal.ai\/lt\/wp-json\/wp\/v2\/types\/page"}],"author":[{"embeddable":true,"href":"https:\/\/talkpal.ai\/lt\/wp-json\/wp\/v2\/users\/6"}],"replies":[{"embeddable":true,"href":"https:\/\/talkpal.ai\/lt\/wp-json\/wp\/v2\/comments?post=134439"}],"version-history":[{"count":0,"href":"https:\/\/talkpal.ai\/lt\/wp-json\/wp\/v2\/pages\/134439\/revisions"}],"wp:featuredmedia":[{"embeddable":true,"href":"https:\/\/talkpal.ai\/lt\/wp-json\/wp\/v2\/media\/188218"}],"wp:attachment":[{"href":"https:\/\/talkpal.ai\/lt\/wp-json\/wp\/v2\/media?parent=134439"}],"curies":[{"name":"wp","href":"https:\/\/api.w.org\/{rel}","templated":true}]}}