{"id":133723,"date":"2023-06-16T10:01:38","date_gmt":"2023-06-16T10:01:38","guid":{"rendered":"http:\/\/talkpal.ai\/svedu-kalbos-gramatikos-pratimai\/"},"modified":"2025-12-17T15:30:05","modified_gmt":"2025-12-17T15:30:05","slug":"svedu-kalbos-gramatikos-pratimai","status":"publish","type":"page","link":"https:\/\/talkpal.ai\/lt\/svedu-kalbos-gramatikos-pratimai\/","title":{"rendered":"\u0160ved\u0173 kalbos gramatikos pratimai"},"content":{"rendered":"\r\n\r\n\r\n<section class=\"languageChallengeSection\">\r\n    <div class=\"languageInfoWrapper\">\r\n        \r\n        <h1>\u0160ved\u0173 kalbos gramatikos pratimai<\/h1>\r\n        <p>Ar esate pasireng\u0119 patobulinti <a href=\"https:\/\/talkpal.ai\/learn-swedish\/\">\u0161ved\u0173<\/a> kalb\u0105? Gramatikos pratimai yra puikus b\u016bdas \u012fsisavinti sakinio strukt\u016br\u0105, veiksma\u017eod\u017ei\u0173 formas ir unikalius <a href=\"https:\/\/talkpal.ai\/lt\/ismok-svedu-kalba\/\">\u0161ved\u0173 kalbos<\/a> modelius. Prad\u0117kite mokytis \u0161ved\u0173 <a href=\"https:\/\/talkpal.ai\/what-language-is-spoken-on-the-international-space-station\/\">kalbos<\/a> gramatikos \u0161iandien ir steb\u0117kite, kaip su kiekvienu pratimu auga j\u016bs\u0173 \u012fg\u016bd\u017eiai ir pasitik\u0117jimas savimi!\n\n<\/p>\r\n\r\n                            <a class=\"getStartedHidden\" href=\"https:\/\/app.talkpal.ai\/lt\/signup?lng=\">Prad\u0117k<\/a>\r\n        \r\n    <\/div>\r\n\r\n    <figure>\r\n    <img decoding=\"async\" width=\"768\" height=\"768\" src=\"https:\/\/talkpal.ai\/wp-content\/uploads\/2023\/06\/swedish-768x768.png\" class=\"languageImage no-lazy\" alt=\"Language learning for improved concentration\" fetchpriority=\"high\" sizes=\"(max-width: 768px) 150px, 768px\" srcset=\"https:\/\/talkpal.ai\/wp-content\/uploads\/2023\/06\/swedish-768x768.png 768w, https:\/\/talkpal.ai\/wp-content\/uploads\/2023\/06\/swedish-300x300.png 300w\" \/>\r\n    \r\n\r\n    <\/figure>\r\n\r\n            <a class=\"getStartedVisible\" href=\"https:\/\/app.talkpal.ai\/lt\/signup?lng=\">Prad\u0117k<\/a>\r\n    \r\n<\/section>\r\n\r\n\r\n<!-- <section class=\"grammarSection\">\r\n    <div class=\"grammarLinks\">\r\n            <\/div>\r\n<\/section> -->\r\n\r\n\r\n\r\n\r\n<section class=\"promotionalBanner\">\r\n    <p class=\"promotionalText\">Efektyviausias b\u016bdas mokytis kalbos<\/p>\r\n    <a class=\"promotionalLink\" href=\"https:\/\/app.talkpal.ai\/lt\/signup?lng=\">I\u0161bandykite Talkpal &#8221; nemokamai<\/a>\r\n<\/section>\n<div class=\"wp-block-group pageContainerStyle\"><div class=\"wp-block-group__inner-container is-layout-constrained wp-block-group-is-layout-constrained\">\n<h2 class=\"wp-block-heading\" id=\"h-swedish-grammar-topics\">\u0160ved\u0173 kalbos gramatikos temos<\/h2>\n\n\n\n<p>\u0160ved\u0173 kalbos, oficialios \u0160vedijos kalbos ir vienos i\u0161 oficiali\u0173 Suomijos kalb\u0173, <a href=\"https:\/\/talkpal.ai\/lt\/mokymasis\/\">mokymasis<\/a> gali b\u016bti naudinga patirtis. <a href=\"https:\/\/talkpal.ai\/learn-thai\/\">Tai<\/a> ne tik atskleis jums turting\u0105 kult\u016br\u0105 ir istorij\u0105, bet ir palengvins bendravim\u0105 su daugiau nei 10 milijon\u0173 gimtakalbi\u0173. Norint efektyviai <a href=\"https:\/\/talkpal.ai\/learn-swedish\/\">mokytis \u0161ved\u0173 kalbos<\/a>, svarbu suprasti \u012fvairias gramatikos temas ir j\u0173 tarpusavio ry\u0161\u012f. \u0160iame vadove bus pateikta pagrindini\u0173 \u0161ved\u0173 kalbos gramatikos tem\u0173 ap\u017evalga, i\u0161d\u0117styta tokia seka, kuri pad\u0117s palaipsniui ir efektyviai lavinti savo kalbos \u012fg\u016bd\u017eius.<\/p>\n\n\n\n<h3 class=\"wp-block-heading\" id=\"h-1-nouns\">1. Daiktavard\u017eiai:<\/h3>\n\n\n\n<p>Prad\u0117kite savo \u0161ved\u0173 kalbos kelion\u0119 susipa\u017eindami su daiktavard\u017eiais, nes jie yra bet kurios kalbos statybiniai blokai. \u0160ved\u0173 kalboje daiktavard\u017eiai turi dvi lytis (bendr\u0105 ir neuter), kurios turi \u012ftakos su jais naudojamiems straipsniams ir b\u016bdvard\u017eiams. Jie taip pat turi vienaskaitos ir daugiskaitos formas, taip pat ai\u0161kias ir neapibr\u0117\u017etas formas.<\/p>\n\n\n\n<h3 class=\"wp-block-heading\" id=\"h-2-articles\">2. Straipsniai:<\/h3>\n\n\n\n<p><a href=\"https:\/\/talkpal.ai\/locations\/language-courses-in-kai\/\">Kai<\/a> suprasite daiktavard\u017eius, pereikite prie straipsni\u0173, kurie yra b\u016btini nustatant daiktavard\u017eio lyt\u012f ir skai\u010di\u0173. \u0160ved\u0173 kalba turi ai\u0161kius ir neapibr\u0117\u017etus straipsnius, kurie sutinka su j\u0173 modifikuojamo daiktavard\u017eio lytimi ir skai\u010diumi.<\/p>\n\n\n\n<h3 class=\"wp-block-heading\" id=\"h-3-adjectives\">3. B\u016bdvard\u017eiai:<\/h3>\n\n\n\n<p>B\u016bdvard\u017eiai naudojami daiktavard\u017eiams apib\u016bdinti ir lytimi, skai\u010diumi ir apibr\u0117\u017etumu sutampa su daiktavard\u017eiu, kur\u012f jie modifikuoja. B\u016bdvard\u017ei\u0173 mokymasis pad\u0117s jums i\u0161reik\u0161ti sud\u0117tingesnes id\u0117jas ir apra\u0161ymus \u0161ved\u0173 kalba.<\/p>\n\n\n\n<h3 class=\"wp-block-heading\" id=\"h-4-pronouns\">4. \u012evard\u017eiai:<\/h3>\n\n\n\n<p>\u012evard\u017eiai pakei\u010dia daiktavard\u017eius sakiniuose ir yra b\u016btini, kad j\u016bs\u0173 kalba b\u016bt\u0173 sklandesn\u0117 ir nat\u016bralesn\u0117. \u0160ved\u0173 kalba turi asmeninius, valdingus, refleksyvius ir santykinius \u012fvard\u017eius, kuri\u0173 kiekvienas turi savo susitarimo ir vartojimo taisykles.<\/p>\n\n\n\n<h3 class=\"wp-block-heading\" id=\"h-5-verbs\">5. Veiksma\u017eod\u017eiai:<\/h3>\n\n\n\n<p>Veiksma\u017eod\u017eiai i\u0161rei\u0161kia veiksmus, \u012fvykius ar b\u016bties b\u016bsenas ir yra esmin\u0117 bet kurios kalbos dalis. \u0160ved\u0173 kalboje veiksma\u017eod\u017eiai konjuguojami pagal \u012ftamp\u0105 ir nuotaik\u0105. Prad\u0117kite mokydamiesi dabartin\u0117s \u012ftampos orientacin\u0117s, kuri yra labiausiai paplitusi ir naudinga forma.<\/p>\n\n\n\n<h3 class=\"wp-block-heading\" id=\"h-6-tenses-indicative\">6. Laikai orientaciniai:<\/h3>\n\n\n\n<p>Pereidami nuo dabartin\u0117s \u012ftampos, i\u0161mokite praeities ir ateities laikus orientacin\u0117je nuotaikoje. Tai leis jums kalb\u0117ti apie \u012fvykius ir veiksmus, kurie \u012fvyko ar \u012fvyks, praple\u010diant j\u016bs\u0173 geb\u0117jim\u0105 bendrauti \u0161ved\u0173 kalba.<\/p>\n\n\n\n<h3 class=\"wp-block-heading\" id=\"h-7-tenses-subjunctive\">7. Laik\u0173 subjunkcija:<\/h3>\n\n\n\n<p>Nors ir ma\u017eiau paplit\u0119s nei orientacinis, subjunkcin\u0117 nuotaika naudojama hipotetiniams ar neai\u0161kiems \u012fvykiams i\u0161reik\u0161ti. Subjunkcini\u0173 veiksma\u017eod\u017ei\u0173 form\u0173 mokymasis padidins j\u016bs\u0173 geb\u0117jim\u0105 i\u0161reik\u0161ti daugiau niuans\u0173.<\/p>\n\n\n\n<h3 class=\"wp-block-heading\" id=\"h-8-tense-comparison\">8. \u012etemptas palyginimas:<\/h3>\n\n\n\n<p>Suprasdami, kaip palyginti skirtingus laikus, gal\u0117site i\u0161reik\u0161ti sud\u0117tingesnes id\u0117jas apie laik\u0105 ir \u012fvykius. Tai apima \u017einojim\u0105, kaip kartu naudoti praeities ir ateities laikus, taip pat supratim\u0105, kaip skirtingi laikai s\u0105veikauja sud\u0117tinguose sakiniuose.<\/p>\n\n\n\n<h3 class=\"wp-block-heading\" id=\"h-9-adverbs\">9. Prieveiksmiai:<\/h3>\n\n\n\n<p>Prieveiksmiai modifikuoja veiksma\u017eod\u017eius, b\u016bdvard\u017eius ar kitus prieveiksmius, suteikdami papildomos informacijos apie veiksmus ar savybes. \u0160ved\u0173 prieveiksmi\u0173 mokymasis pad\u0117s tiksliau ir efektyviau i\u0161reik\u0161ti id\u0117jas.<\/p>\n\n\n\n<h3 class=\"wp-block-heading\" id=\"h-10-prepositions\">10. Prielinksniai:<\/h3>\n\n\n\n<p>Prielinksniai susieja daiktavard\u017eius, \u012fvard\u017eius ir frazes su kitais sakinio \u017eod\u017eiais, i\u0161reik\u0161dami tokius santykius kaip vieta, kryptis ir laikas. Prielinksni\u0173 \u012fvaldymas yra esminis dalykas kuriant ai\u0161kius ir prasmingus sakinius \u0161ved\u0173 kalba.<\/p>\n\n\n\n<h3 class=\"wp-block-heading\" id=\"h-11-sentence-structure\">11. Sakinio strukt\u016bra:<\/h3>\n\n\n\n<p>Galiausiai, suprasdami pagrindines \u0161ved\u0173 sakini\u0173 strukt\u016bros taisykles, sujungsite visas ankstesnes gramatikos temas, tod\u0117l gal\u0117site sukurti gerai suformuotus sakinius ir tiksliai bei efektyviai i\u0161reik\u0161ti save kalba.<\/p>\n<\/div><\/div>\n\r\n<section class=\"learnNavigationSection\">\r\n            \r\n        <a href=\"https:\/\/talkpal.ai\/lt\/ismok-svedu-kalba\/\">\r\n            <div class=\"learnNavigationWrapper\">\r\n                <div class=\"learnNavigationContent\">\r\n                    <img decoding=\"async\" src=\"https:\/\/talkpal.ai\/wp-content\/uploads\/2024\/08\/Swedish.jpg\" alt=\"Swedish Flag\">\r\n                    <div>\r\n                        <h4>Apie mokym\u0105si \u0161ved\u0173 kalba<\/h4>\r\n                        <p>Su\u017einokite visk\u0105 apie \u0161ved\u0173 kalbos gramatik\u0105.<\/p>\r\n                    <\/div>\r\n                <\/div>\r\n            <\/div>\r\n        <\/a>\r\n\r\n        \r\n        <a href=\"https:\/\/talkpal.ai\/lt\/svedu-kalbos-gramatika\/\">\r\n            <div class=\"learnNavigationWrapper\">\r\n                <div class=\"learnNavigationContent\">\r\n                    <img decoding=\"async\" src=\"https:\/\/talkpal.ai\/wp-content\/uploads\/2024\/08\/Swedish.jpg\" alt=\"Swedish Flag\">\r\n                    <div>\r\n                        <h4>\u0160ved\u0173 kalbos gramatikos pratimai<\/h4>\r\n                        <p>Praktikuokite \u0161ved\u0173 kalbos gramatik\u0105.<\/p>\r\n                    <\/div>\r\n                <\/div>\r\n            <\/div>\r\n        <\/a>\r\n\r\n        \r\n        <a href=\"https:\/\/talkpal.ai\/vocabulary_language\/swedish\/\">\r\n            <div class=\"learnNavigationWrapper\">\r\n                <div class=\"learnNavigationContent\">\r\n                    <img decoding=\"async\" src=\"https:\/\/talkpal.ai\/wp-content\/uploads\/2024\/08\/Swedish.jpg\" alt=\"Swedish Flag\">\r\n                    <div>\r\n                        <h4>\u0160ved\u0173 kalbos \u017eodynas<\/h4>\r\n                        <p>Prapl\u0117skite savo \u0161ved\u0173 kalbos \u017eodyn\u0105.<\/p>\r\n                    <\/div>\r\n                <\/div>\r\n            <\/div>\r\n        <\/a>\r\n\r\n            <\/section>","protected":false},"excerpt":{"rendered":"<p>\u0160ved\u0173 kalbos gramatikos temos \u0160ved\u0173 kalbos, oficialios \u0160vedijos kalbos ir vienos i\u0161 oficiali\u0173 Suomijos kalb\u0173, mokymasis gali b\u016bti naudinga patirtis. Tai ne tik atskleis jums turting\u0105 kult\u016br\u0105 ir istorij\u0105, bet ir palengvins bendravim\u0105 su daugiau nei 10 milijon\u0173 gimtakalbi\u0173. Norint efektyviai mokytis \u0161ved\u0173 kalbos, svarbu suprasti \u012fvairias gramatikos temas ir j\u0173 tarpusavio ry\u0161\u012f. \u0160iame vadove [&hellip;]<\/p>\n","protected":false},"author":6,"featured_media":108276,"parent":0,"menu_order":0,"comment_status":"closed","ping_status":"closed","template":"LearningContentPage.php","meta":{"_acf_changed":false,"footnotes":""},"class_list":["post-133723","page","type-page","status-publish","has-post-thumbnail","hentry"],"acf":[],"yoast_head":"<!-- This site is optimized with the Yoast SEO Premium plugin v27.2 (Yoast SEO v27.2) - https:\/\/yoast.com\/product\/yoast-seo-premium-wordpress\/ -->\n<title>\u0160ved\u0173 kalbos gramatikos pratimai - Talkpal<\/title>\n<meta name=\"description\" content=\"Pagerinkite savo kalbos \u012fg\u016bd\u017eius naudodami \u012fdomius \u0161ved\u0173 kalbos gramatikos pratimus, skirtus vis\u0173 lygi\u0173 besimokantiesiems.\" \/>\n<meta name=\"robots\" content=\"index, follow, max-snippet:-1, max-image-preview:large, max-video-preview:-1\" \/>\n<link rel=\"canonical\" href=\"https:\/\/talkpal.ai\/lt\/svedu-kalbos-gramatikos-pratimai\/\" \/>\n<meta property=\"og:locale\" content=\"lt_LT\" \/>\n<meta property=\"og:type\" content=\"article\" \/>\n<meta property=\"og:title\" content=\"\u0160ved\u0173 kalbos gramatikos pratimai\" \/>\n<meta property=\"og:description\" content=\"\u0160ved\u0173 kalbos gramatikos temos \u0160ved\u0173 kalbos, oficialios \u0160vedijos kalbos ir vienos i\u0161 oficiali\u0173 Suomijos kalb\u0173, mokymasis gali b\u016bti naudinga patirtis. Tai\" \/>\n<meta property=\"og:url\" content=\"https:\/\/talkpal.ai\/lt\/svedu-kalbos-gramatikos-pratimai\/\" \/>\n<meta property=\"og:site_name\" content=\"Talkpal\" \/>\n<meta property=\"article:publisher\" content=\"https:\/\/www.facebook.com\/profile.php?id=100090733639311\" \/>\n<meta property=\"article:modified_time\" content=\"2025-12-17T15:30:05+00:00\" \/>\n<meta property=\"og:image\" content=\"https:\/\/talkpal.ai\/wp-content\/uploads\/2023\/04\/sweden.png\" \/>\n\t<meta property=\"og:image:width\" content=\"512\" \/>\n\t<meta property=\"og:image:height\" content=\"512\" \/>\n\t<meta property=\"og:image:type\" content=\"image\/png\" \/>\n<meta name=\"twitter:card\" content=\"summary_large_image\" \/>\n<meta name=\"twitter:site\" content=\"@talkpalai\" \/>\n<meta name=\"twitter:label1\" content=\"Est. reading time\" \/>\n\t<meta name=\"twitter:data1\" content=\"3 minut\u0117s\" \/>\n<script type=\"application\/ld+json\" class=\"yoast-schema-graph\">{\"@context\":\"https:\/\/schema.org\",\"@graph\":[{\"@type\":\"WebPage\",\"@id\":\"https:\/\/talkpal.ai\/lt\/svedu-kalbos-gramatikos-pratimai\/\",\"url\":\"https:\/\/talkpal.ai\/lt\/svedu-kalbos-gramatikos-pratimai\/\",\"name\":\"\u0160ved\u0173 kalbos gramatikos pratimai - Talkpal\",\"isPartOf\":{\"@id\":\"https:\/\/talkpal.ai\/lt\/#website\"},\"primaryImageOfPage\":{\"@id\":\"https:\/\/talkpal.ai\/lt\/svedu-kalbos-gramatikos-pratimai\/#primaryimage\"},\"image\":{\"@id\":\"https:\/\/talkpal.ai\/lt\/svedu-kalbos-gramatikos-pratimai\/#primaryimage\"},\"thumbnailUrl\":\"https:\/\/talkpal.ai\/wp-content\/uploads\/2023\/04\/sweden.png\",\"datePublished\":\"2023-06-16T10:01:38+00:00\",\"dateModified\":\"2025-12-17T15:30:05+00:00\",\"description\":\"Pagerinkite savo kalbos \u012fg\u016bd\u017eius naudodami \u012fdomius \u0161ved\u0173 kalbos gramatikos pratimus, skirtus vis\u0173 lygi\u0173 besimokantiesiems.\",\"breadcrumb\":{\"@id\":\"https:\/\/talkpal.ai\/lt\/svedu-kalbos-gramatikos-pratimai\/#breadcrumb\"},\"inLanguage\":\"lt-LT\",\"potentialAction\":[{\"@type\":\"ReadAction\",\"target\":[\"https:\/\/talkpal.ai\/lt\/svedu-kalbos-gramatikos-pratimai\/\"]}]},{\"@type\":\"ImageObject\",\"inLanguage\":\"lt-LT\",\"@id\":\"https:\/\/talkpal.ai\/lt\/svedu-kalbos-gramatikos-pratimai\/#primaryimage\",\"url\":\"https:\/\/talkpal.ai\/wp-content\/uploads\/2023\/04\/sweden.png\",\"contentUrl\":\"https:\/\/talkpal.ai\/wp-content\/uploads\/2023\/04\/sweden.png\",\"width\":512,\"height\":512},{\"@type\":\"BreadcrumbList\",\"@id\":\"https:\/\/talkpal.ai\/lt\/svedu-kalbos-gramatikos-pratimai\/#breadcrumb\",\"itemListElement\":[{\"@type\":\"ListItem\",\"position\":1,\"name\":\"Homepage\",\"item\":\"https:\/\/talkpal.ai\/lt\/\"},{\"@type\":\"ListItem\",\"position\":2,\"name\":\"\u0160ved\u0173 kalbos gramatikos pratimai\"}]},{\"@type\":\"WebSite\",\"@id\":\"https:\/\/talkpal.ai\/lt\/#website\",\"url\":\"https:\/\/talkpal.ai\/lt\/\",\"name\":\"Talkpal\",\"description\":\"AI Language Learning\",\"publisher\":{\"@id\":\"https:\/\/talkpal.ai\/lt\/#organization\"},\"alternateName\":\"Talkpal AI\",\"potentialAction\":[{\"@type\":\"SearchAction\",\"target\":{\"@type\":\"EntryPoint\",\"urlTemplate\":\"https:\/\/talkpal.ai\/lt\/?s={search_term_string}\"},\"query-input\":{\"@type\":\"PropertyValueSpecification\",\"valueRequired\":true,\"valueName\":\"search_term_string\"}}],\"inLanguage\":\"lt-LT\"},{\"@type\":\"Organization\",\"@id\":\"https:\/\/talkpal.ai\/lt\/#organization\",\"name\":\"Talkpal, Inc.\",\"alternateName\":\"Talkpal AI\",\"url\":\"https:\/\/talkpal.ai\/lt\/\",\"logo\":{\"@type\":\"ImageObject\",\"inLanguage\":\"lt-LT\",\"@id\":\"https:\/\/talkpal.ai\/lt\/#\/schema\/logo\/image\/\",\"url\":\"https:\/\/talkpal.ai\/wp-content\/uploads\/2024\/03\/Talkpal-Logo-Icon.png\",\"contentUrl\":\"https:\/\/talkpal.ai\/wp-content\/uploads\/2024\/03\/Talkpal-Logo-Icon.png\",\"width\":2880,\"height\":2880,\"caption\":\"Talkpal, Inc.\"},\"image\":{\"@id\":\"https:\/\/talkpal.ai\/lt\/#\/schema\/logo\/image\/\"},\"sameAs\":[\"https:\/\/www.facebook.com\/profile.php?id=100090733639311\",\"https:\/\/x.com\/talkpalai\",\"https:\/\/www.linkedin.com\/company\/talkpal\/\",\"https:\/\/www.youtube.com\/@TalkPal\/\",\"https:\/\/www.tiktok.com\/@talkpal\",\"https:\/\/www.instagram.com\/talkpal_ai\/\",\"https:\/\/www.crunchbase.com\/organization\/talkpal-9cde\",\"https:\/\/www.g2.com\/products\/talkpal-for-business\/\",\"https:\/\/www.trustpilot.com\/review\/talkpal.ai\",\"https:\/\/www.capterra.com\/p\/10006800\/TalkPal\/\"],\"description\":\"Talkpal is a language learning web and mobile education app, powered by the latest AI technologies, that provides engaging experiences to its customers in many different languages to help them improve their language skills. Users can chat about unlimited amount of topics with the app and use other modes to practice their language learning.\",\"email\":\"support@talkpal.ai\",\"legalName\":\"Talkpal, Inc.\",\"foundingDate\":\"2023-04-03\",\"duns\":\"118989042\",\"numberOfEmployees\":{\"@type\":\"QuantitativeValue\",\"minValue\":\"11\",\"maxValue\":\"50\"},\"publishingPrinciples\":\"https:\/\/talkpal.ai\/publishing-principles\/\",\"actionableFeedbackPolicy\":\"https:\/\/talkpal.ai\/actionable-feedback-policy\/\",\"correctionsPolicy\":\"https:\/\/talkpal.ai\/corrections-policy\/\",\"ethicsPolicy\":\"https:\/\/talkpal.ai\/ethics-policy\/\",\"diversityPolicy\":\"https:\/\/talkpal.ai\/diversity-policy\/\",\"diversityStaffingReport\":\"https:\/\/talkpal.ai\/diversity-policy\/\"}]}<\/script>\n<!-- \/ Yoast SEO Premium plugin. -->","yoast_head_json":{"title":"\u0160ved\u0173 kalbos gramatikos pratimai - Talkpal","description":"Pagerinkite savo kalbos \u012fg\u016bd\u017eius naudodami \u012fdomius \u0161ved\u0173 kalbos gramatikos pratimus, skirtus vis\u0173 lygi\u0173 besimokantiesiems.","robots":{"index":"index","follow":"follow","max-snippet":"max-snippet:-1","max-image-preview":"max-image-preview:large","max-video-preview":"max-video-preview:-1"},"canonical":"https:\/\/talkpal.ai\/lt\/svedu-kalbos-gramatikos-pratimai\/","og_locale":"lt_LT","og_type":"article","og_title":"\u0160ved\u0173 kalbos gramatikos pratimai","og_description":"\u0160ved\u0173 kalbos gramatikos temos \u0160ved\u0173 kalbos, oficialios \u0160vedijos kalbos ir vienos i\u0161 oficiali\u0173 Suomijos kalb\u0173, mokymasis gali b\u016bti naudinga patirtis. Tai","og_url":"https:\/\/talkpal.ai\/lt\/svedu-kalbos-gramatikos-pratimai\/","og_site_name":"Talkpal","article_publisher":"https:\/\/www.facebook.com\/profile.php?id=100090733639311","article_modified_time":"2025-12-17T15:30:05+00:00","og_image":[{"width":512,"height":512,"url":"https:\/\/talkpal.ai\/wp-content\/uploads\/2023\/04\/sweden.png","type":"image\/png"}],"twitter_card":"summary_large_image","twitter_site":"@talkpalai","twitter_misc":{"Est. reading time":"3 minut\u0117s"},"schema":{"@context":"https:\/\/schema.org","@graph":[{"@type":"WebPage","@id":"https:\/\/talkpal.ai\/lt\/svedu-kalbos-gramatikos-pratimai\/","url":"https:\/\/talkpal.ai\/lt\/svedu-kalbos-gramatikos-pratimai\/","name":"\u0160ved\u0173 kalbos gramatikos pratimai - Talkpal","isPartOf":{"@id":"https:\/\/talkpal.ai\/lt\/#website"},"primaryImageOfPage":{"@id":"https:\/\/talkpal.ai\/lt\/svedu-kalbos-gramatikos-pratimai\/#primaryimage"},"image":{"@id":"https:\/\/talkpal.ai\/lt\/svedu-kalbos-gramatikos-pratimai\/#primaryimage"},"thumbnailUrl":"https:\/\/talkpal.ai\/wp-content\/uploads\/2023\/04\/sweden.png","datePublished":"2023-06-16T10:01:38+00:00","dateModified":"2025-12-17T15:30:05+00:00","description":"Pagerinkite savo kalbos \u012fg\u016bd\u017eius naudodami \u012fdomius \u0161ved\u0173 kalbos gramatikos pratimus, skirtus vis\u0173 lygi\u0173 besimokantiesiems.","breadcrumb":{"@id":"https:\/\/talkpal.ai\/lt\/svedu-kalbos-gramatikos-pratimai\/#breadcrumb"},"inLanguage":"lt-LT","potentialAction":[{"@type":"ReadAction","target":["https:\/\/talkpal.ai\/lt\/svedu-kalbos-gramatikos-pratimai\/"]}]},{"@type":"ImageObject","inLanguage":"lt-LT","@id":"https:\/\/talkpal.ai\/lt\/svedu-kalbos-gramatikos-pratimai\/#primaryimage","url":"https:\/\/talkpal.ai\/wp-content\/uploads\/2023\/04\/sweden.png","contentUrl":"https:\/\/talkpal.ai\/wp-content\/uploads\/2023\/04\/sweden.png","width":512,"height":512},{"@type":"BreadcrumbList","@id":"https:\/\/talkpal.ai\/lt\/svedu-kalbos-gramatikos-pratimai\/#breadcrumb","itemListElement":[{"@type":"ListItem","position":1,"name":"Homepage","item":"https:\/\/talkpal.ai\/lt\/"},{"@type":"ListItem","position":2,"name":"\u0160ved\u0173 kalbos gramatikos pratimai"}]},{"@type":"WebSite","@id":"https:\/\/talkpal.ai\/lt\/#website","url":"https:\/\/talkpal.ai\/lt\/","name":"Talkpal","description":"AI Language Learning","publisher":{"@id":"https:\/\/talkpal.ai\/lt\/#organization"},"alternateName":"Talkpal AI","potentialAction":[{"@type":"SearchAction","target":{"@type":"EntryPoint","urlTemplate":"https:\/\/talkpal.ai\/lt\/?s={search_term_string}"},"query-input":{"@type":"PropertyValueSpecification","valueRequired":true,"valueName":"search_term_string"}}],"inLanguage":"lt-LT"},{"@type":"Organization","@id":"https:\/\/talkpal.ai\/lt\/#organization","name":"Talkpal, Inc.","alternateName":"Talkpal AI","url":"https:\/\/talkpal.ai\/lt\/","logo":{"@type":"ImageObject","inLanguage":"lt-LT","@id":"https:\/\/talkpal.ai\/lt\/#\/schema\/logo\/image\/","url":"https:\/\/talkpal.ai\/wp-content\/uploads\/2024\/03\/Talkpal-Logo-Icon.png","contentUrl":"https:\/\/talkpal.ai\/wp-content\/uploads\/2024\/03\/Talkpal-Logo-Icon.png","width":2880,"height":2880,"caption":"Talkpal, Inc."},"image":{"@id":"https:\/\/talkpal.ai\/lt\/#\/schema\/logo\/image\/"},"sameAs":["https:\/\/www.facebook.com\/profile.php?id=100090733639311","https:\/\/x.com\/talkpalai","https:\/\/www.linkedin.com\/company\/talkpal\/","https:\/\/www.youtube.com\/@TalkPal\/","https:\/\/www.tiktok.com\/@talkpal","https:\/\/www.instagram.com\/talkpal_ai\/","https:\/\/www.crunchbase.com\/organization\/talkpal-9cde","https:\/\/www.g2.com\/products\/talkpal-for-business\/","https:\/\/www.trustpilot.com\/review\/talkpal.ai","https:\/\/www.capterra.com\/p\/10006800\/TalkPal\/"],"description":"Talkpal is a language learning web and mobile education app, powered by the latest AI technologies, that provides engaging experiences to its customers in many different languages to help them improve their language skills. Users can chat about unlimited amount of topics with the app and use other modes to practice their language learning.","email":"support@talkpal.ai","legalName":"Talkpal, Inc.","foundingDate":"2023-04-03","duns":"118989042","numberOfEmployees":{"@type":"QuantitativeValue","minValue":"11","maxValue":"50"},"publishingPrinciples":"https:\/\/talkpal.ai\/publishing-principles\/","actionableFeedbackPolicy":"https:\/\/talkpal.ai\/actionable-feedback-policy\/","correctionsPolicy":"https:\/\/talkpal.ai\/corrections-policy\/","ethicsPolicy":"https:\/\/talkpal.ai\/ethics-policy\/","diversityPolicy":"https:\/\/talkpal.ai\/diversity-policy\/","diversityStaffingReport":"https:\/\/talkpal.ai\/diversity-policy\/"}]}},"_links":{"self":[{"href":"https:\/\/talkpal.ai\/lt\/wp-json\/wp\/v2\/pages\/133723","targetHints":{"allow":["GET"]}}],"collection":[{"href":"https:\/\/talkpal.ai\/lt\/wp-json\/wp\/v2\/pages"}],"about":[{"href":"https:\/\/talkpal.ai\/lt\/wp-json\/wp\/v2\/types\/page"}],"author":[{"embeddable":true,"href":"https:\/\/talkpal.ai\/lt\/wp-json\/wp\/v2\/users\/6"}],"replies":[{"embeddable":true,"href":"https:\/\/talkpal.ai\/lt\/wp-json\/wp\/v2\/comments?post=133723"}],"version-history":[{"count":0,"href":"https:\/\/talkpal.ai\/lt\/wp-json\/wp\/v2\/pages\/133723\/revisions"}],"wp:featuredmedia":[{"embeddable":true,"href":"https:\/\/talkpal.ai\/lt\/wp-json\/wp\/v2\/media\/108276"}],"wp:attachment":[{"href":"https:\/\/talkpal.ai\/lt\/wp-json\/wp\/v2\/media?parent=133723"}],"curies":[{"name":"wp","href":"https:\/\/api.w.org\/{rel}","templated":true}]}}