{"id":133251,"date":"2023-06-16T09:41:10","date_gmt":"2023-06-16T09:41:10","guid":{"rendered":"http:\/\/talkpal.ai\/olandu-kalbos-gramatikos-pratimai\/"},"modified":"2025-12-17T15:27:56","modified_gmt":"2025-12-17T15:27:56","slug":"olandu-kalbos-gramatikos-pratimai","status":"publish","type":"page","link":"https:\/\/talkpal.ai\/lt\/olandu-kalbos-gramatikos-pratimai\/","title":{"rendered":"Oland\u0173 kalbos gramatikos pratimai"},"content":{"rendered":"\r\n\r\n\r\n<section class=\"languageChallengeSection\">\r\n    <div class=\"languageInfoWrapper\">\r\n        \r\n        <h1>Oland\u0173 kalbos gramatikos pratimai<\/h1>\r\n        <p>Norite geriau pasitik\u0117ti savimi kalb\u0117dami olandi\u0161kai? Gramatikos pratimai &#8211; puikus b\u016bdas \u012fsisavinti sakinio strukt\u016br\u0105, veiksma\u017eod\u017ei\u0173 junginius ir unikalius <a href=\"https:\/\/talkpal.ai\/lt\/ismok-olandu-kalba\/\">oland\u0173 kalbos<\/a> modelius. Prad\u0117kite mokytis <a href=\"https:\/\/talkpal.ai\/learn-dutch\/\">oland\u0173<\/a> <a href=\"https:\/\/talkpal.ai\/what-language-is-spoken-on-the-international-space-station\/\">kalbos<\/a> gramatikos \u0161iandien ir steb\u0117kite, kaip su kiekvienu pratimu auga j\u016bs\u0173 \u012fg\u016bd\u017eiai ir sklandumas!\n\n<\/p>\r\n\r\n                            <a class=\"getStartedHidden\" href=\"https:\/\/app.talkpal.ai\/lt\/signup?lng=\">Prad\u0117k<\/a>\r\n        \r\n    <\/div>\r\n\r\n    <figure>\r\n    <img decoding=\"async\" width=\"768\" height=\"768\" src=\"https:\/\/talkpal.ai\/wp-content\/uploads\/2023\/06\/Dutch-768x768.png\" class=\"languageImage no-lazy\" alt=\"Developing skills through language learning\" fetchpriority=\"high\" sizes=\"(max-width: 768px) 150px, 768px\" srcset=\"https:\/\/talkpal.ai\/wp-content\/uploads\/2023\/06\/Dutch-768x768.png 768w, https:\/\/talkpal.ai\/wp-content\/uploads\/2023\/06\/Dutch-300x300.png 300w\" \/>\r\n    \r\n\r\n    <\/figure>\r\n\r\n            <a class=\"getStartedVisible\" href=\"https:\/\/app.talkpal.ai\/lt\/signup?lng=\">Prad\u0117k<\/a>\r\n    \r\n<\/section>\r\n\r\n\r\n<!-- <section class=\"grammarSection\">\r\n    <div class=\"grammarLinks\">\r\n            <\/div>\r\n<\/section> -->\r\n\r\n\r\n\r\n\r\n<section class=\"promotionalBanner\">\r\n    <p class=\"promotionalText\">Efektyviausias b\u016bdas mokytis kalbos<\/p>\r\n    <a class=\"promotionalLink\" href=\"https:\/\/app.talkpal.ai\/lt\/signup?lng=\">I\u0161bandykite Talkpal &#8221; nemokamai<\/a>\r\n<\/section>\n<div class=\"wp-block-group pageContainerStyle\"><div class=\"wp-block-group__inner-container is-layout-constrained wp-block-group-is-layout-constrained\">\n<h2 class=\"wp-block-heading\" id=\"h-dutch-grammar-topics\">Oland\u0173 kalbos gramatikos temos<\/h2>\n\n\n\n<p><a href=\"https:\/\/talkpal.ai\/learn-dutch\/\">Oland\u0173<\/a> kalbos <a href=\"https:\/\/talkpal.ai\/lt\/mokymasis\/\">mokymasis<\/a> gali b\u016bti \u012fdomi ir naudinga patirtis, nes <a href=\"https:\/\/talkpal.ai\/learn-thai\/\">tai<\/a> atveria duris \u012f turting\u0105 kult\u016br\u0105, istorij\u0105 ir asmeninio bei profesinio augimo galimybes. Oland\u0173 kalba, nors ir glaud\u017eiai susijusi su <a href=\"https:\/\/talkpal.ai\/learn-english-with-ai\/\">angl\u0173<\/a> ir vokie\u010di\u0173 kalbomis, turi savo unikalias gramatikos taisykles ir strukt\u016br\u0105, kuri i\u0161 prad\u017ei\u0173 gali atrodyti sud\u0117tinga. Ta\u010diau su atsidavimu ir teisingu po\u017ei\u016briu galite \u012fvaldyti oland\u0173 kalb\u0105 ir laisvai bendrauti su gimt\u0105ja kalba. \u0160iame vadove i\u0161nagrin\u0117sime kelet\u0105 esmini\u0173 oland\u0173 kalbos gramatikos tem\u0173, sugrupuot\u0173 \u012f sek\u0105, kuri pad\u0117s sistemingai ir efektyviai i\u0161mokti kalb\u0105.<\/p>\n\n\n\n<h3 class=\"wp-block-heading\" id=\"h-1-nouns-and-articles\">1. Daiktavard\u017eiai ir straipsniai:<\/h3>\n\n\n\n<p>Prad\u0117kite susipa\u017eindami su oland\u0173 kalbos daiktavard\u017eiais ir j\u0173 lyties klasifikacija (bendra ir neuter). Su\u017einokite apie apibr\u0117\u017etus ir neapibr\u0117\u017etus straipsnius, kurie juos lydi, taip pat daugiskaitos formas ir ma\u017eybines gal\u016bnes.<\/p>\n\n\n\n<h3 class=\"wp-block-heading\" id=\"h-2-adjectives\">2. B\u016bdvard\u017eiai:<\/h3>\n\n\n\n<p>Toliau i\u0161nagrin\u0117kite b\u016bdvard\u017ei\u0173 susitarimo su daiktavard\u017eiais taisykles pagal lyt\u012f, skai\u010di\u0173 ir tam tikr\u0173 straipsni\u0173 buvim\u0105. Su\u017einokite, kaip, remiantis \u0161iais veiksniais, pasirenkami b\u016bdvard\u017eiai ir kaip naudoti lyginam\u0105sias ir papildomas formas.<\/p>\n\n\n\n<h3 class=\"wp-block-heading\" id=\"h-3-pronouns\">3. \u012evard\u017eiai:<\/h3>\n\n\n\n<p>Pasinerkite \u012f oland\u0173 \u012fvard\u017ei\u0173 pasaul\u012f, \u012fskaitant asmeninius, savininki\u0161kus, demonstratyvius, refleksyvius ir santykinius \u012fvard\u017eius. Suprasti, kaip jie pakei\u010dia daiktavard\u017eius ir kaip jie sutinka su jais lyties ir skai\u010diaus po\u017ei\u016briu.<\/p>\n\n\n\n<h3 class=\"wp-block-heading\" id=\"h-4-verbs\">4. Veiksma\u017eod\u017eiai:<\/h3>\n\n\n\n<p>Dabar sutelkite d\u0117mes\u012f \u012f oland\u0173 veiksma\u017eod\u017eius ir j\u0173 konjugacijos modelius dabartyje, praeityje ir ateityje. Su\u017einokite skirtum\u0105 tarp stipri\u0173, silpn\u0173 ir netaisykling\u0173 veiksma\u017eod\u017ei\u0173 ir susipa\u017einkite su tobul\u0173 ir pluperfekt\u0173 laik\u0173 formavimo taisykl\u0117mis.<\/p>\n\n\n\n<h3 class=\"wp-block-heading\" id=\"h-5-tenses-indicative\">5. Laikai orientaciniai:<\/h3>\n\n\n\n<p>I\u0161nagrin\u0117kite orientacin\u0119 nuotaik\u0105 oland\u0173 kalba, kuri naudojama fakt\u0173 ir tikimybi\u0173 parei\u0161kimams i\u0161reik\u0161ti. Su\u017einokite, kaip konjuguoti veiksma\u017eod\u017eius dabartyje, praeityje ir ateityje \u0161ioje nuotaikoje, taip pat s\u0105lygin\u0117se ir imperatyviose formose.<\/p>\n\n\n\n<h3 class=\"wp-block-heading\" id=\"h-6-tenses-subjunctive\">6. Laik\u0173 subjunkcija:<\/h3>\n\n\n\n<p>Nors \u0161iuolaikin\u0117je oland\u0173 kalboje ma\u017eiau paplitusi, subjunkcin\u0117 nuotaika yra b\u016btina norint suprasti senesnius tekstus ir oficiali\u0105 kalb\u0105. Su\u017einokite, kaip formuoti subjunkcin\u0119 nuotaik\u0105 oland\u0173 kalba ir kada j\u0105 naudoti.<\/p>\n\n\n\n<h3 class=\"wp-block-heading\" id=\"h-7-tense-comparison\">7. \u012etemptas palyginimas:<\/h3>\n\n\n\n<p>\u012evald\u0119 \u012fvairius laikus, sutelkite d\u0117mes\u012f \u012f j\u0173 skirtum\u0173 ir pana\u0161um\u0173 supratim\u0105. Su\u017einokite, kaip tinkamai naudoti kiekvien\u0105 \u012ftamp\u0105 kontekste ir kaip jie s\u0105veikauja tarpusavyje.<\/p>\n\n\n\n<h3 class=\"wp-block-heading\" id=\"h-8-adverbs\">8. Prieveiksmiai:<\/h3>\n\n\n\n<p>Studijuokite oland\u0173 prieveiksmius ir j\u0173 \u012fvairias funkcijas sakiniuose. Su\u017einokite, kaip formuoti prieveiksmius i\u0161 b\u016bdvard\u017ei\u0173 ir kaip juos naudoti norint modifikuoti veiksma\u017eod\u017eius, b\u016bdvard\u017eius ir kitus prieveiksmius.<\/p>\n\n\n\n<h3 class=\"wp-block-heading\" id=\"h-9-prepositions\">9. Prielinksniai:<\/h3>\n\n\n\n<p>Pl\u0117toti tvirt\u0105 supratim\u0105 apie oland\u0173 prielinksnius ir j\u0173 vartojim\u0105 su daiktavard\u017eiais, \u012fvard\u017eiais ir veiksma\u017eod\u017eiais. Su\u017einokite, kaip jie i\u0161rei\u0161kia santykius laike, erdv\u0117je ir kituose kontekstuose.<\/p>\n\n\n\n<h3 class=\"wp-block-heading\" id=\"h-10-sentence-structure\">10. Sakinio strukt\u016bra:<\/h3>\n\n\n\n<p>Galiausiai visa tai sujungkite studijuodami oland\u0173 sakini\u0173 strukt\u016br\u0105 ir \u017eod\u017ei\u0173 tvark\u0105. Su\u017einokite paprast\u0173 ir sud\u0117ting\u0173 sakini\u0173, \u012fskaitant deklaratyvius, klausiamuosius, imperatyvius ir \u0161aukiamuosius sakinius, sudarymo taisykles.<\/p>\n\n\n\n<p>Laikydamiesi \u0161ios gramatikos tem\u0173 sekos ir skirdami laiko praktikai bei per\u017ei\u016brai, jums bus gerai i\u0161mokti oland\u0173 kalb\u0105. Atminkite, kad nuoseklumas ir kantryb\u0117 yra labai svarb\u016bs mokantis bet kokios naujos kalbos. S\u0117km\u0117s ir m\u0117gaukit\u0117s kelione!<\/p>\n<\/div><\/div>\n\r\n<section class=\"learnNavigationSection\">\r\n            \r\n        <a href=\"https:\/\/talkpal.ai\/lt\/ismok-olandu-kalba\/\">\r\n            <div class=\"learnNavigationWrapper\">\r\n                <div class=\"learnNavigationContent\">\r\n                    <img decoding=\"async\" src=\"https:\/\/talkpal.ai\/wp-content\/uploads\/2024\/08\/Dutch.jpg\" alt=\"Netherlands Flag\">\r\n                    <div>\r\n                        <h4>Apie mokym\u0105si oland\u0173 kalba<\/h4>\r\n                        <p>Su\u017einokite visk\u0105 apie oland\u0173 kalbos gramatik\u0105.<\/p>\r\n                    <\/div>\r\n                <\/div>\r\n            <\/div>\r\n        <\/a>\r\n\r\n        \r\n        <a href=\"https:\/\/talkpal.ai\/lt\/olandu-kalbos-gramatika\/\">\r\n            <div class=\"learnNavigationWrapper\">\r\n                <div class=\"learnNavigationContent\">\r\n                    <img decoding=\"async\" src=\"https:\/\/talkpal.ai\/wp-content\/uploads\/2024\/08\/Dutch.jpg\" alt=\"Netherlands Flag\">\r\n                    <div>\r\n                        <h4>Oland\u0173 kalbos gramatikos pamokos<\/h4>\r\n                        <p>Praktikuokite oland\u0173 kalbos gramatik\u0105.<\/p>\r\n                    <\/div>\r\n                <\/div>\r\n            <\/div>\r\n        <\/a>\r\n\r\n        \r\n        <a href=\"https:\/\/talkpal.ai\/vocabulary_language\/dutch\/\">\r\n            <div class=\"learnNavigationWrapper\">\r\n                <div class=\"learnNavigationContent\">\r\n                    <img decoding=\"async\" src=\"https:\/\/talkpal.ai\/wp-content\/uploads\/2024\/08\/Dutch.jpg\" alt=\"Netherlands Flag\">\r\n                    <div>\r\n                        <h4>Oland\u0173 kalbos \u017eodynas<\/h4>\r\n                        <p>Prapl\u0117skite savo oland\u0173 kalbos \u017eodyn\u0105.<\/p>\r\n                    <\/div>\r\n                <\/div>\r\n            <\/div>\r\n        <\/a>\r\n\r\n            <\/section>","protected":false},"excerpt":{"rendered":"<p>Oland\u0173 kalbos gramatikos temos Oland\u0173 kalbos mokymasis gali b\u016bti \u012fdomi ir naudinga patirtis, nes tai atveria duris \u012f turting\u0105 kult\u016br\u0105, istorij\u0105 ir asmeninio bei profesinio augimo galimybes. Oland\u0173 kalba, nors ir glaud\u017eiai susijusi su angl\u0173 ir vokie\u010di\u0173 kalbomis, turi savo unikalias gramatikos taisykles ir strukt\u016br\u0105, kuri i\u0161 prad\u017ei\u0173 gali atrodyti sud\u0117tinga. Ta\u010diau su atsidavimu ir [&hellip;]<\/p>\n","protected":false},"author":6,"featured_media":106309,"parent":0,"menu_order":0,"comment_status":"closed","ping_status":"closed","template":"LearningContentPage.php","meta":{"_acf_changed":false,"footnotes":""},"class_list":["post-133251","page","type-page","status-publish","has-post-thumbnail","hentry"],"acf":[],"yoast_head":"<!-- This site is optimized with the Yoast SEO Premium plugin v27.2 (Yoast SEO v27.2) - https:\/\/yoast.com\/product\/yoast-seo-premium-wordpress\/ -->\n<title>Oland\u0173 kalbos gramatikos pratimai - Talkpal<\/title>\n<meta name=\"description\" content=\"Pagerinkite savo kalbos \u012fg\u016bd\u017eius naudodami interaktyvius oland\u0173 kalbos gramatikos pratimus i\u0161 Talkpal, j\u016bs\u0173 dirbtinio intelekto valdomu kalbos korepetitoriumi.\" \/>\n<meta name=\"robots\" content=\"index, follow, max-snippet:-1, max-image-preview:large, max-video-preview:-1\" \/>\n<link rel=\"canonical\" href=\"https:\/\/talkpal.ai\/lt\/olandu-kalbos-gramatikos-pratimai\/\" \/>\n<meta property=\"og:locale\" content=\"lt_LT\" \/>\n<meta property=\"og:type\" content=\"article\" \/>\n<meta property=\"og:title\" content=\"Oland\u0173 kalbos gramatikos pratimai\" \/>\n<meta property=\"og:description\" content=\"Oland\u0173 kalbos gramatikos temos Oland\u0173 kalbos mokymasis gali b\u016bti \u012fdomi ir naudinga patirtis, nes tai atveria duris \u012f turting\u0105 kult\u016br\u0105, istorij\u0105 ir\" \/>\n<meta property=\"og:url\" content=\"https:\/\/talkpal.ai\/lt\/olandu-kalbos-gramatikos-pratimai\/\" \/>\n<meta property=\"og:site_name\" content=\"Talkpal\" \/>\n<meta property=\"article:publisher\" content=\"https:\/\/www.facebook.com\/profile.php?id=100090733639311\" \/>\n<meta property=\"article:modified_time\" content=\"2025-12-17T15:27:56+00:00\" \/>\n<meta property=\"og:image\" content=\"https:\/\/talkpal.ai\/wp-content\/uploads\/2023\/04\/netherlands-dutch.png\" \/>\n\t<meta property=\"og:image:width\" content=\"512\" \/>\n\t<meta property=\"og:image:height\" content=\"512\" \/>\n\t<meta property=\"og:image:type\" content=\"image\/png\" \/>\n<meta name=\"twitter:card\" content=\"summary_large_image\" \/>\n<meta name=\"twitter:site\" content=\"@talkpalai\" \/>\n<meta name=\"twitter:label1\" content=\"Est. reading time\" \/>\n\t<meta name=\"twitter:data1\" content=\"3 minut\u0117s\" \/>\n<script type=\"application\/ld+json\" class=\"yoast-schema-graph\">{\"@context\":\"https:\/\/schema.org\",\"@graph\":[{\"@type\":\"WebPage\",\"@id\":\"https:\/\/talkpal.ai\/lt\/olandu-kalbos-gramatikos-pratimai\/\",\"url\":\"https:\/\/talkpal.ai\/lt\/olandu-kalbos-gramatikos-pratimai\/\",\"name\":\"Oland\u0173 kalbos gramatikos pratimai - Talkpal\",\"isPartOf\":{\"@id\":\"https:\/\/talkpal.ai\/lt\/#website\"},\"primaryImageOfPage\":{\"@id\":\"https:\/\/talkpal.ai\/lt\/olandu-kalbos-gramatikos-pratimai\/#primaryimage\"},\"image\":{\"@id\":\"https:\/\/talkpal.ai\/lt\/olandu-kalbos-gramatikos-pratimai\/#primaryimage\"},\"thumbnailUrl\":\"https:\/\/talkpal.ai\/wp-content\/uploads\/2023\/04\/netherlands-dutch.png\",\"datePublished\":\"2023-06-16T09:41:10+00:00\",\"dateModified\":\"2025-12-17T15:27:56+00:00\",\"description\":\"Pagerinkite savo kalbos \u012fg\u016bd\u017eius naudodami interaktyvius oland\u0173 kalbos gramatikos pratimus i\u0161 Talkpal, j\u016bs\u0173 dirbtinio intelekto valdomu kalbos korepetitoriumi.\",\"breadcrumb\":{\"@id\":\"https:\/\/talkpal.ai\/lt\/olandu-kalbos-gramatikos-pratimai\/#breadcrumb\"},\"inLanguage\":\"lt-LT\",\"potentialAction\":[{\"@type\":\"ReadAction\",\"target\":[\"https:\/\/talkpal.ai\/lt\/olandu-kalbos-gramatikos-pratimai\/\"]}]},{\"@type\":\"ImageObject\",\"inLanguage\":\"lt-LT\",\"@id\":\"https:\/\/talkpal.ai\/lt\/olandu-kalbos-gramatikos-pratimai\/#primaryimage\",\"url\":\"https:\/\/talkpal.ai\/wp-content\/uploads\/2023\/04\/netherlands-dutch.png\",\"contentUrl\":\"https:\/\/talkpal.ai\/wp-content\/uploads\/2023\/04\/netherlands-dutch.png\",\"width\":512,\"height\":512},{\"@type\":\"BreadcrumbList\",\"@id\":\"https:\/\/talkpal.ai\/lt\/olandu-kalbos-gramatikos-pratimai\/#breadcrumb\",\"itemListElement\":[{\"@type\":\"ListItem\",\"position\":1,\"name\":\"Homepage\",\"item\":\"https:\/\/talkpal.ai\/lt\/\"},{\"@type\":\"ListItem\",\"position\":2,\"name\":\"Oland\u0173 kalbos gramatikos pratimai\"}]},{\"@type\":\"WebSite\",\"@id\":\"https:\/\/talkpal.ai\/lt\/#website\",\"url\":\"https:\/\/talkpal.ai\/lt\/\",\"name\":\"Talkpal\",\"description\":\"AI Language Learning\",\"publisher\":{\"@id\":\"https:\/\/talkpal.ai\/lt\/#organization\"},\"alternateName\":\"Talkpal AI\",\"potentialAction\":[{\"@type\":\"SearchAction\",\"target\":{\"@type\":\"EntryPoint\",\"urlTemplate\":\"https:\/\/talkpal.ai\/lt\/?s={search_term_string}\"},\"query-input\":{\"@type\":\"PropertyValueSpecification\",\"valueRequired\":true,\"valueName\":\"search_term_string\"}}],\"inLanguage\":\"lt-LT\"},{\"@type\":\"Organization\",\"@id\":\"https:\/\/talkpal.ai\/lt\/#organization\",\"name\":\"Talkpal, Inc.\",\"alternateName\":\"Talkpal AI\",\"url\":\"https:\/\/talkpal.ai\/lt\/\",\"logo\":{\"@type\":\"ImageObject\",\"inLanguage\":\"lt-LT\",\"@id\":\"https:\/\/talkpal.ai\/lt\/#\/schema\/logo\/image\/\",\"url\":\"https:\/\/talkpal.ai\/wp-content\/uploads\/2024\/03\/Talkpal-Logo-Icon.png\",\"contentUrl\":\"https:\/\/talkpal.ai\/wp-content\/uploads\/2024\/03\/Talkpal-Logo-Icon.png\",\"width\":2880,\"height\":2880,\"caption\":\"Talkpal, Inc.\"},\"image\":{\"@id\":\"https:\/\/talkpal.ai\/lt\/#\/schema\/logo\/image\/\"},\"sameAs\":[\"https:\/\/www.facebook.com\/profile.php?id=100090733639311\",\"https:\/\/x.com\/talkpalai\",\"https:\/\/www.linkedin.com\/company\/talkpal\/\",\"https:\/\/www.youtube.com\/@TalkPal\/\",\"https:\/\/www.tiktok.com\/@talkpal\",\"https:\/\/www.instagram.com\/talkpal_ai\/\",\"https:\/\/www.crunchbase.com\/organization\/talkpal-9cde\",\"https:\/\/www.g2.com\/products\/talkpal-for-business\/\",\"https:\/\/www.trustpilot.com\/review\/talkpal.ai\",\"https:\/\/www.capterra.com\/p\/10006800\/TalkPal\/\"],\"description\":\"Talkpal is a language learning web and mobile education app, powered by the latest AI technologies, that provides engaging experiences to its customers in many different languages to help them improve their language skills. Users can chat about unlimited amount of topics with the app and use other modes to practice their language learning.\",\"email\":\"support@talkpal.ai\",\"legalName\":\"Talkpal, Inc.\",\"foundingDate\":\"2023-04-03\",\"duns\":\"118989042\",\"numberOfEmployees\":{\"@type\":\"QuantitativeValue\",\"minValue\":\"11\",\"maxValue\":\"50\"},\"publishingPrinciples\":\"https:\/\/talkpal.ai\/publishing-principles\/\",\"actionableFeedbackPolicy\":\"https:\/\/talkpal.ai\/actionable-feedback-policy\/\",\"correctionsPolicy\":\"https:\/\/talkpal.ai\/corrections-policy\/\",\"ethicsPolicy\":\"https:\/\/talkpal.ai\/ethics-policy\/\",\"diversityPolicy\":\"https:\/\/talkpal.ai\/diversity-policy\/\",\"diversityStaffingReport\":\"https:\/\/talkpal.ai\/diversity-policy\/\"}]}<\/script>\n<!-- \/ Yoast SEO Premium plugin. -->","yoast_head_json":{"title":"Oland\u0173 kalbos gramatikos pratimai - Talkpal","description":"Pagerinkite savo kalbos \u012fg\u016bd\u017eius naudodami interaktyvius oland\u0173 kalbos gramatikos pratimus i\u0161 Talkpal, j\u016bs\u0173 dirbtinio intelekto valdomu kalbos korepetitoriumi.","robots":{"index":"index","follow":"follow","max-snippet":"max-snippet:-1","max-image-preview":"max-image-preview:large","max-video-preview":"max-video-preview:-1"},"canonical":"https:\/\/talkpal.ai\/lt\/olandu-kalbos-gramatikos-pratimai\/","og_locale":"lt_LT","og_type":"article","og_title":"Oland\u0173 kalbos gramatikos pratimai","og_description":"Oland\u0173 kalbos gramatikos temos Oland\u0173 kalbos mokymasis gali b\u016bti \u012fdomi ir naudinga patirtis, nes tai atveria duris \u012f turting\u0105 kult\u016br\u0105, istorij\u0105 ir","og_url":"https:\/\/talkpal.ai\/lt\/olandu-kalbos-gramatikos-pratimai\/","og_site_name":"Talkpal","article_publisher":"https:\/\/www.facebook.com\/profile.php?id=100090733639311","article_modified_time":"2025-12-17T15:27:56+00:00","og_image":[{"width":512,"height":512,"url":"https:\/\/talkpal.ai\/wp-content\/uploads\/2023\/04\/netherlands-dutch.png","type":"image\/png"}],"twitter_card":"summary_large_image","twitter_site":"@talkpalai","twitter_misc":{"Est. reading time":"3 minut\u0117s"},"schema":{"@context":"https:\/\/schema.org","@graph":[{"@type":"WebPage","@id":"https:\/\/talkpal.ai\/lt\/olandu-kalbos-gramatikos-pratimai\/","url":"https:\/\/talkpal.ai\/lt\/olandu-kalbos-gramatikos-pratimai\/","name":"Oland\u0173 kalbos gramatikos pratimai - Talkpal","isPartOf":{"@id":"https:\/\/talkpal.ai\/lt\/#website"},"primaryImageOfPage":{"@id":"https:\/\/talkpal.ai\/lt\/olandu-kalbos-gramatikos-pratimai\/#primaryimage"},"image":{"@id":"https:\/\/talkpal.ai\/lt\/olandu-kalbos-gramatikos-pratimai\/#primaryimage"},"thumbnailUrl":"https:\/\/talkpal.ai\/wp-content\/uploads\/2023\/04\/netherlands-dutch.png","datePublished":"2023-06-16T09:41:10+00:00","dateModified":"2025-12-17T15:27:56+00:00","description":"Pagerinkite savo kalbos \u012fg\u016bd\u017eius naudodami interaktyvius oland\u0173 kalbos gramatikos pratimus i\u0161 Talkpal, j\u016bs\u0173 dirbtinio intelekto valdomu kalbos korepetitoriumi.","breadcrumb":{"@id":"https:\/\/talkpal.ai\/lt\/olandu-kalbos-gramatikos-pratimai\/#breadcrumb"},"inLanguage":"lt-LT","potentialAction":[{"@type":"ReadAction","target":["https:\/\/talkpal.ai\/lt\/olandu-kalbos-gramatikos-pratimai\/"]}]},{"@type":"ImageObject","inLanguage":"lt-LT","@id":"https:\/\/talkpal.ai\/lt\/olandu-kalbos-gramatikos-pratimai\/#primaryimage","url":"https:\/\/talkpal.ai\/wp-content\/uploads\/2023\/04\/netherlands-dutch.png","contentUrl":"https:\/\/talkpal.ai\/wp-content\/uploads\/2023\/04\/netherlands-dutch.png","width":512,"height":512},{"@type":"BreadcrumbList","@id":"https:\/\/talkpal.ai\/lt\/olandu-kalbos-gramatikos-pratimai\/#breadcrumb","itemListElement":[{"@type":"ListItem","position":1,"name":"Homepage","item":"https:\/\/talkpal.ai\/lt\/"},{"@type":"ListItem","position":2,"name":"Oland\u0173 kalbos gramatikos pratimai"}]},{"@type":"WebSite","@id":"https:\/\/talkpal.ai\/lt\/#website","url":"https:\/\/talkpal.ai\/lt\/","name":"Talkpal","description":"AI Language Learning","publisher":{"@id":"https:\/\/talkpal.ai\/lt\/#organization"},"alternateName":"Talkpal AI","potentialAction":[{"@type":"SearchAction","target":{"@type":"EntryPoint","urlTemplate":"https:\/\/talkpal.ai\/lt\/?s={search_term_string}"},"query-input":{"@type":"PropertyValueSpecification","valueRequired":true,"valueName":"search_term_string"}}],"inLanguage":"lt-LT"},{"@type":"Organization","@id":"https:\/\/talkpal.ai\/lt\/#organization","name":"Talkpal, Inc.","alternateName":"Talkpal AI","url":"https:\/\/talkpal.ai\/lt\/","logo":{"@type":"ImageObject","inLanguage":"lt-LT","@id":"https:\/\/talkpal.ai\/lt\/#\/schema\/logo\/image\/","url":"https:\/\/talkpal.ai\/wp-content\/uploads\/2024\/03\/Talkpal-Logo-Icon.png","contentUrl":"https:\/\/talkpal.ai\/wp-content\/uploads\/2024\/03\/Talkpal-Logo-Icon.png","width":2880,"height":2880,"caption":"Talkpal, Inc."},"image":{"@id":"https:\/\/talkpal.ai\/lt\/#\/schema\/logo\/image\/"},"sameAs":["https:\/\/www.facebook.com\/profile.php?id=100090733639311","https:\/\/x.com\/talkpalai","https:\/\/www.linkedin.com\/company\/talkpal\/","https:\/\/www.youtube.com\/@TalkPal\/","https:\/\/www.tiktok.com\/@talkpal","https:\/\/www.instagram.com\/talkpal_ai\/","https:\/\/www.crunchbase.com\/organization\/talkpal-9cde","https:\/\/www.g2.com\/products\/talkpal-for-business\/","https:\/\/www.trustpilot.com\/review\/talkpal.ai","https:\/\/www.capterra.com\/p\/10006800\/TalkPal\/"],"description":"Talkpal is a language learning web and mobile education app, powered by the latest AI technologies, that provides engaging experiences to its customers in many different languages to help them improve their language skills. Users can chat about unlimited amount of topics with the app and use other modes to practice their language learning.","email":"support@talkpal.ai","legalName":"Talkpal, Inc.","foundingDate":"2023-04-03","duns":"118989042","numberOfEmployees":{"@type":"QuantitativeValue","minValue":"11","maxValue":"50"},"publishingPrinciples":"https:\/\/talkpal.ai\/publishing-principles\/","actionableFeedbackPolicy":"https:\/\/talkpal.ai\/actionable-feedback-policy\/","correctionsPolicy":"https:\/\/talkpal.ai\/corrections-policy\/","ethicsPolicy":"https:\/\/talkpal.ai\/ethics-policy\/","diversityPolicy":"https:\/\/talkpal.ai\/diversity-policy\/","diversityStaffingReport":"https:\/\/talkpal.ai\/diversity-policy\/"}]}},"_links":{"self":[{"href":"https:\/\/talkpal.ai\/lt\/wp-json\/wp\/v2\/pages\/133251","targetHints":{"allow":["GET"]}}],"collection":[{"href":"https:\/\/talkpal.ai\/lt\/wp-json\/wp\/v2\/pages"}],"about":[{"href":"https:\/\/talkpal.ai\/lt\/wp-json\/wp\/v2\/types\/page"}],"author":[{"embeddable":true,"href":"https:\/\/talkpal.ai\/lt\/wp-json\/wp\/v2\/users\/6"}],"replies":[{"embeddable":true,"href":"https:\/\/talkpal.ai\/lt\/wp-json\/wp\/v2\/comments?post=133251"}],"version-history":[{"count":0,"href":"https:\/\/talkpal.ai\/lt\/wp-json\/wp\/v2\/pages\/133251\/revisions"}],"wp:featuredmedia":[{"embeddable":true,"href":"https:\/\/talkpal.ai\/lt\/wp-json\/wp\/v2\/media\/106309"}],"wp:attachment":[{"href":"https:\/\/talkpal.ai\/lt\/wp-json\/wp\/v2\/media?parent=133251"}],"curies":[{"name":"wp","href":"https:\/\/api.w.org\/{rel}","templated":true}]}}