{"id":132929,"date":"2023-06-16T09:39:29","date_gmt":"2023-06-16T09:39:29","guid":{"rendered":"http:\/\/talkpal.ai\/kinu-kalbos-gramatikos-pratimai\/"},"modified":"2025-05-22T21:24:51","modified_gmt":"2025-05-22T21:24:51","slug":"kinu-kalbos-gramatikos-pratimai","status":"publish","type":"page","link":"https:\/\/talkpal.ai\/lt\/kinu-kalbos-gramatikos-pratimai\/","title":{"rendered":"Kin\u0173 kalbos gramatikos pratimai"},"content":{"rendered":"\r\n\r\n\r\n<section class=\"languageChallengeSection\">\r\n    <div class=\"languageInfoWrapper\">\r\n        \r\n        <h1>Kin\u0173 kalbos gramatikos pratimai<\/h1>\r\n        <p>Norite patobulinti <a href=\"https:\/\/talkpal.ai\/lt\/mokykites-kinu-kalbos\/\">kin\u0173 kalbos<\/a> \u012fg\u016bd\u017eius? Gramatikos pratimai pad\u0117s suprasti sakinio strukt\u016br\u0105, \u012fsisavinti esminius modelius ir sustiprinti pasitik\u0117jim\u0105 savimi kasdieniuose pokalbiuose. Prad\u0117kite praktikuoti <a href=\"https:\/\/talkpal.ai\/learn-chinese\/\">kin\u0173<\/a> <a href=\"https:\/\/talkpal.ai\/what-language-is-spoken-on-the-international-space-station\/\">kalbos<\/a> gramatik\u0105 \u0161iandien ir su kiekvienu pratimu \u017eenkite tvirtus \u017eingsnius sklandaus kalb\u0117jimo link!<\/p>\r\n\r\n                            <a class=\"getStartedHidden\" href=\"https:\/\/app.talkpal.ai\/lt\/signup?lng=\">Prad\u0117k<\/a>\r\n        \r\n    <\/div>\r\n\r\n    <figure>\r\n    <img decoding=\"async\" width=\"768\" height=\"768\" src=\"https:\/\/talkpal.ai\/wp-content\/uploads\/2023\/06\/chinese-768x768.png\" class=\"languageImage no-lazy\" alt=\"Language learning for flexible communication\" fetchpriority=\"high\" sizes=\"(max-width: 768px) 150px, 768px\" srcset=\"https:\/\/talkpal.ai\/wp-content\/uploads\/2023\/06\/chinese-768x768.png 768w, https:\/\/talkpal.ai\/wp-content\/uploads\/2023\/06\/chinese-300x300.png 300w\" \/>\r\n    \r\n\r\n    <\/figure>\r\n\r\n            <a class=\"getStartedVisible\" href=\"https:\/\/app.talkpal.ai\/lt\/signup?lng=\">Prad\u0117k<\/a>\r\n    \r\n<\/section>\r\n\r\n\r\n<!-- <section class=\"grammarSection\">\r\n    <div class=\"grammarLinks\">\r\n            <\/div>\r\n<\/section> -->\r\n\r\n\r\n\r\n\r\n<section class=\"promotionalBanner\">\r\n    <p class=\"promotionalText\">Efektyviausias b\u016bdas mokytis kalbos<\/p>\r\n    <a class=\"promotionalLink\" href=\"https:\/\/app.talkpal.ai\/lt\/signup?lng=\">I\u0161bandykite Talkpal &#8221; nemokamai<\/a>\r\n<\/section>\n<div class=\"wp-block-group pageContainerStyle\"><div class=\"wp-block-group__inner-container is-layout-constrained wp-block-group-is-layout-constrained\">\n<h2 class=\"wp-block-heading\" id=\"h-chinese-grammar-topics\">Kin\u0173 kalbos gramatikos temos<\/h2>\n\n\n\n<p><a href=\"https:\/\/talkpal.ai\/learn-chinese\/\">Kin\u0173<\/a> <a href=\"https:\/\/talkpal.ai\/sq\/gramatika\/\">gramatika<\/a> i\u0161 prad\u017ei\u0173 gali atrodyti bauginanti, ta\u010diau ji yra b\u016btina norint \u012fvaldyti kalb\u0105. D\u0117l savo unikalios simboli\u0173 sistemos ir toninio pob\u016bd\u017eio <a href=\"https:\/\/talkpal.ai\/chinese-grammar\/\">kin\u0173 kalbos gramatika<\/a> laikosi kitoki\u0173 taisykli\u0173 nei tokios kalbos kaip <a href=\"https:\/\/talkpal.ai\/learn-english-with-ai\/\">angl\u0173<\/a>. \u0160i\u0173 taisykli\u0173 <a href=\"https:\/\/talkpal.ai\/lt\/mokymasis\/\">mokymasis<\/a> teisinga seka pad\u0117s jums efektyviau mokytis kalb\u0173. \u0160ios temos bus aptartos rekomenduojama mokymosi tvarka: Laikai, veiksma\u017eod\u017eiai, daiktavard\u017eiai, straipsniai, \u012fvard\u017eiai, b\u016bdvard\u017eiai, prieveiksmiai, prielinksniai ir sakinio strukt\u016bra. \u0160iame vadove bus pateikti trumpi kiekvienos temos paai\u0161kinimai, pad\u0117siantys geriau suprasti j\u0173 funkcijas kin\u0173 kalba.<\/p>\n\n\n\n<h3 class=\"wp-block-heading\" id=\"h-1-tenses\">1. Laikai:<\/h3>\n\n\n\n<p>Skirtingai nuo angl\u0173 kalbos, kin\u0173 kalba neturi sud\u0117ting\u0173 veiksma\u017eod\u017ei\u0173 konjugacij\u0173, rodan\u010di\u0173 \u012ftamp\u0105. Vietoj to, jis naudoja laiko \u017eod\u017eius ar daleles, kad parodyt\u0173, kada vyksta veiksmas. Nor\u0117dami i\u0161reik\u0161ti praeities, dabarties ar ateities veiksmus, pirmiausia tur\u0117tum\u0117te susipa\u017einti su \u012fprastais laiko \u017eod\u017eiais, tokiais kaip &#8222;vakar&#8221;, &#8222;\u0161iandien&#8221; ir &#8222;rytoj&#8221;.<\/p>\n\n\n\n<h3 class=\"wp-block-heading\" id=\"h-2-verbs\">2. Veiksma\u017eod\u017eiai:<\/h3>\n\n\n\n<p>Kai suprasite laikus, b\u016btina i\u0161mokti pagrindinius veiksma\u017eod\u017eius kin\u0173 kalba. Veiksma\u017eod\u017eiai yra labai svarb\u016bs, nes jie i\u0161rei\u0161kia veiksmus ir b\u016bsenas, ir jie da\u017enai lieka nepakit\u0119 skirtingais laikais. Sutelkite d\u0117mes\u012f \u012f da\u017eniausiai pasitaikan\u010di\u0173 veiksma\u017eod\u017ei\u0173 mokym\u0105si ir tinkam\u0105 j\u0173 naudojim\u0105.<\/p>\n\n\n\n<h3 class=\"wp-block-heading\" id=\"h-3-nouns\">3. Daiktavard\u017eiai:<\/h3>\n\n\n\n<p>Daiktavard\u017eiai yra kalbos statybiniai blokai, atstovaujantys \u017emon\u0117ms, vietoms, daiktams ar id\u0117joms. Kin\u0173 kalba daiktavard\u017eiai paprastai yra paprasti, ir j\u016bs galite prad\u0117ti mokytis labiausiai paplitusi\u0173 ir nauding\u0173, kad i\u0161pl\u0117stum\u0117te savo \u017eodyn\u0105.<\/p>\n\n\n\n<h3 class=\"wp-block-heading\" id=\"h-4-articles\">4. Straipsniai:<\/h3>\n\n\n\n<p>Kin\u0173 kalboje n\u0117ra toki\u0173 straipsni\u0173 kaip angli\u0161ki &#8222;a&#8221; ar &#8222;the&#8221;. Ta\u010diau yra matavimo \u017eod\u017ei\u0173, kurie lydi daiktavard\u017eius, kad nurodyt\u0173 kiek\u012f. \u0160ie matavimo \u017eod\u017eiai yra b\u016btini aptariant konkre\u010di\u0173 element\u0173 sumas ar skai\u010dius.<\/p>\n\n\n\n<h3 class=\"wp-block-heading\" id=\"h-5-pronouns\">5. \u012evard\u017eiai:<\/h3>\n\n\n\n<p>\u012evard\u017eiai naudojami daiktavard\u017eiams sakinyje pakeisti ir yra labai svarb\u016bs siekiant i\u0161vengti pasikartojimo. Kin\u0173 kalba \u012fvard\u017eiai kei\u010diasi pagal j\u0173 funkcij\u0105 sakinyje, pvz., Subjektas, objektas ar nuosavyb\u0117. Su\u017einokite apie \u012fvairius \u012fvard\u017eius ir tinkam\u0105 j\u0173 vartojim\u0105, kad pagerintum\u0117te sakinio konstrukcij\u0105.<\/p>\n\n\n\n<h3 class=\"wp-block-heading\" id=\"h-6-adjectives\">6. B\u016bdvard\u017eiai:<\/h3>\n\n\n\n<p>B\u016bdvard\u017eiai naudojami daiktavard\u017eiams apib\u016bdinti ar keisti, ir jie vaidina svarb\u0173 vaidmen\u012f, kad j\u016bs\u0173 sakiniai b\u016bt\u0173 i\u0161rai\u0161kingesni ir patrauklesni. Su\u017einokite da\u017eniausiai pasitaikan\u010dius b\u016bdvard\u017eius ir j\u0173 i\u0161d\u0117stym\u0105 daiktavard\u017eio at\u017evilgiu sakinyje.<\/p>\n\n\n\n<h3 class=\"wp-block-heading\" id=\"h-7-adverbs\">7. Prieveiksmiai:<\/h3>\n\n\n\n<p>Prieveiksmiai yra b\u016btini norint suteikti papildomos informacijos apie veiksma\u017eod\u017eius, b\u016bdvard\u017eius ar kitus prieveiksmius. Jie gali apib\u016bdinti, kaip, kada ir kur vyksta veiksmas. Susipa\u017einkite su \u012fprastais prieveiksmiais ir j\u0173 naudojimu, kad pagerintum\u0117te savo apra\u0161omuosius geb\u0117jimus.<\/p>\n\n\n\n<h3 class=\"wp-block-heading\" id=\"h-8-prepositions\">8. Prielinksniai:<\/h3>\n\n\n\n<p>Prielinksniai naudojami daiktavard\u017ei\u0173 ar \u012fvard\u017ei\u0173 santykiui sakinyje nurodyti. Jie da\u017enai i\u0161rei\u0161kia erdvinius ar laiko santykius, pvz., &#8222;in&#8221;, &#8222;on&#8221; arba &#8222;at&#8221;. I\u0161mok\u0119 da\u017eniausiai pasitaikan\u010dius prielinksnius ir teising\u0105 j\u0173 vartojim\u0105, labai pagerinsite sakinio strukt\u016br\u0105.<\/p>\n\n\n\n<h3 class=\"wp-block-heading\" id=\"h-9-sentence-structure\">9. Sakinio strukt\u016bra:<\/h3>\n\n\n\n<p>Galiausiai, kin\u0173 sakini\u0173 strukt\u016bros supratimas yra raktas \u012f nuosekli\u0173 ir gramati\u0161kai teising\u0173 sakini\u0173 formavim\u0105. Kin\u0173 kalba seka dalyko-veiksma\u017eod\u017eio-objekto (SVO) strukt\u016br\u0105, pana\u0161i\u0105 \u012f angl\u0173 kalb\u0105. Ta\u010diau yra skirtum\u0173 tarp \u017eod\u017ei\u0173 tvarkos ir \u012fvairi\u0173 gramatini\u0173 element\u0173 i\u0161d\u0117stymo. Su\u017einokite pagrindinius sakini\u0173 modelius ir praktikuokite sakini\u0173 k\u016brim\u0105 su i\u0161moktais elementais, tokiais kaip laikai, veiksma\u017eod\u017eiai, daiktavard\u017eiai, \u012fvard\u017eiai, b\u016bdvard\u017eiai, prieveiksmiai ir prielinksniai.<\/p>\n\n\n\n<p>Laikydamiesi \u0161ios sekos ir sutelkdami d\u0117mes\u012f \u012f kiekvien\u0105 tem\u0105, sukursite tvirt\u0105 kin\u0173 kalbos gramatikos pagrind\u0105 ir gerai mok\u0117site kalb\u0105.<\/p>\n<\/div><\/div>\n\r\n<section class=\"learnNavigationSection\">\r\n            \r\n        <a href=\"https:\/\/talkpal.ai\/lt\/mokykites-kinu-kalbos\/\">\r\n            <div class=\"learnNavigationWrapper\">\r\n                <div class=\"learnNavigationContent\">\r\n                    <img decoding=\"async\" src=\"https:\/\/talkpal.ai\/wp-content\/uploads\/2024\/08\/Chinese.jpg\" alt=\"Chinese Flag\u00a0\">\r\n                    <div>\r\n                        <h4>Apie kin\u0173 kalbos mokym\u0105si<\/h4>\r\n                        <p>Su\u017einokite visk\u0105 apie kin\u0173 kalbos gramatik\u0105.<\/p>\r\n                    <\/div>\r\n                <\/div>\r\n            <\/div>\r\n        <\/a>\r\n\r\n        \r\n        <a href=\"https:\/\/talkpal.ai\/lt\/kinu-kalbos-gramatika\/\">\r\n            <div class=\"learnNavigationWrapper\">\r\n                <div class=\"learnNavigationContent\">\r\n                    <img decoding=\"async\" src=\"https:\/\/talkpal.ai\/wp-content\/uploads\/2024\/08\/Chinese.jpg\" alt=\"Chinese Flag\u00a0\">\r\n                    <div>\r\n                        <h4>Kin\u0173 kalbos gramatikos pamokos<\/h4>\r\n                        <p>Praktikuokite kin\u0173 kalbos gramatik\u0105.<\/p>\r\n                    <\/div>\r\n                <\/div>\r\n            <\/div>\r\n        <\/a>\r\n\r\n        \r\n        <a href=\"https:\/\/talkpal.ai\/vocabulary_language\/chinese\/\">\r\n            <div class=\"learnNavigationWrapper\">\r\n                <div class=\"learnNavigationContent\">\r\n                    <img decoding=\"async\" src=\"https:\/\/talkpal.ai\/wp-content\/uploads\/2024\/08\/Chinese.jpg\" alt=\"Chinese Flag\u00a0\">\r\n                    <div>\r\n                        <h4>Kin\u0173 kalbos \u017eodynas<\/h4>\r\n                        <p>Prapl\u0117skite savo kin\u0173 kalbos \u017eodyn\u0105.<\/p>\r\n                    <\/div>\r\n                <\/div>\r\n            <\/div>\r\n        <\/a>\r\n\r\n            <\/section>","protected":false},"excerpt":{"rendered":"<p>Kin\u0173 kalbos gramatikos temos Kin\u0173 gramatika i\u0161 prad\u017ei\u0173 gali atrodyti bauginanti, ta\u010diau ji yra b\u016btina norint \u012fvaldyti kalb\u0105. D\u0117l savo unikalios simboli\u0173 sistemos ir toninio pob\u016bd\u017eio kin\u0173 kalbos gramatika laikosi kitoki\u0173 taisykli\u0173 nei tokios kalbos kaip angl\u0173. \u0160i\u0173 taisykli\u0173 mokymasis teisinga seka pad\u0117s jums efektyviau mokytis kalb\u0173. \u0160ios temos bus aptartos rekomenduojama mokymosi tvarka: Laikai, [&hellip;]<\/p>\n","protected":false},"author":6,"featured_media":106032,"parent":0,"menu_order":0,"comment_status":"closed","ping_status":"closed","template":"LearningContentPage.php","meta":{"_acf_changed":false,"footnotes":""},"class_list":["post-132929","page","type-page","status-publish","has-post-thumbnail","hentry"],"acf":[],"yoast_head":"<!-- This site is optimized with the Yoast SEO Premium plugin v27.2 (Yoast SEO v27.2) - https:\/\/yoast.com\/product\/yoast-seo-premium-wordpress\/ -->\n<title>Kin\u0173 kalbos gramatikos pratimai - Talkpal<\/title>\n<meta name=\"description\" content=\"\u012evaldykite kin\u0173 kalbos gramatik\u0105 su m\u016bs\u0173 i\u0161samiu vadovu, kuriame aptariami laikai, veiksma\u017eod\u017eiai ir dar daugiau, kad pagerintum\u0117te savo kalbos \u012fg\u016bd\u017eius.\" \/>\n<meta name=\"robots\" content=\"index, follow, max-snippet:-1, max-image-preview:large, max-video-preview:-1\" \/>\n<link rel=\"canonical\" href=\"https:\/\/talkpal.ai\/lt\/kinu-kalbos-gramatikos-pratimai\/\" \/>\n<meta property=\"og:locale\" content=\"lt_LT\" \/>\n<meta property=\"og:type\" content=\"article\" \/>\n<meta property=\"og:title\" content=\"Kin\u0173 kalbos gramatikos pratimai\" \/>\n<meta property=\"og:description\" content=\"Kin\u0173 kalbos gramatikos temos Kin\u0173 gramatika i\u0161 prad\u017ei\u0173 gali atrodyti bauginanti, ta\u010diau ji yra b\u016btina norint \u012fvaldyti kalb\u0105. D\u0117l savo unikalios simboli\u0173\" \/>\n<meta property=\"og:url\" content=\"https:\/\/talkpal.ai\/lt\/kinu-kalbos-gramatikos-pratimai\/\" \/>\n<meta property=\"og:site_name\" content=\"Talkpal\" \/>\n<meta property=\"article:publisher\" content=\"https:\/\/www.facebook.com\/profile.php?id=100090733639311\" \/>\n<meta property=\"article:modified_time\" content=\"2025-05-22T21:24:51+00:00\" \/>\n<meta property=\"og:image\" content=\"https:\/\/talkpal.ai\/wp-content\/uploads\/2023\/04\/china.png\" \/>\n\t<meta property=\"og:image:width\" content=\"512\" \/>\n\t<meta property=\"og:image:height\" content=\"512\" \/>\n\t<meta property=\"og:image:type\" content=\"image\/png\" \/>\n<meta name=\"twitter:card\" content=\"summary_large_image\" \/>\n<meta name=\"twitter:site\" content=\"@talkpalai\" \/>\n<meta name=\"twitter:label1\" content=\"Est. reading time\" \/>\n\t<meta name=\"twitter:data1\" content=\"3 minut\u0117s\" \/>\n<script type=\"application\/ld+json\" class=\"yoast-schema-graph\">{\"@context\":\"https:\/\/schema.org\",\"@graph\":[{\"@type\":\"WebPage\",\"@id\":\"https:\/\/talkpal.ai\/lt\/kinu-kalbos-gramatikos-pratimai\/\",\"url\":\"https:\/\/talkpal.ai\/lt\/kinu-kalbos-gramatikos-pratimai\/\",\"name\":\"Kin\u0173 kalbos gramatikos pratimai - Talkpal\",\"isPartOf\":{\"@id\":\"https:\/\/talkpal.ai\/lt\/#website\"},\"primaryImageOfPage\":{\"@id\":\"https:\/\/talkpal.ai\/lt\/kinu-kalbos-gramatikos-pratimai\/#primaryimage\"},\"image\":{\"@id\":\"https:\/\/talkpal.ai\/lt\/kinu-kalbos-gramatikos-pratimai\/#primaryimage\"},\"thumbnailUrl\":\"https:\/\/talkpal.ai\/wp-content\/uploads\/2023\/04\/china.png\",\"datePublished\":\"2023-06-16T09:39:29+00:00\",\"dateModified\":\"2025-05-22T21:24:51+00:00\",\"description\":\"\u012evaldykite kin\u0173 kalbos gramatik\u0105 su m\u016bs\u0173 i\u0161samiu vadovu, kuriame aptariami laikai, veiksma\u017eod\u017eiai ir dar daugiau, kad pagerintum\u0117te savo kalbos \u012fg\u016bd\u017eius.\",\"breadcrumb\":{\"@id\":\"https:\/\/talkpal.ai\/lt\/kinu-kalbos-gramatikos-pratimai\/#breadcrumb\"},\"inLanguage\":\"lt-LT\",\"potentialAction\":[{\"@type\":\"ReadAction\",\"target\":[\"https:\/\/talkpal.ai\/lt\/kinu-kalbos-gramatikos-pratimai\/\"]}]},{\"@type\":\"ImageObject\",\"inLanguage\":\"lt-LT\",\"@id\":\"https:\/\/talkpal.ai\/lt\/kinu-kalbos-gramatikos-pratimai\/#primaryimage\",\"url\":\"https:\/\/talkpal.ai\/wp-content\/uploads\/2023\/04\/china.png\",\"contentUrl\":\"https:\/\/talkpal.ai\/wp-content\/uploads\/2023\/04\/china.png\",\"width\":512,\"height\":512},{\"@type\":\"BreadcrumbList\",\"@id\":\"https:\/\/talkpal.ai\/lt\/kinu-kalbos-gramatikos-pratimai\/#breadcrumb\",\"itemListElement\":[{\"@type\":\"ListItem\",\"position\":1,\"name\":\"Homepage\",\"item\":\"https:\/\/talkpal.ai\/lt\/\"},{\"@type\":\"ListItem\",\"position\":2,\"name\":\"Kin\u0173 kalbos gramatikos pratimai\"}]},{\"@type\":\"WebSite\",\"@id\":\"https:\/\/talkpal.ai\/lt\/#website\",\"url\":\"https:\/\/talkpal.ai\/lt\/\",\"name\":\"Talkpal\",\"description\":\"AI Language Learning\",\"publisher\":{\"@id\":\"https:\/\/talkpal.ai\/lt\/#organization\"},\"alternateName\":\"Talkpal AI\",\"potentialAction\":[{\"@type\":\"SearchAction\",\"target\":{\"@type\":\"EntryPoint\",\"urlTemplate\":\"https:\/\/talkpal.ai\/lt\/?s={search_term_string}\"},\"query-input\":{\"@type\":\"PropertyValueSpecification\",\"valueRequired\":true,\"valueName\":\"search_term_string\"}}],\"inLanguage\":\"lt-LT\"},{\"@type\":\"Organization\",\"@id\":\"https:\/\/talkpal.ai\/lt\/#organization\",\"name\":\"Talkpal, Inc.\",\"alternateName\":\"Talkpal AI\",\"url\":\"https:\/\/talkpal.ai\/lt\/\",\"logo\":{\"@type\":\"ImageObject\",\"inLanguage\":\"lt-LT\",\"@id\":\"https:\/\/talkpal.ai\/lt\/#\/schema\/logo\/image\/\",\"url\":\"https:\/\/talkpal.ai\/wp-content\/uploads\/2024\/03\/Talkpal-Logo-Icon.png\",\"contentUrl\":\"https:\/\/talkpal.ai\/wp-content\/uploads\/2024\/03\/Talkpal-Logo-Icon.png\",\"width\":2880,\"height\":2880,\"caption\":\"Talkpal, Inc.\"},\"image\":{\"@id\":\"https:\/\/talkpal.ai\/lt\/#\/schema\/logo\/image\/\"},\"sameAs\":[\"https:\/\/www.facebook.com\/profile.php?id=100090733639311\",\"https:\/\/x.com\/talkpalai\",\"https:\/\/www.linkedin.com\/company\/talkpal\/\",\"https:\/\/www.youtube.com\/@TalkPal\/\",\"https:\/\/www.tiktok.com\/@talkpal\",\"https:\/\/www.instagram.com\/talkpal_ai\/\",\"https:\/\/www.crunchbase.com\/organization\/talkpal-9cde\",\"https:\/\/www.g2.com\/products\/talkpal-for-business\/\",\"https:\/\/www.trustpilot.com\/review\/talkpal.ai\",\"https:\/\/www.capterra.com\/p\/10006800\/TalkPal\/\"],\"description\":\"Talkpal is a language learning web and mobile education app, powered by the latest AI technologies, that provides engaging experiences to its customers in many different languages to help them improve their language skills. Users can chat about unlimited amount of topics with the app and use other modes to practice their language learning.\",\"email\":\"support@talkpal.ai\",\"legalName\":\"Talkpal, Inc.\",\"foundingDate\":\"2023-04-03\",\"duns\":\"118989042\",\"numberOfEmployees\":{\"@type\":\"QuantitativeValue\",\"minValue\":\"11\",\"maxValue\":\"50\"},\"publishingPrinciples\":\"https:\/\/talkpal.ai\/publishing-principles\/\",\"actionableFeedbackPolicy\":\"https:\/\/talkpal.ai\/actionable-feedback-policy\/\",\"correctionsPolicy\":\"https:\/\/talkpal.ai\/corrections-policy\/\",\"ethicsPolicy\":\"https:\/\/talkpal.ai\/ethics-policy\/\",\"diversityPolicy\":\"https:\/\/talkpal.ai\/diversity-policy\/\",\"diversityStaffingReport\":\"https:\/\/talkpal.ai\/diversity-policy\/\"}]}<\/script>\n<!-- \/ Yoast SEO Premium plugin. -->","yoast_head_json":{"title":"Kin\u0173 kalbos gramatikos pratimai - Talkpal","description":"\u012evaldykite kin\u0173 kalbos gramatik\u0105 su m\u016bs\u0173 i\u0161samiu vadovu, kuriame aptariami laikai, veiksma\u017eod\u017eiai ir dar daugiau, kad pagerintum\u0117te savo kalbos \u012fg\u016bd\u017eius.","robots":{"index":"index","follow":"follow","max-snippet":"max-snippet:-1","max-image-preview":"max-image-preview:large","max-video-preview":"max-video-preview:-1"},"canonical":"https:\/\/talkpal.ai\/lt\/kinu-kalbos-gramatikos-pratimai\/","og_locale":"lt_LT","og_type":"article","og_title":"Kin\u0173 kalbos gramatikos pratimai","og_description":"Kin\u0173 kalbos gramatikos temos Kin\u0173 gramatika i\u0161 prad\u017ei\u0173 gali atrodyti bauginanti, ta\u010diau ji yra b\u016btina norint \u012fvaldyti kalb\u0105. D\u0117l savo unikalios simboli\u0173","og_url":"https:\/\/talkpal.ai\/lt\/kinu-kalbos-gramatikos-pratimai\/","og_site_name":"Talkpal","article_publisher":"https:\/\/www.facebook.com\/profile.php?id=100090733639311","article_modified_time":"2025-05-22T21:24:51+00:00","og_image":[{"width":512,"height":512,"url":"https:\/\/talkpal.ai\/wp-content\/uploads\/2023\/04\/china.png","type":"image\/png"}],"twitter_card":"summary_large_image","twitter_site":"@talkpalai","twitter_misc":{"Est. reading time":"3 minut\u0117s"},"schema":{"@context":"https:\/\/schema.org","@graph":[{"@type":"WebPage","@id":"https:\/\/talkpal.ai\/lt\/kinu-kalbos-gramatikos-pratimai\/","url":"https:\/\/talkpal.ai\/lt\/kinu-kalbos-gramatikos-pratimai\/","name":"Kin\u0173 kalbos gramatikos pratimai - Talkpal","isPartOf":{"@id":"https:\/\/talkpal.ai\/lt\/#website"},"primaryImageOfPage":{"@id":"https:\/\/talkpal.ai\/lt\/kinu-kalbos-gramatikos-pratimai\/#primaryimage"},"image":{"@id":"https:\/\/talkpal.ai\/lt\/kinu-kalbos-gramatikos-pratimai\/#primaryimage"},"thumbnailUrl":"https:\/\/talkpal.ai\/wp-content\/uploads\/2023\/04\/china.png","datePublished":"2023-06-16T09:39:29+00:00","dateModified":"2025-05-22T21:24:51+00:00","description":"\u012evaldykite kin\u0173 kalbos gramatik\u0105 su m\u016bs\u0173 i\u0161samiu vadovu, kuriame aptariami laikai, veiksma\u017eod\u017eiai ir dar daugiau, kad pagerintum\u0117te savo kalbos \u012fg\u016bd\u017eius.","breadcrumb":{"@id":"https:\/\/talkpal.ai\/lt\/kinu-kalbos-gramatikos-pratimai\/#breadcrumb"},"inLanguage":"lt-LT","potentialAction":[{"@type":"ReadAction","target":["https:\/\/talkpal.ai\/lt\/kinu-kalbos-gramatikos-pratimai\/"]}]},{"@type":"ImageObject","inLanguage":"lt-LT","@id":"https:\/\/talkpal.ai\/lt\/kinu-kalbos-gramatikos-pratimai\/#primaryimage","url":"https:\/\/talkpal.ai\/wp-content\/uploads\/2023\/04\/china.png","contentUrl":"https:\/\/talkpal.ai\/wp-content\/uploads\/2023\/04\/china.png","width":512,"height":512},{"@type":"BreadcrumbList","@id":"https:\/\/talkpal.ai\/lt\/kinu-kalbos-gramatikos-pratimai\/#breadcrumb","itemListElement":[{"@type":"ListItem","position":1,"name":"Homepage","item":"https:\/\/talkpal.ai\/lt\/"},{"@type":"ListItem","position":2,"name":"Kin\u0173 kalbos gramatikos pratimai"}]},{"@type":"WebSite","@id":"https:\/\/talkpal.ai\/lt\/#website","url":"https:\/\/talkpal.ai\/lt\/","name":"Talkpal","description":"AI Language Learning","publisher":{"@id":"https:\/\/talkpal.ai\/lt\/#organization"},"alternateName":"Talkpal AI","potentialAction":[{"@type":"SearchAction","target":{"@type":"EntryPoint","urlTemplate":"https:\/\/talkpal.ai\/lt\/?s={search_term_string}"},"query-input":{"@type":"PropertyValueSpecification","valueRequired":true,"valueName":"search_term_string"}}],"inLanguage":"lt-LT"},{"@type":"Organization","@id":"https:\/\/talkpal.ai\/lt\/#organization","name":"Talkpal, Inc.","alternateName":"Talkpal AI","url":"https:\/\/talkpal.ai\/lt\/","logo":{"@type":"ImageObject","inLanguage":"lt-LT","@id":"https:\/\/talkpal.ai\/lt\/#\/schema\/logo\/image\/","url":"https:\/\/talkpal.ai\/wp-content\/uploads\/2024\/03\/Talkpal-Logo-Icon.png","contentUrl":"https:\/\/talkpal.ai\/wp-content\/uploads\/2024\/03\/Talkpal-Logo-Icon.png","width":2880,"height":2880,"caption":"Talkpal, Inc."},"image":{"@id":"https:\/\/talkpal.ai\/lt\/#\/schema\/logo\/image\/"},"sameAs":["https:\/\/www.facebook.com\/profile.php?id=100090733639311","https:\/\/x.com\/talkpalai","https:\/\/www.linkedin.com\/company\/talkpal\/","https:\/\/www.youtube.com\/@TalkPal\/","https:\/\/www.tiktok.com\/@talkpal","https:\/\/www.instagram.com\/talkpal_ai\/","https:\/\/www.crunchbase.com\/organization\/talkpal-9cde","https:\/\/www.g2.com\/products\/talkpal-for-business\/","https:\/\/www.trustpilot.com\/review\/talkpal.ai","https:\/\/www.capterra.com\/p\/10006800\/TalkPal\/"],"description":"Talkpal is a language learning web and mobile education app, powered by the latest AI technologies, that provides engaging experiences to its customers in many different languages to help them improve their language skills. Users can chat about unlimited amount of topics with the app and use other modes to practice their language learning.","email":"support@talkpal.ai","legalName":"Talkpal, Inc.","foundingDate":"2023-04-03","duns":"118989042","numberOfEmployees":{"@type":"QuantitativeValue","minValue":"11","maxValue":"50"},"publishingPrinciples":"https:\/\/talkpal.ai\/publishing-principles\/","actionableFeedbackPolicy":"https:\/\/talkpal.ai\/actionable-feedback-policy\/","correctionsPolicy":"https:\/\/talkpal.ai\/corrections-policy\/","ethicsPolicy":"https:\/\/talkpal.ai\/ethics-policy\/","diversityPolicy":"https:\/\/talkpal.ai\/diversity-policy\/","diversityStaffingReport":"https:\/\/talkpal.ai\/diversity-policy\/"}]}},"_links":{"self":[{"href":"https:\/\/talkpal.ai\/lt\/wp-json\/wp\/v2\/pages\/132929","targetHints":{"allow":["GET"]}}],"collection":[{"href":"https:\/\/talkpal.ai\/lt\/wp-json\/wp\/v2\/pages"}],"about":[{"href":"https:\/\/talkpal.ai\/lt\/wp-json\/wp\/v2\/types\/page"}],"author":[{"embeddable":true,"href":"https:\/\/talkpal.ai\/lt\/wp-json\/wp\/v2\/users\/6"}],"replies":[{"embeddable":true,"href":"https:\/\/talkpal.ai\/lt\/wp-json\/wp\/v2\/comments?post=132929"}],"version-history":[{"count":0,"href":"https:\/\/talkpal.ai\/lt\/wp-json\/wp\/v2\/pages\/132929\/revisions"}],"wp:featuredmedia":[{"embeddable":true,"href":"https:\/\/talkpal.ai\/lt\/wp-json\/wp\/v2\/media\/106032"}],"wp:attachment":[{"href":"https:\/\/talkpal.ai\/lt\/wp-json\/wp\/v2\/media?parent=132929"}],"curies":[{"name":"wp","href":"https:\/\/api.w.org\/{rel}","templated":true}]}}