{"id":132606,"date":"2023-06-16T09:31:38","date_gmt":"2023-06-16T09:31:38","guid":{"rendered":"http:\/\/talkpal.ai\/arabu-kalbos-gramatikos-pratimai\/"},"modified":"2025-05-22T20:15:47","modified_gmt":"2025-05-22T20:15:47","slug":"arabu-kalbos-gramatikos-pratimai","status":"publish","type":"page","link":"https:\/\/talkpal.ai\/lt\/arabu-kalbos-gramatikos-pratimai\/","title":{"rendered":"Arab\u0173 kalbos gramatikos pratimai"},"content":{"rendered":"\r\n\r\n\r\n<section class=\"languageChallengeSection\">\r\n    <div class=\"languageInfoWrapper\">\r\n        \r\n        <h1>Arab\u0173 kalbos gramatikos pratimai<\/h1>\r\n        <p>Ar esate pasireng\u0119 patobulinti <a href=\"https:\/\/talkpal.ai\/lt\/mokykites-arabu-kalbos\/\">arab\u0173 kalbos<\/a> \u012fg\u016bd\u017eius? Gramatikos pratimai yra labai svarb\u016bs norint \u012fsisavinti sakinio strukt\u016br\u0105, veiksma\u017eod\u017eio formas ir unikalius <a href=\"https:\/\/talkpal.ai\/lt\/mokykites-arabu-kalbos\/\">arab\u0173 kalbos<\/a> modelius. Atlikdami \u0161iuos pratimus padidinsite pasitik\u0117jim\u0105 savimi, prapl\u0117site \u017eodyn\u0105 ir lengviau i\u0161reik\u0161ite savo mintis arab\u0173 kalba. Prad\u0117kite mokytis jau \u0161iandien ir steb\u0117kite, kaip auga j\u016bs\u0173 <a href=\"https:\/\/talkpal.ai\/what-language-is-spoken-on-the-international-space-station\/\">kalbos<\/a> \u012fg\u016bd\u017eiai!<\/p>\r\n\r\n                            <a class=\"getStartedHidden\" href=\"https:\/\/app.talkpal.ai\/lt\/signup?lng=\">Prad\u0117k<\/a>\r\n        \r\n    <\/div>\r\n\r\n    <figure>\r\n    <img decoding=\"async\" width=\"768\" height=\"768\" src=\"https:\/\/talkpal.ai\/wp-content\/uploads\/2023\/06\/arabic-768x768.png\" class=\"languageImage no-lazy\" alt=\"Language learning for linguistic diversity\" fetchpriority=\"high\" sizes=\"(max-width: 768px) 150px, 768px\" srcset=\"https:\/\/talkpal.ai\/wp-content\/uploads\/2023\/06\/arabic-768x768.png 768w, https:\/\/talkpal.ai\/wp-content\/uploads\/2023\/06\/arabic-300x300.png 300w\" \/>\r\n    \r\n\r\n    <\/figure>\r\n\r\n            <a class=\"getStartedVisible\" href=\"https:\/\/app.talkpal.ai\/lt\/signup?lng=\">Prad\u0117k<\/a>\r\n    \r\n<\/section>\r\n\r\n\r\n<!-- <section class=\"grammarSection\">\r\n    <div class=\"grammarLinks\">\r\n            <\/div>\r\n<\/section> -->\r\n\r\n\r\n\r\n\r\n<section class=\"promotionalBanner\">\r\n    <p class=\"promotionalText\">Efektyviausias b\u016bdas mokytis kalbos<\/p>\r\n    <a class=\"promotionalLink\" href=\"https:\/\/app.talkpal.ai\/lt\/signup?lng=\">I\u0161bandykite Talkpal &#8221; nemokamai<\/a>\r\n<\/section>\n<div class=\"wp-block-group pageContainerStyle\"><div class=\"wp-block-group__inner-container is-layout-constrained wp-block-group-is-layout-constrained\">\n<h2 class=\"wp-block-heading\" id=\"h-arabic-grammar-topics\">Arab\u0173 kalbos gramatikos temos<\/h2>\n\n\n\n<p>Arab\u0173 kalba, turinti turting\u0105 istorij\u0105 ir kult\u016brin\u0119 reik\u0161m\u0119, yra patraukli ir naudinga kalb\u0173 besimokan\u010di\u0173j\u0173 pastanga. Kaip viena i\u0161 \u0161e\u0161i\u0173 oficiali\u0173 Jungtini\u0173 Taut\u0173 kalb\u0173, kuria kalba daugiau nei 420 milijon\u0173 \u017emoni\u0173 visame pasaulyje, arab\u0173 kalbos <a href=\"https:\/\/talkpal.ai\/lt\/mokymasis\/\">mokymasis<\/a> atveria galimybes pasauliniam bendravimui ir supratimui. Ta\u010diau norint \u012fsisavinti kalb\u0105, reikia gerai suprasti jos unikalias gramatikos taisykles ir strukt\u016bras. \u0160iame straipsnyje mes i\u0161nagrin\u0117sime esmines arab\u0173 kalbos gramatikos temas, kurios pad\u0117s jums sukurti tvirt\u0105 pagrind\u0105 kalboje, nuo pagrindini\u0173 laik\u0173 ir veiksma\u017eod\u017ei\u0173 konjugacij\u0173 iki sud\u0117tingesni\u0173 vardini\u0173 ir \u017eodini\u0173 sakini\u0173 strukt\u016br\u0173.<\/p>\n\n\n\n<h3 class=\"wp-block-heading\" id=\"h-1-tenses-indicative\">1. Laikai Orientaciniai:<\/h3>\n\n\n\n<p>Orientacin\u0117 \u012ftampa naudojama i\u0161reik\u0161ti veiksmus ar b\u016bsenas dabartyje, praeityje ar ateityje. Arab\u0173 kalba veiksma\u017eodis konjugacija kei\u010diasi pagal \u012ftamp\u0105. Prad\u0117kite mokydamiesi pagrindini\u0173 \u012fprast\u0173 veiksma\u017eod\u017ei\u0173 konjugacij\u0173 ir susipa\u017einkite su skirtingais dabarties, praeities ir ateities laik\u0173 modeliais.<\/p>\n\n\n\n<h3 class=\"wp-block-heading\" id=\"h-2-tenses-subjunctive\">2. Laik\u0173 subjunkcija:<\/h3>\n\n\n\n<p>Subjunkcin\u0117 \u012ftampa naudojama i\u0161reik\u0161ti netikrum\u0105, abejones ar nor\u0105. Labai svarbu i\u0161mokti konkre\u010dias veiksma\u017eod\u017ei\u0173 gal\u016bnes ir kuo jos skiriasi nuo nurodomojo laiko. <a href=\"https:\/\/talkpal.ai\/learn-thai\/\">Tai<\/a> pad\u0117s jums perteikti daugiau niuansuot\u0173 min\u010di\u0173 ir jausm\u0173 bendraujant.<\/p>\n\n\n\n<h3 class=\"wp-block-heading\" id=\"h-3-tense-comparison\">3. \u012etemptas palyginimas:<\/h3>\n\n\n\n<p>Labai svarbu suprasti skirtumus tarp orientacini\u0173 ir subjunkcini\u0173 laik\u0173. Sutelkite d\u0117mes\u012f \u012f <a href=\"https:\/\/talkpal.ai\/learn-thai\/\">tai<\/a>, kaip modifikuojamos veiksma\u017eod\u017ei\u0173 konjugacijos, ir \u012f kontekst\u0105, kuriame naudojamas kiekvienas laikas.<\/p>\n\n\n\n<h3 class=\"wp-block-heading\" id=\"h-4-verbs\">4. Veiksma\u017eod\u017eiai:<\/h3>\n\n\n\n<p>Arab\u0173 veiksma\u017eod\u017eiai skirstomi \u012f skirtingas formas pagal j\u0173 \u0161akn\u0173 raides ir ra\u0161tus. Su\u017einokite de\u0161imt pagrindini\u0173 veiksma\u017eod\u017ei\u0173 form\u0173 ir j\u0173 konjugacijos taisykli\u0173, kurios pad\u0117s jums teisingai atpa\u017einti ir naudoti veiksma\u017eod\u017eius \u012fvairiose situacijose.<\/p>\n\n\n\n<h3 class=\"wp-block-heading\" id=\"h-5-nouns\">5. Daiktavard\u017eiai:<\/h3>\n\n\n\n<p>Arab\u0173 kalbos daiktavard\u017eiai yra vyri\u0161ki arba moteri\u0161ki, o j\u0173 gal\u016bn\u0117s kei\u010diasi atsi\u017evelgiant \u012f j\u0173 gramatin\u012f vaidmen\u012f sakinyje. Su\u017einokite apie skirtingus daiktavard\u017ei\u0173 modelius ir kaip juos veikia did\u017ei\u0173j\u0173 raid\u017ei\u0173 \u017eym\u0117jimai ir kiti gramatiniai elementai.<\/p>\n\n\n\n<h3 class=\"wp-block-heading\" id=\"h-6-articles\">6. Straipsniai:<\/h3>\n\n\n\n<p>Arab\u0173 kalba turi ai\u0161kius ir neribotus straipsnius, kurie vaidina svarb\u0173 vaidmen\u012f nustatant daiktavard\u017eius. Su\u017einokite, kaip arab\u0173 kalboje vartojamas apibr\u0117\u017etasis artikelio &#8222;al-&#8221; \u017eodis ir kaip vartojamas neapibr\u0117\u017etasis artikelio \u017eodis.<\/p>\n\n\n\n<h3 class=\"wp-block-heading\" id=\"h-7-definite-and-indefinite-articles\">7. Apibr\u0117\u017eti ir neapibr\u0117\u017eti straipsniai:<\/h3>\n\n\n\n<p>Kaip min\u0117ta anks\u010diau, labai svarbu suprasti konkre\u010di\u0173 ir neapibr\u0117\u017et\u0173 straipsni\u0173 naudojim\u0105 arab\u0173 kalba. Praktikuokite juos naudoti sakiniuose su skirtingais daiktavard\u017eiais, kad sustiprintum\u0117te savo supratim\u0105 apie s\u0105vok\u0105.<\/p>\n\n\n\n<h3 class=\"wp-block-heading\" id=\"h-8-pronouns\">8. \u012evard\u017eiai:<\/h3>\n\n\n\n<p>Arab\u0173 kalbos \u012fvard\u017eiai skirstomi \u012f asmeninius, parodomuosius ir santykinius \u012fvard\u017eius. Su\u017einokite j\u0173 formas ir naudojim\u0105, taip pat taisykles, kaip juos prid\u0117ti prie veiksma\u017eod\u017ei\u0173, daiktavard\u017ei\u0173 ir prielinksni\u0173.<\/p>\n\n\n\n<h3 class=\"wp-block-heading\" id=\"h-9-adjectives\">9. B\u016bdvard\u017eiai:<\/h3>\n\n\n\n<p>B\u016bdvard\u017eiai arab\u0173 kalba sutinka su daiktavard\u017eiais, kuriuos jie kei\u010dia lytimi ir skai\u010diumi. Su\u017einokite b\u016bdvard\u017ei\u0173 susitarimo taisykles ir pagrindinius b\u016bdvard\u017ei\u0173 modelius.<\/p>\n\n\n\n<h3 class=\"wp-block-heading\" id=\"h-10-adverbs\">10. Prieveiksmiai:<\/h3>\n\n\n\n<p>Susipa\u017einkite su bendrais arab\u0173 kalbos prieveiksmiais ir j\u0173 i\u0161d\u0117stymu sakiniuose. Suprasdami prieveiksmi\u0173 funkcij\u0105, gal\u0117site perduoti i\u0161samesn\u0119 informacij\u0105 savo bendravime.<\/p>\n\n\n\n<h3 class=\"wp-block-heading\" id=\"h-11-prepositions\">11. Prielinksniai:<\/h3>\n\n\n\n<p>Arab\u0173 kalbos prielinksniai yra b\u016btini norint sujungti \u017eod\u017eius ir frazes bei i\u0161reik\u0161ti j\u0173 tarpusavio santykius. Su\u017einokite apie \u012fvairius prielinksnius ir j\u0173 vartojim\u0105 sakiniuose.<\/p>\n\n\n\n<h3 class=\"wp-block-heading\" id=\"h-12-idaafa-genitive-construction\">12. Idaafa (geniali konstrukcija):<\/h3>\n\n\n\n<p>Idaafa konstrukcija naudojama i\u0161reik\u0161ti daiktavard\u017ei\u0173 tur\u0117jim\u0105 ar santykius. Su\u017einokite apie Idaafa konstrukcij\u0173, kurios yra neatskiriama arab\u0173 kalbos gramatikos dalis, formavimo taisykles ir modelius.<\/p>\n\n\n\n<h3 class=\"wp-block-heading\" id=\"h-13-sentence-structure\">13. Sakinio strukt\u016bra:<\/h3>\n\n\n\n<p>Arabi\u0161ki sakiniai gali b\u016bti vardiniai arba \u017eodiniai. Su\u017einokite pagrindin\u0119 abiej\u0173 tip\u0173 sakini\u0173 strukt\u016br\u0105 ir praktikuokite sakini\u0173 su skirtingais komponentais formavim\u0105.<\/p>\n\n\n\n<h3 class=\"wp-block-heading\" id=\"h-14-nominal-and-verbal-sentences\">14. Vardiniai ir \u017eodiniai sakiniai:<\/h3>\n\n\n\n<p>Pasinerkite giliau \u012f nominali\u0173 ir \u017eodini\u0173 sakini\u0173 skirtumus ir su\u017einokite, kaip juos efektyviai naudoti \u012fvairiuose kontekstuose.<\/p>\n\n\n\n<h3 class=\"wp-block-heading\" id=\"h-15-subject-and-predicate-in-arabic\">15. Dalykas ir predikatas arab\u0173 kalba:<\/h3>\n\n\n\n<p>Suprasti subjekto ir predikato vaidmenis arab\u0173 sakiniuose yra labai svarbu veiksmingam bendravimui. Su\u017einokite apie skirting\u0173 sakini\u0173 tip\u0173 dalyk\u0173 ir predikat\u0173 nustatymo ir naudojimo taisykles.<\/p>\n<\/div><\/div>\n\r\n<section class=\"learnNavigationSection\">\r\n            \r\n        <a href=\"https:\/\/talkpal.ai\/lt\/mokykites-arabu-kalbos\/\">\r\n            <div class=\"learnNavigationWrapper\">\r\n                <div class=\"learnNavigationContent\">\r\n                    <img decoding=\"async\" src=\"https:\/\/talkpal.ai\/wp-content\/uploads\/2024\/08\/Arabic.jpg\" alt=\"Arabic Flag\">\r\n                    <div>\r\n                        <h4>Apie arab\u0173 kalbos mokym\u0105si<\/h4>\r\n                        <p>Su\u017einokite visk\u0105 apie arab\u0173 kalbos gramatik\u0105.<\/p>\r\n                    <\/div>\r\n                <\/div>\r\n            <\/div>\r\n        <\/a>\r\n\r\n        \r\n        <a href=\"https:\/\/talkpal.ai\/lt\/arabu-kalbos-gramatika\/\">\r\n            <div class=\"learnNavigationWrapper\">\r\n                <div class=\"learnNavigationContent\">\r\n                    <img decoding=\"async\" src=\"https:\/\/talkpal.ai\/wp-content\/uploads\/2024\/08\/Arabic.jpg\" alt=\"Arabic Flag\">\r\n                    <div>\r\n                        <h4>Arab\u0173 kalbos gramatikos pamokos<\/h4>\r\n                        <p>Praktikuokite arab\u0173 kalbos gramatik\u0105.<\/p>\r\n                    <\/div>\r\n                <\/div>\r\n            <\/div>\r\n        <\/a>\r\n\r\n        \r\n        <a href=\"https:\/\/talkpal.ai\/vocabulary_language\/arabic\/\">\r\n            <div class=\"learnNavigationWrapper\">\r\n                <div class=\"learnNavigationContent\">\r\n                    <img decoding=\"async\" src=\"https:\/\/talkpal.ai\/wp-content\/uploads\/2024\/08\/Arabic.jpg\" alt=\"Arabic Flag\">\r\n                    <div>\r\n                        <h4>Arab\u0173 kalbos \u017eodynas<\/h4>\r\n                        <p>Prapl\u0117skite savo arab\u0173 kalbos \u017eodyn\u0105.<\/p>\r\n                    <\/div>\r\n                <\/div>\r\n            <\/div>\r\n        <\/a>\r\n\r\n            <\/section>","protected":false},"excerpt":{"rendered":"<p>Arab\u0173 kalbos gramatikos temos Arab\u0173 kalba, turinti turting\u0105 istorij\u0105 ir kult\u016brin\u0119 reik\u0161m\u0119, yra patraukli ir naudinga kalb\u0173 besimokan\u010di\u0173j\u0173 pastanga. Kaip viena i\u0161 \u0161e\u0161i\u0173 oficiali\u0173 Jungtini\u0173 Taut\u0173 kalb\u0173, kuria kalba daugiau nei 420 milijon\u0173 \u017emoni\u0173 visame pasaulyje, arab\u0173 kalbos mokymasis atveria galimybes pasauliniam bendravimui ir supratimui. Ta\u010diau norint \u012fsisavinti kalb\u0105, reikia gerai suprasti jos unikalias gramatikos [&hellip;]<\/p>\n","protected":false},"author":6,"featured_media":105818,"parent":0,"menu_order":0,"comment_status":"closed","ping_status":"closed","template":"LearningContentPage.php","meta":{"_acf_changed":false,"footnotes":""},"class_list":["post-132606","page","type-page","status-publish","has-post-thumbnail","hentry"],"acf":[],"yoast_head":"<!-- This site is optimized with the Yoast SEO Premium plugin v27.2 (Yoast SEO v27.2) - https:\/\/yoast.com\/product\/yoast-seo-premium-wordpress\/ -->\n<title>Arab\u0173 kalbos gramatikos pratimai - Talkpal<\/title>\n<meta name=\"description\" content=\"Pagerinkite savo supratim\u0105 arab\u0173 kalbos gramatikos pratimais, kuriuose pateikiamos esmin\u0117s taisykl\u0117s ir strukt\u016bros, padedan\u010dios \u012fvaldyti kalb\u0105.\" \/>\n<meta name=\"robots\" content=\"index, follow, max-snippet:-1, max-image-preview:large, max-video-preview:-1\" \/>\n<link rel=\"canonical\" href=\"https:\/\/talkpal.ai\/lt\/arabu-kalbos-gramatikos-pratimai\/\" \/>\n<meta property=\"og:locale\" content=\"lt_LT\" \/>\n<meta property=\"og:type\" content=\"article\" \/>\n<meta property=\"og:title\" content=\"Arab\u0173 kalbos gramatikos pratimai\" \/>\n<meta property=\"og:description\" content=\"Arab\u0173 kalbos gramatikos temos Arab\u0173 kalba, turinti turting\u0105 istorij\u0105 ir kult\u016brin\u0119 reik\u0161m\u0119, yra patraukli ir naudinga kalb\u0173 besimokan\u010di\u0173j\u0173 pastanga. Kaip\" \/>\n<meta property=\"og:url\" content=\"https:\/\/talkpal.ai\/lt\/arabu-kalbos-gramatikos-pratimai\/\" \/>\n<meta property=\"og:site_name\" content=\"Talkpal\" \/>\n<meta property=\"article:publisher\" content=\"https:\/\/www.facebook.com\/profile.php?id=100090733639311\" \/>\n<meta property=\"article:modified_time\" content=\"2025-05-22T20:15:47+00:00\" \/>\n<meta property=\"og:image\" content=\"https:\/\/talkpal.ai\/wp-content\/uploads\/2023\/04\/arabic-united-arab-emirates.png\" \/>\n\t<meta property=\"og:image:width\" content=\"512\" \/>\n\t<meta property=\"og:image:height\" content=\"512\" \/>\n\t<meta property=\"og:image:type\" content=\"image\/png\" \/>\n<meta name=\"twitter:card\" content=\"summary_large_image\" \/>\n<meta name=\"twitter:site\" content=\"@talkpalai\" \/>\n<meta name=\"twitter:label1\" content=\"Est. reading time\" \/>\n\t<meta name=\"twitter:data1\" content=\"3 minut\u0117s\" \/>\n<script type=\"application\/ld+json\" class=\"yoast-schema-graph\">{\"@context\":\"https:\/\/schema.org\",\"@graph\":[{\"@type\":\"WebPage\",\"@id\":\"https:\/\/talkpal.ai\/lt\/arabu-kalbos-gramatikos-pratimai\/\",\"url\":\"https:\/\/talkpal.ai\/lt\/arabu-kalbos-gramatikos-pratimai\/\",\"name\":\"Arab\u0173 kalbos gramatikos pratimai - Talkpal\",\"isPartOf\":{\"@id\":\"https:\/\/talkpal.ai\/lt\/#website\"},\"primaryImageOfPage\":{\"@id\":\"https:\/\/talkpal.ai\/lt\/arabu-kalbos-gramatikos-pratimai\/#primaryimage\"},\"image\":{\"@id\":\"https:\/\/talkpal.ai\/lt\/arabu-kalbos-gramatikos-pratimai\/#primaryimage\"},\"thumbnailUrl\":\"https:\/\/talkpal.ai\/wp-content\/uploads\/2023\/04\/arabic-united-arab-emirates.png\",\"datePublished\":\"2023-06-16T09:31:38+00:00\",\"dateModified\":\"2025-05-22T20:15:47+00:00\",\"description\":\"Pagerinkite savo supratim\u0105 arab\u0173 kalbos gramatikos pratimais, kuriuose pateikiamos esmin\u0117s taisykl\u0117s ir strukt\u016bros, padedan\u010dios \u012fvaldyti kalb\u0105.\",\"breadcrumb\":{\"@id\":\"https:\/\/talkpal.ai\/lt\/arabu-kalbos-gramatikos-pratimai\/#breadcrumb\"},\"inLanguage\":\"lt-LT\",\"potentialAction\":[{\"@type\":\"ReadAction\",\"target\":[\"https:\/\/talkpal.ai\/lt\/arabu-kalbos-gramatikos-pratimai\/\"]}]},{\"@type\":\"ImageObject\",\"inLanguage\":\"lt-LT\",\"@id\":\"https:\/\/talkpal.ai\/lt\/arabu-kalbos-gramatikos-pratimai\/#primaryimage\",\"url\":\"https:\/\/talkpal.ai\/wp-content\/uploads\/2023\/04\/arabic-united-arab-emirates.png\",\"contentUrl\":\"https:\/\/talkpal.ai\/wp-content\/uploads\/2023\/04\/arabic-united-arab-emirates.png\",\"width\":512,\"height\":512},{\"@type\":\"BreadcrumbList\",\"@id\":\"https:\/\/talkpal.ai\/lt\/arabu-kalbos-gramatikos-pratimai\/#breadcrumb\",\"itemListElement\":[{\"@type\":\"ListItem\",\"position\":1,\"name\":\"Homepage\",\"item\":\"https:\/\/talkpal.ai\/lt\/\"},{\"@type\":\"ListItem\",\"position\":2,\"name\":\"Arab\u0173 kalbos gramatikos pratimai\"}]},{\"@type\":\"WebSite\",\"@id\":\"https:\/\/talkpal.ai\/lt\/#website\",\"url\":\"https:\/\/talkpal.ai\/lt\/\",\"name\":\"Talkpal\",\"description\":\"AI Language Learning\",\"publisher\":{\"@id\":\"https:\/\/talkpal.ai\/lt\/#organization\"},\"alternateName\":\"Talkpal AI\",\"potentialAction\":[{\"@type\":\"SearchAction\",\"target\":{\"@type\":\"EntryPoint\",\"urlTemplate\":\"https:\/\/talkpal.ai\/lt\/?s={search_term_string}\"},\"query-input\":{\"@type\":\"PropertyValueSpecification\",\"valueRequired\":true,\"valueName\":\"search_term_string\"}}],\"inLanguage\":\"lt-LT\"},{\"@type\":\"Organization\",\"@id\":\"https:\/\/talkpal.ai\/lt\/#organization\",\"name\":\"Talkpal, Inc.\",\"alternateName\":\"Talkpal AI\",\"url\":\"https:\/\/talkpal.ai\/lt\/\",\"logo\":{\"@type\":\"ImageObject\",\"inLanguage\":\"lt-LT\",\"@id\":\"https:\/\/talkpal.ai\/lt\/#\/schema\/logo\/image\/\",\"url\":\"https:\/\/talkpal.ai\/wp-content\/uploads\/2024\/03\/Talkpal-Logo-Icon.png\",\"contentUrl\":\"https:\/\/talkpal.ai\/wp-content\/uploads\/2024\/03\/Talkpal-Logo-Icon.png\",\"width\":2880,\"height\":2880,\"caption\":\"Talkpal, Inc.\"},\"image\":{\"@id\":\"https:\/\/talkpal.ai\/lt\/#\/schema\/logo\/image\/\"},\"sameAs\":[\"https:\/\/www.facebook.com\/profile.php?id=100090733639311\",\"https:\/\/x.com\/talkpalai\",\"https:\/\/www.linkedin.com\/company\/talkpal\/\",\"https:\/\/www.youtube.com\/@TalkPal\/\",\"https:\/\/www.tiktok.com\/@talkpal\",\"https:\/\/www.instagram.com\/talkpal_ai\/\",\"https:\/\/www.crunchbase.com\/organization\/talkpal-9cde\",\"https:\/\/www.g2.com\/products\/talkpal-for-business\/\",\"https:\/\/www.trustpilot.com\/review\/talkpal.ai\",\"https:\/\/www.capterra.com\/p\/10006800\/TalkPal\/\"],\"description\":\"Talkpal is a language learning web and mobile education app, powered by the latest AI technologies, that provides engaging experiences to its customers in many different languages to help them improve their language skills. Users can chat about unlimited amount of topics with the app and use other modes to practice their language learning.\",\"email\":\"support@talkpal.ai\",\"legalName\":\"Talkpal, Inc.\",\"foundingDate\":\"2023-04-03\",\"duns\":\"118989042\",\"numberOfEmployees\":{\"@type\":\"QuantitativeValue\",\"minValue\":\"11\",\"maxValue\":\"50\"},\"publishingPrinciples\":\"https:\/\/talkpal.ai\/publishing-principles\/\",\"actionableFeedbackPolicy\":\"https:\/\/talkpal.ai\/actionable-feedback-policy\/\",\"correctionsPolicy\":\"https:\/\/talkpal.ai\/corrections-policy\/\",\"ethicsPolicy\":\"https:\/\/talkpal.ai\/ethics-policy\/\",\"diversityPolicy\":\"https:\/\/talkpal.ai\/diversity-policy\/\",\"diversityStaffingReport\":\"https:\/\/talkpal.ai\/diversity-policy\/\"}]}<\/script>\n<!-- \/ Yoast SEO Premium plugin. -->","yoast_head_json":{"title":"Arab\u0173 kalbos gramatikos pratimai - Talkpal","description":"Pagerinkite savo supratim\u0105 arab\u0173 kalbos gramatikos pratimais, kuriuose pateikiamos esmin\u0117s taisykl\u0117s ir strukt\u016bros, padedan\u010dios \u012fvaldyti kalb\u0105.","robots":{"index":"index","follow":"follow","max-snippet":"max-snippet:-1","max-image-preview":"max-image-preview:large","max-video-preview":"max-video-preview:-1"},"canonical":"https:\/\/talkpal.ai\/lt\/arabu-kalbos-gramatikos-pratimai\/","og_locale":"lt_LT","og_type":"article","og_title":"Arab\u0173 kalbos gramatikos pratimai","og_description":"Arab\u0173 kalbos gramatikos temos Arab\u0173 kalba, turinti turting\u0105 istorij\u0105 ir kult\u016brin\u0119 reik\u0161m\u0119, yra patraukli ir naudinga kalb\u0173 besimokan\u010di\u0173j\u0173 pastanga. Kaip","og_url":"https:\/\/talkpal.ai\/lt\/arabu-kalbos-gramatikos-pratimai\/","og_site_name":"Talkpal","article_publisher":"https:\/\/www.facebook.com\/profile.php?id=100090733639311","article_modified_time":"2025-05-22T20:15:47+00:00","og_image":[{"width":512,"height":512,"url":"https:\/\/talkpal.ai\/wp-content\/uploads\/2023\/04\/arabic-united-arab-emirates.png","type":"image\/png"}],"twitter_card":"summary_large_image","twitter_site":"@talkpalai","twitter_misc":{"Est. reading time":"3 minut\u0117s"},"schema":{"@context":"https:\/\/schema.org","@graph":[{"@type":"WebPage","@id":"https:\/\/talkpal.ai\/lt\/arabu-kalbos-gramatikos-pratimai\/","url":"https:\/\/talkpal.ai\/lt\/arabu-kalbos-gramatikos-pratimai\/","name":"Arab\u0173 kalbos gramatikos pratimai - Talkpal","isPartOf":{"@id":"https:\/\/talkpal.ai\/lt\/#website"},"primaryImageOfPage":{"@id":"https:\/\/talkpal.ai\/lt\/arabu-kalbos-gramatikos-pratimai\/#primaryimage"},"image":{"@id":"https:\/\/talkpal.ai\/lt\/arabu-kalbos-gramatikos-pratimai\/#primaryimage"},"thumbnailUrl":"https:\/\/talkpal.ai\/wp-content\/uploads\/2023\/04\/arabic-united-arab-emirates.png","datePublished":"2023-06-16T09:31:38+00:00","dateModified":"2025-05-22T20:15:47+00:00","description":"Pagerinkite savo supratim\u0105 arab\u0173 kalbos gramatikos pratimais, kuriuose pateikiamos esmin\u0117s taisykl\u0117s ir strukt\u016bros, padedan\u010dios \u012fvaldyti kalb\u0105.","breadcrumb":{"@id":"https:\/\/talkpal.ai\/lt\/arabu-kalbos-gramatikos-pratimai\/#breadcrumb"},"inLanguage":"lt-LT","potentialAction":[{"@type":"ReadAction","target":["https:\/\/talkpal.ai\/lt\/arabu-kalbos-gramatikos-pratimai\/"]}]},{"@type":"ImageObject","inLanguage":"lt-LT","@id":"https:\/\/talkpal.ai\/lt\/arabu-kalbos-gramatikos-pratimai\/#primaryimage","url":"https:\/\/talkpal.ai\/wp-content\/uploads\/2023\/04\/arabic-united-arab-emirates.png","contentUrl":"https:\/\/talkpal.ai\/wp-content\/uploads\/2023\/04\/arabic-united-arab-emirates.png","width":512,"height":512},{"@type":"BreadcrumbList","@id":"https:\/\/talkpal.ai\/lt\/arabu-kalbos-gramatikos-pratimai\/#breadcrumb","itemListElement":[{"@type":"ListItem","position":1,"name":"Homepage","item":"https:\/\/talkpal.ai\/lt\/"},{"@type":"ListItem","position":2,"name":"Arab\u0173 kalbos gramatikos pratimai"}]},{"@type":"WebSite","@id":"https:\/\/talkpal.ai\/lt\/#website","url":"https:\/\/talkpal.ai\/lt\/","name":"Talkpal","description":"AI Language Learning","publisher":{"@id":"https:\/\/talkpal.ai\/lt\/#organization"},"alternateName":"Talkpal AI","potentialAction":[{"@type":"SearchAction","target":{"@type":"EntryPoint","urlTemplate":"https:\/\/talkpal.ai\/lt\/?s={search_term_string}"},"query-input":{"@type":"PropertyValueSpecification","valueRequired":true,"valueName":"search_term_string"}}],"inLanguage":"lt-LT"},{"@type":"Organization","@id":"https:\/\/talkpal.ai\/lt\/#organization","name":"Talkpal, Inc.","alternateName":"Talkpal AI","url":"https:\/\/talkpal.ai\/lt\/","logo":{"@type":"ImageObject","inLanguage":"lt-LT","@id":"https:\/\/talkpal.ai\/lt\/#\/schema\/logo\/image\/","url":"https:\/\/talkpal.ai\/wp-content\/uploads\/2024\/03\/Talkpal-Logo-Icon.png","contentUrl":"https:\/\/talkpal.ai\/wp-content\/uploads\/2024\/03\/Talkpal-Logo-Icon.png","width":2880,"height":2880,"caption":"Talkpal, Inc."},"image":{"@id":"https:\/\/talkpal.ai\/lt\/#\/schema\/logo\/image\/"},"sameAs":["https:\/\/www.facebook.com\/profile.php?id=100090733639311","https:\/\/x.com\/talkpalai","https:\/\/www.linkedin.com\/company\/talkpal\/","https:\/\/www.youtube.com\/@TalkPal\/","https:\/\/www.tiktok.com\/@talkpal","https:\/\/www.instagram.com\/talkpal_ai\/","https:\/\/www.crunchbase.com\/organization\/talkpal-9cde","https:\/\/www.g2.com\/products\/talkpal-for-business\/","https:\/\/www.trustpilot.com\/review\/talkpal.ai","https:\/\/www.capterra.com\/p\/10006800\/TalkPal\/"],"description":"Talkpal is a language learning web and mobile education app, powered by the latest AI technologies, that provides engaging experiences to its customers in many different languages to help them improve their language skills. Users can chat about unlimited amount of topics with the app and use other modes to practice their language learning.","email":"support@talkpal.ai","legalName":"Talkpal, Inc.","foundingDate":"2023-04-03","duns":"118989042","numberOfEmployees":{"@type":"QuantitativeValue","minValue":"11","maxValue":"50"},"publishingPrinciples":"https:\/\/talkpal.ai\/publishing-principles\/","actionableFeedbackPolicy":"https:\/\/talkpal.ai\/actionable-feedback-policy\/","correctionsPolicy":"https:\/\/talkpal.ai\/corrections-policy\/","ethicsPolicy":"https:\/\/talkpal.ai\/ethics-policy\/","diversityPolicy":"https:\/\/talkpal.ai\/diversity-policy\/","diversityStaffingReport":"https:\/\/talkpal.ai\/diversity-policy\/"}]}},"_links":{"self":[{"href":"https:\/\/talkpal.ai\/lt\/wp-json\/wp\/v2\/pages\/132606","targetHints":{"allow":["GET"]}}],"collection":[{"href":"https:\/\/talkpal.ai\/lt\/wp-json\/wp\/v2\/pages"}],"about":[{"href":"https:\/\/talkpal.ai\/lt\/wp-json\/wp\/v2\/types\/page"}],"author":[{"embeddable":true,"href":"https:\/\/talkpal.ai\/lt\/wp-json\/wp\/v2\/users\/6"}],"replies":[{"embeddable":true,"href":"https:\/\/talkpal.ai\/lt\/wp-json\/wp\/v2\/comments?post=132606"}],"version-history":[{"count":0,"href":"https:\/\/talkpal.ai\/lt\/wp-json\/wp\/v2\/pages\/132606\/revisions"}],"wp:featuredmedia":[{"embeddable":true,"href":"https:\/\/talkpal.ai\/lt\/wp-json\/wp\/v2\/media\/105818"}],"wp:attachment":[{"href":"https:\/\/talkpal.ai\/lt\/wp-json\/wp\/v2\/media?parent=132606"}],"curies":[{"name":"wp","href":"https:\/\/api.w.org\/{rel}","templated":true}]}}