{"id":132254,"date":"2023-06-16T09:22:36","date_gmt":"2023-06-16T09:22:36","guid":{"rendered":"http:\/\/talkpal.ai\/italu-kalbos-gramatikos-pratimai\/"},"modified":"2025-12-17T16:13:58","modified_gmt":"2025-12-17T16:13:58","slug":"italu-kalbos-gramatikos-pratimai","status":"publish","type":"page","link":"https:\/\/talkpal.ai\/lt\/italu-kalbos-gramatikos-pratimai\/","title":{"rendered":"Ital\u0173 kalbos gramatikos pratimai"},"content":{"rendered":"\r\n\r\n\r\n<section class=\"languageChallengeSection\">\r\n    <div class=\"languageInfoWrapper\">\r\n        \r\n        <h1>Ital\u0173 kalbos gramatikos pratimai<\/h1>\r\n        <p>Ar esate pasiruo\u0161\u0119 pasitik\u0117ti savimi kalbant itali\u0161kai? Gramatikos praktika &#8211; geriausias b\u016bdas \u012fsisavinti sakinio strukt\u016br\u0105, veiksma\u017eod\u017ei\u0173 junginius ir unikalias <a href=\"https:\/\/talkpal.ai\/lt\/mokytis-italu-kalbos\/\">ital\u0173 kalbos<\/a> ypatybes. Prad\u0117kite mokytis <a href=\"https:\/\/talkpal.ai\/learn-italian\/\">ital\u0173<\/a> <a href=\"https:\/\/talkpal.ai\/what-language-is-spoken-on-the-international-space-station\/\">kalbos<\/a> gramatikos \u0161iandien ir pamatysite, kaip su kiekvienu \u017eingsniu ger\u0117ja j\u016bs\u0173 \u012fg\u016bd\u017eiai ir sklandumas!\n\n<\/p>\r\n\r\n                            <a class=\"getStartedHidden\" href=\"https:\/\/app.talkpal.ai\/lt\/signup?lng=\">Prad\u0117k<\/a>\r\n        \r\n    <\/div>\r\n\r\n    <figure>\r\n    <img decoding=\"async\" width=\"768\" height=\"768\" src=\"https:\/\/talkpal.ai\/wp-content\/uploads\/2023\/06\/italian-768x768.png\" class=\"languageImage no-lazy\" alt=\"Language learning for increased memory capacity\" fetchpriority=\"high\" sizes=\"(max-width: 768px) 150px, 768px\" srcset=\"https:\/\/talkpal.ai\/wp-content\/uploads\/2023\/06\/italian-768x768.png 768w, https:\/\/talkpal.ai\/wp-content\/uploads\/2023\/06\/italian-300x300.png 300w\" \/>\r\n    \r\n\r\n    <\/figure>\r\n\r\n            <a class=\"getStartedVisible\" href=\"https:\/\/app.talkpal.ai\/lt\/signup?lng=\">Prad\u0117k<\/a>\r\n    \r\n<\/section>\r\n\r\n\r\n<!-- <section class=\"grammarSection\">\r\n    <div class=\"grammarLinks\">\r\n        <a href=\"https:\/\/talkpal.ai\/lt\/exercise_language\/budvardziai-italu-kalbos-gramatika\/\">B\u016bdvard\u017eiai <\/a><a href=\"https:\/\/talkpal.ai\/lt\/exercise_language\/daiktavardziai-italu-kalbos-gramatika\/\">Daiktavard\u017eiai <\/a><a href=\"https:\/\/talkpal.ai\/lt\/exercise_language\/itemptas-palyginimas-italu-kalbos-gramatika\/\">\u012etemptas palyginimas <\/a><a href=\"https:\/\/talkpal.ai\/lt\/exercise_language\/ivardziai-italu-kalbos-gramatika\/\">\u012evard\u017eiai <\/a><a href=\"https:\/\/talkpal.ai\/lt\/exercise_language\/laikai-orientaciniai-italu-kalbos-gramatika\/\">Laikai orientaciniai <\/a><a href=\"https:\/\/talkpal.ai\/lt\/exercise_language\/prielinksniai-italu-kalbos-gramatika\/\">Prielinksniai <\/a><a href=\"https:\/\/talkpal.ai\/lt\/exercise_language\/prieveiksmiai-italu-kalbos-gramatika\/\">Prieveiksmiai <\/a><a href=\"https:\/\/talkpal.ai\/lt\/exercise_language\/sakinio-struktura-italu-kalbos-gramatika\/\">Sakinio strukt\u016bra <\/a><a href=\"https:\/\/talkpal.ai\/lt\/exercise_language\/straipsniai-italu-kalbos-gramatika\/\">Straipsniai <\/a><a href=\"https:\/\/talkpal.ai\/lt\/exercise_language\/tenses-subjunctive-italu-kalbos-gramatika\/\">Tenses Subjunctive <\/a><a href=\"https:\/\/talkpal.ai\/lt\/exercise_language\/veiksmazodziai-italu-kalbos-gramatika\/\">Veiksma\u017eod\u017eiai <\/a>    <\/div>\r\n<\/section> -->\r\n\r\n\r\n\r\n\r\n        <section class=\"grammarSection\">\r\n            <div class=\"grammarLinks\">\r\n                <a href=\"https:\/\/talkpal.ai\/lt\/exercise_language\/budvardziai-italu-kalbos-gramatika\/\">B\u016bdvard\u017eiai <\/a><a href=\"https:\/\/talkpal.ai\/lt\/exercise_language\/daiktavardziai-italu-kalbos-gramatika\/\">Daiktavard\u017eiai <\/a><a href=\"https:\/\/talkpal.ai\/lt\/exercise_language\/itemptas-palyginimas-italu-kalbos-gramatika\/\">\u012etemptas palyginimas <\/a><a href=\"https:\/\/talkpal.ai\/lt\/exercise_language\/ivardziai-italu-kalbos-gramatika\/\">\u012evard\u017eiai <\/a><a href=\"https:\/\/talkpal.ai\/lt\/exercise_language\/laikai-orientaciniai-italu-kalbos-gramatika\/\">Laikai orientaciniai <\/a><a href=\"https:\/\/talkpal.ai\/lt\/exercise_language\/prielinksniai-italu-kalbos-gramatika\/\">Prielinksniai <\/a><a href=\"https:\/\/talkpal.ai\/lt\/exercise_language\/prieveiksmiai-italu-kalbos-gramatika\/\">Prieveiksmiai <\/a><a href=\"https:\/\/talkpal.ai\/lt\/exercise_language\/sakinio-struktura-italu-kalbos-gramatika\/\">Sakinio strukt\u016bra <\/a><a href=\"https:\/\/talkpal.ai\/lt\/exercise_language\/straipsniai-italu-kalbos-gramatika\/\">Straipsniai <\/a><a href=\"https:\/\/talkpal.ai\/lt\/exercise_language\/tenses-subjunctive-italu-kalbos-gramatika\/\">Tenses Subjunctive <\/a><a href=\"https:\/\/talkpal.ai\/lt\/exercise_language\/veiksmazodziai-italu-kalbos-gramatika\/\">Veiksma\u017eod\u017eiai <\/a>            <\/div>\r\n        <\/section>\r\n<section class=\"promotionalBanner\">\r\n    <p class=\"promotionalText\">Efektyviausias b\u016bdas mokytis kalbos<\/p>\r\n    <a class=\"promotionalLink\" href=\"https:\/\/app.talkpal.ai\/lt\/signup?lng=\">I\u0161bandykite Talkpal &#8221; nemokamai<\/a>\r\n<\/section>\n<div class=\"wp-block-group pageContainerStyle\"><div class=\"wp-block-group__inner-container is-layout-constrained wp-block-group-is-layout-constrained\">\n<h2 class=\"wp-block-heading\" id=\"h-italian-grammar-topics\">Ital\u0173 kalbos gramatikos temos<\/h2>\n\n\n\n<p>Naujos <a href=\"https:\/\/talkpal.ai\/lt\/kaip-ismokti-kalba-per-talkpal-chat\/\">kalbos mokymasis<\/a> yra \u012fdomi kelion\u0117, atverianti naujas galimybes ir kult\u016brin\u0119 patirt\u012f. Viena gra\u017eiausi\u0173 ir pla\u010diausiai vartojam\u0173 kalb\u0173 yra ital\u0173, \u017einoma d\u0117l savo muzikalumo, i\u0161rai\u0161kingumo ir turtingos istorijos. Norint efektyviai mokytis <a href=\"https:\/\/talkpal.ai\/lt\/mokytis-italu-kalbos\/\">ital\u0173 kalbos<\/a>, labai svarbu ai\u0161kiai suprasti jos gramatik\u0105, kuri yra pagrindas kalbos \u012fg\u016bd\u017eiams ugdyti. <a href=\"https:\/\/talkpal.ai\/learn-thai\/\">Tai<\/a> apima \u012fvairi\u0173 aspekt\u0173, toki\u0173 kaip laikai, veiksma\u017eod\u017eiai, daiktavard\u017eiai, straipsniai ir kt., \u012esisavinim\u0105. \u0160iame vadove i\u0161nagrin\u0117sime gramatikos tem\u0173 sek\u0105, kuri pad\u0117s organizuotai ir efektyviai <a href=\"https:\/\/talkpal.ai\/fr\/comment-apprendre-litalien\/\">i\u0161mokti ital\u0173 kalb\u0105<\/a>.<\/p>\n\n\n\n<h3 class=\"wp-block-heading\" id=\"h-1-nouns-and-articles\">1. Daiktavard\u017eiai ir straipsniai:<\/h3>\n\n\n\n<p>Prad\u0117kite savo ital\u0173 kalbos mokymosi kelion\u0119 daiktavard\u017eiais ir straipsniais, nes jie yra pagrindiniai bet kurio sakinio elementai. Daiktavard\u017eiai yra \u017eod\u017eiai, rei\u0161kiantys \u017emones, vietas, daiktus ar id\u0117jas. Ital\u0173 kalba daiktavard\u017eiai turi lytis (vyri\u0161k\u0105 ir moteri\u0161k\u0105) ir skai\u010dius (vienaskait\u0105 ir daugiskait\u0105). Straipsniai yra \u017eod\u017eiai, lydintys daiktavard\u017eius, jie taip pat turi lyt\u012f ir skai\u010di\u0173. Susipa\u017einkite su konkre\u010diais (il, la ir tt) ir neapibr\u0117\u017etais straipsniais (un, una ir tt), kad sudarytum\u0117te paprastas frazes.<\/p>\n\n\n\n<h3 class=\"wp-block-heading\" id=\"h-2-adjectives\">2. B\u016bdvard\u017eiai:<\/h3>\n\n\n\n<p>B\u016bdvard\u017eiai suteikia informacijos apie daiktavard\u017eius, pvz., spalv\u0105, dyd\u012f ar kokyb\u0119. Ital\u0173 kalba b\u016bdvard\u017eiai sutampa su lytimi ir skai\u010diumi su daiktavard\u017eiu, kur\u012f jie apib\u016bdina. Su\u017einokite b\u016bdvard\u017ei\u0173 i\u0161d\u0117stymo ir susitarimo taisykles, kad pagerintum\u0117te savo apra\u0161omosios kalbos \u012fg\u016bd\u017eius.<\/p>\n\n\n\n<h3 class=\"wp-block-heading\" id=\"h-3-pronouns\">3. \u012evard\u017eiai:<\/h3>\n\n\n\n<p>\u012evard\u017eiai pakei\u010dia daiktavard\u017eius sakiniuose, kad b\u016bt\u0173 i\u0161vengta pasikartojimo. Studij\u0173 dalyko \u012fvard\u017eiai (io, tu, lui ir kt.), Tiesioginiai ir netiesioginiai objekt\u0173 \u012fvard\u017eiai (lo, la, gli ir kt.) ir nuosavyb\u0117s \u012fvard\u017eiai (mio, tuo, suo ir kt.), Kad j\u016bs\u0173 kalba b\u016bt\u0173 \u012fvairesn\u0117.<\/p>\n\n\n\n<h3 class=\"wp-block-heading\" id=\"h-4-verbs-and-tenses-indicative\">4. Veiksma\u017eod\u017eiai ir laikai Orientaciniai:<\/h3>\n\n\n\n<p>Veiksma\u017eod\u017eiai i\u0161rei\u0161kia veiksmus, b\u016bsenas ar \u012fvykius. Ital\u0173 veiksma\u017eod\u017eiai turi skirtingas konjugacijas pagal tem\u0105, \u012ftamp\u0105 ir nuotaik\u0105. Prad\u0117kite nuo \u012fprast\u0173 veiksma\u017eod\u017ei\u0173 dabartin\u0117je \u012ftampoje, pvz., Parlare (kalb\u0117ti), ir palaipsniui i\u0161mokite kitus laikus, pvz., Praeit\u012f (<a href=\"https:\/\/talkpal.ai\/ar\/grammar_exercises\/passato-prossimo-%d8%aa%d9%85%d8%a7%d8%b1%d9%8a%d9%86-%d9%84%d9%84%d9%82%d9%88%d8%a7%d8%b9%d8%af-%d8%a7%d9%84%d8%a5%d9%8a%d8%b7%d8%a7%d9%84%d9%8a%d8%a9\/\">passato prossimo<\/a>) ir ateit\u012f (futuro semplice).<\/p>\n\n\n\n<h3 class=\"wp-block-heading\" id=\"h-5-tenses-subjunctive\">5. Laik\u0173 subjunkcija:<\/h3>\n\n\n\n<p>Subjunkcin\u0117 nuotaika i\u0161rei\u0161kia abejones, netikrum\u0105 ar asmenin\u0119 nuomon\u0119. Su\u017einokite apie keturis subjunkcinius laikus (dabart\u012f, praeit\u012f, netobulum\u0105 ir praeities tobulum\u0105) ir j\u0173 naudojim\u0105 i\u0161rei\u0161kiant norus, norus ir hipotetines situacijas.<\/p>\n\n\n\n<h3 class=\"wp-block-heading\" id=\"h-6-tense-comparison\">6. \u012etemptas palyginimas:<\/h3>\n\n\n\n<p>Ugdykite savo geb\u0117jim\u0105 palyginti veiksmus skirtingais laikotarpiais, i\u0161mokdami naudoti lyginam\u0105sias ir puikias b\u016bdvard\u017ei\u0173 ir prieveiksmi\u0173 formas. Tai leis jums palyginti \u017emones, objektus ar situacijas.<\/p>\n\n\n\n<h3 class=\"wp-block-heading\" id=\"h-7-adverbs\">7. Prieveiksmiai:<\/h3>\n\n\n\n<p>Prieveiksmiai modifikuoja veiksma\u017eod\u017eius, b\u016bdvard\u017eius ar kitus prieveiksmius, pateikdami papildomos informacijos apie laik\u0105, b\u016bd\u0105 ar laipsn\u012f. Su\u017einokite \u012fprastus ital\u0173 kalbos prieveiksmius ir j\u0173 i\u0161d\u0117stym\u0105 sakiniuose, kad padidintum\u0117te savo sklandum\u0105.<\/p>\n\n\n\n<h3 class=\"wp-block-heading\" id=\"h-8-prepositions\">8. Prielinksniai:<\/h3>\n\n\n\n<p>Prielinksniai yra b\u016btini norint sujungti \u017eod\u017eius ir frazes, nurodant tokius ry\u0161ius kaip vieta, laikas ar prie\u017eastis. \u012evaldykite \u012fprastus itali\u0161kus prielinksnius (di, a, da ir kt.) ir j\u0173 vartojim\u0105 \u012fvairiuose kontekstuose.<\/p>\n\n\n\n<h3 class=\"wp-block-heading\" id=\"h-9-sentence-structure\">9. Sakinio strukt\u016bra:<\/h3>\n\n\n\n<p>Galiausiai, sujunkite visus gramatikos komponentus, studijuodami ital\u0173 sakini\u0173 strukt\u016br\u0105. Su\u017einokite apie dalyko, veiksma\u017eod\u017eio ir objekto tvark\u0105, neigim\u0105 ir klausim\u0173 formavim\u0105, kad sukurtum\u0117te tikslius ir prasmingus sakinius.<\/p>\n\n\n\n<p>Laikydamiesi \u0161ios gramatikos tem\u0173 sekos ir skirdami laiko praktikai bei per\u017ei\u016brai, jums puikiai seksis \u012fsisavinti ital\u0173 kalb\u0105 ir m\u0117gautis turtinga kalbine ir kult\u016brine patirtimi, kuri\u0105 ji si\u016blo.<\/p>\n<\/div><\/div>\n\r\n<section class=\"learnNavigationSection\">\r\n            \r\n        <a href=\"https:\/\/talkpal.ai\/lt\/mokytis-italu-kalbos\/\">\r\n            <div class=\"learnNavigationWrapper\">\r\n                <div class=\"learnNavigationContent\">\r\n                    <img decoding=\"async\" src=\"https:\/\/talkpal.ai\/wp-content\/uploads\/2024\/08\/Italian.jpg\" alt=\"Italian Flag\">\r\n                    <div>\r\n                        <h4>Apie ital\u0173 kalbos mokym\u0105si<\/h4>\r\n                        <p>Su\u017einokite visk\u0105 apie ital\u0173 kalbos gramatik\u0105.<\/p>\r\n                    <\/div>\r\n                <\/div>\r\n            <\/div>\r\n        <\/a>\r\n\r\n        \r\n        <a href=\"https:\/\/talkpal.ai\/lt\/italu-kalbos-gramatika\/\">\r\n            <div class=\"learnNavigationWrapper\">\r\n                <div class=\"learnNavigationContent\">\r\n                    <img decoding=\"async\" src=\"https:\/\/talkpal.ai\/wp-content\/uploads\/2024\/08\/Italian.jpg\" alt=\"Italian Flag\">\r\n                    <div>\r\n                        <h4>Ital\u0173 kalbos gramatikos pamokos<\/h4>\r\n                        <p>Praktikuokite ital\u0173 kalbos gramatik\u0105.<\/p>\r\n                    <\/div>\r\n                <\/div>\r\n            <\/div>\r\n        <\/a>\r\n\r\n        \r\n        <a href=\"https:\/\/talkpal.ai\/vocabulary_language\/italian\/\">\r\n            <div class=\"learnNavigationWrapper\">\r\n                <div class=\"learnNavigationContent\">\r\n                    <img decoding=\"async\" src=\"https:\/\/talkpal.ai\/wp-content\/uploads\/2024\/08\/Italian.jpg\" alt=\"Italian Flag\">\r\n                    <div>\r\n                        <h4>Ital\u0173 kalbos \u017eodynas<\/h4>\r\n                        <p>Prapl\u0117skite savo ital\u0173 kalbos \u017eodyn\u0105.<\/p>\r\n                    <\/div>\r\n                <\/div>\r\n            <\/div>\r\n        <\/a>\r\n\r\n            <\/section>","protected":false},"excerpt":{"rendered":"<p>Ital\u0173 kalbos gramatikos temos Naujos kalbos mokymasis yra \u012fdomi kelion\u0117, atverianti naujas galimybes ir kult\u016brin\u0119 patirt\u012f. Viena gra\u017eiausi\u0173 ir pla\u010diausiai vartojam\u0173 kalb\u0173 yra ital\u0173, \u017einoma d\u0117l savo muzikalumo, i\u0161rai\u0161kingumo ir turtingos istorijos. Norint efektyviai mokytis ital\u0173 kalbos, labai svarbu ai\u0161kiai suprasti jos gramatik\u0105, kuri yra pagrindas kalbos \u012fg\u016bd\u017eiams ugdyti. Tai apima \u012fvairi\u0173 aspekt\u0173, toki\u0173 kaip [&hellip;]<\/p>\n","protected":false},"author":6,"featured_media":76143,"parent":0,"menu_order":0,"comment_status":"closed","ping_status":"closed","template":"LearningContentPage.php","meta":{"_acf_changed":false,"footnotes":""},"class_list":["post-132254","page","type-page","status-publish","has-post-thumbnail","hentry"],"acf":[],"yoast_head":"<!-- This site is optimized with the Yoast SEO Premium plugin v27.2 (Yoast SEO v27.2) - https:\/\/yoast.com\/product\/yoast-seo-premium-wordpress\/ -->\n<title>Ital\u0173 kalbos gramatikos pratimai - Talkpal<\/title>\n<meta name=\"description\" content=\"Efektyviai stiprinkite ital\u0173 kalbos gramatik\u0105 - tobulinkite \u012fg\u016bd\u017eius naudodami praktinius pratimus, interaktyvi\u0105 praktik\u0105 ir tiesiogin\u012f gr\u012f\u017etam\u0105j\u012f ry\u0161\u012f\" \/>\n<meta name=\"robots\" content=\"index, follow, max-snippet:-1, max-image-preview:large, max-video-preview:-1\" \/>\n<link rel=\"canonical\" href=\"https:\/\/talkpal.ai\/lt\/italu-kalbos-gramatikos-pratimai\/\" \/>\n<meta property=\"og:locale\" content=\"lt_LT\" \/>\n<meta property=\"og:type\" content=\"article\" \/>\n<meta property=\"og:title\" content=\"Ital\u0173 kalbos gramatikos pratimai\" \/>\n<meta property=\"og:description\" content=\"Ital\u0173 kalbos gramatikos temos Naujos kalbos mokymasis yra \u012fdomi kelion\u0117, atverianti naujas galimybes ir kult\u016brin\u0119 patirt\u012f. Viena gra\u017eiausi\u0173 ir pla\u010diausiai\" \/>\n<meta property=\"og:url\" content=\"https:\/\/talkpal.ai\/lt\/italu-kalbos-gramatikos-pratimai\/\" \/>\n<meta property=\"og:site_name\" content=\"Talkpal\" \/>\n<meta property=\"article:publisher\" content=\"https:\/\/www.facebook.com\/profile.php?id=100090733639311\" \/>\n<meta property=\"article:modified_time\" content=\"2025-12-17T16:13:58+00:00\" \/>\n<meta property=\"og:image\" content=\"https:\/\/talkpal.ai\/wp-content\/uploads\/2023\/03\/italy.png\" \/>\n\t<meta property=\"og:image:width\" content=\"512\" \/>\n\t<meta property=\"og:image:height\" content=\"512\" \/>\n\t<meta property=\"og:image:type\" content=\"image\/png\" \/>\n<meta name=\"twitter:card\" content=\"summary_large_image\" \/>\n<meta name=\"twitter:site\" content=\"@talkpalai\" \/>\n<meta name=\"twitter:label1\" content=\"Est. reading time\" \/>\n\t<meta name=\"twitter:data1\" content=\"3 minut\u0117s\" \/>\n<script type=\"application\/ld+json\" class=\"yoast-schema-graph\">{\"@context\":\"https:\/\/schema.org\",\"@graph\":[{\"@type\":\"WebPage\",\"@id\":\"https:\/\/talkpal.ai\/lt\/italu-kalbos-gramatikos-pratimai\/\",\"url\":\"https:\/\/talkpal.ai\/lt\/italu-kalbos-gramatikos-pratimai\/\",\"name\":\"Ital\u0173 kalbos gramatikos pratimai - Talkpal\",\"isPartOf\":{\"@id\":\"https:\/\/talkpal.ai\/lt\/#website\"},\"primaryImageOfPage\":{\"@id\":\"https:\/\/talkpal.ai\/lt\/italu-kalbos-gramatikos-pratimai\/#primaryimage\"},\"image\":{\"@id\":\"https:\/\/talkpal.ai\/lt\/italu-kalbos-gramatikos-pratimai\/#primaryimage\"},\"thumbnailUrl\":\"https:\/\/talkpal.ai\/wp-content\/uploads\/2023\/03\/italy.png\",\"datePublished\":\"2023-06-16T09:22:36+00:00\",\"dateModified\":\"2025-12-17T16:13:58+00:00\",\"description\":\"Efektyviai stiprinkite ital\u0173 kalbos gramatik\u0105 - tobulinkite \u012fg\u016bd\u017eius naudodami praktinius pratimus, interaktyvi\u0105 praktik\u0105 ir tiesiogin\u012f gr\u012f\u017etam\u0105j\u012f ry\u0161\u012f\",\"breadcrumb\":{\"@id\":\"https:\/\/talkpal.ai\/lt\/italu-kalbos-gramatikos-pratimai\/#breadcrumb\"},\"inLanguage\":\"lt-LT\",\"potentialAction\":[{\"@type\":\"ReadAction\",\"target\":[\"https:\/\/talkpal.ai\/lt\/italu-kalbos-gramatikos-pratimai\/\"]}]},{\"@type\":\"ImageObject\",\"inLanguage\":\"lt-LT\",\"@id\":\"https:\/\/talkpal.ai\/lt\/italu-kalbos-gramatikos-pratimai\/#primaryimage\",\"url\":\"https:\/\/talkpal.ai\/wp-content\/uploads\/2023\/03\/italy.png\",\"contentUrl\":\"https:\/\/talkpal.ai\/wp-content\/uploads\/2023\/03\/italy.png\",\"width\":512,\"height\":512,\"caption\":\"TalkPal AI learn Italian\"},{\"@type\":\"BreadcrumbList\",\"@id\":\"https:\/\/talkpal.ai\/lt\/italu-kalbos-gramatikos-pratimai\/#breadcrumb\",\"itemListElement\":[{\"@type\":\"ListItem\",\"position\":1,\"name\":\"Homepage\",\"item\":\"https:\/\/talkpal.ai\/lt\/\"},{\"@type\":\"ListItem\",\"position\":2,\"name\":\"Ital\u0173 kalbos gramatikos pratimai\"}]},{\"@type\":\"WebSite\",\"@id\":\"https:\/\/talkpal.ai\/lt\/#website\",\"url\":\"https:\/\/talkpal.ai\/lt\/\",\"name\":\"Talkpal\",\"description\":\"AI Language Learning\",\"publisher\":{\"@id\":\"https:\/\/talkpal.ai\/lt\/#organization\"},\"alternateName\":\"Talkpal AI\",\"potentialAction\":[{\"@type\":\"SearchAction\",\"target\":{\"@type\":\"EntryPoint\",\"urlTemplate\":\"https:\/\/talkpal.ai\/lt\/?s={search_term_string}\"},\"query-input\":{\"@type\":\"PropertyValueSpecification\",\"valueRequired\":true,\"valueName\":\"search_term_string\"}}],\"inLanguage\":\"lt-LT\"},{\"@type\":\"Organization\",\"@id\":\"https:\/\/talkpal.ai\/lt\/#organization\",\"name\":\"Talkpal, Inc.\",\"alternateName\":\"Talkpal AI\",\"url\":\"https:\/\/talkpal.ai\/lt\/\",\"logo\":{\"@type\":\"ImageObject\",\"inLanguage\":\"lt-LT\",\"@id\":\"https:\/\/talkpal.ai\/lt\/#\/schema\/logo\/image\/\",\"url\":\"https:\/\/talkpal.ai\/wp-content\/uploads\/2024\/03\/Talkpal-Logo-Icon.png\",\"contentUrl\":\"https:\/\/talkpal.ai\/wp-content\/uploads\/2024\/03\/Talkpal-Logo-Icon.png\",\"width\":2880,\"height\":2880,\"caption\":\"Talkpal, Inc.\"},\"image\":{\"@id\":\"https:\/\/talkpal.ai\/lt\/#\/schema\/logo\/image\/\"},\"sameAs\":[\"https:\/\/www.facebook.com\/profile.php?id=100090733639311\",\"https:\/\/x.com\/talkpalai\",\"https:\/\/www.linkedin.com\/company\/talkpal\/\",\"https:\/\/www.youtube.com\/@TalkPal\/\",\"https:\/\/www.tiktok.com\/@talkpal\",\"https:\/\/www.instagram.com\/talkpal_ai\/\",\"https:\/\/www.crunchbase.com\/organization\/talkpal-9cde\",\"https:\/\/www.g2.com\/products\/talkpal-for-business\/\",\"https:\/\/www.trustpilot.com\/review\/talkpal.ai\",\"https:\/\/www.capterra.com\/p\/10006800\/TalkPal\/\"],\"description\":\"Talkpal is a language learning web and mobile education app, powered by the latest AI technologies, that provides engaging experiences to its customers in many different languages to help them improve their language skills. Users can chat about unlimited amount of topics with the app and use other modes to practice their language learning.\",\"email\":\"support@talkpal.ai\",\"legalName\":\"Talkpal, Inc.\",\"foundingDate\":\"2023-04-03\",\"duns\":\"118989042\",\"numberOfEmployees\":{\"@type\":\"QuantitativeValue\",\"minValue\":\"11\",\"maxValue\":\"50\"},\"publishingPrinciples\":\"https:\/\/talkpal.ai\/publishing-principles\/\",\"actionableFeedbackPolicy\":\"https:\/\/talkpal.ai\/actionable-feedback-policy\/\",\"correctionsPolicy\":\"https:\/\/talkpal.ai\/corrections-policy\/\",\"ethicsPolicy\":\"https:\/\/talkpal.ai\/ethics-policy\/\",\"diversityPolicy\":\"https:\/\/talkpal.ai\/diversity-policy\/\",\"diversityStaffingReport\":\"https:\/\/talkpal.ai\/diversity-policy\/\"}]}<\/script>\n<!-- \/ Yoast SEO Premium plugin. -->","yoast_head_json":{"title":"Ital\u0173 kalbos gramatikos pratimai - Talkpal","description":"Efektyviai stiprinkite ital\u0173 kalbos gramatik\u0105 - tobulinkite \u012fg\u016bd\u017eius naudodami praktinius pratimus, interaktyvi\u0105 praktik\u0105 ir tiesiogin\u012f gr\u012f\u017etam\u0105j\u012f ry\u0161\u012f","robots":{"index":"index","follow":"follow","max-snippet":"max-snippet:-1","max-image-preview":"max-image-preview:large","max-video-preview":"max-video-preview:-1"},"canonical":"https:\/\/talkpal.ai\/lt\/italu-kalbos-gramatikos-pratimai\/","og_locale":"lt_LT","og_type":"article","og_title":"Ital\u0173 kalbos gramatikos pratimai","og_description":"Ital\u0173 kalbos gramatikos temos Naujos kalbos mokymasis yra \u012fdomi kelion\u0117, atverianti naujas galimybes ir kult\u016brin\u0119 patirt\u012f. Viena gra\u017eiausi\u0173 ir pla\u010diausiai","og_url":"https:\/\/talkpal.ai\/lt\/italu-kalbos-gramatikos-pratimai\/","og_site_name":"Talkpal","article_publisher":"https:\/\/www.facebook.com\/profile.php?id=100090733639311","article_modified_time":"2025-12-17T16:13:58+00:00","og_image":[{"width":512,"height":512,"url":"https:\/\/talkpal.ai\/wp-content\/uploads\/2023\/03\/italy.png","type":"image\/png"}],"twitter_card":"summary_large_image","twitter_site":"@talkpalai","twitter_misc":{"Est. reading time":"3 minut\u0117s"},"schema":{"@context":"https:\/\/schema.org","@graph":[{"@type":"WebPage","@id":"https:\/\/talkpal.ai\/lt\/italu-kalbos-gramatikos-pratimai\/","url":"https:\/\/talkpal.ai\/lt\/italu-kalbos-gramatikos-pratimai\/","name":"Ital\u0173 kalbos gramatikos pratimai - Talkpal","isPartOf":{"@id":"https:\/\/talkpal.ai\/lt\/#website"},"primaryImageOfPage":{"@id":"https:\/\/talkpal.ai\/lt\/italu-kalbos-gramatikos-pratimai\/#primaryimage"},"image":{"@id":"https:\/\/talkpal.ai\/lt\/italu-kalbos-gramatikos-pratimai\/#primaryimage"},"thumbnailUrl":"https:\/\/talkpal.ai\/wp-content\/uploads\/2023\/03\/italy.png","datePublished":"2023-06-16T09:22:36+00:00","dateModified":"2025-12-17T16:13:58+00:00","description":"Efektyviai stiprinkite ital\u0173 kalbos gramatik\u0105 - tobulinkite \u012fg\u016bd\u017eius naudodami praktinius pratimus, interaktyvi\u0105 praktik\u0105 ir tiesiogin\u012f gr\u012f\u017etam\u0105j\u012f ry\u0161\u012f","breadcrumb":{"@id":"https:\/\/talkpal.ai\/lt\/italu-kalbos-gramatikos-pratimai\/#breadcrumb"},"inLanguage":"lt-LT","potentialAction":[{"@type":"ReadAction","target":["https:\/\/talkpal.ai\/lt\/italu-kalbos-gramatikos-pratimai\/"]}]},{"@type":"ImageObject","inLanguage":"lt-LT","@id":"https:\/\/talkpal.ai\/lt\/italu-kalbos-gramatikos-pratimai\/#primaryimage","url":"https:\/\/talkpal.ai\/wp-content\/uploads\/2023\/03\/italy.png","contentUrl":"https:\/\/talkpal.ai\/wp-content\/uploads\/2023\/03\/italy.png","width":512,"height":512,"caption":"TalkPal AI learn Italian"},{"@type":"BreadcrumbList","@id":"https:\/\/talkpal.ai\/lt\/italu-kalbos-gramatikos-pratimai\/#breadcrumb","itemListElement":[{"@type":"ListItem","position":1,"name":"Homepage","item":"https:\/\/talkpal.ai\/lt\/"},{"@type":"ListItem","position":2,"name":"Ital\u0173 kalbos gramatikos pratimai"}]},{"@type":"WebSite","@id":"https:\/\/talkpal.ai\/lt\/#website","url":"https:\/\/talkpal.ai\/lt\/","name":"Talkpal","description":"AI Language Learning","publisher":{"@id":"https:\/\/talkpal.ai\/lt\/#organization"},"alternateName":"Talkpal AI","potentialAction":[{"@type":"SearchAction","target":{"@type":"EntryPoint","urlTemplate":"https:\/\/talkpal.ai\/lt\/?s={search_term_string}"},"query-input":{"@type":"PropertyValueSpecification","valueRequired":true,"valueName":"search_term_string"}}],"inLanguage":"lt-LT"},{"@type":"Organization","@id":"https:\/\/talkpal.ai\/lt\/#organization","name":"Talkpal, Inc.","alternateName":"Talkpal AI","url":"https:\/\/talkpal.ai\/lt\/","logo":{"@type":"ImageObject","inLanguage":"lt-LT","@id":"https:\/\/talkpal.ai\/lt\/#\/schema\/logo\/image\/","url":"https:\/\/talkpal.ai\/wp-content\/uploads\/2024\/03\/Talkpal-Logo-Icon.png","contentUrl":"https:\/\/talkpal.ai\/wp-content\/uploads\/2024\/03\/Talkpal-Logo-Icon.png","width":2880,"height":2880,"caption":"Talkpal, Inc."},"image":{"@id":"https:\/\/talkpal.ai\/lt\/#\/schema\/logo\/image\/"},"sameAs":["https:\/\/www.facebook.com\/profile.php?id=100090733639311","https:\/\/x.com\/talkpalai","https:\/\/www.linkedin.com\/company\/talkpal\/","https:\/\/www.youtube.com\/@TalkPal\/","https:\/\/www.tiktok.com\/@talkpal","https:\/\/www.instagram.com\/talkpal_ai\/","https:\/\/www.crunchbase.com\/organization\/talkpal-9cde","https:\/\/www.g2.com\/products\/talkpal-for-business\/","https:\/\/www.trustpilot.com\/review\/talkpal.ai","https:\/\/www.capterra.com\/p\/10006800\/TalkPal\/"],"description":"Talkpal is a language learning web and mobile education app, powered by the latest AI technologies, that provides engaging experiences to its customers in many different languages to help them improve their language skills. Users can chat about unlimited amount of topics with the app and use other modes to practice their language learning.","email":"support@talkpal.ai","legalName":"Talkpal, Inc.","foundingDate":"2023-04-03","duns":"118989042","numberOfEmployees":{"@type":"QuantitativeValue","minValue":"11","maxValue":"50"},"publishingPrinciples":"https:\/\/talkpal.ai\/publishing-principles\/","actionableFeedbackPolicy":"https:\/\/talkpal.ai\/actionable-feedback-policy\/","correctionsPolicy":"https:\/\/talkpal.ai\/corrections-policy\/","ethicsPolicy":"https:\/\/talkpal.ai\/ethics-policy\/","diversityPolicy":"https:\/\/talkpal.ai\/diversity-policy\/","diversityStaffingReport":"https:\/\/talkpal.ai\/diversity-policy\/"}]}},"_links":{"self":[{"href":"https:\/\/talkpal.ai\/lt\/wp-json\/wp\/v2\/pages\/132254","targetHints":{"allow":["GET"]}}],"collection":[{"href":"https:\/\/talkpal.ai\/lt\/wp-json\/wp\/v2\/pages"}],"about":[{"href":"https:\/\/talkpal.ai\/lt\/wp-json\/wp\/v2\/types\/page"}],"author":[{"embeddable":true,"href":"https:\/\/talkpal.ai\/lt\/wp-json\/wp\/v2\/users\/6"}],"replies":[{"embeddable":true,"href":"https:\/\/talkpal.ai\/lt\/wp-json\/wp\/v2\/comments?post=132254"}],"version-history":[{"count":0,"href":"https:\/\/talkpal.ai\/lt\/wp-json\/wp\/v2\/pages\/132254\/revisions"}],"wp:featuredmedia":[{"embeddable":true,"href":"https:\/\/talkpal.ai\/lt\/wp-json\/wp\/v2\/media\/76143"}],"wp:attachment":[{"href":"https:\/\/talkpal.ai\/lt\/wp-json\/wp\/v2\/media?parent=132254"}],"curies":[{"name":"wp","href":"https:\/\/api.w.org\/{rel}","templated":true}]}}