{"id":132053,"date":"2023-06-16T09:14:18","date_gmt":"2023-06-16T09:14:18","guid":{"rendered":"http:\/\/talkpal.ai\/vokieciu-kalbos-gramatikos-pratimai\/"},"modified":"2025-12-17T16:11:29","modified_gmt":"2025-12-17T16:11:29","slug":"vokieciu-kalbos-gramatikos-pratimai","status":"publish","type":"page","link":"https:\/\/talkpal.ai\/lt\/vokieciu-kalbos-gramatikos-pratimai\/","title":{"rendered":"Vokie\u010di\u0173 kalbos gramatikos pratimai"},"content":{"rendered":"\r\n\r\n\r\n<section class=\"languageChallengeSection\">\r\n    <div class=\"languageInfoWrapper\">\r\n        \r\n        <h1>Vokie\u010di\u0173 kalbos gramatikos pratimai<\/h1>\r\n        <p>Ar esate pasireng\u0119 sustiprinti savo <a href=\"https:\/\/talkpal.ai\/lt\/mokytis-vokieciu-kalbos\/\">vokie\u010di\u0173 kalbos<\/a> gramatik\u0105? Gramatikos pratimai &#8211; puikus b\u016bdas i\u0161mokti vokie\u010di\u0173 kalb\u0105. Prad\u0117kite dirbti \u0161iandien ir pamatysite, kaip su kiekvienu pratimu auga j\u016bs\u0173 pasitik\u0117jimas savimi ir skland\u017eiai kalbate!\n\n<\/p>\r\n\r\n                            <a class=\"getStartedHidden\" href=\"https:\/\/app.talkpal.ai\/lt\/signup?lng=\">Prad\u0117k<\/a>\r\n        \r\n    <\/div>\r\n\r\n    <figure>\r\n    <img decoding=\"async\" width=\"768\" height=\"768\" src=\"https:\/\/talkpal.ai\/wp-content\/uploads\/2023\/06\/german-768x768.png\" class=\"languageImage no-lazy\" alt=\"Language learning for global networking\" fetchpriority=\"high\" sizes=\"(max-width: 768px) 150px, 768px\" srcset=\"https:\/\/talkpal.ai\/wp-content\/uploads\/2023\/06\/german-768x768.png 768w, https:\/\/talkpal.ai\/wp-content\/uploads\/2023\/06\/german-300x300.png 300w\" \/>\r\n    \r\n\r\n    <\/figure>\r\n\r\n            <a class=\"getStartedVisible\" href=\"https:\/\/app.talkpal.ai\/lt\/signup?lng=\">Prad\u0117k<\/a>\r\n    \r\n<\/section>\r\n\r\n\r\n<!-- <section class=\"grammarSection\">\r\n    <div class=\"grammarLinks\">\r\n        <a href=\"https:\/\/talkpal.ai\/lt\/exercise_language\/budvardziai-vokieciu-kalbos-gramatika\/\">B\u016bdvard\u017eiai <\/a><a href=\"https:\/\/talkpal.ai\/lt\/exercise_language\/daiktavardziai-ir-straipsniai-vokieciu-kalbos-gramatika\/\">Daiktavard\u017eiai ir straipsniai <\/a><a href=\"https:\/\/talkpal.ai\/lt\/exercise_language\/declension-vokieciu-kalbos-gramatika\/\">Declension <\/a><a href=\"https:\/\/talkpal.ai\/lt\/exercise_language\/ivardziai-vokieciu-kalbos-gramatika\/\">\u012evard\u017eiai <\/a><a href=\"https:\/\/talkpal.ai\/lt\/exercise_language\/laikai-vokieciu-kalbos-gramatika\/\">Laikai <\/a><a href=\"https:\/\/talkpal.ai\/lt\/exercise_language\/prielinksniai-vokieciu-kalbos-gramatika\/\">Prielinksniai <\/a><a href=\"https:\/\/talkpal.ai\/lt\/exercise_language\/prieveiksmiai-vokieciu-kalbos-gramatika\/\">Prieveiksmiai <\/a><a href=\"https:\/\/talkpal.ai\/lt\/exercise_language\/sakinio-struktura-vokieciu-kalbos-gramatika\/\">Sakinio strukt\u016bra <\/a><a href=\"https:\/\/talkpal.ai\/lt\/exercise_language\/veiksmazodziai-vokieciu-kalbos-gramatika\/\">Veiksma\u017eod\u017eiai <\/a>    <\/div>\r\n<\/section> -->\r\n\r\n\r\n\r\n\r\n        <section class=\"grammarSection\">\r\n            <div class=\"grammarLinks\">\r\n                <a href=\"https:\/\/talkpal.ai\/lt\/exercise_language\/budvardziai-vokieciu-kalbos-gramatika\/\">B\u016bdvard\u017eiai <\/a><a href=\"https:\/\/talkpal.ai\/lt\/exercise_language\/daiktavardziai-ir-straipsniai-vokieciu-kalbos-gramatika\/\">Daiktavard\u017eiai ir straipsniai <\/a><a href=\"https:\/\/talkpal.ai\/lt\/exercise_language\/declension-vokieciu-kalbos-gramatika\/\">Declension <\/a><a href=\"https:\/\/talkpal.ai\/lt\/exercise_language\/ivardziai-vokieciu-kalbos-gramatika\/\">\u012evard\u017eiai <\/a><a href=\"https:\/\/talkpal.ai\/lt\/exercise_language\/laikai-vokieciu-kalbos-gramatika\/\">Laikai <\/a><a href=\"https:\/\/talkpal.ai\/lt\/exercise_language\/prielinksniai-vokieciu-kalbos-gramatika\/\">Prielinksniai <\/a><a href=\"https:\/\/talkpal.ai\/lt\/exercise_language\/prieveiksmiai-vokieciu-kalbos-gramatika\/\">Prieveiksmiai <\/a><a href=\"https:\/\/talkpal.ai\/lt\/exercise_language\/sakinio-struktura-vokieciu-kalbos-gramatika\/\">Sakinio strukt\u016bra <\/a><a href=\"https:\/\/talkpal.ai\/lt\/exercise_language\/veiksmazodziai-vokieciu-kalbos-gramatika\/\">Veiksma\u017eod\u017eiai <\/a>            <\/div>\r\n        <\/section>\r\n<section class=\"promotionalBanner\">\r\n    <p class=\"promotionalText\">Efektyviausias b\u016bdas mokytis <a href=\"https:\/\/talkpal.ai\/what-language-is-spoken-on-the-international-space-station\/\">kalbos<\/a><\/p>\r\n    <a class=\"promotionalLink\" href=\"https:\/\/app.talkpal.ai\/lt\/signup?lng=\">I\u0161bandykite Talkpal &#8221; nemokamai<\/a>\r\n<\/section>\n<div class=\"wp-block-group pageContainerStyle\"><div class=\"wp-block-group__inner-container is-layout-constrained wp-block-group-is-layout-constrained\">\n<h2 class=\"wp-block-heading\" id=\"h-german-grammar-topics\">Vokie\u010di\u0173 kalbos gramatikos temos<\/h2>\n\n\n\n<p>Naujos <a href=\"https:\/\/talkpal.ai\/lt\/kaip-ismokti-kalba-per-talkpal-chat\/\">kalbos mokymasis<\/a> gali b\u016bti nelengva u\u017eduotis, ta\u010diau taikant tinkam\u0105 po\u017ei\u016br\u012f, <a href=\"https:\/\/talkpal.ai\/learn-thai\/\">tai<\/a> gali b\u016bti \u012fdomi ir naudinga patirtis. <a href=\"https:\/\/talkpal.ai\/lt\/kalbejimas-vokieciu-kalba\/\">Vokie\u010di\u0173 kalba<\/a> yra labai strukt\u016brizuota ir logi\u0161ka kalba, tod\u0117l lengviau mokytis, jei ai\u0161kiai suprantate jos gramatikos taisykles. \u0160is vadovas pad\u0117s jums suprasti pagrindinius <a href=\"https:\/\/talkpal.ai\/lt\/mokytis-vokieciu-kalbos\/\">vokie\u010di\u0173 kalbos<\/a> gramatikos aspektus, tokius kaip laikai, veiksma\u017eod\u017eiai, daiktavard\u017eiai ir straipsniai, \u012fvard\u017eiai, b\u016bdvard\u017eiai, declension, prieveiksmiai, prielinksniai ir sakinio strukt\u016bra. Laikydamiesi \u0161ios sekos, gal\u0117site efektyviai ir efektyviai t\u0119sti savo vokie\u010di\u0173 kalbos mokymosi kelion\u0119.<\/p>\n\n\n\n<h3 class=\"wp-block-heading\" id=\"h-1-nouns-and-articles\">1. Daiktavard\u017eiai ir straipsniai:<\/h3>\n\n\n\n<p>Prad\u0117kite <a href=\"https:\/\/talkpal.ai\/lt\/lengviausias-budas-mokytis-vokieciu-kalbos-greitai-ir-efektyviai\/\">mokytis vokie\u010di\u0173 kalbos<\/a> daiktavard\u017ei\u0173 ir j\u0173 lydim\u0173j\u0173 straipsni\u0173 pagrind\u0173. Vokie\u010di\u0173 kalba turi tris lytis (vyri\u0161k\u0105, moteri\u0161k\u0105 ir neuterin\u0119) ir keturis atvejus (nominacin\u0117, akustin\u0117, dative ir genitive). \u0160i\u0173 taisykli\u0173 supratimas pad\u0117s jums nustatyti teising\u0105 kiekvieno daiktavard\u017eio straipsn\u012f ir pad\u0117ti pagrind\u0105 j\u016bs\u0173 vokie\u010di\u0173 kalbos gramatikos \u017einioms.<\/p>\n\n\n\n<h3 class=\"wp-block-heading\" id=\"h-2-pronouns\">2. \u012evard\u017eiai:<\/h3>\n\n\n\n<p>\u012evard\u017eiai pakei\u010dia daiktavard\u017eius sakinyje ir turi skirtingas formas, priklausomai nuo j\u0173 lyties, skai\u010diaus ir atvejo. Susipa\u017einkite su vokie\u010di\u0173 kalbos \u012fvard\u017eiais, tokiais kaip asmeniniai, savininki\u0161ki, refleksyv\u016bs ir santykiniai \u012fvard\u017eiai, kad sukurtum\u0117te sud\u0117tingesnius sakinius ir tiksliau i\u0161reik\u0161tum\u0117te savo mintis.<\/p>\n\n\n\n<h3 class=\"wp-block-heading\" id=\"h-3-verbs\">3. Veiksma\u017eod\u017eiai:<\/h3>\n\n\n\n<p>Veiksma\u017eod\u017eiai yra labai svarb\u016bs formuojant sakinius, nes jie i\u0161rei\u0161kia veiksmus ir b\u016bsenas. Su\u017einokite \u012fvairi\u0173 tip\u0173 vokie\u010di\u0173 veiksma\u017eod\u017eius, pvz., Reguliarius, netaisyklingus, modalinius ir refleksyvius veiksma\u017eod\u017eius, kartu su j\u0173 konjugacijomis dabartyje, praeityje ir ateityje. <a href=\"https:\/\/talkpal.ai\/learn-thai\/\">Tai<\/a> leis jums efektyviai bendrauti \u012fvairiose situacijose.<\/p>\n\n\n\n<h3 class=\"wp-block-heading\" id=\"h-4-tenses\">4. Laikai:<\/h3>\n\n\n\n<p>Laikai nurodo laik\u0105, kada \u012fvyksta veiksmas. Vokie\u010di\u0173 kalboje yra \u0161e\u0161i laikai: dabartis, paprasta praeitis, dabartis tobula, praeitis tobula, ateitis ir ateitis tobuli laikai. \u0160i\u0173 laik\u0173 taisykli\u0173 ir naudojimo supratimas pad\u0117s ai\u0161kiai ir tiksliai i\u0161reik\u0161ti save.<\/p>\n\n\n\n<h3 class=\"wp-block-heading\" id=\"h-5-adjectives\">5. B\u016bdvard\u017eiai:<\/h3>\n\n\n\n<p>B\u016bdvard\u017eiai apib\u016bdina daiktavard\u017ei\u0173 ir \u012fvard\u017ei\u0173 savybes ir sutinka su lytimi, skai\u010diumi ir atveju su daiktavard\u017eiu, kur\u012f jie kei\u010dia. Su\u017einokite b\u016bdvard\u017ei\u0173 deklaravimo taisykles, taip pat lyginam\u0105sias ir puikias formas, kad pagerintum\u0117te savo apra\u0161ymus ir padarytum\u0117te kalb\u0105 spalvingesn\u0119.<\/p>\n\n\n\n<h3 class=\"wp-block-heading\" id=\"h-6-declension\">6. Nuosmukis:<\/h3>\n\n\n\n<p>Declension yra daiktavard\u017ei\u0173, \u012fvard\u017ei\u0173 ir b\u016bdvard\u017ei\u0173 keitimo procesas, nurodantis j\u0173 gramatin\u0119 funkcij\u0105 sakinyje. Susipa\u017einkite su keturiais voki\u0161kais atvejais ir kaip jie veikia \u017eod\u017ei\u0173 gal\u016bnes, o tai leis jums sukurti gramati\u0161kai teisingus sakinius.<\/p>\n\n\n\n<h3 class=\"wp-block-heading\" id=\"h-7-adverbs\">7. Prieveiksmiai:<\/h3>\n\n\n\n<p>Prieveiksmiai suteikia papildomos informacijos apie veiksma\u017eod\u017eius, b\u016bdvard\u017eius ar kitus prieveiksmius. Su\u017einokite apie \u012fvairi\u0173 tip\u0173 vokie\u010di\u0173 kalbos prieveiksmius, pvz., nurodan\u010dius laik\u0105, b\u016bd\u0105 ir viet\u0105, ir kaip juos efektyviai naudoti, kad j\u016bs\u0173 kalba b\u016bt\u0173 niuansuota ir tiksli.<\/p>\n\n\n\n<h3 class=\"wp-block-heading\" id=\"h-8-prepositions\">8. Prielinksniai:<\/h3>\n\n\n\n<p>Prielinksniai naudojami nurodant ry\u0161\u012f tarp daiktavard\u017ei\u0173 ar \u012fvard\u017ei\u0173 ir kit\u0173 sakinio element\u0173. I\u0161nagrin\u0117kite \u012fvairius voki\u0161kus prielinksnius ir j\u0173 vartojim\u0105 skirtingais atvejais, kad geriau suprastum\u0117te, kaip sudaromi sakiniai.<\/p>\n\n\n\n<h3 class=\"wp-block-heading\" id=\"h-9-sentence-structure\">9. Sakinio strukt\u016bra:<\/h3>\n\n\n\n<p>Galiausiai susipa\u017einkite su vokie\u010di\u0173 kalbos sakini\u0173 strukt\u016bra, \u012fskaitant \u017eod\u017ei\u0173 tvark\u0105, antraeilius sakinius ir jungtukus. \u0160i\u0173 taisykli\u0173 supratimas pad\u0117s jums sukurti nuoseklius ir gerai strukt\u016brizuotus sakinius, leid\u017eian\u010dius ai\u0161kiai ir efektyviai i\u0161reik\u0161ti savo mintis vokie\u010di\u0173 kalba.<\/p>\n<\/div><\/div>\n\r\n<section class=\"learnNavigationSection\">\r\n            \r\n        <a href=\"https:\/\/talkpal.ai\/lt\/mokytis-vokieciu-kalbos\/\">\r\n            <div class=\"learnNavigationWrapper\">\r\n                <div class=\"learnNavigationContent\">\r\n                    <img decoding=\"async\" src=\"https:\/\/talkpal.ai\/wp-content\/uploads\/2024\/08\/German.jpg\" alt=\"German Flag\">\r\n                    <div>\r\n                        <h4>Apie vokie\u010di\u0173 kalbos mokym\u0105si<\/h4>\r\n                        <p>Su\u017einokite visk\u0105 apie vokie\u010di\u0173 kalbos gramatik\u0105.<\/p>\r\n                    <\/div>\r\n                <\/div>\r\n            <\/div>\r\n        <\/a>\r\n\r\n        \r\n        <a href=\"https:\/\/talkpal.ai\/lt\/vokieciu-kalbos-gramatika\/\">\r\n            <div class=\"learnNavigationWrapper\">\r\n                <div class=\"learnNavigationContent\">\r\n                    <img decoding=\"async\" src=\"https:\/\/talkpal.ai\/wp-content\/uploads\/2024\/08\/German.jpg\" alt=\"German Flag\">\r\n                    <div>\r\n                        <h4>Vokie\u010di\u0173 kalbos gramatikos pamokos<\/h4>\r\n                        <p>Praktikuokite vokie\u010di\u0173 kalbos gramatik\u0105.<\/p>\r\n                    <\/div>\r\n                <\/div>\r\n            <\/div>\r\n        <\/a>\r\n\r\n        \r\n        <a href=\"https:\/\/talkpal.ai\/vocabulary_language\/german\/\">\r\n            <div class=\"learnNavigationWrapper\">\r\n                <div class=\"learnNavigationContent\">\r\n                    <img decoding=\"async\" src=\"https:\/\/talkpal.ai\/wp-content\/uploads\/2024\/08\/German.jpg\" alt=\"German Flag\">\r\n                    <div>\r\n                        <h4>Vokie\u010di\u0173 kalbos \u017eodynas<\/h4>\r\n                        <p>Prapl\u0117skite savo vokie\u010di\u0173 kalbos \u017eodyn\u0105.<\/p>\r\n                    <\/div>\r\n                <\/div>\r\n            <\/div>\r\n        <\/a>\r\n\r\n            <\/section>","protected":false},"excerpt":{"rendered":"<p>Vokie\u010di\u0173 kalbos gramatikos temos Naujos kalbos mokymasis gali b\u016bti nelengva u\u017eduotis, ta\u010diau taikant tinkam\u0105 po\u017ei\u016br\u012f, tai gali b\u016bti \u012fdomi ir naudinga patirtis. Vokie\u010di\u0173 kalba yra labai strukt\u016brizuota ir logi\u0161ka kalba, tod\u0117l lengviau mokytis, jei ai\u0161kiai suprantate jos gramatikos taisykles. \u0160is vadovas pad\u0117s jums suprasti pagrindinius vokie\u010di\u0173 kalbos gramatikos aspektus, tokius kaip laikai, veiksma\u017eod\u017eiai, daiktavard\u017eiai ir [&hellip;]<\/p>\n","protected":false},"author":6,"featured_media":75540,"parent":0,"menu_order":0,"comment_status":"closed","ping_status":"closed","template":"LearningContentPage.php","meta":{"_acf_changed":false,"footnotes":""},"class_list":["post-132053","page","type-page","status-publish","has-post-thumbnail","hentry"],"acf":[],"yoast_head":"<!-- This site is optimized with the Yoast SEO Premium plugin v27.2 (Yoast SEO v27.2) - https:\/\/yoast.com\/product\/yoast-seo-premium-wordpress\/ -->\n<title>Vokie\u010di\u0173 kalbos gramatikos pratimai - Talkpal<\/title>\n<meta name=\"description\" content=\"Pagerinkite savo vokie\u010di\u0173 kalbos gramatik\u0105 naudodami praktinius pratimus - greitai tobul\u0117kite, praktikuokit\u0117s interaktyviai ir \u012fgykite pasitik\u0117jimo savo kalba naudodami Talkpal AI.\" \/>\n<meta name=\"robots\" content=\"index, follow, max-snippet:-1, max-image-preview:large, max-video-preview:-1\" \/>\n<link rel=\"canonical\" href=\"https:\/\/talkpal.ai\/lt\/vokieciu-kalbos-gramatikos-pratimai\/\" \/>\n<meta property=\"og:locale\" content=\"lt_LT\" \/>\n<meta property=\"og:type\" content=\"article\" \/>\n<meta property=\"og:title\" content=\"Vokie\u010di\u0173 kalbos gramatikos pratimai\" \/>\n<meta property=\"og:description\" content=\"Vokie\u010di\u0173 kalbos gramatikos temos Naujos kalbos mokymasis gali b\u016bti nelengva u\u017eduotis, ta\u010diau taikant tinkam\u0105 po\u017ei\u016br\u012f, tai gali b\u016bti \u012fdomi ir naudinga\" \/>\n<meta property=\"og:url\" content=\"https:\/\/talkpal.ai\/lt\/vokieciu-kalbos-gramatikos-pratimai\/\" \/>\n<meta property=\"og:site_name\" content=\"Talkpal\" \/>\n<meta property=\"article:publisher\" content=\"https:\/\/www.facebook.com\/profile.php?id=100090733639311\" \/>\n<meta property=\"article:modified_time\" content=\"2025-12-17T16:11:29+00:00\" \/>\n<meta property=\"og:image\" content=\"https:\/\/talkpal.ai\/wp-content\/uploads\/2023\/03\/germany.png\" \/>\n\t<meta property=\"og:image:width\" content=\"512\" \/>\n\t<meta property=\"og:image:height\" content=\"512\" \/>\n\t<meta property=\"og:image:type\" content=\"image\/png\" \/>\n<meta name=\"twitter:card\" content=\"summary_large_image\" \/>\n<meta name=\"twitter:site\" content=\"@talkpalai\" \/>\n<meta name=\"twitter:label1\" content=\"Est. reading time\" \/>\n\t<meta name=\"twitter:data1\" content=\"3 minut\u0117s\" \/>\n<script type=\"application\/ld+json\" class=\"yoast-schema-graph\">{\"@context\":\"https:\/\/schema.org\",\"@graph\":[{\"@type\":\"WebPage\",\"@id\":\"https:\/\/talkpal.ai\/lt\/vokieciu-kalbos-gramatikos-pratimai\/\",\"url\":\"https:\/\/talkpal.ai\/lt\/vokieciu-kalbos-gramatikos-pratimai\/\",\"name\":\"Vokie\u010di\u0173 kalbos gramatikos pratimai - Talkpal\",\"isPartOf\":{\"@id\":\"https:\/\/talkpal.ai\/lt\/#website\"},\"primaryImageOfPage\":{\"@id\":\"https:\/\/talkpal.ai\/lt\/vokieciu-kalbos-gramatikos-pratimai\/#primaryimage\"},\"image\":{\"@id\":\"https:\/\/talkpal.ai\/lt\/vokieciu-kalbos-gramatikos-pratimai\/#primaryimage\"},\"thumbnailUrl\":\"https:\/\/talkpal.ai\/wp-content\/uploads\/2023\/03\/germany.png\",\"datePublished\":\"2023-06-16T09:14:18+00:00\",\"dateModified\":\"2025-12-17T16:11:29+00:00\",\"description\":\"Pagerinkite savo vokie\u010di\u0173 kalbos gramatik\u0105 naudodami praktinius pratimus - greitai tobul\u0117kite, praktikuokit\u0117s interaktyviai ir \u012fgykite pasitik\u0117jimo savo kalba naudodami Talkpal AI.\",\"breadcrumb\":{\"@id\":\"https:\/\/talkpal.ai\/lt\/vokieciu-kalbos-gramatikos-pratimai\/#breadcrumb\"},\"inLanguage\":\"lt-LT\",\"potentialAction\":[{\"@type\":\"ReadAction\",\"target\":[\"https:\/\/talkpal.ai\/lt\/vokieciu-kalbos-gramatikos-pratimai\/\"]}]},{\"@type\":\"ImageObject\",\"inLanguage\":\"lt-LT\",\"@id\":\"https:\/\/talkpal.ai\/lt\/vokieciu-kalbos-gramatikos-pratimai\/#primaryimage\",\"url\":\"https:\/\/talkpal.ai\/wp-content\/uploads\/2023\/03\/germany.png\",\"contentUrl\":\"https:\/\/talkpal.ai\/wp-content\/uploads\/2023\/03\/germany.png\",\"width\":512,\"height\":512,\"caption\":\"TalkPal AI learn German\"},{\"@type\":\"BreadcrumbList\",\"@id\":\"https:\/\/talkpal.ai\/lt\/vokieciu-kalbos-gramatikos-pratimai\/#breadcrumb\",\"itemListElement\":[{\"@type\":\"ListItem\",\"position\":1,\"name\":\"Homepage\",\"item\":\"https:\/\/talkpal.ai\/lt\/\"},{\"@type\":\"ListItem\",\"position\":2,\"name\":\"Vokie\u010di\u0173 kalbos gramatikos pratimai\"}]},{\"@type\":\"WebSite\",\"@id\":\"https:\/\/talkpal.ai\/lt\/#website\",\"url\":\"https:\/\/talkpal.ai\/lt\/\",\"name\":\"Talkpal\",\"description\":\"AI Language Learning\",\"publisher\":{\"@id\":\"https:\/\/talkpal.ai\/lt\/#organization\"},\"alternateName\":\"Talkpal AI\",\"potentialAction\":[{\"@type\":\"SearchAction\",\"target\":{\"@type\":\"EntryPoint\",\"urlTemplate\":\"https:\/\/talkpal.ai\/lt\/?s={search_term_string}\"},\"query-input\":{\"@type\":\"PropertyValueSpecification\",\"valueRequired\":true,\"valueName\":\"search_term_string\"}}],\"inLanguage\":\"lt-LT\"},{\"@type\":\"Organization\",\"@id\":\"https:\/\/talkpal.ai\/lt\/#organization\",\"name\":\"Talkpal, Inc.\",\"alternateName\":\"Talkpal AI\",\"url\":\"https:\/\/talkpal.ai\/lt\/\",\"logo\":{\"@type\":\"ImageObject\",\"inLanguage\":\"lt-LT\",\"@id\":\"https:\/\/talkpal.ai\/lt\/#\/schema\/logo\/image\/\",\"url\":\"https:\/\/talkpal.ai\/wp-content\/uploads\/2024\/03\/Talkpal-Logo-Icon.png\",\"contentUrl\":\"https:\/\/talkpal.ai\/wp-content\/uploads\/2024\/03\/Talkpal-Logo-Icon.png\",\"width\":2880,\"height\":2880,\"caption\":\"Talkpal, Inc.\"},\"image\":{\"@id\":\"https:\/\/talkpal.ai\/lt\/#\/schema\/logo\/image\/\"},\"sameAs\":[\"https:\/\/www.facebook.com\/profile.php?id=100090733639311\",\"https:\/\/x.com\/talkpalai\",\"https:\/\/www.linkedin.com\/company\/talkpal\/\",\"https:\/\/www.youtube.com\/@TalkPal\/\",\"https:\/\/www.tiktok.com\/@talkpal\",\"https:\/\/www.instagram.com\/talkpal_ai\/\",\"https:\/\/www.crunchbase.com\/organization\/talkpal-9cde\",\"https:\/\/www.g2.com\/products\/talkpal-for-business\/\",\"https:\/\/www.trustpilot.com\/review\/talkpal.ai\",\"https:\/\/www.capterra.com\/p\/10006800\/TalkPal\/\"],\"description\":\"Talkpal is a language learning web and mobile education app, powered by the latest AI technologies, that provides engaging experiences to its customers in many different languages to help them improve their language skills. Users can chat about unlimited amount of topics with the app and use other modes to practice their language learning.\",\"email\":\"support@talkpal.ai\",\"legalName\":\"Talkpal, Inc.\",\"foundingDate\":\"2023-04-03\",\"duns\":\"118989042\",\"numberOfEmployees\":{\"@type\":\"QuantitativeValue\",\"minValue\":\"11\",\"maxValue\":\"50\"},\"publishingPrinciples\":\"https:\/\/talkpal.ai\/publishing-principles\/\",\"actionableFeedbackPolicy\":\"https:\/\/talkpal.ai\/actionable-feedback-policy\/\",\"correctionsPolicy\":\"https:\/\/talkpal.ai\/corrections-policy\/\",\"ethicsPolicy\":\"https:\/\/talkpal.ai\/ethics-policy\/\",\"diversityPolicy\":\"https:\/\/talkpal.ai\/diversity-policy\/\",\"diversityStaffingReport\":\"https:\/\/talkpal.ai\/diversity-policy\/\"}]}<\/script>\n<!-- \/ Yoast SEO Premium plugin. -->","yoast_head_json":{"title":"Vokie\u010di\u0173 kalbos gramatikos pratimai - Talkpal","description":"Pagerinkite savo vokie\u010di\u0173 kalbos gramatik\u0105 naudodami praktinius pratimus - greitai tobul\u0117kite, praktikuokit\u0117s interaktyviai ir \u012fgykite pasitik\u0117jimo savo kalba naudodami Talkpal AI.","robots":{"index":"index","follow":"follow","max-snippet":"max-snippet:-1","max-image-preview":"max-image-preview:large","max-video-preview":"max-video-preview:-1"},"canonical":"https:\/\/talkpal.ai\/lt\/vokieciu-kalbos-gramatikos-pratimai\/","og_locale":"lt_LT","og_type":"article","og_title":"Vokie\u010di\u0173 kalbos gramatikos pratimai","og_description":"Vokie\u010di\u0173 kalbos gramatikos temos Naujos kalbos mokymasis gali b\u016bti nelengva u\u017eduotis, ta\u010diau taikant tinkam\u0105 po\u017ei\u016br\u012f, tai gali b\u016bti \u012fdomi ir naudinga","og_url":"https:\/\/talkpal.ai\/lt\/vokieciu-kalbos-gramatikos-pratimai\/","og_site_name":"Talkpal","article_publisher":"https:\/\/www.facebook.com\/profile.php?id=100090733639311","article_modified_time":"2025-12-17T16:11:29+00:00","og_image":[{"width":512,"height":512,"url":"https:\/\/talkpal.ai\/wp-content\/uploads\/2023\/03\/germany.png","type":"image\/png"}],"twitter_card":"summary_large_image","twitter_site":"@talkpalai","twitter_misc":{"Est. reading time":"3 minut\u0117s"},"schema":{"@context":"https:\/\/schema.org","@graph":[{"@type":"WebPage","@id":"https:\/\/talkpal.ai\/lt\/vokieciu-kalbos-gramatikos-pratimai\/","url":"https:\/\/talkpal.ai\/lt\/vokieciu-kalbos-gramatikos-pratimai\/","name":"Vokie\u010di\u0173 kalbos gramatikos pratimai - Talkpal","isPartOf":{"@id":"https:\/\/talkpal.ai\/lt\/#website"},"primaryImageOfPage":{"@id":"https:\/\/talkpal.ai\/lt\/vokieciu-kalbos-gramatikos-pratimai\/#primaryimage"},"image":{"@id":"https:\/\/talkpal.ai\/lt\/vokieciu-kalbos-gramatikos-pratimai\/#primaryimage"},"thumbnailUrl":"https:\/\/talkpal.ai\/wp-content\/uploads\/2023\/03\/germany.png","datePublished":"2023-06-16T09:14:18+00:00","dateModified":"2025-12-17T16:11:29+00:00","description":"Pagerinkite savo vokie\u010di\u0173 kalbos gramatik\u0105 naudodami praktinius pratimus - greitai tobul\u0117kite, praktikuokit\u0117s interaktyviai ir \u012fgykite pasitik\u0117jimo savo kalba naudodami Talkpal AI.","breadcrumb":{"@id":"https:\/\/talkpal.ai\/lt\/vokieciu-kalbos-gramatikos-pratimai\/#breadcrumb"},"inLanguage":"lt-LT","potentialAction":[{"@type":"ReadAction","target":["https:\/\/talkpal.ai\/lt\/vokieciu-kalbos-gramatikos-pratimai\/"]}]},{"@type":"ImageObject","inLanguage":"lt-LT","@id":"https:\/\/talkpal.ai\/lt\/vokieciu-kalbos-gramatikos-pratimai\/#primaryimage","url":"https:\/\/talkpal.ai\/wp-content\/uploads\/2023\/03\/germany.png","contentUrl":"https:\/\/talkpal.ai\/wp-content\/uploads\/2023\/03\/germany.png","width":512,"height":512,"caption":"TalkPal AI learn German"},{"@type":"BreadcrumbList","@id":"https:\/\/talkpal.ai\/lt\/vokieciu-kalbos-gramatikos-pratimai\/#breadcrumb","itemListElement":[{"@type":"ListItem","position":1,"name":"Homepage","item":"https:\/\/talkpal.ai\/lt\/"},{"@type":"ListItem","position":2,"name":"Vokie\u010di\u0173 kalbos gramatikos pratimai"}]},{"@type":"WebSite","@id":"https:\/\/talkpal.ai\/lt\/#website","url":"https:\/\/talkpal.ai\/lt\/","name":"Talkpal","description":"AI Language Learning","publisher":{"@id":"https:\/\/talkpal.ai\/lt\/#organization"},"alternateName":"Talkpal AI","potentialAction":[{"@type":"SearchAction","target":{"@type":"EntryPoint","urlTemplate":"https:\/\/talkpal.ai\/lt\/?s={search_term_string}"},"query-input":{"@type":"PropertyValueSpecification","valueRequired":true,"valueName":"search_term_string"}}],"inLanguage":"lt-LT"},{"@type":"Organization","@id":"https:\/\/talkpal.ai\/lt\/#organization","name":"Talkpal, Inc.","alternateName":"Talkpal AI","url":"https:\/\/talkpal.ai\/lt\/","logo":{"@type":"ImageObject","inLanguage":"lt-LT","@id":"https:\/\/talkpal.ai\/lt\/#\/schema\/logo\/image\/","url":"https:\/\/talkpal.ai\/wp-content\/uploads\/2024\/03\/Talkpal-Logo-Icon.png","contentUrl":"https:\/\/talkpal.ai\/wp-content\/uploads\/2024\/03\/Talkpal-Logo-Icon.png","width":2880,"height":2880,"caption":"Talkpal, Inc."},"image":{"@id":"https:\/\/talkpal.ai\/lt\/#\/schema\/logo\/image\/"},"sameAs":["https:\/\/www.facebook.com\/profile.php?id=100090733639311","https:\/\/x.com\/talkpalai","https:\/\/www.linkedin.com\/company\/talkpal\/","https:\/\/www.youtube.com\/@TalkPal\/","https:\/\/www.tiktok.com\/@talkpal","https:\/\/www.instagram.com\/talkpal_ai\/","https:\/\/www.crunchbase.com\/organization\/talkpal-9cde","https:\/\/www.g2.com\/products\/talkpal-for-business\/","https:\/\/www.trustpilot.com\/review\/talkpal.ai","https:\/\/www.capterra.com\/p\/10006800\/TalkPal\/"],"description":"Talkpal is a language learning web and mobile education app, powered by the latest AI technologies, that provides engaging experiences to its customers in many different languages to help them improve their language skills. Users can chat about unlimited amount of topics with the app and use other modes to practice their language learning.","email":"support@talkpal.ai","legalName":"Talkpal, Inc.","foundingDate":"2023-04-03","duns":"118989042","numberOfEmployees":{"@type":"QuantitativeValue","minValue":"11","maxValue":"50"},"publishingPrinciples":"https:\/\/talkpal.ai\/publishing-principles\/","actionableFeedbackPolicy":"https:\/\/talkpal.ai\/actionable-feedback-policy\/","correctionsPolicy":"https:\/\/talkpal.ai\/corrections-policy\/","ethicsPolicy":"https:\/\/talkpal.ai\/ethics-policy\/","diversityPolicy":"https:\/\/talkpal.ai\/diversity-policy\/","diversityStaffingReport":"https:\/\/talkpal.ai\/diversity-policy\/"}]}},"_links":{"self":[{"href":"https:\/\/talkpal.ai\/lt\/wp-json\/wp\/v2\/pages\/132053","targetHints":{"allow":["GET"]}}],"collection":[{"href":"https:\/\/talkpal.ai\/lt\/wp-json\/wp\/v2\/pages"}],"about":[{"href":"https:\/\/talkpal.ai\/lt\/wp-json\/wp\/v2\/types\/page"}],"author":[{"embeddable":true,"href":"https:\/\/talkpal.ai\/lt\/wp-json\/wp\/v2\/users\/6"}],"replies":[{"embeddable":true,"href":"https:\/\/talkpal.ai\/lt\/wp-json\/wp\/v2\/comments?post=132053"}],"version-history":[{"count":0,"href":"https:\/\/talkpal.ai\/lt\/wp-json\/wp\/v2\/pages\/132053\/revisions"}],"wp:featuredmedia":[{"embeddable":true,"href":"https:\/\/talkpal.ai\/lt\/wp-json\/wp\/v2\/media\/75540"}],"wp:attachment":[{"href":"https:\/\/talkpal.ai\/lt\/wp-json\/wp\/v2\/media?parent=132053"}],"curies":[{"name":"wp","href":"https:\/\/api.w.org\/{rel}","templated":true}]}}