{"id":131777,"date":"2023-06-16T08:35:52","date_gmt":"2023-06-16T08:35:52","guid":{"rendered":"http:\/\/talkpal.ai\/prancuzu-kalbos-gramatikos-pratimai\/"},"modified":"2025-12-17T16:47:09","modified_gmt":"2025-12-17T16:47:09","slug":"prancuzu-kalbos-gramatikos-pratimai","status":"publish","type":"page","link":"https:\/\/talkpal.ai\/lt\/prancuzu-kalbos-gramatikos-pratimai\/","title":{"rendered":"Pranc\u016bz\u0173 kalbos gramatikos pratimai"},"content":{"rendered":"\r\n\r\n\r\n<section class=\"languageChallengeSection\">\r\n    <div class=\"languageInfoWrapper\">\r\n        \r\n        <h1>Pranc\u016bz\u0173 kalbos gramatikos pratimai<\/h1>\r\n        <p>Norite i\u0161mokti pranc\u016bz\u0173 kalb\u0105? Gramatikos pratimai yra puikus b\u016bdas suprasti sakinio strukt\u016br\u0105, veiksma\u017eod\u017ei\u0173 junginius ir unikalius <a href=\"https:\/\/talkpal.ai\/lt\/mokytis-prancuzu-kalbos\/\">pranc\u016bz\u0173 kalbos<\/a> modelius. Prad\u0117kite mokytis pranc\u016bz\u0173 <a href=\"https:\/\/talkpal.ai\/what-language-is-spoken-on-the-international-space-station\/\">kalbos<\/a> gramatikos \u0161iandien ir steb\u0117kite, kaip su kiekvienu pratimu auga j\u016bs\u0173 pasitik\u0117jimas savimi ir skland\u017eiai kalbate!\n\n<\/p>\r\n\r\n                            <a class=\"getStartedHidden\" href=\"https:\/\/app.talkpal.ai\/lt\/signup?lng=\">Prad\u0117k<\/a>\r\n        \r\n    <\/div>\r\n\r\n    <figure>\r\n    <img decoding=\"async\" width=\"768\" height=\"768\" src=\"https:\/\/talkpal.ai\/wp-content\/uploads\/2023\/06\/french-768x768.png\" class=\"languageImage no-lazy\" alt=\"Language learning strategies for professionals\" fetchpriority=\"high\" sizes=\"(max-width: 768px) 150px, 768px\" srcset=\"https:\/\/talkpal.ai\/wp-content\/uploads\/2023\/06\/french-768x768.png 768w, https:\/\/talkpal.ai\/wp-content\/uploads\/2023\/06\/french-300x300.png 300w\" \/>\r\n    \r\n\r\n    <\/figure>\r\n\r\n            <a class=\"getStartedVisible\" href=\"https:\/\/app.talkpal.ai\/lt\/signup?lng=\">Prad\u0117k<\/a>\r\n    \r\n<\/section>\r\n\r\n\r\n<!-- <section class=\"grammarSection\">\r\n    <div class=\"grammarLinks\">\r\n        <a href=\"https:\/\/talkpal.ai\/lt\/exercise_language\/budvardziai-prancuzu-kalbos-gramatika\/\">B\u016bdvard\u017eiai <\/a><a href=\"https:\/\/talkpal.ai\/lt\/exercise_language\/daiktavardziai-prancuzu-kalbos-gramatika\/\">Daiktavard\u017eiai <\/a><a href=\"https:\/\/talkpal.ai\/lt\/exercise_language\/ivardziai-ir-determinantai-prancuzu-kalbos-gramatika\/\">\u012evard\u017eiai ir determinantai <\/a><a href=\"https:\/\/talkpal.ai\/lt\/exercise_language\/laikai-orientaciniai-prancuzu-kalbos-gramatika\/\">Laikai \u2013 orientaciniai \u2013 pranc\u016bz\u0173 kalbos gramatika<\/a><a href=\"https:\/\/talkpal.ai\/lt\/exercise_language\/prielinksniai-prancuzu-kalbos-gramatika\/\">Prielinksniai <\/a><a href=\"https:\/\/talkpal.ai\/lt\/exercise_language\/prieveiksmiai-prancuzu-kalbos-gramatika\/\">Prieveiksmiai <\/a><a href=\"https:\/\/talkpal.ai\/lt\/exercise_language\/sakinio-struktura-prancuzu-kalbos-gramatika\/\">Sakinio strukt\u016bra <\/a><a href=\"https:\/\/talkpal.ai\/lt\/exercise_language\/straipsniai-prancuzu-kalbos-gramatika\/\">Straipsniai <\/a><a href=\"https:\/\/talkpal.ai\/lt\/exercise_language\/veiksmazodziai-prancuzu-kalbos-gramatika\/\">Veiksma\u017eod\u017eiai <\/a>    <\/div>\r\n<\/section> -->\r\n\r\n\r\n\r\n\r\n        <section class=\"grammarSection\">\r\n            <div class=\"grammarLinks\">\r\n                <a href=\"https:\/\/talkpal.ai\/lt\/exercise_language\/budvardziai-prancuzu-kalbos-gramatika\/\">B\u016bdvard\u017eiai <\/a><a href=\"https:\/\/talkpal.ai\/lt\/exercise_language\/daiktavardziai-prancuzu-kalbos-gramatika\/\">Daiktavard\u017eiai <\/a><a href=\"https:\/\/talkpal.ai\/lt\/exercise_language\/ivardziai-ir-determinantai-prancuzu-kalbos-gramatika\/\">\u012evard\u017eiai ir determinantai <\/a><a href=\"https:\/\/talkpal.ai\/lt\/exercise_language\/laikai-orientaciniai-prancuzu-kalbos-gramatika\/\">Laikai \u2013 orientaciniai \u2013 pranc\u016bz\u0173 kalbos gramatika<\/a><a href=\"https:\/\/talkpal.ai\/lt\/exercise_language\/prielinksniai-prancuzu-kalbos-gramatika\/\">Prielinksniai <\/a><a href=\"https:\/\/talkpal.ai\/lt\/exercise_language\/prieveiksmiai-prancuzu-kalbos-gramatika\/\">Prieveiksmiai <\/a><a href=\"https:\/\/talkpal.ai\/lt\/exercise_language\/sakinio-struktura-prancuzu-kalbos-gramatika\/\">Sakinio strukt\u016bra <\/a><a href=\"https:\/\/talkpal.ai\/lt\/exercise_language\/straipsniai-prancuzu-kalbos-gramatika\/\">Straipsniai <\/a><a href=\"https:\/\/talkpal.ai\/lt\/exercise_language\/veiksmazodziai-prancuzu-kalbos-gramatika\/\">Veiksma\u017eod\u017eiai <\/a>            <\/div>\r\n        <\/section>\r\n<section class=\"promotionalBanner\">\r\n    <p class=\"promotionalText\">Efektyviausias b\u016bdas mokytis kalbos<\/p>\r\n    <a class=\"promotionalLink\" href=\"https:\/\/app.talkpal.ai\/lt\/signup?lng=\">I\u0161bandykite Talkpal &#8221; nemokamai<\/a>\r\n<\/section>\n<div class=\"wp-block-group pageContainerStyle\"><div class=\"wp-block-group__inner-container is-layout-constrained wp-block-group-is-layout-constrained\">\n<h2 class=\"wp-block-heading\" id=\"h-french-grammar-topics\">Pranc\u016bz\u0173 kalbos gramatikos temos<\/h2>\n\n\n\n<p>Pranc\u016bz\u0173 kalbos <a href=\"https:\/\/talkpal.ai\/lt\/mokymasis\/\">mokymasis<\/a> gali b\u016bti \u012fdomi ir naudinga patirtis. Kaip kalba, turtinga istorija ir kult\u016bra, <a href=\"https:\/\/talkpal.ai\/lt\/sertifikatai-prancuzu-kalba\/\">pranc\u016bz\u0173 kalba<\/a> si\u016blo unikal\u0173 po\u017ei\u016br\u012f \u012f pasaul\u012f ir yra esmin\u0117 komunikacijos priemon\u0117 \u012fvairiose srityse. Norint veiksmingai i\u0161mokti pranc\u016bz\u0173 kalb\u0105, labai svarbu gerai suvokti jos gramatik\u0105, kuri yra bet kurios kalbos pagrindas. \u0160i pranc\u016bz\u0173 kalbos gramatikos tem\u0173 seka, \u012fskaitant b\u016bdvard\u017eius, prieveiksmius, straipsnius, daiktavard\u017eius, prielinksnius, \u012fvard\u017eius ir determinantus, sakinio strukt\u016br\u0105, laikus \u2013 orientacinius ir veiksma\u017eod\u017eius, pad\u0117s jums i\u0161mokti kalb\u0105.<\/p>\n\n\n\n<h3 class=\"wp-block-heading\" id=\"h-1-nouns\">1. Daiktavard\u017eiai:<\/h3>\n\n\n\n<p>Daiktavard\u017eiai yra pagrindiniai bet kurios kalbos statybiniai blokai, nes jie atstovauja \u017emon\u0117ms, vietoms, daiktams ar id\u0117joms. <a href=\"https:\/\/talkpal.ai\/lt\/sertifikatai-prancuzu-kalba\/\">Pranc\u016bz\u0173 kalba<\/a> daiktavard\u017eiai turi lytis (vyri\u0161k\u0105 ar moteri\u0161k\u0105) ir gali b\u016bti vienaskaita arba daugiskaita. Labai svarbu suprasti lyt\u012f ir daiktavard\u017ei\u0173 skai\u010di\u0173, nes <a href=\"https:\/\/talkpal.ai\/learn-thai\/\">tai<\/a> daro \u012ftak\u0105 kit\u0173 sakinio \u017eod\u017ei\u0173 formoms, pvz., B\u016bdvard\u017eiams, straipsniams ir \u012fvard\u017eiams.<\/p>\n\n\n\n<h3 class=\"wp-block-heading\" id=\"h-2-articles\">2. Straipsniai:<\/h3>\n\n\n\n<p>Straipsniai yra b\u016btini pranc\u016bz\u0173 kalbos gramatikoje, nes juose pateikiama informacija apie daiktavard\u017eio lyt\u012f ir skai\u010di\u0173. Pranc\u016bz\u0173 kalba yra trij\u0173 tip\u0173 straipsniai: apibr\u0117\u017etas (le, la, les), neribotas (un, une, des) ir partitive (du, de la, des). Atitinkamo straipsnio naudojimas padeda perteikti numatyt\u0105 sakinio prasm\u0119.<\/p>\n\n\n\n<h3 class=\"wp-block-heading\" id=\"h-3-adjectives\">3. B\u016bdvard\u017eiai:<\/h3>\n\n\n\n<p>B\u016bdvard\u017eiai naudojami daiktavard\u017eiams apib\u016bdinti ar keisti. Pranc\u016bz\u0173 kalba b\u016bdvard\u017eiai turi sutikti su daiktavard\u017eiu, kur\u012f jie kei\u010dia lytimi ir skai\u010diumi. Be to, b\u016bdvard\u017ei\u0173 pad\u0117tis sakinyje gali skirtis, nors dauguma b\u016bdvard\u017ei\u0173 seka j\u0173 apib\u016bdinam\u0105 daiktavard\u012f.<\/p>\n\n\n\n<h3 class=\"wp-block-heading\" id=\"h-4-pronouns-and-determiners\">4. \u012evard\u017eiai ir determinantai:<\/h3>\n\n\n\n<p>\u012evard\u017eiai pakei\u010dia daiktavard\u017eius, kad b\u016bt\u0173 i\u0161vengta pasikartojimo, o determinantai nurodo arba kiekybi\u0161kai \u012fvertina daiktavard\u017eius. Tiek \u012fvard\u017eiai, tiek determinantai turi sutikti su daiktavard\u017eiu, kur\u012f jie pakei\u010dia arba lydi lytimi ir skai\u010diumi. Pranc\u016bz\u0173 \u012fvard\u017eiai apima dalykinius \u012fvard\u017eius (je, tu, il ir kt.), Objekt\u0173 \u012fvard\u017eius (me, te, lui ir kt.) ir refleksyvius \u012fvard\u017eius (me, te, se ir kt.). Determinantai yra valdingi b\u016bdvard\u017eiai (mon, ma, mes ir kt.) ir parodomieji b\u016bdvard\u017eiai (ce, cette, ces ir kt.).<\/p>\n\n\n\n<h3 class=\"wp-block-heading\" id=\"h-5-verbs\">5. Veiksma\u017eod\u017eiai:<\/h3>\n\n\n\n<p>Veiksma\u017eod\u017eiai i\u0161rei\u0161kia veiksmus, b\u016bsenas ar \u012fvykius. Pranc\u016bz\u0173 kalba veiksma\u017eod\u017eiai yra konjuguoti, kad sutikt\u0173 su dalyku asmeni\u0161kai ir skai\u010diumi bei i\u0161reik\u0161t\u0173 skirtingus laikus ir nuotaikas. Reguliar\u016bs veiksma\u017eod\u017eiai atitinka nusp\u0117jam\u0105 model\u012f, o netaisyklingi veiksma\u017eod\u017eiai reikalauja \u012fsiminti.<\/p>\n\n\n\n<h3 class=\"wp-block-heading\" id=\"h-6-tenses-indicative\">6. Laikai &#8211; nurodomasis:<\/h3>\n\n\n\n<p>Orientacin\u0117 nuotaika naudojama faktams ir objektyviems teiginiams i\u0161reik\u0161ti. Pranc\u016bz\u0173 kalboje yra a\u0161tuoni laikai: dabartis, ateitis, netobula, paprasta praeitis, pluperfektas, ateitis tobula, praeitis s\u0105lygin\u0117 ir praeitis tobula. \u0160i\u0173 laik\u0173 supratimas ir \u012fsisavinimas yra labai svarbus norint i\u0161reik\u0161ti laik\u0105 ir sek\u0105 pranc\u016bz\u0173 kalba.<\/p>\n\n\n\n<h3 class=\"wp-block-heading\" id=\"h-7-adverbs\">7. Prieveiksmiai:<\/h3>\n\n\n\n<p>Prieveiksmiai modifikuoja veiksma\u017eod\u017eius, b\u016bdvard\u017eius ar kitus prieveiksmius, suteikdami papildomos informacijos apie veiksm\u0105, b\u016bsen\u0105 ar kokyb\u0119. Pranc\u016bz\u0173 kalba dauguma prieveiksmi\u0173 formuojami pridedant -ment prie moteri\u0161kos b\u016bdvard\u017eio formos. Prieveiksmiai paprastai seka veiksma\u017eod\u012f, kur\u012f jie modifikuoja.<\/p>\n\n\n\n<h3 class=\"wp-block-heading\" id=\"h-8-prepositions\">8. Prielinksniai:<\/h3>\n\n\n\n<p>Prielinksniai susieja \u017eod\u017eius ar \u017eod\u017ei\u0173 grupes, nurodydami ry\u0161ius, tokius kaip vieta, kryptis, laikas ar prie\u017eastis. \u012eprasti pranc\u016bzi\u0161ki prielinksniai yra \u00e0 (at, to), de (i\u0161, i\u0161), en (in, on) ir pour (for). Prielinksni\u0173 mokymasis ir j\u0173 vartojimas yra labai svarb\u016bs kuriant nuoseklius sakinius.<\/p>\n\n\n\n<h3 class=\"wp-block-heading\" id=\"h-9-sentence-structure\">9. Sakinio strukt\u016bra:<\/h3>\n\n\n\n<p>Pranc\u016bz\u0173 sakiniai atitinka dalyko-veiksma\u017eod\u017eio-objekto (SVO) strukt\u016br\u0105, pana\u0161i\u0105 \u012f <a href=\"https:\/\/talkpal.ai\/learn-english-with-ai\/\">angl\u0173<\/a> kalb\u0105. Ta\u010diau \u017eod\u017ei\u0173 tvarka gali skirtis priklausomai nuo \u012fvard\u017ei\u0173 vartojimo, neigimo ir pabr\u0117\u017eimo. Sakinio strukt\u016bros supratimas yra gyvybi\u0161kai svarbus formuojant ai\u0161kius ir tikslius teiginius ir klausimus pranc\u016bz\u0173 kalba.<\/p>\n<\/div><\/div>\n\r\n<section class=\"learnNavigationSection\">\r\n            \r\n        <a href=\"https:\/\/talkpal.ai\/lt\/mokytis-prancuzu-kalbos\/\">\r\n            <div class=\"learnNavigationWrapper\">\r\n                <div class=\"learnNavigationContent\">\r\n                    <img decoding=\"async\" src=\"https:\/\/talkpal.ai\/wp-content\/uploads\/2024\/08\/French.jpg\" alt=\"French Flag\">\r\n                    <div>\r\n                        <h4>Apie pranc\u016bz\u0173 kalbos mokym\u0105si<\/h4>\r\n                        <p>Su\u017einokite visk\u0105 apie pranc\u016bz\u0173 kalbos gramatik\u0105.<\/p>\r\n                    <\/div>\r\n                <\/div>\r\n            <\/div>\r\n        <\/a>\r\n\r\n        \r\n        <a href=\"https:\/\/talkpal.ai\/lt\/prancuzu-kalbos-gramatika\/\">\r\n            <div class=\"learnNavigationWrapper\">\r\n                <div class=\"learnNavigationContent\">\r\n                    <img decoding=\"async\" src=\"https:\/\/talkpal.ai\/wp-content\/uploads\/2024\/08\/French.jpg\" alt=\"French Flag\">\r\n                    <div>\r\n                        <h4>Pranc\u016bz\u0173 kalbos gramatikos pamokos<\/h4>\r\n                        <p>Praktikuokite pranc\u016bz\u0173 kalbos gramatik\u0105.<\/p>\r\n                    <\/div>\r\n                <\/div>\r\n            <\/div>\r\n        <\/a>\r\n\r\n        \r\n        <a href=\"https:\/\/talkpal.ai\/vocabulary_language\/french\/\">\r\n            <div class=\"learnNavigationWrapper\">\r\n                <div class=\"learnNavigationContent\">\r\n                    <img decoding=\"async\" src=\"https:\/\/talkpal.ai\/wp-content\/uploads\/2024\/08\/French.jpg\" alt=\"French Flag\">\r\n                    <div>\r\n                        <h4>Pranc\u016bz\u0173 kalbos \u017eodynas<\/h4>\r\n                        <p>Prapl\u0117skite savo pranc\u016bz\u0173 kalbos \u017eodyn\u0105.<\/p>\r\n                    <\/div>\r\n                <\/div>\r\n            <\/div>\r\n        <\/a>\r\n\r\n            <\/section>","protected":false},"excerpt":{"rendered":"<p>Pranc\u016bz\u0173 kalbos gramatikos temos Pranc\u016bz\u0173 kalbos mokymasis gali b\u016bti \u012fdomi ir naudinga patirtis. Kaip kalba, turtinga istorija ir kult\u016bra, pranc\u016bz\u0173 kalba si\u016blo unikal\u0173 po\u017ei\u016br\u012f \u012f pasaul\u012f ir yra esmin\u0117 komunikacijos priemon\u0117 \u012fvairiose srityse. Norint veiksmingai i\u0161mokti pranc\u016bz\u0173 kalb\u0105, labai svarbu gerai suvokti jos gramatik\u0105, kuri yra bet kurios kalbos pagrindas. \u0160i pranc\u016bz\u0173 kalbos gramatikos tem\u0173 [&hellip;]<\/p>\n","protected":false},"author":6,"featured_media":75845,"parent":0,"menu_order":0,"comment_status":"closed","ping_status":"closed","template":"LearningContentPage.php","meta":{"_acf_changed":false,"footnotes":""},"class_list":["post-131777","page","type-page","status-publish","has-post-thumbnail","hentry"],"acf":[],"yoast_head":"<!-- This site is optimized with the Yoast SEO Premium plugin v27.2 (Yoast SEO v27.2) - https:\/\/yoast.com\/product\/yoast-seo-premium-wordpress\/ -->\n<title>Pranc\u016bz\u0173 kalbos gramatikos pratimai - Talkpal<\/title>\n<meta name=\"description\" content=\"Praktikuokit\u0117s ir tobulinkite pranc\u016bz\u0173 kalbos gramatikos \u012fg\u016bd\u017eius naudodami interaktyvius pratimus, skirtus vis\u0173 lygi\u0173 mokiniams. Pagerinkite savo kalbos \u017einias!\" \/>\n<meta name=\"robots\" content=\"index, follow, max-snippet:-1, max-image-preview:large, max-video-preview:-1\" \/>\n<link rel=\"canonical\" href=\"https:\/\/talkpal.ai\/lt\/prancuzu-kalbos-gramatikos-pratimai\/\" \/>\n<meta property=\"og:locale\" content=\"lt_LT\" \/>\n<meta property=\"og:type\" content=\"article\" \/>\n<meta property=\"og:title\" content=\"Pranc\u016bz\u0173 kalbos gramatikos pratimai\" \/>\n<meta property=\"og:description\" content=\"Pranc\u016bz\u0173 kalbos gramatikos temos Pranc\u016bz\u0173 kalbos mokymasis gali b\u016bti \u012fdomi ir naudinga patirtis. Kaip kalba, turtinga istorija ir kult\u016bra, pranc\u016bz\u0173 kalba\" \/>\n<meta property=\"og:url\" content=\"https:\/\/talkpal.ai\/lt\/prancuzu-kalbos-gramatikos-pratimai\/\" \/>\n<meta property=\"og:site_name\" content=\"Talkpal\" \/>\n<meta property=\"article:publisher\" content=\"https:\/\/www.facebook.com\/profile.php?id=100090733639311\" \/>\n<meta property=\"article:modified_time\" content=\"2025-12-17T16:47:09+00:00\" \/>\n<meta property=\"og:image\" content=\"https:\/\/talkpal.ai\/wp-content\/uploads\/2023\/03\/france.png\" \/>\n\t<meta property=\"og:image:width\" content=\"512\" \/>\n\t<meta property=\"og:image:height\" content=\"512\" \/>\n\t<meta property=\"og:image:type\" content=\"image\/png\" \/>\n<meta name=\"twitter:card\" content=\"summary_large_image\" \/>\n<meta name=\"twitter:site\" content=\"@talkpalai\" \/>\n<meta name=\"twitter:label1\" content=\"Est. reading time\" \/>\n\t<meta name=\"twitter:data1\" content=\"3 minut\u0117s\" \/>\n<script type=\"application\/ld+json\" class=\"yoast-schema-graph\">{\"@context\":\"https:\/\/schema.org\",\"@graph\":[{\"@type\":\"WebPage\",\"@id\":\"https:\/\/talkpal.ai\/lt\/prancuzu-kalbos-gramatikos-pratimai\/\",\"url\":\"https:\/\/talkpal.ai\/lt\/prancuzu-kalbos-gramatikos-pratimai\/\",\"name\":\"Pranc\u016bz\u0173 kalbos gramatikos pratimai - Talkpal\",\"isPartOf\":{\"@id\":\"https:\/\/talkpal.ai\/lt\/#website\"},\"primaryImageOfPage\":{\"@id\":\"https:\/\/talkpal.ai\/lt\/prancuzu-kalbos-gramatikos-pratimai\/#primaryimage\"},\"image\":{\"@id\":\"https:\/\/talkpal.ai\/lt\/prancuzu-kalbos-gramatikos-pratimai\/#primaryimage\"},\"thumbnailUrl\":\"https:\/\/talkpal.ai\/wp-content\/uploads\/2023\/03\/france.png\",\"datePublished\":\"2023-06-16T08:35:52+00:00\",\"dateModified\":\"2025-12-17T16:47:09+00:00\",\"description\":\"Praktikuokit\u0117s ir tobulinkite pranc\u016bz\u0173 kalbos gramatikos \u012fg\u016bd\u017eius naudodami interaktyvius pratimus, skirtus vis\u0173 lygi\u0173 mokiniams. Pagerinkite savo kalbos \u017einias!\",\"breadcrumb\":{\"@id\":\"https:\/\/talkpal.ai\/lt\/prancuzu-kalbos-gramatikos-pratimai\/#breadcrumb\"},\"inLanguage\":\"lt-LT\",\"potentialAction\":[{\"@type\":\"ReadAction\",\"target\":[\"https:\/\/talkpal.ai\/lt\/prancuzu-kalbos-gramatikos-pratimai\/\"]}]},{\"@type\":\"ImageObject\",\"inLanguage\":\"lt-LT\",\"@id\":\"https:\/\/talkpal.ai\/lt\/prancuzu-kalbos-gramatikos-pratimai\/#primaryimage\",\"url\":\"https:\/\/talkpal.ai\/wp-content\/uploads\/2023\/03\/france.png\",\"contentUrl\":\"https:\/\/talkpal.ai\/wp-content\/uploads\/2023\/03\/france.png\",\"width\":512,\"height\":512,\"caption\":\"TalkPal AI learn French\"},{\"@type\":\"BreadcrumbList\",\"@id\":\"https:\/\/talkpal.ai\/lt\/prancuzu-kalbos-gramatikos-pratimai\/#breadcrumb\",\"itemListElement\":[{\"@type\":\"ListItem\",\"position\":1,\"name\":\"Homepage\",\"item\":\"https:\/\/talkpal.ai\/lt\/\"},{\"@type\":\"ListItem\",\"position\":2,\"name\":\"Pranc\u016bz\u0173 kalbos gramatikos pratimai\"}]},{\"@type\":\"WebSite\",\"@id\":\"https:\/\/talkpal.ai\/lt\/#website\",\"url\":\"https:\/\/talkpal.ai\/lt\/\",\"name\":\"Talkpal\",\"description\":\"AI Language Learning\",\"publisher\":{\"@id\":\"https:\/\/talkpal.ai\/lt\/#organization\"},\"alternateName\":\"Talkpal AI\",\"potentialAction\":[{\"@type\":\"SearchAction\",\"target\":{\"@type\":\"EntryPoint\",\"urlTemplate\":\"https:\/\/talkpal.ai\/lt\/?s={search_term_string}\"},\"query-input\":{\"@type\":\"PropertyValueSpecification\",\"valueRequired\":true,\"valueName\":\"search_term_string\"}}],\"inLanguage\":\"lt-LT\"},{\"@type\":\"Organization\",\"@id\":\"https:\/\/talkpal.ai\/lt\/#organization\",\"name\":\"Talkpal, Inc.\",\"alternateName\":\"Talkpal AI\",\"url\":\"https:\/\/talkpal.ai\/lt\/\",\"logo\":{\"@type\":\"ImageObject\",\"inLanguage\":\"lt-LT\",\"@id\":\"https:\/\/talkpal.ai\/lt\/#\/schema\/logo\/image\/\",\"url\":\"https:\/\/talkpal.ai\/wp-content\/uploads\/2024\/03\/Talkpal-Logo-Icon.png\",\"contentUrl\":\"https:\/\/talkpal.ai\/wp-content\/uploads\/2024\/03\/Talkpal-Logo-Icon.png\",\"width\":2880,\"height\":2880,\"caption\":\"Talkpal, Inc.\"},\"image\":{\"@id\":\"https:\/\/talkpal.ai\/lt\/#\/schema\/logo\/image\/\"},\"sameAs\":[\"https:\/\/www.facebook.com\/profile.php?id=100090733639311\",\"https:\/\/x.com\/talkpalai\",\"https:\/\/www.linkedin.com\/company\/talkpal\/\",\"https:\/\/www.youtube.com\/@TalkPal\/\",\"https:\/\/www.tiktok.com\/@talkpal\",\"https:\/\/www.instagram.com\/talkpal_ai\/\",\"https:\/\/www.crunchbase.com\/organization\/talkpal-9cde\",\"https:\/\/www.g2.com\/products\/talkpal-for-business\/\",\"https:\/\/www.trustpilot.com\/review\/talkpal.ai\",\"https:\/\/www.capterra.com\/p\/10006800\/TalkPal\/\"],\"description\":\"Talkpal is a language learning web and mobile education app, powered by the latest AI technologies, that provides engaging experiences to its customers in many different languages to help them improve their language skills. Users can chat about unlimited amount of topics with the app and use other modes to practice their language learning.\",\"email\":\"support@talkpal.ai\",\"legalName\":\"Talkpal, Inc.\",\"foundingDate\":\"2023-04-03\",\"duns\":\"118989042\",\"numberOfEmployees\":{\"@type\":\"QuantitativeValue\",\"minValue\":\"11\",\"maxValue\":\"50\"},\"publishingPrinciples\":\"https:\/\/talkpal.ai\/publishing-principles\/\",\"actionableFeedbackPolicy\":\"https:\/\/talkpal.ai\/actionable-feedback-policy\/\",\"correctionsPolicy\":\"https:\/\/talkpal.ai\/corrections-policy\/\",\"ethicsPolicy\":\"https:\/\/talkpal.ai\/ethics-policy\/\",\"diversityPolicy\":\"https:\/\/talkpal.ai\/diversity-policy\/\",\"diversityStaffingReport\":\"https:\/\/talkpal.ai\/diversity-policy\/\"}]}<\/script>\n<!-- \/ Yoast SEO Premium plugin. -->","yoast_head_json":{"title":"Pranc\u016bz\u0173 kalbos gramatikos pratimai - Talkpal","description":"Praktikuokit\u0117s ir tobulinkite pranc\u016bz\u0173 kalbos gramatikos \u012fg\u016bd\u017eius naudodami interaktyvius pratimus, skirtus vis\u0173 lygi\u0173 mokiniams. Pagerinkite savo kalbos \u017einias!","robots":{"index":"index","follow":"follow","max-snippet":"max-snippet:-1","max-image-preview":"max-image-preview:large","max-video-preview":"max-video-preview:-1"},"canonical":"https:\/\/talkpal.ai\/lt\/prancuzu-kalbos-gramatikos-pratimai\/","og_locale":"lt_LT","og_type":"article","og_title":"Pranc\u016bz\u0173 kalbos gramatikos pratimai","og_description":"Pranc\u016bz\u0173 kalbos gramatikos temos Pranc\u016bz\u0173 kalbos mokymasis gali b\u016bti \u012fdomi ir naudinga patirtis. Kaip kalba, turtinga istorija ir kult\u016bra, pranc\u016bz\u0173 kalba","og_url":"https:\/\/talkpal.ai\/lt\/prancuzu-kalbos-gramatikos-pratimai\/","og_site_name":"Talkpal","article_publisher":"https:\/\/www.facebook.com\/profile.php?id=100090733639311","article_modified_time":"2025-12-17T16:47:09+00:00","og_image":[{"width":512,"height":512,"url":"https:\/\/talkpal.ai\/wp-content\/uploads\/2023\/03\/france.png","type":"image\/png"}],"twitter_card":"summary_large_image","twitter_site":"@talkpalai","twitter_misc":{"Est. reading time":"3 minut\u0117s"},"schema":{"@context":"https:\/\/schema.org","@graph":[{"@type":"WebPage","@id":"https:\/\/talkpal.ai\/lt\/prancuzu-kalbos-gramatikos-pratimai\/","url":"https:\/\/talkpal.ai\/lt\/prancuzu-kalbos-gramatikos-pratimai\/","name":"Pranc\u016bz\u0173 kalbos gramatikos pratimai - Talkpal","isPartOf":{"@id":"https:\/\/talkpal.ai\/lt\/#website"},"primaryImageOfPage":{"@id":"https:\/\/talkpal.ai\/lt\/prancuzu-kalbos-gramatikos-pratimai\/#primaryimage"},"image":{"@id":"https:\/\/talkpal.ai\/lt\/prancuzu-kalbos-gramatikos-pratimai\/#primaryimage"},"thumbnailUrl":"https:\/\/talkpal.ai\/wp-content\/uploads\/2023\/03\/france.png","datePublished":"2023-06-16T08:35:52+00:00","dateModified":"2025-12-17T16:47:09+00:00","description":"Praktikuokit\u0117s ir tobulinkite pranc\u016bz\u0173 kalbos gramatikos \u012fg\u016bd\u017eius naudodami interaktyvius pratimus, skirtus vis\u0173 lygi\u0173 mokiniams. Pagerinkite savo kalbos \u017einias!","breadcrumb":{"@id":"https:\/\/talkpal.ai\/lt\/prancuzu-kalbos-gramatikos-pratimai\/#breadcrumb"},"inLanguage":"lt-LT","potentialAction":[{"@type":"ReadAction","target":["https:\/\/talkpal.ai\/lt\/prancuzu-kalbos-gramatikos-pratimai\/"]}]},{"@type":"ImageObject","inLanguage":"lt-LT","@id":"https:\/\/talkpal.ai\/lt\/prancuzu-kalbos-gramatikos-pratimai\/#primaryimage","url":"https:\/\/talkpal.ai\/wp-content\/uploads\/2023\/03\/france.png","contentUrl":"https:\/\/talkpal.ai\/wp-content\/uploads\/2023\/03\/france.png","width":512,"height":512,"caption":"TalkPal AI learn French"},{"@type":"BreadcrumbList","@id":"https:\/\/talkpal.ai\/lt\/prancuzu-kalbos-gramatikos-pratimai\/#breadcrumb","itemListElement":[{"@type":"ListItem","position":1,"name":"Homepage","item":"https:\/\/talkpal.ai\/lt\/"},{"@type":"ListItem","position":2,"name":"Pranc\u016bz\u0173 kalbos gramatikos pratimai"}]},{"@type":"WebSite","@id":"https:\/\/talkpal.ai\/lt\/#website","url":"https:\/\/talkpal.ai\/lt\/","name":"Talkpal","description":"AI Language Learning","publisher":{"@id":"https:\/\/talkpal.ai\/lt\/#organization"},"alternateName":"Talkpal AI","potentialAction":[{"@type":"SearchAction","target":{"@type":"EntryPoint","urlTemplate":"https:\/\/talkpal.ai\/lt\/?s={search_term_string}"},"query-input":{"@type":"PropertyValueSpecification","valueRequired":true,"valueName":"search_term_string"}}],"inLanguage":"lt-LT"},{"@type":"Organization","@id":"https:\/\/talkpal.ai\/lt\/#organization","name":"Talkpal, Inc.","alternateName":"Talkpal AI","url":"https:\/\/talkpal.ai\/lt\/","logo":{"@type":"ImageObject","inLanguage":"lt-LT","@id":"https:\/\/talkpal.ai\/lt\/#\/schema\/logo\/image\/","url":"https:\/\/talkpal.ai\/wp-content\/uploads\/2024\/03\/Talkpal-Logo-Icon.png","contentUrl":"https:\/\/talkpal.ai\/wp-content\/uploads\/2024\/03\/Talkpal-Logo-Icon.png","width":2880,"height":2880,"caption":"Talkpal, Inc."},"image":{"@id":"https:\/\/talkpal.ai\/lt\/#\/schema\/logo\/image\/"},"sameAs":["https:\/\/www.facebook.com\/profile.php?id=100090733639311","https:\/\/x.com\/talkpalai","https:\/\/www.linkedin.com\/company\/talkpal\/","https:\/\/www.youtube.com\/@TalkPal\/","https:\/\/www.tiktok.com\/@talkpal","https:\/\/www.instagram.com\/talkpal_ai\/","https:\/\/www.crunchbase.com\/organization\/talkpal-9cde","https:\/\/www.g2.com\/products\/talkpal-for-business\/","https:\/\/www.trustpilot.com\/review\/talkpal.ai","https:\/\/www.capterra.com\/p\/10006800\/TalkPal\/"],"description":"Talkpal is a language learning web and mobile education app, powered by the latest AI technologies, that provides engaging experiences to its customers in many different languages to help them improve their language skills. Users can chat about unlimited amount of topics with the app and use other modes to practice their language learning.","email":"support@talkpal.ai","legalName":"Talkpal, Inc.","foundingDate":"2023-04-03","duns":"118989042","numberOfEmployees":{"@type":"QuantitativeValue","minValue":"11","maxValue":"50"},"publishingPrinciples":"https:\/\/talkpal.ai\/publishing-principles\/","actionableFeedbackPolicy":"https:\/\/talkpal.ai\/actionable-feedback-policy\/","correctionsPolicy":"https:\/\/talkpal.ai\/corrections-policy\/","ethicsPolicy":"https:\/\/talkpal.ai\/ethics-policy\/","diversityPolicy":"https:\/\/talkpal.ai\/diversity-policy\/","diversityStaffingReport":"https:\/\/talkpal.ai\/diversity-policy\/"}]}},"_links":{"self":[{"href":"https:\/\/talkpal.ai\/lt\/wp-json\/wp\/v2\/pages\/131777","targetHints":{"allow":["GET"]}}],"collection":[{"href":"https:\/\/talkpal.ai\/lt\/wp-json\/wp\/v2\/pages"}],"about":[{"href":"https:\/\/talkpal.ai\/lt\/wp-json\/wp\/v2\/types\/page"}],"author":[{"embeddable":true,"href":"https:\/\/talkpal.ai\/lt\/wp-json\/wp\/v2\/users\/6"}],"replies":[{"embeddable":true,"href":"https:\/\/talkpal.ai\/lt\/wp-json\/wp\/v2\/comments?post=131777"}],"version-history":[{"count":0,"href":"https:\/\/talkpal.ai\/lt\/wp-json\/wp\/v2\/pages\/131777\/revisions"}],"wp:featuredmedia":[{"embeddable":true,"href":"https:\/\/talkpal.ai\/lt\/wp-json\/wp\/v2\/media\/75845"}],"wp:attachment":[{"href":"https:\/\/talkpal.ai\/lt\/wp-json\/wp\/v2\/media?parent=131777"}],"curies":[{"name":"wp","href":"https:\/\/api.w.org\/{rel}","templated":true}]}}