{"id":131494,"date":"2023-06-15T07:00:21","date_gmt":"2023-06-15T07:00:21","guid":{"rendered":"http:\/\/talkpal.ai\/ispanu-kalbos-gramatikos-pratimai\/"},"modified":"2025-12-17T16:37:24","modified_gmt":"2025-12-17T16:37:24","slug":"ispanu-kalbos-gramatikos-pratimai","status":"publish","type":"page","link":"https:\/\/talkpal.ai\/lt\/ispanu-kalbos-gramatikos-pratimai\/","title":{"rendered":"Ispan\u0173 kalbos gramatikos pratimai"},"content":{"rendered":"\r\n\r\n\r\n<section class=\"languageChallengeSection\">\r\n    <div class=\"languageInfoWrapper\">\r\n        \r\n        <h1>Ispan\u0173 kalbos gramatikos pratimai<\/h1>\r\n        <p>Ar esate pasireng\u0119 tobulinti <a href=\"https:\/\/talkpal.ai\/learn-spanish\/\">ispan\u0173<\/a> kalb\u0105? Gramatikos pratimai yra puikus b\u016bdas \u012fsisavinti sakinio strukt\u016br\u0105, veiksma\u017eod\u017ei\u0173 junginius ir unikalius <a href=\"https:\/\/talkpal.ai\/lt\/mokykites-ispanu-kalbos\/\">ispan\u0173 kalbos<\/a> modelius. Prad\u0117kite mokytis <a href=\"https:\/\/talkpal.ai\/lt\/mokykites-ispanu-kalbos\/\">ispan\u0173 kalbos<\/a> gramatikos \u0161iandien ir pamatysite, kaip su kiekvienu pratimu did\u0117ja j\u016bs\u0173 pasitik\u0117jimas savimi ir skland\u017eiai kalb\u0117ti!\n\n<\/p>\r\n\r\n                            <a class=\"getStartedHidden\" href=\"https:\/\/app.talkpal.ai\/lt\/signup?lng=\">Prad\u0117k<\/a>\r\n        \r\n    <\/div>\r\n\r\n    <figure>\r\n    <img decoding=\"async\" width=\"768\" height=\"768\" src=\"https:\/\/talkpal.ai\/wp-content\/uploads\/2023\/06\/Spanish-768x768.png\" class=\"languageImage no-lazy\" alt=\"Practical application of language learning\" fetchpriority=\"high\" sizes=\"(max-width: 768px) 150px, 768px\" srcset=\"https:\/\/talkpal.ai\/wp-content\/uploads\/2023\/06\/Spanish-768x768.png 768w, https:\/\/talkpal.ai\/wp-content\/uploads\/2023\/06\/Spanish-300x300.png 300w\" \/>\r\n    \r\n\r\n    <\/figure>\r\n\r\n            <a class=\"getStartedVisible\" href=\"https:\/\/app.talkpal.ai\/lt\/signup?lng=\">Prad\u0117k<\/a>\r\n    \r\n<\/section>\r\n\r\n\r\n<!-- <section class=\"grammarSection\">\r\n    <div class=\"grammarLinks\">\r\n        <a href=\"https:\/\/talkpal.ai\/lt\/exercise_language\/budvardziai-ispanu-kalbos-gramatika\/\">B\u016bdvard\u017eiai <\/a><a href=\"https:\/\/talkpal.ai\/lt\/exercise_language\/daiktavardziai-ispanu-kalbos-gramatika\/\">Daiktavard\u017eiai <\/a><a href=\"https:\/\/talkpal.ai\/lt\/exercise_language\/itemptas-palyginimas-ispanu-kalbos-gramatika\/\">\u012etemptas palyginimas <\/a><a href=\"https:\/\/talkpal.ai\/lt\/exercise_language\/ivardziai-ispanu-kalbos-gramatika\/\">\u012evard\u017eiai <\/a><a href=\"https:\/\/talkpal.ai\/lt\/exercise_language\/laikai-orientaciniai-ispanu-kalbos-gramatika\/\">Laikai orientaciniai <\/a><a href=\"https:\/\/talkpal.ai\/lt\/exercise_language\/prielinksniai-ispanu-kalbos-gramatika\/\">Prielinksniai <\/a><a href=\"https:\/\/talkpal.ai\/lt\/exercise_language\/prieveiksmiai-ispanu-kalbos-gramatika\/\">Prieveiksmiai <\/a><a href=\"https:\/\/talkpal.ai\/lt\/exercise_language\/sakinio-struktura-ispanu-kalbos-gramatika\/\">Sakinio strukt\u016bra <\/a><a href=\"https:\/\/talkpal.ai\/lt\/exercise_language\/straipsniai-ispanu-kalbos-gramatika\/\">Straipsniai <\/a><a href=\"https:\/\/talkpal.ai\/lt\/exercise_language\/tenses-subjunkcinis-ispanu-kalbos-gramatika\/\">Tenses subjunkcinis <\/a><a href=\"https:\/\/talkpal.ai\/lt\/exercise_language\/veiksmazodziai-ispanu-kalbos-gramatika\/\">Veiksma\u017eod\u017eiai <\/a>    <\/div>\r\n<\/section> -->\r\n\r\n\r\n\r\n\r\n        <section class=\"grammarSection\">\r\n            <div class=\"grammarLinks\">\r\n                <a href=\"https:\/\/talkpal.ai\/lt\/exercise_language\/budvardziai-ispanu-kalbos-gramatika\/\">B\u016bdvard\u017eiai <\/a><a href=\"https:\/\/talkpal.ai\/lt\/exercise_language\/daiktavardziai-ispanu-kalbos-gramatika\/\">Daiktavard\u017eiai <\/a><a href=\"https:\/\/talkpal.ai\/lt\/exercise_language\/itemptas-palyginimas-ispanu-kalbos-gramatika\/\">\u012etemptas palyginimas <\/a><a href=\"https:\/\/talkpal.ai\/lt\/exercise_language\/ivardziai-ispanu-kalbos-gramatika\/\">\u012evard\u017eiai <\/a><a href=\"https:\/\/talkpal.ai\/lt\/exercise_language\/laikai-orientaciniai-ispanu-kalbos-gramatika\/\">Laikai orientaciniai <\/a><a href=\"https:\/\/talkpal.ai\/lt\/exercise_language\/prielinksniai-ispanu-kalbos-gramatika\/\">Prielinksniai <\/a><a href=\"https:\/\/talkpal.ai\/lt\/exercise_language\/prieveiksmiai-ispanu-kalbos-gramatika\/\">Prieveiksmiai <\/a><a href=\"https:\/\/talkpal.ai\/lt\/exercise_language\/sakinio-struktura-ispanu-kalbos-gramatika\/\">Sakinio strukt\u016bra <\/a><a href=\"https:\/\/talkpal.ai\/lt\/exercise_language\/straipsniai-ispanu-kalbos-gramatika\/\">Straipsniai <\/a><a href=\"https:\/\/talkpal.ai\/lt\/exercise_language\/tenses-subjunkcinis-ispanu-kalbos-gramatika\/\">Tenses subjunkcinis <\/a><a href=\"https:\/\/talkpal.ai\/lt\/exercise_language\/veiksmazodziai-ispanu-kalbos-gramatika\/\">Veiksma\u017eod\u017eiai <\/a>            <\/div>\r\n        <\/section>\r\n<section class=\"promotionalBanner\">\r\n    <p class=\"promotionalText\">Efektyviausias b\u016bdas mokytis <a href=\"https:\/\/talkpal.ai\/what-language-is-spoken-on-the-international-space-station\/\">kalbos<\/a><\/p>\r\n    <a class=\"promotionalLink\" href=\"https:\/\/app.talkpal.ai\/lt\/signup?lng=\">I\u0161bandykite Talkpal &#8221; nemokamai<\/a>\r\n<\/section>\n<div class=\"wp-block-group pageContainerStyle\"><div class=\"wp-block-group__inner-container is-layout-constrained wp-block-group-is-layout-constrained\">\n<h2 class=\"wp-block-heading\" id=\"h-spanish-grammar-topics\">Ispan\u0173 kalbos gramatikos temos<\/h2>\n\n\n\n<p>Naujos <a href=\"https:\/\/talkpal.ai\/lt\/kaip-ismokti-kalba-per-talkpal-chat\/\">kalbos mokymasis<\/a> gali b\u016bti \u012fdomi ir naudinga pastanga, o <a href=\"https:\/\/talkpal.ai\/lt\/kalbejimas-ispanu-kalba\/\">ispan\u0173 kalba<\/a> n\u0117ra i\u0161imtis. Kaip antra labiausiai kalbama kalba pasaulyje, ji gali atverti naujas galimybes kelion\u0117ms, darbui ir kult\u016briniams mainams. Nesvarbu, ar esate visi\u0161kai pradedantysis, ar norite patobulinti turimus \u012fg\u016bd\u017eius, labai svarbu suprasti ir \u012fsisavinti ispan\u0173 kalbos gramatik\u0105. Nuo laik\u0173 ir veiksma\u017eod\u017ei\u0173 iki sakini\u0173 strukt\u016bros ir prielinksni\u0173 kiekvienas kalbos aspektas vaidina lemiam\u0105 vaidmen\u012f j\u016bs\u0173 geb\u0117jime efektyviai bendrauti. \u0160iame vadove i\u0161nagrin\u0117sime svarbias ispan\u0173 kalbos gramatikos temas, pateikdami jas logi\u0161ka seka, kad gal\u0117tum\u0117te lengvai i\u0161mokti kalb\u0105.<\/p>\n\n\n\n<h3 class=\"wp-block-heading\" id=\"h-1-nouns-and-articles\">1. Daiktavard\u017eiai ir straipsniai:<\/h3>\n\n\n\n<p>Prad\u0117kite susipa\u017eindami su ispan\u0173 kalbos daiktavard\u017eiais ir j\u0173 lytimi, taip pat su konkre\u010diais ir neapibr\u0117\u017etais straipsniais. \u0160ie pagrindiniai statybiniai blokai pad\u0117s suprasti ir suformuoti paprastas frazes ir sakinius.<\/p>\n\n\n\n<h3 class=\"wp-block-heading\" id=\"h-2-adjectives\">2. B\u016bdvard\u017eiai:<\/h3>\n\n\n\n<p>B\u016bdvard\u017eiai yra b\u016btini daiktavard\u017eiams apib\u016bdinti, o ispan\u0173 kalba jie turi susitarti d\u0117l lyties ir skai\u010diaus su daiktavard\u017eiu, kur\u012f jie kei\u010dia. B\u016bdvard\u017ei\u0173 i\u0161d\u0117stymo ir susitarimo taisykli\u0173 <a href=\"https:\/\/talkpal.ai\/lt\/mokymasis\/\">mokymasis<\/a> labai pagerins j\u016bs\u0173 geb\u0117jim\u0105 i\u0161reik\u0161ti save ispan\u0173 kalba.<\/p>\n\n\n\n<h3 class=\"wp-block-heading\" id=\"h-3-pronouns\">3. \u012evard\u017eiai:<\/h3>\n\n\n\n<p>\u012evard\u017eiai pakei\u010dia daiktavard\u017eius ir yra gyvybi\u0161kai svarb\u016bs, kad pokalbis b\u016bt\u0173 sklandesnis ir nat\u016bralesnis. Sutelkite d\u0117mes\u012f \u012f dalykinius \u012fvard\u017eius, tiesioginius ir netiesioginius objekt\u0173 \u012fvard\u017eius ir refleksyvius \u012fvard\u017eius, u\u017etikrindami, kad suprantate j\u0173 vartojim\u0105 ir i\u0161d\u0117stym\u0105 sakiniuose.<\/p>\n\n\n\n<h3 class=\"wp-block-heading\" id=\"h-4-verbs\">4. Veiksma\u017eod\u017eiai:<\/h3>\n\n\n\n<p>Veiksma\u017eod\u017eiai yra bet kurios kalbos pagrindas, o ispan\u0173 kalba nesiskiria. Prad\u0117kite mokytis da\u017eniausiai pasitaikan\u010di\u0173 reguliari\u0173 ir netaisykling\u0173 veiksma\u017eod\u017ei\u0173, taip pat j\u0173 konjugacij\u0173 dabartin\u0117je \u012ftemptoje orientacin\u0117je nuotaikoje.<\/p>\n\n\n\n<h3 class=\"wp-block-heading\" id=\"h-5-tenses-indicative\">5. Laikai orientaciniai:<\/h3>\n\n\n\n<p>Kai suvoksite pagrindin\u0119 veiksma\u017eod\u017ei\u0173 konjugacij\u0105, i\u0161pl\u0117skite savo \u017einias, \u012ftraukdami kitus orientacinius laikus, tokius kaip preteritas, netobulas, b\u016bsimas ir s\u0105lyginis laikas. Tai leis jums i\u0161reik\u0161ti veiksmus ir \u012fvykius skirtingais laikotarpiais.<\/p>\n\n\n\n<h3 class=\"wp-block-heading\" id=\"h-6-adverbs\">6. Prieveiksmiai:<\/h3>\n\n\n\n<p>Prieveiksmiai suteikia papildomos informacijos apie veiksma\u017eod\u017eius, b\u016bdvard\u017eius ar kitus prieveiksmius. Su\u017einokite apie skirtingus adverb\u0173 tipus ir j\u0173 i\u0161d\u0117stym\u0105 sakiniuose, kad j\u016bs\u0173 kalba b\u016bt\u0173 i\u0161samesn\u0117 ir niuansuota.<\/p>\n\n\n\n<h3 class=\"wp-block-heading\" id=\"h-7-prepositions\">7. Prielinksniai:<\/h3>\n\n\n\n<p>Prielinksniai yra b\u016btini norint i\u0161reik\u0161ti ry\u0161ius tarp \u017eod\u017ei\u0173, toki\u0173 kaip vieta, kryptis ar laikas. Susipa\u017einkite su da\u017eniausiai pasitaikan\u010diais ispan\u0173 kalbos prielinksniais ir j\u0173 vartojimu \u012fvairiuose kontekstuose.<\/p>\n\n\n\n<h3 class=\"wp-block-heading\" id=\"h-8-tenses-subjunctive\">8. Laik\u0173 subjunkcija:<\/h3>\n\n\n\n<p>Subjunkcin\u0117 nuotaika naudojama abejon\u0117ms, netikrumui ar hipotetin\u0117ms situacijoms i\u0161reik\u0161ti. I\u0161nagrin\u0117kite reguliari\u0173 ir netaisykling\u0173 veiksma\u017eod\u017ei\u0173 konjugacijos taisykles dabartyje, praeityje ir ateityje subjunkciniais laikais, kad i\u0161pl\u0117stum\u0117te savo i\u0161rai\u0161kingas galimybes.<\/p>\n\n\n\n<h3 class=\"wp-block-heading\" id=\"h-9-tense-comparison\">9. \u012etemptas palyginimas:<\/h3>\n\n\n\n<p>Suprasdami skirting\u0173 laik\u0173 ir nuotaik\u0173 niuansus, gal\u0117site pasirinkti tinkam\u0105 form\u0105, kad perteiktum\u0117te numatyt\u0105 prasm\u0119. Praktikuokite lyginti ir kontrastuoti orientacinius ir subjunkcinius laikus, taip pat \u012fvairius praeities laikus, kad geriau i\u0161moktum\u0117te kalb\u0105.<\/p>\n\n\n\n<h3 class=\"wp-block-heading\" id=\"h-10-sentence-structure\">10. Sakinio strukt\u016bra:<\/h3>\n\n\n\n<p>Galiausiai tyrin\u0117kite skirtingas sakini\u0173 strukt\u016bras, \u012fskaitant paprastus, sud\u0117tinius ir sud\u0117tingus sakinius. Su\u017einokite, kaip naudoti koordinavimo ir pavaldumo jungtukus, kad sukurtum\u0117te sud\u0117tingesnes id\u0117jas ir ugdytum\u0117te savo geb\u0117jim\u0105 efektyviai bendrauti ispan\u0173 kalba.<\/p>\n<\/div><\/div>\n\r\n<section class=\"learnNavigationSection\">\r\n            \r\n        <a href=\"https:\/\/talkpal.ai\/lt\/mokykites-ispanu-kalbos\/\">\r\n            <div class=\"learnNavigationWrapper\">\r\n                <div class=\"learnNavigationContent\">\r\n                    <img decoding=\"async\" src=\"https:\/\/talkpal.ai\/wp-content\/uploads\/2024\/08\/Spanish.jpg\" alt=\"Spanish Flag\">\r\n                    <div>\r\n                        <h4>Apie ispan\u0173 kalbos mokym\u0105si<\/h4>\r\n                        <p>Su\u017einokite visk\u0105 apie ispan\u0173 kalbos gramatik\u0105.<\/p>\r\n                    <\/div>\r\n                <\/div>\r\n            <\/div>\r\n        <\/a>\r\n\r\n        \r\n        <a href=\"https:\/\/talkpal.ai\/lt\/ispanu-kalbos-gramatika\/\">\r\n            <div class=\"learnNavigationWrapper\">\r\n                <div class=\"learnNavigationContent\">\r\n                    <img decoding=\"async\" src=\"https:\/\/talkpal.ai\/wp-content\/uploads\/2024\/08\/Spanish.jpg\" alt=\"Spanish Flag\">\r\n                    <div>\r\n                        <h4>Ispan\u0173 kalbos gramatikos pamokos<\/h4>\r\n                        <p>Praktikuokite ispan\u0173 kalbos gramatik\u0105.<\/p>\r\n                    <\/div>\r\n                <\/div>\r\n            <\/div>\r\n        <\/a>\r\n\r\n        \r\n        <a href=\"https:\/\/talkpal.ai\/vocabulary_language\/spanish\/\">\r\n            <div class=\"learnNavigationWrapper\">\r\n                <div class=\"learnNavigationContent\">\r\n                    <img decoding=\"async\" src=\"https:\/\/talkpal.ai\/wp-content\/uploads\/2024\/08\/Spanish.jpg\" alt=\"Spanish Flag\">\r\n                    <div>\r\n                        <h4>Ispan\u0173 kalbos \u017eodynas<\/h4>\r\n                        <p>Prapl\u0117skite savo ispan\u0173 kalbos \u017eodyn\u0105.<\/p>\r\n                    <\/div>\r\n                <\/div>\r\n            <\/div>\r\n        <\/a>\r\n\r\n            <\/section>","protected":false},"excerpt":{"rendered":"<p>Ispan\u0173 kalbos gramatikos temos Naujos kalbos mokymasis gali b\u016bti \u012fdomi ir naudinga pastanga, o ispan\u0173 kalba n\u0117ra i\u0161imtis. Kaip antra labiausiai kalbama kalba pasaulyje, ji gali atverti naujas galimybes kelion\u0117ms, darbui ir kult\u016briniams mainams. Nesvarbu, ar esate visi\u0161kai pradedantysis, ar norite patobulinti turimus \u012fg\u016bd\u017eius, labai svarbu suprasti ir \u012fsisavinti ispan\u0173 kalbos gramatik\u0105. Nuo laik\u0173 ir [&hellip;]<\/p>\n","protected":false},"author":1,"featured_media":75303,"parent":0,"menu_order":0,"comment_status":"closed","ping_status":"closed","template":"LearningContentPage.php","meta":{"_acf_changed":false,"footnotes":""},"class_list":["post-131494","page","type-page","status-publish","has-post-thumbnail","hentry"],"acf":[],"yoast_head":"<!-- This site is optimized with the Yoast SEO Premium plugin v27.2 (Yoast SEO v27.2) - https:\/\/yoast.com\/product\/yoast-seo-premium-wordpress\/ -->\n<title>Ispan\u0173 kalbos gramatikos pratimai - Talkpal<\/title>\n<meta name=\"description\" content=\"Tobulinkite ispan\u0173 kalbos gramatik\u0105 naudodami interaktyvius pratimus, skirtus visiems \u012fg\u016bd\u017ei\u0173 lygiams. Pratinkite veiksma\u017eod\u017eius, sakinio strukt\u016br\u0105, \u017eodyn\u0105 ir dar daugiau!\" \/>\n<meta name=\"robots\" content=\"index, follow, max-snippet:-1, max-image-preview:large, max-video-preview:-1\" \/>\n<link rel=\"canonical\" href=\"https:\/\/talkpal.ai\/lt\/ispanu-kalbos-gramatikos-pratimai\/\" \/>\n<meta property=\"og:locale\" content=\"lt_LT\" \/>\n<meta property=\"og:type\" content=\"article\" \/>\n<meta property=\"og:title\" content=\"Ispan\u0173 kalbos gramatikos pratimai\" \/>\n<meta property=\"og:description\" content=\"Ispan\u0173 kalbos gramatikos temos Naujos kalbos mokymasis gali b\u016bti \u012fdomi ir naudinga pastanga, o ispan\u0173 kalba n\u0117ra i\u0161imtis. Kaip antra labiausiai kalbama\" \/>\n<meta property=\"og:url\" content=\"https:\/\/talkpal.ai\/lt\/ispanu-kalbos-gramatikos-pratimai\/\" \/>\n<meta property=\"og:site_name\" content=\"Talkpal\" \/>\n<meta property=\"article:publisher\" content=\"https:\/\/www.facebook.com\/profile.php?id=100090733639311\" \/>\n<meta property=\"article:modified_time\" content=\"2025-12-17T16:37:24+00:00\" \/>\n<meta property=\"og:image\" content=\"https:\/\/talkpal.ai\/wp-content\/uploads\/2023\/03\/spain.png\" \/>\n\t<meta property=\"og:image:width\" content=\"512\" \/>\n\t<meta property=\"og:image:height\" content=\"512\" \/>\n\t<meta property=\"og:image:type\" content=\"image\/png\" \/>\n<meta name=\"twitter:card\" content=\"summary_large_image\" \/>\n<meta name=\"twitter:site\" content=\"@talkpalai\" \/>\n<meta name=\"twitter:label1\" content=\"Est. reading time\" \/>\n\t<meta name=\"twitter:data1\" content=\"3 minut\u0117s\" \/>\n<script type=\"application\/ld+json\" class=\"yoast-schema-graph\">{\"@context\":\"https:\/\/schema.org\",\"@graph\":[{\"@type\":\"WebPage\",\"@id\":\"https:\/\/talkpal.ai\/lt\/ispanu-kalbos-gramatikos-pratimai\/\",\"url\":\"https:\/\/talkpal.ai\/lt\/ispanu-kalbos-gramatikos-pratimai\/\",\"name\":\"Ispan\u0173 kalbos gramatikos pratimai - Talkpal\",\"isPartOf\":{\"@id\":\"https:\/\/talkpal.ai\/lt\/#website\"},\"primaryImageOfPage\":{\"@id\":\"https:\/\/talkpal.ai\/lt\/ispanu-kalbos-gramatikos-pratimai\/#primaryimage\"},\"image\":{\"@id\":\"https:\/\/talkpal.ai\/lt\/ispanu-kalbos-gramatikos-pratimai\/#primaryimage\"},\"thumbnailUrl\":\"https:\/\/talkpal.ai\/wp-content\/uploads\/2023\/03\/spain.png\",\"datePublished\":\"2023-06-15T07:00:21+00:00\",\"dateModified\":\"2025-12-17T16:37:24+00:00\",\"description\":\"Tobulinkite ispan\u0173 kalbos gramatik\u0105 naudodami interaktyvius pratimus, skirtus visiems \u012fg\u016bd\u017ei\u0173 lygiams. Pratinkite veiksma\u017eod\u017eius, sakinio strukt\u016br\u0105, \u017eodyn\u0105 ir dar daugiau!\",\"breadcrumb\":{\"@id\":\"https:\/\/talkpal.ai\/lt\/ispanu-kalbos-gramatikos-pratimai\/#breadcrumb\"},\"inLanguage\":\"lt-LT\",\"potentialAction\":[{\"@type\":\"ReadAction\",\"target\":[\"https:\/\/talkpal.ai\/lt\/ispanu-kalbos-gramatikos-pratimai\/\"]}]},{\"@type\":\"ImageObject\",\"inLanguage\":\"lt-LT\",\"@id\":\"https:\/\/talkpal.ai\/lt\/ispanu-kalbos-gramatikos-pratimai\/#primaryimage\",\"url\":\"https:\/\/talkpal.ai\/wp-content\/uploads\/2023\/03\/spain.png\",\"contentUrl\":\"https:\/\/talkpal.ai\/wp-content\/uploads\/2023\/03\/spain.png\",\"width\":512,\"height\":512,\"caption\":\"TalkPal AI learn Spanish\"},{\"@type\":\"BreadcrumbList\",\"@id\":\"https:\/\/talkpal.ai\/lt\/ispanu-kalbos-gramatikos-pratimai\/#breadcrumb\",\"itemListElement\":[{\"@type\":\"ListItem\",\"position\":1,\"name\":\"Homepage\",\"item\":\"https:\/\/talkpal.ai\/lt\/\"},{\"@type\":\"ListItem\",\"position\":2,\"name\":\"Ispan\u0173 kalbos gramatikos pratimai\"}]},{\"@type\":\"WebSite\",\"@id\":\"https:\/\/talkpal.ai\/lt\/#website\",\"url\":\"https:\/\/talkpal.ai\/lt\/\",\"name\":\"Talkpal\",\"description\":\"AI Language Learning\",\"publisher\":{\"@id\":\"https:\/\/talkpal.ai\/lt\/#organization\"},\"alternateName\":\"Talkpal AI\",\"potentialAction\":[{\"@type\":\"SearchAction\",\"target\":{\"@type\":\"EntryPoint\",\"urlTemplate\":\"https:\/\/talkpal.ai\/lt\/?s={search_term_string}\"},\"query-input\":{\"@type\":\"PropertyValueSpecification\",\"valueRequired\":true,\"valueName\":\"search_term_string\"}}],\"inLanguage\":\"lt-LT\"},{\"@type\":\"Organization\",\"@id\":\"https:\/\/talkpal.ai\/lt\/#organization\",\"name\":\"Talkpal, Inc.\",\"alternateName\":\"Talkpal AI\",\"url\":\"https:\/\/talkpal.ai\/lt\/\",\"logo\":{\"@type\":\"ImageObject\",\"inLanguage\":\"lt-LT\",\"@id\":\"https:\/\/talkpal.ai\/lt\/#\/schema\/logo\/image\/\",\"url\":\"https:\/\/talkpal.ai\/wp-content\/uploads\/2024\/03\/Talkpal-Logo-Icon.png\",\"contentUrl\":\"https:\/\/talkpal.ai\/wp-content\/uploads\/2024\/03\/Talkpal-Logo-Icon.png\",\"width\":2880,\"height\":2880,\"caption\":\"Talkpal, Inc.\"},\"image\":{\"@id\":\"https:\/\/talkpal.ai\/lt\/#\/schema\/logo\/image\/\"},\"sameAs\":[\"https:\/\/www.facebook.com\/profile.php?id=100090733639311\",\"https:\/\/x.com\/talkpalai\",\"https:\/\/www.linkedin.com\/company\/talkpal\/\",\"https:\/\/www.youtube.com\/@TalkPal\/\",\"https:\/\/www.tiktok.com\/@talkpal\",\"https:\/\/www.instagram.com\/talkpal_ai\/\",\"https:\/\/www.crunchbase.com\/organization\/talkpal-9cde\",\"https:\/\/www.g2.com\/products\/talkpal-for-business\/\",\"https:\/\/www.trustpilot.com\/review\/talkpal.ai\",\"https:\/\/www.capterra.com\/p\/10006800\/TalkPal\/\"],\"description\":\"Talkpal is a language learning web and mobile education app, powered by the latest AI technologies, that provides engaging experiences to its customers in many different languages to help them improve their language skills. Users can chat about unlimited amount of topics with the app and use other modes to practice their language learning.\",\"email\":\"support@talkpal.ai\",\"legalName\":\"Talkpal, Inc.\",\"foundingDate\":\"2023-04-03\",\"duns\":\"118989042\",\"numberOfEmployees\":{\"@type\":\"QuantitativeValue\",\"minValue\":\"11\",\"maxValue\":\"50\"},\"publishingPrinciples\":\"https:\/\/talkpal.ai\/publishing-principles\/\",\"actionableFeedbackPolicy\":\"https:\/\/talkpal.ai\/actionable-feedback-policy\/\",\"correctionsPolicy\":\"https:\/\/talkpal.ai\/corrections-policy\/\",\"ethicsPolicy\":\"https:\/\/talkpal.ai\/ethics-policy\/\",\"diversityPolicy\":\"https:\/\/talkpal.ai\/diversity-policy\/\",\"diversityStaffingReport\":\"https:\/\/talkpal.ai\/diversity-policy\/\"}]}<\/script>\n<!-- \/ Yoast SEO Premium plugin. -->","yoast_head_json":{"title":"Ispan\u0173 kalbos gramatikos pratimai - Talkpal","description":"Tobulinkite ispan\u0173 kalbos gramatik\u0105 naudodami interaktyvius pratimus, skirtus visiems \u012fg\u016bd\u017ei\u0173 lygiams. Pratinkite veiksma\u017eod\u017eius, sakinio strukt\u016br\u0105, \u017eodyn\u0105 ir dar daugiau!","robots":{"index":"index","follow":"follow","max-snippet":"max-snippet:-1","max-image-preview":"max-image-preview:large","max-video-preview":"max-video-preview:-1"},"canonical":"https:\/\/talkpal.ai\/lt\/ispanu-kalbos-gramatikos-pratimai\/","og_locale":"lt_LT","og_type":"article","og_title":"Ispan\u0173 kalbos gramatikos pratimai","og_description":"Ispan\u0173 kalbos gramatikos temos Naujos kalbos mokymasis gali b\u016bti \u012fdomi ir naudinga pastanga, o ispan\u0173 kalba n\u0117ra i\u0161imtis. Kaip antra labiausiai kalbama","og_url":"https:\/\/talkpal.ai\/lt\/ispanu-kalbos-gramatikos-pratimai\/","og_site_name":"Talkpal","article_publisher":"https:\/\/www.facebook.com\/profile.php?id=100090733639311","article_modified_time":"2025-12-17T16:37:24+00:00","og_image":[{"width":512,"height":512,"url":"https:\/\/talkpal.ai\/wp-content\/uploads\/2023\/03\/spain.png","type":"image\/png"}],"twitter_card":"summary_large_image","twitter_site":"@talkpalai","twitter_misc":{"Est. reading time":"3 minut\u0117s"},"schema":{"@context":"https:\/\/schema.org","@graph":[{"@type":"WebPage","@id":"https:\/\/talkpal.ai\/lt\/ispanu-kalbos-gramatikos-pratimai\/","url":"https:\/\/talkpal.ai\/lt\/ispanu-kalbos-gramatikos-pratimai\/","name":"Ispan\u0173 kalbos gramatikos pratimai - Talkpal","isPartOf":{"@id":"https:\/\/talkpal.ai\/lt\/#website"},"primaryImageOfPage":{"@id":"https:\/\/talkpal.ai\/lt\/ispanu-kalbos-gramatikos-pratimai\/#primaryimage"},"image":{"@id":"https:\/\/talkpal.ai\/lt\/ispanu-kalbos-gramatikos-pratimai\/#primaryimage"},"thumbnailUrl":"https:\/\/talkpal.ai\/wp-content\/uploads\/2023\/03\/spain.png","datePublished":"2023-06-15T07:00:21+00:00","dateModified":"2025-12-17T16:37:24+00:00","description":"Tobulinkite ispan\u0173 kalbos gramatik\u0105 naudodami interaktyvius pratimus, skirtus visiems \u012fg\u016bd\u017ei\u0173 lygiams. Pratinkite veiksma\u017eod\u017eius, sakinio strukt\u016br\u0105, \u017eodyn\u0105 ir dar daugiau!","breadcrumb":{"@id":"https:\/\/talkpal.ai\/lt\/ispanu-kalbos-gramatikos-pratimai\/#breadcrumb"},"inLanguage":"lt-LT","potentialAction":[{"@type":"ReadAction","target":["https:\/\/talkpal.ai\/lt\/ispanu-kalbos-gramatikos-pratimai\/"]}]},{"@type":"ImageObject","inLanguage":"lt-LT","@id":"https:\/\/talkpal.ai\/lt\/ispanu-kalbos-gramatikos-pratimai\/#primaryimage","url":"https:\/\/talkpal.ai\/wp-content\/uploads\/2023\/03\/spain.png","contentUrl":"https:\/\/talkpal.ai\/wp-content\/uploads\/2023\/03\/spain.png","width":512,"height":512,"caption":"TalkPal AI learn Spanish"},{"@type":"BreadcrumbList","@id":"https:\/\/talkpal.ai\/lt\/ispanu-kalbos-gramatikos-pratimai\/#breadcrumb","itemListElement":[{"@type":"ListItem","position":1,"name":"Homepage","item":"https:\/\/talkpal.ai\/lt\/"},{"@type":"ListItem","position":2,"name":"Ispan\u0173 kalbos gramatikos pratimai"}]},{"@type":"WebSite","@id":"https:\/\/talkpal.ai\/lt\/#website","url":"https:\/\/talkpal.ai\/lt\/","name":"Talkpal","description":"AI Language Learning","publisher":{"@id":"https:\/\/talkpal.ai\/lt\/#organization"},"alternateName":"Talkpal AI","potentialAction":[{"@type":"SearchAction","target":{"@type":"EntryPoint","urlTemplate":"https:\/\/talkpal.ai\/lt\/?s={search_term_string}"},"query-input":{"@type":"PropertyValueSpecification","valueRequired":true,"valueName":"search_term_string"}}],"inLanguage":"lt-LT"},{"@type":"Organization","@id":"https:\/\/talkpal.ai\/lt\/#organization","name":"Talkpal, Inc.","alternateName":"Talkpal AI","url":"https:\/\/talkpal.ai\/lt\/","logo":{"@type":"ImageObject","inLanguage":"lt-LT","@id":"https:\/\/talkpal.ai\/lt\/#\/schema\/logo\/image\/","url":"https:\/\/talkpal.ai\/wp-content\/uploads\/2024\/03\/Talkpal-Logo-Icon.png","contentUrl":"https:\/\/talkpal.ai\/wp-content\/uploads\/2024\/03\/Talkpal-Logo-Icon.png","width":2880,"height":2880,"caption":"Talkpal, Inc."},"image":{"@id":"https:\/\/talkpal.ai\/lt\/#\/schema\/logo\/image\/"},"sameAs":["https:\/\/www.facebook.com\/profile.php?id=100090733639311","https:\/\/x.com\/talkpalai","https:\/\/www.linkedin.com\/company\/talkpal\/","https:\/\/www.youtube.com\/@TalkPal\/","https:\/\/www.tiktok.com\/@talkpal","https:\/\/www.instagram.com\/talkpal_ai\/","https:\/\/www.crunchbase.com\/organization\/talkpal-9cde","https:\/\/www.g2.com\/products\/talkpal-for-business\/","https:\/\/www.trustpilot.com\/review\/talkpal.ai","https:\/\/www.capterra.com\/p\/10006800\/TalkPal\/"],"description":"Talkpal is a language learning web and mobile education app, powered by the latest AI technologies, that provides engaging experiences to its customers in many different languages to help them improve their language skills. Users can chat about unlimited amount of topics with the app and use other modes to practice their language learning.","email":"support@talkpal.ai","legalName":"Talkpal, Inc.","foundingDate":"2023-04-03","duns":"118989042","numberOfEmployees":{"@type":"QuantitativeValue","minValue":"11","maxValue":"50"},"publishingPrinciples":"https:\/\/talkpal.ai\/publishing-principles\/","actionableFeedbackPolicy":"https:\/\/talkpal.ai\/actionable-feedback-policy\/","correctionsPolicy":"https:\/\/talkpal.ai\/corrections-policy\/","ethicsPolicy":"https:\/\/talkpal.ai\/ethics-policy\/","diversityPolicy":"https:\/\/talkpal.ai\/diversity-policy\/","diversityStaffingReport":"https:\/\/talkpal.ai\/diversity-policy\/"}]}},"_links":{"self":[{"href":"https:\/\/talkpal.ai\/lt\/wp-json\/wp\/v2\/pages\/131494","targetHints":{"allow":["GET"]}}],"collection":[{"href":"https:\/\/talkpal.ai\/lt\/wp-json\/wp\/v2\/pages"}],"about":[{"href":"https:\/\/talkpal.ai\/lt\/wp-json\/wp\/v2\/types\/page"}],"author":[{"embeddable":true,"href":"https:\/\/talkpal.ai\/lt\/wp-json\/wp\/v2\/users\/1"}],"replies":[{"embeddable":true,"href":"https:\/\/talkpal.ai\/lt\/wp-json\/wp\/v2\/comments?post=131494"}],"version-history":[{"count":0,"href":"https:\/\/talkpal.ai\/lt\/wp-json\/wp\/v2\/pages\/131494\/revisions"}],"wp:featuredmedia":[{"embeddable":true,"href":"https:\/\/talkpal.ai\/lt\/wp-json\/wp\/v2\/media\/75303"}],"wp:attachment":[{"href":"https:\/\/talkpal.ai\/lt\/wp-json\/wp\/v2\/media?parent=131494"}],"curies":[{"name":"wp","href":"https:\/\/api.w.org\/{rel}","templated":true}]}}