{"id":131296,"date":"2023-05-14T13:53:24","date_gmt":"2023-05-14T13:53:24","guid":{"rendered":"http:\/\/talkpal.ai\/ukrainieciu-kalbos-gramatika\/"},"modified":"2025-12-11T16:36:53","modified_gmt":"2025-12-11T16:36:53","slug":"ukrainieciu-kalbos-gramatika","status":"publish","type":"page","link":"https:\/\/talkpal.ai\/lt\/ukrainieciu-kalbos-gramatika\/","title":{"rendered":"Ukrainie\u010di\u0173 kalbos gramatika"},"content":{"rendered":"\r\n\r\n\r\n<section class=\"languageChallengeSection\">\r\n    <div class=\"languageInfoWrapper\">\r\n        \r\n        <h1>Ukrainie\u010di\u0173 kalbos gramatika<\/h1>\r\n        <p>Susipa\u017einkite su <a href=\"https:\/\/talkpal.ai\/lt\/suzinokite-ukrainieciu-kalba\/\">ukrainie\u010di\u0173 kalbos<\/a> strukt\u016bra mokydamiesi pagrindini\u0173 gramatikos taisykli\u0173. I\u0161mok\u0119 <a href=\"https:\/\/talkpal.ai\/learn-ukrainian\/\">ukrainie\u010di\u0173<\/a> <a href=\"https:\/\/talkpal.ai\/what-language-is-spoken-on-the-international-space-station\/\">kalbos<\/a> gramatik\u0105 gal\u0117site dr\u0105siai bendrauti ir giliau pa\u017einti <a href=\"https:\/\/talkpal.ai\/learn-ukrainian\/\">ukrainie\u010di\u0173<\/a> kult\u016br\u0105 ir paveld\u0105. Prad\u0117kite savo <a href=\"https:\/\/talkpal.ai\/lt\/suzinokite-ukrainieciu-kalba\/\">ukrainie\u010di\u0173 kalbos<\/a> gramatikos kelion\u0119 \u0161iandien ir \u017eenkite pirm\u0105 \u017eingsn\u012f \u012f skland\u0173 kalb\u0117jim\u0105!<\/p>\r\n\r\n                            <a class=\"getStartedHidden\" href=\"https:\/\/app.talkpal.ai\/lt\/signup?lng=\">Prad\u0117k<\/a>\r\n        \r\n    <\/div>\r\n\r\n    <figure>\r\n    <img decoding=\"async\" width=\"768\" height=\"768\" src=\"https:\/\/talkpal.ai\/wp-content\/uploads\/2023\/06\/Ukrainian-768x768.png\" class=\"languageImage no-lazy\" alt=\"Language learning - Your doorway to the world\" fetchpriority=\"high\" sizes=\"(max-width: 768px) 150px, 768px\" srcset=\"https:\/\/talkpal.ai\/wp-content\/uploads\/2023\/06\/Ukrainian-768x768.png 768w, https:\/\/talkpal.ai\/wp-content\/uploads\/2023\/06\/Ukrainian-300x300.png 300w\" \/>\r\n    \r\n\r\n    <\/figure>\r\n\r\n            <a class=\"getStartedVisible\" href=\"https:\/\/app.talkpal.ai\/lt\/signup?lng=\">Prad\u0117k<\/a>\r\n    \r\n<\/section>\r\n<section class=\"promotionalBanner\">\r\n    <p class=\"promotionalText\">Efektyviausias b\u016bdas mokytis kalbos<\/p>\r\n    <a class=\"promotionalLink\" href=\"https:\/\/app.talkpal.ai\/lt\/signup?lng=\">I\u0161bandykite Talkpal &#8221; nemokamai<\/a>\r\n<\/section>\n<div class=\"wp-block-group pageContainerStyle\"><div class=\"wp-block-group__inner-container is-layout-constrained wp-block-group-is-layout-constrained\">\n<h2 class=\"wp-block-heading\" id=\"h-a-comprehensive-guide-to-mastering-ukrainian-grammar\">I\u0161samus ukrainie\u010di\u0173 kalbos gramatikos \u012fsisavinimo vadovas<\/h2>\n\n\n\n<p>Ukrainie\u010di\u0173 kalba, gra\u017ei ir melodinga kalba, sulauk\u0117 vis didesnio kalbos entuziast\u0173 susidom\u0117jimo visame pasaulyje. Ukrainie\u010di\u0173 kalbos <a href=\"https:\/\/talkpal.ai\/lt\/mokymasis\/\">mokymasis<\/a> suteikia prieig\u0105 prie turtingo kult\u016bros paveldo ir leid\u017eia bendrauti su milijonais \u017emoni\u0173 Ukrainoje ir kaimynin\u0117se \u0161alyse. Nors pasinerti \u012f ukrainie\u010di\u0173 kalbos gramatik\u0105 i\u0161 prad\u017ei\u0173 gali atrodyti bauginanti, tur\u0117dami tvirt\u0105 pagrind\u0105, gal\u0117site i\u0161tirti kalbos niuansus ir visi\u0161kai \u012fvertinti jos gro\u017e\u012f. \u0160is straipsnis \u017eingsnis po \u017eingsnio pad\u0117s jums susipa\u017einti su ukrainie\u010di\u0173 kalbos gramatikos pagrindais, suteikiant jums galimyb\u0119 u\u017etikrintai <a href=\"https:\/\/talkpal.ai\/ko\/ai-%ec%96%b8%ec%96%b4-%ea%b5%90%ec%82%ac\/\">prad\u0117ti<\/a> savo kalbos kelion\u0119.<\/p>\n\n\n\n<h3 class=\"wp-block-heading\" id=\"h-1-mastering-ukrainian-nouns-and-cases\">1. Ukrainos daiktavard\u017ei\u0173 ir atvej\u0173 \u012fsisavinimas<\/h3>\n\n\n\n<p>Pagrindinis ukrainie\u010di\u0173 kalbos gramatikos bruo\u017eas yra jos byl\u0173 sistema. <a href=\"https:\/\/talkpal.ai\/locations\/language-courses-in-kai\/\">Kai<\/a> naudojate daiktavard\u017eius, turite \u017einoti j\u0173 lyt\u012f (vyri\u0161k\u0105, moteri\u0161k\u0105 ar neuter\u012f) ir \u017einoti kontekst\u0105, d\u0117l kurio gali prireikti pakeisti j\u0173 gal\u016bnes. Ukrainie\u010di\u0173 kalba turi septynis atvejus:<\/p>\n\n\n\n<p>&#8211; Nominatyvas: sakinio subjektas<\/p>\n\n\n\n<p>&#8211; Gimin\u0117: nurodo tur\u0117jim\u0105, kiek\u012f ir neigim\u0105<\/p>\n\n\n\n<p>&#8211; Dalelyt\u0117: netiesioginis objektas arba jud\u0117jimas tikslo link<\/p>\n\n\n\n<p>&#8211; Kaltinamasis d\u0117muo: tiesioginis objektas arba judesys, nukreiptas \u012f k\u0105 nors<\/p>\n\n\n\n<p>&#8211; Instrumentinis: rei\u0161kia veiksmo priemon\u0119 arba instrument\u0105<\/p>\n\n\n\n<p>&#8211; Vietovardis: nurodo viet\u0105<\/p>\n\n\n\n<p>&#8211; Vokatyvas: vartojamas kreipiantis \u012f k\u0105 nors arba \u0161aukiantis ko nors<\/p>\n\n\n\n<p>Turite atkreipti d\u0117mes\u012f \u012f daiktavard\u017ei\u0173 gal\u016bnes ir gal\u016bnes, nes jos kei\u010diasi priklausomai nuo vartojamo d\u0117mens, daiktavard\u017eio gimin\u0117s ir skai\u010diaus.<\/p>\n\n\n\n<h3 class=\"wp-block-heading\" id=\"h-2-navigating-the-ukrainian-verb-system\">2. Nar\u0161ymas Ukrainos veiksma\u017eod\u017ei\u0173 sistemoje<\/h3>\n\n\n\n<p>Ukrainos veiksma\u017eod\u017eiai konjuguojami pagal asmen\u012f, skai\u010di\u0173, \u012ftamp\u0105, nuotaik\u0105 ir bals\u0105. Ukrainie\u010di\u0173 kalboje yra keturi veiksma\u017eod\u017ei\u0173 aspektai \u2013 tobulas, netobulas, iteracinis ir \u012f\u017evalgusis:<\/p>\n\n\n\n<p>&#8211; Perfektive: rei\u0161kia u\u017ebaigtus veiksmus<\/p>\n\n\n\n<p>&#8211; Imperfektas: apib\u016bdina nuolatinius, \u012fprastus ar pasikartojan\u010dius veiksmus.<\/p>\n\n\n\n<p>&#8211; Iteracinis: perteikia veiksmus, kurie kartojasi per tam tikr\u0105 laiko tarp\u0105.<\/p>\n\n\n\n<p>&#8211; Incepcinis: nurodo veiksmo prad\u017ei\u0105.<\/p>\n\n\n\n<p>Nor\u0117dami nar\u0161yti Ukrainos veiksma\u017eod\u017ei\u0173 sistemoje, tur\u0117tum\u0117te susipa\u017einti su trimis pagrindin\u0117mis veiksma\u017eod\u017ei\u0173 konjugacijomis. Konjugacijos procesas apima veiksma\u017eod\u017eio \u0161aknies gal\u016bni\u0173 keitim\u0105 pagal \u012ftamp\u0105, nuotaik\u0105 ir tem\u0105.<\/p>\n\n\n\n<h3 class=\"wp-block-heading\" id=\"h-3-perfecting-ukrainian-adjectives-and-pronouns\">3. Ukrainos b\u016bdvard\u017ei\u0173 ir \u012fvard\u017ei\u0173 tobulinimas<\/h3>\n\n\n\n<p>B\u016bdvard\u017eiai ukrainie\u010di\u0173 kalba turi sutikti su daiktavard\u017eiu, kur\u012f jie apib\u016bdina, lytimi, skai\u010diumi ir atveju. <a href=\"https:\/\/talkpal.ai\/learn-thai\/\">Tai<\/a> rei\u0161kia, kad naudojant b\u016bdvard\u012f, turite b\u016bti atid\u016bs jo gal\u016bn\u0117ms, nes jie pasikeis, kad atitikt\u0173 daiktavard\u012f. Be to, b\u016bdvard\u017eiai ukrainie\u010di\u0173 kalba gali b\u016bti ilgos arba trumpos formos, kuri\u0173 kiekvienas vartojamas priklausomai nuo konteksto.<\/p>\n\n\n\n<p>\u012evard\u017eiai naudojami vietoj daiktavard\u017ei\u0173 ir taip pat turi sutikti su daiktavard\u017eiu, kur\u012f jie pakei\u010dia, lytimi, skai\u010diumi ir atveju. Asmeniniai \u012fvard\u017eiai ukrainie\u010di\u0173 kalboje yra &#8222;\u044f&#8221; (a\u0161), &#8222;\u0442\u0438&#8221; (tu, vienaskaita), &#8222;\u0432\u0456\u043d\/\u0432\u043e\u043d\u0430\/\u0432\u043e\u043d\u043e&#8221; (jis\/ji), &#8222;\u043c\u0438&#8221; (mes), &#8222;\u0432\u0438&#8221; (j\u016bs, daugiskaita arba formali) ir &#8222;\u0432\u043e\u043d\u0438&#8221; (jie). Taip pat yra savinink\u0173, demonstratyvi\u0173 ir santykini\u0173 \u012fvard\u017ei\u0173 ukrainie\u010di\u0173 kalba.<\/p>\n\n\n\n<h3 class=\"wp-block-heading\" id=\"h-4-putting-it-all-together-sentence-structure\">4. Visk\u0105 sud\u0117jus: sakinio strukt\u016bra<\/h3>\n\n\n\n<p>Ukrainie\u010di\u0173 kalba seka dalyko-veiksma\u017eod\u017eio-objekto (SVO) sakinio strukt\u016br\u0105, pana\u0161i\u0105 \u012f angl\u0173 kalb\u0105. Ta\u010diau, skirtingai nei angl\u0173 kalba, ukrainie\u010di\u0173 kalba turi daugiau lankstumo \u017eod\u017ei\u0173 tvarka d\u0117l savo atvej\u0173 sistemos. \u0160is lankstumas leid\u017eia kalb\u0117tojams pabr\u0117\u017eti konkre\u010dius \u017eod\u017eius ar id\u0117jas, pateikiant juos \u012fvairiose sakinio vietose. Nors \u0161io universalumo \u012fvaldymas gali u\u017etrukti, jis leid\u017eia meni\u0161kiau ir skland\u017eiau i\u0161reik\u0161ti save ukrainie\u010di\u0173 kalba.<\/p>\n\n\n\n<h3 class=\"wp-block-heading\" id=\"h-conclusion\">I\u0161vada<\/h3>\n\n\n\n<p>Prad\u0117dami ukrainie\u010di\u0173 kalbos kelion\u0119, atminkite, kad norint laisvai mokytis gramatikos, reikia praktikos ir atkaklumo. Palaipsniui susipa\u017einkite su \u012fvairiais Ukrainos gramatikos aspektais, nuo daiktavard\u017ei\u0173 ir atvej\u0173 iki veiksma\u017eod\u017ei\u0173 ir sakini\u0173 strukt\u016bros. M\u0117gaukit\u0117s mokymosi procesu ir m\u0117gaukit\u0117s ukrainie\u010di\u0173 kalbos gro\u017eiu ir i\u0161rai\u0161kingumu. \u0412\u0434\u0430\u0447\u0456! (S\u0117km\u0117s!)<\/p>\n<\/div><\/div>\n\r\n<section class=\"learnNavigationSection\">\r\n            \r\n        <a href=\"https:\/\/talkpal.ai\/lt\/suzinokite-ukrainieciu-kalba\/\">\r\n            <div class=\"learnNavigationWrapper\">\r\n                <div class=\"learnNavigationContent\">\r\n                    <img decoding=\"async\" src=\"https:\/\/talkpal.ai\/wp-content\/uploads\/2024\/08\/Ukrainian.jpg\" alt=\"Ukrainian Flag\">\r\n                    <div>\r\n                        <h4>Apie ukrainie\u010di\u0173 mokym\u0105si<\/h4>\r\n                        <p>Su\u017einokite visk\u0105 apie ukrainie\u010di\u0173 kalbos gramatik\u0105.<\/p>\r\n                    <\/div>\r\n                <\/div>\r\n            <\/div>\r\n        <\/a>\r\n\r\n        \r\n        <a href=\"https:\/\/talkpal.ai\/lt\/ukrainieciu-kalbos-gramatikos-pratimai\/\">\r\n            <div class=\"learnNavigationWrapper\">\r\n                <div class=\"learnNavigationContent\">\r\n                    <img decoding=\"async\" src=\"https:\/\/talkpal.ai\/wp-content\/uploads\/2024\/08\/Ukrainian.jpg\" alt=\"Ukrainian Flag\">\r\n                    <div>\r\n                        <h4>Ukrainie\u010di\u0173 kalbos gramatikos pratimai<\/h4>\r\n                        <p>Praktikuokite ukrainie\u010di\u0173 kalbos gramatik\u0105.<\/p>\r\n                    <\/div>\r\n                <\/div>\r\n            <\/div>\r\n        <\/a>\r\n\r\n        \r\n        <a href=\"https:\/\/talkpal.ai\/vocabulary_language\/ukrainian\/\">\r\n            <div class=\"learnNavigationWrapper\">\r\n                <div class=\"learnNavigationContent\">\r\n                    <img decoding=\"async\" src=\"https:\/\/talkpal.ai\/wp-content\/uploads\/2024\/08\/Ukrainian.jpg\" alt=\"Ukrainian Flag\">\r\n                    <div>\r\n                        <h4>Ukrainie\u010di\u0173 kalbos \u017eodynas<\/h4>\r\n                        <p>Prapl\u0117skite savo ukrainie\u010di\u0173 kalbos \u017eodyn\u0105.<\/p>\r\n                    <\/div>\r\n                <\/div>\r\n            <\/div>\r\n        <\/a>\r\n\r\n            <\/section>","protected":false},"excerpt":{"rendered":"<p>I\u0161samus ukrainie\u010di\u0173 kalbos gramatikos \u012fsisavinimo vadovas Ukrainie\u010di\u0173 kalba, gra\u017ei ir melodinga kalba, sulauk\u0117 vis didesnio kalbos entuziast\u0173 susidom\u0117jimo visame pasaulyje. Ukrainie\u010di\u0173 kalbos mokymasis suteikia prieig\u0105 prie turtingo kult\u016bros paveldo ir leid\u017eia bendrauti su milijonais \u017emoni\u0173 Ukrainoje ir kaimynin\u0117se \u0161alyse. Nors pasinerti \u012f ukrainie\u010di\u0173 kalbos gramatik\u0105 i\u0161 prad\u017ei\u0173 gali atrodyti bauginanti, tur\u0117dami tvirt\u0105 pagrind\u0105, gal\u0117site i\u0161tirti [&hellip;]<\/p>\n","protected":false},"author":1,"featured_media":108553,"parent":0,"menu_order":0,"comment_status":"closed","ping_status":"closed","template":"LearningContentPage.php","meta":{"_acf_changed":false,"footnotes":""},"class_list":["post-131296","page","type-page","status-publish","has-post-thumbnail","hentry"],"acf":[],"yoast_head":"<!-- This site is optimized with the Yoast SEO Premium plugin v27.2 (Yoast SEO v27.2) - https:\/\/yoast.com\/product\/yoast-seo-premium-wordpress\/ -->\n<title>Ukrainie\u010di\u0173 kalbos gramatika - Talkpal<\/title>\n<meta name=\"description\" content=\"Atskleiskite ukrainie\u010di\u0173 kalbos gramatikos gro\u017e\u012f, naudodamiesi svarbiausiais patarimais ir \u012f\u017evalgomis, kurios pad\u0117s pagerinti j\u016bs\u0173 kalbos mokym\u0105si.\" \/>\n<meta name=\"robots\" content=\"index, follow, max-snippet:-1, max-image-preview:large, max-video-preview:-1\" \/>\n<link rel=\"canonical\" href=\"https:\/\/talkpal.ai\/lt\/ukrainieciu-kalbos-gramatika\/\" \/>\n<meta property=\"og:locale\" content=\"lt_LT\" \/>\n<meta property=\"og:type\" content=\"article\" \/>\n<meta property=\"og:title\" content=\"Ukrainie\u010di\u0173 kalbos gramatika\" \/>\n<meta property=\"og:description\" content=\"I\u0161samus ukrainie\u010di\u0173 kalbos gramatikos \u012fsisavinimo vadovas Ukrainie\u010di\u0173 kalba, gra\u017ei ir melodinga kalba, sulauk\u0117 vis didesnio kalbos entuziast\u0173 susidom\u0117jimo\" \/>\n<meta property=\"og:url\" content=\"https:\/\/talkpal.ai\/lt\/ukrainieciu-kalbos-gramatika\/\" \/>\n<meta property=\"og:site_name\" content=\"Talkpal\" \/>\n<meta property=\"article:publisher\" content=\"https:\/\/www.facebook.com\/profile.php?id=100090733639311\" \/>\n<meta property=\"article:modified_time\" content=\"2025-12-11T16:36:53+00:00\" \/>\n<meta property=\"og:image\" content=\"https:\/\/talkpal.ai\/wp-content\/uploads\/2023\/04\/ukraine.png\" \/>\n\t<meta property=\"og:image:width\" content=\"512\" \/>\n\t<meta property=\"og:image:height\" content=\"512\" \/>\n\t<meta property=\"og:image:type\" content=\"image\/png\" \/>\n<meta name=\"twitter:card\" content=\"summary_large_image\" \/>\n<meta name=\"twitter:site\" content=\"@talkpalai\" \/>\n<meta name=\"twitter:label1\" content=\"Est. reading time\" \/>\n\t<meta name=\"twitter:data1\" content=\"3 minut\u0117s\" \/>\n<script type=\"application\/ld+json\" class=\"yoast-schema-graph\">{\"@context\":\"https:\/\/schema.org\",\"@graph\":[{\"@type\":\"WebPage\",\"@id\":\"https:\/\/talkpal.ai\/lt\/ukrainieciu-kalbos-gramatika\/\",\"url\":\"https:\/\/talkpal.ai\/lt\/ukrainieciu-kalbos-gramatika\/\",\"name\":\"Ukrainie\u010di\u0173 kalbos gramatika - Talkpal\",\"isPartOf\":{\"@id\":\"https:\/\/talkpal.ai\/lt\/#website\"},\"primaryImageOfPage\":{\"@id\":\"https:\/\/talkpal.ai\/lt\/ukrainieciu-kalbos-gramatika\/#primaryimage\"},\"image\":{\"@id\":\"https:\/\/talkpal.ai\/lt\/ukrainieciu-kalbos-gramatika\/#primaryimage\"},\"thumbnailUrl\":\"https:\/\/talkpal.ai\/wp-content\/uploads\/2023\/04\/ukraine.png\",\"datePublished\":\"2023-05-14T13:53:24+00:00\",\"dateModified\":\"2025-12-11T16:36:53+00:00\",\"description\":\"Atskleiskite ukrainie\u010di\u0173 kalbos gramatikos gro\u017e\u012f, naudodamiesi svarbiausiais patarimais ir \u012f\u017evalgomis, kurios pad\u0117s pagerinti j\u016bs\u0173 kalbos mokym\u0105si.\",\"breadcrumb\":{\"@id\":\"https:\/\/talkpal.ai\/lt\/ukrainieciu-kalbos-gramatika\/#breadcrumb\"},\"inLanguage\":\"lt-LT\",\"potentialAction\":[{\"@type\":\"ReadAction\",\"target\":[\"https:\/\/talkpal.ai\/lt\/ukrainieciu-kalbos-gramatika\/\"]}]},{\"@type\":\"ImageObject\",\"inLanguage\":\"lt-LT\",\"@id\":\"https:\/\/talkpal.ai\/lt\/ukrainieciu-kalbos-gramatika\/#primaryimage\",\"url\":\"https:\/\/talkpal.ai\/wp-content\/uploads\/2023\/04\/ukraine.png\",\"contentUrl\":\"https:\/\/talkpal.ai\/wp-content\/uploads\/2023\/04\/ukraine.png\",\"width\":512,\"height\":512,\"caption\":\"TalkPal Ukrainian Flag\"},{\"@type\":\"BreadcrumbList\",\"@id\":\"https:\/\/talkpal.ai\/lt\/ukrainieciu-kalbos-gramatika\/#breadcrumb\",\"itemListElement\":[{\"@type\":\"ListItem\",\"position\":1,\"name\":\"Homepage\",\"item\":\"https:\/\/talkpal.ai\/lt\/\"},{\"@type\":\"ListItem\",\"position\":2,\"name\":\"Ukrainie\u010di\u0173 kalbos gramatika\"}]},{\"@type\":\"WebSite\",\"@id\":\"https:\/\/talkpal.ai\/lt\/#website\",\"url\":\"https:\/\/talkpal.ai\/lt\/\",\"name\":\"Talkpal\",\"description\":\"AI Language Learning\",\"publisher\":{\"@id\":\"https:\/\/talkpal.ai\/lt\/#organization\"},\"alternateName\":\"Talkpal AI\",\"potentialAction\":[{\"@type\":\"SearchAction\",\"target\":{\"@type\":\"EntryPoint\",\"urlTemplate\":\"https:\/\/talkpal.ai\/lt\/?s={search_term_string}\"},\"query-input\":{\"@type\":\"PropertyValueSpecification\",\"valueRequired\":true,\"valueName\":\"search_term_string\"}}],\"inLanguage\":\"lt-LT\"},{\"@type\":\"Organization\",\"@id\":\"https:\/\/talkpal.ai\/lt\/#organization\",\"name\":\"Talkpal, Inc.\",\"alternateName\":\"Talkpal AI\",\"url\":\"https:\/\/talkpal.ai\/lt\/\",\"logo\":{\"@type\":\"ImageObject\",\"inLanguage\":\"lt-LT\",\"@id\":\"https:\/\/talkpal.ai\/lt\/#\/schema\/logo\/image\/\",\"url\":\"https:\/\/talkpal.ai\/wp-content\/uploads\/2024\/03\/Talkpal-Logo-Icon.png\",\"contentUrl\":\"https:\/\/talkpal.ai\/wp-content\/uploads\/2024\/03\/Talkpal-Logo-Icon.png\",\"width\":2880,\"height\":2880,\"caption\":\"Talkpal, Inc.\"},\"image\":{\"@id\":\"https:\/\/talkpal.ai\/lt\/#\/schema\/logo\/image\/\"},\"sameAs\":[\"https:\/\/www.facebook.com\/profile.php?id=100090733639311\",\"https:\/\/x.com\/talkpalai\",\"https:\/\/www.linkedin.com\/company\/talkpal\/\",\"https:\/\/www.youtube.com\/@TalkPal\/\",\"https:\/\/www.tiktok.com\/@talkpal\",\"https:\/\/www.instagram.com\/talkpal_ai\/\",\"https:\/\/www.crunchbase.com\/organization\/talkpal-9cde\",\"https:\/\/www.g2.com\/products\/talkpal-for-business\/\",\"https:\/\/www.trustpilot.com\/review\/talkpal.ai\",\"https:\/\/www.capterra.com\/p\/10006800\/TalkPal\/\"],\"description\":\"Talkpal is a language learning web and mobile education app, powered by the latest AI technologies, that provides engaging experiences to its customers in many different languages to help them improve their language skills. Users can chat about unlimited amount of topics with the app and use other modes to practice their language learning.\",\"email\":\"support@talkpal.ai\",\"legalName\":\"Talkpal, Inc.\",\"foundingDate\":\"2023-04-03\",\"duns\":\"118989042\",\"numberOfEmployees\":{\"@type\":\"QuantitativeValue\",\"minValue\":\"11\",\"maxValue\":\"50\"},\"publishingPrinciples\":\"https:\/\/talkpal.ai\/publishing-principles\/\",\"actionableFeedbackPolicy\":\"https:\/\/talkpal.ai\/actionable-feedback-policy\/\",\"correctionsPolicy\":\"https:\/\/talkpal.ai\/corrections-policy\/\",\"ethicsPolicy\":\"https:\/\/talkpal.ai\/ethics-policy\/\",\"diversityPolicy\":\"https:\/\/talkpal.ai\/diversity-policy\/\",\"diversityStaffingReport\":\"https:\/\/talkpal.ai\/diversity-policy\/\"}]}<\/script>\n<!-- \/ Yoast SEO Premium plugin. -->","yoast_head_json":{"title":"Ukrainie\u010di\u0173 kalbos gramatika - Talkpal","description":"Atskleiskite ukrainie\u010di\u0173 kalbos gramatikos gro\u017e\u012f, naudodamiesi svarbiausiais patarimais ir \u012f\u017evalgomis, kurios pad\u0117s pagerinti j\u016bs\u0173 kalbos mokym\u0105si.","robots":{"index":"index","follow":"follow","max-snippet":"max-snippet:-1","max-image-preview":"max-image-preview:large","max-video-preview":"max-video-preview:-1"},"canonical":"https:\/\/talkpal.ai\/lt\/ukrainieciu-kalbos-gramatika\/","og_locale":"lt_LT","og_type":"article","og_title":"Ukrainie\u010di\u0173 kalbos gramatika","og_description":"I\u0161samus ukrainie\u010di\u0173 kalbos gramatikos \u012fsisavinimo vadovas Ukrainie\u010di\u0173 kalba, gra\u017ei ir melodinga kalba, sulauk\u0117 vis didesnio kalbos entuziast\u0173 susidom\u0117jimo","og_url":"https:\/\/talkpal.ai\/lt\/ukrainieciu-kalbos-gramatika\/","og_site_name":"Talkpal","article_publisher":"https:\/\/www.facebook.com\/profile.php?id=100090733639311","article_modified_time":"2025-12-11T16:36:53+00:00","og_image":[{"width":512,"height":512,"url":"https:\/\/talkpal.ai\/wp-content\/uploads\/2023\/04\/ukraine.png","type":"image\/png"}],"twitter_card":"summary_large_image","twitter_site":"@talkpalai","twitter_misc":{"Est. reading time":"3 minut\u0117s"},"schema":{"@context":"https:\/\/schema.org","@graph":[{"@type":"WebPage","@id":"https:\/\/talkpal.ai\/lt\/ukrainieciu-kalbos-gramatika\/","url":"https:\/\/talkpal.ai\/lt\/ukrainieciu-kalbos-gramatika\/","name":"Ukrainie\u010di\u0173 kalbos gramatika - Talkpal","isPartOf":{"@id":"https:\/\/talkpal.ai\/lt\/#website"},"primaryImageOfPage":{"@id":"https:\/\/talkpal.ai\/lt\/ukrainieciu-kalbos-gramatika\/#primaryimage"},"image":{"@id":"https:\/\/talkpal.ai\/lt\/ukrainieciu-kalbos-gramatika\/#primaryimage"},"thumbnailUrl":"https:\/\/talkpal.ai\/wp-content\/uploads\/2023\/04\/ukraine.png","datePublished":"2023-05-14T13:53:24+00:00","dateModified":"2025-12-11T16:36:53+00:00","description":"Atskleiskite ukrainie\u010di\u0173 kalbos gramatikos gro\u017e\u012f, naudodamiesi svarbiausiais patarimais ir \u012f\u017evalgomis, kurios pad\u0117s pagerinti j\u016bs\u0173 kalbos mokym\u0105si.","breadcrumb":{"@id":"https:\/\/talkpal.ai\/lt\/ukrainieciu-kalbos-gramatika\/#breadcrumb"},"inLanguage":"lt-LT","potentialAction":[{"@type":"ReadAction","target":["https:\/\/talkpal.ai\/lt\/ukrainieciu-kalbos-gramatika\/"]}]},{"@type":"ImageObject","inLanguage":"lt-LT","@id":"https:\/\/talkpal.ai\/lt\/ukrainieciu-kalbos-gramatika\/#primaryimage","url":"https:\/\/talkpal.ai\/wp-content\/uploads\/2023\/04\/ukraine.png","contentUrl":"https:\/\/talkpal.ai\/wp-content\/uploads\/2023\/04\/ukraine.png","width":512,"height":512,"caption":"TalkPal Ukrainian Flag"},{"@type":"BreadcrumbList","@id":"https:\/\/talkpal.ai\/lt\/ukrainieciu-kalbos-gramatika\/#breadcrumb","itemListElement":[{"@type":"ListItem","position":1,"name":"Homepage","item":"https:\/\/talkpal.ai\/lt\/"},{"@type":"ListItem","position":2,"name":"Ukrainie\u010di\u0173 kalbos gramatika"}]},{"@type":"WebSite","@id":"https:\/\/talkpal.ai\/lt\/#website","url":"https:\/\/talkpal.ai\/lt\/","name":"Talkpal","description":"AI Language Learning","publisher":{"@id":"https:\/\/talkpal.ai\/lt\/#organization"},"alternateName":"Talkpal AI","potentialAction":[{"@type":"SearchAction","target":{"@type":"EntryPoint","urlTemplate":"https:\/\/talkpal.ai\/lt\/?s={search_term_string}"},"query-input":{"@type":"PropertyValueSpecification","valueRequired":true,"valueName":"search_term_string"}}],"inLanguage":"lt-LT"},{"@type":"Organization","@id":"https:\/\/talkpal.ai\/lt\/#organization","name":"Talkpal, Inc.","alternateName":"Talkpal AI","url":"https:\/\/talkpal.ai\/lt\/","logo":{"@type":"ImageObject","inLanguage":"lt-LT","@id":"https:\/\/talkpal.ai\/lt\/#\/schema\/logo\/image\/","url":"https:\/\/talkpal.ai\/wp-content\/uploads\/2024\/03\/Talkpal-Logo-Icon.png","contentUrl":"https:\/\/talkpal.ai\/wp-content\/uploads\/2024\/03\/Talkpal-Logo-Icon.png","width":2880,"height":2880,"caption":"Talkpal, Inc."},"image":{"@id":"https:\/\/talkpal.ai\/lt\/#\/schema\/logo\/image\/"},"sameAs":["https:\/\/www.facebook.com\/profile.php?id=100090733639311","https:\/\/x.com\/talkpalai","https:\/\/www.linkedin.com\/company\/talkpal\/","https:\/\/www.youtube.com\/@TalkPal\/","https:\/\/www.tiktok.com\/@talkpal","https:\/\/www.instagram.com\/talkpal_ai\/","https:\/\/www.crunchbase.com\/organization\/talkpal-9cde","https:\/\/www.g2.com\/products\/talkpal-for-business\/","https:\/\/www.trustpilot.com\/review\/talkpal.ai","https:\/\/www.capterra.com\/p\/10006800\/TalkPal\/"],"description":"Talkpal is a language learning web and mobile education app, powered by the latest AI technologies, that provides engaging experiences to its customers in many different languages to help them improve their language skills. Users can chat about unlimited amount of topics with the app and use other modes to practice their language learning.","email":"support@talkpal.ai","legalName":"Talkpal, Inc.","foundingDate":"2023-04-03","duns":"118989042","numberOfEmployees":{"@type":"QuantitativeValue","minValue":"11","maxValue":"50"},"publishingPrinciples":"https:\/\/talkpal.ai\/publishing-principles\/","actionableFeedbackPolicy":"https:\/\/talkpal.ai\/actionable-feedback-policy\/","correctionsPolicy":"https:\/\/talkpal.ai\/corrections-policy\/","ethicsPolicy":"https:\/\/talkpal.ai\/ethics-policy\/","diversityPolicy":"https:\/\/talkpal.ai\/diversity-policy\/","diversityStaffingReport":"https:\/\/talkpal.ai\/diversity-policy\/"}]}},"_links":{"self":[{"href":"https:\/\/talkpal.ai\/lt\/wp-json\/wp\/v2\/pages\/131296","targetHints":{"allow":["GET"]}}],"collection":[{"href":"https:\/\/talkpal.ai\/lt\/wp-json\/wp\/v2\/pages"}],"about":[{"href":"https:\/\/talkpal.ai\/lt\/wp-json\/wp\/v2\/types\/page"}],"author":[{"embeddable":true,"href":"https:\/\/talkpal.ai\/lt\/wp-json\/wp\/v2\/users\/1"}],"replies":[{"embeddable":true,"href":"https:\/\/talkpal.ai\/lt\/wp-json\/wp\/v2\/comments?post=131296"}],"version-history":[{"count":0,"href":"https:\/\/talkpal.ai\/lt\/wp-json\/wp\/v2\/pages\/131296\/revisions"}],"wp:featuredmedia":[{"embeddable":true,"href":"https:\/\/talkpal.ai\/lt\/wp-json\/wp\/v2\/media\/108553"}],"wp:attachment":[{"href":"https:\/\/talkpal.ai\/lt\/wp-json\/wp\/v2\/media?parent=131296"}],"curies":[{"name":"wp","href":"https:\/\/api.w.org\/{rel}","templated":true}]}}