{"id":130824,"date":"2023-05-14T13:53:07","date_gmt":"2023-05-14T13:53:07","guid":{"rendered":"http:\/\/talkpal.ai\/svedu-kalbos-gramatika\/"},"modified":"2025-12-11T16:32:19","modified_gmt":"2025-12-11T16:32:19","slug":"svedu-kalbos-gramatika","status":"publish","type":"page","link":"https:\/\/talkpal.ai\/lt\/svedu-kalbos-gramatika\/","title":{"rendered":"\u0160ved\u0173 kalbos gramatika"},"content":{"rendered":"\r\n\r\n\r\n<section class=\"languageChallengeSection\">\r\n    <div class=\"languageInfoWrapper\">\r\n        \r\n        <h1>\u0160ved\u0173 kalbos gramatika<\/h1>\r\n        <p>Atskleiskite <a href=\"https:\/\/talkpal.ai\/learn-swedish\/\">\u0161ved\u0173<\/a> <a href=\"https:\/\/talkpal.ai\/what-language-is-spoken-on-the-international-space-station\/\">kalbos<\/a> gro\u017e\u012f \u012fvald\u0119 pagrindines gramatikos taisykles. Gerai i\u0161manydami <a href=\"https:\/\/talkpal.ai\/lt\/ismok-svedu-kalba\/\">\u0161ved\u0173 kalbos<\/a> gramatik\u0105 gal\u0117site dr\u0105siai bendrauti ir bendrauti su <a href=\"https:\/\/talkpal.ai\/learn-swedish\/\">\u0161ved\u0173<\/a> kult\u016bra. Prad\u0117kite mokytis \u0161ved\u0173 kalbos gramatikos \u0161iandien ir \u017eenkite pirm\u0105j\u012f \u017eingsn\u012f \u012f skland\u0173 kalb\u0117jim\u0105!<\/p>\r\n\r\n                            <a class=\"getStartedHidden\" href=\"https:\/\/app.talkpal.ai\/lt\/signup?lng=\">Prad\u0117k<\/a>\r\n        \r\n    <\/div>\r\n\r\n    <figure>\r\n    <img decoding=\"async\" width=\"768\" height=\"768\" src=\"https:\/\/talkpal.ai\/wp-content\/uploads\/2023\/06\/swedish-768x768.png\" class=\"languageImage no-lazy\" alt=\"Language learning for improved concentration\" fetchpriority=\"high\" sizes=\"(max-width: 768px) 150px, 768px\" srcset=\"https:\/\/talkpal.ai\/wp-content\/uploads\/2023\/06\/swedish-768x768.png 768w, https:\/\/talkpal.ai\/wp-content\/uploads\/2023\/06\/swedish-300x300.png 300w\" \/>\r\n    \r\n\r\n    <\/figure>\r\n\r\n            <a class=\"getStartedVisible\" href=\"https:\/\/app.talkpal.ai\/lt\/signup?lng=\">Prad\u0117k<\/a>\r\n    \r\n<\/section>\r\n<section class=\"promotionalBanner\">\r\n    <p class=\"promotionalText\">Efektyviausias b\u016bdas mokytis kalbos<\/p>\r\n    <a class=\"promotionalLink\" href=\"https:\/\/app.talkpal.ai\/lt\/signup?lng=\">I\u0161bandykite Talkpal &#8221; nemokamai<\/a>\r\n<\/section>\n<div class=\"wp-block-group pageContainerStyle\"><div class=\"wp-block-group__inner-container is-layout-constrained wp-block-group-is-layout-constrained\">\n<h2 class=\"wp-block-heading\" id=\"h-demystifying-swedish-grammar-a-comprehensive-guide-to-master-its-rules-and-nuances\">Demistifikuojanti \u0161ved\u0173 kalbos gramatika: i\u0161samus vadovas, kaip \u012fvaldyti jos taisykles ir niuansus<\/h2>\n\n\n\n<p>\u0160ved\u0173 kalba, kuria kalba ma\u017edaug 10 milijon\u0173 \u017emoni\u0173, yra turtinga ir melodinga kalba, priklausanti \u0160iaur\u0117s german\u0173 \u0161eimai. Nors <a href=\"https:\/\/talkpal.ai\/swedish-grammar\/\">\u0161ved\u0173 kalbos gramatika<\/a> yra gana paprasta, palyginti su <a href=\"https:\/\/talkpal.ai\/locations\/language-courses-in-kai\/\">kai<\/a> kuriomis kitomis kalbomis, jos taisykli\u0173 ir strukt\u016bros supratimas yra labai svarbus norint pagerinti savo kalbos mok\u0117jim\u0105. \u0160iame straipsnyje supa\u017eindinsime jus su pagrindiniais \u0161ved\u0173 kalbos gramatikos aspektais ir pateiksime nauding\u0173 patarim\u0173, kaip pagerinti \u0161ved\u0173 kalbos \u012fg\u016bd\u017eius.<\/p>\n\n\n\n<h3 class=\"wp-block-heading\" id=\"h-essential-components-of-swedish-grammar\">Pagrindiniai \u0161ved\u0173 kalbos gramatikos komponentai:<\/h3>\n\n\n\n<p>\u0160ved\u0173 kalbos <a href=\"https:\/\/talkpal.ai\/sq\/gramatika\/\">gramatika<\/a> turi pana\u0161um\u0173 su angl\u0173 kalbos gramatika, tod\u0117l anglakalbiams lengviau pasiimti. \u0160tai keletas kritini\u0173 \u0161ved\u0173 kalbos gramatikos aspekt\u0173, su kuriais verta susipa\u017einti:<\/p>\n\n\n\n<p><strong>1. Daiktavard\u017eiai<\/strong> : \u0161ved\u0173 kalbos daiktavard\u017eiai skirstomi \u012f dvi gramatines lytis: bendras (en) ir neuter (ett). Kiekvienas daiktavardis priklauso vienai i\u0161 \u0161i\u0173 kategorij\u0173, \u012f kurias svarbu atsi\u017evelgti naudojant neribotus ir apibr\u0117\u017etus straipsnius. \u0160ved\u0173 kalbos daiktavard\u017eiai taip pat turi daugiskaitos formas, su keliais skirtingais modeliais, kuriuos reikia prisiminti.<\/p>\n\n\n\n<p><strong>2. B\u016bdvard\u017eiai:<\/strong> B\u016bdvard\u017eiai \u0161ved\u0173 kalboje sutampa su daiktavard\u017eio lytimi. Priklausomai nuo daiktavard\u017eio lyties, yra trys b\u016bdvard\u017ei\u0173 formos: teigiamas, lyginamasis ir superlatyvus. B\u016bdvard\u017eiai taip pat sutaria skai\u010diumi (vienaskaita arba daugiskaita).<\/p>\n\n\n\n<p>3. Veiksma\u017eod\u017eiai: \u0160ved\u0173 <strong>veiksma\u017eod\u017eiai<\/strong> skirstomi \u012f keturias grupes, kuri\u0173 kiekviena turi konjugacijos model\u012f. Veiksma\u017eod\u017eiai sudaromi pagal laik\u0105 (esamasis, b\u016btasis arba b\u016bsimasis), bet ne pagal tem\u0105, kaip angl\u0173 kalboje. Vietoj to, \u0161ved\u0173 veiksma\u017eod\u017ei\u0173 formos i\u0161lieka nuoseklios nepriklausomai nuo temos. Be to, \u0161ved\u0173 veiksma\u017eod\u017eiai neturi nuolatini\u0173 form\u0173 (t. Y. -ing), kaip ir angl\u0173 kalba.<\/p>\n\n\n\n<p>4. Sakinio strukt\u016bra: \u0161ved\u0173 <strong>sakinio strukt\u016bra<\/strong> paprastai yra subjektas-veiksma\u017eodis-objektas (SVO), pana\u0161iai kaip angl\u0173 kalba. Ta\u010diau \u0161ved\u0173 kalba da\u017enai naudoja V2 \u017eod\u017ei\u0173 tvarkos taisykl\u0119, kur veiksma\u017eodis pasirodo antroje pozicijoje deklaratyviuose sakiniuose ir klausimuose.<\/p>\n\n\n\n<h3 class=\"wp-block-heading\" id=\"h-tips-for-learning-swedish-grammar\">Patarimai, kaip i\u0161mokti \u0161ved\u0173 kalbos gramatik\u0105:<\/h3>\n\n\n\n<p>Kad j\u016bs\u0173 \u0161ved\u0173 kalbos gramatikos mokymosi kelion\u0117 b\u016bt\u0173 sklandesn\u0117, pateikiame kelet\u0105 praktini\u0173 patarim\u0173, kuriais galite vadovautis:<\/p>\n\n\n\n<p><strong>1. Reguliariai praktikuokite:<\/strong> svarbiausia nuoseklumas. Kiekvien\u0105 dien\u0105 ar savait\u0119 skirkite laiko gramatikos pratimams, skaitymui ir ra\u0161ymui \u0161ved\u0173 kalba.<\/p>\n\n\n\n<p><strong>2. Naudokite vietinius i\u0161teklius:<\/strong> Pasinerkite \u012f vietin\u0119 \u0161ved\u0173 med\u017eiag\u0105, pvz., literat\u016br\u0105, naujien\u0173 straipsnius ir podcast&#8217;us. Tai ne tik pad\u0117s suprasti \u0161ved\u0173 kalbos gramatik\u0105 kontekste, bet ir pagerins skaitymo bei klausymo \u012fg\u016bd\u017eius.<\/p>\n\n\n\n<p><strong>3. Su\u017einokite daiktavard\u017ei\u0173 lytis ir daugiskait\u0105:<\/strong> Labai svarbu \u012fsiminti \u0161ved\u0173 daiktavard\u017ei\u0173 lyt\u012f (en arba ett) ir daugiskaitos formas. Praktika laikui b\u0117gant galiausiai pad\u0117s jums internalizuoti \u0161ias taisykles.<\/p>\n\n\n\n<p>4. Susisiekite su gimt\u0105ja kalba: \u012esitrauk\u0119 \u012f pokalbius <strong>su gimt\u0105ja<\/strong> \u0161ved\u0173 kalba, gal\u0117site praktikuoti gramatik\u0105 ir gauti verting\u0173 atsiliepim\u0173. Apsvarstykite galimyb\u0119 prisijungti prie kalb\u0173 main\u0173 grupi\u0173 ar internetini\u0173 forum\u0173, kad gal\u0117tum\u0117te susisiekti su \u0161vedi\u0161kai kalban\u010diais asmenimis.<\/p>\n\n\n\n<p><strong>5. B\u016bkite kantr\u016bs ir atkakl\u016bs:<\/strong> Atminkite, kad gramatikos mokymasis yra procesas. Likite \u012fsipareigoj\u0119, toliau mank\u0161tinkit\u0117s ir \u0161v\u0119skite pa\u017eang\u0105 kelyje.<\/p>\n\n\n\n<h2 class=\"wp-block-heading\" id=\"h-conclusion\">I\u0161vada:<\/h2>\n\n\n\n<p>\u0160ved\u0173 kalbos gramatika, nors ir atrodo sud\u0117tinga, gali b\u016bti \u012fvaldyta su atsidavimu ir jos neatsiejam\u0173 komponent\u0173 supratimu. Laikydamiesi m\u016bs\u0173 pasi\u016blym\u0173 ir gilindamiesi \u012f kalb\u0105, gal\u0117site nuolat tobulinti savo \u0161ved\u0173 kalbos \u012fg\u016bd\u017eius. Priimkite i\u0161\u0161\u016bk\u012f ir m\u0117gaukit\u0117s kelione link \u0161ved\u0173 kalbos gramatinio meistri\u0161kumo!<\/p>\n<\/div><\/div>\n\r\n<section class=\"learnNavigationSection\">\r\n            \r\n        <a href=\"https:\/\/talkpal.ai\/lt\/ismok-svedu-kalba\/\">\r\n            <div class=\"learnNavigationWrapper\">\r\n                <div class=\"learnNavigationContent\">\r\n                    <img decoding=\"async\" src=\"https:\/\/talkpal.ai\/wp-content\/uploads\/2024\/08\/Swedish.jpg\" alt=\"Swedish Flag\">\r\n                    <div>\r\n                        <h4>Apie mokym\u0105si \u0161ved\u0173 kalba<\/h4>\r\n                        <p>Su\u017einokite visk\u0105 apie \u0161ved\u0173 kalbos gramatik\u0105.<\/p>\r\n                    <\/div>\r\n                <\/div>\r\n            <\/div>\r\n        <\/a>\r\n\r\n        \r\n        <a href=\"https:\/\/talkpal.ai\/lt\/svedu-kalbos-gramatikos-pratimai\/\">\r\n            <div class=\"learnNavigationWrapper\">\r\n                <div class=\"learnNavigationContent\">\r\n                    <img decoding=\"async\" src=\"https:\/\/talkpal.ai\/wp-content\/uploads\/2024\/08\/Swedish.jpg\" alt=\"Swedish Flag\">\r\n                    <div>\r\n                        <h4>\u0160ved\u0173 kalbos gramatikos pratimai<\/h4>\r\n                        <p>Praktikuokite \u0161ved\u0173 kalbos gramatik\u0105.<\/p>\r\n                    <\/div>\r\n                <\/div>\r\n            <\/div>\r\n        <\/a>\r\n\r\n        \r\n        <a href=\"https:\/\/talkpal.ai\/vocabulary_language\/swedish\/\">\r\n            <div class=\"learnNavigationWrapper\">\r\n                <div class=\"learnNavigationContent\">\r\n                    <img decoding=\"async\" src=\"https:\/\/talkpal.ai\/wp-content\/uploads\/2024\/08\/Swedish.jpg\" alt=\"Swedish Flag\">\r\n                    <div>\r\n                        <h4>\u0160ved\u0173 kalbos \u017eodynas<\/h4>\r\n                        <p>Prapl\u0117skite savo \u0161ved\u0173 kalbos \u017eodyn\u0105.<\/p>\r\n                    <\/div>\r\n                <\/div>\r\n            <\/div>\r\n        <\/a>\r\n\r\n            <\/section>","protected":false},"excerpt":{"rendered":"<p>Demistifikuojanti \u0161ved\u0173 kalbos gramatika: i\u0161samus vadovas, kaip \u012fvaldyti jos taisykles ir niuansus \u0160ved\u0173 kalba, kuria kalba ma\u017edaug 10 milijon\u0173 \u017emoni\u0173, yra turtinga ir melodinga kalba, priklausanti \u0160iaur\u0117s german\u0173 \u0161eimai. Nors \u0161ved\u0173 kalbos gramatika yra gana paprasta, palyginti su kai kuriomis kitomis kalbomis, jos taisykli\u0173 ir strukt\u016bros supratimas yra labai svarbus norint pagerinti savo kalbos mok\u0117jim\u0105. [&hellip;]<\/p>\n","protected":false},"author":1,"featured_media":108276,"parent":0,"menu_order":0,"comment_status":"closed","ping_status":"closed","template":"LearningContentPage.php","meta":{"_acf_changed":false,"footnotes":""},"class_list":["post-130824","page","type-page","status-publish","has-post-thumbnail","hentry"],"acf":[],"yoast_head":"<!-- This site is optimized with the Yoast SEO Premium plugin v27.2 (Yoast SEO v27.2) - https:\/\/yoast.com\/product\/yoast-seo-premium-wordpress\/ -->\n<title>\u0160ved\u0173 kalbos gramatika - Talkpal<\/title>\n<meta name=\"description\" content=\"Atskleiskite \u0161ved\u0173 kalbos gramatikos paslaptis, kad pagerintum\u0117te savo kalbos \u012fg\u016bd\u017eius, naudodamiesi pagrindin\u0117mis taisykl\u0117mis ir naudingais patarimais.\" \/>\n<meta name=\"robots\" content=\"index, follow, max-snippet:-1, max-image-preview:large, max-video-preview:-1\" \/>\n<link rel=\"canonical\" href=\"https:\/\/talkpal.ai\/lt\/svedu-kalbos-gramatika\/\" \/>\n<meta property=\"og:locale\" content=\"lt_LT\" \/>\n<meta property=\"og:type\" content=\"article\" \/>\n<meta property=\"og:title\" content=\"\u0160ved\u0173 kalbos gramatika\" \/>\n<meta property=\"og:description\" content=\"Demistifikuojanti \u0161ved\u0173 kalbos gramatika: i\u0161samus vadovas, kaip \u012fvaldyti jos taisykles ir niuansus \u0160ved\u0173 kalba, kuria kalba ma\u017edaug 10 milijon\u0173 \u017emoni\u0173,\" \/>\n<meta property=\"og:url\" content=\"https:\/\/talkpal.ai\/lt\/svedu-kalbos-gramatika\/\" \/>\n<meta property=\"og:site_name\" content=\"Talkpal\" \/>\n<meta property=\"article:publisher\" content=\"https:\/\/www.facebook.com\/profile.php?id=100090733639311\" \/>\n<meta property=\"article:modified_time\" content=\"2025-12-11T16:32:19+00:00\" \/>\n<meta property=\"og:image\" content=\"https:\/\/talkpal.ai\/wp-content\/uploads\/2023\/04\/sweden.png\" \/>\n\t<meta property=\"og:image:width\" content=\"512\" \/>\n\t<meta property=\"og:image:height\" content=\"512\" \/>\n\t<meta property=\"og:image:type\" content=\"image\/png\" \/>\n<meta name=\"twitter:card\" content=\"summary_large_image\" \/>\n<meta name=\"twitter:site\" content=\"@talkpalai\" \/>\n<meta name=\"twitter:label1\" content=\"Est. reading time\" \/>\n\t<meta name=\"twitter:data1\" content=\"3 minut\u0117s\" \/>\n<script type=\"application\/ld+json\" class=\"yoast-schema-graph\">{\"@context\":\"https:\/\/schema.org\",\"@graph\":[{\"@type\":\"WebPage\",\"@id\":\"https:\/\/talkpal.ai\/lt\/svedu-kalbos-gramatika\/\",\"url\":\"https:\/\/talkpal.ai\/lt\/svedu-kalbos-gramatika\/\",\"name\":\"\u0160ved\u0173 kalbos gramatika - Talkpal\",\"isPartOf\":{\"@id\":\"https:\/\/talkpal.ai\/lt\/#website\"},\"primaryImageOfPage\":{\"@id\":\"https:\/\/talkpal.ai\/lt\/svedu-kalbos-gramatika\/#primaryimage\"},\"image\":{\"@id\":\"https:\/\/talkpal.ai\/lt\/svedu-kalbos-gramatika\/#primaryimage\"},\"thumbnailUrl\":\"https:\/\/talkpal.ai\/wp-content\/uploads\/2023\/04\/sweden.png\",\"datePublished\":\"2023-05-14T13:53:07+00:00\",\"dateModified\":\"2025-12-11T16:32:19+00:00\",\"description\":\"Atskleiskite \u0161ved\u0173 kalbos gramatikos paslaptis, kad pagerintum\u0117te savo kalbos \u012fg\u016bd\u017eius, naudodamiesi pagrindin\u0117mis taisykl\u0117mis ir naudingais patarimais.\",\"breadcrumb\":{\"@id\":\"https:\/\/talkpal.ai\/lt\/svedu-kalbos-gramatika\/#breadcrumb\"},\"inLanguage\":\"lt-LT\",\"potentialAction\":[{\"@type\":\"ReadAction\",\"target\":[\"https:\/\/talkpal.ai\/lt\/svedu-kalbos-gramatika\/\"]}]},{\"@type\":\"ImageObject\",\"inLanguage\":\"lt-LT\",\"@id\":\"https:\/\/talkpal.ai\/lt\/svedu-kalbos-gramatika\/#primaryimage\",\"url\":\"https:\/\/talkpal.ai\/wp-content\/uploads\/2023\/04\/sweden.png\",\"contentUrl\":\"https:\/\/talkpal.ai\/wp-content\/uploads\/2023\/04\/sweden.png\",\"width\":512,\"height\":512},{\"@type\":\"BreadcrumbList\",\"@id\":\"https:\/\/talkpal.ai\/lt\/svedu-kalbos-gramatika\/#breadcrumb\",\"itemListElement\":[{\"@type\":\"ListItem\",\"position\":1,\"name\":\"Homepage\",\"item\":\"https:\/\/talkpal.ai\/lt\/\"},{\"@type\":\"ListItem\",\"position\":2,\"name\":\"\u0160ved\u0173 kalbos gramatika\"}]},{\"@type\":\"WebSite\",\"@id\":\"https:\/\/talkpal.ai\/lt\/#website\",\"url\":\"https:\/\/talkpal.ai\/lt\/\",\"name\":\"Talkpal\",\"description\":\"AI Language Learning\",\"publisher\":{\"@id\":\"https:\/\/talkpal.ai\/lt\/#organization\"},\"alternateName\":\"Talkpal AI\",\"potentialAction\":[{\"@type\":\"SearchAction\",\"target\":{\"@type\":\"EntryPoint\",\"urlTemplate\":\"https:\/\/talkpal.ai\/lt\/?s={search_term_string}\"},\"query-input\":{\"@type\":\"PropertyValueSpecification\",\"valueRequired\":true,\"valueName\":\"search_term_string\"}}],\"inLanguage\":\"lt-LT\"},{\"@type\":\"Organization\",\"@id\":\"https:\/\/talkpal.ai\/lt\/#organization\",\"name\":\"Talkpal, Inc.\",\"alternateName\":\"Talkpal AI\",\"url\":\"https:\/\/talkpal.ai\/lt\/\",\"logo\":{\"@type\":\"ImageObject\",\"inLanguage\":\"lt-LT\",\"@id\":\"https:\/\/talkpal.ai\/lt\/#\/schema\/logo\/image\/\",\"url\":\"https:\/\/talkpal.ai\/wp-content\/uploads\/2024\/03\/Talkpal-Logo-Icon.png\",\"contentUrl\":\"https:\/\/talkpal.ai\/wp-content\/uploads\/2024\/03\/Talkpal-Logo-Icon.png\",\"width\":2880,\"height\":2880,\"caption\":\"Talkpal, Inc.\"},\"image\":{\"@id\":\"https:\/\/talkpal.ai\/lt\/#\/schema\/logo\/image\/\"},\"sameAs\":[\"https:\/\/www.facebook.com\/profile.php?id=100090733639311\",\"https:\/\/x.com\/talkpalai\",\"https:\/\/www.linkedin.com\/company\/talkpal\/\",\"https:\/\/www.youtube.com\/@TalkPal\/\",\"https:\/\/www.tiktok.com\/@talkpal\",\"https:\/\/www.instagram.com\/talkpal_ai\/\",\"https:\/\/www.crunchbase.com\/organization\/talkpal-9cde\",\"https:\/\/www.g2.com\/products\/talkpal-for-business\/\",\"https:\/\/www.trustpilot.com\/review\/talkpal.ai\",\"https:\/\/www.capterra.com\/p\/10006800\/TalkPal\/\"],\"description\":\"Talkpal is a language learning web and mobile education app, powered by the latest AI technologies, that provides engaging experiences to its customers in many different languages to help them improve their language skills. Users can chat about unlimited amount of topics with the app and use other modes to practice their language learning.\",\"email\":\"support@talkpal.ai\",\"legalName\":\"Talkpal, Inc.\",\"foundingDate\":\"2023-04-03\",\"duns\":\"118989042\",\"numberOfEmployees\":{\"@type\":\"QuantitativeValue\",\"minValue\":\"11\",\"maxValue\":\"50\"},\"publishingPrinciples\":\"https:\/\/talkpal.ai\/publishing-principles\/\",\"actionableFeedbackPolicy\":\"https:\/\/talkpal.ai\/actionable-feedback-policy\/\",\"correctionsPolicy\":\"https:\/\/talkpal.ai\/corrections-policy\/\",\"ethicsPolicy\":\"https:\/\/talkpal.ai\/ethics-policy\/\",\"diversityPolicy\":\"https:\/\/talkpal.ai\/diversity-policy\/\",\"diversityStaffingReport\":\"https:\/\/talkpal.ai\/diversity-policy\/\"}]}<\/script>\n<!-- \/ Yoast SEO Premium plugin. -->","yoast_head_json":{"title":"\u0160ved\u0173 kalbos gramatika - Talkpal","description":"Atskleiskite \u0161ved\u0173 kalbos gramatikos paslaptis, kad pagerintum\u0117te savo kalbos \u012fg\u016bd\u017eius, naudodamiesi pagrindin\u0117mis taisykl\u0117mis ir naudingais patarimais.","robots":{"index":"index","follow":"follow","max-snippet":"max-snippet:-1","max-image-preview":"max-image-preview:large","max-video-preview":"max-video-preview:-1"},"canonical":"https:\/\/talkpal.ai\/lt\/svedu-kalbos-gramatika\/","og_locale":"lt_LT","og_type":"article","og_title":"\u0160ved\u0173 kalbos gramatika","og_description":"Demistifikuojanti \u0161ved\u0173 kalbos gramatika: i\u0161samus vadovas, kaip \u012fvaldyti jos taisykles ir niuansus \u0160ved\u0173 kalba, kuria kalba ma\u017edaug 10 milijon\u0173 \u017emoni\u0173,","og_url":"https:\/\/talkpal.ai\/lt\/svedu-kalbos-gramatika\/","og_site_name":"Talkpal","article_publisher":"https:\/\/www.facebook.com\/profile.php?id=100090733639311","article_modified_time":"2025-12-11T16:32:19+00:00","og_image":[{"width":512,"height":512,"url":"https:\/\/talkpal.ai\/wp-content\/uploads\/2023\/04\/sweden.png","type":"image\/png"}],"twitter_card":"summary_large_image","twitter_site":"@talkpalai","twitter_misc":{"Est. reading time":"3 minut\u0117s"},"schema":{"@context":"https:\/\/schema.org","@graph":[{"@type":"WebPage","@id":"https:\/\/talkpal.ai\/lt\/svedu-kalbos-gramatika\/","url":"https:\/\/talkpal.ai\/lt\/svedu-kalbos-gramatika\/","name":"\u0160ved\u0173 kalbos gramatika - Talkpal","isPartOf":{"@id":"https:\/\/talkpal.ai\/lt\/#website"},"primaryImageOfPage":{"@id":"https:\/\/talkpal.ai\/lt\/svedu-kalbos-gramatika\/#primaryimage"},"image":{"@id":"https:\/\/talkpal.ai\/lt\/svedu-kalbos-gramatika\/#primaryimage"},"thumbnailUrl":"https:\/\/talkpal.ai\/wp-content\/uploads\/2023\/04\/sweden.png","datePublished":"2023-05-14T13:53:07+00:00","dateModified":"2025-12-11T16:32:19+00:00","description":"Atskleiskite \u0161ved\u0173 kalbos gramatikos paslaptis, kad pagerintum\u0117te savo kalbos \u012fg\u016bd\u017eius, naudodamiesi pagrindin\u0117mis taisykl\u0117mis ir naudingais patarimais.","breadcrumb":{"@id":"https:\/\/talkpal.ai\/lt\/svedu-kalbos-gramatika\/#breadcrumb"},"inLanguage":"lt-LT","potentialAction":[{"@type":"ReadAction","target":["https:\/\/talkpal.ai\/lt\/svedu-kalbos-gramatika\/"]}]},{"@type":"ImageObject","inLanguage":"lt-LT","@id":"https:\/\/talkpal.ai\/lt\/svedu-kalbos-gramatika\/#primaryimage","url":"https:\/\/talkpal.ai\/wp-content\/uploads\/2023\/04\/sweden.png","contentUrl":"https:\/\/talkpal.ai\/wp-content\/uploads\/2023\/04\/sweden.png","width":512,"height":512},{"@type":"BreadcrumbList","@id":"https:\/\/talkpal.ai\/lt\/svedu-kalbos-gramatika\/#breadcrumb","itemListElement":[{"@type":"ListItem","position":1,"name":"Homepage","item":"https:\/\/talkpal.ai\/lt\/"},{"@type":"ListItem","position":2,"name":"\u0160ved\u0173 kalbos gramatika"}]},{"@type":"WebSite","@id":"https:\/\/talkpal.ai\/lt\/#website","url":"https:\/\/talkpal.ai\/lt\/","name":"Talkpal","description":"AI Language Learning","publisher":{"@id":"https:\/\/talkpal.ai\/lt\/#organization"},"alternateName":"Talkpal AI","potentialAction":[{"@type":"SearchAction","target":{"@type":"EntryPoint","urlTemplate":"https:\/\/talkpal.ai\/lt\/?s={search_term_string}"},"query-input":{"@type":"PropertyValueSpecification","valueRequired":true,"valueName":"search_term_string"}}],"inLanguage":"lt-LT"},{"@type":"Organization","@id":"https:\/\/talkpal.ai\/lt\/#organization","name":"Talkpal, Inc.","alternateName":"Talkpal AI","url":"https:\/\/talkpal.ai\/lt\/","logo":{"@type":"ImageObject","inLanguage":"lt-LT","@id":"https:\/\/talkpal.ai\/lt\/#\/schema\/logo\/image\/","url":"https:\/\/talkpal.ai\/wp-content\/uploads\/2024\/03\/Talkpal-Logo-Icon.png","contentUrl":"https:\/\/talkpal.ai\/wp-content\/uploads\/2024\/03\/Talkpal-Logo-Icon.png","width":2880,"height":2880,"caption":"Talkpal, Inc."},"image":{"@id":"https:\/\/talkpal.ai\/lt\/#\/schema\/logo\/image\/"},"sameAs":["https:\/\/www.facebook.com\/profile.php?id=100090733639311","https:\/\/x.com\/talkpalai","https:\/\/www.linkedin.com\/company\/talkpal\/","https:\/\/www.youtube.com\/@TalkPal\/","https:\/\/www.tiktok.com\/@talkpal","https:\/\/www.instagram.com\/talkpal_ai\/","https:\/\/www.crunchbase.com\/organization\/talkpal-9cde","https:\/\/www.g2.com\/products\/talkpal-for-business\/","https:\/\/www.trustpilot.com\/review\/talkpal.ai","https:\/\/www.capterra.com\/p\/10006800\/TalkPal\/"],"description":"Talkpal is a language learning web and mobile education app, powered by the latest AI technologies, that provides engaging experiences to its customers in many different languages to help them improve their language skills. Users can chat about unlimited amount of topics with the app and use other modes to practice their language learning.","email":"support@talkpal.ai","legalName":"Talkpal, Inc.","foundingDate":"2023-04-03","duns":"118989042","numberOfEmployees":{"@type":"QuantitativeValue","minValue":"11","maxValue":"50"},"publishingPrinciples":"https:\/\/talkpal.ai\/publishing-principles\/","actionableFeedbackPolicy":"https:\/\/talkpal.ai\/actionable-feedback-policy\/","correctionsPolicy":"https:\/\/talkpal.ai\/corrections-policy\/","ethicsPolicy":"https:\/\/talkpal.ai\/ethics-policy\/","diversityPolicy":"https:\/\/talkpal.ai\/diversity-policy\/","diversityStaffingReport":"https:\/\/talkpal.ai\/diversity-policy\/"}]}},"_links":{"self":[{"href":"https:\/\/talkpal.ai\/lt\/wp-json\/wp\/v2\/pages\/130824","targetHints":{"allow":["GET"]}}],"collection":[{"href":"https:\/\/talkpal.ai\/lt\/wp-json\/wp\/v2\/pages"}],"about":[{"href":"https:\/\/talkpal.ai\/lt\/wp-json\/wp\/v2\/types\/page"}],"author":[{"embeddable":true,"href":"https:\/\/talkpal.ai\/lt\/wp-json\/wp\/v2\/users\/1"}],"replies":[{"embeddable":true,"href":"https:\/\/talkpal.ai\/lt\/wp-json\/wp\/v2\/comments?post=130824"}],"version-history":[{"count":0,"href":"https:\/\/talkpal.ai\/lt\/wp-json\/wp\/v2\/pages\/130824\/revisions"}],"wp:featuredmedia":[{"embeddable":true,"href":"https:\/\/talkpal.ai\/lt\/wp-json\/wp\/v2\/media\/108276"}],"wp:attachment":[{"href":"https:\/\/talkpal.ai\/lt\/wp-json\/wp\/v2\/media?parent=130824"}],"curies":[{"name":"wp","href":"https:\/\/api.w.org\/{rel}","templated":true}]}}